{"id":157601,"date":"2023-06-28T09:53:38","date_gmt":"2023-06-28T09:53:38","guid":{"rendered":"http:\/\/talkpal.ai\/rumunska-gramaticka-cviceni\/"},"modified":"2025-12-17T09:57:59","modified_gmt":"2025-12-17T09:57:59","slug":"rumunska-gramaticka-cviceni","status":"publish","type":"page","link":"https:\/\/talkpal.ai\/cs\/rumunska-gramaticka-cviceni\/","title":{"rendered":"Rumunsk\u00e1 gramatick\u00e1 cvi\u010den\u00ed"},"content":{"rendered":"\r\n\r\n\r\n<section class=\"languageChallengeSection\">\r\n    <div class=\"languageInfoWrapper\">\r\n        \r\n        <h1>Rumunsk\u00e1 gramatick\u00e1 cvi\u010den\u00ed<\/h1>\r\n        <p>Chcete se zdokonalit v rumun\u0161tin\u011b? Procvi\u010dov\u00e1n\u00ed gramatick\u00fdch cvi\u010den\u00ed je spolehliv\u00fdm zp\u016fsobem, jak si osvojit strukturu v\u011bt, \u010dasov\u00e1n\u00ed sloves a jedine\u010dn\u00e9 rysy rumunsk\u00e9ho jazyka. Za\u010dn\u011bte pracovat na rumunsk\u00e9 gramatice je\u0161t\u011b dnes a sledujte, jak s ka\u017ed\u00fdm cvi\u010den\u00edm roste va\u0161e sebev\u011bdom\u00ed a plynulost!\n\n<\/p>\r\n\r\n                            <a class=\"getStartedHidden\" href=\"https:\/\/app.talkpal.ai\/cs\/signup?lng=\">Za\u010dni<\/a>\r\n        \r\n    <\/div>\r\n\r\n    <figure>\r\n    <img decoding=\"async\" width=\"768\" height=\"768\" src=\"https:\/\/talkpal.ai\/wp-content\/uploads\/2023\/06\/romanian-768x768.png\" class=\"languageImage no-lazy\" alt=\"Language learning for intellectual challenge\" fetchpriority=\"high\" sizes=\"(max-width: 768px) 150px, 768px\" srcset=\"https:\/\/talkpal.ai\/wp-content\/uploads\/2023\/06\/romanian-768x768.png 768w, https:\/\/talkpal.ai\/wp-content\/uploads\/2023\/06\/romanian-300x300.png 300w\" \/>\r\n    \r\n\r\n    <\/figure>\r\n\r\n            <a class=\"getStartedVisible\" href=\"https:\/\/app.talkpal.ai\/cs\/signup?lng=\">Za\u010dni<\/a>\r\n    \r\n<\/section>\r\n\r\n\r\n<!-- <section class=\"grammarSection\">\r\n    <div class=\"grammarLinks\">\r\n            <\/div>\r\n<\/section> -->\r\n\r\n\r\n\r\n\r\n<section class=\"promotionalBanner\">\r\n    <p class=\"promotionalText\">Nejefektivn\u011bj\u0161\u00ed <a href=\"https:\/\/talkpal.ai\/best-way-to-learn\/\">zp\u016fsob<\/a>, jak se nau\u010dit jazyk<\/p>\r\n    <a class=\"promotionalLink\" href=\"https:\/\/app.talkpal.ai\/cs\/signup?lng=\">Vyzkou\u0161ejte Talkpal zdarma<\/a>\r\n<\/section>\n<div class=\"wp-block-group pageContainerStyle\"><div class=\"wp-block-group__inner-container is-layout-constrained wp-block-group-is-layout-constrained\">\n<h2 class=\"wp-block-heading\" id=\"h-romanian-grammar-topics\">Rumunsk\u00e1 gramatick\u00e1 t\u00e9mata<\/h2>\n\n\n\n<p>U\u010den\u00ed rumun\u0161tiny je obohacuj\u00edc\u00ed \u00fasil\u00ed, kter\u00e9 nab\u00edz\u00ed vhled do bohat\u00e9 kultury a historie. <a href=\"https:\/\/talkpal.ai\/romanian-grammar\/\">Rumunsk\u00e1 gramatika<\/a> je sice slo\u017eit\u00e1, ale systematick\u00fd p\u0159\u00edstup ji m\u016f\u017ee zvl\u00e1dnout. Kl\u00ed\u010dem je pochopit jeho strukturu a pravidla, <a href=\"https:\/\/talkpal.ai\/ko\/ai-%ec%96%b8%ec%96%b4-%ea%b5%90%ec%82%ac\/\">za\u010d\u00edt<\/a> se z\u00e1kladn\u00edmi prvky a postupn\u011b se posunout k pokro\u010dil\u00fdm t\u00e9mat\u016fm. Tato p\u0159\u00edru\u010dka poskytuje optim\u00e1ln\u00ed po\u0159ad\u00ed pro v\u00fduku rumunsk\u00e9 gramatiky se zam\u011b\u0159en\u00edm na \u010dasy, slovesa, podstatn\u00e1 jm\u00e9na, \u010dleny, z\u00e1jmena\/determinanty, p\u0159\u00eddavn\u00e1 jm\u00e9na, p\u0159\u00edslovce, podm\u00ednkov\u00e9 v\u011bty, p\u0159edlo\u017eky a v\u011btnou stavbu.<\/p>\n\n\n\n<h3 class=\"wp-block-heading\" id=\"h-1-nouns\">1. Podstatn\u00e1 jm\u00e9na:<\/h3>\n\n\n\n<p>Za\u010dn\u011bte t\u00edm, \u017ee se nau\u010d\u00edte rumunsk\u00e1 podstatn\u00e1 jm\u00e9na, kter\u00e1 maj\u00ed rody a p\u00e1dy. Sezn\u00e1men\u00ed se s tvary podstatn\u00fdch jmen pom\u00e1h\u00e1 pochopit z\u00e1klady jazyka.<\/p>\n\n\n\n<h3 class=\"wp-block-heading\" id=\"h-2-articles\">2. \u010cl\u00e1nky:<\/h3>\n\n\n\n<p>D\u00e1le se dozv\u00edte o \u010dlenech, kter\u00e9 se pou\u017e\u00edvaj\u00ed s podstatn\u00fdmi jm\u00e9ny. <a href=\"https:\/\/talkpal.ai\/learn-romanian\/\">Rumun\u0161tina<\/a> m\u00e1 ur\u010dit\u00e9 a neur\u010dit\u00e9 \u010dleny, kter\u00e9 souhlas\u00ed s rodem, \u010d\u00edslem a p\u00e1dem podstatn\u00e9ho jm\u00e9na.<\/p>\n\n\n\n<h3 class=\"wp-block-heading\" id=\"h-3-adjectives\">3. P\u0159\u00eddavn\u00e1 jm\u00e9na:<\/h3>\n\n\n\n<p>P\u0159\u00eddavn\u00e1 jm\u00e9na v rumun\u0161tin\u011b se shoduj\u00ed v rod\u011b, \u010d\u00edsle a p\u00e1d\u011b s podstatn\u00fdm jm\u00e9nem, kter\u00e9 modifikuj\u00ed. Osvojen\u00ed si tohoto t\u00e9matu pom\u016f\u017ee zlep\u0161it slovn\u00ed z\u00e1sobu a stavbu v\u011bt.<\/p>\n\n\n\n<h3 class=\"wp-block-heading\" id=\"h-4-pronouns-determiners\">4. Z\u00e1jmena\/determinanty:<\/h3>\n\n\n\n<p>Ty nahrazuj\u00ed nebo doprov\u00e1zej\u00ed podstatn\u00e1 jm\u00e9na. Kdy\u017e se je nau\u010d\u00edte, pom\u016f\u017ee v\u00e1m to vyhnout se opakov\u00e1n\u00ed a va\u0161e v\u011bty budou rozmanit\u011bj\u0161\u00ed.<\/p>\n\n\n\n<h3 class=\"wp-block-heading\" id=\"h-5-verbs\">5. Slovesa:<\/h3>\n\n\n\n<p>Slovesa jsou j\u00e1drem v\u011bt. Ozna\u010duj\u00ed akce nebo stavy byt\u00ed. Rumunsk\u00e1 slovesa se \u010dasuj\u00ed podle n\u00e1lady, \u010dasu, osoby a \u010d\u00edsla.<\/p>\n\n\n\n<h3 class=\"wp-block-heading\" id=\"h-6-tenses\">6. \u010casy:<\/h3>\n\n\n\n<p>Rumun\u0161tina m\u00e1 n\u011bkolik \u010das\u016f, kter\u00fdmi vyjad\u0159uje minul\u00e9, sou\u010dasn\u00e9 a budouc\u00ed akce. Kdy\u017e se je nau\u010d\u00edte v po\u0159ad\u00ed \u2013 p\u0159\u00edtomnost, minulost a budoucnost \u2013 pom\u016f\u017ee v\u00e1m to pochopit a vyj\u00e1d\u0159it r\u016fzn\u00e9 \u010dasov\u00e9 r\u00e1mce.<\/p>\n\n\n\n<h3 class=\"wp-block-heading\" id=\"h-7-tense-comparison\">7. Srovn\u00e1n\u00ed \u010das\u016f:<\/h3>\n\n\n\n<p>Pochopen\u00ed toho, jak se r\u016fzn\u00e9 \u010dasy porovn\u00e1vaj\u00ed a kontrastuj\u00ed, je kl\u00ed\u010dem k jejich spr\u00e1vn\u00e9mu pou\u017eit\u00ed. Tento krok v\u00e1m pom\u016f\u017ee vylep\u0161it pou\u017e\u00edv\u00e1n\u00ed sloves.<\/p>\n\n\n\n<h3 class=\"wp-block-heading\" id=\"h-8-progressive-and-perfect-progressive\">8. Progresivn\u00ed a dokonale progresivn\u00ed:<\/h3>\n\n\n\n<p>Jedn\u00e1 se o pokro\u010dilej\u0161\u00ed slovesn\u00e9 tvary, kter\u00e9 umo\u017e\u0148uj\u00ed vyj\u00e1d\u0159it prob\u00edhaj\u00edc\u00ed nebo dokon\u010den\u00e9 akce.<\/p>\n\n\n\n<h3 class=\"wp-block-heading\" id=\"h-9-adverbs\">9. P\u0159\u00edslovce:<\/h3>\n\n\n\n<p>P\u0159\u00edslovce modifikuj\u00ed slovesa, p\u0159\u00eddavn\u00e1 jm\u00e9na nebo jin\u00e1 p\u0159\u00edslovce. Dod\u00e1vaj\u00ed va\u0161im v\u011bt\u00e1m podrobnosti a umo\u017e\u0148uj\u00ed v\u00e1m vyj\u00e1d\u0159it zp\u016fsob, m\u00edsto, \u010das, frekvenci, stupe\u0148 a dal\u0161\u00ed.<\/p>\n\n\n\n<h3 class=\"wp-block-heading\" id=\"h-10-conditionals\">10. Kondicion\u00e1ly:<\/h3>\n\n\n\n<p>Podmi\u0148ovac\u00ed zp\u016fsob vyjad\u0159uje hypotetick\u00e9 situace a jejich mo\u017en\u00e9 v\u00fdsledky. Jsou nezbytn\u00e9 pro vyj\u00e1d\u0159en\u00ed slo\u017eit\u00fdch my\u0161lenek.<\/p>\n\n\n\n<h3 class=\"wp-block-heading\" id=\"h-11-prepositions\">11. P\u0159edlo\u017eky:<\/h3>\n\n\n\n<p>P\u0159edlo\u017eky spojuj\u00ed slova a fr\u00e1ze a poskytuj\u00ed kontext. Ozna\u010duj\u00ed polohu, sm\u011br, \u010das a dal\u0161\u00ed vztahy.<\/p>\n\n\n\n<h3 class=\"wp-block-heading\" id=\"h-12-sentences\">12. V\u011bty:<\/h3>\n\n\n\n<p>A kone\u010dn\u011b, pochopen\u00ed toho, jak se v\u0161echny tyto prvky spojuj\u00ed a tvo\u0159\u00ed v\u011bty, upevn\u00ed va\u0161e ch\u00e1p\u00e1n\u00ed rumunsk\u00e9 gramatiky. Tato z\u00e1v\u011bre\u010dn\u00e1 f\u00e1ze zahrnuje sezn\u00e1men\u00ed se strukturou v\u011bt, typy v\u011bt a interpunkc\u00ed.<\/p>\n<\/div><\/div>\n\r\n<section class=\"learnNavigationSection\">\r\n            \r\n        <a href=\"https:\/\/talkpal.ai\/cs\/naucte-se-rumunsky\/\">\r\n            <div class=\"learnNavigationWrapper\">\r\n                <div class=\"learnNavigationContent\">\r\n                    <img decoding=\"async\" src=\"https:\/\/talkpal.ai\/wp-content\/uploads\/2024\/08\/Romanian.jpg\" alt=\"Romanian Flag\">\r\n                    <div>\r\n                        <h4>O studiu rumun\u0161tiny<\/h4>\r\n                        <p>Zjist\u011bte v\u0161e o rumunsk\u00e9 gramatice.<\/p>\r\n                    <\/div>\r\n                <\/div>\r\n            <\/div>\r\n        <\/a>\r\n\r\n        \r\n        <a href=\"https:\/\/talkpal.ai\/cs\/rumunska-gramatika\/\">\r\n            <div class=\"learnNavigationWrapper\">\r\n                <div class=\"learnNavigationContent\">\r\n                    <img decoding=\"async\" src=\"https:\/\/talkpal.ai\/wp-content\/uploads\/2024\/08\/Romanian.jpg\" alt=\"Romanian Flag\">\r\n                    <div>\r\n                        <h4>Lekce rumunsk\u00e9 gramatiky<\/h4>\r\n                        <p>Procvi\u010dte si rumunskou gramatiku.<\/p>\r\n                    <\/div>\r\n                <\/div>\r\n            <\/div>\r\n        <\/a>\r\n\r\n        \r\n        <a href=\"https:\/\/talkpal.ai\/vocabulary_language\/romanian\/\">\r\n            <div class=\"learnNavigationWrapper\">\r\n                <div class=\"learnNavigationContent\">\r\n                    <img decoding=\"async\" src=\"https:\/\/talkpal.ai\/wp-content\/uploads\/2024\/08\/Romanian.jpg\" alt=\"Romanian Flag\">\r\n                    <div>\r\n                        <h4>Rumunsk\u00e1 slovn\u00ed z\u00e1soba<\/h4>\r\n                        <p>Roz\u0161i\u0159te si slovn\u00ed z\u00e1sobu rumun\u0161tiny.<\/p>\r\n                    <\/div>\r\n                <\/div>\r\n            <\/div>\r\n        <\/a>\r\n\r\n            <\/section>","protected":false},"excerpt":{"rendered":"<p>Rumunsk\u00e1 gramatick\u00e1 t\u00e9mata U\u010den\u00ed rumun\u0161tiny je obohacuj\u00edc\u00ed \u00fasil\u00ed, kter\u00e9 nab\u00edz\u00ed vhled do bohat\u00e9 kultury a historie. Rumunsk\u00e1 gramatika je sice slo\u017eit\u00e1, ale systematick\u00fd p\u0159\u00edstup ji m\u016f\u017ee zvl\u00e1dnout. Kl\u00ed\u010dem je pochopit jeho strukturu a pravidla, za\u010d\u00edt se z\u00e1kladn\u00edmi prvky a postupn\u011b se posunout k pokro\u010dil\u00fdm t\u00e9mat\u016fm. Tato p\u0159\u00edru\u010dka poskytuje optim\u00e1ln\u00ed po\u0159ad\u00ed pro v\u00fduku rumunsk\u00e9 gramatiky se [&hellip;]<\/p>\n","protected":false},"author":6,"featured_media":117963,"parent":0,"menu_order":0,"comment_status":"closed","ping_status":"closed","template":"LearningContentPage.php","meta":{"_acf_changed":false,"footnotes":""},"class_list":["post-157601","page","type-page","status-publish","has-post-thumbnail","hentry"],"acf":[],"yoast_head":"<!-- This site is optimized with the Yoast SEO Premium plugin v27.2 (Yoast SEO v27.2) - https:\/\/yoast.com\/product\/yoast-seo-premium-wordpress\/ -->\n<title>Rumunsk\u00e1 gramatick\u00e1 cvi\u010den\u00ed - Talkpal<\/title>\n<meta name=\"description\" content=\"Zvl\u00e1dn\u011bte rumunskou gramatiku pomoc\u00ed c\u00edlen\u00fdch cvi\u010den\u00ed. Na\u0161e cvi\u010den\u00ed z rumunsk\u00e9 gramatiky umo\u017e\u0148uj\u00ed systematick\u00e9 a efektivn\u00ed u\u010den\u00ed.\" \/>\n<meta name=\"robots\" content=\"index, follow, max-snippet:-1, max-image-preview:large, max-video-preview:-1\" \/>\n<link rel=\"canonical\" href=\"https:\/\/talkpal.ai\/cs\/rumunska-gramaticka-cviceni\/\" \/>\n<meta property=\"og:locale\" content=\"cs_CZ\" \/>\n<meta property=\"og:type\" content=\"article\" \/>\n<meta property=\"og:title\" content=\"Rumunsk\u00e1 gramatick\u00e1 cvi\u010den\u00ed\" \/>\n<meta property=\"og:description\" content=\"Rumunsk\u00e1 gramatick\u00e1 t\u00e9mata U\u010den\u00ed rumun\u0161tiny je obohacuj\u00edc\u00ed \u00fasil\u00ed, kter\u00e9 nab\u00edz\u00ed vhled do bohat\u00e9 kultury a historie. Rumunsk\u00e1 gramatika je sice slo\u017eit\u00e1, ale\" \/>\n<meta property=\"og:url\" content=\"https:\/\/talkpal.ai\/cs\/rumunska-gramaticka-cviceni\/\" \/>\n<meta property=\"og:site_name\" content=\"Talkpal\" \/>\n<meta property=\"article:publisher\" content=\"https:\/\/www.facebook.com\/profile.php?id=100090733639311\" \/>\n<meta property=\"article:modified_time\" content=\"2025-12-17T09:57:59+00:00\" \/>\n<meta property=\"og:image\" content=\"https:\/\/talkpal.ai\/wp-content\/uploads\/2023\/05\/romania.png\" \/>\n\t<meta property=\"og:image:width\" content=\"512\" \/>\n\t<meta property=\"og:image:height\" content=\"512\" \/>\n\t<meta property=\"og:image:type\" content=\"image\/png\" \/>\n<meta name=\"twitter:card\" content=\"summary_large_image\" \/>\n<meta name=\"twitter:site\" content=\"@talkpalai\" \/>\n<meta name=\"twitter:label1\" content=\"Odhadovan\u00e1 doba \u010dten\u00ed\" \/>\n\t<meta name=\"twitter:data1\" content=\"3 minuty\" \/>\n<script type=\"application\/ld+json\" class=\"yoast-schema-graph\">{\"@context\":\"https:\/\/schema.org\",\"@graph\":[{\"@type\":\"WebPage\",\"@id\":\"https:\/\/talkpal.ai\/cs\/rumunska-gramaticka-cviceni\/\",\"url\":\"https:\/\/talkpal.ai\/cs\/rumunska-gramaticka-cviceni\/\",\"name\":\"Rumunsk\u00e1 gramatick\u00e1 cvi\u010den\u00ed - Talkpal\",\"isPartOf\":{\"@id\":\"https:\/\/talkpal.ai\/cs\/#website\"},\"primaryImageOfPage\":{\"@id\":\"https:\/\/talkpal.ai\/cs\/rumunska-gramaticka-cviceni\/#primaryimage\"},\"image\":{\"@id\":\"https:\/\/talkpal.ai\/cs\/rumunska-gramaticka-cviceni\/#primaryimage\"},\"thumbnailUrl\":\"https:\/\/talkpal.ai\/wp-content\/uploads\/2023\/05\/romania.png\",\"datePublished\":\"2023-06-28T09:53:38+00:00\",\"dateModified\":\"2025-12-17T09:57:59+00:00\",\"description\":\"Zvl\u00e1dn\u011bte rumunskou gramatiku pomoc\u00ed c\u00edlen\u00fdch cvi\u010den\u00ed. Na\u0161e cvi\u010den\u00ed z rumunsk\u00e9 gramatiky umo\u017e\u0148uj\u00ed systematick\u00e9 a efektivn\u00ed u\u010den\u00ed.\",\"breadcrumb\":{\"@id\":\"https:\/\/talkpal.ai\/cs\/rumunska-gramaticka-cviceni\/#breadcrumb\"},\"inLanguage\":\"cs\",\"potentialAction\":[{\"@type\":\"ReadAction\",\"target\":[\"https:\/\/talkpal.ai\/cs\/rumunska-gramaticka-cviceni\/\"]}]},{\"@type\":\"ImageObject\",\"inLanguage\":\"cs\",\"@id\":\"https:\/\/talkpal.ai\/cs\/rumunska-gramaticka-cviceni\/#primaryimage\",\"url\":\"https:\/\/talkpal.ai\/wp-content\/uploads\/2023\/05\/romania.png\",\"contentUrl\":\"https:\/\/talkpal.ai\/wp-content\/uploads\/2023\/05\/romania.png\",\"width\":512,\"height\":512},{\"@type\":\"BreadcrumbList\",\"@id\":\"https:\/\/talkpal.ai\/cs\/rumunska-gramaticka-cviceni\/#breadcrumb\",\"itemListElement\":[{\"@type\":\"ListItem\",\"position\":1,\"name\":\"Homepage\",\"item\":\"https:\/\/talkpal.ai\/cs\/\"},{\"@type\":\"ListItem\",\"position\":2,\"name\":\"Rumunsk\u00e1 gramatick\u00e1 cvi\u010den\u00ed\"}]},{\"@type\":\"WebSite\",\"@id\":\"https:\/\/talkpal.ai\/cs\/#website\",\"url\":\"https:\/\/talkpal.ai\/cs\/\",\"name\":\"Talkpal\",\"description\":\"AI Language Learning\",\"publisher\":{\"@id\":\"https:\/\/talkpal.ai\/cs\/#organization\"},\"alternateName\":\"Talkpal AI\",\"potentialAction\":[{\"@type\":\"SearchAction\",\"target\":{\"@type\":\"EntryPoint\",\"urlTemplate\":\"https:\/\/talkpal.ai\/cs\/?s={search_term_string}\"},\"query-input\":{\"@type\":\"PropertyValueSpecification\",\"valueRequired\":true,\"valueName\":\"search_term_string\"}}],\"inLanguage\":\"cs\"},{\"@type\":\"Organization\",\"@id\":\"https:\/\/talkpal.ai\/cs\/#organization\",\"name\":\"Talkpal, Inc.\",\"alternateName\":\"Talkpal AI\",\"url\":\"https:\/\/talkpal.ai\/cs\/\",\"logo\":{\"@type\":\"ImageObject\",\"inLanguage\":\"cs\",\"@id\":\"https:\/\/talkpal.ai\/cs\/#\/schema\/logo\/image\/\",\"url\":\"https:\/\/talkpal.ai\/wp-content\/uploads\/2024\/03\/Talkpal-Logo-Icon.png\",\"contentUrl\":\"https:\/\/talkpal.ai\/wp-content\/uploads\/2024\/03\/Talkpal-Logo-Icon.png\",\"width\":2880,\"height\":2880,\"caption\":\"Talkpal, Inc.\"},\"image\":{\"@id\":\"https:\/\/talkpal.ai\/cs\/#\/schema\/logo\/image\/\"},\"sameAs\":[\"https:\/\/www.facebook.com\/profile.php?id=100090733639311\",\"https:\/\/x.com\/talkpalai\",\"https:\/\/www.linkedin.com\/company\/talkpal\/\",\"https:\/\/www.youtube.com\/@TalkPal\/\",\"https:\/\/www.tiktok.com\/@talkpal\",\"https:\/\/www.instagram.com\/talkpal_ai\/\",\"https:\/\/www.crunchbase.com\/organization\/talkpal-9cde\",\"https:\/\/www.g2.com\/products\/talkpal-for-business\/\",\"https:\/\/www.trustpilot.com\/review\/talkpal.ai\",\"https:\/\/www.capterra.com\/p\/10006800\/TalkPal\/\"],\"description\":\"Talkpal is a language learning web and mobile education app, powered by the latest AI technologies, that provides engaging experiences to its customers in many different languages to help them improve their language skills. Users can chat about unlimited amount of topics with the app and use other modes to practice their language learning.\",\"email\":\"support@talkpal.ai\",\"legalName\":\"Talkpal, Inc.\",\"foundingDate\":\"2023-04-03\",\"duns\":\"118989042\",\"numberOfEmployees\":{\"@type\":\"QuantitativeValue\",\"minValue\":\"11\",\"maxValue\":\"50\"},\"publishingPrinciples\":\"https:\/\/talkpal.ai\/publishing-principles\/\",\"actionableFeedbackPolicy\":\"https:\/\/talkpal.ai\/actionable-feedback-policy\/\",\"correctionsPolicy\":\"https:\/\/talkpal.ai\/corrections-policy\/\",\"ethicsPolicy\":\"https:\/\/talkpal.ai\/ethics-policy\/\",\"diversityPolicy\":\"https:\/\/talkpal.ai\/diversity-policy\/\",\"diversityStaffingReport\":\"https:\/\/talkpal.ai\/diversity-policy\/\"}]}<\/script>\n<!-- \/ Yoast SEO Premium plugin. -->","yoast_head_json":{"title":"Rumunsk\u00e1 gramatick\u00e1 cvi\u010den\u00ed - Talkpal","description":"Zvl\u00e1dn\u011bte rumunskou gramatiku pomoc\u00ed c\u00edlen\u00fdch cvi\u010den\u00ed. Na\u0161e cvi\u010den\u00ed z rumunsk\u00e9 gramatiky umo\u017e\u0148uj\u00ed systematick\u00e9 a efektivn\u00ed u\u010den\u00ed.","robots":{"index":"index","follow":"follow","max-snippet":"max-snippet:-1","max-image-preview":"max-image-preview:large","max-video-preview":"max-video-preview:-1"},"canonical":"https:\/\/talkpal.ai\/cs\/rumunska-gramaticka-cviceni\/","og_locale":"cs_CZ","og_type":"article","og_title":"Rumunsk\u00e1 gramatick\u00e1 cvi\u010den\u00ed","og_description":"Rumunsk\u00e1 gramatick\u00e1 t\u00e9mata U\u010den\u00ed rumun\u0161tiny je obohacuj\u00edc\u00ed \u00fasil\u00ed, kter\u00e9 nab\u00edz\u00ed vhled do bohat\u00e9 kultury a historie. Rumunsk\u00e1 gramatika je sice slo\u017eit\u00e1, ale","og_url":"https:\/\/talkpal.ai\/cs\/rumunska-gramaticka-cviceni\/","og_site_name":"Talkpal","article_publisher":"https:\/\/www.facebook.com\/profile.php?id=100090733639311","article_modified_time":"2025-12-17T09:57:59+00:00","og_image":[{"width":512,"height":512,"url":"https:\/\/talkpal.ai\/wp-content\/uploads\/2023\/05\/romania.png","type":"image\/png"}],"twitter_card":"summary_large_image","twitter_site":"@talkpalai","twitter_misc":{"Odhadovan\u00e1 doba \u010dten\u00ed":"3 minuty"},"schema":{"@context":"https:\/\/schema.org","@graph":[{"@type":"WebPage","@id":"https:\/\/talkpal.ai\/cs\/rumunska-gramaticka-cviceni\/","url":"https:\/\/talkpal.ai\/cs\/rumunska-gramaticka-cviceni\/","name":"Rumunsk\u00e1 gramatick\u00e1 cvi\u010den\u00ed - Talkpal","isPartOf":{"@id":"https:\/\/talkpal.ai\/cs\/#website"},"primaryImageOfPage":{"@id":"https:\/\/talkpal.ai\/cs\/rumunska-gramaticka-cviceni\/#primaryimage"},"image":{"@id":"https:\/\/talkpal.ai\/cs\/rumunska-gramaticka-cviceni\/#primaryimage"},"thumbnailUrl":"https:\/\/talkpal.ai\/wp-content\/uploads\/2023\/05\/romania.png","datePublished":"2023-06-28T09:53:38+00:00","dateModified":"2025-12-17T09:57:59+00:00","description":"Zvl\u00e1dn\u011bte rumunskou gramatiku pomoc\u00ed c\u00edlen\u00fdch cvi\u010den\u00ed. Na\u0161e cvi\u010den\u00ed z rumunsk\u00e9 gramatiky umo\u017e\u0148uj\u00ed systematick\u00e9 a efektivn\u00ed u\u010den\u00ed.","breadcrumb":{"@id":"https:\/\/talkpal.ai\/cs\/rumunska-gramaticka-cviceni\/#breadcrumb"},"inLanguage":"cs","potentialAction":[{"@type":"ReadAction","target":["https:\/\/talkpal.ai\/cs\/rumunska-gramaticka-cviceni\/"]}]},{"@type":"ImageObject","inLanguage":"cs","@id":"https:\/\/talkpal.ai\/cs\/rumunska-gramaticka-cviceni\/#primaryimage","url":"https:\/\/talkpal.ai\/wp-content\/uploads\/2023\/05\/romania.png","contentUrl":"https:\/\/talkpal.ai\/wp-content\/uploads\/2023\/05\/romania.png","width":512,"height":512},{"@type":"BreadcrumbList","@id":"https:\/\/talkpal.ai\/cs\/rumunska-gramaticka-cviceni\/#breadcrumb","itemListElement":[{"@type":"ListItem","position":1,"name":"Homepage","item":"https:\/\/talkpal.ai\/cs\/"},{"@type":"ListItem","position":2,"name":"Rumunsk\u00e1 gramatick\u00e1 cvi\u010den\u00ed"}]},{"@type":"WebSite","@id":"https:\/\/talkpal.ai\/cs\/#website","url":"https:\/\/talkpal.ai\/cs\/","name":"Talkpal","description":"AI Language Learning","publisher":{"@id":"https:\/\/talkpal.ai\/cs\/#organization"},"alternateName":"Talkpal AI","potentialAction":[{"@type":"SearchAction","target":{"@type":"EntryPoint","urlTemplate":"https:\/\/talkpal.ai\/cs\/?s={search_term_string}"},"query-input":{"@type":"PropertyValueSpecification","valueRequired":true,"valueName":"search_term_string"}}],"inLanguage":"cs"},{"@type":"Organization","@id":"https:\/\/talkpal.ai\/cs\/#organization","name":"Talkpal, Inc.","alternateName":"Talkpal AI","url":"https:\/\/talkpal.ai\/cs\/","logo":{"@type":"ImageObject","inLanguage":"cs","@id":"https:\/\/talkpal.ai\/cs\/#\/schema\/logo\/image\/","url":"https:\/\/talkpal.ai\/wp-content\/uploads\/2024\/03\/Talkpal-Logo-Icon.png","contentUrl":"https:\/\/talkpal.ai\/wp-content\/uploads\/2024\/03\/Talkpal-Logo-Icon.png","width":2880,"height":2880,"caption":"Talkpal, Inc."},"image":{"@id":"https:\/\/talkpal.ai\/cs\/#\/schema\/logo\/image\/"},"sameAs":["https:\/\/www.facebook.com\/profile.php?id=100090733639311","https:\/\/x.com\/talkpalai","https:\/\/www.linkedin.com\/company\/talkpal\/","https:\/\/www.youtube.com\/@TalkPal\/","https:\/\/www.tiktok.com\/@talkpal","https:\/\/www.instagram.com\/talkpal_ai\/","https:\/\/www.crunchbase.com\/organization\/talkpal-9cde","https:\/\/www.g2.com\/products\/talkpal-for-business\/","https:\/\/www.trustpilot.com\/review\/talkpal.ai","https:\/\/www.capterra.com\/p\/10006800\/TalkPal\/"],"description":"Talkpal is a language learning web and mobile education app, powered by the latest AI technologies, that provides engaging experiences to its customers in many different languages to help them improve their language skills. Users can chat about unlimited amount of topics with the app and use other modes to practice their language learning.","email":"support@talkpal.ai","legalName":"Talkpal, Inc.","foundingDate":"2023-04-03","duns":"118989042","numberOfEmployees":{"@type":"QuantitativeValue","minValue":"11","maxValue":"50"},"publishingPrinciples":"https:\/\/talkpal.ai\/publishing-principles\/","actionableFeedbackPolicy":"https:\/\/talkpal.ai\/actionable-feedback-policy\/","correctionsPolicy":"https:\/\/talkpal.ai\/corrections-policy\/","ethicsPolicy":"https:\/\/talkpal.ai\/ethics-policy\/","diversityPolicy":"https:\/\/talkpal.ai\/diversity-policy\/","diversityStaffingReport":"https:\/\/talkpal.ai\/diversity-policy\/"}]}},"_links":{"self":[{"href":"https:\/\/talkpal.ai\/cs\/wp-json\/wp\/v2\/pages\/157601","targetHints":{"allow":["GET"]}}],"collection":[{"href":"https:\/\/talkpal.ai\/cs\/wp-json\/wp\/v2\/pages"}],"about":[{"href":"https:\/\/talkpal.ai\/cs\/wp-json\/wp\/v2\/types\/page"}],"author":[{"embeddable":true,"href":"https:\/\/talkpal.ai\/cs\/wp-json\/wp\/v2\/users\/6"}],"replies":[{"embeddable":true,"href":"https:\/\/talkpal.ai\/cs\/wp-json\/wp\/v2\/comments?post=157601"}],"version-history":[{"count":0,"href":"https:\/\/talkpal.ai\/cs\/wp-json\/wp\/v2\/pages\/157601\/revisions"}],"wp:featuredmedia":[{"embeddable":true,"href":"https:\/\/talkpal.ai\/cs\/wp-json\/wp\/v2\/media\/117963"}],"wp:attachment":[{"href":"https:\/\/talkpal.ai\/cs\/wp-json\/wp\/v2\/media?parent=157601"}],"curies":[{"name":"wp","href":"https:\/\/api.w.org\/{rel}","templated":true}]}}