{"id":157296,"date":"2023-06-28T11:41:23","date_gmt":"2023-06-28T11:41:23","guid":{"rendered":"http:\/\/talkpal.ai\/cviceni-na-srbskou-gramatiku\/"},"modified":"2025-12-17T09:53:35","modified_gmt":"2025-12-17T09:53:35","slug":"cviceni-na-srbskou-gramatiku","status":"publish","type":"page","link":"https:\/\/talkpal.ai\/cs\/cviceni-na-srbskou-gramatiku\/","title":{"rendered":"Cvi\u010den\u00ed na srbskou gramatiku"},"content":{"rendered":"\r\n\r\n\r\n<section class=\"languageChallengeSection\">\r\n    <div class=\"languageInfoWrapper\">\r\n        \r\n        <h1>Cvi\u010den\u00ed na srbskou gramatiku<\/h1>\r\n        <p>Chcete si b\u00fdt jist\u011bj\u0161\u00ed v srb\u0161tin\u011b? Procvi\u010dov\u00e1n\u00ed gramatick\u00fdch cvi\u010den\u00ed je skv\u011bl\u00fdm zp\u016fsobem, jak si osvojit stavbu v\u011bty, slovesn\u00e9 tvary a jedine\u010dn\u00e1 pravidla srbsk\u00e9ho jazyka. Za\u010dn\u011bte pracovat na srbsk\u00e9 gramatice dnes a sledujte, jak s ka\u017ed\u00fdm cvi\u010den\u00edm rostou va\u0161e dovednosti a plynulost!\n\n<\/p>\r\n\r\n                            <a class=\"getStartedHidden\" href=\"https:\/\/app.talkpal.ai\/cs\/signup?lng=\">Za\u010dni<\/a>\r\n        \r\n    <\/div>\r\n\r\n    <figure>\r\n    <img decoding=\"async\" width=\"768\" height=\"768\" src=\"https:\/\/talkpal.ai\/wp-content\/uploads\/2023\/06\/serbian-768x768.png\" class=\"languageImage no-lazy\" alt=\"Fast-track to fluency with language learning\" fetchpriority=\"high\" sizes=\"(max-width: 768px) 150px, 768px\" srcset=\"https:\/\/talkpal.ai\/wp-content\/uploads\/2023\/06\/serbian-768x768.png 768w, https:\/\/talkpal.ai\/wp-content\/uploads\/2023\/06\/serbian-300x300.png 300w\" \/>\r\n    \r\n\r\n    <\/figure>\r\n\r\n            <a class=\"getStartedVisible\" href=\"https:\/\/app.talkpal.ai\/cs\/signup?lng=\">Za\u010dni<\/a>\r\n    \r\n<\/section>\r\n\r\n\r\n<!-- <section class=\"grammarSection\">\r\n    <div class=\"grammarLinks\">\r\n            <\/div>\r\n<\/section> -->\r\n\r\n\r\n\r\n\r\n<section class=\"promotionalBanner\">\r\n    <p class=\"promotionalText\">Nejefektivn\u011bj\u0161\u00ed zp\u016fsob, jak se nau\u010dit jazyk<\/p>\r\n    <a class=\"promotionalLink\" href=\"https:\/\/app.talkpal.ai\/cs\/signup?lng=\">Vyzkou\u0161ejte Talkpal zdarma<\/a>\r\n<\/section>\n<div class=\"wp-block-group pageContainerStyle\"><div class=\"wp-block-group__inner-container is-layout-constrained wp-block-group-is-layout-constrained\">\n<h2 class=\"wp-block-heading\" id=\"h-serbian-grammar-topics\">T\u00e9mata srbsk\u00e9 gramatiky<\/h2>\n\n\n\n<p>Studium srb\u0161tiny m\u016f\u017ee b\u00fdt obohacuj\u00edc\u00ed zku\u0161enost\u00ed, proto\u017ee otev\u00edr\u00e1 novou kulturn\u00ed perspektivu, umo\u017e\u0148uje p\u0159\u00edstup k bohat\u00e9 liter\u00e1rn\u00ed tradici a m\u016f\u017ee b\u00fdt p\u0159\u00ednosn\u00e9 pro ty, kte\u0159\u00ed cestuj\u00ed nebo podnikaj\u00ed na Balk\u00e1n\u011b. Jako ka\u017ed\u00fd jazyk m\u00e1 v\u0161ak i <a href=\"https:\/\/talkpal.ai\/learn-serbian\/\">srb\u0161tina<\/a> sv\u00e9 slo\u017eitosti, zejm\u00e9na v gramatice. Pro vybudov\u00e1n\u00ed pevn\u00fdch z\u00e1klad\u016f je nezbytn\u00e9 dodr\u017eovat posloupnost, kter\u00e1 usnad\u0148uje p\u0159echod z jednoho t\u00e9matu na druh\u00e9.<\/p>\n\n\n\n<h3 class=\"wp-block-heading\" id=\"h-1-nouns\">1. Podstatn\u00e1 jm\u00e9na:<\/h3>\n\n\n\n<p>Za\u010dn\u011bte porozum\u011bn\u00edm srbsk\u00fdm podstatn\u00fdm jm\u00e9n\u016fm, proto\u017ee jsou stavebn\u00edmi kameny jazyka. M\u011bn\u00ed se podle pohlav\u00ed, po\u010dtu a velikosti p\u00edsmen. <a href=\"https:\/\/talkpal.ai\/learn-serbian\/\">Srb\u0161tina<\/a> m\u00e1 sedm p\u00e1d\u016f, kter\u00e9 ur\u010duj\u00ed roli podstatn\u00e9ho jm\u00e9na ve v\u011bt\u011b.<\/p>\n\n\n\n<h3 class=\"wp-block-heading\" id=\"h-2-articles\">2. \u010cl\u00e1nky:<\/h3>\n\n\n\n<p>Srb\u0161tina nem\u00e1 ur\u010dit\u00e9 a neur\u010dit\u00e9 \u010dleny jako <a href=\"https:\/\/talkpal.ai\/learn-czech\/\">\u010de\u0161tina<\/a>. Pokud se s t\u00edmto konceptem sezn\u00e1m\u00edte v\u010das, m\u016f\u017eete si u\u0161et\u0159it pozd\u011bj\u0161\u00ed zmatek.<\/p>\n\n\n\n<h3 class=\"wp-block-heading\" id=\"h-3-adjectives\">3. P\u0159\u00eddavn\u00e1 jm\u00e9na:<\/h3>\n\n\n\n<p>P\u0159\u00eddavn\u00e1 jm\u00e9na v srb\u0161tin\u011b souhlas\u00ed s podstatn\u00fdmi jm\u00e9ny, kter\u00e1 modifikuj\u00ed v rod\u011b, \u010d\u00edsle a p\u00e1du. Je d\u016fle\u017eit\u00e9 nau\u010dit se je spolu s podstatn\u00fdmi jm\u00e9ny tvo\u0159it popisn\u00e9 v\u011bty.<\/p>\n\n\n\n<h3 class=\"wp-block-heading\" id=\"h-4-pronouns-determiners\">4. Z\u00e1jmena\/determinanty:<\/h3>\n\n\n\n<p>Seznamte se s osobn\u00edmi, p\u0159ivlast\u0148ovac\u00edmi, ukazovac\u00edmi a vzta\u017en\u00fdmi z\u00e1jmeny. M\u011bn\u00ed se tak\u00e9 podle rodu, \u010d\u00edsla a p\u00e1du, podobn\u011b jako podstatn\u00e1 jm\u00e9na a p\u0159\u00eddavn\u00e1 jm\u00e9na.<\/p>\n\n\n\n<h3 class=\"wp-block-heading\" id=\"h-5-verbs\">5. Slovesa:<\/h3>\n\n\n\n<p>Porozum\u011bn\u00ed sloves\u016fm je z\u00e1sadn\u00ed, proto\u017ee ozna\u010duj\u00ed \u010diny. Srbsk\u00e1 slovesa se \u010dasuj\u00ed podle \u010dasu, n\u00e1lady, vidu a osoby.<\/p>\n\n\n\n<h3 class=\"wp-block-heading\" id=\"h-6-tenses\">6. \u010casy:<\/h3>\n\n\n\n<p>Srb\u0161tina m\u00e1 r\u016fzn\u00e9 \u010dasy: p\u0159\u00edtomn\u00fd, minul\u00fd a budouc\u00ed. Pochopen\u00ed t\u011bchto \u010das\u016f pom\u00e1h\u00e1 vyj\u00e1d\u0159it akce, ke kter\u00fdm doch\u00e1z\u00ed v r\u016fzn\u00fdch \u010dasech.<\/p>\n\n\n\n<h3 class=\"wp-block-heading\" id=\"h-7-tense-comparison\">7. Srovn\u00e1n\u00ed \u010das\u016f:<\/h3>\n\n\n\n<p>Porovn\u00e1v\u00e1n\u00ed \u010das\u016f pom\u00e1h\u00e1 pochopit jemn\u00e9 rozd\u00edly ve vyjad\u0159ov\u00e1n\u00ed \u010dasu v srb\u0161tin\u011b. Je to nezbytn\u00e9 pro zvl\u00e1dnut\u00ed sloves.<\/p>\n\n\n\n<h3 class=\"wp-block-heading\" id=\"h-8-progressive-and-perfect-progressive\">8. Progresivn\u00ed a dokonale progresivn\u00ed:<\/h3>\n\n\n\n<p>Srb\u0161tina nem\u00e1 p\u0159\u00edm\u00fd ekvivalent anglick\u00fdch progresivn\u00edch \u010das\u016f, ale m\u00e1 aspekty (perfektivn\u00ed a imperfektivn\u00ed), kter\u00e9 mohou vyjad\u0159ovat podobn\u00e9 v\u00fdznamy.<\/p>\n\n\n\n<h3 class=\"wp-block-heading\" id=\"h-9-adverbs\">9. P\u0159\u00edslovce:<\/h3>\n\n\n\n<p>P\u0159\u00edslovce p\u0159id\u00e1vaj\u00ed v\u00edce informac\u00ed ke sloves\u016fm, p\u0159\u00eddavn\u00fdm jm\u00e9n\u016fm a dal\u0161\u00edm p\u0159\u00edslovc\u00edm. Jsou nezbytn\u00e9 pro popis toho, jak, kdy nebo kde se akce odehr\u00e1v\u00e1.<\/p>\n\n\n\n<h3 class=\"wp-block-heading\" id=\"h-10-prepositions\">10. P\u0159edlo\u017eky:<\/h3>\n\n\n\n<p>P\u0159edlo\u017eky v srb\u0161tin\u011b se pou\u017e\u00edvaj\u00ed k vyj\u00e1d\u0159en\u00ed m\u00edsta, \u010dasu, sm\u011bru, d\u016fvodu atd. Vy\u017eaduj\u00ed podstatn\u00e9 jm\u00e9no v konkr\u00e9tn\u00edm p\u00e1d\u011b.<\/p>\n\n\n\n<h3 class=\"wp-block-heading\" id=\"h-11-conditionals\">11. Kondicion\u00e1ly:<\/h3>\n\n\n\n<p>V srb\u0161tin\u011b existuj\u00ed t\u0159i typy kondicion\u00e1l\u016f, kter\u00e9 se pou\u017e\u00edvaj\u00ed k vyj\u00e1d\u0159en\u00ed mo\u017en\u00fdch, hypotetick\u00fdch nebo nere\u00e1ln\u00fdch situac\u00ed.<\/p>\n\n\n\n<p>12. V\u011bty:<\/p>\n\n\n\n<p>A kone\u010dn\u011b, pochopen\u00ed toho, jak tvo\u0159it v\u011bty v srb\u0161tin\u011b kombinac\u00ed v\u0161ech v\u00fd\u0161e uveden\u00fdch prvk\u016f, je z\u00e1sadn\u00ed pro zah\u00e1jen\u00ed efektivn\u00ed komunikace v jazyce.<\/p>\n<\/div><\/div>\n\r\n<section class=\"learnNavigationSection\">\r\n            \r\n        <a href=\"https:\/\/talkpal.ai\/cs\/naucte-se-srbsky\/\">\r\n            <div class=\"learnNavigationWrapper\">\r\n                <div class=\"learnNavigationContent\">\r\n                    <img decoding=\"async\" src=\"https:\/\/talkpal.ai\/wp-content\/uploads\/2024\/08\/Serbian.jpg\" alt=\"Serbian Flag\">\r\n                    <div>\r\n                        <h4>O vzd\u011bl\u00e1v\u00e1n\u00ed v Srbsku<\/h4>\r\n                        <p>Zjist\u011bte v\u0161e o srbsk\u00e9 gramatice.<\/p>\r\n                    <\/div>\r\n                <\/div>\r\n            <\/div>\r\n        <\/a>\r\n\r\n        \r\n        <a href=\"https:\/\/talkpal.ai\/cs\/srbska-gramatika\/\">\r\n            <div class=\"learnNavigationWrapper\">\r\n                <div class=\"learnNavigationContent\">\r\n                    <img decoding=\"async\" src=\"https:\/\/talkpal.ai\/wp-content\/uploads\/2024\/08\/Serbian.jpg\" alt=\"Serbian Flag\">\r\n                    <div>\r\n                        <h4>Lekce srbsk\u00e9 gramatiky<\/h4>\r\n                        <p>Procvi\u010dte si srbskou gramatiku.<\/p>\r\n                    <\/div>\r\n                <\/div>\r\n            <\/div>\r\n        <\/a>\r\n\r\n        \r\n        <a href=\"https:\/\/talkpal.ai\/vocabulary_language\/serbian\/\">\r\n            <div class=\"learnNavigationWrapper\">\r\n                <div class=\"learnNavigationContent\">\r\n                    <img decoding=\"async\" src=\"https:\/\/talkpal.ai\/wp-content\/uploads\/2024\/08\/Serbian.jpg\" alt=\"Serbian Flag\">\r\n                    <div>\r\n                        <h4>Srbsk\u00e1 slovn\u00ed z\u00e1soba<\/h4>\r\n                        <p>Roz\u0161i\u0159te si slovn\u00ed z\u00e1sobu srb\u0161tiny.<\/p>\r\n                    <\/div>\r\n                <\/div>\r\n            <\/div>\r\n        <\/a>\r\n\r\n            <\/section>","protected":false},"excerpt":{"rendered":"<p>T\u00e9mata srbsk\u00e9 gramatiky Studium srb\u0161tiny m\u016f\u017ee b\u00fdt obohacuj\u00edc\u00ed zku\u0161enost\u00ed, proto\u017ee otev\u00edr\u00e1 novou kulturn\u00ed perspektivu, umo\u017e\u0148uje p\u0159\u00edstup k bohat\u00e9 liter\u00e1rn\u00ed tradici a m\u016f\u017ee b\u00fdt p\u0159\u00ednosn\u00e9 pro ty, kte\u0159\u00ed cestuj\u00ed nebo podnikaj\u00ed na Balk\u00e1n\u011b. Jako ka\u017ed\u00fd jazyk m\u00e1 v\u0161ak i srb\u0161tina sv\u00e9 slo\u017eitosti, zejm\u00e9na v gramatice. Pro vybudov\u00e1n\u00ed pevn\u00fdch z\u00e1klad\u016f je nezbytn\u00e9 dodr\u017eovat posloupnost, kter\u00e1 usnad\u0148uje p\u0159echod [&hellip;]<\/p>\n","protected":false},"author":6,"featured_media":118396,"parent":0,"menu_order":0,"comment_status":"closed","ping_status":"closed","template":"LearningContentPage.php","meta":{"_acf_changed":false,"footnotes":""},"class_list":["post-157296","page","type-page","status-publish","has-post-thumbnail","hentry"],"acf":[],"yoast_head":"<!-- This site is optimized with the Yoast SEO Premium plugin v27.2 (Yoast SEO v27.2) - https:\/\/yoast.com\/product\/yoast-seo-premium-wordpress\/ -->\n<title>Cvi\u010den\u00ed na srbskou gramatiku - Talkpal<\/title>\n<meta name=\"description\" content=\"Procvi\u010dte si srbskou gramatiku pomoc\u00ed poutav\u00fdch cvi\u010den\u00ed navr\u017een\u00fdch tak, abyste zlep\u0161ili svou znalost. Prozkoumejte interaktivn\u00ed lekce!\" \/>\n<meta name=\"robots\" content=\"index, follow, max-snippet:-1, max-image-preview:large, max-video-preview:-1\" \/>\n<link rel=\"canonical\" href=\"https:\/\/talkpal.ai\/cs\/cviceni-na-srbskou-gramatiku\/\" \/>\n<meta property=\"og:locale\" content=\"cs_CZ\" \/>\n<meta property=\"og:type\" content=\"article\" \/>\n<meta property=\"og:title\" content=\"Cvi\u010den\u00ed na srbskou gramatiku\" \/>\n<meta property=\"og:description\" content=\"T\u00e9mata srbsk\u00e9 gramatiky Studium srb\u0161tiny m\u016f\u017ee b\u00fdt obohacuj\u00edc\u00ed zku\u0161enost\u00ed, proto\u017ee otev\u00edr\u00e1 novou kulturn\u00ed perspektivu, umo\u017e\u0148uje p\u0159\u00edstup k bohat\u00e9 liter\u00e1rn\u00ed\" \/>\n<meta property=\"og:url\" content=\"https:\/\/talkpal.ai\/cs\/cviceni-na-srbskou-gramatiku\/\" \/>\n<meta property=\"og:site_name\" content=\"Talkpal\" \/>\n<meta property=\"article:publisher\" content=\"https:\/\/www.facebook.com\/profile.php?id=100090733639311\" \/>\n<meta property=\"article:modified_time\" content=\"2025-12-17T09:53:35+00:00\" \/>\n<meta property=\"og:image\" content=\"https:\/\/talkpal.ai\/wp-content\/uploads\/2023\/05\/serbia.png\" \/>\n\t<meta property=\"og:image:width\" content=\"512\" \/>\n\t<meta property=\"og:image:height\" content=\"512\" \/>\n\t<meta property=\"og:image:type\" content=\"image\/png\" \/>\n<meta name=\"twitter:card\" content=\"summary_large_image\" \/>\n<meta name=\"twitter:site\" content=\"@talkpalai\" \/>\n<meta name=\"twitter:label1\" content=\"Odhadovan\u00e1 doba \u010dten\u00ed\" \/>\n\t<meta name=\"twitter:data1\" content=\"3 minuty\" \/>\n<script type=\"application\/ld+json\" class=\"yoast-schema-graph\">{\"@context\":\"https:\/\/schema.org\",\"@graph\":[{\"@type\":\"WebPage\",\"@id\":\"https:\/\/talkpal.ai\/cs\/cviceni-na-srbskou-gramatiku\/\",\"url\":\"https:\/\/talkpal.ai\/cs\/cviceni-na-srbskou-gramatiku\/\",\"name\":\"Cvi\u010den\u00ed na srbskou gramatiku - Talkpal\",\"isPartOf\":{\"@id\":\"https:\/\/talkpal.ai\/cs\/#website\"},\"primaryImageOfPage\":{\"@id\":\"https:\/\/talkpal.ai\/cs\/cviceni-na-srbskou-gramatiku\/#primaryimage\"},\"image\":{\"@id\":\"https:\/\/talkpal.ai\/cs\/cviceni-na-srbskou-gramatiku\/#primaryimage\"},\"thumbnailUrl\":\"https:\/\/talkpal.ai\/wp-content\/uploads\/2023\/05\/serbia.png\",\"datePublished\":\"2023-06-28T11:41:23+00:00\",\"dateModified\":\"2025-12-17T09:53:35+00:00\",\"description\":\"Procvi\u010dte si srbskou gramatiku pomoc\u00ed poutav\u00fdch cvi\u010den\u00ed navr\u017een\u00fdch tak, abyste zlep\u0161ili svou znalost. Prozkoumejte interaktivn\u00ed lekce!\",\"breadcrumb\":{\"@id\":\"https:\/\/talkpal.ai\/cs\/cviceni-na-srbskou-gramatiku\/#breadcrumb\"},\"inLanguage\":\"cs\",\"potentialAction\":[{\"@type\":\"ReadAction\",\"target\":[\"https:\/\/talkpal.ai\/cs\/cviceni-na-srbskou-gramatiku\/\"]}]},{\"@type\":\"ImageObject\",\"inLanguage\":\"cs\",\"@id\":\"https:\/\/talkpal.ai\/cs\/cviceni-na-srbskou-gramatiku\/#primaryimage\",\"url\":\"https:\/\/talkpal.ai\/wp-content\/uploads\/2023\/05\/serbia.png\",\"contentUrl\":\"https:\/\/talkpal.ai\/wp-content\/uploads\/2023\/05\/serbia.png\",\"width\":512,\"height\":512},{\"@type\":\"BreadcrumbList\",\"@id\":\"https:\/\/talkpal.ai\/cs\/cviceni-na-srbskou-gramatiku\/#breadcrumb\",\"itemListElement\":[{\"@type\":\"ListItem\",\"position\":1,\"name\":\"Homepage\",\"item\":\"https:\/\/talkpal.ai\/cs\/\"},{\"@type\":\"ListItem\",\"position\":2,\"name\":\"Cvi\u010den\u00ed na srbskou gramatiku\"}]},{\"@type\":\"WebSite\",\"@id\":\"https:\/\/talkpal.ai\/cs\/#website\",\"url\":\"https:\/\/talkpal.ai\/cs\/\",\"name\":\"Talkpal\",\"description\":\"AI Language Learning\",\"publisher\":{\"@id\":\"https:\/\/talkpal.ai\/cs\/#organization\"},\"alternateName\":\"Talkpal AI\",\"potentialAction\":[{\"@type\":\"SearchAction\",\"target\":{\"@type\":\"EntryPoint\",\"urlTemplate\":\"https:\/\/talkpal.ai\/cs\/?s={search_term_string}\"},\"query-input\":{\"@type\":\"PropertyValueSpecification\",\"valueRequired\":true,\"valueName\":\"search_term_string\"}}],\"inLanguage\":\"cs\"},{\"@type\":\"Organization\",\"@id\":\"https:\/\/talkpal.ai\/cs\/#organization\",\"name\":\"Talkpal, Inc.\",\"alternateName\":\"Talkpal AI\",\"url\":\"https:\/\/talkpal.ai\/cs\/\",\"logo\":{\"@type\":\"ImageObject\",\"inLanguage\":\"cs\",\"@id\":\"https:\/\/talkpal.ai\/cs\/#\/schema\/logo\/image\/\",\"url\":\"https:\/\/talkpal.ai\/wp-content\/uploads\/2024\/03\/Talkpal-Logo-Icon.png\",\"contentUrl\":\"https:\/\/talkpal.ai\/wp-content\/uploads\/2024\/03\/Talkpal-Logo-Icon.png\",\"width\":2880,\"height\":2880,\"caption\":\"Talkpal, Inc.\"},\"image\":{\"@id\":\"https:\/\/talkpal.ai\/cs\/#\/schema\/logo\/image\/\"},\"sameAs\":[\"https:\/\/www.facebook.com\/profile.php?id=100090733639311\",\"https:\/\/x.com\/talkpalai\",\"https:\/\/www.linkedin.com\/company\/talkpal\/\",\"https:\/\/www.youtube.com\/@TalkPal\/\",\"https:\/\/www.tiktok.com\/@talkpal\",\"https:\/\/www.instagram.com\/talkpal_ai\/\",\"https:\/\/www.crunchbase.com\/organization\/talkpal-9cde\",\"https:\/\/www.g2.com\/products\/talkpal-for-business\/\",\"https:\/\/www.trustpilot.com\/review\/talkpal.ai\",\"https:\/\/www.capterra.com\/p\/10006800\/TalkPal\/\"],\"description\":\"Talkpal is a language learning web and mobile education app, powered by the latest AI technologies, that provides engaging experiences to its customers in many different languages to help them improve their language skills. Users can chat about unlimited amount of topics with the app and use other modes to practice their language learning.\",\"email\":\"support@talkpal.ai\",\"legalName\":\"Talkpal, Inc.\",\"foundingDate\":\"2023-04-03\",\"duns\":\"118989042\",\"numberOfEmployees\":{\"@type\":\"QuantitativeValue\",\"minValue\":\"11\",\"maxValue\":\"50\"},\"publishingPrinciples\":\"https:\/\/talkpal.ai\/publishing-principles\/\",\"actionableFeedbackPolicy\":\"https:\/\/talkpal.ai\/actionable-feedback-policy\/\",\"correctionsPolicy\":\"https:\/\/talkpal.ai\/corrections-policy\/\",\"ethicsPolicy\":\"https:\/\/talkpal.ai\/ethics-policy\/\",\"diversityPolicy\":\"https:\/\/talkpal.ai\/diversity-policy\/\",\"diversityStaffingReport\":\"https:\/\/talkpal.ai\/diversity-policy\/\"}]}<\/script>\n<!-- \/ Yoast SEO Premium plugin. -->","yoast_head_json":{"title":"Cvi\u010den\u00ed na srbskou gramatiku - Talkpal","description":"Procvi\u010dte si srbskou gramatiku pomoc\u00ed poutav\u00fdch cvi\u010den\u00ed navr\u017een\u00fdch tak, abyste zlep\u0161ili svou znalost. Prozkoumejte interaktivn\u00ed lekce!","robots":{"index":"index","follow":"follow","max-snippet":"max-snippet:-1","max-image-preview":"max-image-preview:large","max-video-preview":"max-video-preview:-1"},"canonical":"https:\/\/talkpal.ai\/cs\/cviceni-na-srbskou-gramatiku\/","og_locale":"cs_CZ","og_type":"article","og_title":"Cvi\u010den\u00ed na srbskou gramatiku","og_description":"T\u00e9mata srbsk\u00e9 gramatiky Studium srb\u0161tiny m\u016f\u017ee b\u00fdt obohacuj\u00edc\u00ed zku\u0161enost\u00ed, proto\u017ee otev\u00edr\u00e1 novou kulturn\u00ed perspektivu, umo\u017e\u0148uje p\u0159\u00edstup k bohat\u00e9 liter\u00e1rn\u00ed","og_url":"https:\/\/talkpal.ai\/cs\/cviceni-na-srbskou-gramatiku\/","og_site_name":"Talkpal","article_publisher":"https:\/\/www.facebook.com\/profile.php?id=100090733639311","article_modified_time":"2025-12-17T09:53:35+00:00","og_image":[{"width":512,"height":512,"url":"https:\/\/talkpal.ai\/wp-content\/uploads\/2023\/05\/serbia.png","type":"image\/png"}],"twitter_card":"summary_large_image","twitter_site":"@talkpalai","twitter_misc":{"Odhadovan\u00e1 doba \u010dten\u00ed":"3 minuty"},"schema":{"@context":"https:\/\/schema.org","@graph":[{"@type":"WebPage","@id":"https:\/\/talkpal.ai\/cs\/cviceni-na-srbskou-gramatiku\/","url":"https:\/\/talkpal.ai\/cs\/cviceni-na-srbskou-gramatiku\/","name":"Cvi\u010den\u00ed na srbskou gramatiku - Talkpal","isPartOf":{"@id":"https:\/\/talkpal.ai\/cs\/#website"},"primaryImageOfPage":{"@id":"https:\/\/talkpal.ai\/cs\/cviceni-na-srbskou-gramatiku\/#primaryimage"},"image":{"@id":"https:\/\/talkpal.ai\/cs\/cviceni-na-srbskou-gramatiku\/#primaryimage"},"thumbnailUrl":"https:\/\/talkpal.ai\/wp-content\/uploads\/2023\/05\/serbia.png","datePublished":"2023-06-28T11:41:23+00:00","dateModified":"2025-12-17T09:53:35+00:00","description":"Procvi\u010dte si srbskou gramatiku pomoc\u00ed poutav\u00fdch cvi\u010den\u00ed navr\u017een\u00fdch tak, abyste zlep\u0161ili svou znalost. Prozkoumejte interaktivn\u00ed lekce!","breadcrumb":{"@id":"https:\/\/talkpal.ai\/cs\/cviceni-na-srbskou-gramatiku\/#breadcrumb"},"inLanguage":"cs","potentialAction":[{"@type":"ReadAction","target":["https:\/\/talkpal.ai\/cs\/cviceni-na-srbskou-gramatiku\/"]}]},{"@type":"ImageObject","inLanguage":"cs","@id":"https:\/\/talkpal.ai\/cs\/cviceni-na-srbskou-gramatiku\/#primaryimage","url":"https:\/\/talkpal.ai\/wp-content\/uploads\/2023\/05\/serbia.png","contentUrl":"https:\/\/talkpal.ai\/wp-content\/uploads\/2023\/05\/serbia.png","width":512,"height":512},{"@type":"BreadcrumbList","@id":"https:\/\/talkpal.ai\/cs\/cviceni-na-srbskou-gramatiku\/#breadcrumb","itemListElement":[{"@type":"ListItem","position":1,"name":"Homepage","item":"https:\/\/talkpal.ai\/cs\/"},{"@type":"ListItem","position":2,"name":"Cvi\u010den\u00ed na srbskou gramatiku"}]},{"@type":"WebSite","@id":"https:\/\/talkpal.ai\/cs\/#website","url":"https:\/\/talkpal.ai\/cs\/","name":"Talkpal","description":"AI Language Learning","publisher":{"@id":"https:\/\/talkpal.ai\/cs\/#organization"},"alternateName":"Talkpal AI","potentialAction":[{"@type":"SearchAction","target":{"@type":"EntryPoint","urlTemplate":"https:\/\/talkpal.ai\/cs\/?s={search_term_string}"},"query-input":{"@type":"PropertyValueSpecification","valueRequired":true,"valueName":"search_term_string"}}],"inLanguage":"cs"},{"@type":"Organization","@id":"https:\/\/talkpal.ai\/cs\/#organization","name":"Talkpal, Inc.","alternateName":"Talkpal AI","url":"https:\/\/talkpal.ai\/cs\/","logo":{"@type":"ImageObject","inLanguage":"cs","@id":"https:\/\/talkpal.ai\/cs\/#\/schema\/logo\/image\/","url":"https:\/\/talkpal.ai\/wp-content\/uploads\/2024\/03\/Talkpal-Logo-Icon.png","contentUrl":"https:\/\/talkpal.ai\/wp-content\/uploads\/2024\/03\/Talkpal-Logo-Icon.png","width":2880,"height":2880,"caption":"Talkpal, Inc."},"image":{"@id":"https:\/\/talkpal.ai\/cs\/#\/schema\/logo\/image\/"},"sameAs":["https:\/\/www.facebook.com\/profile.php?id=100090733639311","https:\/\/x.com\/talkpalai","https:\/\/www.linkedin.com\/company\/talkpal\/","https:\/\/www.youtube.com\/@TalkPal\/","https:\/\/www.tiktok.com\/@talkpal","https:\/\/www.instagram.com\/talkpal_ai\/","https:\/\/www.crunchbase.com\/organization\/talkpal-9cde","https:\/\/www.g2.com\/products\/talkpal-for-business\/","https:\/\/www.trustpilot.com\/review\/talkpal.ai","https:\/\/www.capterra.com\/p\/10006800\/TalkPal\/"],"description":"Talkpal is a language learning web and mobile education app, powered by the latest AI technologies, that provides engaging experiences to its customers in many different languages to help them improve their language skills. Users can chat about unlimited amount of topics with the app and use other modes to practice their language learning.","email":"support@talkpal.ai","legalName":"Talkpal, Inc.","foundingDate":"2023-04-03","duns":"118989042","numberOfEmployees":{"@type":"QuantitativeValue","minValue":"11","maxValue":"50"},"publishingPrinciples":"https:\/\/talkpal.ai\/publishing-principles\/","actionableFeedbackPolicy":"https:\/\/talkpal.ai\/actionable-feedback-policy\/","correctionsPolicy":"https:\/\/talkpal.ai\/corrections-policy\/","ethicsPolicy":"https:\/\/talkpal.ai\/ethics-policy\/","diversityPolicy":"https:\/\/talkpal.ai\/diversity-policy\/","diversityStaffingReport":"https:\/\/talkpal.ai\/diversity-policy\/"}]}},"_links":{"self":[{"href":"https:\/\/talkpal.ai\/cs\/wp-json\/wp\/v2\/pages\/157296","targetHints":{"allow":["GET"]}}],"collection":[{"href":"https:\/\/talkpal.ai\/cs\/wp-json\/wp\/v2\/pages"}],"about":[{"href":"https:\/\/talkpal.ai\/cs\/wp-json\/wp\/v2\/types\/page"}],"author":[{"embeddable":true,"href":"https:\/\/talkpal.ai\/cs\/wp-json\/wp\/v2\/users\/6"}],"replies":[{"embeddable":true,"href":"https:\/\/talkpal.ai\/cs\/wp-json\/wp\/v2\/comments?post=157296"}],"version-history":[{"count":0,"href":"https:\/\/talkpal.ai\/cs\/wp-json\/wp\/v2\/pages\/157296\/revisions"}],"wp:featuredmedia":[{"embeddable":true,"href":"https:\/\/talkpal.ai\/cs\/wp-json\/wp\/v2\/media\/118396"}],"wp:attachment":[{"href":"https:\/\/talkpal.ai\/cs\/wp-json\/wp\/v2\/media?parent=157296"}],"curies":[{"name":"wp","href":"https:\/\/api.w.org\/{rel}","templated":true}]}}