{"id":157111,"date":"2023-06-28T13:47:13","date_gmt":"2023-06-28T13:47:13","guid":{"rendered":"http:\/\/talkpal.ai\/cviceni-ze-slovenske-gramatiky\/"},"modified":"2025-12-17T14:45:22","modified_gmt":"2025-12-17T14:45:22","slug":"cviceni-ze-slovenske-gramatiky","status":"publish","type":"page","link":"https:\/\/talkpal.ai\/cs\/cviceni-ze-slovenske-gramatiky\/","title":{"rendered":"Cvi\u010den\u00ed ze slovensk\u00e9 gramatiky"},"content":{"rendered":"\r\n\r\n\r\n<section class=\"languageChallengeSection\">\r\n    <div class=\"languageInfoWrapper\">\r\n        \r\n        <h1>Cvi\u010den\u00ed ze slovensk\u00e9 gramatiky<\/h1>\r\n        <p>Chcete si b\u00fdt jist\u011bj\u0161\u00ed ve sloven\u0161tin\u011b? Procvi\u010dov\u00e1n\u00ed gramatick\u00fdch cvi\u010den\u00ed je skv\u011bl\u00fdm zp\u016fsobem, jak si osvojit stavbu v\u011bty, koncovky sloves a jedine\u010dn\u00e1 pravidla slovensk\u00e9ho jazyka. Za\u010dn\u011bte zkoumat slovenskou gramatiku je\u0161t\u011b dnes a sledujte, jak se va\u0161e dovednosti a plynulost zlep\u0161uj\u00ed s ka\u017ed\u00fdm cvi\u010den\u00edm!<\/p>\r\n\r\n                            <a class=\"getStartedHidden\" href=\"https:\/\/app.talkpal.ai\/cs\/signup?lng=\">Za\u010dni<\/a>\r\n        \r\n    <\/div>\r\n\r\n    <figure>\r\n    <img decoding=\"async\" width=\"768\" height=\"768\" src=\"https:\/\/talkpal.ai\/wp-content\/uploads\/2023\/06\/slovak-768x768.png\" class=\"languageImage no-lazy\" alt=\"Language learning for cross-cultural competence\" fetchpriority=\"high\" sizes=\"(max-width: 768px) 150px, 768px\" srcset=\"https:\/\/talkpal.ai\/wp-content\/uploads\/2023\/06\/slovak-768x768.png 768w, https:\/\/talkpal.ai\/wp-content\/uploads\/2023\/06\/slovak-300x300.png 300w\" \/>\r\n    \r\n\r\n    <\/figure>\r\n\r\n            <a class=\"getStartedVisible\" href=\"https:\/\/app.talkpal.ai\/cs\/signup?lng=\">Za\u010dni<\/a>\r\n    \r\n<\/section>\r\n\r\n\r\n<!-- <section class=\"grammarSection\">\r\n    <div class=\"grammarLinks\">\r\n            <\/div>\r\n<\/section> -->\r\n\r\n\r\n\r\n\r\n<section class=\"promotionalBanner\">\r\n    <p class=\"promotionalText\">Nejefektivn\u011bj\u0161\u00ed <a href=\"https:\/\/talkpal.ai\/best-way-to-learn\/\">zp\u016fsob<\/a>, jak se nau\u010dit jazyk<\/p>\r\n    <a class=\"promotionalLink\" href=\"https:\/\/app.talkpal.ai\/cs\/signup?lng=\">Vyzkou\u0161ejte Talkpal zdarma<\/a>\r\n<\/section>\n<div class=\"wp-block-group pageContainerStyle\"><div class=\"wp-block-group__inner-container is-layout-constrained wp-block-group-is-layout-constrained\">\n<h2 class=\"wp-block-heading\" id=\"h-slovak-grammar-topics\">T\u00e9mata slovensk\u00e9 gramatiky<\/h2>\n\n\n\n<p>Studium sloven\u0161tiny, z\u00e1padoslovansk\u00e9ho jazyka, m\u016f\u017ee b\u00fdt pro jazykov\u00e9 nad\u0161ence obohacuj\u00edc\u00ed v\u00fdzvou. D\u00edky sv\u00e9 jedine\u010dn\u00e9 fonetick\u00e9 struktu\u0159e a slo\u017eit\u00e9 gramatice umo\u017e\u0148uje student\u016fm hloub\u011bji se sezn\u00e1mit se slovenskou kulturou a histori\u00ed. Chcete-li se efektivn\u011b u\u010dit slovensky, m\u011bla by b\u00fdt ur\u010dit\u00e1 gramatick\u00e1 t\u00e9mata up\u0159ednost\u0148ov\u00e1na v ur\u010dit\u00e9m po\u0159ad\u00ed.<\/p>\n\n\n\n<h3 class=\"wp-block-heading\" id=\"h-1-nouns\">1. Podstatn\u00e1 jm\u00e9na:<\/h3>\n\n\n\n<p>Za\u010dn\u011bte \u00fapln\u00fdmi z\u00e1klady slovensk\u00e9 gramatiky: podstatn\u00fdmi jm\u00e9ny. Seznamte se s tvary jednotn\u00e9ho a mno\u017en\u00e9ho \u010d\u00edsla, rozli\u0161ov\u00e1n\u00edm pohlav\u00ed a sklo\u0148ov\u00e1n\u00edm p\u00e1d\u016f.<\/p>\n\n\n\n<h3 class=\"wp-block-heading\" id=\"h-2-pronouns-determiners\">2. Z\u00e1jmena\/determinanty:<\/h3>\n\n\n\n<p>Po zvl\u00e1dnut\u00ed podstatn\u00fdch jmen p\u0159ejd\u011bte k z\u00e1jmen\u016fm a determinant\u016fm. Pochopen\u00ed t\u011bchto prvk\u016f v\u00e1m pom\u016f\u017ee tvo\u0159it z\u00e1kladn\u00ed v\u011bty a vyj\u00e1d\u0159it vlastnictv\u00ed, mno\u017estv\u00ed a identitu.<\/p>\n\n\n\n<h3 class=\"wp-block-heading\" id=\"h-3-articles\">3. \u010cl\u00e1nky:<\/h3>\n\n\n\n<p>I kdy\u017e sloven\u0161tina nem\u00e1 ur\u010dit\u00e9 a neur\u010dit\u00e9 \u010dleny jako <a href=\"https:\/\/talkpal.ai\/learn-english-with-ai\/\">angli\u010dtina<\/a>, m\u011bli byste v\u011bd\u011bt, jak ve sloven\u0161tin\u011b ozna\u010dovat ur\u010ditost a neur\u010ditost.<\/p>\n\n\n\n<h3 class=\"wp-block-heading\" id=\"h-4-adjectives\">4. P\u0159\u00eddavn\u00e1 jm\u00e9na:<\/h3>\n\n\n\n<p>D\u00e1le se dozv\u00edte o p\u0159\u00eddavn\u00fdch jm\u00e9nech, jejich sklo\u0148ov\u00e1n\u00ed a shod\u011b s podstatn\u00fdmi jm\u00e9ny v rod\u011b, \u010d\u00edsle a p\u00e1du.<\/p>\n\n\n\n<h3 class=\"wp-block-heading\" id=\"h-5-verbs\">5. Slovesa:<\/h3>\n\n\n\n<p>Slovesa tvo\u0159\u00ed p\u00e1te\u0159 ka\u017ed\u00e9ho jazyka. Seznamte se s pravideln\u00fdmi a nepravideln\u00fdmi slovesy a jejich \u010dasov\u00e1n\u00edm v p\u0159\u00edtomn\u00e9m, minul\u00e9m a budouc\u00edm \u010dase.<\/p>\n\n\n\n<h3 class=\"wp-block-heading\" id=\"h-6-tenses\">6. \u010casy:<\/h3>\n\n\n\n<p>Jakmile zvl\u00e1dnete slovesa, v\u011bnujte se \u010das\u016fm. Porozum\u011bt tomu, jak pou\u017e\u00edvat p\u0159\u00edtomn\u00fd, minul\u00fd a budouc\u00ed \u010das v r\u016fzn\u00fdch kontextech.<\/p>\n\n\n\n<h3 class=\"wp-block-heading\" id=\"h-7-tense-comparison\">7. Srovn\u00e1n\u00ed \u010das\u016f:<\/h3>\n\n\n\n<p>To v\u00e1m pom\u016f\u017ee pochopit, jak spolu r\u016fzn\u00e9 \u010dasy souvisej\u00ed a jak si navz\u00e1jem kontrastuj\u00ed.<\/p>\n\n\n\n<h3 class=\"wp-block-heading\" id=\"h-8-progressive\">8. Progresivn\u00ed:<\/h3>\n\n\n\n<p>Po zvl\u00e1dnut\u00ed jednoduch\u00fdch \u010das\u016f p\u0159ejd\u011bte k progresivn\u00edm aspekt\u016fm. To v\u00e1m pom\u016f\u017ee vyj\u00e1d\u0159it prob\u00edhaj\u00edc\u00ed akce.<\/p>\n\n\n\n<h3 class=\"wp-block-heading\" id=\"h-9-perfect-progressive\">9. Perfektn\u00ed progresivn\u00ed:<\/h3>\n\n\n\n<p>Tento \u010das se pou\u017e\u00edv\u00e1 k ozna\u010den\u00ed akc\u00ed, kter\u00e9 prob\u00edhaly v minulosti a obvykle maj\u00ed dopad na p\u0159\u00edtomnost.<\/p>\n\n\n\n<h3 class=\"wp-block-heading\" id=\"h-10-adverbs\">10. P\u0159\u00edslovce:<\/h3>\n\n\n\n<p>P\u0159\u00edslovce modifikuj\u00ed slovesa, p\u0159\u00eddavn\u00e1 jm\u00e9na a dal\u0161\u00ed p\u0159\u00edslovce. Poskytuj\u00ed dal\u0161\u00ed podrobnosti o akc\u00edch, stavech nebo kvalit\u00e1ch.<\/p>\n\n\n\n<h3 class=\"wp-block-heading\" id=\"h-11-prepositions\">11. P\u0159edlo\u017eky:<\/h3>\n\n\n\n<p>Seznamte se s p\u0159edlo\u017ekami k vyj\u00e1d\u0159en\u00ed vztah\u016f mezi r\u016fzn\u00fdmi \u010d\u00e1stmi v\u011bty.<\/p>\n\n\n\n<h3 class=\"wp-block-heading\" id=\"h-12-conditionals\">12. Podm\u00ednkov\u00e9 v\u011bty:<\/h3>\n\n\n\n<p>Podmi\u0148ovac\u00ed zp\u016fsob se pou\u017e\u00edv\u00e1 k vyj\u00e1d\u0159en\u00ed hypotetick\u00fdch situac\u00ed a jejich mo\u017en\u00fdch v\u00fdsledk\u016f.<\/p>\n\n\n\n<h3 class=\"wp-block-heading\" id=\"h-13-sentences\">13. V\u011bty:<\/h3>\n\n\n\n<p>Kone\u010dn\u011b, kdy\u017e m\u00e1te v\u0161echny gramatick\u00e9 z\u00e1klady na m\u00edst\u011b, m\u016f\u017eete <a href=\"https:\/\/talkpal.ai\/ko\/ai-%ec%96%b8%ec%96%b4-%ea%b5%90%ec%82%ac\/\">za\u010d\u00edt<\/a> tvo\u0159it slo\u017eit\u00e9 v\u011bty a jasn\u011b a efektivn\u011b vyjad\u0159ovat sv\u00e9 my\u0161lenky ve sloven\u0161tin\u011b.<\/p>\n<\/div><\/div>\n\r\n<section class=\"learnNavigationSection\">\r\n            \r\n        <a href=\"https:\/\/talkpal.ai\/cs\/naucte-se-slovensky\/\">\r\n            <div class=\"learnNavigationWrapper\">\r\n                <div class=\"learnNavigationContent\">\r\n                    <img decoding=\"async\" src=\"https:\/\/talkpal.ai\/wp-content\/uploads\/2024\/08\/Slovak.jpg\" alt=\"Slovak Flag\">\r\n                    <div>\r\n                        <h4>O slovensk\u00e9m vzd\u011bl\u00e1v\u00e1n\u00ed<\/h4>\r\n                        <p>Zjist\u011bte v\u0161e o slovensk\u00e9 gramatice.<\/p>\r\n                    <\/div>\r\n                <\/div>\r\n            <\/div>\r\n        <\/a>\r\n\r\n        \r\n        <a href=\"https:\/\/talkpal.ai\/cs\/slovenska-gramatika\/\">\r\n            <div class=\"learnNavigationWrapper\">\r\n                <div class=\"learnNavigationContent\">\r\n                    <img decoding=\"async\" src=\"https:\/\/talkpal.ai\/wp-content\/uploads\/2024\/08\/Slovak.jpg\" alt=\"Slovak Flag\">\r\n                    <div>\r\n                        <h4>Lekce slovensk\u00e9 gramatiky<\/h4>\r\n                        <p>Procvi\u010dte si slovenskou gramatiku.<\/p>\r\n                    <\/div>\r\n                <\/div>\r\n            <\/div>\r\n        <\/a>\r\n\r\n        \r\n        <a href=\"https:\/\/talkpal.ai\/vocabulary_language\/slovak\/\">\r\n            <div class=\"learnNavigationWrapper\">\r\n                <div class=\"learnNavigationContent\">\r\n                    <img decoding=\"async\" src=\"https:\/\/talkpal.ai\/wp-content\/uploads\/2024\/08\/Slovak.jpg\" alt=\"Slovak Flag\">\r\n                    <div>\r\n                        <h4>Slovensk\u00e1 slovn\u00ed z\u00e1soba<\/h4>\r\n                        <p>Roz\u0161i\u0159te si slovn\u00ed z\u00e1sobu sloven\u0161tiny.<\/p>\r\n                    <\/div>\r\n                <\/div>\r\n            <\/div>\r\n        <\/a>\r\n\r\n            <\/section>","protected":false},"excerpt":{"rendered":"<p>T\u00e9mata slovensk\u00e9 gramatiky Studium sloven\u0161tiny, z\u00e1padoslovansk\u00e9ho jazyka, m\u016f\u017ee b\u00fdt pro jazykov\u00e9 nad\u0161ence obohacuj\u00edc\u00ed v\u00fdzvou. D\u00edky sv\u00e9 jedine\u010dn\u00e9 fonetick\u00e9 struktu\u0159e a slo\u017eit\u00e9 gramatice umo\u017e\u0148uje student\u016fm hloub\u011bji se sezn\u00e1mit se slovenskou kulturou a histori\u00ed. Chcete-li se efektivn\u011b u\u010dit slovensky, m\u011bla by b\u00fdt ur\u010dit\u00e1 gramatick\u00e1 t\u00e9mata up\u0159ednost\u0148ov\u00e1na v ur\u010dit\u00e9m po\u0159ad\u00ed. 1. Podstatn\u00e1 jm\u00e9na: Za\u010dn\u011bte \u00fapln\u00fdmi z\u00e1klady slovensk\u00e9 gramatiky: [&hellip;]<\/p>\n","protected":false},"author":6,"featured_media":119033,"parent":0,"menu_order":0,"comment_status":"closed","ping_status":"closed","template":"LearningContentPage.php","meta":{"_acf_changed":false,"footnotes":""},"class_list":["post-157111","page","type-page","status-publish","has-post-thumbnail","hentry"],"acf":[],"yoast_head":"<!-- This site is optimized with the Yoast SEO Premium plugin v27.2 (Yoast SEO v27.2) - https:\/\/yoast.com\/product\/yoast-seo-premium-wordpress\/ -->\n<title>Cvi\u010den\u00ed ze slovensk\u00e9 gramatiky - Talkpal<\/title>\n<meta name=\"description\" content=\"Zlep\u0161ete si znalosti slovensk\u00e9 gramatiky pomoc\u00ed interaktivn\u00edch cvi\u010den\u00ed ur\u010den\u00fdch pro v\u0161echny \u00farovn\u011b. Zlep\u0161ete sv\u00e9 jazykov\u00e9 znalosti je\u0161t\u011b dnes!\" \/>\n<meta name=\"robots\" content=\"index, follow, max-snippet:-1, max-image-preview:large, max-video-preview:-1\" \/>\n<link rel=\"canonical\" href=\"https:\/\/talkpal.ai\/cs\/cviceni-ze-slovenske-gramatiky\/\" \/>\n<meta property=\"og:locale\" content=\"cs_CZ\" \/>\n<meta property=\"og:type\" content=\"article\" \/>\n<meta property=\"og:title\" content=\"Cvi\u010den\u00ed ze slovensk\u00e9 gramatiky\" \/>\n<meta property=\"og:description\" content=\"T\u00e9mata slovensk\u00e9 gramatiky Studium sloven\u0161tiny, z\u00e1padoslovansk\u00e9ho jazyka, m\u016f\u017ee b\u00fdt pro jazykov\u00e9 nad\u0161ence obohacuj\u00edc\u00ed v\u00fdzvou. D\u00edky sv\u00e9 jedine\u010dn\u00e9 fonetick\u00e9\" \/>\n<meta property=\"og:url\" content=\"https:\/\/talkpal.ai\/cs\/cviceni-ze-slovenske-gramatiky\/\" \/>\n<meta property=\"og:site_name\" content=\"Talkpal\" \/>\n<meta property=\"article:publisher\" content=\"https:\/\/www.facebook.com\/profile.php?id=100090733639311\" \/>\n<meta property=\"article:modified_time\" content=\"2025-12-17T14:45:22+00:00\" \/>\n<meta property=\"og:image\" content=\"https:\/\/talkpal.ai\/wp-content\/uploads\/2023\/05\/slovakia.png\" \/>\n\t<meta property=\"og:image:width\" content=\"512\" \/>\n\t<meta property=\"og:image:height\" content=\"512\" \/>\n\t<meta property=\"og:image:type\" content=\"image\/png\" \/>\n<meta name=\"twitter:card\" content=\"summary_large_image\" \/>\n<meta name=\"twitter:site\" content=\"@talkpalai\" \/>\n<meta name=\"twitter:label1\" content=\"Odhadovan\u00e1 doba \u010dten\u00ed\" \/>\n\t<meta name=\"twitter:data1\" content=\"2 minuty\" \/>\n<script type=\"application\/ld+json\" class=\"yoast-schema-graph\">{\"@context\":\"https:\/\/schema.org\",\"@graph\":[{\"@type\":\"WebPage\",\"@id\":\"https:\/\/talkpal.ai\/cs\/cviceni-ze-slovenske-gramatiky\/\",\"url\":\"https:\/\/talkpal.ai\/cs\/cviceni-ze-slovenske-gramatiky\/\",\"name\":\"Cvi\u010den\u00ed ze slovensk\u00e9 gramatiky - Talkpal\",\"isPartOf\":{\"@id\":\"https:\/\/talkpal.ai\/cs\/#website\"},\"primaryImageOfPage\":{\"@id\":\"https:\/\/talkpal.ai\/cs\/cviceni-ze-slovenske-gramatiky\/#primaryimage\"},\"image\":{\"@id\":\"https:\/\/talkpal.ai\/cs\/cviceni-ze-slovenske-gramatiky\/#primaryimage\"},\"thumbnailUrl\":\"https:\/\/talkpal.ai\/wp-content\/uploads\/2023\/05\/slovakia.png\",\"datePublished\":\"2023-06-28T13:47:13+00:00\",\"dateModified\":\"2025-12-17T14:45:22+00:00\",\"description\":\"Zlep\u0161ete si znalosti slovensk\u00e9 gramatiky pomoc\u00ed interaktivn\u00edch cvi\u010den\u00ed ur\u010den\u00fdch pro v\u0161echny \u00farovn\u011b. Zlep\u0161ete sv\u00e9 jazykov\u00e9 znalosti je\u0161t\u011b dnes!\",\"breadcrumb\":{\"@id\":\"https:\/\/talkpal.ai\/cs\/cviceni-ze-slovenske-gramatiky\/#breadcrumb\"},\"inLanguage\":\"cs\",\"potentialAction\":[{\"@type\":\"ReadAction\",\"target\":[\"https:\/\/talkpal.ai\/cs\/cviceni-ze-slovenske-gramatiky\/\"]}]},{\"@type\":\"ImageObject\",\"inLanguage\":\"cs\",\"@id\":\"https:\/\/talkpal.ai\/cs\/cviceni-ze-slovenske-gramatiky\/#primaryimage\",\"url\":\"https:\/\/talkpal.ai\/wp-content\/uploads\/2023\/05\/slovakia.png\",\"contentUrl\":\"https:\/\/talkpal.ai\/wp-content\/uploads\/2023\/05\/slovakia.png\",\"width\":512,\"height\":512},{\"@type\":\"BreadcrumbList\",\"@id\":\"https:\/\/talkpal.ai\/cs\/cviceni-ze-slovenske-gramatiky\/#breadcrumb\",\"itemListElement\":[{\"@type\":\"ListItem\",\"position\":1,\"name\":\"Homepage\",\"item\":\"https:\/\/talkpal.ai\/cs\/\"},{\"@type\":\"ListItem\",\"position\":2,\"name\":\"Cvi\u010den\u00ed ze slovensk\u00e9 gramatiky\"}]},{\"@type\":\"WebSite\",\"@id\":\"https:\/\/talkpal.ai\/cs\/#website\",\"url\":\"https:\/\/talkpal.ai\/cs\/\",\"name\":\"Talkpal\",\"description\":\"AI Language Learning\",\"publisher\":{\"@id\":\"https:\/\/talkpal.ai\/cs\/#organization\"},\"alternateName\":\"Talkpal AI\",\"potentialAction\":[{\"@type\":\"SearchAction\",\"target\":{\"@type\":\"EntryPoint\",\"urlTemplate\":\"https:\/\/talkpal.ai\/cs\/?s={search_term_string}\"},\"query-input\":{\"@type\":\"PropertyValueSpecification\",\"valueRequired\":true,\"valueName\":\"search_term_string\"}}],\"inLanguage\":\"cs\"},{\"@type\":\"Organization\",\"@id\":\"https:\/\/talkpal.ai\/cs\/#organization\",\"name\":\"Talkpal, Inc.\",\"alternateName\":\"Talkpal AI\",\"url\":\"https:\/\/talkpal.ai\/cs\/\",\"logo\":{\"@type\":\"ImageObject\",\"inLanguage\":\"cs\",\"@id\":\"https:\/\/talkpal.ai\/cs\/#\/schema\/logo\/image\/\",\"url\":\"https:\/\/talkpal.ai\/wp-content\/uploads\/2024\/03\/Talkpal-Logo-Icon.png\",\"contentUrl\":\"https:\/\/talkpal.ai\/wp-content\/uploads\/2024\/03\/Talkpal-Logo-Icon.png\",\"width\":2880,\"height\":2880,\"caption\":\"Talkpal, Inc.\"},\"image\":{\"@id\":\"https:\/\/talkpal.ai\/cs\/#\/schema\/logo\/image\/\"},\"sameAs\":[\"https:\/\/www.facebook.com\/profile.php?id=100090733639311\",\"https:\/\/x.com\/talkpalai\",\"https:\/\/www.linkedin.com\/company\/talkpal\/\",\"https:\/\/www.youtube.com\/@TalkPal\/\",\"https:\/\/www.tiktok.com\/@talkpal\",\"https:\/\/www.instagram.com\/talkpal_ai\/\",\"https:\/\/www.crunchbase.com\/organization\/talkpal-9cde\",\"https:\/\/www.g2.com\/products\/talkpal-for-business\/\",\"https:\/\/www.trustpilot.com\/review\/talkpal.ai\",\"https:\/\/www.capterra.com\/p\/10006800\/TalkPal\/\"],\"description\":\"Talkpal is a language learning web and mobile education app, powered by the latest AI technologies, that provides engaging experiences to its customers in many different languages to help them improve their language skills. Users can chat about unlimited amount of topics with the app and use other modes to practice their language learning.\",\"email\":\"support@talkpal.ai\",\"legalName\":\"Talkpal, Inc.\",\"foundingDate\":\"2023-04-03\",\"duns\":\"118989042\",\"numberOfEmployees\":{\"@type\":\"QuantitativeValue\",\"minValue\":\"11\",\"maxValue\":\"50\"},\"publishingPrinciples\":\"https:\/\/talkpal.ai\/publishing-principles\/\",\"actionableFeedbackPolicy\":\"https:\/\/talkpal.ai\/actionable-feedback-policy\/\",\"correctionsPolicy\":\"https:\/\/talkpal.ai\/corrections-policy\/\",\"ethicsPolicy\":\"https:\/\/talkpal.ai\/ethics-policy\/\",\"diversityPolicy\":\"https:\/\/talkpal.ai\/diversity-policy\/\",\"diversityStaffingReport\":\"https:\/\/talkpal.ai\/diversity-policy\/\"}]}<\/script>\n<!-- \/ Yoast SEO Premium plugin. -->","yoast_head_json":{"title":"Cvi\u010den\u00ed ze slovensk\u00e9 gramatiky - Talkpal","description":"Zlep\u0161ete si znalosti slovensk\u00e9 gramatiky pomoc\u00ed interaktivn\u00edch cvi\u010den\u00ed ur\u010den\u00fdch pro v\u0161echny \u00farovn\u011b. Zlep\u0161ete sv\u00e9 jazykov\u00e9 znalosti je\u0161t\u011b dnes!","robots":{"index":"index","follow":"follow","max-snippet":"max-snippet:-1","max-image-preview":"max-image-preview:large","max-video-preview":"max-video-preview:-1"},"canonical":"https:\/\/talkpal.ai\/cs\/cviceni-ze-slovenske-gramatiky\/","og_locale":"cs_CZ","og_type":"article","og_title":"Cvi\u010den\u00ed ze slovensk\u00e9 gramatiky","og_description":"T\u00e9mata slovensk\u00e9 gramatiky Studium sloven\u0161tiny, z\u00e1padoslovansk\u00e9ho jazyka, m\u016f\u017ee b\u00fdt pro jazykov\u00e9 nad\u0161ence obohacuj\u00edc\u00ed v\u00fdzvou. D\u00edky sv\u00e9 jedine\u010dn\u00e9 fonetick\u00e9","og_url":"https:\/\/talkpal.ai\/cs\/cviceni-ze-slovenske-gramatiky\/","og_site_name":"Talkpal","article_publisher":"https:\/\/www.facebook.com\/profile.php?id=100090733639311","article_modified_time":"2025-12-17T14:45:22+00:00","og_image":[{"width":512,"height":512,"url":"https:\/\/talkpal.ai\/wp-content\/uploads\/2023\/05\/slovakia.png","type":"image\/png"}],"twitter_card":"summary_large_image","twitter_site":"@talkpalai","twitter_misc":{"Odhadovan\u00e1 doba \u010dten\u00ed":"2 minuty"},"schema":{"@context":"https:\/\/schema.org","@graph":[{"@type":"WebPage","@id":"https:\/\/talkpal.ai\/cs\/cviceni-ze-slovenske-gramatiky\/","url":"https:\/\/talkpal.ai\/cs\/cviceni-ze-slovenske-gramatiky\/","name":"Cvi\u010den\u00ed ze slovensk\u00e9 gramatiky - Talkpal","isPartOf":{"@id":"https:\/\/talkpal.ai\/cs\/#website"},"primaryImageOfPage":{"@id":"https:\/\/talkpal.ai\/cs\/cviceni-ze-slovenske-gramatiky\/#primaryimage"},"image":{"@id":"https:\/\/talkpal.ai\/cs\/cviceni-ze-slovenske-gramatiky\/#primaryimage"},"thumbnailUrl":"https:\/\/talkpal.ai\/wp-content\/uploads\/2023\/05\/slovakia.png","datePublished":"2023-06-28T13:47:13+00:00","dateModified":"2025-12-17T14:45:22+00:00","description":"Zlep\u0161ete si znalosti slovensk\u00e9 gramatiky pomoc\u00ed interaktivn\u00edch cvi\u010den\u00ed ur\u010den\u00fdch pro v\u0161echny \u00farovn\u011b. Zlep\u0161ete sv\u00e9 jazykov\u00e9 znalosti je\u0161t\u011b dnes!","breadcrumb":{"@id":"https:\/\/talkpal.ai\/cs\/cviceni-ze-slovenske-gramatiky\/#breadcrumb"},"inLanguage":"cs","potentialAction":[{"@type":"ReadAction","target":["https:\/\/talkpal.ai\/cs\/cviceni-ze-slovenske-gramatiky\/"]}]},{"@type":"ImageObject","inLanguage":"cs","@id":"https:\/\/talkpal.ai\/cs\/cviceni-ze-slovenske-gramatiky\/#primaryimage","url":"https:\/\/talkpal.ai\/wp-content\/uploads\/2023\/05\/slovakia.png","contentUrl":"https:\/\/talkpal.ai\/wp-content\/uploads\/2023\/05\/slovakia.png","width":512,"height":512},{"@type":"BreadcrumbList","@id":"https:\/\/talkpal.ai\/cs\/cviceni-ze-slovenske-gramatiky\/#breadcrumb","itemListElement":[{"@type":"ListItem","position":1,"name":"Homepage","item":"https:\/\/talkpal.ai\/cs\/"},{"@type":"ListItem","position":2,"name":"Cvi\u010den\u00ed ze slovensk\u00e9 gramatiky"}]},{"@type":"WebSite","@id":"https:\/\/talkpal.ai\/cs\/#website","url":"https:\/\/talkpal.ai\/cs\/","name":"Talkpal","description":"AI Language Learning","publisher":{"@id":"https:\/\/talkpal.ai\/cs\/#organization"},"alternateName":"Talkpal AI","potentialAction":[{"@type":"SearchAction","target":{"@type":"EntryPoint","urlTemplate":"https:\/\/talkpal.ai\/cs\/?s={search_term_string}"},"query-input":{"@type":"PropertyValueSpecification","valueRequired":true,"valueName":"search_term_string"}}],"inLanguage":"cs"},{"@type":"Organization","@id":"https:\/\/talkpal.ai\/cs\/#organization","name":"Talkpal, Inc.","alternateName":"Talkpal AI","url":"https:\/\/talkpal.ai\/cs\/","logo":{"@type":"ImageObject","inLanguage":"cs","@id":"https:\/\/talkpal.ai\/cs\/#\/schema\/logo\/image\/","url":"https:\/\/talkpal.ai\/wp-content\/uploads\/2024\/03\/Talkpal-Logo-Icon.png","contentUrl":"https:\/\/talkpal.ai\/wp-content\/uploads\/2024\/03\/Talkpal-Logo-Icon.png","width":2880,"height":2880,"caption":"Talkpal, Inc."},"image":{"@id":"https:\/\/talkpal.ai\/cs\/#\/schema\/logo\/image\/"},"sameAs":["https:\/\/www.facebook.com\/profile.php?id=100090733639311","https:\/\/x.com\/talkpalai","https:\/\/www.linkedin.com\/company\/talkpal\/","https:\/\/www.youtube.com\/@TalkPal\/","https:\/\/www.tiktok.com\/@talkpal","https:\/\/www.instagram.com\/talkpal_ai\/","https:\/\/www.crunchbase.com\/organization\/talkpal-9cde","https:\/\/www.g2.com\/products\/talkpal-for-business\/","https:\/\/www.trustpilot.com\/review\/talkpal.ai","https:\/\/www.capterra.com\/p\/10006800\/TalkPal\/"],"description":"Talkpal is a language learning web and mobile education app, powered by the latest AI technologies, that provides engaging experiences to its customers in many different languages to help them improve their language skills. Users can chat about unlimited amount of topics with the app and use other modes to practice their language learning.","email":"support@talkpal.ai","legalName":"Talkpal, Inc.","foundingDate":"2023-04-03","duns":"118989042","numberOfEmployees":{"@type":"QuantitativeValue","minValue":"11","maxValue":"50"},"publishingPrinciples":"https:\/\/talkpal.ai\/publishing-principles\/","actionableFeedbackPolicy":"https:\/\/talkpal.ai\/actionable-feedback-policy\/","correctionsPolicy":"https:\/\/talkpal.ai\/corrections-policy\/","ethicsPolicy":"https:\/\/talkpal.ai\/ethics-policy\/","diversityPolicy":"https:\/\/talkpal.ai\/diversity-policy\/","diversityStaffingReport":"https:\/\/talkpal.ai\/diversity-policy\/"}]}},"_links":{"self":[{"href":"https:\/\/talkpal.ai\/cs\/wp-json\/wp\/v2\/pages\/157111","targetHints":{"allow":["GET"]}}],"collection":[{"href":"https:\/\/talkpal.ai\/cs\/wp-json\/wp\/v2\/pages"}],"about":[{"href":"https:\/\/talkpal.ai\/cs\/wp-json\/wp\/v2\/types\/page"}],"author":[{"embeddable":true,"href":"https:\/\/talkpal.ai\/cs\/wp-json\/wp\/v2\/users\/6"}],"replies":[{"embeddable":true,"href":"https:\/\/talkpal.ai\/cs\/wp-json\/wp\/v2\/comments?post=157111"}],"version-history":[{"count":0,"href":"https:\/\/talkpal.ai\/cs\/wp-json\/wp\/v2\/pages\/157111\/revisions"}],"wp:featuredmedia":[{"embeddable":true,"href":"https:\/\/talkpal.ai\/cs\/wp-json\/wp\/v2\/media\/119033"}],"wp:attachment":[{"href":"https:\/\/talkpal.ai\/cs\/wp-json\/wp\/v2\/media?parent=157111"}],"curies":[{"name":"wp","href":"https:\/\/api.w.org\/{rel}","templated":true}]}}