{"id":156766,"date":"2023-06-28T13:54:56","date_gmt":"2023-06-28T13:54:56","guid":{"rendered":"http:\/\/talkpal.ai\/slovinska-gramaticka-cviceni\/"},"modified":"2025-12-17T09:59:02","modified_gmt":"2025-12-17T09:59:02","slug":"slovinska-gramaticka-cviceni","status":"publish","type":"page","link":"https:\/\/talkpal.ai\/cs\/slovinska-gramaticka-cviceni\/","title":{"rendered":"Slovinsk\u00e1 gramatick\u00e1 cvi\u010den\u00ed"},"content":{"rendered":"\r\n\r\n\r\n<section class=\"languageChallengeSection\">\r\n    <div class=\"languageInfoWrapper\">\r\n        \r\n        <h1>Slovinsk\u00e1 gramatick\u00e1 cvi\u010den\u00ed<\/h1>\r\n        <p>Jste p\u0159ipraveni posunout sv\u00e9 znalosti slovin\u0161tiny na vy\u0161\u0161\u00ed \u00farove\u0148? Procvi\u010dov\u00e1n\u00ed gramatick\u00fdch cvi\u010den\u00ed je skv\u011bl\u00fd zp\u016fsob, jak si osvojit strukturu v\u011bty, koncovky sloves a jedine\u010dn\u00e9 vzorce slovinsk\u00e9ho jazyka. Za\u010dn\u011bte pracovat na slovinsk\u00e9 gramatice je\u0161t\u011b dnes a sledujte, jak se s ka\u017ed\u00fdm cvi\u010den\u00edm zlep\u0161uje va\u0161e sebev\u011bdom\u00ed a plynulost!<\/p>\r\n\r\n                            <a class=\"getStartedHidden\" href=\"https:\/\/app.talkpal.ai\/cs\/signup?lng=\">Za\u010dni<\/a>\r\n        \r\n    <\/div>\r\n\r\n    <figure>\r\n    <img decoding=\"async\" width=\"768\" height=\"768\" src=\"https:\/\/talkpal.ai\/wp-content\/uploads\/2023\/06\/slovenian-768x768.png\" class=\"languageImage no-lazy\" alt=\"Language learning for broader perspectives\" fetchpriority=\"high\" sizes=\"(max-width: 768px) 150px, 768px\" srcset=\"https:\/\/talkpal.ai\/wp-content\/uploads\/2023\/06\/slovenian-768x768.png 768w, https:\/\/talkpal.ai\/wp-content\/uploads\/2023\/06\/slovenian-300x300.png 300w\" \/>\r\n    \r\n\r\n    <\/figure>\r\n\r\n            <a class=\"getStartedVisible\" href=\"https:\/\/app.talkpal.ai\/cs\/signup?lng=\">Za\u010dni<\/a>\r\n    \r\n<\/section>\r\n\r\n\r\n<!-- <section class=\"grammarSection\">\r\n    <div class=\"grammarLinks\">\r\n            <\/div>\r\n<\/section> -->\r\n\r\n\r\n\r\n\r\n<section class=\"promotionalBanner\">\r\n    <p class=\"promotionalText\">Nejefektivn\u011bj\u0161\u00ed zp\u016fsob, jak se nau\u010dit jazyk<\/p>\r\n    <a class=\"promotionalLink\" href=\"https:\/\/app.talkpal.ai\/cs\/signup?lng=\">Vyzkou\u0161ejte Talkpal zdarma<\/a>\r\n<\/section>\n<div class=\"wp-block-group pageContainerStyle\"><div class=\"wp-block-group__inner-container is-layout-constrained wp-block-group-is-layout-constrained\">\n<h2 class=\"wp-block-heading\" id=\"h-slovenian-grammar-topics\">Slovinsk\u00e1 gramatick\u00e1 t\u00e9mata<\/h2>\n\n\n\n<p>Slovin\u0161tina, zn\u00e1m\u00e1 tak\u00e9 jako slovin\u0161tina, je jihoslovansk\u00fd jazyk, kter\u00fdm se mluv\u00ed p\u0159ev\u00e1\u017en\u011b ve Slovinsku. Je jedn\u00edm z 24 \u00fa\u0159edn\u00edch a pracovn\u00edch jazyk\u016f Evropsk\u00e9 unie. U\u010den\u00ed slovin\u0161tiny vy\u017eaduje porozum\u011bn\u00ed r\u016fzn\u00fdm gramatick\u00fdm prvk\u016fm, jako jsou \u010dasy, slovesa, podstatn\u00e1 jm\u00e9na, \u010dleny atd. N\u00e1sleduj\u00edc\u00ed posloupnost t\u00e9mat je navr\u017eena tak, aby byl proces u\u010den\u00ed strukturovan\u011bj\u0161\u00ed a efektivn\u011bj\u0161\u00ed.<\/p>\n\n\n\n<h3 class=\"wp-block-heading\" id=\"h-1-nouns-and-articles\">1. Podstatn\u00e1 jm\u00e9na a \u010dleny:<\/h3>\n\n\n\n<p>Za\u010dn\u011bte se z\u00e1klady slovinsk\u00e9 gramatiky &#8211; podstatn\u00e1 jm\u00e9na a \u010dleny. Porozum\u011bt pojm\u016fm rod (mu\u017esk\u00fd, \u017eensk\u00fd, st\u0159edn\u00ed) a \u010d\u00edslo (jednotn\u00e9 \u010d\u00edslo, du\u00e1l, mno\u017en\u00e9 \u010d\u00edslo) ve slovinsk\u00fdch podstatn\u00fdch jm\u00e9nech. Rozeznat ur\u010dit\u00e9 a neur\u010dit\u00e9 \u010dleny a jejich pou\u017eit\u00ed.<\/p>\n\n\n\n<h3 class=\"wp-block-heading\" id=\"h-2-adjectives\">2. P\u0159\u00eddavn\u00e1 jm\u00e9na:<\/h3>\n\n\n\n<p>Po pochopen\u00ed podstatn\u00fdch jmen p\u0159ejd\u011bte k p\u0159\u00eddavn\u00fdm jm\u00e9n\u016fm. Seznamte se se sklo\u0148ov\u00e1n\u00edm p\u0159\u00eddavn\u00fdch jmen v rod\u011b, \u010d\u00edsle a p\u00e1du. Tak\u00e9 rozum\u011bt komparativ\u00e1m a superlativ\u016fm.<\/p>\n\n\n\n<h3 class=\"wp-block-heading\" id=\"h-3-pronouns-determiners\">3. Z\u00e1jmena\/determinanty:<\/h3>\n\n\n\n<p>D\u00e1le se zam\u011b\u0159te na z\u00e1jmena a determinanty. Jsou nezbytn\u00e9 p\u0159i tvorb\u011b v\u011bt a maj\u00ed \u00fazkou souvislost s podstatn\u00fdmi jm\u00e9ny a p\u0159\u00eddavn\u00fdmi jm\u00e9ny.<\/p>\n\n\n\n<h3 class=\"wp-block-heading\" id=\"h-4-verbs\">4. Slovesa:<\/h3>\n\n\n\n<p>Seznamte se se slovinsk\u00fdmi slovesy. Seznamte se se t\u0159emi vzory \u010dasov\u00e1n\u00ed, mod\u00e1ln\u00edmi slovesy a zvratn\u00fdmi slovesy.<\/p>\n\n\n\n<h3 class=\"wp-block-heading\" id=\"h-5-tenses\">5. \u010casy:<\/h3>\n\n\n\n<p>Slovin\u0161tina m\u00e1 pouze t\u0159i \u010dasy &#8211; minul\u00fd, p\u0159\u00edtomn\u00fd a budouc\u00ed. Podrobn\u011b si prostudujte ka\u017ed\u00fd \u010das spolu s pravidly jeho pou\u017eit\u00ed.<\/p>\n\n\n\n<h3 class=\"wp-block-heading\" id=\"h-6-tense-comparison\">6. Srovn\u00e1n\u00ed \u010das\u016f:<\/h3>\n\n\n\n<p>Po pochopen\u00ed jednotliv\u00fdch \u010das\u016f se nau\u010dte jejich srovn\u00e1n\u00ed. To v\u00e1m pom\u016f\u017ee zvolit spr\u00e1vn\u00fd \u010das podle situace.<\/p>\n\n\n\n<h3 class=\"wp-block-heading\" id=\"h-7-progressive-and-perfect-progressive\">7. Progresivn\u00ed a dokonal\u00e1 progresivita:<\/h3>\n\n\n\n<p>Slovin\u0161tina nem\u00e1 p\u0159\u00edm\u00fd ekvivalent k anglick\u00e9mu pr\u016fb\u011bhov\u00e9mu a p\u0159edkonav\u00e9mu pr\u016fb\u011bhov\u00e9mu \u010dasu. Nau\u010dte se v\u0161ak vyjad\u0159ovat prob\u00edhaj\u00edc\u00ed nebo dokon\u010den\u00e9 akce ve slovin\u0161tin\u011b.<\/p>\n\n\n\n<h3 class=\"wp-block-heading\" id=\"h-8-adverbs\">8. P\u0159\u00edslovce:<\/h3>\n\n\n\n<p>Modifikuj\u00ed slovesa, p\u0159\u00eddavn\u00e1 jm\u00e9na nebo jin\u00e1 p\u0159\u00edslovce. Seznamte se s typy p\u0159\u00edslovc\u00ed a jejich um\u00edst\u011bn\u00edm ve v\u011bt\u011b.<\/p>\n\n\n\n<h3 class=\"wp-block-heading\" id=\"h-9-prepositions\">9. P\u0159edlo\u017eky:<\/h3>\n\n\n\n<p>Spojuj\u00ed slova s jin\u00fdmi slovy. Porozum\u011bt slovinsk\u00fdm p\u0159edlo\u017ek\u00e1m a jejich p\u00e1d\u016fm.<\/p>\n\n\n\n<h3 class=\"wp-block-heading\" id=\"h-10-conditionals\">10. Kondicion\u00e1ly:<\/h3>\n\n\n\n<p>Nau\u010dte se podm\u00ednkov\u00e9 v\u011bty vyjad\u0159ovat hypotetick\u00e9 situace a jejich d\u016fsledky.<\/p>\n\n\n\n<h3 class=\"wp-block-heading\" id=\"h-11-sentences\">11. V\u011bty:<\/h3>\n\n\n\n<p>Nakonec si procvi\u010dte skl\u00e1d\u00e1n\u00ed v\u011bt pomoc\u00ed nau\u010den\u00fdch gramatick\u00fdch pravidel. Zlep\u0161\u00edte tak sv\u00e9 dovednosti psan\u00ed a <a href=\"https:\/\/talkpal.ai\/cs\/nemcina-konverzace-naucte-se-plynule-mluvit-rychle-a-snadno\/\">konverzace<\/a> ve slovin\u0161tin\u011b.<\/p>\n<\/div><\/div>\n\r\n<section class=\"learnNavigationSection\">\r\n            \r\n        <a href=\"https:\/\/talkpal.ai\/cs\/naucte-se-slovinsky\/\">\r\n            <div class=\"learnNavigationWrapper\">\r\n                <div class=\"learnNavigationContent\">\r\n                    <img decoding=\"async\" src=\"https:\/\/talkpal.ai\/wp-content\/uploads\/2024\/08\/Slovenian.jpg\" alt=\"Slovenian Flag\">\r\n                    <div>\r\n                        <h4>O slovinsk\u00e9m vzd\u011bl\u00e1v\u00e1n\u00ed<\/h4>\r\n                        <p>Zjist\u011bte v\u0161e o slovinsk\u00e9 gramatice.<\/p>\r\n                    <\/div>\r\n                <\/div>\r\n            <\/div>\r\n        <\/a>\r\n\r\n        \r\n        <a href=\"https:\/\/talkpal.ai\/cs\/slovinska-gramatika\/\">\r\n            <div class=\"learnNavigationWrapper\">\r\n                <div class=\"learnNavigationContent\">\r\n                    <img decoding=\"async\" src=\"https:\/\/talkpal.ai\/wp-content\/uploads\/2024\/08\/Slovenian.jpg\" alt=\"Slovenian Flag\">\r\n                    <div>\r\n                        <h4>Lekce slovinsk\u00e9 gramatiky<\/h4>\r\n                        <p>Procvi\u010dte si slovinskou gramatiku.<\/p>\r\n                    <\/div>\r\n                <\/div>\r\n            <\/div>\r\n        <\/a>\r\n\r\n        \r\n        <a href=\"https:\/\/talkpal.ai\/vocabulary_language\/slovenian\/\">\r\n            <div class=\"learnNavigationWrapper\">\r\n                <div class=\"learnNavigationContent\">\r\n                    <img decoding=\"async\" src=\"https:\/\/talkpal.ai\/wp-content\/uploads\/2024\/08\/Slovenian.jpg\" alt=\"Slovenian Flag\">\r\n                    <div>\r\n                        <h4>Slovinsk\u00e1 slovn\u00ed z\u00e1soba<\/h4>\r\n                        <p>Roz\u0161i\u0159te si slovn\u00ed z\u00e1sobu slovin\u0161tiny.<\/p>\r\n                    <\/div>\r\n                <\/div>\r\n            <\/div>\r\n        <\/a>\r\n\r\n            <\/section>","protected":false},"excerpt":{"rendered":"<p>Slovinsk\u00e1 gramatick\u00e1 t\u00e9mata Slovin\u0161tina, zn\u00e1m\u00e1 tak\u00e9 jako slovin\u0161tina, je jihoslovansk\u00fd jazyk, kter\u00fdm se mluv\u00ed p\u0159ev\u00e1\u017en\u011b ve Slovinsku. Je jedn\u00edm z 24 \u00fa\u0159edn\u00edch a pracovn\u00edch jazyk\u016f Evropsk\u00e9 unie. U\u010den\u00ed slovin\u0161tiny vy\u017eaduje porozum\u011bn\u00ed r\u016fzn\u00fdm gramatick\u00fdm prvk\u016fm, jako jsou \u010dasy, slovesa, podstatn\u00e1 jm\u00e9na, \u010dleny atd. N\u00e1sleduj\u00edc\u00ed posloupnost t\u00e9mat je navr\u017eena tak, aby byl proces u\u010den\u00ed strukturovan\u011bj\u0161\u00ed a efektivn\u011bj\u0161\u00ed. [&hellip;]<\/p>\n","protected":false},"author":6,"featured_media":119752,"parent":0,"menu_order":0,"comment_status":"closed","ping_status":"closed","template":"LearningContentPage.php","meta":{"_acf_changed":false,"footnotes":""},"class_list":["post-156766","page","type-page","status-publish","has-post-thumbnail","hentry"],"acf":[],"yoast_head":"<!-- This site is optimized with the Yoast SEO Premium plugin v27.2 (Yoast SEO v27.2) - https:\/\/yoast.com\/product\/yoast-seo-premium-wordpress\/ -->\n<title>Slovinsk\u00e1 gramatick\u00e1 cvi\u010den\u00ed - Talkpal<\/title>\n<meta name=\"description\" content=\"Zlep\u0161ete sv\u00e9 znalosti slovinsk\u00e9 gramatiky pomoc\u00ed interaktivn\u00edch cvi\u010den\u00ed ur\u010den\u00fdch pro v\u0161echny \u00farovn\u011b. Zlep\u0161ete sv\u00e9 jazykov\u00e9 vzd\u011bl\u00e1v\u00e1n\u00ed je\u0161t\u011b dnes!\" \/>\n<meta name=\"robots\" content=\"index, follow, max-snippet:-1, max-image-preview:large, max-video-preview:-1\" \/>\n<link rel=\"canonical\" href=\"https:\/\/talkpal.ai\/cs\/slovinska-gramaticka-cviceni\/\" \/>\n<meta property=\"og:locale\" content=\"cs_CZ\" \/>\n<meta property=\"og:type\" content=\"article\" \/>\n<meta property=\"og:title\" content=\"Slovinsk\u00e1 gramatick\u00e1 cvi\u010den\u00ed\" \/>\n<meta property=\"og:description\" content=\"Slovinsk\u00e1 gramatick\u00e1 t\u00e9mata Slovin\u0161tina, zn\u00e1m\u00e1 tak\u00e9 jako slovin\u0161tina, je jihoslovansk\u00fd jazyk, kter\u00fdm se mluv\u00ed p\u0159ev\u00e1\u017en\u011b ve Slovinsku. Je jedn\u00edm z 24\" \/>\n<meta property=\"og:url\" content=\"https:\/\/talkpal.ai\/cs\/slovinska-gramaticka-cviceni\/\" \/>\n<meta property=\"og:site_name\" content=\"Talkpal\" \/>\n<meta property=\"article:publisher\" content=\"https:\/\/www.facebook.com\/profile.php?id=100090733639311\" \/>\n<meta property=\"article:modified_time\" content=\"2025-12-17T09:59:02+00:00\" \/>\n<meta property=\"og:image\" content=\"https:\/\/talkpal.ai\/wp-content\/uploads\/2023\/05\/slovenia.png\" \/>\n\t<meta property=\"og:image:width\" content=\"512\" \/>\n\t<meta property=\"og:image:height\" content=\"512\" \/>\n\t<meta property=\"og:image:type\" content=\"image\/png\" \/>\n<meta name=\"twitter:card\" content=\"summary_large_image\" \/>\n<meta name=\"twitter:site\" content=\"@talkpalai\" \/>\n<meta name=\"twitter:label1\" content=\"Odhadovan\u00e1 doba \u010dten\u00ed\" \/>\n\t<meta name=\"twitter:data1\" content=\"2 minuty\" \/>\n<script type=\"application\/ld+json\" class=\"yoast-schema-graph\">{\"@context\":\"https:\/\/schema.org\",\"@graph\":[{\"@type\":\"WebPage\",\"@id\":\"https:\/\/talkpal.ai\/cs\/slovinska-gramaticka-cviceni\/\",\"url\":\"https:\/\/talkpal.ai\/cs\/slovinska-gramaticka-cviceni\/\",\"name\":\"Slovinsk\u00e1 gramatick\u00e1 cvi\u010den\u00ed - Talkpal\",\"isPartOf\":{\"@id\":\"https:\/\/talkpal.ai\/cs\/#website\"},\"primaryImageOfPage\":{\"@id\":\"https:\/\/talkpal.ai\/cs\/slovinska-gramaticka-cviceni\/#primaryimage\"},\"image\":{\"@id\":\"https:\/\/talkpal.ai\/cs\/slovinska-gramaticka-cviceni\/#primaryimage\"},\"thumbnailUrl\":\"https:\/\/talkpal.ai\/wp-content\/uploads\/2023\/05\/slovenia.png\",\"datePublished\":\"2023-06-28T13:54:56+00:00\",\"dateModified\":\"2025-12-17T09:59:02+00:00\",\"description\":\"Zlep\u0161ete sv\u00e9 znalosti slovinsk\u00e9 gramatiky pomoc\u00ed interaktivn\u00edch cvi\u010den\u00ed ur\u010den\u00fdch pro v\u0161echny \u00farovn\u011b. Zlep\u0161ete sv\u00e9 jazykov\u00e9 vzd\u011bl\u00e1v\u00e1n\u00ed je\u0161t\u011b dnes!\",\"breadcrumb\":{\"@id\":\"https:\/\/talkpal.ai\/cs\/slovinska-gramaticka-cviceni\/#breadcrumb\"},\"inLanguage\":\"cs\",\"potentialAction\":[{\"@type\":\"ReadAction\",\"target\":[\"https:\/\/talkpal.ai\/cs\/slovinska-gramaticka-cviceni\/\"]}]},{\"@type\":\"ImageObject\",\"inLanguage\":\"cs\",\"@id\":\"https:\/\/talkpal.ai\/cs\/slovinska-gramaticka-cviceni\/#primaryimage\",\"url\":\"https:\/\/talkpal.ai\/wp-content\/uploads\/2023\/05\/slovenia.png\",\"contentUrl\":\"https:\/\/talkpal.ai\/wp-content\/uploads\/2023\/05\/slovenia.png\",\"width\":512,\"height\":512},{\"@type\":\"BreadcrumbList\",\"@id\":\"https:\/\/talkpal.ai\/cs\/slovinska-gramaticka-cviceni\/#breadcrumb\",\"itemListElement\":[{\"@type\":\"ListItem\",\"position\":1,\"name\":\"Homepage\",\"item\":\"https:\/\/talkpal.ai\/cs\/\"},{\"@type\":\"ListItem\",\"position\":2,\"name\":\"Slovinsk\u00e1 gramatick\u00e1 cvi\u010den\u00ed\"}]},{\"@type\":\"WebSite\",\"@id\":\"https:\/\/talkpal.ai\/cs\/#website\",\"url\":\"https:\/\/talkpal.ai\/cs\/\",\"name\":\"Talkpal\",\"description\":\"AI Language Learning\",\"publisher\":{\"@id\":\"https:\/\/talkpal.ai\/cs\/#organization\"},\"alternateName\":\"Talkpal AI\",\"potentialAction\":[{\"@type\":\"SearchAction\",\"target\":{\"@type\":\"EntryPoint\",\"urlTemplate\":\"https:\/\/talkpal.ai\/cs\/?s={search_term_string}\"},\"query-input\":{\"@type\":\"PropertyValueSpecification\",\"valueRequired\":true,\"valueName\":\"search_term_string\"}}],\"inLanguage\":\"cs\"},{\"@type\":\"Organization\",\"@id\":\"https:\/\/talkpal.ai\/cs\/#organization\",\"name\":\"Talkpal, Inc.\",\"alternateName\":\"Talkpal AI\",\"url\":\"https:\/\/talkpal.ai\/cs\/\",\"logo\":{\"@type\":\"ImageObject\",\"inLanguage\":\"cs\",\"@id\":\"https:\/\/talkpal.ai\/cs\/#\/schema\/logo\/image\/\",\"url\":\"https:\/\/talkpal.ai\/wp-content\/uploads\/2024\/03\/Talkpal-Logo-Icon.png\",\"contentUrl\":\"https:\/\/talkpal.ai\/wp-content\/uploads\/2024\/03\/Talkpal-Logo-Icon.png\",\"width\":2880,\"height\":2880,\"caption\":\"Talkpal, Inc.\"},\"image\":{\"@id\":\"https:\/\/talkpal.ai\/cs\/#\/schema\/logo\/image\/\"},\"sameAs\":[\"https:\/\/www.facebook.com\/profile.php?id=100090733639311\",\"https:\/\/x.com\/talkpalai\",\"https:\/\/www.linkedin.com\/company\/talkpal\/\",\"https:\/\/www.youtube.com\/@TalkPal\/\",\"https:\/\/www.tiktok.com\/@talkpal\",\"https:\/\/www.instagram.com\/talkpal_ai\/\",\"https:\/\/www.crunchbase.com\/organization\/talkpal-9cde\",\"https:\/\/www.g2.com\/products\/talkpal-for-business\/\",\"https:\/\/www.trustpilot.com\/review\/talkpal.ai\",\"https:\/\/www.capterra.com\/p\/10006800\/TalkPal\/\"],\"description\":\"Talkpal is a language learning web and mobile education app, powered by the latest AI technologies, that provides engaging experiences to its customers in many different languages to help them improve their language skills. Users can chat about unlimited amount of topics with the app and use other modes to practice their language learning.\",\"email\":\"support@talkpal.ai\",\"legalName\":\"Talkpal, Inc.\",\"foundingDate\":\"2023-04-03\",\"duns\":\"118989042\",\"numberOfEmployees\":{\"@type\":\"QuantitativeValue\",\"minValue\":\"11\",\"maxValue\":\"50\"},\"publishingPrinciples\":\"https:\/\/talkpal.ai\/publishing-principles\/\",\"actionableFeedbackPolicy\":\"https:\/\/talkpal.ai\/actionable-feedback-policy\/\",\"correctionsPolicy\":\"https:\/\/talkpal.ai\/corrections-policy\/\",\"ethicsPolicy\":\"https:\/\/talkpal.ai\/ethics-policy\/\",\"diversityPolicy\":\"https:\/\/talkpal.ai\/diversity-policy\/\",\"diversityStaffingReport\":\"https:\/\/talkpal.ai\/diversity-policy\/\"}]}<\/script>\n<!-- \/ Yoast SEO Premium plugin. -->","yoast_head_json":{"title":"Slovinsk\u00e1 gramatick\u00e1 cvi\u010den\u00ed - Talkpal","description":"Zlep\u0161ete sv\u00e9 znalosti slovinsk\u00e9 gramatiky pomoc\u00ed interaktivn\u00edch cvi\u010den\u00ed ur\u010den\u00fdch pro v\u0161echny \u00farovn\u011b. Zlep\u0161ete sv\u00e9 jazykov\u00e9 vzd\u011bl\u00e1v\u00e1n\u00ed je\u0161t\u011b dnes!","robots":{"index":"index","follow":"follow","max-snippet":"max-snippet:-1","max-image-preview":"max-image-preview:large","max-video-preview":"max-video-preview:-1"},"canonical":"https:\/\/talkpal.ai\/cs\/slovinska-gramaticka-cviceni\/","og_locale":"cs_CZ","og_type":"article","og_title":"Slovinsk\u00e1 gramatick\u00e1 cvi\u010den\u00ed","og_description":"Slovinsk\u00e1 gramatick\u00e1 t\u00e9mata Slovin\u0161tina, zn\u00e1m\u00e1 tak\u00e9 jako slovin\u0161tina, je jihoslovansk\u00fd jazyk, kter\u00fdm se mluv\u00ed p\u0159ev\u00e1\u017en\u011b ve Slovinsku. Je jedn\u00edm z 24","og_url":"https:\/\/talkpal.ai\/cs\/slovinska-gramaticka-cviceni\/","og_site_name":"Talkpal","article_publisher":"https:\/\/www.facebook.com\/profile.php?id=100090733639311","article_modified_time":"2025-12-17T09:59:02+00:00","og_image":[{"width":512,"height":512,"url":"https:\/\/talkpal.ai\/wp-content\/uploads\/2023\/05\/slovenia.png","type":"image\/png"}],"twitter_card":"summary_large_image","twitter_site":"@talkpalai","twitter_misc":{"Odhadovan\u00e1 doba \u010dten\u00ed":"2 minuty"},"schema":{"@context":"https:\/\/schema.org","@graph":[{"@type":"WebPage","@id":"https:\/\/talkpal.ai\/cs\/slovinska-gramaticka-cviceni\/","url":"https:\/\/talkpal.ai\/cs\/slovinska-gramaticka-cviceni\/","name":"Slovinsk\u00e1 gramatick\u00e1 cvi\u010den\u00ed - Talkpal","isPartOf":{"@id":"https:\/\/talkpal.ai\/cs\/#website"},"primaryImageOfPage":{"@id":"https:\/\/talkpal.ai\/cs\/slovinska-gramaticka-cviceni\/#primaryimage"},"image":{"@id":"https:\/\/talkpal.ai\/cs\/slovinska-gramaticka-cviceni\/#primaryimage"},"thumbnailUrl":"https:\/\/talkpal.ai\/wp-content\/uploads\/2023\/05\/slovenia.png","datePublished":"2023-06-28T13:54:56+00:00","dateModified":"2025-12-17T09:59:02+00:00","description":"Zlep\u0161ete sv\u00e9 znalosti slovinsk\u00e9 gramatiky pomoc\u00ed interaktivn\u00edch cvi\u010den\u00ed ur\u010den\u00fdch pro v\u0161echny \u00farovn\u011b. Zlep\u0161ete sv\u00e9 jazykov\u00e9 vzd\u011bl\u00e1v\u00e1n\u00ed je\u0161t\u011b dnes!","breadcrumb":{"@id":"https:\/\/talkpal.ai\/cs\/slovinska-gramaticka-cviceni\/#breadcrumb"},"inLanguage":"cs","potentialAction":[{"@type":"ReadAction","target":["https:\/\/talkpal.ai\/cs\/slovinska-gramaticka-cviceni\/"]}]},{"@type":"ImageObject","inLanguage":"cs","@id":"https:\/\/talkpal.ai\/cs\/slovinska-gramaticka-cviceni\/#primaryimage","url":"https:\/\/talkpal.ai\/wp-content\/uploads\/2023\/05\/slovenia.png","contentUrl":"https:\/\/talkpal.ai\/wp-content\/uploads\/2023\/05\/slovenia.png","width":512,"height":512},{"@type":"BreadcrumbList","@id":"https:\/\/talkpal.ai\/cs\/slovinska-gramaticka-cviceni\/#breadcrumb","itemListElement":[{"@type":"ListItem","position":1,"name":"Homepage","item":"https:\/\/talkpal.ai\/cs\/"},{"@type":"ListItem","position":2,"name":"Slovinsk\u00e1 gramatick\u00e1 cvi\u010den\u00ed"}]},{"@type":"WebSite","@id":"https:\/\/talkpal.ai\/cs\/#website","url":"https:\/\/talkpal.ai\/cs\/","name":"Talkpal","description":"AI Language Learning","publisher":{"@id":"https:\/\/talkpal.ai\/cs\/#organization"},"alternateName":"Talkpal AI","potentialAction":[{"@type":"SearchAction","target":{"@type":"EntryPoint","urlTemplate":"https:\/\/talkpal.ai\/cs\/?s={search_term_string}"},"query-input":{"@type":"PropertyValueSpecification","valueRequired":true,"valueName":"search_term_string"}}],"inLanguage":"cs"},{"@type":"Organization","@id":"https:\/\/talkpal.ai\/cs\/#organization","name":"Talkpal, Inc.","alternateName":"Talkpal AI","url":"https:\/\/talkpal.ai\/cs\/","logo":{"@type":"ImageObject","inLanguage":"cs","@id":"https:\/\/talkpal.ai\/cs\/#\/schema\/logo\/image\/","url":"https:\/\/talkpal.ai\/wp-content\/uploads\/2024\/03\/Talkpal-Logo-Icon.png","contentUrl":"https:\/\/talkpal.ai\/wp-content\/uploads\/2024\/03\/Talkpal-Logo-Icon.png","width":2880,"height":2880,"caption":"Talkpal, Inc."},"image":{"@id":"https:\/\/talkpal.ai\/cs\/#\/schema\/logo\/image\/"},"sameAs":["https:\/\/www.facebook.com\/profile.php?id=100090733639311","https:\/\/x.com\/talkpalai","https:\/\/www.linkedin.com\/company\/talkpal\/","https:\/\/www.youtube.com\/@TalkPal\/","https:\/\/www.tiktok.com\/@talkpal","https:\/\/www.instagram.com\/talkpal_ai\/","https:\/\/www.crunchbase.com\/organization\/talkpal-9cde","https:\/\/www.g2.com\/products\/talkpal-for-business\/","https:\/\/www.trustpilot.com\/review\/talkpal.ai","https:\/\/www.capterra.com\/p\/10006800\/TalkPal\/"],"description":"Talkpal is a language learning web and mobile education app, powered by the latest AI technologies, that provides engaging experiences to its customers in many different languages to help them improve their language skills. Users can chat about unlimited amount of topics with the app and use other modes to practice their language learning.","email":"support@talkpal.ai","legalName":"Talkpal, Inc.","foundingDate":"2023-04-03","duns":"118989042","numberOfEmployees":{"@type":"QuantitativeValue","minValue":"11","maxValue":"50"},"publishingPrinciples":"https:\/\/talkpal.ai\/publishing-principles\/","actionableFeedbackPolicy":"https:\/\/talkpal.ai\/actionable-feedback-policy\/","correctionsPolicy":"https:\/\/talkpal.ai\/corrections-policy\/","ethicsPolicy":"https:\/\/talkpal.ai\/ethics-policy\/","diversityPolicy":"https:\/\/talkpal.ai\/diversity-policy\/","diversityStaffingReport":"https:\/\/talkpal.ai\/diversity-policy\/"}]}},"_links":{"self":[{"href":"https:\/\/talkpal.ai\/cs\/wp-json\/wp\/v2\/pages\/156766","targetHints":{"allow":["GET"]}}],"collection":[{"href":"https:\/\/talkpal.ai\/cs\/wp-json\/wp\/v2\/pages"}],"about":[{"href":"https:\/\/talkpal.ai\/cs\/wp-json\/wp\/v2\/types\/page"}],"author":[{"embeddable":true,"href":"https:\/\/talkpal.ai\/cs\/wp-json\/wp\/v2\/users\/6"}],"replies":[{"embeddable":true,"href":"https:\/\/talkpal.ai\/cs\/wp-json\/wp\/v2\/comments?post=156766"}],"version-history":[{"count":0,"href":"https:\/\/talkpal.ai\/cs\/wp-json\/wp\/v2\/pages\/156766\/revisions"}],"wp:featuredmedia":[{"embeddable":true,"href":"https:\/\/talkpal.ai\/cs\/wp-json\/wp\/v2\/media\/119752"}],"wp:attachment":[{"href":"https:\/\/talkpal.ai\/cs\/wp-json\/wp\/v2\/media?parent=156766"}],"curies":[{"name":"wp","href":"https:\/\/api.w.org\/{rel}","templated":true}]}}