{"id":156527,"date":"2023-06-28T14:00:55","date_gmt":"2023-06-28T14:00:55","guid":{"rendered":"http:\/\/talkpal.ai\/cviceni-svahilske-gramatiky\/"},"modified":"2025-12-17T09:50:09","modified_gmt":"2025-12-17T09:50:09","slug":"cviceni-svahilske-gramatiky","status":"publish","type":"page","link":"https:\/\/talkpal.ai\/cs\/cviceni-svahilske-gramatiky\/","title":{"rendered":"Cvi\u010den\u00ed svahilsk\u00e9 gramatiky"},"content":{"rendered":"\r\n\r\n\r\n<section class=\"languageChallengeSection\">\r\n    <div class=\"languageInfoWrapper\">\r\n        \r\n        <h1>Cvi\u010den\u00ed svahilsk\u00e9 gramatiky<\/h1>\r\n        <p>Jste p\u0159ipraveni pos\u00edlit sv\u00e9 znalosti svahil\u0161tiny? Soust\u0159ed\u011bn\u00e1 gramatick\u00e1 cvi\u010den\u00ed jsou dokonal\u00fdm zp\u016fsobem, jak pochopit strukturu v\u011bty, slovesn\u00e9 vzory a z\u00e1kladn\u00ed tvary slov. Pono\u0159te se do svahilsk\u00e9 gramatiky, abyste si vybudovali sebed\u016fv\u011bru, roz\u0161\u00ed\u0159ili slovn\u00ed z\u00e1sobu a zajistili p\u0159irozen\u011bj\u0161\u00ed pr\u016fb\u011bh ka\u017ed\u00e9 konverzace. Za\u010dn\u011bte cvi\u010dit je\u0161t\u011b dnes a uvid\u00edte, jak rychle se va\u0161e <a href=\"https:\/\/talkpal.ai\/learn-swahili\/\">svahil\u0161tina<\/a> zlep\u0161\u00ed!<\/p>\r\n\r\n                            <a class=\"getStartedHidden\" href=\"https:\/\/app.talkpal.ai\/cs\/signup?lng=\">Za\u010dni<\/a>\r\n        \r\n    <\/div>\r\n\r\n    <figure>\r\n    <img decoding=\"async\" width=\"768\" height=\"768\" src=\"https:\/\/talkpal.ai\/wp-content\/uploads\/2023\/06\/Swahili-768x768.png\" class=\"languageImage no-lazy\" alt=\"Secrets to master language learning\" fetchpriority=\"high\" sizes=\"(max-width: 768px) 150px, 768px\" srcset=\"https:\/\/talkpal.ai\/wp-content\/uploads\/2023\/06\/Swahili-768x768.png 768w, https:\/\/talkpal.ai\/wp-content\/uploads\/2023\/06\/Swahili-300x300.png 300w\" \/>\r\n    \r\n\r\n    <\/figure>\r\n\r\n            <a class=\"getStartedVisible\" href=\"https:\/\/app.talkpal.ai\/cs\/signup?lng=\">Za\u010dni<\/a>\r\n    \r\n<\/section>\r\n\r\n\r\n<!-- <section class=\"grammarSection\">\r\n    <div class=\"grammarLinks\">\r\n            <\/div>\r\n<\/section> -->\r\n\r\n\r\n\r\n\r\n<section class=\"promotionalBanner\">\r\n    <p class=\"promotionalText\">Nejefektivn\u011bj\u0161\u00ed <a href=\"https:\/\/talkpal.ai\/best-way-to-learn\/\">zp\u016fsob<\/a>, jak se nau\u010dit jazyk<\/p>\r\n    <a class=\"promotionalLink\" href=\"https:\/\/app.talkpal.ai\/cs\/signup?lng=\">Vyzkou\u0161ejte Talkpal zdarma<\/a>\r\n<\/section>\n<div class=\"wp-block-group pageContainerStyle\"><div class=\"wp-block-group__inner-container is-layout-constrained wp-block-group-is-layout-constrained\">\n<h2 class=\"wp-block-heading\" id=\"h-swahili-grammar-topics\">T\u00e9mata svahilsk\u00e9 gramatiky<\/h2>\n\n\n\n<p>U\u010den\u00ed svahil\u0161tiny je vzru\u0161uj\u00edc\u00ed cesta do jednoho z nejroz\u0161\u00ed\u0159en\u011bj\u0161\u00edch jazyk\u016f v Africe. Jedn\u00e1 se o bantusk\u00fd jazyk, kter\u00fdm se mluv\u00ed p\u0159edev\u0161\u00edm ve v\u00fdchodn\u00ed Africe a na cel\u00e9m sv\u011bt\u011b j\u00edm hovo\u0159\u00ed odhadem 50-100 milion\u016f lid\u00ed. <a href=\"https:\/\/talkpal.ai\/swahili-grammar\/\">Gramatika svahil\u0161tiny<\/a> je osobit\u00e1 a nab\u00edz\u00ed fascinuj\u00edc\u00ed pohled na strukturu jazyka. Chcete-li se efektivn\u011b nau\u010dit svahil\u0161tinu, je d\u016fle\u017eit\u00e9 dodr\u017eovat strukturovan\u00fd p\u0159\u00edstup se zam\u011b\u0159en\u00edm na kl\u00ed\u010dov\u00e1 gramatick\u00e1 t\u00e9mata, jako jsou \u010dasy, slovesa, podstatn\u00e1 jm\u00e9na, \u010dleny, z\u00e1jmena\/determinanty, p\u0159\u00eddavn\u00e1 jm\u00e9na, p\u0159\u00edslovce, kondicion\u00e1ly, p\u0159edlo\u017eky a v\u011btn\u00e1 konstrukce. Ka\u017ed\u00e1 z t\u011bchto slo\u017eek je ned\u00edlnou sou\u010d\u00e1st\u00ed porozum\u011bn\u00ed a zvl\u00e1dnut\u00ed jazyka.<\/p>\n\n\n\n<h3 class=\"wp-block-heading\" id=\"h-1-nouns\">1. Podstatn\u00e1 jm\u00e9na:<\/h3>\n\n\n\n<p>Za\u010dn\u011bte u\u010den\u00edm svahilsk\u00fdch podstatn\u00fdch jmen. Ve svahil\u0161tin\u011b jsou podstatn\u00e1 jm\u00e9na klasifikov\u00e1na podle t\u0159\u00edd podstatn\u00fdch jmen, co\u017e ovliv\u0148uje podobu p\u0159\u00eddavn\u00fdch jmen, z\u00e1jmen a sloves, kter\u00e1 se k nim vztahuj\u00ed. Porozum\u011bn\u00ed t\u011bmto t\u0159\u00edd\u00e1m podstatn\u00fdch jmen je z\u00e1kladem pro u\u010den\u00ed dal\u0161\u00edch aspekt\u016f svahilsk\u00e9 gramatiky.<\/p>\n\n\n\n<h3 class=\"wp-block-heading\" id=\"h-2-articles\">2. \u010cl\u00e1nky:<\/h3>\n\n\n\n<p>Jakmile se zorientujete v podstatn\u00fdch jm\u00e9nech, p\u0159ejd\u011bte k \u010dl\u00e1nk\u016fm. Ve svahil\u0161tin\u011b neexistuj\u00ed ur\u010dit\u00e9 ani neur\u010dit\u00e9 \u010dleny jako &#8222;a&#8220;, &#8222;an&#8220; nebo &#8222;the&#8220;. Podobnou roli v\u0161ak hraje i syst\u00e9m podstatn\u00fdch jmen, proto je d\u016fle\u017eit\u00e9 jej ovl\u00e1dat.<\/p>\n\n\n\n<h3 class=\"wp-block-heading\" id=\"h-3-pronouns-determiners\">3. Z\u00e1jmena\/determinanty:<\/h3>\n\n\n\n<p>Z\u00e1jmena a determinanty se ve svahil\u0161tin\u011b m\u011bn\u00ed na z\u00e1klad\u011b t\u0159\u00eddy podstatn\u00e9ho jm\u00e9na podstatn\u00e9ho jm\u00e9na, na kter\u00e9 odkazuj\u00ed. U\u010den\u00ed se t\u011bmto zm\u011bn\u00e1m pom\u016f\u017ee sestavit cel\u00e9 v\u011bty.<\/p>\n\n\n\n<h3 class=\"wp-block-heading\" id=\"h-4-adjectives\">4. P\u0159\u00eddavn\u00e1 jm\u00e9na:<\/h3>\n\n\n\n<p>Svahilsk\u00e1 p\u0159\u00eddavn\u00e1 jm\u00e9na souhlas\u00ed s podstatn\u00fdm jm\u00e9nem, kter\u00e9 popisuj\u00ed. To znamen\u00e1, \u017ee p\u0159\u00eddavn\u00e9 jm\u00e9no zm\u011bn\u00ed sv\u016fj tvar tak, aby odpov\u00eddal t\u0159\u00edd\u011b podstatn\u00e9ho jm\u00e9na. Kdy\u017e tomu porozum\u00edte, zlep\u0161\u00edte svou v\u011btnou stavbu.<\/p>\n\n\n\n<h3 class=\"wp-block-heading\" id=\"h-5-verbs\">5. Slovesa:<\/h3>\n\n\n\n<p>Svahilsk\u00e1 slovesa jsou nezbytn\u00e1 pro vyj\u00e1d\u0159en\u00ed d\u011bj\u016f a stav\u016f. Nesou tak\u00e9 informace o \u010dase, aspektu a n\u00e1lad\u011b. Znalost pravidel \u010dasov\u00e1n\u00ed sloves je pro efektivn\u00ed komunikaci kl\u00ed\u010dov\u00e1.<\/p>\n\n\n\n<h3 class=\"wp-block-heading\" id=\"h-6-tenses\">6. \u010casy:<\/h3>\n\n\n\n<p>Porozum\u011bn\u00ed \u010das\u016fm je kl\u00ed\u010dem ke sd\u011blov\u00e1n\u00ed ud\u00e1lost\u00ed, kter\u00e9 se vyskytuj\u00ed v r\u016fzn\u00fdch \u010dasech. Svahil\u0161tina m\u00e1 r\u016fzn\u00e9 \u010dasy pro minul\u00e9, sou\u010dasn\u00e9 a budouc\u00ed ud\u00e1losti.<\/p>\n\n\n\n<h3 class=\"wp-block-heading\" id=\"h-7-tense-comparison\">7. Srovn\u00e1n\u00ed \u010das\u016f:<\/h3>\n\n\n\n<p>Po pochopen\u00ed z\u00e1kladn\u00edch \u010das\u016f se mus\u00edte nau\u010dit, jak je porovn\u00e1vat. To v\u00e1m pom\u016f\u017ee vyj\u00e1d\u0159it slo\u017eit\u00e9 my\u0161lenky a situace.<\/p>\n\n\n\n<h3 class=\"wp-block-heading\" id=\"h-8-progressive-and-perfect-progressive\">8. Progresivn\u00ed a dokonale progresivn\u00ed:<\/h3>\n\n\n\n<p>Tyto aspekty \u010das\u016f vyjad\u0159uj\u00ed prob\u00edhaj\u00edc\u00ed akce nebo akce, kter\u00e9 byly dokon\u010deny. Jejich pochopen\u00ed obohat\u00ed va\u0161e vyjad\u0159ovac\u00ed schopnosti ve svahil\u0161tin\u011b.<\/p>\n\n\n\n<h3 class=\"wp-block-heading\" id=\"h-9-adverbs\">9. P\u0159\u00edslovce:<\/h3>\n\n\n\n<p>P\u0159\u00edslovce modifikuj\u00ed slovesa, p\u0159\u00eddavn\u00e1 jm\u00e9na a dal\u0161\u00ed p\u0159\u00edslovce. Poskytuj\u00ed dal\u0161\u00ed informace o \u010dinech, vlastnostech nebo jin\u00fdch okolnostech.<\/p>\n\n\n\n<h3 class=\"wp-block-heading\" id=\"h-10-conditionals\">10. Kondicion\u00e1ly:<\/h3>\n\n\n\n<p>Podmi\u0148ovac\u00ed zp\u016fsob vyjad\u0159uje hypotetick\u00e9 situace nebo z\u00e1vislosti mezi ud\u00e1lostmi. Jsou u\u017eite\u010dn\u00e9 pro pokro\u010dilou komunikaci ve svahil\u0161tin\u011b.<\/p>\n\n\n\n<h3 class=\"wp-block-heading\" id=\"h-11-prepositions\">11. P\u0159edlo\u017eky:<\/h3>\n\n\n\n<p>P\u0159edlo\u017eky v\u00e1m umo\u017en\u00ed vyj\u00e1d\u0159it vztahy mezi r\u016fzn\u00fdmi \u010d\u00e1stmi v\u011bty, jako je m\u00edsto, sm\u011br, \u010das, p\u0159\u00ed\u010dina atd.<\/p>\n\n\n\n<h3 class=\"wp-block-heading\" id=\"h-12-sentences\">12. V\u011bty:<\/h3>\n\n\n\n<p>A kone\u010dn\u011b, pochopen\u00ed toho, jak stav\u011bt v\u011bty pomoc\u00ed v\u0161ech nau\u010den\u00fdch slovn\u00edch druh\u016f, je vyvrcholen\u00edm va\u0161\u00ed cesty za u\u010den\u00edm se svahil\u0161tiny. Zahrnuje uspo\u0159\u00e1d\u00e1n\u00ed slov a fr\u00e1z\u00ed tak, aby vytv\u00e1\u0159ely \u00fapln\u00e9 my\u0161lenky.<\/p>\n<\/div><\/div>\n\r\n<section class=\"learnNavigationSection\">\r\n            \r\n        <a href=\"https:\/\/talkpal.ai\/cs\/naucte-se-svahilsky\/\">\r\n            <div class=\"learnNavigationWrapper\">\r\n                <div class=\"learnNavigationContent\">\r\n                    <img decoding=\"async\" src=\"https:\/\/talkpal.ai\/wp-content\/uploads\/2024\/08\/Swahili.jpg\" alt=\"Kenya and Tanzania Flags\">\r\n                    <div>\r\n                        <h4>O v\u00fduce svahil\u0161tiny<\/h4>\r\n                        <p>Zjist\u011bte v\u0161e o svahilsk\u00e9 gramatice.<\/p>\r\n                    <\/div>\r\n                <\/div>\r\n            <\/div>\r\n        <\/a>\r\n\r\n        \r\n        <a href=\"https:\/\/talkpal.ai\/cs\/svahilska-gramatika\/\">\r\n            <div class=\"learnNavigationWrapper\">\r\n                <div class=\"learnNavigationContent\">\r\n                    <img decoding=\"async\" src=\"https:\/\/talkpal.ai\/wp-content\/uploads\/2024\/08\/Swahili.jpg\" alt=\"Kenya and Tanzania Flags\">\r\n                    <div>\r\n                        <h4>Lekce svahilsk\u00e9 gramatiky<\/h4>\r\n                        <p>Procvi\u010dte si svahilskou gramatiku.<\/p>\r\n                    <\/div>\r\n                <\/div>\r\n            <\/div>\r\n        <\/a>\r\n\r\n        \r\n        <a href=\"https:\/\/talkpal.ai\/vocabulary_language\/swahili\/\">\r\n            <div class=\"learnNavigationWrapper\">\r\n                <div class=\"learnNavigationContent\">\r\n                    <img decoding=\"async\" src=\"https:\/\/talkpal.ai\/wp-content\/uploads\/2024\/08\/Swahili.jpg\" alt=\"Kenya and Tanzania Flags\">\r\n                    <div>\r\n                        <h4>Svahilsk\u00e1 slovn\u00ed z\u00e1soba<\/h4>\r\n                        <p>Roz\u0161i\u0159te si svahilskou slovn\u00ed z\u00e1sobu.<\/p>\r\n                    <\/div>\r\n                <\/div>\r\n            <\/div>\r\n        <\/a>\r\n\r\n            <\/section>","protected":false},"excerpt":{"rendered":"<p>T\u00e9mata svahilsk\u00e9 gramatiky U\u010den\u00ed svahil\u0161tiny je vzru\u0161uj\u00edc\u00ed cesta do jednoho z nejroz\u0161\u00ed\u0159en\u011bj\u0161\u00edch jazyk\u016f v Africe. Jedn\u00e1 se o bantusk\u00fd jazyk, kter\u00fdm se mluv\u00ed p\u0159edev\u0161\u00edm ve v\u00fdchodn\u00ed Africe a na cel\u00e9m sv\u011bt\u011b j\u00edm hovo\u0159\u00ed odhadem 50-100 milion\u016f lid\u00ed. Gramatika svahil\u0161tiny je osobit\u00e1 a nab\u00edz\u00ed fascinuj\u00edc\u00ed pohled na strukturu jazyka. Chcete-li se efektivn\u011b nau\u010dit svahil\u0161tinu, je d\u016fle\u017eit\u00e9 [&hellip;]<\/p>\n","protected":false},"author":6,"featured_media":119183,"parent":0,"menu_order":0,"comment_status":"closed","ping_status":"closed","template":"LearningContentPage.php","meta":{"_acf_changed":false,"footnotes":""},"class_list":["post-156527","page","type-page","status-publish","has-post-thumbnail","hentry"],"acf":[],"yoast_head":"<!-- This site is optimized with the Yoast SEO Premium plugin v27.2 (Yoast SEO v27.2) - https:\/\/yoast.com\/product\/yoast-seo-premium-wordpress\/ -->\n<title>Cvi\u010den\u00ed svahilsk\u00e9 gramatiky - Talkpal<\/title>\n<meta name=\"description\" content=\"Prozkoumejte poutav\u00e1 svahilsk\u00e1 gramatick\u00e1 cvi\u010den\u00ed, kter\u00e1 zlep\u0161\u00ed va\u0161e jazykov\u00e9 dovednosti a porozum\u011bn\u00ed svahil\u0161tin\u011b.\" \/>\n<meta name=\"robots\" content=\"index, follow, max-snippet:-1, max-image-preview:large, max-video-preview:-1\" \/>\n<link rel=\"canonical\" href=\"https:\/\/talkpal.ai\/cs\/cviceni-svahilske-gramatiky\/\" \/>\n<meta property=\"og:locale\" content=\"cs_CZ\" \/>\n<meta property=\"og:type\" content=\"article\" \/>\n<meta property=\"og:title\" content=\"Cvi\u010den\u00ed svahilsk\u00e9 gramatiky\" \/>\n<meta property=\"og:description\" content=\"T\u00e9mata svahilsk\u00e9 gramatiky U\u010den\u00ed svahil\u0161tiny je vzru\u0161uj\u00edc\u00ed cesta do jednoho z nejroz\u0161\u00ed\u0159en\u011bj\u0161\u00edch jazyk\u016f v Africe. Jedn\u00e1 se o bantusk\u00fd jazyk, kter\u00fdm se\" \/>\n<meta property=\"og:url\" content=\"https:\/\/talkpal.ai\/cs\/cviceni-svahilske-gramatiky\/\" \/>\n<meta property=\"og:site_name\" content=\"Talkpal\" \/>\n<meta property=\"article:publisher\" content=\"https:\/\/www.facebook.com\/profile.php?id=100090733639311\" \/>\n<meta property=\"article:modified_time\" content=\"2025-12-17T09:50:09+00:00\" \/>\n<meta property=\"og:image\" content=\"https:\/\/talkpal.ai\/wp-content\/uploads\/2023\/05\/Swahili-tanzania.png\" \/>\n\t<meta property=\"og:image:width\" content=\"512\" \/>\n\t<meta property=\"og:image:height\" content=\"512\" \/>\n\t<meta property=\"og:image:type\" content=\"image\/png\" \/>\n<meta name=\"twitter:card\" content=\"summary_large_image\" \/>\n<meta name=\"twitter:site\" content=\"@talkpalai\" \/>\n<meta name=\"twitter:label1\" content=\"Odhadovan\u00e1 doba \u010dten\u00ed\" \/>\n\t<meta name=\"twitter:data1\" content=\"3 minuty\" \/>\n<script type=\"application\/ld+json\" class=\"yoast-schema-graph\">{\"@context\":\"https:\/\/schema.org\",\"@graph\":[{\"@type\":\"WebPage\",\"@id\":\"https:\/\/talkpal.ai\/cs\/cviceni-svahilske-gramatiky\/\",\"url\":\"https:\/\/talkpal.ai\/cs\/cviceni-svahilske-gramatiky\/\",\"name\":\"Cvi\u010den\u00ed svahilsk\u00e9 gramatiky - Talkpal\",\"isPartOf\":{\"@id\":\"https:\/\/talkpal.ai\/cs\/#website\"},\"primaryImageOfPage\":{\"@id\":\"https:\/\/talkpal.ai\/cs\/cviceni-svahilske-gramatiky\/#primaryimage\"},\"image\":{\"@id\":\"https:\/\/talkpal.ai\/cs\/cviceni-svahilske-gramatiky\/#primaryimage\"},\"thumbnailUrl\":\"https:\/\/talkpal.ai\/wp-content\/uploads\/2023\/05\/Swahili-tanzania.png\",\"datePublished\":\"2023-06-28T14:00:55+00:00\",\"dateModified\":\"2025-12-17T09:50:09+00:00\",\"description\":\"Prozkoumejte poutav\u00e1 svahilsk\u00e1 gramatick\u00e1 cvi\u010den\u00ed, kter\u00e1 zlep\u0161\u00ed va\u0161e jazykov\u00e9 dovednosti a porozum\u011bn\u00ed svahil\u0161tin\u011b.\",\"breadcrumb\":{\"@id\":\"https:\/\/talkpal.ai\/cs\/cviceni-svahilske-gramatiky\/#breadcrumb\"},\"inLanguage\":\"cs\",\"potentialAction\":[{\"@type\":\"ReadAction\",\"target\":[\"https:\/\/talkpal.ai\/cs\/cviceni-svahilske-gramatiky\/\"]}]},{\"@type\":\"ImageObject\",\"inLanguage\":\"cs\",\"@id\":\"https:\/\/talkpal.ai\/cs\/cviceni-svahilske-gramatiky\/#primaryimage\",\"url\":\"https:\/\/talkpal.ai\/wp-content\/uploads\/2023\/05\/Swahili-tanzania.png\",\"contentUrl\":\"https:\/\/talkpal.ai\/wp-content\/uploads\/2023\/05\/Swahili-tanzania.png\",\"width\":512,\"height\":512},{\"@type\":\"BreadcrumbList\",\"@id\":\"https:\/\/talkpal.ai\/cs\/cviceni-svahilske-gramatiky\/#breadcrumb\",\"itemListElement\":[{\"@type\":\"ListItem\",\"position\":1,\"name\":\"Homepage\",\"item\":\"https:\/\/talkpal.ai\/cs\/\"},{\"@type\":\"ListItem\",\"position\":2,\"name\":\"Cvi\u010den\u00ed svahilsk\u00e9 gramatiky\"}]},{\"@type\":\"WebSite\",\"@id\":\"https:\/\/talkpal.ai\/cs\/#website\",\"url\":\"https:\/\/talkpal.ai\/cs\/\",\"name\":\"Talkpal\",\"description\":\"AI Language Learning\",\"publisher\":{\"@id\":\"https:\/\/talkpal.ai\/cs\/#organization\"},\"alternateName\":\"Talkpal AI\",\"potentialAction\":[{\"@type\":\"SearchAction\",\"target\":{\"@type\":\"EntryPoint\",\"urlTemplate\":\"https:\/\/talkpal.ai\/cs\/?s={search_term_string}\"},\"query-input\":{\"@type\":\"PropertyValueSpecification\",\"valueRequired\":true,\"valueName\":\"search_term_string\"}}],\"inLanguage\":\"cs\"},{\"@type\":\"Organization\",\"@id\":\"https:\/\/talkpal.ai\/cs\/#organization\",\"name\":\"Talkpal, Inc.\",\"alternateName\":\"Talkpal AI\",\"url\":\"https:\/\/talkpal.ai\/cs\/\",\"logo\":{\"@type\":\"ImageObject\",\"inLanguage\":\"cs\",\"@id\":\"https:\/\/talkpal.ai\/cs\/#\/schema\/logo\/image\/\",\"url\":\"https:\/\/talkpal.ai\/wp-content\/uploads\/2024\/03\/Talkpal-Logo-Icon.png\",\"contentUrl\":\"https:\/\/talkpal.ai\/wp-content\/uploads\/2024\/03\/Talkpal-Logo-Icon.png\",\"width\":2880,\"height\":2880,\"caption\":\"Talkpal, Inc.\"},\"image\":{\"@id\":\"https:\/\/talkpal.ai\/cs\/#\/schema\/logo\/image\/\"},\"sameAs\":[\"https:\/\/www.facebook.com\/profile.php?id=100090733639311\",\"https:\/\/x.com\/talkpalai\",\"https:\/\/www.linkedin.com\/company\/talkpal\/\",\"https:\/\/www.youtube.com\/@TalkPal\/\",\"https:\/\/www.tiktok.com\/@talkpal\",\"https:\/\/www.instagram.com\/talkpal_ai\/\",\"https:\/\/www.crunchbase.com\/organization\/talkpal-9cde\",\"https:\/\/www.g2.com\/products\/talkpal-for-business\/\",\"https:\/\/www.trustpilot.com\/review\/talkpal.ai\",\"https:\/\/www.capterra.com\/p\/10006800\/TalkPal\/\"],\"description\":\"Talkpal is a language learning web and mobile education app, powered by the latest AI technologies, that provides engaging experiences to its customers in many different languages to help them improve their language skills. Users can chat about unlimited amount of topics with the app and use other modes to practice their language learning.\",\"email\":\"support@talkpal.ai\",\"legalName\":\"Talkpal, Inc.\",\"foundingDate\":\"2023-04-03\",\"duns\":\"118989042\",\"numberOfEmployees\":{\"@type\":\"QuantitativeValue\",\"minValue\":\"11\",\"maxValue\":\"50\"},\"publishingPrinciples\":\"https:\/\/talkpal.ai\/publishing-principles\/\",\"actionableFeedbackPolicy\":\"https:\/\/talkpal.ai\/actionable-feedback-policy\/\",\"correctionsPolicy\":\"https:\/\/talkpal.ai\/corrections-policy\/\",\"ethicsPolicy\":\"https:\/\/talkpal.ai\/ethics-policy\/\",\"diversityPolicy\":\"https:\/\/talkpal.ai\/diversity-policy\/\",\"diversityStaffingReport\":\"https:\/\/talkpal.ai\/diversity-policy\/\"}]}<\/script>\n<!-- \/ Yoast SEO Premium plugin. -->","yoast_head_json":{"title":"Cvi\u010den\u00ed svahilsk\u00e9 gramatiky - Talkpal","description":"Prozkoumejte poutav\u00e1 svahilsk\u00e1 gramatick\u00e1 cvi\u010den\u00ed, kter\u00e1 zlep\u0161\u00ed va\u0161e jazykov\u00e9 dovednosti a porozum\u011bn\u00ed svahil\u0161tin\u011b.","robots":{"index":"index","follow":"follow","max-snippet":"max-snippet:-1","max-image-preview":"max-image-preview:large","max-video-preview":"max-video-preview:-1"},"canonical":"https:\/\/talkpal.ai\/cs\/cviceni-svahilske-gramatiky\/","og_locale":"cs_CZ","og_type":"article","og_title":"Cvi\u010den\u00ed svahilsk\u00e9 gramatiky","og_description":"T\u00e9mata svahilsk\u00e9 gramatiky U\u010den\u00ed svahil\u0161tiny je vzru\u0161uj\u00edc\u00ed cesta do jednoho z nejroz\u0161\u00ed\u0159en\u011bj\u0161\u00edch jazyk\u016f v Africe. Jedn\u00e1 se o bantusk\u00fd jazyk, kter\u00fdm se","og_url":"https:\/\/talkpal.ai\/cs\/cviceni-svahilske-gramatiky\/","og_site_name":"Talkpal","article_publisher":"https:\/\/www.facebook.com\/profile.php?id=100090733639311","article_modified_time":"2025-12-17T09:50:09+00:00","og_image":[{"width":512,"height":512,"url":"https:\/\/talkpal.ai\/wp-content\/uploads\/2023\/05\/Swahili-tanzania.png","type":"image\/png"}],"twitter_card":"summary_large_image","twitter_site":"@talkpalai","twitter_misc":{"Odhadovan\u00e1 doba \u010dten\u00ed":"3 minuty"},"schema":{"@context":"https:\/\/schema.org","@graph":[{"@type":"WebPage","@id":"https:\/\/talkpal.ai\/cs\/cviceni-svahilske-gramatiky\/","url":"https:\/\/talkpal.ai\/cs\/cviceni-svahilske-gramatiky\/","name":"Cvi\u010den\u00ed svahilsk\u00e9 gramatiky - Talkpal","isPartOf":{"@id":"https:\/\/talkpal.ai\/cs\/#website"},"primaryImageOfPage":{"@id":"https:\/\/talkpal.ai\/cs\/cviceni-svahilske-gramatiky\/#primaryimage"},"image":{"@id":"https:\/\/talkpal.ai\/cs\/cviceni-svahilske-gramatiky\/#primaryimage"},"thumbnailUrl":"https:\/\/talkpal.ai\/wp-content\/uploads\/2023\/05\/Swahili-tanzania.png","datePublished":"2023-06-28T14:00:55+00:00","dateModified":"2025-12-17T09:50:09+00:00","description":"Prozkoumejte poutav\u00e1 svahilsk\u00e1 gramatick\u00e1 cvi\u010den\u00ed, kter\u00e1 zlep\u0161\u00ed va\u0161e jazykov\u00e9 dovednosti a porozum\u011bn\u00ed svahil\u0161tin\u011b.","breadcrumb":{"@id":"https:\/\/talkpal.ai\/cs\/cviceni-svahilske-gramatiky\/#breadcrumb"},"inLanguage":"cs","potentialAction":[{"@type":"ReadAction","target":["https:\/\/talkpal.ai\/cs\/cviceni-svahilske-gramatiky\/"]}]},{"@type":"ImageObject","inLanguage":"cs","@id":"https:\/\/talkpal.ai\/cs\/cviceni-svahilske-gramatiky\/#primaryimage","url":"https:\/\/talkpal.ai\/wp-content\/uploads\/2023\/05\/Swahili-tanzania.png","contentUrl":"https:\/\/talkpal.ai\/wp-content\/uploads\/2023\/05\/Swahili-tanzania.png","width":512,"height":512},{"@type":"BreadcrumbList","@id":"https:\/\/talkpal.ai\/cs\/cviceni-svahilske-gramatiky\/#breadcrumb","itemListElement":[{"@type":"ListItem","position":1,"name":"Homepage","item":"https:\/\/talkpal.ai\/cs\/"},{"@type":"ListItem","position":2,"name":"Cvi\u010den\u00ed svahilsk\u00e9 gramatiky"}]},{"@type":"WebSite","@id":"https:\/\/talkpal.ai\/cs\/#website","url":"https:\/\/talkpal.ai\/cs\/","name":"Talkpal","description":"AI Language Learning","publisher":{"@id":"https:\/\/talkpal.ai\/cs\/#organization"},"alternateName":"Talkpal AI","potentialAction":[{"@type":"SearchAction","target":{"@type":"EntryPoint","urlTemplate":"https:\/\/talkpal.ai\/cs\/?s={search_term_string}"},"query-input":{"@type":"PropertyValueSpecification","valueRequired":true,"valueName":"search_term_string"}}],"inLanguage":"cs"},{"@type":"Organization","@id":"https:\/\/talkpal.ai\/cs\/#organization","name":"Talkpal, Inc.","alternateName":"Talkpal AI","url":"https:\/\/talkpal.ai\/cs\/","logo":{"@type":"ImageObject","inLanguage":"cs","@id":"https:\/\/talkpal.ai\/cs\/#\/schema\/logo\/image\/","url":"https:\/\/talkpal.ai\/wp-content\/uploads\/2024\/03\/Talkpal-Logo-Icon.png","contentUrl":"https:\/\/talkpal.ai\/wp-content\/uploads\/2024\/03\/Talkpal-Logo-Icon.png","width":2880,"height":2880,"caption":"Talkpal, Inc."},"image":{"@id":"https:\/\/talkpal.ai\/cs\/#\/schema\/logo\/image\/"},"sameAs":["https:\/\/www.facebook.com\/profile.php?id=100090733639311","https:\/\/x.com\/talkpalai","https:\/\/www.linkedin.com\/company\/talkpal\/","https:\/\/www.youtube.com\/@TalkPal\/","https:\/\/www.tiktok.com\/@talkpal","https:\/\/www.instagram.com\/talkpal_ai\/","https:\/\/www.crunchbase.com\/organization\/talkpal-9cde","https:\/\/www.g2.com\/products\/talkpal-for-business\/","https:\/\/www.trustpilot.com\/review\/talkpal.ai","https:\/\/www.capterra.com\/p\/10006800\/TalkPal\/"],"description":"Talkpal is a language learning web and mobile education app, powered by the latest AI technologies, that provides engaging experiences to its customers in many different languages to help them improve their language skills. Users can chat about unlimited amount of topics with the app and use other modes to practice their language learning.","email":"support@talkpal.ai","legalName":"Talkpal, Inc.","foundingDate":"2023-04-03","duns":"118989042","numberOfEmployees":{"@type":"QuantitativeValue","minValue":"11","maxValue":"50"},"publishingPrinciples":"https:\/\/talkpal.ai\/publishing-principles\/","actionableFeedbackPolicy":"https:\/\/talkpal.ai\/actionable-feedback-policy\/","correctionsPolicy":"https:\/\/talkpal.ai\/corrections-policy\/","ethicsPolicy":"https:\/\/talkpal.ai\/ethics-policy\/","diversityPolicy":"https:\/\/talkpal.ai\/diversity-policy\/","diversityStaffingReport":"https:\/\/talkpal.ai\/diversity-policy\/"}]}},"_links":{"self":[{"href":"https:\/\/talkpal.ai\/cs\/wp-json\/wp\/v2\/pages\/156527","targetHints":{"allow":["GET"]}}],"collection":[{"href":"https:\/\/talkpal.ai\/cs\/wp-json\/wp\/v2\/pages"}],"about":[{"href":"https:\/\/talkpal.ai\/cs\/wp-json\/wp\/v2\/types\/page"}],"author":[{"embeddable":true,"href":"https:\/\/talkpal.ai\/cs\/wp-json\/wp\/v2\/users\/6"}],"replies":[{"embeddable":true,"href":"https:\/\/talkpal.ai\/cs\/wp-json\/wp\/v2\/comments?post=156527"}],"version-history":[{"count":0,"href":"https:\/\/talkpal.ai\/cs\/wp-json\/wp\/v2\/pages\/156527\/revisions"}],"wp:featuredmedia":[{"embeddable":true,"href":"https:\/\/talkpal.ai\/cs\/wp-json\/wp\/v2\/media\/119183"}],"wp:attachment":[{"href":"https:\/\/talkpal.ai\/cs\/wp-json\/wp\/v2\/media?parent=156527"}],"curies":[{"name":"wp","href":"https:\/\/api.w.org\/{rel}","templated":true}]}}