{"id":156441,"date":"2023-07-05T10:08:32","date_gmt":"2023-07-05T10:08:32","guid":{"rendered":"http:\/\/talkpal.ai\/tagalska-gramaticka-cviceni\/"},"modified":"2025-12-17T09:51:43","modified_gmt":"2025-12-17T09:51:43","slug":"tagalska-gramaticka-cviceni","status":"publish","type":"page","link":"https:\/\/talkpal.ai\/cs\/tagalska-gramaticka-cviceni\/","title":{"rendered":"Tagalsk\u00e1 gramatick\u00e1 cvi\u010den\u00ed"},"content":{"rendered":"\r\n\r\n\r\n<section class=\"languageChallengeSection\">\r\n    <div class=\"languageInfoWrapper\">\r\n        \r\n        <h1>Tagalsk\u00e1 gramatick\u00e1 cvi\u010den\u00ed<\/h1>\r\n        <p>Chcete si b\u00fdt jist\u011bj\u0161\u00ed v tagal\u0161tin\u011b? Procvi\u010dov\u00e1n\u00ed gramatick\u00fdch cvi\u010den\u00ed je skv\u011bl\u00fd <a href=\"https:\/\/talkpal.ai\/best-way-to-learn\/\">zp\u016fsob<\/a>, jak pochopit strukturu v\u011bty, slovesn\u00e9 tvary a jedine\u010dn\u00e9 vzorce jazyka. Za\u010dn\u011bte pracovat na tagalsk\u00e9 gramatice je\u0161t\u011b dnes a s ka\u017ed\u00fdm dal\u0161\u00edm krokem uvid\u00edte, jak va\u0161e dovednosti a sebed\u016fv\u011bra rostou!<\/p>\r\n\r\n                            <a class=\"getStartedHidden\" href=\"https:\/\/app.talkpal.ai\/cs\/signup?lng=\">Za\u010dni<\/a>\r\n        \r\n    <\/div>\r\n\r\n    <figure>\r\n    <img decoding=\"async\" width=\"768\" height=\"768\" src=\"https:\/\/talkpal.ai\/wp-content\/uploads\/2023\/06\/tagalog-768x768.png\" class=\"languageImage no-lazy\" alt=\"Overcoming challenges in language learning\" fetchpriority=\"high\" sizes=\"(max-width: 768px) 150px, 768px\" srcset=\"https:\/\/talkpal.ai\/wp-content\/uploads\/2023\/06\/tagalog-768x768.png 768w, https:\/\/talkpal.ai\/wp-content\/uploads\/2023\/06\/tagalog-300x300.png 300w\" \/>\r\n    \r\n\r\n    <\/figure>\r\n\r\n            <a class=\"getStartedVisible\" href=\"https:\/\/app.talkpal.ai\/cs\/signup?lng=\">Za\u010dni<\/a>\r\n    \r\n<\/section>\r\n\r\n\r\n<!-- <section class=\"grammarSection\">\r\n    <div class=\"grammarLinks\">\r\n            <\/div>\r\n<\/section> -->\r\n\r\n\r\n\r\n\r\n<section class=\"promotionalBanner\">\r\n    <p class=\"promotionalText\">Nejefektivn\u011bj\u0161\u00ed zp\u016fsob, jak se nau\u010dit jazyk<\/p>\r\n    <a class=\"promotionalLink\" href=\"https:\/\/app.talkpal.ai\/cs\/signup?lng=\">Vyzkou\u0161ejte Talkpal zdarma<\/a>\r\n<\/section>\n<div class=\"wp-block-group pageContainerStyle\"><div class=\"wp-block-group__inner-container is-layout-constrained wp-block-group-is-layout-constrained\">\n<h2 class=\"wp-block-heading\" id=\"h-tagalog-grammar-topics\">T\u00e9mata tagalsk\u00e9 gramatiky<\/h2>\n\n\n\n<p>Nau\u010dit se nov\u00fd jazyk m\u016f\u017ee b\u00fdt vzru\u0161uj\u00edc\u00ed cesta a pro ty, kte\u0159\u00ed se zaj\u00edmaj\u00ed o <a href=\"https:\/\/talkpal.ai\/learn-tagalog\/\">tagalog<\/a>, jazyk, kter\u00fdm se mluv\u00ed na Filip\u00edn\u00e1ch, je znalost gramatiky z\u00e1sadn\u00ed. <a href=\"https:\/\/talkpal.ai\/tagalog-grammar\/\">Tagalsk\u00e1 gramatika<\/a> m\u00e1 sv\u00e9 jedine\u010dn\u00e9 vlastnosti, pokud jde o \u010dasy, slovesa, podstatn\u00e1 jm\u00e9na, \u010dleny, z\u00e1jmena\/determinanty, p\u0159\u00eddavn\u00e1 jm\u00e9na, p\u0159\u00edslovce, podm\u00ednkov\u00e9 v\u011bty, p\u0159edlo\u017eky a v\u011btn\u00e9 struktury. Tato p\u0159\u00edru\u010dka poskytne navrhovanou posloupnost pro v\u00fduku t\u011bchto t\u00e9mat a stru\u010dn\u00fd p\u0159ehled ka\u017ed\u00e9ho z nich.<\/p>\n\n\n\n<h3 class=\"wp-block-heading\" id=\"h-1-nouns\">1. Podstatn\u00e1 jm\u00e9na:<\/h3>\n\n\n\n<p>Za\u010dn\u011bte porozum\u011bn\u00edm podstatn\u00fdm jm\u00e9n\u016fm v tagal\u0161tin\u011b, proto\u017ee jsou z\u00e1kladem jazyka. Seznamte se s obecn\u00fdmi podstatn\u00fdmi jm\u00e9ny, podstatn\u00fdmi jm\u00e9ny specifick\u00fdmi pro rod a jejich tvary mno\u017en\u00e9ho \u010d\u00edsla.<\/p>\n\n\n\n<h3 class=\"wp-block-heading\" id=\"h-2-articles\">2. \u010cl\u00e1nky:<\/h3>\n\n\n\n<p>\u010cl\u00e1nky v tagal\u0161tin\u011b jsou pom\u011brn\u011b jednoduch\u00e9. Nemaj\u00ed pojem ur\u010dit\u00fdch a neur\u010dit\u00fdch \u010dlen\u016f jako <a href=\"https:\/\/talkpal.ai\/learn-english-with-ai\/\">angli\u010dtina<\/a>. M\u00edsto toho pou\u017e\u00edvaj\u00ed zna\u010dky, kter\u00e9 ozna\u010duj\u00ed konkr\u00e9tn\u00ed role ve v\u011bt\u011b.<\/p>\n\n\n\n<h3 class=\"wp-block-heading\" id=\"h-3-pronouns-determiners\">3. Z\u00e1jmena\/determinanty:<\/h3>\n\n\n\n<p>Pou\u017e\u00edvaj\u00ed se k nahrazen\u00ed podstatn\u00fdch jmen ve v\u011bt\u00e1ch, aby se zabr\u00e1nilo redundanci. Seznamte se s r\u016fzn\u00fdmi typy z\u00e1jmen a determin\u00e1tor\u016f v tagal\u0161tin\u011b, mezi kter\u00e9 pat\u0159\u00ed osobn\u00ed, ukazovac\u00ed, p\u0159ivlast\u0148ovac\u00ed a t\u00e1zac\u00ed z\u00e1jmena.<\/p>\n\n\n\n<h3 class=\"wp-block-heading\" id=\"h-4-adjectives\">4. P\u0159\u00eddavn\u00e1 jm\u00e9na:<\/h3>\n\n\n\n<p>P\u0159\u00eddavn\u00e1 jm\u00e9na se pou\u017e\u00edvaj\u00ed k popisu nebo \u00faprav\u011b podstatn\u00fdch jmen. V tagal\u0161tin\u011b obvykle n\u00e1sleduj\u00ed podstatn\u00e9 jm\u00e9no, kter\u00e9 modifikuj\u00ed, co\u017e je opak angli\u010dtiny.<\/p>\n\n\n\n<h3 class=\"wp-block-heading\" id=\"h-5-verbs\">5. Slovesa:<\/h3>\n\n\n\n<p>Kl\u00ed\u010dov\u00e1 sou\u010d\u00e1st ka\u017ed\u00e9ho jazyka. Slovesa v tagal\u0161tin\u011b jsou pro u\u010den\u00ed z\u00e1sadn\u00ed. Slovesa v tagal\u0161tin\u011b maj\u00ed slo\u017eit\u00fd syst\u00e9m se zam\u011b\u0159en\u00edm na d\u011bj, akt\u00e9ra nebo p\u0159edm\u011bt.<\/p>\n\n\n\n<h3 class=\"wp-block-heading\" id=\"h-6-tenses\">6. \u010casy:<\/h3>\n\n\n\n<p>Jakmile porozum\u00edte tagalsk\u00fdm sloves\u016fm, m\u016f\u017eete se pono\u0159it do \u010das\u016f. Tagal\u0161tina m\u00e1 t\u0159i z\u00e1kladn\u00ed \u010dasy: minulost, p\u0159\u00edtomnost a budoucnost.<\/p>\n\n\n\n<h3 class=\"wp-block-heading\" id=\"h-7-tense-comparison\">7. Srovn\u00e1n\u00ed \u010das\u016f:<\/h3>\n\n\n\n<p>Jedn\u00e1 se o porovn\u00e1v\u00e1n\u00ed r\u016fzn\u00fdch \u010das\u016f ve stejn\u00e9 v\u011bt\u011b nebo kontextu. Pochopen\u00ed tohoto stavu vy\u017eaduje dobr\u00e9 pochopen\u00ed jednotliv\u00fdch \u010das\u016f.<\/p>\n\n\n\n<h3 class=\"wp-block-heading\" id=\"h-8-progressive\">8. Progresivn\u00ed:<\/h3>\n\n\n\n<p>To se t\u00fdk\u00e1 akc\u00ed, kter\u00e9 pr\u00e1v\u011b prob\u00edhaj\u00ed. V tagal\u0161tin\u011b se to vyjad\u0159uje opakov\u00e1n\u00edm prvn\u00ed slabiky ko\u0159enov\u00e9ho slovesa.<\/p>\n\n\n\n<h3 class=\"wp-block-heading\" id=\"h-9-perfect-progressive\">9. Perfektn\u00ed progresivn\u00ed:<\/h3>\n\n\n\n<p>Tento \u010das se pou\u017e\u00edv\u00e1 k popisu akce, kter\u00e1 prob\u00edhala a st\u00e1le prob\u00edh\u00e1. To je v tagal\u0161tin\u011b vyj\u00e1d\u0159eno pomoc\u00ed specifick\u00fdch slovesn\u00fdch tvar\u016f a zna\u010dek.<\/p>\n\n\n\n<h3 class=\"wp-block-heading\" id=\"h-10-adverbs\">10. P\u0159\u00edslovce:<\/h3>\n\n\n\n<p>P\u0159\u00edslovce se pou\u017e\u00edvaj\u00ed k popisu sloves, p\u0159\u00eddavn\u00fdch jmen nebo jin\u00fdch p\u0159\u00edslovc\u00ed. Poskytuj\u00ed dal\u0161\u00ed informace o tom, jak, kdy, kde a do jak\u00e9 m\u00edry se n\u011bco d\u011bje.<\/p>\n\n\n\n<h3 class=\"wp-block-heading\" id=\"h-11-conditionals\">11. Kondicion\u00e1ly:<\/h3>\n\n\n\n<p>Podmi\u0148ovac\u00ed zp\u016fsob se pou\u017e\u00edv\u00e1 k vyj\u00e1d\u0159en\u00ed hypotetick\u00fdch situac\u00ed a jejich mo\u017en\u00fdch v\u00fdsledk\u016f. Zvl\u00e1dnut\u00ed tohoto vy\u017eaduje porozum\u011bn\u00ed slovesn\u00fdm \u010das\u016fm a n\u00e1lad\u00e1m.<\/p>\n\n\n\n<h3 class=\"wp-block-heading\" id=\"h-12-prepositions\">12. P\u0159edlo\u017eky:<\/h3>\n\n\n\n<p>P\u0159edlo\u017eky se pou\u017e\u00edvaj\u00ed k propojen\u00ed podstatn\u00fdch jmen, z\u00e1jmen a fr\u00e1z\u00ed s jin\u00fdmi slovy ve v\u011bt\u011b.<\/p>\n\n\n\n<h3 class=\"wp-block-heading\" id=\"h-13-sentences\">13. V\u011bty:<\/h3>\n\n\n\n<p>Nakonec m\u016f\u017eete <a href=\"https:\/\/talkpal.ai\/ko\/ai-%ec%96%b8%ec%96%b4-%ea%b5%90%ec%82%ac\/\">za\u010d\u00edt<\/a> tvo\u0159it v\u011bty v tagal\u0161tin\u011b. K tomu je t\u0159eba pou\u017e\u00edvat v\u0161echny nau\u010den\u00e9 gramatick\u00e9 jevy ve spr\u00e1vn\u00e9m po\u0159ad\u00ed a se spr\u00e1vn\u00fdmi zna\u010dkami.<\/p>\n<\/div><\/div>\n\r\n<section class=\"learnNavigationSection\">\r\n            \r\n        <a href=\"https:\/\/talkpal.ai\/cs\/naucte-se-tagalstinu\/\">\r\n            <div class=\"learnNavigationWrapper\">\r\n                <div class=\"learnNavigationContent\">\r\n                    <img decoding=\"async\" src=\"https:\/\/talkpal.ai\/wp-content\/uploads\/2024\/08\/Tagalog.jpg\" alt=\"Philippines Flag\">\r\n                    <div>\r\n                        <h4>O u\u010den\u00ed tagalog\u0161tiny<\/h4>\r\n                        <p>Zjist\u011bte v\u0161e o tagalsk\u00e9 gramatice.<\/p>\r\n                    <\/div>\r\n                <\/div>\r\n            <\/div>\r\n        <\/a>\r\n\r\n        \r\n        <a href=\"https:\/\/talkpal.ai\/cs\/tagalska-gramatika\/\">\r\n            <div class=\"learnNavigationWrapper\">\r\n                <div class=\"learnNavigationContent\">\r\n                    <img decoding=\"async\" src=\"https:\/\/talkpal.ai\/wp-content\/uploads\/2024\/08\/Tagalog.jpg\" alt=\"Philippines Flag\">\r\n                    <div>\r\n                        <h4>Lekce tagalsk\u00e9 gramatiky<\/h4>\r\n                        <p>Procvi\u010dte si tagalskou gramatiku.<\/p>\r\n                    <\/div>\r\n                <\/div>\r\n            <\/div>\r\n        <\/a>\r\n\r\n        \r\n        <a href=\"https:\/\/talkpal.ai\/vocabulary_language\/tagalog\/\">\r\n            <div class=\"learnNavigationWrapper\">\r\n                <div class=\"learnNavigationContent\">\r\n                    <img decoding=\"async\" src=\"https:\/\/talkpal.ai\/wp-content\/uploads\/2024\/08\/Tagalog.jpg\" alt=\"Philippines Flag\">\r\n                    <div>\r\n                        <h4>Tagal\u0161tina Slovn\u00ed z\u00e1soba<\/h4>\r\n                        <p>Roz\u0161i\u0159te si slovn\u00ed z\u00e1sobu tagal\u0161tiny.<\/p>\r\n                    <\/div>\r\n                <\/div>\r\n            <\/div>\r\n        <\/a>\r\n\r\n            <\/section>","protected":false},"excerpt":{"rendered":"<p>T\u00e9mata tagalsk\u00e9 gramatiky Nau\u010dit se nov\u00fd jazyk m\u016f\u017ee b\u00fdt vzru\u0161uj\u00edc\u00ed cesta a pro ty, kte\u0159\u00ed se zaj\u00edmaj\u00ed o tagalog, jazyk, kter\u00fdm se mluv\u00ed na Filip\u00edn\u00e1ch, je znalost gramatiky z\u00e1sadn\u00ed. Tagalsk\u00e1 gramatika m\u00e1 sv\u00e9 jedine\u010dn\u00e9 vlastnosti, pokud jde o \u010dasy, slovesa, podstatn\u00e1 jm\u00e9na, \u010dleny, z\u00e1jmena\/determinanty, p\u0159\u00eddavn\u00e1 jm\u00e9na, p\u0159\u00edslovce, podm\u00ednkov\u00e9 v\u011bty, p\u0159edlo\u017eky a v\u011btn\u00e9 struktury. Tato p\u0159\u00edru\u010dka [&hellip;]<\/p>\n","protected":false},"author":6,"featured_media":120000,"parent":0,"menu_order":0,"comment_status":"closed","ping_status":"closed","template":"LearningContentPage.php","meta":{"_acf_changed":false,"footnotes":""},"class_list":["post-156441","page","type-page","status-publish","has-post-thumbnail","hentry"],"acf":[],"yoast_head":"<!-- This site is optimized with the Yoast SEO Premium plugin v27.2 (Yoast SEO v27.2) - https:\/\/yoast.com\/product\/yoast-seo-premium-wordpress\/ -->\n<title>Tagalsk\u00e1 gramatick\u00e1 cvi\u010den\u00ed - Talkpal<\/title>\n<meta name=\"description\" content=\"Objevte poutav\u00e1 gramatick\u00e1 cvi\u010den\u00ed z tagal\u0161tiny, kter\u00e1 rozv\u00edjej\u00ed va\u0161e jazykov\u00e9 dovednosti. Ide\u00e1ln\u00ed pro za\u010d\u00e1te\u010dn\u00edky i pokro\u010dil\u00e9.\" \/>\n<meta name=\"robots\" content=\"index, follow, max-snippet:-1, max-image-preview:large, max-video-preview:-1\" \/>\n<link rel=\"canonical\" href=\"https:\/\/talkpal.ai\/cs\/tagalska-gramaticka-cviceni\/\" \/>\n<meta property=\"og:locale\" content=\"cs_CZ\" \/>\n<meta property=\"og:type\" content=\"article\" \/>\n<meta property=\"og:title\" content=\"Tagalsk\u00e1 gramatick\u00e1 cvi\u010den\u00ed\" \/>\n<meta property=\"og:description\" content=\"T\u00e9mata tagalsk\u00e9 gramatiky Nau\u010dit se nov\u00fd jazyk m\u016f\u017ee b\u00fdt vzru\u0161uj\u00edc\u00ed cesta a pro ty, kte\u0159\u00ed se zaj\u00edmaj\u00ed o tagalog, jazyk, kter\u00fdm se mluv\u00ed na Filip\u00edn\u00e1ch, je\" \/>\n<meta property=\"og:url\" content=\"https:\/\/talkpal.ai\/cs\/tagalska-gramaticka-cviceni\/\" \/>\n<meta property=\"og:site_name\" content=\"Talkpal\" \/>\n<meta property=\"article:publisher\" content=\"https:\/\/www.facebook.com\/profile.php?id=100090733639311\" \/>\n<meta property=\"article:modified_time\" content=\"2025-12-17T09:51:43+00:00\" \/>\n<meta property=\"og:image\" content=\"https:\/\/talkpal.ai\/wp-content\/uploads\/2023\/05\/Tagalog-philippines.png\" \/>\n\t<meta property=\"og:image:width\" content=\"512\" \/>\n\t<meta property=\"og:image:height\" content=\"512\" \/>\n\t<meta property=\"og:image:type\" content=\"image\/png\" \/>\n<meta name=\"twitter:card\" content=\"summary_large_image\" \/>\n<meta name=\"twitter:site\" content=\"@talkpalai\" \/>\n<meta name=\"twitter:label1\" content=\"Odhadovan\u00e1 doba \u010dten\u00ed\" \/>\n\t<meta name=\"twitter:data1\" content=\"3 minuty\" \/>\n<script type=\"application\/ld+json\" class=\"yoast-schema-graph\">{\"@context\":\"https:\/\/schema.org\",\"@graph\":[{\"@type\":\"WebPage\",\"@id\":\"https:\/\/talkpal.ai\/cs\/tagalska-gramaticka-cviceni\/\",\"url\":\"https:\/\/talkpal.ai\/cs\/tagalska-gramaticka-cviceni\/\",\"name\":\"Tagalsk\u00e1 gramatick\u00e1 cvi\u010den\u00ed - Talkpal\",\"isPartOf\":{\"@id\":\"https:\/\/talkpal.ai\/cs\/#website\"},\"primaryImageOfPage\":{\"@id\":\"https:\/\/talkpal.ai\/cs\/tagalska-gramaticka-cviceni\/#primaryimage\"},\"image\":{\"@id\":\"https:\/\/talkpal.ai\/cs\/tagalska-gramaticka-cviceni\/#primaryimage\"},\"thumbnailUrl\":\"https:\/\/talkpal.ai\/wp-content\/uploads\/2023\/05\/Tagalog-philippines.png\",\"datePublished\":\"2023-07-05T10:08:32+00:00\",\"dateModified\":\"2025-12-17T09:51:43+00:00\",\"description\":\"Objevte poutav\u00e1 gramatick\u00e1 cvi\u010den\u00ed z tagal\u0161tiny, kter\u00e1 rozv\u00edjej\u00ed va\u0161e jazykov\u00e9 dovednosti. Ide\u00e1ln\u00ed pro za\u010d\u00e1te\u010dn\u00edky i pokro\u010dil\u00e9.\",\"breadcrumb\":{\"@id\":\"https:\/\/talkpal.ai\/cs\/tagalska-gramaticka-cviceni\/#breadcrumb\"},\"inLanguage\":\"cs\",\"potentialAction\":[{\"@type\":\"ReadAction\",\"target\":[\"https:\/\/talkpal.ai\/cs\/tagalska-gramaticka-cviceni\/\"]}]},{\"@type\":\"ImageObject\",\"inLanguage\":\"cs\",\"@id\":\"https:\/\/talkpal.ai\/cs\/tagalska-gramaticka-cviceni\/#primaryimage\",\"url\":\"https:\/\/talkpal.ai\/wp-content\/uploads\/2023\/05\/Tagalog-philippines.png\",\"contentUrl\":\"https:\/\/talkpal.ai\/wp-content\/uploads\/2023\/05\/Tagalog-philippines.png\",\"width\":512,\"height\":512},{\"@type\":\"BreadcrumbList\",\"@id\":\"https:\/\/talkpal.ai\/cs\/tagalska-gramaticka-cviceni\/#breadcrumb\",\"itemListElement\":[{\"@type\":\"ListItem\",\"position\":1,\"name\":\"Homepage\",\"item\":\"https:\/\/talkpal.ai\/cs\/\"},{\"@type\":\"ListItem\",\"position\":2,\"name\":\"Tagalsk\u00e1 gramatick\u00e1 cvi\u010den\u00ed\"}]},{\"@type\":\"WebSite\",\"@id\":\"https:\/\/talkpal.ai\/cs\/#website\",\"url\":\"https:\/\/talkpal.ai\/cs\/\",\"name\":\"Talkpal\",\"description\":\"AI Language Learning\",\"publisher\":{\"@id\":\"https:\/\/talkpal.ai\/cs\/#organization\"},\"alternateName\":\"Talkpal AI\",\"potentialAction\":[{\"@type\":\"SearchAction\",\"target\":{\"@type\":\"EntryPoint\",\"urlTemplate\":\"https:\/\/talkpal.ai\/cs\/?s={search_term_string}\"},\"query-input\":{\"@type\":\"PropertyValueSpecification\",\"valueRequired\":true,\"valueName\":\"search_term_string\"}}],\"inLanguage\":\"cs\"},{\"@type\":\"Organization\",\"@id\":\"https:\/\/talkpal.ai\/cs\/#organization\",\"name\":\"Talkpal, Inc.\",\"alternateName\":\"Talkpal AI\",\"url\":\"https:\/\/talkpal.ai\/cs\/\",\"logo\":{\"@type\":\"ImageObject\",\"inLanguage\":\"cs\",\"@id\":\"https:\/\/talkpal.ai\/cs\/#\/schema\/logo\/image\/\",\"url\":\"https:\/\/talkpal.ai\/wp-content\/uploads\/2024\/03\/Talkpal-Logo-Icon.png\",\"contentUrl\":\"https:\/\/talkpal.ai\/wp-content\/uploads\/2024\/03\/Talkpal-Logo-Icon.png\",\"width\":2880,\"height\":2880,\"caption\":\"Talkpal, Inc.\"},\"image\":{\"@id\":\"https:\/\/talkpal.ai\/cs\/#\/schema\/logo\/image\/\"},\"sameAs\":[\"https:\/\/www.facebook.com\/profile.php?id=100090733639311\",\"https:\/\/x.com\/talkpalai\",\"https:\/\/www.linkedin.com\/company\/talkpal\/\",\"https:\/\/www.youtube.com\/@TalkPal\/\",\"https:\/\/www.tiktok.com\/@talkpal\",\"https:\/\/www.instagram.com\/talkpal_ai\/\",\"https:\/\/www.crunchbase.com\/organization\/talkpal-9cde\",\"https:\/\/www.g2.com\/products\/talkpal-for-business\/\",\"https:\/\/www.trustpilot.com\/review\/talkpal.ai\",\"https:\/\/www.capterra.com\/p\/10006800\/TalkPal\/\"],\"description\":\"Talkpal is a language learning web and mobile education app, powered by the latest AI technologies, that provides engaging experiences to its customers in many different languages to help them improve their language skills. Users can chat about unlimited amount of topics with the app and use other modes to practice their language learning.\",\"email\":\"support@talkpal.ai\",\"legalName\":\"Talkpal, Inc.\",\"foundingDate\":\"2023-04-03\",\"duns\":\"118989042\",\"numberOfEmployees\":{\"@type\":\"QuantitativeValue\",\"minValue\":\"11\",\"maxValue\":\"50\"},\"publishingPrinciples\":\"https:\/\/talkpal.ai\/publishing-principles\/\",\"actionableFeedbackPolicy\":\"https:\/\/talkpal.ai\/actionable-feedback-policy\/\",\"correctionsPolicy\":\"https:\/\/talkpal.ai\/corrections-policy\/\",\"ethicsPolicy\":\"https:\/\/talkpal.ai\/ethics-policy\/\",\"diversityPolicy\":\"https:\/\/talkpal.ai\/diversity-policy\/\",\"diversityStaffingReport\":\"https:\/\/talkpal.ai\/diversity-policy\/\"}]}<\/script>\n<!-- \/ Yoast SEO Premium plugin. -->","yoast_head_json":{"title":"Tagalsk\u00e1 gramatick\u00e1 cvi\u010den\u00ed - Talkpal","description":"Objevte poutav\u00e1 gramatick\u00e1 cvi\u010den\u00ed z tagal\u0161tiny, kter\u00e1 rozv\u00edjej\u00ed va\u0161e jazykov\u00e9 dovednosti. Ide\u00e1ln\u00ed pro za\u010d\u00e1te\u010dn\u00edky i pokro\u010dil\u00e9.","robots":{"index":"index","follow":"follow","max-snippet":"max-snippet:-1","max-image-preview":"max-image-preview:large","max-video-preview":"max-video-preview:-1"},"canonical":"https:\/\/talkpal.ai\/cs\/tagalska-gramaticka-cviceni\/","og_locale":"cs_CZ","og_type":"article","og_title":"Tagalsk\u00e1 gramatick\u00e1 cvi\u010den\u00ed","og_description":"T\u00e9mata tagalsk\u00e9 gramatiky Nau\u010dit se nov\u00fd jazyk m\u016f\u017ee b\u00fdt vzru\u0161uj\u00edc\u00ed cesta a pro ty, kte\u0159\u00ed se zaj\u00edmaj\u00ed o tagalog, jazyk, kter\u00fdm se mluv\u00ed na Filip\u00edn\u00e1ch, je","og_url":"https:\/\/talkpal.ai\/cs\/tagalska-gramaticka-cviceni\/","og_site_name":"Talkpal","article_publisher":"https:\/\/www.facebook.com\/profile.php?id=100090733639311","article_modified_time":"2025-12-17T09:51:43+00:00","og_image":[{"width":512,"height":512,"url":"https:\/\/talkpal.ai\/wp-content\/uploads\/2023\/05\/Tagalog-philippines.png","type":"image\/png"}],"twitter_card":"summary_large_image","twitter_site":"@talkpalai","twitter_misc":{"Odhadovan\u00e1 doba \u010dten\u00ed":"3 minuty"},"schema":{"@context":"https:\/\/schema.org","@graph":[{"@type":"WebPage","@id":"https:\/\/talkpal.ai\/cs\/tagalska-gramaticka-cviceni\/","url":"https:\/\/talkpal.ai\/cs\/tagalska-gramaticka-cviceni\/","name":"Tagalsk\u00e1 gramatick\u00e1 cvi\u010den\u00ed - Talkpal","isPartOf":{"@id":"https:\/\/talkpal.ai\/cs\/#website"},"primaryImageOfPage":{"@id":"https:\/\/talkpal.ai\/cs\/tagalska-gramaticka-cviceni\/#primaryimage"},"image":{"@id":"https:\/\/talkpal.ai\/cs\/tagalska-gramaticka-cviceni\/#primaryimage"},"thumbnailUrl":"https:\/\/talkpal.ai\/wp-content\/uploads\/2023\/05\/Tagalog-philippines.png","datePublished":"2023-07-05T10:08:32+00:00","dateModified":"2025-12-17T09:51:43+00:00","description":"Objevte poutav\u00e1 gramatick\u00e1 cvi\u010den\u00ed z tagal\u0161tiny, kter\u00e1 rozv\u00edjej\u00ed va\u0161e jazykov\u00e9 dovednosti. Ide\u00e1ln\u00ed pro za\u010d\u00e1te\u010dn\u00edky i pokro\u010dil\u00e9.","breadcrumb":{"@id":"https:\/\/talkpal.ai\/cs\/tagalska-gramaticka-cviceni\/#breadcrumb"},"inLanguage":"cs","potentialAction":[{"@type":"ReadAction","target":["https:\/\/talkpal.ai\/cs\/tagalska-gramaticka-cviceni\/"]}]},{"@type":"ImageObject","inLanguage":"cs","@id":"https:\/\/talkpal.ai\/cs\/tagalska-gramaticka-cviceni\/#primaryimage","url":"https:\/\/talkpal.ai\/wp-content\/uploads\/2023\/05\/Tagalog-philippines.png","contentUrl":"https:\/\/talkpal.ai\/wp-content\/uploads\/2023\/05\/Tagalog-philippines.png","width":512,"height":512},{"@type":"BreadcrumbList","@id":"https:\/\/talkpal.ai\/cs\/tagalska-gramaticka-cviceni\/#breadcrumb","itemListElement":[{"@type":"ListItem","position":1,"name":"Homepage","item":"https:\/\/talkpal.ai\/cs\/"},{"@type":"ListItem","position":2,"name":"Tagalsk\u00e1 gramatick\u00e1 cvi\u010den\u00ed"}]},{"@type":"WebSite","@id":"https:\/\/talkpal.ai\/cs\/#website","url":"https:\/\/talkpal.ai\/cs\/","name":"Talkpal","description":"AI Language Learning","publisher":{"@id":"https:\/\/talkpal.ai\/cs\/#organization"},"alternateName":"Talkpal AI","potentialAction":[{"@type":"SearchAction","target":{"@type":"EntryPoint","urlTemplate":"https:\/\/talkpal.ai\/cs\/?s={search_term_string}"},"query-input":{"@type":"PropertyValueSpecification","valueRequired":true,"valueName":"search_term_string"}}],"inLanguage":"cs"},{"@type":"Organization","@id":"https:\/\/talkpal.ai\/cs\/#organization","name":"Talkpal, Inc.","alternateName":"Talkpal AI","url":"https:\/\/talkpal.ai\/cs\/","logo":{"@type":"ImageObject","inLanguage":"cs","@id":"https:\/\/talkpal.ai\/cs\/#\/schema\/logo\/image\/","url":"https:\/\/talkpal.ai\/wp-content\/uploads\/2024\/03\/Talkpal-Logo-Icon.png","contentUrl":"https:\/\/talkpal.ai\/wp-content\/uploads\/2024\/03\/Talkpal-Logo-Icon.png","width":2880,"height":2880,"caption":"Talkpal, Inc."},"image":{"@id":"https:\/\/talkpal.ai\/cs\/#\/schema\/logo\/image\/"},"sameAs":["https:\/\/www.facebook.com\/profile.php?id=100090733639311","https:\/\/x.com\/talkpalai","https:\/\/www.linkedin.com\/company\/talkpal\/","https:\/\/www.youtube.com\/@TalkPal\/","https:\/\/www.tiktok.com\/@talkpal","https:\/\/www.instagram.com\/talkpal_ai\/","https:\/\/www.crunchbase.com\/organization\/talkpal-9cde","https:\/\/www.g2.com\/products\/talkpal-for-business\/","https:\/\/www.trustpilot.com\/review\/talkpal.ai","https:\/\/www.capterra.com\/p\/10006800\/TalkPal\/"],"description":"Talkpal is a language learning web and mobile education app, powered by the latest AI technologies, that provides engaging experiences to its customers in many different languages to help them improve their language skills. Users can chat about unlimited amount of topics with the app and use other modes to practice their language learning.","email":"support@talkpal.ai","legalName":"Talkpal, Inc.","foundingDate":"2023-04-03","duns":"118989042","numberOfEmployees":{"@type":"QuantitativeValue","minValue":"11","maxValue":"50"},"publishingPrinciples":"https:\/\/talkpal.ai\/publishing-principles\/","actionableFeedbackPolicy":"https:\/\/talkpal.ai\/actionable-feedback-policy\/","correctionsPolicy":"https:\/\/talkpal.ai\/corrections-policy\/","ethicsPolicy":"https:\/\/talkpal.ai\/ethics-policy\/","diversityPolicy":"https:\/\/talkpal.ai\/diversity-policy\/","diversityStaffingReport":"https:\/\/talkpal.ai\/diversity-policy\/"}]}},"_links":{"self":[{"href":"https:\/\/talkpal.ai\/cs\/wp-json\/wp\/v2\/pages\/156441","targetHints":{"allow":["GET"]}}],"collection":[{"href":"https:\/\/talkpal.ai\/cs\/wp-json\/wp\/v2\/pages"}],"about":[{"href":"https:\/\/talkpal.ai\/cs\/wp-json\/wp\/v2\/types\/page"}],"author":[{"embeddable":true,"href":"https:\/\/talkpal.ai\/cs\/wp-json\/wp\/v2\/users\/6"}],"replies":[{"embeddable":true,"href":"https:\/\/talkpal.ai\/cs\/wp-json\/wp\/v2\/comments?post=156441"}],"version-history":[{"count":0,"href":"https:\/\/talkpal.ai\/cs\/wp-json\/wp\/v2\/pages\/156441\/revisions"}],"wp:featuredmedia":[{"embeddable":true,"href":"https:\/\/talkpal.ai\/cs\/wp-json\/wp\/v2\/media\/120000"}],"wp:attachment":[{"href":"https:\/\/talkpal.ai\/cs\/wp-json\/wp\/v2\/media?parent=156441"}],"curies":[{"name":"wp","href":"https:\/\/api.w.org\/{rel}","templated":true}]}}