{"id":156093,"date":"2023-07-05T10:17:13","date_gmt":"2023-07-05T10:17:13","guid":{"rendered":"http:\/\/talkpal.ai\/cviceni-tamilske-gramatiky\/"},"modified":"2025-12-17T15:02:56","modified_gmt":"2025-12-17T15:02:56","slug":"cviceni-tamilske-gramatiky","status":"publish","type":"page","link":"https:\/\/talkpal.ai\/cs\/cviceni-tamilske-gramatiky\/","title":{"rendered":"Cvi\u010den\u00ed tamilsk\u00e9 gramatiky"},"content":{"rendered":"\r\n\r\n\r\n<section class=\"languageChallengeSection\">\r\n    <div class=\"languageInfoWrapper\">\r\n        \r\n        <h1>Cvi\u010den\u00ed tamilsk\u00e9 gramatiky<\/h1>\r\n        <p>Pokud chcete zvl\u00e1dnout tamil\u0161tinu, je procvi\u010dov\u00e1n\u00ed gramatiky pomoc\u00ed c\u00edlen\u00fdch cvi\u010den\u00ed kl\u00ed\u010dov\u00fdm krokem na va\u0161\u00ed cest\u011b. Za\u010dn\u011bte je\u0161t\u011b dnes, vyzkou\u0161ejte si nov\u00e9 gramatick\u00e9 vzorce a sledujte, jak va\u0161e znalosti tamil\u0161tiny rostou s ka\u017ed\u00fdm cvi\u010den\u00edm!<\/p>\r\n\r\n                            <a class=\"getStartedHidden\" href=\"https:\/\/app.talkpal.ai\/cs\/signup?lng=\">Za\u010dni<\/a>\r\n        \r\n    <\/div>\r\n\r\n    <figure>\r\n    <img decoding=\"async\" width=\"768\" height=\"768\" src=\"https:\/\/talkpal.ai\/wp-content\/uploads\/2023\/06\/tamil-768x768.png\" class=\"languageImage no-lazy\" alt=\"Language learning for enhanced creativity\" fetchpriority=\"high\" sizes=\"(max-width: 768px) 150px, 768px\" srcset=\"https:\/\/talkpal.ai\/wp-content\/uploads\/2023\/06\/tamil-768x768.png 768w, https:\/\/talkpal.ai\/wp-content\/uploads\/2023\/06\/tamil-300x300.png 300w\" \/>\r\n    \r\n\r\n    <\/figure>\r\n\r\n            <a class=\"getStartedVisible\" href=\"https:\/\/app.talkpal.ai\/cs\/signup?lng=\">Za\u010dni<\/a>\r\n    \r\n<\/section>\r\n\r\n\r\n<!-- <section class=\"grammarSection\">\r\n    <div class=\"grammarLinks\">\r\n            <\/div>\r\n<\/section> -->\r\n\r\n\r\n\r\n\r\n<section class=\"promotionalBanner\">\r\n    <p class=\"promotionalText\">Nejefektivn\u011bj\u0161\u00ed <a href=\"https:\/\/talkpal.ai\/best-way-to-learn\/\">zp\u016fsob<\/a>, jak se nau\u010dit jazyk<\/p>\r\n    <a class=\"promotionalLink\" href=\"https:\/\/app.talkpal.ai\/cs\/signup?lng=\">Vyzkou\u0161ejte Talkpal zdarma<\/a>\r\n<\/section>\n<div class=\"wp-block-group pageContainerStyle\"><div class=\"wp-block-group__inner-container is-layout-constrained wp-block-group-is-layout-constrained\">\n<h2 class=\"wp-block-heading\" id=\"h-tamil-grammar-topics\">T\u00e9mata tamilsk\u00e9 gramatiky<\/h2>\n\n\n\n<p><a href=\"https:\/\/talkpal.ai\/learn-tamil\/\">Tamil\u0161tina<\/a> je \u017eiv\u00fd a bohat\u00fd jazyk, kter\u00fdm se mluv\u00ed p\u0159edev\u0161\u00edm v ji\u017en\u00ed Indii a na Sr\u00ed Lance. Je zn\u00e1m\u00fd sv\u00fdm jedine\u010dn\u00fdm p\u00edsmem a slo\u017eit\u00fdm gramatick\u00fdm syst\u00e9mem. U\u010den\u00ed tamil\u0161tiny m\u016f\u017ee b\u00fdt fascinuj\u00edc\u00ed z\u00e1\u017eitek, ale vy\u017eaduje strukturovan\u00fd p\u0159\u00edstup k pochopen\u00ed jej\u00ed gramatiky. To zahrnuje porozum\u011bn\u00ed \u010das\u016fm, sloves\u016fm, podstatn\u00fdm jm\u00e9n\u016fm, \u010dlen\u016fm, z\u00e1jmen\u016fm\/determinant\u016fm, p\u0159\u00eddavn\u00fdm jm\u00e9n\u016fm, p\u0159\u00edslovc\u00edm, podm\u00ednkov\u00fdm v\u011bt\u00e1m, p\u0159edlo\u017ek\u00e1m a v\u011btn\u00fdm struktur\u00e1m.<\/p>\n\n\n\n<h3 class=\"wp-block-heading\" id=\"h-1-nouns\">1. Podstatn\u00e1 jm\u00e9na:<\/h3>\n\n\n\n<p>Za\u010dn\u011bte sv\u00e9 u\u010den\u00ed tamil\u0161tiny podstatn\u00fdmi jm\u00e9ny, proto\u017ee jsou stavebn\u00edmi kameny ka\u017ed\u00e9ho jazyka. V tamil\u0161tin\u011b se podstatn\u00e1 jm\u00e9na d\u011bl\u00ed do dvou kategori\u00ed: uyirmei (\u017eiv\u00fd) a mei (ne\u017eiv\u00fd). Maj\u00ed tak\u00e9 r\u016fzn\u00e9 sklo\u0148ov\u00e1n\u00ed na z\u00e1klad\u011b \u010d\u00edsla a p\u00e1du.<\/p>\n\n\n\n<h3 class=\"wp-block-heading\" id=\"h-2-pronouns-determiners\">2. Z\u00e1jmena\/determinanty:<\/h3>\n\n\n\n<p>Po zvl\u00e1dnut\u00ed podstatn\u00fdch jmen p\u0159ejd\u011bte k z\u00e1jmen\u016fm a determinant\u016fm. Pou\u017e\u00edvaj\u00ed se k ozna\u010den\u00ed n\u011bkoho nebo n\u011b\u010deho ji\u017e zm\u00edn\u011bn\u00e9ho nebo snadno identifikovateln\u00e9ho. V tamil\u0161tin\u011b jsou z\u00e1jmena genderov\u011b neutr\u00e1ln\u00ed a sklo\u0148uj\u00ed se pro \u010d\u00edslo a p\u00e1d.<\/p>\n\n\n\n<h3 class=\"wp-block-heading\" id=\"h-3-verbs\">3. Slovesa:<\/h3>\n\n\n\n<p>Slovesa v tamil\u0161tin\u011b se d\u011bl\u00ed do dvou kategori\u00ed: p\u0159echodn\u00e1 a nep\u0159echodn\u00e1 slovesa. Pochopen\u00ed toho, jak funguj\u00ed, je z\u00e1sadn\u00ed, proto\u017ee ozna\u010duj\u00ed d\u011bj ve v\u011bt\u011b.<\/p>\n\n\n\n<h3 class=\"wp-block-heading\" id=\"h-4-tenses\">4. \u010casy:<\/h3>\n\n\n\n<p>Tamil\u0161tina m\u00e1 t\u0159i z\u00e1kladn\u00ed \u010dasy: minulost, p\u0159\u00edtomnost a budoucnost. Ka\u017ed\u00fd \u010das m\u00e1 r\u016fzn\u00e9 tvary pro jednotn\u00e9 a mno\u017en\u00e9 \u010d\u00edslo a tak\u00e9 pro r\u016fzn\u00e9 osoby. Pochopen\u00ed t\u011bchto zm\u011bn je d\u016fle\u017eit\u00e9 pro spr\u00e1vn\u00e9 tvo\u0159en\u00ed v\u011bt.<\/p>\n\n\n\n<h3 class=\"wp-block-heading\" id=\"h-5-tense-comparison\">5. Srovn\u00e1n\u00ed \u010das\u016f:<\/h3>\n\n\n\n<p>Jakmile porozum\u00edte z\u00e1kladn\u00edm \u010das\u016fm, m\u016f\u017eete p\u0159ej\u00edt k porovn\u00e1v\u00e1n\u00ed \u010das\u016f. To vy\u017eaduje porovn\u00e1v\u00e1n\u00ed r\u016fzn\u00fdch akc\u00ed v r\u016fzn\u00fdch \u010dasech, co\u017e je z\u00e1sadn\u00ed pro pokro\u010dil\u00e9 pou\u017e\u00edv\u00e1n\u00ed jazyka.<\/p>\n\n\n\n<h3 class=\"wp-block-heading\" id=\"h-6-adjectives\">6. P\u0159\u00eddavn\u00e1 jm\u00e9na:<\/h3>\n\n\n\n<p>P\u0159\u00eddavn\u00e1 jm\u00e9na v tamil\u0161tin\u011b, stejn\u011b jako v angli\u010dtin\u011b, popisuj\u00ed nebo modifikuj\u00ed podstatn\u00e1 jm\u00e9na. Souhlas\u00ed s podstatn\u00fdm jm\u00e9nem, kter\u00e9 upravuj\u00ed v p\u0159\u00edpad\u011b velk\u00fdch a mal\u00fdch p\u00edsmen, \u010d\u00edsla a rodu.<\/p>\n\n\n\n<h3 class=\"wp-block-heading\" id=\"h-7-articles\">7. \u010cl\u00e1nky:<\/h3>\n\n\n\n<p>Tamil\u0161tina nem\u00e1 ur\u010dit\u00e9 ani neur\u010dit\u00e9 \u010dleny jako &#8222;a&#8220;, &#8222;an&#8220; nebo &#8222;the&#8220;. Pro tvorbu v\u011bt je v\u0161ak d\u016fle\u017eit\u00e9 pochopit, jak je nahradit.<\/p>\n\n\n\n<h3 class=\"wp-block-heading\" id=\"h-8-adverbs\">8. P\u0159\u00edslovce:<\/h3>\n\n\n\n<p>P\u0159\u00edslovce modifikuj\u00ed slovesa, p\u0159\u00eddavn\u00e1 jm\u00e9na nebo jin\u00e1 p\u0159\u00edslovce. Mohou vyj\u00e1d\u0159it zp\u016fsob, m\u00edsto, \u010das, frekvenci, stupe\u0148 a dal\u0161\u00ed.<\/p>\n\n\n\n<h3 class=\"wp-block-heading\" id=\"h-9-prepositions\">9. P\u0159edlo\u017eky:<\/h3>\n\n\n\n<p>P\u0159edlo\u017eky se pou\u017e\u00edvaj\u00ed k propojen\u00ed podstatn\u00fdch jmen, z\u00e1jmen nebo fr\u00e1z\u00ed s jin\u00fdmi slovy ve v\u011bt\u011b. Vyjad\u0159uj\u00ed vztahy m\u00edsta, sm\u011bru, \u010dasu, zp\u016fsobu, p\u0159\u00ed\u010diny a stupn\u011b.<\/p>\n\n\n\n<h3 class=\"wp-block-heading\" id=\"h-10-conditionals\">10. Kondicion\u00e1ly:<\/h3>\n\n\n\n<p>Podmi\u0148ovac\u00ed zp\u016fsob jsou v\u011bty vyjad\u0159uj\u00edc\u00ed hypotetick\u00e9 situace a jejich d\u016fsledky. V tamil\u0161tin\u011b jsou kondicion\u00e1ly tvo\u0159eny specifick\u00fdmi slovesn\u00fdmi tvary a spojkami.<\/p>\n\n\n\n<h3 class=\"wp-block-heading\" id=\"h-11-progressive-and-perfect-progressive\">11. Progresivn\u00ed a dokonale progresivn\u00ed:<\/h3>\n\n\n\n<p>Jedn\u00e1 se o aspekty \u010das\u016f, kter\u00e9 ozna\u010duj\u00ed prob\u00edhaj\u00edc\u00ed akce nebo akce, kter\u00e9 prob\u00edhaly, ale nyn\u00ed jsou dokon\u010deny. Jsou nezbytn\u00e9 pro vyj\u00e1d\u0159en\u00ed trv\u00e1n\u00ed a kontinuity akc\u00ed.<\/p>\n\n\n\n<h3 class=\"wp-block-heading\" id=\"h-12-sentences\">12. V\u011bty:<\/h3>\n\n\n\n<p>V neposledn\u00ed \u0159ad\u011b je d\u016fle\u017eit\u00e9 porozum\u011bt struktu\u0159e v\u011bt v tamil\u0161tin\u011b. Tamil\u0161tina se \u0159\u00edd\u00ed slovosledem podm\u011bt-objekt-sloveso (SOV). Porozum\u011bn\u00ed slo\u017een\u00fdm a slo\u017eit\u00fdm v\u011bt\u00e1m tak\u00e9 zlep\u0161\u00ed va\u0161i celkovou znalost jazyka.<\/p>\n<\/div><\/div>\n\r\n<section class=\"learnNavigationSection\">\r\n            \r\n        <a href=\"https:\/\/talkpal.ai\/cs\/naucte-se-tamilsky\/\">\r\n            <div class=\"learnNavigationWrapper\">\r\n                <div class=\"learnNavigationContent\">\r\n                    <img decoding=\"async\" src=\"https:\/\/talkpal.ai\/wp-content\/uploads\/2024\/08\/Tamil.jpg\" alt=\"Indian Simplified Flag\">\r\n                    <div>\r\n                        <h4>O u\u010den\u00ed tamil\u0161tiny<\/h4>\r\n                        <p>Zjist\u011bte v\u0161e o tamilsk\u00e9 gramatice.<\/p>\r\n                    <\/div>\r\n                <\/div>\r\n            <\/div>\r\n        <\/a>\r\n\r\n        \r\n        <a href=\"https:\/\/talkpal.ai\/cs\/tamilska-gramatika\/\">\r\n            <div class=\"learnNavigationWrapper\">\r\n                <div class=\"learnNavigationContent\">\r\n                    <img decoding=\"async\" src=\"https:\/\/talkpal.ai\/wp-content\/uploads\/2024\/08\/Tamil.jpg\" alt=\"Indian Simplified Flag\">\r\n                    <div>\r\n                        <h4>Lekce tamilsk\u00e9 gramatiky<\/h4>\r\n                        <p>Procvi\u010dte si tamilskou gramatiku.<\/p>\r\n                    <\/div>\r\n                <\/div>\r\n            <\/div>\r\n        <\/a>\r\n\r\n        \r\n        <a href=\"https:\/\/talkpal.ai\/vocabulary_language\/tamil\/\">\r\n            <div class=\"learnNavigationWrapper\">\r\n                <div class=\"learnNavigationContent\">\r\n                    <img decoding=\"async\" src=\"https:\/\/talkpal.ai\/wp-content\/uploads\/2024\/08\/Tamil.jpg\" alt=\"Indian Simplified Flag\">\r\n                    <div>\r\n                        <h4>Tamilsk\u00e1 slovn\u00ed z\u00e1soba<\/h4>\r\n                        <p>Roz\u0161i\u0159te si tamilskou slovn\u00ed z\u00e1sobu.<\/p>\r\n                    <\/div>\r\n                <\/div>\r\n            <\/div>\r\n        <\/a>\r\n\r\n            <\/section>","protected":false},"excerpt":{"rendered":"<p>T\u00e9mata tamilsk\u00e9 gramatiky Tamil\u0161tina je \u017eiv\u00fd a bohat\u00fd jazyk, kter\u00fdm se mluv\u00ed p\u0159edev\u0161\u00edm v ji\u017en\u00ed Indii a na Sr\u00ed Lance. Je zn\u00e1m\u00fd sv\u00fdm jedine\u010dn\u00fdm p\u00edsmem a slo\u017eit\u00fdm gramatick\u00fdm syst\u00e9mem. U\u010den\u00ed tamil\u0161tiny m\u016f\u017ee b\u00fdt fascinuj\u00edc\u00ed z\u00e1\u017eitek, ale vy\u017eaduje strukturovan\u00fd p\u0159\u00edstup k pochopen\u00ed jej\u00ed gramatiky. To zahrnuje porozum\u011bn\u00ed \u010das\u016fm, sloves\u016fm, podstatn\u00fdm jm\u00e9n\u016fm, \u010dlen\u016fm, z\u00e1jmen\u016fm\/determinant\u016fm, p\u0159\u00eddavn\u00fdm jm\u00e9n\u016fm, p\u0159\u00edslovc\u00edm, [&hellip;]<\/p>\n","protected":false},"author":6,"featured_media":120294,"parent":0,"menu_order":0,"comment_status":"closed","ping_status":"closed","template":"LearningContentPage.php","meta":{"_acf_changed":false,"footnotes":""},"class_list":["post-156093","page","type-page","status-publish","has-post-thumbnail","hentry"],"acf":[],"yoast_head":"<!-- This site is optimized with the Yoast SEO Premium plugin v27.2 (Yoast SEO v27.2) - https:\/\/yoast.com\/product\/yoast-seo-premium-wordpress\/ -->\n<title>Cvi\u010den\u00ed tamilsk\u00e9 gramatiky - Talkpal<\/title>\n<meta name=\"description\" content=\"Prozkoumejte efektivn\u00ed tamilsk\u00e1 gramatick\u00e1 cvi\u010den\u00ed, kter\u00e1 zlep\u0161\u00ed va\u0161e jazykov\u00e9 dovednosti a pos\u00edl\u00ed porozum\u011bn\u00ed.\" \/>\n<meta name=\"robots\" content=\"index, follow, max-snippet:-1, max-image-preview:large, max-video-preview:-1\" \/>\n<link rel=\"canonical\" href=\"https:\/\/talkpal.ai\/cs\/cviceni-tamilske-gramatiky\/\" \/>\n<meta property=\"og:locale\" content=\"cs_CZ\" \/>\n<meta property=\"og:type\" content=\"article\" \/>\n<meta property=\"og:title\" content=\"Cvi\u010den\u00ed tamilsk\u00e9 gramatiky\" \/>\n<meta property=\"og:description\" content=\"T\u00e9mata tamilsk\u00e9 gramatiky Tamil\u0161tina je \u017eiv\u00fd a bohat\u00fd jazyk, kter\u00fdm se mluv\u00ed p\u0159edev\u0161\u00edm v ji\u017en\u00ed Indii a na Sr\u00ed Lance. Je zn\u00e1m\u00fd sv\u00fdm jedine\u010dn\u00fdm p\u00edsmem a\" \/>\n<meta property=\"og:url\" content=\"https:\/\/talkpal.ai\/cs\/cviceni-tamilske-gramatiky\/\" \/>\n<meta property=\"og:site_name\" content=\"Talkpal\" \/>\n<meta property=\"article:publisher\" content=\"https:\/\/www.facebook.com\/profile.php?id=100090733639311\" \/>\n<meta property=\"article:modified_time\" content=\"2025-12-17T15:02:56+00:00\" \/>\n<meta property=\"og:image\" content=\"https:\/\/talkpal.ai\/wp-content\/uploads\/2023\/05\/Tamil-india.png\" \/>\n\t<meta property=\"og:image:width\" content=\"512\" \/>\n\t<meta property=\"og:image:height\" content=\"512\" \/>\n\t<meta property=\"og:image:type\" content=\"image\/png\" \/>\n<meta name=\"twitter:card\" content=\"summary_large_image\" \/>\n<meta name=\"twitter:site\" content=\"@talkpalai\" \/>\n<meta name=\"twitter:label1\" content=\"Odhadovan\u00e1 doba \u010dten\u00ed\" \/>\n\t<meta name=\"twitter:data1\" content=\"3 minuty\" \/>\n<script type=\"application\/ld+json\" class=\"yoast-schema-graph\">{\"@context\":\"https:\/\/schema.org\",\"@graph\":[{\"@type\":\"WebPage\",\"@id\":\"https:\/\/talkpal.ai\/cs\/cviceni-tamilske-gramatiky\/\",\"url\":\"https:\/\/talkpal.ai\/cs\/cviceni-tamilske-gramatiky\/\",\"name\":\"Cvi\u010den\u00ed tamilsk\u00e9 gramatiky - Talkpal\",\"isPartOf\":{\"@id\":\"https:\/\/talkpal.ai\/cs\/#website\"},\"primaryImageOfPage\":{\"@id\":\"https:\/\/talkpal.ai\/cs\/cviceni-tamilske-gramatiky\/#primaryimage\"},\"image\":{\"@id\":\"https:\/\/talkpal.ai\/cs\/cviceni-tamilske-gramatiky\/#primaryimage\"},\"thumbnailUrl\":\"https:\/\/talkpal.ai\/wp-content\/uploads\/2023\/05\/Tamil-india.png\",\"datePublished\":\"2023-07-05T10:17:13+00:00\",\"dateModified\":\"2025-12-17T15:02:56+00:00\",\"description\":\"Prozkoumejte efektivn\u00ed tamilsk\u00e1 gramatick\u00e1 cvi\u010den\u00ed, kter\u00e1 zlep\u0161\u00ed va\u0161e jazykov\u00e9 dovednosti a pos\u00edl\u00ed porozum\u011bn\u00ed.\",\"breadcrumb\":{\"@id\":\"https:\/\/talkpal.ai\/cs\/cviceni-tamilske-gramatiky\/#breadcrumb\"},\"inLanguage\":\"cs\",\"potentialAction\":[{\"@type\":\"ReadAction\",\"target\":[\"https:\/\/talkpal.ai\/cs\/cviceni-tamilske-gramatiky\/\"]}]},{\"@type\":\"ImageObject\",\"inLanguage\":\"cs\",\"@id\":\"https:\/\/talkpal.ai\/cs\/cviceni-tamilske-gramatiky\/#primaryimage\",\"url\":\"https:\/\/talkpal.ai\/wp-content\/uploads\/2023\/05\/Tamil-india.png\",\"contentUrl\":\"https:\/\/talkpal.ai\/wp-content\/uploads\/2023\/05\/Tamil-india.png\",\"width\":512,\"height\":512},{\"@type\":\"BreadcrumbList\",\"@id\":\"https:\/\/talkpal.ai\/cs\/cviceni-tamilske-gramatiky\/#breadcrumb\",\"itemListElement\":[{\"@type\":\"ListItem\",\"position\":1,\"name\":\"Homepage\",\"item\":\"https:\/\/talkpal.ai\/cs\/\"},{\"@type\":\"ListItem\",\"position\":2,\"name\":\"Cvi\u010den\u00ed tamilsk\u00e9 gramatiky\"}]},{\"@type\":\"WebSite\",\"@id\":\"https:\/\/talkpal.ai\/cs\/#website\",\"url\":\"https:\/\/talkpal.ai\/cs\/\",\"name\":\"Talkpal\",\"description\":\"AI Language Learning\",\"publisher\":{\"@id\":\"https:\/\/talkpal.ai\/cs\/#organization\"},\"alternateName\":\"Talkpal AI\",\"potentialAction\":[{\"@type\":\"SearchAction\",\"target\":{\"@type\":\"EntryPoint\",\"urlTemplate\":\"https:\/\/talkpal.ai\/cs\/?s={search_term_string}\"},\"query-input\":{\"@type\":\"PropertyValueSpecification\",\"valueRequired\":true,\"valueName\":\"search_term_string\"}}],\"inLanguage\":\"cs\"},{\"@type\":\"Organization\",\"@id\":\"https:\/\/talkpal.ai\/cs\/#organization\",\"name\":\"Talkpal, Inc.\",\"alternateName\":\"Talkpal AI\",\"url\":\"https:\/\/talkpal.ai\/cs\/\",\"logo\":{\"@type\":\"ImageObject\",\"inLanguage\":\"cs\",\"@id\":\"https:\/\/talkpal.ai\/cs\/#\/schema\/logo\/image\/\",\"url\":\"https:\/\/talkpal.ai\/wp-content\/uploads\/2024\/03\/Talkpal-Logo-Icon.png\",\"contentUrl\":\"https:\/\/talkpal.ai\/wp-content\/uploads\/2024\/03\/Talkpal-Logo-Icon.png\",\"width\":2880,\"height\":2880,\"caption\":\"Talkpal, Inc.\"},\"image\":{\"@id\":\"https:\/\/talkpal.ai\/cs\/#\/schema\/logo\/image\/\"},\"sameAs\":[\"https:\/\/www.facebook.com\/profile.php?id=100090733639311\",\"https:\/\/x.com\/talkpalai\",\"https:\/\/www.linkedin.com\/company\/talkpal\/\",\"https:\/\/www.youtube.com\/@TalkPal\/\",\"https:\/\/www.tiktok.com\/@talkpal\",\"https:\/\/www.instagram.com\/talkpal_ai\/\",\"https:\/\/www.crunchbase.com\/organization\/talkpal-9cde\",\"https:\/\/www.g2.com\/products\/talkpal-for-business\/\",\"https:\/\/www.trustpilot.com\/review\/talkpal.ai\",\"https:\/\/www.capterra.com\/p\/10006800\/TalkPal\/\"],\"description\":\"Talkpal is a language learning web and mobile education app, powered by the latest AI technologies, that provides engaging experiences to its customers in many different languages to help them improve their language skills. Users can chat about unlimited amount of topics with the app and use other modes to practice their language learning.\",\"email\":\"support@talkpal.ai\",\"legalName\":\"Talkpal, Inc.\",\"foundingDate\":\"2023-04-03\",\"duns\":\"118989042\",\"numberOfEmployees\":{\"@type\":\"QuantitativeValue\",\"minValue\":\"11\",\"maxValue\":\"50\"},\"publishingPrinciples\":\"https:\/\/talkpal.ai\/publishing-principles\/\",\"actionableFeedbackPolicy\":\"https:\/\/talkpal.ai\/actionable-feedback-policy\/\",\"correctionsPolicy\":\"https:\/\/talkpal.ai\/corrections-policy\/\",\"ethicsPolicy\":\"https:\/\/talkpal.ai\/ethics-policy\/\",\"diversityPolicy\":\"https:\/\/talkpal.ai\/diversity-policy\/\",\"diversityStaffingReport\":\"https:\/\/talkpal.ai\/diversity-policy\/\"}]}<\/script>\n<!-- \/ Yoast SEO Premium plugin. -->","yoast_head_json":{"title":"Cvi\u010den\u00ed tamilsk\u00e9 gramatiky - Talkpal","description":"Prozkoumejte efektivn\u00ed tamilsk\u00e1 gramatick\u00e1 cvi\u010den\u00ed, kter\u00e1 zlep\u0161\u00ed va\u0161e jazykov\u00e9 dovednosti a pos\u00edl\u00ed porozum\u011bn\u00ed.","robots":{"index":"index","follow":"follow","max-snippet":"max-snippet:-1","max-image-preview":"max-image-preview:large","max-video-preview":"max-video-preview:-1"},"canonical":"https:\/\/talkpal.ai\/cs\/cviceni-tamilske-gramatiky\/","og_locale":"cs_CZ","og_type":"article","og_title":"Cvi\u010den\u00ed tamilsk\u00e9 gramatiky","og_description":"T\u00e9mata tamilsk\u00e9 gramatiky Tamil\u0161tina je \u017eiv\u00fd a bohat\u00fd jazyk, kter\u00fdm se mluv\u00ed p\u0159edev\u0161\u00edm v ji\u017en\u00ed Indii a na Sr\u00ed Lance. Je zn\u00e1m\u00fd sv\u00fdm jedine\u010dn\u00fdm p\u00edsmem a","og_url":"https:\/\/talkpal.ai\/cs\/cviceni-tamilske-gramatiky\/","og_site_name":"Talkpal","article_publisher":"https:\/\/www.facebook.com\/profile.php?id=100090733639311","article_modified_time":"2025-12-17T15:02:56+00:00","og_image":[{"width":512,"height":512,"url":"https:\/\/talkpal.ai\/wp-content\/uploads\/2023\/05\/Tamil-india.png","type":"image\/png"}],"twitter_card":"summary_large_image","twitter_site":"@talkpalai","twitter_misc":{"Odhadovan\u00e1 doba \u010dten\u00ed":"3 minuty"},"schema":{"@context":"https:\/\/schema.org","@graph":[{"@type":"WebPage","@id":"https:\/\/talkpal.ai\/cs\/cviceni-tamilske-gramatiky\/","url":"https:\/\/talkpal.ai\/cs\/cviceni-tamilske-gramatiky\/","name":"Cvi\u010den\u00ed tamilsk\u00e9 gramatiky - Talkpal","isPartOf":{"@id":"https:\/\/talkpal.ai\/cs\/#website"},"primaryImageOfPage":{"@id":"https:\/\/talkpal.ai\/cs\/cviceni-tamilske-gramatiky\/#primaryimage"},"image":{"@id":"https:\/\/talkpal.ai\/cs\/cviceni-tamilske-gramatiky\/#primaryimage"},"thumbnailUrl":"https:\/\/talkpal.ai\/wp-content\/uploads\/2023\/05\/Tamil-india.png","datePublished":"2023-07-05T10:17:13+00:00","dateModified":"2025-12-17T15:02:56+00:00","description":"Prozkoumejte efektivn\u00ed tamilsk\u00e1 gramatick\u00e1 cvi\u010den\u00ed, kter\u00e1 zlep\u0161\u00ed va\u0161e jazykov\u00e9 dovednosti a pos\u00edl\u00ed porozum\u011bn\u00ed.","breadcrumb":{"@id":"https:\/\/talkpal.ai\/cs\/cviceni-tamilske-gramatiky\/#breadcrumb"},"inLanguage":"cs","potentialAction":[{"@type":"ReadAction","target":["https:\/\/talkpal.ai\/cs\/cviceni-tamilske-gramatiky\/"]}]},{"@type":"ImageObject","inLanguage":"cs","@id":"https:\/\/talkpal.ai\/cs\/cviceni-tamilske-gramatiky\/#primaryimage","url":"https:\/\/talkpal.ai\/wp-content\/uploads\/2023\/05\/Tamil-india.png","contentUrl":"https:\/\/talkpal.ai\/wp-content\/uploads\/2023\/05\/Tamil-india.png","width":512,"height":512},{"@type":"BreadcrumbList","@id":"https:\/\/talkpal.ai\/cs\/cviceni-tamilske-gramatiky\/#breadcrumb","itemListElement":[{"@type":"ListItem","position":1,"name":"Homepage","item":"https:\/\/talkpal.ai\/cs\/"},{"@type":"ListItem","position":2,"name":"Cvi\u010den\u00ed tamilsk\u00e9 gramatiky"}]},{"@type":"WebSite","@id":"https:\/\/talkpal.ai\/cs\/#website","url":"https:\/\/talkpal.ai\/cs\/","name":"Talkpal","description":"AI Language Learning","publisher":{"@id":"https:\/\/talkpal.ai\/cs\/#organization"},"alternateName":"Talkpal AI","potentialAction":[{"@type":"SearchAction","target":{"@type":"EntryPoint","urlTemplate":"https:\/\/talkpal.ai\/cs\/?s={search_term_string}"},"query-input":{"@type":"PropertyValueSpecification","valueRequired":true,"valueName":"search_term_string"}}],"inLanguage":"cs"},{"@type":"Organization","@id":"https:\/\/talkpal.ai\/cs\/#organization","name":"Talkpal, Inc.","alternateName":"Talkpal AI","url":"https:\/\/talkpal.ai\/cs\/","logo":{"@type":"ImageObject","inLanguage":"cs","@id":"https:\/\/talkpal.ai\/cs\/#\/schema\/logo\/image\/","url":"https:\/\/talkpal.ai\/wp-content\/uploads\/2024\/03\/Talkpal-Logo-Icon.png","contentUrl":"https:\/\/talkpal.ai\/wp-content\/uploads\/2024\/03\/Talkpal-Logo-Icon.png","width":2880,"height":2880,"caption":"Talkpal, Inc."},"image":{"@id":"https:\/\/talkpal.ai\/cs\/#\/schema\/logo\/image\/"},"sameAs":["https:\/\/www.facebook.com\/profile.php?id=100090733639311","https:\/\/x.com\/talkpalai","https:\/\/www.linkedin.com\/company\/talkpal\/","https:\/\/www.youtube.com\/@TalkPal\/","https:\/\/www.tiktok.com\/@talkpal","https:\/\/www.instagram.com\/talkpal_ai\/","https:\/\/www.crunchbase.com\/organization\/talkpal-9cde","https:\/\/www.g2.com\/products\/talkpal-for-business\/","https:\/\/www.trustpilot.com\/review\/talkpal.ai","https:\/\/www.capterra.com\/p\/10006800\/TalkPal\/"],"description":"Talkpal is a language learning web and mobile education app, powered by the latest AI technologies, that provides engaging experiences to its customers in many different languages to help them improve their language skills. Users can chat about unlimited amount of topics with the app and use other modes to practice their language learning.","email":"support@talkpal.ai","legalName":"Talkpal, Inc.","foundingDate":"2023-04-03","duns":"118989042","numberOfEmployees":{"@type":"QuantitativeValue","minValue":"11","maxValue":"50"},"publishingPrinciples":"https:\/\/talkpal.ai\/publishing-principles\/","actionableFeedbackPolicy":"https:\/\/talkpal.ai\/actionable-feedback-policy\/","correctionsPolicy":"https:\/\/talkpal.ai\/corrections-policy\/","ethicsPolicy":"https:\/\/talkpal.ai\/ethics-policy\/","diversityPolicy":"https:\/\/talkpal.ai\/diversity-policy\/","diversityStaffingReport":"https:\/\/talkpal.ai\/diversity-policy\/"}]}},"_links":{"self":[{"href":"https:\/\/talkpal.ai\/cs\/wp-json\/wp\/v2\/pages\/156093","targetHints":{"allow":["GET"]}}],"collection":[{"href":"https:\/\/talkpal.ai\/cs\/wp-json\/wp\/v2\/pages"}],"about":[{"href":"https:\/\/talkpal.ai\/cs\/wp-json\/wp\/v2\/types\/page"}],"author":[{"embeddable":true,"href":"https:\/\/talkpal.ai\/cs\/wp-json\/wp\/v2\/users\/6"}],"replies":[{"embeddable":true,"href":"https:\/\/talkpal.ai\/cs\/wp-json\/wp\/v2\/comments?post=156093"}],"version-history":[{"count":0,"href":"https:\/\/talkpal.ai\/cs\/wp-json\/wp\/v2\/pages\/156093\/revisions"}],"wp:featuredmedia":[{"embeddable":true,"href":"https:\/\/talkpal.ai\/cs\/wp-json\/wp\/v2\/media\/120294"}],"wp:attachment":[{"href":"https:\/\/talkpal.ai\/cs\/wp-json\/wp\/v2\/media?parent=156093"}],"curies":[{"name":"wp","href":"https:\/\/api.w.org\/{rel}","templated":true}]}}