{"id":155787,"date":"2023-07-05T10:24:06","date_gmt":"2023-07-05T10:24:06","guid":{"rendered":"http:\/\/talkpal.ai\/cviceni-thajske-gramatiky\/"},"modified":"2025-12-17T15:22:24","modified_gmt":"2025-12-17T15:22:24","slug":"cviceni-thajske-gramatiky","status":"publish","type":"page","link":"https:\/\/talkpal.ai\/cs\/cviceni-thajske-gramatiky\/","title":{"rendered":"Cvi\u010den\u00ed thajsk\u00e9 gramatiky"},"content":{"rendered":"\r\n\r\n\r\n<section class=\"languageChallengeSection\">\r\n    <div class=\"languageInfoWrapper\">\r\n        \r\n        <h1>Cvi\u010den\u00ed thajsk\u00e9 gramatiky<\/h1>\r\n        <p>Jste p\u0159ipraveni na to, aby u\u010den\u00ed thaj\u0161tiny bylo z\u00e1bavn\u00e9 a praktick\u00e9? Na\u0161e interaktivn\u00ed cvi\u010den\u00ed jsou navr\u017eena tak, aby v\u00e1m pomohla zvl\u00e1dnout z\u00e1klady <a href=\"https:\/\/talkpal.ai\/learn-thai\/\">thajsk\u00e9<\/a> gramatiky, vybudovat si sebed\u016fv\u011bru a <a href=\"https:\/\/talkpal.ai\/ko\/ai-%ec%96%b8%ec%96%b4-%ea%b5%90%ec%82%ac\/\">za\u010d\u00edt<\/a> tvo\u0159it skute\u010dn\u00e9 v\u011bty. Pus\u0165te se do toho, cvi\u010dte, jak jen chcete, a sledujte, jak va\u0161e thajsk\u00e9 dovednosti rostou &#8211; poj\u010fme se u\u010dit!<\/p>\r\n\r\n                            <a class=\"getStartedHidden\" href=\"https:\/\/app.talkpal.ai\/cs\/signup?lng=\">Za\u010dni<\/a>\r\n        \r\n    <\/div>\r\n\r\n    <figure>\r\n    <img decoding=\"async\" width=\"768\" height=\"768\" src=\"https:\/\/talkpal.ai\/wp-content\/uploads\/2023\/06\/thai-768x768.png\" class=\"languageImage no-lazy\" alt=\"Language learning for improved thought process\" fetchpriority=\"high\" sizes=\"(max-width: 768px) 150px, 768px\" srcset=\"https:\/\/talkpal.ai\/wp-content\/uploads\/2023\/06\/thai-768x768.png 768w, https:\/\/talkpal.ai\/wp-content\/uploads\/2023\/06\/thai-300x300.png 300w\" \/>\r\n    \r\n\r\n    <\/figure>\r\n\r\n            <a class=\"getStartedVisible\" href=\"https:\/\/app.talkpal.ai\/cs\/signup?lng=\">Za\u010dni<\/a>\r\n    \r\n<\/section>\r\n\r\n\r\n<!-- <section class=\"grammarSection\">\r\n    <div class=\"grammarLinks\">\r\n            <\/div>\r\n<\/section> -->\r\n\r\n\r\n\r\n\r\n<section class=\"promotionalBanner\">\r\n    <p class=\"promotionalText\">Nejefektivn\u011bj\u0161\u00ed zp\u016fsob, jak se nau\u010dit jazyk<\/p>\r\n    <a class=\"promotionalLink\" href=\"https:\/\/app.talkpal.ai\/cs\/signup?lng=\">Vyzkou\u0161ejte Talkpal zdarma<\/a>\r\n<\/section>\n<div class=\"wp-block-group pageContainerStyle\"><div class=\"wp-block-group__inner-container is-layout-constrained wp-block-group-is-layout-constrained\">\n<h2 class=\"wp-block-heading\" id=\"h-thai-grammar-topics\">T\u00e9mata thajsk\u00e9 gramatiky<\/h2>\n\n\n\n<p>Nau\u010dit se thaj\u0161tinu m\u016f\u017ee b\u00fdt fascinuj\u00edc\u00ed cesta. Pro \u00fapln\u00e9 pochopen\u00ed jazyka a plynulost je v\u0161ak nezbytn\u00e9 porozum\u011bt thajsk\u00e9 gramatice. N\u00e1sleduj\u00edc\u00ed seznam obsahuje posloupnost t\u00e9mat thajsk\u00e9 gramatiky, kter\u00e1 je t\u0159eba vz\u00edt v \u00favahu p\u0159i v\u00fduce jazyka. Tento seznam za\u010d\u00edn\u00e1 z\u00e1kladn\u00edmi t\u00e9maty a postupuje ke slo\u017eit\u011bj\u0161\u00edm t\u00e9mat\u016fm.<\/p>\n\n\n\n<h3 class=\"wp-block-heading\" id=\"h-1-nouns\">1. Podstatn\u00e1 jm\u00e9na:<\/h3>\n\n\n\n<p>Za\u010dn\u011bte u\u010den\u00edm thajsk\u00fdch podstatn\u00fdch jmen, proto\u017ee jsou stavebn\u00edmi kameny jazyka. Seznamte se s obecn\u00fdmi podstatn\u00fdmi jm\u00e9ny a jejich modifik\u00e1tory, proto\u017ee thajsk\u00e1 podstatn\u00e1 jm\u00e9na nem\u011bn\u00ed tvary podle \u010d\u00edsla nebo rodu.<\/p>\n\n\n\n<h3 class=\"wp-block-heading\" id=\"h-2-pronouns-determiners\">2. Z\u00e1jmena\/determinanty:<\/h3>\n\n\n\n<p>Po zvl\u00e1dnut\u00ed podstatn\u00fdch jmen se zam\u011b\u0159te na z\u00e1jmena a determinanty. Thajsk\u00e1 z\u00e1jmena se v konverzaci \u010dasto vypou\u0161t\u011bj\u00ed, ale jejich porozum\u011bn\u00ed je pro form\u00e1ln\u00ed thaj\u0161tinu z\u00e1sadn\u00ed.<\/p>\n\n\n\n<h3 class=\"wp-block-heading\" id=\"h-3-verbs\">3. Slovesa:<\/h3>\n\n\n\n<p>Slovesa v thaj\u0161tin\u011b jsou neohebn\u00e1, co\u017e znamen\u00e1, \u017ee se nem\u011bn\u00ed, aby nazna\u010dovala \u010das, \u010d\u00edslo nebo osobu. D\u00edky tomu je po pochopen\u00ed podstatn\u00fdch jmen a z\u00e1jmen pom\u011brn\u011b snadn\u00e9 je zvl\u00e1dnout.<\/p>\n\n\n\n<h3 class=\"wp-block-heading\" id=\"h-4-adjectives\">4. P\u0159\u00eddavn\u00e1 jm\u00e9na:<\/h3>\n\n\n\n<p>Thajsk\u00e1 p\u0159\u00eddavn\u00e1 jm\u00e9na n\u00e1sleduj\u00ed po podstatn\u00fdch jm\u00e9nech, kter\u00e1 modifikuj\u00ed, na rozd\u00edl od angli\u010dtiny. U\u010den\u00ed p\u0159\u00eddavn\u00fdch jmen v\u00e1m pom\u016f\u017ee p\u0159esn\u011bji popsat p\u0159edm\u011bty, lidi a situace.<\/p>\n\n\n\n<h3 class=\"wp-block-heading\" id=\"h-5-prepositions\">5. P\u0159edlo\u017eky:<\/h3>\n\n\n\n<p>P\u0159edlo\u017eky v thaj\u0161tin\u011b \u010dasto p\u0159edch\u00e1zej\u00ed podstatn\u00e9mu jm\u00e9nu nebo z\u00e1jmenu, kter\u00e9 ozna\u010duj\u00ed sm\u011br, m\u00edsto, \u010das nebo metodu.<\/p>\n\n\n\n<h3 class=\"wp-block-heading\" id=\"h-6-adverbs\">6. P\u0159\u00edslovce:<\/h3>\n\n\n\n<p>Nau\u010dte se thajsk\u00e1 p\u0159\u00edslovce, abyste mohli upravovat slovesa, p\u0159\u00eddavn\u00e1 jm\u00e9na nebo jin\u00e1 p\u0159\u00edslovce. Mohou poskytnout v\u00edce podrobnost\u00ed o akc\u00edch nebo situac\u00edch.<\/p>\n\n\n\n<h3 class=\"wp-block-heading\" id=\"h-7-sentences\">7. V\u011bty:<\/h3>\n\n\n\n<p>Jakmile zvl\u00e1dnete z\u00e1klady, m\u016f\u017eete za\u010d\u00edt tvo\u0159it v\u011bty v thaj\u0161tin\u011b. Pochopen\u00ed struktury v\u011bt je z\u00e1sadn\u00ed pro spr\u00e1vn\u00e9 vyj\u00e1d\u0159en\u00ed va\u0161ich my\u0161lenek.<\/p>\n\n\n\n<h3 class=\"wp-block-heading\" id=\"h-8-conditionals\">8. Podm\u00ednkov\u00e9 v\u011bty:<\/h3>\n\n\n\n<p>Thajsk\u00e9 kondicion\u00e1ly vyjad\u0159uj\u00ed hypotetick\u00e9 situace a jejich d\u016fsledky. Jsou pokro\u010dilej\u0161\u00ed, ale nezbytn\u00e9 pro slo\u017eit\u00e9 <a href=\"https:\/\/talkpal.ai\/cs\/nemcina-konverzace-naucte-se-plynule-mluvit-rychle-a-snadno\/\">konverzace<\/a>.<\/p>\n\n\n\n<h3 class=\"wp-block-heading\" id=\"h-9-tenses\">9. \u010casy:<\/h3>\n\n\n\n<p>Thaj\u0161tina nepou\u017e\u00edv\u00e1 \u010dasy stejn\u00fdm zp\u016fsobem jako <a href=\"https:\/\/talkpal.ai\/learn-english-with-ai\/\">angli\u010dtina<\/a>. Existuj\u00ed v\u0161ak fr\u00e1ze a slova, kter\u00e1 mohou nazna\u010dovat minulost, p\u0159\u00edtomnost nebo budoucnost.<\/p>\n\n\n\n<h3 class=\"wp-block-heading\" id=\"h-10-tense-comparison\">10. Srovn\u00e1n\u00ed \u010dasu:<\/h3>\n\n\n\n<p>Jedn\u00e1 se o pokro\u010dil\u00e9 t\u00e9ma, kde porovn\u00e1v\u00e1te r\u016fzn\u00e9 \u010dasy. Pom\u016f\u017ee v\u00e1m pochopit jemn\u00e9 rozd\u00edly ve v\u00fdrazech \u010dasu.<\/p>\n\n\n\n<h3 class=\"wp-block-heading\" id=\"h-11-progressive\">11. Progresivn\u00ed:<\/h3>\n\n\n\n<p>Toto t\u00e9ma zahrnuje vyjad\u0159ov\u00e1n\u00ed prob\u00edhaj\u00edc\u00edch akc\u00ed. Je pokro\u010dilej\u0161\u00ed, ale pom\u016f\u017ee v\u00e1m mluvit plynuleji thajsky.<\/p>\n\n\n\n<h3 class=\"wp-block-heading\" id=\"h-12-perfect-progressive\">12. Perfektn\u00ed progresivn\u00ed:<\/h3>\n\n\n\n<p>Perfektum pr\u016fb\u011bhov\u00fd \u010das je slo\u017eit\u00fdm aspektem thajsk\u00e9 gramatiky. Pou\u017e\u00edv\u00e1 se k popisu akc\u00ed, kter\u00e9 prob\u00edhaly a\u017e do ur\u010dit\u00e9ho bodu.<\/p>\n\n\n\n<h3 class=\"wp-block-heading\" id=\"h-13-articles\">13. \u010cl\u00e1nky:<\/h3>\n\n\n\n<p>Thaj\u0161tina nem\u00e1 ur\u010dit\u00e9 nebo neur\u010dit\u00e9 \u010dleny jako angli\u010dtina. Existuj\u00ed v\u0161ak i jin\u00e9 zp\u016fsoby, jak specifikovat nebo zobecnit podstatn\u00e1 jm\u00e9na, kter\u00e9 se m\u016f\u017eete nau\u010dit v pokro\u010dilej\u0161\u00ed f\u00e1zi.<\/p>\n<\/div><\/div>\n\r\n<section class=\"learnNavigationSection\">\r\n            \r\n        <a href=\"https:\/\/talkpal.ai\/cs\/naucte-se-thajsky\/\">\r\n            <div class=\"learnNavigationWrapper\">\r\n                <div class=\"learnNavigationContent\">\r\n                    <img decoding=\"async\" src=\"https:\/\/talkpal.ai\/wp-content\/uploads\/2024\/08\/Thai.jpg\" alt=\"Thai Flag\">\r\n                    <div>\r\n                        <h4>O thajsk\u00e9m u\u010den\u00ed<\/h4>\r\n                        <p>Zjist\u011bte v\u0161e o thajsk\u00e9 gramatice.<\/p>\r\n                    <\/div>\r\n                <\/div>\r\n            <\/div>\r\n        <\/a>\r\n\r\n        \r\n        <a href=\"https:\/\/talkpal.ai\/cs\/thajska-gramatika\/\">\r\n            <div class=\"learnNavigationWrapper\">\r\n                <div class=\"learnNavigationContent\">\r\n                    <img decoding=\"async\" src=\"https:\/\/talkpal.ai\/wp-content\/uploads\/2024\/08\/Thai.jpg\" alt=\"Thai Flag\">\r\n                    <div>\r\n                        <h4>Lekce thajsk\u00e9 gramatiky<\/h4>\r\n                        <p>Procvi\u010dte si thajskou gramatiku.<\/p>\r\n                    <\/div>\r\n                <\/div>\r\n            <\/div>\r\n        <\/a>\r\n\r\n        \r\n        <a href=\"https:\/\/talkpal.ai\/vocabulary_language\/thai\/\">\r\n            <div class=\"learnNavigationWrapper\">\r\n                <div class=\"learnNavigationContent\">\r\n                    <img decoding=\"async\" src=\"https:\/\/talkpal.ai\/wp-content\/uploads\/2024\/08\/Thai.jpg\" alt=\"Thai Flag\">\r\n                    <div>\r\n                        <h4>Thajsk\u00e1 slovn\u00ed z\u00e1soba<\/h4>\r\n                        <p>Roz\u0161i\u0159te svou thajskou slovn\u00ed z\u00e1sobu.<\/p>\r\n                    <\/div>\r\n                <\/div>\r\n            <\/div>\r\n        <\/a>\r\n\r\n            <\/section>","protected":false},"excerpt":{"rendered":"<p>T\u00e9mata thajsk\u00e9 gramatiky Nau\u010dit se thaj\u0161tinu m\u016f\u017ee b\u00fdt fascinuj\u00edc\u00ed cesta. Pro \u00fapln\u00e9 pochopen\u00ed jazyka a plynulost je v\u0161ak nezbytn\u00e9 porozum\u011bt thajsk\u00e9 gramatice. N\u00e1sleduj\u00edc\u00ed seznam obsahuje posloupnost t\u00e9mat thajsk\u00e9 gramatiky, kter\u00e1 je t\u0159eba vz\u00edt v \u00favahu p\u0159i v\u00fduce jazyka. Tento seznam za\u010d\u00edn\u00e1 z\u00e1kladn\u00edmi t\u00e9maty a postupuje ke slo\u017eit\u011bj\u0161\u00edm t\u00e9mat\u016fm. 1. Podstatn\u00e1 jm\u00e9na: Za\u010dn\u011bte u\u010den\u00edm thajsk\u00fdch podstatn\u00fdch [&hellip;]<\/p>\n","protected":false},"author":6,"featured_media":120763,"parent":0,"menu_order":0,"comment_status":"closed","ping_status":"closed","template":"LearningContentPage.php","meta":{"_acf_changed":false,"footnotes":""},"class_list":["post-155787","page","type-page","status-publish","has-post-thumbnail","hentry"],"acf":[],"yoast_head":"<!-- This site is optimized with the Yoast SEO Premium plugin v27.2 (Yoast SEO v27.2) - https:\/\/yoast.com\/product\/yoast-seo-premium-wordpress\/ -->\n<title>Cvi\u010den\u00ed thajsk\u00e9 gramatiky - Talkpal<\/title>\n<meta name=\"description\" content=\"Zlep\u0161ete sv\u00e9 znalosti thaj\u0161tiny pomoc\u00ed na\u0161ich cvi\u010den\u00ed thajsk\u00e9 gramatiky a za\u010dn\u011bte ovl\u00e1dat z\u00e1kladn\u00ed kameny jazyka.\" \/>\n<meta name=\"robots\" content=\"index, follow, max-snippet:-1, max-image-preview:large, max-video-preview:-1\" \/>\n<link rel=\"canonical\" href=\"https:\/\/talkpal.ai\/cs\/cviceni-thajske-gramatiky\/\" \/>\n<meta property=\"og:locale\" content=\"cs_CZ\" \/>\n<meta property=\"og:type\" content=\"article\" \/>\n<meta property=\"og:title\" content=\"Cvi\u010den\u00ed thajsk\u00e9 gramatiky\" \/>\n<meta property=\"og:description\" content=\"T\u00e9mata thajsk\u00e9 gramatiky Nau\u010dit se thaj\u0161tinu m\u016f\u017ee b\u00fdt fascinuj\u00edc\u00ed cesta. Pro \u00fapln\u00e9 pochopen\u00ed jazyka a plynulost je v\u0161ak nezbytn\u00e9 porozum\u011bt thajsk\u00e9\" \/>\n<meta property=\"og:url\" content=\"https:\/\/talkpal.ai\/cs\/cviceni-thajske-gramatiky\/\" \/>\n<meta property=\"og:site_name\" content=\"Talkpal\" \/>\n<meta property=\"article:publisher\" content=\"https:\/\/www.facebook.com\/profile.php?id=100090733639311\" \/>\n<meta property=\"article:modified_time\" content=\"2025-12-17T15:22:24+00:00\" \/>\n<meta property=\"og:image\" content=\"https:\/\/talkpal.ai\/wp-content\/uploads\/2023\/05\/thailand.png\" \/>\n\t<meta property=\"og:image:width\" content=\"512\" \/>\n\t<meta property=\"og:image:height\" content=\"512\" \/>\n\t<meta property=\"og:image:type\" content=\"image\/png\" \/>\n<meta name=\"twitter:card\" content=\"summary_large_image\" \/>\n<meta name=\"twitter:site\" content=\"@talkpalai\" \/>\n<meta name=\"twitter:label1\" content=\"Odhadovan\u00e1 doba \u010dten\u00ed\" \/>\n\t<meta name=\"twitter:data1\" content=\"3 minuty\" \/>\n<script type=\"application\/ld+json\" class=\"yoast-schema-graph\">{\"@context\":\"https:\/\/schema.org\",\"@graph\":[{\"@type\":\"WebPage\",\"@id\":\"https:\/\/talkpal.ai\/cs\/cviceni-thajske-gramatiky\/\",\"url\":\"https:\/\/talkpal.ai\/cs\/cviceni-thajske-gramatiky\/\",\"name\":\"Cvi\u010den\u00ed thajsk\u00e9 gramatiky - Talkpal\",\"isPartOf\":{\"@id\":\"https:\/\/talkpal.ai\/cs\/#website\"},\"primaryImageOfPage\":{\"@id\":\"https:\/\/talkpal.ai\/cs\/cviceni-thajske-gramatiky\/#primaryimage\"},\"image\":{\"@id\":\"https:\/\/talkpal.ai\/cs\/cviceni-thajske-gramatiky\/#primaryimage\"},\"thumbnailUrl\":\"https:\/\/talkpal.ai\/wp-content\/uploads\/2023\/05\/thailand.png\",\"datePublished\":\"2023-07-05T10:24:06+00:00\",\"dateModified\":\"2025-12-17T15:22:24+00:00\",\"description\":\"Zlep\u0161ete sv\u00e9 znalosti thaj\u0161tiny pomoc\u00ed na\u0161ich cvi\u010den\u00ed thajsk\u00e9 gramatiky a za\u010dn\u011bte ovl\u00e1dat z\u00e1kladn\u00ed kameny jazyka.\",\"breadcrumb\":{\"@id\":\"https:\/\/talkpal.ai\/cs\/cviceni-thajske-gramatiky\/#breadcrumb\"},\"inLanguage\":\"cs\",\"potentialAction\":[{\"@type\":\"ReadAction\",\"target\":[\"https:\/\/talkpal.ai\/cs\/cviceni-thajske-gramatiky\/\"]}]},{\"@type\":\"ImageObject\",\"inLanguage\":\"cs\",\"@id\":\"https:\/\/talkpal.ai\/cs\/cviceni-thajske-gramatiky\/#primaryimage\",\"url\":\"https:\/\/talkpal.ai\/wp-content\/uploads\/2023\/05\/thailand.png\",\"contentUrl\":\"https:\/\/talkpal.ai\/wp-content\/uploads\/2023\/05\/thailand.png\",\"width\":512,\"height\":512},{\"@type\":\"BreadcrumbList\",\"@id\":\"https:\/\/talkpal.ai\/cs\/cviceni-thajske-gramatiky\/#breadcrumb\",\"itemListElement\":[{\"@type\":\"ListItem\",\"position\":1,\"name\":\"Homepage\",\"item\":\"https:\/\/talkpal.ai\/cs\/\"},{\"@type\":\"ListItem\",\"position\":2,\"name\":\"Cvi\u010den\u00ed thajsk\u00e9 gramatiky\"}]},{\"@type\":\"WebSite\",\"@id\":\"https:\/\/talkpal.ai\/cs\/#website\",\"url\":\"https:\/\/talkpal.ai\/cs\/\",\"name\":\"Talkpal\",\"description\":\"AI Language Learning\",\"publisher\":{\"@id\":\"https:\/\/talkpal.ai\/cs\/#organization\"},\"alternateName\":\"Talkpal AI\",\"potentialAction\":[{\"@type\":\"SearchAction\",\"target\":{\"@type\":\"EntryPoint\",\"urlTemplate\":\"https:\/\/talkpal.ai\/cs\/?s={search_term_string}\"},\"query-input\":{\"@type\":\"PropertyValueSpecification\",\"valueRequired\":true,\"valueName\":\"search_term_string\"}}],\"inLanguage\":\"cs\"},{\"@type\":\"Organization\",\"@id\":\"https:\/\/talkpal.ai\/cs\/#organization\",\"name\":\"Talkpal, Inc.\",\"alternateName\":\"Talkpal AI\",\"url\":\"https:\/\/talkpal.ai\/cs\/\",\"logo\":{\"@type\":\"ImageObject\",\"inLanguage\":\"cs\",\"@id\":\"https:\/\/talkpal.ai\/cs\/#\/schema\/logo\/image\/\",\"url\":\"https:\/\/talkpal.ai\/wp-content\/uploads\/2024\/03\/Talkpal-Logo-Icon.png\",\"contentUrl\":\"https:\/\/talkpal.ai\/wp-content\/uploads\/2024\/03\/Talkpal-Logo-Icon.png\",\"width\":2880,\"height\":2880,\"caption\":\"Talkpal, Inc.\"},\"image\":{\"@id\":\"https:\/\/talkpal.ai\/cs\/#\/schema\/logo\/image\/\"},\"sameAs\":[\"https:\/\/www.facebook.com\/profile.php?id=100090733639311\",\"https:\/\/x.com\/talkpalai\",\"https:\/\/www.linkedin.com\/company\/talkpal\/\",\"https:\/\/www.youtube.com\/@TalkPal\/\",\"https:\/\/www.tiktok.com\/@talkpal\",\"https:\/\/www.instagram.com\/talkpal_ai\/\",\"https:\/\/www.crunchbase.com\/organization\/talkpal-9cde\",\"https:\/\/www.g2.com\/products\/talkpal-for-business\/\",\"https:\/\/www.trustpilot.com\/review\/talkpal.ai\",\"https:\/\/www.capterra.com\/p\/10006800\/TalkPal\/\"],\"description\":\"Talkpal is a language learning web and mobile education app, powered by the latest AI technologies, that provides engaging experiences to its customers in many different languages to help them improve their language skills. Users can chat about unlimited amount of topics with the app and use other modes to practice their language learning.\",\"email\":\"support@talkpal.ai\",\"legalName\":\"Talkpal, Inc.\",\"foundingDate\":\"2023-04-03\",\"duns\":\"118989042\",\"numberOfEmployees\":{\"@type\":\"QuantitativeValue\",\"minValue\":\"11\",\"maxValue\":\"50\"},\"publishingPrinciples\":\"https:\/\/talkpal.ai\/publishing-principles\/\",\"actionableFeedbackPolicy\":\"https:\/\/talkpal.ai\/actionable-feedback-policy\/\",\"correctionsPolicy\":\"https:\/\/talkpal.ai\/corrections-policy\/\",\"ethicsPolicy\":\"https:\/\/talkpal.ai\/ethics-policy\/\",\"diversityPolicy\":\"https:\/\/talkpal.ai\/diversity-policy\/\",\"diversityStaffingReport\":\"https:\/\/talkpal.ai\/diversity-policy\/\"}]}<\/script>\n<!-- \/ Yoast SEO Premium plugin. -->","yoast_head_json":{"title":"Cvi\u010den\u00ed thajsk\u00e9 gramatiky - Talkpal","description":"Zlep\u0161ete sv\u00e9 znalosti thaj\u0161tiny pomoc\u00ed na\u0161ich cvi\u010den\u00ed thajsk\u00e9 gramatiky a za\u010dn\u011bte ovl\u00e1dat z\u00e1kladn\u00ed kameny jazyka.","robots":{"index":"index","follow":"follow","max-snippet":"max-snippet:-1","max-image-preview":"max-image-preview:large","max-video-preview":"max-video-preview:-1"},"canonical":"https:\/\/talkpal.ai\/cs\/cviceni-thajske-gramatiky\/","og_locale":"cs_CZ","og_type":"article","og_title":"Cvi\u010den\u00ed thajsk\u00e9 gramatiky","og_description":"T\u00e9mata thajsk\u00e9 gramatiky Nau\u010dit se thaj\u0161tinu m\u016f\u017ee b\u00fdt fascinuj\u00edc\u00ed cesta. Pro \u00fapln\u00e9 pochopen\u00ed jazyka a plynulost je v\u0161ak nezbytn\u00e9 porozum\u011bt thajsk\u00e9","og_url":"https:\/\/talkpal.ai\/cs\/cviceni-thajske-gramatiky\/","og_site_name":"Talkpal","article_publisher":"https:\/\/www.facebook.com\/profile.php?id=100090733639311","article_modified_time":"2025-12-17T15:22:24+00:00","og_image":[{"width":512,"height":512,"url":"https:\/\/talkpal.ai\/wp-content\/uploads\/2023\/05\/thailand.png","type":"image\/png"}],"twitter_card":"summary_large_image","twitter_site":"@talkpalai","twitter_misc":{"Odhadovan\u00e1 doba \u010dten\u00ed":"3 minuty"},"schema":{"@context":"https:\/\/schema.org","@graph":[{"@type":"WebPage","@id":"https:\/\/talkpal.ai\/cs\/cviceni-thajske-gramatiky\/","url":"https:\/\/talkpal.ai\/cs\/cviceni-thajske-gramatiky\/","name":"Cvi\u010den\u00ed thajsk\u00e9 gramatiky - Talkpal","isPartOf":{"@id":"https:\/\/talkpal.ai\/cs\/#website"},"primaryImageOfPage":{"@id":"https:\/\/talkpal.ai\/cs\/cviceni-thajske-gramatiky\/#primaryimage"},"image":{"@id":"https:\/\/talkpal.ai\/cs\/cviceni-thajske-gramatiky\/#primaryimage"},"thumbnailUrl":"https:\/\/talkpal.ai\/wp-content\/uploads\/2023\/05\/thailand.png","datePublished":"2023-07-05T10:24:06+00:00","dateModified":"2025-12-17T15:22:24+00:00","description":"Zlep\u0161ete sv\u00e9 znalosti thaj\u0161tiny pomoc\u00ed na\u0161ich cvi\u010den\u00ed thajsk\u00e9 gramatiky a za\u010dn\u011bte ovl\u00e1dat z\u00e1kladn\u00ed kameny jazyka.","breadcrumb":{"@id":"https:\/\/talkpal.ai\/cs\/cviceni-thajske-gramatiky\/#breadcrumb"},"inLanguage":"cs","potentialAction":[{"@type":"ReadAction","target":["https:\/\/talkpal.ai\/cs\/cviceni-thajske-gramatiky\/"]}]},{"@type":"ImageObject","inLanguage":"cs","@id":"https:\/\/talkpal.ai\/cs\/cviceni-thajske-gramatiky\/#primaryimage","url":"https:\/\/talkpal.ai\/wp-content\/uploads\/2023\/05\/thailand.png","contentUrl":"https:\/\/talkpal.ai\/wp-content\/uploads\/2023\/05\/thailand.png","width":512,"height":512},{"@type":"BreadcrumbList","@id":"https:\/\/talkpal.ai\/cs\/cviceni-thajske-gramatiky\/#breadcrumb","itemListElement":[{"@type":"ListItem","position":1,"name":"Homepage","item":"https:\/\/talkpal.ai\/cs\/"},{"@type":"ListItem","position":2,"name":"Cvi\u010den\u00ed thajsk\u00e9 gramatiky"}]},{"@type":"WebSite","@id":"https:\/\/talkpal.ai\/cs\/#website","url":"https:\/\/talkpal.ai\/cs\/","name":"Talkpal","description":"AI Language Learning","publisher":{"@id":"https:\/\/talkpal.ai\/cs\/#organization"},"alternateName":"Talkpal AI","potentialAction":[{"@type":"SearchAction","target":{"@type":"EntryPoint","urlTemplate":"https:\/\/talkpal.ai\/cs\/?s={search_term_string}"},"query-input":{"@type":"PropertyValueSpecification","valueRequired":true,"valueName":"search_term_string"}}],"inLanguage":"cs"},{"@type":"Organization","@id":"https:\/\/talkpal.ai\/cs\/#organization","name":"Talkpal, Inc.","alternateName":"Talkpal AI","url":"https:\/\/talkpal.ai\/cs\/","logo":{"@type":"ImageObject","inLanguage":"cs","@id":"https:\/\/talkpal.ai\/cs\/#\/schema\/logo\/image\/","url":"https:\/\/talkpal.ai\/wp-content\/uploads\/2024\/03\/Talkpal-Logo-Icon.png","contentUrl":"https:\/\/talkpal.ai\/wp-content\/uploads\/2024\/03\/Talkpal-Logo-Icon.png","width":2880,"height":2880,"caption":"Talkpal, Inc."},"image":{"@id":"https:\/\/talkpal.ai\/cs\/#\/schema\/logo\/image\/"},"sameAs":["https:\/\/www.facebook.com\/profile.php?id=100090733639311","https:\/\/x.com\/talkpalai","https:\/\/www.linkedin.com\/company\/talkpal\/","https:\/\/www.youtube.com\/@TalkPal\/","https:\/\/www.tiktok.com\/@talkpal","https:\/\/www.instagram.com\/talkpal_ai\/","https:\/\/www.crunchbase.com\/organization\/talkpal-9cde","https:\/\/www.g2.com\/products\/talkpal-for-business\/","https:\/\/www.trustpilot.com\/review\/talkpal.ai","https:\/\/www.capterra.com\/p\/10006800\/TalkPal\/"],"description":"Talkpal is a language learning web and mobile education app, powered by the latest AI technologies, that provides engaging experiences to its customers in many different languages to help them improve their language skills. Users can chat about unlimited amount of topics with the app and use other modes to practice their language learning.","email":"support@talkpal.ai","legalName":"Talkpal, Inc.","foundingDate":"2023-04-03","duns":"118989042","numberOfEmployees":{"@type":"QuantitativeValue","minValue":"11","maxValue":"50"},"publishingPrinciples":"https:\/\/talkpal.ai\/publishing-principles\/","actionableFeedbackPolicy":"https:\/\/talkpal.ai\/actionable-feedback-policy\/","correctionsPolicy":"https:\/\/talkpal.ai\/corrections-policy\/","ethicsPolicy":"https:\/\/talkpal.ai\/ethics-policy\/","diversityPolicy":"https:\/\/talkpal.ai\/diversity-policy\/","diversityStaffingReport":"https:\/\/talkpal.ai\/diversity-policy\/"}]}},"_links":{"self":[{"href":"https:\/\/talkpal.ai\/cs\/wp-json\/wp\/v2\/pages\/155787","targetHints":{"allow":["GET"]}}],"collection":[{"href":"https:\/\/talkpal.ai\/cs\/wp-json\/wp\/v2\/pages"}],"about":[{"href":"https:\/\/talkpal.ai\/cs\/wp-json\/wp\/v2\/types\/page"}],"author":[{"embeddable":true,"href":"https:\/\/talkpal.ai\/cs\/wp-json\/wp\/v2\/users\/6"}],"replies":[{"embeddable":true,"href":"https:\/\/talkpal.ai\/cs\/wp-json\/wp\/v2\/comments?post=155787"}],"version-history":[{"count":0,"href":"https:\/\/talkpal.ai\/cs\/wp-json\/wp\/v2\/pages\/155787\/revisions"}],"wp:featuredmedia":[{"embeddable":true,"href":"https:\/\/talkpal.ai\/cs\/wp-json\/wp\/v2\/media\/120763"}],"wp:attachment":[{"href":"https:\/\/talkpal.ai\/cs\/wp-json\/wp\/v2\/media?parent=155787"}],"curies":[{"name":"wp","href":"https:\/\/api.w.org\/{rel}","templated":true}]}}