{"id":155520,"date":"2023-07-05T10:34:01","date_gmt":"2023-07-05T10:34:01","guid":{"rendered":"http:\/\/talkpal.ai\/cviceni-na-tureckou-gramatiku\/"},"modified":"2025-12-17T10:36:17","modified_gmt":"2025-12-17T10:36:17","slug":"cviceni-na-tureckou-gramatiku","status":"publish","type":"page","link":"https:\/\/talkpal.ai\/cs\/cviceni-na-tureckou-gramatiku\/","title":{"rendered":"Cvi\u010den\u00ed na tureckou gramatiku"},"content":{"rendered":"\r\n\r\n\r\n<section class=\"languageChallengeSection\">\r\n    <div class=\"languageInfoWrapper\">\r\n        \r\n        <h1>Cvi\u010den\u00ed na tureckou gramatiku<\/h1>\r\n        <p>Chcete se v ture\u010dtin\u011b c\u00edtit jist\u011bji? Procvi\u010dov\u00e1n\u00ed gramatick\u00fdch cvi\u010den\u00ed je skv\u011bl\u00fdm zp\u016fsobem, jak si osvojit strukturu v\u011bty, \u010dasov\u00e1n\u00ed sloves a ka\u017edodenn\u00ed vzorce jazyka. Za\u010dn\u011bte zkoumat cvi\u010den\u00ed z tureck\u00e9 gramatiky je\u0161t\u011b dnes a sledujte, jak se va\u0161e porozum\u011bn\u00ed a mluvn\u00ed dovednosti neust\u00e1le zlep\u0161uj\u00ed!<\/p>\r\n\r\n                            <a class=\"getStartedHidden\" href=\"https:\/\/app.talkpal.ai\/cs\/signup?lng=\">Za\u010dni<\/a>\r\n        \r\n    <\/div>\r\n\r\n    <figure>\r\n    <img decoding=\"async\" width=\"768\" height=\"768\" src=\"https:\/\/talkpal.ai\/wp-content\/uploads\/2023\/06\/turkish-768x768.png\" class=\"languageImage no-lazy\" alt=\"Language learning for increased focus\" fetchpriority=\"high\" sizes=\"(max-width: 768px) 150px, 768px\" srcset=\"https:\/\/talkpal.ai\/wp-content\/uploads\/2023\/06\/turkish-768x768.png 768w, https:\/\/talkpal.ai\/wp-content\/uploads\/2023\/06\/turkish-300x300.png 300w\" \/>\r\n    \r\n\r\n    <\/figure>\r\n\r\n            <a class=\"getStartedVisible\" href=\"https:\/\/app.talkpal.ai\/cs\/signup?lng=\">Za\u010dni<\/a>\r\n    \r\n<\/section>\r\n\r\n\r\n<!-- <section class=\"grammarSection\">\r\n    <div class=\"grammarLinks\">\r\n            <\/div>\r\n<\/section> -->\r\n\r\n\r\n\r\n\r\n<section class=\"promotionalBanner\">\r\n    <p class=\"promotionalText\">Nejefektivn\u011bj\u0161\u00ed <a href=\"https:\/\/talkpal.ai\/best-way-to-learn\/\">zp\u016fsob<\/a>, jak se nau\u010dit jazyk<\/p>\r\n    <a class=\"promotionalLink\" href=\"https:\/\/app.talkpal.ai\/cs\/signup?lng=\">Vyzkou\u0161ejte Talkpal zdarma<\/a>\r\n<\/section>\n<div class=\"wp-block-group pageContainerStyle\"><div class=\"wp-block-group__inner-container is-layout-constrained wp-block-group-is-layout-constrained\">\n<h2 class=\"wp-block-heading\" id=\"h-turkish-grammar-topics\">T\u00e9mata tureck\u00e9 gramatiky<\/h2>\n\n\n\n<p>U\u010den\u00ed se tureck\u00e9mu jazyku m\u016f\u017ee b\u00fdt obohacuj\u00edc\u00ed, ale n\u00e1ro\u010dn\u00e9 \u00fasil\u00ed d\u00edky jeho jedine\u010dn\u00e9 struktu\u0159e a gramatice. Jedn\u00edm z hlavn\u00edch aspekt\u016f tureck\u00e9ho jazyka, kter\u00fd mus\u00ed <a href=\"https:\/\/talkpal.ai\/talkpal-discount-for-students\/\">studenti<\/a> pochopit, je jeho <a href=\"https:\/\/talkpal.ai\/sq\/gramatika\/\">gramatika<\/a>, kter\u00e1 zahrnuje t\u00e9mata jako \u010dasy, slovesa, podstatn\u00e1 jm\u00e9na, \u010dleny, p\u0159\u00eddavn\u00e1 jm\u00e9na, p\u0159\u00edslovce, kondicion\u00e1ly, p\u0159edlo\u017eky a v\u011btn\u00e1 konstrukce. Porozum\u011bn\u00ed t\u011bmto slo\u017ek\u00e1m je z\u00e1sadn\u00ed pro zvl\u00e1dnut\u00ed jazyka, proto\u017ee jsou stavebn\u00edmi kameny komunikace v ture\u010dtin\u011b.<\/p>\n\n\n\n<h3 class=\"wp-block-heading\" id=\"h-1-nouns\">1. Podstatn\u00e1 jm\u00e9na:<\/h3>\n\n\n\n<p>Za\u010dn\u011bte u\u010den\u00edm tureck\u00fdch podstatn\u00fdch jmen, proto\u017ee jsou nejz\u00e1kladn\u011bj\u0161\u00ed jednotkou jazyka. Pochopen\u00ed toho, jak je pou\u017e\u00edvat ve v\u011bt\u00e1ch, v\u00e1m poskytne dobr\u00fd z\u00e1klad.<\/p>\n\n\n\n<h3 class=\"wp-block-heading\" id=\"h-2-articles\">2. \u010cl\u00e1nky:<\/h3>\n\n\n\n<p>V ture\u010dtin\u011b neexistuj\u00ed ur\u010dit\u00e9 nebo neur\u010dit\u00e9 \u010dleny. To usnad\u0148uje za\u010d\u00e1te\u010dn\u00edk\u016fm. Z\u00e1sadn\u00ed je v\u0161ak nau\u010dit se vyjad\u0159ovat ur\u010ditost a neur\u010ditost.<\/p>\n\n\n\n<h3 class=\"wp-block-heading\" id=\"h-3-pronouns-determiners\">3. Z\u00e1jmena\/determinanty:<\/h3>\n\n\n\n<p>Jedn\u00e1 se o slova, kter\u00e1 nahrazuj\u00ed nebo upravuj\u00ed podstatn\u00e1 jm\u00e9na. Mohou ozna\u010dovat po\u010det, majetek, pohlav\u00ed a vzd\u00e1lenost. Je d\u016fle\u017eit\u00e9 se je nau\u010dit v\u010das, proto\u017ee se \u010dasto pou\u017e\u00edvaj\u00ed.<\/p>\n\n\n\n<h3 class=\"wp-block-heading\" id=\"h-4-adjectives\">4. P\u0159\u00eddavn\u00e1 jm\u00e9na:<\/h3>\n\n\n\n<p>P\u0159\u00eddavn\u00e1 jm\u00e9na popisuj\u00ed nebo modifikuj\u00ed podstatn\u00e1 jm\u00e9na. Tureck\u00e1 p\u0159\u00eddavn\u00e1 jm\u00e9na se nem\u011bn\u00ed podle rodu nebo \u010d\u00edsla, co\u017e usnad\u0148uje u\u010den\u00ed.<\/p>\n\n\n\n<h3 class=\"wp-block-heading\" id=\"h-5-adverbs\">5. P\u0159\u00edslovce:<\/h3>\n\n\n\n<p>P\u0159\u00edslovce popisuj\u00ed slovesa, p\u0159\u00eddavn\u00e1 jm\u00e9na nebo jin\u00e1 p\u0159\u00edslovce. Jsou kl\u00ed\u010dem k vyj\u00e1d\u0159en\u00ed zp\u016fsobu, m\u00edsta, \u010dasu, frekvence, stupn\u011b a dal\u0161\u00edch a obohacuj\u00ed v\u00e1\u0161 jazyk.<\/p>\n\n\n\n<h3 class=\"wp-block-heading\" id=\"h-6-verbs\">6. Slovesa:<\/h3>\n\n\n\n<p>Tureck\u00e1 slovesa se sklo\u0148uj\u00ed pro \u010das, zp\u016fsob, vid a hlas. U\u010den\u00ed sloves je z\u00e1sadn\u00ed p\u0159i tvo\u0159en\u00ed v\u011bt.<\/p>\n\n\n\n<h3 class=\"wp-block-heading\" id=\"h-7-tenses\">7. \u010casy:<\/h3>\n\n\n\n<p>V ture\u010dtin\u011b existuje dev\u011bt \u010das\u016f (minul\u00fd, p\u0159\u00edtomn\u00fd, budouc\u00ed a jejich varianty). Jejich pochopen\u00ed je kl\u00ed\u010dem k p\u0159esn\u00e9mu vyj\u00e1d\u0159en\u00ed \u010dasu.<\/p>\n\n\n\n<h3 class=\"wp-block-heading\" id=\"h-8-tense-comparison\">8. Srovn\u00e1n\u00ed \u010das\u016f:<\/h3>\n\n\n\n<p>To v\u00e1m pom\u016f\u017ee pochopit nuance mezi r\u016fzn\u00fdmi \u010dasy.<\/p>\n\n\n\n<h3 class=\"wp-block-heading\" id=\"h-9-progressive\">9. Progresivn\u00ed:<\/h3>\n\n\n\n<p>Pr\u016fb\u011bhov\u00fd \u010das ozna\u010duje prob\u00edhaj\u00edc\u00ed akce. Jedn\u00e1 se o podkategorii \u010das\u016f, kter\u00e1 je d\u016fle\u017eit\u00e1 pro p\u0159esn\u00e9 vyjad\u0159ov\u00e1n\u00ed.<\/p>\n\n\n\n<h3 class=\"wp-block-heading\" id=\"h-10-perfect-progressive\">10. Perfektn\u00ed progresivn\u00ed:<\/h3>\n\n\n\n<p>Tento \u010das ozna\u010duje \u010dinnosti, kter\u00e9 prob\u00edhaly v minulosti a pokra\u010duj\u00ed a\u017e do sou\u010dasnosti nebo pr\u00e1v\u011b skon\u010dily. Je slo\u017eit\u011bj\u0161\u00ed a m\u011bl by se u\u010dit a\u017e po zvl\u00e1dnut\u00ed progresivn\u00edho \u010dasu.<\/p>\n\n\n\n<h3 class=\"wp-block-heading\" id=\"h-11-conditionals\">11. Kondicion\u00e1ly:<\/h3>\n\n\n\n<p>Podmi\u0148ovac\u00ed v\u011bty vyjad\u0159uj\u00ed hypotetick\u00e9 situace a z\u00e1vis\u00ed na ur\u010dit\u00fdch podm\u00ednk\u00e1ch. Zvy\u0161uj\u00ed slo\u017eitost va\u0161eho jazyka.<\/p>\n\n\n\n<h3 class=\"wp-block-heading\" id=\"h-12-prepositions\">12. P\u0159edlo\u017eky:<\/h3>\n\n\n\n<p>P\u0159edlo\u017eky ukazuj\u00ed vztah podstatn\u00e9ho jm\u00e9na nebo z\u00e1jmena k jin\u00e9mu slovu ve v\u011bt\u011b. Jsou kl\u00ed\u010dov\u00e9 p\u0159i spojov\u00e1n\u00ed slov a my\u0161lenek.<\/p>\n\n\n\n<h3 class=\"wp-block-heading\" id=\"h-13-sentences\">13. V\u011bty:<\/h3>\n\n\n\n<p>A kone\u010dn\u011b, nau\u010dit se vytv\u00e1\u0159et cel\u00e9 v\u011bty je vyvrcholen\u00edm zvl\u00e1dnut\u00ed v\u0161ech p\u0159edchoz\u00edch gramatick\u00fdch t\u00e9mat.<\/p>\n<\/div><\/div>\n\r\n<section class=\"learnNavigationSection\">\r\n            \r\n        <a href=\"https:\/\/talkpal.ai\/cs\/naucte-se-turecky\/\">\r\n            <div class=\"learnNavigationWrapper\">\r\n                <div class=\"learnNavigationContent\">\r\n                    <img decoding=\"async\" src=\"https:\/\/talkpal.ai\/wp-content\/uploads\/2024\/08\/Turkish.jpg\" alt=\"Turkish Flag\">\r\n                    <div>\r\n                        <h4>O v\u00fduce ture\u010dtiny<\/h4>\r\n                        <p>Zjist\u011bte v\u0161e o tureck\u00e9 gramatice.<\/p>\r\n                    <\/div>\r\n                <\/div>\r\n            <\/div>\r\n        <\/a>\r\n\r\n        \r\n        <a href=\"https:\/\/talkpal.ai\/cs\/turecka-gramatika\/\">\r\n            <div class=\"learnNavigationWrapper\">\r\n                <div class=\"learnNavigationContent\">\r\n                    <img decoding=\"async\" src=\"https:\/\/talkpal.ai\/wp-content\/uploads\/2024\/08\/Turkish.jpg\" alt=\"Turkish Flag\">\r\n                    <div>\r\n                        <h4>Lekce tureck\u00e9 gramatiky<\/h4>\r\n                        <p>Procvi\u010dte si tureckou gramatiku.<\/p>\r\n                    <\/div>\r\n                <\/div>\r\n            <\/div>\r\n        <\/a>\r\n\r\n        \r\n        <a href=\"https:\/\/talkpal.ai\/vocabulary_language\/turkish\/\">\r\n            <div class=\"learnNavigationWrapper\">\r\n                <div class=\"learnNavigationContent\">\r\n                    <img decoding=\"async\" src=\"https:\/\/talkpal.ai\/wp-content\/uploads\/2024\/08\/Turkish.jpg\" alt=\"Turkish Flag\">\r\n                    <div>\r\n                        <h4>Tureck\u00e1 slovn\u00ed z\u00e1soba<\/h4>\r\n                        <p>Roz\u0161i\u0159te si tureckou slovn\u00ed z\u00e1sobu.<\/p>\r\n                    <\/div>\r\n                <\/div>\r\n            <\/div>\r\n        <\/a>\r\n\r\n            <\/section>","protected":false},"excerpt":{"rendered":"<p>T\u00e9mata tureck\u00e9 gramatiky U\u010den\u00ed se tureck\u00e9mu jazyku m\u016f\u017ee b\u00fdt obohacuj\u00edc\u00ed, ale n\u00e1ro\u010dn\u00e9 \u00fasil\u00ed d\u00edky jeho jedine\u010dn\u00e9 struktu\u0159e a gramatice. Jedn\u00edm z hlavn\u00edch aspekt\u016f tureck\u00e9ho jazyka, kter\u00fd mus\u00ed studenti pochopit, je jeho gramatika, kter\u00e1 zahrnuje t\u00e9mata jako \u010dasy, slovesa, podstatn\u00e1 jm\u00e9na, \u010dleny, p\u0159\u00eddavn\u00e1 jm\u00e9na, p\u0159\u00edslovce, kondicion\u00e1ly, p\u0159edlo\u017eky a v\u011btn\u00e1 konstrukce. Porozum\u011bn\u00ed t\u011bmto slo\u017ek\u00e1m je z\u00e1sadn\u00ed pro [&hellip;]<\/p>\n","protected":false},"author":6,"featured_media":120948,"parent":0,"menu_order":0,"comment_status":"closed","ping_status":"closed","template":"LearningContentPage.php","meta":{"_acf_changed":false,"footnotes":""},"class_list":["post-155520","page","type-page","status-publish","has-post-thumbnail","hentry"],"acf":[],"yoast_head":"<!-- This site is optimized with the Yoast SEO Premium plugin v27.2 (Yoast SEO v27.2) - https:\/\/yoast.com\/product\/yoast-seo-premium-wordpress\/ -->\n<title>Cvi\u010den\u00ed na tureckou gramatiku - Talkpal<\/title>\n<meta name=\"description\" content=\"Zvl\u00e1dn\u011bte tureckou gramatiku pomoc\u00ed na\u0161ich komplexn\u00edch cvi\u010den\u00ed z tureck\u00e9 gramatiky. Zlep\u0161ete sv\u00e9 jazykov\u00e9 dovednosti efektivn\u011b je\u0161t\u011b dnes.\" \/>\n<meta name=\"robots\" content=\"index, follow, max-snippet:-1, max-image-preview:large, max-video-preview:-1\" \/>\n<link rel=\"canonical\" href=\"https:\/\/talkpal.ai\/cs\/cviceni-na-tureckou-gramatiku\/\" \/>\n<meta property=\"og:locale\" content=\"cs_CZ\" \/>\n<meta property=\"og:type\" content=\"article\" \/>\n<meta property=\"og:title\" content=\"Cvi\u010den\u00ed na tureckou gramatiku\" \/>\n<meta property=\"og:description\" content=\"T\u00e9mata tureck\u00e9 gramatiky U\u010den\u00ed se tureck\u00e9mu jazyku m\u016f\u017ee b\u00fdt obohacuj\u00edc\u00ed, ale n\u00e1ro\u010dn\u00e9 \u00fasil\u00ed d\u00edky jeho jedine\u010dn\u00e9 struktu\u0159e a gramatice. Jedn\u00edm z hlavn\u00edch\" \/>\n<meta property=\"og:url\" content=\"https:\/\/talkpal.ai\/cs\/cviceni-na-tureckou-gramatiku\/\" \/>\n<meta property=\"og:site_name\" content=\"Talkpal\" \/>\n<meta property=\"article:publisher\" content=\"https:\/\/www.facebook.com\/profile.php?id=100090733639311\" \/>\n<meta property=\"article:modified_time\" content=\"2025-12-17T10:36:17+00:00\" \/>\n<meta property=\"og:image\" content=\"https:\/\/talkpal.ai\/wp-content\/uploads\/2023\/05\/turkish.png\" \/>\n\t<meta property=\"og:image:width\" content=\"512\" \/>\n\t<meta property=\"og:image:height\" content=\"512\" \/>\n\t<meta property=\"og:image:type\" content=\"image\/png\" \/>\n<meta name=\"twitter:card\" content=\"summary_large_image\" \/>\n<meta name=\"twitter:site\" content=\"@talkpalai\" \/>\n<meta name=\"twitter:label1\" content=\"Odhadovan\u00e1 doba \u010dten\u00ed\" \/>\n\t<meta name=\"twitter:data1\" content=\"2 minuty\" \/>\n<script type=\"application\/ld+json\" class=\"yoast-schema-graph\">{\"@context\":\"https:\/\/schema.org\",\"@graph\":[{\"@type\":\"WebPage\",\"@id\":\"https:\/\/talkpal.ai\/cs\/cviceni-na-tureckou-gramatiku\/\",\"url\":\"https:\/\/talkpal.ai\/cs\/cviceni-na-tureckou-gramatiku\/\",\"name\":\"Cvi\u010den\u00ed na tureckou gramatiku - Talkpal\",\"isPartOf\":{\"@id\":\"https:\/\/talkpal.ai\/cs\/#website\"},\"primaryImageOfPage\":{\"@id\":\"https:\/\/talkpal.ai\/cs\/cviceni-na-tureckou-gramatiku\/#primaryimage\"},\"image\":{\"@id\":\"https:\/\/talkpal.ai\/cs\/cviceni-na-tureckou-gramatiku\/#primaryimage\"},\"thumbnailUrl\":\"https:\/\/talkpal.ai\/wp-content\/uploads\/2023\/05\/turkish.png\",\"datePublished\":\"2023-07-05T10:34:01+00:00\",\"dateModified\":\"2025-12-17T10:36:17+00:00\",\"description\":\"Zvl\u00e1dn\u011bte tureckou gramatiku pomoc\u00ed na\u0161ich komplexn\u00edch cvi\u010den\u00ed z tureck\u00e9 gramatiky. Zlep\u0161ete sv\u00e9 jazykov\u00e9 dovednosti efektivn\u011b je\u0161t\u011b dnes.\",\"breadcrumb\":{\"@id\":\"https:\/\/talkpal.ai\/cs\/cviceni-na-tureckou-gramatiku\/#breadcrumb\"},\"inLanguage\":\"cs\",\"potentialAction\":[{\"@type\":\"ReadAction\",\"target\":[\"https:\/\/talkpal.ai\/cs\/cviceni-na-tureckou-gramatiku\/\"]}]},{\"@type\":\"ImageObject\",\"inLanguage\":\"cs\",\"@id\":\"https:\/\/talkpal.ai\/cs\/cviceni-na-tureckou-gramatiku\/#primaryimage\",\"url\":\"https:\/\/talkpal.ai\/wp-content\/uploads\/2023\/05\/turkish.png\",\"contentUrl\":\"https:\/\/talkpal.ai\/wp-content\/uploads\/2023\/05\/turkish.png\",\"width\":512,\"height\":512},{\"@type\":\"BreadcrumbList\",\"@id\":\"https:\/\/talkpal.ai\/cs\/cviceni-na-tureckou-gramatiku\/#breadcrumb\",\"itemListElement\":[{\"@type\":\"ListItem\",\"position\":1,\"name\":\"Homepage\",\"item\":\"https:\/\/talkpal.ai\/cs\/\"},{\"@type\":\"ListItem\",\"position\":2,\"name\":\"Cvi\u010den\u00ed na tureckou gramatiku\"}]},{\"@type\":\"WebSite\",\"@id\":\"https:\/\/talkpal.ai\/cs\/#website\",\"url\":\"https:\/\/talkpal.ai\/cs\/\",\"name\":\"Talkpal\",\"description\":\"AI Language Learning\",\"publisher\":{\"@id\":\"https:\/\/talkpal.ai\/cs\/#organization\"},\"alternateName\":\"Talkpal AI\",\"potentialAction\":[{\"@type\":\"SearchAction\",\"target\":{\"@type\":\"EntryPoint\",\"urlTemplate\":\"https:\/\/talkpal.ai\/cs\/?s={search_term_string}\"},\"query-input\":{\"@type\":\"PropertyValueSpecification\",\"valueRequired\":true,\"valueName\":\"search_term_string\"}}],\"inLanguage\":\"cs\"},{\"@type\":\"Organization\",\"@id\":\"https:\/\/talkpal.ai\/cs\/#organization\",\"name\":\"Talkpal, Inc.\",\"alternateName\":\"Talkpal AI\",\"url\":\"https:\/\/talkpal.ai\/cs\/\",\"logo\":{\"@type\":\"ImageObject\",\"inLanguage\":\"cs\",\"@id\":\"https:\/\/talkpal.ai\/cs\/#\/schema\/logo\/image\/\",\"url\":\"https:\/\/talkpal.ai\/wp-content\/uploads\/2024\/03\/Talkpal-Logo-Icon.png\",\"contentUrl\":\"https:\/\/talkpal.ai\/wp-content\/uploads\/2024\/03\/Talkpal-Logo-Icon.png\",\"width\":2880,\"height\":2880,\"caption\":\"Talkpal, Inc.\"},\"image\":{\"@id\":\"https:\/\/talkpal.ai\/cs\/#\/schema\/logo\/image\/\"},\"sameAs\":[\"https:\/\/www.facebook.com\/profile.php?id=100090733639311\",\"https:\/\/x.com\/talkpalai\",\"https:\/\/www.linkedin.com\/company\/talkpal\/\",\"https:\/\/www.youtube.com\/@TalkPal\/\",\"https:\/\/www.tiktok.com\/@talkpal\",\"https:\/\/www.instagram.com\/talkpal_ai\/\",\"https:\/\/www.crunchbase.com\/organization\/talkpal-9cde\",\"https:\/\/www.g2.com\/products\/talkpal-for-business\/\",\"https:\/\/www.trustpilot.com\/review\/talkpal.ai\",\"https:\/\/www.capterra.com\/p\/10006800\/TalkPal\/\"],\"description\":\"Talkpal is a language learning web and mobile education app, powered by the latest AI technologies, that provides engaging experiences to its customers in many different languages to help them improve their language skills. Users can chat about unlimited amount of topics with the app and use other modes to practice their language learning.\",\"email\":\"support@talkpal.ai\",\"legalName\":\"Talkpal, Inc.\",\"foundingDate\":\"2023-04-03\",\"duns\":\"118989042\",\"numberOfEmployees\":{\"@type\":\"QuantitativeValue\",\"minValue\":\"11\",\"maxValue\":\"50\"},\"publishingPrinciples\":\"https:\/\/talkpal.ai\/publishing-principles\/\",\"actionableFeedbackPolicy\":\"https:\/\/talkpal.ai\/actionable-feedback-policy\/\",\"correctionsPolicy\":\"https:\/\/talkpal.ai\/corrections-policy\/\",\"ethicsPolicy\":\"https:\/\/talkpal.ai\/ethics-policy\/\",\"diversityPolicy\":\"https:\/\/talkpal.ai\/diversity-policy\/\",\"diversityStaffingReport\":\"https:\/\/talkpal.ai\/diversity-policy\/\"}]}<\/script>\n<!-- \/ Yoast SEO Premium plugin. -->","yoast_head_json":{"title":"Cvi\u010den\u00ed na tureckou gramatiku - Talkpal","description":"Zvl\u00e1dn\u011bte tureckou gramatiku pomoc\u00ed na\u0161ich komplexn\u00edch cvi\u010den\u00ed z tureck\u00e9 gramatiky. Zlep\u0161ete sv\u00e9 jazykov\u00e9 dovednosti efektivn\u011b je\u0161t\u011b dnes.","robots":{"index":"index","follow":"follow","max-snippet":"max-snippet:-1","max-image-preview":"max-image-preview:large","max-video-preview":"max-video-preview:-1"},"canonical":"https:\/\/talkpal.ai\/cs\/cviceni-na-tureckou-gramatiku\/","og_locale":"cs_CZ","og_type":"article","og_title":"Cvi\u010den\u00ed na tureckou gramatiku","og_description":"T\u00e9mata tureck\u00e9 gramatiky U\u010den\u00ed se tureck\u00e9mu jazyku m\u016f\u017ee b\u00fdt obohacuj\u00edc\u00ed, ale n\u00e1ro\u010dn\u00e9 \u00fasil\u00ed d\u00edky jeho jedine\u010dn\u00e9 struktu\u0159e a gramatice. Jedn\u00edm z hlavn\u00edch","og_url":"https:\/\/talkpal.ai\/cs\/cviceni-na-tureckou-gramatiku\/","og_site_name":"Talkpal","article_publisher":"https:\/\/www.facebook.com\/profile.php?id=100090733639311","article_modified_time":"2025-12-17T10:36:17+00:00","og_image":[{"width":512,"height":512,"url":"https:\/\/talkpal.ai\/wp-content\/uploads\/2023\/05\/turkish.png","type":"image\/png"}],"twitter_card":"summary_large_image","twitter_site":"@talkpalai","twitter_misc":{"Odhadovan\u00e1 doba \u010dten\u00ed":"2 minuty"},"schema":{"@context":"https:\/\/schema.org","@graph":[{"@type":"WebPage","@id":"https:\/\/talkpal.ai\/cs\/cviceni-na-tureckou-gramatiku\/","url":"https:\/\/talkpal.ai\/cs\/cviceni-na-tureckou-gramatiku\/","name":"Cvi\u010den\u00ed na tureckou gramatiku - Talkpal","isPartOf":{"@id":"https:\/\/talkpal.ai\/cs\/#website"},"primaryImageOfPage":{"@id":"https:\/\/talkpal.ai\/cs\/cviceni-na-tureckou-gramatiku\/#primaryimage"},"image":{"@id":"https:\/\/talkpal.ai\/cs\/cviceni-na-tureckou-gramatiku\/#primaryimage"},"thumbnailUrl":"https:\/\/talkpal.ai\/wp-content\/uploads\/2023\/05\/turkish.png","datePublished":"2023-07-05T10:34:01+00:00","dateModified":"2025-12-17T10:36:17+00:00","description":"Zvl\u00e1dn\u011bte tureckou gramatiku pomoc\u00ed na\u0161ich komplexn\u00edch cvi\u010den\u00ed z tureck\u00e9 gramatiky. Zlep\u0161ete sv\u00e9 jazykov\u00e9 dovednosti efektivn\u011b je\u0161t\u011b dnes.","breadcrumb":{"@id":"https:\/\/talkpal.ai\/cs\/cviceni-na-tureckou-gramatiku\/#breadcrumb"},"inLanguage":"cs","potentialAction":[{"@type":"ReadAction","target":["https:\/\/talkpal.ai\/cs\/cviceni-na-tureckou-gramatiku\/"]}]},{"@type":"ImageObject","inLanguage":"cs","@id":"https:\/\/talkpal.ai\/cs\/cviceni-na-tureckou-gramatiku\/#primaryimage","url":"https:\/\/talkpal.ai\/wp-content\/uploads\/2023\/05\/turkish.png","contentUrl":"https:\/\/talkpal.ai\/wp-content\/uploads\/2023\/05\/turkish.png","width":512,"height":512},{"@type":"BreadcrumbList","@id":"https:\/\/talkpal.ai\/cs\/cviceni-na-tureckou-gramatiku\/#breadcrumb","itemListElement":[{"@type":"ListItem","position":1,"name":"Homepage","item":"https:\/\/talkpal.ai\/cs\/"},{"@type":"ListItem","position":2,"name":"Cvi\u010den\u00ed na tureckou gramatiku"}]},{"@type":"WebSite","@id":"https:\/\/talkpal.ai\/cs\/#website","url":"https:\/\/talkpal.ai\/cs\/","name":"Talkpal","description":"AI Language Learning","publisher":{"@id":"https:\/\/talkpal.ai\/cs\/#organization"},"alternateName":"Talkpal AI","potentialAction":[{"@type":"SearchAction","target":{"@type":"EntryPoint","urlTemplate":"https:\/\/talkpal.ai\/cs\/?s={search_term_string}"},"query-input":{"@type":"PropertyValueSpecification","valueRequired":true,"valueName":"search_term_string"}}],"inLanguage":"cs"},{"@type":"Organization","@id":"https:\/\/talkpal.ai\/cs\/#organization","name":"Talkpal, Inc.","alternateName":"Talkpal AI","url":"https:\/\/talkpal.ai\/cs\/","logo":{"@type":"ImageObject","inLanguage":"cs","@id":"https:\/\/talkpal.ai\/cs\/#\/schema\/logo\/image\/","url":"https:\/\/talkpal.ai\/wp-content\/uploads\/2024\/03\/Talkpal-Logo-Icon.png","contentUrl":"https:\/\/talkpal.ai\/wp-content\/uploads\/2024\/03\/Talkpal-Logo-Icon.png","width":2880,"height":2880,"caption":"Talkpal, Inc."},"image":{"@id":"https:\/\/talkpal.ai\/cs\/#\/schema\/logo\/image\/"},"sameAs":["https:\/\/www.facebook.com\/profile.php?id=100090733639311","https:\/\/x.com\/talkpalai","https:\/\/www.linkedin.com\/company\/talkpal\/","https:\/\/www.youtube.com\/@TalkPal\/","https:\/\/www.tiktok.com\/@talkpal","https:\/\/www.instagram.com\/talkpal_ai\/","https:\/\/www.crunchbase.com\/organization\/talkpal-9cde","https:\/\/www.g2.com\/products\/talkpal-for-business\/","https:\/\/www.trustpilot.com\/review\/talkpal.ai","https:\/\/www.capterra.com\/p\/10006800\/TalkPal\/"],"description":"Talkpal is a language learning web and mobile education app, powered by the latest AI technologies, that provides engaging experiences to its customers in many different languages to help them improve their language skills. Users can chat about unlimited amount of topics with the app and use other modes to practice their language learning.","email":"support@talkpal.ai","legalName":"Talkpal, Inc.","foundingDate":"2023-04-03","duns":"118989042","numberOfEmployees":{"@type":"QuantitativeValue","minValue":"11","maxValue":"50"},"publishingPrinciples":"https:\/\/talkpal.ai\/publishing-principles\/","actionableFeedbackPolicy":"https:\/\/talkpal.ai\/actionable-feedback-policy\/","correctionsPolicy":"https:\/\/talkpal.ai\/corrections-policy\/","ethicsPolicy":"https:\/\/talkpal.ai\/ethics-policy\/","diversityPolicy":"https:\/\/talkpal.ai\/diversity-policy\/","diversityStaffingReport":"https:\/\/talkpal.ai\/diversity-policy\/"}]}},"_links":{"self":[{"href":"https:\/\/talkpal.ai\/cs\/wp-json\/wp\/v2\/pages\/155520","targetHints":{"allow":["GET"]}}],"collection":[{"href":"https:\/\/talkpal.ai\/cs\/wp-json\/wp\/v2\/pages"}],"about":[{"href":"https:\/\/talkpal.ai\/cs\/wp-json\/wp\/v2\/types\/page"}],"author":[{"embeddable":true,"href":"https:\/\/talkpal.ai\/cs\/wp-json\/wp\/v2\/users\/6"}],"replies":[{"embeddable":true,"href":"https:\/\/talkpal.ai\/cs\/wp-json\/wp\/v2\/comments?post=155520"}],"version-history":[{"count":0,"href":"https:\/\/talkpal.ai\/cs\/wp-json\/wp\/v2\/pages\/155520\/revisions"}],"wp:featuredmedia":[{"embeddable":true,"href":"https:\/\/talkpal.ai\/cs\/wp-json\/wp\/v2\/media\/120948"}],"wp:attachment":[{"href":"https:\/\/talkpal.ai\/cs\/wp-json\/wp\/v2\/media?parent=155520"}],"curies":[{"name":"wp","href":"https:\/\/api.w.org\/{rel}","templated":true}]}}