{"id":155223,"date":"2023-07-05T10:41:01","date_gmt":"2023-07-05T10:41:01","guid":{"rendered":"http:\/\/talkpal.ai\/urdska-gramaticka-cviceni\/"},"modified":"2025-12-17T14:42:13","modified_gmt":"2025-12-17T14:42:13","slug":"urdska-gramaticka-cviceni","status":"publish","type":"page","link":"https:\/\/talkpal.ai\/cs\/urdska-gramaticka-cviceni\/","title":{"rendered":"Urdsk\u00e1 gramatick\u00e1 cvi\u010den\u00ed"},"content":{"rendered":"\r\n\r\n\r\n<section class=\"languageChallengeSection\">\r\n    <div class=\"languageInfoWrapper\">\r\n        \r\n        <h1>Urdsk\u00e1 gramatick\u00e1 cvi\u010den\u00ed<\/h1>\r\n        <p>Chcete se c\u00edtit jist\u011bji p\u0159i pou\u017e\u00edv\u00e1n\u00ed urd\u0161tiny? Procvi\u010dov\u00e1n\u00ed gramatick\u00fdch cvi\u010den\u00ed je skv\u011bl\u00fdm zp\u016fsobem, jak si osvojit strukturu v\u011bt, slovesn\u00e9 tvary a jedine\u010dn\u00e9 rysy urd\u0161tiny. Za\u010dn\u011bte pracovat na sv\u00e9 urdsk\u00e9 gramatice je\u0161t\u011b dnes a sledujte, jak se s ka\u017ed\u00fdm cvi\u010den\u00edm zlep\u0161uje va\u0161e porozum\u011bn\u00ed a plynulost!<\/p>\r\n\r\n                            <a class=\"getStartedHidden\" href=\"https:\/\/app.talkpal.ai\/cs\/signup?lng=\">Za\u010dni<\/a>\r\n        \r\n    <\/div>\r\n\r\n    <figure>\r\n    <img decoding=\"async\" width=\"768\" height=\"768\" src=\"https:\/\/talkpal.ai\/wp-content\/uploads\/2023\/06\/urdu-768x768.png\" class=\"languageImage no-lazy\" alt=\"Language learning for global understanding\" fetchpriority=\"high\" sizes=\"(max-width: 768px) 150px, 768px\" srcset=\"https:\/\/talkpal.ai\/wp-content\/uploads\/2023\/06\/urdu-768x768.png 768w, https:\/\/talkpal.ai\/wp-content\/uploads\/2023\/06\/urdu-300x300.png 300w\" \/>\r\n    \r\n\r\n    <\/figure>\r\n\r\n            <a class=\"getStartedVisible\" href=\"https:\/\/app.talkpal.ai\/cs\/signup?lng=\">Za\u010dni<\/a>\r\n    \r\n<\/section>\r\n\r\n\r\n<!-- <section class=\"grammarSection\">\r\n    <div class=\"grammarLinks\">\r\n            <\/div>\r\n<\/section> -->\r\n\r\n\r\n\r\n\r\n<section class=\"promotionalBanner\">\r\n    <p class=\"promotionalText\">Nejefektivn\u011bj\u0161\u00ed <a href=\"https:\/\/talkpal.ai\/best-way-to-learn\/\">zp\u016fsob<\/a>, jak se nau\u010dit jazyk<\/p>\r\n    <a class=\"promotionalLink\" href=\"https:\/\/app.talkpal.ai\/cs\/signup?lng=\">Vyzkou\u0161ejte Talkpal zdarma<\/a>\r\n<\/section>\n<div class=\"wp-block-group pageContainerStyle\"><div class=\"wp-block-group__inner-container is-layout-constrained wp-block-group-is-layout-constrained\">\n<h2 class=\"wp-block-heading\" id=\"h-urdu-grammar-topics\">T\u00e9mata urdsk\u00e9 gramatiky<\/h2>\n\n\n\n<p>U\u010den\u00ed urd\u0161tiny, jazyka obohacen\u00e9ho o rozmanit\u00e9 v\u00fdrazy, hlubok\u00e9 v\u00fdznamy a slo\u017eitou gramatickou strukturu, m\u016f\u017ee b\u00fdt fascinuj\u00edc\u00ed cestou. Zvl\u00e1dnut\u00ed jeho gramatiky v\u0161ak vy\u017eaduje systematick\u00fd p\u0159\u00edstup. N\u00ed\u017ee je uvedena navrhovan\u00e1 posloupnost a stru\u010dn\u00fd popis t\u00e9mat urdsk\u00e9 gramatiky, kter\u00e9 v\u00e1m pomohou nau\u010dit se jazyk snadno a efektivn\u011b.<\/p>\n\n\n\n<h3 class=\"wp-block-heading\" id=\"h-1-nouns\">1. Podstatn\u00e1 jm\u00e9na:<\/h3>\n\n\n\n<p>Za\u010dn\u011bte s ur\u010dov\u00e1n\u00edm podstatn\u00fdch jmen neboli &#8222;ism\u016f&#8220; v urd\u0161tin\u011b a pochopte, jak tvo\u0159\u00ed z\u00e1klad v\u011bt. Nau\u010dte se rozpozn\u00e1vat b\u011b\u017en\u00e1, spr\u00e1vn\u00e1, po\u010ditateln\u00e1 a nepo\u010ditateln\u00e1 podstatn\u00e1 jm\u00e9na.<\/p>\n\n\n\n<h3 class=\"wp-block-heading\" id=\"h-2-pronouns-determiners\">2. Z\u00e1jmena\/determinanty:<\/h3>\n\n\n\n<p>P\u0159esu\u0148te se k z\u00e1jmen\u016fm nebo &#8222;zaameer&#8220; a determin\u00e1tor\u016fm nebo &#8222;muarref&#8220;. Nahrazuj\u00ed podstatn\u00e1 jm\u00e9na ve v\u011bt\u011b a ozna\u010duj\u00ed vlastnictv\u00ed, mno\u017estv\u00ed nebo identitu.<\/p>\n\n\n\n<h3 class=\"wp-block-heading\" id=\"h-3-articles\">3. \u010cl\u00e1nky:<\/h3>\n\n\n\n<p>V urd\u0161tin\u011b nen\u00ed pojem \u010dl\u00e1nk\u016f tak v\u00fdrazn\u00fd jako v angli\u010dtin\u011b. P\u0159esto je d\u016fle\u017eit\u00e9 pochopit jejich subtiln\u00ed existenci ve form\u011b ur\u010dit\u00fdch postpozic.<\/p>\n\n\n\n<h3 class=\"wp-block-heading\" id=\"h-4-adjectives\">4. P\u0159\u00eddavn\u00e1 jm\u00e9na:<\/h3>\n\n\n\n<p>P\u0159\u00eddavn\u00e1 jm\u00e9na popisuj\u00ed nebo modifikuj\u00ed podstatn\u00e1 jm\u00e9na. Nau\u010dte se jejich um\u00edst\u011bn\u00ed ve v\u011bt\u00e1ch a jejich shodu s podstatn\u00fdmi jm\u00e9ny, kter\u00e1 modifikuj\u00ed.<\/p>\n\n\n\n<h3 class=\"wp-block-heading\" id=\"h-5-verbs\">5. Slovesa:<\/h3>\n\n\n\n<p>Slovesa neboli &#8222;fail&#8220; jsou z\u00e1kladem struktury v\u011bty. Nau\u010dte se r\u016fzn\u00e9 typy sloves a pravidla jejich \u010dasov\u00e1n\u00ed.<\/p>\n\n\n\n<h3 class=\"wp-block-heading\" id=\"h-6-adverbs\">6. P\u0159\u00edslovce:<\/h3>\n\n\n\n<p>P\u0159\u00edslovce neboli &#8222;h\u0101l&#8220; modifikuj\u00ed slovesa, p\u0159\u00eddavn\u00e1 jm\u00e9na nebo jin\u00e1 p\u0159\u00edslovce. Pochopte jejich um\u00edst\u011bn\u00ed a r\u016fzn\u00e9 typy.<\/p>\n\n\n\n<h3 class=\"wp-block-heading\" id=\"h-7-prepositions\">7. P\u0159edlo\u017eky:<\/h3>\n\n\n\n<p>P\u0159edlo\u017eky neboli &#8222;harf-e-jarr&#8220; spojuj\u00ed podstatn\u00e1 jm\u00e9na nebo z\u00e1jmena s jin\u00fdmi slovy ve v\u011bt\u011b. Vyjad\u0159uj\u00ed r\u016fzn\u00e9 vztahy, jako je sm\u011br, m\u00edsto, \u010das, p\u0159\u00ed\u010dina, zp\u016fsob a mno\u017estv\u00ed.<\/p>\n\n\n\n<h3 class=\"wp-block-heading\" id=\"h-8-tenses\">8. \u010casy:<\/h3>\n\n\n\n<p>\u010casy neboli &#8222;zam\u0101n&#8220; ozna\u010duj\u00ed, kdy se d\u011bj odehr\u00e1v\u00e1. V urd\u0161tin\u011b existuj\u00ed t\u0159i z\u00e1kladn\u00ed \u010dasy: minulost, p\u0159\u00edtomnost a budoucnost, z nich\u017e ka\u017ed\u00fd m\u00e1 sv\u00e9 vlastn\u00ed podtypy.<\/p>\n\n\n\n<h3 class=\"wp-block-heading\" id=\"h-9-tense-comparison\">9. Srovn\u00e1n\u00ed \u010das\u016f:<\/h3>\n\n\n\n<p>Nau\u010dte se porovn\u00e1vat \u010dasy, abyste pochopili jemn\u00e9 v\u00fdznamov\u00e9 rozd\u00edly mezi podobn\u00fdmi v\u011btn\u00fdmi strukturami v r\u016fzn\u00fdch \u010dasech.<\/p>\n\n\n\n<h3 class=\"wp-block-heading\" id=\"h-10-progressive\">10. Progresivn\u00ed:<\/h3>\n\n\n\n<p>Pr\u016fb\u011bhov\u00fd \u010das ozna\u010duje prob\u00edhaj\u00edc\u00ed akce. Tento koncept je v urd\u0161tin\u011b vyj\u00e1d\u0159en pomoc\u00ed pomocn\u00fdch sloves.<\/p>\n\n\n\n<h3 class=\"wp-block-heading\" id=\"h-11-perfect-progressive\">11. Perfektn\u00ed progresivn\u00ed:<\/h3>\n\n\n\n<p>P\u0159edminul\u00fd pr\u016fb\u011bhov\u00fd \u010das vyjad\u0159uje d\u011bj, kter\u00fd za\u010dal v minulosti, n\u011bjakou dobu pokra\u010doval a mo\u017en\u00e1 st\u00e1le prob\u00edh\u00e1. V urd\u0161tin\u011b je to vyj\u00e1d\u0159eno kombinac\u00ed pomocn\u00fdch sloves.<\/p>\n\n\n\n<h3 class=\"wp-block-heading\" id=\"h-12-conditionals\">12. Podm\u00ednkov\u00e9 v\u011bty:<\/h3>\n\n\n\n<p>Kondicion\u00e1ly neboli &#8222;shartia&#8220; vyjad\u0159uj\u00ed hypotetick\u00e9 situace a jejich mo\u017en\u00e9 v\u00fdsledky. Tato slo\u017eit\u00e1 souv\u011bt\u00ed vy\u017eaduj\u00ed dobr\u00e9 porozum\u011bn\u00ed sloves\u016fm a \u010das\u016fm.<\/p>\n\n\n\n<h3 class=\"wp-block-heading\" id=\"h-13-sentences\">13. V\u011bty:<\/h3>\n\n\n\n<p>Nakonec v\u0161echny tyto pojmy pou\u017eijte k vytvo\u0159en\u00ed v\u011bt neboli &#8222;jumley&#8220;. Porozum\u011bt r\u016fzn\u00fdm typ\u016fm v\u011bt a jejich struktu\u0159e v urd\u0161tin\u011b.<\/p>\n<\/div><\/div>\n\r\n<section class=\"learnNavigationSection\">\r\n            \r\n        <a href=\"https:\/\/talkpal.ai\/cs\/naucte-se-urdsky\/\">\r\n            <div class=\"learnNavigationWrapper\">\r\n                <div class=\"learnNavigationContent\">\r\n                    <img decoding=\"async\" src=\"https:\/\/talkpal.ai\/wp-content\/uploads\/2024\/08\/Urdu.jpg\" alt=\"Pakistani Flag\">\r\n                    <div>\r\n                        <h4>O u\u010den\u00ed urd\u0161tiny<\/h4>\r\n                        <p>Zjist\u011bte v\u0161e o gramatice urd\u0161tiny .<\/p>\r\n                    <\/div>\r\n                <\/div>\r\n            <\/div>\r\n        <\/a>\r\n\r\n        \r\n        <a href=\"https:\/\/talkpal.ai\/cs\/urdska-gramatika\/\">\r\n            <div class=\"learnNavigationWrapper\">\r\n                <div class=\"learnNavigationContent\">\r\n                    <img decoding=\"async\" src=\"https:\/\/talkpal.ai\/wp-content\/uploads\/2024\/08\/Urdu.jpg\" alt=\"Pakistani Flag\">\r\n                    <div>\r\n                        <h4>Lekce urdsk\u00e9 gramatiky<\/h4>\r\n                        <p>Procvi\u010dte si urdskou gramatiku.<\/p>\r\n                    <\/div>\r\n                <\/div>\r\n            <\/div>\r\n        <\/a>\r\n\r\n        \r\n        <a href=\"https:\/\/talkpal.ai\/vocabulary_language\/urdu\/\">\r\n            <div class=\"learnNavigationWrapper\">\r\n                <div class=\"learnNavigationContent\">\r\n                    <img decoding=\"async\" src=\"https:\/\/talkpal.ai\/wp-content\/uploads\/2024\/08\/Urdu.jpg\" alt=\"Pakistani Flag\">\r\n                    <div>\r\n                        <h4>Slovn\u00ed z\u00e1soba urd\u0161tiny<\/h4>\r\n                        <p>Roz\u0161i\u0159te si slovn\u00ed z\u00e1sobu urd\u0161tiny.<\/p>\r\n                    <\/div>\r\n                <\/div>\r\n            <\/div>\r\n        <\/a>\r\n\r\n            <\/section>","protected":false},"excerpt":{"rendered":"<p>T\u00e9mata urdsk\u00e9 gramatiky U\u010den\u00ed urd\u0161tiny, jazyka obohacen\u00e9ho o rozmanit\u00e9 v\u00fdrazy, hlubok\u00e9 v\u00fdznamy a slo\u017eitou gramatickou strukturu, m\u016f\u017ee b\u00fdt fascinuj\u00edc\u00ed cestou. Zvl\u00e1dnut\u00ed jeho gramatiky v\u0161ak vy\u017eaduje systematick\u00fd p\u0159\u00edstup. N\u00ed\u017ee je uvedena navrhovan\u00e1 posloupnost a stru\u010dn\u00fd popis t\u00e9mat urdsk\u00e9 gramatiky, kter\u00e9 v\u00e1m pomohou nau\u010dit se jazyk snadno a efektivn\u011b. 1. Podstatn\u00e1 jm\u00e9na: Za\u010dn\u011bte s ur\u010dov\u00e1n\u00edm podstatn\u00fdch jmen [&hellip;]<\/p>\n","protected":false},"author":6,"featured_media":121210,"parent":0,"menu_order":0,"comment_status":"closed","ping_status":"closed","template":"LearningContentPage.php","meta":{"_acf_changed":false,"footnotes":""},"class_list":["post-155223","page","type-page","status-publish","has-post-thumbnail","hentry"],"acf":[],"yoast_head":"<!-- This site is optimized with the Yoast SEO Premium plugin v27.2 (Yoast SEO v27.2) - https:\/\/yoast.com\/product\/yoast-seo-premium-wordpress\/ -->\n<title>Urdsk\u00e1 gramatick\u00e1 cvi\u010den\u00ed - Talkpal<\/title>\n<meta name=\"description\" content=\"Zvl\u00e1dn\u011bte urd\u0161tinu pomoc\u00ed na\u0161ich komplexn\u00edch cvi\u010den\u00ed z urdsk\u00e9 gramatiky, kter\u00e1 zlep\u0161\u00ed va\u0161e porozum\u011bn\u00ed podstatn\u00fdm jm\u00e9n\u016fm, z\u00e1jmen\u016fm a dal\u0161\u00edm.\" \/>\n<meta name=\"robots\" content=\"index, follow, max-snippet:-1, max-image-preview:large, max-video-preview:-1\" \/>\n<link rel=\"canonical\" href=\"https:\/\/talkpal.ai\/cs\/urdska-gramaticka-cviceni\/\" \/>\n<meta property=\"og:locale\" content=\"cs_CZ\" \/>\n<meta property=\"og:type\" content=\"article\" \/>\n<meta property=\"og:title\" content=\"Urdsk\u00e1 gramatick\u00e1 cvi\u010den\u00ed\" \/>\n<meta property=\"og:description\" content=\"T\u00e9mata urdsk\u00e9 gramatiky U\u010den\u00ed urd\u0161tiny, jazyka obohacen\u00e9ho o rozmanit\u00e9 v\u00fdrazy, hlubok\u00e9 v\u00fdznamy a slo\u017eitou gramatickou strukturu, m\u016f\u017ee b\u00fdt fascinuj\u00edc\u00ed\" \/>\n<meta property=\"og:url\" content=\"https:\/\/talkpal.ai\/cs\/urdska-gramaticka-cviceni\/\" \/>\n<meta property=\"og:site_name\" content=\"Talkpal\" \/>\n<meta property=\"article:publisher\" content=\"https:\/\/www.facebook.com\/profile.php?id=100090733639311\" \/>\n<meta property=\"article:modified_time\" content=\"2025-12-17T14:42:13+00:00\" \/>\n<meta property=\"og:image\" content=\"https:\/\/talkpal.ai\/wp-content\/uploads\/2023\/05\/Urdu-pakistan.png\" \/>\n\t<meta property=\"og:image:width\" content=\"512\" \/>\n\t<meta property=\"og:image:height\" content=\"512\" \/>\n\t<meta property=\"og:image:type\" content=\"image\/png\" \/>\n<meta name=\"twitter:card\" content=\"summary_large_image\" \/>\n<meta name=\"twitter:site\" content=\"@talkpalai\" \/>\n<meta name=\"twitter:label1\" content=\"Odhadovan\u00e1 doba \u010dten\u00ed\" \/>\n\t<meta name=\"twitter:data1\" content=\"2 minuty\" \/>\n<script type=\"application\/ld+json\" class=\"yoast-schema-graph\">{\"@context\":\"https:\/\/schema.org\",\"@graph\":[{\"@type\":\"WebPage\",\"@id\":\"https:\/\/talkpal.ai\/cs\/urdska-gramaticka-cviceni\/\",\"url\":\"https:\/\/talkpal.ai\/cs\/urdska-gramaticka-cviceni\/\",\"name\":\"Urdsk\u00e1 gramatick\u00e1 cvi\u010den\u00ed - Talkpal\",\"isPartOf\":{\"@id\":\"https:\/\/talkpal.ai\/cs\/#website\"},\"primaryImageOfPage\":{\"@id\":\"https:\/\/talkpal.ai\/cs\/urdska-gramaticka-cviceni\/#primaryimage\"},\"image\":{\"@id\":\"https:\/\/talkpal.ai\/cs\/urdska-gramaticka-cviceni\/#primaryimage\"},\"thumbnailUrl\":\"https:\/\/talkpal.ai\/wp-content\/uploads\/2023\/05\/Urdu-pakistan.png\",\"datePublished\":\"2023-07-05T10:41:01+00:00\",\"dateModified\":\"2025-12-17T14:42:13+00:00\",\"description\":\"Zvl\u00e1dn\u011bte urd\u0161tinu pomoc\u00ed na\u0161ich komplexn\u00edch cvi\u010den\u00ed z urdsk\u00e9 gramatiky, kter\u00e1 zlep\u0161\u00ed va\u0161e porozum\u011bn\u00ed podstatn\u00fdm jm\u00e9n\u016fm, z\u00e1jmen\u016fm a dal\u0161\u00edm.\",\"breadcrumb\":{\"@id\":\"https:\/\/talkpal.ai\/cs\/urdska-gramaticka-cviceni\/#breadcrumb\"},\"inLanguage\":\"cs\",\"potentialAction\":[{\"@type\":\"ReadAction\",\"target\":[\"https:\/\/talkpal.ai\/cs\/urdska-gramaticka-cviceni\/\"]}]},{\"@type\":\"ImageObject\",\"inLanguage\":\"cs\",\"@id\":\"https:\/\/talkpal.ai\/cs\/urdska-gramaticka-cviceni\/#primaryimage\",\"url\":\"https:\/\/talkpal.ai\/wp-content\/uploads\/2023\/05\/Urdu-pakistan.png\",\"contentUrl\":\"https:\/\/talkpal.ai\/wp-content\/uploads\/2023\/05\/Urdu-pakistan.png\",\"width\":512,\"height\":512},{\"@type\":\"BreadcrumbList\",\"@id\":\"https:\/\/talkpal.ai\/cs\/urdska-gramaticka-cviceni\/#breadcrumb\",\"itemListElement\":[{\"@type\":\"ListItem\",\"position\":1,\"name\":\"Homepage\",\"item\":\"https:\/\/talkpal.ai\/cs\/\"},{\"@type\":\"ListItem\",\"position\":2,\"name\":\"Urdsk\u00e1 gramatick\u00e1 cvi\u010den\u00ed\"}]},{\"@type\":\"WebSite\",\"@id\":\"https:\/\/talkpal.ai\/cs\/#website\",\"url\":\"https:\/\/talkpal.ai\/cs\/\",\"name\":\"Talkpal\",\"description\":\"AI Language Learning\",\"publisher\":{\"@id\":\"https:\/\/talkpal.ai\/cs\/#organization\"},\"alternateName\":\"Talkpal AI\",\"potentialAction\":[{\"@type\":\"SearchAction\",\"target\":{\"@type\":\"EntryPoint\",\"urlTemplate\":\"https:\/\/talkpal.ai\/cs\/?s={search_term_string}\"},\"query-input\":{\"@type\":\"PropertyValueSpecification\",\"valueRequired\":true,\"valueName\":\"search_term_string\"}}],\"inLanguage\":\"cs\"},{\"@type\":\"Organization\",\"@id\":\"https:\/\/talkpal.ai\/cs\/#organization\",\"name\":\"Talkpal, Inc.\",\"alternateName\":\"Talkpal AI\",\"url\":\"https:\/\/talkpal.ai\/cs\/\",\"logo\":{\"@type\":\"ImageObject\",\"inLanguage\":\"cs\",\"@id\":\"https:\/\/talkpal.ai\/cs\/#\/schema\/logo\/image\/\",\"url\":\"https:\/\/talkpal.ai\/wp-content\/uploads\/2024\/03\/Talkpal-Logo-Icon.png\",\"contentUrl\":\"https:\/\/talkpal.ai\/wp-content\/uploads\/2024\/03\/Talkpal-Logo-Icon.png\",\"width\":2880,\"height\":2880,\"caption\":\"Talkpal, Inc.\"},\"image\":{\"@id\":\"https:\/\/talkpal.ai\/cs\/#\/schema\/logo\/image\/\"},\"sameAs\":[\"https:\/\/www.facebook.com\/profile.php?id=100090733639311\",\"https:\/\/x.com\/talkpalai\",\"https:\/\/www.linkedin.com\/company\/talkpal\/\",\"https:\/\/www.youtube.com\/@TalkPal\/\",\"https:\/\/www.tiktok.com\/@talkpal\",\"https:\/\/www.instagram.com\/talkpal_ai\/\",\"https:\/\/www.crunchbase.com\/organization\/talkpal-9cde\",\"https:\/\/www.g2.com\/products\/talkpal-for-business\/\",\"https:\/\/www.trustpilot.com\/review\/talkpal.ai\",\"https:\/\/www.capterra.com\/p\/10006800\/TalkPal\/\"],\"description\":\"Talkpal is a language learning web and mobile education app, powered by the latest AI technologies, that provides engaging experiences to its customers in many different languages to help them improve their language skills. Users can chat about unlimited amount of topics with the app and use other modes to practice their language learning.\",\"email\":\"support@talkpal.ai\",\"legalName\":\"Talkpal, Inc.\",\"foundingDate\":\"2023-04-03\",\"duns\":\"118989042\",\"numberOfEmployees\":{\"@type\":\"QuantitativeValue\",\"minValue\":\"11\",\"maxValue\":\"50\"},\"publishingPrinciples\":\"https:\/\/talkpal.ai\/publishing-principles\/\",\"actionableFeedbackPolicy\":\"https:\/\/talkpal.ai\/actionable-feedback-policy\/\",\"correctionsPolicy\":\"https:\/\/talkpal.ai\/corrections-policy\/\",\"ethicsPolicy\":\"https:\/\/talkpal.ai\/ethics-policy\/\",\"diversityPolicy\":\"https:\/\/talkpal.ai\/diversity-policy\/\",\"diversityStaffingReport\":\"https:\/\/talkpal.ai\/diversity-policy\/\"}]}<\/script>\n<!-- \/ Yoast SEO Premium plugin. -->","yoast_head_json":{"title":"Urdsk\u00e1 gramatick\u00e1 cvi\u010den\u00ed - Talkpal","description":"Zvl\u00e1dn\u011bte urd\u0161tinu pomoc\u00ed na\u0161ich komplexn\u00edch cvi\u010den\u00ed z urdsk\u00e9 gramatiky, kter\u00e1 zlep\u0161\u00ed va\u0161e porozum\u011bn\u00ed podstatn\u00fdm jm\u00e9n\u016fm, z\u00e1jmen\u016fm a dal\u0161\u00edm.","robots":{"index":"index","follow":"follow","max-snippet":"max-snippet:-1","max-image-preview":"max-image-preview:large","max-video-preview":"max-video-preview:-1"},"canonical":"https:\/\/talkpal.ai\/cs\/urdska-gramaticka-cviceni\/","og_locale":"cs_CZ","og_type":"article","og_title":"Urdsk\u00e1 gramatick\u00e1 cvi\u010den\u00ed","og_description":"T\u00e9mata urdsk\u00e9 gramatiky U\u010den\u00ed urd\u0161tiny, jazyka obohacen\u00e9ho o rozmanit\u00e9 v\u00fdrazy, hlubok\u00e9 v\u00fdznamy a slo\u017eitou gramatickou strukturu, m\u016f\u017ee b\u00fdt fascinuj\u00edc\u00ed","og_url":"https:\/\/talkpal.ai\/cs\/urdska-gramaticka-cviceni\/","og_site_name":"Talkpal","article_publisher":"https:\/\/www.facebook.com\/profile.php?id=100090733639311","article_modified_time":"2025-12-17T14:42:13+00:00","og_image":[{"width":512,"height":512,"url":"https:\/\/talkpal.ai\/wp-content\/uploads\/2023\/05\/Urdu-pakistan.png","type":"image\/png"}],"twitter_card":"summary_large_image","twitter_site":"@talkpalai","twitter_misc":{"Odhadovan\u00e1 doba \u010dten\u00ed":"2 minuty"},"schema":{"@context":"https:\/\/schema.org","@graph":[{"@type":"WebPage","@id":"https:\/\/talkpal.ai\/cs\/urdska-gramaticka-cviceni\/","url":"https:\/\/talkpal.ai\/cs\/urdska-gramaticka-cviceni\/","name":"Urdsk\u00e1 gramatick\u00e1 cvi\u010den\u00ed - Talkpal","isPartOf":{"@id":"https:\/\/talkpal.ai\/cs\/#website"},"primaryImageOfPage":{"@id":"https:\/\/talkpal.ai\/cs\/urdska-gramaticka-cviceni\/#primaryimage"},"image":{"@id":"https:\/\/talkpal.ai\/cs\/urdska-gramaticka-cviceni\/#primaryimage"},"thumbnailUrl":"https:\/\/talkpal.ai\/wp-content\/uploads\/2023\/05\/Urdu-pakistan.png","datePublished":"2023-07-05T10:41:01+00:00","dateModified":"2025-12-17T14:42:13+00:00","description":"Zvl\u00e1dn\u011bte urd\u0161tinu pomoc\u00ed na\u0161ich komplexn\u00edch cvi\u010den\u00ed z urdsk\u00e9 gramatiky, kter\u00e1 zlep\u0161\u00ed va\u0161e porozum\u011bn\u00ed podstatn\u00fdm jm\u00e9n\u016fm, z\u00e1jmen\u016fm a dal\u0161\u00edm.","breadcrumb":{"@id":"https:\/\/talkpal.ai\/cs\/urdska-gramaticka-cviceni\/#breadcrumb"},"inLanguage":"cs","potentialAction":[{"@type":"ReadAction","target":["https:\/\/talkpal.ai\/cs\/urdska-gramaticka-cviceni\/"]}]},{"@type":"ImageObject","inLanguage":"cs","@id":"https:\/\/talkpal.ai\/cs\/urdska-gramaticka-cviceni\/#primaryimage","url":"https:\/\/talkpal.ai\/wp-content\/uploads\/2023\/05\/Urdu-pakistan.png","contentUrl":"https:\/\/talkpal.ai\/wp-content\/uploads\/2023\/05\/Urdu-pakistan.png","width":512,"height":512},{"@type":"BreadcrumbList","@id":"https:\/\/talkpal.ai\/cs\/urdska-gramaticka-cviceni\/#breadcrumb","itemListElement":[{"@type":"ListItem","position":1,"name":"Homepage","item":"https:\/\/talkpal.ai\/cs\/"},{"@type":"ListItem","position":2,"name":"Urdsk\u00e1 gramatick\u00e1 cvi\u010den\u00ed"}]},{"@type":"WebSite","@id":"https:\/\/talkpal.ai\/cs\/#website","url":"https:\/\/talkpal.ai\/cs\/","name":"Talkpal","description":"AI Language Learning","publisher":{"@id":"https:\/\/talkpal.ai\/cs\/#organization"},"alternateName":"Talkpal AI","potentialAction":[{"@type":"SearchAction","target":{"@type":"EntryPoint","urlTemplate":"https:\/\/talkpal.ai\/cs\/?s={search_term_string}"},"query-input":{"@type":"PropertyValueSpecification","valueRequired":true,"valueName":"search_term_string"}}],"inLanguage":"cs"},{"@type":"Organization","@id":"https:\/\/talkpal.ai\/cs\/#organization","name":"Talkpal, Inc.","alternateName":"Talkpal AI","url":"https:\/\/talkpal.ai\/cs\/","logo":{"@type":"ImageObject","inLanguage":"cs","@id":"https:\/\/talkpal.ai\/cs\/#\/schema\/logo\/image\/","url":"https:\/\/talkpal.ai\/wp-content\/uploads\/2024\/03\/Talkpal-Logo-Icon.png","contentUrl":"https:\/\/talkpal.ai\/wp-content\/uploads\/2024\/03\/Talkpal-Logo-Icon.png","width":2880,"height":2880,"caption":"Talkpal, Inc."},"image":{"@id":"https:\/\/talkpal.ai\/cs\/#\/schema\/logo\/image\/"},"sameAs":["https:\/\/www.facebook.com\/profile.php?id=100090733639311","https:\/\/x.com\/talkpalai","https:\/\/www.linkedin.com\/company\/talkpal\/","https:\/\/www.youtube.com\/@TalkPal\/","https:\/\/www.tiktok.com\/@talkpal","https:\/\/www.instagram.com\/talkpal_ai\/","https:\/\/www.crunchbase.com\/organization\/talkpal-9cde","https:\/\/www.g2.com\/products\/talkpal-for-business\/","https:\/\/www.trustpilot.com\/review\/talkpal.ai","https:\/\/www.capterra.com\/p\/10006800\/TalkPal\/"],"description":"Talkpal is a language learning web and mobile education app, powered by the latest AI technologies, that provides engaging experiences to its customers in many different languages to help them improve their language skills. Users can chat about unlimited amount of topics with the app and use other modes to practice their language learning.","email":"support@talkpal.ai","legalName":"Talkpal, Inc.","foundingDate":"2023-04-03","duns":"118989042","numberOfEmployees":{"@type":"QuantitativeValue","minValue":"11","maxValue":"50"},"publishingPrinciples":"https:\/\/talkpal.ai\/publishing-principles\/","actionableFeedbackPolicy":"https:\/\/talkpal.ai\/actionable-feedback-policy\/","correctionsPolicy":"https:\/\/talkpal.ai\/corrections-policy\/","ethicsPolicy":"https:\/\/talkpal.ai\/ethics-policy\/","diversityPolicy":"https:\/\/talkpal.ai\/diversity-policy\/","diversityStaffingReport":"https:\/\/talkpal.ai\/diversity-policy\/"}]}},"_links":{"self":[{"href":"https:\/\/talkpal.ai\/cs\/wp-json\/wp\/v2\/pages\/155223","targetHints":{"allow":["GET"]}}],"collection":[{"href":"https:\/\/talkpal.ai\/cs\/wp-json\/wp\/v2\/pages"}],"about":[{"href":"https:\/\/talkpal.ai\/cs\/wp-json\/wp\/v2\/types\/page"}],"author":[{"embeddable":true,"href":"https:\/\/talkpal.ai\/cs\/wp-json\/wp\/v2\/users\/6"}],"replies":[{"embeddable":true,"href":"https:\/\/talkpal.ai\/cs\/wp-json\/wp\/v2\/comments?post=155223"}],"version-history":[{"count":0,"href":"https:\/\/talkpal.ai\/cs\/wp-json\/wp\/v2\/pages\/155223\/revisions"}],"wp:featuredmedia":[{"embeddable":true,"href":"https:\/\/talkpal.ai\/cs\/wp-json\/wp\/v2\/media\/121210"}],"wp:attachment":[{"href":"https:\/\/talkpal.ai\/cs\/wp-json\/wp\/v2\/media?parent=155223"}],"curies":[{"name":"wp","href":"https:\/\/api.w.org\/{rel}","templated":true}]}}