{"id":154932,"date":"2023-07-05T11:05:37","date_gmt":"2023-07-05T11:05:37","guid":{"rendered":"http:\/\/talkpal.ai\/cviceni-na-vietnamskou-gramatiku\/"},"modified":"2025-12-17T15:21:20","modified_gmt":"2025-12-17T15:21:20","slug":"cviceni-na-vietnamskou-gramatiku","status":"publish","type":"page","link":"https:\/\/talkpal.ai\/cs\/cviceni-na-vietnamskou-gramatiku\/","title":{"rendered":"Cvi\u010den\u00ed na vietnamskou gramatiku"},"content":{"rendered":"\r\n\r\n\r\n<section class=\"languageChallengeSection\">\r\n    <div class=\"languageInfoWrapper\">\r\n        \r\n        <h1>Cvi\u010den\u00ed na vietnamskou gramatiku<\/h1>\r\n        <p>Poj\u010fme se pobavit o slovensk\u00e9 gramatice! Tato jednoduch\u00e1 cvi\u010den\u00ed v\u00e1m pomohou zvyknout si na to, jak jazyk funguje, a pos\u00edl\u00ed va\u0161e sebev\u011bdom\u00ed p\u0159i u\u010den\u00ed. Jste p\u0159ipraveni? Za\u010dn\u011bme!<\/p>\r\n\r\n                            <a class=\"getStartedHidden\" href=\"https:\/\/app.talkpal.ai\/cs\/signup?lng=\">Za\u010dni<\/a>\r\n        \r\n    <\/div>\r\n\r\n    <figure>\r\n    <img decoding=\"async\" width=\"768\" height=\"768\" src=\"https:\/\/talkpal.ai\/wp-content\/uploads\/2023\/06\/vietnamese-768x768.png\" class=\"languageImage no-lazy\" alt=\"Language learning for extensive cultural knowledge\" fetchpriority=\"high\" sizes=\"(max-width: 768px) 150px, 768px\" srcset=\"https:\/\/talkpal.ai\/wp-content\/uploads\/2023\/06\/vietnamese-768x768.png 768w, https:\/\/talkpal.ai\/wp-content\/uploads\/2023\/06\/vietnamese-300x300.png 300w\" \/>\r\n    \r\n\r\n    <\/figure>\r\n\r\n            <a class=\"getStartedVisible\" href=\"https:\/\/app.talkpal.ai\/cs\/signup?lng=\">Za\u010dni<\/a>\r\n    \r\n<\/section>\r\n\r\n\r\n<!-- <section class=\"grammarSection\">\r\n    <div class=\"grammarLinks\">\r\n            <\/div>\r\n<\/section> -->\r\n\r\n\r\n\r\n\r\n<section class=\"promotionalBanner\">\r\n    <p class=\"promotionalText\">Nejefektivn\u011bj\u0161\u00ed <a href=\"https:\/\/talkpal.ai\/best-way-to-learn\/\">zp\u016fsob<\/a>, jak se nau\u010dit jazyk<\/p>\r\n    <a class=\"promotionalLink\" href=\"https:\/\/app.talkpal.ai\/cs\/signup?lng=\">Vyzkou\u0161ejte Talkpal zdarma<\/a>\r\n<\/section>\n<div class=\"wp-block-group pageContainerStyle\"><div class=\"wp-block-group__inner-container is-layout-constrained wp-block-group-is-layout-constrained\">\n<h2 class=\"wp-block-heading\" id=\"h-vietnamese-grammar-topics\">T\u00e9mata vietnamsk\u00e9 gramatiky<\/h2>\n\n\n\n<p>Nau\u010dit se nov\u00fd jazyk m\u016f\u017ee b\u00fdt vzru\u0161uj\u00edc\u00ed a n\u00e1ro\u010dn\u00e9. Porozum\u011bn\u00ed vietnamsk\u00e9 gramatice je kl\u00ed\u010dem k odemknut\u00ed tohoto fascinuj\u00edc\u00edho jazyka. Zde budeme diskutovat a seskupovat d\u016fle\u017eit\u00e1 t\u00e9mata v po\u0159ad\u00ed, v jak\u00e9m by se je m\u011bli ide\u00e1ln\u011b u\u010dit, co\u017e umo\u017en\u00ed postupn\u00e9 budov\u00e1n\u00ed slo\u017eitosti. Tato p\u0159\u00edru\u010dka se bude zab\u00fdvat v\u0161\u00edm od z\u00e1kladn\u00edch prvk\u016f, jako jsou podstatn\u00e1 jm\u00e9na a slovesa, a\u017e po slo\u017eit\u011bj\u0161\u00ed struktury, jako jsou \u010dasy a kondicion\u00e1ly.<\/p>\n\n\n\n<h3 class=\"wp-block-heading\" id=\"h-1-nouns\">1. Podstatn\u00e1 jm\u00e9na:<\/h3>\n\n\n\n<p>Za\u010dn\u011bte od z\u00e1klad\u016f t\u00edm, \u017ee se nau\u010d\u00edte vietnamsk\u00e1 podstatn\u00e1 jm\u00e9na. Jsou to jm\u00e9na lid\u00ed, m\u00edst, v\u011bc\u00ed nebo my\u0161lenek. Vietnamsk\u00e1 podstatn\u00e1 jm\u00e9na nemaj\u00ed rody, tak\u017ee jsou jednodu\u0161\u0161\u00ed ne\u017e v n\u011bkter\u00fdch jin\u00fdch jazyc\u00edch.<\/p>\n\n\n\n<h3 class=\"wp-block-heading\" id=\"h-2-pronouns-determiners\">2. Z\u00e1jmena\/determinanty:<\/h3>\n\n\n\n<p>Jakmile se sezn\u00e1m\u00edte s podstatn\u00fdmi jm\u00e9ny, p\u0159ejd\u011bte k z\u00e1jmen\u016fm a determinant\u016fm. Tato slova nahrazuj\u00ed nebo upravuj\u00ed podstatn\u00e1 jm\u00e9na, pom\u00e1haj\u00ed zkr\u00e1tit v\u011bty a vyhnout se opakov\u00e1n\u00ed.<\/p>\n\n\n\n<h3 class=\"wp-block-heading\" id=\"h-3-verbs\">3. Slovesa:<\/h3>\n\n\n\n<p>Slovesa se pou\u017e\u00edvaj\u00ed k popisu akc\u00ed nebo stav\u016f byt\u00ed. Ve vietnam\u0161tin\u011b slovesa nem\u011bn\u00ed sv\u016fj tvar podle podm\u011btu nebo \u010dasu, co\u017e je \u010din\u00ed m\u00e9n\u011b komplikovan\u00fdmi ne\u017e v n\u011bkter\u00fdch jin\u00fdch jazyc\u00edch.<\/p>\n\n\n\n<h3 class=\"wp-block-heading\" id=\"h-4-adjectives\">4. P\u0159\u00eddavn\u00e1 jm\u00e9na:<\/h3>\n\n\n\n<p>U\u010den\u00ed p\u0159\u00eddavn\u00fdch jmen v\u00e1m umo\u017en\u00ed podrobn\u011bji popsat podstatn\u00e1 jm\u00e9na. Ve vietnam\u0161tin\u011b n\u00e1sleduj\u00ed p\u0159\u00eddavn\u00e1 jm\u00e9na za podstatn\u00fdm jm\u00e9nem, kter\u00e9 modifikuj\u00ed, co\u017e se li\u0161\u00ed od angli\u010dtiny.<\/p>\n\n\n\n<h3 class=\"wp-block-heading\" id=\"h-5-articles\">5. \u010cl\u00e1nky:<\/h3>\n\n\n\n<p><a href=\"https:\/\/talkpal.ai\/learn-vietnamese\/\">Vietnam\u0161tina<\/a> nem\u00e1 \u010dl\u00e1nky stejn\u00fdm zp\u016fsobem jako <a href=\"https:\/\/talkpal.ai\/learn-english-with-ai\/\">angli\u010dtina<\/a>. St\u00e1le je v\u0161ak d\u016fle\u017eit\u00e9 pochopit, jak ozna\u010dit ur\u010ditost nebo neur\u010ditost podstatn\u00e9ho jm\u00e9na.<\/p>\n\n\n\n<h3 class=\"wp-block-heading\" id=\"h-6-adverbs\">6. P\u0159\u00edslovce:<\/h3>\n\n\n\n<p>P\u0159\u00edslovce se pou\u017e\u00edvaj\u00ed k \u00faprav\u011b sloves, p\u0159\u00eddavn\u00fdch jmen nebo jin\u00fdch p\u0159\u00edslovc\u00ed. Mohou poskytnout informace o zp\u016fsobu, m\u00edst\u011b, \u010dase, frekvenci, stupni a dal\u0161\u00ed.<\/p>\n\n\n\n<h3 class=\"wp-block-heading\" id=\"h-7-prepositions\">7. P\u0159edlo\u017eky:<\/h3>\n\n\n\n<p>Jedn\u00e1 se o slova, kter\u00e1 ukazuj\u00ed vztah podstatn\u00e9ho jm\u00e9na nebo z\u00e1jmena k jin\u00e9mu slovu ve v\u011bt\u011b. Mohou ozna\u010dovat m\u00edsto, sm\u011br, \u010das, p\u0159\u00ed\u010dinu a dal\u0161\u00ed vztahy.<\/p>\n\n\n\n<h3 class=\"wp-block-heading\" id=\"h-8-tenses\">8. \u010casy:<\/h3>\n\n\n\n<p>Vietnam\u0161tina nem\u00e1 \u010dasy v tradi\u010dn\u00edm slova smyslu. M\u00edsto toho pou\u017e\u00edv\u00e1 slova a kontext k ozna\u010den\u00ed \u010dasu, kdy k akci dojde.<\/p>\n\n\n\n<h3 class=\"wp-block-heading\" id=\"h-9-tense-comparison\">9. Srovn\u00e1n\u00ed \u010das\u016f:<\/h3>\n\n\n\n<p>Pochopen\u00ed toho, jak porovn\u00e1vat \u010dasy ve vietnam\u0161tin\u011b, je z\u00e1sadn\u00ed. To zahrnuje u\u010den\u00ed se konkr\u00e9tn\u00edm slov\u016fm a struktur\u00e1m pou\u017e\u00edvan\u00fdm k ozna\u010den\u00ed zm\u011bn v \u010dase.<\/p>\n\n\n\n<h3 class=\"wp-block-heading\" id=\"h-10-progressive\">10. Progresivn\u00ed:<\/h3>\n\n\n\n<p>Progresivn\u00ed aspekt se ve vietnam\u0161tin\u011b pou\u017e\u00edv\u00e1 k ozna\u010den\u00ed prob\u00edhaj\u00edc\u00edch akc\u00ed. M\u016f\u017ee se vztahovat na minulost, p\u0159\u00edtomnost nebo budoucnost.<\/p>\n\n\n\n<h3 class=\"wp-block-heading\" id=\"h-11-perfect-progressive\">11. Perfektn\u00ed progresivn\u00ed:<\/h3>\n\n\n\n<p>Tento \u010das se pou\u017e\u00edv\u00e1 k vyj\u00e1d\u0159en\u00ed d\u011bj\u016f, kter\u00e9 prob\u00edhaly v minulosti a maj\u00ed n\u011bjak\u00fd vztah k sou\u010dasnosti.<\/p>\n\n\n\n<h3 class=\"wp-block-heading\" id=\"h-12-conditionals\">12. Podm\u00ednkov\u00e9 v\u011bty:<\/h3>\n\n\n\n<p>Podmi\u0148ovac\u00ed zp\u016fsob jsou v\u011bty vyjad\u0159uj\u00edc\u00ed hypotetick\u00e9 situace a d\u016fsledky, kter\u00e9 z nich vypl\u00fdvaj\u00ed.<\/p>\n\n\n\n<h3 class=\"wp-block-heading\" id=\"h-13-sentences\">13. V\u011bty:<\/h3>\n\n\n\n<p>Jakmile pochop\u00edte v\u0161echny tyto prvky, m\u016f\u017eete <a href=\"https:\/\/talkpal.ai\/ko\/ai-%ec%96%b8%ec%96%b4-%ea%b5%90%ec%82%ac\/\">za\u010d\u00edt<\/a> tvo\u0159it cel\u00e9 v\u011bty ve vietnam\u0161tin\u011b. To zahrnuje pochopen\u00ed z\u00e1kladn\u00ed v\u011btn\u00e9 struktury, kter\u00e1 je obvykle podm\u011bt-sloveso-p\u0159edm\u011bt.<\/p>\n<\/div><\/div>\n\r\n<section class=\"learnNavigationSection\">\r\n            \r\n        <a href=\"https:\/\/talkpal.ai\/cs\/naucte-se-vietnamsky\/\">\r\n            <div class=\"learnNavigationWrapper\">\r\n                <div class=\"learnNavigationContent\">\r\n                    <img decoding=\"async\" src=\"https:\/\/talkpal.ai\/wp-content\/uploads\/2024\/08\/Vietnamese.jpg\" alt=\"Vietnamise Flag\">\r\n                    <div>\r\n                        <h4>O u\u010den\u00ed vietnam\u0161tiny<\/h4>\r\n                        <p>Zjist\u011bte v\u0161e o vietnamsk\u00e9 gramatice.<\/p>\r\n                    <\/div>\r\n                <\/div>\r\n            <\/div>\r\n        <\/a>\r\n\r\n        \r\n        <a href=\"https:\/\/talkpal.ai\/cs\/vietnamska-gramatika\/\">\r\n            <div class=\"learnNavigationWrapper\">\r\n                <div class=\"learnNavigationContent\">\r\n                    <img decoding=\"async\" src=\"https:\/\/talkpal.ai\/wp-content\/uploads\/2024\/08\/Vietnamese.jpg\" alt=\"Vietnamise Flag\">\r\n                    <div>\r\n                        <h4>Lekce vietnamsk\u00e9 gramatiky<\/h4>\r\n                        <p>Procvi\u010dte si vietnamskou gramatiku.<\/p>\r\n                    <\/div>\r\n                <\/div>\r\n            <\/div>\r\n        <\/a>\r\n\r\n        \r\n        <a href=\"https:\/\/talkpal.ai\/vocabulary_language\/vietnamese\/\">\r\n            <div class=\"learnNavigationWrapper\">\r\n                <div class=\"learnNavigationContent\">\r\n                    <img decoding=\"async\" src=\"https:\/\/talkpal.ai\/wp-content\/uploads\/2024\/08\/Vietnamese.jpg\" alt=\"Vietnamise Flag\">\r\n                    <div>\r\n                        <h4>Vietnamsk\u00e1 slovn\u00ed z\u00e1soba<\/h4>\r\n                        <p>Roz\u0161i\u0159te si vietnamskou slovn\u00ed z\u00e1sobu.<\/p>\r\n                    <\/div>\r\n                <\/div>\r\n            <\/div>\r\n        <\/a>\r\n\r\n            <\/section>","protected":false},"excerpt":{"rendered":"<p>T\u00e9mata vietnamsk\u00e9 gramatiky Nau\u010dit se nov\u00fd jazyk m\u016f\u017ee b\u00fdt vzru\u0161uj\u00edc\u00ed a n\u00e1ro\u010dn\u00e9. Porozum\u011bn\u00ed vietnamsk\u00e9 gramatice je kl\u00ed\u010dem k odemknut\u00ed tohoto fascinuj\u00edc\u00edho jazyka. Zde budeme diskutovat a seskupovat d\u016fle\u017eit\u00e1 t\u00e9mata v po\u0159ad\u00ed, v jak\u00e9m by se je m\u011bli ide\u00e1ln\u011b u\u010dit, co\u017e umo\u017en\u00ed postupn\u00e9 budov\u00e1n\u00ed slo\u017eitosti. Tato p\u0159\u00edru\u010dka se bude zab\u00fdvat v\u0161\u00edm od z\u00e1kladn\u00edch prvk\u016f, jako jsou [&hellip;]<\/p>\n","protected":false},"author":6,"featured_media":120495,"parent":0,"menu_order":0,"comment_status":"closed","ping_status":"closed","template":"LearningContentPage.php","meta":{"_acf_changed":false,"footnotes":""},"class_list":["post-154932","page","type-page","status-publish","has-post-thumbnail","hentry"],"acf":[],"yoast_head":"<!-- This site is optimized with the Yoast SEO Premium plugin v27.2 (Yoast SEO v27.2) - https:\/\/yoast.com\/product\/yoast-seo-premium-wordpress\/ -->\n<title>Cvi\u010den\u00ed na vietnamskou gramatiku - Talkpal<\/title>\n<meta name=\"description\" content=\"Odhalte tajemstv\u00ed vietnamsk\u00e9ho jazyka pomoc\u00ed na\u0161ich cvi\u010den\u00ed vietnamsk\u00e9 gramatiky ur\u010den\u00fdch k postupn\u00e9mu u\u010den\u00ed.\" \/>\n<meta name=\"robots\" content=\"index, follow, max-snippet:-1, max-image-preview:large, max-video-preview:-1\" \/>\n<link rel=\"canonical\" href=\"https:\/\/talkpal.ai\/cs\/cviceni-na-vietnamskou-gramatiku\/\" \/>\n<meta property=\"og:locale\" content=\"cs_CZ\" \/>\n<meta property=\"og:type\" content=\"article\" \/>\n<meta property=\"og:title\" content=\"Cvi\u010den\u00ed na vietnamskou gramatiku\" \/>\n<meta property=\"og:description\" content=\"T\u00e9mata vietnamsk\u00e9 gramatiky Nau\u010dit se nov\u00fd jazyk m\u016f\u017ee b\u00fdt vzru\u0161uj\u00edc\u00ed a n\u00e1ro\u010dn\u00e9. Porozum\u011bn\u00ed vietnamsk\u00e9 gramatice je kl\u00ed\u010dem k odemknut\u00ed tohoto fascinuj\u00edc\u00edho\" \/>\n<meta property=\"og:url\" content=\"https:\/\/talkpal.ai\/cs\/cviceni-na-vietnamskou-gramatiku\/\" \/>\n<meta property=\"og:site_name\" content=\"Talkpal\" \/>\n<meta property=\"article:publisher\" content=\"https:\/\/www.facebook.com\/profile.php?id=100090733639311\" \/>\n<meta property=\"article:modified_time\" content=\"2025-12-17T15:21:20+00:00\" \/>\n<meta property=\"og:image\" content=\"https:\/\/talkpal.ai\/wp-content\/uploads\/2023\/05\/vietnam.png\" \/>\n\t<meta property=\"og:image:width\" content=\"512\" \/>\n\t<meta property=\"og:image:height\" content=\"512\" \/>\n\t<meta property=\"og:image:type\" content=\"image\/png\" \/>\n<meta name=\"twitter:card\" content=\"summary_large_image\" \/>\n<meta name=\"twitter:site\" content=\"@talkpalai\" \/>\n<meta name=\"twitter:label1\" content=\"Odhadovan\u00e1 doba \u010dten\u00ed\" \/>\n\t<meta name=\"twitter:data1\" content=\"3 minuty\" \/>\n<script type=\"application\/ld+json\" class=\"yoast-schema-graph\">{\"@context\":\"https:\/\/schema.org\",\"@graph\":[{\"@type\":\"WebPage\",\"@id\":\"https:\/\/talkpal.ai\/cs\/cviceni-na-vietnamskou-gramatiku\/\",\"url\":\"https:\/\/talkpal.ai\/cs\/cviceni-na-vietnamskou-gramatiku\/\",\"name\":\"Cvi\u010den\u00ed na vietnamskou gramatiku - Talkpal\",\"isPartOf\":{\"@id\":\"https:\/\/talkpal.ai\/cs\/#website\"},\"primaryImageOfPage\":{\"@id\":\"https:\/\/talkpal.ai\/cs\/cviceni-na-vietnamskou-gramatiku\/#primaryimage\"},\"image\":{\"@id\":\"https:\/\/talkpal.ai\/cs\/cviceni-na-vietnamskou-gramatiku\/#primaryimage\"},\"thumbnailUrl\":\"https:\/\/talkpal.ai\/wp-content\/uploads\/2023\/05\/vietnam.png\",\"datePublished\":\"2023-07-05T11:05:37+00:00\",\"dateModified\":\"2025-12-17T15:21:20+00:00\",\"description\":\"Odhalte tajemstv\u00ed vietnamsk\u00e9ho jazyka pomoc\u00ed na\u0161ich cvi\u010den\u00ed vietnamsk\u00e9 gramatiky ur\u010den\u00fdch k postupn\u00e9mu u\u010den\u00ed.\",\"breadcrumb\":{\"@id\":\"https:\/\/talkpal.ai\/cs\/cviceni-na-vietnamskou-gramatiku\/#breadcrumb\"},\"inLanguage\":\"cs\",\"potentialAction\":[{\"@type\":\"ReadAction\",\"target\":[\"https:\/\/talkpal.ai\/cs\/cviceni-na-vietnamskou-gramatiku\/\"]}]},{\"@type\":\"ImageObject\",\"inLanguage\":\"cs\",\"@id\":\"https:\/\/talkpal.ai\/cs\/cviceni-na-vietnamskou-gramatiku\/#primaryimage\",\"url\":\"https:\/\/talkpal.ai\/wp-content\/uploads\/2023\/05\/vietnam.png\",\"contentUrl\":\"https:\/\/talkpal.ai\/wp-content\/uploads\/2023\/05\/vietnam.png\",\"width\":512,\"height\":512},{\"@type\":\"BreadcrumbList\",\"@id\":\"https:\/\/talkpal.ai\/cs\/cviceni-na-vietnamskou-gramatiku\/#breadcrumb\",\"itemListElement\":[{\"@type\":\"ListItem\",\"position\":1,\"name\":\"Homepage\",\"item\":\"https:\/\/talkpal.ai\/cs\/\"},{\"@type\":\"ListItem\",\"position\":2,\"name\":\"Cvi\u010den\u00ed na vietnamskou gramatiku\"}]},{\"@type\":\"WebSite\",\"@id\":\"https:\/\/talkpal.ai\/cs\/#website\",\"url\":\"https:\/\/talkpal.ai\/cs\/\",\"name\":\"Talkpal\",\"description\":\"AI Language Learning\",\"publisher\":{\"@id\":\"https:\/\/talkpal.ai\/cs\/#organization\"},\"alternateName\":\"Talkpal AI\",\"potentialAction\":[{\"@type\":\"SearchAction\",\"target\":{\"@type\":\"EntryPoint\",\"urlTemplate\":\"https:\/\/talkpal.ai\/cs\/?s={search_term_string}\"},\"query-input\":{\"@type\":\"PropertyValueSpecification\",\"valueRequired\":true,\"valueName\":\"search_term_string\"}}],\"inLanguage\":\"cs\"},{\"@type\":\"Organization\",\"@id\":\"https:\/\/talkpal.ai\/cs\/#organization\",\"name\":\"Talkpal, Inc.\",\"alternateName\":\"Talkpal AI\",\"url\":\"https:\/\/talkpal.ai\/cs\/\",\"logo\":{\"@type\":\"ImageObject\",\"inLanguage\":\"cs\",\"@id\":\"https:\/\/talkpal.ai\/cs\/#\/schema\/logo\/image\/\",\"url\":\"https:\/\/talkpal.ai\/wp-content\/uploads\/2024\/03\/Talkpal-Logo-Icon.png\",\"contentUrl\":\"https:\/\/talkpal.ai\/wp-content\/uploads\/2024\/03\/Talkpal-Logo-Icon.png\",\"width\":2880,\"height\":2880,\"caption\":\"Talkpal, Inc.\"},\"image\":{\"@id\":\"https:\/\/talkpal.ai\/cs\/#\/schema\/logo\/image\/\"},\"sameAs\":[\"https:\/\/www.facebook.com\/profile.php?id=100090733639311\",\"https:\/\/x.com\/talkpalai\",\"https:\/\/www.linkedin.com\/company\/talkpal\/\",\"https:\/\/www.youtube.com\/@TalkPal\/\",\"https:\/\/www.tiktok.com\/@talkpal\",\"https:\/\/www.instagram.com\/talkpal_ai\/\",\"https:\/\/www.crunchbase.com\/organization\/talkpal-9cde\",\"https:\/\/www.g2.com\/products\/talkpal-for-business\/\",\"https:\/\/www.trustpilot.com\/review\/talkpal.ai\",\"https:\/\/www.capterra.com\/p\/10006800\/TalkPal\/\"],\"description\":\"Talkpal is a language learning web and mobile education app, powered by the latest AI technologies, that provides engaging experiences to its customers in many different languages to help them improve their language skills. Users can chat about unlimited amount of topics with the app and use other modes to practice their language learning.\",\"email\":\"support@talkpal.ai\",\"legalName\":\"Talkpal, Inc.\",\"foundingDate\":\"2023-04-03\",\"duns\":\"118989042\",\"numberOfEmployees\":{\"@type\":\"QuantitativeValue\",\"minValue\":\"11\",\"maxValue\":\"50\"},\"publishingPrinciples\":\"https:\/\/talkpal.ai\/publishing-principles\/\",\"actionableFeedbackPolicy\":\"https:\/\/talkpal.ai\/actionable-feedback-policy\/\",\"correctionsPolicy\":\"https:\/\/talkpal.ai\/corrections-policy\/\",\"ethicsPolicy\":\"https:\/\/talkpal.ai\/ethics-policy\/\",\"diversityPolicy\":\"https:\/\/talkpal.ai\/diversity-policy\/\",\"diversityStaffingReport\":\"https:\/\/talkpal.ai\/diversity-policy\/\"}]}<\/script>\n<!-- \/ Yoast SEO Premium plugin. -->","yoast_head_json":{"title":"Cvi\u010den\u00ed na vietnamskou gramatiku - Talkpal","description":"Odhalte tajemstv\u00ed vietnamsk\u00e9ho jazyka pomoc\u00ed na\u0161ich cvi\u010den\u00ed vietnamsk\u00e9 gramatiky ur\u010den\u00fdch k postupn\u00e9mu u\u010den\u00ed.","robots":{"index":"index","follow":"follow","max-snippet":"max-snippet:-1","max-image-preview":"max-image-preview:large","max-video-preview":"max-video-preview:-1"},"canonical":"https:\/\/talkpal.ai\/cs\/cviceni-na-vietnamskou-gramatiku\/","og_locale":"cs_CZ","og_type":"article","og_title":"Cvi\u010den\u00ed na vietnamskou gramatiku","og_description":"T\u00e9mata vietnamsk\u00e9 gramatiky Nau\u010dit se nov\u00fd jazyk m\u016f\u017ee b\u00fdt vzru\u0161uj\u00edc\u00ed a n\u00e1ro\u010dn\u00e9. Porozum\u011bn\u00ed vietnamsk\u00e9 gramatice je kl\u00ed\u010dem k odemknut\u00ed tohoto fascinuj\u00edc\u00edho","og_url":"https:\/\/talkpal.ai\/cs\/cviceni-na-vietnamskou-gramatiku\/","og_site_name":"Talkpal","article_publisher":"https:\/\/www.facebook.com\/profile.php?id=100090733639311","article_modified_time":"2025-12-17T15:21:20+00:00","og_image":[{"width":512,"height":512,"url":"https:\/\/talkpal.ai\/wp-content\/uploads\/2023\/05\/vietnam.png","type":"image\/png"}],"twitter_card":"summary_large_image","twitter_site":"@talkpalai","twitter_misc":{"Odhadovan\u00e1 doba \u010dten\u00ed":"3 minuty"},"schema":{"@context":"https:\/\/schema.org","@graph":[{"@type":"WebPage","@id":"https:\/\/talkpal.ai\/cs\/cviceni-na-vietnamskou-gramatiku\/","url":"https:\/\/talkpal.ai\/cs\/cviceni-na-vietnamskou-gramatiku\/","name":"Cvi\u010den\u00ed na vietnamskou gramatiku - Talkpal","isPartOf":{"@id":"https:\/\/talkpal.ai\/cs\/#website"},"primaryImageOfPage":{"@id":"https:\/\/talkpal.ai\/cs\/cviceni-na-vietnamskou-gramatiku\/#primaryimage"},"image":{"@id":"https:\/\/talkpal.ai\/cs\/cviceni-na-vietnamskou-gramatiku\/#primaryimage"},"thumbnailUrl":"https:\/\/talkpal.ai\/wp-content\/uploads\/2023\/05\/vietnam.png","datePublished":"2023-07-05T11:05:37+00:00","dateModified":"2025-12-17T15:21:20+00:00","description":"Odhalte tajemstv\u00ed vietnamsk\u00e9ho jazyka pomoc\u00ed na\u0161ich cvi\u010den\u00ed vietnamsk\u00e9 gramatiky ur\u010den\u00fdch k postupn\u00e9mu u\u010den\u00ed.","breadcrumb":{"@id":"https:\/\/talkpal.ai\/cs\/cviceni-na-vietnamskou-gramatiku\/#breadcrumb"},"inLanguage":"cs","potentialAction":[{"@type":"ReadAction","target":["https:\/\/talkpal.ai\/cs\/cviceni-na-vietnamskou-gramatiku\/"]}]},{"@type":"ImageObject","inLanguage":"cs","@id":"https:\/\/talkpal.ai\/cs\/cviceni-na-vietnamskou-gramatiku\/#primaryimage","url":"https:\/\/talkpal.ai\/wp-content\/uploads\/2023\/05\/vietnam.png","contentUrl":"https:\/\/talkpal.ai\/wp-content\/uploads\/2023\/05\/vietnam.png","width":512,"height":512},{"@type":"BreadcrumbList","@id":"https:\/\/talkpal.ai\/cs\/cviceni-na-vietnamskou-gramatiku\/#breadcrumb","itemListElement":[{"@type":"ListItem","position":1,"name":"Homepage","item":"https:\/\/talkpal.ai\/cs\/"},{"@type":"ListItem","position":2,"name":"Cvi\u010den\u00ed na vietnamskou gramatiku"}]},{"@type":"WebSite","@id":"https:\/\/talkpal.ai\/cs\/#website","url":"https:\/\/talkpal.ai\/cs\/","name":"Talkpal","description":"AI Language Learning","publisher":{"@id":"https:\/\/talkpal.ai\/cs\/#organization"},"alternateName":"Talkpal AI","potentialAction":[{"@type":"SearchAction","target":{"@type":"EntryPoint","urlTemplate":"https:\/\/talkpal.ai\/cs\/?s={search_term_string}"},"query-input":{"@type":"PropertyValueSpecification","valueRequired":true,"valueName":"search_term_string"}}],"inLanguage":"cs"},{"@type":"Organization","@id":"https:\/\/talkpal.ai\/cs\/#organization","name":"Talkpal, Inc.","alternateName":"Talkpal AI","url":"https:\/\/talkpal.ai\/cs\/","logo":{"@type":"ImageObject","inLanguage":"cs","@id":"https:\/\/talkpal.ai\/cs\/#\/schema\/logo\/image\/","url":"https:\/\/talkpal.ai\/wp-content\/uploads\/2024\/03\/Talkpal-Logo-Icon.png","contentUrl":"https:\/\/talkpal.ai\/wp-content\/uploads\/2024\/03\/Talkpal-Logo-Icon.png","width":2880,"height":2880,"caption":"Talkpal, Inc."},"image":{"@id":"https:\/\/talkpal.ai\/cs\/#\/schema\/logo\/image\/"},"sameAs":["https:\/\/www.facebook.com\/profile.php?id=100090733639311","https:\/\/x.com\/talkpalai","https:\/\/www.linkedin.com\/company\/talkpal\/","https:\/\/www.youtube.com\/@TalkPal\/","https:\/\/www.tiktok.com\/@talkpal","https:\/\/www.instagram.com\/talkpal_ai\/","https:\/\/www.crunchbase.com\/organization\/talkpal-9cde","https:\/\/www.g2.com\/products\/talkpal-for-business\/","https:\/\/www.trustpilot.com\/review\/talkpal.ai","https:\/\/www.capterra.com\/p\/10006800\/TalkPal\/"],"description":"Talkpal is a language learning web and mobile education app, powered by the latest AI technologies, that provides engaging experiences to its customers in many different languages to help them improve their language skills. Users can chat about unlimited amount of topics with the app and use other modes to practice their language learning.","email":"support@talkpal.ai","legalName":"Talkpal, Inc.","foundingDate":"2023-04-03","duns":"118989042","numberOfEmployees":{"@type":"QuantitativeValue","minValue":"11","maxValue":"50"},"publishingPrinciples":"https:\/\/talkpal.ai\/publishing-principles\/","actionableFeedbackPolicy":"https:\/\/talkpal.ai\/actionable-feedback-policy\/","correctionsPolicy":"https:\/\/talkpal.ai\/corrections-policy\/","ethicsPolicy":"https:\/\/talkpal.ai\/ethics-policy\/","diversityPolicy":"https:\/\/talkpal.ai\/diversity-policy\/","diversityStaffingReport":"https:\/\/talkpal.ai\/diversity-policy\/"}]}},"_links":{"self":[{"href":"https:\/\/talkpal.ai\/cs\/wp-json\/wp\/v2\/pages\/154932","targetHints":{"allow":["GET"]}}],"collection":[{"href":"https:\/\/talkpal.ai\/cs\/wp-json\/wp\/v2\/pages"}],"about":[{"href":"https:\/\/talkpal.ai\/cs\/wp-json\/wp\/v2\/types\/page"}],"author":[{"embeddable":true,"href":"https:\/\/talkpal.ai\/cs\/wp-json\/wp\/v2\/users\/6"}],"replies":[{"embeddable":true,"href":"https:\/\/talkpal.ai\/cs\/wp-json\/wp\/v2\/comments?post=154932"}],"version-history":[{"count":0,"href":"https:\/\/talkpal.ai\/cs\/wp-json\/wp\/v2\/pages\/154932\/revisions"}],"wp:featuredmedia":[{"embeddable":true,"href":"https:\/\/talkpal.ai\/cs\/wp-json\/wp\/v2\/media\/120495"}],"wp:attachment":[{"href":"https:\/\/talkpal.ai\/cs\/wp-json\/wp\/v2\/media?parent=154932"}],"curies":[{"name":"wp","href":"https:\/\/api.w.org\/{rel}","templated":true}]}}