{"id":154351,"date":"2023-06-16T11:18:42","date_gmt":"2023-06-16T11:18:42","guid":{"rendered":"http:\/\/talkpal.ai\/afrikanska-gramaticka-cviceni\/"},"modified":"2025-05-23T14:07:23","modified_gmt":"2025-05-23T14:07:23","slug":"afrikanska-gramaticka-cviceni","status":"publish","type":"page","link":"https:\/\/talkpal.ai\/cs\/afrikanska-gramaticka-cviceni\/","title":{"rendered":"Afrik\u00e1nsk\u00e1 gramatick\u00e1 cvi\u010den\u00ed"},"content":{"rendered":"\r\n\r\n\r\n<section class=\"languageChallengeSection\">\r\n    <div class=\"languageInfoWrapper\">\r\n        \r\n        <h1>Afrik\u00e1nsk\u00e1 gramatick\u00e1 cvi\u010den\u00ed<\/h1>\r\n        <p>Jste p\u0159ipraveni prohloubit sv\u00e9 znalosti afrik\u00e1n\u0161tiny? Procvi\u010dov\u00e1n\u00ed gramatick\u00fdch cvi\u010den\u00ed je skv\u011bl\u00fdm zp\u016fsobem, jak si osvojit strukturu v\u011bt, slovesn\u00e9 tvary a jedine\u010dn\u00e9 rysy afrik\u00e1n\u0161tiny. Za\u010dn\u011bte pracovat na afrik\u00e1nsk\u00e9 gramatice je\u0161t\u011b dnes a sledujte, jak s ka\u017ed\u00fdm cvi\u010den\u00edm roste va\u0161e sebev\u011bdom\u00ed a plynulost!\n\n<\/p>\r\n\r\n                            <a class=\"getStartedHidden\" href=\"https:\/\/app.talkpal.ai\/cs\/signup?lng=\">Za\u010dni<\/a>\r\n        \r\n    <\/div>\r\n\r\n    <figure>\r\n    <img decoding=\"async\" width=\"768\" height=\"768\" src=\"https:\/\/talkpal.ai\/wp-content\/uploads\/2023\/06\/afrikaans-768x768.png\" class=\"languageImage no-lazy\" alt=\"Language learning for improved focus\" fetchpriority=\"high\" sizes=\"(max-width: 768px) 150px, 768px\" srcset=\"https:\/\/talkpal.ai\/wp-content\/uploads\/2023\/06\/afrikaans-768x768.png 768w, https:\/\/talkpal.ai\/wp-content\/uploads\/2023\/06\/afrikaans-300x300.png 300w\" \/>\r\n    \r\n\r\n    <\/figure>\r\n\r\n            <a class=\"getStartedVisible\" href=\"https:\/\/app.talkpal.ai\/cs\/signup?lng=\">Za\u010dni<\/a>\r\n    \r\n<\/section>\r\n\r\n\r\n<!-- <section class=\"grammarSection\">\r\n    <div class=\"grammarLinks\">\r\n            <\/div>\r\n<\/section> -->\r\n\r\n\r\n\r\n\r\n<section class=\"promotionalBanner\">\r\n    <p class=\"promotionalText\">Nejefektivn\u011bj\u0161\u00ed zp\u016fsob, jak se nau\u010dit jazyk<\/p>\r\n    <a class=\"promotionalLink\" href=\"https:\/\/app.talkpal.ai\/cs\/signup?lng=\">Vyzkou\u0161ejte Talkpal zdarma<\/a>\r\n<\/section>\n<div class=\"wp-block-group pageContainerStyle\"><div class=\"wp-block-group__inner-container is-layout-constrained wp-block-group-is-layout-constrained\">\n<h2 class=\"wp-block-heading\" id=\"h-afrikaans-grammar-topics\">Afrik\u00e1n\u0161tina Gramatika T\u00e9mata<\/h2>\n\n\n\n<p><a href=\"https:\/\/talkpal.ai\/learn-afrikaans\/\">Afrik\u00e1n\u0161tina<\/a>, z\u00e1padogerm\u00e1nsk\u00fd jazyk, je jedn\u00edm z jeden\u00e1cti \u00fa\u0159edn\u00edch jazyk\u016f Jihoafrick\u00e9 republiky a mluv\u00ed j\u00ed p\u0159ibli\u017en\u011b 6 milion\u016f lid\u00ed. U\u010den\u00ed afrik\u00e1n\u0161tiny m\u016f\u017ee b\u00fdt obohacuj\u00edc\u00ed a obohacuj\u00edc\u00ed zku\u0161enost\u00ed, proto\u017ee se j\u00edm mluv\u00ed nejen v Jihoafrick\u00e9 republice, ale tak\u00e9 v Namibii a v men\u0161\u00ed m\u00ed\u0159e v Zimbabwe a Botswan\u011b. Jazyk je pom\u011brn\u011b snadn\u00fd na nau\u010den\u00ed, zejm\u00e9na pro <a href=\"https:\/\/talkpal.ai\/english-speaking-course\/\">anglicky mluv\u00edc\u00ed<\/a>, proto\u017ee m\u00e1 zjednodu\u0161enou gramatiku a sd\u00edl\u00ed mnoho slov s angli\u010dtinou a holand\u0161tinou. V t\u00e9to p\u0159\u00edru\u010dce v\u00e1s provedeme z\u00e1kladn\u00edmi gramatick\u00fdmi t\u00e9maty afrik\u00e1n\u0161tiny, kter\u00e1 mus\u00edte zvl\u00e1dnout, abyste mohli plynule mluvit a rozum\u011bt jazyku.<\/p>\n\n\n\n<h3 class=\"wp-block-heading\" id=\"h-1-nouns-and-articles\">1. Podstatn\u00e1 jm\u00e9na a \u010dleny:<\/h3>\n\n\n\n<p>V afrik\u00e1n\u0161tin\u011b podstatn\u00e1 jm\u00e9na nemaj\u00ed rod, co\u017e usnad\u0148uje u\u010den\u00ed ve srovn\u00e1n\u00ed s jin\u00fdmi germ\u00e1nsk\u00fdmi <a href=\"https:\/\/talkpal.ai\/what-language-is-spoken-on-the-international-space-station\/\">jazyky<\/a>. \u010cleny jsou tak\u00e9 jednoduch\u00e9, &#8222;die&#8220; je \u010dlen ur\u010dit\u00fd a &#8222;n&#8220; nebo &#8222;een&#8220; je \u010dlen neur\u010dit\u00fd.<\/p>\n\n\n\n<h3 class=\"wp-block-heading\" id=\"h-2-pronouns-determiners\">2. Z\u00e1jmena\/determinanty:<\/h3>\n\n\n\n<p>Z\u00e1jmena jsou slova, kter\u00e1 nahrazuj\u00ed podstatn\u00e1 jm\u00e9na a pom\u00e1haj\u00ed vyhnout se opakov\u00e1n\u00ed ve v\u011bt\u011b. Afrik\u00e1n\u0161tina m\u00e1 osobn\u00ed, p\u0159ivlast\u0148ovac\u00ed, ukazovac\u00ed a t\u00e1zac\u00ed z\u00e1jmena, kter\u00e1 jsou nezbytn\u00e1 p\u0159i tvo\u0159en\u00ed v\u011bt.<\/p>\n\n\n\n<h3 class=\"wp-block-heading\" id=\"h-3-adjectives\">3. P\u0159\u00eddavn\u00e1 jm\u00e9na:<\/h3>\n\n\n\n<p>P\u0159\u00eddavn\u00e1 jm\u00e9na popisuj\u00ed nebo modifikuj\u00ed podstatn\u00e1 jm\u00e9na. V afrik\u00e1n\u0161tin\u011b obvykle p\u0159edch\u00e1zej\u00ed podstatn\u00e9mu jm\u00e9nu a shoduj\u00ed se s n\u00edm v \u010d\u00edsle. Neexistuje \u017e\u00e1dn\u00e1 genderov\u00e1 dohoda, co\u017e usnad\u0148uje u\u010den\u00ed.<\/p>\n\n\n\n<h3 class=\"wp-block-heading\" id=\"h-4-verbs\">4. Slovesa:<\/h3>\n\n\n\n<p>Slovesa jsou d\u011bjov\u00e1 slova a jsou nezbytn\u00e1 p\u0159i tvo\u0159en\u00ed v\u011bt. V afrik\u00e1n\u0161tin\u011b se slovesa nespojuj\u00ed podle p\u0159edm\u011btu, co\u017e usnad\u0148uje u\u010den\u00ed oproti jin\u00fdm jazyk\u016fm. Pravideln\u00e1 slovesa se \u0159\u00edd\u00ed jednoduch\u00fdm vzorem, zat\u00edmco nepravideln\u00e1 slovesa je t\u0159eba si zapamatovat.<\/p>\n\n\n\n<h3 class=\"wp-block-heading\" id=\"h-5-tenses-and-tense-comparison\">5. \u010casy a porovn\u00e1v\u00e1n\u00ed \u010das\u016f:<\/h3>\n\n\n\n<p>Afrik\u00e1n\u0161tina m\u00e1 t\u0159i hlavn\u00ed \u010dasy: minulost, p\u0159\u00edtomnost a budoucnost. Nau\u010dit se tvo\u0159it a porovn\u00e1vat tyto \u010dasy je z\u00e1sadn\u00ed pro porozum\u011bn\u00ed a mluven\u00ed jazykem.<\/p>\n\n\n\n<h3 class=\"wp-block-heading\" id=\"h-6-progressive-and-perfect-progressive\">6. Progresivn\u00ed a dokonale progresivn\u00ed:<\/h3>\n\n\n\n<p>Pr\u016fb\u011bhov\u00fd \u010das se pou\u017e\u00edv\u00e1 k popisu prob\u00edhaj\u00edc\u00edch d\u011bj\u016f, zat\u00edmco p\u0159edkonan\u00fd pr\u016fb\u011bhov\u00fd ozna\u010duje d\u011bje, kter\u00e9 byly dokon\u010deny. U\u010den\u00ed se t\u011bchto \u010das\u016f pom\u00e1h\u00e1 jasn\u011b vyj\u00e1d\u0159it \u010diny.<\/p>\n\n\n\n<h3 class=\"wp-block-heading\" id=\"h-7-adverbs\">7. P\u0159\u00edslovce:<\/h3>\n\n\n\n<p>P\u0159\u00edslovce modifikuj\u00ed slovesa, p\u0159\u00eddavn\u00e1 jm\u00e9na nebo jin\u00e1 p\u0159\u00edslovce a poskytuj\u00ed v\u00edce informac\u00ed o d\u011bji, kvalit\u011b nebo zp\u016fsobu. Jsou d\u016fle\u017eit\u00e9 pro p\u0159id\u00e1n\u00ed detail\u016f do va\u0161ich v\u011bt.<\/p>\n\n\n\n<h3 class=\"wp-block-heading\" id=\"h-8-prepositions\">8. P\u0159edlo\u017eky:<\/h3>\n\n\n\n<p>P\u0159edlo\u017eky jsou slova, kter\u00e1 ukazuj\u00ed vztah mezi podstatn\u00fdmi jm\u00e9ny nebo z\u00e1jmeny a jin\u00fdmi slovy ve v\u011bt\u011b. Jsou kl\u00ed\u010dov\u00e9 pro vyj\u00e1d\u0159en\u00ed polohy, sm\u011bru, \u010dasu a dal\u0161\u00edch vztah\u016f.<\/p>\n\n\n\n<h3 class=\"wp-block-heading\" id=\"h-9-conditionals\">9. Kondicion\u00e1ly:<\/h3>\n\n\n\n<p>Podm\u00edn\u011bn\u00e9 v\u011bty vyjad\u0159uj\u00ed d\u011bj nebo stav, kter\u00fd z\u00e1vis\u00ed na spln\u011bn\u00ed podm\u00ednky. U\u010den\u00ed kondicion\u00e1l\u016f v\u00e1m pom\u016f\u017ee vyj\u00e1d\u0159it hypotetick\u00e9 situace a d\u016fsledky.<\/p>\n\n\n\n<h3 class=\"wp-block-heading\" id=\"h-10-sentences\">10. V\u011bty:<\/h3>\n\n\n\n<p>Pochopen\u00ed struktury afrik\u00e1nsk\u00fdch v\u011bt je z\u00e1sadn\u00ed pro tvo\u0159en\u00ed vlastn\u00edch v\u011bt a pochopen\u00ed toho, co \u0159\u00edkaj\u00ed ostatn\u00ed. Znalost pou\u017e\u00edv\u00e1n\u00ed v\u0161ech v\u00fd\u0161e uveden\u00fdch gramatick\u00fdch slo\u017eek v\u00e1m pom\u016f\u017ee vytvo\u0159it jasn\u00e9 a souvisl\u00e9 v\u011bty.<\/p>\n<\/div><\/div>\n\r\n<section class=\"learnNavigationSection\">\r\n            \r\n        <a href=\"https:\/\/talkpal.ai\/cs\/naucte-se-afrikansky\/\">\r\n            <div class=\"learnNavigationWrapper\">\r\n                <div class=\"learnNavigationContent\">\r\n                    <img decoding=\"async\" src=\"https:\/\/talkpal.ai\/wp-content\/uploads\/2024\/08\/Afrikaans.jpg\" alt=\"South Africa Flag\">\r\n                    <div>\r\n                        <h4>O v\u00fduce afrik\u00e1n\u0161tiny<\/h4>\r\n                        <p>Zjist\u011bte v\u0161e o gramatice afrik\u00e1n\u0161tiny .<\/p>\r\n                    <\/div>\r\n                <\/div>\r\n            <\/div>\r\n        <\/a>\r\n\r\n        \r\n        <a href=\"https:\/\/talkpal.ai\/cs\/afrikanska-gramatika\/\">\r\n            <div class=\"learnNavigationWrapper\">\r\n                <div class=\"learnNavigationContent\">\r\n                    <img decoding=\"async\" src=\"https:\/\/talkpal.ai\/wp-content\/uploads\/2024\/08\/Afrikaans.jpg\" alt=\"South Africa Flag\">\r\n                    <div>\r\n                        <h4>Afrik\u00e1n\u0161tina Gramatika Lekce<\/h4>\r\n                        <p>Procvi\u010dte si afrik\u00e1nskou gramatiku.<\/p>\r\n                    <\/div>\r\n                <\/div>\r\n            <\/div>\r\n        <\/a>\r\n\r\n        \r\n        <a href=\"https:\/\/talkpal.ai\/vocabulary_language\/afrikaans\/\">\r\n            <div class=\"learnNavigationWrapper\">\r\n                <div class=\"learnNavigationContent\">\r\n                    <img decoding=\"async\" src=\"https:\/\/talkpal.ai\/wp-content\/uploads\/2024\/08\/Afrikaans.jpg\" alt=\"South Africa Flag\">\r\n                    <div>\r\n                        <h4>Slovn\u00ed z\u00e1soba afrik\u00e1n\u0161tiny<\/h4>\r\n                        <p>Roz\u0161i\u0159te si slovn\u00ed z\u00e1sobu afrik\u00e1n\u0161tiny.<\/p>\r\n                    <\/div>\r\n                <\/div>\r\n            <\/div>\r\n        <\/a>\r\n\r\n            <\/section>","protected":false},"excerpt":{"rendered":"<p>Afrik\u00e1n\u0161tina Gramatika T\u00e9mata Afrik\u00e1n\u0161tina, z\u00e1padogerm\u00e1nsk\u00fd jazyk, je jedn\u00edm z jeden\u00e1cti \u00fa\u0159edn\u00edch jazyk\u016f Jihoafrick\u00e9 republiky a mluv\u00ed j\u00ed p\u0159ibli\u017en\u011b 6 milion\u016f lid\u00ed. U\u010den\u00ed afrik\u00e1n\u0161tiny m\u016f\u017ee b\u00fdt obohacuj\u00edc\u00ed a obohacuj\u00edc\u00ed zku\u0161enost\u00ed, proto\u017ee se j\u00edm mluv\u00ed nejen v Jihoafrick\u00e9 republice, ale tak\u00e9 v Namibii a v men\u0161\u00ed m\u00ed\u0159e v Zimbabwe a Botswan\u011b. Jazyk je pom\u011brn\u011b snadn\u00fd na nau\u010den\u00ed, [&hellip;]<\/p>\n","protected":false},"author":6,"featured_media":108875,"parent":0,"menu_order":0,"comment_status":"closed","ping_status":"closed","template":"LearningContentPage.php","meta":{"_acf_changed":false,"footnotes":""},"class_list":["post-154351","page","type-page","status-publish","has-post-thumbnail","hentry"],"acf":[],"yoast_head":"<!-- This site is optimized with the Yoast SEO Premium plugin v27.2 (Yoast SEO v27.2) - https:\/\/yoast.com\/product\/yoast-seo-premium-wordpress\/ -->\n<title>Afrik\u00e1nsk\u00e1 gramatick\u00e1 cvi\u010den\u00ed - Talkpal<\/title>\n<meta name=\"description\" content=\"Zvl\u00e1dn\u011bte afrik\u00e1n\u0161tinu pomoc\u00ed poutav\u00fdch cvi\u010den\u00ed z afrik\u00e1nsk\u00e9 gramatiky, kter\u00e1 jsou ur\u010dena ke zlep\u0161en\u00ed va\u0161ich jazykov\u00fdch dovednost\u00ed a plynulosti.\" \/>\n<meta name=\"robots\" content=\"index, follow, max-snippet:-1, max-image-preview:large, max-video-preview:-1\" \/>\n<link rel=\"canonical\" href=\"https:\/\/talkpal.ai\/cs\/afrikanska-gramaticka-cviceni\/\" \/>\n<meta property=\"og:locale\" content=\"cs_CZ\" \/>\n<meta property=\"og:type\" content=\"article\" \/>\n<meta property=\"og:title\" content=\"Afrik\u00e1nsk\u00e1 gramatick\u00e1 cvi\u010den\u00ed\" \/>\n<meta property=\"og:description\" content=\"Afrik\u00e1n\u0161tina Gramatika T\u00e9mata Afrik\u00e1n\u0161tina, z\u00e1padogerm\u00e1nsk\u00fd jazyk, je jedn\u00edm z jeden\u00e1cti \u00fa\u0159edn\u00edch jazyk\u016f Jihoafrick\u00e9 republiky a mluv\u00ed j\u00ed p\u0159ibli\u017en\u011b 6\" \/>\n<meta property=\"og:url\" content=\"https:\/\/talkpal.ai\/cs\/afrikanska-gramaticka-cviceni\/\" \/>\n<meta property=\"og:site_name\" content=\"Talkpal\" \/>\n<meta property=\"article:publisher\" content=\"https:\/\/www.facebook.com\/profile.php?id=100090733639311\" \/>\n<meta property=\"article:modified_time\" content=\"2025-05-23T14:07:23+00:00\" \/>\n<meta property=\"og:image\" content=\"https:\/\/talkpal.ai\/wp-content\/uploads\/2023\/05\/south-africa.png\" \/>\n\t<meta property=\"og:image:width\" content=\"512\" \/>\n\t<meta property=\"og:image:height\" content=\"512\" \/>\n\t<meta property=\"og:image:type\" content=\"image\/png\" \/>\n<meta name=\"twitter:card\" content=\"summary_large_image\" \/>\n<meta name=\"twitter:site\" content=\"@talkpalai\" \/>\n<meta name=\"twitter:label1\" content=\"Odhadovan\u00e1 doba \u010dten\u00ed\" \/>\n\t<meta name=\"twitter:data1\" content=\"3 minuty\" \/>\n<script type=\"application\/ld+json\" class=\"yoast-schema-graph\">{\"@context\":\"https:\/\/schema.org\",\"@graph\":[{\"@type\":\"WebPage\",\"@id\":\"https:\/\/talkpal.ai\/cs\/afrikanska-gramaticka-cviceni\/\",\"url\":\"https:\/\/talkpal.ai\/cs\/afrikanska-gramaticka-cviceni\/\",\"name\":\"Afrik\u00e1nsk\u00e1 gramatick\u00e1 cvi\u010den\u00ed - Talkpal\",\"isPartOf\":{\"@id\":\"https:\/\/talkpal.ai\/cs\/#website\"},\"primaryImageOfPage\":{\"@id\":\"https:\/\/talkpal.ai\/cs\/afrikanska-gramaticka-cviceni\/#primaryimage\"},\"image\":{\"@id\":\"https:\/\/talkpal.ai\/cs\/afrikanska-gramaticka-cviceni\/#primaryimage\"},\"thumbnailUrl\":\"https:\/\/talkpal.ai\/wp-content\/uploads\/2023\/05\/south-africa.png\",\"datePublished\":\"2023-06-16T11:18:42+00:00\",\"dateModified\":\"2025-05-23T14:07:23+00:00\",\"description\":\"Zvl\u00e1dn\u011bte afrik\u00e1n\u0161tinu pomoc\u00ed poutav\u00fdch cvi\u010den\u00ed z afrik\u00e1nsk\u00e9 gramatiky, kter\u00e1 jsou ur\u010dena ke zlep\u0161en\u00ed va\u0161ich jazykov\u00fdch dovednost\u00ed a plynulosti.\",\"breadcrumb\":{\"@id\":\"https:\/\/talkpal.ai\/cs\/afrikanska-gramaticka-cviceni\/#breadcrumb\"},\"inLanguage\":\"cs\",\"potentialAction\":[{\"@type\":\"ReadAction\",\"target\":[\"https:\/\/talkpal.ai\/cs\/afrikanska-gramaticka-cviceni\/\"]}]},{\"@type\":\"ImageObject\",\"inLanguage\":\"cs\",\"@id\":\"https:\/\/talkpal.ai\/cs\/afrikanska-gramaticka-cviceni\/#primaryimage\",\"url\":\"https:\/\/talkpal.ai\/wp-content\/uploads\/2023\/05\/south-africa.png\",\"contentUrl\":\"https:\/\/talkpal.ai\/wp-content\/uploads\/2023\/05\/south-africa.png\",\"width\":512,\"height\":512},{\"@type\":\"BreadcrumbList\",\"@id\":\"https:\/\/talkpal.ai\/cs\/afrikanska-gramaticka-cviceni\/#breadcrumb\",\"itemListElement\":[{\"@type\":\"ListItem\",\"position\":1,\"name\":\"Homepage\",\"item\":\"https:\/\/talkpal.ai\/cs\/\"},{\"@type\":\"ListItem\",\"position\":2,\"name\":\"Afrik\u00e1nsk\u00e1 gramatick\u00e1 cvi\u010den\u00ed\"}]},{\"@type\":\"WebSite\",\"@id\":\"https:\/\/talkpal.ai\/cs\/#website\",\"url\":\"https:\/\/talkpal.ai\/cs\/\",\"name\":\"Talkpal\",\"description\":\"AI Language Learning\",\"publisher\":{\"@id\":\"https:\/\/talkpal.ai\/cs\/#organization\"},\"alternateName\":\"Talkpal AI\",\"potentialAction\":[{\"@type\":\"SearchAction\",\"target\":{\"@type\":\"EntryPoint\",\"urlTemplate\":\"https:\/\/talkpal.ai\/cs\/?s={search_term_string}\"},\"query-input\":{\"@type\":\"PropertyValueSpecification\",\"valueRequired\":true,\"valueName\":\"search_term_string\"}}],\"inLanguage\":\"cs\"},{\"@type\":\"Organization\",\"@id\":\"https:\/\/talkpal.ai\/cs\/#organization\",\"name\":\"Talkpal, Inc.\",\"alternateName\":\"Talkpal AI\",\"url\":\"https:\/\/talkpal.ai\/cs\/\",\"logo\":{\"@type\":\"ImageObject\",\"inLanguage\":\"cs\",\"@id\":\"https:\/\/talkpal.ai\/cs\/#\/schema\/logo\/image\/\",\"url\":\"https:\/\/talkpal.ai\/wp-content\/uploads\/2024\/03\/Talkpal-Logo-Icon.png\",\"contentUrl\":\"https:\/\/talkpal.ai\/wp-content\/uploads\/2024\/03\/Talkpal-Logo-Icon.png\",\"width\":2880,\"height\":2880,\"caption\":\"Talkpal, Inc.\"},\"image\":{\"@id\":\"https:\/\/talkpal.ai\/cs\/#\/schema\/logo\/image\/\"},\"sameAs\":[\"https:\/\/www.facebook.com\/profile.php?id=100090733639311\",\"https:\/\/x.com\/talkpalai\",\"https:\/\/www.linkedin.com\/company\/talkpal\/\",\"https:\/\/www.youtube.com\/@TalkPal\/\",\"https:\/\/www.tiktok.com\/@talkpal\",\"https:\/\/www.instagram.com\/talkpal_ai\/\",\"https:\/\/www.crunchbase.com\/organization\/talkpal-9cde\",\"https:\/\/www.g2.com\/products\/talkpal-for-business\/\",\"https:\/\/www.trustpilot.com\/review\/talkpal.ai\",\"https:\/\/www.capterra.com\/p\/10006800\/TalkPal\/\"],\"description\":\"Talkpal is a language learning web and mobile education app, powered by the latest AI technologies, that provides engaging experiences to its customers in many different languages to help them improve their language skills. Users can chat about unlimited amount of topics with the app and use other modes to practice their language learning.\",\"email\":\"support@talkpal.ai\",\"legalName\":\"Talkpal, Inc.\",\"foundingDate\":\"2023-04-03\",\"duns\":\"118989042\",\"numberOfEmployees\":{\"@type\":\"QuantitativeValue\",\"minValue\":\"11\",\"maxValue\":\"50\"},\"publishingPrinciples\":\"https:\/\/talkpal.ai\/publishing-principles\/\",\"actionableFeedbackPolicy\":\"https:\/\/talkpal.ai\/actionable-feedback-policy\/\",\"correctionsPolicy\":\"https:\/\/talkpal.ai\/corrections-policy\/\",\"ethicsPolicy\":\"https:\/\/talkpal.ai\/ethics-policy\/\",\"diversityPolicy\":\"https:\/\/talkpal.ai\/diversity-policy\/\",\"diversityStaffingReport\":\"https:\/\/talkpal.ai\/diversity-policy\/\"}]}<\/script>\n<!-- \/ Yoast SEO Premium plugin. -->","yoast_head_json":{"title":"Afrik\u00e1nsk\u00e1 gramatick\u00e1 cvi\u010den\u00ed - Talkpal","description":"Zvl\u00e1dn\u011bte afrik\u00e1n\u0161tinu pomoc\u00ed poutav\u00fdch cvi\u010den\u00ed z afrik\u00e1nsk\u00e9 gramatiky, kter\u00e1 jsou ur\u010dena ke zlep\u0161en\u00ed va\u0161ich jazykov\u00fdch dovednost\u00ed a plynulosti.","robots":{"index":"index","follow":"follow","max-snippet":"max-snippet:-1","max-image-preview":"max-image-preview:large","max-video-preview":"max-video-preview:-1"},"canonical":"https:\/\/talkpal.ai\/cs\/afrikanska-gramaticka-cviceni\/","og_locale":"cs_CZ","og_type":"article","og_title":"Afrik\u00e1nsk\u00e1 gramatick\u00e1 cvi\u010den\u00ed","og_description":"Afrik\u00e1n\u0161tina Gramatika T\u00e9mata Afrik\u00e1n\u0161tina, z\u00e1padogerm\u00e1nsk\u00fd jazyk, je jedn\u00edm z jeden\u00e1cti \u00fa\u0159edn\u00edch jazyk\u016f Jihoafrick\u00e9 republiky a mluv\u00ed j\u00ed p\u0159ibli\u017en\u011b 6","og_url":"https:\/\/talkpal.ai\/cs\/afrikanska-gramaticka-cviceni\/","og_site_name":"Talkpal","article_publisher":"https:\/\/www.facebook.com\/profile.php?id=100090733639311","article_modified_time":"2025-05-23T14:07:23+00:00","og_image":[{"width":512,"height":512,"url":"https:\/\/talkpal.ai\/wp-content\/uploads\/2023\/05\/south-africa.png","type":"image\/png"}],"twitter_card":"summary_large_image","twitter_site":"@talkpalai","twitter_misc":{"Odhadovan\u00e1 doba \u010dten\u00ed":"3 minuty"},"schema":{"@context":"https:\/\/schema.org","@graph":[{"@type":"WebPage","@id":"https:\/\/talkpal.ai\/cs\/afrikanska-gramaticka-cviceni\/","url":"https:\/\/talkpal.ai\/cs\/afrikanska-gramaticka-cviceni\/","name":"Afrik\u00e1nsk\u00e1 gramatick\u00e1 cvi\u010den\u00ed - Talkpal","isPartOf":{"@id":"https:\/\/talkpal.ai\/cs\/#website"},"primaryImageOfPage":{"@id":"https:\/\/talkpal.ai\/cs\/afrikanska-gramaticka-cviceni\/#primaryimage"},"image":{"@id":"https:\/\/talkpal.ai\/cs\/afrikanska-gramaticka-cviceni\/#primaryimage"},"thumbnailUrl":"https:\/\/talkpal.ai\/wp-content\/uploads\/2023\/05\/south-africa.png","datePublished":"2023-06-16T11:18:42+00:00","dateModified":"2025-05-23T14:07:23+00:00","description":"Zvl\u00e1dn\u011bte afrik\u00e1n\u0161tinu pomoc\u00ed poutav\u00fdch cvi\u010den\u00ed z afrik\u00e1nsk\u00e9 gramatiky, kter\u00e1 jsou ur\u010dena ke zlep\u0161en\u00ed va\u0161ich jazykov\u00fdch dovednost\u00ed a plynulosti.","breadcrumb":{"@id":"https:\/\/talkpal.ai\/cs\/afrikanska-gramaticka-cviceni\/#breadcrumb"},"inLanguage":"cs","potentialAction":[{"@type":"ReadAction","target":["https:\/\/talkpal.ai\/cs\/afrikanska-gramaticka-cviceni\/"]}]},{"@type":"ImageObject","inLanguage":"cs","@id":"https:\/\/talkpal.ai\/cs\/afrikanska-gramaticka-cviceni\/#primaryimage","url":"https:\/\/talkpal.ai\/wp-content\/uploads\/2023\/05\/south-africa.png","contentUrl":"https:\/\/talkpal.ai\/wp-content\/uploads\/2023\/05\/south-africa.png","width":512,"height":512},{"@type":"BreadcrumbList","@id":"https:\/\/talkpal.ai\/cs\/afrikanska-gramaticka-cviceni\/#breadcrumb","itemListElement":[{"@type":"ListItem","position":1,"name":"Homepage","item":"https:\/\/talkpal.ai\/cs\/"},{"@type":"ListItem","position":2,"name":"Afrik\u00e1nsk\u00e1 gramatick\u00e1 cvi\u010den\u00ed"}]},{"@type":"WebSite","@id":"https:\/\/talkpal.ai\/cs\/#website","url":"https:\/\/talkpal.ai\/cs\/","name":"Talkpal","description":"AI Language Learning","publisher":{"@id":"https:\/\/talkpal.ai\/cs\/#organization"},"alternateName":"Talkpal AI","potentialAction":[{"@type":"SearchAction","target":{"@type":"EntryPoint","urlTemplate":"https:\/\/talkpal.ai\/cs\/?s={search_term_string}"},"query-input":{"@type":"PropertyValueSpecification","valueRequired":true,"valueName":"search_term_string"}}],"inLanguage":"cs"},{"@type":"Organization","@id":"https:\/\/talkpal.ai\/cs\/#organization","name":"Talkpal, Inc.","alternateName":"Talkpal AI","url":"https:\/\/talkpal.ai\/cs\/","logo":{"@type":"ImageObject","inLanguage":"cs","@id":"https:\/\/talkpal.ai\/cs\/#\/schema\/logo\/image\/","url":"https:\/\/talkpal.ai\/wp-content\/uploads\/2024\/03\/Talkpal-Logo-Icon.png","contentUrl":"https:\/\/talkpal.ai\/wp-content\/uploads\/2024\/03\/Talkpal-Logo-Icon.png","width":2880,"height":2880,"caption":"Talkpal, Inc."},"image":{"@id":"https:\/\/talkpal.ai\/cs\/#\/schema\/logo\/image\/"},"sameAs":["https:\/\/www.facebook.com\/profile.php?id=100090733639311","https:\/\/x.com\/talkpalai","https:\/\/www.linkedin.com\/company\/talkpal\/","https:\/\/www.youtube.com\/@TalkPal\/","https:\/\/www.tiktok.com\/@talkpal","https:\/\/www.instagram.com\/talkpal_ai\/","https:\/\/www.crunchbase.com\/organization\/talkpal-9cde","https:\/\/www.g2.com\/products\/talkpal-for-business\/","https:\/\/www.trustpilot.com\/review\/talkpal.ai","https:\/\/www.capterra.com\/p\/10006800\/TalkPal\/"],"description":"Talkpal is a language learning web and mobile education app, powered by the latest AI technologies, that provides engaging experiences to its customers in many different languages to help them improve their language skills. Users can chat about unlimited amount of topics with the app and use other modes to practice their language learning.","email":"support@talkpal.ai","legalName":"Talkpal, Inc.","foundingDate":"2023-04-03","duns":"118989042","numberOfEmployees":{"@type":"QuantitativeValue","minValue":"11","maxValue":"50"},"publishingPrinciples":"https:\/\/talkpal.ai\/publishing-principles\/","actionableFeedbackPolicy":"https:\/\/talkpal.ai\/actionable-feedback-policy\/","correctionsPolicy":"https:\/\/talkpal.ai\/corrections-policy\/","ethicsPolicy":"https:\/\/talkpal.ai\/ethics-policy\/","diversityPolicy":"https:\/\/talkpal.ai\/diversity-policy\/","diversityStaffingReport":"https:\/\/talkpal.ai\/diversity-policy\/"}]}},"_links":{"self":[{"href":"https:\/\/talkpal.ai\/cs\/wp-json\/wp\/v2\/pages\/154351","targetHints":{"allow":["GET"]}}],"collection":[{"href":"https:\/\/talkpal.ai\/cs\/wp-json\/wp\/v2\/pages"}],"about":[{"href":"https:\/\/talkpal.ai\/cs\/wp-json\/wp\/v2\/types\/page"}],"author":[{"embeddable":true,"href":"https:\/\/talkpal.ai\/cs\/wp-json\/wp\/v2\/users\/6"}],"replies":[{"embeddable":true,"href":"https:\/\/talkpal.ai\/cs\/wp-json\/wp\/v2\/comments?post=154351"}],"version-history":[{"count":0,"href":"https:\/\/talkpal.ai\/cs\/wp-json\/wp\/v2\/pages\/154351\/revisions"}],"wp:featuredmedia":[{"embeddable":true,"href":"https:\/\/talkpal.ai\/cs\/wp-json\/wp\/v2\/media\/108875"}],"wp:attachment":[{"href":"https:\/\/talkpal.ai\/cs\/wp-json\/wp\/v2\/media?parent=154351"}],"curies":[{"name":"wp","href":"https:\/\/api.w.org\/{rel}","templated":true}]}}