{"id":153821,"date":"2023-05-14T14:25:05","date_gmt":"2023-05-14T14:25:05","guid":{"rendered":"http:\/\/talkpal.ai\/svahilska-gramatika\/"},"modified":"2025-12-13T15:55:13","modified_gmt":"2025-12-13T15:55:13","slug":"svahilska-gramatika","status":"publish","type":"page","link":"https:\/\/talkpal.ai\/cs\/svahilska-gramatika\/","title":{"rendered":"Svahilsk\u00e1 gramatika"},"content":{"rendered":"\r\n\r\n\r\n<section class=\"languageChallengeSection\">\r\n    <div class=\"languageInfoWrapper\">\r\n        \r\n        <h1>Svahilsk\u00e1 gramatika<\/h1>\r\n        <p>Odhalte tajemstv\u00ed svahilsk\u00e9 gramatiky a zlep\u0161ete sv\u00e9 jazykov\u00e9 dovednosti pomoc\u00ed poutav\u00fdch lekc\u00ed a p\u0159\u00edklad\u016f ze \u017eivota. Pono\u0159te se do z\u00e1klad\u016f stavby v\u011bty, slovesn\u00fdch vzor\u016f a z\u00e1kladn\u00edch gramatick\u00fdch pravidel. Procvi\u010dte si z\u00edskan\u00e9 znalosti pomoc\u00ed interaktivn\u00edch cvi\u010den\u00ed, kter\u00e1 v\u00e1m pomohou upevnit znalosti. Za\u010dn\u011bte ovl\u00e1dat svahilskou gramatiku je\u0161t\u011b dnes a komunikujte s v\u011bt\u0161\u00ed jistotou!<\/p>\r\n\r\n                            <a class=\"getStartedHidden\" href=\"https:\/\/app.talkpal.ai\/cs\/signup?lng=\">Za\u010dni<\/a>\r\n        \r\n    <\/div>\r\n\r\n    <figure>\r\n    <img decoding=\"async\" width=\"768\" height=\"768\" src=\"https:\/\/talkpal.ai\/wp-content\/uploads\/2023\/06\/Swahili-768x768.png\" class=\"languageImage no-lazy\" alt=\"Secrets to master language learning\" fetchpriority=\"high\" sizes=\"(max-width: 768px) 150px, 768px\" srcset=\"https:\/\/talkpal.ai\/wp-content\/uploads\/2023\/06\/Swahili-768x768.png 768w, https:\/\/talkpal.ai\/wp-content\/uploads\/2023\/06\/Swahili-300x300.png 300w\" \/>\r\n    \r\n\r\n    <\/figure>\r\n\r\n            <a class=\"getStartedVisible\" href=\"https:\/\/app.talkpal.ai\/cs\/signup?lng=\">Za\u010dni<\/a>\r\n    \r\n<\/section>\r\n<section class=\"promotionalBanner\">\r\n    <p class=\"promotionalText\">Nejefektivn\u011bj\u0161\u00ed zp\u016fsob, jak se nau\u010dit jazyk<\/p>\r\n    <a class=\"promotionalLink\" href=\"https:\/\/app.talkpal.ai\/cs\/signup?lng=\">Vyzkou\u0161ejte Talkpal zdarma<\/a>\r\n<\/section>\n<div class=\"wp-block-group pageContainerStyle\"><div class=\"wp-block-group__inner-container is-layout-constrained wp-block-group-is-layout-constrained\">\n<h2 class=\"wp-block-heading\" id=\"h-swahili-grammar-demystifying-the-linguistic-adventure\">Svahilsk\u00e1 gramatika: Demystifikace lingvistick\u00e9ho dobrodru\u017estv\u00ed<\/h2>\n\n\n\n<p><a href=\"https:\/\/talkpal.ai\/swahili-grammar\/\">Svahilsk\u00e1 gramatika<\/a> &#8211; l\u00e1kav\u00e1 a p\u0159esto z\u00e1hadn\u00e1, plynul\u00e1 a p\u0159esto fascinuj\u00edc\u00ed, \u017eiv\u00e1 a p\u0159esto fascinuj\u00edc\u00ed. Kdy\u017e se vyd\u00e1te na lingvistickou cestu do svahil\u0161tiny, m\u016f\u017eete se setkat se sm\u011bs\u00ed fascinace a nejistoty. Nebojte se, milovn\u00edci jazyk\u016f! Jsme tu, abychom v\u00e1m pomohli orientovat se v t\u011bchto vzru\u0161uj\u00edc\u00edch jazykov\u00fdch vod\u00e1ch!<\/p>\n\n\n\n<p>V tomto \u010dl\u00e1nku poskytneme komplexn\u00ed p\u0159ehled svahilsk\u00e9 gramatiky, prozkoum\u00e1me kl\u00ed\u010dov\u00e9 slo\u017eky, nab\u00eddneme vysv\u011btlen\u00ed a p\u0159\u00edklady a zjednodu\u0161\u00edme slo\u017eitosti. Poj\u010fme tedy odhalit kouzlo svahil\u0161tiny a poodhalit tajemstv\u00ed jej\u00ed gramatiky!<\/p>\n\n\n\n<h3 class=\"wp-block-heading\" id=\"h-1-noun-classes-from-people-to-abstract-ideas\">1. T\u0159\u00eddy podstatn\u00fdch jmen: Od lid\u00ed k abstraktn\u00edm my\u0161lenk\u00e1m<\/h3>\n\n\n\n<p>Svahilsk\u00e1 <a href=\"https:\/\/talkpal.ai\/sq\/gramatika\/\">gramatika<\/a> se to\u010d\u00ed kolem osobit\u00e9ho, ale z\u00e1sadn\u00edho syst\u00e9mu klasifikace podstatn\u00fdch jmen. Podstatn\u00e1 jm\u00e9na jsou uspo\u0159\u00e1d\u00e1na do r\u016fzn\u00fdch t\u0159\u00edd na z\u00e1klad\u011b jejich v\u00fdznamu nebo vlastnost\u00ed a ka\u017ed\u00e1 t\u0159\u00edda m\u00e1 specifickou p\u0159edponu. I kdy\u017e se to m\u016f\u017ee zd\u00e1t zastra\u0161uj\u00edc\u00ed, je to z\u00e1sadn\u00ed pro vytv\u00e1\u0159en\u00ed shody mezi podstatn\u00fdmi jm\u00e9ny, p\u0159\u00eddavn\u00fdmi jm\u00e9ny a slovesy.<\/p>\n\n\n\n<p>Chcete-li tento proces zjednodu\u0161it, za\u010dn\u011bte t\u00edm, \u017ee se zam\u011b\u0159\u00edte na nejb\u011b\u017en\u011bj\u0161\u00ed t\u0159\u00eddy podstatn\u00fdch jmen:<\/p>\n\n\n\n<p><strong>&#8211; T\u0159\u00edda 1: Lid\u00e9 (nap\u0159. mtu &#8211; person)<\/strong><\/p>\n\n\n\n<p><strong>&#8211; T\u0159\u00edda 2: mno\u017en\u00e9 \u010d\u00edslo podstatn\u00fdch jmen t\u0159\u00eddy 1 (nap\u0159. watu &#8211; lid\u00e9)<\/strong><\/p>\n\n\n\n<p><strong>&#8211; T\u0159\u00edda 3: Stromy, rostliny a abstraktn\u00ed podstatn\u00e1 jm\u00e9na (nap\u0159. mti &#8211; strom)<\/strong><\/p>\n\n\n\n<p><strong>&#8211; T\u0159\u00edda 4: Ne\u017eiv\u00e9 p\u0159edm\u011bty a abstraktn\u00ed podstatn\u00e1 jm\u00e9na (nap\u0159. kiti &#8211; \u017eidle)<\/strong><\/p>\n\n\n\n<p>Pamatujte, \u017ee cvi\u010den\u00ed d\u011bl\u00e1 mistra a porozum\u011bn\u00ed t\u0159\u00edd\u00e1m podstatn\u00fdch jmen bude \u010dasem snaz\u0161\u00ed!<\/p>\n\n\n\n<h3 class=\"wp-block-heading\" id=\"h-2-adjectives-from-basic-to-intricate-agreement\">2. P\u0159\u00eddavn\u00e1 jm\u00e9na: od z\u00e1kladn\u00ed po slo\u017eitou shodu<\/h3>\n\n\n\n<p>P\u0159\u00eddavn\u00e1 jm\u00e9na ve svahil\u0161tin\u011b souhlas\u00ed s podstatn\u00fdm jm\u00e9nem, t\u0159\u00eddou a \u010d\u00edslem, kter\u00e9 modifikuj\u00ed. V\u00fdsledkem je, \u017ee p\u0159\u00eddavn\u00e1 jm\u00e9na maj\u00ed v\u00edce p\u0159edpon, aby odpov\u00eddaly r\u016fzn\u00fdm t\u0159\u00edd\u00e1m podstatn\u00fdch jmen. Dobrou zpr\u00e1vou je, \u017ee mnoho p\u0159\u00eddavn\u00fdch jmen sd\u00edl\u00ed stejn\u00fd ko\u0159en slova, d\u00edky \u010demu\u017e je jejich u\u010den\u00ed l\u00e9pe zvl\u00e1dnuteln\u00e9.<\/p>\n\n\n\n<p>Nap\u0159\u00edklad ko\u0159en &#8222;-refu&#8220; znamen\u00e1 &#8222;dlouh\u00fd&#8220;. V z\u00e1vislosti na t\u0159\u00edd\u011b podstatn\u00e9ho jm\u00e9na se m\u016f\u017ee vyskytovat jako &#8222;mrefu&#8220; (t\u0159\u00edda 1), &#8222;wazuri&#8220; (t\u0159\u00edda 2), &#8222;jurefu&#8220; (t\u0159\u00edda 3) atd. S prax\u00ed bude zvl\u00e1dnut\u00ed shody p\u0159\u00eddavn\u00e9ho jm\u00e9na a podstatn\u00e9ho jm\u00e9na hra\u010dkou!<\/p>\n\n\n\n<h3 class=\"wp-block-heading\" id=\"h-3-verbs-tense-subject-and-object\">3. Slovesa: \u010das, podm\u011bt a p\u0159edm\u011bt<\/h3>\n\n\n\n<p>Svahilsk\u00e1 slovesa jsou jako \u00fa\u010dinn\u00e9 \u0161v\u00fdcarsk\u00e9 arm\u00e1dn\u00ed no\u017ee, kompaktn\u011b vyjad\u0159uj\u00edc\u00ed \u010das, podm\u011bt a p\u0159edm\u011bt, v\u0161e v jednom \u00fahledn\u00e9m balen\u00ed. \u010casy se tvo\u0159\u00ed p\u0159ipojen\u00edm zna\u010dek \u010dasu ke ko\u0159enu slovesa, zat\u00edmco zna\u010dky podm\u011btu a p\u0159edm\u011btu vyjad\u0159uj\u00ed, kdo je zapojen do d\u011bje.<\/p>\n\n\n\n<p>Nap\u0159\u00edklad ko\u0159en &#8222;-soma&#8220; znamen\u00e1 &#8222;\u010d\u00edst&#8220;. P\u0159id\u00e1v\u00e1n\u00edm r\u016fzn\u00fdch p\u0159edpon a p\u0159\u00edpon m\u016f\u017eete vytvo\u0159it mnoho variant: &#8222;anasoma&#8220; (\u010dte), &#8222;alisoma&#8220; (\u010dte) nebo &#8222;atasoma&#8220; (bude \u010d\u00edst).<\/p>\n\n\n\n<h3 class=\"wp-block-heading\" id=\"h-4-word-order-subject-verb-object-for-clarity\">4. Slovosled: podm\u011bt-sloveso-p\u0159edm\u011bt pro p\u0159ehlednost<\/h3>\n\n\n\n<p><a href=\"https:\/\/talkpal.ai\/learn-swahili\/\">Svahil\u0161tina<\/a> se \u0159\u00edd\u00ed jednoduch\u00fdm, ale jasn\u00fdm slovosledem podm\u011bt-sloveso-objekt (SVO), podobn\u011b jako <a href=\"https:\/\/talkpal.ai\/learn-english-with-ai\/\">angli\u010dtina<\/a>, d\u00edky \u010demu\u017e je stavba v\u011bt m\u00e9n\u011b skli\u010duj\u00edc\u00ed. Nap\u0159\u00edklad &#8222;Mwanafunzi anasoma kitabu&#8220; se p\u0159\u00edmo p\u0159ekl\u00e1d\u00e1 jako &#8222;Student (subjekt) \u010dte (sloveso) knihu (objekt)&#8220;.<\/p>\n\n\n\n<h3 class=\"wp-block-heading\" id=\"h-5-embrace-the-challenges-practice-is-key\">5. P\u0159ijm\u011bte v\u00fdzvy: Praxe je kl\u00ed\u010dov\u00e1<\/h3>\n\n\n\n<p>Pono\u0159it se do svahilsk\u00e9 gramatiky se m\u016f\u017ee zpo\u010d\u00e1tku zd\u00e1t trochu zdrcuj\u00edc\u00ed. M\u011bjte v\u0161ak na pam\u011bti, \u017ee trp\u011blivost, praxe a vytrvalost jsou tajemstv\u00edm \u00fasp\u011bchu. Zapojte se do jazyka \u010dten\u00edm, psan\u00edm, poslechem a mluven\u00edm, abyste zlep\u0161ili sv\u00e9 porozum\u011bn\u00ed a sebev\u011bdom\u00ed.<\/p>\n\n\n\n<p>Tak co, jste p\u0159ipraveni prozkoumat z\u00e1zraky svahilsk\u00e9 gramatiky? P\u0159ijm\u011bte jeho slo\u017eitosti, vychutnejte si nuance a nezapome\u0148te, \u017ee s odhodl\u00e1n\u00edm a nad\u0161en\u00edm m\u016f\u017eete odhalit skute\u010dnou kr\u00e1su svahil\u0161tiny. Bahati njema! (Hodn\u011b \u0161t\u011bst\u00ed!)<\/p>\n<\/div><\/div>\n\r\n<section class=\"learnNavigationSection\">\r\n            \r\n        <a href=\"https:\/\/talkpal.ai\/cs\/naucte-se-svahilsky\/\">\r\n            <div class=\"learnNavigationWrapper\">\r\n                <div class=\"learnNavigationContent\">\r\n                    <img decoding=\"async\" src=\"https:\/\/talkpal.ai\/wp-content\/uploads\/2024\/08\/Swahili.jpg\" alt=\"Kenya and Tanzania Flags\">\r\n                    <div>\r\n                        <h4>O v\u00fduce svahil\u0161tiny<\/h4>\r\n                        <p>Zjist\u011bte v\u0161e o svahilsk\u00e9 gramatice.<\/p>\r\n                    <\/div>\r\n                <\/div>\r\n            <\/div>\r\n        <\/a>\r\n\r\n        \r\n        <a href=\"https:\/\/talkpal.ai\/cs\/cviceni-svahilske-gramatiky\/\">\r\n            <div class=\"learnNavigationWrapper\">\r\n                <div class=\"learnNavigationContent\">\r\n                    <img decoding=\"async\" src=\"https:\/\/talkpal.ai\/wp-content\/uploads\/2024\/08\/Swahili.jpg\" alt=\"Kenya and Tanzania Flags\">\r\n                    <div>\r\n                        <h4>Cvi\u010den\u00ed ze svahilsk\u00e9 gramatiky<\/h4>\r\n                        <p>Procvi\u010dte si svahilskou gramatiku.<\/p>\r\n                    <\/div>\r\n                <\/div>\r\n            <\/div>\r\n        <\/a>\r\n\r\n        \r\n        <a href=\"https:\/\/talkpal.ai\/vocabulary_language\/swahili\/\">\r\n            <div class=\"learnNavigationWrapper\">\r\n                <div class=\"learnNavigationContent\">\r\n                    <img decoding=\"async\" src=\"https:\/\/talkpal.ai\/wp-content\/uploads\/2024\/08\/Swahili.jpg\" alt=\"Kenya and Tanzania Flags\">\r\n                    <div>\r\n                        <h4>Svahilsk\u00e1 slovn\u00ed z\u00e1soba<\/h4>\r\n                        <p>Roz\u0161i\u0159te si svahilskou slovn\u00ed z\u00e1sobu.<\/p>\r\n                    <\/div>\r\n                <\/div>\r\n            <\/div>\r\n        <\/a>\r\n\r\n            <\/section>","protected":false},"excerpt":{"rendered":"<p>Svahilsk\u00e1 gramatika: Demystifikace lingvistick\u00e9ho dobrodru\u017estv\u00ed Svahilsk\u00e1 gramatika &#8211; l\u00e1kav\u00e1 a p\u0159esto z\u00e1hadn\u00e1, plynul\u00e1 a p\u0159esto fascinuj\u00edc\u00ed, \u017eiv\u00e1 a p\u0159esto fascinuj\u00edc\u00ed. Kdy\u017e se vyd\u00e1te na lingvistickou cestu do svahil\u0161tiny, m\u016f\u017eete se setkat se sm\u011bs\u00ed fascinace a nejistoty. Nebojte se, milovn\u00edci jazyk\u016f! Jsme tu, abychom v\u00e1m pomohli orientovat se v t\u011bchto vzru\u0161uj\u00edc\u00edch jazykov\u00fdch vod\u00e1ch! V tomto \u010dl\u00e1nku [&hellip;]<\/p>\n","protected":false},"author":1,"featured_media":119183,"parent":0,"menu_order":0,"comment_status":"closed","ping_status":"closed","template":"LearningContentPage.php","meta":{"_acf_changed":false,"footnotes":""},"class_list":["post-153821","page","type-page","status-publish","has-post-thumbnail","hentry"],"acf":[],"yoast_head":"<!-- This site is optimized with the Yoast SEO Premium plugin v27.2 (Yoast SEO v27.2) - https:\/\/yoast.com\/product\/yoast-seo-premium-wordpress\/ -->\n<title>Svahilsk\u00e1 gramatika - Talkpal<\/title>\n<meta name=\"description\" content=\"Odhalte tajemstv\u00ed svahilsk\u00e9 gramatiky pomoc\u00ed na\u0161eho komplexn\u00edho pr\u016fvodce! Objevte jeho jedine\u010dn\u00e9 t\u0159\u00eddy podstatn\u00fdch jmen a kl\u00ed\u010dov\u00e9 komponenty.\" \/>\n<meta name=\"robots\" content=\"index, follow, max-snippet:-1, max-image-preview:large, max-video-preview:-1\" \/>\n<link rel=\"canonical\" href=\"https:\/\/talkpal.ai\/cs\/svahilska-gramatika\/\" \/>\n<meta property=\"og:locale\" content=\"cs_CZ\" \/>\n<meta property=\"og:type\" content=\"article\" \/>\n<meta property=\"og:title\" content=\"Svahilsk\u00e1 gramatika\" \/>\n<meta property=\"og:description\" content=\"Svahilsk\u00e1 gramatika: Demystifikace lingvistick\u00e9ho dobrodru\u017estv\u00ed Svahilsk\u00e1 gramatika - l\u00e1kav\u00e1 a p\u0159esto z\u00e1hadn\u00e1, plynul\u00e1 a p\u0159esto fascinuj\u00edc\u00ed, \u017eiv\u00e1 a p\u0159esto\" \/>\n<meta property=\"og:url\" content=\"https:\/\/talkpal.ai\/cs\/svahilska-gramatika\/\" \/>\n<meta property=\"og:site_name\" content=\"Talkpal\" \/>\n<meta property=\"article:publisher\" content=\"https:\/\/www.facebook.com\/profile.php?id=100090733639311\" \/>\n<meta property=\"article:modified_time\" content=\"2025-12-13T15:55:13+00:00\" \/>\n<meta property=\"og:image\" content=\"https:\/\/talkpal.ai\/wp-content\/uploads\/2023\/05\/Swahili-tanzania.png\" \/>\n\t<meta property=\"og:image:width\" content=\"512\" \/>\n\t<meta property=\"og:image:height\" content=\"512\" \/>\n\t<meta property=\"og:image:type\" content=\"image\/png\" \/>\n<meta name=\"twitter:card\" content=\"summary_large_image\" \/>\n<meta name=\"twitter:site\" content=\"@talkpalai\" \/>\n<meta name=\"twitter:label1\" content=\"Odhadovan\u00e1 doba \u010dten\u00ed\" \/>\n\t<meta name=\"twitter:data1\" content=\"3 minuty\" \/>\n<script type=\"application\/ld+json\" class=\"yoast-schema-graph\">{\"@context\":\"https:\/\/schema.org\",\"@graph\":[{\"@type\":\"WebPage\",\"@id\":\"https:\/\/talkpal.ai\/cs\/svahilska-gramatika\/\",\"url\":\"https:\/\/talkpal.ai\/cs\/svahilska-gramatika\/\",\"name\":\"Svahilsk\u00e1 gramatika - Talkpal\",\"isPartOf\":{\"@id\":\"https:\/\/talkpal.ai\/cs\/#website\"},\"primaryImageOfPage\":{\"@id\":\"https:\/\/talkpal.ai\/cs\/svahilska-gramatika\/#primaryimage\"},\"image\":{\"@id\":\"https:\/\/talkpal.ai\/cs\/svahilska-gramatika\/#primaryimage\"},\"thumbnailUrl\":\"https:\/\/talkpal.ai\/wp-content\/uploads\/2023\/05\/Swahili-tanzania.png\",\"datePublished\":\"2023-05-14T14:25:05+00:00\",\"dateModified\":\"2025-12-13T15:55:13+00:00\",\"description\":\"Odhalte tajemstv\u00ed svahilsk\u00e9 gramatiky pomoc\u00ed na\u0161eho komplexn\u00edho pr\u016fvodce! Objevte jeho jedine\u010dn\u00e9 t\u0159\u00eddy podstatn\u00fdch jmen a kl\u00ed\u010dov\u00e9 komponenty.\",\"breadcrumb\":{\"@id\":\"https:\/\/talkpal.ai\/cs\/svahilska-gramatika\/#breadcrumb\"},\"inLanguage\":\"cs\",\"potentialAction\":[{\"@type\":\"ReadAction\",\"target\":[\"https:\/\/talkpal.ai\/cs\/svahilska-gramatika\/\"]}]},{\"@type\":\"ImageObject\",\"inLanguage\":\"cs\",\"@id\":\"https:\/\/talkpal.ai\/cs\/svahilska-gramatika\/#primaryimage\",\"url\":\"https:\/\/talkpal.ai\/wp-content\/uploads\/2023\/05\/Swahili-tanzania.png\",\"contentUrl\":\"https:\/\/talkpal.ai\/wp-content\/uploads\/2023\/05\/Swahili-tanzania.png\",\"width\":512,\"height\":512},{\"@type\":\"BreadcrumbList\",\"@id\":\"https:\/\/talkpal.ai\/cs\/svahilska-gramatika\/#breadcrumb\",\"itemListElement\":[{\"@type\":\"ListItem\",\"position\":1,\"name\":\"Homepage\",\"item\":\"https:\/\/talkpal.ai\/cs\/\"},{\"@type\":\"ListItem\",\"position\":2,\"name\":\"Svahilsk\u00e1 gramatika\"}]},{\"@type\":\"WebSite\",\"@id\":\"https:\/\/talkpal.ai\/cs\/#website\",\"url\":\"https:\/\/talkpal.ai\/cs\/\",\"name\":\"Talkpal\",\"description\":\"AI Language Learning\",\"publisher\":{\"@id\":\"https:\/\/talkpal.ai\/cs\/#organization\"},\"alternateName\":\"Talkpal AI\",\"potentialAction\":[{\"@type\":\"SearchAction\",\"target\":{\"@type\":\"EntryPoint\",\"urlTemplate\":\"https:\/\/talkpal.ai\/cs\/?s={search_term_string}\"},\"query-input\":{\"@type\":\"PropertyValueSpecification\",\"valueRequired\":true,\"valueName\":\"search_term_string\"}}],\"inLanguage\":\"cs\"},{\"@type\":\"Organization\",\"@id\":\"https:\/\/talkpal.ai\/cs\/#organization\",\"name\":\"Talkpal, Inc.\",\"alternateName\":\"Talkpal AI\",\"url\":\"https:\/\/talkpal.ai\/cs\/\",\"logo\":{\"@type\":\"ImageObject\",\"inLanguage\":\"cs\",\"@id\":\"https:\/\/talkpal.ai\/cs\/#\/schema\/logo\/image\/\",\"url\":\"https:\/\/talkpal.ai\/wp-content\/uploads\/2024\/03\/Talkpal-Logo-Icon.png\",\"contentUrl\":\"https:\/\/talkpal.ai\/wp-content\/uploads\/2024\/03\/Talkpal-Logo-Icon.png\",\"width\":2880,\"height\":2880,\"caption\":\"Talkpal, Inc.\"},\"image\":{\"@id\":\"https:\/\/talkpal.ai\/cs\/#\/schema\/logo\/image\/\"},\"sameAs\":[\"https:\/\/www.facebook.com\/profile.php?id=100090733639311\",\"https:\/\/x.com\/talkpalai\",\"https:\/\/www.linkedin.com\/company\/talkpal\/\",\"https:\/\/www.youtube.com\/@TalkPal\/\",\"https:\/\/www.tiktok.com\/@talkpal\",\"https:\/\/www.instagram.com\/talkpal_ai\/\",\"https:\/\/www.crunchbase.com\/organization\/talkpal-9cde\",\"https:\/\/www.g2.com\/products\/talkpal-for-business\/\",\"https:\/\/www.trustpilot.com\/review\/talkpal.ai\",\"https:\/\/www.capterra.com\/p\/10006800\/TalkPal\/\"],\"description\":\"Talkpal is a language learning web and mobile education app, powered by the latest AI technologies, that provides engaging experiences to its customers in many different languages to help them improve their language skills. Users can chat about unlimited amount of topics with the app and use other modes to practice their language learning.\",\"email\":\"support@talkpal.ai\",\"legalName\":\"Talkpal, Inc.\",\"foundingDate\":\"2023-04-03\",\"duns\":\"118989042\",\"numberOfEmployees\":{\"@type\":\"QuantitativeValue\",\"minValue\":\"11\",\"maxValue\":\"50\"},\"publishingPrinciples\":\"https:\/\/talkpal.ai\/publishing-principles\/\",\"actionableFeedbackPolicy\":\"https:\/\/talkpal.ai\/actionable-feedback-policy\/\",\"correctionsPolicy\":\"https:\/\/talkpal.ai\/corrections-policy\/\",\"ethicsPolicy\":\"https:\/\/talkpal.ai\/ethics-policy\/\",\"diversityPolicy\":\"https:\/\/talkpal.ai\/diversity-policy\/\",\"diversityStaffingReport\":\"https:\/\/talkpal.ai\/diversity-policy\/\"}]}<\/script>\n<!-- \/ Yoast SEO Premium plugin. -->","yoast_head_json":{"title":"Svahilsk\u00e1 gramatika - Talkpal","description":"Odhalte tajemstv\u00ed svahilsk\u00e9 gramatiky pomoc\u00ed na\u0161eho komplexn\u00edho pr\u016fvodce! Objevte jeho jedine\u010dn\u00e9 t\u0159\u00eddy podstatn\u00fdch jmen a kl\u00ed\u010dov\u00e9 komponenty.","robots":{"index":"index","follow":"follow","max-snippet":"max-snippet:-1","max-image-preview":"max-image-preview:large","max-video-preview":"max-video-preview:-1"},"canonical":"https:\/\/talkpal.ai\/cs\/svahilska-gramatika\/","og_locale":"cs_CZ","og_type":"article","og_title":"Svahilsk\u00e1 gramatika","og_description":"Svahilsk\u00e1 gramatika: Demystifikace lingvistick\u00e9ho dobrodru\u017estv\u00ed Svahilsk\u00e1 gramatika - l\u00e1kav\u00e1 a p\u0159esto z\u00e1hadn\u00e1, plynul\u00e1 a p\u0159esto fascinuj\u00edc\u00ed, \u017eiv\u00e1 a p\u0159esto","og_url":"https:\/\/talkpal.ai\/cs\/svahilska-gramatika\/","og_site_name":"Talkpal","article_publisher":"https:\/\/www.facebook.com\/profile.php?id=100090733639311","article_modified_time":"2025-12-13T15:55:13+00:00","og_image":[{"width":512,"height":512,"url":"https:\/\/talkpal.ai\/wp-content\/uploads\/2023\/05\/Swahili-tanzania.png","type":"image\/png"}],"twitter_card":"summary_large_image","twitter_site":"@talkpalai","twitter_misc":{"Odhadovan\u00e1 doba \u010dten\u00ed":"3 minuty"},"schema":{"@context":"https:\/\/schema.org","@graph":[{"@type":"WebPage","@id":"https:\/\/talkpal.ai\/cs\/svahilska-gramatika\/","url":"https:\/\/talkpal.ai\/cs\/svahilska-gramatika\/","name":"Svahilsk\u00e1 gramatika - Talkpal","isPartOf":{"@id":"https:\/\/talkpal.ai\/cs\/#website"},"primaryImageOfPage":{"@id":"https:\/\/talkpal.ai\/cs\/svahilska-gramatika\/#primaryimage"},"image":{"@id":"https:\/\/talkpal.ai\/cs\/svahilska-gramatika\/#primaryimage"},"thumbnailUrl":"https:\/\/talkpal.ai\/wp-content\/uploads\/2023\/05\/Swahili-tanzania.png","datePublished":"2023-05-14T14:25:05+00:00","dateModified":"2025-12-13T15:55:13+00:00","description":"Odhalte tajemstv\u00ed svahilsk\u00e9 gramatiky pomoc\u00ed na\u0161eho komplexn\u00edho pr\u016fvodce! Objevte jeho jedine\u010dn\u00e9 t\u0159\u00eddy podstatn\u00fdch jmen a kl\u00ed\u010dov\u00e9 komponenty.","breadcrumb":{"@id":"https:\/\/talkpal.ai\/cs\/svahilska-gramatika\/#breadcrumb"},"inLanguage":"cs","potentialAction":[{"@type":"ReadAction","target":["https:\/\/talkpal.ai\/cs\/svahilska-gramatika\/"]}]},{"@type":"ImageObject","inLanguage":"cs","@id":"https:\/\/talkpal.ai\/cs\/svahilska-gramatika\/#primaryimage","url":"https:\/\/talkpal.ai\/wp-content\/uploads\/2023\/05\/Swahili-tanzania.png","contentUrl":"https:\/\/talkpal.ai\/wp-content\/uploads\/2023\/05\/Swahili-tanzania.png","width":512,"height":512},{"@type":"BreadcrumbList","@id":"https:\/\/talkpal.ai\/cs\/svahilska-gramatika\/#breadcrumb","itemListElement":[{"@type":"ListItem","position":1,"name":"Homepage","item":"https:\/\/talkpal.ai\/cs\/"},{"@type":"ListItem","position":2,"name":"Svahilsk\u00e1 gramatika"}]},{"@type":"WebSite","@id":"https:\/\/talkpal.ai\/cs\/#website","url":"https:\/\/talkpal.ai\/cs\/","name":"Talkpal","description":"AI Language Learning","publisher":{"@id":"https:\/\/talkpal.ai\/cs\/#organization"},"alternateName":"Talkpal AI","potentialAction":[{"@type":"SearchAction","target":{"@type":"EntryPoint","urlTemplate":"https:\/\/talkpal.ai\/cs\/?s={search_term_string}"},"query-input":{"@type":"PropertyValueSpecification","valueRequired":true,"valueName":"search_term_string"}}],"inLanguage":"cs"},{"@type":"Organization","@id":"https:\/\/talkpal.ai\/cs\/#organization","name":"Talkpal, Inc.","alternateName":"Talkpal AI","url":"https:\/\/talkpal.ai\/cs\/","logo":{"@type":"ImageObject","inLanguage":"cs","@id":"https:\/\/talkpal.ai\/cs\/#\/schema\/logo\/image\/","url":"https:\/\/talkpal.ai\/wp-content\/uploads\/2024\/03\/Talkpal-Logo-Icon.png","contentUrl":"https:\/\/talkpal.ai\/wp-content\/uploads\/2024\/03\/Talkpal-Logo-Icon.png","width":2880,"height":2880,"caption":"Talkpal, Inc."},"image":{"@id":"https:\/\/talkpal.ai\/cs\/#\/schema\/logo\/image\/"},"sameAs":["https:\/\/www.facebook.com\/profile.php?id=100090733639311","https:\/\/x.com\/talkpalai","https:\/\/www.linkedin.com\/company\/talkpal\/","https:\/\/www.youtube.com\/@TalkPal\/","https:\/\/www.tiktok.com\/@talkpal","https:\/\/www.instagram.com\/talkpal_ai\/","https:\/\/www.crunchbase.com\/organization\/talkpal-9cde","https:\/\/www.g2.com\/products\/talkpal-for-business\/","https:\/\/www.trustpilot.com\/review\/talkpal.ai","https:\/\/www.capterra.com\/p\/10006800\/TalkPal\/"],"description":"Talkpal is a language learning web and mobile education app, powered by the latest AI technologies, that provides engaging experiences to its customers in many different languages to help them improve their language skills. Users can chat about unlimited amount of topics with the app and use other modes to practice their language learning.","email":"support@talkpal.ai","legalName":"Talkpal, Inc.","foundingDate":"2023-04-03","duns":"118989042","numberOfEmployees":{"@type":"QuantitativeValue","minValue":"11","maxValue":"50"},"publishingPrinciples":"https:\/\/talkpal.ai\/publishing-principles\/","actionableFeedbackPolicy":"https:\/\/talkpal.ai\/actionable-feedback-policy\/","correctionsPolicy":"https:\/\/talkpal.ai\/corrections-policy\/","ethicsPolicy":"https:\/\/talkpal.ai\/ethics-policy\/","diversityPolicy":"https:\/\/talkpal.ai\/diversity-policy\/","diversityStaffingReport":"https:\/\/talkpal.ai\/diversity-policy\/"}]}},"_links":{"self":[{"href":"https:\/\/talkpal.ai\/cs\/wp-json\/wp\/v2\/pages\/153821","targetHints":{"allow":["GET"]}}],"collection":[{"href":"https:\/\/talkpal.ai\/cs\/wp-json\/wp\/v2\/pages"}],"about":[{"href":"https:\/\/talkpal.ai\/cs\/wp-json\/wp\/v2\/types\/page"}],"author":[{"embeddable":true,"href":"https:\/\/talkpal.ai\/cs\/wp-json\/wp\/v2\/users\/1"}],"replies":[{"embeddable":true,"href":"https:\/\/talkpal.ai\/cs\/wp-json\/wp\/v2\/comments?post=153821"}],"version-history":[{"count":0,"href":"https:\/\/talkpal.ai\/cs\/wp-json\/wp\/v2\/pages\/153821\/revisions"}],"wp:featuredmedia":[{"embeddable":true,"href":"https:\/\/talkpal.ai\/cs\/wp-json\/wp\/v2\/media\/119183"}],"wp:attachment":[{"href":"https:\/\/talkpal.ai\/cs\/wp-json\/wp\/v2\/media?parent=153821"}],"curies":[{"name":"wp","href":"https:\/\/api.w.org\/{rel}","templated":true}]}}