{"id":153473,"date":"2023-05-14T14:24:42","date_gmt":"2023-05-14T14:24:42","guid":{"rendered":"http:\/\/talkpal.ai\/thajska-gramatika\/"},"modified":"2025-12-13T15:48:51","modified_gmt":"2025-12-13T15:48:51","slug":"thajska-gramatika","status":"publish","type":"page","link":"https:\/\/talkpal.ai\/cs\/thajska-gramatika\/","title":{"rendered":"Thajsk\u00e1 gramatika"},"content":{"rendered":"\r\n\r\n\r\n<section class=\"languageChallengeSection\">\r\n    <div class=\"languageInfoWrapper\">\r\n        \r\n        <h1>Thajsk\u00e1 gramatika<\/h1>\r\n        <p>Nau\u010dte se thajskou gramatiku a poznejte kr\u00e1su jazyka, kter\u00fd je logick\u00fd i expresivn\u00ed. Vydejte se na cestu a otev\u0159ete si dve\u0159e k fascinuj\u00edc\u00edmu zp\u016fsobu my\u0161len\u00ed a mluven\u00ed!<\/p>\r\n\r\n                            <a class=\"getStartedHidden\" href=\"https:\/\/app.talkpal.ai\/cs\/signup?lng=\">Za\u010dni<\/a>\r\n        \r\n    <\/div>\r\n\r\n    <figure>\r\n    <img decoding=\"async\" width=\"768\" height=\"768\" src=\"https:\/\/talkpal.ai\/wp-content\/uploads\/2023\/06\/thai-768x768.png\" class=\"languageImage no-lazy\" alt=\"Language learning for improved thought process\" fetchpriority=\"high\" sizes=\"(max-width: 768px) 150px, 768px\" srcset=\"https:\/\/talkpal.ai\/wp-content\/uploads\/2023\/06\/thai-768x768.png 768w, https:\/\/talkpal.ai\/wp-content\/uploads\/2023\/06\/thai-300x300.png 300w\" \/>\r\n    \r\n\r\n    <\/figure>\r\n\r\n            <a class=\"getStartedVisible\" href=\"https:\/\/app.talkpal.ai\/cs\/signup?lng=\">Za\u010dni<\/a>\r\n    \r\n<\/section>\r\n<section class=\"promotionalBanner\">\r\n    <p class=\"promotionalText\">Nejefektivn\u011bj\u0161\u00ed zp\u016fsob, jak se nau\u010dit jazyk<\/p>\r\n    <a class=\"promotionalLink\" href=\"https:\/\/app.talkpal.ai\/cs\/signup?lng=\">Vyzkou\u0161ejte Talkpal zdarma<\/a>\r\n<\/section>\n<div class=\"wp-block-group pageContainerStyle\"><div class=\"wp-block-group__inner-container is-layout-constrained wp-block-group-is-layout-constrained\">\n<h2 class=\"wp-block-heading\" id=\"h-thai-grammar-exploring-a-unique-linguistic-world\">Thajsk\u00e1 gramatika: Objevov\u00e1n\u00ed jedine\u010dn\u00e9ho lingvistick\u00e9ho sv\u011bta<\/h2>\n\n\n\n<p><a href=\"https:\/\/talkpal.ai\/thai-grammar\/\">Thajsk\u00e1 gramatika<\/a> &#8211; zd\u00e1nliv\u011b z\u00e1hadn\u00e1, exotick\u00e1 a podmaniv\u00e1. Kdy\u017e se vyd\u00e1te na cestu za pozn\u00e1n\u00edm thaj\u0161tiny, mo\u017en\u00e1 v\u00e1s ne\u010dekan\u011b uchv\u00e1t\u00ed jej\u00ed <a href=\"https:\/\/talkpal.ai\/sq\/gramatika\/\">gramatika<\/a>. Nebojte se, moji kolegov\u00e9 lingvisti\u010dt\u00ed badatel\u00e9! Jsme tu, abychom v\u00e1m nab\u00eddli veden\u00ed a podporu na tomto fascinuj\u00edc\u00edm dobrodru\u017estv\u00ed!<\/p>\n\n\n\n<p>V tomto \u010dl\u00e1nku se pono\u0159\u00edme do z\u00e1kladn\u00edch aspekt\u016f <a href=\"https:\/\/talkpal.ai\/learn-thai\/\">thajsk\u00e9<\/a> gramatiky, rozebereme kl\u00ed\u010dov\u00e9 pojmy, vysv\u011btl\u00edme pravidla a dokonce zjednodu\u0161\u00edme slo\u017eitost. P\u0159ipojte se k n\u00e1m, kdy\u017e poodhalujeme z\u00e1voj thajsk\u00e9 gramatiky a za\u017eehn\u011bte ve v\u00e1s v\u00e1\u0161e\u0148 pro tento \u00fa\u017easn\u011b jedine\u010dn\u00fd jazyk!<\/p>\n\n\n\n<h3 class=\"wp-block-heading\" id=\"h-1-nouns-no-plurals-no-genders-no-worries\">1. Podstatn\u00e1 jm\u00e9na: \u017e\u00e1dn\u00e9 mno\u017en\u00e9 \u010d\u00edslo, \u017e\u00e1dn\u00e9 rody, \u017e\u00e1dn\u00e9 obavy!<\/h3>\n\n\n\n<p>Kr\u00e1sa thajsk\u00e9 gramatiky spo\u010d\u00edv\u00e1 v jej\u00ed jednoduchosti t\u00fdkaj\u00edc\u00ed se podstatn\u00fdch jmen. Thajsk\u00e1 podstatn\u00e1 jm\u00e9na nemaj\u00ed rod ani mno\u017en\u00e9 \u010d\u00edslo, tak\u017ee jsou snadno pou\u017eiteln\u00e1 a srozumiteln\u00e1. Pro ozna\u010den\u00ed mno\u017en\u00e9ho \u010d\u00edsla sta\u010d\u00ed p\u0159idat slovo pro mno\u017estv\u00ed, nap\u0159\u00edklad &#8222;mnoho&#8220; (\u0e21\u0e32\u0e01, m\u00e2ak) nebo &#8222;n\u011bkter\u00e9&#8220; (\u0e1a\u0e49\u0e32\u0e07, b\u00e2ang), nebo opakovat podstatn\u00e9 jm\u00e9no, aby se zd\u016fraznil v\u00fdznam mno\u017en\u00e9ho \u010d\u00edsla.<\/p>\n\n\n\n<h3 class=\"wp-block-heading\" id=\"h-2-pronouns-choose-wisely-based-on-politeness\">2. Z\u00e1jmena: vyb\u00edrejte moud\u0159e na z\u00e1klad\u011b zdvo\u0159ilosti<\/h3>\n\n\n\n<p>V\u00fdb\u011br vhodn\u00e9ho z\u00e1jmena je v thajsk\u00e9 gramatice nezbytn\u00fd pro projeven\u00ed \u00facty a pokory. Thajsk\u00e1 z\u00e1jmena se li\u0161\u00ed v z\u00e1vislosti na pohlav\u00ed, v\u011bku a vztahu mluv\u010d\u00edho a poslucha\u010de. Nap\u0159\u00edklad &#8222;\u0e09\u0e31\u0e19&#8220; (ch\u0103n) je b\u011b\u017en\u00e9 neform\u00e1ln\u00ed z\u00e1jmeno prvn\u00ed osoby, zat\u00edmco &#8222;\u0e1c\u0e21&#8220; (p\u014fm) \u010dasto pou\u017e\u00edvaj\u00ed mu\u017ei ve form\u00e1ln\u011bj\u0161\u00edch situac\u00edch.<\/p>\n\n\n\n<p>Chcete-li se p\u0159iklonit ke zdvo\u0159ilosti, pou\u017e\u00edvejte &#8222;\u0e04\u0e38\u0e13&#8220; (kun) pro &#8222;vy&#8220; a &#8222;\u0e40\u0e02\u0e32&#8220; (k\u0103o) pro &#8222;on\/ona&#8220;.<\/p>\n\n\n\n<h3 class=\"wp-block-heading\" id=\"h-3-verbs-no-conjugation-or-tenses-only-particles\">3. Slovesa: bez \u010dasov\u00e1n\u00ed nebo \u010das\u016f, pouze s \u010d\u00e1sticemi<\/h3>\n\n\n\n<p>V thajsk\u00e9 gramatice z\u016fst\u00e1vaj\u00ed slovesa nezm\u011bn\u011bna bez ohledu na \u010das, n\u00e1ladu nebo podm\u011bt. M\u00edsto toho se thaj\u0161tina spol\u00e9h\u00e1 na jednoduch\u00e1 slova zn\u00e1m\u00e1 jako \u010d\u00e1stice, kter\u00e1 ozna\u010duj\u00ed \u010das nebo postoj v\u011bty. Tyto \u010d\u00e1stice jsou um\u00edst\u011bny na konci v\u011bty.<\/p>\n\n\n\n<p>Nap\u0159\u00edklad \u010d\u00e1stice &#8222;\u0e41\u0e25\u0e49\u0e27&#8220; (l\u00e1ew) ozna\u010duje minul\u00fd \u010das nebo dokonan\u00fd d\u011bj a &#8222;\u0e01\u0e33\u0e25\u0e31\u0e07&#8220; (gam-lang) se pou\u017e\u00edv\u00e1 pro prob\u00edhaj\u00edc\u00ed d\u011bj. Proto &#8222;\u0e40\u0e02\u0e32\u0e01\u0e34\u0e19&#8220; (k\u0103o gin) znamen\u00e1 &#8222;j\u00ed&#8220;, zat\u00edmco &#8222;\u0e40\u0e02\u0e32\u0e01\u0e34\u0e19\u0e41\u0e25\u0e49\u0e27&#8220; (k\u0103o gin l\u00e1ew) znamen\u00e1 &#8222;jedl&#8220;.<\/p>\n\n\n\n<h3 class=\"wp-block-heading\" id=\"h-4-sentence-structure-clear-and-straightforward\">4. Struktura v\u011bty: Jasn\u00e1 a p\u0159\u00edmo\u010dar\u00e1<\/h3>\n\n\n\n<p>Thajsk\u00e1 gramatika se \u0159\u00edd\u00ed v\u011btnou strukturou podm\u011bt-sloveso-objekt (SVO), podobn\u011b jako <a href=\"https:\/\/talkpal.ai\/learn-english-with-ai\/\">angli\u010dtina<\/a>, co\u017e zjednodu\u0161uje porozum\u011bn\u00ed pro <a href=\"https:\/\/talkpal.ai\/english-speaking-course\/\">anglicky mluv\u00edc\u00ed<\/a>. Hlavn\u00edm pravidlem je, \u017ee p\u0159\u00eddavn\u00e1 jm\u00e9na, p\u0159\u00edslovce a dal\u0161\u00ed popisn\u00e1 slova n\u00e1sleduj\u00ed po podstatn\u00e9m jm\u00e9nu nebo slovesu, kter\u00e9 popisuj\u00ed.<\/p>\n\n\n\n<p>Nap\u0159\u00edklad &#8222;\u0e1c\u0e21\u0e0a\u0e2d\u0e1a\u0e2b\u0e19\u0e31\u0e07\u0e2a\u0e37\u0e2d\u0e19\u0e35\u0e49&#8220; (p\u014fm ch\u00e2wp n\u0103ng s\u011bu n\u00e9e) se p\u0159ekl\u00e1d\u00e1 jako &#8222;M\u00e1m (subjekt) r\u00e1d (sloveso) tuto knihu (objekt)&#8220;.<\/p>\n\n\n\n<h3 class=\"wp-block-heading\" id=\"h-5-immerse-yourself-in-thai-practice-makes-perfect\">5. Pono\u0159te se do thaj\u0161tiny: cvi\u010den\u00ed d\u011bl\u00e1 mistra<\/h3>\n\n\n\n<p>Pochopen\u00ed a zvl\u00e1dnut\u00ed thajsk\u00e9 gramatiky se m\u016f\u017ee zpo\u010d\u00e1tku zd\u00e1t n\u00e1ro\u010dn\u00e9, ale kl\u00ed\u010dem je vytrvalost a d\u016fsledn\u00e9 procvi\u010dov\u00e1n\u00ed. Zapojte v\u0161echny sv\u00e9 smysly t\u00edm, \u017ee se pono\u0159\u00edte do jazyka, \u010dtete, p\u00ed\u0161ete, poslouchejte a konverzujte s rodil\u00fdmi mluv\u010d\u00edmi. \u010c\u00edm v\u00edce se sezn\u00e1m\u00edte s thajskou gramatikou, t\u00edm v\u00edce v\u00e1m budou tyto exotick\u00e9 pojmy p\u0159ipadat pov\u011bdom\u00e9 a pohodln\u00e9.<\/p>\n\n\n\n<p>Jste tedy p\u0159ipraveni pono\u0159it se do fascinuj\u00edc\u00edho sv\u011bta thajsk\u00e9 gramatiky? P\u0159ijm\u011bte v\u00fdzvu a jedine\u010dn\u00e9 vlastnosti thajsk\u00e9 gramatiky a s \u010dasem, odhodl\u00e1n\u00edm a smyslem pro dobrodru\u017estv\u00ed m\u016f\u017eete odemknout podmanivou kr\u00e1su thajsk\u00e9ho jazyka.<\/p>\n<\/div><\/div>\n\r\n<section class=\"learnNavigationSection\">\r\n            \r\n        <a href=\"https:\/\/talkpal.ai\/cs\/naucte-se-thajsky\/\">\r\n            <div class=\"learnNavigationWrapper\">\r\n                <div class=\"learnNavigationContent\">\r\n                    <img decoding=\"async\" src=\"https:\/\/talkpal.ai\/wp-content\/uploads\/2024\/08\/Thai.jpg\" alt=\"Thai Flag\">\r\n                    <div>\r\n                        <h4>O thajsk\u00e9m u\u010den\u00ed<\/h4>\r\n                        <p>Zjist\u011bte v\u0161e o thajsk\u00e9 gramatice.<\/p>\r\n                    <\/div>\r\n                <\/div>\r\n            <\/div>\r\n        <\/a>\r\n\r\n        \r\n        <a href=\"https:\/\/talkpal.ai\/cs\/cviceni-thajske-gramatiky\/\">\r\n            <div class=\"learnNavigationWrapper\">\r\n                <div class=\"learnNavigationContent\">\r\n                    <img decoding=\"async\" src=\"https:\/\/talkpal.ai\/wp-content\/uploads\/2024\/08\/Thai.jpg\" alt=\"Thai Flag\">\r\n                    <div>\r\n                        <h4>Cvi\u010den\u00ed z thajsk\u00e9 gramatiky<\/h4>\r\n                        <p>Procvi\u010dte si thajskou gramatiku.<\/p>\r\n                    <\/div>\r\n                <\/div>\r\n            <\/div>\r\n        <\/a>\r\n\r\n        \r\n        <a href=\"https:\/\/talkpal.ai\/vocabulary_language\/thai\/\">\r\n            <div class=\"learnNavigationWrapper\">\r\n                <div class=\"learnNavigationContent\">\r\n                    <img decoding=\"async\" src=\"https:\/\/talkpal.ai\/wp-content\/uploads\/2024\/08\/Thai.jpg\" alt=\"Thai Flag\">\r\n                    <div>\r\n                        <h4>Thajsk\u00e1 slovn\u00ed z\u00e1soba<\/h4>\r\n                        <p>Roz\u0161i\u0159te svou thajskou slovn\u00ed z\u00e1sobu.<\/p>\r\n                    <\/div>\r\n                <\/div>\r\n            <\/div>\r\n        <\/a>\r\n\r\n            <\/section>","protected":false},"excerpt":{"rendered":"<p>Thajsk\u00e1 gramatika: Objevov\u00e1n\u00ed jedine\u010dn\u00e9ho lingvistick\u00e9ho sv\u011bta Thajsk\u00e1 gramatika &#8211; zd\u00e1nliv\u011b z\u00e1hadn\u00e1, exotick\u00e1 a podmaniv\u00e1. Kdy\u017e se vyd\u00e1te na cestu za pozn\u00e1n\u00edm thaj\u0161tiny, mo\u017en\u00e1 v\u00e1s ne\u010dekan\u011b uchv\u00e1t\u00ed jej\u00ed gramatika. Nebojte se, moji kolegov\u00e9 lingvisti\u010dt\u00ed badatel\u00e9! Jsme tu, abychom v\u00e1m nab\u00eddli veden\u00ed a podporu na tomto fascinuj\u00edc\u00edm dobrodru\u017estv\u00ed! V tomto \u010dl\u00e1nku se pono\u0159\u00edme do z\u00e1kladn\u00edch aspekt\u016f thajsk\u00e9 [&hellip;]<\/p>\n","protected":false},"author":1,"featured_media":120763,"parent":0,"menu_order":0,"comment_status":"closed","ping_status":"closed","template":"LearningContentPage.php","meta":{"_acf_changed":false,"footnotes":""},"class_list":["post-153473","page","type-page","status-publish","has-post-thumbnail","hentry"],"acf":[],"yoast_head":"<!-- This site is optimized with the Yoast SEO Premium plugin v27.2 (Yoast SEO v27.2) - https:\/\/yoast.com\/product\/yoast-seo-premium-wordpress\/ -->\n<title>Thajsk\u00e1 gramatika - Talkpal<\/title>\n<meta name=\"description\" content=\"Prozkoumejte fascinuj\u00edc\u00ed sv\u011bt thajsk\u00e9 gramatiky. Objevte jeho jednoduchost a jedine\u010dn\u00e9 funkce, d\u00edky kter\u00fdm je u\u010den\u00ed p\u0159\u00edjemn\u00e9.\" \/>\n<meta name=\"robots\" content=\"index, follow, max-snippet:-1, max-image-preview:large, max-video-preview:-1\" \/>\n<link rel=\"canonical\" href=\"https:\/\/talkpal.ai\/cs\/thajska-gramatika\/\" \/>\n<meta property=\"og:locale\" content=\"cs_CZ\" \/>\n<meta property=\"og:type\" content=\"article\" \/>\n<meta property=\"og:title\" content=\"Thajsk\u00e1 gramatika\" \/>\n<meta property=\"og:description\" content=\"Thajsk\u00e1 gramatika: Objevov\u00e1n\u00ed jedine\u010dn\u00e9ho lingvistick\u00e9ho sv\u011bta Thajsk\u00e1 gramatika - zd\u00e1nliv\u011b z\u00e1hadn\u00e1, exotick\u00e1 a podmaniv\u00e1. Kdy\u017e se vyd\u00e1te na cestu za\" \/>\n<meta property=\"og:url\" content=\"https:\/\/talkpal.ai\/cs\/thajska-gramatika\/\" \/>\n<meta property=\"og:site_name\" content=\"Talkpal\" \/>\n<meta property=\"article:publisher\" content=\"https:\/\/www.facebook.com\/profile.php?id=100090733639311\" \/>\n<meta property=\"article:modified_time\" content=\"2025-12-13T15:48:51+00:00\" \/>\n<meta property=\"og:image\" content=\"https:\/\/talkpal.ai\/wp-content\/uploads\/2023\/05\/thailand.png\" \/>\n\t<meta property=\"og:image:width\" content=\"512\" \/>\n\t<meta property=\"og:image:height\" content=\"512\" \/>\n\t<meta property=\"og:image:type\" content=\"image\/png\" \/>\n<meta name=\"twitter:card\" content=\"summary_large_image\" \/>\n<meta name=\"twitter:site\" content=\"@talkpalai\" \/>\n<meta name=\"twitter:label1\" content=\"Odhadovan\u00e1 doba \u010dten\u00ed\" \/>\n\t<meta name=\"twitter:data1\" content=\"3 minuty\" \/>\n<script type=\"application\/ld+json\" class=\"yoast-schema-graph\">{\"@context\":\"https:\/\/schema.org\",\"@graph\":[{\"@type\":\"WebPage\",\"@id\":\"https:\/\/talkpal.ai\/cs\/thajska-gramatika\/\",\"url\":\"https:\/\/talkpal.ai\/cs\/thajska-gramatika\/\",\"name\":\"Thajsk\u00e1 gramatika - Talkpal\",\"isPartOf\":{\"@id\":\"https:\/\/talkpal.ai\/cs\/#website\"},\"primaryImageOfPage\":{\"@id\":\"https:\/\/talkpal.ai\/cs\/thajska-gramatika\/#primaryimage\"},\"image\":{\"@id\":\"https:\/\/talkpal.ai\/cs\/thajska-gramatika\/#primaryimage\"},\"thumbnailUrl\":\"https:\/\/talkpal.ai\/wp-content\/uploads\/2023\/05\/thailand.png\",\"datePublished\":\"2023-05-14T14:24:42+00:00\",\"dateModified\":\"2025-12-13T15:48:51+00:00\",\"description\":\"Prozkoumejte fascinuj\u00edc\u00ed sv\u011bt thajsk\u00e9 gramatiky. Objevte jeho jednoduchost a jedine\u010dn\u00e9 funkce, d\u00edky kter\u00fdm je u\u010den\u00ed p\u0159\u00edjemn\u00e9.\",\"breadcrumb\":{\"@id\":\"https:\/\/talkpal.ai\/cs\/thajska-gramatika\/#breadcrumb\"},\"inLanguage\":\"cs\",\"potentialAction\":[{\"@type\":\"ReadAction\",\"target\":[\"https:\/\/talkpal.ai\/cs\/thajska-gramatika\/\"]}]},{\"@type\":\"ImageObject\",\"inLanguage\":\"cs\",\"@id\":\"https:\/\/talkpal.ai\/cs\/thajska-gramatika\/#primaryimage\",\"url\":\"https:\/\/talkpal.ai\/wp-content\/uploads\/2023\/05\/thailand.png\",\"contentUrl\":\"https:\/\/talkpal.ai\/wp-content\/uploads\/2023\/05\/thailand.png\",\"width\":512,\"height\":512},{\"@type\":\"BreadcrumbList\",\"@id\":\"https:\/\/talkpal.ai\/cs\/thajska-gramatika\/#breadcrumb\",\"itemListElement\":[{\"@type\":\"ListItem\",\"position\":1,\"name\":\"Homepage\",\"item\":\"https:\/\/talkpal.ai\/cs\/\"},{\"@type\":\"ListItem\",\"position\":2,\"name\":\"Thajsk\u00e1 gramatika\"}]},{\"@type\":\"WebSite\",\"@id\":\"https:\/\/talkpal.ai\/cs\/#website\",\"url\":\"https:\/\/talkpal.ai\/cs\/\",\"name\":\"Talkpal\",\"description\":\"AI Language Learning\",\"publisher\":{\"@id\":\"https:\/\/talkpal.ai\/cs\/#organization\"},\"alternateName\":\"Talkpal AI\",\"potentialAction\":[{\"@type\":\"SearchAction\",\"target\":{\"@type\":\"EntryPoint\",\"urlTemplate\":\"https:\/\/talkpal.ai\/cs\/?s={search_term_string}\"},\"query-input\":{\"@type\":\"PropertyValueSpecification\",\"valueRequired\":true,\"valueName\":\"search_term_string\"}}],\"inLanguage\":\"cs\"},{\"@type\":\"Organization\",\"@id\":\"https:\/\/talkpal.ai\/cs\/#organization\",\"name\":\"Talkpal, Inc.\",\"alternateName\":\"Talkpal AI\",\"url\":\"https:\/\/talkpal.ai\/cs\/\",\"logo\":{\"@type\":\"ImageObject\",\"inLanguage\":\"cs\",\"@id\":\"https:\/\/talkpal.ai\/cs\/#\/schema\/logo\/image\/\",\"url\":\"https:\/\/talkpal.ai\/wp-content\/uploads\/2024\/03\/Talkpal-Logo-Icon.png\",\"contentUrl\":\"https:\/\/talkpal.ai\/wp-content\/uploads\/2024\/03\/Talkpal-Logo-Icon.png\",\"width\":2880,\"height\":2880,\"caption\":\"Talkpal, Inc.\"},\"image\":{\"@id\":\"https:\/\/talkpal.ai\/cs\/#\/schema\/logo\/image\/\"},\"sameAs\":[\"https:\/\/www.facebook.com\/profile.php?id=100090733639311\",\"https:\/\/x.com\/talkpalai\",\"https:\/\/www.linkedin.com\/company\/talkpal\/\",\"https:\/\/www.youtube.com\/@TalkPal\/\",\"https:\/\/www.tiktok.com\/@talkpal\",\"https:\/\/www.instagram.com\/talkpal_ai\/\",\"https:\/\/www.crunchbase.com\/organization\/talkpal-9cde\",\"https:\/\/www.g2.com\/products\/talkpal-for-business\/\",\"https:\/\/www.trustpilot.com\/review\/talkpal.ai\",\"https:\/\/www.capterra.com\/p\/10006800\/TalkPal\/\"],\"description\":\"Talkpal is a language learning web and mobile education app, powered by the latest AI technologies, that provides engaging experiences to its customers in many different languages to help them improve their language skills. Users can chat about unlimited amount of topics with the app and use other modes to practice their language learning.\",\"email\":\"support@talkpal.ai\",\"legalName\":\"Talkpal, Inc.\",\"foundingDate\":\"2023-04-03\",\"duns\":\"118989042\",\"numberOfEmployees\":{\"@type\":\"QuantitativeValue\",\"minValue\":\"11\",\"maxValue\":\"50\"},\"publishingPrinciples\":\"https:\/\/talkpal.ai\/publishing-principles\/\",\"actionableFeedbackPolicy\":\"https:\/\/talkpal.ai\/actionable-feedback-policy\/\",\"correctionsPolicy\":\"https:\/\/talkpal.ai\/corrections-policy\/\",\"ethicsPolicy\":\"https:\/\/talkpal.ai\/ethics-policy\/\",\"diversityPolicy\":\"https:\/\/talkpal.ai\/diversity-policy\/\",\"diversityStaffingReport\":\"https:\/\/talkpal.ai\/diversity-policy\/\"}]}<\/script>\n<!-- \/ Yoast SEO Premium plugin. -->","yoast_head_json":{"title":"Thajsk\u00e1 gramatika - Talkpal","description":"Prozkoumejte fascinuj\u00edc\u00ed sv\u011bt thajsk\u00e9 gramatiky. Objevte jeho jednoduchost a jedine\u010dn\u00e9 funkce, d\u00edky kter\u00fdm je u\u010den\u00ed p\u0159\u00edjemn\u00e9.","robots":{"index":"index","follow":"follow","max-snippet":"max-snippet:-1","max-image-preview":"max-image-preview:large","max-video-preview":"max-video-preview:-1"},"canonical":"https:\/\/talkpal.ai\/cs\/thajska-gramatika\/","og_locale":"cs_CZ","og_type":"article","og_title":"Thajsk\u00e1 gramatika","og_description":"Thajsk\u00e1 gramatika: Objevov\u00e1n\u00ed jedine\u010dn\u00e9ho lingvistick\u00e9ho sv\u011bta Thajsk\u00e1 gramatika - zd\u00e1nliv\u011b z\u00e1hadn\u00e1, exotick\u00e1 a podmaniv\u00e1. Kdy\u017e se vyd\u00e1te na cestu za","og_url":"https:\/\/talkpal.ai\/cs\/thajska-gramatika\/","og_site_name":"Talkpal","article_publisher":"https:\/\/www.facebook.com\/profile.php?id=100090733639311","article_modified_time":"2025-12-13T15:48:51+00:00","og_image":[{"width":512,"height":512,"url":"https:\/\/talkpal.ai\/wp-content\/uploads\/2023\/05\/thailand.png","type":"image\/png"}],"twitter_card":"summary_large_image","twitter_site":"@talkpalai","twitter_misc":{"Odhadovan\u00e1 doba \u010dten\u00ed":"3 minuty"},"schema":{"@context":"https:\/\/schema.org","@graph":[{"@type":"WebPage","@id":"https:\/\/talkpal.ai\/cs\/thajska-gramatika\/","url":"https:\/\/talkpal.ai\/cs\/thajska-gramatika\/","name":"Thajsk\u00e1 gramatika - Talkpal","isPartOf":{"@id":"https:\/\/talkpal.ai\/cs\/#website"},"primaryImageOfPage":{"@id":"https:\/\/talkpal.ai\/cs\/thajska-gramatika\/#primaryimage"},"image":{"@id":"https:\/\/talkpal.ai\/cs\/thajska-gramatika\/#primaryimage"},"thumbnailUrl":"https:\/\/talkpal.ai\/wp-content\/uploads\/2023\/05\/thailand.png","datePublished":"2023-05-14T14:24:42+00:00","dateModified":"2025-12-13T15:48:51+00:00","description":"Prozkoumejte fascinuj\u00edc\u00ed sv\u011bt thajsk\u00e9 gramatiky. Objevte jeho jednoduchost a jedine\u010dn\u00e9 funkce, d\u00edky kter\u00fdm je u\u010den\u00ed p\u0159\u00edjemn\u00e9.","breadcrumb":{"@id":"https:\/\/talkpal.ai\/cs\/thajska-gramatika\/#breadcrumb"},"inLanguage":"cs","potentialAction":[{"@type":"ReadAction","target":["https:\/\/talkpal.ai\/cs\/thajska-gramatika\/"]}]},{"@type":"ImageObject","inLanguage":"cs","@id":"https:\/\/talkpal.ai\/cs\/thajska-gramatika\/#primaryimage","url":"https:\/\/talkpal.ai\/wp-content\/uploads\/2023\/05\/thailand.png","contentUrl":"https:\/\/talkpal.ai\/wp-content\/uploads\/2023\/05\/thailand.png","width":512,"height":512},{"@type":"BreadcrumbList","@id":"https:\/\/talkpal.ai\/cs\/thajska-gramatika\/#breadcrumb","itemListElement":[{"@type":"ListItem","position":1,"name":"Homepage","item":"https:\/\/talkpal.ai\/cs\/"},{"@type":"ListItem","position":2,"name":"Thajsk\u00e1 gramatika"}]},{"@type":"WebSite","@id":"https:\/\/talkpal.ai\/cs\/#website","url":"https:\/\/talkpal.ai\/cs\/","name":"Talkpal","description":"AI Language Learning","publisher":{"@id":"https:\/\/talkpal.ai\/cs\/#organization"},"alternateName":"Talkpal AI","potentialAction":[{"@type":"SearchAction","target":{"@type":"EntryPoint","urlTemplate":"https:\/\/talkpal.ai\/cs\/?s={search_term_string}"},"query-input":{"@type":"PropertyValueSpecification","valueRequired":true,"valueName":"search_term_string"}}],"inLanguage":"cs"},{"@type":"Organization","@id":"https:\/\/talkpal.ai\/cs\/#organization","name":"Talkpal, Inc.","alternateName":"Talkpal AI","url":"https:\/\/talkpal.ai\/cs\/","logo":{"@type":"ImageObject","inLanguage":"cs","@id":"https:\/\/talkpal.ai\/cs\/#\/schema\/logo\/image\/","url":"https:\/\/talkpal.ai\/wp-content\/uploads\/2024\/03\/Talkpal-Logo-Icon.png","contentUrl":"https:\/\/talkpal.ai\/wp-content\/uploads\/2024\/03\/Talkpal-Logo-Icon.png","width":2880,"height":2880,"caption":"Talkpal, Inc."},"image":{"@id":"https:\/\/talkpal.ai\/cs\/#\/schema\/logo\/image\/"},"sameAs":["https:\/\/www.facebook.com\/profile.php?id=100090733639311","https:\/\/x.com\/talkpalai","https:\/\/www.linkedin.com\/company\/talkpal\/","https:\/\/www.youtube.com\/@TalkPal\/","https:\/\/www.tiktok.com\/@talkpal","https:\/\/www.instagram.com\/talkpal_ai\/","https:\/\/www.crunchbase.com\/organization\/talkpal-9cde","https:\/\/www.g2.com\/products\/talkpal-for-business\/","https:\/\/www.trustpilot.com\/review\/talkpal.ai","https:\/\/www.capterra.com\/p\/10006800\/TalkPal\/"],"description":"Talkpal is a language learning web and mobile education app, powered by the latest AI technologies, that provides engaging experiences to its customers in many different languages to help them improve their language skills. Users can chat about unlimited amount of topics with the app and use other modes to practice their language learning.","email":"support@talkpal.ai","legalName":"Talkpal, Inc.","foundingDate":"2023-04-03","duns":"118989042","numberOfEmployees":{"@type":"QuantitativeValue","minValue":"11","maxValue":"50"},"publishingPrinciples":"https:\/\/talkpal.ai\/publishing-principles\/","actionableFeedbackPolicy":"https:\/\/talkpal.ai\/actionable-feedback-policy\/","correctionsPolicy":"https:\/\/talkpal.ai\/corrections-policy\/","ethicsPolicy":"https:\/\/talkpal.ai\/ethics-policy\/","diversityPolicy":"https:\/\/talkpal.ai\/diversity-policy\/","diversityStaffingReport":"https:\/\/talkpal.ai\/diversity-policy\/"}]}},"_links":{"self":[{"href":"https:\/\/talkpal.ai\/cs\/wp-json\/wp\/v2\/pages\/153473","targetHints":{"allow":["GET"]}}],"collection":[{"href":"https:\/\/talkpal.ai\/cs\/wp-json\/wp\/v2\/pages"}],"about":[{"href":"https:\/\/talkpal.ai\/cs\/wp-json\/wp\/v2\/types\/page"}],"author":[{"embeddable":true,"href":"https:\/\/talkpal.ai\/cs\/wp-json\/wp\/v2\/users\/1"}],"replies":[{"embeddable":true,"href":"https:\/\/talkpal.ai\/cs\/wp-json\/wp\/v2\/comments?post=153473"}],"version-history":[{"count":0,"href":"https:\/\/talkpal.ai\/cs\/wp-json\/wp\/v2\/pages\/153473\/revisions"}],"wp:featuredmedia":[{"embeddable":true,"href":"https:\/\/talkpal.ai\/cs\/wp-json\/wp\/v2\/media\/120763"}],"wp:attachment":[{"href":"https:\/\/talkpal.ai\/cs\/wp-json\/wp\/v2\/media?parent=153473"}],"curies":[{"name":"wp","href":"https:\/\/api.w.org\/{rel}","templated":true}]}}