{"id":153185,"date":"2023-05-14T14:23:49","date_gmt":"2023-05-14T14:23:49","guid":{"rendered":"http:\/\/talkpal.ai\/turecka-gramatika\/"},"modified":"2025-12-13T15:57:38","modified_gmt":"2025-12-13T15:57:38","slug":"turecka-gramatika","status":"publish","type":"page","link":"https:\/\/talkpal.ai\/cs\/turecka-gramatika\/","title":{"rendered":"Tureck\u00e1 gramatika"},"content":{"rendered":"\r\n\r\n\r\n<section class=\"languageChallengeSection\">\r\n    <div class=\"languageInfoWrapper\">\r\n        \r\n        <h1>Tureck\u00e1 gramatika<\/h1>\r\n        <p>Zaj\u00edm\u00e1 v\u00e1s, jak se nau\u010dit turecky? Prozkoumejte tureckou gramatiku a zjist\u011bte, jak je d\u00edky sv\u00e9 logick\u00e9 struktu\u0159e, samohl\u00e1skov\u00e9 harmonii a snadn\u00fdm slovesn\u00fdm vzor\u016fm fascinuj\u00edc\u00ed a p\u0159\u00edstupn\u00e1. Za\u010dn\u011bte svou cestu je\u0161t\u011b dnes &#8211; zvl\u00e1dnut\u00ed tureck\u00e9 gramatiky je kl\u00ed\u010dem k plynul\u00e9 komunikaci a odemknut\u00ed \u017eiv\u00e9ho sv\u011bta kultury a spojen\u00ed!<\/p>\r\n\r\n                            <a class=\"getStartedHidden\" href=\"https:\/\/app.talkpal.ai\/cs\/signup?lng=\">Za\u010dni<\/a>\r\n        \r\n    <\/div>\r\n\r\n    <figure>\r\n    <img decoding=\"async\" width=\"768\" height=\"768\" src=\"https:\/\/talkpal.ai\/wp-content\/uploads\/2023\/06\/turkish-768x768.png\" class=\"languageImage no-lazy\" alt=\"Language learning for increased focus\" fetchpriority=\"high\" sizes=\"(max-width: 768px) 150px, 768px\" srcset=\"https:\/\/talkpal.ai\/wp-content\/uploads\/2023\/06\/turkish-768x768.png 768w, https:\/\/talkpal.ai\/wp-content\/uploads\/2023\/06\/turkish-300x300.png 300w\" \/>\r\n    \r\n\r\n    <\/figure>\r\n\r\n            <a class=\"getStartedVisible\" href=\"https:\/\/app.talkpal.ai\/cs\/signup?lng=\">Za\u010dni<\/a>\r\n    \r\n<\/section>\r\n<section class=\"promotionalBanner\">\r\n    <p class=\"promotionalText\">Nejefektivn\u011bj\u0161\u00ed zp\u016fsob, jak se nau\u010dit jazyk<\/p>\r\n    <a class=\"promotionalLink\" href=\"https:\/\/app.talkpal.ai\/cs\/signup?lng=\">Vyzkou\u0161ejte Talkpal zdarma<\/a>\r\n<\/section>\n<div class=\"wp-block-group pageContainerStyle\"><div class=\"wp-block-group__inner-container is-layout-constrained wp-block-group-is-layout-constrained\">\n<h2 class=\"wp-block-heading\" id=\"h-the-ultimate-guide-to-turkish-grammar-navigating-the-intricacies-of-a-unique-language\">Nejlep\u0161\u00ed pr\u016fvodce tureckou gramatikou: Navigace ve spletitosti jedine\u010dn\u00e9ho jazyka<\/h2>\n\n\n\n<p><a href=\"https:\/\/talkpal.ai\/turkish-grammar\/\">Tureck\u00e1 gramatika<\/a>, stejn\u011b jako jazyk s\u00e1m, p\u0159edstavuje bohatou a fascinuj\u00edc\u00ed tapis\u00e9rii jazykov\u00fdch prvk\u016f. <a href=\"https:\/\/talkpal.ai\/learn-turkish\/\">Ture\u010dtina<\/a> jako \u010dlen turkick\u00e9 jazykov\u00e9 rodiny zaujme studenty sv\u00fdmi rozmanit\u00fdmi rysy a v\u00fdzvou i pro ty nejzku\u0161en\u011bj\u0161\u00ed mluv\u010d\u00ed. V t\u00e9to p\u0159\u00edru\u010dce se sezn\u00e1m\u00edme s hlavn\u00edmi z\u00e1sadami tureck\u00e9 gramatiky, objasn\u00edme jej\u00ed slo\u017eitost a podpo\u0159\u00edme v\u00e1s na cest\u011b k plynul\u00e9 znalosti tohoto podmaniv\u00e9ho jazyka. Za\u010dn\u011bme!<\/p>\n\n\n\n<h3 class=\"wp-block-heading\" id=\"h-the-nuts-and-bolts-turkish-sentence-structure\">Matice a \u0161rouby: Tureck\u00e1 v\u011btn\u00e1 struktura<\/h3>\n\n\n\n<p>Tureck\u00e1 gramatika je ve sv\u00e9m j\u00e1dru pom\u011brn\u011b p\u0159\u00edmo\u010dar\u00e1. Jazyk se obecn\u011b \u0159\u00edd\u00ed v\u011btnou strukturou podm\u011btu-objekt-sloveso (SOV), na rozd\u00edl od angli\u010dtiny a mnoha dal\u0161\u00edch jazyk\u016f. Nap\u0159\u00edklad v\u011bta &#8222;J\u00edm jablko&#8220; se p\u0159ekl\u00e1d\u00e1 jako &#8222;Ben elma yiyorum&#8220; (Ben = j\u00e1, elma = jablko, yiyorum = j\u00edst). Jednoduch\u00e9, \u017ee? Jakmile se v\u0161ak dostaneme hloub\u011bji, naraz\u00edte na n\u011bkter\u00e9 zaj\u00edmav\u00e9 a charakteristick\u00e9 rysy tureck\u00e9 gramatiky.<\/p>\n\n\n\n<h3 class=\"wp-block-heading\" id=\"h-meet-the-family-turkish-nouns-and-their-suffixes\">Seznamte se s rodinou: Tureck\u00e1 podstatn\u00e1 jm\u00e9na a jejich p\u0159\u00edpony<\/h3>\n\n\n\n<p>Jednou z nejzvl\u00e1\u0161tn\u011bj\u0161\u00edch charakteristik tureck\u00e9 gramatiky je pou\u017e\u00edv\u00e1n\u00ed p\u0159\u00edpon k vyj\u00e1d\u0159en\u00ed r\u016fzn\u00fdch gramatick\u00fdch vztah\u016f. V ture\u010dtin\u011b neexistuj\u00ed \u017e\u00e1dn\u00e9 p\u0159edlo\u017eky; M\u00edsto nich se k podstatn\u00fdm jm\u00e9n\u016fm p\u0159ipojuj\u00ed p\u0159\u00edpony, kter\u00e9 ozna\u010duj\u00ed vlastnictv\u00ed, p\u0159\u00edm\u00e9 p\u0159edm\u011bty a um\u00edst\u011bn\u00ed.<\/p>\n\n\n\n<p>Vezm\u011bme si nap\u0159\u00edklad slovo &#8222;elma&#8220; (elma), kter\u00e9 znamen\u00e1 &#8222;jablko&#8220;:<\/p>\n\n\n\n<p><strong>&#8211; Dr\u017een\u00ed: Benim elmam (Moje jablko)<\/strong><\/p>\n\n\n\n<p><strong>&#8211; P\u0159\u00edm\u00fd objekt: (Sn\u011bdl jsem jablko)<\/strong><\/p>\n\n\n\n<p><strong>&#8211; Um\u00edst\u011bn\u00ed: Elmada (U jablka)<\/strong><\/p>\n\n\n\n<p>Je d\u016fle\u017eit\u00e9 se s t\u011bmito p\u0159\u00edponami sezn\u00e1mit, proto\u017ee mohou v\u00fdrazn\u011b zm\u011bnit v\u00fdznam v\u011bt.<\/p>\n\n\n\n<h3 class=\"wp-block-heading\" id=\"h-playing-with-numbers-turkish-plurals-and-genders\">Hra s \u010d\u00edsly: tureck\u00e9 mno\u017en\u00e9 \u010d\u00edslo a rod<\/h3>\n\n\n\n<p>P\u0159i tvo\u0159en\u00ed mno\u017en\u00e9ho \u010d\u00edsla v ture\u010dtin\u011b je nezbytn\u00e9 p\u0159idat pouze jednu p\u0159\u00edponu: -ler nebo -lar, v z\u00e1vislosti na nejbli\u017e\u0161\u00ed samohl\u00e1sce ve slov\u011b. Na rozd\u00edl od mnoha jin\u00fdch jazyk\u016f nem\u00e1 <a href=\"https:\/\/talkpal.ai\/learn-turkish\/\">ture\u010dtina<\/a> gramatick\u00fd rod. To znamen\u00e1, \u017ee se nemus\u00edte u\u010dit r\u016fzn\u00e9 koncovky nebo tvary podstatn\u00fdch jmen mu\u017esk\u00e9ho, \u017eensk\u00e9ho nebo st\u0159edn\u00edho rodu.<\/p>\n\n\n\n<p>Nap\u0159\u00edklad z &#8222;k\u00f6pek&#8220; (k\u00f6pek, podstatn\u00e9 jm\u00e9no s v\u00fdznamem &#8222;pes&#8220;) se stane &#8222;k\u00f6pekler&#8220; (k\u00f6pekler, psi) a z &#8222;kedi&#8220; (kedi, podstatn\u00e9 jm\u00e9no s v\u00fdznamem &#8222;ko\u010dka&#8220;) se stane &#8222;kediler&#8220; (kediler, ko\u010dky).<\/p>\n\n\n\n<h3 class=\"wp-block-heading\" id=\"h-the-art-of-conjugation-turkish-verbs\">Um\u011bn\u00ed \u010dasov\u00e1n\u00ed: Tureck\u00e1 slovesa<\/h3>\n\n\n\n<p>Tureck\u00e1 slovesa se mohou na prvn\u00ed pohled zd\u00e1t skli\u010duj\u00edc\u00ed kv\u016fli jejich \u010detn\u00fdm \u010das\u016fm, n\u00e1lad\u00e1m a \u010dasov\u00e1n\u00ed. Kl\u00ed\u010dem k jejich pochopen\u00ed je v\u0161ak rozpozn\u00e1n\u00ed b\u011b\u017en\u00fdch vzorc\u016f a pravideln\u00e9 cvi\u010den\u00ed.<\/p>\n\n\n\n<p>V ture\u010dtin\u011b pou\u017e\u00edvaj\u00ed slovesa r\u016fzn\u00e9 p\u0159\u00edpony k ozna\u010den\u00ed \u010dasu, n\u00e1lady a osoby. Kmen slovesa z\u016fst\u00e1v\u00e1 nezm\u011bn\u011bn. Vezm\u011bme si jako p\u0159\u00edklad sloveso &#8222;yemek&#8220; (yemek, &#8222;j\u00edst&#8220;):<\/p>\n\n\n\n<p><strong>P\u0159\u00edtomn\u00fd \u010das pr\u016fb\u011bhov\u00fd: Yiyorum (J\u00edm)<\/strong><\/p>\n\n\n\n<p><strong>Minul\u00fd \u010das: Yedim (Jedl jsem)<\/strong><\/p>\n\n\n\n<p><strong>Budouc\u00ed \u010das: Yiyece\u011fim (Budu j\u00edst)<\/strong><\/p>\n\n\n\n<p>Jak vid\u00edte, konce se m\u011bn\u00ed podle \u010dasu a osoby. S prax\u00ed a trp\u011blivost\u00ed za\u010dnete rozpozn\u00e1vat vzorce a tuto v\u00fdzvu p\u0159ekon\u00e1te.<\/p>\n\n\n\n<h3 class=\"wp-block-heading\" id=\"h-the-finishing-touches-turkish-adjectives-adverbs-and-more\">Z\u00e1v\u011bre\u010dn\u00e9 \u00fapravy: tureck\u00e1 p\u0159\u00eddavn\u00e1 jm\u00e9na, p\u0159\u00edslovce a dal\u0161\u00ed<\/h3>\n\n\n\n<p>Pokud jde o tureck\u00e1 p\u0159\u00eddavn\u00e1 jm\u00e9na a p\u0159\u00edslovce, hraj\u00ed z\u00e1sadn\u00ed roli p\u0159i p\u0159id\u00e1v\u00e1n\u00ed hloubky a slo\u017eitosti va\u0161\u00ed \u0159e\u010di. P\u0159\u00eddavn\u00e1 jm\u00e9na se v ture\u010dtin\u011b nemus\u00ed shodovat s podstatn\u00fdmi jm\u00e9ny, kter\u00e1 modifikuj\u00ed, co\u017e usnad\u0148uje pr\u00e1ci s nimi oproti mnoha jin\u00fdm jazyk\u016fm.<\/p>\n\n\n\n<p>Nap\u0159\u00edklad &#8222;g\u00fczel&#8220; (g\u00fczel) znamen\u00e1 &#8222;kr\u00e1sn\u00fd&#8220; a m\u016f\u017eete se s n\u00edm setkat jako &#8222;g\u00fczel \u00e7i\u00e7ek&#8220; (g\u00fczel \u00e7i\u00e7ek, &#8222;kr\u00e1sn\u00e1 kv\u011btina&#8220;) nebo &#8222;g\u00fczel k\u00f6pek&#8220; (g\u00fczel k\u00f6pek, &#8222;kr\u00e1sn\u00fd pes&#8220;), p\u0159i\u010dem\u017e se nem\u011bn\u00ed mno\u017en\u00e9 \u010d\u00edslo ani rod.<\/p>\n\n\n\n<p>P\u0159\u00edslovce se obvykle \u0159\u00edd\u00ed podobn\u00fdmi vzory, \u010dasto odvozen\u00fdmi od p\u0159\u00eddavn\u00fdch jmen. V ture\u010dtin\u011b lze mnoho p\u0159\u00edslovc\u00ed tvo\u0159it p\u0159id\u00e1n\u00edm p\u0159\u00edpony -ce nebo -ca k p\u0159\u00eddavn\u00fdm jm\u00e9n\u016fm v z\u00e1vislosti na nejbli\u017e\u0161\u00ed samohl\u00e1sce.<\/p>\n\n\n\n<p>Z\u00e1v\u011brem lze \u0159\u00edci, \u017ee slo\u017eitost a zvl\u00e1\u0161tnosti tureck\u00e9 gramatiky jsou sice n\u00e1ro\u010dn\u00e9, ale dod\u00e1vaj\u00ed jazyku jeho podmanivou kr\u00e1su a charakter. D\u00edky kombinaci vytrvalosti, zv\u011bdavosti a praktick\u00e9ho vyu\u017eit\u00ed se brzy nau\u010d\u00edte tureckou gramatiku s lehkost\u00ed a jistotou. \u0160\u0165astn\u00e9 u\u010den\u00ed!<\/p>\n<\/div><\/div>\n\r\n<section class=\"learnNavigationSection\">\r\n            \r\n        <a href=\"https:\/\/talkpal.ai\/cs\/naucte-se-turecky\/\">\r\n            <div class=\"learnNavigationWrapper\">\r\n                <div class=\"learnNavigationContent\">\r\n                    <img decoding=\"async\" src=\"https:\/\/talkpal.ai\/wp-content\/uploads\/2024\/08\/Turkish.jpg\" alt=\"Turkish Flag\">\r\n                    <div>\r\n                        <h4>O v\u00fduce ture\u010dtiny<\/h4>\r\n                        <p>Zjist\u011bte v\u0161e o tureck\u00e9 gramatice.<\/p>\r\n                    <\/div>\r\n                <\/div>\r\n            <\/div>\r\n        <\/a>\r\n\r\n        \r\n        <a href=\"https:\/\/talkpal.ai\/cs\/cviceni-na-tureckou-gramatiku\/\">\r\n            <div class=\"learnNavigationWrapper\">\r\n                <div class=\"learnNavigationContent\">\r\n                    <img decoding=\"async\" src=\"https:\/\/talkpal.ai\/wp-content\/uploads\/2024\/08\/Turkish.jpg\" alt=\"Turkish Flag\">\r\n                    <div>\r\n                        <h4>Cvi\u010den\u00ed z tureck\u00e9 gramatiky<\/h4>\r\n                        <p>Procvi\u010dte si tureckou gramatiku.<\/p>\r\n                    <\/div>\r\n                <\/div>\r\n            <\/div>\r\n        <\/a>\r\n\r\n        \r\n        <a href=\"https:\/\/talkpal.ai\/vocabulary_language\/turkish\/\">\r\n            <div class=\"learnNavigationWrapper\">\r\n                <div class=\"learnNavigationContent\">\r\n                    <img decoding=\"async\" src=\"https:\/\/talkpal.ai\/wp-content\/uploads\/2024\/08\/Turkish.jpg\" alt=\"Turkish Flag\">\r\n                    <div>\r\n                        <h4>Tureck\u00e1 slovn\u00ed z\u00e1soba<\/h4>\r\n                        <p>Roz\u0161i\u0159te si tureckou slovn\u00ed z\u00e1sobu.<\/p>\r\n                    <\/div>\r\n                <\/div>\r\n            <\/div>\r\n        <\/a>\r\n\r\n            <\/section>","protected":false},"excerpt":{"rendered":"<p>Nejlep\u0161\u00ed pr\u016fvodce tureckou gramatikou: Navigace ve spletitosti jedine\u010dn\u00e9ho jazyka Tureck\u00e1 gramatika, stejn\u011b jako jazyk s\u00e1m, p\u0159edstavuje bohatou a fascinuj\u00edc\u00ed tapis\u00e9rii jazykov\u00fdch prvk\u016f. Ture\u010dtina jako \u010dlen turkick\u00e9 jazykov\u00e9 rodiny zaujme studenty sv\u00fdmi rozmanit\u00fdmi rysy a v\u00fdzvou i pro ty nejzku\u0161en\u011bj\u0161\u00ed mluv\u010d\u00ed. V t\u00e9to p\u0159\u00edru\u010dce se sezn\u00e1m\u00edme s hlavn\u00edmi z\u00e1sadami tureck\u00e9 gramatiky, objasn\u00edme jej\u00ed slo\u017eitost a podpo\u0159\u00edme [&hellip;]<\/p>\n","protected":false},"author":1,"featured_media":120948,"parent":0,"menu_order":0,"comment_status":"closed","ping_status":"closed","template":"LearningContentPage.php","meta":{"_acf_changed":false,"footnotes":""},"class_list":["post-153185","page","type-page","status-publish","has-post-thumbnail","hentry"],"acf":[],"yoast_head":"<!-- This site is optimized with the Yoast SEO Premium plugin v27.2 (Yoast SEO v27.2) - https:\/\/yoast.com\/product\/yoast-seo-premium-wordpress\/ -->\n<title>Tureck\u00e1 gramatika - Talkpal<\/title>\n<meta name=\"description\" content=\"Odhalte tajemstv\u00ed tureck\u00e9 gramatiky pomoc\u00ed na\u0161eho komplexn\u00edho pr\u016fvodce jej\u00edmi kl\u00ed\u010dov\u00fdmi z\u00e1sadami a strukturou v\u011bt.\" \/>\n<meta name=\"robots\" content=\"index, follow, max-snippet:-1, max-image-preview:large, max-video-preview:-1\" \/>\n<link rel=\"canonical\" href=\"https:\/\/talkpal.ai\/cs\/turecka-gramatika\/\" \/>\n<meta property=\"og:locale\" content=\"cs_CZ\" \/>\n<meta property=\"og:type\" content=\"article\" \/>\n<meta property=\"og:title\" content=\"Tureck\u00e1 gramatika\" \/>\n<meta property=\"og:description\" content=\"Nejlep\u0161\u00ed pr\u016fvodce tureckou gramatikou: Navigace ve spletitosti jedine\u010dn\u00e9ho jazyka Tureck\u00e1 gramatika, stejn\u011b jako jazyk s\u00e1m, p\u0159edstavuje bohatou a\" \/>\n<meta property=\"og:url\" content=\"https:\/\/talkpal.ai\/cs\/turecka-gramatika\/\" \/>\n<meta property=\"og:site_name\" content=\"Talkpal\" \/>\n<meta property=\"article:publisher\" content=\"https:\/\/www.facebook.com\/profile.php?id=100090733639311\" \/>\n<meta property=\"article:modified_time\" content=\"2025-12-13T15:57:38+00:00\" \/>\n<meta property=\"og:image\" content=\"https:\/\/talkpal.ai\/wp-content\/uploads\/2023\/05\/turkish.png\" \/>\n\t<meta property=\"og:image:width\" content=\"512\" \/>\n\t<meta property=\"og:image:height\" content=\"512\" \/>\n\t<meta property=\"og:image:type\" content=\"image\/png\" \/>\n<meta name=\"twitter:card\" content=\"summary_large_image\" \/>\n<meta name=\"twitter:site\" content=\"@talkpalai\" \/>\n<meta name=\"twitter:label1\" content=\"Odhadovan\u00e1 doba \u010dten\u00ed\" \/>\n\t<meta name=\"twitter:data1\" content=\"4 minuty\" \/>\n<script type=\"application\/ld+json\" class=\"yoast-schema-graph\">{\"@context\":\"https:\/\/schema.org\",\"@graph\":[{\"@type\":\"WebPage\",\"@id\":\"https:\/\/talkpal.ai\/cs\/turecka-gramatika\/\",\"url\":\"https:\/\/talkpal.ai\/cs\/turecka-gramatika\/\",\"name\":\"Tureck\u00e1 gramatika - Talkpal\",\"isPartOf\":{\"@id\":\"https:\/\/talkpal.ai\/cs\/#website\"},\"primaryImageOfPage\":{\"@id\":\"https:\/\/talkpal.ai\/cs\/turecka-gramatika\/#primaryimage\"},\"image\":{\"@id\":\"https:\/\/talkpal.ai\/cs\/turecka-gramatika\/#primaryimage\"},\"thumbnailUrl\":\"https:\/\/talkpal.ai\/wp-content\/uploads\/2023\/05\/turkish.png\",\"datePublished\":\"2023-05-14T14:23:49+00:00\",\"dateModified\":\"2025-12-13T15:57:38+00:00\",\"description\":\"Odhalte tajemstv\u00ed tureck\u00e9 gramatiky pomoc\u00ed na\u0161eho komplexn\u00edho pr\u016fvodce jej\u00edmi kl\u00ed\u010dov\u00fdmi z\u00e1sadami a strukturou v\u011bt.\",\"breadcrumb\":{\"@id\":\"https:\/\/talkpal.ai\/cs\/turecka-gramatika\/#breadcrumb\"},\"inLanguage\":\"cs\",\"potentialAction\":[{\"@type\":\"ReadAction\",\"target\":[\"https:\/\/talkpal.ai\/cs\/turecka-gramatika\/\"]}]},{\"@type\":\"ImageObject\",\"inLanguage\":\"cs\",\"@id\":\"https:\/\/talkpal.ai\/cs\/turecka-gramatika\/#primaryimage\",\"url\":\"https:\/\/talkpal.ai\/wp-content\/uploads\/2023\/05\/turkish.png\",\"contentUrl\":\"https:\/\/talkpal.ai\/wp-content\/uploads\/2023\/05\/turkish.png\",\"width\":512,\"height\":512},{\"@type\":\"BreadcrumbList\",\"@id\":\"https:\/\/talkpal.ai\/cs\/turecka-gramatika\/#breadcrumb\",\"itemListElement\":[{\"@type\":\"ListItem\",\"position\":1,\"name\":\"Homepage\",\"item\":\"https:\/\/talkpal.ai\/cs\/\"},{\"@type\":\"ListItem\",\"position\":2,\"name\":\"Tureck\u00e1 gramatika\"}]},{\"@type\":\"WebSite\",\"@id\":\"https:\/\/talkpal.ai\/cs\/#website\",\"url\":\"https:\/\/talkpal.ai\/cs\/\",\"name\":\"Talkpal\",\"description\":\"AI Language Learning\",\"publisher\":{\"@id\":\"https:\/\/talkpal.ai\/cs\/#organization\"},\"alternateName\":\"Talkpal AI\",\"potentialAction\":[{\"@type\":\"SearchAction\",\"target\":{\"@type\":\"EntryPoint\",\"urlTemplate\":\"https:\/\/talkpal.ai\/cs\/?s={search_term_string}\"},\"query-input\":{\"@type\":\"PropertyValueSpecification\",\"valueRequired\":true,\"valueName\":\"search_term_string\"}}],\"inLanguage\":\"cs\"},{\"@type\":\"Organization\",\"@id\":\"https:\/\/talkpal.ai\/cs\/#organization\",\"name\":\"Talkpal, Inc.\",\"alternateName\":\"Talkpal AI\",\"url\":\"https:\/\/talkpal.ai\/cs\/\",\"logo\":{\"@type\":\"ImageObject\",\"inLanguage\":\"cs\",\"@id\":\"https:\/\/talkpal.ai\/cs\/#\/schema\/logo\/image\/\",\"url\":\"https:\/\/talkpal.ai\/wp-content\/uploads\/2024\/03\/Talkpal-Logo-Icon.png\",\"contentUrl\":\"https:\/\/talkpal.ai\/wp-content\/uploads\/2024\/03\/Talkpal-Logo-Icon.png\",\"width\":2880,\"height\":2880,\"caption\":\"Talkpal, Inc.\"},\"image\":{\"@id\":\"https:\/\/talkpal.ai\/cs\/#\/schema\/logo\/image\/\"},\"sameAs\":[\"https:\/\/www.facebook.com\/profile.php?id=100090733639311\",\"https:\/\/x.com\/talkpalai\",\"https:\/\/www.linkedin.com\/company\/talkpal\/\",\"https:\/\/www.youtube.com\/@TalkPal\/\",\"https:\/\/www.tiktok.com\/@talkpal\",\"https:\/\/www.instagram.com\/talkpal_ai\/\",\"https:\/\/www.crunchbase.com\/organization\/talkpal-9cde\",\"https:\/\/www.g2.com\/products\/talkpal-for-business\/\",\"https:\/\/www.trustpilot.com\/review\/talkpal.ai\",\"https:\/\/www.capterra.com\/p\/10006800\/TalkPal\/\"],\"description\":\"Talkpal is a language learning web and mobile education app, powered by the latest AI technologies, that provides engaging experiences to its customers in many different languages to help them improve their language skills. Users can chat about unlimited amount of topics with the app and use other modes to practice their language learning.\",\"email\":\"support@talkpal.ai\",\"legalName\":\"Talkpal, Inc.\",\"foundingDate\":\"2023-04-03\",\"duns\":\"118989042\",\"numberOfEmployees\":{\"@type\":\"QuantitativeValue\",\"minValue\":\"11\",\"maxValue\":\"50\"},\"publishingPrinciples\":\"https:\/\/talkpal.ai\/publishing-principles\/\",\"actionableFeedbackPolicy\":\"https:\/\/talkpal.ai\/actionable-feedback-policy\/\",\"correctionsPolicy\":\"https:\/\/talkpal.ai\/corrections-policy\/\",\"ethicsPolicy\":\"https:\/\/talkpal.ai\/ethics-policy\/\",\"diversityPolicy\":\"https:\/\/talkpal.ai\/diversity-policy\/\",\"diversityStaffingReport\":\"https:\/\/talkpal.ai\/diversity-policy\/\"}]}<\/script>\n<!-- \/ Yoast SEO Premium plugin. -->","yoast_head_json":{"title":"Tureck\u00e1 gramatika - Talkpal","description":"Odhalte tajemstv\u00ed tureck\u00e9 gramatiky pomoc\u00ed na\u0161eho komplexn\u00edho pr\u016fvodce jej\u00edmi kl\u00ed\u010dov\u00fdmi z\u00e1sadami a strukturou v\u011bt.","robots":{"index":"index","follow":"follow","max-snippet":"max-snippet:-1","max-image-preview":"max-image-preview:large","max-video-preview":"max-video-preview:-1"},"canonical":"https:\/\/talkpal.ai\/cs\/turecka-gramatika\/","og_locale":"cs_CZ","og_type":"article","og_title":"Tureck\u00e1 gramatika","og_description":"Nejlep\u0161\u00ed pr\u016fvodce tureckou gramatikou: Navigace ve spletitosti jedine\u010dn\u00e9ho jazyka Tureck\u00e1 gramatika, stejn\u011b jako jazyk s\u00e1m, p\u0159edstavuje bohatou a","og_url":"https:\/\/talkpal.ai\/cs\/turecka-gramatika\/","og_site_name":"Talkpal","article_publisher":"https:\/\/www.facebook.com\/profile.php?id=100090733639311","article_modified_time":"2025-12-13T15:57:38+00:00","og_image":[{"width":512,"height":512,"url":"https:\/\/talkpal.ai\/wp-content\/uploads\/2023\/05\/turkish.png","type":"image\/png"}],"twitter_card":"summary_large_image","twitter_site":"@talkpalai","twitter_misc":{"Odhadovan\u00e1 doba \u010dten\u00ed":"4 minuty"},"schema":{"@context":"https:\/\/schema.org","@graph":[{"@type":"WebPage","@id":"https:\/\/talkpal.ai\/cs\/turecka-gramatika\/","url":"https:\/\/talkpal.ai\/cs\/turecka-gramatika\/","name":"Tureck\u00e1 gramatika - Talkpal","isPartOf":{"@id":"https:\/\/talkpal.ai\/cs\/#website"},"primaryImageOfPage":{"@id":"https:\/\/talkpal.ai\/cs\/turecka-gramatika\/#primaryimage"},"image":{"@id":"https:\/\/talkpal.ai\/cs\/turecka-gramatika\/#primaryimage"},"thumbnailUrl":"https:\/\/talkpal.ai\/wp-content\/uploads\/2023\/05\/turkish.png","datePublished":"2023-05-14T14:23:49+00:00","dateModified":"2025-12-13T15:57:38+00:00","description":"Odhalte tajemstv\u00ed tureck\u00e9 gramatiky pomoc\u00ed na\u0161eho komplexn\u00edho pr\u016fvodce jej\u00edmi kl\u00ed\u010dov\u00fdmi z\u00e1sadami a strukturou v\u011bt.","breadcrumb":{"@id":"https:\/\/talkpal.ai\/cs\/turecka-gramatika\/#breadcrumb"},"inLanguage":"cs","potentialAction":[{"@type":"ReadAction","target":["https:\/\/talkpal.ai\/cs\/turecka-gramatika\/"]}]},{"@type":"ImageObject","inLanguage":"cs","@id":"https:\/\/talkpal.ai\/cs\/turecka-gramatika\/#primaryimage","url":"https:\/\/talkpal.ai\/wp-content\/uploads\/2023\/05\/turkish.png","contentUrl":"https:\/\/talkpal.ai\/wp-content\/uploads\/2023\/05\/turkish.png","width":512,"height":512},{"@type":"BreadcrumbList","@id":"https:\/\/talkpal.ai\/cs\/turecka-gramatika\/#breadcrumb","itemListElement":[{"@type":"ListItem","position":1,"name":"Homepage","item":"https:\/\/talkpal.ai\/cs\/"},{"@type":"ListItem","position":2,"name":"Tureck\u00e1 gramatika"}]},{"@type":"WebSite","@id":"https:\/\/talkpal.ai\/cs\/#website","url":"https:\/\/talkpal.ai\/cs\/","name":"Talkpal","description":"AI Language Learning","publisher":{"@id":"https:\/\/talkpal.ai\/cs\/#organization"},"alternateName":"Talkpal AI","potentialAction":[{"@type":"SearchAction","target":{"@type":"EntryPoint","urlTemplate":"https:\/\/talkpal.ai\/cs\/?s={search_term_string}"},"query-input":{"@type":"PropertyValueSpecification","valueRequired":true,"valueName":"search_term_string"}}],"inLanguage":"cs"},{"@type":"Organization","@id":"https:\/\/talkpal.ai\/cs\/#organization","name":"Talkpal, Inc.","alternateName":"Talkpal AI","url":"https:\/\/talkpal.ai\/cs\/","logo":{"@type":"ImageObject","inLanguage":"cs","@id":"https:\/\/talkpal.ai\/cs\/#\/schema\/logo\/image\/","url":"https:\/\/talkpal.ai\/wp-content\/uploads\/2024\/03\/Talkpal-Logo-Icon.png","contentUrl":"https:\/\/talkpal.ai\/wp-content\/uploads\/2024\/03\/Talkpal-Logo-Icon.png","width":2880,"height":2880,"caption":"Talkpal, Inc."},"image":{"@id":"https:\/\/talkpal.ai\/cs\/#\/schema\/logo\/image\/"},"sameAs":["https:\/\/www.facebook.com\/profile.php?id=100090733639311","https:\/\/x.com\/talkpalai","https:\/\/www.linkedin.com\/company\/talkpal\/","https:\/\/www.youtube.com\/@TalkPal\/","https:\/\/www.tiktok.com\/@talkpal","https:\/\/www.instagram.com\/talkpal_ai\/","https:\/\/www.crunchbase.com\/organization\/talkpal-9cde","https:\/\/www.g2.com\/products\/talkpal-for-business\/","https:\/\/www.trustpilot.com\/review\/talkpal.ai","https:\/\/www.capterra.com\/p\/10006800\/TalkPal\/"],"description":"Talkpal is a language learning web and mobile education app, powered by the latest AI technologies, that provides engaging experiences to its customers in many different languages to help them improve their language skills. Users can chat about unlimited amount of topics with the app and use other modes to practice their language learning.","email":"support@talkpal.ai","legalName":"Talkpal, Inc.","foundingDate":"2023-04-03","duns":"118989042","numberOfEmployees":{"@type":"QuantitativeValue","minValue":"11","maxValue":"50"},"publishingPrinciples":"https:\/\/talkpal.ai\/publishing-principles\/","actionableFeedbackPolicy":"https:\/\/talkpal.ai\/actionable-feedback-policy\/","correctionsPolicy":"https:\/\/talkpal.ai\/corrections-policy\/","ethicsPolicy":"https:\/\/talkpal.ai\/ethics-policy\/","diversityPolicy":"https:\/\/talkpal.ai\/diversity-policy\/","diversityStaffingReport":"https:\/\/talkpal.ai\/diversity-policy\/"}]}},"_links":{"self":[{"href":"https:\/\/talkpal.ai\/cs\/wp-json\/wp\/v2\/pages\/153185","targetHints":{"allow":["GET"]}}],"collection":[{"href":"https:\/\/talkpal.ai\/cs\/wp-json\/wp\/v2\/pages"}],"about":[{"href":"https:\/\/talkpal.ai\/cs\/wp-json\/wp\/v2\/types\/page"}],"author":[{"embeddable":true,"href":"https:\/\/talkpal.ai\/cs\/wp-json\/wp\/v2\/users\/1"}],"replies":[{"embeddable":true,"href":"https:\/\/talkpal.ai\/cs\/wp-json\/wp\/v2\/comments?post=153185"}],"version-history":[{"count":0,"href":"https:\/\/talkpal.ai\/cs\/wp-json\/wp\/v2\/pages\/153185\/revisions"}],"wp:featuredmedia":[{"embeddable":true,"href":"https:\/\/talkpal.ai\/cs\/wp-json\/wp\/v2\/media\/120948"}],"wp:attachment":[{"href":"https:\/\/talkpal.ai\/cs\/wp-json\/wp\/v2\/media?parent=153185"}],"curies":[{"name":"wp","href":"https:\/\/api.w.org\/{rel}","templated":true}]}}