{"id":152872,"date":"2023-05-14T14:23:21","date_gmt":"2023-05-14T14:23:21","guid":{"rendered":"http:\/\/talkpal.ai\/tagalska-gramatika\/"},"modified":"2025-12-17T15:39:40","modified_gmt":"2025-12-17T15:39:40","slug":"tagalska-gramatika","status":"publish","type":"page","link":"https:\/\/talkpal.ai\/cs\/tagalska-gramatika\/","title":{"rendered":"Tagalsk\u00e1 gramatika"},"content":{"rendered":"\r\n\r\n\r\n<section class=\"languageChallengeSection\">\r\n    <div class=\"languageInfoWrapper\">\r\n        \r\n        <h1>Tagalsk\u00e1 gramatika<\/h1>\r\n        <p>T\u011b\u0161\u00edte se, \u017ee se nau\u010d\u00edte tagal\u0161tinu? Prozkoumejte tagalogskou gramatiku, kde jedine\u010dn\u00e9 syst\u00e9my zam\u011b\u0159en\u00ed sloves, flexibiln\u00ed po\u0159ad\u00ed v\u011bt a u\u017eite\u010dn\u00e9 \u010d\u00e1stice vytv\u00e1\u0159ej\u00ed jazyk, kter\u00fd je stejn\u011b expresivn\u00ed jako zaj\u00edmav\u00fd. Za\u010dn\u011bte svou cestu hned &#8211; zvl\u00e1dnut\u00ed tagalsk\u00e9 gramatiky v\u00e1m umo\u017en\u00ed sebev\u011bdom\u011b komunikovat a pono\u0159it se do \u017eiv\u00e9 kultury Filip\u00edn!<\/p>\r\n\r\n                            <a class=\"getStartedHidden\" href=\"https:\/\/app.talkpal.ai\/cs\/signup?lng=\">Za\u010dni<\/a>\r\n        \r\n    <\/div>\r\n\r\n    <figure>\r\n    <img decoding=\"async\" width=\"768\" height=\"768\" src=\"https:\/\/talkpal.ai\/wp-content\/uploads\/2023\/06\/tagalog-768x768.png\" class=\"languageImage no-lazy\" alt=\"Overcoming challenges in language learning\" fetchpriority=\"high\" sizes=\"(max-width: 768px) 150px, 768px\" srcset=\"https:\/\/talkpal.ai\/wp-content\/uploads\/2023\/06\/tagalog-768x768.png 768w, https:\/\/talkpal.ai\/wp-content\/uploads\/2023\/06\/tagalog-300x300.png 300w\" \/>\r\n    \r\n\r\n    <\/figure>\r\n\r\n            <a class=\"getStartedVisible\" href=\"https:\/\/app.talkpal.ai\/cs\/signup?lng=\">Za\u010dni<\/a>\r\n    \r\n<\/section>\r\n<section class=\"promotionalBanner\">\r\n    <p class=\"promotionalText\">Nejefektivn\u011bj\u0161\u00ed zp\u016fsob, jak se nau\u010dit jazyk<\/p>\r\n    <a class=\"promotionalLink\" href=\"https:\/\/app.talkpal.ai\/cs\/signup?lng=\">Vyzkou\u0161ejte Talkpal zdarma<\/a>\r\n<\/section>\n<div class=\"wp-block-group pageContainerStyle\"><div class=\"wp-block-group__inner-container is-layout-constrained wp-block-group-is-layout-constrained\">\n<h1 class=\"wp-block-heading\" id=\"h-tagalog-grammar-get-to-know-the-heart-of-filipino-language\">Tagalsk\u00e1 gramatika: Poznejte srdce filip\u00ednsk\u00e9ho jazyka<\/h1>\n\n\n\n<p>Tagal\u0161tinou, z\u00e1kladem filip\u00ednsk\u00e9ho n\u00e1rodn\u00edho jazyka Filip\u00edn, mluv\u00ed miliony lid\u00ed po cel\u00e9m sv\u011bt\u011b. Chcete-li se nau\u010dit tagal\u0161tinu, mus\u00edte nejprve porozum\u011bt jej\u00ed slo\u017eit\u00e9 a fascinuj\u00edc\u00ed gramatice. V tomto \u010dl\u00e1nku se pono\u0159\u00edme do z\u00e1kladn\u00edch aspekt\u016f tagalsk\u00e9 gramatiky a pom\u016f\u017eeme v\u00e1m ocenit tento kr\u00e1sn\u00fd jazyk konverza\u010dn\u00edm a p\u0159\u00e1telsk\u00fdm zp\u016fsobem.<\/p>\n\n\n\n<h3 class=\"wp-block-heading\" id=\"h-1-nouns-genderless-countable-and-uncountable\">1. Podstatn\u00e1 jm\u00e9na \u2013 bezpohlavn\u00ed, po\u010ditateln\u00e1 a nepo\u010ditateln\u00e1<\/h3>\n\n\n\n<p>V tagal\u0161tin\u011b nejsou podstatn\u00e1 jm\u00e9na (pangngalan) kategorizov\u00e1na podle pohlav\u00ed, tak\u017ee je snaz\u0161\u00ed je spravovat ne\u017e n\u011bkter\u00e9 jin\u00e9 <a href=\"https:\/\/talkpal.ai\/what-language-is-spoken-on-the-international-space-station\/\">jazyky<\/a>. Obecn\u00e1 podstatn\u00e1 jm\u00e9na ozna\u010duj\u00ed lidi, zv\u00ed\u0159ata, m\u00edsta, v\u011bci nebo my\u0161lenky, p\u0159i\u010dem\u017e vlastn\u00ed podstatn\u00e1 jm\u00e9na ozna\u010duj\u00ed konkr\u00e9tn\u00ed jm\u00e9na. Setk\u00e1te se s po\u010ditateln\u00fdmi (tahanan, co\u017e znamen\u00e1 &#8222;d\u016fm&#8220;) i nepo\u010ditateln\u00fdmi podstatn\u00fdmi jm\u00e9ny (tubig, co\u017e znamen\u00e1 &#8222;voda&#8220;). Podstatn\u00e1 jm\u00e9na lze tak\u00e9 zm\u011bnit na mno\u017en\u00e9 \u010d\u00edslo p\u0159id\u00e1n\u00edm specifick\u00fdch zna\u010dek, jako je &#8222;mga&#8220;.<\/p>\n\n\n\n<h3 class=\"wp-block-heading\" id=\"h-2-adjectives-describing-with-flair\">2. P\u0159\u00eddavn\u00e1 jm\u00e9na \u2013 popisov\u00e1n\u00ed s citem<\/h3>\n\n\n\n<p>P\u0159\u00eddavn\u00e1 jm\u00e9na (pang-uri) poskytuj\u00ed v\u00edce informac\u00ed o podstatn\u00fdch jm\u00e9nech s n\u011bkolika zp\u016fsoby pou\u017eit\u00ed p\u0159\u00eddavn\u00fdch jmen v tagal\u0161tin\u011b. Srovn\u00e1v\u00e1n\u00ed podstatn\u00fdch jmen se prov\u00e1d\u00ed pomoc\u00ed p\u0159\u00eddavn\u00fdch jmen pomoc\u00ed zna\u010dek &#8222;mas&#8220; a &#8222;pinaka&#8220; pro vytvo\u0159en\u00ed komparativn\u00edho a superlativn\u00edho stupn\u011b. Nap\u0159\u00edklad &#8222;maganda&#8220; znamen\u00e1 &#8222;kr\u00e1sn\u00e1&#8220;, &#8222;mas maganda&#8220; znamen\u00e1 &#8222;kr\u00e1sn\u011bj\u0161\u00ed&#8220; a &#8222;pinakamaganda&#8220; znamen\u00e1 &#8222;nejkr\u00e1sn\u011bj\u0161\u00ed&#8220;.<\/p>\n\n\n\n<h3 class=\"wp-block-heading\" id=\"h-3-pronouns-keeping-it-personal\">3. Z\u00e1jmena \u2013 osobn\u00ed<\/h3>\n\n\n\n<p><a href=\"https:\/\/talkpal.ai\/tagalog-grammar\/\">Tagalsk\u00e1 gramatika<\/a> se skl\u00e1d\u00e1 z osobn\u00edch, p\u0159ivlast\u0148ovac\u00edch, ukazovac\u00edch, t\u00e1zac\u00edch a vzta\u017en\u00fdch z\u00e1jmen. Osobn\u00ed z\u00e1jmena se vyskytuj\u00ed ve t\u0159ech p\u00e1dech: nominativ (ozna\u010duj\u00edc\u00ed podm\u011bt), genitivn\u00ed (ozna\u010duj\u00edc\u00ed vlastnictv\u00ed) a akuzativ (ozna\u010duj\u00edc\u00ed p\u0159edm\u011bt). Ukazovac\u00ed z\u00e1jmena, jako je &#8222;ito&#8220; (toto) a &#8222;iyan&#8220; (to), se pou\u017e\u00edvaj\u00ed k pouk\u00e1z\u00e1n\u00ed na konkr\u00e9tn\u00ed v\u011bci, zat\u00edmco t\u00e1zac\u00ed z\u00e1jmena slou\u017e\u00ed k pokl\u00e1d\u00e1n\u00ed ot\u00e1zek.<\/p>\n\n\n\n<h3 class=\"wp-block-heading\" id=\"h-4-verbs-conjugation-and-focus\">4. Slovesa \u2013 \u010dasov\u00e1n\u00ed a zam\u011b\u0159en\u00ed<\/h3>\n\n\n\n<p>Tagalsk\u00e1 slovesa (pandiwa) hraj\u00ed z\u00e1sadn\u00ed roli p\u0159i stavb\u011b v\u011bt a jejich \u010dasov\u00e1n\u00ed je odli\u0161n\u00e9. Nam\u00edsto zm\u011bn \u010dasu zahrnuj\u00ed \u010dasov\u00e1n\u00ed sloves v tagal\u0161tin\u011b zm\u011bny vidu. Existuj\u00ed t\u0159i slovesn\u00e9 vidy: dokon\u010den\u00fd (dokonav\u00fd), nedokon\u010den\u00fd (nedokonav\u00fd) a rozj\u00edman\u00fd (budouc\u00ed).  <\/p>\n\n\n\n<p>Krom\u011b toho m\u00e1 tagal\u0161tina jedine\u010dn\u00fd syst\u00e9m zam\u011b\u0159en\u00ed souvisej\u00edc\u00ed se slovesy. V tomto syst\u00e9mu se tvar slovesa m\u011bn\u00ed v z\u00e1vislosti na tom, na kterou \u010d\u00e1st v\u011bty je zam\u011b\u0159ena, jako je p\u0159edm\u011bt, podm\u011bt nebo sm\u011br d\u011bje. Kl\u00ed\u010dov\u00e9 zna\u010dky jako &#8222;um-&#8222;, &#8222;mag-&#8220; a &#8222;-in&#8220; pom\u00e1haj\u00ed vyj\u00e1d\u0159it r\u016fzn\u00e9 nuance ve v\u011bt\u00e1ch.<\/p>\n\n\n\n<h3 class=\"wp-block-heading\" id=\"h-5-embracing-the-journey\">5. P\u0159ijet\u00ed cesty<\/h3>\n\n\n\n<p>U\u010den\u00ed tagalsk\u00e9 gramatiky vy\u017eaduje \u010das, \u00fasil\u00ed a trochu trp\u011blivosti. Jeho jedine\u010dnost, jakmile si ji osvoj\u00edte, v\u0161ak poskytuje jedine\u010dn\u00fd vhled do filip\u00ednsk\u00e9 kultury a d\u011bdictv\u00ed. M\u011bjte otev\u0159enou mysl, d\u016fsledn\u011b cvi\u010dte a nebojte se p\u0159i mluven\u00ed d\u011blat chyby.<\/p>\n\n\n\n<p>Kdy\u017e se pono\u0159\u00edte hloub\u011bji do nuanc\u00ed tagalsk\u00e9 gramatiky, v\u011bnujte \u010das vychutn\u00e1v\u00e1n\u00ed jej\u00ed \u017eivosti a bohatosti. Vychutnejte si porozum\u011bn\u00ed slo\u017eitostem, d\u00edky nim\u017e je tento jazyk skute\u010dn\u011b v\u00fdjime\u010dn\u00fd. Maligayang pag-aaral \u2013 \u0161\u0165astn\u00e9 u\u010den\u00ed!<\/p>\n<\/div><\/div>\n\r\n<section class=\"learnNavigationSection\">\r\n            \r\n        <a href=\"https:\/\/talkpal.ai\/cs\/naucte-se-tagalstinu\/\">\r\n            <div class=\"learnNavigationWrapper\">\r\n                <div class=\"learnNavigationContent\">\r\n                    <img decoding=\"async\" src=\"https:\/\/talkpal.ai\/wp-content\/uploads\/2024\/08\/Tagalog.jpg\" alt=\"Philippines Flag\">\r\n                    <div>\r\n                        <h4>O u\u010den\u00ed tagalog\u0161tiny<\/h4>\r\n                        <p>Zjist\u011bte v\u0161e o tagalsk\u00e9 gramatice.<\/p>\r\n                    <\/div>\r\n                <\/div>\r\n            <\/div>\r\n        <\/a>\r\n\r\n        \r\n        <a href=\"https:\/\/talkpal.ai\/cs\/tagalska-gramaticka-cviceni\/\">\r\n            <div class=\"learnNavigationWrapper\">\r\n                <div class=\"learnNavigationContent\">\r\n                    <img decoding=\"async\" src=\"https:\/\/talkpal.ai\/wp-content\/uploads\/2024\/08\/Tagalog.jpg\" alt=\"Philippines Flag\">\r\n                    <div>\r\n                        <h4>Cvi\u010den\u00ed z gramatiky tagalog\u0161tiny<\/h4>\r\n                        <p>Procvi\u010dte si tagalskou gramatiku.<\/p>\r\n                    <\/div>\r\n                <\/div>\r\n            <\/div>\r\n        <\/a>\r\n\r\n        \r\n        <a href=\"https:\/\/talkpal.ai\/vocabulary_language\/tagalog\/\">\r\n            <div class=\"learnNavigationWrapper\">\r\n                <div class=\"learnNavigationContent\">\r\n                    <img decoding=\"async\" src=\"https:\/\/talkpal.ai\/wp-content\/uploads\/2024\/08\/Tagalog.jpg\" alt=\"Philippines Flag\">\r\n                    <div>\r\n                        <h4>Tagal\u0161tina Slovn\u00ed z\u00e1soba<\/h4>\r\n                        <p>Roz\u0161i\u0159te si slovn\u00ed z\u00e1sobu tagal\u0161tiny.<\/p>\r\n                    <\/div>\r\n                <\/div>\r\n            <\/div>\r\n        <\/a>\r\n\r\n            <\/section>","protected":false},"excerpt":{"rendered":"<p>Tagalsk\u00e1 gramatika: Poznejte srdce filip\u00ednsk\u00e9ho jazyka Tagal\u0161tinou, z\u00e1kladem filip\u00ednsk\u00e9ho n\u00e1rodn\u00edho jazyka Filip\u00edn, mluv\u00ed miliony lid\u00ed po cel\u00e9m sv\u011bt\u011b. Chcete-li se nau\u010dit tagal\u0161tinu, mus\u00edte nejprve porozum\u011bt jej\u00ed slo\u017eit\u00e9 a fascinuj\u00edc\u00ed gramatice. V tomto \u010dl\u00e1nku se pono\u0159\u00edme do z\u00e1kladn\u00edch aspekt\u016f tagalsk\u00e9 gramatiky a pom\u016f\u017eeme v\u00e1m ocenit tento kr\u00e1sn\u00fd jazyk konverza\u010dn\u00edm a p\u0159\u00e1telsk\u00fdm zp\u016fsobem. 1. Podstatn\u00e1 jm\u00e9na \u2013 [&hellip;]<\/p>\n","protected":false},"author":1,"featured_media":120000,"parent":0,"menu_order":0,"comment_status":"closed","ping_status":"closed","template":"LearningContentPage.php","meta":{"_acf_changed":false,"footnotes":""},"class_list":["post-152872","page","type-page","status-publish","has-post-thumbnail","hentry"],"acf":[],"yoast_head":"<!-- This site is optimized with the Yoast SEO Premium plugin v27.2 (Yoast SEO v27.2) - https:\/\/yoast.com\/product\/yoast-seo-premium-wordpress\/ -->\n<title>Tagalsk\u00e1 gramatika - Talkpal<\/title>\n<meta name=\"description\" content=\"Prozkoumejte z\u00e1klady tagalogsk\u00e9 gramatiky a nau\u010dte se ocenit tento kr\u00e1sn\u00fd jazyk jednoduch\u00fdm a p\u0159\u00e1telsk\u00fdm zp\u016fsobem.\" \/>\n<meta name=\"robots\" content=\"index, follow, max-snippet:-1, max-image-preview:large, max-video-preview:-1\" \/>\n<link rel=\"canonical\" href=\"https:\/\/talkpal.ai\/cs\/tagalska-gramatika\/\" \/>\n<meta property=\"og:locale\" content=\"cs_CZ\" \/>\n<meta property=\"og:type\" content=\"article\" \/>\n<meta property=\"og:title\" content=\"Tagalsk\u00e1 gramatika\" \/>\n<meta property=\"og:description\" content=\"Tagalsk\u00e1 gramatika: Poznejte srdce filip\u00ednsk\u00e9ho jazyka Tagal\u0161tinou, z\u00e1kladem filip\u00ednsk\u00e9ho n\u00e1rodn\u00edho jazyka Filip\u00edn, mluv\u00ed miliony lid\u00ed po cel\u00e9m sv\u011bt\u011b.\" \/>\n<meta property=\"og:url\" content=\"https:\/\/talkpal.ai\/cs\/tagalska-gramatika\/\" \/>\n<meta property=\"og:site_name\" content=\"Talkpal\" \/>\n<meta property=\"article:publisher\" content=\"https:\/\/www.facebook.com\/profile.php?id=100090733639311\" \/>\n<meta property=\"article:modified_time\" content=\"2025-12-17T15:39:40+00:00\" \/>\n<meta property=\"og:image\" content=\"https:\/\/talkpal.ai\/wp-content\/uploads\/2023\/05\/Tagalog-philippines.png\" \/>\n\t<meta property=\"og:image:width\" content=\"512\" \/>\n\t<meta property=\"og:image:height\" content=\"512\" \/>\n\t<meta property=\"og:image:type\" content=\"image\/png\" \/>\n<meta name=\"twitter:card\" content=\"summary_large_image\" \/>\n<meta name=\"twitter:site\" content=\"@talkpalai\" \/>\n<meta name=\"twitter:label1\" content=\"Odhadovan\u00e1 doba \u010dten\u00ed\" \/>\n\t<meta name=\"twitter:data1\" content=\"3 minuty\" \/>\n<script type=\"application\/ld+json\" class=\"yoast-schema-graph\">{\"@context\":\"https:\/\/schema.org\",\"@graph\":[{\"@type\":\"WebPage\",\"@id\":\"https:\/\/talkpal.ai\/cs\/tagalska-gramatika\/\",\"url\":\"https:\/\/talkpal.ai\/cs\/tagalska-gramatika\/\",\"name\":\"Tagalsk\u00e1 gramatika - Talkpal\",\"isPartOf\":{\"@id\":\"https:\/\/talkpal.ai\/cs\/#website\"},\"primaryImageOfPage\":{\"@id\":\"https:\/\/talkpal.ai\/cs\/tagalska-gramatika\/#primaryimage\"},\"image\":{\"@id\":\"https:\/\/talkpal.ai\/cs\/tagalska-gramatika\/#primaryimage\"},\"thumbnailUrl\":\"https:\/\/talkpal.ai\/wp-content\/uploads\/2023\/05\/Tagalog-philippines.png\",\"datePublished\":\"2023-05-14T14:23:21+00:00\",\"dateModified\":\"2025-12-17T15:39:40+00:00\",\"description\":\"Prozkoumejte z\u00e1klady tagalogsk\u00e9 gramatiky a nau\u010dte se ocenit tento kr\u00e1sn\u00fd jazyk jednoduch\u00fdm a p\u0159\u00e1telsk\u00fdm zp\u016fsobem.\",\"breadcrumb\":{\"@id\":\"https:\/\/talkpal.ai\/cs\/tagalska-gramatika\/#breadcrumb\"},\"inLanguage\":\"cs\",\"potentialAction\":[{\"@type\":\"ReadAction\",\"target\":[\"https:\/\/talkpal.ai\/cs\/tagalska-gramatika\/\"]}]},{\"@type\":\"ImageObject\",\"inLanguage\":\"cs\",\"@id\":\"https:\/\/talkpal.ai\/cs\/tagalska-gramatika\/#primaryimage\",\"url\":\"https:\/\/talkpal.ai\/wp-content\/uploads\/2023\/05\/Tagalog-philippines.png\",\"contentUrl\":\"https:\/\/talkpal.ai\/wp-content\/uploads\/2023\/05\/Tagalog-philippines.png\",\"width\":512,\"height\":512},{\"@type\":\"BreadcrumbList\",\"@id\":\"https:\/\/talkpal.ai\/cs\/tagalska-gramatika\/#breadcrumb\",\"itemListElement\":[{\"@type\":\"ListItem\",\"position\":1,\"name\":\"Homepage\",\"item\":\"https:\/\/talkpal.ai\/cs\/\"},{\"@type\":\"ListItem\",\"position\":2,\"name\":\"Tagalsk\u00e1 gramatika\"}]},{\"@type\":\"WebSite\",\"@id\":\"https:\/\/talkpal.ai\/cs\/#website\",\"url\":\"https:\/\/talkpal.ai\/cs\/\",\"name\":\"Talkpal\",\"description\":\"AI Language Learning\",\"publisher\":{\"@id\":\"https:\/\/talkpal.ai\/cs\/#organization\"},\"alternateName\":\"Talkpal AI\",\"potentialAction\":[{\"@type\":\"SearchAction\",\"target\":{\"@type\":\"EntryPoint\",\"urlTemplate\":\"https:\/\/talkpal.ai\/cs\/?s={search_term_string}\"},\"query-input\":{\"@type\":\"PropertyValueSpecification\",\"valueRequired\":true,\"valueName\":\"search_term_string\"}}],\"inLanguage\":\"cs\"},{\"@type\":\"Organization\",\"@id\":\"https:\/\/talkpal.ai\/cs\/#organization\",\"name\":\"Talkpal, Inc.\",\"alternateName\":\"Talkpal AI\",\"url\":\"https:\/\/talkpal.ai\/cs\/\",\"logo\":{\"@type\":\"ImageObject\",\"inLanguage\":\"cs\",\"@id\":\"https:\/\/talkpal.ai\/cs\/#\/schema\/logo\/image\/\",\"url\":\"https:\/\/talkpal.ai\/wp-content\/uploads\/2024\/03\/Talkpal-Logo-Icon.png\",\"contentUrl\":\"https:\/\/talkpal.ai\/wp-content\/uploads\/2024\/03\/Talkpal-Logo-Icon.png\",\"width\":2880,\"height\":2880,\"caption\":\"Talkpal, Inc.\"},\"image\":{\"@id\":\"https:\/\/talkpal.ai\/cs\/#\/schema\/logo\/image\/\"},\"sameAs\":[\"https:\/\/www.facebook.com\/profile.php?id=100090733639311\",\"https:\/\/x.com\/talkpalai\",\"https:\/\/www.linkedin.com\/company\/talkpal\/\",\"https:\/\/www.youtube.com\/@TalkPal\/\",\"https:\/\/www.tiktok.com\/@talkpal\",\"https:\/\/www.instagram.com\/talkpal_ai\/\",\"https:\/\/www.crunchbase.com\/organization\/talkpal-9cde\",\"https:\/\/www.g2.com\/products\/talkpal-for-business\/\",\"https:\/\/www.trustpilot.com\/review\/talkpal.ai\",\"https:\/\/www.capterra.com\/p\/10006800\/TalkPal\/\"],\"description\":\"Talkpal is a language learning web and mobile education app, powered by the latest AI technologies, that provides engaging experiences to its customers in many different languages to help them improve their language skills. Users can chat about unlimited amount of topics with the app and use other modes to practice their language learning.\",\"email\":\"support@talkpal.ai\",\"legalName\":\"Talkpal, Inc.\",\"foundingDate\":\"2023-04-03\",\"duns\":\"118989042\",\"numberOfEmployees\":{\"@type\":\"QuantitativeValue\",\"minValue\":\"11\",\"maxValue\":\"50\"},\"publishingPrinciples\":\"https:\/\/talkpal.ai\/publishing-principles\/\",\"actionableFeedbackPolicy\":\"https:\/\/talkpal.ai\/actionable-feedback-policy\/\",\"correctionsPolicy\":\"https:\/\/talkpal.ai\/corrections-policy\/\",\"ethicsPolicy\":\"https:\/\/talkpal.ai\/ethics-policy\/\",\"diversityPolicy\":\"https:\/\/talkpal.ai\/diversity-policy\/\",\"diversityStaffingReport\":\"https:\/\/talkpal.ai\/diversity-policy\/\"}]}<\/script>\n<!-- \/ Yoast SEO Premium plugin. -->","yoast_head_json":{"title":"Tagalsk\u00e1 gramatika - Talkpal","description":"Prozkoumejte z\u00e1klady tagalogsk\u00e9 gramatiky a nau\u010dte se ocenit tento kr\u00e1sn\u00fd jazyk jednoduch\u00fdm a p\u0159\u00e1telsk\u00fdm zp\u016fsobem.","robots":{"index":"index","follow":"follow","max-snippet":"max-snippet:-1","max-image-preview":"max-image-preview:large","max-video-preview":"max-video-preview:-1"},"canonical":"https:\/\/talkpal.ai\/cs\/tagalska-gramatika\/","og_locale":"cs_CZ","og_type":"article","og_title":"Tagalsk\u00e1 gramatika","og_description":"Tagalsk\u00e1 gramatika: Poznejte srdce filip\u00ednsk\u00e9ho jazyka Tagal\u0161tinou, z\u00e1kladem filip\u00ednsk\u00e9ho n\u00e1rodn\u00edho jazyka Filip\u00edn, mluv\u00ed miliony lid\u00ed po cel\u00e9m sv\u011bt\u011b.","og_url":"https:\/\/talkpal.ai\/cs\/tagalska-gramatika\/","og_site_name":"Talkpal","article_publisher":"https:\/\/www.facebook.com\/profile.php?id=100090733639311","article_modified_time":"2025-12-17T15:39:40+00:00","og_image":[{"width":512,"height":512,"url":"https:\/\/talkpal.ai\/wp-content\/uploads\/2023\/05\/Tagalog-philippines.png","type":"image\/png"}],"twitter_card":"summary_large_image","twitter_site":"@talkpalai","twitter_misc":{"Odhadovan\u00e1 doba \u010dten\u00ed":"3 minuty"},"schema":{"@context":"https:\/\/schema.org","@graph":[{"@type":"WebPage","@id":"https:\/\/talkpal.ai\/cs\/tagalska-gramatika\/","url":"https:\/\/talkpal.ai\/cs\/tagalska-gramatika\/","name":"Tagalsk\u00e1 gramatika - Talkpal","isPartOf":{"@id":"https:\/\/talkpal.ai\/cs\/#website"},"primaryImageOfPage":{"@id":"https:\/\/talkpal.ai\/cs\/tagalska-gramatika\/#primaryimage"},"image":{"@id":"https:\/\/talkpal.ai\/cs\/tagalska-gramatika\/#primaryimage"},"thumbnailUrl":"https:\/\/talkpal.ai\/wp-content\/uploads\/2023\/05\/Tagalog-philippines.png","datePublished":"2023-05-14T14:23:21+00:00","dateModified":"2025-12-17T15:39:40+00:00","description":"Prozkoumejte z\u00e1klady tagalogsk\u00e9 gramatiky a nau\u010dte se ocenit tento kr\u00e1sn\u00fd jazyk jednoduch\u00fdm a p\u0159\u00e1telsk\u00fdm zp\u016fsobem.","breadcrumb":{"@id":"https:\/\/talkpal.ai\/cs\/tagalska-gramatika\/#breadcrumb"},"inLanguage":"cs","potentialAction":[{"@type":"ReadAction","target":["https:\/\/talkpal.ai\/cs\/tagalska-gramatika\/"]}]},{"@type":"ImageObject","inLanguage":"cs","@id":"https:\/\/talkpal.ai\/cs\/tagalska-gramatika\/#primaryimage","url":"https:\/\/talkpal.ai\/wp-content\/uploads\/2023\/05\/Tagalog-philippines.png","contentUrl":"https:\/\/talkpal.ai\/wp-content\/uploads\/2023\/05\/Tagalog-philippines.png","width":512,"height":512},{"@type":"BreadcrumbList","@id":"https:\/\/talkpal.ai\/cs\/tagalska-gramatika\/#breadcrumb","itemListElement":[{"@type":"ListItem","position":1,"name":"Homepage","item":"https:\/\/talkpal.ai\/cs\/"},{"@type":"ListItem","position":2,"name":"Tagalsk\u00e1 gramatika"}]},{"@type":"WebSite","@id":"https:\/\/talkpal.ai\/cs\/#website","url":"https:\/\/talkpal.ai\/cs\/","name":"Talkpal","description":"AI Language Learning","publisher":{"@id":"https:\/\/talkpal.ai\/cs\/#organization"},"alternateName":"Talkpal AI","potentialAction":[{"@type":"SearchAction","target":{"@type":"EntryPoint","urlTemplate":"https:\/\/talkpal.ai\/cs\/?s={search_term_string}"},"query-input":{"@type":"PropertyValueSpecification","valueRequired":true,"valueName":"search_term_string"}}],"inLanguage":"cs"},{"@type":"Organization","@id":"https:\/\/talkpal.ai\/cs\/#organization","name":"Talkpal, Inc.","alternateName":"Talkpal AI","url":"https:\/\/talkpal.ai\/cs\/","logo":{"@type":"ImageObject","inLanguage":"cs","@id":"https:\/\/talkpal.ai\/cs\/#\/schema\/logo\/image\/","url":"https:\/\/talkpal.ai\/wp-content\/uploads\/2024\/03\/Talkpal-Logo-Icon.png","contentUrl":"https:\/\/talkpal.ai\/wp-content\/uploads\/2024\/03\/Talkpal-Logo-Icon.png","width":2880,"height":2880,"caption":"Talkpal, Inc."},"image":{"@id":"https:\/\/talkpal.ai\/cs\/#\/schema\/logo\/image\/"},"sameAs":["https:\/\/www.facebook.com\/profile.php?id=100090733639311","https:\/\/x.com\/talkpalai","https:\/\/www.linkedin.com\/company\/talkpal\/","https:\/\/www.youtube.com\/@TalkPal\/","https:\/\/www.tiktok.com\/@talkpal","https:\/\/www.instagram.com\/talkpal_ai\/","https:\/\/www.crunchbase.com\/organization\/talkpal-9cde","https:\/\/www.g2.com\/products\/talkpal-for-business\/","https:\/\/www.trustpilot.com\/review\/talkpal.ai","https:\/\/www.capterra.com\/p\/10006800\/TalkPal\/"],"description":"Talkpal is a language learning web and mobile education app, powered by the latest AI technologies, that provides engaging experiences to its customers in many different languages to help them improve their language skills. Users can chat about unlimited amount of topics with the app and use other modes to practice their language learning.","email":"support@talkpal.ai","legalName":"Talkpal, Inc.","foundingDate":"2023-04-03","duns":"118989042","numberOfEmployees":{"@type":"QuantitativeValue","minValue":"11","maxValue":"50"},"publishingPrinciples":"https:\/\/talkpal.ai\/publishing-principles\/","actionableFeedbackPolicy":"https:\/\/talkpal.ai\/actionable-feedback-policy\/","correctionsPolicy":"https:\/\/talkpal.ai\/corrections-policy\/","ethicsPolicy":"https:\/\/talkpal.ai\/ethics-policy\/","diversityPolicy":"https:\/\/talkpal.ai\/diversity-policy\/","diversityStaffingReport":"https:\/\/talkpal.ai\/diversity-policy\/"}]}},"_links":{"self":[{"href":"https:\/\/talkpal.ai\/cs\/wp-json\/wp\/v2\/pages\/152872","targetHints":{"allow":["GET"]}}],"collection":[{"href":"https:\/\/talkpal.ai\/cs\/wp-json\/wp\/v2\/pages"}],"about":[{"href":"https:\/\/talkpal.ai\/cs\/wp-json\/wp\/v2\/types\/page"}],"author":[{"embeddable":true,"href":"https:\/\/talkpal.ai\/cs\/wp-json\/wp\/v2\/users\/1"}],"replies":[{"embeddable":true,"href":"https:\/\/talkpal.ai\/cs\/wp-json\/wp\/v2\/comments?post=152872"}],"version-history":[{"count":0,"href":"https:\/\/talkpal.ai\/cs\/wp-json\/wp\/v2\/pages\/152872\/revisions"}],"wp:featuredmedia":[{"embeddable":true,"href":"https:\/\/talkpal.ai\/cs\/wp-json\/wp\/v2\/media\/120000"}],"wp:attachment":[{"href":"https:\/\/talkpal.ai\/cs\/wp-json\/wp\/v2\/media?parent=152872"}],"curies":[{"name":"wp","href":"https:\/\/api.w.org\/{rel}","templated":true}]}}