{"id":152568,"date":"2023-05-14T14:23:00","date_gmt":"2023-05-14T14:23:00","guid":{"rendered":"http:\/\/talkpal.ai\/vietnamska-gramatika\/"},"modified":"2025-12-12T10:56:45","modified_gmt":"2025-12-12T10:56:45","slug":"vietnamska-gramatika","status":"publish","type":"page","link":"https:\/\/talkpal.ai\/cs\/vietnamska-gramatika\/","title":{"rendered":"Vietnamsk\u00e1 gramatika"},"content":{"rendered":"\r\n\r\n\r\n<section class=\"languageChallengeSection\">\r\n    <div class=\"languageInfoWrapper\">\r\n        \r\n        <h1>Vietnamsk\u00e1 gramatika<\/h1>\r\n        <p><a href=\"https:\/\/talkpal.ai\/vietnamese-grammar\/\">Vietnamsk\u00e1 gramatika<\/a> je zn\u00e1m\u00e1 svou jednoduchost\u00ed a logickou strukturou, tak\u017ee je p\u0159\u00edstupn\u00e1 i pro nov\u00e9 studenty. D\u00edky latinsk\u00e9 abeced\u011b, absenci slovesn\u00fdch konjugac\u00ed a minim\u00e1ln\u00edmu pou\u017e\u00edv\u00e1n\u00ed mno\u017en\u00e9ho \u010d\u00edsla se studenti mohou rychle zam\u011b\u0159it na budov\u00e1n\u00ed slovn\u00ed z\u00e1soby a konverza\u010dn\u00edch dovednost\u00ed. Pozn\u00e1v\u00e1n\u00ed vietnam\u0161tiny nen\u00ed jen o studiu jazyka &#8211; otev\u00edr\u00e1 tak\u00e9 okno do bohat\u00e9 kultury a historie zem\u011b.<\/p>\r\n\r\n                            <a class=\"getStartedHidden\" href=\"https:\/\/app.talkpal.ai\/cs\/signup?lng=\">Za\u010dni<\/a>\r\n        \r\n    <\/div>\r\n\r\n    <figure>\r\n    <img decoding=\"async\" width=\"768\" height=\"768\" src=\"https:\/\/talkpal.ai\/wp-content\/uploads\/2023\/06\/vietnamese-768x768.png\" class=\"languageImage no-lazy\" alt=\"Language learning for extensive cultural knowledge\" fetchpriority=\"high\" sizes=\"(max-width: 768px) 150px, 768px\" srcset=\"https:\/\/talkpal.ai\/wp-content\/uploads\/2023\/06\/vietnamese-768x768.png 768w, https:\/\/talkpal.ai\/wp-content\/uploads\/2023\/06\/vietnamese-300x300.png 300w\" \/>\r\n    \r\n\r\n    <\/figure>\r\n\r\n            <a class=\"getStartedVisible\" href=\"https:\/\/app.talkpal.ai\/cs\/signup?lng=\">Za\u010dni<\/a>\r\n    \r\n<\/section>\r\n<section class=\"promotionalBanner\">\r\n    <p class=\"promotionalText\">Nejefektivn\u011bj\u0161\u00ed zp\u016fsob, jak se nau\u010dit jazyk<\/p>\r\n    <a class=\"promotionalLink\" href=\"https:\/\/app.talkpal.ai\/cs\/signup?lng=\">Vyzkou\u0161ejte Talkpal zdarma<\/a>\r\n<\/section>\n<div class=\"wp-block-group pageContainerStyle\"><div class=\"wp-block-group__inner-container is-layout-constrained wp-block-group-is-layout-constrained\">\n<h2 class=\"wp-block-heading\" id=\"h-the-intricacies-of-vietnamese-grammar-an-engaging-exploration\">Slo\u017eitosti vietnamsk\u00e9 gramatiky: Poutav\u00fd pr\u016fzkum<\/h2>\n\n\n\n<p><a href=\"https:\/\/talkpal.ai\/learn-vietnamese\/\">Vietnam\u0161tina<\/a> se sv\u00fdmi hlubok\u00fdmi historick\u00fdmi ko\u0159eny a jedine\u010dn\u00fdm kulturn\u00edm pozad\u00edm nab\u00edz\u00ed l\u00e1kav\u00e9 dobrodru\u017estv\u00ed pro lingvisty i studenty jazyk\u016f. I kdy\u017e se vietnamsk\u00e1 gramatika m\u016f\u017ee zpo\u010d\u00e1tku jevit jako v\u00fdzva, jej\u00ed jednoduch\u00e1 logika a konzistence dl\u00e1\u017ed\u00ed cestu k vzru\u0161uj\u00edc\u00edmu z\u00e1\u017eitku z u\u010den\u00ed. P\u0159ipravte se tedy na zaj\u00edmavou lingvistickou cestu, p\u0159i kter\u00e9 se pono\u0159\u00edme do zvl\u00e1\u0161tnost\u00ed vietnamsk\u00e9 gramatiky.<\/p>\n\n\n\n<h3 class=\"wp-block-heading\" id=\"h-1-the-alphabet-a-gift-from-the-past\">1. Abeceda: Dar z minulosti<\/h3>\n\n\n\n<p>Vietnamsk\u00e1 abeceda, kter\u00e1 se skl\u00e1d\u00e1 z 29 p\u00edsmen, je odvozena p\u0159edev\u0161\u00edm z latinky s portugalsk\u00fdmi a francouzsk\u00fdmi po\u010d\u00e1tky. D\u00edky p\u00edsmu Qu\u1ed1c Ng\u1eef se d\u00edky p\u0159echodu na romanizovan\u00e9 p\u00edsmo stala abeceda zn\u00e1mou a snadno p\u0159\u00edstupnou mluv\u010d\u00edm jin\u00fdch jazyk\u016f zalo\u017een\u00fdch na latince. To umo\u017e\u0148uje za\u010d\u00e1te\u010dn\u00edk\u016fm hladk\u00fd vstupn\u00ed bod, aby se mohli soust\u0159edit na jedine\u010dn\u00e9 zvuky a v\u00fdslovnost jazyka.<\/p>\n\n\n\n<h3 class=\"wp-block-heading\" id=\"h-2-tones-vietnamese-s-musical-notation\">2. T\u00f3ny: Hudebn\u00ed notace vietnam\u0161tiny<\/h3>\n\n\n\n<p>Vietnam\u0161tina je t\u00f3nov\u00fd jazyk se \u0161esti charakteristick\u00fdmi t\u00f3ny, kter\u00e9 m\u011bn\u00ed v\u00fdznam slova pomoc\u00ed r\u016fzn\u00fdch diakritick\u00fdch znam\u00e9nek. Osvojit si tyto t\u00f3ny m\u016f\u017ee b\u00fdt n\u00e1ro\u010dn\u00e9, ale dod\u00e1v\u00e1 to jazyku muzik\u00e1lnost a nuance, d\u00edky \u010demu\u017e je je\u0161t\u011b podmaniv\u011bj\u0161\u00ed. Trp\u011blivost a praxe ji dovedou k dokonalosti a umo\u017en\u00ed v\u00e1m pln\u011b ocenit melodickou kr\u00e1su vietnam\u0161tiny.<\/p>\n\n\n\n<h3 class=\"wp-block-heading\" id=\"h-3-word-order-unraveling-the-vietnamese-sentence-structure\">3. Slovosled: Rozlu\u0161t\u011bn\u00ed vietnamsk\u00e9 v\u011btn\u00e9 struktury<\/h3>\n\n\n\n<p>Na\u0161t\u011bst\u00ed je vietnamsk\u00fd slovosled pom\u011brn\u011b jednoduch\u00fd a \u0159\u00edd\u00ed se zn\u00e1m\u00fdm form\u00e1tem podm\u011bt-sloveso-objekt (SVO). Tato p\u0159\u00edstupn\u00e1 struktura usnad\u0148uje anglicky mluv\u00edc\u00edm tvo\u0159it v\u011bty ve vietnam\u0161tin\u011b, ani\u017e by do\u0161lo k z\u00e1sadn\u00edmu posunu v lingvistice. Vezm\u011bme si p\u0159\u00edklad &#8222;T\u00f4i y\u00eau Vi\u1ec7t Nam!&#8220;. (Miluji Vietnam!), kde oba <a href=\"https:\/\/talkpal.ai\/what-language-is-spoken-on-the-international-space-station\/\">jazyky<\/a> sd\u00edlej\u00ed paraleln\u00ed konstrukce.<\/p>\n\n\n\n<h3 class=\"wp-block-heading\" id=\"h-4-no-more-plural-nouns-or-verb-conjugations\">4. U\u017e \u017e\u00e1dn\u00e1 podstatn\u00e1 jm\u00e9na v mno\u017en\u00e9m \u010d\u00edsle nebo \u010dasov\u00e1n\u00ed sloves<\/h3>\n\n\n\n<p>Ve vietnam\u0161tin\u011b podstatn\u00e1 jm\u00e9na nem\u011bn\u00ed sv\u016fj tvar, aby nazna\u010dovala mno\u017en\u00e9 \u010d\u00edslo, a slovesa z\u016fst\u00e1vaj\u00ed konzistentn\u00ed bez ohledu na \u010das nebo podm\u011bt. I kdy\u017e se to na prvn\u00ed pohled m\u016f\u017ee zd\u00e1t matouc\u00ed, v\u00fdrazn\u011b to zjednodu\u0161uje u\u010den\u00ed gramatick\u00fdch pravidel. M\u00edsto toho kontext a pou\u017eit\u00ed dal\u0161\u00edch slov objas\u0148uj\u00ed v\u00fdznam v\u011bty. Tak\u017ee si oddechn\u011bte, kdy\u017e se lou\u010d\u00edte s pot\u00ed\u017eemi s konjugac\u00ed.<\/p>\n\n\n\n<h3 class=\"wp-block-heading\" id=\"h-5-immerse-yourself-in-the-vietnamese-mindset\">5. Pono\u0159te se do vietnamsk\u00e9ho my\u0161len\u00ed<\/h3>\n\n\n\n<p>U\u010den\u00ed vietnam\u0161tiny nen\u00ed jen o zvl\u00e1dnut\u00ed gramatiky, ale tak\u00e9 o pochopen\u00ed kulturn\u00edch, historick\u00fdch a spole\u010densk\u00fdch souvislost\u00ed, kter\u00e9 tento jazyk formovaly. Zapojte se do komunikace s rodil\u00fdmi mluv\u010d\u00edmi, prozkoumejte vietnamskou literaturu a um\u011bn\u00ed a zkuste se sezn\u00e1mit s hodnotami a zvyky tohoto n\u00e1roda. Tento holistick\u00fd p\u0159\u00edstup nejen zlep\u0161\u00ed va\u0161e <a href=\"https:\/\/talkpal.ai\/cs\/procvicovani-cestiny-nejlepsi-zpusoby-jak-zlepsit-sve-jazykove-dovednosti\/\">jazykov\u00e9 dovednosti<\/a>, ale tak\u00e9 prohloub\u00ed va\u0161e porozum\u011bn\u00ed mnohostrann\u00e9 kr\u00e1se Vietnamu.<\/p>\n\n\n\n<h3 class=\"wp-block-heading\" id=\"h-in-conclusion-relish-the-charm-of-vietnamese-grammar\">Na z\u00e1v\u011br: Vychutnejte si kouzlo vietnamsk\u00e9 gramatiky<\/h3>\n\n\n\n<p>A\u010dkoli se vietnamsk\u00e1 gramatika m\u016f\u017ee na prvn\u00ed pohled zd\u00e1t matouc\u00ed, jej\u00ed fascinuj\u00edc\u00ed struktura a inherentn\u00ed jednoduchost zvou studenty, aby se vydali na obohacuj\u00edc\u00ed lingvistickou cestu. P\u0159i pronik\u00e1n\u00ed do sv\u011bta vietnam\u0161tiny budete obdivovat eleganci a kr\u00e1su jej\u00ed gramatiky a bohatou kulturn\u00ed tapiserii, kter\u00e1 tento jazyk po stalet\u00ed utv\u00e1\u0159ela. Tak nev\u00e1hejte a prozkoumejte z\u00e1zraky vietnamsk\u00e9 gramatiky, zat\u00edmco se budete pohybovat v jazykov\u00e9 krajin\u011b tohoto okouzluj\u00edc\u00edho jazyka.<\/p>\n<\/div><\/div>\n\r\n<section class=\"learnNavigationSection\">\r\n            \r\n        <a href=\"https:\/\/talkpal.ai\/cs\/naucte-se-vietnamsky\/\">\r\n            <div class=\"learnNavigationWrapper\">\r\n                <div class=\"learnNavigationContent\">\r\n                    <img decoding=\"async\" src=\"https:\/\/talkpal.ai\/wp-content\/uploads\/2024\/08\/Vietnamese.jpg\" alt=\"Vietnamise Flag\">\r\n                    <div>\r\n                        <h4>O u\u010den\u00ed vietnam\u0161tiny<\/h4>\r\n                        <p>Zjist\u011bte v\u0161e o vietnamsk\u00e9 gramatice.<\/p>\r\n                    <\/div>\r\n                <\/div>\r\n            <\/div>\r\n        <\/a>\r\n\r\n        \r\n        <a href=\"https:\/\/talkpal.ai\/cs\/cviceni-na-vietnamskou-gramatiku\/\">\r\n            <div class=\"learnNavigationWrapper\">\r\n                <div class=\"learnNavigationContent\">\r\n                    <img decoding=\"async\" src=\"https:\/\/talkpal.ai\/wp-content\/uploads\/2024\/08\/Vietnamese.jpg\" alt=\"Vietnamise Flag\">\r\n                    <div>\r\n                        <h4>Cvi\u010den\u00ed z vietnamsk\u00e9 gramatiky<\/h4>\r\n                        <p>Procvi\u010dte si vietnamskou gramatiku.<\/p>\r\n                    <\/div>\r\n                <\/div>\r\n            <\/div>\r\n        <\/a>\r\n\r\n        \r\n        <a href=\"https:\/\/talkpal.ai\/vocabulary_language\/vietnamese\/\">\r\n            <div class=\"learnNavigationWrapper\">\r\n                <div class=\"learnNavigationContent\">\r\n                    <img decoding=\"async\" src=\"https:\/\/talkpal.ai\/wp-content\/uploads\/2024\/08\/Vietnamese.jpg\" alt=\"Vietnamise Flag\">\r\n                    <div>\r\n                        <h4>Vietnamsk\u00e1 slovn\u00ed z\u00e1soba<\/h4>\r\n                        <p>Roz\u0161i\u0159te si vietnamskou slovn\u00ed z\u00e1sobu.<\/p>\r\n                    <\/div>\r\n                <\/div>\r\n            <\/div>\r\n        <\/a>\r\n\r\n            <\/section>","protected":false},"excerpt":{"rendered":"<p>Slo\u017eitosti vietnamsk\u00e9 gramatiky: Poutav\u00fd pr\u016fzkum Vietnam\u0161tina se sv\u00fdmi hlubok\u00fdmi historick\u00fdmi ko\u0159eny a jedine\u010dn\u00fdm kulturn\u00edm pozad\u00edm nab\u00edz\u00ed l\u00e1kav\u00e9 dobrodru\u017estv\u00ed pro lingvisty i studenty jazyk\u016f. I kdy\u017e se vietnamsk\u00e1 gramatika m\u016f\u017ee zpo\u010d\u00e1tku jevit jako v\u00fdzva, jej\u00ed jednoduch\u00e1 logika a konzistence dl\u00e1\u017ed\u00ed cestu k vzru\u0161uj\u00edc\u00edmu z\u00e1\u017eitku z u\u010den\u00ed. P\u0159ipravte se tedy na zaj\u00edmavou lingvistickou cestu, p\u0159i kter\u00e9 se [&hellip;]<\/p>\n","protected":false},"author":1,"featured_media":120495,"parent":0,"menu_order":0,"comment_status":"closed","ping_status":"closed","template":"LearningContentPage.php","meta":{"_acf_changed":false,"footnotes":""},"class_list":["post-152568","page","type-page","status-publish","has-post-thumbnail","hentry"],"acf":[],"yoast_head":"<!-- This site is optimized with the Yoast SEO Premium plugin v27.2 (Yoast SEO v27.2) - https:\/\/yoast.com\/product\/yoast-seo-premium-wordpress\/ -->\n<title>Vietnamsk\u00e1 gramatika - Talkpal<\/title>\n<meta name=\"description\" content=\"Prozkoumejte fascinuj\u00edc\u00ed aspekty vietnamsk\u00e9 gramatiky a objevte radost z u\u010den\u00ed tohoto jedine\u010dn\u00e9ho jazyka.\" \/>\n<meta name=\"robots\" content=\"index, follow, max-snippet:-1, max-image-preview:large, max-video-preview:-1\" \/>\n<link rel=\"canonical\" href=\"https:\/\/talkpal.ai\/cs\/vietnamska-gramatika\/\" \/>\n<meta property=\"og:locale\" content=\"cs_CZ\" \/>\n<meta property=\"og:type\" content=\"article\" \/>\n<meta property=\"og:title\" content=\"Vietnamsk\u00e1 gramatika\" \/>\n<meta property=\"og:description\" content=\"Slo\u017eitosti vietnamsk\u00e9 gramatiky: Poutav\u00fd pr\u016fzkum Vietnam\u0161tina se sv\u00fdmi hlubok\u00fdmi historick\u00fdmi ko\u0159eny a jedine\u010dn\u00fdm kulturn\u00edm pozad\u00edm nab\u00edz\u00ed l\u00e1kav\u00e9\" \/>\n<meta property=\"og:url\" content=\"https:\/\/talkpal.ai\/cs\/vietnamska-gramatika\/\" \/>\n<meta property=\"og:site_name\" content=\"Talkpal\" \/>\n<meta property=\"article:publisher\" content=\"https:\/\/www.facebook.com\/profile.php?id=100090733639311\" \/>\n<meta property=\"article:modified_time\" content=\"2025-12-12T10:56:45+00:00\" \/>\n<meta property=\"og:image\" content=\"https:\/\/talkpal.ai\/wp-content\/uploads\/2023\/05\/vietnam.png\" \/>\n\t<meta property=\"og:image:width\" content=\"512\" \/>\n\t<meta property=\"og:image:height\" content=\"512\" \/>\n\t<meta property=\"og:image:type\" content=\"image\/png\" \/>\n<meta name=\"twitter:card\" content=\"summary_large_image\" \/>\n<meta name=\"twitter:site\" content=\"@talkpalai\" \/>\n<meta name=\"twitter:label1\" content=\"Odhadovan\u00e1 doba \u010dten\u00ed\" \/>\n\t<meta name=\"twitter:data1\" content=\"3 minuty\" \/>\n<script type=\"application\/ld+json\" class=\"yoast-schema-graph\">{\"@context\":\"https:\/\/schema.org\",\"@graph\":[{\"@type\":\"WebPage\",\"@id\":\"https:\/\/talkpal.ai\/cs\/vietnamska-gramatika\/\",\"url\":\"https:\/\/talkpal.ai\/cs\/vietnamska-gramatika\/\",\"name\":\"Vietnamsk\u00e1 gramatika - Talkpal\",\"isPartOf\":{\"@id\":\"https:\/\/talkpal.ai\/cs\/#website\"},\"primaryImageOfPage\":{\"@id\":\"https:\/\/talkpal.ai\/cs\/vietnamska-gramatika\/#primaryimage\"},\"image\":{\"@id\":\"https:\/\/talkpal.ai\/cs\/vietnamska-gramatika\/#primaryimage\"},\"thumbnailUrl\":\"https:\/\/talkpal.ai\/wp-content\/uploads\/2023\/05\/vietnam.png\",\"datePublished\":\"2023-05-14T14:23:00+00:00\",\"dateModified\":\"2025-12-12T10:56:45+00:00\",\"description\":\"Prozkoumejte fascinuj\u00edc\u00ed aspekty vietnamsk\u00e9 gramatiky a objevte radost z u\u010den\u00ed tohoto jedine\u010dn\u00e9ho jazyka.\",\"breadcrumb\":{\"@id\":\"https:\/\/talkpal.ai\/cs\/vietnamska-gramatika\/#breadcrumb\"},\"inLanguage\":\"cs\",\"potentialAction\":[{\"@type\":\"ReadAction\",\"target\":[\"https:\/\/talkpal.ai\/cs\/vietnamska-gramatika\/\"]}]},{\"@type\":\"ImageObject\",\"inLanguage\":\"cs\",\"@id\":\"https:\/\/talkpal.ai\/cs\/vietnamska-gramatika\/#primaryimage\",\"url\":\"https:\/\/talkpal.ai\/wp-content\/uploads\/2023\/05\/vietnam.png\",\"contentUrl\":\"https:\/\/talkpal.ai\/wp-content\/uploads\/2023\/05\/vietnam.png\",\"width\":512,\"height\":512},{\"@type\":\"BreadcrumbList\",\"@id\":\"https:\/\/talkpal.ai\/cs\/vietnamska-gramatika\/#breadcrumb\",\"itemListElement\":[{\"@type\":\"ListItem\",\"position\":1,\"name\":\"Homepage\",\"item\":\"https:\/\/talkpal.ai\/cs\/\"},{\"@type\":\"ListItem\",\"position\":2,\"name\":\"Vietnamsk\u00e1 gramatika\"}]},{\"@type\":\"WebSite\",\"@id\":\"https:\/\/talkpal.ai\/cs\/#website\",\"url\":\"https:\/\/talkpal.ai\/cs\/\",\"name\":\"Talkpal\",\"description\":\"AI Language Learning\",\"publisher\":{\"@id\":\"https:\/\/talkpal.ai\/cs\/#organization\"},\"alternateName\":\"Talkpal AI\",\"potentialAction\":[{\"@type\":\"SearchAction\",\"target\":{\"@type\":\"EntryPoint\",\"urlTemplate\":\"https:\/\/talkpal.ai\/cs\/?s={search_term_string}\"},\"query-input\":{\"@type\":\"PropertyValueSpecification\",\"valueRequired\":true,\"valueName\":\"search_term_string\"}}],\"inLanguage\":\"cs\"},{\"@type\":\"Organization\",\"@id\":\"https:\/\/talkpal.ai\/cs\/#organization\",\"name\":\"Talkpal, Inc.\",\"alternateName\":\"Talkpal AI\",\"url\":\"https:\/\/talkpal.ai\/cs\/\",\"logo\":{\"@type\":\"ImageObject\",\"inLanguage\":\"cs\",\"@id\":\"https:\/\/talkpal.ai\/cs\/#\/schema\/logo\/image\/\",\"url\":\"https:\/\/talkpal.ai\/wp-content\/uploads\/2024\/03\/Talkpal-Logo-Icon.png\",\"contentUrl\":\"https:\/\/talkpal.ai\/wp-content\/uploads\/2024\/03\/Talkpal-Logo-Icon.png\",\"width\":2880,\"height\":2880,\"caption\":\"Talkpal, Inc.\"},\"image\":{\"@id\":\"https:\/\/talkpal.ai\/cs\/#\/schema\/logo\/image\/\"},\"sameAs\":[\"https:\/\/www.facebook.com\/profile.php?id=100090733639311\",\"https:\/\/x.com\/talkpalai\",\"https:\/\/www.linkedin.com\/company\/talkpal\/\",\"https:\/\/www.youtube.com\/@TalkPal\/\",\"https:\/\/www.tiktok.com\/@talkpal\",\"https:\/\/www.instagram.com\/talkpal_ai\/\",\"https:\/\/www.crunchbase.com\/organization\/talkpal-9cde\",\"https:\/\/www.g2.com\/products\/talkpal-for-business\/\",\"https:\/\/www.trustpilot.com\/review\/talkpal.ai\",\"https:\/\/www.capterra.com\/p\/10006800\/TalkPal\/\"],\"description\":\"Talkpal is a language learning web and mobile education app, powered by the latest AI technologies, that provides engaging experiences to its customers in many different languages to help them improve their language skills. Users can chat about unlimited amount of topics with the app and use other modes to practice their language learning.\",\"email\":\"support@talkpal.ai\",\"legalName\":\"Talkpal, Inc.\",\"foundingDate\":\"2023-04-03\",\"duns\":\"118989042\",\"numberOfEmployees\":{\"@type\":\"QuantitativeValue\",\"minValue\":\"11\",\"maxValue\":\"50\"},\"publishingPrinciples\":\"https:\/\/talkpal.ai\/publishing-principles\/\",\"actionableFeedbackPolicy\":\"https:\/\/talkpal.ai\/actionable-feedback-policy\/\",\"correctionsPolicy\":\"https:\/\/talkpal.ai\/corrections-policy\/\",\"ethicsPolicy\":\"https:\/\/talkpal.ai\/ethics-policy\/\",\"diversityPolicy\":\"https:\/\/talkpal.ai\/diversity-policy\/\",\"diversityStaffingReport\":\"https:\/\/talkpal.ai\/diversity-policy\/\"}]}<\/script>\n<!-- \/ Yoast SEO Premium plugin. -->","yoast_head_json":{"title":"Vietnamsk\u00e1 gramatika - Talkpal","description":"Prozkoumejte fascinuj\u00edc\u00ed aspekty vietnamsk\u00e9 gramatiky a objevte radost z u\u010den\u00ed tohoto jedine\u010dn\u00e9ho jazyka.","robots":{"index":"index","follow":"follow","max-snippet":"max-snippet:-1","max-image-preview":"max-image-preview:large","max-video-preview":"max-video-preview:-1"},"canonical":"https:\/\/talkpal.ai\/cs\/vietnamska-gramatika\/","og_locale":"cs_CZ","og_type":"article","og_title":"Vietnamsk\u00e1 gramatika","og_description":"Slo\u017eitosti vietnamsk\u00e9 gramatiky: Poutav\u00fd pr\u016fzkum Vietnam\u0161tina se sv\u00fdmi hlubok\u00fdmi historick\u00fdmi ko\u0159eny a jedine\u010dn\u00fdm kulturn\u00edm pozad\u00edm nab\u00edz\u00ed l\u00e1kav\u00e9","og_url":"https:\/\/talkpal.ai\/cs\/vietnamska-gramatika\/","og_site_name":"Talkpal","article_publisher":"https:\/\/www.facebook.com\/profile.php?id=100090733639311","article_modified_time":"2025-12-12T10:56:45+00:00","og_image":[{"width":512,"height":512,"url":"https:\/\/talkpal.ai\/wp-content\/uploads\/2023\/05\/vietnam.png","type":"image\/png"}],"twitter_card":"summary_large_image","twitter_site":"@talkpalai","twitter_misc":{"Odhadovan\u00e1 doba \u010dten\u00ed":"3 minuty"},"schema":{"@context":"https:\/\/schema.org","@graph":[{"@type":"WebPage","@id":"https:\/\/talkpal.ai\/cs\/vietnamska-gramatika\/","url":"https:\/\/talkpal.ai\/cs\/vietnamska-gramatika\/","name":"Vietnamsk\u00e1 gramatika - Talkpal","isPartOf":{"@id":"https:\/\/talkpal.ai\/cs\/#website"},"primaryImageOfPage":{"@id":"https:\/\/talkpal.ai\/cs\/vietnamska-gramatika\/#primaryimage"},"image":{"@id":"https:\/\/talkpal.ai\/cs\/vietnamska-gramatika\/#primaryimage"},"thumbnailUrl":"https:\/\/talkpal.ai\/wp-content\/uploads\/2023\/05\/vietnam.png","datePublished":"2023-05-14T14:23:00+00:00","dateModified":"2025-12-12T10:56:45+00:00","description":"Prozkoumejte fascinuj\u00edc\u00ed aspekty vietnamsk\u00e9 gramatiky a objevte radost z u\u010den\u00ed tohoto jedine\u010dn\u00e9ho jazyka.","breadcrumb":{"@id":"https:\/\/talkpal.ai\/cs\/vietnamska-gramatika\/#breadcrumb"},"inLanguage":"cs","potentialAction":[{"@type":"ReadAction","target":["https:\/\/talkpal.ai\/cs\/vietnamska-gramatika\/"]}]},{"@type":"ImageObject","inLanguage":"cs","@id":"https:\/\/talkpal.ai\/cs\/vietnamska-gramatika\/#primaryimage","url":"https:\/\/talkpal.ai\/wp-content\/uploads\/2023\/05\/vietnam.png","contentUrl":"https:\/\/talkpal.ai\/wp-content\/uploads\/2023\/05\/vietnam.png","width":512,"height":512},{"@type":"BreadcrumbList","@id":"https:\/\/talkpal.ai\/cs\/vietnamska-gramatika\/#breadcrumb","itemListElement":[{"@type":"ListItem","position":1,"name":"Homepage","item":"https:\/\/talkpal.ai\/cs\/"},{"@type":"ListItem","position":2,"name":"Vietnamsk\u00e1 gramatika"}]},{"@type":"WebSite","@id":"https:\/\/talkpal.ai\/cs\/#website","url":"https:\/\/talkpal.ai\/cs\/","name":"Talkpal","description":"AI Language Learning","publisher":{"@id":"https:\/\/talkpal.ai\/cs\/#organization"},"alternateName":"Talkpal AI","potentialAction":[{"@type":"SearchAction","target":{"@type":"EntryPoint","urlTemplate":"https:\/\/talkpal.ai\/cs\/?s={search_term_string}"},"query-input":{"@type":"PropertyValueSpecification","valueRequired":true,"valueName":"search_term_string"}}],"inLanguage":"cs"},{"@type":"Organization","@id":"https:\/\/talkpal.ai\/cs\/#organization","name":"Talkpal, Inc.","alternateName":"Talkpal AI","url":"https:\/\/talkpal.ai\/cs\/","logo":{"@type":"ImageObject","inLanguage":"cs","@id":"https:\/\/talkpal.ai\/cs\/#\/schema\/logo\/image\/","url":"https:\/\/talkpal.ai\/wp-content\/uploads\/2024\/03\/Talkpal-Logo-Icon.png","contentUrl":"https:\/\/talkpal.ai\/wp-content\/uploads\/2024\/03\/Talkpal-Logo-Icon.png","width":2880,"height":2880,"caption":"Talkpal, Inc."},"image":{"@id":"https:\/\/talkpal.ai\/cs\/#\/schema\/logo\/image\/"},"sameAs":["https:\/\/www.facebook.com\/profile.php?id=100090733639311","https:\/\/x.com\/talkpalai","https:\/\/www.linkedin.com\/company\/talkpal\/","https:\/\/www.youtube.com\/@TalkPal\/","https:\/\/www.tiktok.com\/@talkpal","https:\/\/www.instagram.com\/talkpal_ai\/","https:\/\/www.crunchbase.com\/organization\/talkpal-9cde","https:\/\/www.g2.com\/products\/talkpal-for-business\/","https:\/\/www.trustpilot.com\/review\/talkpal.ai","https:\/\/www.capterra.com\/p\/10006800\/TalkPal\/"],"description":"Talkpal is a language learning web and mobile education app, powered by the latest AI technologies, that provides engaging experiences to its customers in many different languages to help them improve their language skills. Users can chat about unlimited amount of topics with the app and use other modes to practice their language learning.","email":"support@talkpal.ai","legalName":"Talkpal, Inc.","foundingDate":"2023-04-03","duns":"118989042","numberOfEmployees":{"@type":"QuantitativeValue","minValue":"11","maxValue":"50"},"publishingPrinciples":"https:\/\/talkpal.ai\/publishing-principles\/","actionableFeedbackPolicy":"https:\/\/talkpal.ai\/actionable-feedback-policy\/","correctionsPolicy":"https:\/\/talkpal.ai\/corrections-policy\/","ethicsPolicy":"https:\/\/talkpal.ai\/ethics-policy\/","diversityPolicy":"https:\/\/talkpal.ai\/diversity-policy\/","diversityStaffingReport":"https:\/\/talkpal.ai\/diversity-policy\/"}]}},"_links":{"self":[{"href":"https:\/\/talkpal.ai\/cs\/wp-json\/wp\/v2\/pages\/152568","targetHints":{"allow":["GET"]}}],"collection":[{"href":"https:\/\/talkpal.ai\/cs\/wp-json\/wp\/v2\/pages"}],"about":[{"href":"https:\/\/talkpal.ai\/cs\/wp-json\/wp\/v2\/types\/page"}],"author":[{"embeddable":true,"href":"https:\/\/talkpal.ai\/cs\/wp-json\/wp\/v2\/users\/1"}],"replies":[{"embeddable":true,"href":"https:\/\/talkpal.ai\/cs\/wp-json\/wp\/v2\/comments?post=152568"}],"version-history":[{"count":0,"href":"https:\/\/talkpal.ai\/cs\/wp-json\/wp\/v2\/pages\/152568\/revisions"}],"wp:featuredmedia":[{"embeddable":true,"href":"https:\/\/talkpal.ai\/cs\/wp-json\/wp\/v2\/media\/120495"}],"wp:attachment":[{"href":"https:\/\/talkpal.ai\/cs\/wp-json\/wp\/v2\/media?parent=152568"}],"curies":[{"name":"wp","href":"https:\/\/api.w.org\/{rel}","templated":true}]}}