{"id":152293,"date":"2023-05-14T14:22:39","date_gmt":"2023-05-14T14:22:39","guid":{"rendered":"http:\/\/talkpal.ai\/urdska-gramatika\/"},"modified":"2025-12-11T16:27:03","modified_gmt":"2025-12-11T16:27:03","slug":"urdska-gramatika","status":"publish","type":"page","link":"https:\/\/talkpal.ai\/cs\/urdska-gramatika\/","title":{"rendered":"Urdsk\u00e1 gramatika"},"content":{"rendered":"\r\n\r\n\r\n<section class=\"languageChallengeSection\">\r\n    <div class=\"languageInfoWrapper\">\r\n        \r\n        <h1>Urdsk\u00e1 gramatika<\/h1>\r\n        <p>M\u00e1te z\u00e1jem o v\u00fduku urd\u0161tiny? Pono\u0159te se do gramatiky urd\u0161tiny, kde elegantn\u00ed p\u00edsmo, rodov\u00e1 podstatn\u00e1 jm\u00e9na a expresivn\u00ed slovesn\u00e9 tvary vytv\u00e1\u0159ej\u00ed jazyk poetick\u00fd i praktick\u00fd. Za\u010dn\u011bte svou cestu do urd\u0161tiny je\u0161t\u011b dnes &#8211; zvl\u00e1dnut\u00ed jej\u00ed gramatiky v\u00e1m otev\u0159e nov\u00e9 cesty v komunikaci a hluboce v\u00e1s propoj\u00ed s bohat\u00fdmi liter\u00e1rn\u00edmi a kulturn\u00edmi tradicemi ji\u017en\u00ed Asie!<\/p>\r\n\r\n                            <a class=\"getStartedHidden\" href=\"https:\/\/app.talkpal.ai\/cs\/signup?lng=\">Za\u010dni<\/a>\r\n        \r\n    <\/div>\r\n\r\n    <figure>\r\n    <img decoding=\"async\" width=\"768\" height=\"768\" src=\"https:\/\/talkpal.ai\/wp-content\/uploads\/2023\/06\/urdu-768x768.png\" class=\"languageImage no-lazy\" alt=\"Language learning for global understanding\" fetchpriority=\"high\" sizes=\"(max-width: 768px) 150px, 768px\" srcset=\"https:\/\/talkpal.ai\/wp-content\/uploads\/2023\/06\/urdu-768x768.png 768w, https:\/\/talkpal.ai\/wp-content\/uploads\/2023\/06\/urdu-300x300.png 300w\" \/>\r\n    \r\n\r\n    <\/figure>\r\n\r\n            <a class=\"getStartedVisible\" href=\"https:\/\/app.talkpal.ai\/cs\/signup?lng=\">Za\u010dni<\/a>\r\n    \r\n<\/section>\r\n<section class=\"promotionalBanner\">\r\n    <p class=\"promotionalText\">Nejefektivn\u011bj\u0161\u00ed <a href=\"https:\/\/talkpal.ai\/best-way-to-learn\/\">zp\u016fsob<\/a>, jak se nau\u010dit jazyk<\/p>\r\n    <a class=\"promotionalLink\" href=\"https:\/\/app.talkpal.ai\/cs\/signup?lng=\">Vyzkou\u0161ejte Talkpal zdarma<\/a>\r\n<\/section>\n<div class=\"wp-block-group pageContainerStyle\"><div class=\"wp-block-group__inner-container is-layout-constrained wp-block-group-is-layout-constrained\">\n<h2 class=\"wp-block-heading\" id=\"h-urdu-grammar-exploring-the-beauty-and-intricacies-of-the-indo-aryan-language\">Urdsk\u00e1 gramatika: Zkoum\u00e1n\u00ed kr\u00e1sy a slo\u017eitosti indo\u00e1rijsk\u00e9ho jazyka<\/h2>\n\n\n\n<p><a href=\"https:\/\/talkpal.ai\/talkpal-discount-for-language-enthusiasts\/\">Jazykov\u00ed nad\u0161enci<\/a> a zv\u00eddav\u00ed <a href=\"https:\/\/talkpal.ai\/talkpal-discount-for-students\/\">studenti<\/a>, jste p\u0159ipraveni pono\u0159it se do fascinuj\u00edc\u00edho sv\u011bta urdsk\u00e9 gramatiky? Urd\u0161tina, indo\u00e1rijsk\u00fd jazyk, je n\u00e1rodn\u00edm jazykem P\u00e1kist\u00e1nu a jedn\u00edm z ofici\u00e1ln\u00edch jazyk\u016f Indie. S p\u0159ibli\u017en\u011b 70 miliony mluv\u010d\u00edch po cel\u00e9m sv\u011bt\u011b je urd\u0161tina nejen bohat\u00fdm a expresivn\u00edm jazykem, ale tak\u00e9 mostem k \u017eiv\u00e9 kultu\u0159e a historii. V tomto \u010dl\u00e1nku se sezn\u00e1m\u00edme s jedine\u010dn\u00fdmi aspekty gramatiky urd\u0161tiny a zjist\u00edme, \u010d\u00edm se li\u0161\u00ed od ostatn\u00edch jazyk\u016f.<\/p>\n\n\n\n<h3 class=\"wp-block-heading\" id=\"h-script-and-pronunciation-the-elegant-nastaliq\">P\u00edsmo a v\u00fdslovnost: Elegantn\u00ed Nastaliq<\/h3>\n\n\n\n<p>Urdsk\u00e9 p\u00edsmo vych\u00e1z\u00ed z persko-arabsk\u00e9ho stylu Nastaliq, kter\u00fd se p\u00ed\u0161e a \u010dte zprava doleva. P\u00edsmo Nastaliq, kter\u00e9 se skl\u00e1d\u00e1 z 38 p\u00edsmen s diakritick\u00fdmi znam\u00e9nky pro samohl\u00e1sky a v\u00fdslovnost, je elegantn\u00ed a plynul\u00e9. Nau\u010dit se p\u00edsmo a zvl\u00e1dnout v\u00fdslovnost urdsk\u00fdch zvuk\u016f bude prvn\u00edm krokem k pochopen\u00ed gramatiky jazyka.<\/p>\n\n\n\n<h3 class=\"wp-block-heading\" id=\"h-nouns-and-pronouns-exploring-gender-number-and-case\">Podstatn\u00e1 jm\u00e9na a z\u00e1jmena: zkoum\u00e1n\u00ed rodu, \u010d\u00edsla a p\u00e1dy<\/h3>\n\n\n\n<p>Urdsk\u00e1 podstatn\u00e1 jm\u00e9na se d\u011bl\u00ed podle rodu (mu\u017esk\u00fd nebo \u017eensk\u00fd), \u010d\u00edsla (jednotn\u00e9 nebo mno\u017en\u00e9 \u010d\u00edslo) a p\u00e1dov\u00e9ho \u010d\u00edsla (p\u0159\u00edm\u00e9 nebo \u0161ikm\u00e9). Jazyk nem\u00e1 \u010dleny (jako &#8222;a&#8220; nebo &#8222;the&#8220;), m\u00edsto toho se spol\u00e9h\u00e1 na kontext, aby vyj\u00e1d\u0159il ur\u010ditost. Urdsk\u00e1 z\u00e1jmena se tak\u00e9 \u0159\u00edd\u00ed rodem, \u010d\u00edslem a p\u00e1dem a maj\u00ed r\u016fzn\u00e9 formy zdvo\u0159ilosti a famili\u00e1rnosti.<\/p>\n\n\n\n<h3 class=\"wp-block-heading\" id=\"h-postpositions-and-cases-urdu-s-unique-approach-to-indicating-relationships\">Pozice a p\u0159\u00edpady: Jedine\u010dn\u00fd p\u0159\u00edstup urd\u0161tiny k ozna\u010dov\u00e1n\u00ed vztah\u016f<\/h3>\n\n\n\n<p>M\u00edsto p\u0159edlo\u017eek pou\u017e\u00edv\u00e1 urd\u0161tina postpozice \u2013 slova, kter\u00e1 n\u00e1sleduj\u00ed po podstatn\u00fdch jm\u00e9nech, kter\u00fdmi se \u0159\u00edd\u00ed. Tento charakteristick\u00fd rys je patrn\u00fd v cel\u00e9m jazyce a v\u00fdznamn\u011b ovliv\u0148uje zna\u010den\u00ed velk\u00fdch a mal\u00fdch p\u00edsmen. Dva p\u00e1dy v urd\u0161tin\u011b, p\u0159\u00edm\u00fd a nep\u0159\u00edm\u00fd, se pou\u017e\u00edvaj\u00ed v kombinaci s postpozicemi k ozna\u010den\u00ed vztah\u016f mezi slovy.<\/p>\n\n\n\n<h3 class=\"wp-block-heading\" id=\"h-harnessing-the-power-of-verbs-tense-aspect-and-moods\">Vyu\u017eit\u00ed s\u00edly sloves: \u010das, vid a n\u00e1lady<\/h3>\n\n\n\n<p>Urdsk\u00e1 slovesa jsou fascinuj\u00edc\u00ed svou rozmanitou \u0161k\u00e1lou \u010das\u016f (minul\u00fd, p\u0159\u00edtomn\u00fd a budouc\u00ed), aspekt\u016f (dokonav\u00fdch, nedokonav\u00fdch a obvykl\u00fdch) a n\u00e1lad (indikativ, rozkazovac\u00ed zp\u016fsob a <a href=\"https:\/\/talkpal.ai\/ja\/grammar_exercises\/konjunktiv-%e3%83%89%e3%82%a4%e3%83%84%e6%96%87%e6%b3%95%e3%81%ae%e6%bc%94%e7%bf%92\/\">konjunktiv<\/a>). Jazyk tak\u00e9 hojn\u011b vyu\u017e\u00edv\u00e1 pomocn\u00e1 slovesa k vytv\u00e1\u0159en\u00ed slo\u017een\u00fdch \u010das\u016f, vyjad\u0159ov\u00e1n\u00ed nuanc\u00ed v \u010dase a dokon\u010dov\u00e1n\u00ed d\u011bj\u016f.<\/p>\n\n\n\n<p>Slovesa se tak\u00e9 shoduj\u00ed se sv\u00fdmi podm\u011bty, pokud jde o rod a \u010d\u00edslo, co\u017e d\u00e1le p\u0159id\u00e1v\u00e1 vrstvy slo\u017eitosti a bohatosti urdsk\u00e9 gramatiky.<\/p>\n\n\n\n<h3 class=\"wp-block-heading\" id=\"h-adjectives-adverbs-and-more-adding-color-to-your-language\">P\u0159\u00eddavn\u00e1 jm\u00e9na, p\u0159\u00edslovce a dal\u0161\u00ed: P\u0159id\u00e1n\u00ed barvy do jazyka<\/h3>\n\n\n\n<p>P\u0159\u00eddavn\u00e1 jm\u00e9na v urd\u0161tin\u011b obvykle n\u00e1sleduj\u00ed podstatn\u00e1 jm\u00e9na, kter\u00e1 modifikuj\u00ed, a shoduj\u00ed se s nimi, pokud jde o rod a \u010d\u00edslo. P\u0159\u00eddavn\u00e1 jm\u00e9na lze zintenzivnit pomoc\u00ed srovn\u00e1vac\u00edch a superlativ\u016f, co\u017e dod\u00e1v\u00e1 popis\u016fm hloubku. Urdsk\u00e1 p\u0159\u00edslovce, odvozen\u00e1 z p\u0159\u00eddavn\u00fdch jmen nebo existuj\u00edc\u00ed samostatn\u011b, tak\u00e9 hraj\u00ed v jazyce z\u00e1sadn\u00ed roli, proto\u017ee poskytuj\u00ed informace o \u010dase, zp\u016fsobu, m\u00edst\u011b a stupni.<\/p>\n\n\n\n<p><a href=\"https:\/\/talkpal.ai\/urdu-grammar\/\">Urdsk\u00e1 gramatika<\/a> se m\u016f\u017ee pochlubit mno\u017estv\u00edm spojek, citoslovc\u00ed, \u010d\u00e1stic a dal\u0161\u00edch, kter\u00e9 v\u00e1m pomohou sestavit bohat\u00e9, smyslupln\u00e9 a expresivn\u00ed v\u011bty.<\/p>\n\n\n\n<h3 class=\"wp-block-heading\" id=\"h-embracing-the-world-of-urdu-grammar\">P\u0159ijet\u00ed sv\u011bta urdsk\u00e9 gramatiky<\/h3>\n\n\n\n<p><a href=\"https:\/\/talkpal.ai\/sq\/gramatika\/\">Gramatika<\/a> urd\u0161tiny se m\u016f\u017ee zpo\u010d\u00e1tku zd\u00e1t slo\u017eit\u00e1, ale jakmile se pono\u0159\u00edte do jej\u00edch slo\u017eitost\u00ed, zjist\u00edte, \u017ee tento jazyk opl\u00fdv\u00e1 kr\u00e1sou a v\u00fdrazem. U\u010den\u00ed urd\u0161tiny nejen prohloub\u00ed va\u0161e porozum\u011bn\u00ed indo\u00e1rijsk\u00e9 jazykov\u00e9 rodin\u011b, ale tak\u00e9 v\u00e1m pom\u016f\u017ee spojit se s okouzluj\u00edc\u00ed kulturou, literaturou a histori\u00ed.<\/p>\n\n\n\n<p>Pro\u010d se tedy nevydat na vzru\u0161uj\u00edc\u00ed cestu u\u010den\u00ed urdsk\u00e9 gramatiky? S odhodl\u00e1n\u00edm a zv\u011bdavost\u00ed se mo\u017en\u00e1 brzy p\u0159istihnete, \u017ee konverzujete s rodil\u00fdmi mluv\u010d\u00edmi a vym\u011b\u0148ujete si n\u00e1pady a p\u0159\u00edb\u011bhy v tomto mocn\u00e9m jazyce. \u0160\u0165astn\u00e9 u\u010den\u00ed!<\/p>\n<\/div><\/div>\n\r\n<section class=\"learnNavigationSection\">\r\n            \r\n        <a href=\"https:\/\/talkpal.ai\/cs\/naucte-se-urdsky\/\">\r\n            <div class=\"learnNavigationWrapper\">\r\n                <div class=\"learnNavigationContent\">\r\n                    <img decoding=\"async\" src=\"https:\/\/talkpal.ai\/wp-content\/uploads\/2024\/08\/Urdu.jpg\" alt=\"Pakistani Flag\">\r\n                    <div>\r\n                        <h4>O u\u010den\u00ed urd\u0161tiny<\/h4>\r\n                        <p>Zjist\u011bte v\u0161e o gramatice urd\u0161tiny .<\/p>\r\n                    <\/div>\r\n                <\/div>\r\n            <\/div>\r\n        <\/a>\r\n\r\n        \r\n        <a href=\"https:\/\/talkpal.ai\/cs\/urdska-gramaticka-cviceni\/\">\r\n            <div class=\"learnNavigationWrapper\">\r\n                <div class=\"learnNavigationContent\">\r\n                    <img decoding=\"async\" src=\"https:\/\/talkpal.ai\/wp-content\/uploads\/2024\/08\/Urdu.jpg\" alt=\"Pakistani Flag\">\r\n                    <div>\r\n                        <h4>Cvi\u010den\u00ed z gramatiky urd\u0161tiny<\/h4>\r\n                        <p>Procvi\u010dte si urdskou gramatiku.<\/p>\r\n                    <\/div>\r\n                <\/div>\r\n            <\/div>\r\n        <\/a>\r\n\r\n        \r\n        <a href=\"https:\/\/talkpal.ai\/vocabulary_language\/urdu\/\">\r\n            <div class=\"learnNavigationWrapper\">\r\n                <div class=\"learnNavigationContent\">\r\n                    <img decoding=\"async\" src=\"https:\/\/talkpal.ai\/wp-content\/uploads\/2024\/08\/Urdu.jpg\" alt=\"Pakistani Flag\">\r\n                    <div>\r\n                        <h4>Slovn\u00ed z\u00e1soba urd\u0161tiny<\/h4>\r\n                        <p>Roz\u0161i\u0159te si slovn\u00ed z\u00e1sobu urd\u0161tiny.<\/p>\r\n                    <\/div>\r\n                <\/div>\r\n            <\/div>\r\n        <\/a>\r\n\r\n            <\/section>","protected":false},"excerpt":{"rendered":"<p>Urdsk\u00e1 gramatika: Zkoum\u00e1n\u00ed kr\u00e1sy a slo\u017eitosti indo\u00e1rijsk\u00e9ho jazyka Jazykov\u00ed nad\u0161enci a zv\u00eddav\u00ed studenti, jste p\u0159ipraveni pono\u0159it se do fascinuj\u00edc\u00edho sv\u011bta urdsk\u00e9 gramatiky? Urd\u0161tina, indo\u00e1rijsk\u00fd jazyk, je n\u00e1rodn\u00edm jazykem P\u00e1kist\u00e1nu a jedn\u00edm z ofici\u00e1ln\u00edch jazyk\u016f Indie. S p\u0159ibli\u017en\u011b 70 miliony mluv\u010d\u00edch po cel\u00e9m sv\u011bt\u011b je urd\u0161tina nejen bohat\u00fdm a expresivn\u00edm jazykem, ale tak\u00e9 mostem k \u017eiv\u00e9 [&hellip;]<\/p>\n","protected":false},"author":1,"featured_media":121210,"parent":0,"menu_order":0,"comment_status":"closed","ping_status":"closed","template":"LearningContentPage.php","meta":{"_acf_changed":false,"footnotes":""},"class_list":["post-152293","page","type-page","status-publish","has-post-thumbnail","hentry"],"acf":[],"yoast_head":"<!-- This site is optimized with the Yoast SEO Premium plugin v27.2 (Yoast SEO v27.2) - https:\/\/yoast.com\/product\/yoast-seo-premium-wordpress\/ -->\n<title>Urdsk\u00e1 gramatika - Talkpal<\/title>\n<meta name=\"description\" content=\"Odhalte kr\u00e1su urdsk\u00e9 gramatiky. Prozkoumejte jeho jedine\u010dn\u00e9 aspekty, p\u00edsmo a jeho souvislost s kulturou a histori\u00ed.\" \/>\n<meta name=\"robots\" content=\"index, follow, max-snippet:-1, max-image-preview:large, max-video-preview:-1\" \/>\n<link rel=\"canonical\" href=\"https:\/\/talkpal.ai\/cs\/urdska-gramatika\/\" \/>\n<meta property=\"og:locale\" content=\"cs_CZ\" \/>\n<meta property=\"og:type\" content=\"article\" \/>\n<meta property=\"og:title\" content=\"Urdsk\u00e1 gramatika\" \/>\n<meta property=\"og:description\" content=\"Urdsk\u00e1 gramatika: Zkoum\u00e1n\u00ed kr\u00e1sy a slo\u017eitosti indo\u00e1rijsk\u00e9ho jazyka Jazykov\u00ed nad\u0161enci a zv\u00eddav\u00ed studenti, jste p\u0159ipraveni pono\u0159it se do fascinuj\u00edc\u00edho sv\u011bta\" \/>\n<meta property=\"og:url\" content=\"https:\/\/talkpal.ai\/cs\/urdska-gramatika\/\" \/>\n<meta property=\"og:site_name\" content=\"Talkpal\" \/>\n<meta property=\"article:publisher\" content=\"https:\/\/www.facebook.com\/profile.php?id=100090733639311\" \/>\n<meta property=\"article:modified_time\" content=\"2025-12-11T16:27:03+00:00\" \/>\n<meta property=\"og:image\" content=\"https:\/\/talkpal.ai\/wp-content\/uploads\/2023\/05\/Urdu-pakistan.png\" \/>\n\t<meta property=\"og:image:width\" content=\"512\" \/>\n\t<meta property=\"og:image:height\" content=\"512\" \/>\n\t<meta property=\"og:image:type\" content=\"image\/png\" \/>\n<meta name=\"twitter:card\" content=\"summary_large_image\" \/>\n<meta name=\"twitter:site\" content=\"@talkpalai\" \/>\n<meta name=\"twitter:label1\" content=\"Odhadovan\u00e1 doba \u010dten\u00ed\" \/>\n\t<meta name=\"twitter:data1\" content=\"3 minuty\" \/>\n<script type=\"application\/ld+json\" class=\"yoast-schema-graph\">{\"@context\":\"https:\/\/schema.org\",\"@graph\":[{\"@type\":\"WebPage\",\"@id\":\"https:\/\/talkpal.ai\/cs\/urdska-gramatika\/\",\"url\":\"https:\/\/talkpal.ai\/cs\/urdska-gramatika\/\",\"name\":\"Urdsk\u00e1 gramatika - Talkpal\",\"isPartOf\":{\"@id\":\"https:\/\/talkpal.ai\/cs\/#website\"},\"primaryImageOfPage\":{\"@id\":\"https:\/\/talkpal.ai\/cs\/urdska-gramatika\/#primaryimage\"},\"image\":{\"@id\":\"https:\/\/talkpal.ai\/cs\/urdska-gramatika\/#primaryimage\"},\"thumbnailUrl\":\"https:\/\/talkpal.ai\/wp-content\/uploads\/2023\/05\/Urdu-pakistan.png\",\"datePublished\":\"2023-05-14T14:22:39+00:00\",\"dateModified\":\"2025-12-11T16:27:03+00:00\",\"description\":\"Odhalte kr\u00e1su urdsk\u00e9 gramatiky. Prozkoumejte jeho jedine\u010dn\u00e9 aspekty, p\u00edsmo a jeho souvislost s kulturou a histori\u00ed.\",\"breadcrumb\":{\"@id\":\"https:\/\/talkpal.ai\/cs\/urdska-gramatika\/#breadcrumb\"},\"inLanguage\":\"cs\",\"potentialAction\":[{\"@type\":\"ReadAction\",\"target\":[\"https:\/\/talkpal.ai\/cs\/urdska-gramatika\/\"]}]},{\"@type\":\"ImageObject\",\"inLanguage\":\"cs\",\"@id\":\"https:\/\/talkpal.ai\/cs\/urdska-gramatika\/#primaryimage\",\"url\":\"https:\/\/talkpal.ai\/wp-content\/uploads\/2023\/05\/Urdu-pakistan.png\",\"contentUrl\":\"https:\/\/talkpal.ai\/wp-content\/uploads\/2023\/05\/Urdu-pakistan.png\",\"width\":512,\"height\":512},{\"@type\":\"BreadcrumbList\",\"@id\":\"https:\/\/talkpal.ai\/cs\/urdska-gramatika\/#breadcrumb\",\"itemListElement\":[{\"@type\":\"ListItem\",\"position\":1,\"name\":\"Homepage\",\"item\":\"https:\/\/talkpal.ai\/cs\/\"},{\"@type\":\"ListItem\",\"position\":2,\"name\":\"Urdsk\u00e1 gramatika\"}]},{\"@type\":\"WebSite\",\"@id\":\"https:\/\/talkpal.ai\/cs\/#website\",\"url\":\"https:\/\/talkpal.ai\/cs\/\",\"name\":\"Talkpal\",\"description\":\"AI Language Learning\",\"publisher\":{\"@id\":\"https:\/\/talkpal.ai\/cs\/#organization\"},\"alternateName\":\"Talkpal AI\",\"potentialAction\":[{\"@type\":\"SearchAction\",\"target\":{\"@type\":\"EntryPoint\",\"urlTemplate\":\"https:\/\/talkpal.ai\/cs\/?s={search_term_string}\"},\"query-input\":{\"@type\":\"PropertyValueSpecification\",\"valueRequired\":true,\"valueName\":\"search_term_string\"}}],\"inLanguage\":\"cs\"},{\"@type\":\"Organization\",\"@id\":\"https:\/\/talkpal.ai\/cs\/#organization\",\"name\":\"Talkpal, Inc.\",\"alternateName\":\"Talkpal AI\",\"url\":\"https:\/\/talkpal.ai\/cs\/\",\"logo\":{\"@type\":\"ImageObject\",\"inLanguage\":\"cs\",\"@id\":\"https:\/\/talkpal.ai\/cs\/#\/schema\/logo\/image\/\",\"url\":\"https:\/\/talkpal.ai\/wp-content\/uploads\/2024\/03\/Talkpal-Logo-Icon.png\",\"contentUrl\":\"https:\/\/talkpal.ai\/wp-content\/uploads\/2024\/03\/Talkpal-Logo-Icon.png\",\"width\":2880,\"height\":2880,\"caption\":\"Talkpal, Inc.\"},\"image\":{\"@id\":\"https:\/\/talkpal.ai\/cs\/#\/schema\/logo\/image\/\"},\"sameAs\":[\"https:\/\/www.facebook.com\/profile.php?id=100090733639311\",\"https:\/\/x.com\/talkpalai\",\"https:\/\/www.linkedin.com\/company\/talkpal\/\",\"https:\/\/www.youtube.com\/@TalkPal\/\",\"https:\/\/www.tiktok.com\/@talkpal\",\"https:\/\/www.instagram.com\/talkpal_ai\/\",\"https:\/\/www.crunchbase.com\/organization\/talkpal-9cde\",\"https:\/\/www.g2.com\/products\/talkpal-for-business\/\",\"https:\/\/www.trustpilot.com\/review\/talkpal.ai\",\"https:\/\/www.capterra.com\/p\/10006800\/TalkPal\/\"],\"description\":\"Talkpal is a language learning web and mobile education app, powered by the latest AI technologies, that provides engaging experiences to its customers in many different languages to help them improve their language skills. Users can chat about unlimited amount of topics with the app and use other modes to practice their language learning.\",\"email\":\"support@talkpal.ai\",\"legalName\":\"Talkpal, Inc.\",\"foundingDate\":\"2023-04-03\",\"duns\":\"118989042\",\"numberOfEmployees\":{\"@type\":\"QuantitativeValue\",\"minValue\":\"11\",\"maxValue\":\"50\"},\"publishingPrinciples\":\"https:\/\/talkpal.ai\/publishing-principles\/\",\"actionableFeedbackPolicy\":\"https:\/\/talkpal.ai\/actionable-feedback-policy\/\",\"correctionsPolicy\":\"https:\/\/talkpal.ai\/corrections-policy\/\",\"ethicsPolicy\":\"https:\/\/talkpal.ai\/ethics-policy\/\",\"diversityPolicy\":\"https:\/\/talkpal.ai\/diversity-policy\/\",\"diversityStaffingReport\":\"https:\/\/talkpal.ai\/diversity-policy\/\"}]}<\/script>\n<!-- \/ Yoast SEO Premium plugin. -->","yoast_head_json":{"title":"Urdsk\u00e1 gramatika - Talkpal","description":"Odhalte kr\u00e1su urdsk\u00e9 gramatiky. Prozkoumejte jeho jedine\u010dn\u00e9 aspekty, p\u00edsmo a jeho souvislost s kulturou a histori\u00ed.","robots":{"index":"index","follow":"follow","max-snippet":"max-snippet:-1","max-image-preview":"max-image-preview:large","max-video-preview":"max-video-preview:-1"},"canonical":"https:\/\/talkpal.ai\/cs\/urdska-gramatika\/","og_locale":"cs_CZ","og_type":"article","og_title":"Urdsk\u00e1 gramatika","og_description":"Urdsk\u00e1 gramatika: Zkoum\u00e1n\u00ed kr\u00e1sy a slo\u017eitosti indo\u00e1rijsk\u00e9ho jazyka Jazykov\u00ed nad\u0161enci a zv\u00eddav\u00ed studenti, jste p\u0159ipraveni pono\u0159it se do fascinuj\u00edc\u00edho sv\u011bta","og_url":"https:\/\/talkpal.ai\/cs\/urdska-gramatika\/","og_site_name":"Talkpal","article_publisher":"https:\/\/www.facebook.com\/profile.php?id=100090733639311","article_modified_time":"2025-12-11T16:27:03+00:00","og_image":[{"width":512,"height":512,"url":"https:\/\/talkpal.ai\/wp-content\/uploads\/2023\/05\/Urdu-pakistan.png","type":"image\/png"}],"twitter_card":"summary_large_image","twitter_site":"@talkpalai","twitter_misc":{"Odhadovan\u00e1 doba \u010dten\u00ed":"3 minuty"},"schema":{"@context":"https:\/\/schema.org","@graph":[{"@type":"WebPage","@id":"https:\/\/talkpal.ai\/cs\/urdska-gramatika\/","url":"https:\/\/talkpal.ai\/cs\/urdska-gramatika\/","name":"Urdsk\u00e1 gramatika - Talkpal","isPartOf":{"@id":"https:\/\/talkpal.ai\/cs\/#website"},"primaryImageOfPage":{"@id":"https:\/\/talkpal.ai\/cs\/urdska-gramatika\/#primaryimage"},"image":{"@id":"https:\/\/talkpal.ai\/cs\/urdska-gramatika\/#primaryimage"},"thumbnailUrl":"https:\/\/talkpal.ai\/wp-content\/uploads\/2023\/05\/Urdu-pakistan.png","datePublished":"2023-05-14T14:22:39+00:00","dateModified":"2025-12-11T16:27:03+00:00","description":"Odhalte kr\u00e1su urdsk\u00e9 gramatiky. Prozkoumejte jeho jedine\u010dn\u00e9 aspekty, p\u00edsmo a jeho souvislost s kulturou a histori\u00ed.","breadcrumb":{"@id":"https:\/\/talkpal.ai\/cs\/urdska-gramatika\/#breadcrumb"},"inLanguage":"cs","potentialAction":[{"@type":"ReadAction","target":["https:\/\/talkpal.ai\/cs\/urdska-gramatika\/"]}]},{"@type":"ImageObject","inLanguage":"cs","@id":"https:\/\/talkpal.ai\/cs\/urdska-gramatika\/#primaryimage","url":"https:\/\/talkpal.ai\/wp-content\/uploads\/2023\/05\/Urdu-pakistan.png","contentUrl":"https:\/\/talkpal.ai\/wp-content\/uploads\/2023\/05\/Urdu-pakistan.png","width":512,"height":512},{"@type":"BreadcrumbList","@id":"https:\/\/talkpal.ai\/cs\/urdska-gramatika\/#breadcrumb","itemListElement":[{"@type":"ListItem","position":1,"name":"Homepage","item":"https:\/\/talkpal.ai\/cs\/"},{"@type":"ListItem","position":2,"name":"Urdsk\u00e1 gramatika"}]},{"@type":"WebSite","@id":"https:\/\/talkpal.ai\/cs\/#website","url":"https:\/\/talkpal.ai\/cs\/","name":"Talkpal","description":"AI Language Learning","publisher":{"@id":"https:\/\/talkpal.ai\/cs\/#organization"},"alternateName":"Talkpal AI","potentialAction":[{"@type":"SearchAction","target":{"@type":"EntryPoint","urlTemplate":"https:\/\/talkpal.ai\/cs\/?s={search_term_string}"},"query-input":{"@type":"PropertyValueSpecification","valueRequired":true,"valueName":"search_term_string"}}],"inLanguage":"cs"},{"@type":"Organization","@id":"https:\/\/talkpal.ai\/cs\/#organization","name":"Talkpal, Inc.","alternateName":"Talkpal AI","url":"https:\/\/talkpal.ai\/cs\/","logo":{"@type":"ImageObject","inLanguage":"cs","@id":"https:\/\/talkpal.ai\/cs\/#\/schema\/logo\/image\/","url":"https:\/\/talkpal.ai\/wp-content\/uploads\/2024\/03\/Talkpal-Logo-Icon.png","contentUrl":"https:\/\/talkpal.ai\/wp-content\/uploads\/2024\/03\/Talkpal-Logo-Icon.png","width":2880,"height":2880,"caption":"Talkpal, Inc."},"image":{"@id":"https:\/\/talkpal.ai\/cs\/#\/schema\/logo\/image\/"},"sameAs":["https:\/\/www.facebook.com\/profile.php?id=100090733639311","https:\/\/x.com\/talkpalai","https:\/\/www.linkedin.com\/company\/talkpal\/","https:\/\/www.youtube.com\/@TalkPal\/","https:\/\/www.tiktok.com\/@talkpal","https:\/\/www.instagram.com\/talkpal_ai\/","https:\/\/www.crunchbase.com\/organization\/talkpal-9cde","https:\/\/www.g2.com\/products\/talkpal-for-business\/","https:\/\/www.trustpilot.com\/review\/talkpal.ai","https:\/\/www.capterra.com\/p\/10006800\/TalkPal\/"],"description":"Talkpal is a language learning web and mobile education app, powered by the latest AI technologies, that provides engaging experiences to its customers in many different languages to help them improve their language skills. Users can chat about unlimited amount of topics with the app and use other modes to practice their language learning.","email":"support@talkpal.ai","legalName":"Talkpal, Inc.","foundingDate":"2023-04-03","duns":"118989042","numberOfEmployees":{"@type":"QuantitativeValue","minValue":"11","maxValue":"50"},"publishingPrinciples":"https:\/\/talkpal.ai\/publishing-principles\/","actionableFeedbackPolicy":"https:\/\/talkpal.ai\/actionable-feedback-policy\/","correctionsPolicy":"https:\/\/talkpal.ai\/corrections-policy\/","ethicsPolicy":"https:\/\/talkpal.ai\/ethics-policy\/","diversityPolicy":"https:\/\/talkpal.ai\/diversity-policy\/","diversityStaffingReport":"https:\/\/talkpal.ai\/diversity-policy\/"}]}},"_links":{"self":[{"href":"https:\/\/talkpal.ai\/cs\/wp-json\/wp\/v2\/pages\/152293","targetHints":{"allow":["GET"]}}],"collection":[{"href":"https:\/\/talkpal.ai\/cs\/wp-json\/wp\/v2\/pages"}],"about":[{"href":"https:\/\/talkpal.ai\/cs\/wp-json\/wp\/v2\/types\/page"}],"author":[{"embeddable":true,"href":"https:\/\/talkpal.ai\/cs\/wp-json\/wp\/v2\/users\/1"}],"replies":[{"embeddable":true,"href":"https:\/\/talkpal.ai\/cs\/wp-json\/wp\/v2\/comments?post=152293"}],"version-history":[{"count":0,"href":"https:\/\/talkpal.ai\/cs\/wp-json\/wp\/v2\/pages\/152293\/revisions"}],"wp:featuredmedia":[{"embeddable":true,"href":"https:\/\/talkpal.ai\/cs\/wp-json\/wp\/v2\/media\/121210"}],"wp:attachment":[{"href":"https:\/\/talkpal.ai\/cs\/wp-json\/wp\/v2\/media?parent=152293"}],"curies":[{"name":"wp","href":"https:\/\/api.w.org\/{rel}","templated":true}]}}