{"id":151948,"date":"2023-05-14T14:22:16","date_gmt":"2023-05-14T14:22:16","guid":{"rendered":"http:\/\/talkpal.ai\/tamilska-gramatika\/"},"modified":"2025-12-12T11:03:25","modified_gmt":"2025-12-12T11:03:25","slug":"tamilska-gramatika","status":"publish","type":"page","link":"https:\/\/talkpal.ai\/cs\/tamilska-gramatika\/","title":{"rendered":"Tamilsk\u00e1 gramatika"},"content":{"rendered":"\r\n\r\n\r\n<section class=\"languageChallengeSection\">\r\n    <div class=\"languageInfoWrapper\">\r\n        \r\n        <h1>Tamilsk\u00e1 gramatika<\/h1>\r\n        <p>Posu\u0148te sv\u00e9 znalosti tamil\u0161tiny na vy\u0161\u0161\u00ed \u00farove\u0148 t\u00edm, \u017ee si osvoj\u00edte z\u00e1klady gramatiky a pokro\u010dil\u00e9 pojmy. Seznamte se s jasn\u00fdmi vysv\u011btlen\u00edmi, praktick\u00fdmi p\u0159\u00edklady a interaktivn\u00edmi cvi\u010den\u00edmi, kter\u00e9 v\u00e1m pomohou z\u00edskat v\u011bt\u0161\u00ed jistotu. Za\u010dn\u011bte se u\u010dit o stavb\u011b v\u011bty, \u010dasov\u00e1n\u00ed sloves a z\u00e1kladn\u00edch pravidlech je\u0161t\u011b dnes. Za\u010dn\u011bte mluvit a ps\u00e1t tamilsky p\u0159esn\u011b a snadno!<\/p>\r\n\r\n                            <a class=\"getStartedHidden\" href=\"https:\/\/app.talkpal.ai\/cs\/signup?lng=\">Za\u010dni<\/a>\r\n        \r\n    <\/div>\r\n\r\n    <figure>\r\n    <img decoding=\"async\" width=\"768\" height=\"768\" src=\"https:\/\/talkpal.ai\/wp-content\/uploads\/2023\/06\/tamil-768x768.png\" class=\"languageImage no-lazy\" alt=\"Language learning for enhanced creativity\" fetchpriority=\"high\" sizes=\"(max-width: 768px) 150px, 768px\" srcset=\"https:\/\/talkpal.ai\/wp-content\/uploads\/2023\/06\/tamil-768x768.png 768w, https:\/\/talkpal.ai\/wp-content\/uploads\/2023\/06\/tamil-300x300.png 300w\" \/>\r\n    \r\n\r\n    <\/figure>\r\n\r\n            <a class=\"getStartedVisible\" href=\"https:\/\/app.talkpal.ai\/cs\/signup?lng=\">Za\u010dni<\/a>\r\n    \r\n<\/section>\r\n<section class=\"promotionalBanner\">\r\n    <p class=\"promotionalText\">Nejefektivn\u011bj\u0161\u00ed <a href=\"https:\/\/talkpal.ai\/best-way-to-learn\/\">zp\u016fsob<\/a>, jak se nau\u010dit jazyk<\/p>\r\n    <a class=\"promotionalLink\" href=\"https:\/\/app.talkpal.ai\/cs\/signup?lng=\">Vyzkou\u0161ejte Talkpal zdarma<\/a>\r\n<\/section>\n<div class=\"wp-block-group pageContainerStyle\"><div class=\"wp-block-group__inner-container is-layout-constrained wp-block-group-is-layout-constrained\">\n<h2 class=\"wp-block-heading\" id=\"h-tamil-grammar-understanding-the-richness-of-the-tamil-language\">Tamilsk\u00e1 gramatika: Porozum\u011bn\u00ed bohatstv\u00ed tamilsk\u00e9ho jazyka<\/h2>\n\n\n\n<p>Kdy\u017e se za\u010dnete u\u010dit tamil\u0161tinu &#8211; jeden z nejstar\u0161\u00edch \u017eiv\u00fdch jazyk\u016f na sv\u011bt\u011b &#8211; je nezbytn\u00e9 odhalit slo\u017eitost a bohatost jej\u00ed gramatiky. <a href=\"https:\/\/talkpal.ai\/learn-tamil\/\">Tamil\u0161tina<\/a>, kter\u00e1 se m\u016f\u017ee pochlubit p\u00edsemnou tradic\u00ed sahaj\u00edc\u00ed v\u00edce ne\u017e 2 000 let do minulosti, z\u016fst\u00e1v\u00e1 prim\u00e1rn\u00edm jazykem 70 milion\u016f mluv\u010d\u00edch po cel\u00e9m sv\u011bt\u011b. Abychom v\u00e1m pomohli <a href=\"https:\/\/talkpal.ai\/ko\/ai-%ec%96%b8%ec%96%b4-%ea%b5%90%ec%82%ac\/\">za\u010d\u00edt<\/a>, tento \u010dl\u00e1nek nasti\u0148uje n\u011bkter\u00e9 kl\u00ed\u010dov\u00e9 aspekty tamilsk\u00e9 gramatiky s konverza\u010dn\u00edm a neform\u00e1ln\u00edm p\u0159\u00edstupem.<\/p>\n\n\n\n<h3 class=\"wp-block-heading\" id=\"h-1-nouns-classifications-and-cases\">1. Podstatn\u00e1 jm\u00e9na \u2013 klasifikace a p\u00e1dy<\/h3>\n\n\n\n<p>V\u00fdznamn\u00fdm aspektem tamilsk\u00e9 gramatiky jsou jej\u00ed podstatn\u00e1 jm\u00e9na, kter\u00e1 jsou klasifikov\u00e1na na z\u00e1klad\u011b rodu (mu\u017esk\u00fd, \u017eensk\u00fd a st\u0159edn\u00ed), \u010d\u00edsla (jednotn\u00e9 a mno\u017en\u00e9 \u010d\u00edslo) a p\u00e1dy (nominativ, akuzativ, dativ, genitiv, lok\u00e1l, instrument\u00e1l, komitativ, abessivn\u00ed a vokativ). A\u010dkoli se to m\u016f\u017ee zd\u00e1t ohromuj\u00edc\u00ed, je to nezbytn\u00e9 pro pochopen\u00ed vztah\u016f mezi slovy ve v\u011bt\u00e1ch a dek\u00f3dov\u00e1n\u00ed logiky tamil\u0161tiny.<\/p>\n\n\n\n<p>Nap\u0159\u00edklad slovo &#8222;kniha&#8220; je v tamil\u0161tin\u011b &#8222;\u0baa\u0bc1\u0ba4\u0bcd\u0ba4\u0b95\u0bae\u0bcd&#8220; (puththakam). Kdy\u017e \u0159eknete &#8222;\u010detl jsem knihu&#8220;, pou\u017eijete akuzativn\u00ed p\u00e1d, kter\u00fd nazna\u010duje, \u017ee kniha je p\u0159edm\u011btem d\u011bje: &#8222;\u0ba8\u0bbe\u0ba9\u0bcd \u0baa\u0bc1\u0ba4\u0bcd\u0ba4\u0b95\u0ba4\u0bcd\u0ba4\u0bc8 \u0bb5\u0bbe\u0b9a\u0bbf\u0b95\u0bcd\u0b95\u0bbf\u0ba9\u0bcd\u0bb1\u0bc7\u0ba9\u0bcd&#8220; (Naan puththakaththai vaasikkiren).<\/p>\n\n\n\n<h3 class=\"wp-block-heading\" id=\"h-2-adjectives-and-pronouns-consistent-harmony\">2. P\u0159\u00eddavn\u00e1 jm\u00e9na a z\u00e1jmena \u2013 konzistentn\u00ed harmonie<\/h3>\n\n\n\n<p>V tamil\u0161tin\u011b se p\u0159\u00eddavn\u00e1 jm\u00e9na (\u0baa\u0ba3\u0bcd\u0baa\u0bc1\u0b9f\u0bc8\u0bae\u0bc8) a z\u00e1jmena (\u0ba4\u0ba9\u0bbf\u0baa\u0bcd\u0baa\u0bca\u0bb0\u0bc1\u0bb3\u0bcd) \u0159\u00edd\u00ed z\u00e1sadn\u00edm pravidlem: mus\u00ed se shodovat v rod\u011b a \u010d\u00edsle s podstatn\u00fdmi jm\u00e9ny, kter\u00e1 upravuj\u00ed. Tato konzistence podporuje jazykovou harmonii a zvy\u0161uje jasnost vyjad\u0159ov\u00e1n\u00ed.<\/p>\n\n\n\n<h3 class=\"wp-block-heading\" id=\"h-3-verbs-conjugation-and-tenses\">3. Slovesa \u2013 \u010dasov\u00e1n\u00ed a \u010dasy<\/h3>\n\n\n\n<p>Tamilsk\u00e1 slovesa hraj\u00ed kl\u00ed\u010dovou roli p\u0159i utv\u00e1\u0159en\u00ed v\u011bt. Slovesa proch\u00e1zej\u00ed \u010dasov\u00e1n\u00edm na z\u00e1klad\u011b osoby, \u010d\u00edsla, \u010dasu, hlasu a n\u00e1lady. Tamil\u0161tina m\u00e1 t\u0159i hlavn\u00ed \u010dasy (minul\u00fd, p\u0159\u00edtomn\u00fd a budouc\u00ed) a t\u0159i zp\u016fsoby (indikativ, rozkazovac\u00ed zp\u016fsob a <a href=\"https:\/\/talkpal.ai\/ja\/grammar_exercises\/konjunktiv-%e3%83%89%e3%82%a4%e3%83%84%e6%96%87%e6%b3%95%e3%81%ae%e6%bc%94%e7%bf%92\/\">konjunktiv<\/a>). Konjugace se m\u016f\u017ee na prvn\u00ed pohled zd\u00e1t skli\u010duj\u00edc\u00ed, ale jej\u00ed zvl\u00e1dnut\u00ed v\u00e1m pom\u016f\u017ee vyj\u00e1d\u0159it mno\u017estv\u00ed emoc\u00ed, akc\u00ed a nuanc\u00ed.<\/p>\n\n\n\n<h3 class=\"wp-block-heading\" id=\"h-4-sentence-structure-word-order-and-agreement\">4. V\u011btn\u00e1 stavba \u2013 slovosled a shoda<\/h3>\n\n\n\n<p>Tamil\u0161tina se \u0159\u00edd\u00ed slovosledem podm\u011bt-objekt-sloveso (SOV), \u010d\u00edm\u017e se li\u0161\u00ed od angli\u010dtiny, kter\u00e1 se \u0159\u00edd\u00ed strukturou podm\u011bt-sloveso-objekt (SVO). Krom\u011b toho <a href=\"https:\/\/talkpal.ai\/tamil-grammar\/\">tamilsk\u00e1 gramatika<\/a> zd\u016fraz\u0148uje shodu slov a zaji\u0161\u0165uje konzistenci mezi podstatn\u00fdmi jm\u00e9ny, p\u0159\u00eddavn\u00fdmi jm\u00e9ny a z\u00e1jmeny.<\/p>\n\n\n\n<p>Nap\u0159\u00edklad v tamil\u0161tin\u011b se v\u011bta &#8222;J\u00ed jablko&#8220; p\u00ed\u0161e jako &#8222;\u0b85\u0bb5\u0bb3\u0bcd \u0b92\u0bb0\u0bc1 \u0b86\u0baa\u0bcd\u0baa\u0bbf\u0bb3\u0bcd \u0b9a\u0bbe\u0baa\u0bcd\u0baa\u0bbf\u0b9f\u0bc1\u0b95\u0bbf\u0bb1\u0bbe\u0bb3\u0bcd&#8220; (Ava\u1e37 oru \u0101ppi\u1e37 s\u0101ppi\u1e6dugi\u1e5f\u0101\u1e37), kde se podstatn\u00e9 jm\u00e9no a sloveso shoduj\u00ed v rod\u011b a \u010d\u00edsle.<\/p>\n\n\n\n<h3 class=\"wp-block-heading\" id=\"h-5-embrace-the-journey\">5. P\u0159ijm\u011bte cestu<\/h3>\n\n\n\n<p>Nau\u010dit se tamilskou gramatiku m\u016f\u017ee b\u00fdt n\u00e1ro\u010dn\u00e9, ale nab\u00edz\u00ed br\u00e1nu k \u017eiv\u00e9 liter\u00e1rn\u00ed tradici a bohat\u00e9mu kulturn\u00edmu d\u011bdictv\u00ed. Nezapome\u0148te, \u017ee je d\u016fle\u017eit\u00e9 postupovat krok za krokem a ocenit slo\u017eitosti, kter\u00e9 d\u011blaj\u00ed tamil\u0161tinu tak v\u00fdjime\u010dnou.<\/p>\n\n\n\n<p>P\u0159i zkoum\u00e1n\u00ed slo\u017eitosti tamilsk\u00e9 gramatiky nezapome\u0148te pravideln\u011b cvi\u010dit, spolupracovat s rodil\u00fdmi mluv\u010d\u00edmi a b\u00fdt k sob\u011b trp\u011bliv\u00ed. S nasazen\u00edm odhal\u00edte kr\u00e1su a bohatstv\u00ed tohoto starobyl\u00e9ho jazyka. \u0b87\u0ba9\u0bbf\u0baf \u0b95\u0bb1\u0bcd\u0bb1\u0bb2\u0bcd &#8211; Iniy ka\u1e5f\u1e5fal (\u0161\u0165astn\u00e9 u\u010den\u00ed)!<\/p>\n<\/div><\/div>\n\r\n<section class=\"learnNavigationSection\">\r\n            \r\n        <a href=\"https:\/\/talkpal.ai\/cs\/naucte-se-tamilsky\/\">\r\n            <div class=\"learnNavigationWrapper\">\r\n                <div class=\"learnNavigationContent\">\r\n                    <img decoding=\"async\" src=\"https:\/\/talkpal.ai\/wp-content\/uploads\/2024\/08\/Tamil.jpg\" alt=\"Indian Simplified Flag\">\r\n                    <div>\r\n                        <h4>O u\u010den\u00ed tamil\u0161tiny<\/h4>\r\n                        <p>Zjist\u011bte v\u0161e o tamilsk\u00e9 gramatice.<\/p>\r\n                    <\/div>\r\n                <\/div>\r\n            <\/div>\r\n        <\/a>\r\n\r\n        \r\n        <a href=\"https:\/\/talkpal.ai\/cs\/cviceni-tamilske-gramatiky\/\">\r\n            <div class=\"learnNavigationWrapper\">\r\n                <div class=\"learnNavigationContent\">\r\n                    <img decoding=\"async\" src=\"https:\/\/talkpal.ai\/wp-content\/uploads\/2024\/08\/Tamil.jpg\" alt=\"Indian Simplified Flag\">\r\n                    <div>\r\n                        <h4>Cvi\u010den\u00ed z tamilsk\u00e9 gramatiky<\/h4>\r\n                        <p>Procvi\u010dte si tamilskou gramatiku.<\/p>\r\n                    <\/div>\r\n                <\/div>\r\n            <\/div>\r\n        <\/a>\r\n\r\n        \r\n        <a href=\"https:\/\/talkpal.ai\/vocabulary_language\/tamil\/\">\r\n            <div class=\"learnNavigationWrapper\">\r\n                <div class=\"learnNavigationContent\">\r\n                    <img decoding=\"async\" src=\"https:\/\/talkpal.ai\/wp-content\/uploads\/2024\/08\/Tamil.jpg\" alt=\"Indian Simplified Flag\">\r\n                    <div>\r\n                        <h4>Tamilsk\u00e1 slovn\u00ed z\u00e1soba<\/h4>\r\n                        <p>Roz\u0161i\u0159te si tamilskou slovn\u00ed z\u00e1sobu.<\/p>\r\n                    <\/div>\r\n                <\/div>\r\n            <\/div>\r\n        <\/a>\r\n\r\n            <\/section>","protected":false},"excerpt":{"rendered":"<p>Tamilsk\u00e1 gramatika: Porozum\u011bn\u00ed bohatstv\u00ed tamilsk\u00e9ho jazyka Kdy\u017e se za\u010dnete u\u010dit tamil\u0161tinu &#8211; jeden z nejstar\u0161\u00edch \u017eiv\u00fdch jazyk\u016f na sv\u011bt\u011b &#8211; je nezbytn\u00e9 odhalit slo\u017eitost a bohatost jej\u00ed gramatiky. Tamil\u0161tina, kter\u00e1 se m\u016f\u017ee pochlubit p\u00edsemnou tradic\u00ed sahaj\u00edc\u00ed v\u00edce ne\u017e 2 000 let do minulosti, z\u016fst\u00e1v\u00e1 prim\u00e1rn\u00edm jazykem 70 milion\u016f mluv\u010d\u00edch po cel\u00e9m sv\u011bt\u011b. Abychom v\u00e1m pomohli [&hellip;]<\/p>\n","protected":false},"author":1,"featured_media":120294,"parent":0,"menu_order":0,"comment_status":"closed","ping_status":"closed","template":"LearningContentPage.php","meta":{"_acf_changed":false,"footnotes":""},"class_list":["post-151948","page","type-page","status-publish","has-post-thumbnail","hentry"],"acf":[],"yoast_head":"<!-- This site is optimized with the Yoast SEO Premium plugin v27.2 (Yoast SEO v27.2) - https:\/\/yoast.com\/product\/yoast-seo-premium-wordpress\/ -->\n<title>Tamilsk\u00e1 gramatika - Talkpal<\/title>\n<meta name=\"description\" content=\"Prozkoumejte z\u00e1klady tamilsk\u00e9 gramatiky a zlep\u0161ete sv\u00e9 znalosti tohoto bohat\u00e9ho jazyka.\" \/>\n<meta name=\"robots\" content=\"index, follow, max-snippet:-1, max-image-preview:large, max-video-preview:-1\" \/>\n<link rel=\"canonical\" href=\"https:\/\/talkpal.ai\/cs\/tamilska-gramatika\/\" \/>\n<meta property=\"og:locale\" content=\"cs_CZ\" \/>\n<meta property=\"og:type\" content=\"article\" \/>\n<meta property=\"og:title\" content=\"Tamilsk\u00e1 gramatika\" \/>\n<meta property=\"og:description\" content=\"Tamilsk\u00e1 gramatika: Porozum\u011bn\u00ed bohatstv\u00ed tamilsk\u00e9ho jazyka Kdy\u017e se za\u010dnete u\u010dit tamil\u0161tinu - jeden z nejstar\u0161\u00edch \u017eiv\u00fdch jazyk\u016f na sv\u011bt\u011b - je nezbytn\u00e9\" \/>\n<meta property=\"og:url\" content=\"https:\/\/talkpal.ai\/cs\/tamilska-gramatika\/\" \/>\n<meta property=\"og:site_name\" content=\"Talkpal\" \/>\n<meta property=\"article:publisher\" content=\"https:\/\/www.facebook.com\/profile.php?id=100090733639311\" \/>\n<meta property=\"article:modified_time\" content=\"2025-12-12T11:03:25+00:00\" \/>\n<meta property=\"og:image\" content=\"https:\/\/talkpal.ai\/wp-content\/uploads\/2023\/05\/Tamil-india.png\" \/>\n\t<meta property=\"og:image:width\" content=\"512\" \/>\n\t<meta property=\"og:image:height\" content=\"512\" \/>\n\t<meta property=\"og:image:type\" content=\"image\/png\" \/>\n<meta name=\"twitter:card\" content=\"summary_large_image\" \/>\n<meta name=\"twitter:site\" content=\"@talkpalai\" \/>\n<meta name=\"twitter:label1\" content=\"Odhadovan\u00e1 doba \u010dten\u00ed\" \/>\n\t<meta name=\"twitter:data1\" content=\"3 minuty\" \/>\n<script type=\"application\/ld+json\" class=\"yoast-schema-graph\">{\"@context\":\"https:\/\/schema.org\",\"@graph\":[{\"@type\":\"WebPage\",\"@id\":\"https:\/\/talkpal.ai\/cs\/tamilska-gramatika\/\",\"url\":\"https:\/\/talkpal.ai\/cs\/tamilska-gramatika\/\",\"name\":\"Tamilsk\u00e1 gramatika - Talkpal\",\"isPartOf\":{\"@id\":\"https:\/\/talkpal.ai\/cs\/#website\"},\"primaryImageOfPage\":{\"@id\":\"https:\/\/talkpal.ai\/cs\/tamilska-gramatika\/#primaryimage\"},\"image\":{\"@id\":\"https:\/\/talkpal.ai\/cs\/tamilska-gramatika\/#primaryimage\"},\"thumbnailUrl\":\"https:\/\/talkpal.ai\/wp-content\/uploads\/2023\/05\/Tamil-india.png\",\"datePublished\":\"2023-05-14T14:22:16+00:00\",\"dateModified\":\"2025-12-12T11:03:25+00:00\",\"description\":\"Prozkoumejte z\u00e1klady tamilsk\u00e9 gramatiky a zlep\u0161ete sv\u00e9 znalosti tohoto bohat\u00e9ho jazyka.\",\"breadcrumb\":{\"@id\":\"https:\/\/talkpal.ai\/cs\/tamilska-gramatika\/#breadcrumb\"},\"inLanguage\":\"cs\",\"potentialAction\":[{\"@type\":\"ReadAction\",\"target\":[\"https:\/\/talkpal.ai\/cs\/tamilska-gramatika\/\"]}]},{\"@type\":\"ImageObject\",\"inLanguage\":\"cs\",\"@id\":\"https:\/\/talkpal.ai\/cs\/tamilska-gramatika\/#primaryimage\",\"url\":\"https:\/\/talkpal.ai\/wp-content\/uploads\/2023\/05\/Tamil-india.png\",\"contentUrl\":\"https:\/\/talkpal.ai\/wp-content\/uploads\/2023\/05\/Tamil-india.png\",\"width\":512,\"height\":512},{\"@type\":\"BreadcrumbList\",\"@id\":\"https:\/\/talkpal.ai\/cs\/tamilska-gramatika\/#breadcrumb\",\"itemListElement\":[{\"@type\":\"ListItem\",\"position\":1,\"name\":\"Homepage\",\"item\":\"https:\/\/talkpal.ai\/cs\/\"},{\"@type\":\"ListItem\",\"position\":2,\"name\":\"Tamilsk\u00e1 gramatika\"}]},{\"@type\":\"WebSite\",\"@id\":\"https:\/\/talkpal.ai\/cs\/#website\",\"url\":\"https:\/\/talkpal.ai\/cs\/\",\"name\":\"Talkpal\",\"description\":\"AI Language Learning\",\"publisher\":{\"@id\":\"https:\/\/talkpal.ai\/cs\/#organization\"},\"alternateName\":\"Talkpal AI\",\"potentialAction\":[{\"@type\":\"SearchAction\",\"target\":{\"@type\":\"EntryPoint\",\"urlTemplate\":\"https:\/\/talkpal.ai\/cs\/?s={search_term_string}\"},\"query-input\":{\"@type\":\"PropertyValueSpecification\",\"valueRequired\":true,\"valueName\":\"search_term_string\"}}],\"inLanguage\":\"cs\"},{\"@type\":\"Organization\",\"@id\":\"https:\/\/talkpal.ai\/cs\/#organization\",\"name\":\"Talkpal, Inc.\",\"alternateName\":\"Talkpal AI\",\"url\":\"https:\/\/talkpal.ai\/cs\/\",\"logo\":{\"@type\":\"ImageObject\",\"inLanguage\":\"cs\",\"@id\":\"https:\/\/talkpal.ai\/cs\/#\/schema\/logo\/image\/\",\"url\":\"https:\/\/talkpal.ai\/wp-content\/uploads\/2024\/03\/Talkpal-Logo-Icon.png\",\"contentUrl\":\"https:\/\/talkpal.ai\/wp-content\/uploads\/2024\/03\/Talkpal-Logo-Icon.png\",\"width\":2880,\"height\":2880,\"caption\":\"Talkpal, Inc.\"},\"image\":{\"@id\":\"https:\/\/talkpal.ai\/cs\/#\/schema\/logo\/image\/\"},\"sameAs\":[\"https:\/\/www.facebook.com\/profile.php?id=100090733639311\",\"https:\/\/x.com\/talkpalai\",\"https:\/\/www.linkedin.com\/company\/talkpal\/\",\"https:\/\/www.youtube.com\/@TalkPal\/\",\"https:\/\/www.tiktok.com\/@talkpal\",\"https:\/\/www.instagram.com\/talkpal_ai\/\",\"https:\/\/www.crunchbase.com\/organization\/talkpal-9cde\",\"https:\/\/www.g2.com\/products\/talkpal-for-business\/\",\"https:\/\/www.trustpilot.com\/review\/talkpal.ai\",\"https:\/\/www.capterra.com\/p\/10006800\/TalkPal\/\"],\"description\":\"Talkpal is a language learning web and mobile education app, powered by the latest AI technologies, that provides engaging experiences to its customers in many different languages to help them improve their language skills. Users can chat about unlimited amount of topics with the app and use other modes to practice their language learning.\",\"email\":\"support@talkpal.ai\",\"legalName\":\"Talkpal, Inc.\",\"foundingDate\":\"2023-04-03\",\"duns\":\"118989042\",\"numberOfEmployees\":{\"@type\":\"QuantitativeValue\",\"minValue\":\"11\",\"maxValue\":\"50\"},\"publishingPrinciples\":\"https:\/\/talkpal.ai\/publishing-principles\/\",\"actionableFeedbackPolicy\":\"https:\/\/talkpal.ai\/actionable-feedback-policy\/\",\"correctionsPolicy\":\"https:\/\/talkpal.ai\/corrections-policy\/\",\"ethicsPolicy\":\"https:\/\/talkpal.ai\/ethics-policy\/\",\"diversityPolicy\":\"https:\/\/talkpal.ai\/diversity-policy\/\",\"diversityStaffingReport\":\"https:\/\/talkpal.ai\/diversity-policy\/\"}]}<\/script>\n<!-- \/ Yoast SEO Premium plugin. -->","yoast_head_json":{"title":"Tamilsk\u00e1 gramatika - Talkpal","description":"Prozkoumejte z\u00e1klady tamilsk\u00e9 gramatiky a zlep\u0161ete sv\u00e9 znalosti tohoto bohat\u00e9ho jazyka.","robots":{"index":"index","follow":"follow","max-snippet":"max-snippet:-1","max-image-preview":"max-image-preview:large","max-video-preview":"max-video-preview:-1"},"canonical":"https:\/\/talkpal.ai\/cs\/tamilska-gramatika\/","og_locale":"cs_CZ","og_type":"article","og_title":"Tamilsk\u00e1 gramatika","og_description":"Tamilsk\u00e1 gramatika: Porozum\u011bn\u00ed bohatstv\u00ed tamilsk\u00e9ho jazyka Kdy\u017e se za\u010dnete u\u010dit tamil\u0161tinu - jeden z nejstar\u0161\u00edch \u017eiv\u00fdch jazyk\u016f na sv\u011bt\u011b - je nezbytn\u00e9","og_url":"https:\/\/talkpal.ai\/cs\/tamilska-gramatika\/","og_site_name":"Talkpal","article_publisher":"https:\/\/www.facebook.com\/profile.php?id=100090733639311","article_modified_time":"2025-12-12T11:03:25+00:00","og_image":[{"width":512,"height":512,"url":"https:\/\/talkpal.ai\/wp-content\/uploads\/2023\/05\/Tamil-india.png","type":"image\/png"}],"twitter_card":"summary_large_image","twitter_site":"@talkpalai","twitter_misc":{"Odhadovan\u00e1 doba \u010dten\u00ed":"3 minuty"},"schema":{"@context":"https:\/\/schema.org","@graph":[{"@type":"WebPage","@id":"https:\/\/talkpal.ai\/cs\/tamilska-gramatika\/","url":"https:\/\/talkpal.ai\/cs\/tamilska-gramatika\/","name":"Tamilsk\u00e1 gramatika - Talkpal","isPartOf":{"@id":"https:\/\/talkpal.ai\/cs\/#website"},"primaryImageOfPage":{"@id":"https:\/\/talkpal.ai\/cs\/tamilska-gramatika\/#primaryimage"},"image":{"@id":"https:\/\/talkpal.ai\/cs\/tamilska-gramatika\/#primaryimage"},"thumbnailUrl":"https:\/\/talkpal.ai\/wp-content\/uploads\/2023\/05\/Tamil-india.png","datePublished":"2023-05-14T14:22:16+00:00","dateModified":"2025-12-12T11:03:25+00:00","description":"Prozkoumejte z\u00e1klady tamilsk\u00e9 gramatiky a zlep\u0161ete sv\u00e9 znalosti tohoto bohat\u00e9ho jazyka.","breadcrumb":{"@id":"https:\/\/talkpal.ai\/cs\/tamilska-gramatika\/#breadcrumb"},"inLanguage":"cs","potentialAction":[{"@type":"ReadAction","target":["https:\/\/talkpal.ai\/cs\/tamilska-gramatika\/"]}]},{"@type":"ImageObject","inLanguage":"cs","@id":"https:\/\/talkpal.ai\/cs\/tamilska-gramatika\/#primaryimage","url":"https:\/\/talkpal.ai\/wp-content\/uploads\/2023\/05\/Tamil-india.png","contentUrl":"https:\/\/talkpal.ai\/wp-content\/uploads\/2023\/05\/Tamil-india.png","width":512,"height":512},{"@type":"BreadcrumbList","@id":"https:\/\/talkpal.ai\/cs\/tamilska-gramatika\/#breadcrumb","itemListElement":[{"@type":"ListItem","position":1,"name":"Homepage","item":"https:\/\/talkpal.ai\/cs\/"},{"@type":"ListItem","position":2,"name":"Tamilsk\u00e1 gramatika"}]},{"@type":"WebSite","@id":"https:\/\/talkpal.ai\/cs\/#website","url":"https:\/\/talkpal.ai\/cs\/","name":"Talkpal","description":"AI Language Learning","publisher":{"@id":"https:\/\/talkpal.ai\/cs\/#organization"},"alternateName":"Talkpal AI","potentialAction":[{"@type":"SearchAction","target":{"@type":"EntryPoint","urlTemplate":"https:\/\/talkpal.ai\/cs\/?s={search_term_string}"},"query-input":{"@type":"PropertyValueSpecification","valueRequired":true,"valueName":"search_term_string"}}],"inLanguage":"cs"},{"@type":"Organization","@id":"https:\/\/talkpal.ai\/cs\/#organization","name":"Talkpal, Inc.","alternateName":"Talkpal AI","url":"https:\/\/talkpal.ai\/cs\/","logo":{"@type":"ImageObject","inLanguage":"cs","@id":"https:\/\/talkpal.ai\/cs\/#\/schema\/logo\/image\/","url":"https:\/\/talkpal.ai\/wp-content\/uploads\/2024\/03\/Talkpal-Logo-Icon.png","contentUrl":"https:\/\/talkpal.ai\/wp-content\/uploads\/2024\/03\/Talkpal-Logo-Icon.png","width":2880,"height":2880,"caption":"Talkpal, Inc."},"image":{"@id":"https:\/\/talkpal.ai\/cs\/#\/schema\/logo\/image\/"},"sameAs":["https:\/\/www.facebook.com\/profile.php?id=100090733639311","https:\/\/x.com\/talkpalai","https:\/\/www.linkedin.com\/company\/talkpal\/","https:\/\/www.youtube.com\/@TalkPal\/","https:\/\/www.tiktok.com\/@talkpal","https:\/\/www.instagram.com\/talkpal_ai\/","https:\/\/www.crunchbase.com\/organization\/talkpal-9cde","https:\/\/www.g2.com\/products\/talkpal-for-business\/","https:\/\/www.trustpilot.com\/review\/talkpal.ai","https:\/\/www.capterra.com\/p\/10006800\/TalkPal\/"],"description":"Talkpal is a language learning web and mobile education app, powered by the latest AI technologies, that provides engaging experiences to its customers in many different languages to help them improve their language skills. Users can chat about unlimited amount of topics with the app and use other modes to practice their language learning.","email":"support@talkpal.ai","legalName":"Talkpal, Inc.","foundingDate":"2023-04-03","duns":"118989042","numberOfEmployees":{"@type":"QuantitativeValue","minValue":"11","maxValue":"50"},"publishingPrinciples":"https:\/\/talkpal.ai\/publishing-principles\/","actionableFeedbackPolicy":"https:\/\/talkpal.ai\/actionable-feedback-policy\/","correctionsPolicy":"https:\/\/talkpal.ai\/corrections-policy\/","ethicsPolicy":"https:\/\/talkpal.ai\/ethics-policy\/","diversityPolicy":"https:\/\/talkpal.ai\/diversity-policy\/","diversityStaffingReport":"https:\/\/talkpal.ai\/diversity-policy\/"}]}},"_links":{"self":[{"href":"https:\/\/talkpal.ai\/cs\/wp-json\/wp\/v2\/pages\/151948","targetHints":{"allow":["GET"]}}],"collection":[{"href":"https:\/\/talkpal.ai\/cs\/wp-json\/wp\/v2\/pages"}],"about":[{"href":"https:\/\/talkpal.ai\/cs\/wp-json\/wp\/v2\/types\/page"}],"author":[{"embeddable":true,"href":"https:\/\/talkpal.ai\/cs\/wp-json\/wp\/v2\/users\/1"}],"replies":[{"embeddable":true,"href":"https:\/\/talkpal.ai\/cs\/wp-json\/wp\/v2\/comments?post=151948"}],"version-history":[{"count":0,"href":"https:\/\/talkpal.ai\/cs\/wp-json\/wp\/v2\/pages\/151948\/revisions"}],"wp:featuredmedia":[{"embeddable":true,"href":"https:\/\/talkpal.ai\/cs\/wp-json\/wp\/v2\/media\/120294"}],"wp:attachment":[{"href":"https:\/\/talkpal.ai\/cs\/wp-json\/wp\/v2\/media?parent=151948"}],"curies":[{"name":"wp","href":"https:\/\/api.w.org\/{rel}","templated":true}]}}