{"id":151444,"date":"2023-05-14T14:20:51","date_gmt":"2023-05-14T14:20:51","guid":{"rendered":"http:\/\/talkpal.ai\/velsska-gramatika\/"},"modified":"2025-12-12T11:00:16","modified_gmt":"2025-12-12T11:00:16","slug":"velsska-gramatika","status":"publish","type":"page","link":"https:\/\/talkpal.ai\/cs\/velsska-gramatika\/","title":{"rendered":"Vel\u0161sk\u00e1 gramatika"},"content":{"rendered":"\r\n\r\n\r\n<section class=\"languageChallengeSection\">\r\n    <div class=\"languageInfoWrapper\">\r\n        \r\n        <h1>Vel\u0161sk\u00e1 gramatika<\/h1>\r\n        <p><a href=\"https:\/\/talkpal.ai\/welsh-grammar\/\">Vel\u0161sk\u00e1 gramatika<\/a> se m\u016f\u017ee zd\u00e1t zpo\u010d\u00e1tku n\u00e1ro\u010dn\u00e1, ale d\u00edky sv\u00fdm jedine\u010dn\u00fdm vlastnostem je u\u010den\u00ed tohoto jazyka obohacuj\u00edc\u00ed zku\u0161enost\u00ed. P\u0159i zkoum\u00e1n\u00ed abecedy, mutac\u00ed a gramatick\u00fdch pravidel z\u00edsk\u00e1te p\u0159ehled o bohat\u00e9 jazykov\u00e9 tradici. Vydejte se na cestu a objevte kr\u00e1sy Walesu!<\/p>\r\n\r\n                            <a class=\"getStartedHidden\" href=\"https:\/\/app.talkpal.ai\/cs\/signup?lng=\">Za\u010dni<\/a>\r\n        \r\n    <\/div>\r\n\r\n    <figure>\r\n    <img decoding=\"async\" width=\"768\" height=\"768\" src=\"https:\/\/talkpal.ai\/wp-content\/uploads\/2023\/06\/welsh-768x768.png\" class=\"languageImage no-lazy\" alt=\"Language learning for better cognitive abilities\" fetchpriority=\"high\" sizes=\"(max-width: 768px) 150px, 768px\" srcset=\"https:\/\/talkpal.ai\/wp-content\/uploads\/2023\/06\/welsh-768x768.png 768w, https:\/\/talkpal.ai\/wp-content\/uploads\/2023\/06\/welsh-300x300.png 300w\" \/>\r\n    \r\n\r\n    <\/figure>\r\n\r\n            <a class=\"getStartedVisible\" href=\"https:\/\/app.talkpal.ai\/cs\/signup?lng=\">Za\u010dni<\/a>\r\n    \r\n<\/section>\r\n<section class=\"promotionalBanner\">\r\n    <p class=\"promotionalText\">Nejefektivn\u011bj\u0161\u00ed <a href=\"https:\/\/talkpal.ai\/best-way-to-learn\/\">zp\u016fsob<\/a>, jak se nau\u010dit jazyk<\/p>\r\n    <a class=\"promotionalLink\" href=\"https:\/\/app.talkpal.ai\/cs\/signup?lng=\">Vyzkou\u0161ejte Talkpal zdarma<\/a>\r\n<\/section>\n<div class=\"wp-block-group pageContainerStyle\"><div class=\"wp-block-group__inner-container is-layout-constrained wp-block-group-is-layout-constrained\">\n<h2 class=\"wp-block-heading\" id=\"h-navigating-the-intricacies-of-welsh-grammar\">Orientace ve spletitosti vel\u0161sk\u00e9 gramatiky<\/h2>\n\n\n\n<p><a href=\"https:\/\/talkpal.ai\/cs\/naucte-se-velstinu\/\">Vel\u0161tina<\/a>, bretonsk\u00fd keltsk\u00fd jazyk s bohatou histori\u00ed a kulturn\u00edm v\u00fdznamem, nab\u00edz\u00ed vzru\u0161uj\u00edc\u00ed jazykov\u00fd z\u00e1\u017eitek pro ty, kte\u0159\u00ed cht\u011bj\u00ed prozkoumat jeho jedine\u010dn\u00fd gramatick\u00fd syst\u00e9m. Kdy\u017e se vyd\u00e1te do oblasti vel\u0161tiny, obohat\u00edte nejen sv\u016fj jazykov\u00fd reperto\u00e1r, ale tak\u00e9 se vyd\u00e1te na fascinuj\u00edc\u00ed kulturn\u00ed cestu. A\u010dkoli se vel\u0161sk\u00e1 gramatika m\u016f\u017ee zd\u00e1t na prvn\u00ed pohled slo\u017eit\u00e1, jej\u00ed rozd\u011blen\u00ed na z\u00e1kladn\u00ed slo\u017eky \u010din\u00ed <a href=\"https:\/\/talkpal.ai\/cs\/talkpal-pro-vzdelavani\/\">u\u010den\u00ed<\/a> jazyka p\u0159\u00edstupn\u011bj\u0161\u00edm. V tomto \u010dl\u00e1nku prozkoum\u00e1me podmaniv\u00fd sv\u011bt vel\u0161sk\u00e9 gramatiky a porad\u00edme v\u00e1m, jak zvl\u00e1dnout jej\u00ed slo\u017eitosti.<\/p>\n\n\n\n<h3 class=\"wp-block-heading\" id=\"h-1-welsh-alphabet-and-phonetics\">1. Vel\u0161sk\u00e1 abeceda a fonetika<\/h3>\n\n\n\n<p>Vel\u0161sk\u00e1 abeceda obsahuje 29 p\u00edsmen, z nich\u017e n\u011bkter\u00e1 jsou pro tento jazyk jedine\u010dn\u00e1, nap\u0159\u00edklad &#8222;ll&#8220;, &#8222;dd&#8220; a &#8222;ff&#8220;. Chcete-li <a href=\"https:\/\/talkpal.ai\/cs\/naucte-se-velstinu\/\">se nau\u010dit vel\u0161skou<\/a> gramatiku, je d\u016fle\u017eit\u00e9 sezn\u00e1mit se s t\u00edmto osobit\u00fdm syst\u00e9mem psan\u00ed procvi\u010dov\u00e1n\u00edm \u010dten\u00ed a psan\u00ed ve vel\u0161tin\u011b.<\/p>\n\n\n\n<h3 class=\"wp-block-heading\" id=\"h-2-mutations-a-peculiar-welsh-feature\">2. Mutace: Zvl\u00e1\u0161tn\u00ed vel\u0161sk\u00fd rys<\/h3>\n\n\n\n<p>Jedn\u00edm z nejpozoruhodn\u011bj\u0161\u00edch aspekt\u016f vel\u0161sk\u00e9 gramatiky je v\u00fdskyt mutac\u00ed, kter\u00e9 zahrnuj\u00ed zm\u011bny po\u010d\u00e1te\u010dn\u00ed souhl\u00e1sky slova. Ve vel\u0161tin\u011b existuj\u00ed t\u0159i z\u00e1kladn\u00ed typy mutac\u00ed: m\u011bkk\u00e1 mutace, nosn\u00ed mutace a aspira\u010dn\u00ed mutace. Pochopen\u00ed toho, kdy a jak k t\u011bmto mutac\u00edm doch\u00e1z\u00ed, je z\u00e1sadn\u00ed pro p\u0159esnou komunikaci ve vel\u0161tin\u011b.<\/p>\n\n\n\n<h3 class=\"wp-block-heading\" id=\"h-3-nouns-and-pronouns-gender-and-cases\">3. Podstatn\u00e1 jm\u00e9na a z\u00e1jmena: rod a p\u00e1dy<\/h3>\n\n\n\n<p>Vel\u0161sk\u00e1 podstatn\u00e1 jm\u00e9na maj\u00ed gramatick\u00fd rod (mu\u017esk\u00fd nebo \u017eensk\u00fd) a mohou se \u0159\u00eddit r\u016fzn\u00fdmi pravidly pro tvorbu mno\u017en\u00e9ho \u010d\u00edsla na z\u00e1klad\u011b jejich rodu. Z\u00e1jmena ve vel\u0161tin\u011b zahrnuj\u00ed osobn\u00ed, p\u0159ivlast\u0148ovac\u00ed, reflexivn\u00ed, ukazovac\u00ed a t\u00e1zac\u00ed z\u00e1jmena. Sezn\u00e1men\u00ed se s t\u011bmito z\u00e1jmeny a jejich tvary v\u00fdrazn\u011b zlep\u0161\u00ed va\u0161e porozum\u011bn\u00ed vel\u0161sk\u00e9 gramatice.<\/p>\n\n\n\n<h3 class=\"wp-block-heading\" id=\"h-4-verbs-structure-and-conjugation\">4. Slovesa: struktura a \u010dasov\u00e1n\u00ed<\/h3>\n\n\n\n<p>Vel\u0161sk\u00e1 slovesa maj\u00ed jedine\u010dnou strukturu a vzor \u010dasov\u00e1n\u00ed v z\u00e1vislosti na \u010dase, n\u00e1lad\u011b a osob\u011b. Z\u00e1kladn\u00ed \u010dasy ve vel\u0161tin\u011b jsou p\u0159\u00edtomn\u00fd, minul\u00fd a budouc\u00ed, s dal\u0161\u00edmi prvky, jako jsou podmi\u0148ovac\u00ed a rozkazovac\u00ed zp\u016fsob. Nau\u010dte se pravidla \u010dasov\u00e1n\u00ed sloves a zlep\u0161\u00edte svou schopnost efektivn\u011b komunikovat ve vel\u0161tin\u011b.<\/p>\n\n\n\n<h3 class=\"wp-block-heading\" id=\"h-5-adjectives-agreement-and-placement\">5. P\u0159\u00eddavn\u00e1 jm\u00e9na: Shoda a um\u00edst\u011bn\u00ed<\/h3>\n\n\n\n<p>Ve vel\u0161sk\u00e9 gramatice p\u0159\u00eddavn\u00e1 jm\u00e9na obvykle n\u00e1sleduj\u00ed po podstatn\u00e9m jm\u00e9nu, kter\u00e9 modifikuj\u00ed, a m\u011bla by se shodovat v \u010d\u00edsle s podstatn\u00fdm jm\u00e9nem. N\u011bkter\u00e1 p\u0159\u00eddavn\u00e1 jm\u00e9na ve vel\u0161tin\u011b vykazuj\u00ed nepravideln\u00e9 komparativy a superlativy, kter\u00e9 jsou nezbytn\u00e9 pro to, abychom se nau\u010dili komunikovat p\u0159irozen\u011bji.<\/p>\n\n\n\n<p><strong>P\u0159\u00edklady:<\/strong><\/p>\n\n\n\n<p><strong>&#8211; cariad mawr (velk\u00e1 l\u00e1ska)<\/strong><\/p>\n\n\n\n<p><strong>&#8211; rostlina bach (mal\u00e9 d\u011bti)<\/strong><\/p>\n\n\n\n<h3 class=\"wp-block-heading\" id=\"h-6-engaging-with-the-language\">6. Zapojen\u00ed do jazyka<\/h3>\n\n\n\n<p>Nej\u00fa\u010dinn\u011bj\u0161\u00edm zp\u016fsobem, jak pln\u011b porozum\u011bt a osvojit si vel\u0161skou gramatiku, je d\u016fsledn\u011b se s jazykem zapojit. \u010cten\u00edm vel\u0161sk\u00e9 literatury, sledov\u00e1n\u00edm vel\u0161sk\u00fdch film\u016f nebo televizn\u00edch seri\u00e1l\u016f a aktivn\u00ed komunikac\u00ed s rodil\u00fdmi mluv\u010d\u00edmi si pos\u00edl\u00edte porozum\u011bn\u00ed gramatice a z\u00e1rove\u0148 si roz\u0161\u00ed\u0159\u00edte slovn\u00ed z\u00e1sobu.<\/p>\n\n\n\n<h3 class=\"wp-block-heading\" id=\"h-conclusion\">Z\u00e1v\u011br<\/h3>\n\n\n\n<p>A\u010dkoli se vel\u0161sk\u00e1 gramatika m\u016f\u017ee zd\u00e1t slo\u017eit\u00e1, s odhodl\u00e1n\u00edm, prax\u00ed a nad\u0161en\u00edm se m\u016f\u017eete v tomto kr\u00e1sn\u00e9m jazyce zdokonalit. Zam\u011b\u0159en\u00edm se na z\u00e1kladn\u00ed pravidla a na pr\u00e1ci s jazykem v r\u016fzn\u00fdch kontextech rychle zlep\u0161\u00edte sv\u00e9 <a href=\"https:\/\/talkpal.ai\/cs\/gramatika\/\">znalosti vel\u0161sk\u00e9 gramatiky<\/a>. Pob lwc (hodn\u011b \u0161t\u011bst\u00ed) na va\u0161\u00ed cest\u011b za vel\u0161sk\u00fdm jazykem a u\u017eijte si odhalov\u00e1n\u00ed tajemn\u00e9ho, ale podmaniv\u00e9ho sv\u011bta vel\u0161sk\u00e9 gramatiky!<\/p>\n<\/div><\/div>\n\r\n<section class=\"learnNavigationSection\">\r\n            \r\n        <a href=\"https:\/\/talkpal.ai\/cs\/naucte-se-velstinu\/\">\r\n            <div class=\"learnNavigationWrapper\">\r\n                <div class=\"learnNavigationContent\">\r\n                    <img decoding=\"async\" src=\"https:\/\/talkpal.ai\/wp-content\/uploads\/2024\/08\/Welsh.jpg\" alt=\"Welsh Flag\">\r\n                    <div>\r\n                        <h4>O vel\u0161sk\u00e9m vzd\u011bl\u00e1v\u00e1n\u00ed<\/h4>\r\n                        <p>Zjist\u011bte v\u0161e o vel\u0161sk\u00e9 gramatice.<\/p>\r\n                    <\/div>\r\n                <\/div>\r\n            <\/div>\r\n        <\/a>\r\n\r\n        \r\n        <a href=\"https:\/\/talkpal.ai\/cs\/velsska-gramaticka-cviceni\/\">\r\n            <div class=\"learnNavigationWrapper\">\r\n                <div class=\"learnNavigationContent\">\r\n                    <img decoding=\"async\" src=\"https:\/\/talkpal.ai\/wp-content\/uploads\/2024\/08\/Welsh.jpg\" alt=\"Welsh Flag\">\r\n                    <div>\r\n                        <h4>Cvi\u010den\u00ed z vel\u0161sk\u00e9 gramatiky<\/h4>\r\n                        <p>Procvi\u010dte si vel\u0161skou gramatiku.<\/p>\r\n                    <\/div>\r\n                <\/div>\r\n            <\/div>\r\n        <\/a>\r\n\r\n        \r\n        <a href=\"https:\/\/talkpal.ai\/vocabulary_language\/welsh\/\">\r\n            <div class=\"learnNavigationWrapper\">\r\n                <div class=\"learnNavigationContent\">\r\n                    <img decoding=\"async\" src=\"https:\/\/talkpal.ai\/wp-content\/uploads\/2024\/08\/Welsh.jpg\" alt=\"Welsh Flag\">\r\n                    <div>\r\n                        <h4>Vel\u0161sk\u00e1 slovn\u00ed z\u00e1soba<\/h4>\r\n                        <p>Roz\u0161i\u0159te si slovn\u00ed z\u00e1sobu vel\u0161tiny.<\/p>\r\n                    <\/div>\r\n                <\/div>\r\n            <\/div>\r\n        <\/a>\r\n\r\n            <\/section>","protected":false},"excerpt":{"rendered":"<p>Orientace ve spletitosti vel\u0161sk\u00e9 gramatiky Vel\u0161tina, bretonsk\u00fd keltsk\u00fd jazyk s bohatou histori\u00ed a kulturn\u00edm v\u00fdznamem, nab\u00edz\u00ed vzru\u0161uj\u00edc\u00ed jazykov\u00fd z\u00e1\u017eitek pro ty, kte\u0159\u00ed cht\u011bj\u00ed prozkoumat jeho jedine\u010dn\u00fd gramatick\u00fd syst\u00e9m. Kdy\u017e se vyd\u00e1te do oblasti vel\u0161tiny, obohat\u00edte nejen sv\u016fj jazykov\u00fd reperto\u00e1r, ale tak\u00e9 se vyd\u00e1te na fascinuj\u00edc\u00ed kulturn\u00ed cestu. A\u010dkoli se vel\u0161sk\u00e1 gramatika m\u016f\u017ee zd\u00e1t na prvn\u00ed [&hellip;]<\/p>\n","protected":false},"author":1,"featured_media":121514,"parent":0,"menu_order":0,"comment_status":"closed","ping_status":"closed","template":"LearningContentPage.php","meta":{"_acf_changed":false,"footnotes":""},"class_list":["post-151444","page","type-page","status-publish","has-post-thumbnail","hentry"],"acf":[],"yoast_head":"<!-- This site is optimized with the Yoast SEO Premium plugin v27.2 (Yoast SEO v27.2) - https:\/\/yoast.com\/product\/yoast-seo-premium-wordpress\/ -->\n<title>Vel\u0161sk\u00e1 gramatika - Talkpal<\/title>\n<meta name=\"description\" content=\"Prozkoumejte slo\u017eitosti vel\u0161sk\u00e9 gramatiky a odhalte tajemstv\u00ed tohoto jedine\u010dn\u00e9ho keltsk\u00e9ho jazyka. Vydejte se na cestu je\u0161t\u011b dnes.\" \/>\n<meta name=\"robots\" content=\"index, follow, max-snippet:-1, max-image-preview:large, max-video-preview:-1\" \/>\n<link rel=\"canonical\" href=\"https:\/\/talkpal.ai\/cs\/velsska-gramatika\/\" \/>\n<meta property=\"og:locale\" content=\"cs_CZ\" \/>\n<meta property=\"og:type\" content=\"article\" \/>\n<meta property=\"og:title\" content=\"Vel\u0161sk\u00e1 gramatika\" \/>\n<meta property=\"og:description\" content=\"Orientace ve spletitosti vel\u0161sk\u00e9 gramatiky Vel\u0161tina, bretonsk\u00fd keltsk\u00fd jazyk s bohatou histori\u00ed a kulturn\u00edm v\u00fdznamem, nab\u00edz\u00ed vzru\u0161uj\u00edc\u00ed jazykov\u00fd z\u00e1\u017eitek\" \/>\n<meta property=\"og:url\" content=\"https:\/\/talkpal.ai\/cs\/velsska-gramatika\/\" \/>\n<meta property=\"og:site_name\" content=\"Talkpal\" \/>\n<meta property=\"article:publisher\" content=\"https:\/\/www.facebook.com\/profile.php?id=100090733639311\" \/>\n<meta property=\"article:modified_time\" content=\"2025-12-12T11:00:16+00:00\" \/>\n<meta property=\"og:image\" content=\"https:\/\/talkpal.ai\/wp-content\/uploads\/2023\/05\/Wales.png\" \/>\n\t<meta property=\"og:image:width\" content=\"512\" \/>\n\t<meta property=\"og:image:height\" content=\"512\" \/>\n\t<meta property=\"og:image:type\" content=\"image\/png\" \/>\n<meta name=\"twitter:card\" content=\"summary_large_image\" \/>\n<meta name=\"twitter:site\" content=\"@talkpalai\" \/>\n<meta name=\"twitter:label1\" content=\"Odhadovan\u00e1 doba \u010dten\u00ed\" \/>\n\t<meta name=\"twitter:data1\" content=\"3 minuty\" \/>\n<script type=\"application\/ld+json\" class=\"yoast-schema-graph\">{\"@context\":\"https:\/\/schema.org\",\"@graph\":[{\"@type\":\"WebPage\",\"@id\":\"https:\/\/talkpal.ai\/cs\/velsska-gramatika\/\",\"url\":\"https:\/\/talkpal.ai\/cs\/velsska-gramatika\/\",\"name\":\"Vel\u0161sk\u00e1 gramatika - Talkpal\",\"isPartOf\":{\"@id\":\"https:\/\/talkpal.ai\/cs\/#website\"},\"primaryImageOfPage\":{\"@id\":\"https:\/\/talkpal.ai\/cs\/velsska-gramatika\/#primaryimage\"},\"image\":{\"@id\":\"https:\/\/talkpal.ai\/cs\/velsska-gramatika\/#primaryimage\"},\"thumbnailUrl\":\"https:\/\/talkpal.ai\/wp-content\/uploads\/2023\/05\/Wales.png\",\"datePublished\":\"2023-05-14T14:20:51+00:00\",\"dateModified\":\"2025-12-12T11:00:16+00:00\",\"description\":\"Prozkoumejte slo\u017eitosti vel\u0161sk\u00e9 gramatiky a odhalte tajemstv\u00ed tohoto jedine\u010dn\u00e9ho keltsk\u00e9ho jazyka. Vydejte se na cestu je\u0161t\u011b dnes.\",\"breadcrumb\":{\"@id\":\"https:\/\/talkpal.ai\/cs\/velsska-gramatika\/#breadcrumb\"},\"inLanguage\":\"cs\",\"potentialAction\":[{\"@type\":\"ReadAction\",\"target\":[\"https:\/\/talkpal.ai\/cs\/velsska-gramatika\/\"]}]},{\"@type\":\"ImageObject\",\"inLanguage\":\"cs\",\"@id\":\"https:\/\/talkpal.ai\/cs\/velsska-gramatika\/#primaryimage\",\"url\":\"https:\/\/talkpal.ai\/wp-content\/uploads\/2023\/05\/Wales.png\",\"contentUrl\":\"https:\/\/talkpal.ai\/wp-content\/uploads\/2023\/05\/Wales.png\",\"width\":512,\"height\":512},{\"@type\":\"BreadcrumbList\",\"@id\":\"https:\/\/talkpal.ai\/cs\/velsska-gramatika\/#breadcrumb\",\"itemListElement\":[{\"@type\":\"ListItem\",\"position\":1,\"name\":\"Homepage\",\"item\":\"https:\/\/talkpal.ai\/cs\/\"},{\"@type\":\"ListItem\",\"position\":2,\"name\":\"Vel\u0161sk\u00e1 gramatika\"}]},{\"@type\":\"WebSite\",\"@id\":\"https:\/\/talkpal.ai\/cs\/#website\",\"url\":\"https:\/\/talkpal.ai\/cs\/\",\"name\":\"Talkpal\",\"description\":\"AI Language Learning\",\"publisher\":{\"@id\":\"https:\/\/talkpal.ai\/cs\/#organization\"},\"alternateName\":\"Talkpal AI\",\"potentialAction\":[{\"@type\":\"SearchAction\",\"target\":{\"@type\":\"EntryPoint\",\"urlTemplate\":\"https:\/\/talkpal.ai\/cs\/?s={search_term_string}\"},\"query-input\":{\"@type\":\"PropertyValueSpecification\",\"valueRequired\":true,\"valueName\":\"search_term_string\"}}],\"inLanguage\":\"cs\"},{\"@type\":\"Organization\",\"@id\":\"https:\/\/talkpal.ai\/cs\/#organization\",\"name\":\"Talkpal, Inc.\",\"alternateName\":\"Talkpal AI\",\"url\":\"https:\/\/talkpal.ai\/cs\/\",\"logo\":{\"@type\":\"ImageObject\",\"inLanguage\":\"cs\",\"@id\":\"https:\/\/talkpal.ai\/cs\/#\/schema\/logo\/image\/\",\"url\":\"https:\/\/talkpal.ai\/wp-content\/uploads\/2024\/03\/Talkpal-Logo-Icon.png\",\"contentUrl\":\"https:\/\/talkpal.ai\/wp-content\/uploads\/2024\/03\/Talkpal-Logo-Icon.png\",\"width\":2880,\"height\":2880,\"caption\":\"Talkpal, Inc.\"},\"image\":{\"@id\":\"https:\/\/talkpal.ai\/cs\/#\/schema\/logo\/image\/\"},\"sameAs\":[\"https:\/\/www.facebook.com\/profile.php?id=100090733639311\",\"https:\/\/x.com\/talkpalai\",\"https:\/\/www.linkedin.com\/company\/talkpal\/\",\"https:\/\/www.youtube.com\/@TalkPal\/\",\"https:\/\/www.tiktok.com\/@talkpal\",\"https:\/\/www.instagram.com\/talkpal_ai\/\",\"https:\/\/www.crunchbase.com\/organization\/talkpal-9cde\",\"https:\/\/www.g2.com\/products\/talkpal-for-business\/\",\"https:\/\/www.trustpilot.com\/review\/talkpal.ai\",\"https:\/\/www.capterra.com\/p\/10006800\/TalkPal\/\"],\"description\":\"Talkpal is a language learning web and mobile education app, powered by the latest AI technologies, that provides engaging experiences to its customers in many different languages to help them improve their language skills. Users can chat about unlimited amount of topics with the app and use other modes to practice their language learning.\",\"email\":\"support@talkpal.ai\",\"legalName\":\"Talkpal, Inc.\",\"foundingDate\":\"2023-04-03\",\"duns\":\"118989042\",\"numberOfEmployees\":{\"@type\":\"QuantitativeValue\",\"minValue\":\"11\",\"maxValue\":\"50\"},\"publishingPrinciples\":\"https:\/\/talkpal.ai\/publishing-principles\/\",\"actionableFeedbackPolicy\":\"https:\/\/talkpal.ai\/actionable-feedback-policy\/\",\"correctionsPolicy\":\"https:\/\/talkpal.ai\/corrections-policy\/\",\"ethicsPolicy\":\"https:\/\/talkpal.ai\/ethics-policy\/\",\"diversityPolicy\":\"https:\/\/talkpal.ai\/diversity-policy\/\",\"diversityStaffingReport\":\"https:\/\/talkpal.ai\/diversity-policy\/\"}]}<\/script>\n<!-- \/ Yoast SEO Premium plugin. -->","yoast_head_json":{"title":"Vel\u0161sk\u00e1 gramatika - Talkpal","description":"Prozkoumejte slo\u017eitosti vel\u0161sk\u00e9 gramatiky a odhalte tajemstv\u00ed tohoto jedine\u010dn\u00e9ho keltsk\u00e9ho jazyka. Vydejte se na cestu je\u0161t\u011b dnes.","robots":{"index":"index","follow":"follow","max-snippet":"max-snippet:-1","max-image-preview":"max-image-preview:large","max-video-preview":"max-video-preview:-1"},"canonical":"https:\/\/talkpal.ai\/cs\/velsska-gramatika\/","og_locale":"cs_CZ","og_type":"article","og_title":"Vel\u0161sk\u00e1 gramatika","og_description":"Orientace ve spletitosti vel\u0161sk\u00e9 gramatiky Vel\u0161tina, bretonsk\u00fd keltsk\u00fd jazyk s bohatou histori\u00ed a kulturn\u00edm v\u00fdznamem, nab\u00edz\u00ed vzru\u0161uj\u00edc\u00ed jazykov\u00fd z\u00e1\u017eitek","og_url":"https:\/\/talkpal.ai\/cs\/velsska-gramatika\/","og_site_name":"Talkpal","article_publisher":"https:\/\/www.facebook.com\/profile.php?id=100090733639311","article_modified_time":"2025-12-12T11:00:16+00:00","og_image":[{"width":512,"height":512,"url":"https:\/\/talkpal.ai\/wp-content\/uploads\/2023\/05\/Wales.png","type":"image\/png"}],"twitter_card":"summary_large_image","twitter_site":"@talkpalai","twitter_misc":{"Odhadovan\u00e1 doba \u010dten\u00ed":"3 minuty"},"schema":{"@context":"https:\/\/schema.org","@graph":[{"@type":"WebPage","@id":"https:\/\/talkpal.ai\/cs\/velsska-gramatika\/","url":"https:\/\/talkpal.ai\/cs\/velsska-gramatika\/","name":"Vel\u0161sk\u00e1 gramatika - Talkpal","isPartOf":{"@id":"https:\/\/talkpal.ai\/cs\/#website"},"primaryImageOfPage":{"@id":"https:\/\/talkpal.ai\/cs\/velsska-gramatika\/#primaryimage"},"image":{"@id":"https:\/\/talkpal.ai\/cs\/velsska-gramatika\/#primaryimage"},"thumbnailUrl":"https:\/\/talkpal.ai\/wp-content\/uploads\/2023\/05\/Wales.png","datePublished":"2023-05-14T14:20:51+00:00","dateModified":"2025-12-12T11:00:16+00:00","description":"Prozkoumejte slo\u017eitosti vel\u0161sk\u00e9 gramatiky a odhalte tajemstv\u00ed tohoto jedine\u010dn\u00e9ho keltsk\u00e9ho jazyka. Vydejte se na cestu je\u0161t\u011b dnes.","breadcrumb":{"@id":"https:\/\/talkpal.ai\/cs\/velsska-gramatika\/#breadcrumb"},"inLanguage":"cs","potentialAction":[{"@type":"ReadAction","target":["https:\/\/talkpal.ai\/cs\/velsska-gramatika\/"]}]},{"@type":"ImageObject","inLanguage":"cs","@id":"https:\/\/talkpal.ai\/cs\/velsska-gramatika\/#primaryimage","url":"https:\/\/talkpal.ai\/wp-content\/uploads\/2023\/05\/Wales.png","contentUrl":"https:\/\/talkpal.ai\/wp-content\/uploads\/2023\/05\/Wales.png","width":512,"height":512},{"@type":"BreadcrumbList","@id":"https:\/\/talkpal.ai\/cs\/velsska-gramatika\/#breadcrumb","itemListElement":[{"@type":"ListItem","position":1,"name":"Homepage","item":"https:\/\/talkpal.ai\/cs\/"},{"@type":"ListItem","position":2,"name":"Vel\u0161sk\u00e1 gramatika"}]},{"@type":"WebSite","@id":"https:\/\/talkpal.ai\/cs\/#website","url":"https:\/\/talkpal.ai\/cs\/","name":"Talkpal","description":"AI Language Learning","publisher":{"@id":"https:\/\/talkpal.ai\/cs\/#organization"},"alternateName":"Talkpal AI","potentialAction":[{"@type":"SearchAction","target":{"@type":"EntryPoint","urlTemplate":"https:\/\/talkpal.ai\/cs\/?s={search_term_string}"},"query-input":{"@type":"PropertyValueSpecification","valueRequired":true,"valueName":"search_term_string"}}],"inLanguage":"cs"},{"@type":"Organization","@id":"https:\/\/talkpal.ai\/cs\/#organization","name":"Talkpal, Inc.","alternateName":"Talkpal AI","url":"https:\/\/talkpal.ai\/cs\/","logo":{"@type":"ImageObject","inLanguage":"cs","@id":"https:\/\/talkpal.ai\/cs\/#\/schema\/logo\/image\/","url":"https:\/\/talkpal.ai\/wp-content\/uploads\/2024\/03\/Talkpal-Logo-Icon.png","contentUrl":"https:\/\/talkpal.ai\/wp-content\/uploads\/2024\/03\/Talkpal-Logo-Icon.png","width":2880,"height":2880,"caption":"Talkpal, Inc."},"image":{"@id":"https:\/\/talkpal.ai\/cs\/#\/schema\/logo\/image\/"},"sameAs":["https:\/\/www.facebook.com\/profile.php?id=100090733639311","https:\/\/x.com\/talkpalai","https:\/\/www.linkedin.com\/company\/talkpal\/","https:\/\/www.youtube.com\/@TalkPal\/","https:\/\/www.tiktok.com\/@talkpal","https:\/\/www.instagram.com\/talkpal_ai\/","https:\/\/www.crunchbase.com\/organization\/talkpal-9cde","https:\/\/www.g2.com\/products\/talkpal-for-business\/","https:\/\/www.trustpilot.com\/review\/talkpal.ai","https:\/\/www.capterra.com\/p\/10006800\/TalkPal\/"],"description":"Talkpal is a language learning web and mobile education app, powered by the latest AI technologies, that provides engaging experiences to its customers in many different languages to help them improve their language skills. Users can chat about unlimited amount of topics with the app and use other modes to practice their language learning.","email":"support@talkpal.ai","legalName":"Talkpal, Inc.","foundingDate":"2023-04-03","duns":"118989042","numberOfEmployees":{"@type":"QuantitativeValue","minValue":"11","maxValue":"50"},"publishingPrinciples":"https:\/\/talkpal.ai\/publishing-principles\/","actionableFeedbackPolicy":"https:\/\/talkpal.ai\/actionable-feedback-policy\/","correctionsPolicy":"https:\/\/talkpal.ai\/corrections-policy\/","ethicsPolicy":"https:\/\/talkpal.ai\/ethics-policy\/","diversityPolicy":"https:\/\/talkpal.ai\/diversity-policy\/","diversityStaffingReport":"https:\/\/talkpal.ai\/diversity-policy\/"}]}},"_links":{"self":[{"href":"https:\/\/talkpal.ai\/cs\/wp-json\/wp\/v2\/pages\/151444","targetHints":{"allow":["GET"]}}],"collection":[{"href":"https:\/\/talkpal.ai\/cs\/wp-json\/wp\/v2\/pages"}],"about":[{"href":"https:\/\/talkpal.ai\/cs\/wp-json\/wp\/v2\/types\/page"}],"author":[{"embeddable":true,"href":"https:\/\/talkpal.ai\/cs\/wp-json\/wp\/v2\/users\/1"}],"replies":[{"embeddable":true,"href":"https:\/\/talkpal.ai\/cs\/wp-json\/wp\/v2\/comments?post=151444"}],"version-history":[{"count":0,"href":"https:\/\/talkpal.ai\/cs\/wp-json\/wp\/v2\/pages\/151444\/revisions"}],"wp:featuredmedia":[{"embeddable":true,"href":"https:\/\/talkpal.ai\/cs\/wp-json\/wp\/v2\/media\/121514"}],"wp:attachment":[{"href":"https:\/\/talkpal.ai\/cs\/wp-json\/wp\/v2\/media?parent=151444"}],"curies":[{"name":"wp","href":"https:\/\/api.w.org\/{rel}","templated":true}]}}