{"id":150890,"date":"2023-05-14T14:20:10","date_gmt":"2023-05-14T14:20:10","guid":{"rendered":"http:\/\/talkpal.ai\/slovinska-gramatika\/"},"modified":"2025-12-12T11:08:26","modified_gmt":"2025-12-12T11:08:26","slug":"slovinska-gramatika","status":"publish","type":"page","link":"https:\/\/talkpal.ai\/cs\/slovinska-gramatika\/","title":{"rendered":"Slovinsk\u00e1 gramatika"},"content":{"rendered":"\r\n\r\n\r\n<section class=\"languageChallengeSection\">\r\n    <div class=\"languageInfoWrapper\">\r\n        \r\n        <h1>Slovinsk\u00e1 gramatika<\/h1>\r\n        <p>Odhalte osobit\u00fd p\u016fvab slovinsk\u00e9ho jazyka t\u00edm, \u017ee si osvoj\u00edte jeho z\u00e1kladn\u00ed gramatick\u00e1 pravidla. S dobrou znalost\u00ed slovinsk\u00e9 gramatiky budete schopni nav\u00e1zat kontakt s rodil\u00fdmi mluv\u010d\u00edmi a l\u00e9pe ocenit bohat\u00e9 kulturn\u00ed d\u011bdictv\u00ed zem\u011b. Za\u010dn\u011bte se u\u010dit slovinskou gramatiku je\u0161t\u011b dnes a ud\u011blejte prvn\u00ed krok k plynulosti jazyka!<\/p>\r\n\r\n                            <a class=\"getStartedHidden\" href=\"https:\/\/app.talkpal.ai\/cs\/signup?lng=\">Za\u010dni<\/a>\r\n        \r\n    <\/div>\r\n\r\n    <figure>\r\n    <img decoding=\"async\" width=\"768\" height=\"768\" src=\"https:\/\/talkpal.ai\/wp-content\/uploads\/2023\/06\/slovenian-768x768.png\" class=\"languageImage no-lazy\" alt=\"Language learning for broader perspectives\" fetchpriority=\"high\" sizes=\"(max-width: 768px) 150px, 768px\" srcset=\"https:\/\/talkpal.ai\/wp-content\/uploads\/2023\/06\/slovenian-768x768.png 768w, https:\/\/talkpal.ai\/wp-content\/uploads\/2023\/06\/slovenian-300x300.png 300w\" \/>\r\n    \r\n\r\n    <\/figure>\r\n\r\n            <a class=\"getStartedVisible\" href=\"https:\/\/app.talkpal.ai\/cs\/signup?lng=\">Za\u010dni<\/a>\r\n    \r\n<\/section>\r\n<section class=\"promotionalBanner\">\r\n    <p class=\"promotionalText\">Nejefektivn\u011bj\u0161\u00ed zp\u016fsob, jak se nau\u010dit jazyk<\/p>\r\n    <a class=\"promotionalLink\" href=\"https:\/\/app.talkpal.ai\/cs\/signup?lng=\">Vyzkou\u0161ejte Talkpal zdarma<\/a>\r\n<\/section>\n<div class=\"wp-block-group pageContainerStyle\"><div class=\"wp-block-group__inner-container is-layout-constrained wp-block-group-is-layout-constrained\">\n<h1 class=\"wp-block-heading\" id=\"h-slovenian-grammar-a-short-introduction-for-language-lovers\">Slovinsk\u00e1 gramatika: Kr\u00e1tk\u00fd \u00favod pro milovn\u00edky jazyk\u016f<\/h1>\n\n\n\n<p>Jste p\u0159ipraveni pono\u0159it se do okouzluj\u00edc\u00edho sv\u011bta slovin\u0161tiny, \u00fa\u017easn\u00e9ho slovansk\u00e9ho jazyka? \u010cek\u00e1 v\u00e1s z\u00e1\u017eitek! Tento kr\u00e1tk\u00fd pr\u016fvodce v\u00e1m umo\u017en\u00ed nahl\u00e9dnout do slovinsk\u00e9 gramatiky, kter\u00e1 je nezbytn\u00e1 pro pochopen\u00ed a zvl\u00e1dnut\u00ed tohoto podmaniv\u00e9ho jazyka. Vydejme se tedy na toto jazykov\u00e9 dobrodru\u017estv\u00ed a prozkoumejme krok za krokem slo\u017eitosti slovinsk\u00e9 gramatiky.<\/p>\n\n\n\n<p>Slovin\u0161tinou, zn\u00e1mou tak\u00e9 jako slovin\u0161tina, mluv\u00ed ve Slovinsku p\u0159ev\u00e1\u017en\u011b p\u0159ibli\u017en\u011b 2,5 milionu lid\u00ed. Jako jihoslovansk\u00fd jazyk sd\u00edl\u00ed n\u011bkolik rys\u016f se sv\u00fdmi bl\u00edzk\u00fdmi p\u0159\u00edbuzn\u00fdmi, jako je <a href=\"https:\/\/talkpal.ai\/learn-serbian\/\">srb\u0161tina<\/a>, chorvat\u0161tina a bulhar\u0161tina. Slovin\u0161tina se v\u0161ak m\u016f\u017ee pochlubit sv\u00fdmi jedine\u010dn\u00fdmi zvraty a \u0161mrncem.<\/p>\n\n\n\n<p>Bez dal\u0161\u00edch okolk\u016f se v\u011bnujme kl\u00ed\u010dov\u00fdm aspekt\u016fm slovinsk\u00e9 gramatiky:<\/p>\n\n\n\n<h3 class=\"wp-block-heading\" id=\"h-1-nouns-and-cases\">1. Podstatn\u00e1 jm\u00e9na a p\u00e1dy:<\/h3>\n\n\n\n<p>Slovinsk\u00e1 podstatn\u00e1 jm\u00e9na se vyskytuj\u00ed ve t\u0159ech rodech \u2013 mu\u017esk\u00e9m, \u017eensk\u00e9m a st\u0159edn\u00edm. Ka\u017ed\u00e9 podstatn\u00e9 jm\u00e9no m\u016f\u017ee b\u00fdt pou\u017eito v jednom ze \u0161esti slovinsk\u00fdch p\u00e1d\u016f: nominativ, genitiv, dativ, akuzativ, lokativ a instrument\u00e1l. Tyto p\u00e1dy vyjad\u0159uj\u00ed r\u016fzn\u00e9 gramatick\u00e9 funkce nebo vztahy mezi slovy, proto je d\u016fle\u017eit\u00e9 nau\u010dit se jejich spr\u00e1vn\u00e9 pou\u017eit\u00ed v kontextu.<\/p>\n\n\n\n<h3 class=\"wp-block-heading\" id=\"h-2-articles\">2. \u010cl\u00e1nky:<\/h3>\n\n\n\n<p>M\u00e1me pro v\u00e1s dobrou zpr\u00e1vu &#8211; slovin\u0161tina nepou\u017e\u00edv\u00e1 \u010dleny jako &#8222;the&#8220; nebo &#8222;a&#8220;! M\u00edsto toho je v\u00fdznam vyj\u00e1d\u0159en pomoc\u00ed p\u00e1d\u016f a slovosledu. To by v\u00e1m mohlo usnadnit u\u010den\u00ed slovin\u0161tiny, zejm\u00e9na pokud nejste zvykl\u00ed na <a href=\"https:\/\/talkpal.ai\/what-language-is-spoken-on-the-international-space-station\/\">jazyky<\/a> se slo\u017eit\u00fdm \u010dlenov\u00fdm syst\u00e9mem.<\/p>\n\n\n\n<h3 class=\"wp-block-heading\" id=\"h-3-adjectives\">3. P\u0159\u00eddavn\u00e1 jm\u00e9na:<\/h3>\n\n\n\n<p>Stejn\u011b jako podstatn\u00e1 jm\u00e9na, i p\u0159\u00eddavn\u00e1 jm\u00e9na ve slovin\u0161tin\u011b se shoduj\u00ed v rod\u011b, \u010d\u00edsle a p\u00e1d\u011b s podstatn\u00fdm jm\u00e9nem, kter\u00e9 modifikuj\u00ed. Proto je pou\u017e\u00edv\u00e1n\u00ed p\u0159\u00eddavn\u00fdch jmen o n\u011bco slo\u017eit\u011bj\u0161\u00ed ne\u017e v angli\u010dtin\u011b, ale nebojte se &#8211; s prax\u00ed zvl\u00e1dnete slovinsk\u00e1 p\u0159\u00eddavn\u00e1 jm\u00e9na b\u011bhem chvilky!<\/p>\n\n\n\n<h3 class=\"wp-block-heading\" id=\"h-4-verbs\">4. Slovesa:<\/h3>\n\n\n\n<p>Slovin\u0161tina m\u00e1 t\u0159\u00edstup\u0148ov\u00fd slovesn\u00fd syst\u00e9m: t\u0159i konjuga\u010dn\u00ed skupiny v z\u00e1vislosti na slovesn\u00e9m kmeni zakon\u010den\u00e9m infinitivem. Slovinsk\u00e1 slovesa maj\u00ed tak\u00e9 r\u016fzn\u00e9 \u010dasy a zp\u016fsoby, v\u010detn\u011b jedine\u010dn\u00e9ho du\u00e1ln\u00edho tvaru, kter\u00fd se pou\u017e\u00edv\u00e1 p\u0159i odkazov\u00e1n\u00ed na dva podm\u011bty nebo p\u0159edm\u011bty. P\u0159ipravte se na to, \u017ee str\u00e1v\u00edte n\u011bjak\u00fd \u010das u\u010den\u00edm a procvi\u010dov\u00e1n\u00edm slovinsk\u00fdch sloves, abyste z\u00edskali jistotu ve sv\u00fdch jazykov\u00fdch dovednostech.<\/p>\n\n\n\n<h3 class=\"wp-block-heading\" id=\"h-5-word-order\">5. Slovosled:<\/h3>\n\n\n\n<p>Slovin\u0161tina se obecn\u011b \u0159\u00edd\u00ed slovosledem podm\u011bt-sloveso-p\u0159edm\u011bt (SVO), kter\u00fd by m\u011bl b\u00fdt anglicky mluv\u00edc\u00edm zn\u00e1m\u00fd. Jazyk se v\u0161ak t\u011b\u0161\u00ed ur\u010dit\u00e9 flexibilit\u011b, kter\u00e1 v\u00e1m umo\u017e\u0148uje zd\u016fraznit konkr\u00e9tn\u00ed \u010d\u00e1sti v\u011bty p\u0159ep\u00edn\u00e1n\u00edm slovosledu. Je d\u016fle\u017eit\u00e9 pou\u017e\u00edvat p\u0159\u00edpady spr\u00e1vn\u011b, aby nedoch\u00e1zelo k z\u00e1m\u011bn\u011b a byl zprost\u0159edkov\u00e1n zam\u00fd\u0161len\u00fd v\u00fdznam.<\/p>\n\n\n\n<h3 class=\"wp-block-heading\" id=\"h-6-pronouns-and-prepositions\">6. Z\u00e1jmena a p\u0159edlo\u017eky:<\/h3>\n\n\n\n<p>Slovinsk\u00e1 z\u00e1jmena, stejn\u011b jako ostatn\u00ed prvky jazyka, jsou ovlivn\u011bna rodem, \u010d\u00edslem a p\u00e1dem. P\u0159ich\u00e1zej\u00ed v r\u016fzn\u00fdch form\u00e1ch, jako je osobn\u00ed, p\u0159ivlast\u0148ovac\u00ed, demonstrativn\u00ed a reflexivn\u00ed. Sezn\u00e1men\u00ed se slovinsk\u00fdmi p\u0159edlo\u017ekami v\u00e1m tak\u00e9 pom\u016f\u017ee spojovat slova a fr\u00e1ze a vytv\u00e1\u0159et slo\u017eit\u011bj\u0161\u00ed v\u011bty.<\/p>\n\n\n\n<p>Nyn\u00ed tedy m\u00e1te z\u00e1kladn\u00ed znalosti slovinsk\u00e9 gramatiky! M\u011bjte na pam\u011bti, \u017ee zdokonalit se v jak\u00e9mkoli jazyce vy\u017eaduje odhodl\u00e1n\u00ed a praxi. P\u0159ij\u00edmejte v\u00fdzvy a nev\u00e1hejte se pou\u010dit ze sv\u00fdch chyb. Pamatujte, \u017ee u\u010den\u00ed se nov\u00e9mu jazyku je vzru\u0161uj\u00edc\u00ed cesta pln\u00e1 nezapomenuteln\u00fdch z\u00e1\u017eitk\u016f a obohacuj\u00edc\u00edch objev\u016f. Sre\u010dno!<\/p>\n<\/div><\/div>\n\r\n<section class=\"learnNavigationSection\">\r\n            \r\n        <a href=\"https:\/\/talkpal.ai\/cs\/naucte-se-slovinsky\/\">\r\n            <div class=\"learnNavigationWrapper\">\r\n                <div class=\"learnNavigationContent\">\r\n                    <img decoding=\"async\" src=\"https:\/\/talkpal.ai\/wp-content\/uploads\/2024\/08\/Slovenian.jpg\" alt=\"Slovenian Flag\">\r\n                    <div>\r\n                        <h4>O slovinsk\u00e9m vzd\u011bl\u00e1v\u00e1n\u00ed<\/h4>\r\n                        <p>Zjist\u011bte v\u0161e o slovinsk\u00e9 gramatice.<\/p>\r\n                    <\/div>\r\n                <\/div>\r\n            <\/div>\r\n        <\/a>\r\n\r\n        \r\n        <a href=\"https:\/\/talkpal.ai\/cs\/slovinska-gramaticka-cviceni\/\">\r\n            <div class=\"learnNavigationWrapper\">\r\n                <div class=\"learnNavigationContent\">\r\n                    <img decoding=\"async\" src=\"https:\/\/talkpal.ai\/wp-content\/uploads\/2024\/08\/Slovenian.jpg\" alt=\"Slovenian Flag\">\r\n                    <div>\r\n                        <h4>Cvi\u010den\u00ed slovinsk\u00e9 gramatiky<\/h4>\r\n                        <p>Procvi\u010dte si slovinskou gramatiku.<\/p>\r\n                    <\/div>\r\n                <\/div>\r\n            <\/div>\r\n        <\/a>\r\n\r\n        \r\n        <a href=\"https:\/\/talkpal.ai\/vocabulary_language\/slovenian\/\">\r\n            <div class=\"learnNavigationWrapper\">\r\n                <div class=\"learnNavigationContent\">\r\n                    <img decoding=\"async\" src=\"https:\/\/talkpal.ai\/wp-content\/uploads\/2024\/08\/Slovenian.jpg\" alt=\"Slovenian Flag\">\r\n                    <div>\r\n                        <h4>Slovinsk\u00e1 slovn\u00ed z\u00e1soba<\/h4>\r\n                        <p>Roz\u0161i\u0159te si slovn\u00ed z\u00e1sobu slovin\u0161tiny.<\/p>\r\n                    <\/div>\r\n                <\/div>\r\n            <\/div>\r\n        <\/a>\r\n\r\n            <\/section>","protected":false},"excerpt":{"rendered":"<p>Slovinsk\u00e1 gramatika: Kr\u00e1tk\u00fd \u00favod pro milovn\u00edky jazyk\u016f Jste p\u0159ipraveni pono\u0159it se do okouzluj\u00edc\u00edho sv\u011bta slovin\u0161tiny, \u00fa\u017easn\u00e9ho slovansk\u00e9ho jazyka? \u010cek\u00e1 v\u00e1s z\u00e1\u017eitek! Tento kr\u00e1tk\u00fd pr\u016fvodce v\u00e1m umo\u017en\u00ed nahl\u00e9dnout do slovinsk\u00e9 gramatiky, kter\u00e1 je nezbytn\u00e1 pro pochopen\u00ed a zvl\u00e1dnut\u00ed tohoto podmaniv\u00e9ho jazyka. Vydejme se tedy na toto jazykov\u00e9 dobrodru\u017estv\u00ed a prozkoumejme krok za krokem slo\u017eitosti slovinsk\u00e9 gramatiky. [&hellip;]<\/p>\n","protected":false},"author":1,"featured_media":119752,"parent":0,"menu_order":0,"comment_status":"closed","ping_status":"closed","template":"LearningContentPage.php","meta":{"_acf_changed":false,"footnotes":""},"class_list":["post-150890","page","type-page","status-publish","has-post-thumbnail","hentry"],"acf":[],"yoast_head":"<!-- This site is optimized with the Yoast SEO Premium plugin v27.2 (Yoast SEO v27.2) - https:\/\/yoast.com\/product\/yoast-seo-premium-wordpress\/ -->\n<title>Slovinsk\u00e1 gramatika - Talkpal<\/title>\n<meta name=\"description\" content=\"Prozkoumejte slo\u017eitosti slovinsk\u00e9 gramatiky pro lep\u0161\u00ed jazykov\u00e9 znalosti a porozum\u011bn\u00ed. Osvojte si um\u011bn\u00ed gramatiky je\u0161t\u011b dnes.\" \/>\n<meta name=\"robots\" content=\"index, follow, max-snippet:-1, max-image-preview:large, max-video-preview:-1\" \/>\n<link rel=\"canonical\" href=\"https:\/\/talkpal.ai\/cs\/slovinska-gramatika\/\" \/>\n<meta property=\"og:locale\" content=\"cs_CZ\" \/>\n<meta property=\"og:type\" content=\"article\" \/>\n<meta property=\"og:title\" content=\"Slovinsk\u00e1 gramatika\" \/>\n<meta property=\"og:description\" content=\"Slovinsk\u00e1 gramatika: Kr\u00e1tk\u00fd \u00favod pro milovn\u00edky jazyk\u016f Jste p\u0159ipraveni pono\u0159it se do okouzluj\u00edc\u00edho sv\u011bta slovin\u0161tiny, \u00fa\u017easn\u00e9ho slovansk\u00e9ho jazyka? \u010cek\u00e1 v\u00e1s\" \/>\n<meta property=\"og:url\" content=\"https:\/\/talkpal.ai\/cs\/slovinska-gramatika\/\" \/>\n<meta property=\"og:site_name\" content=\"Talkpal\" \/>\n<meta property=\"article:publisher\" content=\"https:\/\/www.facebook.com\/profile.php?id=100090733639311\" \/>\n<meta property=\"article:modified_time\" content=\"2025-12-12T11:08:26+00:00\" \/>\n<meta property=\"og:image\" content=\"https:\/\/talkpal.ai\/wp-content\/uploads\/2023\/05\/slovenia.png\" \/>\n\t<meta property=\"og:image:width\" content=\"512\" \/>\n\t<meta property=\"og:image:height\" content=\"512\" \/>\n\t<meta property=\"og:image:type\" content=\"image\/png\" \/>\n<meta name=\"twitter:card\" content=\"summary_large_image\" \/>\n<meta name=\"twitter:site\" content=\"@talkpalai\" \/>\n<meta name=\"twitter:label1\" content=\"Odhadovan\u00e1 doba \u010dten\u00ed\" \/>\n\t<meta name=\"twitter:data1\" content=\"3 minuty\" \/>\n<script type=\"application\/ld+json\" class=\"yoast-schema-graph\">{\"@context\":\"https:\/\/schema.org\",\"@graph\":[{\"@type\":\"WebPage\",\"@id\":\"https:\/\/talkpal.ai\/cs\/slovinska-gramatika\/\",\"url\":\"https:\/\/talkpal.ai\/cs\/slovinska-gramatika\/\",\"name\":\"Slovinsk\u00e1 gramatika - Talkpal\",\"isPartOf\":{\"@id\":\"https:\/\/talkpal.ai\/cs\/#website\"},\"primaryImageOfPage\":{\"@id\":\"https:\/\/talkpal.ai\/cs\/slovinska-gramatika\/#primaryimage\"},\"image\":{\"@id\":\"https:\/\/talkpal.ai\/cs\/slovinska-gramatika\/#primaryimage\"},\"thumbnailUrl\":\"https:\/\/talkpal.ai\/wp-content\/uploads\/2023\/05\/slovenia.png\",\"datePublished\":\"2023-05-14T14:20:10+00:00\",\"dateModified\":\"2025-12-12T11:08:26+00:00\",\"description\":\"Prozkoumejte slo\u017eitosti slovinsk\u00e9 gramatiky pro lep\u0161\u00ed jazykov\u00e9 znalosti a porozum\u011bn\u00ed. Osvojte si um\u011bn\u00ed gramatiky je\u0161t\u011b dnes.\",\"breadcrumb\":{\"@id\":\"https:\/\/talkpal.ai\/cs\/slovinska-gramatika\/#breadcrumb\"},\"inLanguage\":\"cs\",\"potentialAction\":[{\"@type\":\"ReadAction\",\"target\":[\"https:\/\/talkpal.ai\/cs\/slovinska-gramatika\/\"]}]},{\"@type\":\"ImageObject\",\"inLanguage\":\"cs\",\"@id\":\"https:\/\/talkpal.ai\/cs\/slovinska-gramatika\/#primaryimage\",\"url\":\"https:\/\/talkpal.ai\/wp-content\/uploads\/2023\/05\/slovenia.png\",\"contentUrl\":\"https:\/\/talkpal.ai\/wp-content\/uploads\/2023\/05\/slovenia.png\",\"width\":512,\"height\":512},{\"@type\":\"BreadcrumbList\",\"@id\":\"https:\/\/talkpal.ai\/cs\/slovinska-gramatika\/#breadcrumb\",\"itemListElement\":[{\"@type\":\"ListItem\",\"position\":1,\"name\":\"Homepage\",\"item\":\"https:\/\/talkpal.ai\/cs\/\"},{\"@type\":\"ListItem\",\"position\":2,\"name\":\"Slovinsk\u00e1 gramatika\"}]},{\"@type\":\"WebSite\",\"@id\":\"https:\/\/talkpal.ai\/cs\/#website\",\"url\":\"https:\/\/talkpal.ai\/cs\/\",\"name\":\"Talkpal\",\"description\":\"AI Language Learning\",\"publisher\":{\"@id\":\"https:\/\/talkpal.ai\/cs\/#organization\"},\"alternateName\":\"Talkpal AI\",\"potentialAction\":[{\"@type\":\"SearchAction\",\"target\":{\"@type\":\"EntryPoint\",\"urlTemplate\":\"https:\/\/talkpal.ai\/cs\/?s={search_term_string}\"},\"query-input\":{\"@type\":\"PropertyValueSpecification\",\"valueRequired\":true,\"valueName\":\"search_term_string\"}}],\"inLanguage\":\"cs\"},{\"@type\":\"Organization\",\"@id\":\"https:\/\/talkpal.ai\/cs\/#organization\",\"name\":\"Talkpal, Inc.\",\"alternateName\":\"Talkpal AI\",\"url\":\"https:\/\/talkpal.ai\/cs\/\",\"logo\":{\"@type\":\"ImageObject\",\"inLanguage\":\"cs\",\"@id\":\"https:\/\/talkpal.ai\/cs\/#\/schema\/logo\/image\/\",\"url\":\"https:\/\/talkpal.ai\/wp-content\/uploads\/2024\/03\/Talkpal-Logo-Icon.png\",\"contentUrl\":\"https:\/\/talkpal.ai\/wp-content\/uploads\/2024\/03\/Talkpal-Logo-Icon.png\",\"width\":2880,\"height\":2880,\"caption\":\"Talkpal, Inc.\"},\"image\":{\"@id\":\"https:\/\/talkpal.ai\/cs\/#\/schema\/logo\/image\/\"},\"sameAs\":[\"https:\/\/www.facebook.com\/profile.php?id=100090733639311\",\"https:\/\/x.com\/talkpalai\",\"https:\/\/www.linkedin.com\/company\/talkpal\/\",\"https:\/\/www.youtube.com\/@TalkPal\/\",\"https:\/\/www.tiktok.com\/@talkpal\",\"https:\/\/www.instagram.com\/talkpal_ai\/\",\"https:\/\/www.crunchbase.com\/organization\/talkpal-9cde\",\"https:\/\/www.g2.com\/products\/talkpal-for-business\/\",\"https:\/\/www.trustpilot.com\/review\/talkpal.ai\",\"https:\/\/www.capterra.com\/p\/10006800\/TalkPal\/\"],\"description\":\"Talkpal is a language learning web and mobile education app, powered by the latest AI technologies, that provides engaging experiences to its customers in many different languages to help them improve their language skills. Users can chat about unlimited amount of topics with the app and use other modes to practice their language learning.\",\"email\":\"support@talkpal.ai\",\"legalName\":\"Talkpal, Inc.\",\"foundingDate\":\"2023-04-03\",\"duns\":\"118989042\",\"numberOfEmployees\":{\"@type\":\"QuantitativeValue\",\"minValue\":\"11\",\"maxValue\":\"50\"},\"publishingPrinciples\":\"https:\/\/talkpal.ai\/publishing-principles\/\",\"actionableFeedbackPolicy\":\"https:\/\/talkpal.ai\/actionable-feedback-policy\/\",\"correctionsPolicy\":\"https:\/\/talkpal.ai\/corrections-policy\/\",\"ethicsPolicy\":\"https:\/\/talkpal.ai\/ethics-policy\/\",\"diversityPolicy\":\"https:\/\/talkpal.ai\/diversity-policy\/\",\"diversityStaffingReport\":\"https:\/\/talkpal.ai\/diversity-policy\/\"}]}<\/script>\n<!-- \/ Yoast SEO Premium plugin. -->","yoast_head_json":{"title":"Slovinsk\u00e1 gramatika - Talkpal","description":"Prozkoumejte slo\u017eitosti slovinsk\u00e9 gramatiky pro lep\u0161\u00ed jazykov\u00e9 znalosti a porozum\u011bn\u00ed. Osvojte si um\u011bn\u00ed gramatiky je\u0161t\u011b dnes.","robots":{"index":"index","follow":"follow","max-snippet":"max-snippet:-1","max-image-preview":"max-image-preview:large","max-video-preview":"max-video-preview:-1"},"canonical":"https:\/\/talkpal.ai\/cs\/slovinska-gramatika\/","og_locale":"cs_CZ","og_type":"article","og_title":"Slovinsk\u00e1 gramatika","og_description":"Slovinsk\u00e1 gramatika: Kr\u00e1tk\u00fd \u00favod pro milovn\u00edky jazyk\u016f Jste p\u0159ipraveni pono\u0159it se do okouzluj\u00edc\u00edho sv\u011bta slovin\u0161tiny, \u00fa\u017easn\u00e9ho slovansk\u00e9ho jazyka? \u010cek\u00e1 v\u00e1s","og_url":"https:\/\/talkpal.ai\/cs\/slovinska-gramatika\/","og_site_name":"Talkpal","article_publisher":"https:\/\/www.facebook.com\/profile.php?id=100090733639311","article_modified_time":"2025-12-12T11:08:26+00:00","og_image":[{"width":512,"height":512,"url":"https:\/\/talkpal.ai\/wp-content\/uploads\/2023\/05\/slovenia.png","type":"image\/png"}],"twitter_card":"summary_large_image","twitter_site":"@talkpalai","twitter_misc":{"Odhadovan\u00e1 doba \u010dten\u00ed":"3 minuty"},"schema":{"@context":"https:\/\/schema.org","@graph":[{"@type":"WebPage","@id":"https:\/\/talkpal.ai\/cs\/slovinska-gramatika\/","url":"https:\/\/talkpal.ai\/cs\/slovinska-gramatika\/","name":"Slovinsk\u00e1 gramatika - Talkpal","isPartOf":{"@id":"https:\/\/talkpal.ai\/cs\/#website"},"primaryImageOfPage":{"@id":"https:\/\/talkpal.ai\/cs\/slovinska-gramatika\/#primaryimage"},"image":{"@id":"https:\/\/talkpal.ai\/cs\/slovinska-gramatika\/#primaryimage"},"thumbnailUrl":"https:\/\/talkpal.ai\/wp-content\/uploads\/2023\/05\/slovenia.png","datePublished":"2023-05-14T14:20:10+00:00","dateModified":"2025-12-12T11:08:26+00:00","description":"Prozkoumejte slo\u017eitosti slovinsk\u00e9 gramatiky pro lep\u0161\u00ed jazykov\u00e9 znalosti a porozum\u011bn\u00ed. Osvojte si um\u011bn\u00ed gramatiky je\u0161t\u011b dnes.","breadcrumb":{"@id":"https:\/\/talkpal.ai\/cs\/slovinska-gramatika\/#breadcrumb"},"inLanguage":"cs","potentialAction":[{"@type":"ReadAction","target":["https:\/\/talkpal.ai\/cs\/slovinska-gramatika\/"]}]},{"@type":"ImageObject","inLanguage":"cs","@id":"https:\/\/talkpal.ai\/cs\/slovinska-gramatika\/#primaryimage","url":"https:\/\/talkpal.ai\/wp-content\/uploads\/2023\/05\/slovenia.png","contentUrl":"https:\/\/talkpal.ai\/wp-content\/uploads\/2023\/05\/slovenia.png","width":512,"height":512},{"@type":"BreadcrumbList","@id":"https:\/\/talkpal.ai\/cs\/slovinska-gramatika\/#breadcrumb","itemListElement":[{"@type":"ListItem","position":1,"name":"Homepage","item":"https:\/\/talkpal.ai\/cs\/"},{"@type":"ListItem","position":2,"name":"Slovinsk\u00e1 gramatika"}]},{"@type":"WebSite","@id":"https:\/\/talkpal.ai\/cs\/#website","url":"https:\/\/talkpal.ai\/cs\/","name":"Talkpal","description":"AI Language Learning","publisher":{"@id":"https:\/\/talkpal.ai\/cs\/#organization"},"alternateName":"Talkpal AI","potentialAction":[{"@type":"SearchAction","target":{"@type":"EntryPoint","urlTemplate":"https:\/\/talkpal.ai\/cs\/?s={search_term_string}"},"query-input":{"@type":"PropertyValueSpecification","valueRequired":true,"valueName":"search_term_string"}}],"inLanguage":"cs"},{"@type":"Organization","@id":"https:\/\/talkpal.ai\/cs\/#organization","name":"Talkpal, Inc.","alternateName":"Talkpal AI","url":"https:\/\/talkpal.ai\/cs\/","logo":{"@type":"ImageObject","inLanguage":"cs","@id":"https:\/\/talkpal.ai\/cs\/#\/schema\/logo\/image\/","url":"https:\/\/talkpal.ai\/wp-content\/uploads\/2024\/03\/Talkpal-Logo-Icon.png","contentUrl":"https:\/\/talkpal.ai\/wp-content\/uploads\/2024\/03\/Talkpal-Logo-Icon.png","width":2880,"height":2880,"caption":"Talkpal, Inc."},"image":{"@id":"https:\/\/talkpal.ai\/cs\/#\/schema\/logo\/image\/"},"sameAs":["https:\/\/www.facebook.com\/profile.php?id=100090733639311","https:\/\/x.com\/talkpalai","https:\/\/www.linkedin.com\/company\/talkpal\/","https:\/\/www.youtube.com\/@TalkPal\/","https:\/\/www.tiktok.com\/@talkpal","https:\/\/www.instagram.com\/talkpal_ai\/","https:\/\/www.crunchbase.com\/organization\/talkpal-9cde","https:\/\/www.g2.com\/products\/talkpal-for-business\/","https:\/\/www.trustpilot.com\/review\/talkpal.ai","https:\/\/www.capterra.com\/p\/10006800\/TalkPal\/"],"description":"Talkpal is a language learning web and mobile education app, powered by the latest AI technologies, that provides engaging experiences to its customers in many different languages to help them improve their language skills. Users can chat about unlimited amount of topics with the app and use other modes to practice their language learning.","email":"support@talkpal.ai","legalName":"Talkpal, Inc.","foundingDate":"2023-04-03","duns":"118989042","numberOfEmployees":{"@type":"QuantitativeValue","minValue":"11","maxValue":"50"},"publishingPrinciples":"https:\/\/talkpal.ai\/publishing-principles\/","actionableFeedbackPolicy":"https:\/\/talkpal.ai\/actionable-feedback-policy\/","correctionsPolicy":"https:\/\/talkpal.ai\/corrections-policy\/","ethicsPolicy":"https:\/\/talkpal.ai\/ethics-policy\/","diversityPolicy":"https:\/\/talkpal.ai\/diversity-policy\/","diversityStaffingReport":"https:\/\/talkpal.ai\/diversity-policy\/"}]}},"_links":{"self":[{"href":"https:\/\/talkpal.ai\/cs\/wp-json\/wp\/v2\/pages\/150890","targetHints":{"allow":["GET"]}}],"collection":[{"href":"https:\/\/talkpal.ai\/cs\/wp-json\/wp\/v2\/pages"}],"about":[{"href":"https:\/\/talkpal.ai\/cs\/wp-json\/wp\/v2\/types\/page"}],"author":[{"embeddable":true,"href":"https:\/\/talkpal.ai\/cs\/wp-json\/wp\/v2\/users\/1"}],"replies":[{"embeddable":true,"href":"https:\/\/talkpal.ai\/cs\/wp-json\/wp\/v2\/comments?post=150890"}],"version-history":[{"count":0,"href":"https:\/\/talkpal.ai\/cs\/wp-json\/wp\/v2\/pages\/150890\/revisions"}],"wp:featuredmedia":[{"embeddable":true,"href":"https:\/\/talkpal.ai\/cs\/wp-json\/wp\/v2\/media\/119752"}],"wp:attachment":[{"href":"https:\/\/talkpal.ai\/cs\/wp-json\/wp\/v2\/media?parent=150890"}],"curies":[{"name":"wp","href":"https:\/\/api.w.org\/{rel}","templated":true}]}}