{"id":150289,"date":"2023-05-14T14:19:49","date_gmt":"2023-05-14T14:19:49","guid":{"rendered":"http:\/\/talkpal.ai\/slovenska-gramatika\/"},"modified":"2025-12-12T11:12:42","modified_gmt":"2025-12-12T11:12:42","slug":"slovenska-gramatika","status":"publish","type":"page","link":"https:\/\/talkpal.ai\/cs\/slovenska-gramatika\/","title":{"rendered":"Slovensk\u00e1 gramatika"},"content":{"rendered":"\r\n\r\n\r\n<section class=\"languageChallengeSection\">\r\n    <div class=\"languageInfoWrapper\">\r\n        \r\n        <h1>Slovensk\u00e1 gramatika<\/h1>\r\n        <p>Odhalte kr\u00e1su slovensk\u00e9ho jazyka t\u00edm, \u017ee se nau\u010d\u00edte jeho z\u00e1kladn\u00ed gramatick\u00e1 pravidla. Porozum\u011bn\u00ed slovensk\u00e9 gramatice v\u00e1m pom\u016f\u017ee komunikovat s jistotou a l\u00e9pe se s\u017e\u00edt s bohat\u00fdmi slovensk\u00fdmi tradicemi. Za\u010dn\u011bte svou cestu je\u0161t\u011b dnes a ud\u011blejte prvn\u00ed krok k ovl\u00e1dnut\u00ed sloven\u0161tiny!\n\n<\/p>\r\n\r\n                            <a class=\"getStartedHidden\" href=\"https:\/\/app.talkpal.ai\/cs\/signup?lng=\">Za\u010dni<\/a>\r\n        \r\n    <\/div>\r\n\r\n    <figure>\r\n    <img decoding=\"async\" width=\"768\" height=\"768\" src=\"https:\/\/talkpal.ai\/wp-content\/uploads\/2023\/06\/slovak-768x768.png\" class=\"languageImage no-lazy\" alt=\"Language learning for cross-cultural competence\" fetchpriority=\"high\" sizes=\"(max-width: 768px) 150px, 768px\" srcset=\"https:\/\/talkpal.ai\/wp-content\/uploads\/2023\/06\/slovak-768x768.png 768w, https:\/\/talkpal.ai\/wp-content\/uploads\/2023\/06\/slovak-300x300.png 300w\" \/>\r\n    \r\n\r\n    <\/figure>\r\n\r\n            <a class=\"getStartedVisible\" href=\"https:\/\/app.talkpal.ai\/cs\/signup?lng=\">Za\u010dni<\/a>\r\n    \r\n<\/section>\r\n<section class=\"promotionalBanner\">\r\n    <p class=\"promotionalText\">Nejefektivn\u011bj\u0161\u00ed zp\u016fsob, jak se nau\u010dit jazyk<\/p>\r\n    <a class=\"promotionalLink\" href=\"https:\/\/app.talkpal.ai\/cs\/signup?lng=\">Vyzkou\u0161ejte Talkpal zdarma<\/a>\r\n<\/section>\n<div class=\"wp-block-group pageContainerStyle\"><div class=\"wp-block-group__inner-container is-layout-constrained wp-block-group-is-layout-constrained\">\n<h2 class=\"wp-block-heading\" id=\"h-slovak-grammar-the-key-to-unlocking-a-beautiful-language\">Slovensk\u00e1 gramatika: kl\u00ed\u010d k odemknut\u00ed kr\u00e1sn\u00e9ho jazyka<\/h2>\n\n\n\n<p>Chyst\u00e1te se nau\u010dit sloven\u0161tinu nebo jste jen zv\u011bdav\u00ed na jej\u00ed jedine\u010dnou gramatiku? Jste na spr\u00e1vn\u00e9m m\u00edst\u011b! <a href=\"https:\/\/talkpal.ai\/sk\/sinhalska-gramatika\/\">Slovensk\u00e1 gramatika<\/a> m\u016f\u017ee na prvn\u00ed pohled p\u016fsobit d\u011bsiv\u011b, ale nebojte se &#8211; je vlastn\u011b docela logick\u00e1 a zvl\u00e1dnuteln\u00e1. V tomto \u010dl\u00e1nku se sezn\u00e1m\u00edme se z\u00e1kout\u00edmi slovensk\u00e9 gramatiky, abychom v\u00e1m pomohli l\u00e9pe pochopit a ocenit jej\u00ed kr\u00e1su.<\/p>\n\n\n\n<p>Nejprve si \u0159ekn\u011bme n\u011bco o pozad\u00ed. Sloven\u0161tina je z\u00e1padoslovansk\u00fd jazyk, kter\u00fdm se mluv\u00ed p\u0159edev\u0161\u00edm na Slovensku, ale mluv\u010d\u00ed najdete i v okoln\u00edch zem\u00edch. Jako slovansk\u00fd jazyk sd\u00edl\u00ed mnoho podobnost\u00ed s ostatn\u00edmi <a href=\"https:\/\/talkpal.ai\/what-language-is-spoken-on-the-international-space-station\/\">jazyky<\/a> v regionu, jako je <a href=\"https:\/\/talkpal.ai\/learn-czech\/\">\u010de\u0161tina<\/a> a <a href=\"https:\/\/talkpal.ai\/learn-polish\/\">pol\u0161tina<\/a>. M\u00e1 v\u0161ak sv\u00e1 vlastn\u00ed odli\u0161n\u00e1 gramatick\u00e1 pravidla a vzorce pou\u017eit\u00ed, kter\u00e9 jej odli\u0161uj\u00ed.<\/p>\n\n\n\n<p>Nyn\u00ed se pono\u0159\u00edme do n\u011bkter\u00fdch nejd\u016fle\u017eit\u011bj\u0161\u00edch aspekt\u016f slovensk\u00e9 gramatiky.<\/p>\n\n\n\n<h3 class=\"wp-block-heading\" id=\"h-1-nouns-and-their-cases\">1. Podstatn\u00e1 jm\u00e9na a jejich p\u00e1dy<\/h3>\n\n\n\n<p>Jedn\u00edm z nejv\u00fdrazn\u011bj\u0161\u00edch rys\u016f slovensk\u00e9 gramatiky je jej\u00ed slo\u017eit\u00fd p\u00e1dov\u00fd syst\u00e9m. Pokud zn\u00e1te n\u011bm\u010dinu nebo ru\u0161tinu, budete v\u011bd\u011bt, o \u010dem je \u0159e\u010d: Slovensk\u00e1 podstatn\u00e1 jm\u00e9na m\u011bn\u00ed sv\u016fj tvar v z\u00e1vislosti na sv\u00e9 funkci ve v\u011bt\u011b. Se sedmi p\u00e1dy (nominativ, genitiv, dativ, akuzativ, lok\u00e1l, instrument\u00e1l a vokativ) se to m\u016f\u017ee zd\u00e1t zpo\u010d\u00e1tku ohromuj\u00edc\u00ed, ale nevzd\u00e1vejte to! Jakmile si to osvoj\u00edte, je to neuv\u011b\u0159iteln\u011b logick\u00e9 a dokonce z\u00e1bavn\u00e9.<\/p>\n\n\n\n<p>Vezm\u011bme si jako p\u0159\u00edklad podstatn\u00e9 jm\u00e9no chlapec. M\u016f\u017ee se m\u011bnit na &#8222;chlapca&#8220;, &#8222;chlapcovi&#8220;, &#8222;chlapcom&#8220; atd. podle toho, zda jde o subjekt, objekt nebo p\u0159\u00edjemce akce. Koncovky z\u00e1vis\u00ed tak\u00e9 na rodu podstatn\u00e9ho jm\u00e9na (mu\u017esk\u00fd, \u017eensk\u00fd nebo st\u0159edn\u00ed), co\u017e dod\u00e1v\u00e1 jazyku je\u0161t\u011b v\u011bt\u0161\u00ed rozmanitost.<\/p>\n\n\n\n<h3 class=\"wp-block-heading\" id=\"h-2-verb-conjugation-and-tenses\">2. \u010casov\u00e1n\u00ed sloves a \u010das\u016f<\/h3>\n\n\n\n<p>Slovensk\u00e1 slovesa m\u011bn\u00ed koncovky podle osoby a \u010d\u00edsla (jednotn\u00e9ho nebo mno\u017en\u00e9ho \u010d\u00edsla) podm\u011btu. Nap\u0159\u00edklad ze slovesa vidie\u0165 se m\u016f\u017ee st\u00e1t vid\u00edm, vid\u00ed\u0161, vidia a dal\u0161\u00ed.<\/p>\n\n\n\n<p>Sloven\u0161tina m\u00e1 t\u0159i hlavn\u00ed \u010dasy: minul\u00fd, p\u0159\u00edtomn\u00fd a budouc\u00ed. Zaj\u00edmavost\u00ed je, \u017ee na rozd\u00edl od angli\u010dtiny sloven\u0161tina obvykle nepou\u017e\u00edv\u00e1 pomocn\u00e1 slovesa k tvo\u0159en\u00ed t\u011bchto \u010das\u016f. M\u00edsto toho se tvo\u0159\u00ed zm\u011bnou koncovek sloves. Nap\u0159\u00edklad &#8222;vid\u00edm&#8220; je &#8222;vid\u00edm&#8220;, &#8222;vid\u011bl jsem&#8220; je &#8222;videl som&#8220; a &#8222;uvid\u00edm&#8220; je &#8222;uvid\u00edm&#8220;.<\/p>\n\n\n\n<h3 class=\"wp-block-heading\" id=\"h-3-sentence-structure-and-word-order\">3. V\u011btn\u00e1 stavba a slovosled<\/h3>\n\n\n\n<p>Sloven\u0161tina m\u00e1 pom\u011brn\u011b flexibiln\u00ed slovosled d\u00edky syst\u00e9mu \u010dasov\u00e1n\u00ed podstatn\u00fdch jmen a sloves. To znamen\u00e1, \u017ee na rozd\u00edl od angli\u010dtiny m\u016f\u017eete slova ve v\u011bt\u011b um\u00edstit na r\u016fzn\u00e1 m\u00edsta, ani\u017e by se zm\u011bnil jej\u00ed v\u00fdznam &#8211; nap\u0159\u00edklad &#8222;chlapec vid\u00ed psa&#8220; m\u016f\u017ee b\u00fdt tak\u00e9 &#8222;psa vid\u00ed chlapec&#8220; a v\u00fdznam z\u016fstane stejn\u00fd.<\/p>\n\n\n\n<p>To znamen\u00e1, \u017ee nejb\u011b\u017en\u011bj\u0161\u00ed slovosled ve sloven\u0161tin\u011b je podm\u011bt-sloveso-p\u0159edm\u011bt nebo SVO. Je to podobn\u00e9 jako v angli\u010dtin\u011b a pro studenty je to skv\u011bl\u00fd v\u00fdchoz\u00ed bod. Jakmile se s jazykem sezn\u00e1m\u00edte, m\u016f\u017eete experimentovat s r\u016fzn\u00fdmi slovosledy, abyste sv\u00fdm v\u011bt\u00e1m dodali d\u016fraz nebo nuance.<\/p>\n\n\n\n<h3 class=\"wp-block-heading\" id=\"h-4-adjectives-and-adverbs\">4. P\u0159\u00eddavn\u00e1 jm\u00e9na a p\u0159\u00edslovce<\/h3>\n\n\n\n<p>Stejn\u011b jako v mnoha jin\u00fdch jazyc\u00edch se i ve sloven\u0161tin\u011b pou\u017e\u00edvaj\u00ed p\u0159\u00eddavn\u00e1 jm\u00e9na a p\u0159\u00edslovce k popisu podstatn\u00fdch jmen a sloves. P\u0159ich\u00e1zej\u00ed v\u0161ak tak\u00e9 s vlastn\u00edmi pravidly pro p\u0159\u00edpadovou dohodu a genderovou dohodu, co\u017e m\u016f\u017ee v\u011bci trochu zkomplikovat. Na\u0161t\u011bst\u00ed, jakmile si osvoj\u00edte p\u00e1dy podstatn\u00fdch jmen a \u010dasov\u00e1n\u00ed sloves, budou tato pravidla p\u0159irozen\u011bj\u0161\u00ed.<\/p>\n\n\n\n<p>Tak co, jste p\u0159ipraveni pustit se do slovensk\u00e9 gramatiky? Se spr\u00e1vn\u00fdm my\u0161len\u00edm a zdroji je u\u010den\u00ed sloven\u0161tiny obohacuj\u00edc\u00ed zku\u0161enost\u00ed, kter\u00e1 v\u00e1m m\u016f\u017ee otev\u0159\u00edt dve\u0159e do bohat\u00e9 kultury a kr\u00e1sn\u00e9 zem\u011b. Postupujte krok za krokem, pravideln\u011b cvi\u010dte a nebojte se d\u011blat chyby &#8211; tak se p\u0159ece v\u0161ichni u\u010d\u00edme. Ve\u013ea \u0161\u0165astia! (Hodn\u011b \u0161t\u011bst\u00ed!)<\/p>\n<\/div><\/div>\n\r\n<section class=\"learnNavigationSection\">\r\n            \r\n        <a href=\"https:\/\/talkpal.ai\/cs\/naucte-se-slovensky\/\">\r\n            <div class=\"learnNavigationWrapper\">\r\n                <div class=\"learnNavigationContent\">\r\n                    <img decoding=\"async\" src=\"https:\/\/talkpal.ai\/wp-content\/uploads\/2024\/08\/Slovak.jpg\" alt=\"Slovak Flag\">\r\n                    <div>\r\n                        <h4>O slovensk\u00e9m vzd\u011bl\u00e1v\u00e1n\u00ed<\/h4>\r\n                        <p>Zjist\u011bte v\u0161e o slovensk\u00e9 gramatice.<\/p>\r\n                    <\/div>\r\n                <\/div>\r\n            <\/div>\r\n        <\/a>\r\n\r\n        \r\n        <a href=\"https:\/\/talkpal.ai\/cs\/cviceni-ze-slovenske-gramatiky\/\">\r\n            <div class=\"learnNavigationWrapper\">\r\n                <div class=\"learnNavigationContent\">\r\n                    <img decoding=\"async\" src=\"https:\/\/talkpal.ai\/wp-content\/uploads\/2024\/08\/Slovak.jpg\" alt=\"Slovak Flag\">\r\n                    <div>\r\n                        <h4>Cvi\u010den\u00ed ze slovensk\u00e9 gramatiky<\/h4>\r\n                        <p>Procvi\u010dte si slovenskou gramatiku.<\/p>\r\n                    <\/div>\r\n                <\/div>\r\n            <\/div>\r\n        <\/a>\r\n\r\n        \r\n        <a href=\"https:\/\/talkpal.ai\/vocabulary_language\/slovak\/\">\r\n            <div class=\"learnNavigationWrapper\">\r\n                <div class=\"learnNavigationContent\">\r\n                    <img decoding=\"async\" src=\"https:\/\/talkpal.ai\/wp-content\/uploads\/2024\/08\/Slovak.jpg\" alt=\"Slovak Flag\">\r\n                    <div>\r\n                        <h4>Slovensk\u00e1 slovn\u00ed z\u00e1soba<\/h4>\r\n                        <p>Roz\u0161i\u0159te si slovn\u00ed z\u00e1sobu sloven\u0161tiny.<\/p>\r\n                    <\/div>\r\n                <\/div>\r\n            <\/div>\r\n        <\/a>\r\n\r\n            <\/section>","protected":false},"excerpt":{"rendered":"<p>Slovensk\u00e1 gramatika: kl\u00ed\u010d k odemknut\u00ed kr\u00e1sn\u00e9ho jazyka Chyst\u00e1te se nau\u010dit sloven\u0161tinu nebo jste jen zv\u011bdav\u00ed na jej\u00ed jedine\u010dnou gramatiku? Jste na spr\u00e1vn\u00e9m m\u00edst\u011b! Slovensk\u00e1 gramatika m\u016f\u017ee na prvn\u00ed pohled p\u016fsobit d\u011bsiv\u011b, ale nebojte se &#8211; je vlastn\u011b docela logick\u00e1 a zvl\u00e1dnuteln\u00e1. V tomto \u010dl\u00e1nku se sezn\u00e1m\u00edme se z\u00e1kout\u00edmi slovensk\u00e9 gramatiky, abychom v\u00e1m pomohli l\u00e9pe pochopit [&hellip;]<\/p>\n","protected":false},"author":1,"featured_media":119033,"parent":0,"menu_order":0,"comment_status":"closed","ping_status":"closed","template":"LearningContentPage.php","meta":{"_acf_changed":false,"footnotes":""},"class_list":["post-150289","page","type-page","status-publish","has-post-thumbnail","hentry"],"acf":[],"yoast_head":"<!-- This site is optimized with the Yoast SEO Premium plugin v27.2 (Yoast SEO v27.2) - https:\/\/yoast.com\/product\/yoast-seo-premium-wordpress\/ -->\n<title>Slovensk\u00e1 gramatika - Talkpal<\/title>\n<meta name=\"description\" content=\"Zvl\u00e1dn\u011bte slovenskou gramatiku s jasn\u00fdm vysv\u011btlen\u00edm, praktick\u00fdmi p\u0159\u00edklady a interaktivn\u00edmi cvi\u010den\u00edmi. Zlep\u0161ete sv\u00e9 dovednosti!\" \/>\n<meta name=\"robots\" content=\"index, follow, max-snippet:-1, max-image-preview:large, max-video-preview:-1\" \/>\n<link rel=\"canonical\" href=\"https:\/\/talkpal.ai\/cs\/slovenska-gramatika\/\" \/>\n<meta property=\"og:locale\" content=\"cs_CZ\" \/>\n<meta property=\"og:type\" content=\"article\" \/>\n<meta property=\"og:title\" content=\"Slovensk\u00e1 gramatika\" \/>\n<meta property=\"og:description\" content=\"Slovensk\u00e1 gramatika: kl\u00ed\u010d k odemknut\u00ed kr\u00e1sn\u00e9ho jazyka Chyst\u00e1te se nau\u010dit sloven\u0161tinu nebo jste jen zv\u011bdav\u00ed na jej\u00ed jedine\u010dnou gramatiku? Jste na spr\u00e1vn\u00e9m\" \/>\n<meta property=\"og:url\" content=\"https:\/\/talkpal.ai\/cs\/slovenska-gramatika\/\" \/>\n<meta property=\"og:site_name\" content=\"Talkpal\" \/>\n<meta property=\"article:publisher\" content=\"https:\/\/www.facebook.com\/profile.php?id=100090733639311\" \/>\n<meta property=\"article:modified_time\" content=\"2025-12-12T11:12:42+00:00\" \/>\n<meta property=\"og:image\" content=\"https:\/\/talkpal.ai\/wp-content\/uploads\/2023\/05\/slovakia.png\" \/>\n\t<meta property=\"og:image:width\" content=\"512\" \/>\n\t<meta property=\"og:image:height\" content=\"512\" \/>\n\t<meta property=\"og:image:type\" content=\"image\/png\" \/>\n<meta name=\"twitter:card\" content=\"summary_large_image\" \/>\n<meta name=\"twitter:site\" content=\"@talkpalai\" \/>\n<meta name=\"twitter:label1\" content=\"Odhadovan\u00e1 doba \u010dten\u00ed\" \/>\n\t<meta name=\"twitter:data1\" content=\"4 minuty\" \/>\n<script type=\"application\/ld+json\" class=\"yoast-schema-graph\">{\"@context\":\"https:\/\/schema.org\",\"@graph\":[{\"@type\":\"WebPage\",\"@id\":\"https:\/\/talkpal.ai\/cs\/slovenska-gramatika\/\",\"url\":\"https:\/\/talkpal.ai\/cs\/slovenska-gramatika\/\",\"name\":\"Slovensk\u00e1 gramatika - Talkpal\",\"isPartOf\":{\"@id\":\"https:\/\/talkpal.ai\/cs\/#website\"},\"primaryImageOfPage\":{\"@id\":\"https:\/\/talkpal.ai\/cs\/slovenska-gramatika\/#primaryimage\"},\"image\":{\"@id\":\"https:\/\/talkpal.ai\/cs\/slovenska-gramatika\/#primaryimage\"},\"thumbnailUrl\":\"https:\/\/talkpal.ai\/wp-content\/uploads\/2023\/05\/slovakia.png\",\"datePublished\":\"2023-05-14T14:19:49+00:00\",\"dateModified\":\"2025-12-12T11:12:42+00:00\",\"description\":\"Zvl\u00e1dn\u011bte slovenskou gramatiku s jasn\u00fdm vysv\u011btlen\u00edm, praktick\u00fdmi p\u0159\u00edklady a interaktivn\u00edmi cvi\u010den\u00edmi. Zlep\u0161ete sv\u00e9 dovednosti!\",\"breadcrumb\":{\"@id\":\"https:\/\/talkpal.ai\/cs\/slovenska-gramatika\/#breadcrumb\"},\"inLanguage\":\"cs\",\"potentialAction\":[{\"@type\":\"ReadAction\",\"target\":[\"https:\/\/talkpal.ai\/cs\/slovenska-gramatika\/\"]}]},{\"@type\":\"ImageObject\",\"inLanguage\":\"cs\",\"@id\":\"https:\/\/talkpal.ai\/cs\/slovenska-gramatika\/#primaryimage\",\"url\":\"https:\/\/talkpal.ai\/wp-content\/uploads\/2023\/05\/slovakia.png\",\"contentUrl\":\"https:\/\/talkpal.ai\/wp-content\/uploads\/2023\/05\/slovakia.png\",\"width\":512,\"height\":512},{\"@type\":\"BreadcrumbList\",\"@id\":\"https:\/\/talkpal.ai\/cs\/slovenska-gramatika\/#breadcrumb\",\"itemListElement\":[{\"@type\":\"ListItem\",\"position\":1,\"name\":\"Homepage\",\"item\":\"https:\/\/talkpal.ai\/cs\/\"},{\"@type\":\"ListItem\",\"position\":2,\"name\":\"Slovensk\u00e1 gramatika\"}]},{\"@type\":\"WebSite\",\"@id\":\"https:\/\/talkpal.ai\/cs\/#website\",\"url\":\"https:\/\/talkpal.ai\/cs\/\",\"name\":\"Talkpal\",\"description\":\"AI Language Learning\",\"publisher\":{\"@id\":\"https:\/\/talkpal.ai\/cs\/#organization\"},\"alternateName\":\"Talkpal AI\",\"potentialAction\":[{\"@type\":\"SearchAction\",\"target\":{\"@type\":\"EntryPoint\",\"urlTemplate\":\"https:\/\/talkpal.ai\/cs\/?s={search_term_string}\"},\"query-input\":{\"@type\":\"PropertyValueSpecification\",\"valueRequired\":true,\"valueName\":\"search_term_string\"}}],\"inLanguage\":\"cs\"},{\"@type\":\"Organization\",\"@id\":\"https:\/\/talkpal.ai\/cs\/#organization\",\"name\":\"Talkpal, Inc.\",\"alternateName\":\"Talkpal AI\",\"url\":\"https:\/\/talkpal.ai\/cs\/\",\"logo\":{\"@type\":\"ImageObject\",\"inLanguage\":\"cs\",\"@id\":\"https:\/\/talkpal.ai\/cs\/#\/schema\/logo\/image\/\",\"url\":\"https:\/\/talkpal.ai\/wp-content\/uploads\/2024\/03\/Talkpal-Logo-Icon.png\",\"contentUrl\":\"https:\/\/talkpal.ai\/wp-content\/uploads\/2024\/03\/Talkpal-Logo-Icon.png\",\"width\":2880,\"height\":2880,\"caption\":\"Talkpal, Inc.\"},\"image\":{\"@id\":\"https:\/\/talkpal.ai\/cs\/#\/schema\/logo\/image\/\"},\"sameAs\":[\"https:\/\/www.facebook.com\/profile.php?id=100090733639311\",\"https:\/\/x.com\/talkpalai\",\"https:\/\/www.linkedin.com\/company\/talkpal\/\",\"https:\/\/www.youtube.com\/@TalkPal\/\",\"https:\/\/www.tiktok.com\/@talkpal\",\"https:\/\/www.instagram.com\/talkpal_ai\/\",\"https:\/\/www.crunchbase.com\/organization\/talkpal-9cde\",\"https:\/\/www.g2.com\/products\/talkpal-for-business\/\",\"https:\/\/www.trustpilot.com\/review\/talkpal.ai\",\"https:\/\/www.capterra.com\/p\/10006800\/TalkPal\/\"],\"description\":\"Talkpal is a language learning web and mobile education app, powered by the latest AI technologies, that provides engaging experiences to its customers in many different languages to help them improve their language skills. Users can chat about unlimited amount of topics with the app and use other modes to practice their language learning.\",\"email\":\"support@talkpal.ai\",\"legalName\":\"Talkpal, Inc.\",\"foundingDate\":\"2023-04-03\",\"duns\":\"118989042\",\"numberOfEmployees\":{\"@type\":\"QuantitativeValue\",\"minValue\":\"11\",\"maxValue\":\"50\"},\"publishingPrinciples\":\"https:\/\/talkpal.ai\/publishing-principles\/\",\"actionableFeedbackPolicy\":\"https:\/\/talkpal.ai\/actionable-feedback-policy\/\",\"correctionsPolicy\":\"https:\/\/talkpal.ai\/corrections-policy\/\",\"ethicsPolicy\":\"https:\/\/talkpal.ai\/ethics-policy\/\",\"diversityPolicy\":\"https:\/\/talkpal.ai\/diversity-policy\/\",\"diversityStaffingReport\":\"https:\/\/talkpal.ai\/diversity-policy\/\"}]}<\/script>\n<!-- \/ Yoast SEO Premium plugin. -->","yoast_head_json":{"title":"Slovensk\u00e1 gramatika - Talkpal","description":"Zvl\u00e1dn\u011bte slovenskou gramatiku s jasn\u00fdm vysv\u011btlen\u00edm, praktick\u00fdmi p\u0159\u00edklady a interaktivn\u00edmi cvi\u010den\u00edmi. Zlep\u0161ete sv\u00e9 dovednosti!","robots":{"index":"index","follow":"follow","max-snippet":"max-snippet:-1","max-image-preview":"max-image-preview:large","max-video-preview":"max-video-preview:-1"},"canonical":"https:\/\/talkpal.ai\/cs\/slovenska-gramatika\/","og_locale":"cs_CZ","og_type":"article","og_title":"Slovensk\u00e1 gramatika","og_description":"Slovensk\u00e1 gramatika: kl\u00ed\u010d k odemknut\u00ed kr\u00e1sn\u00e9ho jazyka Chyst\u00e1te se nau\u010dit sloven\u0161tinu nebo jste jen zv\u011bdav\u00ed na jej\u00ed jedine\u010dnou gramatiku? Jste na spr\u00e1vn\u00e9m","og_url":"https:\/\/talkpal.ai\/cs\/slovenska-gramatika\/","og_site_name":"Talkpal","article_publisher":"https:\/\/www.facebook.com\/profile.php?id=100090733639311","article_modified_time":"2025-12-12T11:12:42+00:00","og_image":[{"width":512,"height":512,"url":"https:\/\/talkpal.ai\/wp-content\/uploads\/2023\/05\/slovakia.png","type":"image\/png"}],"twitter_card":"summary_large_image","twitter_site":"@talkpalai","twitter_misc":{"Odhadovan\u00e1 doba \u010dten\u00ed":"4 minuty"},"schema":{"@context":"https:\/\/schema.org","@graph":[{"@type":"WebPage","@id":"https:\/\/talkpal.ai\/cs\/slovenska-gramatika\/","url":"https:\/\/talkpal.ai\/cs\/slovenska-gramatika\/","name":"Slovensk\u00e1 gramatika - Talkpal","isPartOf":{"@id":"https:\/\/talkpal.ai\/cs\/#website"},"primaryImageOfPage":{"@id":"https:\/\/talkpal.ai\/cs\/slovenska-gramatika\/#primaryimage"},"image":{"@id":"https:\/\/talkpal.ai\/cs\/slovenska-gramatika\/#primaryimage"},"thumbnailUrl":"https:\/\/talkpal.ai\/wp-content\/uploads\/2023\/05\/slovakia.png","datePublished":"2023-05-14T14:19:49+00:00","dateModified":"2025-12-12T11:12:42+00:00","description":"Zvl\u00e1dn\u011bte slovenskou gramatiku s jasn\u00fdm vysv\u011btlen\u00edm, praktick\u00fdmi p\u0159\u00edklady a interaktivn\u00edmi cvi\u010den\u00edmi. Zlep\u0161ete sv\u00e9 dovednosti!","breadcrumb":{"@id":"https:\/\/talkpal.ai\/cs\/slovenska-gramatika\/#breadcrumb"},"inLanguage":"cs","potentialAction":[{"@type":"ReadAction","target":["https:\/\/talkpal.ai\/cs\/slovenska-gramatika\/"]}]},{"@type":"ImageObject","inLanguage":"cs","@id":"https:\/\/talkpal.ai\/cs\/slovenska-gramatika\/#primaryimage","url":"https:\/\/talkpal.ai\/wp-content\/uploads\/2023\/05\/slovakia.png","contentUrl":"https:\/\/talkpal.ai\/wp-content\/uploads\/2023\/05\/slovakia.png","width":512,"height":512},{"@type":"BreadcrumbList","@id":"https:\/\/talkpal.ai\/cs\/slovenska-gramatika\/#breadcrumb","itemListElement":[{"@type":"ListItem","position":1,"name":"Homepage","item":"https:\/\/talkpal.ai\/cs\/"},{"@type":"ListItem","position":2,"name":"Slovensk\u00e1 gramatika"}]},{"@type":"WebSite","@id":"https:\/\/talkpal.ai\/cs\/#website","url":"https:\/\/talkpal.ai\/cs\/","name":"Talkpal","description":"AI Language Learning","publisher":{"@id":"https:\/\/talkpal.ai\/cs\/#organization"},"alternateName":"Talkpal AI","potentialAction":[{"@type":"SearchAction","target":{"@type":"EntryPoint","urlTemplate":"https:\/\/talkpal.ai\/cs\/?s={search_term_string}"},"query-input":{"@type":"PropertyValueSpecification","valueRequired":true,"valueName":"search_term_string"}}],"inLanguage":"cs"},{"@type":"Organization","@id":"https:\/\/talkpal.ai\/cs\/#organization","name":"Talkpal, Inc.","alternateName":"Talkpal AI","url":"https:\/\/talkpal.ai\/cs\/","logo":{"@type":"ImageObject","inLanguage":"cs","@id":"https:\/\/talkpal.ai\/cs\/#\/schema\/logo\/image\/","url":"https:\/\/talkpal.ai\/wp-content\/uploads\/2024\/03\/Talkpal-Logo-Icon.png","contentUrl":"https:\/\/talkpal.ai\/wp-content\/uploads\/2024\/03\/Talkpal-Logo-Icon.png","width":2880,"height":2880,"caption":"Talkpal, Inc."},"image":{"@id":"https:\/\/talkpal.ai\/cs\/#\/schema\/logo\/image\/"},"sameAs":["https:\/\/www.facebook.com\/profile.php?id=100090733639311","https:\/\/x.com\/talkpalai","https:\/\/www.linkedin.com\/company\/talkpal\/","https:\/\/www.youtube.com\/@TalkPal\/","https:\/\/www.tiktok.com\/@talkpal","https:\/\/www.instagram.com\/talkpal_ai\/","https:\/\/www.crunchbase.com\/organization\/talkpal-9cde","https:\/\/www.g2.com\/products\/talkpal-for-business\/","https:\/\/www.trustpilot.com\/review\/talkpal.ai","https:\/\/www.capterra.com\/p\/10006800\/TalkPal\/"],"description":"Talkpal is a language learning web and mobile education app, powered by the latest AI technologies, that provides engaging experiences to its customers in many different languages to help them improve their language skills. Users can chat about unlimited amount of topics with the app and use other modes to practice their language learning.","email":"support@talkpal.ai","legalName":"Talkpal, Inc.","foundingDate":"2023-04-03","duns":"118989042","numberOfEmployees":{"@type":"QuantitativeValue","minValue":"11","maxValue":"50"},"publishingPrinciples":"https:\/\/talkpal.ai\/publishing-principles\/","actionableFeedbackPolicy":"https:\/\/talkpal.ai\/actionable-feedback-policy\/","correctionsPolicy":"https:\/\/talkpal.ai\/corrections-policy\/","ethicsPolicy":"https:\/\/talkpal.ai\/ethics-policy\/","diversityPolicy":"https:\/\/talkpal.ai\/diversity-policy\/","diversityStaffingReport":"https:\/\/talkpal.ai\/diversity-policy\/"}]}},"_links":{"self":[{"href":"https:\/\/talkpal.ai\/cs\/wp-json\/wp\/v2\/pages\/150289","targetHints":{"allow":["GET"]}}],"collection":[{"href":"https:\/\/talkpal.ai\/cs\/wp-json\/wp\/v2\/pages"}],"about":[{"href":"https:\/\/talkpal.ai\/cs\/wp-json\/wp\/v2\/types\/page"}],"author":[{"embeddable":true,"href":"https:\/\/talkpal.ai\/cs\/wp-json\/wp\/v2\/users\/1"}],"replies":[{"embeddable":true,"href":"https:\/\/talkpal.ai\/cs\/wp-json\/wp\/v2\/comments?post=150289"}],"version-history":[{"count":0,"href":"https:\/\/talkpal.ai\/cs\/wp-json\/wp\/v2\/pages\/150289\/revisions"}],"wp:featuredmedia":[{"embeddable":true,"href":"https:\/\/talkpal.ai\/cs\/wp-json\/wp\/v2\/media\/119033"}],"wp:attachment":[{"href":"https:\/\/talkpal.ai\/cs\/wp-json\/wp\/v2\/media?parent=150289"}],"curies":[{"name":"wp","href":"https:\/\/api.w.org\/{rel}","templated":true}]}}