{"id":149954,"date":"2023-05-14T14:19:26","date_gmt":"2023-05-14T14:19:26","guid":{"rendered":"http:\/\/talkpal.ai\/srbska-gramatika\/"},"modified":"2025-12-17T15:37:38","modified_gmt":"2025-12-17T15:37:38","slug":"srbska-gramatika","status":"publish","type":"page","link":"https:\/\/talkpal.ai\/cs\/srbska-gramatika\/","title":{"rendered":"Srbsk\u00e1 gramatika"},"content":{"rendered":"\r\n\r\n\r\n<section class=\"languageChallengeSection\">\r\n    <div class=\"languageInfoWrapper\">\r\n        \r\n        <h1>Srbsk\u00e1 gramatika<\/h1>\r\n        <p>Za\u010dn\u011bte sv\u00e9 dobrodru\u017estv\u00ed s ru\u0161tinou a otev\u0159ete si dve\u0159e do bohat\u00e9 kultury a historie. Zvl\u00e1dnut\u00ed rusk\u00e9 gramatiky a slovn\u00ed z\u00e1soby roz\u0161\u00ed\u0159\u00ed va\u0161e mo\u017enosti cestov\u00e1n\u00ed, kari\u00e9ry a komunikace. Za\u010dn\u011bte se u\u010dit rusky je\u0161t\u011b dnes a ud\u011blejte prvn\u00ed krok k plynul\u00e9 v\u00fduce!\n\n<\/p>\r\n\r\n                            <a class=\"getStartedHidden\" href=\"https:\/\/app.talkpal.ai\/cs\/signup?lng=\">Za\u010dni<\/a>\r\n        \r\n    <\/div>\r\n\r\n    <figure>\r\n    <img decoding=\"async\" width=\"768\" height=\"768\" src=\"https:\/\/talkpal.ai\/wp-content\/uploads\/2023\/06\/serbian-768x768.png\" class=\"languageImage no-lazy\" alt=\"Fast-track to fluency with language learning\" fetchpriority=\"high\" sizes=\"(max-width: 768px) 150px, 768px\" srcset=\"https:\/\/talkpal.ai\/wp-content\/uploads\/2023\/06\/serbian-768x768.png 768w, https:\/\/talkpal.ai\/wp-content\/uploads\/2023\/06\/serbian-300x300.png 300w\" \/>\r\n    \r\n\r\n    <\/figure>\r\n\r\n            <a class=\"getStartedVisible\" href=\"https:\/\/app.talkpal.ai\/cs\/signup?lng=\">Za\u010dni<\/a>\r\n    \r\n<\/section>\r\n<section class=\"promotionalBanner\">\r\n    <p class=\"promotionalText\">Nejefektivn\u011bj\u0161\u00ed <a href=\"https:\/\/talkpal.ai\/best-way-to-learn\/\">zp\u016fsob<\/a>, jak se nau\u010dit jazyk<\/p>\r\n    <a class=\"promotionalLink\" href=\"https:\/\/app.talkpal.ai\/cs\/signup?lng=\">Vyzkou\u0161ejte Talkpal zdarma<\/a>\r\n<\/section>\n<div class=\"wp-block-group pageContainerStyle\"><div class=\"wp-block-group__inner-container is-layout-constrained wp-block-group-is-layout-constrained\">\n<h1 class=\"wp-block-heading\" id=\"h-serbian-grammar-unraveling-the-intricacies-of-the-south-slavic-language\">Srbsk\u00e1 gramatika: Rozlu\u0161t\u011bn\u00ed spletitosti jihoslovansk\u00e9ho jazyka<\/h1>\n\n\n\n<p>Vol\u00e1me v\u0161echny jazykov\u00e9 nad\u0161ence a milovn\u00edky Balk\u00e1nu! Uva\u017eovali jste n\u011bkdy o tom, \u017ee byste se pono\u0159ili do sv\u011bta srbsk\u00e9 gramatiky? <a href=\"https:\/\/talkpal.ai\/learn-serbian\/\">Srb\u0161tina<\/a>, jihoslovansk\u00fd jazyk, je \u00fa\u0159edn\u00edm jazykem Srbska a jedn\u00edm z \u00fa\u0159edn\u00edch jazyk\u016f Bosny a Hercegoviny. Tento zaj\u00edmav\u00fd jazyk, kter\u00fd m\u00e1 asi 9 milion\u016f rodil\u00fdch mluv\u010d\u00edch, sd\u00edl\u00ed podobnosti s chorvat\u0161tinou, bosen\u0161tinou a \u010dernohor\u0161tinou, ale m\u016f\u017ee se pochlubit charakteristick\u00fdmi rysy, kter\u00e9 jej odli\u0161uj\u00ed. V tomto \u010dl\u00e1nku prozkoum\u00e1me fascinuj\u00edc\u00ed aspekty srbsk\u00e9 gramatiky.<\/p>\n\n\n\n<h3 class=\"wp-block-heading\" id=\"h-the-dual-alphabet-cyrillic-and-latin\">Dvoj\u00ed abeceda: azbuka a latinka<\/h3>\n\n\n\n<p>Jednou z prvn\u00edch v\u011bc\u00ed, kter\u00e9 si na srb\u0161tin\u011b v\u0161imnete, je pou\u017e\u00edv\u00e1n\u00ed dvou abeced: Cyrilice a latinky. Srbsk\u00e1 cyrilice s 30 p\u00edsmeny byla standardizov\u00e1na lingvistou Vukem Karad\u017ei\u0107em v roce 1818 a je ofici\u00e1ln\u00ed abecedou zem\u011b. Latinsk\u00e1 abeceda, kter\u00e1 se tak\u00e9 skl\u00e1d\u00e1 z 30 p\u00edsmen, je v\u0161ak \u0161iroce pou\u017e\u00edv\u00e1na, zejm\u00e9na pro digit\u00e1ln\u00ed komunikaci a neform\u00e1ln\u00ed kontexty. Pou\u017eit\u00ed dvou abeced d\u00e1v\u00e1 srb\u0161tin\u011b jedine\u010dn\u00fd, v\u0161estrann\u00fd charakter.<\/p>\n\n\n\n<h3 class=\"wp-block-heading\" id=\"h-the-building-blocks-nouns-pronouns-and-cases\">Stavebn\u00ed bloky: podstatn\u00e1 jm\u00e9na, z\u00e1jmena a p\u00e1dy<\/h3>\n\n\n\n<p>Stejn\u011b jako ostatn\u00ed slovansk\u00e9 <a href=\"https:\/\/talkpal.ai\/what-language-is-spoken-on-the-international-space-station\/\">jazyky<\/a> se i <a href=\"https:\/\/talkpal.ai\/serbian-grammar\/\">srbsk\u00e1 gramatika<\/a> to\u010d\u00ed kolem sklo\u0148ov\u00e1n\u00ed, kdy slova m\u011bn\u00ed sv\u00e9 koncovky podle sv\u00e9 gramatick\u00e9 funkce. Nejv\u00edce je to patrn\u00e9 u podstatn\u00fdch jmen, z\u00e1jmen a p\u0159\u00eddavn\u00fdch jmen. Srb\u0161tina m\u00e1 sedm p\u0159\u00edpad\u016f:<\/p>\n\n\n\n<p><strong>1. Nominativ &#8211; ozna\u010duje podm\u011bt v\u011bty<\/strong><\/p>\n\n\n\n<p><strong>2. Genitiv &#8211; vyjad\u0159uje vlastnictv\u00ed, p\u0159edm\u011bt negace nebo partitivn\u00ed v\u00fdznam.<\/strong><\/p>\n\n\n\n<p><strong>3. Dativ &#8211; ozna\u010duje nep\u0159\u00edm\u00fd p\u0159edm\u011bt<\/strong><\/p>\n\n\n\n<p><strong>4. Akuzativ &#8211; ozna\u010duje p\u0159\u00edm\u00fd p\u0159edm\u011bt<\/strong><\/p>\n\n\n\n<p><strong>5. Vokativ &#8211; pou\u017e\u00edv\u00e1 se k osloven\u00ed nebo p\u0159ivol\u00e1n\u00ed n\u011bkoho.<\/strong><\/p>\n\n\n\n<p><strong>6. Instrument\u00e1l &#8211; vyjad\u0159uje prost\u0159edek nebo zp\u016fsob \u010dinnosti<\/strong><\/p>\n\n\n\n<p><strong>7. Lokativ &#8211; ur\u010duje m\u00edsto nebo p\u0159edm\u011bt ur\u010dit\u00fdch p\u0159edlo\u017eek<\/strong><\/p>\n\n\n\n<p>Srbsk\u00e1 podstatn\u00e1 jm\u00e9na maj\u00ed t\u0159i rody (mu\u017esk\u00fd, \u017eensk\u00fd a st\u0159edn\u00ed) a dv\u011b \u010d\u00edsla (jednotn\u00e9 a mno\u017en\u00e9 \u010d\u00edslo). Specifick\u00e9 koncovky pro jednotliv\u00e9 rody a \u010d\u00edsla se li\u0161\u00ed podle p\u00e1du, proto je nutn\u00e9 si tyto koncovky zapamatovat, abyste mohli sestavit gramaticky spr\u00e1vn\u00e9 v\u011bty.<\/p>\n\n\n\n<h3 class=\"wp-block-heading\" id=\"h-get-moving-with-verbs-tenses-aspects-and-moods\">H\u00fdbejte se se slovesy: \u010casy, aspekty a n\u00e1lady<\/h3>\n\n\n\n<p>Srbsk\u00e1 slovesa vykazuj\u00ed fascinuj\u00edc\u00ed slo\u017eitost s \u010dasy (minul\u00fd, p\u0159\u00edtomn\u00fd a budouc\u00ed), vidy (dokonav\u00fd a nedokonav\u00fd) a zp\u016fsoby (indikativn\u00ed, rozkazovac\u00ed a kondicion\u00e1l). Vid hraje v\u00fdznamnou roli v srbsk\u00fdch slovesech, proto\u017ee vyjad\u0159uje, zda je d\u011bj vid\u011bn jako dokon\u010den\u00fd (dokonav\u00fd) nebo pokra\u010duj\u00edc\u00ed (nedokonav\u00fd). Mnoho sloves se vyskytuje ve dvojic\u00edch, kter\u00e9 ozna\u010duj\u00ed r\u016fzn\u00e9 aspekty, \u010dasto pomoc\u00ed specifick\u00fdch p\u0159edpon nebo p\u0159\u00edpon.<\/p>\n\n\n\n<h3 class=\"wp-block-heading\" id=\"h-adjectives-adverbs-and-all-that-jazz\">P\u0159\u00eddavn\u00e1 jm\u00e9na, p\u0159\u00edslovce a v\u0161echen ten jazz<\/h3>\n\n\n\n<p>Srbsk\u00e1 p\u0159\u00eddavn\u00e1 jm\u00e9na souhlas\u00ed s podstatn\u00fdmi jm\u00e9ny, kter\u00e1 modifikuj\u00ed, pokud jde o rod, \u010d\u00edslo a p\u00e1d. Maj\u00ed tak\u00e9 komparativy a superlativy, kter\u00e9 vyjad\u0159uj\u00ed r\u016fzn\u00e9 stupn\u011b vlastnost\u00ed. Krom\u011b toho jsou p\u0159\u00edslovce \u010dasto odvozena od p\u0159\u00eddavn\u00fdch jmen a vyjad\u0159uj\u00ed r\u016fzn\u00e9 v\u00fdznamy, jako je \u010das, zp\u016fsob, m\u00edsto a stupe\u0148.<\/p>\n\n\n\n<p>Srb\u0161tina se tak\u00e9 m\u016f\u017ee pochlubit \u0159adou spojek, p\u0159edlo\u017eek, \u010d\u00edslovek a \u010d\u00e1stic, kter\u00e9 p\u0159isp\u00edvaj\u00ed ke kr\u00e1se jazyka a pom\u00e1haj\u00ed vytv\u00e1\u0159et slo\u017eit\u00e9 a smyslupln\u00e9 v\u011bty.<\/p>\n\n\n\n<h3 class=\"wp-block-heading\" id=\"h-embracing-the-world-of-serbian-grammar\">Sv\u011bt srbsk\u00e9 gramatiky<\/h3>\n\n\n\n<p><a href=\"https:\/\/talkpal.ai\/serbian-grammar\/\">Srbsk\u00e1 gramatika<\/a> se m\u016f\u017ee na prvn\u00ed pohled zd\u00e1t ohromuj\u00edc\u00ed. Kdy\u017e se v\u0161ak pono\u0159\u00edte hloub\u011bji do jeho bohat\u00e9 krajiny p\u00e1d\u016f, aspekt\u016f a jazykov\u00fdch zvl\u00e1\u0161tnost\u00ed, objev\u00edte \u017eiv\u00fd a v\u00fdrazn\u00fd jazyk. Studium srb\u0161tiny nejen zdokonal\u00ed va\u0161e porozum\u011bn\u00ed slovansk\u00e9 jazykov\u00e9 rodin\u011b, ale tak\u00e9 v\u00e1m pom\u016f\u017ee spojit se s podmanivou histori\u00ed a kulturou.<\/p>\n\n\n\n<p>Pro\u010d tedy nep\u0159ijmout v\u00fdzvu a neprozkoumat srbskou gramatiku hloub\u011bji? S vytrvalost\u00ed a v\u00e1\u0161n\u00ed se mo\u017en\u00e1 jednoho dne budete proch\u00e1zet ulicemi B\u011blehradu a \u017eiv\u011b konverzovat s m\u00edstn\u00edmi obyvateli v jejich rodn\u00e9m jazyce. \u0160\u0165astn\u00e9 u\u010den\u00ed!<\/p>\n<\/div><\/div>\n\r\n<section class=\"learnNavigationSection\">\r\n            \r\n        <a href=\"https:\/\/talkpal.ai\/cs\/naucte-se-srbsky\/\">\r\n            <div class=\"learnNavigationWrapper\">\r\n                <div class=\"learnNavigationContent\">\r\n                    <img decoding=\"async\" src=\"https:\/\/talkpal.ai\/wp-content\/uploads\/2024\/08\/Serbian.jpg\" alt=\"Serbian Flag\">\r\n                    <div>\r\n                        <h4>O vzd\u011bl\u00e1v\u00e1n\u00ed v Srbsku<\/h4>\r\n                        <p>Zjist\u011bte v\u0161e o srbsk\u00e9 gramatice.<\/p>\r\n                    <\/div>\r\n                <\/div>\r\n            <\/div>\r\n        <\/a>\r\n\r\n        \r\n        <a href=\"https:\/\/talkpal.ai\/cs\/cviceni-na-srbskou-gramatiku\/\">\r\n            <div class=\"learnNavigationWrapper\">\r\n                <div class=\"learnNavigationContent\">\r\n                    <img decoding=\"async\" src=\"https:\/\/talkpal.ai\/wp-content\/uploads\/2024\/08\/Serbian.jpg\" alt=\"Serbian Flag\">\r\n                    <div>\r\n                        <h4>Cvi\u010den\u00ed ze srbsk\u00e9 gramatiky<\/h4>\r\n                        <p>Procvi\u010dte si srbskou gramatiku.<\/p>\r\n                    <\/div>\r\n                <\/div>\r\n            <\/div>\r\n        <\/a>\r\n\r\n        \r\n        <a href=\"https:\/\/talkpal.ai\/vocabulary_language\/serbian\/\">\r\n            <div class=\"learnNavigationWrapper\">\r\n                <div class=\"learnNavigationContent\">\r\n                    <img decoding=\"async\" src=\"https:\/\/talkpal.ai\/wp-content\/uploads\/2024\/08\/Serbian.jpg\" alt=\"Serbian Flag\">\r\n                    <div>\r\n                        <h4>Srbsk\u00e1 slovn\u00ed z\u00e1soba<\/h4>\r\n                        <p>Roz\u0161i\u0159te si slovn\u00ed z\u00e1sobu srb\u0161tiny.<\/p>\r\n                    <\/div>\r\n                <\/div>\r\n            <\/div>\r\n        <\/a>\r\n\r\n            <\/section>","protected":false},"excerpt":{"rendered":"<p>Srbsk\u00e1 gramatika: Rozlu\u0161t\u011bn\u00ed spletitosti jihoslovansk\u00e9ho jazyka Vol\u00e1me v\u0161echny jazykov\u00e9 nad\u0161ence a milovn\u00edky Balk\u00e1nu! Uva\u017eovali jste n\u011bkdy o tom, \u017ee byste se pono\u0159ili do sv\u011bta srbsk\u00e9 gramatiky? Srb\u0161tina, jihoslovansk\u00fd jazyk, je \u00fa\u0159edn\u00edm jazykem Srbska a jedn\u00edm z \u00fa\u0159edn\u00edch jazyk\u016f Bosny a Hercegoviny. Tento zaj\u00edmav\u00fd jazyk, kter\u00fd m\u00e1 asi 9 milion\u016f rodil\u00fdch mluv\u010d\u00edch, sd\u00edl\u00ed podobnosti s chorvat\u0161tinou, [&hellip;]<\/p>\n","protected":false},"author":1,"featured_media":118396,"parent":0,"menu_order":0,"comment_status":"closed","ping_status":"closed","template":"LearningContentPage.php","meta":{"_acf_changed":false,"footnotes":""},"class_list":["post-149954","page","type-page","status-publish","has-post-thumbnail","hentry"],"acf":[],"yoast_head":"<!-- This site is optimized with the Yoast SEO Premium plugin v27.2 (Yoast SEO v27.2) - https:\/\/yoast.com\/product\/yoast-seo-premium-wordpress\/ -->\n<title>Srbsk\u00e1 gramatika - Talkpal<\/title>\n<meta name=\"description\" content=\"Prozkoumejte slo\u017eitosti srbsk\u00e9 gramatiky a objevte jedine\u010dn\u00e9 rysy, kter\u00e9 ji odli\u0161uj\u00ed od ostatn\u00edch balk\u00e1nsk\u00fdch jazyk\u016f.\" \/>\n<meta name=\"robots\" content=\"index, follow, max-snippet:-1, max-image-preview:large, max-video-preview:-1\" \/>\n<link rel=\"canonical\" href=\"https:\/\/talkpal.ai\/cs\/srbska-gramatika\/\" \/>\n<meta property=\"og:locale\" content=\"cs_CZ\" \/>\n<meta property=\"og:type\" content=\"article\" \/>\n<meta property=\"og:title\" content=\"Srbsk\u00e1 gramatika\" \/>\n<meta property=\"og:description\" content=\"Srbsk\u00e1 gramatika: Rozlu\u0161t\u011bn\u00ed spletitosti jihoslovansk\u00e9ho jazyka Vol\u00e1me v\u0161echny jazykov\u00e9 nad\u0161ence a milovn\u00edky Balk\u00e1nu! Uva\u017eovali jste n\u011bkdy o tom, \u017ee byste\" \/>\n<meta property=\"og:url\" content=\"https:\/\/talkpal.ai\/cs\/srbska-gramatika\/\" \/>\n<meta property=\"og:site_name\" content=\"Talkpal\" \/>\n<meta property=\"article:publisher\" content=\"https:\/\/www.facebook.com\/profile.php?id=100090733639311\" \/>\n<meta property=\"article:modified_time\" content=\"2025-12-17T15:37:38+00:00\" \/>\n<meta property=\"og:image\" content=\"https:\/\/talkpal.ai\/wp-content\/uploads\/2023\/05\/serbia.png\" \/>\n\t<meta property=\"og:image:width\" content=\"512\" \/>\n\t<meta property=\"og:image:height\" content=\"512\" \/>\n\t<meta property=\"og:image:type\" content=\"image\/png\" \/>\n<meta name=\"twitter:card\" content=\"summary_large_image\" \/>\n<meta name=\"twitter:site\" content=\"@talkpalai\" \/>\n<meta name=\"twitter:label1\" content=\"Odhadovan\u00e1 doba \u010dten\u00ed\" \/>\n\t<meta name=\"twitter:data1\" content=\"3 minuty\" \/>\n<script type=\"application\/ld+json\" class=\"yoast-schema-graph\">{\"@context\":\"https:\/\/schema.org\",\"@graph\":[{\"@type\":\"WebPage\",\"@id\":\"https:\/\/talkpal.ai\/cs\/srbska-gramatika\/\",\"url\":\"https:\/\/talkpal.ai\/cs\/srbska-gramatika\/\",\"name\":\"Srbsk\u00e1 gramatika - Talkpal\",\"isPartOf\":{\"@id\":\"https:\/\/talkpal.ai\/cs\/#website\"},\"primaryImageOfPage\":{\"@id\":\"https:\/\/talkpal.ai\/cs\/srbska-gramatika\/#primaryimage\"},\"image\":{\"@id\":\"https:\/\/talkpal.ai\/cs\/srbska-gramatika\/#primaryimage\"},\"thumbnailUrl\":\"https:\/\/talkpal.ai\/wp-content\/uploads\/2023\/05\/serbia.png\",\"datePublished\":\"2023-05-14T14:19:26+00:00\",\"dateModified\":\"2025-12-17T15:37:38+00:00\",\"description\":\"Prozkoumejte slo\u017eitosti srbsk\u00e9 gramatiky a objevte jedine\u010dn\u00e9 rysy, kter\u00e9 ji odli\u0161uj\u00ed od ostatn\u00edch balk\u00e1nsk\u00fdch jazyk\u016f.\",\"breadcrumb\":{\"@id\":\"https:\/\/talkpal.ai\/cs\/srbska-gramatika\/#breadcrumb\"},\"inLanguage\":\"cs\",\"potentialAction\":[{\"@type\":\"ReadAction\",\"target\":[\"https:\/\/talkpal.ai\/cs\/srbska-gramatika\/\"]}]},{\"@type\":\"ImageObject\",\"inLanguage\":\"cs\",\"@id\":\"https:\/\/talkpal.ai\/cs\/srbska-gramatika\/#primaryimage\",\"url\":\"https:\/\/talkpal.ai\/wp-content\/uploads\/2023\/05\/serbia.png\",\"contentUrl\":\"https:\/\/talkpal.ai\/wp-content\/uploads\/2023\/05\/serbia.png\",\"width\":512,\"height\":512},{\"@type\":\"BreadcrumbList\",\"@id\":\"https:\/\/talkpal.ai\/cs\/srbska-gramatika\/#breadcrumb\",\"itemListElement\":[{\"@type\":\"ListItem\",\"position\":1,\"name\":\"Homepage\",\"item\":\"https:\/\/talkpal.ai\/cs\/\"},{\"@type\":\"ListItem\",\"position\":2,\"name\":\"Srbsk\u00e1 gramatika\"}]},{\"@type\":\"WebSite\",\"@id\":\"https:\/\/talkpal.ai\/cs\/#website\",\"url\":\"https:\/\/talkpal.ai\/cs\/\",\"name\":\"Talkpal\",\"description\":\"AI Language Learning\",\"publisher\":{\"@id\":\"https:\/\/talkpal.ai\/cs\/#organization\"},\"alternateName\":\"Talkpal AI\",\"potentialAction\":[{\"@type\":\"SearchAction\",\"target\":{\"@type\":\"EntryPoint\",\"urlTemplate\":\"https:\/\/talkpal.ai\/cs\/?s={search_term_string}\"},\"query-input\":{\"@type\":\"PropertyValueSpecification\",\"valueRequired\":true,\"valueName\":\"search_term_string\"}}],\"inLanguage\":\"cs\"},{\"@type\":\"Organization\",\"@id\":\"https:\/\/talkpal.ai\/cs\/#organization\",\"name\":\"Talkpal, Inc.\",\"alternateName\":\"Talkpal AI\",\"url\":\"https:\/\/talkpal.ai\/cs\/\",\"logo\":{\"@type\":\"ImageObject\",\"inLanguage\":\"cs\",\"@id\":\"https:\/\/talkpal.ai\/cs\/#\/schema\/logo\/image\/\",\"url\":\"https:\/\/talkpal.ai\/wp-content\/uploads\/2024\/03\/Talkpal-Logo-Icon.png\",\"contentUrl\":\"https:\/\/talkpal.ai\/wp-content\/uploads\/2024\/03\/Talkpal-Logo-Icon.png\",\"width\":2880,\"height\":2880,\"caption\":\"Talkpal, Inc.\"},\"image\":{\"@id\":\"https:\/\/talkpal.ai\/cs\/#\/schema\/logo\/image\/\"},\"sameAs\":[\"https:\/\/www.facebook.com\/profile.php?id=100090733639311\",\"https:\/\/x.com\/talkpalai\",\"https:\/\/www.linkedin.com\/company\/talkpal\/\",\"https:\/\/www.youtube.com\/@TalkPal\/\",\"https:\/\/www.tiktok.com\/@talkpal\",\"https:\/\/www.instagram.com\/talkpal_ai\/\",\"https:\/\/www.crunchbase.com\/organization\/talkpal-9cde\",\"https:\/\/www.g2.com\/products\/talkpal-for-business\/\",\"https:\/\/www.trustpilot.com\/review\/talkpal.ai\",\"https:\/\/www.capterra.com\/p\/10006800\/TalkPal\/\"],\"description\":\"Talkpal is a language learning web and mobile education app, powered by the latest AI technologies, that provides engaging experiences to its customers in many different languages to help them improve their language skills. Users can chat about unlimited amount of topics with the app and use other modes to practice their language learning.\",\"email\":\"support@talkpal.ai\",\"legalName\":\"Talkpal, Inc.\",\"foundingDate\":\"2023-04-03\",\"duns\":\"118989042\",\"numberOfEmployees\":{\"@type\":\"QuantitativeValue\",\"minValue\":\"11\",\"maxValue\":\"50\"},\"publishingPrinciples\":\"https:\/\/talkpal.ai\/publishing-principles\/\",\"actionableFeedbackPolicy\":\"https:\/\/talkpal.ai\/actionable-feedback-policy\/\",\"correctionsPolicy\":\"https:\/\/talkpal.ai\/corrections-policy\/\",\"ethicsPolicy\":\"https:\/\/talkpal.ai\/ethics-policy\/\",\"diversityPolicy\":\"https:\/\/talkpal.ai\/diversity-policy\/\",\"diversityStaffingReport\":\"https:\/\/talkpal.ai\/diversity-policy\/\"}]}<\/script>\n<!-- \/ Yoast SEO Premium plugin. -->","yoast_head_json":{"title":"Srbsk\u00e1 gramatika - Talkpal","description":"Prozkoumejte slo\u017eitosti srbsk\u00e9 gramatiky a objevte jedine\u010dn\u00e9 rysy, kter\u00e9 ji odli\u0161uj\u00ed od ostatn\u00edch balk\u00e1nsk\u00fdch jazyk\u016f.","robots":{"index":"index","follow":"follow","max-snippet":"max-snippet:-1","max-image-preview":"max-image-preview:large","max-video-preview":"max-video-preview:-1"},"canonical":"https:\/\/talkpal.ai\/cs\/srbska-gramatika\/","og_locale":"cs_CZ","og_type":"article","og_title":"Srbsk\u00e1 gramatika","og_description":"Srbsk\u00e1 gramatika: Rozlu\u0161t\u011bn\u00ed spletitosti jihoslovansk\u00e9ho jazyka Vol\u00e1me v\u0161echny jazykov\u00e9 nad\u0161ence a milovn\u00edky Balk\u00e1nu! Uva\u017eovali jste n\u011bkdy o tom, \u017ee byste","og_url":"https:\/\/talkpal.ai\/cs\/srbska-gramatika\/","og_site_name":"Talkpal","article_publisher":"https:\/\/www.facebook.com\/profile.php?id=100090733639311","article_modified_time":"2025-12-17T15:37:38+00:00","og_image":[{"width":512,"height":512,"url":"https:\/\/talkpal.ai\/wp-content\/uploads\/2023\/05\/serbia.png","type":"image\/png"}],"twitter_card":"summary_large_image","twitter_site":"@talkpalai","twitter_misc":{"Odhadovan\u00e1 doba \u010dten\u00ed":"3 minuty"},"schema":{"@context":"https:\/\/schema.org","@graph":[{"@type":"WebPage","@id":"https:\/\/talkpal.ai\/cs\/srbska-gramatika\/","url":"https:\/\/talkpal.ai\/cs\/srbska-gramatika\/","name":"Srbsk\u00e1 gramatika - Talkpal","isPartOf":{"@id":"https:\/\/talkpal.ai\/cs\/#website"},"primaryImageOfPage":{"@id":"https:\/\/talkpal.ai\/cs\/srbska-gramatika\/#primaryimage"},"image":{"@id":"https:\/\/talkpal.ai\/cs\/srbska-gramatika\/#primaryimage"},"thumbnailUrl":"https:\/\/talkpal.ai\/wp-content\/uploads\/2023\/05\/serbia.png","datePublished":"2023-05-14T14:19:26+00:00","dateModified":"2025-12-17T15:37:38+00:00","description":"Prozkoumejte slo\u017eitosti srbsk\u00e9 gramatiky a objevte jedine\u010dn\u00e9 rysy, kter\u00e9 ji odli\u0161uj\u00ed od ostatn\u00edch balk\u00e1nsk\u00fdch jazyk\u016f.","breadcrumb":{"@id":"https:\/\/talkpal.ai\/cs\/srbska-gramatika\/#breadcrumb"},"inLanguage":"cs","potentialAction":[{"@type":"ReadAction","target":["https:\/\/talkpal.ai\/cs\/srbska-gramatika\/"]}]},{"@type":"ImageObject","inLanguage":"cs","@id":"https:\/\/talkpal.ai\/cs\/srbska-gramatika\/#primaryimage","url":"https:\/\/talkpal.ai\/wp-content\/uploads\/2023\/05\/serbia.png","contentUrl":"https:\/\/talkpal.ai\/wp-content\/uploads\/2023\/05\/serbia.png","width":512,"height":512},{"@type":"BreadcrumbList","@id":"https:\/\/talkpal.ai\/cs\/srbska-gramatika\/#breadcrumb","itemListElement":[{"@type":"ListItem","position":1,"name":"Homepage","item":"https:\/\/talkpal.ai\/cs\/"},{"@type":"ListItem","position":2,"name":"Srbsk\u00e1 gramatika"}]},{"@type":"WebSite","@id":"https:\/\/talkpal.ai\/cs\/#website","url":"https:\/\/talkpal.ai\/cs\/","name":"Talkpal","description":"AI Language Learning","publisher":{"@id":"https:\/\/talkpal.ai\/cs\/#organization"},"alternateName":"Talkpal AI","potentialAction":[{"@type":"SearchAction","target":{"@type":"EntryPoint","urlTemplate":"https:\/\/talkpal.ai\/cs\/?s={search_term_string}"},"query-input":{"@type":"PropertyValueSpecification","valueRequired":true,"valueName":"search_term_string"}}],"inLanguage":"cs"},{"@type":"Organization","@id":"https:\/\/talkpal.ai\/cs\/#organization","name":"Talkpal, Inc.","alternateName":"Talkpal AI","url":"https:\/\/talkpal.ai\/cs\/","logo":{"@type":"ImageObject","inLanguage":"cs","@id":"https:\/\/talkpal.ai\/cs\/#\/schema\/logo\/image\/","url":"https:\/\/talkpal.ai\/wp-content\/uploads\/2024\/03\/Talkpal-Logo-Icon.png","contentUrl":"https:\/\/talkpal.ai\/wp-content\/uploads\/2024\/03\/Talkpal-Logo-Icon.png","width":2880,"height":2880,"caption":"Talkpal, Inc."},"image":{"@id":"https:\/\/talkpal.ai\/cs\/#\/schema\/logo\/image\/"},"sameAs":["https:\/\/www.facebook.com\/profile.php?id=100090733639311","https:\/\/x.com\/talkpalai","https:\/\/www.linkedin.com\/company\/talkpal\/","https:\/\/www.youtube.com\/@TalkPal\/","https:\/\/www.tiktok.com\/@talkpal","https:\/\/www.instagram.com\/talkpal_ai\/","https:\/\/www.crunchbase.com\/organization\/talkpal-9cde","https:\/\/www.g2.com\/products\/talkpal-for-business\/","https:\/\/www.trustpilot.com\/review\/talkpal.ai","https:\/\/www.capterra.com\/p\/10006800\/TalkPal\/"],"description":"Talkpal is a language learning web and mobile education app, powered by the latest AI technologies, that provides engaging experiences to its customers in many different languages to help them improve their language skills. Users can chat about unlimited amount of topics with the app and use other modes to practice their language learning.","email":"support@talkpal.ai","legalName":"Talkpal, Inc.","foundingDate":"2023-04-03","duns":"118989042","numberOfEmployees":{"@type":"QuantitativeValue","minValue":"11","maxValue":"50"},"publishingPrinciples":"https:\/\/talkpal.ai\/publishing-principles\/","actionableFeedbackPolicy":"https:\/\/talkpal.ai\/actionable-feedback-policy\/","correctionsPolicy":"https:\/\/talkpal.ai\/corrections-policy\/","ethicsPolicy":"https:\/\/talkpal.ai\/ethics-policy\/","diversityPolicy":"https:\/\/talkpal.ai\/diversity-policy\/","diversityStaffingReport":"https:\/\/talkpal.ai\/diversity-policy\/"}]}},"_links":{"self":[{"href":"https:\/\/talkpal.ai\/cs\/wp-json\/wp\/v2\/pages\/149954","targetHints":{"allow":["GET"]}}],"collection":[{"href":"https:\/\/talkpal.ai\/cs\/wp-json\/wp\/v2\/pages"}],"about":[{"href":"https:\/\/talkpal.ai\/cs\/wp-json\/wp\/v2\/types\/page"}],"author":[{"embeddable":true,"href":"https:\/\/talkpal.ai\/cs\/wp-json\/wp\/v2\/users\/1"}],"replies":[{"embeddable":true,"href":"https:\/\/talkpal.ai\/cs\/wp-json\/wp\/v2\/comments?post=149954"}],"version-history":[{"count":0,"href":"https:\/\/talkpal.ai\/cs\/wp-json\/wp\/v2\/pages\/149954\/revisions"}],"wp:featuredmedia":[{"embeddable":true,"href":"https:\/\/talkpal.ai\/cs\/wp-json\/wp\/v2\/media\/118396"}],"wp:attachment":[{"href":"https:\/\/talkpal.ai\/cs\/wp-json\/wp\/v2\/media?parent=149954"}],"curies":[{"name":"wp","href":"https:\/\/api.w.org\/{rel}","templated":true}]}}