{"id":149407,"date":"2023-05-14T14:19:07","date_gmt":"2023-05-14T14:19:07","guid":{"rendered":"http:\/\/talkpal.ai\/rumunska-gramatika\/"},"modified":"2025-12-17T15:35:23","modified_gmt":"2025-12-17T15:35:23","slug":"rumunska-gramatika","status":"publish","type":"page","link":"https:\/\/talkpal.ai\/cs\/rumunska-gramatika\/","title":{"rendered":"Rumunsk\u00e1 gramatika"},"content":{"rendered":"\r\n\r\n\r\n<section class=\"languageChallengeSection\">\r\n    <div class=\"languageInfoWrapper\">\r\n        \r\n        <h1>Rumunsk\u00e1 gramatika<\/h1>\r\n        <p>Odhalte kr\u00e1su rumunsk\u00e9ho jazyka t\u00edm, \u017ee se nau\u010d\u00edte jeho z\u00e1kladn\u00ed gramatick\u00e1 pravidla. Zvl\u00e1dnut\u00ed rumunsk\u00e9 gramatiky v\u00e1m pom\u016f\u017ee komunikovat s jistotou a nav\u00e1zat kontakt s bohatou kulturou a histori\u00ed Rumunska. Za\u010dn\u011bte studovat rumunskou gramatiku je\u0161t\u011b dnes a ud\u011blejte prvn\u00ed krok k plynulosti jazyka!<\/p>\r\n\r\n                            <a class=\"getStartedHidden\" href=\"https:\/\/app.talkpal.ai\/cs\/signup?lng=\">Za\u010dni<\/a>\r\n        \r\n    <\/div>\r\n\r\n    <figure>\r\n    <img decoding=\"async\" width=\"768\" height=\"768\" src=\"https:\/\/talkpal.ai\/wp-content\/uploads\/2023\/06\/romanian-768x768.png\" class=\"languageImage no-lazy\" alt=\"Language learning for intellectual challenge\" fetchpriority=\"high\" sizes=\"(max-width: 768px) 150px, 768px\" srcset=\"https:\/\/talkpal.ai\/wp-content\/uploads\/2023\/06\/romanian-768x768.png 768w, https:\/\/talkpal.ai\/wp-content\/uploads\/2023\/06\/romanian-300x300.png 300w\" \/>\r\n    \r\n\r\n    <\/figure>\r\n\r\n            <a class=\"getStartedVisible\" href=\"https:\/\/app.talkpal.ai\/cs\/signup?lng=\">Za\u010dni<\/a>\r\n    \r\n<\/section>\r\n<section class=\"promotionalBanner\">\r\n    <p class=\"promotionalText\">Nejefektivn\u011bj\u0161\u00ed zp\u016fsob, jak se nau\u010dit jazyk<\/p>\r\n    <a class=\"promotionalLink\" href=\"https:\/\/app.talkpal.ai\/cs\/signup?lng=\">Vyzkou\u0161ejte Talkpal zdarma<\/a>\r\n<\/section>\n<div class=\"wp-block-group pageContainerStyle\"><div class=\"wp-block-group__inner-container is-layout-constrained wp-block-group-is-layout-constrained\">\n<h2 class=\"wp-block-heading\" id=\"h-unraveling-the-mysteries-of-romanian-grammar\">Odhalov\u00e1n\u00ed taj\u016f rumunsk\u00e9 gramatiky<\/h2>\n\n\n\n<p><a href=\"https:\/\/talkpal.ai\/learn-romanian\/\">Rumun\u0161tina<\/a>, jedin\u00fd rom\u00e1nsk\u00fd jazyk, kter\u00fdm se mluv\u00ed ve v\u00fdchodn\u00ed Evrop\u011b, nab\u00edz\u00ed jedine\u010dnou a zaj\u00edmavou jazykovou cestu. Rumun\u0161tina, kter\u00e1 je rozkro\u010dena mezi kulturn\u00edm d\u011bdictv\u00edm latinsk\u00e9ho i slovansk\u00e9ho sv\u011bta, m\u00e1 fascinuj\u00edc\u00ed historii a vzru\u0161uj\u00edc\u00ed gramatick\u00fd syst\u00e9m, kter\u00fd je t\u0159eba prozkoumat. A\u0165 u\u017e jste polyglot nebo jen hled\u00e1te nov\u00e9 jazykov\u00e9 dobrodru\u017estv\u00ed, p\u0159ipoutejte se a p\u0159ipravte se na objevov\u00e1n\u00ed kr\u00e1s rumunsk\u00e9 gramatiky!<\/p>\n\n\n\n<h3 class=\"wp-block-heading\" id=\"h-1-the-alphabet-a-familiar-friend-with-a-twist\">1. Abeceda: Zn\u00e1m\u00fd p\u0159\u00edtel s twistem<\/h3>\n\n\n\n<p>Rumunsk\u00e1 abeceda je zalo\u017eena na latince, kter\u00e1 se skl\u00e1d\u00e1 z 31 p\u00edsmen. Na\u0161t\u011bst\u00ed pro <a href=\"https:\/\/talkpal.ai\/english-speaking-course\/\">anglicky mluv\u00edc\u00ed<\/a> je docela podobn\u00e1 anglick\u00e9 abeced\u011b, pouze s n\u011bkolika dal\u0161\u00edmi znaky, kter\u00e9 reprezentuj\u00ed specifick\u00e9 rumunsk\u00e9 zvuky. S trochou cviku bude zvl\u00e1dnut\u00ed z\u00e1klad\u016f (jako je hl\u00e1skov\u00e1n\u00ed jm\u00e9na nebo \u010dten\u00ed pouli\u010dn\u00edch zna\u010dek) hra\u010dkou!<\/p>\n\n\n\n<h3 class=\"wp-block-heading\" id=\"h-2-nouns-meet-cases-the-dynamic-duo\">2. P\u0159\u00edpady seznamov\u00e1n\u00ed podstatn\u00fdch jmen: Dynamick\u00e9 duo<\/h3>\n\n\n\n<p>Rumunsk\u00e1 podstatn\u00e1 jm\u00e9na se d\u011bl\u00ed na t\u0159i rody (mu\u017esk\u00fd, \u017eensk\u00fd a st\u0159edn\u00ed) a m\u011bn\u00ed tvar v z\u00e1vislosti na gramatick\u00e9m p\u00e1du (nominativ, genitiv, dativ, akuzativ nebo vokativ). I kdy\u017e se to na prvn\u00ed pohled m\u016f\u017ee zd\u00e1t skli\u010duj\u00edc\u00ed, tento syst\u00e9m d\u00e1v\u00e1 rumun\u0161tin\u011b bohatost, kter\u00e1 umo\u017e\u0148uje nuance a kreativitu p\u0159i skl\u00e1d\u00e1n\u00ed v\u011bt, d\u00edky \u010demu\u017e je va\u0161e jazykov\u00e1 cesta o to p\u0159\u00ednosn\u011bj\u0161\u00ed.<\/p>\n\n\n\n<h3 class=\"wp-block-heading\" id=\"h-3-verbs-conjugating-your-way-to-success\">3. Slovesa: \u010casov\u00e1n\u00ed na cest\u011b k \u00fasp\u011bchu<\/h3>\n\n\n\n<p>\u010casov\u00e1n\u00ed rumunsk\u00fdch sloves, i kdy\u017e je o n\u011bco p\u0159\u00edmo\u010da\u0159ej\u0161\u00ed ne\u017e sklo\u0148ov\u00e1n\u00ed podstatn\u00fdch jmen, je st\u00e1le mnohostrann\u00fd proces. Slovesa m\u011bn\u00ed tvar v z\u00e1vislosti na \u010dase, n\u00e1lad\u011b, hlase a osob\u011b a \u010d\u00edsle podm\u011btu. Jako jemn\u011b vylad\u011bn\u00fd n\u00e1stroj mohou rumunsk\u00e1 slovesa vyjad\u0159ovat \u0161irokou \u0161k\u00e1lu akc\u00ed, emoc\u00ed a z\u00e1m\u011br\u016f, co\u017e umo\u017e\u0148uje p\u0159esn\u00e9 i poetick\u00e9 vyj\u00e1d\u0159en\u00ed.<\/p>\n\n\n\n<h3 class=\"wp-block-heading\" id=\"h-4-flexible-word-order-shuffle-the-sentences\">4. Flexibiln\u00ed slovosled: Zam\u00edchejte v\u011bty<\/h3>\n\n\n\n<p>Rumun\u0161tina je pom\u011brn\u011b flexibiln\u00ed, pokud jde o slovosled, co\u017e v\u00e1m umo\u017e\u0148uje uspo\u0159\u00e1dat podm\u011bty, slovesa a p\u0159edm\u011bty r\u016fzn\u00fdmi zp\u016fsoby, ani\u017e byste ohrozili v\u00fdznam. Tato flexibilita m\u016f\u017ee p\u0159idat d\u016fraz, vytvo\u0159it kontrasty nebo jednodu\u0161e u\u010dinit \u0159e\u010d poutav\u011bj\u0161\u00ed. Jakmile se v rumun\u0161tin\u011b zdokonal\u00edte, bude v\u00e1s bavit experimentovat s r\u016fzn\u00fdmi zp\u016fsoby, jak \u0159\u00edct stejnou v\u011bc, a naj\u00edt ide\u00e1ln\u00ed t\u00f3n pro ka\u017edou situaci.<\/p>\n\n\n\n<h3 class=\"wp-block-heading\" id=\"h-5-wading-deeper-language-through-culture\">5. Brodit se hloub\u011bji: Jazyk prost\u0159ednictv\u00edm kultury<\/h3>\n\n\n\n<p>Chcete-li rumun\u0161tinu skute\u010dn\u011b ocenit, mus\u00edte se pono\u0159it hloub\u011bji do kultury, historie a my\u0161len\u00ed, kter\u00e9 tento jazyk formovaly. Spojte se s rodil\u00fdmi mluv\u010d\u00edmi, prozkoumejte rumunskou literaturu a pono\u0159te se do m\u00edstn\u00edch zvyk\u016f a tradic. P\u0159itom si nejen zlep\u0161\u00edte jazykov\u00e9 znalosti, ale tak\u00e9 objev\u00edte mnohotv\u00e1rnou kr\u00e1su rumunsk\u00e9 kultury.<\/p>\n\n\n\n<h3 class=\"wp-block-heading\" id=\"h-in-conclusion-embrace-the-magic-of-romanian-grammar\">Na z\u00e1v\u011br: P\u0159ijm\u011bte kouzlo rumunsk\u00e9 gramatiky<\/h3>\n\n\n\n<p><a href=\"https:\/\/talkpal.ai\/romanian-grammar\/\">Rumunsk\u00e1 gramatika<\/a> se m\u016f\u017ee zpo\u010d\u00e1tku zd\u00e1t jako z\u00e1hada, ale s \u010dasem, trp\u011blivost\u00ed a velk\u00fdm z\u00e1jmem o jazyk odhal\u00edte tajemstv\u00ed tohoto pozoruhodn\u00e9ho jazykov\u00e9ho pokladu. Tak pro\u010d \u010dekat? Za\u010dn\u011bte svou cestu rumun\u0161tinou je\u0161t\u011b dnes a kochejte se kr\u00e1sou jej\u00ed gramatiky, kultury a podmaniv\u00e9ho sv\u011bta, kter\u00fd se v\u00e1m otev\u00edr\u00e1.<\/p>\n<\/div><\/div>\n\r\n<section class=\"learnNavigationSection\">\r\n            \r\n        <a href=\"https:\/\/talkpal.ai\/cs\/naucte-se-rumunsky\/\">\r\n            <div class=\"learnNavigationWrapper\">\r\n                <div class=\"learnNavigationContent\">\r\n                    <img decoding=\"async\" src=\"https:\/\/talkpal.ai\/wp-content\/uploads\/2024\/08\/Romanian.jpg\" alt=\"Romanian Flag\">\r\n                    <div>\r\n                        <h4>O studiu rumun\u0161tiny<\/h4>\r\n                        <p>Zjist\u011bte v\u0161e o rumunsk\u00e9 gramatice.<\/p>\r\n                    <\/div>\r\n                <\/div>\r\n            <\/div>\r\n        <\/a>\r\n\r\n        \r\n        <a href=\"https:\/\/talkpal.ai\/cs\/rumunska-gramaticka-cviceni\/\">\r\n            <div class=\"learnNavigationWrapper\">\r\n                <div class=\"learnNavigationContent\">\r\n                    <img decoding=\"async\" src=\"https:\/\/talkpal.ai\/wp-content\/uploads\/2024\/08\/Romanian.jpg\" alt=\"Romanian Flag\">\r\n                    <div>\r\n                        <h4>Cvi\u010den\u00ed z rumunsk\u00e9 gramatiky<\/h4>\r\n                        <p>Procvi\u010dte si rumunskou gramatiku.<\/p>\r\n                    <\/div>\r\n                <\/div>\r\n            <\/div>\r\n        <\/a>\r\n\r\n        \r\n        <a href=\"https:\/\/talkpal.ai\/vocabulary_language\/romanian\/\">\r\n            <div class=\"learnNavigationWrapper\">\r\n                <div class=\"learnNavigationContent\">\r\n                    <img decoding=\"async\" src=\"https:\/\/talkpal.ai\/wp-content\/uploads\/2024\/08\/Romanian.jpg\" alt=\"Romanian Flag\">\r\n                    <div>\r\n                        <h4>Rumunsk\u00e1 slovn\u00ed z\u00e1soba<\/h4>\r\n                        <p>Roz\u0161i\u0159te si slovn\u00ed z\u00e1sobu rumun\u0161tiny.<\/p>\r\n                    <\/div>\r\n                <\/div>\r\n            <\/div>\r\n        <\/a>\r\n\r\n            <\/section>","protected":false},"excerpt":{"rendered":"<p>Odhalov\u00e1n\u00ed taj\u016f rumunsk\u00e9 gramatiky Rumun\u0161tina, jedin\u00fd rom\u00e1nsk\u00fd jazyk, kter\u00fdm se mluv\u00ed ve v\u00fdchodn\u00ed Evrop\u011b, nab\u00edz\u00ed jedine\u010dnou a zaj\u00edmavou jazykovou cestu. Rumun\u0161tina, kter\u00e1 je rozkro\u010dena mezi kulturn\u00edm d\u011bdictv\u00edm latinsk\u00e9ho i slovansk\u00e9ho sv\u011bta, m\u00e1 fascinuj\u00edc\u00ed historii a vzru\u0161uj\u00edc\u00ed gramatick\u00fd syst\u00e9m, kter\u00fd je t\u0159eba prozkoumat. A\u0165 u\u017e jste polyglot nebo jen hled\u00e1te nov\u00e9 jazykov\u00e9 dobrodru\u017estv\u00ed, p\u0159ipoutejte se a [&hellip;]<\/p>\n","protected":false},"author":1,"featured_media":117963,"parent":0,"menu_order":0,"comment_status":"closed","ping_status":"closed","template":"LearningContentPage.php","meta":{"_acf_changed":false,"footnotes":""},"class_list":["post-149407","page","type-page","status-publish","has-post-thumbnail","hentry"],"acf":[],"yoast_head":"<!-- This site is optimized with the Yoast SEO Premium plugin v27.2 (Yoast SEO v27.2) - https:\/\/yoast.com\/product\/yoast-seo-premium-wordpress\/ -->\n<title>Rumunsk\u00e1 gramatika - Talkpal<\/title>\n<meta name=\"description\" content=\"Prozkoumejte fascinuj\u00edc\u00ed sv\u011bt rumunsk\u00e9 gramatiky a objevte jedine\u010dn\u00e9 vlastnosti tohoto kr\u00e1sn\u00e9ho rom\u00e1nsk\u00e9ho jazyka.\" \/>\n<meta name=\"robots\" content=\"index, follow, max-snippet:-1, max-image-preview:large, max-video-preview:-1\" \/>\n<link rel=\"canonical\" href=\"https:\/\/talkpal.ai\/cs\/rumunska-gramatika\/\" \/>\n<meta property=\"og:locale\" content=\"cs_CZ\" \/>\n<meta property=\"og:type\" content=\"article\" \/>\n<meta property=\"og:title\" content=\"Rumunsk\u00e1 gramatika\" \/>\n<meta property=\"og:description\" content=\"Odhalov\u00e1n\u00ed taj\u016f rumunsk\u00e9 gramatiky Rumun\u0161tina, jedin\u00fd rom\u00e1nsk\u00fd jazyk, kter\u00fdm se mluv\u00ed ve v\u00fdchodn\u00ed Evrop\u011b, nab\u00edz\u00ed jedine\u010dnou a zaj\u00edmavou jazykovou cestu.\" \/>\n<meta property=\"og:url\" content=\"https:\/\/talkpal.ai\/cs\/rumunska-gramatika\/\" \/>\n<meta property=\"og:site_name\" content=\"Talkpal\" \/>\n<meta property=\"article:publisher\" content=\"https:\/\/www.facebook.com\/profile.php?id=100090733639311\" \/>\n<meta property=\"article:modified_time\" content=\"2025-12-17T15:35:23+00:00\" \/>\n<meta property=\"og:image\" content=\"https:\/\/talkpal.ai\/wp-content\/uploads\/2023\/05\/romania.png\" \/>\n\t<meta property=\"og:image:width\" content=\"512\" \/>\n\t<meta property=\"og:image:height\" content=\"512\" \/>\n\t<meta property=\"og:image:type\" content=\"image\/png\" \/>\n<meta name=\"twitter:card\" content=\"summary_large_image\" \/>\n<meta name=\"twitter:site\" content=\"@talkpalai\" \/>\n<meta name=\"twitter:label1\" content=\"Odhadovan\u00e1 doba \u010dten\u00ed\" \/>\n\t<meta name=\"twitter:data1\" content=\"3 minuty\" \/>\n<script type=\"application\/ld+json\" class=\"yoast-schema-graph\">{\"@context\":\"https:\/\/schema.org\",\"@graph\":[{\"@type\":\"WebPage\",\"@id\":\"https:\/\/talkpal.ai\/cs\/rumunska-gramatika\/\",\"url\":\"https:\/\/talkpal.ai\/cs\/rumunska-gramatika\/\",\"name\":\"Rumunsk\u00e1 gramatika - Talkpal\",\"isPartOf\":{\"@id\":\"https:\/\/talkpal.ai\/cs\/#website\"},\"primaryImageOfPage\":{\"@id\":\"https:\/\/talkpal.ai\/cs\/rumunska-gramatika\/#primaryimage\"},\"image\":{\"@id\":\"https:\/\/talkpal.ai\/cs\/rumunska-gramatika\/#primaryimage\"},\"thumbnailUrl\":\"https:\/\/talkpal.ai\/wp-content\/uploads\/2023\/05\/romania.png\",\"datePublished\":\"2023-05-14T14:19:07+00:00\",\"dateModified\":\"2025-12-17T15:35:23+00:00\",\"description\":\"Prozkoumejte fascinuj\u00edc\u00ed sv\u011bt rumunsk\u00e9 gramatiky a objevte jedine\u010dn\u00e9 vlastnosti tohoto kr\u00e1sn\u00e9ho rom\u00e1nsk\u00e9ho jazyka.\",\"breadcrumb\":{\"@id\":\"https:\/\/talkpal.ai\/cs\/rumunska-gramatika\/#breadcrumb\"},\"inLanguage\":\"cs\",\"potentialAction\":[{\"@type\":\"ReadAction\",\"target\":[\"https:\/\/talkpal.ai\/cs\/rumunska-gramatika\/\"]}]},{\"@type\":\"ImageObject\",\"inLanguage\":\"cs\",\"@id\":\"https:\/\/talkpal.ai\/cs\/rumunska-gramatika\/#primaryimage\",\"url\":\"https:\/\/talkpal.ai\/wp-content\/uploads\/2023\/05\/romania.png\",\"contentUrl\":\"https:\/\/talkpal.ai\/wp-content\/uploads\/2023\/05\/romania.png\",\"width\":512,\"height\":512},{\"@type\":\"BreadcrumbList\",\"@id\":\"https:\/\/talkpal.ai\/cs\/rumunska-gramatika\/#breadcrumb\",\"itemListElement\":[{\"@type\":\"ListItem\",\"position\":1,\"name\":\"Homepage\",\"item\":\"https:\/\/talkpal.ai\/cs\/\"},{\"@type\":\"ListItem\",\"position\":2,\"name\":\"Rumunsk\u00e1 gramatika\"}]},{\"@type\":\"WebSite\",\"@id\":\"https:\/\/talkpal.ai\/cs\/#website\",\"url\":\"https:\/\/talkpal.ai\/cs\/\",\"name\":\"Talkpal\",\"description\":\"AI Language Learning\",\"publisher\":{\"@id\":\"https:\/\/talkpal.ai\/cs\/#organization\"},\"alternateName\":\"Talkpal AI\",\"potentialAction\":[{\"@type\":\"SearchAction\",\"target\":{\"@type\":\"EntryPoint\",\"urlTemplate\":\"https:\/\/talkpal.ai\/cs\/?s={search_term_string}\"},\"query-input\":{\"@type\":\"PropertyValueSpecification\",\"valueRequired\":true,\"valueName\":\"search_term_string\"}}],\"inLanguage\":\"cs\"},{\"@type\":\"Organization\",\"@id\":\"https:\/\/talkpal.ai\/cs\/#organization\",\"name\":\"Talkpal, Inc.\",\"alternateName\":\"Talkpal AI\",\"url\":\"https:\/\/talkpal.ai\/cs\/\",\"logo\":{\"@type\":\"ImageObject\",\"inLanguage\":\"cs\",\"@id\":\"https:\/\/talkpal.ai\/cs\/#\/schema\/logo\/image\/\",\"url\":\"https:\/\/talkpal.ai\/wp-content\/uploads\/2024\/03\/Talkpal-Logo-Icon.png\",\"contentUrl\":\"https:\/\/talkpal.ai\/wp-content\/uploads\/2024\/03\/Talkpal-Logo-Icon.png\",\"width\":2880,\"height\":2880,\"caption\":\"Talkpal, Inc.\"},\"image\":{\"@id\":\"https:\/\/talkpal.ai\/cs\/#\/schema\/logo\/image\/\"},\"sameAs\":[\"https:\/\/www.facebook.com\/profile.php?id=100090733639311\",\"https:\/\/x.com\/talkpalai\",\"https:\/\/www.linkedin.com\/company\/talkpal\/\",\"https:\/\/www.youtube.com\/@TalkPal\/\",\"https:\/\/www.tiktok.com\/@talkpal\",\"https:\/\/www.instagram.com\/talkpal_ai\/\",\"https:\/\/www.crunchbase.com\/organization\/talkpal-9cde\",\"https:\/\/www.g2.com\/products\/talkpal-for-business\/\",\"https:\/\/www.trustpilot.com\/review\/talkpal.ai\",\"https:\/\/www.capterra.com\/p\/10006800\/TalkPal\/\"],\"description\":\"Talkpal is a language learning web and mobile education app, powered by the latest AI technologies, that provides engaging experiences to its customers in many different languages to help them improve their language skills. Users can chat about unlimited amount of topics with the app and use other modes to practice their language learning.\",\"email\":\"support@talkpal.ai\",\"legalName\":\"Talkpal, Inc.\",\"foundingDate\":\"2023-04-03\",\"duns\":\"118989042\",\"numberOfEmployees\":{\"@type\":\"QuantitativeValue\",\"minValue\":\"11\",\"maxValue\":\"50\"},\"publishingPrinciples\":\"https:\/\/talkpal.ai\/publishing-principles\/\",\"actionableFeedbackPolicy\":\"https:\/\/talkpal.ai\/actionable-feedback-policy\/\",\"correctionsPolicy\":\"https:\/\/talkpal.ai\/corrections-policy\/\",\"ethicsPolicy\":\"https:\/\/talkpal.ai\/ethics-policy\/\",\"diversityPolicy\":\"https:\/\/talkpal.ai\/diversity-policy\/\",\"diversityStaffingReport\":\"https:\/\/talkpal.ai\/diversity-policy\/\"}]}<\/script>\n<!-- \/ Yoast SEO Premium plugin. -->","yoast_head_json":{"title":"Rumunsk\u00e1 gramatika - Talkpal","description":"Prozkoumejte fascinuj\u00edc\u00ed sv\u011bt rumunsk\u00e9 gramatiky a objevte jedine\u010dn\u00e9 vlastnosti tohoto kr\u00e1sn\u00e9ho rom\u00e1nsk\u00e9ho jazyka.","robots":{"index":"index","follow":"follow","max-snippet":"max-snippet:-1","max-image-preview":"max-image-preview:large","max-video-preview":"max-video-preview:-1"},"canonical":"https:\/\/talkpal.ai\/cs\/rumunska-gramatika\/","og_locale":"cs_CZ","og_type":"article","og_title":"Rumunsk\u00e1 gramatika","og_description":"Odhalov\u00e1n\u00ed taj\u016f rumunsk\u00e9 gramatiky Rumun\u0161tina, jedin\u00fd rom\u00e1nsk\u00fd jazyk, kter\u00fdm se mluv\u00ed ve v\u00fdchodn\u00ed Evrop\u011b, nab\u00edz\u00ed jedine\u010dnou a zaj\u00edmavou jazykovou cestu.","og_url":"https:\/\/talkpal.ai\/cs\/rumunska-gramatika\/","og_site_name":"Talkpal","article_publisher":"https:\/\/www.facebook.com\/profile.php?id=100090733639311","article_modified_time":"2025-12-17T15:35:23+00:00","og_image":[{"width":512,"height":512,"url":"https:\/\/talkpal.ai\/wp-content\/uploads\/2023\/05\/romania.png","type":"image\/png"}],"twitter_card":"summary_large_image","twitter_site":"@talkpalai","twitter_misc":{"Odhadovan\u00e1 doba \u010dten\u00ed":"3 minuty"},"schema":{"@context":"https:\/\/schema.org","@graph":[{"@type":"WebPage","@id":"https:\/\/talkpal.ai\/cs\/rumunska-gramatika\/","url":"https:\/\/talkpal.ai\/cs\/rumunska-gramatika\/","name":"Rumunsk\u00e1 gramatika - Talkpal","isPartOf":{"@id":"https:\/\/talkpal.ai\/cs\/#website"},"primaryImageOfPage":{"@id":"https:\/\/talkpal.ai\/cs\/rumunska-gramatika\/#primaryimage"},"image":{"@id":"https:\/\/talkpal.ai\/cs\/rumunska-gramatika\/#primaryimage"},"thumbnailUrl":"https:\/\/talkpal.ai\/wp-content\/uploads\/2023\/05\/romania.png","datePublished":"2023-05-14T14:19:07+00:00","dateModified":"2025-12-17T15:35:23+00:00","description":"Prozkoumejte fascinuj\u00edc\u00ed sv\u011bt rumunsk\u00e9 gramatiky a objevte jedine\u010dn\u00e9 vlastnosti tohoto kr\u00e1sn\u00e9ho rom\u00e1nsk\u00e9ho jazyka.","breadcrumb":{"@id":"https:\/\/talkpal.ai\/cs\/rumunska-gramatika\/#breadcrumb"},"inLanguage":"cs","potentialAction":[{"@type":"ReadAction","target":["https:\/\/talkpal.ai\/cs\/rumunska-gramatika\/"]}]},{"@type":"ImageObject","inLanguage":"cs","@id":"https:\/\/talkpal.ai\/cs\/rumunska-gramatika\/#primaryimage","url":"https:\/\/talkpal.ai\/wp-content\/uploads\/2023\/05\/romania.png","contentUrl":"https:\/\/talkpal.ai\/wp-content\/uploads\/2023\/05\/romania.png","width":512,"height":512},{"@type":"BreadcrumbList","@id":"https:\/\/talkpal.ai\/cs\/rumunska-gramatika\/#breadcrumb","itemListElement":[{"@type":"ListItem","position":1,"name":"Homepage","item":"https:\/\/talkpal.ai\/cs\/"},{"@type":"ListItem","position":2,"name":"Rumunsk\u00e1 gramatika"}]},{"@type":"WebSite","@id":"https:\/\/talkpal.ai\/cs\/#website","url":"https:\/\/talkpal.ai\/cs\/","name":"Talkpal","description":"AI Language Learning","publisher":{"@id":"https:\/\/talkpal.ai\/cs\/#organization"},"alternateName":"Talkpal AI","potentialAction":[{"@type":"SearchAction","target":{"@type":"EntryPoint","urlTemplate":"https:\/\/talkpal.ai\/cs\/?s={search_term_string}"},"query-input":{"@type":"PropertyValueSpecification","valueRequired":true,"valueName":"search_term_string"}}],"inLanguage":"cs"},{"@type":"Organization","@id":"https:\/\/talkpal.ai\/cs\/#organization","name":"Talkpal, Inc.","alternateName":"Talkpal AI","url":"https:\/\/talkpal.ai\/cs\/","logo":{"@type":"ImageObject","inLanguage":"cs","@id":"https:\/\/talkpal.ai\/cs\/#\/schema\/logo\/image\/","url":"https:\/\/talkpal.ai\/wp-content\/uploads\/2024\/03\/Talkpal-Logo-Icon.png","contentUrl":"https:\/\/talkpal.ai\/wp-content\/uploads\/2024\/03\/Talkpal-Logo-Icon.png","width":2880,"height":2880,"caption":"Talkpal, Inc."},"image":{"@id":"https:\/\/talkpal.ai\/cs\/#\/schema\/logo\/image\/"},"sameAs":["https:\/\/www.facebook.com\/profile.php?id=100090733639311","https:\/\/x.com\/talkpalai","https:\/\/www.linkedin.com\/company\/talkpal\/","https:\/\/www.youtube.com\/@TalkPal\/","https:\/\/www.tiktok.com\/@talkpal","https:\/\/www.instagram.com\/talkpal_ai\/","https:\/\/www.crunchbase.com\/organization\/talkpal-9cde","https:\/\/www.g2.com\/products\/talkpal-for-business\/","https:\/\/www.trustpilot.com\/review\/talkpal.ai","https:\/\/www.capterra.com\/p\/10006800\/TalkPal\/"],"description":"Talkpal is a language learning web and mobile education app, powered by the latest AI technologies, that provides engaging experiences to its customers in many different languages to help them improve their language skills. Users can chat about unlimited amount of topics with the app and use other modes to practice their language learning.","email":"support@talkpal.ai","legalName":"Talkpal, Inc.","foundingDate":"2023-04-03","duns":"118989042","numberOfEmployees":{"@type":"QuantitativeValue","minValue":"11","maxValue":"50"},"publishingPrinciples":"https:\/\/talkpal.ai\/publishing-principles\/","actionableFeedbackPolicy":"https:\/\/talkpal.ai\/actionable-feedback-policy\/","correctionsPolicy":"https:\/\/talkpal.ai\/corrections-policy\/","ethicsPolicy":"https:\/\/talkpal.ai\/ethics-policy\/","diversityPolicy":"https:\/\/talkpal.ai\/diversity-policy\/","diversityStaffingReport":"https:\/\/talkpal.ai\/diversity-policy\/"}]}},"_links":{"self":[{"href":"https:\/\/talkpal.ai\/cs\/wp-json\/wp\/v2\/pages\/149407","targetHints":{"allow":["GET"]}}],"collection":[{"href":"https:\/\/talkpal.ai\/cs\/wp-json\/wp\/v2\/pages"}],"about":[{"href":"https:\/\/talkpal.ai\/cs\/wp-json\/wp\/v2\/types\/page"}],"author":[{"embeddable":true,"href":"https:\/\/talkpal.ai\/cs\/wp-json\/wp\/v2\/users\/1"}],"replies":[{"embeddable":true,"href":"https:\/\/talkpal.ai\/cs\/wp-json\/wp\/v2\/comments?post=149407"}],"version-history":[{"count":0,"href":"https:\/\/talkpal.ai\/cs\/wp-json\/wp\/v2\/pages\/149407\/revisions"}],"wp:featuredmedia":[{"embeddable":true,"href":"https:\/\/talkpal.ai\/cs\/wp-json\/wp\/v2\/media\/117963"}],"wp:attachment":[{"href":"https:\/\/talkpal.ai\/cs\/wp-json\/wp\/v2\/media?parent=149407"}],"curies":[{"name":"wp","href":"https:\/\/api.w.org\/{rel}","templated":true}]}}