{"id":149077,"date":"2023-05-14T14:18:46","date_gmt":"2023-05-14T14:18:46","guid":{"rendered":"http:\/\/talkpal.ai\/polska-gramatika\/"},"modified":"2025-12-17T17:16:44","modified_gmt":"2025-12-17T17:16:44","slug":"polska-gramatika","status":"publish","type":"page","link":"https:\/\/talkpal.ai\/cs\/polska-gramatika\/","title":{"rendered":"Polsk\u00e1 gramatika"},"content":{"rendered":"\r\n\r\n\r\n<section class=\"languageChallengeSection\">\r\n    <div class=\"languageInfoWrapper\">\r\n        \r\n        <h1>Polsk\u00e1 gramatika<\/h1>\r\n        <p>Pronikn\u011bte do fascinuj\u00edc\u00edho sv\u011bta polsk\u00e9 gramatiky a objevte z\u00e1klady jednoho z nejroz\u0161\u00ed\u0159en\u011bj\u0161\u00edch st\u0159edoevropsk\u00fdch jazyk\u016f. Zvl\u00e1dnete-li z\u00e1kladn\u00ed pravidla, budete komunikovat efektivn\u011bji a l\u00e9pe porozum\u00edte polsk\u00e9 kultu\u0159e. Za\u010dn\u011bte se u\u010dit polskou gramatiku je\u0161t\u011b dnes a ud\u011blejte prvn\u00ed krok k plynulosti jazyka!<\/p>\r\n\r\n                            <a class=\"getStartedHidden\" href=\"https:\/\/app.talkpal.ai\/cs\/signup?lng=\">Za\u010dni<\/a>\r\n        \r\n    <\/div>\r\n\r\n    <figure>\r\n    <img decoding=\"async\" width=\"768\" height=\"768\" src=\"https:\/\/talkpal.ai\/wp-content\/uploads\/2023\/06\/polish-768x768.png\" class=\"languageImage no-lazy\" alt=\"Practical tips on language learning techniques\" fetchpriority=\"high\" sizes=\"(max-width: 768px) 150px, 768px\" srcset=\"https:\/\/talkpal.ai\/wp-content\/uploads\/2023\/06\/polish-768x768.png 768w, https:\/\/talkpal.ai\/wp-content\/uploads\/2023\/06\/polish-300x300.png 300w\" \/>\r\n    \r\n\r\n    <\/figure>\r\n\r\n            <a class=\"getStartedVisible\" href=\"https:\/\/app.talkpal.ai\/cs\/signup?lng=\">Za\u010dni<\/a>\r\n    \r\n<\/section>\r\n<section class=\"promotionalBanner\">\r\n    <p class=\"promotionalText\">Nejefektivn\u011bj\u0161\u00ed zp\u016fsob, jak se nau\u010dit jazyk<\/p>\r\n    <a class=\"promotionalLink\" href=\"https:\/\/app.talkpal.ai\/cs\/signup?lng=\">Vyzkou\u0161ejte Talkpal zdarma<\/a>\r\n<\/section>\n<div class=\"wp-block-group pageContainerStyle\"><div class=\"wp-block-group__inner-container is-layout-constrained wp-block-group-is-layout-constrained\">\n<h2 class=\"wp-block-heading\" id=\"h-breaking-down-the-puzzle-of-polish-grammar\">Rozlu\u0161t\u011bn\u00ed h\u00e1danky polsk\u00e9 gramatiky<\/h2>\n\n\n\n<p><a href=\"https:\/\/talkpal.ai\/learn-polish\/\">Pol\u0161tina<\/a>, slovansk\u00fd jazyk, je v\u00fdzvou i obohacuj\u00edc\u00ed pro studenty jazyk\u016f, kte\u0159\u00ed hledaj\u00ed jedine\u010dn\u00e9 jazykov\u00e9 dobrodru\u017estv\u00ed. Kdy\u017e se pono\u0159\u00edte do pol\u0161tiny, objev\u00edte fascinuj\u00edc\u00ed historii a kulturu, kter\u00e1 dopl\u0148uje bohatstv\u00ed samotn\u00e9ho jazyka. A\u010dkoli se <a href=\"https:\/\/talkpal.ai\/polish-grammar\/\">polsk\u00e1 gramatika<\/a> m\u016f\u017ee zd\u00e1t slo\u017eit\u00e1, jej\u00ed dekonstrukce na zvl\u00e1dnuteln\u00e9 prvky \u010din\u00ed proces u\u010den\u00ed p\u0159\u00edstupn\u011bj\u0161\u00edm. Tento \u010dl\u00e1nek si klade za c\u00edl uv\u00e9st v\u00e1s do poutav\u00e9ho sv\u011bta polsk\u00e9 gramatiky a poskytnout n\u00e1vod, jak se vypo\u0159\u00e1dat s jej\u00edmi slo\u017eitostmi.<\/p>\n\n\n\n<h3 class=\"wp-block-heading\" id=\"h-1-noun-gender-and-cases\">1. Podstatn\u00e9 jm\u00e9no rod a p\u00e1dy<\/h3>\n\n\n\n<p>Polsk\u00e1 podstatn\u00e1 jm\u00e9na maj\u00ed gramatick\u00e9 rody &#8211; mu\u017esk\u00fd, \u017eensk\u00fd a st\u0159edn\u00ed &#8211; kter\u00e9 ovliv\u0148uj\u00ed tvary p\u0159\u00eddavn\u00fdch jmen, z\u00e1jmen a sloves, je\u017e je doprov\u00e1zej\u00ed. Pol\u0161tina m\u00e1 d\u00e1le sedm gramatick\u00fdch p\u00e1d\u016f: nominativ, genitiv, dativ, akuzativ, instrument\u00e1l, lok\u00e1l a vokativ. Sezn\u00e1men\u00ed se s genderov\u00fdm a p\u00e1dov\u00fdm syst\u00e9mem je z\u00e1sadn\u00ed pro pochopen\u00ed a konstrukci p\u0159esn\u00fdch polsk\u00fdch v\u011bt.<\/p>\n\n\n\n<h3 class=\"wp-block-heading\" id=\"h-2-verb-conjugation-person-tense-and-aspect\">2. \u010casov\u00e1n\u00ed sloves: osoba, \u010das a vid<\/h3>\n\n\n\n<p>Polsk\u00e1 slovesa se mus\u00ed \u010dasovat podle \u010dasu, vidu a osoby (prvn\u00ed, druh\u00fd nebo t\u0159et\u00ed). Existuj\u00ed t\u0159i hlavn\u00ed \u010dasy: p\u0159\u00edtomn\u00fd, minul\u00fd a budouc\u00ed. Polsk\u00e1 slovesa maj\u00ed nav\u00edc dva aspekty: dokonav\u00fd (pro dokon\u010den\u00e9 d\u011bje) a nedokonav\u00fd (pro prob\u00edhaj\u00edc\u00ed nebo obvykle prov\u00e1d\u011bn\u00e9 d\u011bje). Zvl\u00e1dnut\u00ed t\u011bchto pravidel \u010dasov\u00e1n\u00ed v\u00fdrazn\u011b zlep\u0161\u00ed va\u0161e verb\u00e1ln\u00ed komunika\u010dn\u00ed dovednosti v pol\u0161tin\u011b.<\/p>\n\n\n\n<h3 class=\"wp-block-heading\" id=\"h-3-adjectives-agreement-and-placement\">3. P\u0159\u00eddavn\u00e1 jm\u00e9na: Shoda a um\u00edst\u011bn\u00ed<\/h3>\n\n\n\n<p>Polsk\u00e1 p\u0159\u00eddavn\u00e1 jm\u00e9na mus\u00ed souhlasit s podstatn\u00fdm jm\u00e9nem, kter\u00e9 modifikuj\u00ed v souvislosti s rodem, \u010d\u00edslem a p\u00e1dem. P\u0159\u00eddavn\u00e1 jm\u00e9na obvykle p\u0159edch\u00e1zej\u00ed podstatn\u00e9mu jm\u00e9nu a poskytuj\u00ed z\u00e1kladn\u00ed popisn\u00fd kontext v\u011bty.<\/p>\n\n\n\n<p>P\u0159\u00edklady:<\/p>\n\n\n\n<p>&#8211; czerwona sukienka (\u010derven\u00e9 \u0161aty)<\/p>\n\n\n\n<p>&#8211; pi\u0119kny ogr\u00f3d (kr\u00e1sn\u00e1 zahrada)<\/p>\n\n\n\n<h3 class=\"wp-block-heading\" id=\"h-4-pronouns-types-and-uses\">4. Z\u00e1jmena: typy a pou\u017eit\u00ed<\/h3>\n\n\n\n<p>Polsk\u00e1 z\u00e1jmena se vyskytuj\u00ed v r\u016fzn\u00fdch form\u00e1ch, v\u010detn\u011b osobn\u00edch, p\u0159ivlast\u0148ovac\u00edch, reflexivn\u00edch, ukazovac\u00edch a t\u00e1zac\u00edch z\u00e1jmen. Pochopen\u00ed toho, jak a kdy tato z\u00e1jmena pou\u017e\u00edvat, zp\u0159esn\u00ed va\u0161i polskou gramatiku a zlep\u0161\u00ed va\u0161e celkov\u00e9 <a href=\"https:\/\/talkpal.ai\/cs\/procvicovani-cestiny-nejlepsi-zpusoby-jak-zlepsit-sve-jazykove-dovednosti\/\">jazykov\u00e9 dovednosti<\/a>.<\/p>\n\n\n\n<h3 class=\"wp-block-heading\" id=\"h-5-negation-conveying-the-opposite\">5. Negace: Zprost\u0159edkov\u00e1n\u00ed opaku<\/h3>\n\n\n\n<p>V polsk\u00e9 gramatice se negace dosahuje p\u0159id\u00e1n\u00edm slova &#8222;nie&#8220; p\u0159ed slovesa, p\u0159\u00eddavn\u00e1 jm\u00e9na, p\u0159\u00edslovce nebo z\u00e1jmena. Zvl\u00e1\u0161tn\u00ed pravidla v\u0161ak plat\u00ed pro negaci v\u011bt podstatn\u00fdmi jm\u00e9ny, kter\u00e1 mohou vy\u017eadovat dal\u0161\u00ed p\u0159edlo\u017eku nebo jin\u00fd tvar podstatn\u00e9ho jm\u00e9na. Rozpozn\u00e1n\u00ed t\u011bchto vzorc\u016f negace v\u00e1m pom\u016f\u017ee jasn\u011b vyj\u00e1d\u0159it zam\u00fd\u0161len\u00fd v\u00fdznam v pol\u0161tin\u011b.<\/p>\n\n\n\n<h3 class=\"wp-block-heading\" id=\"h-6-engage-with-the-language\">6. Zapojte se do jazyka<\/h3>\n\n\n\n<p>Nej\u00fa\u010dinn\u011bj\u0161\u00edm zp\u016fsobem, jak pochopit a osvojit si polskou gramatiku, je pravideln\u011b se jazykem zab\u00fdvat. A\u0165 u\u017e jde o \u010dten\u00ed polsk\u00e9 literatury, sledov\u00e1n\u00ed polsk\u00fdch film\u016f nebo aktivn\u00ed konverzaci s rodil\u00fdmi mluv\u010d\u00edmi, pono\u0159en\u00ed se do r\u016fzn\u00fdch kontext\u016f pos\u00edl\u00ed va\u0161e porozum\u011bn\u00ed gramatice a z\u00e1rove\u0148 roz\u0161\u00ed\u0159\u00ed va\u0161i slovn\u00ed z\u00e1sobu.<\/p>\n\n\n\n<h3 class=\"wp-block-heading\" id=\"h-conclusion\">Z\u00e1v\u011br<\/h3>\n\n\n\n<p>A\u010dkoli se polsk\u00e1 gramatika m\u016f\u017ee zd\u00e1t spletit\u00e1, d\u016fsledn\u00e9 procvi\u010dov\u00e1n\u00ed a \u0159e\u0161en\u00ed krok za krokem v\u00e1m pom\u016f\u017ee zdokonalit se v tomto jedine\u010dn\u00e9m jazyce. P\u0159ijm\u011bte v\u00fdzvu na za\u010d\u00e1tku sv\u00e9 cesty polsk\u00fdm jazykem a brzy zjist\u00edte, \u017ee s jistotou dek\u00f3dujete slo\u017eitosti jeho gramatiky. Hodn\u011b \u0161t\u011bst\u00ed p\u0159i studiu a u\u017eijte si prozkoum\u00e1v\u00e1n\u00ed vrstev polsk\u00e9 gramatiky!<\/p>\n<\/div><\/div>\n\r\n<section class=\"learnNavigationSection\">\r\n            \r\n        <a href=\"https:\/\/talkpal.ai\/cs\/naucte-se-polsky\/\">\r\n            <div class=\"learnNavigationWrapper\">\r\n                <div class=\"learnNavigationContent\">\r\n                    <img decoding=\"async\" src=\"https:\/\/talkpal.ai\/wp-content\/uploads\/2024\/08\/Polish.jpg\" alt=\"Polish Flag\">\r\n                    <div>\r\n                        <h4>O polsk\u00e9m vzd\u011bl\u00e1v\u00e1n\u00ed<\/h4>\r\n                        <p>Zjist\u011bte v\u0161e o polsk\u00e9 gramatice.<\/p>\r\n                    <\/div>\r\n                <\/div>\r\n            <\/div>\r\n        <\/a>\r\n\r\n        \r\n        <a href=\"https:\/\/talkpal.ai\/cs\/cviceni-z-polske-gramatiky\/\">\r\n            <div class=\"learnNavigationWrapper\">\r\n                <div class=\"learnNavigationContent\">\r\n                    <img decoding=\"async\" src=\"https:\/\/talkpal.ai\/wp-content\/uploads\/2024\/08\/Polish.jpg\" alt=\"Polish Flag\">\r\n                    <div>\r\n                        <h4>Cvi\u010den\u00ed z polsk\u00e9 gramatiky<\/h4>\r\n                        <p>Procvi\u010dte si polskou gramatiku.<\/p>\r\n                    <\/div>\r\n                <\/div>\r\n            <\/div>\r\n        <\/a>\r\n\r\n        \r\n        <a href=\"https:\/\/talkpal.ai\/vocabulary_language\/polish\/\">\r\n            <div class=\"learnNavigationWrapper\">\r\n                <div class=\"learnNavigationContent\">\r\n                    <img decoding=\"async\" src=\"https:\/\/talkpal.ai\/wp-content\/uploads\/2024\/08\/Polish.jpg\" alt=\"Polish Flag\">\r\n                    <div>\r\n                        <h4>Polsk\u00e1 slovn\u00ed z\u00e1soba<\/h4>\r\n                        <p>Roz\u0161i\u0159te si polskou slovn\u00ed z\u00e1sobu.<\/p>\r\n                    <\/div>\r\n                <\/div>\r\n            <\/div>\r\n        <\/a>\r\n\r\n            <\/section>","protected":false},"excerpt":{"rendered":"<p>Rozlu\u0161t\u011bn\u00ed h\u00e1danky polsk\u00e9 gramatiky Pol\u0161tina, slovansk\u00fd jazyk, je v\u00fdzvou i obohacuj\u00edc\u00ed pro studenty jazyk\u016f, kte\u0159\u00ed hledaj\u00ed jedine\u010dn\u00e9 jazykov\u00e9 dobrodru\u017estv\u00ed. Kdy\u017e se pono\u0159\u00edte do pol\u0161tiny, objev\u00edte fascinuj\u00edc\u00ed historii a kulturu, kter\u00e1 dopl\u0148uje bohatstv\u00ed samotn\u00e9ho jazyka. A\u010dkoli se polsk\u00e1 gramatika m\u016f\u017ee zd\u00e1t slo\u017eit\u00e1, jej\u00ed dekonstrukce na zvl\u00e1dnuteln\u00e9 prvky \u010din\u00ed proces u\u010den\u00ed p\u0159\u00edstupn\u011bj\u0161\u00edm. Tento \u010dl\u00e1nek si klade za [&hellip;]<\/p>\n","protected":false},"author":1,"featured_media":117417,"parent":0,"menu_order":0,"comment_status":"closed","ping_status":"closed","template":"LearningContentPage.php","meta":{"_acf_changed":false,"footnotes":""},"class_list":["post-149077","page","type-page","status-publish","has-post-thumbnail","hentry"],"acf":[],"yoast_head":"<!-- This site is optimized with the Yoast SEO Premium plugin v27.2 (Yoast SEO v27.2) - https:\/\/yoast.com\/product\/yoast-seo-premium-wordpress\/ -->\n<title>Polsk\u00e1 gramatika - Talkpal<\/title>\n<meta name=\"description\" content=\"Zvl\u00e1dn\u011bte polskou gramatiku pomoc\u00ed interaktivn\u00edch cvi\u010den\u00ed ur\u010den\u00fdch pro v\u0161echny \u00farovn\u011b u\u010den\u00ed. Zlep\u0161ete sv\u00e9 znalosti pol\u0161tiny!\" \/>\n<meta name=\"robots\" content=\"index, follow, max-snippet:-1, max-image-preview:large, max-video-preview:-1\" \/>\n<link rel=\"canonical\" href=\"https:\/\/talkpal.ai\/cs\/polska-gramatika\/\" \/>\n<meta property=\"og:locale\" content=\"cs_CZ\" \/>\n<meta property=\"og:type\" content=\"article\" \/>\n<meta property=\"og:title\" content=\"Polsk\u00e1 gramatika\" \/>\n<meta property=\"og:description\" content=\"Rozlu\u0161t\u011bn\u00ed h\u00e1danky polsk\u00e9 gramatiky Pol\u0161tina, slovansk\u00fd jazyk, je v\u00fdzvou i obohacuj\u00edc\u00ed pro studenty jazyk\u016f, kte\u0159\u00ed hledaj\u00ed jedine\u010dn\u00e9 jazykov\u00e9\" \/>\n<meta property=\"og:url\" content=\"https:\/\/talkpal.ai\/cs\/polska-gramatika\/\" \/>\n<meta property=\"og:site_name\" content=\"Talkpal\" \/>\n<meta property=\"article:publisher\" content=\"https:\/\/www.facebook.com\/profile.php?id=100090733639311\" \/>\n<meta property=\"article:modified_time\" content=\"2025-12-17T17:16:44+00:00\" \/>\n<meta property=\"og:image\" content=\"https:\/\/talkpal.ai\/wp-content\/uploads\/2023\/05\/poland.png\" \/>\n\t<meta property=\"og:image:width\" content=\"512\" \/>\n\t<meta property=\"og:image:height\" content=\"512\" \/>\n\t<meta property=\"og:image:type\" content=\"image\/png\" \/>\n<meta name=\"twitter:card\" content=\"summary_large_image\" \/>\n<meta name=\"twitter:site\" content=\"@talkpalai\" \/>\n<meta name=\"twitter:label1\" content=\"Odhadovan\u00e1 doba \u010dten\u00ed\" \/>\n\t<meta name=\"twitter:data1\" content=\"3 minuty\" \/>\n<script type=\"application\/ld+json\" class=\"yoast-schema-graph\">{\"@context\":\"https:\/\/schema.org\",\"@graph\":[{\"@type\":\"WebPage\",\"@id\":\"https:\/\/talkpal.ai\/cs\/polska-gramatika\/\",\"url\":\"https:\/\/talkpal.ai\/cs\/polska-gramatika\/\",\"name\":\"Polsk\u00e1 gramatika - Talkpal\",\"isPartOf\":{\"@id\":\"https:\/\/talkpal.ai\/cs\/#website\"},\"primaryImageOfPage\":{\"@id\":\"https:\/\/talkpal.ai\/cs\/polska-gramatika\/#primaryimage\"},\"image\":{\"@id\":\"https:\/\/talkpal.ai\/cs\/polska-gramatika\/#primaryimage\"},\"thumbnailUrl\":\"https:\/\/talkpal.ai\/wp-content\/uploads\/2023\/05\/poland.png\",\"datePublished\":\"2023-05-14T14:18:46+00:00\",\"dateModified\":\"2025-12-17T17:16:44+00:00\",\"description\":\"Zvl\u00e1dn\u011bte polskou gramatiku pomoc\u00ed interaktivn\u00edch cvi\u010den\u00ed ur\u010den\u00fdch pro v\u0161echny \u00farovn\u011b u\u010den\u00ed. Zlep\u0161ete sv\u00e9 znalosti pol\u0161tiny!\",\"breadcrumb\":{\"@id\":\"https:\/\/talkpal.ai\/cs\/polska-gramatika\/#breadcrumb\"},\"inLanguage\":\"cs\",\"potentialAction\":[{\"@type\":\"ReadAction\",\"target\":[\"https:\/\/talkpal.ai\/cs\/polska-gramatika\/\"]}]},{\"@type\":\"ImageObject\",\"inLanguage\":\"cs\",\"@id\":\"https:\/\/talkpal.ai\/cs\/polska-gramatika\/#primaryimage\",\"url\":\"https:\/\/talkpal.ai\/wp-content\/uploads\/2023\/05\/poland.png\",\"contentUrl\":\"https:\/\/talkpal.ai\/wp-content\/uploads\/2023\/05\/poland.png\",\"width\":512,\"height\":512},{\"@type\":\"BreadcrumbList\",\"@id\":\"https:\/\/talkpal.ai\/cs\/polska-gramatika\/#breadcrumb\",\"itemListElement\":[{\"@type\":\"ListItem\",\"position\":1,\"name\":\"Homepage\",\"item\":\"https:\/\/talkpal.ai\/cs\/\"},{\"@type\":\"ListItem\",\"position\":2,\"name\":\"Polsk\u00e1 gramatika\"}]},{\"@type\":\"WebSite\",\"@id\":\"https:\/\/talkpal.ai\/cs\/#website\",\"url\":\"https:\/\/talkpal.ai\/cs\/\",\"name\":\"Talkpal\",\"description\":\"AI Language Learning\",\"publisher\":{\"@id\":\"https:\/\/talkpal.ai\/cs\/#organization\"},\"alternateName\":\"Talkpal AI\",\"potentialAction\":[{\"@type\":\"SearchAction\",\"target\":{\"@type\":\"EntryPoint\",\"urlTemplate\":\"https:\/\/talkpal.ai\/cs\/?s={search_term_string}\"},\"query-input\":{\"@type\":\"PropertyValueSpecification\",\"valueRequired\":true,\"valueName\":\"search_term_string\"}}],\"inLanguage\":\"cs\"},{\"@type\":\"Organization\",\"@id\":\"https:\/\/talkpal.ai\/cs\/#organization\",\"name\":\"Talkpal, Inc.\",\"alternateName\":\"Talkpal AI\",\"url\":\"https:\/\/talkpal.ai\/cs\/\",\"logo\":{\"@type\":\"ImageObject\",\"inLanguage\":\"cs\",\"@id\":\"https:\/\/talkpal.ai\/cs\/#\/schema\/logo\/image\/\",\"url\":\"https:\/\/talkpal.ai\/wp-content\/uploads\/2024\/03\/Talkpal-Logo-Icon.png\",\"contentUrl\":\"https:\/\/talkpal.ai\/wp-content\/uploads\/2024\/03\/Talkpal-Logo-Icon.png\",\"width\":2880,\"height\":2880,\"caption\":\"Talkpal, Inc.\"},\"image\":{\"@id\":\"https:\/\/talkpal.ai\/cs\/#\/schema\/logo\/image\/\"},\"sameAs\":[\"https:\/\/www.facebook.com\/profile.php?id=100090733639311\",\"https:\/\/x.com\/talkpalai\",\"https:\/\/www.linkedin.com\/company\/talkpal\/\",\"https:\/\/www.youtube.com\/@TalkPal\/\",\"https:\/\/www.tiktok.com\/@talkpal\",\"https:\/\/www.instagram.com\/talkpal_ai\/\",\"https:\/\/www.crunchbase.com\/organization\/talkpal-9cde\",\"https:\/\/www.g2.com\/products\/talkpal-for-business\/\",\"https:\/\/www.trustpilot.com\/review\/talkpal.ai\",\"https:\/\/www.capterra.com\/p\/10006800\/TalkPal\/\"],\"description\":\"Talkpal is a language learning web and mobile education app, powered by the latest AI technologies, that provides engaging experiences to its customers in many different languages to help them improve their language skills. Users can chat about unlimited amount of topics with the app and use other modes to practice their language learning.\",\"email\":\"support@talkpal.ai\",\"legalName\":\"Talkpal, Inc.\",\"foundingDate\":\"2023-04-03\",\"duns\":\"118989042\",\"numberOfEmployees\":{\"@type\":\"QuantitativeValue\",\"minValue\":\"11\",\"maxValue\":\"50\"},\"publishingPrinciples\":\"https:\/\/talkpal.ai\/publishing-principles\/\",\"actionableFeedbackPolicy\":\"https:\/\/talkpal.ai\/actionable-feedback-policy\/\",\"correctionsPolicy\":\"https:\/\/talkpal.ai\/corrections-policy\/\",\"ethicsPolicy\":\"https:\/\/talkpal.ai\/ethics-policy\/\",\"diversityPolicy\":\"https:\/\/talkpal.ai\/diversity-policy\/\",\"diversityStaffingReport\":\"https:\/\/talkpal.ai\/diversity-policy\/\"}]}<\/script>\n<!-- \/ Yoast SEO Premium plugin. -->","yoast_head_json":{"title":"Polsk\u00e1 gramatika - Talkpal","description":"Zvl\u00e1dn\u011bte polskou gramatiku pomoc\u00ed interaktivn\u00edch cvi\u010den\u00ed ur\u010den\u00fdch pro v\u0161echny \u00farovn\u011b u\u010den\u00ed. Zlep\u0161ete sv\u00e9 znalosti pol\u0161tiny!","robots":{"index":"index","follow":"follow","max-snippet":"max-snippet:-1","max-image-preview":"max-image-preview:large","max-video-preview":"max-video-preview:-1"},"canonical":"https:\/\/talkpal.ai\/cs\/polska-gramatika\/","og_locale":"cs_CZ","og_type":"article","og_title":"Polsk\u00e1 gramatika","og_description":"Rozlu\u0161t\u011bn\u00ed h\u00e1danky polsk\u00e9 gramatiky Pol\u0161tina, slovansk\u00fd jazyk, je v\u00fdzvou i obohacuj\u00edc\u00ed pro studenty jazyk\u016f, kte\u0159\u00ed hledaj\u00ed jedine\u010dn\u00e9 jazykov\u00e9","og_url":"https:\/\/talkpal.ai\/cs\/polska-gramatika\/","og_site_name":"Talkpal","article_publisher":"https:\/\/www.facebook.com\/profile.php?id=100090733639311","article_modified_time":"2025-12-17T17:16:44+00:00","og_image":[{"width":512,"height":512,"url":"https:\/\/talkpal.ai\/wp-content\/uploads\/2023\/05\/poland.png","type":"image\/png"}],"twitter_card":"summary_large_image","twitter_site":"@talkpalai","twitter_misc":{"Odhadovan\u00e1 doba \u010dten\u00ed":"3 minuty"},"schema":{"@context":"https:\/\/schema.org","@graph":[{"@type":"WebPage","@id":"https:\/\/talkpal.ai\/cs\/polska-gramatika\/","url":"https:\/\/talkpal.ai\/cs\/polska-gramatika\/","name":"Polsk\u00e1 gramatika - Talkpal","isPartOf":{"@id":"https:\/\/talkpal.ai\/cs\/#website"},"primaryImageOfPage":{"@id":"https:\/\/talkpal.ai\/cs\/polska-gramatika\/#primaryimage"},"image":{"@id":"https:\/\/talkpal.ai\/cs\/polska-gramatika\/#primaryimage"},"thumbnailUrl":"https:\/\/talkpal.ai\/wp-content\/uploads\/2023\/05\/poland.png","datePublished":"2023-05-14T14:18:46+00:00","dateModified":"2025-12-17T17:16:44+00:00","description":"Zvl\u00e1dn\u011bte polskou gramatiku pomoc\u00ed interaktivn\u00edch cvi\u010den\u00ed ur\u010den\u00fdch pro v\u0161echny \u00farovn\u011b u\u010den\u00ed. Zlep\u0161ete sv\u00e9 znalosti pol\u0161tiny!","breadcrumb":{"@id":"https:\/\/talkpal.ai\/cs\/polska-gramatika\/#breadcrumb"},"inLanguage":"cs","potentialAction":[{"@type":"ReadAction","target":["https:\/\/talkpal.ai\/cs\/polska-gramatika\/"]}]},{"@type":"ImageObject","inLanguage":"cs","@id":"https:\/\/talkpal.ai\/cs\/polska-gramatika\/#primaryimage","url":"https:\/\/talkpal.ai\/wp-content\/uploads\/2023\/05\/poland.png","contentUrl":"https:\/\/talkpal.ai\/wp-content\/uploads\/2023\/05\/poland.png","width":512,"height":512},{"@type":"BreadcrumbList","@id":"https:\/\/talkpal.ai\/cs\/polska-gramatika\/#breadcrumb","itemListElement":[{"@type":"ListItem","position":1,"name":"Homepage","item":"https:\/\/talkpal.ai\/cs\/"},{"@type":"ListItem","position":2,"name":"Polsk\u00e1 gramatika"}]},{"@type":"WebSite","@id":"https:\/\/talkpal.ai\/cs\/#website","url":"https:\/\/talkpal.ai\/cs\/","name":"Talkpal","description":"AI Language Learning","publisher":{"@id":"https:\/\/talkpal.ai\/cs\/#organization"},"alternateName":"Talkpal AI","potentialAction":[{"@type":"SearchAction","target":{"@type":"EntryPoint","urlTemplate":"https:\/\/talkpal.ai\/cs\/?s={search_term_string}"},"query-input":{"@type":"PropertyValueSpecification","valueRequired":true,"valueName":"search_term_string"}}],"inLanguage":"cs"},{"@type":"Organization","@id":"https:\/\/talkpal.ai\/cs\/#organization","name":"Talkpal, Inc.","alternateName":"Talkpal AI","url":"https:\/\/talkpal.ai\/cs\/","logo":{"@type":"ImageObject","inLanguage":"cs","@id":"https:\/\/talkpal.ai\/cs\/#\/schema\/logo\/image\/","url":"https:\/\/talkpal.ai\/wp-content\/uploads\/2024\/03\/Talkpal-Logo-Icon.png","contentUrl":"https:\/\/talkpal.ai\/wp-content\/uploads\/2024\/03\/Talkpal-Logo-Icon.png","width":2880,"height":2880,"caption":"Talkpal, Inc."},"image":{"@id":"https:\/\/talkpal.ai\/cs\/#\/schema\/logo\/image\/"},"sameAs":["https:\/\/www.facebook.com\/profile.php?id=100090733639311","https:\/\/x.com\/talkpalai","https:\/\/www.linkedin.com\/company\/talkpal\/","https:\/\/www.youtube.com\/@TalkPal\/","https:\/\/www.tiktok.com\/@talkpal","https:\/\/www.instagram.com\/talkpal_ai\/","https:\/\/www.crunchbase.com\/organization\/talkpal-9cde","https:\/\/www.g2.com\/products\/talkpal-for-business\/","https:\/\/www.trustpilot.com\/review\/talkpal.ai","https:\/\/www.capterra.com\/p\/10006800\/TalkPal\/"],"description":"Talkpal is a language learning web and mobile education app, powered by the latest AI technologies, that provides engaging experiences to its customers in many different languages to help them improve their language skills. Users can chat about unlimited amount of topics with the app and use other modes to practice their language learning.","email":"support@talkpal.ai","legalName":"Talkpal, Inc.","foundingDate":"2023-04-03","duns":"118989042","numberOfEmployees":{"@type":"QuantitativeValue","minValue":"11","maxValue":"50"},"publishingPrinciples":"https:\/\/talkpal.ai\/publishing-principles\/","actionableFeedbackPolicy":"https:\/\/talkpal.ai\/actionable-feedback-policy\/","correctionsPolicy":"https:\/\/talkpal.ai\/corrections-policy\/","ethicsPolicy":"https:\/\/talkpal.ai\/ethics-policy\/","diversityPolicy":"https:\/\/talkpal.ai\/diversity-policy\/","diversityStaffingReport":"https:\/\/talkpal.ai\/diversity-policy\/"}]}},"_links":{"self":[{"href":"https:\/\/talkpal.ai\/cs\/wp-json\/wp\/v2\/pages\/149077","targetHints":{"allow":["GET"]}}],"collection":[{"href":"https:\/\/talkpal.ai\/cs\/wp-json\/wp\/v2\/pages"}],"about":[{"href":"https:\/\/talkpal.ai\/cs\/wp-json\/wp\/v2\/types\/page"}],"author":[{"embeddable":true,"href":"https:\/\/talkpal.ai\/cs\/wp-json\/wp\/v2\/users\/1"}],"replies":[{"embeddable":true,"href":"https:\/\/talkpal.ai\/cs\/wp-json\/wp\/v2\/comments?post=149077"}],"version-history":[{"count":0,"href":"https:\/\/talkpal.ai\/cs\/wp-json\/wp\/v2\/pages\/149077\/revisions"}],"wp:featuredmedia":[{"embeddable":true,"href":"https:\/\/talkpal.ai\/cs\/wp-json\/wp\/v2\/media\/117417"}],"wp:attachment":[{"href":"https:\/\/talkpal.ai\/cs\/wp-json\/wp\/v2\/media?parent=149077"}],"curies":[{"name":"wp","href":"https:\/\/api.w.org\/{rel}","templated":true}]}}