{"id":148737,"date":"2023-05-14T14:18:22","date_gmt":"2023-05-14T14:18:22","guid":{"rendered":"http:\/\/talkpal.ai\/perska-gramatika\/"},"modified":"2025-12-12T10:53:43","modified_gmt":"2025-12-12T10:53:43","slug":"perska-gramatika","status":"publish","type":"page","link":"https:\/\/talkpal.ai\/cs\/perska-gramatika\/","title":{"rendered":"Persk\u00e1 gramatika"},"content":{"rendered":"\r\n\r\n\r\n<section class=\"languageChallengeSection\">\r\n    <div class=\"languageInfoWrapper\">\r\n        \r\n        <h1>Persk\u00e1 gramatika<\/h1>\r\n        <p>Zaj\u00edm\u00e1 v\u00e1s per\u0161tina? Prozkoumejte perskou gramatiku, kter\u00e1 je proslul\u00e1 svou jednoduchost\u00ed &#8211; \u017e\u00e1dn\u00e9 rody podstatn\u00fdch jmen, jednoduch\u00e9 \u010dasov\u00e1n\u00ed sloves a flexibiln\u00ed struktura v\u011bt ji \u010din\u00ed osv\u011b\u017euj\u00edc\u00edm zp\u016fsobem p\u0159\u00edstupnou. Za\u010dn\u011bte sv\u00e9 persk\u00e9 dobrodru\u017estv\u00ed je\u0161t\u011b dnes &#8211; zvl\u00e1dnut\u00ed persk\u00e9 gramatiky v\u00e1m otev\u0159e nov\u00e9 mo\u017enosti komunikace a pono\u0159\u00ed v\u00e1s do bohat\u00e9 poezie a kultury nejen \u00cdr\u00e1nu!<\/p>\r\n\r\n                            <a class=\"getStartedHidden\" href=\"https:\/\/app.talkpal.ai\/cs\/signup?lng=\">Za\u010dni<\/a>\r\n        \r\n    <\/div>\r\n\r\n    <figure>\r\n    <img decoding=\"async\" width=\"768\" height=\"768\" src=\"https:\/\/talkpal.ai\/wp-content\/uploads\/2023\/06\/persian-768x768.png\" class=\"languageImage no-lazy\" alt=\"Language learning to comprehend global news\" fetchpriority=\"high\" sizes=\"(max-width: 768px) 150px, 768px\" srcset=\"https:\/\/talkpal.ai\/wp-content\/uploads\/2023\/06\/persian-768x768.png 768w, https:\/\/talkpal.ai\/wp-content\/uploads\/2023\/06\/persian-300x300.png 300w\" \/>\r\n    \r\n\r\n    <\/figure>\r\n\r\n            <a class=\"getStartedVisible\" href=\"https:\/\/app.talkpal.ai\/cs\/signup?lng=\">Za\u010dni<\/a>\r\n    \r\n<\/section>\r\n<section class=\"promotionalBanner\">\r\n    <p class=\"promotionalText\">Nejefektivn\u011bj\u0161\u00ed zp\u016fsob, jak se nau\u010dit jazyk<\/p>\r\n    <a class=\"promotionalLink\" href=\"https:\/\/app.talkpal.ai\/cs\/signup?lng=\">Vyzkou\u0161ejte Talkpal zdarma<\/a>\r\n<\/section>\n<div class=\"wp-block-group pageContainerStyle\"><div class=\"wp-block-group__inner-container is-layout-constrained wp-block-group-is-layout-constrained\">\n<h2 class=\"wp-block-heading\" id=\"h-mastering-persian-grammar-your-ultimate-guide\">Zvl\u00e1dnut\u00ed persk\u00e9 gramatiky: V\u00e1\u0161 dokonal\u00fd pr\u016fvodce<\/h2>\n\n\n\n<p>Salam, <a href=\"https:\/\/talkpal.ai\/talkpal-discount-for-language-enthusiasts\/\">jazykov\u00ed nad\u0161enci<\/a>! Jste p\u0159ipraveni vydat se na cestu do sv\u011bta persk\u00e9 gramatiky? Jste na spr\u00e1vn\u00e9m m\u00edst\u011b. Tento \u010dl\u00e1nek pln\u00fd snadno srozumiteln\u00fdch informac\u00ed a konverza\u010dn\u00edho t\u00f3nu v\u00e1s provede podmanivou \u0159\u00ed\u0161\u00ed persk\u00e9 gramatiky. Brzy budete schopni sestavovat v\u011bty a v\u00e9st smysluplnou konverzaci s rodil\u00fdmi mluv\u010d\u00edmi. Za\u010dn\u011bme tedy odhalovat tajemstv\u00ed persk\u00e9 gramatiky!<\/p>\n\n\n\n<p><strong>Ale nejprve, pro\u010d persk\u00e1 gramatika?<\/strong><\/p>\n\n\n\n<p>Pokud se u\u010d\u00edte persky, je pro plynul\u00e9 mluven\u00ed, \u010dten\u00ed a psan\u00ed nezbytn\u00e1 dobr\u00e1 znalost gramatiky. I kdy\u017e se <a href=\"https:\/\/talkpal.ai\/persian-grammar\/\">persk\u00e1 gramatika<\/a> m\u016f\u017ee zpo\u010d\u00e1tku zd\u00e1t slo\u017eit\u00e1, stane se p\u0159\u00edstupn\u011bj\u0161\u00ed, jakmile ji rozd\u011bl\u00edte na men\u0161\u00ed, l\u00e9pe zvl\u00e1dnuteln\u00e9 segmenty. Za\u010dn\u011bme tedy s va\u0161\u00ed cestou za zvl\u00e1dnut\u00edm persk\u00e9 gramatiky!<\/p>\n\n\n\n<h3 class=\"wp-block-heading\" id=\"h-1-nouns-gender-and-number\">1. Podstatn\u00e1 jm\u00e9na, rod a \u010d\u00edslo<\/h3>\n\n\n\n<p>V per\u0161tin\u011b nemaj\u00ed podstatn\u00e1 jm\u00e9na rod, co\u017e je jednodu\u0161\u0161\u00ed ne\u017e v mnoha jin\u00fdch jazyc\u00edch. Jednotn\u00fd tvar podstatn\u00fdch jmen z\u016fst\u00e1v\u00e1 stejn\u00fd, zat\u00edmco mno\u017en\u00e9 \u010d\u00edslo obvykle kon\u010d\u00ed na &#8222;-\u0647\u0627&#8220; nebo &#8222;-\u0627\u0646&#8220;. Nap\u0159\u00edklad:<\/p>\n\n\n\n<p>&#8211; \u06a9\u062a\u0627\u0628 (ket\u0101b &#8211; kniha)<\/p>\n\n\n\n<p>&#8211; \u06a9\u062a\u0627\u0628\u0647\u0627 (ket\u0101b-h\u0101 &#8211; knihy)<\/p>\n\n\n\n<h3 class=\"wp-block-heading\" id=\"h-2-adjectives-agreement-and-definite-articles\">2. P\u0159\u00eddavn\u00e1 jm\u00e9na, shoda a ur\u010dit\u00e9 \u010dleny<\/h3>\n\n\n\n<p>P\u0159\u00eddavn\u00e1 jm\u00e9na v per\u0161tin\u011b obvykle n\u00e1sleduj\u00ed za podstatn\u00fdm jm\u00e9nem, kter\u00e9 modifikuj\u00ed, a nemus\u00ed se shodovat v rod\u011b ani \u010d\u00edsle. Nap\u0159\u00edklad:<\/p>\n\n\n\n<p><strong>&#8211; \u062e\u0627\u0646\u0647 \u0628\u0632\u0631\u06af (kh\u0101ne bozorg &#8211; velk\u00fd d\u016fm)<\/strong><\/p>\n\n\n\n<p><strong>&#8211; \u0645\u0646\u0632\u0644 \u06a9\u0648\u0686\u06a9 (manzel kuchak &#8211; mal\u00fd d\u016fm)<\/strong><\/p>\n\n\n\n<p>V per\u0161tin\u011b neexistuje ur\u010dit\u00fd \u010dlen, ale neur\u010dit\u00fd \u010dlen se p\u0159id\u00e1v\u00e1 jako p\u0159\u00edpona &#8222;-\u06cc&#8220; (i) pro jednotliv\u00e1 slova.<\/p>\n\n\n\n<h3 class=\"wp-block-heading\" id=\"h-3-verbs-tense-and-conjugation\">3. Slovesa, \u010dasov\u00e1n\u00ed a \u010dasov\u00e1n\u00ed<\/h3>\n\n\n\n<p>Persk\u00e1 slovesa hraj\u00ed z\u00e1sadn\u00ed roli v gramatice a jsou nezbytn\u00e1 pro stavbu v\u011bt. Ka\u017ed\u00e9 sloveso m\u00e1 ko\u0159en, kter\u00fd se kombinuje s r\u016fzn\u00fdmi p\u0159edponami a p\u0159\u00edponami, aby nazna\u010dil \u010das a shodu s podm\u011btem.<\/p>\n\n\n\n<p>Pro stru\u010dn\u00fd p\u0159ehled si probereme pravideln\u00e1 slovesa v p\u0159\u00edtomn\u00e9m \u010dase:<\/p>\n\n\n\n<p><strong>&#8211; \u0645\u0646 \u0645\u06cc\u062e\u0648\u0627\u0646\u0645 (man mikh\u0101nam &#8211; \u010cetl jsem)<\/strong><\/p>\n\n\n\n<p><strong>&#8211; \u062a\u0648 \u0645\u06cc\u062e\u0648\u0627\u0646\u06cc (to mikh\u0101ni &#8211; \u010dtete, neform\u00e1ln\u00ed)<\/strong><\/p>\n\n\n\n<p><strong>&#8211; \u0627\u0648 \u0645\u06cc\u062e\u0648\u0627\u0646\u062f (u mikh\u0101nad &#8211; \u010dte)<\/strong><\/p>\n\n\n\n<p>Pamatujte, \u017ee toto je jen za\u010d\u00e1tek! Kdy\u017e se pono\u0159\u00edte hloub\u011bji do persk\u00e9 gramatiky, setk\u00e1te se s r\u016fzn\u00fdmi dal\u0161\u00edmi \u010dasy, nepravideln\u00fdmi slovesy a slo\u017eitostmi.<\/p>\n\n\n\n<h3 class=\"wp-block-heading\" id=\"h-4-pronouns-prepositions-and-more\">4. Z\u00e1jmena, p\u0159edlo\u017eky a dal\u0161\u00ed!<\/h3>\n\n\n\n<p>Persk\u00e1 <a href=\"https:\/\/talkpal.ai\/sq\/gramatika\/\">gramatika<\/a> zahrnuje dal\u0161\u00ed slo\u017eky, jako jsou z\u00e1jmena (\u0645\u0646, \u062a\u0648, \u0627\u0648 atd.), p\u0159edlo\u017eky (\u0628\u0647, \u0627\u0632, \u062f\u0631 atd.) a idiomatick\u00e9 v\u00fdrazy. Kl\u00ed\u010dem k dosa\u017een\u00ed komplexn\u00ed znalosti per\u0161tiny je postupn\u00e9 zvl\u00e1dnut\u00ed jednotliv\u00fdch prvk\u016f.<\/p>\n\n\n\n<p>Z\u00e1v\u011brem lze \u0159\u00edci, \u017ee ke zvl\u00e1dnut\u00ed persk\u00e9 gramatiky neexistuje \u017e\u00e1dn\u00e1 zkratka. Vy\u017eaduje vytrvalost, praxi a trp\u011blivost. Jakmile v\u0161ak pochop\u00edte jeho slo\u017eitosti, budete dob\u0159e vybaveni k tomu, abyste ocenili nuance <a href=\"https:\/\/talkpal.ai\/cs\/nemcina-konverzace-naucte-se-plynule-mluvit-rychle-a-snadno\/\">konverzace<\/a> v per\u0161tin\u011b, poznali bohatou kulturu a historii persky mluv\u00edc\u00edch oblast\u00ed a prohloubili svou l\u00e1sku k tomuto jazyku. \u0645\u0648\u0641\u0642 \u0628\u0627\u0634\u06cc\u062f (movaffagh b\u0101shid &#8211; hodn\u011b \u0161t\u011bst\u00ed)!<\/p>\n<\/div><\/div>\n\r\n<section class=\"learnNavigationSection\">\r\n            \r\n        <a href=\"https:\/\/talkpal.ai\/cs\/naucte-se-persky\/\">\r\n            <div class=\"learnNavigationWrapper\">\r\n                <div class=\"learnNavigationContent\">\r\n                    <img decoding=\"async\" src=\"https:\/\/talkpal.ai\/wp-content\/uploads\/2024\/08\/Persian.jpg\" alt=\"Persian Flag\">\r\n                    <div>\r\n                        <h4>O persk\u00e9m u\u010den\u00ed<\/h4>\r\n                        <p>Zjist\u011bte v\u0161e o persk\u00e9 gramatice.<\/p>\r\n                    <\/div>\r\n                <\/div>\r\n            <\/div>\r\n        <\/a>\r\n\r\n        \r\n        <a href=\"https:\/\/talkpal.ai\/cs\/cviceni-perske-gramatiky\/\">\r\n            <div class=\"learnNavigationWrapper\">\r\n                <div class=\"learnNavigationContent\">\r\n                    <img decoding=\"async\" src=\"https:\/\/talkpal.ai\/wp-content\/uploads\/2024\/08\/Persian.jpg\" alt=\"Persian Flag\">\r\n                    <div>\r\n                        <h4>Cvi\u010den\u00ed z persk\u00e9 gramatiky<\/h4>\r\n                        <p>Procvi\u010dte si perskou gramatiku.<\/p>\r\n                    <\/div>\r\n                <\/div>\r\n            <\/div>\r\n        <\/a>\r\n\r\n        \r\n        <a href=\"https:\/\/talkpal.ai\/vocabulary_language\/persian\/\">\r\n            <div class=\"learnNavigationWrapper\">\r\n                <div class=\"learnNavigationContent\">\r\n                    <img decoding=\"async\" src=\"https:\/\/talkpal.ai\/wp-content\/uploads\/2024\/08\/Persian.jpg\" alt=\"Persian Flag\">\r\n                    <div>\r\n                        <h4>Persk\u00e1 slovn\u00ed z\u00e1soba<\/h4>\r\n                        <p>Roz\u0161i\u0159te si slovn\u00ed z\u00e1sobu per\u0161tiny.<\/p>\r\n                    <\/div>\r\n                <\/div>\r\n            <\/div>\r\n        <\/a>\r\n\r\n            <\/section>","protected":false},"excerpt":{"rendered":"<p>Zvl\u00e1dnut\u00ed persk\u00e9 gramatiky: V\u00e1\u0161 dokonal\u00fd pr\u016fvodce Salam, jazykov\u00ed nad\u0161enci! Jste p\u0159ipraveni vydat se na cestu do sv\u011bta persk\u00e9 gramatiky? Jste na spr\u00e1vn\u00e9m m\u00edst\u011b. Tento \u010dl\u00e1nek pln\u00fd snadno srozumiteln\u00fdch informac\u00ed a konverza\u010dn\u00edho t\u00f3nu v\u00e1s provede podmanivou \u0159\u00ed\u0161\u00ed persk\u00e9 gramatiky. Brzy budete schopni sestavovat v\u011bty a v\u00e9st smysluplnou konverzaci s rodil\u00fdmi mluv\u010d\u00edmi. Za\u010dn\u011bme tedy odhalovat tajemstv\u00ed persk\u00e9 [&hellip;]<\/p>\n","protected":false},"author":1,"featured_media":117138,"parent":0,"menu_order":0,"comment_status":"closed","ping_status":"closed","template":"LearningContentPage.php","meta":{"_acf_changed":false,"footnotes":""},"class_list":["post-148737","page","type-page","status-publish","has-post-thumbnail","hentry"],"acf":[],"yoast_head":"<!-- This site is optimized with the Yoast SEO Premium plugin v27.2 (Yoast SEO v27.2) - https:\/\/yoast.com\/product\/yoast-seo-premium-wordpress\/ -->\n<title>Persk\u00e1 gramatika - Talkpal<\/title>\n<meta name=\"description\" content=\"Prozkoumejte slo\u017eitosti persk\u00e9 gramatiky, abyste l\u00e9pe porozum\u011bli per\u0161tin\u011b a plynule ji ovl\u00e1dali.\" \/>\n<meta name=\"robots\" content=\"index, follow, max-snippet:-1, max-image-preview:large, max-video-preview:-1\" \/>\n<link rel=\"canonical\" href=\"https:\/\/talkpal.ai\/cs\/perska-gramatika\/\" \/>\n<meta property=\"og:locale\" content=\"cs_CZ\" \/>\n<meta property=\"og:type\" content=\"article\" \/>\n<meta property=\"og:title\" content=\"Persk\u00e1 gramatika\" \/>\n<meta property=\"og:description\" content=\"Zvl\u00e1dnut\u00ed persk\u00e9 gramatiky: V\u00e1\u0161 dokonal\u00fd pr\u016fvodce Salam, jazykov\u00ed nad\u0161enci! Jste p\u0159ipraveni vydat se na cestu do sv\u011bta persk\u00e9 gramatiky? Jste na spr\u00e1vn\u00e9m\" \/>\n<meta property=\"og:url\" content=\"https:\/\/talkpal.ai\/cs\/perska-gramatika\/\" \/>\n<meta property=\"og:site_name\" content=\"Talkpal\" \/>\n<meta property=\"article:publisher\" content=\"https:\/\/www.facebook.com\/profile.php?id=100090733639311\" \/>\n<meta property=\"article:modified_time\" content=\"2025-12-12T10:53:43+00:00\" \/>\n<meta property=\"og:image\" content=\"https:\/\/talkpal.ai\/wp-content\/uploads\/2023\/05\/Persian-iran.png\" \/>\n\t<meta property=\"og:image:width\" content=\"512\" \/>\n\t<meta property=\"og:image:height\" content=\"512\" \/>\n\t<meta property=\"og:image:type\" content=\"image\/png\" \/>\n<meta name=\"twitter:card\" content=\"summary_large_image\" \/>\n<meta name=\"twitter:site\" content=\"@talkpalai\" \/>\n<meta name=\"twitter:label1\" content=\"Odhadovan\u00e1 doba \u010dten\u00ed\" \/>\n\t<meta name=\"twitter:data1\" content=\"2 minuty\" \/>\n<script type=\"application\/ld+json\" class=\"yoast-schema-graph\">{\"@context\":\"https:\/\/schema.org\",\"@graph\":[{\"@type\":\"WebPage\",\"@id\":\"https:\/\/talkpal.ai\/cs\/perska-gramatika\/\",\"url\":\"https:\/\/talkpal.ai\/cs\/perska-gramatika\/\",\"name\":\"Persk\u00e1 gramatika - Talkpal\",\"isPartOf\":{\"@id\":\"https:\/\/talkpal.ai\/cs\/#website\"},\"primaryImageOfPage\":{\"@id\":\"https:\/\/talkpal.ai\/cs\/perska-gramatika\/#primaryimage\"},\"image\":{\"@id\":\"https:\/\/talkpal.ai\/cs\/perska-gramatika\/#primaryimage\"},\"thumbnailUrl\":\"https:\/\/talkpal.ai\/wp-content\/uploads\/2023\/05\/Persian-iran.png\",\"datePublished\":\"2023-05-14T14:18:22+00:00\",\"dateModified\":\"2025-12-12T10:53:43+00:00\",\"description\":\"Prozkoumejte slo\u017eitosti persk\u00e9 gramatiky, abyste l\u00e9pe porozum\u011bli per\u0161tin\u011b a plynule ji ovl\u00e1dali.\",\"breadcrumb\":{\"@id\":\"https:\/\/talkpal.ai\/cs\/perska-gramatika\/#breadcrumb\"},\"inLanguage\":\"cs\",\"potentialAction\":[{\"@type\":\"ReadAction\",\"target\":[\"https:\/\/talkpal.ai\/cs\/perska-gramatika\/\"]}]},{\"@type\":\"ImageObject\",\"inLanguage\":\"cs\",\"@id\":\"https:\/\/talkpal.ai\/cs\/perska-gramatika\/#primaryimage\",\"url\":\"https:\/\/talkpal.ai\/wp-content\/uploads\/2023\/05\/Persian-iran.png\",\"contentUrl\":\"https:\/\/talkpal.ai\/wp-content\/uploads\/2023\/05\/Persian-iran.png\",\"width\":512,\"height\":512},{\"@type\":\"BreadcrumbList\",\"@id\":\"https:\/\/talkpal.ai\/cs\/perska-gramatika\/#breadcrumb\",\"itemListElement\":[{\"@type\":\"ListItem\",\"position\":1,\"name\":\"Homepage\",\"item\":\"https:\/\/talkpal.ai\/cs\/\"},{\"@type\":\"ListItem\",\"position\":2,\"name\":\"Persk\u00e1 gramatika\"}]},{\"@type\":\"WebSite\",\"@id\":\"https:\/\/talkpal.ai\/cs\/#website\",\"url\":\"https:\/\/talkpal.ai\/cs\/\",\"name\":\"Talkpal\",\"description\":\"AI Language Learning\",\"publisher\":{\"@id\":\"https:\/\/talkpal.ai\/cs\/#organization\"},\"alternateName\":\"Talkpal AI\",\"potentialAction\":[{\"@type\":\"SearchAction\",\"target\":{\"@type\":\"EntryPoint\",\"urlTemplate\":\"https:\/\/talkpal.ai\/cs\/?s={search_term_string}\"},\"query-input\":{\"@type\":\"PropertyValueSpecification\",\"valueRequired\":true,\"valueName\":\"search_term_string\"}}],\"inLanguage\":\"cs\"},{\"@type\":\"Organization\",\"@id\":\"https:\/\/talkpal.ai\/cs\/#organization\",\"name\":\"Talkpal, Inc.\",\"alternateName\":\"Talkpal AI\",\"url\":\"https:\/\/talkpal.ai\/cs\/\",\"logo\":{\"@type\":\"ImageObject\",\"inLanguage\":\"cs\",\"@id\":\"https:\/\/talkpal.ai\/cs\/#\/schema\/logo\/image\/\",\"url\":\"https:\/\/talkpal.ai\/wp-content\/uploads\/2024\/03\/Talkpal-Logo-Icon.png\",\"contentUrl\":\"https:\/\/talkpal.ai\/wp-content\/uploads\/2024\/03\/Talkpal-Logo-Icon.png\",\"width\":2880,\"height\":2880,\"caption\":\"Talkpal, Inc.\"},\"image\":{\"@id\":\"https:\/\/talkpal.ai\/cs\/#\/schema\/logo\/image\/\"},\"sameAs\":[\"https:\/\/www.facebook.com\/profile.php?id=100090733639311\",\"https:\/\/x.com\/talkpalai\",\"https:\/\/www.linkedin.com\/company\/talkpal\/\",\"https:\/\/www.youtube.com\/@TalkPal\/\",\"https:\/\/www.tiktok.com\/@talkpal\",\"https:\/\/www.instagram.com\/talkpal_ai\/\",\"https:\/\/www.crunchbase.com\/organization\/talkpal-9cde\",\"https:\/\/www.g2.com\/products\/talkpal-for-business\/\",\"https:\/\/www.trustpilot.com\/review\/talkpal.ai\",\"https:\/\/www.capterra.com\/p\/10006800\/TalkPal\/\"],\"description\":\"Talkpal is a language learning web and mobile education app, powered by the latest AI technologies, that provides engaging experiences to its customers in many different languages to help them improve their language skills. Users can chat about unlimited amount of topics with the app and use other modes to practice their language learning.\",\"email\":\"support@talkpal.ai\",\"legalName\":\"Talkpal, Inc.\",\"foundingDate\":\"2023-04-03\",\"duns\":\"118989042\",\"numberOfEmployees\":{\"@type\":\"QuantitativeValue\",\"minValue\":\"11\",\"maxValue\":\"50\"},\"publishingPrinciples\":\"https:\/\/talkpal.ai\/publishing-principles\/\",\"actionableFeedbackPolicy\":\"https:\/\/talkpal.ai\/actionable-feedback-policy\/\",\"correctionsPolicy\":\"https:\/\/talkpal.ai\/corrections-policy\/\",\"ethicsPolicy\":\"https:\/\/talkpal.ai\/ethics-policy\/\",\"diversityPolicy\":\"https:\/\/talkpal.ai\/diversity-policy\/\",\"diversityStaffingReport\":\"https:\/\/talkpal.ai\/diversity-policy\/\"}]}<\/script>\n<!-- \/ Yoast SEO Premium plugin. -->","yoast_head_json":{"title":"Persk\u00e1 gramatika - Talkpal","description":"Prozkoumejte slo\u017eitosti persk\u00e9 gramatiky, abyste l\u00e9pe porozum\u011bli per\u0161tin\u011b a plynule ji ovl\u00e1dali.","robots":{"index":"index","follow":"follow","max-snippet":"max-snippet:-1","max-image-preview":"max-image-preview:large","max-video-preview":"max-video-preview:-1"},"canonical":"https:\/\/talkpal.ai\/cs\/perska-gramatika\/","og_locale":"cs_CZ","og_type":"article","og_title":"Persk\u00e1 gramatika","og_description":"Zvl\u00e1dnut\u00ed persk\u00e9 gramatiky: V\u00e1\u0161 dokonal\u00fd pr\u016fvodce Salam, jazykov\u00ed nad\u0161enci! Jste p\u0159ipraveni vydat se na cestu do sv\u011bta persk\u00e9 gramatiky? Jste na spr\u00e1vn\u00e9m","og_url":"https:\/\/talkpal.ai\/cs\/perska-gramatika\/","og_site_name":"Talkpal","article_publisher":"https:\/\/www.facebook.com\/profile.php?id=100090733639311","article_modified_time":"2025-12-12T10:53:43+00:00","og_image":[{"width":512,"height":512,"url":"https:\/\/talkpal.ai\/wp-content\/uploads\/2023\/05\/Persian-iran.png","type":"image\/png"}],"twitter_card":"summary_large_image","twitter_site":"@talkpalai","twitter_misc":{"Odhadovan\u00e1 doba \u010dten\u00ed":"2 minuty"},"schema":{"@context":"https:\/\/schema.org","@graph":[{"@type":"WebPage","@id":"https:\/\/talkpal.ai\/cs\/perska-gramatika\/","url":"https:\/\/talkpal.ai\/cs\/perska-gramatika\/","name":"Persk\u00e1 gramatika - Talkpal","isPartOf":{"@id":"https:\/\/talkpal.ai\/cs\/#website"},"primaryImageOfPage":{"@id":"https:\/\/talkpal.ai\/cs\/perska-gramatika\/#primaryimage"},"image":{"@id":"https:\/\/talkpal.ai\/cs\/perska-gramatika\/#primaryimage"},"thumbnailUrl":"https:\/\/talkpal.ai\/wp-content\/uploads\/2023\/05\/Persian-iran.png","datePublished":"2023-05-14T14:18:22+00:00","dateModified":"2025-12-12T10:53:43+00:00","description":"Prozkoumejte slo\u017eitosti persk\u00e9 gramatiky, abyste l\u00e9pe porozum\u011bli per\u0161tin\u011b a plynule ji ovl\u00e1dali.","breadcrumb":{"@id":"https:\/\/talkpal.ai\/cs\/perska-gramatika\/#breadcrumb"},"inLanguage":"cs","potentialAction":[{"@type":"ReadAction","target":["https:\/\/talkpal.ai\/cs\/perska-gramatika\/"]}]},{"@type":"ImageObject","inLanguage":"cs","@id":"https:\/\/talkpal.ai\/cs\/perska-gramatika\/#primaryimage","url":"https:\/\/talkpal.ai\/wp-content\/uploads\/2023\/05\/Persian-iran.png","contentUrl":"https:\/\/talkpal.ai\/wp-content\/uploads\/2023\/05\/Persian-iran.png","width":512,"height":512},{"@type":"BreadcrumbList","@id":"https:\/\/talkpal.ai\/cs\/perska-gramatika\/#breadcrumb","itemListElement":[{"@type":"ListItem","position":1,"name":"Homepage","item":"https:\/\/talkpal.ai\/cs\/"},{"@type":"ListItem","position":2,"name":"Persk\u00e1 gramatika"}]},{"@type":"WebSite","@id":"https:\/\/talkpal.ai\/cs\/#website","url":"https:\/\/talkpal.ai\/cs\/","name":"Talkpal","description":"AI Language Learning","publisher":{"@id":"https:\/\/talkpal.ai\/cs\/#organization"},"alternateName":"Talkpal AI","potentialAction":[{"@type":"SearchAction","target":{"@type":"EntryPoint","urlTemplate":"https:\/\/talkpal.ai\/cs\/?s={search_term_string}"},"query-input":{"@type":"PropertyValueSpecification","valueRequired":true,"valueName":"search_term_string"}}],"inLanguage":"cs"},{"@type":"Organization","@id":"https:\/\/talkpal.ai\/cs\/#organization","name":"Talkpal, Inc.","alternateName":"Talkpal AI","url":"https:\/\/talkpal.ai\/cs\/","logo":{"@type":"ImageObject","inLanguage":"cs","@id":"https:\/\/talkpal.ai\/cs\/#\/schema\/logo\/image\/","url":"https:\/\/talkpal.ai\/wp-content\/uploads\/2024\/03\/Talkpal-Logo-Icon.png","contentUrl":"https:\/\/talkpal.ai\/wp-content\/uploads\/2024\/03\/Talkpal-Logo-Icon.png","width":2880,"height":2880,"caption":"Talkpal, Inc."},"image":{"@id":"https:\/\/talkpal.ai\/cs\/#\/schema\/logo\/image\/"},"sameAs":["https:\/\/www.facebook.com\/profile.php?id=100090733639311","https:\/\/x.com\/talkpalai","https:\/\/www.linkedin.com\/company\/talkpal\/","https:\/\/www.youtube.com\/@TalkPal\/","https:\/\/www.tiktok.com\/@talkpal","https:\/\/www.instagram.com\/talkpal_ai\/","https:\/\/www.crunchbase.com\/organization\/talkpal-9cde","https:\/\/www.g2.com\/products\/talkpal-for-business\/","https:\/\/www.trustpilot.com\/review\/talkpal.ai","https:\/\/www.capterra.com\/p\/10006800\/TalkPal\/"],"description":"Talkpal is a language learning web and mobile education app, powered by the latest AI technologies, that provides engaging experiences to its customers in many different languages to help them improve their language skills. Users can chat about unlimited amount of topics with the app and use other modes to practice their language learning.","email":"support@talkpal.ai","legalName":"Talkpal, Inc.","foundingDate":"2023-04-03","duns":"118989042","numberOfEmployees":{"@type":"QuantitativeValue","minValue":"11","maxValue":"50"},"publishingPrinciples":"https:\/\/talkpal.ai\/publishing-principles\/","actionableFeedbackPolicy":"https:\/\/talkpal.ai\/actionable-feedback-policy\/","correctionsPolicy":"https:\/\/talkpal.ai\/corrections-policy\/","ethicsPolicy":"https:\/\/talkpal.ai\/ethics-policy\/","diversityPolicy":"https:\/\/talkpal.ai\/diversity-policy\/","diversityStaffingReport":"https:\/\/talkpal.ai\/diversity-policy\/"}]}},"_links":{"self":[{"href":"https:\/\/talkpal.ai\/cs\/wp-json\/wp\/v2\/pages\/148737","targetHints":{"allow":["GET"]}}],"collection":[{"href":"https:\/\/talkpal.ai\/cs\/wp-json\/wp\/v2\/pages"}],"about":[{"href":"https:\/\/talkpal.ai\/cs\/wp-json\/wp\/v2\/types\/page"}],"author":[{"embeddable":true,"href":"https:\/\/talkpal.ai\/cs\/wp-json\/wp\/v2\/users\/1"}],"replies":[{"embeddable":true,"href":"https:\/\/talkpal.ai\/cs\/wp-json\/wp\/v2\/comments?post=148737"}],"version-history":[{"count":0,"href":"https:\/\/talkpal.ai\/cs\/wp-json\/wp\/v2\/pages\/148737\/revisions"}],"wp:featuredmedia":[{"embeddable":true,"href":"https:\/\/talkpal.ai\/cs\/wp-json\/wp\/v2\/media\/117138"}],"wp:attachment":[{"href":"https:\/\/talkpal.ai\/cs\/wp-json\/wp\/v2\/media?parent=148737"}],"curies":[{"name":"wp","href":"https:\/\/api.w.org\/{rel}","templated":true}]}}