{"id":148472,"date":"2023-05-14T14:13:06","date_gmt":"2023-05-14T14:13:06","guid":{"rendered":"http:\/\/talkpal.ai\/norska-gramatika\/"},"modified":"2025-12-17T17:36:39","modified_gmt":"2025-12-17T17:36:39","slug":"norska-gramatika","status":"publish","type":"page","link":"https:\/\/talkpal.ai\/cs\/norska-gramatika\/","title":{"rendered":"Norsk\u00e1 gramatika"},"content":{"rendered":"\r\n\r\n\r\n<section class=\"languageChallengeSection\">\r\n    <div class=\"languageInfoWrapper\">\r\n        \r\n        <h1>Norsk\u00e1 gramatika<\/h1>\r\n        <p>Osvojte si z\u00e1klady norsk\u00e9 gramatiky a z\u00edskejte schopnost d\u016fv\u011brn\u011b komunikovat v jednom z nejkr\u00e1sn\u011bj\u0161\u00edch skandin\u00e1vsk\u00fdch jazyk\u016f. Porozum\u011bn\u00ed norsk\u00e9 gramatice v\u00e1m otev\u0159e dve\u0159e k nov\u00fdm kulturn\u00edm z\u00e1\u017eitk\u016fm a smyslupln\u00fdm rozhovor\u016fm. Za\u010dn\u011bte se u\u010dit norskou gramatiku je\u0161t\u011b dnes a ud\u011blejte prvn\u00ed krok k plynulosti jazyka!<\/p>\r\n\r\n                            <a class=\"getStartedHidden\" href=\"https:\/\/app.talkpal.ai\/cs\/signup?lng=\">Za\u010dni<\/a>\r\n        \r\n    <\/div>\r\n\r\n    <figure>\r\n    <img decoding=\"async\" width=\"768\" height=\"768\" src=\"https:\/\/talkpal.ai\/wp-content\/uploads\/2023\/06\/norwegian-768x768.png\" class=\"languageImage no-lazy\" alt=\"Language learning for extensive vocabulary\" fetchpriority=\"high\" sizes=\"(max-width: 768px) 150px, 768px\" srcset=\"https:\/\/talkpal.ai\/wp-content\/uploads\/2023\/06\/norwegian-768x768.png 768w, https:\/\/talkpal.ai\/wp-content\/uploads\/2023\/06\/norwegian-300x300.png 300w\" \/>\r\n    \r\n\r\n    <\/figure>\r\n\r\n            <a class=\"getStartedVisible\" href=\"https:\/\/app.talkpal.ai\/cs\/signup?lng=\">Za\u010dni<\/a>\r\n    \r\n<\/section>\r\n<section class=\"promotionalBanner\">\r\n    <p class=\"promotionalText\">Nejefektivn\u011bj\u0161\u00ed zp\u016fsob, jak se nau\u010dit jazyk<\/p>\r\n    <a class=\"promotionalLink\" href=\"https:\/\/app.talkpal.ai\/cs\/signup?lng=\">Vyzkou\u0161ejte Talkpal zdarma<\/a>\r\n<\/section>\n<div class=\"wp-block-group pageContainerStyle\"><div class=\"wp-block-group__inner-container is-layout-constrained wp-block-group-is-layout-constrained\">\n<h2 class=\"wp-block-heading\" id=\"h-dive-into-norwegian-grammar-a-comprehensive-guide\">Pono\u0159te se do norsk\u00e9 gramatiky: Komplexn\u00ed pr\u016fvodce<\/h2>\n\n\n\n<p><a href=\"https:\/\/talkpal.ai\/learn-norwegian\/\">Nor\u0161tina<\/a>, fascinuj\u00edc\u00ed a expresivn\u00ed jazyk, nab\u00edz\u00ed student\u016fm jazyk\u016f jedine\u010dnou p\u0159\u00edle\u017eitost prozkoumat bohat\u00e9 kulturn\u00ed a historick\u00e9 d\u011bdictv\u00ed <a href=\"https:\/\/talkpal.ai\/learn-norwegian\/\">Norska<\/a>. Dobrou zpr\u00e1vou je, \u017ee <a href=\"https:\/\/talkpal.ai\/norwegian-grammar\/\">norsk\u00e1 gramatika<\/a> sd\u00edl\u00ed n\u011bkter\u00e9 podobnosti s angli\u010dtinou, co\u017e z n\u00ed \u010din\u00ed p\u0159\u00edstupn\u00fd jazyk k u\u010den\u00ed. Tento \u010dl\u00e1nek v\u00e1s provede z\u00e1kladn\u00edmi aspekty norsk\u00e9 gramatiky a zajist\u00ed, \u017ee si vybudujete pevn\u00e9 z\u00e1klady a pochop\u00edte jazyk s jistotou.<\/p>\n\n\n\n<h3 class=\"wp-block-heading\" id=\"h-1-embracing-norwegian-nouns-and-articles\">1. P\u0159ijet\u00ed norsk\u00fdch podstatn\u00fdch jmen a \u010dlen\u016f<\/h3>\n\n\n\n<p>Norsk\u00e1 podstatn\u00e1 jm\u00e9na, stejn\u011b jako jejich anglick\u00e9 prot\u011bj\u0161ky, p\u0159edstavuj\u00ed lidi, m\u00edsta, v\u011bci nebo my\u0161lenky. D\u011bl\u00ed se na t\u0159i pohlav\u00ed: mu\u017esk\u00e9, \u017eensk\u00e9 a st\u0159edn\u00ed. Rod je rozhoduj\u00edc\u00ed pro ur\u010den\u00ed koncovek podstatn\u00fdch jmen a \u010dlen\u016f, s nimi\u017e se maj\u00ed p\u00e1rovat.<\/p>\n\n\n\n<p>V nor\u0161tin\u011b existuj\u00ed dva typy \u010dlen\u016f: ur\u010dit\u00fd a neur\u010dit\u00fd. Ur\u010dit\u00e9 \u010dleny se objevuj\u00ed jako p\u0159\u00edpony na konci podstatn\u00fdch jmen, zat\u00edmco neur\u010dit\u00e9 \u010dleny jsou samostatn\u00e1 slova, kter\u00e1 p\u0159edch\u00e1zej\u00ed podstatn\u00fdm jm\u00e9n\u016fm. \u010cl\u00e1nky se mus\u00ed shodovat s podstatn\u00fdmi jm\u00e9ny v rod\u011b a \u010d\u00edsle.<\/p>\n\n\n\n<p><strong>&#8211; Ur\u010dit\u00e9 \u010dleny: -en (mu\u017esk\u00fd rod), -a (\u017eensk\u00fd rod), -et (st\u0159edn\u00ed rod)<\/strong><\/p>\n\n\n\n<p><strong>&#8211; Neur\u010dit\u00e9 \u010dleny: en (mu\u017esk\u00fd rod), ei (\u017eensk\u00fd rod), et (st\u0159edn\u00ed rod)<\/strong><\/p>\n\n\n\n<h3 class=\"wp-block-heading\" id=\"h-2-mastering-norwegian-verbs-conjugation-and-tenses\">2. Zvl\u00e1dnut\u00ed norsk\u00fdch sloves: \u010dasov\u00e1n\u00ed a \u010dasy<\/h3>\n\n\n\n<p>Norsk\u00e1 slovesa se u\u010d\u00ed pom\u011brn\u011b snadno, proto\u017ee maj\u00ed m\u00e9n\u011b \u010dasov\u00e1n\u00ed ne\u017e mnoho jin\u00fdch jazyk\u016f. Slovesa se \u010dasuj\u00ed podle \u010dasu a n\u00e1lady. Norsk\u00e1 slovesa se prim\u00e1rn\u011b d\u011bl\u00ed do \u010dty\u0159 skupin, z nich\u017e ka\u017ed\u00e1 m\u00e1 sv\u016fj vzor \u010dasov\u00e1n\u00ed. Dobrou zpr\u00e1vou v\u0161ak je, \u017ee na rozd\u00edl od mnoha jin\u00fdch jazyk\u016f norsk\u00e1 slovesa nem\u011bn\u00ed sv\u016fj tvar na z\u00e1klad\u011b podm\u011btu nebo \u010d\u00edsla.<\/p>\n\n\n\n<p>Nor\u0161tina m\u00e1 m\u00e9n\u011b \u010das\u016f ne\u017e <a href=\"https:\/\/talkpal.ai\/learn-english-with-ai\/\">angli\u010dtina<\/a>, pouze t\u0159i \u010dasy: p\u0159\u00edtomn\u00fd \u010das, minul\u00fd \u010das a p\u0159edminul\u00fd \u010das. P\u0159\u00edtomn\u00fd \u010das se pou\u017e\u00edv\u00e1 k vyj\u00e1d\u0159en\u00ed p\u0159\u00edtomn\u00fdch a budouc\u00edch ud\u00e1lost\u00ed, zat\u00edmco minul\u00fd \u010das ozna\u010duje dokon\u010den\u00e9 akce a p\u0159edminul\u00fd \u010das ozna\u010duje zku\u0161enosti nebo stavy, kter\u00e9 se staly p\u0159ed ur\u010dit\u00fdm bodem v minulosti.<\/p>\n\n\n\n<h3 class=\"wp-block-heading\" id=\"h-3-expressing-yourself-with-norwegian-adjectives-and-adverbs\">3. Vyjad\u0159ov\u00e1n\u00ed pomoc\u00ed norsk\u00fdch p\u0159\u00eddavn\u00fdch jmen a p\u0159\u00edslovc\u00ed<\/h3>\n\n\n\n<p>Pou\u017e\u00edv\u00e1n\u00ed p\u0159\u00eddavn\u00fdch jmen \u00fa\u010dinn\u011b zvy\u0161uje va\u0161i schopnost vyjad\u0159ovat se v nor\u0161tin\u011b. P\u0159\u00eddavn\u00e1 jm\u00e9na popisuj\u00ed vlastnosti nebo charakteristiky podstatn\u00fdch jmen a mus\u00ed se shodovat s podstatn\u00fdmi jm\u00e9ny v rod\u011b a \u010d\u00edsle. V nor\u0161tin\u011b p\u0159\u00eddavn\u00e1 jm\u00e9na obvykle p\u0159edch\u00e1zej\u00ed podstatn\u00e9mu jm\u00e9nu, kter\u00e9 popisuj\u00ed.<\/p>\n\n\n\n<p>P\u0159\u00edslovce v nor\u0161tin\u011b modifikuj\u00ed slovesa, p\u0159\u00eddavn\u00e1 jm\u00e9na nebo jin\u00e1 p\u0159\u00edslovce. Poskytuj\u00ed informace o tom, jak, kdy, kde a do jak\u00e9 m\u00edry k akci doch\u00e1z\u00ed. Na rozd\u00edl od p\u0159\u00eddavn\u00fdch jmen z\u016fst\u00e1vaj\u00ed p\u0159\u00edslovce stejn\u00e1 bez ohledu na rod nebo po\u010det popisovan\u00fdch podstatn\u00fdch jmen.<\/p>\n\n\n\n<h3 class=\"wp-block-heading\" id=\"h-4-constructing-sentences-with-norwegian-pronouns-and-word-order\">4. Tvo\u0159en\u00ed v\u011bt s norsk\u00fdmi z\u00e1jmeny a slovosledem<\/h3>\n\n\n\n<p>Norsk\u00e1 z\u00e1jmena nahrazuj\u00ed podstatn\u00e1 jm\u00e9na a obvykle se shoduj\u00ed s podstatn\u00fdm jm\u00e9nem, kter\u00e9 p\u0159edstavuj\u00ed v rod\u011b, \u010d\u00edsle a p\u00e1du. V nor\u0161tin\u011b existuj\u00ed r\u016fzn\u00e9 druhy z\u00e1jmen, v\u010detn\u011b osobn\u00edch, p\u0159ivlast\u0148ovac\u00edch, ukazovac\u00edch, reflexivn\u00edch, vzta\u017en\u00fdch a t\u00e1zac\u00edch z\u00e1jmen.<\/p>\n\n\n\n<p>Norsk\u00e1 v\u011btn\u00e1 struktura se \u0159\u00edd\u00ed po\u0159ad\u00edm podm\u011bt-sloveso-objekt (SVO), podobn\u011b jako angli\u010dtina. Pou\u017e\u00edv\u00e1 v\u0161ak tak\u00e9 pravidlo Sloveso-druh\u00e9 (V2), ve kter\u00e9m sloveso obvykle zauj\u00edm\u00e1 druhou pozici v hlavn\u00edch v\u011bt\u00e1ch. Porozum\u011bn\u00ed a procvi\u010dov\u00e1n\u00ed norsk\u00e9ho slovosledu je nezbytn\u00e9 pro dosa\u017een\u00ed plynulosti v jazyce.<\/p>\n\n\n\n<h3 class=\"wp-block-heading\" id=\"h-conclusion\">Z\u00e1v\u011br<\/h3>\n\n\n\n<p>Dosa\u017een\u00ed plynulosti v norsk\u00e9 gramatice vy\u017eaduje odhodl\u00e1n\u00ed, praxi a otev\u0159enou mysl, abyste prozkoumali jedine\u010dn\u00e9 vlastnosti jazyka. A\u0165 u\u017e se chcete pono\u0159it do norsk\u00e9 kultury, nebo se chcete nau\u010dit nov\u00fd jazyk, zvl\u00e1dnut\u00ed norsk\u00e9 gramatiky je z\u00e1kladem \u00fasp\u011b\u0161n\u00e9 komunikace. A\u017e se pono\u0159\u00edte do norsk\u00fdch podstatn\u00fdch jmen, sloves, p\u0159\u00eddavn\u00fdch jmen a slovosledu, nezapome\u0148te si tento proces u\u017e\u00edt a v\u00e1\u017eit si bohat\u00fdch jazykov\u00fdch z\u00e1\u017eitk\u016f, kter\u00e9 na v\u00e1s \u010dekaj\u00ed. <a href=\"https:\/\/talkpal.ai\/culture\/how-do-you-say-good-luck-with-that-in-norwegian\/\">Lykke til<\/a>!<\/p>\n<\/div><\/div>\n\r\n<section class=\"learnNavigationSection\">\r\n            \r\n        <a href=\"https:\/\/talkpal.ai\/cs\/naucte-se-norsky\/\">\r\n            <div class=\"learnNavigationWrapper\">\r\n                <div class=\"learnNavigationContent\">\r\n                    <img decoding=\"async\" src=\"https:\/\/talkpal.ai\/wp-content\/uploads\/2024\/08\/Norwegian.jpg\" alt=\"Norwegian Flag\">\r\n                    <div>\r\n                        <h4>O norsk\u00e9m vzd\u011bl\u00e1v\u00e1n\u00ed<\/h4>\r\n                        <p>Zjist\u011bte v\u0161e o norsk\u00e9 gramatice.<\/p>\r\n                    <\/div>\r\n                <\/div>\r\n            <\/div>\r\n        <\/a>\r\n\r\n        \r\n        <a href=\"https:\/\/talkpal.ai\/cs\/cviceni-z-norske-gramatiky\/\">\r\n            <div class=\"learnNavigationWrapper\">\r\n                <div class=\"learnNavigationContent\">\r\n                    <img decoding=\"async\" src=\"https:\/\/talkpal.ai\/wp-content\/uploads\/2024\/08\/Norwegian.jpg\" alt=\"Norwegian Flag\">\r\n                    <div>\r\n                        <h4>Cvi\u010den\u00ed z norsk\u00e9 gramatiky<\/h4>\r\n                        <p>Procvi\u010dte si norskou gramatiku.<\/p>\r\n                    <\/div>\r\n                <\/div>\r\n            <\/div>\r\n        <\/a>\r\n\r\n        \r\n        <a href=\"https:\/\/talkpal.ai\/vocabulary_language\/norwegian\/\">\r\n            <div class=\"learnNavigationWrapper\">\r\n                <div class=\"learnNavigationContent\">\r\n                    <img decoding=\"async\" src=\"https:\/\/talkpal.ai\/wp-content\/uploads\/2024\/08\/Norwegian.jpg\" alt=\"Norwegian Flag\">\r\n                    <div>\r\n                        <h4>Norsk\u00e1 slovn\u00ed z\u00e1soba<\/h4>\r\n                        <p>Roz\u0161i\u0159te svou norskou slovn\u00ed z\u00e1sobu.<\/p>\r\n                    <\/div>\r\n                <\/div>\r\n            <\/div>\r\n        <\/a>\r\n\r\n            <\/section>","protected":false},"excerpt":{"rendered":"<p>Pono\u0159te se do norsk\u00e9 gramatiky: Komplexn\u00ed pr\u016fvodce Nor\u0161tina, fascinuj\u00edc\u00ed a expresivn\u00ed jazyk, nab\u00edz\u00ed student\u016fm jazyk\u016f jedine\u010dnou p\u0159\u00edle\u017eitost prozkoumat bohat\u00e9 kulturn\u00ed a historick\u00e9 d\u011bdictv\u00ed Norska. Dobrou zpr\u00e1vou je, \u017ee norsk\u00e1 gramatika sd\u00edl\u00ed n\u011bkter\u00e9 podobnosti s angli\u010dtinou, co\u017e z n\u00ed \u010din\u00ed p\u0159\u00edstupn\u00fd jazyk k u\u010den\u00ed. Tento \u010dl\u00e1nek v\u00e1s provede z\u00e1kladn\u00edmi aspekty norsk\u00e9 gramatiky a zajist\u00ed, \u017ee si [&hellip;]<\/p>\n","protected":false},"author":1,"featured_media":116867,"parent":0,"menu_order":0,"comment_status":"closed","ping_status":"closed","template":"LearningContentPage.php","meta":{"_acf_changed":false,"footnotes":""},"class_list":["post-148472","page","type-page","status-publish","has-post-thumbnail","hentry"],"acf":[],"yoast_head":"<!-- This site is optimized with the Yoast SEO Premium plugin v27.2 (Yoast SEO v27.2) - https:\/\/yoast.com\/product\/yoast-seo-premium-wordpress\/ -->\n<title>Norsk\u00e1 gramatika - Talkpal<\/title>\n<meta name=\"description\" content=\"Prozkoumejte slo\u017eitosti norsk\u00e9 gramatiky a posu\u0148te sv\u00e9 jazykov\u00e9 znalosti na vy\u0161\u0161\u00ed \u00farove\u0148.\" \/>\n<meta name=\"robots\" content=\"index, follow, max-snippet:-1, max-image-preview:large, max-video-preview:-1\" \/>\n<link rel=\"canonical\" href=\"https:\/\/talkpal.ai\/cs\/norska-gramatika\/\" \/>\n<meta property=\"og:locale\" content=\"cs_CZ\" \/>\n<meta property=\"og:type\" content=\"article\" \/>\n<meta property=\"og:title\" content=\"Norsk\u00e1 gramatika\" \/>\n<meta property=\"og:description\" content=\"Pono\u0159te se do norsk\u00e9 gramatiky: Komplexn\u00ed pr\u016fvodce Nor\u0161tina, fascinuj\u00edc\u00ed a expresivn\u00ed jazyk, nab\u00edz\u00ed student\u016fm jazyk\u016f jedine\u010dnou p\u0159\u00edle\u017eitost prozkoumat\" \/>\n<meta property=\"og:url\" content=\"https:\/\/talkpal.ai\/cs\/norska-gramatika\/\" \/>\n<meta property=\"og:site_name\" content=\"Talkpal\" \/>\n<meta property=\"article:publisher\" content=\"https:\/\/www.facebook.com\/profile.php?id=100090733639311\" \/>\n<meta property=\"article:modified_time\" content=\"2025-12-17T17:36:39+00:00\" \/>\n<meta property=\"og:image\" content=\"https:\/\/talkpal.ai\/wp-content\/uploads\/2023\/05\/norway.png\" \/>\n\t<meta property=\"og:image:width\" content=\"512\" \/>\n\t<meta property=\"og:image:height\" content=\"512\" \/>\n\t<meta property=\"og:image:type\" content=\"image\/png\" \/>\n<meta name=\"twitter:card\" content=\"summary_large_image\" \/>\n<meta name=\"twitter:site\" content=\"@talkpalai\" \/>\n<meta name=\"twitter:label1\" content=\"Odhadovan\u00e1 doba \u010dten\u00ed\" \/>\n\t<meta name=\"twitter:data1\" content=\"4 minuty\" \/>\n<script type=\"application\/ld+json\" class=\"yoast-schema-graph\">{\"@context\":\"https:\/\/schema.org\",\"@graph\":[{\"@type\":\"WebPage\",\"@id\":\"https:\/\/talkpal.ai\/cs\/norska-gramatika\/\",\"url\":\"https:\/\/talkpal.ai\/cs\/norska-gramatika\/\",\"name\":\"Norsk\u00e1 gramatika - Talkpal\",\"isPartOf\":{\"@id\":\"https:\/\/talkpal.ai\/cs\/#website\"},\"primaryImageOfPage\":{\"@id\":\"https:\/\/talkpal.ai\/cs\/norska-gramatika\/#primaryimage\"},\"image\":{\"@id\":\"https:\/\/talkpal.ai\/cs\/norska-gramatika\/#primaryimage\"},\"thumbnailUrl\":\"https:\/\/talkpal.ai\/wp-content\/uploads\/2023\/05\/norway.png\",\"datePublished\":\"2023-05-14T14:13:06+00:00\",\"dateModified\":\"2025-12-17T17:36:39+00:00\",\"description\":\"Prozkoumejte slo\u017eitosti norsk\u00e9 gramatiky a posu\u0148te sv\u00e9 jazykov\u00e9 znalosti na vy\u0161\u0161\u00ed \u00farove\u0148.\",\"breadcrumb\":{\"@id\":\"https:\/\/talkpal.ai\/cs\/norska-gramatika\/#breadcrumb\"},\"inLanguage\":\"cs\",\"potentialAction\":[{\"@type\":\"ReadAction\",\"target\":[\"https:\/\/talkpal.ai\/cs\/norska-gramatika\/\"]}]},{\"@type\":\"ImageObject\",\"inLanguage\":\"cs\",\"@id\":\"https:\/\/talkpal.ai\/cs\/norska-gramatika\/#primaryimage\",\"url\":\"https:\/\/talkpal.ai\/wp-content\/uploads\/2023\/05\/norway.png\",\"contentUrl\":\"https:\/\/talkpal.ai\/wp-content\/uploads\/2023\/05\/norway.png\",\"width\":512,\"height\":512},{\"@type\":\"BreadcrumbList\",\"@id\":\"https:\/\/talkpal.ai\/cs\/norska-gramatika\/#breadcrumb\",\"itemListElement\":[{\"@type\":\"ListItem\",\"position\":1,\"name\":\"Homepage\",\"item\":\"https:\/\/talkpal.ai\/cs\/\"},{\"@type\":\"ListItem\",\"position\":2,\"name\":\"Norsk\u00e1 gramatika\"}]},{\"@type\":\"WebSite\",\"@id\":\"https:\/\/talkpal.ai\/cs\/#website\",\"url\":\"https:\/\/talkpal.ai\/cs\/\",\"name\":\"Talkpal\",\"description\":\"AI Language Learning\",\"publisher\":{\"@id\":\"https:\/\/talkpal.ai\/cs\/#organization\"},\"alternateName\":\"Talkpal AI\",\"potentialAction\":[{\"@type\":\"SearchAction\",\"target\":{\"@type\":\"EntryPoint\",\"urlTemplate\":\"https:\/\/talkpal.ai\/cs\/?s={search_term_string}\"},\"query-input\":{\"@type\":\"PropertyValueSpecification\",\"valueRequired\":true,\"valueName\":\"search_term_string\"}}],\"inLanguage\":\"cs\"},{\"@type\":\"Organization\",\"@id\":\"https:\/\/talkpal.ai\/cs\/#organization\",\"name\":\"Talkpal, Inc.\",\"alternateName\":\"Talkpal AI\",\"url\":\"https:\/\/talkpal.ai\/cs\/\",\"logo\":{\"@type\":\"ImageObject\",\"inLanguage\":\"cs\",\"@id\":\"https:\/\/talkpal.ai\/cs\/#\/schema\/logo\/image\/\",\"url\":\"https:\/\/talkpal.ai\/wp-content\/uploads\/2024\/03\/Talkpal-Logo-Icon.png\",\"contentUrl\":\"https:\/\/talkpal.ai\/wp-content\/uploads\/2024\/03\/Talkpal-Logo-Icon.png\",\"width\":2880,\"height\":2880,\"caption\":\"Talkpal, Inc.\"},\"image\":{\"@id\":\"https:\/\/talkpal.ai\/cs\/#\/schema\/logo\/image\/\"},\"sameAs\":[\"https:\/\/www.facebook.com\/profile.php?id=100090733639311\",\"https:\/\/x.com\/talkpalai\",\"https:\/\/www.linkedin.com\/company\/talkpal\/\",\"https:\/\/www.youtube.com\/@TalkPal\/\",\"https:\/\/www.tiktok.com\/@talkpal\",\"https:\/\/www.instagram.com\/talkpal_ai\/\",\"https:\/\/www.crunchbase.com\/organization\/talkpal-9cde\",\"https:\/\/www.g2.com\/products\/talkpal-for-business\/\",\"https:\/\/www.trustpilot.com\/review\/talkpal.ai\",\"https:\/\/www.capterra.com\/p\/10006800\/TalkPal\/\"],\"description\":\"Talkpal is a language learning web and mobile education app, powered by the latest AI technologies, that provides engaging experiences to its customers in many different languages to help them improve their language skills. Users can chat about unlimited amount of topics with the app and use other modes to practice their language learning.\",\"email\":\"support@talkpal.ai\",\"legalName\":\"Talkpal, Inc.\",\"foundingDate\":\"2023-04-03\",\"duns\":\"118989042\",\"numberOfEmployees\":{\"@type\":\"QuantitativeValue\",\"minValue\":\"11\",\"maxValue\":\"50\"},\"publishingPrinciples\":\"https:\/\/talkpal.ai\/publishing-principles\/\",\"actionableFeedbackPolicy\":\"https:\/\/talkpal.ai\/actionable-feedback-policy\/\",\"correctionsPolicy\":\"https:\/\/talkpal.ai\/corrections-policy\/\",\"ethicsPolicy\":\"https:\/\/talkpal.ai\/ethics-policy\/\",\"diversityPolicy\":\"https:\/\/talkpal.ai\/diversity-policy\/\",\"diversityStaffingReport\":\"https:\/\/talkpal.ai\/diversity-policy\/\"}]}<\/script>\n<!-- \/ Yoast SEO Premium plugin. -->","yoast_head_json":{"title":"Norsk\u00e1 gramatika - Talkpal","description":"Prozkoumejte slo\u017eitosti norsk\u00e9 gramatiky a posu\u0148te sv\u00e9 jazykov\u00e9 znalosti na vy\u0161\u0161\u00ed \u00farove\u0148.","robots":{"index":"index","follow":"follow","max-snippet":"max-snippet:-1","max-image-preview":"max-image-preview:large","max-video-preview":"max-video-preview:-1"},"canonical":"https:\/\/talkpal.ai\/cs\/norska-gramatika\/","og_locale":"cs_CZ","og_type":"article","og_title":"Norsk\u00e1 gramatika","og_description":"Pono\u0159te se do norsk\u00e9 gramatiky: Komplexn\u00ed pr\u016fvodce Nor\u0161tina, fascinuj\u00edc\u00ed a expresivn\u00ed jazyk, nab\u00edz\u00ed student\u016fm jazyk\u016f jedine\u010dnou p\u0159\u00edle\u017eitost prozkoumat","og_url":"https:\/\/talkpal.ai\/cs\/norska-gramatika\/","og_site_name":"Talkpal","article_publisher":"https:\/\/www.facebook.com\/profile.php?id=100090733639311","article_modified_time":"2025-12-17T17:36:39+00:00","og_image":[{"width":512,"height":512,"url":"https:\/\/talkpal.ai\/wp-content\/uploads\/2023\/05\/norway.png","type":"image\/png"}],"twitter_card":"summary_large_image","twitter_site":"@talkpalai","twitter_misc":{"Odhadovan\u00e1 doba \u010dten\u00ed":"4 minuty"},"schema":{"@context":"https:\/\/schema.org","@graph":[{"@type":"WebPage","@id":"https:\/\/talkpal.ai\/cs\/norska-gramatika\/","url":"https:\/\/talkpal.ai\/cs\/norska-gramatika\/","name":"Norsk\u00e1 gramatika - Talkpal","isPartOf":{"@id":"https:\/\/talkpal.ai\/cs\/#website"},"primaryImageOfPage":{"@id":"https:\/\/talkpal.ai\/cs\/norska-gramatika\/#primaryimage"},"image":{"@id":"https:\/\/talkpal.ai\/cs\/norska-gramatika\/#primaryimage"},"thumbnailUrl":"https:\/\/talkpal.ai\/wp-content\/uploads\/2023\/05\/norway.png","datePublished":"2023-05-14T14:13:06+00:00","dateModified":"2025-12-17T17:36:39+00:00","description":"Prozkoumejte slo\u017eitosti norsk\u00e9 gramatiky a posu\u0148te sv\u00e9 jazykov\u00e9 znalosti na vy\u0161\u0161\u00ed \u00farove\u0148.","breadcrumb":{"@id":"https:\/\/talkpal.ai\/cs\/norska-gramatika\/#breadcrumb"},"inLanguage":"cs","potentialAction":[{"@type":"ReadAction","target":["https:\/\/talkpal.ai\/cs\/norska-gramatika\/"]}]},{"@type":"ImageObject","inLanguage":"cs","@id":"https:\/\/talkpal.ai\/cs\/norska-gramatika\/#primaryimage","url":"https:\/\/talkpal.ai\/wp-content\/uploads\/2023\/05\/norway.png","contentUrl":"https:\/\/talkpal.ai\/wp-content\/uploads\/2023\/05\/norway.png","width":512,"height":512},{"@type":"BreadcrumbList","@id":"https:\/\/talkpal.ai\/cs\/norska-gramatika\/#breadcrumb","itemListElement":[{"@type":"ListItem","position":1,"name":"Homepage","item":"https:\/\/talkpal.ai\/cs\/"},{"@type":"ListItem","position":2,"name":"Norsk\u00e1 gramatika"}]},{"@type":"WebSite","@id":"https:\/\/talkpal.ai\/cs\/#website","url":"https:\/\/talkpal.ai\/cs\/","name":"Talkpal","description":"AI Language Learning","publisher":{"@id":"https:\/\/talkpal.ai\/cs\/#organization"},"alternateName":"Talkpal AI","potentialAction":[{"@type":"SearchAction","target":{"@type":"EntryPoint","urlTemplate":"https:\/\/talkpal.ai\/cs\/?s={search_term_string}"},"query-input":{"@type":"PropertyValueSpecification","valueRequired":true,"valueName":"search_term_string"}}],"inLanguage":"cs"},{"@type":"Organization","@id":"https:\/\/talkpal.ai\/cs\/#organization","name":"Talkpal, Inc.","alternateName":"Talkpal AI","url":"https:\/\/talkpal.ai\/cs\/","logo":{"@type":"ImageObject","inLanguage":"cs","@id":"https:\/\/talkpal.ai\/cs\/#\/schema\/logo\/image\/","url":"https:\/\/talkpal.ai\/wp-content\/uploads\/2024\/03\/Talkpal-Logo-Icon.png","contentUrl":"https:\/\/talkpal.ai\/wp-content\/uploads\/2024\/03\/Talkpal-Logo-Icon.png","width":2880,"height":2880,"caption":"Talkpal, Inc."},"image":{"@id":"https:\/\/talkpal.ai\/cs\/#\/schema\/logo\/image\/"},"sameAs":["https:\/\/www.facebook.com\/profile.php?id=100090733639311","https:\/\/x.com\/talkpalai","https:\/\/www.linkedin.com\/company\/talkpal\/","https:\/\/www.youtube.com\/@TalkPal\/","https:\/\/www.tiktok.com\/@talkpal","https:\/\/www.instagram.com\/talkpal_ai\/","https:\/\/www.crunchbase.com\/organization\/talkpal-9cde","https:\/\/www.g2.com\/products\/talkpal-for-business\/","https:\/\/www.trustpilot.com\/review\/talkpal.ai","https:\/\/www.capterra.com\/p\/10006800\/TalkPal\/"],"description":"Talkpal is a language learning web and mobile education app, powered by the latest AI technologies, that provides engaging experiences to its customers in many different languages to help them improve their language skills. Users can chat about unlimited amount of topics with the app and use other modes to practice their language learning.","email":"support@talkpal.ai","legalName":"Talkpal, Inc.","foundingDate":"2023-04-03","duns":"118989042","numberOfEmployees":{"@type":"QuantitativeValue","minValue":"11","maxValue":"50"},"publishingPrinciples":"https:\/\/talkpal.ai\/publishing-principles\/","actionableFeedbackPolicy":"https:\/\/talkpal.ai\/actionable-feedback-policy\/","correctionsPolicy":"https:\/\/talkpal.ai\/corrections-policy\/","ethicsPolicy":"https:\/\/talkpal.ai\/ethics-policy\/","diversityPolicy":"https:\/\/talkpal.ai\/diversity-policy\/","diversityStaffingReport":"https:\/\/talkpal.ai\/diversity-policy\/"}]}},"_links":{"self":[{"href":"https:\/\/talkpal.ai\/cs\/wp-json\/wp\/v2\/pages\/148472","targetHints":{"allow":["GET"]}}],"collection":[{"href":"https:\/\/talkpal.ai\/cs\/wp-json\/wp\/v2\/pages"}],"about":[{"href":"https:\/\/talkpal.ai\/cs\/wp-json\/wp\/v2\/types\/page"}],"author":[{"embeddable":true,"href":"https:\/\/talkpal.ai\/cs\/wp-json\/wp\/v2\/users\/1"}],"replies":[{"embeddable":true,"href":"https:\/\/talkpal.ai\/cs\/wp-json\/wp\/v2\/comments?post=148472"}],"version-history":[{"count":0,"href":"https:\/\/talkpal.ai\/cs\/wp-json\/wp\/v2\/pages\/148472\/revisions"}],"wp:featuredmedia":[{"embeddable":true,"href":"https:\/\/talkpal.ai\/cs\/wp-json\/wp\/v2\/media\/116867"}],"wp:attachment":[{"href":"https:\/\/talkpal.ai\/cs\/wp-json\/wp\/v2\/media?parent=148472"}],"curies":[{"name":"wp","href":"https:\/\/api.w.org\/{rel}","templated":true}]}}