{"id":1481631,"date":"2025-11-27T16:56:24","date_gmt":"2025-11-27T16:56:24","guid":{"rendered":"https:\/\/talkpal.ai\/vanocni-sleva-talkpal\/"},"modified":"2026-01-22T14:04:43","modified_gmt":"2026-01-22T14:04:43","slug":"vanocni-sleva-talkpal","status":"publish","type":"page","link":"https:\/\/talkpal.ai\/cs\/vanocni-sleva-talkpal\/","title":{"rendered":"V\u00e1no\u010dn\u00ed sleva Talkpal"},"content":{"rendered":"<section class=\"languageChallengeSection\">\r\n    <div class=\"languageInfoWrapper\">\r\n        \r\n        <h1>V\u00e1no\u010dn\u00ed sleva Talkpal<\/h1>\r\n        <p>Jste p\u0159ipraveni pos\u00edlit sv\u00e9 jazykov\u00e9 dovednosti? Letos o V\u00e1noc\u00edch nab\u00edz\u00ed Talkpal exkluzivn\u00ed 79% slevu, kter\u00e1 v\u00e1m pom\u016f\u017ee u\u010dit se rychleji a chyt\u0159eji. Odemkn\u011bte v\u0161echny pr\u00e9miov\u00e9 funkce, procvi\u010dujte skute\u010dn\u00e9 rozhovory s AI a budujte plynulost za polovi\u010dn\u00ed cenu.<\/p>\r\n\r\n                    <a class=\"getStartedHidden\" href=\"https:\/\/app.talkpal.ai\/signup?discount=50\">\r\n                Z\u00edskat slevu            <\/a>\r\n            <\/div>\r\n\r\n            <figure>\r\n            <img decoding=\"async\" class=\"no-lazy\" src=\"https:\/\/talkpal.ai\/wp-content\/uploads\/2026\/01\/curly-girl-with-phone-yellow-background.webp\" alt=\"\" fetchpriority=\"high\" \/>\r\n        <\/figure>\r\n        \r\n                    <a class=\"getStartedVisible\" href=\"https:\/\/app.talkpal.ai\/signup?discount=50\">\r\n                Z\u00edskat slevu            <\/a>\r\n        <\/section><section class=\"featureSection\">\r\n    <div class=\"featureIntroduce\">\r\n        <a class=\"introduceLink\" href=\"https:\/\/app.talkpal.ai\/cs\/signup?lng=\">\r\n            <img decoding=\"async\" src=\"https:\/\/talkpal.ai\/wp-content\/themes\/talkpal\/assets\/img\/Sparkle.svg\" alt=\"\" \/>nejpokro\u010dilej\u0161\u00ed\n  Um\u011bl\u00e1 inteligence<\/a>\r\n        <h3 class=\"featureTitle\">Rozd\u00edl v talkpalu<\/h3>\r\n    <\/div>\r\n            <div class=\"introduceWrapper\">\r\n                            <a class=\"introducCard\" href=\"https:\/\/app.talkpal.ai\/cs\/signup?lng=\">\r\n\r\n                    \r\n                                                <img decoding=\"async\" src=\"https:\/\/talkpal.ai\/wp-content\/uploads\/2025\/05\/Immersive_conversations.png\" alt=\"Immersive Conversation Screenshot\" \/>\r\n                        <h4 class=\"introduceTitle\">Personalizovan\u00e9 vzd\u011bl\u00e1v\u00e1n\u00ed<\/h4>\r\n                        <p class=\"cardText\">Ka\u017ed\u00fd student m\u00e1 jinou cestu, s cestov\u00e1n\u00edm, prac\u00ed a nabit\u00fdm programem. Talkpal vyu\u017e\u00edv\u00e1 pokro\u010dilou um\u011blou inteligenci k u\u010den\u00ed se z milion\u016f studijn\u00edch vzorc\u016f a vytv\u00e1\u0159\u00ed personalizovan\u00e9, efektivn\u00ed a poutav\u00e9 z\u00e1\u017eitky p\u0159izp\u016fsoben\u00e9 v\u00e1m.<\/p>\r\n                    \r\n                <\/a>\r\n                            <a class=\"introducCard\" href=\"https:\/\/app.talkpal.ai\/cs\/signup?lng=\">\r\n\r\n                    \r\n                                                <img decoding=\"async\" src=\"https:\/\/talkpal.ai\/wp-content\/uploads\/2025\/05\/Realtime_feedback.png\" alt=\"Feedback Screenshot\" \/>\r\n                        <h4 class=\"introduceTitle\">Nejmodern\u011bj\u0161\u00ed technologie<\/h4>\r\n                        <p class=\"cardText\">Na\u0161\u00edm posl\u00e1n\u00edm je zp\u0159\u00edstupnit personalizovan\u00e9 u\u010den\u00ed jazyk\u016f v\u0161em kombinac\u00ed \u0161pi\u010dkov\u00e9 AI s osv\u011bd\u010den\u00fdmi v\u00fdukov\u00fdmi metodami. Letos o V\u00e1noc\u00edch je p\u0159\u00edstupn\u011bj\u0161\u00ed ne\u017e kdy d\u0159\u00edv. S Talkpalem z\u00edsk\u00e1te cestu na m\u00edru, kter\u00e1 se p\u0159izp\u016fsob\u00ed va\u0161emu tempu, \u017eivotn\u00edmu stylu a c\u00edl\u016fm, kamkoli v\u00e1s \u017eivot zavede.<\/p>\r\n                    \r\n                <\/a>\r\n                            <a class=\"introducCard\" href=\"https:\/\/app.talkpal.ai\/cs\/signup?lng=\">\r\n\r\n                    \r\n                                                <img decoding=\"async\" src=\"https:\/\/talkpal.ai\/wp-content\/uploads\/2025\/05\/Personalization.png\" alt=\"Personalization Screenshot\" \/>\r\n                        <h4 class=\"introduceTitle\">U\u010den\u00ed jako z\u00e1bava<\/h4>\r\n                        <p class=\"cardText\">V\u011b\u0159\u00edme, \u017ee u\u010den\u00ed jazyk\u016f by m\u011blo b\u00fdt z\u00e1bavn\u00e9 a motivuj\u00edc\u00ed. Proto v\u00e1s Talkpal udr\u017e\u00ed zapojen\u00e9 a inspirovan\u00e9, tak\u017ee to p\u016fsob\u00ed m\u00e9n\u011b jako u\u010den\u00ed a v\u00edce jako dobrodru\u017estv\u00ed. P\u0159ipojte se k tis\u00edc\u016fm student\u016f po cel\u00e9m sv\u011bt\u011b a vyu\u017eijte na\u0161i v\u00e1no\u010dn\u00ed nab\u00eddku, abyste za\u010dali zvl\u00e1dat sv\u016fj dal\u0161\u00ed jazyk.<\/p>\r\n                    \r\n                <\/a>\r\n                            <\/div>\r\n                     <a class=\"featureSectionLink\" href=\"https:\/\/app.talkpal.ai\/signup?discount=50\">\r\n                Z\u00edskat slevu            <\/a>\r\n                \r\n<\/section>\r\n\r\n\r\n<section class=\"smartFunSection\">\r\n            \r\n            <div class=\"smartFunCard\">\r\n                <div class=\"smartFunWrapper\"><img decoding=\"async\" src=\"https:\/\/talkpal.ai\/wp-content\/uploads\/2025\/05\/1.png\" alt=\"Learning Stats Screenshot\"><\/div>\r\n                <h3>P\u0159izp\u016fsobeno v\u00e1m<\/h3>\r\n                <p>Talkpal vyu\u017e\u00edv\u00e1 technologie poh\u00e1n\u011bn\u00e9 um\u011blou inteligenc\u00ed k poskytov\u00e1n\u00ed personalizovan\u00fdch sezen\u00ed p\u0159izp\u016fsoben\u00fdch va\u0161\u00ed \u00farovni a tempu. Ka\u017ed\u00e1 lekce spl\u0148uje va\u0161e pot\u0159eby a pom\u00e1h\u00e1 v\u00e1m postupovat stabiln\u011b, a\u0165 u\u017e doma nebo v zahrani\u010d\u00ed.<\/p>\r\n            <\/div>\r\n\r\n        \r\n            <div class=\"smartFunCard\">\r\n                <div class=\"smartFunWrapper\"><img decoding=\"async\" src=\"https:\/\/talkpal.ai\/wp-content\/uploads\/2025\/05\/2.png\" alt=\"Pronunciation Score Screenshot\"><\/div>\r\n                <h3>Efektivn\u00ed a \u00fa\u010dinn\u00e9<\/h3>\r\n                <p>Posilujte sv\u00e9 \u010dten\u00ed, poslech a mluven\u00ed efektivn\u011b s Talkpalem. Na\u0161e inovativn\u00ed n\u00e1stroje \u010din\u00ed studium jazyka efektivn\u00edm a p\u0159\u00edjemn\u00fdm pro \u017e\u00e1ky s r\u016fzn\u00fdmi rozvrhy.<\/p>\r\n            <\/div>\r\n\r\n        \r\n            <div class=\"smartFunCard\">\r\n                <div class=\"smartFunWrapper\"><img decoding=\"async\" src=\"https:\/\/talkpal.ai\/wp-content\/uploads\/2025\/05\/3.png\" alt=\"Chat Topics Screenshot\"><\/div>\r\n                <h3>Udr\u017eujte si anga\u017eovanost<\/h3>\r\n                <p>Platforma kombinuje hern\u00ed prvky, poutav\u00e9 v\u00fdzvy a podn\u011btn\u00e9 podn\u011bty, aby v\u00e1s udr\u017eela motivovan\u00e9 a konzistentn\u00ed. S Talkpalem se u\u010den\u00ed jazyk\u016f st\u00e1v\u00e1 z\u00e1bavn\u00fdm ka\u017edodenn\u00edm zvykem, nikoli dal\u0161\u00ed povinnost\u00ed.<\/p>\r\n            <\/div>\r\n\r\n        \r\n            <div class=\"smartFunCard\">\r\n                <div class=\"smartFunWrapper\"><img decoding=\"async\" src=\"https:\/\/talkpal.ai\/wp-content\/uploads\/2025\/05\/4.png\" alt=\"Dashboard Screenshot\"><\/div>\r\n                <h3>U\u017eijte si u\u010den\u00ed<\/h3>\r\n                <p>Ovl\u00e1dnut\u00ed nov\u00e9ho jazyka nemus\u00ed b\u00fdt \u00fanavn\u00e9. Talkpal nab\u00edz\u00ed interaktivn\u00ed cvi\u010den\u00ed, \u017eiv\u00e9 postavy a lehkov\u00e1\u017en\u00e9 AI konverzace, d\u00edky kter\u00fdm je u\u010den\u00ed p\u0159\u00edjemnou sou\u010d\u00e1st\u00ed va\u0161eho dne. Zpevn\u011bte v\u00e1no\u010dn\u00ed slevu 79 % a za\u010dn\u011bte je\u0161t\u011b dnes.<\/p>\r\n            <\/div>\r\n\r\n            \r\n<\/section>\r\n\r\n<section class=\"promotionalBanner\">\r\n    <p class=\"promotionalText\">V\u00e1no\u010dn\u00ed sleva Talkpal \u2013 za\u010dn\u011bte se u\u010dit se zv\u00fdhodn\u011bnou cenou<\/p>\r\n                <a class=\"promotionalLink\" href=\"https:\/\/app.talkpal.ai\/signup?discount=50\">\r\n                Z\u00edskat slevu            <\/a>\r\n            \r\n<\/section>","protected":false},"excerpt":{"rendered":"","protected":false},"author":20,"featured_media":0,"parent":0,"menu_order":0,"comment_status":"closed","ping_status":"closed","template":"LearningContentPage.php","meta":{"_acf_changed":false,"footnotes":""},"class_list":["post-1481631","page","type-page","status-publish","hentry"],"acf":[],"yoast_head":"<!-- This site is optimized with the Yoast SEO Premium plugin v27.2 (Yoast SEO v27.2) - https:\/\/yoast.com\/product\/yoast-seo-premium-wordpress\/ -->\n<title>V\u00e1no\u010dn\u00ed sleva Talkpal - Talkpal<\/title>\n<meta name=\"description\" content=\"U\u0161et\u0159ete 79 % na Talkpal Premium letos o V\u00e1noce a nau\u010dte se jazyky rychleji d\u00edky na\u0161emu pokro\u010dil\u00e9mu AI lektorovi konverzac\u00ed.\" \/>\n<meta name=\"robots\" content=\"index, follow, max-snippet:-1, max-image-preview:large, max-video-preview:-1\" \/>\n<link rel=\"canonical\" href=\"https:\/\/talkpal.ai\/cs\/vanocni-sleva-talkpal\/\" \/>\n<meta property=\"og:locale\" content=\"cs_CZ\" \/>\n<meta property=\"og:type\" content=\"article\" \/>\n<meta property=\"og:title\" content=\"V\u00e1no\u010dn\u00ed sleva Talkpal\" \/>\n<meta property=\"og:url\" content=\"https:\/\/talkpal.ai\/cs\/vanocni-sleva-talkpal\/\" \/>\n<meta property=\"og:site_name\" content=\"Talkpal\" \/>\n<meta property=\"article:publisher\" content=\"https:\/\/www.facebook.com\/profile.php?id=100090733639311\" \/>\n<meta property=\"article:modified_time\" content=\"2026-01-22T14:04:43+00:00\" \/>\n<meta property=\"og:image\" content=\"https:\/\/talkpal.ai\/wp-content\/uploads\/2025\/02\/Progress-tab-16_9.png\" \/>\n\t<meta property=\"og:image:width\" content=\"2880\" \/>\n\t<meta property=\"og:image:height\" content=\"1620\" \/>\n\t<meta property=\"og:image:type\" content=\"image\/png\" \/>\n<meta name=\"twitter:card\" content=\"summary_large_image\" \/>\n<meta name=\"twitter:site\" content=\"@talkpalai\" \/>\n<script type=\"application\/ld+json\" class=\"yoast-schema-graph\">{\"@context\":\"https:\/\/schema.org\",\"@graph\":[{\"@type\":\"WebPage\",\"@id\":\"https:\/\/talkpal.ai\/cs\/vanocni-sleva-talkpal\/\",\"url\":\"https:\/\/talkpal.ai\/cs\/vanocni-sleva-talkpal\/\",\"name\":\"V\u00e1no\u010dn\u00ed sleva Talkpal - Talkpal\",\"isPartOf\":{\"@id\":\"https:\/\/talkpal.ai\/cs\/#website\"},\"datePublished\":\"2025-11-27T16:56:24+00:00\",\"dateModified\":\"2026-01-22T14:04:43+00:00\",\"description\":\"U\u0161et\u0159ete 79 % na Talkpal Premium letos o V\u00e1noce a nau\u010dte se jazyky rychleji d\u00edky na\u0161emu pokro\u010dil\u00e9mu AI lektorovi konverzac\u00ed.\",\"breadcrumb\":{\"@id\":\"https:\/\/talkpal.ai\/cs\/vanocni-sleva-talkpal\/#breadcrumb\"},\"inLanguage\":\"cs\",\"potentialAction\":[{\"@type\":\"ReadAction\",\"target\":[\"https:\/\/talkpal.ai\/cs\/vanocni-sleva-talkpal\/\"]}]},{\"@type\":\"BreadcrumbList\",\"@id\":\"https:\/\/talkpal.ai\/cs\/vanocni-sleva-talkpal\/#breadcrumb\",\"itemListElement\":[{\"@type\":\"ListItem\",\"position\":1,\"name\":\"Homepage\",\"item\":\"https:\/\/talkpal.ai\/cs\/\"},{\"@type\":\"ListItem\",\"position\":2,\"name\":\"V\u00e1no\u010dn\u00ed sleva Talkpal\"}]},{\"@type\":\"WebSite\",\"@id\":\"https:\/\/talkpal.ai\/cs\/#website\",\"url\":\"https:\/\/talkpal.ai\/cs\/\",\"name\":\"Talkpal\",\"description\":\"AI Language Learning\",\"publisher\":{\"@id\":\"https:\/\/talkpal.ai\/cs\/#organization\"},\"alternateName\":\"Talkpal AI\",\"potentialAction\":[{\"@type\":\"SearchAction\",\"target\":{\"@type\":\"EntryPoint\",\"urlTemplate\":\"https:\/\/talkpal.ai\/cs\/?s={search_term_string}\"},\"query-input\":{\"@type\":\"PropertyValueSpecification\",\"valueRequired\":true,\"valueName\":\"search_term_string\"}}],\"inLanguage\":\"cs\"},{\"@type\":\"Organization\",\"@id\":\"https:\/\/talkpal.ai\/cs\/#organization\",\"name\":\"Talkpal, Inc.\",\"alternateName\":\"Talkpal AI\",\"url\":\"https:\/\/talkpal.ai\/cs\/\",\"logo\":{\"@type\":\"ImageObject\",\"inLanguage\":\"cs\",\"@id\":\"https:\/\/talkpal.ai\/cs\/#\/schema\/logo\/image\/\",\"url\":\"https:\/\/talkpal.ai\/wp-content\/uploads\/2024\/03\/Talkpal-Logo-Icon.png\",\"contentUrl\":\"https:\/\/talkpal.ai\/wp-content\/uploads\/2024\/03\/Talkpal-Logo-Icon.png\",\"width\":2880,\"height\":2880,\"caption\":\"Talkpal, Inc.\"},\"image\":{\"@id\":\"https:\/\/talkpal.ai\/cs\/#\/schema\/logo\/image\/\"},\"sameAs\":[\"https:\/\/www.facebook.com\/profile.php?id=100090733639311\",\"https:\/\/x.com\/talkpalai\",\"https:\/\/www.linkedin.com\/company\/talkpal\/\",\"https:\/\/www.youtube.com\/@TalkPal\/\",\"https:\/\/www.tiktok.com\/@talkpal\",\"https:\/\/www.instagram.com\/talkpal_ai\/\",\"https:\/\/www.crunchbase.com\/organization\/talkpal-9cde\",\"https:\/\/www.g2.com\/products\/talkpal-for-business\/\",\"https:\/\/www.trustpilot.com\/review\/talkpal.ai\",\"https:\/\/www.capterra.com\/p\/10006800\/TalkPal\/\"],\"description\":\"Talkpal is a language learning web and mobile education app, powered by the latest AI technologies, that provides engaging experiences to its customers in many different languages to help them improve their language skills. Users can chat about unlimited amount of topics with the app and use other modes to practice their language learning.\",\"email\":\"support@talkpal.ai\",\"legalName\":\"Talkpal, Inc.\",\"foundingDate\":\"2023-04-03\",\"duns\":\"118989042\",\"numberOfEmployees\":{\"@type\":\"QuantitativeValue\",\"minValue\":\"11\",\"maxValue\":\"50\"},\"publishingPrinciples\":\"https:\/\/talkpal.ai\/publishing-principles\/\",\"actionableFeedbackPolicy\":\"https:\/\/talkpal.ai\/actionable-feedback-policy\/\",\"correctionsPolicy\":\"https:\/\/talkpal.ai\/corrections-policy\/\",\"ethicsPolicy\":\"https:\/\/talkpal.ai\/ethics-policy\/\",\"diversityPolicy\":\"https:\/\/talkpal.ai\/diversity-policy\/\",\"diversityStaffingReport\":\"https:\/\/talkpal.ai\/diversity-policy\/\"}]}<\/script>\n<!-- \/ Yoast SEO Premium plugin. -->","yoast_head_json":{"title":"V\u00e1no\u010dn\u00ed sleva Talkpal - Talkpal","description":"U\u0161et\u0159ete 79 % na Talkpal Premium letos o V\u00e1noce a nau\u010dte se jazyky rychleji d\u00edky na\u0161emu pokro\u010dil\u00e9mu AI lektorovi konverzac\u00ed.","robots":{"index":"index","follow":"follow","max-snippet":"max-snippet:-1","max-image-preview":"max-image-preview:large","max-video-preview":"max-video-preview:-1"},"canonical":"https:\/\/talkpal.ai\/cs\/vanocni-sleva-talkpal\/","og_locale":"cs_CZ","og_type":"article","og_title":"V\u00e1no\u010dn\u00ed sleva Talkpal","og_url":"https:\/\/talkpal.ai\/cs\/vanocni-sleva-talkpal\/","og_site_name":"Talkpal","article_publisher":"https:\/\/www.facebook.com\/profile.php?id=100090733639311","article_modified_time":"2026-01-22T14:04:43+00:00","og_image":[{"width":2880,"height":1620,"url":"https:\/\/talkpal.ai\/wp-content\/uploads\/2025\/02\/Progress-tab-16_9.png","type":"image\/png"}],"twitter_card":"summary_large_image","twitter_site":"@talkpalai","schema":{"@context":"https:\/\/schema.org","@graph":[{"@type":"WebPage","@id":"https:\/\/talkpal.ai\/cs\/vanocni-sleva-talkpal\/","url":"https:\/\/talkpal.ai\/cs\/vanocni-sleva-talkpal\/","name":"V\u00e1no\u010dn\u00ed sleva Talkpal - Talkpal","isPartOf":{"@id":"https:\/\/talkpal.ai\/cs\/#website"},"datePublished":"2025-11-27T16:56:24+00:00","dateModified":"2026-01-22T14:04:43+00:00","description":"U\u0161et\u0159ete 79 % na Talkpal Premium letos o V\u00e1noce a nau\u010dte se jazyky rychleji d\u00edky na\u0161emu pokro\u010dil\u00e9mu AI lektorovi konverzac\u00ed.","breadcrumb":{"@id":"https:\/\/talkpal.ai\/cs\/vanocni-sleva-talkpal\/#breadcrumb"},"inLanguage":"cs","potentialAction":[{"@type":"ReadAction","target":["https:\/\/talkpal.ai\/cs\/vanocni-sleva-talkpal\/"]}]},{"@type":"BreadcrumbList","@id":"https:\/\/talkpal.ai\/cs\/vanocni-sleva-talkpal\/#breadcrumb","itemListElement":[{"@type":"ListItem","position":1,"name":"Homepage","item":"https:\/\/talkpal.ai\/cs\/"},{"@type":"ListItem","position":2,"name":"V\u00e1no\u010dn\u00ed sleva Talkpal"}]},{"@type":"WebSite","@id":"https:\/\/talkpal.ai\/cs\/#website","url":"https:\/\/talkpal.ai\/cs\/","name":"Talkpal","description":"AI Language Learning","publisher":{"@id":"https:\/\/talkpal.ai\/cs\/#organization"},"alternateName":"Talkpal AI","potentialAction":[{"@type":"SearchAction","target":{"@type":"EntryPoint","urlTemplate":"https:\/\/talkpal.ai\/cs\/?s={search_term_string}"},"query-input":{"@type":"PropertyValueSpecification","valueRequired":true,"valueName":"search_term_string"}}],"inLanguage":"cs"},{"@type":"Organization","@id":"https:\/\/talkpal.ai\/cs\/#organization","name":"Talkpal, Inc.","alternateName":"Talkpal AI","url":"https:\/\/talkpal.ai\/cs\/","logo":{"@type":"ImageObject","inLanguage":"cs","@id":"https:\/\/talkpal.ai\/cs\/#\/schema\/logo\/image\/","url":"https:\/\/talkpal.ai\/wp-content\/uploads\/2024\/03\/Talkpal-Logo-Icon.png","contentUrl":"https:\/\/talkpal.ai\/wp-content\/uploads\/2024\/03\/Talkpal-Logo-Icon.png","width":2880,"height":2880,"caption":"Talkpal, Inc."},"image":{"@id":"https:\/\/talkpal.ai\/cs\/#\/schema\/logo\/image\/"},"sameAs":["https:\/\/www.facebook.com\/profile.php?id=100090733639311","https:\/\/x.com\/talkpalai","https:\/\/www.linkedin.com\/company\/talkpal\/","https:\/\/www.youtube.com\/@TalkPal\/","https:\/\/www.tiktok.com\/@talkpal","https:\/\/www.instagram.com\/talkpal_ai\/","https:\/\/www.crunchbase.com\/organization\/talkpal-9cde","https:\/\/www.g2.com\/products\/talkpal-for-business\/","https:\/\/www.trustpilot.com\/review\/talkpal.ai","https:\/\/www.capterra.com\/p\/10006800\/TalkPal\/"],"description":"Talkpal is a language learning web and mobile education app, powered by the latest AI technologies, that provides engaging experiences to its customers in many different languages to help them improve their language skills. Users can chat about unlimited amount of topics with the app and use other modes to practice their language learning.","email":"support@talkpal.ai","legalName":"Talkpal, Inc.","foundingDate":"2023-04-03","duns":"118989042","numberOfEmployees":{"@type":"QuantitativeValue","minValue":"11","maxValue":"50"},"publishingPrinciples":"https:\/\/talkpal.ai\/publishing-principles\/","actionableFeedbackPolicy":"https:\/\/talkpal.ai\/actionable-feedback-policy\/","correctionsPolicy":"https:\/\/talkpal.ai\/corrections-policy\/","ethicsPolicy":"https:\/\/talkpal.ai\/ethics-policy\/","diversityPolicy":"https:\/\/talkpal.ai\/diversity-policy\/","diversityStaffingReport":"https:\/\/talkpal.ai\/diversity-policy\/"}]}},"_links":{"self":[{"href":"https:\/\/talkpal.ai\/cs\/wp-json\/wp\/v2\/pages\/1481631","targetHints":{"allow":["GET"]}}],"collection":[{"href":"https:\/\/talkpal.ai\/cs\/wp-json\/wp\/v2\/pages"}],"about":[{"href":"https:\/\/talkpal.ai\/cs\/wp-json\/wp\/v2\/types\/page"}],"author":[{"embeddable":true,"href":"https:\/\/talkpal.ai\/cs\/wp-json\/wp\/v2\/users\/20"}],"replies":[{"embeddable":true,"href":"https:\/\/talkpal.ai\/cs\/wp-json\/wp\/v2\/comments?post=1481631"}],"version-history":[{"count":0,"href":"https:\/\/talkpal.ai\/cs\/wp-json\/wp\/v2\/pages\/1481631\/revisions"}],"wp:attachment":[{"href":"https:\/\/talkpal.ai\/cs\/wp-json\/wp\/v2\/media?parent=1481631"}],"curies":[{"name":"wp","href":"https:\/\/api.w.org\/{rel}","templated":true}]}}