{"id":148109,"date":"2023-05-14T14:12:45","date_gmt":"2023-05-14T14:12:45","guid":{"rendered":"http:\/\/talkpal.ai\/nepalska-gramatika\/"},"modified":"2025-12-17T17:00:45","modified_gmt":"2025-12-17T17:00:45","slug":"nepalska-gramatika","status":"publish","type":"page","link":"https:\/\/talkpal.ai\/cs\/nepalska-gramatika\/","title":{"rendered":"Nep\u00e1lsk\u00e1 gramatika"},"content":{"rendered":"\r\n\r\n\r\n<section class=\"languageChallengeSection\">\r\n    <div class=\"languageInfoWrapper\">\r\n        \r\n        <h1>Nep\u00e1lsk\u00e1 gramatika<\/h1>\r\n        <p>Zaj\u00edm\u00e1 v\u00e1s <a href=\"https:\/\/talkpal.ai\/learn-nepali\/\">nep\u00e1l\u0161tina<\/a>? Objevte nep\u00e1lskou gramatiku, kter\u00e1 obsahuje podstatn\u00e1 jm\u00e9na rodu, postpozice a flexibiln\u00ed strukturu v\u011bt, d\u00edky n\u00ed\u017e je jazyk expresivn\u00ed a poutav\u00fd. Za\u010dn\u011bte se u\u010dit je\u0161t\u011b dnes &#8211; zvl\u00e1dnut\u00ed nep\u00e1lsk\u00e9 gramatiky v\u00e1m umo\u017en\u00ed v\u00e9st smyslupln\u00e9 rozhovory a sezn\u00e1m\u00ed v\u00e1s s rozmanit\u00fdmi kulturami a tradicemi Nep\u00e1lu!<\/p>\r\n\r\n                            <a class=\"getStartedHidden\" href=\"https:\/\/app.talkpal.ai\/cs\/signup?lng=\">Za\u010dni<\/a>\r\n        \r\n    <\/div>\r\n\r\n    <figure>\r\n    <img decoding=\"async\" width=\"768\" height=\"768\" src=\"https:\/\/talkpal.ai\/wp-content\/uploads\/2023\/06\/nepali-768x768.png\" class=\"languageImage no-lazy\" alt=\"Practical language learning for real-life application\" fetchpriority=\"high\" sizes=\"(max-width: 768px) 150px, 768px\" srcset=\"https:\/\/talkpal.ai\/wp-content\/uploads\/2023\/06\/nepali-768x768.png 768w, https:\/\/talkpal.ai\/wp-content\/uploads\/2023\/06\/nepali-300x300.png 300w\" \/>\r\n    \r\n\r\n    <\/figure>\r\n\r\n            <a class=\"getStartedVisible\" href=\"https:\/\/app.talkpal.ai\/cs\/signup?lng=\">Za\u010dni<\/a>\r\n    \r\n<\/section>\r\n<section class=\"promotionalBanner\">\r\n    <p class=\"promotionalText\">Nejefektivn\u011bj\u0161\u00ed <a href=\"https:\/\/talkpal.ai\/best-way-to-learn\/\">zp\u016fsob<\/a>, jak se nau\u010dit jazyk<\/p>\r\n    <a class=\"promotionalLink\" href=\"https:\/\/app.talkpal.ai\/cs\/signup?lng=\">Vyzkou\u0161ejte Talkpal zdarma<\/a>\r\n<\/section>\n<div class=\"wp-block-group pageContainerStyle\"><div class=\"wp-block-group__inner-container is-layout-constrained wp-block-group-is-layout-constrained\">\n<h2 class=\"wp-block-heading\" id=\"h-delving-into-the-richness-of-nepali-grammar-an-insightful-guide\">Pono\u0159te se do bohatstv\u00ed nep\u00e1lsk\u00e9 gramatiky: Pronikav\u00fd pr\u016fvodce<\/h2>\n\n\n\n<p>Nep\u00e1l\u0161tina, indo\u00e1rijsk\u00fd jazyk, kter\u00fdm mluv\u00ed v\u00edce ne\u017e 25 milion\u016f lid\u00ed v Nep\u00e1lu a sousedn\u00edch regionech, je n\u00e1dhern\u00fd jazyk, kter\u00fd p\u0159edstavuje kulturn\u00ed bohatstv\u00ed a jazykovou rozmanitost ji\u017en\u00ed Asie. Chcete-li efektivn\u011b komunikovat v nep\u00e1l\u0161tin\u011b a skute\u010dn\u011b ocenit jej\u00ed kr\u00e1su, mus\u00edte porozum\u011bt jej\u00ed gramatice. V tomto \u010dl\u00e1nku v\u00e1m poskytneme p\u0159ehled z\u00e1kladn\u00edch aspekt\u016f nep\u00e1lsk\u00e9 gramatiky a nab\u00eddneme praktick\u00e9 tipy, kter\u00e9 v\u00e1m pomohou zvl\u00e1dnout tento fascinuj\u00edc\u00ed jazyk.<\/p>\n\n\n\n<h3 class=\"wp-block-heading\" id=\"h-key-aspects-of-nepali-grammar\">Kl\u00ed\u010dov\u00e9 aspekty nep\u00e1lsk\u00e9 gramatiky:<\/h3>\n\n\n\n<p><a href=\"https:\/\/talkpal.ai\/nepali-grammar\/\">Nep\u00e1lsk\u00e1 gramatika<\/a> se m\u016f\u017ee zpo\u010d\u00e1tku zd\u00e1t n\u00e1ro\u010dn\u00e1, ale \u010dasem a prax\u00ed ji zvl\u00e1dnete. Zde jsou n\u011bkter\u00e9 z\u00e1kladn\u00ed sou\u010d\u00e1sti nep\u00e1lsk\u00e9 gramatiky, se kter\u00fdmi se m\u016f\u017eete sezn\u00e1mit:<\/p>\n\n\n\n<p><strong>1. Podstatn\u00e1 jm\u00e9na:<\/strong> Nep\u00e1lsk\u00e1 podstatn\u00e1 jm\u00e9na nemaj\u00ed gramatick\u00fd rod, co\u017e student\u016fm usnad\u0148uje pr\u00e1ci, proto\u017ee nen\u00ed t\u0159eba si pamatovat rod ka\u017ed\u00e9ho podstatn\u00e9ho jm\u00e9na. Podstatn\u00e1 jm\u00e9na se v\u0161ak sklo\u0148uj\u00ed pro \u010d\u00edslo (jednotn\u00e9 a mno\u017en\u00e9 \u010d\u00edslo) a p\u00e1d (nominativ, genitiv, dativ atd.).<\/p>\n\n\n\n<p>2. Z\u00e1jmena: Osobn\u00ed <strong>z\u00e1jmena<\/strong> maj\u00ed v nep\u00e1l\u0161tin\u011b t\u0159i formy: subjektivn\u00ed, objektivn\u00ed a p\u0159ivlast\u0148ovac\u00ed. Souhlas\u00ed s podstatn\u00fdm jm\u00e9nem, na kter\u00e9 odkazuj\u00ed, pokud jde o \u010d\u00edslo, ale ne rod. Existuj\u00ed tak\u00e9 r\u016fzn\u00e9 tvary z\u00e1jmen a \u010dasov\u00e1n\u00ed sloves podle \u00farovn\u011b form\u00e1lnosti (zdvo\u0159il\u00fd, famili\u00e1rn\u00ed nebo intimn\u00ed).<\/p>\n\n\n\n<p><strong>3. Slovesa: Nep\u00e1lsk\u00e1 slovesa<\/strong> se sklo\u0148uj\u00ed pro \u010das (p\u0159\u00edtomn\u00fd, minul\u00fd a budouc\u00ed), n\u00e1ladu (indikativ, rozkazovac\u00ed zp\u016fsob nebo <a href=\"https:\/\/talkpal.ai\/ja\/grammar_exercises\/konjunktiv-%e3%83%89%e3%82%a4%e3%83%84%e6%96%87%e6%b3%95%e3%81%ae%e6%bc%94%e7%bf%92\/\">konjunktiv<\/a>) a vid (pr\u016fb\u011bhov\u00fd, perfektov\u00fd nebo jednoduch\u00fd). V z\u00e1vislosti na \u00farovni form\u00e1lnosti p\u0159edm\u011btu existuj\u00ed tak\u00e9 odli\u0161n\u00e9 vzory \u010dasov\u00e1n\u00ed sloves.<\/p>\n\n\n\n<p>4. P\u0159\u00eddavn\u00e1 jm\u00e9na a <strong>p\u0159\u00edslovce: P\u0159\u00eddavn\u00e1 jm\u00e9na<\/strong> v nep\u00e1l\u0161tin\u011b obvykle n\u00e1sleduj\u00ed po podstatn\u00e9m jm\u00e9nu, kter\u00e9 modifikuj\u00ed a shoduj\u00ed se v \u010d\u00edsle a p\u00e1du. P\u0159\u00edslovce lze pou\u017e\u00edt k poskytnut\u00ed dal\u0161\u00edch informac\u00ed a obecn\u011b nem\u011bn\u00ed sv\u016fj tvar.<\/p>\n\n\n\n<p><strong>5. V\u011btn\u00e1 struktura:<\/strong> Typick\u00e1 nep\u00e1lsk\u00e1 v\u011btn\u00e1 struktura se \u0159\u00edd\u00ed po\u0159ad\u00edm podm\u011bt-objekt-sloveso (SOV). Slovosled v\u0161ak m\u016f\u017ee b\u00fdt flexibiln\u00ed v z\u00e1vislosti na d\u016frazu a kontextu.<\/p>\n\n\n\n<h3 class=\"wp-block-heading\" id=\"h-tips-for-learning-nepali-grammar\">Tipy pro v\u00fduku nep\u00e1lsk\u00e9 gramatiky:<\/h3>\n\n\n\n<p>Zde je n\u011bkolik \u00fa\u010dinn\u00fdch strategi\u00ed, kter\u00e9 v\u00e1m usnadn\u00ed cestu u\u010den\u00ed nep\u00e1lsk\u00e9 gramatiky:<\/p>\n\n\n\n<p><strong>1. Za\u010dn\u011bte od z\u00e1klad\u016f:<\/strong> Zam\u011b\u0159te se na osvojen\u00ed z\u00e1klad\u016f nep\u00e1lsk\u00e9 gramatiky, jako jsou p\u00e1dy podstatn\u00fdch jmen, z\u00e1jmena a \u010dasov\u00e1n\u00ed sloves. Jak se va\u0161e porozum\u011bn\u00ed zvy\u0161uje, postupn\u011b za\u010dle\u0148ujte slo\u017eit\u011bj\u0161\u00ed struktury a pravidla.<\/p>\n\n\n\n<p><strong>2. Pravideln\u011b cvi\u010dte:<\/strong> P\u0159i u\u010den\u00ed nov\u00e9ho jazyka je z\u00e1sadn\u00ed d\u016fslednost. Ka\u017ed\u00fd den nebo t\u00fdden si vyhra\u010fte konkr\u00e9tn\u00ed \u010das na procvi\u010dov\u00e1n\u00ed gramatick\u00fdch cvi\u010den\u00ed, \u010dten\u00ed a psan\u00ed v nep\u00e1l\u0161tin\u011b.<\/p>\n\n\n\n<p><strong>3. Pou\u017e\u00edvejte nativn\u00ed zdroje:<\/strong> Pono\u0159te se do autentick\u00fdch nep\u00e1lsk\u00fdch materi\u00e1l\u016f, jako je literatura, novinov\u00e9 \u010dl\u00e1nky a podcasty. To v\u00e1m pom\u016f\u017ee nejen porozum\u011bt nep\u00e1lsk\u00e9 gramatice v kontextu, ale tak\u00e9 zlep\u0161it va\u0161e celkov\u00e9 <a href=\"https:\/\/talkpal.ai\/cs\/procvicovani-cestiny-nejlepsi-zpusoby-jak-zlepsit-sve-jazykove-dovednosti\/\">jazykov\u00e9 dovednosti<\/a>.<\/p>\n\n\n\n<p>4. Spojte se s rodil\u00fdmi mluv\u010d\u00edmi: Zapojen\u00ed se do konverzac\u00ed <strong>s rodil\u00fdmi mluv\u010d\u00edmi<\/strong> nep\u00e1l\u0161tiny v\u00e1m umo\u017en\u00ed procvi\u010dit si gramatiku v re\u00e1ln\u00fdch situac\u00edch a z\u00edskat cennou zp\u011btnou vazbu. Zva\u017ete p\u0159ipojen\u00ed k jazykov\u00fdm v\u00fdm\u011bnn\u00fdm skupin\u00e1m nebo online f\u00f3r\u016fm, abyste se spojili s nep\u00e1lsky mluv\u00edc\u00edmi jednotlivci.<\/p>\n\n\n\n<p><strong>5. Bu\u010fte trp\u011bliv\u00ed a vytrval\u00ed:<\/strong> Pamatujte, \u017ee u\u010den\u00ed se nov\u00e9mu jazyku vy\u017eaduje \u010das, vytrvalost a trp\u011blivost. P\u0159ijm\u011bte v\u00fdzvy a oslavte sv\u016fj pokrok na cest\u011b.<\/p>\n\n\n\n<h3 class=\"wp-block-heading\" id=\"h-conclusion\">Z\u00e1v\u011br:<\/h3>\n\n\n\n<p>Nep\u00e1lsk\u00e1 gramatika se sv\u00fdmi jedine\u010dn\u00fdmi vlastnostmi a vazbami na indo\u00e1rijskou jazykovou rodinu nab\u00edz\u00ed fascinuj\u00edc\u00ed lingvistickou cestu. Pochopen\u00edm jeho kl\u00ed\u010dov\u00fdch aspekt\u016f a dodr\u017eov\u00e1n\u00edm na\u0161ich praktick\u00fdch tip\u016f si otev\u0159ete cestu k jazykov\u00e9 zdatnosti a z\u00edsk\u00e1te hlub\u0161\u00ed porozum\u011bn\u00ed nep\u00e1lsk\u00e9mu jazyku. Vydejte se tedy s nad\u0161en\u00edm a zv\u011bdavost\u00ed a p\u0159ijm\u011bte jazykov\u00e9 poklady Nep\u00e1lu!<\/p>\n<\/div><\/div>\n\r\n<section class=\"learnNavigationSection\">\r\n            \r\n        <a href=\"https:\/\/talkpal.ai\/cs\/naucte-se-nepalsky\/\">\r\n            <div class=\"learnNavigationWrapper\">\r\n                <div class=\"learnNavigationContent\">\r\n                    <img decoding=\"async\" src=\"https:\/\/talkpal.ai\/wp-content\/uploads\/2024\/08\/Nepali.jpg\" alt=\"Nepali Flag\">\r\n                    <div>\r\n                        <h4>O u\u010den\u00ed nep\u00e1l\u0161tiny<\/h4>\r\n                        <p>Zjist\u011bte v\u0161e o nep\u00e1lsk\u00e9 gramatice.<\/p>\r\n                    <\/div>\r\n                <\/div>\r\n            <\/div>\r\n        <\/a>\r\n\r\n        \r\n        <a href=\"https:\/\/talkpal.ai\/cs\/cviceni-nepalske-gramatiky\/\">\r\n            <div class=\"learnNavigationWrapper\">\r\n                <div class=\"learnNavigationContent\">\r\n                    <img decoding=\"async\" src=\"https:\/\/talkpal.ai\/wp-content\/uploads\/2024\/08\/Nepali.jpg\" alt=\"Nepali Flag\">\r\n                    <div>\r\n                        <h4>Cvi\u010den\u00ed z nep\u00e1lsk\u00e9 gramatiky<\/h4>\r\n                        <p>Procvi\u010dte si nep\u00e1lskou gramatiku.<\/p>\r\n                    <\/div>\r\n                <\/div>\r\n            <\/div>\r\n        <\/a>\r\n\r\n        \r\n        <a href=\"https:\/\/talkpal.ai\/vocabulary_language\/nepali\/\">\r\n            <div class=\"learnNavigationWrapper\">\r\n                <div class=\"learnNavigationContent\">\r\n                    <img decoding=\"async\" src=\"https:\/\/talkpal.ai\/wp-content\/uploads\/2024\/08\/Nepali.jpg\" alt=\"Nepali Flag\">\r\n                    <div>\r\n                        <h4>Nep\u00e1lsk\u00e1 slovn\u00ed z\u00e1soba<\/h4>\r\n                        <p>Roz\u0161i\u0159te si nep\u00e1lskou slovn\u00ed z\u00e1sobu.<\/p>\r\n                    <\/div>\r\n                <\/div>\r\n            <\/div>\r\n        <\/a>\r\n\r\n            <\/section>","protected":false},"excerpt":{"rendered":"<p>Pono\u0159te se do bohatstv\u00ed nep\u00e1lsk\u00e9 gramatiky: Pronikav\u00fd pr\u016fvodce Nep\u00e1l\u0161tina, indo\u00e1rijsk\u00fd jazyk, kter\u00fdm mluv\u00ed v\u00edce ne\u017e 25 milion\u016f lid\u00ed v Nep\u00e1lu a sousedn\u00edch regionech, je n\u00e1dhern\u00fd jazyk, kter\u00fd p\u0159edstavuje kulturn\u00ed bohatstv\u00ed a jazykovou rozmanitost ji\u017en\u00ed Asie. Chcete-li efektivn\u011b komunikovat v nep\u00e1l\u0161tin\u011b a skute\u010dn\u011b ocenit jej\u00ed kr\u00e1su, mus\u00edte porozum\u011bt jej\u00ed gramatice. V tomto \u010dl\u00e1nku v\u00e1m poskytneme p\u0159ehled [&hellip;]<\/p>\n","protected":false},"author":1,"featured_media":116118,"parent":0,"menu_order":0,"comment_status":"closed","ping_status":"closed","template":"LearningContentPage.php","meta":{"_acf_changed":false,"footnotes":""},"class_list":["post-148109","page","type-page","status-publish","has-post-thumbnail","hentry"],"acf":[],"yoast_head":"<!-- This site is optimized with the Yoast SEO Premium plugin v27.2 (Yoast SEO v27.2) - https:\/\/yoast.com\/product\/yoast-seo-premium-wordpress\/ -->\n<title>Nep\u00e1lsk\u00e1 gramatika - Talkpal<\/title>\n<meta name=\"description\" content=\"Prozkoumejte nep\u00e1lskou gramatiku a zlep\u0161ete sv\u00e9 znalosti jazyka pomoc\u00ed jasn\u00fdch a stru\u010dn\u00fdch vysv\u011btlen\u00ed.\" \/>\n<meta name=\"robots\" content=\"index, follow, max-snippet:-1, max-image-preview:large, max-video-preview:-1\" \/>\n<link rel=\"canonical\" href=\"https:\/\/talkpal.ai\/cs\/nepalska-gramatika\/\" \/>\n<meta property=\"og:locale\" content=\"cs_CZ\" \/>\n<meta property=\"og:type\" content=\"article\" \/>\n<meta property=\"og:title\" content=\"Nep\u00e1lsk\u00e1 gramatika\" \/>\n<meta property=\"og:description\" content=\"Pono\u0159te se do bohatstv\u00ed nep\u00e1lsk\u00e9 gramatiky: Pronikav\u00fd pr\u016fvodce Nep\u00e1l\u0161tina, indo\u00e1rijsk\u00fd jazyk, kter\u00fdm mluv\u00ed v\u00edce ne\u017e 25 milion\u016f lid\u00ed v Nep\u00e1lu a sousedn\u00edch\" \/>\n<meta property=\"og:url\" content=\"https:\/\/talkpal.ai\/cs\/nepalska-gramatika\/\" \/>\n<meta property=\"og:site_name\" content=\"Talkpal\" \/>\n<meta property=\"article:publisher\" content=\"https:\/\/www.facebook.com\/profile.php?id=100090733639311\" \/>\n<meta property=\"article:modified_time\" content=\"2025-12-17T17:00:45+00:00\" \/>\n<meta property=\"og:image\" content=\"https:\/\/talkpal.ai\/wp-content\/uploads\/2023\/05\/nepal.png\" \/>\n\t<meta property=\"og:image:width\" content=\"512\" \/>\n\t<meta property=\"og:image:height\" content=\"512\" \/>\n\t<meta property=\"og:image:type\" content=\"image\/png\" \/>\n<meta name=\"twitter:card\" content=\"summary_large_image\" \/>\n<meta name=\"twitter:site\" content=\"@talkpalai\" \/>\n<meta name=\"twitter:label1\" content=\"Odhadovan\u00e1 doba \u010dten\u00ed\" \/>\n\t<meta name=\"twitter:data1\" content=\"4 minuty\" \/>\n<script type=\"application\/ld+json\" class=\"yoast-schema-graph\">{\"@context\":\"https:\/\/schema.org\",\"@graph\":[{\"@type\":\"WebPage\",\"@id\":\"https:\/\/talkpal.ai\/cs\/nepalska-gramatika\/\",\"url\":\"https:\/\/talkpal.ai\/cs\/nepalska-gramatika\/\",\"name\":\"Nep\u00e1lsk\u00e1 gramatika - Talkpal\",\"isPartOf\":{\"@id\":\"https:\/\/talkpal.ai\/cs\/#website\"},\"primaryImageOfPage\":{\"@id\":\"https:\/\/talkpal.ai\/cs\/nepalska-gramatika\/#primaryimage\"},\"image\":{\"@id\":\"https:\/\/talkpal.ai\/cs\/nepalska-gramatika\/#primaryimage\"},\"thumbnailUrl\":\"https:\/\/talkpal.ai\/wp-content\/uploads\/2023\/05\/nepal.png\",\"datePublished\":\"2023-05-14T14:12:45+00:00\",\"dateModified\":\"2025-12-17T17:00:45+00:00\",\"description\":\"Prozkoumejte nep\u00e1lskou gramatiku a zlep\u0161ete sv\u00e9 znalosti jazyka pomoc\u00ed jasn\u00fdch a stru\u010dn\u00fdch vysv\u011btlen\u00ed.\",\"breadcrumb\":{\"@id\":\"https:\/\/talkpal.ai\/cs\/nepalska-gramatika\/#breadcrumb\"},\"inLanguage\":\"cs\",\"potentialAction\":[{\"@type\":\"ReadAction\",\"target\":[\"https:\/\/talkpal.ai\/cs\/nepalska-gramatika\/\"]}]},{\"@type\":\"ImageObject\",\"inLanguage\":\"cs\",\"@id\":\"https:\/\/talkpal.ai\/cs\/nepalska-gramatika\/#primaryimage\",\"url\":\"https:\/\/talkpal.ai\/wp-content\/uploads\/2023\/05\/nepal.png\",\"contentUrl\":\"https:\/\/talkpal.ai\/wp-content\/uploads\/2023\/05\/nepal.png\",\"width\":512,\"height\":512},{\"@type\":\"BreadcrumbList\",\"@id\":\"https:\/\/talkpal.ai\/cs\/nepalska-gramatika\/#breadcrumb\",\"itemListElement\":[{\"@type\":\"ListItem\",\"position\":1,\"name\":\"Homepage\",\"item\":\"https:\/\/talkpal.ai\/cs\/\"},{\"@type\":\"ListItem\",\"position\":2,\"name\":\"Nep\u00e1lsk\u00e1 gramatika\"}]},{\"@type\":\"WebSite\",\"@id\":\"https:\/\/talkpal.ai\/cs\/#website\",\"url\":\"https:\/\/talkpal.ai\/cs\/\",\"name\":\"Talkpal\",\"description\":\"AI Language Learning\",\"publisher\":{\"@id\":\"https:\/\/talkpal.ai\/cs\/#organization\"},\"alternateName\":\"Talkpal AI\",\"potentialAction\":[{\"@type\":\"SearchAction\",\"target\":{\"@type\":\"EntryPoint\",\"urlTemplate\":\"https:\/\/talkpal.ai\/cs\/?s={search_term_string}\"},\"query-input\":{\"@type\":\"PropertyValueSpecification\",\"valueRequired\":true,\"valueName\":\"search_term_string\"}}],\"inLanguage\":\"cs\"},{\"@type\":\"Organization\",\"@id\":\"https:\/\/talkpal.ai\/cs\/#organization\",\"name\":\"Talkpal, Inc.\",\"alternateName\":\"Talkpal AI\",\"url\":\"https:\/\/talkpal.ai\/cs\/\",\"logo\":{\"@type\":\"ImageObject\",\"inLanguage\":\"cs\",\"@id\":\"https:\/\/talkpal.ai\/cs\/#\/schema\/logo\/image\/\",\"url\":\"https:\/\/talkpal.ai\/wp-content\/uploads\/2024\/03\/Talkpal-Logo-Icon.png\",\"contentUrl\":\"https:\/\/talkpal.ai\/wp-content\/uploads\/2024\/03\/Talkpal-Logo-Icon.png\",\"width\":2880,\"height\":2880,\"caption\":\"Talkpal, Inc.\"},\"image\":{\"@id\":\"https:\/\/talkpal.ai\/cs\/#\/schema\/logo\/image\/\"},\"sameAs\":[\"https:\/\/www.facebook.com\/profile.php?id=100090733639311\",\"https:\/\/x.com\/talkpalai\",\"https:\/\/www.linkedin.com\/company\/talkpal\/\",\"https:\/\/www.youtube.com\/@TalkPal\/\",\"https:\/\/www.tiktok.com\/@talkpal\",\"https:\/\/www.instagram.com\/talkpal_ai\/\",\"https:\/\/www.crunchbase.com\/organization\/talkpal-9cde\",\"https:\/\/www.g2.com\/products\/talkpal-for-business\/\",\"https:\/\/www.trustpilot.com\/review\/talkpal.ai\",\"https:\/\/www.capterra.com\/p\/10006800\/TalkPal\/\"],\"description\":\"Talkpal is a language learning web and mobile education app, powered by the latest AI technologies, that provides engaging experiences to its customers in many different languages to help them improve their language skills. Users can chat about unlimited amount of topics with the app and use other modes to practice their language learning.\",\"email\":\"support@talkpal.ai\",\"legalName\":\"Talkpal, Inc.\",\"foundingDate\":\"2023-04-03\",\"duns\":\"118989042\",\"numberOfEmployees\":{\"@type\":\"QuantitativeValue\",\"minValue\":\"11\",\"maxValue\":\"50\"},\"publishingPrinciples\":\"https:\/\/talkpal.ai\/publishing-principles\/\",\"actionableFeedbackPolicy\":\"https:\/\/talkpal.ai\/actionable-feedback-policy\/\",\"correctionsPolicy\":\"https:\/\/talkpal.ai\/corrections-policy\/\",\"ethicsPolicy\":\"https:\/\/talkpal.ai\/ethics-policy\/\",\"diversityPolicy\":\"https:\/\/talkpal.ai\/diversity-policy\/\",\"diversityStaffingReport\":\"https:\/\/talkpal.ai\/diversity-policy\/\"}]}<\/script>\n<!-- \/ Yoast SEO Premium plugin. -->","yoast_head_json":{"title":"Nep\u00e1lsk\u00e1 gramatika - Talkpal","description":"Prozkoumejte nep\u00e1lskou gramatiku a zlep\u0161ete sv\u00e9 znalosti jazyka pomoc\u00ed jasn\u00fdch a stru\u010dn\u00fdch vysv\u011btlen\u00ed.","robots":{"index":"index","follow":"follow","max-snippet":"max-snippet:-1","max-image-preview":"max-image-preview:large","max-video-preview":"max-video-preview:-1"},"canonical":"https:\/\/talkpal.ai\/cs\/nepalska-gramatika\/","og_locale":"cs_CZ","og_type":"article","og_title":"Nep\u00e1lsk\u00e1 gramatika","og_description":"Pono\u0159te se do bohatstv\u00ed nep\u00e1lsk\u00e9 gramatiky: Pronikav\u00fd pr\u016fvodce Nep\u00e1l\u0161tina, indo\u00e1rijsk\u00fd jazyk, kter\u00fdm mluv\u00ed v\u00edce ne\u017e 25 milion\u016f lid\u00ed v Nep\u00e1lu a sousedn\u00edch","og_url":"https:\/\/talkpal.ai\/cs\/nepalska-gramatika\/","og_site_name":"Talkpal","article_publisher":"https:\/\/www.facebook.com\/profile.php?id=100090733639311","article_modified_time":"2025-12-17T17:00:45+00:00","og_image":[{"width":512,"height":512,"url":"https:\/\/talkpal.ai\/wp-content\/uploads\/2023\/05\/nepal.png","type":"image\/png"}],"twitter_card":"summary_large_image","twitter_site":"@talkpalai","twitter_misc":{"Odhadovan\u00e1 doba \u010dten\u00ed":"4 minuty"},"schema":{"@context":"https:\/\/schema.org","@graph":[{"@type":"WebPage","@id":"https:\/\/talkpal.ai\/cs\/nepalska-gramatika\/","url":"https:\/\/talkpal.ai\/cs\/nepalska-gramatika\/","name":"Nep\u00e1lsk\u00e1 gramatika - Talkpal","isPartOf":{"@id":"https:\/\/talkpal.ai\/cs\/#website"},"primaryImageOfPage":{"@id":"https:\/\/talkpal.ai\/cs\/nepalska-gramatika\/#primaryimage"},"image":{"@id":"https:\/\/talkpal.ai\/cs\/nepalska-gramatika\/#primaryimage"},"thumbnailUrl":"https:\/\/talkpal.ai\/wp-content\/uploads\/2023\/05\/nepal.png","datePublished":"2023-05-14T14:12:45+00:00","dateModified":"2025-12-17T17:00:45+00:00","description":"Prozkoumejte nep\u00e1lskou gramatiku a zlep\u0161ete sv\u00e9 znalosti jazyka pomoc\u00ed jasn\u00fdch a stru\u010dn\u00fdch vysv\u011btlen\u00ed.","breadcrumb":{"@id":"https:\/\/talkpal.ai\/cs\/nepalska-gramatika\/#breadcrumb"},"inLanguage":"cs","potentialAction":[{"@type":"ReadAction","target":["https:\/\/talkpal.ai\/cs\/nepalska-gramatika\/"]}]},{"@type":"ImageObject","inLanguage":"cs","@id":"https:\/\/talkpal.ai\/cs\/nepalska-gramatika\/#primaryimage","url":"https:\/\/talkpal.ai\/wp-content\/uploads\/2023\/05\/nepal.png","contentUrl":"https:\/\/talkpal.ai\/wp-content\/uploads\/2023\/05\/nepal.png","width":512,"height":512},{"@type":"BreadcrumbList","@id":"https:\/\/talkpal.ai\/cs\/nepalska-gramatika\/#breadcrumb","itemListElement":[{"@type":"ListItem","position":1,"name":"Homepage","item":"https:\/\/talkpal.ai\/cs\/"},{"@type":"ListItem","position":2,"name":"Nep\u00e1lsk\u00e1 gramatika"}]},{"@type":"WebSite","@id":"https:\/\/talkpal.ai\/cs\/#website","url":"https:\/\/talkpal.ai\/cs\/","name":"Talkpal","description":"AI Language Learning","publisher":{"@id":"https:\/\/talkpal.ai\/cs\/#organization"},"alternateName":"Talkpal AI","potentialAction":[{"@type":"SearchAction","target":{"@type":"EntryPoint","urlTemplate":"https:\/\/talkpal.ai\/cs\/?s={search_term_string}"},"query-input":{"@type":"PropertyValueSpecification","valueRequired":true,"valueName":"search_term_string"}}],"inLanguage":"cs"},{"@type":"Organization","@id":"https:\/\/talkpal.ai\/cs\/#organization","name":"Talkpal, Inc.","alternateName":"Talkpal AI","url":"https:\/\/talkpal.ai\/cs\/","logo":{"@type":"ImageObject","inLanguage":"cs","@id":"https:\/\/talkpal.ai\/cs\/#\/schema\/logo\/image\/","url":"https:\/\/talkpal.ai\/wp-content\/uploads\/2024\/03\/Talkpal-Logo-Icon.png","contentUrl":"https:\/\/talkpal.ai\/wp-content\/uploads\/2024\/03\/Talkpal-Logo-Icon.png","width":2880,"height":2880,"caption":"Talkpal, Inc."},"image":{"@id":"https:\/\/talkpal.ai\/cs\/#\/schema\/logo\/image\/"},"sameAs":["https:\/\/www.facebook.com\/profile.php?id=100090733639311","https:\/\/x.com\/talkpalai","https:\/\/www.linkedin.com\/company\/talkpal\/","https:\/\/www.youtube.com\/@TalkPal\/","https:\/\/www.tiktok.com\/@talkpal","https:\/\/www.instagram.com\/talkpal_ai\/","https:\/\/www.crunchbase.com\/organization\/talkpal-9cde","https:\/\/www.g2.com\/products\/talkpal-for-business\/","https:\/\/www.trustpilot.com\/review\/talkpal.ai","https:\/\/www.capterra.com\/p\/10006800\/TalkPal\/"],"description":"Talkpal is a language learning web and mobile education app, powered by the latest AI technologies, that provides engaging experiences to its customers in many different languages to help them improve their language skills. Users can chat about unlimited amount of topics with the app and use other modes to practice their language learning.","email":"support@talkpal.ai","legalName":"Talkpal, Inc.","foundingDate":"2023-04-03","duns":"118989042","numberOfEmployees":{"@type":"QuantitativeValue","minValue":"11","maxValue":"50"},"publishingPrinciples":"https:\/\/talkpal.ai\/publishing-principles\/","actionableFeedbackPolicy":"https:\/\/talkpal.ai\/actionable-feedback-policy\/","correctionsPolicy":"https:\/\/talkpal.ai\/corrections-policy\/","ethicsPolicy":"https:\/\/talkpal.ai\/ethics-policy\/","diversityPolicy":"https:\/\/talkpal.ai\/diversity-policy\/","diversityStaffingReport":"https:\/\/talkpal.ai\/diversity-policy\/"}]}},"_links":{"self":[{"href":"https:\/\/talkpal.ai\/cs\/wp-json\/wp\/v2\/pages\/148109","targetHints":{"allow":["GET"]}}],"collection":[{"href":"https:\/\/talkpal.ai\/cs\/wp-json\/wp\/v2\/pages"}],"about":[{"href":"https:\/\/talkpal.ai\/cs\/wp-json\/wp\/v2\/types\/page"}],"author":[{"embeddable":true,"href":"https:\/\/talkpal.ai\/cs\/wp-json\/wp\/v2\/users\/1"}],"replies":[{"embeddable":true,"href":"https:\/\/talkpal.ai\/cs\/wp-json\/wp\/v2\/comments?post=148109"}],"version-history":[{"count":0,"href":"https:\/\/talkpal.ai\/cs\/wp-json\/wp\/v2\/pages\/148109\/revisions"}],"wp:featuredmedia":[{"embeddable":true,"href":"https:\/\/talkpal.ai\/cs\/wp-json\/wp\/v2\/media\/116118"}],"wp:attachment":[{"href":"https:\/\/talkpal.ai\/cs\/wp-json\/wp\/v2\/media?parent=148109"}],"curies":[{"name":"wp","href":"https:\/\/api.w.org\/{rel}","templated":true}]}}