{"id":147735,"date":"2023-05-14T14:12:25","date_gmt":"2023-05-14T14:12:25","guid":{"rendered":"http:\/\/talkpal.ai\/maorska-gramatika\/"},"modified":"2025-12-17T16:44:52","modified_gmt":"2025-12-17T16:44:52","slug":"maorska-gramatika","status":"publish","type":"page","link":"https:\/\/talkpal.ai\/cs\/maorska-gramatika\/","title":{"rendered":"Maorsk\u00e1 gramatika"},"content":{"rendered":"\r\n\r\n\r\n<section class=\"languageChallengeSection\">\r\n    <div class=\"languageInfoWrapper\">\r\n        \r\n        <h1>Maorsk\u00e1 gramatika<\/h1>\r\n        <p>Chcete se nau\u010dit maor\u0161tinu? Pronikn\u011bte do maorsk\u00e9 gramatiky, kter\u00e1 je zn\u00e1m\u00e1 svou jednoduchost\u00ed, pou\u017e\u00edv\u00e1n\u00edm \u010dlen\u016f a d\u016fle\u017eitou rol\u00ed \u010d\u00e1stic p\u0159i utv\u00e1\u0159en\u00ed v\u00fdznamu. Za\u010dn\u011bte je\u0161t\u011b dnes &#8211; zvl\u00e1dnut\u00ed maorsk\u00e9 gramatiky v\u00e1m pom\u016f\u017ee hloub\u011bji se spojit s bohat\u00fdm d\u011bdictv\u00edm tohoto jazyka a \u017eivou kulturou Aotearoa na Nov\u00e9m Z\u00e9landu!<\/p>\r\n\r\n                            <a class=\"getStartedHidden\" href=\"https:\/\/app.talkpal.ai\/cs\/signup?lng=\">Za\u010dni<\/a>\r\n        \r\n    <\/div>\r\n\r\n    <figure>\r\n    <img decoding=\"async\" width=\"768\" height=\"768\" src=\"https:\/\/talkpal.ai\/wp-content\/uploads\/2023\/06\/maori-768x768.png\" class=\"languageImage no-lazy\" alt=\"Language learning for social and professional settings\" fetchpriority=\"high\" sizes=\"(max-width: 768px) 150px, 768px\" srcset=\"https:\/\/talkpal.ai\/wp-content\/uploads\/2023\/06\/maori-768x768.png 768w, https:\/\/talkpal.ai\/wp-content\/uploads\/2023\/06\/maori-300x300.png 300w\" \/>\r\n    \r\n\r\n    <\/figure>\r\n\r\n            <a class=\"getStartedVisible\" href=\"https:\/\/app.talkpal.ai\/cs\/signup?lng=\">Za\u010dni<\/a>\r\n    \r\n<\/section>\r\n<section class=\"promotionalBanner\">\r\n    <p class=\"promotionalText\">Nejefektivn\u011bj\u0161\u00ed zp\u016fsob, jak se nau\u010dit jazyk<\/p>\r\n    <a class=\"promotionalLink\" href=\"https:\/\/app.talkpal.ai\/cs\/signup?lng=\">Vyzkou\u0161ejte Talkpal zdarma<\/a>\r\n<\/section>\n<div class=\"wp-block-group pageContainerStyle\"><div class=\"wp-block-group__inner-container is-layout-constrained wp-block-group-is-layout-constrained\">\n<h2 class=\"wp-block-heading\" id=\"h-maori-grammar-your-ticket-to-a-vibrant-bicultural-world\">Maorsk\u00e1 gramatika: Va\u0161e vstupenka do pulzuj\u00edc\u00edho bikulturn\u00edho sv\u011bta<\/h2>\n\n\n\n<p><a href=\"https:\/\/talkpal.ai\/culture\/how-do-you-say-lets-go-in-maori\/\">Kia ora<\/a>! V\u00edtejte v n\u00e1dhern\u00e9m sv\u011bt\u011b maorsk\u00e9ho jazyka. <a href=\"https:\/\/talkpal.ai\/learn-maori\/\">Maor\u0161tina<\/a> neboli te reo <a href=\"https:\/\/talkpal.ai\/learn-maori\/\">maori<\/a> je p\u016fvodn\u00edm jazykem Nov\u00e9ho Z\u00e9landu a nab\u00edz\u00ed jedine\u010dnou p\u0159\u00edle\u017eitost sezn\u00e1mit se s prastarou kulturou a jej\u00ed \u017eivou komunitou mluv\u010d\u00edch. Stejn\u011b jako ka\u017ed\u00fd jazyk se i <a href=\"https:\/\/talkpal.ai\/maori-grammar\/\">maorsk\u00e1 gramatika<\/a> m\u016f\u017ee zd\u00e1t n\u00e1ro\u010dn\u00e1, ale nebojte se! Tento pr\u016fvodce vhodn\u00fd pro za\u010d\u00e1te\u010dn\u00edky zjednodu\u0161\u00ed z\u00e1kladn\u00ed sou\u010d\u00e1sti maorsk\u00e9 gramatiky a vytvo\u0159\u00ed vizu\u00e1ln\u011b poutavou a pou\u010dnou cestu.<\/p>\n\n\n\n<h3 class=\"wp-block-heading\" id=\"h-1-starting-with-the-basics-maori-alphabet-and-pronunciation\">1. Za\u010d\u00edn\u00e1me se z\u00e1klady: Maorsk\u00e1 abeceda a v\u00fdslovnost<\/h3>\n\n\n\n<p>Maor\u0161tina pou\u017e\u00edv\u00e1 upraven\u00e9 latinsk\u00e9 p\u00edsmo, kter\u00e9 se skl\u00e1d\u00e1 z pouh\u00fdch 15 p\u00edsmen: p\u011bti samohl\u00e1sek (a, e, i, o a u) a deseti souhl\u00e1sek (h, k, m, n, p, r, t, w, ng a wh). Seznamte se s t\u011bmito p\u00edsmeny a jejich odli\u0161nou v\u00fdslovnost\u00ed, proto\u017ee pokl\u00e1daj\u00ed z\u00e1klady pro ve\u0161ker\u00e9 dal\u0161\u00ed u\u010den\u00ed maorsk\u00e9 gramatiky.<\/p>\n\n\n\n<h3 class=\"wp-block-heading\" id=\"h-2-exploring-maori-sentence-structure\">2. Zkoum\u00e1n\u00ed maorsk\u00e9 v\u011btn\u00e9 struktury<\/h3>\n\n\n\n<p><a href=\"https:\/\/talkpal.ai\/maori-grammar\/\">Maorsk\u00e1 gramatika<\/a> se ve sv\u00e9 podstat\u011b \u0159\u00edd\u00ed jednoduchou strukturou podm\u011btu-sloveso (-objekt), p\u0159i\u010dem\u017e sloveso obvykle p\u0159edch\u00e1z\u00ed podm\u011btu. Nejjasn\u011bj\u0161\u00edm zp\u016fsobem, jak porozum\u011bt t\u00e9to struktu\u0159e, je vid\u011bt ji v akci:<\/p>\n\n\n\n<p><strong>\u010cesky: D\u00edt\u011b si hraje.<\/strong><\/p>\n\n\n\n<p><strong>Maorov\u00e9: Kei te t\u0101karo te tamaiti.<\/strong><\/p>\n\n\n\n<p>V maor\u0161tin\u011b se \u010das slovesa ozna\u010duje kombinac\u00ed \u010d\u00e1stic nebo p\u0159id\u00e1n\u00edm \u010dasov\u00e9ho indik\u00e1toru do v\u011bty.<\/p>\n\n\n\n<h3 class=\"wp-block-heading\" id=\"h-3-demystifying-particles-building-blocks-of-maori-grammar\">3. Demystifikuj\u00edc\u00ed \u010d\u00e1stice: stavebn\u00ed kameny maorsk\u00e9 gramatiky<\/h3>\n\n\n\n<p>\u010c\u00e1stice hraj\u00ed kl\u00ed\u010dovou roli v maorsk\u00e9 gramatice, spojuj\u00ed slova a fr\u00e1ze dohromady a vytv\u00e1\u0159ej\u00ed souvisl\u00e9 a expresivn\u00ed v\u011bty. Jako za\u010d\u00e1te\u010dn\u00edk se zam\u011b\u0159te na pochopen\u00ed n\u011bkolika z\u00e1kladn\u00edch \u010d\u00e1stic:<\/p>\n\n\n\n<p><strong>&#8211; Kia: pou\u017e\u00edv\u00e1 se pro p\u0159\u00edkazy, p\u0159\u00e1n\u00ed a pro vyj\u00e1d\u0159en\u00ed \u00fa\u010delu \u010dinnosti.<\/strong><\/p>\n\n\n\n<p><strong>&#8211; Kei: pou\u017e\u00edv\u00e1 se k vytvo\u0159en\u00ed pr\u016fb\u011bhov\u00e9ho \u010dasu.<\/strong><\/p>\n\n\n\n<p><strong>&#8211; Ko: pou\u017e\u00edv\u00e1 se k ozna\u010den\u00ed p\u0159edm\u011btu v\u011bty.<\/strong><\/p>\n\n\n\n<h3 class=\"wp-block-heading\" id=\"h-4-getting-to-know-maori-pronouns\">4. Sezn\u00e1men\u00ed s maorsk\u00fdmi z\u00e1jmeny<\/h3>\n\n\n\n<p>Z\u00e1jmena v maor\u0161tin\u011b nahrazuj\u00ed podstatn\u00e1 jm\u00e9na a pom\u00e1haj\u00ed udr\u017eovat va\u0161i konverzaci p\u0159irozenou a plynulou. Jako za\u010d\u00e1te\u010dn\u00edk se soust\u0159e\u010fte na porozum\u011bn\u00ed osobn\u00edm a p\u0159ivlast\u0148ovac\u00edm z\u00e1jmen\u016fm:<\/p>\n\n\n\n<p>Osobn\u00ed z\u00e1jmena: ahau (j\u00e1), koe (ty, jednotn\u00e9 \u010d\u00edslo), ia (on\/ona), t\u0101ua (my, v\u010detn\u011b osoby, se kterou se mluv\u00ed), m\u0101ua (my, vyjma osoby, se kterou se mluv\u00ed), koutou (ty, mno\u017en\u00e9 \u010d\u00edslo), r\u0101tau (oni)<\/p>\n\n\n\n<p>P\u0159ivlast\u0148ovac\u00ed z\u00e1jmena: taku\/t\u014dku (m\u016fj), t\u014du (ur, jednotn\u00e9 \u010d\u00edslo), t\u014dna (jeho\/jej\u00ed), t\u014d t\u0101ua (n\u00e1\u0161, v\u010detn\u011b mluv\u010d\u00edho a poslucha\u010de), t\u014d m\u0101ua (n\u00e1\u0161, mluv\u010d\u00ed a n\u011bkdo jin\u00fd), t\u014d koutou (tv\u016fj, mno\u017en\u00e9 \u010d\u00edslo), t\u014d r\u0101tau (jejich)<\/p>\n\n\n\n<h3 class=\"wp-block-heading\" id=\"h-5-navigating-maori-nouns-and-adjectives\">5. Orientace v maorsk\u00fdch podstatn\u00fdch jm\u00e9nech a p\u0159\u00eddavn\u00fdch jm\u00e9nech<\/h3>\n\n\n\n<p>Maorsk\u00e1 podstatn\u00e1 a p\u0159\u00eddavn\u00e1 jm\u00e9na se \u0159\u00edd\u00ed jednoduch\u00fdmi gramatick\u00fdmi pravidly, tak\u017ee je snadno pochop\u00ed i za\u010d\u00e1te\u010dn\u00edci. P\u0159\u00eddavn\u00e1 jm\u00e9na obvykle n\u00e1sleduj\u00ed za podstatn\u00fdm jm\u00e9nem, kter\u00e9 popisuj\u00ed, a u podstatn\u00fdch jmen v mno\u017en\u00e9m \u010d\u00edsle sta\u010d\u00ed p\u0159ed podstatn\u00e9 jm\u00e9no p\u0159idat \u010d\u00e1stici &#8222;ng\u0101&#8220;. Nap\u0159\u00edklad:<\/p>\n\n\n\n<p><strong>Te whare nui &#8211; &#8222;velk\u00fd d\u016fm&#8220;<\/strong><\/p>\n\n\n\n<p><strong>Ng\u0101 tamariki &#8211; &#8222;d\u011bti&#8220;<\/strong><\/p>\n\n\n\n<p>Tady to m\u00e1te! Ud\u011blali jste prvn\u00ed kroky ke zvl\u00e1dnut\u00ed maorsk\u00e9 gramatiky a obohatili jste svou cestu maorsk\u00fdm jazykem a kulturou. Pamatujte, \u017ee praxe, vytrvalost a pono\u0159en\u00ed se do hry jsou pro \u00fasp\u011bch nezbytn\u00e9, proto se spojte s rodil\u00fdmi mluv\u010d\u00edmi, prozkoumejte maorsk\u00e9 texty a posilte sv\u00e9 <a href=\"https:\/\/talkpal.ai\/cs\/studium-nemciny-jak-rychle-a-efektivne-zvladnout-jazykove-zaklady\/\">jazykov\u00e9 z\u00e1klady<\/a>. <a href=\"https:\/\/talkpal.ai\/culture\/how-do-you-say-be-strong-in-maori\/\">Kia kaha<\/a>! (Bu\u010fte siln\u00ed!)<\/p>\n<\/div><\/div>\n\r\n<section class=\"learnNavigationSection\">\r\n            \r\n        <a href=\"https:\/\/talkpal.ai\/cs\/naucte-se-maorsky\/\">\r\n            <div class=\"learnNavigationWrapper\">\r\n                <div class=\"learnNavigationContent\">\r\n                    <img decoding=\"async\" src=\"https:\/\/talkpal.ai\/wp-content\/uploads\/2024\/08\/Maori.jpg\" alt=\"New Zealand Flag\">\r\n                    <div>\r\n                        <h4>Lekce maorsk\u00e9 gramatiky<\/h4>\r\n                        <p>Zjist\u011bte v\u00edce o maorsk\u00e9 gramatice.<\/p>\r\n                    <\/div>\r\n                <\/div>\r\n            <\/div>\r\n        <\/a>\r\n\r\n        \r\n        <a href=\"https:\/\/talkpal.ai\/cs\/cviceni-na-maorskou-gramatiku\/\">\r\n            <div class=\"learnNavigationWrapper\">\r\n                <div class=\"learnNavigationContent\">\r\n                    <img decoding=\"async\" src=\"https:\/\/talkpal.ai\/wp-content\/uploads\/2024\/08\/Maori.jpg\" alt=\"New Zealand Flag\">\r\n                    <div>\r\n                        <h4>Cvi\u010den\u00ed maorsk\u00e9 gramatiky<\/h4>\r\n                        <p>Procvi\u010dte si maorskou gramatiku.<\/p>\r\n                    <\/div>\r\n                <\/div>\r\n            <\/div>\r\n        <\/a>\r\n\r\n        \r\n        <a href=\"https:\/\/talkpal.ai\/vocabulary_language\/maori\/\">\r\n            <div class=\"learnNavigationWrapper\">\r\n                <div class=\"learnNavigationContent\">\r\n                    <img decoding=\"async\" src=\"https:\/\/talkpal.ai\/wp-content\/uploads\/2024\/08\/Maori.jpg\" alt=\"New Zealand Flag\">\r\n                    <div>\r\n                        <h4>Maorsk\u00e1 slovn\u00ed z\u00e1soba<\/h4>\r\n                        <p>Roz\u0161i\u0159te si maorskou slovn\u00ed z\u00e1sobu.<\/p>\r\n                    <\/div>\r\n                <\/div>\r\n            <\/div>\r\n        <\/a>\r\n\r\n            <\/section>","protected":false},"excerpt":{"rendered":"<p>Maorsk\u00e1 gramatika: Va\u0161e vstupenka do pulzuj\u00edc\u00edho bikulturn\u00edho sv\u011bta Kia ora! V\u00edtejte v n\u00e1dhern\u00e9m sv\u011bt\u011b maorsk\u00e9ho jazyka. Maor\u0161tina neboli te reo maori je p\u016fvodn\u00edm jazykem Nov\u00e9ho Z\u00e9landu a nab\u00edz\u00ed jedine\u010dnou p\u0159\u00edle\u017eitost sezn\u00e1mit se s prastarou kulturou a jej\u00ed \u017eivou komunitou mluv\u010d\u00edch. Stejn\u011b jako ka\u017ed\u00fd jazyk se i maorsk\u00e1 gramatika m\u016f\u017ee zd\u00e1t n\u00e1ro\u010dn\u00e1, ale nebojte se! Tento [&hellip;]<\/p>\n","protected":false},"author":1,"featured_media":116664,"parent":0,"menu_order":0,"comment_status":"closed","ping_status":"closed","template":"LearningContentPage.php","meta":{"_acf_changed":false,"footnotes":""},"class_list":["post-147735","page","type-page","status-publish","has-post-thumbnail","hentry"],"acf":[],"yoast_head":"<!-- This site is optimized with the Yoast SEO Premium plugin v27.2 (Yoast SEO v27.2) - https:\/\/yoast.com\/product\/yoast-seo-premium-wordpress\/ -->\n<title>Maorsk\u00e1 gramatika - Talkpal<\/title>\n<meta name=\"description\" content=\"Prozkoumejte z\u00e1klady maorsk\u00e9 gramatiky s na\u0161\u00edm pr\u016fvodcem pro za\u010d\u00e1te\u010dn\u00edky. Objevte 15 p\u00edsmen a z\u00e1kladn\u00edch pravidel maor\u0161tiny te reo.\" \/>\n<meta name=\"robots\" content=\"index, follow, max-snippet:-1, max-image-preview:large, max-video-preview:-1\" \/>\n<link rel=\"canonical\" href=\"https:\/\/talkpal.ai\/cs\/maorska-gramatika\/\" \/>\n<meta property=\"og:locale\" content=\"cs_CZ\" \/>\n<meta property=\"og:type\" content=\"article\" \/>\n<meta property=\"og:title\" content=\"Maorsk\u00e1 gramatika\" \/>\n<meta property=\"og:description\" content=\"Maorsk\u00e1 gramatika: Va\u0161e vstupenka do pulzuj\u00edc\u00edho bikulturn\u00edho sv\u011bta Kia ora! V\u00edtejte v n\u00e1dhern\u00e9m sv\u011bt\u011b maorsk\u00e9ho jazyka. Maor\u0161tina neboli te reo maori je\" \/>\n<meta property=\"og:url\" content=\"https:\/\/talkpal.ai\/cs\/maorska-gramatika\/\" \/>\n<meta property=\"og:site_name\" content=\"Talkpal\" \/>\n<meta property=\"article:publisher\" content=\"https:\/\/www.facebook.com\/profile.php?id=100090733639311\" \/>\n<meta property=\"article:modified_time\" content=\"2025-12-17T16:44:52+00:00\" \/>\n<meta property=\"og:image\" content=\"https:\/\/talkpal.ai\/wp-content\/uploads\/2023\/05\/Maori-new-zealand.png\" \/>\n\t<meta property=\"og:image:width\" content=\"512\" \/>\n\t<meta property=\"og:image:height\" content=\"512\" \/>\n\t<meta property=\"og:image:type\" content=\"image\/png\" \/>\n<meta name=\"twitter:card\" content=\"summary_large_image\" \/>\n<meta name=\"twitter:site\" content=\"@talkpalai\" \/>\n<meta name=\"twitter:label1\" content=\"Odhadovan\u00e1 doba \u010dten\u00ed\" \/>\n\t<meta name=\"twitter:data1\" content=\"3 minuty\" \/>\n<script type=\"application\/ld+json\" class=\"yoast-schema-graph\">{\"@context\":\"https:\/\/schema.org\",\"@graph\":[{\"@type\":\"WebPage\",\"@id\":\"https:\/\/talkpal.ai\/cs\/maorska-gramatika\/\",\"url\":\"https:\/\/talkpal.ai\/cs\/maorska-gramatika\/\",\"name\":\"Maorsk\u00e1 gramatika - Talkpal\",\"isPartOf\":{\"@id\":\"https:\/\/talkpal.ai\/cs\/#website\"},\"primaryImageOfPage\":{\"@id\":\"https:\/\/talkpal.ai\/cs\/maorska-gramatika\/#primaryimage\"},\"image\":{\"@id\":\"https:\/\/talkpal.ai\/cs\/maorska-gramatika\/#primaryimage\"},\"thumbnailUrl\":\"https:\/\/talkpal.ai\/wp-content\/uploads\/2023\/05\/Maori-new-zealand.png\",\"datePublished\":\"2023-05-14T14:12:25+00:00\",\"dateModified\":\"2025-12-17T16:44:52+00:00\",\"description\":\"Prozkoumejte z\u00e1klady maorsk\u00e9 gramatiky s na\u0161\u00edm pr\u016fvodcem pro za\u010d\u00e1te\u010dn\u00edky. Objevte 15 p\u00edsmen a z\u00e1kladn\u00edch pravidel maor\u0161tiny te reo.\",\"breadcrumb\":{\"@id\":\"https:\/\/talkpal.ai\/cs\/maorska-gramatika\/#breadcrumb\"},\"inLanguage\":\"cs\",\"potentialAction\":[{\"@type\":\"ReadAction\",\"target\":[\"https:\/\/talkpal.ai\/cs\/maorska-gramatika\/\"]}]},{\"@type\":\"ImageObject\",\"inLanguage\":\"cs\",\"@id\":\"https:\/\/talkpal.ai\/cs\/maorska-gramatika\/#primaryimage\",\"url\":\"https:\/\/talkpal.ai\/wp-content\/uploads\/2023\/05\/Maori-new-zealand.png\",\"contentUrl\":\"https:\/\/talkpal.ai\/wp-content\/uploads\/2023\/05\/Maori-new-zealand.png\",\"width\":512,\"height\":512},{\"@type\":\"BreadcrumbList\",\"@id\":\"https:\/\/talkpal.ai\/cs\/maorska-gramatika\/#breadcrumb\",\"itemListElement\":[{\"@type\":\"ListItem\",\"position\":1,\"name\":\"Homepage\",\"item\":\"https:\/\/talkpal.ai\/cs\/\"},{\"@type\":\"ListItem\",\"position\":2,\"name\":\"Maorsk\u00e1 gramatika\"}]},{\"@type\":\"WebSite\",\"@id\":\"https:\/\/talkpal.ai\/cs\/#website\",\"url\":\"https:\/\/talkpal.ai\/cs\/\",\"name\":\"Talkpal\",\"description\":\"AI Language Learning\",\"publisher\":{\"@id\":\"https:\/\/talkpal.ai\/cs\/#organization\"},\"alternateName\":\"Talkpal AI\",\"potentialAction\":[{\"@type\":\"SearchAction\",\"target\":{\"@type\":\"EntryPoint\",\"urlTemplate\":\"https:\/\/talkpal.ai\/cs\/?s={search_term_string}\"},\"query-input\":{\"@type\":\"PropertyValueSpecification\",\"valueRequired\":true,\"valueName\":\"search_term_string\"}}],\"inLanguage\":\"cs\"},{\"@type\":\"Organization\",\"@id\":\"https:\/\/talkpal.ai\/cs\/#organization\",\"name\":\"Talkpal, Inc.\",\"alternateName\":\"Talkpal AI\",\"url\":\"https:\/\/talkpal.ai\/cs\/\",\"logo\":{\"@type\":\"ImageObject\",\"inLanguage\":\"cs\",\"@id\":\"https:\/\/talkpal.ai\/cs\/#\/schema\/logo\/image\/\",\"url\":\"https:\/\/talkpal.ai\/wp-content\/uploads\/2024\/03\/Talkpal-Logo-Icon.png\",\"contentUrl\":\"https:\/\/talkpal.ai\/wp-content\/uploads\/2024\/03\/Talkpal-Logo-Icon.png\",\"width\":2880,\"height\":2880,\"caption\":\"Talkpal, Inc.\"},\"image\":{\"@id\":\"https:\/\/talkpal.ai\/cs\/#\/schema\/logo\/image\/\"},\"sameAs\":[\"https:\/\/www.facebook.com\/profile.php?id=100090733639311\",\"https:\/\/x.com\/talkpalai\",\"https:\/\/www.linkedin.com\/company\/talkpal\/\",\"https:\/\/www.youtube.com\/@TalkPal\/\",\"https:\/\/www.tiktok.com\/@talkpal\",\"https:\/\/www.instagram.com\/talkpal_ai\/\",\"https:\/\/www.crunchbase.com\/organization\/talkpal-9cde\",\"https:\/\/www.g2.com\/products\/talkpal-for-business\/\",\"https:\/\/www.trustpilot.com\/review\/talkpal.ai\",\"https:\/\/www.capterra.com\/p\/10006800\/TalkPal\/\"],\"description\":\"Talkpal is a language learning web and mobile education app, powered by the latest AI technologies, that provides engaging experiences to its customers in many different languages to help them improve their language skills. Users can chat about unlimited amount of topics with the app and use other modes to practice their language learning.\",\"email\":\"support@talkpal.ai\",\"legalName\":\"Talkpal, Inc.\",\"foundingDate\":\"2023-04-03\",\"duns\":\"118989042\",\"numberOfEmployees\":{\"@type\":\"QuantitativeValue\",\"minValue\":\"11\",\"maxValue\":\"50\"},\"publishingPrinciples\":\"https:\/\/talkpal.ai\/publishing-principles\/\",\"actionableFeedbackPolicy\":\"https:\/\/talkpal.ai\/actionable-feedback-policy\/\",\"correctionsPolicy\":\"https:\/\/talkpal.ai\/corrections-policy\/\",\"ethicsPolicy\":\"https:\/\/talkpal.ai\/ethics-policy\/\",\"diversityPolicy\":\"https:\/\/talkpal.ai\/diversity-policy\/\",\"diversityStaffingReport\":\"https:\/\/talkpal.ai\/diversity-policy\/\"}]}<\/script>\n<!-- \/ Yoast SEO Premium plugin. -->","yoast_head_json":{"title":"Maorsk\u00e1 gramatika - Talkpal","description":"Prozkoumejte z\u00e1klady maorsk\u00e9 gramatiky s na\u0161\u00edm pr\u016fvodcem pro za\u010d\u00e1te\u010dn\u00edky. Objevte 15 p\u00edsmen a z\u00e1kladn\u00edch pravidel maor\u0161tiny te reo.","robots":{"index":"index","follow":"follow","max-snippet":"max-snippet:-1","max-image-preview":"max-image-preview:large","max-video-preview":"max-video-preview:-1"},"canonical":"https:\/\/talkpal.ai\/cs\/maorska-gramatika\/","og_locale":"cs_CZ","og_type":"article","og_title":"Maorsk\u00e1 gramatika","og_description":"Maorsk\u00e1 gramatika: Va\u0161e vstupenka do pulzuj\u00edc\u00edho bikulturn\u00edho sv\u011bta Kia ora! V\u00edtejte v n\u00e1dhern\u00e9m sv\u011bt\u011b maorsk\u00e9ho jazyka. Maor\u0161tina neboli te reo maori je","og_url":"https:\/\/talkpal.ai\/cs\/maorska-gramatika\/","og_site_name":"Talkpal","article_publisher":"https:\/\/www.facebook.com\/profile.php?id=100090733639311","article_modified_time":"2025-12-17T16:44:52+00:00","og_image":[{"width":512,"height":512,"url":"https:\/\/talkpal.ai\/wp-content\/uploads\/2023\/05\/Maori-new-zealand.png","type":"image\/png"}],"twitter_card":"summary_large_image","twitter_site":"@talkpalai","twitter_misc":{"Odhadovan\u00e1 doba \u010dten\u00ed":"3 minuty"},"schema":{"@context":"https:\/\/schema.org","@graph":[{"@type":"WebPage","@id":"https:\/\/talkpal.ai\/cs\/maorska-gramatika\/","url":"https:\/\/talkpal.ai\/cs\/maorska-gramatika\/","name":"Maorsk\u00e1 gramatika - Talkpal","isPartOf":{"@id":"https:\/\/talkpal.ai\/cs\/#website"},"primaryImageOfPage":{"@id":"https:\/\/talkpal.ai\/cs\/maorska-gramatika\/#primaryimage"},"image":{"@id":"https:\/\/talkpal.ai\/cs\/maorska-gramatika\/#primaryimage"},"thumbnailUrl":"https:\/\/talkpal.ai\/wp-content\/uploads\/2023\/05\/Maori-new-zealand.png","datePublished":"2023-05-14T14:12:25+00:00","dateModified":"2025-12-17T16:44:52+00:00","description":"Prozkoumejte z\u00e1klady maorsk\u00e9 gramatiky s na\u0161\u00edm pr\u016fvodcem pro za\u010d\u00e1te\u010dn\u00edky. Objevte 15 p\u00edsmen a z\u00e1kladn\u00edch pravidel maor\u0161tiny te reo.","breadcrumb":{"@id":"https:\/\/talkpal.ai\/cs\/maorska-gramatika\/#breadcrumb"},"inLanguage":"cs","potentialAction":[{"@type":"ReadAction","target":["https:\/\/talkpal.ai\/cs\/maorska-gramatika\/"]}]},{"@type":"ImageObject","inLanguage":"cs","@id":"https:\/\/talkpal.ai\/cs\/maorska-gramatika\/#primaryimage","url":"https:\/\/talkpal.ai\/wp-content\/uploads\/2023\/05\/Maori-new-zealand.png","contentUrl":"https:\/\/talkpal.ai\/wp-content\/uploads\/2023\/05\/Maori-new-zealand.png","width":512,"height":512},{"@type":"BreadcrumbList","@id":"https:\/\/talkpal.ai\/cs\/maorska-gramatika\/#breadcrumb","itemListElement":[{"@type":"ListItem","position":1,"name":"Homepage","item":"https:\/\/talkpal.ai\/cs\/"},{"@type":"ListItem","position":2,"name":"Maorsk\u00e1 gramatika"}]},{"@type":"WebSite","@id":"https:\/\/talkpal.ai\/cs\/#website","url":"https:\/\/talkpal.ai\/cs\/","name":"Talkpal","description":"AI Language Learning","publisher":{"@id":"https:\/\/talkpal.ai\/cs\/#organization"},"alternateName":"Talkpal AI","potentialAction":[{"@type":"SearchAction","target":{"@type":"EntryPoint","urlTemplate":"https:\/\/talkpal.ai\/cs\/?s={search_term_string}"},"query-input":{"@type":"PropertyValueSpecification","valueRequired":true,"valueName":"search_term_string"}}],"inLanguage":"cs"},{"@type":"Organization","@id":"https:\/\/talkpal.ai\/cs\/#organization","name":"Talkpal, Inc.","alternateName":"Talkpal AI","url":"https:\/\/talkpal.ai\/cs\/","logo":{"@type":"ImageObject","inLanguage":"cs","@id":"https:\/\/talkpal.ai\/cs\/#\/schema\/logo\/image\/","url":"https:\/\/talkpal.ai\/wp-content\/uploads\/2024\/03\/Talkpal-Logo-Icon.png","contentUrl":"https:\/\/talkpal.ai\/wp-content\/uploads\/2024\/03\/Talkpal-Logo-Icon.png","width":2880,"height":2880,"caption":"Talkpal, Inc."},"image":{"@id":"https:\/\/talkpal.ai\/cs\/#\/schema\/logo\/image\/"},"sameAs":["https:\/\/www.facebook.com\/profile.php?id=100090733639311","https:\/\/x.com\/talkpalai","https:\/\/www.linkedin.com\/company\/talkpal\/","https:\/\/www.youtube.com\/@TalkPal\/","https:\/\/www.tiktok.com\/@talkpal","https:\/\/www.instagram.com\/talkpal_ai\/","https:\/\/www.crunchbase.com\/organization\/talkpal-9cde","https:\/\/www.g2.com\/products\/talkpal-for-business\/","https:\/\/www.trustpilot.com\/review\/talkpal.ai","https:\/\/www.capterra.com\/p\/10006800\/TalkPal\/"],"description":"Talkpal is a language learning web and mobile education app, powered by the latest AI technologies, that provides engaging experiences to its customers in many different languages to help them improve their language skills. Users can chat about unlimited amount of topics with the app and use other modes to practice their language learning.","email":"support@talkpal.ai","legalName":"Talkpal, Inc.","foundingDate":"2023-04-03","duns":"118989042","numberOfEmployees":{"@type":"QuantitativeValue","minValue":"11","maxValue":"50"},"publishingPrinciples":"https:\/\/talkpal.ai\/publishing-principles\/","actionableFeedbackPolicy":"https:\/\/talkpal.ai\/actionable-feedback-policy\/","correctionsPolicy":"https:\/\/talkpal.ai\/corrections-policy\/","ethicsPolicy":"https:\/\/talkpal.ai\/ethics-policy\/","diversityPolicy":"https:\/\/talkpal.ai\/diversity-policy\/","diversityStaffingReport":"https:\/\/talkpal.ai\/diversity-policy\/"}]}},"_links":{"self":[{"href":"https:\/\/talkpal.ai\/cs\/wp-json\/wp\/v2\/pages\/147735","targetHints":{"allow":["GET"]}}],"collection":[{"href":"https:\/\/talkpal.ai\/cs\/wp-json\/wp\/v2\/pages"}],"about":[{"href":"https:\/\/talkpal.ai\/cs\/wp-json\/wp\/v2\/types\/page"}],"author":[{"embeddable":true,"href":"https:\/\/talkpal.ai\/cs\/wp-json\/wp\/v2\/users\/1"}],"replies":[{"embeddable":true,"href":"https:\/\/talkpal.ai\/cs\/wp-json\/wp\/v2\/comments?post=147735"}],"version-history":[{"count":0,"href":"https:\/\/talkpal.ai\/cs\/wp-json\/wp\/v2\/pages\/147735\/revisions"}],"wp:featuredmedia":[{"embeddable":true,"href":"https:\/\/talkpal.ai\/cs\/wp-json\/wp\/v2\/media\/116664"}],"wp:attachment":[{"href":"https:\/\/talkpal.ai\/cs\/wp-json\/wp\/v2\/media?parent=147735"}],"curies":[{"name":"wp","href":"https:\/\/api.w.org\/{rel}","templated":true}]}}