{"id":147522,"date":"2023-05-14T14:12:07","date_gmt":"2023-05-14T14:12:07","guid":{"rendered":"http:\/\/talkpal.ai\/marathska-gramatika\/"},"modified":"2025-12-12T10:38:04","modified_gmt":"2025-12-12T10:38:04","slug":"marathska-gramatika","status":"publish","type":"page","link":"https:\/\/talkpal.ai\/cs\/marathska-gramatika\/","title":{"rendered":"Mar\u00e1thsk\u00e1 gramatika"},"content":{"rendered":"\r\n\r\n\r\n<section class=\"languageChallengeSection\">\r\n    <div class=\"languageInfoWrapper\">\r\n        \r\n        <h1>Mar\u00e1thsk\u00e1 gramatika<\/h1>\r\n        <p>Zaj\u00edm\u00e1 v\u00e1s <a href=\"https:\/\/talkpal.ai\/learn-marathi\/\">mar\u00e1th\u0161tina<\/a>? Pronikn\u011bte do gramatiky mar\u00e1th\u0161tiny, kde rodov\u00e1 podstatn\u00e1 jm\u00e9na, flexibiln\u00ed struktura v\u011bt a expresivn\u00ed slovesn\u00e9 vazby vytv\u00e1\u0159ej\u00ed \u017eiv\u00fd a dynamick\u00fd jazyk. Za\u010dn\u011bte svou vzd\u011bl\u00e1vac\u00ed cestu dnes &#8211; zvl\u00e1dnut\u00ed mar\u00e1thsk\u00e9 gramatiky v\u00e1m pom\u016f\u017ee komunikovat s jistotou a spojit se s bohat\u00fdmi tradicemi a kulturou Mah\u00e1r\u00e1\u0161try!<\/p>\r\n\r\n                            <a class=\"getStartedHidden\" href=\"https:\/\/app.talkpal.ai\/cs\/signup?lng=\">Za\u010dni<\/a>\r\n        \r\n    <\/div>\r\n\r\n    <figure>\r\n    <img decoding=\"async\" width=\"768\" height=\"768\" src=\"https:\/\/talkpal.ai\/wp-content\/uploads\/2023\/06\/marathi-768x768.png\" class=\"languageImage no-lazy\" alt=\"Fun ways to make language learning interesting\" fetchpriority=\"high\" sizes=\"(max-width: 768px) 150px, 768px\" srcset=\"https:\/\/talkpal.ai\/wp-content\/uploads\/2023\/06\/marathi-768x768.png 768w, https:\/\/talkpal.ai\/wp-content\/uploads\/2023\/06\/marathi-300x300.png 300w\" \/>\r\n    \r\n\r\n    <\/figure>\r\n\r\n            <a class=\"getStartedVisible\" href=\"https:\/\/app.talkpal.ai\/cs\/signup?lng=\">Za\u010dni<\/a>\r\n    \r\n<\/section>\r\n<section class=\"promotionalBanner\">\r\n    <p class=\"promotionalText\">Nejefektivn\u011bj\u0161\u00ed <a href=\"https:\/\/talkpal.ai\/best-way-to-learn\/\">zp\u016fsob<\/a>, jak se nau\u010dit jazyk<\/p>\r\n    <a class=\"promotionalLink\" href=\"https:\/\/app.talkpal.ai\/cs\/signup?lng=\">Vyzkou\u0161ejte Talkpal zdarma<\/a>\r\n<\/section>\n<div class=\"wp-block-group pageContainerStyle\"><div class=\"wp-block-group__inner-container is-layout-constrained wp-block-group-is-layout-constrained\">\n<h2 class=\"wp-block-heading\" id=\"h-the-allure-of-marathi-grammar-unfolding-its-mysteries-and-intricacies\">P\u016fvab mar\u00e1thsk\u00e9 gramatiky: Odhalen\u00ed jej\u00edch tajemstv\u00ed a slo\u017eitost\u00ed<\/h2>\n\n\n\n<p>Vzpom\u00edn\u00e1te si na matouc\u00ed cestu u\u010den\u00ed anglick\u00e9 gramatiky, zat\u00ed\u017eenou slo\u017eit\u00fdmi pravidly, v\u00fdjimkami a slo\u017eitou terminologi\u00ed? Pokud nyn\u00ed uva\u017eujete o v\u00fduce mar\u00e1th\u0161tiny, p\u0159ipravte se na stejn\u011b poutav\u00e9 zkoum\u00e1n\u00ed mar\u00e1thsk\u00e9 gramatiky.<\/p>\n\n\n\n<p>Mar\u00e1th\u0161tina, indo\u00e1rijsk\u00fd jazyk, kter\u00fdm se mluv\u00ed p\u0159ev\u00e1\u017en\u011b v indick\u00e9m st\u00e1t\u011b Mah\u00e1r\u00e1\u0161tra, se m\u016f\u017ee pochlubit bohatou tradic\u00ed a jedine\u010dn\u00fdmi jazykov\u00fdmi rysy. Kdy\u017e se pono\u0159\u00edte do mystiky mar\u00e1thsk\u00e9 gramatiky, odhal\u00edte fascinuj\u00edc\u00ed souhru jej\u00edch abeced, slo\u017eit\u00fdch pravidel a okouzluj\u00edc\u00ed fonetiky. Poj\u010fme tedy spole\u010dn\u011b odhalit kouzlo mar\u00e1thsk\u00e9 gramatiky, jedno mal\u00e9 pravidlo po druh\u00e9m.<\/p>\n\n\n\n<p>Jedn\u00edm z nejpozoruhodn\u011bj\u0161\u00edch rys\u016f <strong>mar\u00e1thsk\u00e9 gramatiky<\/strong> je jej\u00ed rozs\u00e1hl\u00e9 pou\u017e\u00edv\u00e1n\u00ed sklo\u0148ov\u00e1n\u00ed podstatn\u00fdch jmen. Toto sklo\u0148ov\u00e1n\u00ed \u010dasto pom\u00e1h\u00e1 vyj\u00e1d\u0159it kl\u00ed\u010dov\u00e9 gramatick\u00e9 prvky, jako je \u010d\u00edslo, rod a p\u00e1d. Mar\u00e1th\u0161tina m\u00e1 t\u0159i rody \u2013 mu\u017esk\u00fd, \u017eensk\u00fd a st\u0159edn\u00ed \u2013 a ka\u017ed\u00e9 pohlav\u00ed m\u00e1 sv\u016fj charakteristick\u00fd soubor inflexn\u00edch vzorc\u016f. Krom\u011b toho m\u00e1 jazyk dv\u011b \u010d\u00edsla \u2013 jednotn\u00e9 a mno\u017en\u00e9 \u010d\u00edslo \u2013 kter\u00e9 pom\u00e1haj\u00ed vyj\u00e1d\u0159it mno\u017estv\u00ed podstatn\u00e9ho jm\u00e9na.<\/p>\n\n\n\n<p>Dal\u0161\u00edm <strong>jedine\u010dn\u00fdm rysem mar\u00e1thsk\u00e9 gramatiky<\/strong> je zp\u016fsob, jak\u00fdm se slovesa \u010dasuj\u00ed v z\u00e1vislosti na \u010dase. P\u0159i \u010dasov\u00e1n\u00ed sloves v mar\u00e1th\u0161tin\u011b je t\u0159eba br\u00e1t v \u00favahu nejen \u010das slovesa, ale tak\u00e9 rod a \u010d\u00edslo p\u0159edm\u011btu. Mar\u00e1thsk\u00e9 slovesn\u00e9 tvary zahrnuj\u00ed p\u0159\u00edtomn\u00fd, minul\u00fd a budouc\u00ed \u010das spolu s rozkazovac\u00edmi zp\u016fsoby a konjunktivy. Tyto rozs\u00e1hl\u00e9 \u010dasov\u00e1n\u00ed dod\u00e1vaj\u00ed mar\u00e1th\u0161tin\u011b hloubku a dynamiku, co\u017e z n\u00ed \u010din\u00ed skute\u010dn\u011b podmaniv\u00fd jazyk k prozkoum\u00e1n\u00ed.<\/p>\n\n\n\n<p>Mar\u00e1th\u0161tina je tak\u00e9 zn\u00e1m\u00e1 <strong>svou rozmanitost\u00ed z\u00e1jmen.<\/strong> Mar\u00e1th\u0161tina m\u00e1 mnoho osobn\u00edch, ukazovac\u00edch, t\u00e1zac\u00edch a zvratn\u00fdch z\u00e1jmen, z nich\u017e ka\u017ed\u00e9 m\u00e1 sv\u00e9 p\u0159\u00edslu\u0161n\u00e9 sklo\u0148ovac\u00ed vzory. Na prvn\u00ed pohled se to m\u016f\u017ee zd\u00e1t skli\u010duj\u00edc\u00ed, ale kdy\u017e se pono\u0159\u00edte hloub\u011bji do jazyka, ocen\u00edte bezkonkuren\u010dn\u00ed p\u0159esnost, kterou <a href=\"https:\/\/talkpal.ai\/marathi-grammar\/\">mar\u00e1thsk\u00e1 gramatika<\/a> nab\u00edz\u00ed.<\/p>\n\n\n\n<p>Dal\u0161\u00ed zaj\u00edmav\u00fd aspekt mar\u00e1thsk\u00e9 gramatiky spo\u010d\u00edv\u00e1 v <strong>uspo\u0159\u00e1d\u00e1n\u00ed slov ve v\u011bt\u011b<\/strong>. Slovosled v mar\u00e1th\u0161tin\u011b se obecn\u011b \u0159\u00edd\u00ed strukturou podm\u011bt-objekt-sloveso (SOV), podobn\u011b jako v jin\u00fdch indo\u00e1rijsk\u00fdch jazyc\u00edch. Tato struktura obvykle umis\u0165uje sloveso na konec v\u011bty, co\u017e m\u016f\u017ee b\u00fdt pro <a href=\"https:\/\/talkpal.ai\/english-speaking-course\/\">anglicky mluv\u00edc\u00ed<\/a> zpo\u010d\u00e1tku n\u00e1ro\u010dn\u00e9.<\/p>\n\n\n\n<p>Kdy\u017e se pono\u0159\u00edte do <strong>mar\u00e1thsk\u00e9 fonetiky<\/strong>, naraz\u00edte na fascinuj\u00edc\u00ed \u0161k\u00e1lu zvuk\u016f, kter\u00e9 se vyslovuj\u00ed prost\u0159ednictv\u00edm 16 samohl\u00e1sek (swar) a 36 souhl\u00e1sek (vyanjan). P\u00edsmo d\u00e9van\u00e1gar\u00ed, kter\u00e9 mar\u00e1th\u0161tina pou\u017e\u00edv\u00e1, dod\u00e1v\u00e1 tomuto ji\u017e tak podmaniv\u00e9mu jazyku dal\u0161\u00ed kouzlo.  <\/p>\n\n\n\n<p>Nau\u010dit se mar\u00e1thskou gramatiku s nes\u010detn\u00fdmi pravidly a slo\u017eitostmi m\u016f\u017ee b\u00fdt zpo\u010d\u00e1tku nepochybn\u011b skli\u010duj\u00edc\u00ed \u00fakol. Tato v\u00fdzva je v\u0161ak tak\u00e9 to, co ji \u010din\u00ed v\u00fdjime\u010dn\u011b stimuluj\u00edc\u00ed a pot\u011b\u0161uj\u00edc\u00ed. Kdy\u017e se pono\u0159\u00edte do okouzluj\u00edc\u00edho sv\u011bta mar\u00e1thsk\u00e9 gramatiky, odhal\u00edte nejen fungov\u00e1n\u00ed jazyka, ale tak\u00e9 hloub\u011bji porozum\u00edte kultu\u0159e, historii a moudrosti, kterou zt\u011bles\u0148uje.<\/p>\n\n\n\n<p>Pro\u010d se tedy nevydat na toto lingvistick\u00e9 dobrodru\u017estv\u00ed, abyste prozkoumali sv\u016fdn\u00e9 hlubiny mar\u00e1thsk\u00e9 gramatiky a odhalili jej\u00ed nes\u010detn\u00e1 tajemstv\u00ed a nuance, kter\u00e9 \u010dekaj\u00ed na zvl\u00e1dnut\u00ed? Radost z u\u010den\u00ed a pot\u011b\u0161en\u00ed z pochopen\u00ed jemnost\u00ed mar\u00e1thsk\u00e9 gramatiky jsou vzd\u00e1leny jen p\u00e1r okam\u017eik\u016f!<\/p>\n<\/div><\/div>\n\r\n<section class=\"learnNavigationSection\">\r\n            \r\n        <a href=\"https:\/\/talkpal.ai\/cs\/naucte-se-marathsky\/\">\r\n            <div class=\"learnNavigationWrapper\">\r\n                <div class=\"learnNavigationContent\">\r\n                    <img decoding=\"async\" src=\"https:\/\/talkpal.ai\/wp-content\/uploads\/2023\/05\/Marathi-india.png\" alt=\"TalkPal Marathi Flag\">\r\n                    <div>\r\n                        <h4>O u\u010den\u00ed mar\u00e1th\u0161tiny<\/h4>\r\n                        <p>Zjist\u011bte v\u0161e o mar\u00e1thsk\u00e9 gramatice.<\/p>\r\n                    <\/div>\r\n                <\/div>\r\n            <\/div>\r\n        <\/a>\r\n\r\n        \r\n        <a href=\"https:\/\/talkpal.ai\/cs\/cviceni-na-marathskou-gramatiku\/\">\r\n            <div class=\"learnNavigationWrapper\">\r\n                <div class=\"learnNavigationContent\">\r\n                    <img decoding=\"async\" src=\"https:\/\/talkpal.ai\/wp-content\/uploads\/2023\/05\/Marathi-india.png\" alt=\"TalkPal Marathi Flag\">\r\n                    <div>\r\n                        <h4>Cvi\u010den\u00ed z mar\u00e1thsk\u00e9 gramatiky<\/h4>\r\n                        <p>Procvi\u010dte si mar\u00e1thskou gramatiku.<\/p>\r\n                    <\/div>\r\n                <\/div>\r\n            <\/div>\r\n        <\/a>\r\n\r\n        \r\n        <a href=\"https:\/\/talkpal.ai\/vocabulary_language\/marathi\/\">\r\n            <div class=\"learnNavigationWrapper\">\r\n                <div class=\"learnNavigationContent\">\r\n                    <img decoding=\"async\" src=\"https:\/\/talkpal.ai\/wp-content\/uploads\/2023\/05\/Marathi-india.png\" alt=\"TalkPal Marathi Flag\">\r\n                    <div>\r\n                        <h4>Slovn\u00ed z\u00e1soba mar\u00e1th\u0161tiny<\/h4>\r\n                        <p>Roz\u0161i\u0159te si slovn\u00ed z\u00e1sobu mar\u00e1th\u0161tiny.<\/p>\r\n                    <\/div>\r\n                <\/div>\r\n            <\/div>\r\n        <\/a>\r\n\r\n            <\/section>","protected":false},"excerpt":{"rendered":"<p>P\u016fvab mar\u00e1thsk\u00e9 gramatiky: Odhalen\u00ed jej\u00edch tajemstv\u00ed a slo\u017eitost\u00ed Vzpom\u00edn\u00e1te si na matouc\u00ed cestu u\u010den\u00ed anglick\u00e9 gramatiky, zat\u00ed\u017eenou slo\u017eit\u00fdmi pravidly, v\u00fdjimkami a slo\u017eitou terminologi\u00ed? Pokud nyn\u00ed uva\u017eujete o v\u00fduce mar\u00e1th\u0161tiny, p\u0159ipravte se na stejn\u011b poutav\u00e9 zkoum\u00e1n\u00ed mar\u00e1thsk\u00e9 gramatiky. Mar\u00e1th\u0161tina, indo\u00e1rijsk\u00fd jazyk, kter\u00fdm se mluv\u00ed p\u0159ev\u00e1\u017en\u011b v indick\u00e9m st\u00e1t\u011b Mah\u00e1r\u00e1\u0161tra, se m\u016f\u017ee pochlubit bohatou tradic\u00ed a jedine\u010dn\u00fdmi [&hellip;]<\/p>\n","protected":false},"author":1,"featured_media":116373,"parent":0,"menu_order":0,"comment_status":"closed","ping_status":"closed","template":"LearningContentPage.php","meta":{"_acf_changed":false,"footnotes":""},"class_list":["post-147522","page","type-page","status-publish","has-post-thumbnail","hentry"],"acf":[],"yoast_head":"<!-- This site is optimized with the Yoast SEO Premium plugin v27.2 (Yoast SEO v27.2) - https:\/\/yoast.com\/product\/yoast-seo-premium-wordpress\/ -->\n<title>Mar\u00e1thsk\u00e1 gramatika - Talkpal<\/title>\n<meta name=\"description\" content=\"Prozkoumejte fascinuj\u00edc\u00ed sv\u011bt mar\u00e1thsk\u00e9 gramatiky a objevte jej\u00ed jedine\u010dn\u00e1 pravidla, fonetiku a sklo\u0148ov\u00e1n\u00ed p\u0159i u\u010den\u00ed jazyka.\" \/>\n<meta name=\"robots\" content=\"index, follow, max-snippet:-1, max-image-preview:large, max-video-preview:-1\" \/>\n<link rel=\"canonical\" href=\"https:\/\/talkpal.ai\/cs\/marathska-gramatika\/\" \/>\n<meta property=\"og:locale\" content=\"cs_CZ\" \/>\n<meta property=\"og:type\" content=\"article\" \/>\n<meta property=\"og:title\" content=\"Mar\u00e1thsk\u00e1 gramatika\" \/>\n<meta property=\"og:description\" content=\"P\u016fvab mar\u00e1thsk\u00e9 gramatiky: Odhalen\u00ed jej\u00edch tajemstv\u00ed a slo\u017eitost\u00ed Vzpom\u00edn\u00e1te si na matouc\u00ed cestu u\u010den\u00ed anglick\u00e9 gramatiky, zat\u00ed\u017eenou slo\u017eit\u00fdmi pravidly,\" \/>\n<meta property=\"og:url\" content=\"https:\/\/talkpal.ai\/cs\/marathska-gramatika\/\" \/>\n<meta property=\"og:site_name\" content=\"Talkpal\" \/>\n<meta property=\"article:publisher\" content=\"https:\/\/www.facebook.com\/profile.php?id=100090733639311\" \/>\n<meta property=\"article:modified_time\" content=\"2025-12-12T10:38:04+00:00\" \/>\n<meta property=\"og:image\" content=\"https:\/\/talkpal.ai\/wp-content\/uploads\/2023\/05\/Marathi-india.png\" \/>\n\t<meta property=\"og:image:width\" content=\"512\" \/>\n\t<meta property=\"og:image:height\" content=\"512\" \/>\n\t<meta property=\"og:image:type\" content=\"image\/png\" \/>\n<meta name=\"twitter:card\" content=\"summary_large_image\" \/>\n<meta name=\"twitter:site\" content=\"@talkpalai\" \/>\n<meta name=\"twitter:label1\" content=\"Odhadovan\u00e1 doba \u010dten\u00ed\" \/>\n\t<meta name=\"twitter:data1\" content=\"3 minuty\" \/>\n<script type=\"application\/ld+json\" class=\"yoast-schema-graph\">{\"@context\":\"https:\/\/schema.org\",\"@graph\":[{\"@type\":\"WebPage\",\"@id\":\"https:\/\/talkpal.ai\/cs\/marathska-gramatika\/\",\"url\":\"https:\/\/talkpal.ai\/cs\/marathska-gramatika\/\",\"name\":\"Mar\u00e1thsk\u00e1 gramatika - Talkpal\",\"isPartOf\":{\"@id\":\"https:\/\/talkpal.ai\/cs\/#website\"},\"primaryImageOfPage\":{\"@id\":\"https:\/\/talkpal.ai\/cs\/marathska-gramatika\/#primaryimage\"},\"image\":{\"@id\":\"https:\/\/talkpal.ai\/cs\/marathska-gramatika\/#primaryimage\"},\"thumbnailUrl\":\"https:\/\/talkpal.ai\/wp-content\/uploads\/2023\/05\/Marathi-india.png\",\"datePublished\":\"2023-05-14T14:12:07+00:00\",\"dateModified\":\"2025-12-12T10:38:04+00:00\",\"description\":\"Prozkoumejte fascinuj\u00edc\u00ed sv\u011bt mar\u00e1thsk\u00e9 gramatiky a objevte jej\u00ed jedine\u010dn\u00e1 pravidla, fonetiku a sklo\u0148ov\u00e1n\u00ed p\u0159i u\u010den\u00ed jazyka.\",\"breadcrumb\":{\"@id\":\"https:\/\/talkpal.ai\/cs\/marathska-gramatika\/#breadcrumb\"},\"inLanguage\":\"cs\",\"potentialAction\":[{\"@type\":\"ReadAction\",\"target\":[\"https:\/\/talkpal.ai\/cs\/marathska-gramatika\/\"]}]},{\"@type\":\"ImageObject\",\"inLanguage\":\"cs\",\"@id\":\"https:\/\/talkpal.ai\/cs\/marathska-gramatika\/#primaryimage\",\"url\":\"https:\/\/talkpal.ai\/wp-content\/uploads\/2023\/05\/Marathi-india.png\",\"contentUrl\":\"https:\/\/talkpal.ai\/wp-content\/uploads\/2023\/05\/Marathi-india.png\",\"width\":512,\"height\":512},{\"@type\":\"BreadcrumbList\",\"@id\":\"https:\/\/talkpal.ai\/cs\/marathska-gramatika\/#breadcrumb\",\"itemListElement\":[{\"@type\":\"ListItem\",\"position\":1,\"name\":\"Homepage\",\"item\":\"https:\/\/talkpal.ai\/cs\/\"},{\"@type\":\"ListItem\",\"position\":2,\"name\":\"Mar\u00e1thsk\u00e1 gramatika\"}]},{\"@type\":\"WebSite\",\"@id\":\"https:\/\/talkpal.ai\/cs\/#website\",\"url\":\"https:\/\/talkpal.ai\/cs\/\",\"name\":\"Talkpal\",\"description\":\"AI Language Learning\",\"publisher\":{\"@id\":\"https:\/\/talkpal.ai\/cs\/#organization\"},\"alternateName\":\"Talkpal AI\",\"potentialAction\":[{\"@type\":\"SearchAction\",\"target\":{\"@type\":\"EntryPoint\",\"urlTemplate\":\"https:\/\/talkpal.ai\/cs\/?s={search_term_string}\"},\"query-input\":{\"@type\":\"PropertyValueSpecification\",\"valueRequired\":true,\"valueName\":\"search_term_string\"}}],\"inLanguage\":\"cs\"},{\"@type\":\"Organization\",\"@id\":\"https:\/\/talkpal.ai\/cs\/#organization\",\"name\":\"Talkpal, Inc.\",\"alternateName\":\"Talkpal AI\",\"url\":\"https:\/\/talkpal.ai\/cs\/\",\"logo\":{\"@type\":\"ImageObject\",\"inLanguage\":\"cs\",\"@id\":\"https:\/\/talkpal.ai\/cs\/#\/schema\/logo\/image\/\",\"url\":\"https:\/\/talkpal.ai\/wp-content\/uploads\/2024\/03\/Talkpal-Logo-Icon.png\",\"contentUrl\":\"https:\/\/talkpal.ai\/wp-content\/uploads\/2024\/03\/Talkpal-Logo-Icon.png\",\"width\":2880,\"height\":2880,\"caption\":\"Talkpal, Inc.\"},\"image\":{\"@id\":\"https:\/\/talkpal.ai\/cs\/#\/schema\/logo\/image\/\"},\"sameAs\":[\"https:\/\/www.facebook.com\/profile.php?id=100090733639311\",\"https:\/\/x.com\/talkpalai\",\"https:\/\/www.linkedin.com\/company\/talkpal\/\",\"https:\/\/www.youtube.com\/@TalkPal\/\",\"https:\/\/www.tiktok.com\/@talkpal\",\"https:\/\/www.instagram.com\/talkpal_ai\/\",\"https:\/\/www.crunchbase.com\/organization\/talkpal-9cde\",\"https:\/\/www.g2.com\/products\/talkpal-for-business\/\",\"https:\/\/www.trustpilot.com\/review\/talkpal.ai\",\"https:\/\/www.capterra.com\/p\/10006800\/TalkPal\/\"],\"description\":\"Talkpal is a language learning web and mobile education app, powered by the latest AI technologies, that provides engaging experiences to its customers in many different languages to help them improve their language skills. Users can chat about unlimited amount of topics with the app and use other modes to practice their language learning.\",\"email\":\"support@talkpal.ai\",\"legalName\":\"Talkpal, Inc.\",\"foundingDate\":\"2023-04-03\",\"duns\":\"118989042\",\"numberOfEmployees\":{\"@type\":\"QuantitativeValue\",\"minValue\":\"11\",\"maxValue\":\"50\"},\"publishingPrinciples\":\"https:\/\/talkpal.ai\/publishing-principles\/\",\"actionableFeedbackPolicy\":\"https:\/\/talkpal.ai\/actionable-feedback-policy\/\",\"correctionsPolicy\":\"https:\/\/talkpal.ai\/corrections-policy\/\",\"ethicsPolicy\":\"https:\/\/talkpal.ai\/ethics-policy\/\",\"diversityPolicy\":\"https:\/\/talkpal.ai\/diversity-policy\/\",\"diversityStaffingReport\":\"https:\/\/talkpal.ai\/diversity-policy\/\"}]}<\/script>\n<!-- \/ Yoast SEO Premium plugin. -->","yoast_head_json":{"title":"Mar\u00e1thsk\u00e1 gramatika - Talkpal","description":"Prozkoumejte fascinuj\u00edc\u00ed sv\u011bt mar\u00e1thsk\u00e9 gramatiky a objevte jej\u00ed jedine\u010dn\u00e1 pravidla, fonetiku a sklo\u0148ov\u00e1n\u00ed p\u0159i u\u010den\u00ed jazyka.","robots":{"index":"index","follow":"follow","max-snippet":"max-snippet:-1","max-image-preview":"max-image-preview:large","max-video-preview":"max-video-preview:-1"},"canonical":"https:\/\/talkpal.ai\/cs\/marathska-gramatika\/","og_locale":"cs_CZ","og_type":"article","og_title":"Mar\u00e1thsk\u00e1 gramatika","og_description":"P\u016fvab mar\u00e1thsk\u00e9 gramatiky: Odhalen\u00ed jej\u00edch tajemstv\u00ed a slo\u017eitost\u00ed Vzpom\u00edn\u00e1te si na matouc\u00ed cestu u\u010den\u00ed anglick\u00e9 gramatiky, zat\u00ed\u017eenou slo\u017eit\u00fdmi pravidly,","og_url":"https:\/\/talkpal.ai\/cs\/marathska-gramatika\/","og_site_name":"Talkpal","article_publisher":"https:\/\/www.facebook.com\/profile.php?id=100090733639311","article_modified_time":"2025-12-12T10:38:04+00:00","og_image":[{"width":512,"height":512,"url":"https:\/\/talkpal.ai\/wp-content\/uploads\/2023\/05\/Marathi-india.png","type":"image\/png"}],"twitter_card":"summary_large_image","twitter_site":"@talkpalai","twitter_misc":{"Odhadovan\u00e1 doba \u010dten\u00ed":"3 minuty"},"schema":{"@context":"https:\/\/schema.org","@graph":[{"@type":"WebPage","@id":"https:\/\/talkpal.ai\/cs\/marathska-gramatika\/","url":"https:\/\/talkpal.ai\/cs\/marathska-gramatika\/","name":"Mar\u00e1thsk\u00e1 gramatika - Talkpal","isPartOf":{"@id":"https:\/\/talkpal.ai\/cs\/#website"},"primaryImageOfPage":{"@id":"https:\/\/talkpal.ai\/cs\/marathska-gramatika\/#primaryimage"},"image":{"@id":"https:\/\/talkpal.ai\/cs\/marathska-gramatika\/#primaryimage"},"thumbnailUrl":"https:\/\/talkpal.ai\/wp-content\/uploads\/2023\/05\/Marathi-india.png","datePublished":"2023-05-14T14:12:07+00:00","dateModified":"2025-12-12T10:38:04+00:00","description":"Prozkoumejte fascinuj\u00edc\u00ed sv\u011bt mar\u00e1thsk\u00e9 gramatiky a objevte jej\u00ed jedine\u010dn\u00e1 pravidla, fonetiku a sklo\u0148ov\u00e1n\u00ed p\u0159i u\u010den\u00ed jazyka.","breadcrumb":{"@id":"https:\/\/talkpal.ai\/cs\/marathska-gramatika\/#breadcrumb"},"inLanguage":"cs","potentialAction":[{"@type":"ReadAction","target":["https:\/\/talkpal.ai\/cs\/marathska-gramatika\/"]}]},{"@type":"ImageObject","inLanguage":"cs","@id":"https:\/\/talkpal.ai\/cs\/marathska-gramatika\/#primaryimage","url":"https:\/\/talkpal.ai\/wp-content\/uploads\/2023\/05\/Marathi-india.png","contentUrl":"https:\/\/talkpal.ai\/wp-content\/uploads\/2023\/05\/Marathi-india.png","width":512,"height":512},{"@type":"BreadcrumbList","@id":"https:\/\/talkpal.ai\/cs\/marathska-gramatika\/#breadcrumb","itemListElement":[{"@type":"ListItem","position":1,"name":"Homepage","item":"https:\/\/talkpal.ai\/cs\/"},{"@type":"ListItem","position":2,"name":"Mar\u00e1thsk\u00e1 gramatika"}]},{"@type":"WebSite","@id":"https:\/\/talkpal.ai\/cs\/#website","url":"https:\/\/talkpal.ai\/cs\/","name":"Talkpal","description":"AI Language Learning","publisher":{"@id":"https:\/\/talkpal.ai\/cs\/#organization"},"alternateName":"Talkpal AI","potentialAction":[{"@type":"SearchAction","target":{"@type":"EntryPoint","urlTemplate":"https:\/\/talkpal.ai\/cs\/?s={search_term_string}"},"query-input":{"@type":"PropertyValueSpecification","valueRequired":true,"valueName":"search_term_string"}}],"inLanguage":"cs"},{"@type":"Organization","@id":"https:\/\/talkpal.ai\/cs\/#organization","name":"Talkpal, Inc.","alternateName":"Talkpal AI","url":"https:\/\/talkpal.ai\/cs\/","logo":{"@type":"ImageObject","inLanguage":"cs","@id":"https:\/\/talkpal.ai\/cs\/#\/schema\/logo\/image\/","url":"https:\/\/talkpal.ai\/wp-content\/uploads\/2024\/03\/Talkpal-Logo-Icon.png","contentUrl":"https:\/\/talkpal.ai\/wp-content\/uploads\/2024\/03\/Talkpal-Logo-Icon.png","width":2880,"height":2880,"caption":"Talkpal, Inc."},"image":{"@id":"https:\/\/talkpal.ai\/cs\/#\/schema\/logo\/image\/"},"sameAs":["https:\/\/www.facebook.com\/profile.php?id=100090733639311","https:\/\/x.com\/talkpalai","https:\/\/www.linkedin.com\/company\/talkpal\/","https:\/\/www.youtube.com\/@TalkPal\/","https:\/\/www.tiktok.com\/@talkpal","https:\/\/www.instagram.com\/talkpal_ai\/","https:\/\/www.crunchbase.com\/organization\/talkpal-9cde","https:\/\/www.g2.com\/products\/talkpal-for-business\/","https:\/\/www.trustpilot.com\/review\/talkpal.ai","https:\/\/www.capterra.com\/p\/10006800\/TalkPal\/"],"description":"Talkpal is a language learning web and mobile education app, powered by the latest AI technologies, that provides engaging experiences to its customers in many different languages to help them improve their language skills. Users can chat about unlimited amount of topics with the app and use other modes to practice their language learning.","email":"support@talkpal.ai","legalName":"Talkpal, Inc.","foundingDate":"2023-04-03","duns":"118989042","numberOfEmployees":{"@type":"QuantitativeValue","minValue":"11","maxValue":"50"},"publishingPrinciples":"https:\/\/talkpal.ai\/publishing-principles\/","actionableFeedbackPolicy":"https:\/\/talkpal.ai\/actionable-feedback-policy\/","correctionsPolicy":"https:\/\/talkpal.ai\/corrections-policy\/","ethicsPolicy":"https:\/\/talkpal.ai\/ethics-policy\/","diversityPolicy":"https:\/\/talkpal.ai\/diversity-policy\/","diversityStaffingReport":"https:\/\/talkpal.ai\/diversity-policy\/"}]}},"_links":{"self":[{"href":"https:\/\/talkpal.ai\/cs\/wp-json\/wp\/v2\/pages\/147522","targetHints":{"allow":["GET"]}}],"collection":[{"href":"https:\/\/talkpal.ai\/cs\/wp-json\/wp\/v2\/pages"}],"about":[{"href":"https:\/\/talkpal.ai\/cs\/wp-json\/wp\/v2\/types\/page"}],"author":[{"embeddable":true,"href":"https:\/\/talkpal.ai\/cs\/wp-json\/wp\/v2\/users\/1"}],"replies":[{"embeddable":true,"href":"https:\/\/talkpal.ai\/cs\/wp-json\/wp\/v2\/comments?post=147522"}],"version-history":[{"count":0,"href":"https:\/\/talkpal.ai\/cs\/wp-json\/wp\/v2\/pages\/147522\/revisions"}],"wp:featuredmedia":[{"embeddable":true,"href":"https:\/\/talkpal.ai\/cs\/wp-json\/wp\/v2\/media\/116373"}],"wp:attachment":[{"href":"https:\/\/talkpal.ai\/cs\/wp-json\/wp\/v2\/media?parent=147522"}],"curies":[{"name":"wp","href":"https:\/\/api.w.org\/{rel}","templated":true}]}}