{"id":147204,"date":"2023-05-14T14:11:47","date_gmt":"2023-05-14T14:11:47","guid":{"rendered":"http:\/\/talkpal.ai\/malajska-gramatika\/"},"modified":"2025-12-17T16:41:33","modified_gmt":"2025-12-17T16:41:33","slug":"malajska-gramatika","status":"publish","type":"page","link":"https:\/\/talkpal.ai\/cs\/malajska-gramatika\/","title":{"rendered":"Malajsk\u00e1 gramatika"},"content":{"rendered":"\r\n\r\n\r\n<section class=\"languageChallengeSection\">\r\n    <div class=\"languageInfoWrapper\">\r\n        \r\n        <h1>Malajsk\u00e1 gramatika<\/h1>\r\n        <p>Zaj\u00edm\u00e1 v\u00e1s, jak se nau\u010dit malajsky? Pono\u0159te se do malajsk\u00e9 gramatiky, kter\u00e1 je zn\u00e1m\u00e1 sv\u00fdmi jednoduch\u00fdmi pravidly, absenc\u00ed slovesn\u00e9 konjugace a pou\u017e\u00edv\u00e1n\u00edm afix\u016f k vytv\u00e1\u0159en\u00ed v\u00fdznamu. Za\u010dn\u011bte je\u0161t\u011b dnes &#8211; zvl\u00e1dnut\u00ed malajsk\u00e9 gramatiky v\u00e1m dod\u00e1 sebed\u016fv\u011bru pro snadnou komunikaci a otev\u0159e v\u00e1m dve\u0159e do rozmanit\u00fdch a dynamick\u00fdch kultur jihov\u00fdchodn\u00ed Asie!<\/p>\r\n\r\n                            <a class=\"getStartedHidden\" href=\"https:\/\/app.talkpal.ai\/cs\/signup?lng=\">Za\u010dni<\/a>\r\n        \r\n    <\/div>\r\n\r\n    <figure>\r\n    <img decoding=\"async\" width=\"768\" height=\"768\" src=\"https:\/\/talkpal.ai\/wp-content\/uploads\/2023\/06\/malay-768x768.png\" class=\"languageImage no-lazy\" alt=\"Language learning for personal accomplishments\" fetchpriority=\"high\" sizes=\"(max-width: 768px) 150px, 768px\" srcset=\"https:\/\/talkpal.ai\/wp-content\/uploads\/2023\/06\/malay-768x768.png 768w, https:\/\/talkpal.ai\/wp-content\/uploads\/2023\/06\/malay-300x300.png 300w\" \/>\r\n    \r\n\r\n    <\/figure>\r\n\r\n            <a class=\"getStartedVisible\" href=\"https:\/\/app.talkpal.ai\/cs\/signup?lng=\">Za\u010dni<\/a>\r\n    \r\n<\/section>\r\n<section class=\"promotionalBanner\">\r\n    <p class=\"promotionalText\">Nejefektivn\u011bj\u0161\u00ed zp\u016fsob, jak se nau\u010dit jazyk<\/p>\r\n    <a class=\"promotionalLink\" href=\"https:\/\/app.talkpal.ai\/cs\/signup?lng=\">Vyzkou\u0161ejte Talkpal zdarma<\/a>\r\n<\/section>\n<div class=\"wp-block-group pageContainerStyle\"><div class=\"wp-block-group__inner-container is-layout-constrained wp-block-group-is-layout-constrained\">\n<h2 class=\"wp-block-heading\" id=\"h-malay-grammar-exploring-the-richness-of-bahasa-melayu\">Malajsk\u00e1 gramatika: Zkoum\u00e1n\u00ed bohatstv\u00ed Bahasa Melayu<\/h2>\n\n\n\n<p><a href=\"https:\/\/talkpal.ai\/learn-malay\/\">Malaj\u0161tina<\/a> neboli <a href=\"https:\/\/talkpal.ai\/ms\/belajar-bahasa-melayu\/\">bahasa melayu<\/a> pat\u0159\u00ed k nejpou\u017e\u00edvan\u011bj\u0161\u00edm jazyk\u016fm na sv\u011bt\u011b a spojuje rozmanit\u00e9 n\u00e1rody Malajsie, Indon\u00e9sie, Bruneje a Singapuru. Kdy\u017e se za\u010dnete u\u010dit malaj\u0161tinu, rychle objev\u00edte kr\u00e1su jej\u00ed gramatiky a rozv\u00edjej\u00edc\u00ed se jazykov\u00e9 krajiny. Tento \u010dl\u00e1nek si klade za c\u00edl sezn\u00e1mit v\u00e1s se z\u00e1kladn\u00edmi principy malajsk\u00e9 gramatiky a v\u00e9st v\u00e1s k lep\u0161\u00edmu pochopen\u00ed a ocen\u011bn\u00ed tohoto v\u0161estrann\u00e9ho jazyka.<\/p>\n\n\n\n<h3 class=\"wp-block-heading\" id=\"h-1-nouns-simplicity-rules\">1. Podstatn\u00e1 jm\u00e9na \u2013 pravidla jednoduchosti<\/h3>\n\n\n\n<p>Na rozd\u00edl od jin\u00fdch jazyk\u016f neobsahuje <a href=\"https:\/\/talkpal.ai\/malay-grammar\/\">malajsk\u00e1 gramatika<\/a> deklinace ani rodovou klasifikaci podstatn\u00fdch jmen. M\u00edsto toho pou\u017eit\u00ed podstatn\u00fdch jmen klade velk\u00fd d\u016fraz na jednoduchost. Mno\u017en\u00e9 \u010d\u00edslo podstatn\u00fdch jmen vznik\u00e1 jejich pouh\u00fdm duplikov\u00e1n\u00edm. Zn\u00ed to jednodu\u0161e, \u017ee? Nap\u0159\u00edklad slovo &#8222;jablko&#8220; je &#8222;buah epal&#8220;, tak\u017ee &#8222;jablka&#8220; je &#8222;buah-buah epal&#8220;. Duplicitu m\u016f\u017eete vypustit v neform\u00e1ln\u00ed \u0159e\u010di.<\/p>\n\n\n\n<h3 class=\"wp-block-heading\" id=\"h-2-adjectives-straightforward-descriptions\">2. P\u0159\u00eddavn\u00e1 jm\u00e9na \u2013 p\u0159\u00edmo\u010dar\u00e9 popisy<\/h3>\n\n\n\n<p>Malajsk\u00e1 p\u0159\u00eddavn\u00e1 jm\u00e9na se nem\u011bn\u00ed bez ohledu na podstatn\u00e9 jm\u00e9no, kter\u00e9 popisuj\u00ed, tak\u017ee jejich pou\u017e\u00edv\u00e1n\u00ed je neuv\u011b\u0159iteln\u011b snadn\u00e9 &#8211; dal\u0161\u00ed d\u016fkaz jednoduchosti jazyka. Um\u00edst\u011bn\u00ed p\u0159\u00eddavn\u00fdch jmen n\u00e1sleduje po podstatn\u00e9m jm\u00e9nu, co\u017e vytv\u00e1\u0159\u00ed p\u0159\u00edjemn\u00fd tok ve v\u011bt\u00e1ch. Nap\u0159\u00edklad &#8222;velk\u00fd d\u016fm&#8220; je &#8222;rumah besar&#8220;, p\u0159i\u010dem\u017e &#8222;rumah&#8220; znamen\u00e1 &#8222;d\u016fm&#8220; a &#8222;besar&#8220; znamen\u00e1 &#8222;velk\u00fd&#8220;.<\/p>\n\n\n\n<h3 class=\"wp-block-heading\" id=\"h-3-verbs-the-magic-of-prefixes-and-suffixes\">3. Slovesa \u2013 kouzlo p\u0159edpon a p\u0159\u00edpon<\/h3>\n\n\n\n<p>Malajsk\u00e1 slovesa se vyzna\u010duj\u00ed v\u0161estrannost\u00ed, kter\u00e1 je vzru\u0161uj\u00edc\u00ed i jednoduch\u00e1. V <a href=\"https:\/\/talkpal.ai\/ms\/belajar-bahasa-melayu\/\">bahasa melayu<\/a> se \u010dasy nevyjad\u0159uj\u00ed explicitn\u011b pomoc\u00ed slovesn\u00fdch tvar\u016f, ale pomoc\u00ed kontextu nebo \u010dasov\u00fdch zna\u010dek. Krom\u011b toho malaj\u0161tina hojn\u011b pou\u017e\u00edv\u00e1 p\u0159edpony a p\u0159\u00edpony k vyj\u00e1d\u0159en\u00ed r\u016fzn\u00fdch slovesn\u00fdch aspekt\u016f.<\/p>\n\n\n\n<p>Existuj\u00ed t\u0159i z\u00e1kladn\u00ed p\u0159edpony: &#8222;meN-&#8222;, &#8222;ber-&#8220; a &#8222;ter-&#8222;. P\u0159edpona &#8222;meN-&#8220; m\u00e1 \u0161irokou \u0161k\u00e1lu pou\u017eit\u00ed, v\u010detn\u011b tvo\u0159en\u00ed aktivn\u00edch sloves a ozna\u010dov\u00e1n\u00ed p\u0159\u00ed\u010dinn\u00fdch d\u011bj\u016f. Mezit\u00edm &#8222;ber-&#8220; ozna\u010duje intranzitivn\u00ed d\u011bje a &#8222;ter-&#8220; ozna\u010duje n\u00e1hodn\u00e9 ud\u00e1losti nebo pasivn\u00ed d\u011bje. Je d\u016fle\u017eit\u00e9 si uv\u011bdomit, \u017ee ka\u017ed\u00e1 p\u0159edpona m\u016f\u017ee vyvolat drobn\u00e9 pravopisn\u00e9 zm\u011bny z\u00e1kladn\u00edho slovesa.<\/p>\n\n\n\n<p>Sufixy, jako je &#8222;-kan&#8220; a &#8222;-i&#8220;, napom\u00e1haj\u00ed dal\u0161\u00edmu zp\u0159esn\u011bn\u00ed, zat\u00edmco infix &#8222;-el-&#8220; dod\u00e1v\u00e1 z\u00e1kladn\u00edmu slovesu intenzitu.<\/p>\n\n\n\n<h3 class=\"wp-block-heading\" id=\"h-4-prepositions-amp-particles-adding-flavor-to-sentences\">4. P\u0159edlo\u017eky a \u010d\u00e1stice \u2013 Ochutnejte v\u011bty<\/h3>\n\n\n\n<p>P\u0159edlo\u017eky a \u010d\u00e1stice hraj\u00ed v malajsk\u00e9 gramatice z\u00e1sadn\u00ed roli, p\u016fsob\u00ed jako lingvistick\u00e9 lepidlo a poskytuj\u00ed z\u00e1kladn\u00ed kontext. P\u0159edlo\u017eky, jako jsou &#8222;di&#8220; (na), &#8222;ke&#8220; (do) a &#8222;dari&#8220; (od), pom\u00e1haj\u00ed vytv\u00e1\u0159et vztahy mezi slovy. Na druh\u00e9 stran\u011b se \u010d\u00e1stice jako &#8222;lah&#8220;, &#8222;kah&#8220; a &#8222;pun&#8220; pou\u017e\u00edvaj\u00ed k p\u0159id\u00e1n\u00ed d\u016frazu, emoc\u00ed a otazn\u00edk\u016f do v\u011bt.<\/p>\n\n\n\n<p>Nap\u0159\u00edklad v\u011bta &#8222;Kamu pergi sana&#8220;, kter\u00e1 znamen\u00e1 &#8222;Jde\u0161 tam&#8220;, se stane d\u016frazn\u011bj\u0161\u00ed, kdy\u017e na konec p\u0159id\u00e1te &#8222;lah&#8220;: &#8222;Kamu pergi sana lah&#8220;. Nyn\u00ed to znamen\u00e1 &#8222;Jdi tam (pr\u00e1v\u011b te\u010f)&#8220;.<\/p>\n\n\n\n<h3 class=\"wp-block-heading\" id=\"h-5-embracing-the-journey\">5. P\u0159ijet\u00ed cesty<\/h3>\n\n\n\n<p>I kdy\u017e se <a href=\"https:\/\/talkpal.ai\/malay-grammar\/\">malajsk\u00e1 gramatika<\/a> m\u016f\u017ee zd\u00e1t ve srovn\u00e1n\u00ed s jin\u00fdmi <a href=\"https:\/\/talkpal.ai\/what-language-is-spoken-on-the-international-space-station\/\">jazyky<\/a> p\u0159\u00edmo\u010dar\u00e1, jej\u00ed kr\u00e1sa spo\u010d\u00edv\u00e1 v bohatosti a rozmanitosti v\u00fdraz\u016f dosa\u017een\u00fdch jednoduch\u00fdmi pravidly. <a href=\"https:\/\/talkpal.ai\/learning-languages-easy-with-ai\/\">Snadn\u00e9 u\u010den\u00ed<\/a> malajsk\u00e9 gramatiky v\u00e1m umo\u017en\u00ed efektivn\u011bji se zapojit do rozmanit\u00e9ho malajsky mluv\u00edc\u00edho sv\u011bta a pono\u0159it se do jeho jedine\u010dn\u00e9 kultury.<\/p>\n\n\n\n<p>Ne\u017e se po hlav\u011b vrhnete do sv\u011bta Bahasa <a href=\"https:\/\/talkpal.ai\/learn-malay\/\">Melayu<\/a>, nezapome\u0148te, \u017ee cesta nemus\u00ed b\u00fdt v\u017edy hladk\u00e1. M\u011bjte otev\u0159enou mysl, komunikujte s rodil\u00fdmi mluv\u010d\u00edmi, a co je nejd\u016fle\u017eit\u011bj\u0161\u00ed, vychutnejte si z\u00e1\u017eitek z objevov\u00e1n\u00ed nuanc\u00ed v tomto kr\u00e1sn\u00e9m jazyce. Selamat belajar \u2013 \u0161\u0165astn\u00e9 u\u010den\u00ed!<\/p>\n<\/div><\/div>\n\r\n<section class=\"learnNavigationSection\">\r\n            \r\n        <a href=\"https:\/\/talkpal.ai\/cs\/naucte-se-malajsky\/\">\r\n            <div class=\"learnNavigationWrapper\">\r\n                <div class=\"learnNavigationContent\">\r\n                    <img decoding=\"async\" src=\"https:\/\/talkpal.ai\/wp-content\/uploads\/2024\/08\/Malay.jpg\" alt=\"Malaysian Flag\">\r\n                    <div>\r\n                        <h4>O malajsk\u00e9m u\u010den\u00ed<\/h4>\r\n                        <p>Zjist\u011bte v\u0161e o malajsk\u00e9 gramatice.<\/p>\r\n                    <\/div>\r\n                <\/div>\r\n            <\/div>\r\n        <\/a>\r\n\r\n        \r\n        <a href=\"https:\/\/talkpal.ai\/cs\/cviceni-malajske-gramatiky\/\">\r\n            <div class=\"learnNavigationWrapper\">\r\n                <div class=\"learnNavigationContent\">\r\n                    <img decoding=\"async\" src=\"https:\/\/talkpal.ai\/wp-content\/uploads\/2024\/08\/Malay.jpg\" alt=\"Malaysian Flag\">\r\n                    <div>\r\n                        <h4>Cvi\u010den\u00ed z malajsk\u00e9 gramatiky<\/h4>\r\n                        <p>Procvi\u010dov\u00e1n\u00ed malajsk\u00e9 gramatiky<\/p>\r\n                    <\/div>\r\n                <\/div>\r\n            <\/div>\r\n        <\/a>\r\n\r\n        \r\n        <a href=\"https:\/\/talkpal.ai\/vocabulary_language\/malay\/\">\r\n            <div class=\"learnNavigationWrapper\">\r\n                <div class=\"learnNavigationContent\">\r\n                    <img decoding=\"async\" src=\"https:\/\/talkpal.ai\/wp-content\/uploads\/2024\/08\/Malay.jpg\" alt=\"Malaysian Flag\">\r\n                    <div>\r\n                        <h4>Malajsk\u00e1 slovn\u00ed z\u00e1soba<\/h4>\r\n                        <p>Roz\u0161i\u0159te si slovn\u00ed z\u00e1sobu malaj\u0161tiny.<\/p>\r\n                    <\/div>\r\n                <\/div>\r\n            <\/div>\r\n        <\/a>\r\n\r\n            <\/section>","protected":false},"excerpt":{"rendered":"<p>Malajsk\u00e1 gramatika: Zkoum\u00e1n\u00ed bohatstv\u00ed Bahasa Melayu Malaj\u0161tina neboli bahasa melayu pat\u0159\u00ed k nejpou\u017e\u00edvan\u011bj\u0161\u00edm jazyk\u016fm na sv\u011bt\u011b a spojuje rozmanit\u00e9 n\u00e1rody Malajsie, Indon\u00e9sie, Bruneje a Singapuru. Kdy\u017e se za\u010dnete u\u010dit malaj\u0161tinu, rychle objev\u00edte kr\u00e1su jej\u00ed gramatiky a rozv\u00edjej\u00edc\u00ed se jazykov\u00e9 krajiny. Tento \u010dl\u00e1nek si klade za c\u00edl sezn\u00e1mit v\u00e1s se z\u00e1kladn\u00edmi principy malajsk\u00e9 gramatiky a v\u00e9st [&hellip;]<\/p>\n","protected":false},"author":1,"featured_media":115938,"parent":0,"menu_order":0,"comment_status":"closed","ping_status":"closed","template":"LearningContentPage.php","meta":{"_acf_changed":false,"footnotes":""},"class_list":["post-147204","page","type-page","status-publish","has-post-thumbnail","hentry"],"acf":[],"yoast_head":"<!-- This site is optimized with the Yoast SEO Premium plugin v27.2 (Yoast SEO v27.2) - https:\/\/yoast.com\/product\/yoast-seo-premium-wordpress\/ -->\n<title>Malajsk\u00e1 gramatika - Talkpal<\/title>\n<meta name=\"description\" content=\"Prozkoumejte malajskou gramatiku a zjist\u011bte, jak jej\u00ed jednoduchost m\u016f\u017ee zlep\u0161it va\u0161e porozum\u011bn\u00ed malaj\u0161tin\u011b.\" \/>\n<meta name=\"robots\" content=\"index, follow, max-snippet:-1, max-image-preview:large, max-video-preview:-1\" \/>\n<link rel=\"canonical\" href=\"https:\/\/talkpal.ai\/cs\/malajska-gramatika\/\" \/>\n<meta property=\"og:locale\" content=\"cs_CZ\" \/>\n<meta property=\"og:type\" content=\"article\" \/>\n<meta property=\"og:title\" content=\"Malajsk\u00e1 gramatika\" \/>\n<meta property=\"og:description\" content=\"Malajsk\u00e1 gramatika: Zkoum\u00e1n\u00ed bohatstv\u00ed Bahasa Melayu Malaj\u0161tina neboli bahasa melayu pat\u0159\u00ed k nejpou\u017e\u00edvan\u011bj\u0161\u00edm jazyk\u016fm na sv\u011bt\u011b a spojuje rozmanit\u00e9 n\u00e1rody\" \/>\n<meta property=\"og:url\" content=\"https:\/\/talkpal.ai\/cs\/malajska-gramatika\/\" \/>\n<meta property=\"og:site_name\" content=\"Talkpal\" \/>\n<meta property=\"article:publisher\" content=\"https:\/\/www.facebook.com\/profile.php?id=100090733639311\" \/>\n<meta property=\"article:modified_time\" content=\"2025-12-17T16:41:33+00:00\" \/>\n<meta property=\"og:image\" content=\"https:\/\/talkpal.ai\/wp-content\/uploads\/2023\/05\/malaysia.png\" \/>\n\t<meta property=\"og:image:width\" content=\"512\" \/>\n\t<meta property=\"og:image:height\" content=\"512\" \/>\n\t<meta property=\"og:image:type\" content=\"image\/png\" \/>\n<meta name=\"twitter:card\" content=\"summary_large_image\" \/>\n<meta name=\"twitter:site\" content=\"@talkpalai\" \/>\n<meta name=\"twitter:label1\" content=\"Odhadovan\u00e1 doba \u010dten\u00ed\" \/>\n\t<meta name=\"twitter:data1\" content=\"3 minuty\" \/>\n<script type=\"application\/ld+json\" class=\"yoast-schema-graph\">{\"@context\":\"https:\/\/schema.org\",\"@graph\":[{\"@type\":\"WebPage\",\"@id\":\"https:\/\/talkpal.ai\/cs\/malajska-gramatika\/\",\"url\":\"https:\/\/talkpal.ai\/cs\/malajska-gramatika\/\",\"name\":\"Malajsk\u00e1 gramatika - Talkpal\",\"isPartOf\":{\"@id\":\"https:\/\/talkpal.ai\/cs\/#website\"},\"primaryImageOfPage\":{\"@id\":\"https:\/\/talkpal.ai\/cs\/malajska-gramatika\/#primaryimage\"},\"image\":{\"@id\":\"https:\/\/talkpal.ai\/cs\/malajska-gramatika\/#primaryimage\"},\"thumbnailUrl\":\"https:\/\/talkpal.ai\/wp-content\/uploads\/2023\/05\/malaysia.png\",\"datePublished\":\"2023-05-14T14:11:47+00:00\",\"dateModified\":\"2025-12-17T16:41:33+00:00\",\"description\":\"Prozkoumejte malajskou gramatiku a zjist\u011bte, jak jej\u00ed jednoduchost m\u016f\u017ee zlep\u0161it va\u0161e porozum\u011bn\u00ed malaj\u0161tin\u011b.\",\"breadcrumb\":{\"@id\":\"https:\/\/talkpal.ai\/cs\/malajska-gramatika\/#breadcrumb\"},\"inLanguage\":\"cs\",\"potentialAction\":[{\"@type\":\"ReadAction\",\"target\":[\"https:\/\/talkpal.ai\/cs\/malajska-gramatika\/\"]}]},{\"@type\":\"ImageObject\",\"inLanguage\":\"cs\",\"@id\":\"https:\/\/talkpal.ai\/cs\/malajska-gramatika\/#primaryimage\",\"url\":\"https:\/\/talkpal.ai\/wp-content\/uploads\/2023\/05\/malaysia.png\",\"contentUrl\":\"https:\/\/talkpal.ai\/wp-content\/uploads\/2023\/05\/malaysia.png\",\"width\":512,\"height\":512},{\"@type\":\"BreadcrumbList\",\"@id\":\"https:\/\/talkpal.ai\/cs\/malajska-gramatika\/#breadcrumb\",\"itemListElement\":[{\"@type\":\"ListItem\",\"position\":1,\"name\":\"Homepage\",\"item\":\"https:\/\/talkpal.ai\/cs\/\"},{\"@type\":\"ListItem\",\"position\":2,\"name\":\"Malajsk\u00e1 gramatika\"}]},{\"@type\":\"WebSite\",\"@id\":\"https:\/\/talkpal.ai\/cs\/#website\",\"url\":\"https:\/\/talkpal.ai\/cs\/\",\"name\":\"Talkpal\",\"description\":\"AI Language Learning\",\"publisher\":{\"@id\":\"https:\/\/talkpal.ai\/cs\/#organization\"},\"alternateName\":\"Talkpal AI\",\"potentialAction\":[{\"@type\":\"SearchAction\",\"target\":{\"@type\":\"EntryPoint\",\"urlTemplate\":\"https:\/\/talkpal.ai\/cs\/?s={search_term_string}\"},\"query-input\":{\"@type\":\"PropertyValueSpecification\",\"valueRequired\":true,\"valueName\":\"search_term_string\"}}],\"inLanguage\":\"cs\"},{\"@type\":\"Organization\",\"@id\":\"https:\/\/talkpal.ai\/cs\/#organization\",\"name\":\"Talkpal, Inc.\",\"alternateName\":\"Talkpal AI\",\"url\":\"https:\/\/talkpal.ai\/cs\/\",\"logo\":{\"@type\":\"ImageObject\",\"inLanguage\":\"cs\",\"@id\":\"https:\/\/talkpal.ai\/cs\/#\/schema\/logo\/image\/\",\"url\":\"https:\/\/talkpal.ai\/wp-content\/uploads\/2024\/03\/Talkpal-Logo-Icon.png\",\"contentUrl\":\"https:\/\/talkpal.ai\/wp-content\/uploads\/2024\/03\/Talkpal-Logo-Icon.png\",\"width\":2880,\"height\":2880,\"caption\":\"Talkpal, Inc.\"},\"image\":{\"@id\":\"https:\/\/talkpal.ai\/cs\/#\/schema\/logo\/image\/\"},\"sameAs\":[\"https:\/\/www.facebook.com\/profile.php?id=100090733639311\",\"https:\/\/x.com\/talkpalai\",\"https:\/\/www.linkedin.com\/company\/talkpal\/\",\"https:\/\/www.youtube.com\/@TalkPal\/\",\"https:\/\/www.tiktok.com\/@talkpal\",\"https:\/\/www.instagram.com\/talkpal_ai\/\",\"https:\/\/www.crunchbase.com\/organization\/talkpal-9cde\",\"https:\/\/www.g2.com\/products\/talkpal-for-business\/\",\"https:\/\/www.trustpilot.com\/review\/talkpal.ai\",\"https:\/\/www.capterra.com\/p\/10006800\/TalkPal\/\"],\"description\":\"Talkpal is a language learning web and mobile education app, powered by the latest AI technologies, that provides engaging experiences to its customers in many different languages to help them improve their language skills. Users can chat about unlimited amount of topics with the app and use other modes to practice their language learning.\",\"email\":\"support@talkpal.ai\",\"legalName\":\"Talkpal, Inc.\",\"foundingDate\":\"2023-04-03\",\"duns\":\"118989042\",\"numberOfEmployees\":{\"@type\":\"QuantitativeValue\",\"minValue\":\"11\",\"maxValue\":\"50\"},\"publishingPrinciples\":\"https:\/\/talkpal.ai\/publishing-principles\/\",\"actionableFeedbackPolicy\":\"https:\/\/talkpal.ai\/actionable-feedback-policy\/\",\"correctionsPolicy\":\"https:\/\/talkpal.ai\/corrections-policy\/\",\"ethicsPolicy\":\"https:\/\/talkpal.ai\/ethics-policy\/\",\"diversityPolicy\":\"https:\/\/talkpal.ai\/diversity-policy\/\",\"diversityStaffingReport\":\"https:\/\/talkpal.ai\/diversity-policy\/\"}]}<\/script>\n<!-- \/ Yoast SEO Premium plugin. -->","yoast_head_json":{"title":"Malajsk\u00e1 gramatika - Talkpal","description":"Prozkoumejte malajskou gramatiku a zjist\u011bte, jak jej\u00ed jednoduchost m\u016f\u017ee zlep\u0161it va\u0161e porozum\u011bn\u00ed malaj\u0161tin\u011b.","robots":{"index":"index","follow":"follow","max-snippet":"max-snippet:-1","max-image-preview":"max-image-preview:large","max-video-preview":"max-video-preview:-1"},"canonical":"https:\/\/talkpal.ai\/cs\/malajska-gramatika\/","og_locale":"cs_CZ","og_type":"article","og_title":"Malajsk\u00e1 gramatika","og_description":"Malajsk\u00e1 gramatika: Zkoum\u00e1n\u00ed bohatstv\u00ed Bahasa Melayu Malaj\u0161tina neboli bahasa melayu pat\u0159\u00ed k nejpou\u017e\u00edvan\u011bj\u0161\u00edm jazyk\u016fm na sv\u011bt\u011b a spojuje rozmanit\u00e9 n\u00e1rody","og_url":"https:\/\/talkpal.ai\/cs\/malajska-gramatika\/","og_site_name":"Talkpal","article_publisher":"https:\/\/www.facebook.com\/profile.php?id=100090733639311","article_modified_time":"2025-12-17T16:41:33+00:00","og_image":[{"width":512,"height":512,"url":"https:\/\/talkpal.ai\/wp-content\/uploads\/2023\/05\/malaysia.png","type":"image\/png"}],"twitter_card":"summary_large_image","twitter_site":"@talkpalai","twitter_misc":{"Odhadovan\u00e1 doba \u010dten\u00ed":"3 minuty"},"schema":{"@context":"https:\/\/schema.org","@graph":[{"@type":"WebPage","@id":"https:\/\/talkpal.ai\/cs\/malajska-gramatika\/","url":"https:\/\/talkpal.ai\/cs\/malajska-gramatika\/","name":"Malajsk\u00e1 gramatika - Talkpal","isPartOf":{"@id":"https:\/\/talkpal.ai\/cs\/#website"},"primaryImageOfPage":{"@id":"https:\/\/talkpal.ai\/cs\/malajska-gramatika\/#primaryimage"},"image":{"@id":"https:\/\/talkpal.ai\/cs\/malajska-gramatika\/#primaryimage"},"thumbnailUrl":"https:\/\/talkpal.ai\/wp-content\/uploads\/2023\/05\/malaysia.png","datePublished":"2023-05-14T14:11:47+00:00","dateModified":"2025-12-17T16:41:33+00:00","description":"Prozkoumejte malajskou gramatiku a zjist\u011bte, jak jej\u00ed jednoduchost m\u016f\u017ee zlep\u0161it va\u0161e porozum\u011bn\u00ed malaj\u0161tin\u011b.","breadcrumb":{"@id":"https:\/\/talkpal.ai\/cs\/malajska-gramatika\/#breadcrumb"},"inLanguage":"cs","potentialAction":[{"@type":"ReadAction","target":["https:\/\/talkpal.ai\/cs\/malajska-gramatika\/"]}]},{"@type":"ImageObject","inLanguage":"cs","@id":"https:\/\/talkpal.ai\/cs\/malajska-gramatika\/#primaryimage","url":"https:\/\/talkpal.ai\/wp-content\/uploads\/2023\/05\/malaysia.png","contentUrl":"https:\/\/talkpal.ai\/wp-content\/uploads\/2023\/05\/malaysia.png","width":512,"height":512},{"@type":"BreadcrumbList","@id":"https:\/\/talkpal.ai\/cs\/malajska-gramatika\/#breadcrumb","itemListElement":[{"@type":"ListItem","position":1,"name":"Homepage","item":"https:\/\/talkpal.ai\/cs\/"},{"@type":"ListItem","position":2,"name":"Malajsk\u00e1 gramatika"}]},{"@type":"WebSite","@id":"https:\/\/talkpal.ai\/cs\/#website","url":"https:\/\/talkpal.ai\/cs\/","name":"Talkpal","description":"AI Language Learning","publisher":{"@id":"https:\/\/talkpal.ai\/cs\/#organization"},"alternateName":"Talkpal AI","potentialAction":[{"@type":"SearchAction","target":{"@type":"EntryPoint","urlTemplate":"https:\/\/talkpal.ai\/cs\/?s={search_term_string}"},"query-input":{"@type":"PropertyValueSpecification","valueRequired":true,"valueName":"search_term_string"}}],"inLanguage":"cs"},{"@type":"Organization","@id":"https:\/\/talkpal.ai\/cs\/#organization","name":"Talkpal, Inc.","alternateName":"Talkpal AI","url":"https:\/\/talkpal.ai\/cs\/","logo":{"@type":"ImageObject","inLanguage":"cs","@id":"https:\/\/talkpal.ai\/cs\/#\/schema\/logo\/image\/","url":"https:\/\/talkpal.ai\/wp-content\/uploads\/2024\/03\/Talkpal-Logo-Icon.png","contentUrl":"https:\/\/talkpal.ai\/wp-content\/uploads\/2024\/03\/Talkpal-Logo-Icon.png","width":2880,"height":2880,"caption":"Talkpal, Inc."},"image":{"@id":"https:\/\/talkpal.ai\/cs\/#\/schema\/logo\/image\/"},"sameAs":["https:\/\/www.facebook.com\/profile.php?id=100090733639311","https:\/\/x.com\/talkpalai","https:\/\/www.linkedin.com\/company\/talkpal\/","https:\/\/www.youtube.com\/@TalkPal\/","https:\/\/www.tiktok.com\/@talkpal","https:\/\/www.instagram.com\/talkpal_ai\/","https:\/\/www.crunchbase.com\/organization\/talkpal-9cde","https:\/\/www.g2.com\/products\/talkpal-for-business\/","https:\/\/www.trustpilot.com\/review\/talkpal.ai","https:\/\/www.capterra.com\/p\/10006800\/TalkPal\/"],"description":"Talkpal is a language learning web and mobile education app, powered by the latest AI technologies, that provides engaging experiences to its customers in many different languages to help them improve their language skills. Users can chat about unlimited amount of topics with the app and use other modes to practice their language learning.","email":"support@talkpal.ai","legalName":"Talkpal, Inc.","foundingDate":"2023-04-03","duns":"118989042","numberOfEmployees":{"@type":"QuantitativeValue","minValue":"11","maxValue":"50"},"publishingPrinciples":"https:\/\/talkpal.ai\/publishing-principles\/","actionableFeedbackPolicy":"https:\/\/talkpal.ai\/actionable-feedback-policy\/","correctionsPolicy":"https:\/\/talkpal.ai\/corrections-policy\/","ethicsPolicy":"https:\/\/talkpal.ai\/ethics-policy\/","diversityPolicy":"https:\/\/talkpal.ai\/diversity-policy\/","diversityStaffingReport":"https:\/\/talkpal.ai\/diversity-policy\/"}]}},"_links":{"self":[{"href":"https:\/\/talkpal.ai\/cs\/wp-json\/wp\/v2\/pages\/147204","targetHints":{"allow":["GET"]}}],"collection":[{"href":"https:\/\/talkpal.ai\/cs\/wp-json\/wp\/v2\/pages"}],"about":[{"href":"https:\/\/talkpal.ai\/cs\/wp-json\/wp\/v2\/types\/page"}],"author":[{"embeddable":true,"href":"https:\/\/talkpal.ai\/cs\/wp-json\/wp\/v2\/users\/1"}],"replies":[{"embeddable":true,"href":"https:\/\/talkpal.ai\/cs\/wp-json\/wp\/v2\/comments?post=147204"}],"version-history":[{"count":0,"href":"https:\/\/talkpal.ai\/cs\/wp-json\/wp\/v2\/pages\/147204\/revisions"}],"wp:featuredmedia":[{"embeddable":true,"href":"https:\/\/talkpal.ai\/cs\/wp-json\/wp\/v2\/media\/115938"}],"wp:attachment":[{"href":"https:\/\/talkpal.ai\/cs\/wp-json\/wp\/v2\/media?parent=147204"}],"curies":[{"name":"wp","href":"https:\/\/api.w.org\/{rel}","templated":true}]}}