{"id":146878,"date":"2023-05-14T14:11:28","date_gmt":"2023-05-14T14:11:28","guid":{"rendered":"http:\/\/talkpal.ai\/makedonska-gramatika\/"},"modified":"2025-12-17T16:39:27","modified_gmt":"2025-12-17T16:39:27","slug":"makedonska-gramatika","status":"publish","type":"page","link":"https:\/\/talkpal.ai\/cs\/makedonska-gramatika\/","title":{"rendered":"Makedonsk\u00e1 gramatika"},"content":{"rendered":"\r\n\r\n\r\n<section class=\"languageChallengeSection\">\r\n    <div class=\"languageInfoWrapper\">\r\n        \r\n        <h1>Makedonsk\u00e1 gramatika<\/h1>\r\n        <p>Pono\u0159te se do fascinuj\u00edc\u00edho sv\u011bta makedonsk\u00e9 gramatiky a odhalte strukturu tohoto jedine\u010dn\u00e9ho jihoslovansk\u00e9ho jazyka. Nau\u010dte se z\u00e1klady makedonsk\u00e9 gramatiky, abyste mohli s v\u011bt\u0161\u00ed jistotou komunikovat a pozn\u00e1vat bohatou kulturu Severn\u00ed Makedonie. Za\u010dn\u011bte je\u0161t\u011b dnes a ud\u011blejte prvn\u00ed krok ke zvl\u00e1dnut\u00ed makedon\u0161tiny!<\/p>\r\n\r\n                            <a class=\"getStartedHidden\" href=\"https:\/\/app.talkpal.ai\/cs\/signup?lng=\">Za\u010dni<\/a>\r\n        \r\n    <\/div>\r\n\r\n    <figure>\r\n    <img decoding=\"async\" width=\"768\" height=\"768\" src=\"https:\/\/talkpal.ai\/wp-content\/uploads\/2023\/06\/macedonian-768x768.png\" class=\"languageImage no-lazy\" alt=\"Language learning through conversational practice\" fetchpriority=\"high\" sizes=\"(max-width: 768px) 150px, 768px\" srcset=\"https:\/\/talkpal.ai\/wp-content\/uploads\/2023\/06\/macedonian-768x768.png 768w, https:\/\/talkpal.ai\/wp-content\/uploads\/2023\/06\/macedonian-300x300.png 300w\" \/>\r\n    \r\n\r\n    <\/figure>\r\n\r\n            <a class=\"getStartedVisible\" href=\"https:\/\/app.talkpal.ai\/cs\/signup?lng=\">Za\u010dni<\/a>\r\n    \r\n<\/section>\r\n<section class=\"promotionalBanner\">\r\n    <p class=\"promotionalText\">Nejefektivn\u011bj\u0161\u00ed zp\u016fsob, jak se nau\u010dit jazyk<\/p>\r\n    <a class=\"promotionalLink\" href=\"https:\/\/app.talkpal.ai\/cs\/signup?lng=\">Vyzkou\u0161ejte Talkpal zdarma<\/a>\r\n<\/section>\n<div class=\"wp-block-group pageContainerStyle\"><div class=\"wp-block-group__inner-container is-layout-constrained wp-block-group-is-layout-constrained\">\n<h2 class=\"wp-block-heading\" id=\"h-unraveling-the-mysteries-of-macedonian-grammar\">Odhalov\u00e1n\u00ed taj\u016f makedonsk\u00e9 gramatiky<\/h2>\n\n\n\n<p><a href=\"https:\/\/talkpal.ai\/macedonian-grammar\/\">Makedonsk\u00e1 gramatika<\/a> &#8211; slo\u017eit\u00e1 a p\u0159esto p\u0159\u00edstupn\u00e1, fascinuj\u00edc\u00ed a p\u0159esto p\u016fvabn\u00e1, slo\u017eit\u00e1 a p\u0159esto fascinuj\u00edc\u00ed. Kdy\u017e se vyd\u00e1te na cestu do sv\u011bta makedonsk\u00e9ho jazyka, mo\u017en\u00e1 poc\u00edt\u00edte sm\u011bs vzru\u0161en\u00ed a strachu, pokud jde o rozlu\u0161t\u011bn\u00ed jeho gramatick\u00fdch h\u00e1danek. Neboj se, horliv\u00fd jazykov\u00fd nad\u0161en\u010de! Jsme tu, abychom v\u00e1s v tomto jazykov\u00e9m dobrodru\u017estv\u00ed podpo\u0159ili!<\/p>\n\n\n\n<p>V tomto poutav\u00e9m \u010dl\u00e1nku v\u00e1m objasn\u00edme z\u00e1kladn\u00ed aspekty makedonsk\u00e9 gramatiky a poskytneme v\u00e1m vhled, vysv\u011btlen\u00ed a praktick\u00e9 p\u0159\u00edklady. Prozrad\u00edme v\u00e1m, \u017ee tento fascinuj\u00edc\u00ed balk\u00e1nsk\u00fd jazyk je dostupn\u011bj\u0161\u00ed, ne\u017e si mo\u017en\u00e1 mysl\u00edte! Tak se p\u0159ipoutejte a dovolte n\u00e1m, abychom v\u00e1m makedonskou gramatiku zjednodu\u0161ili a demystifikovali.<\/p>\n\n\n\n<h3 class=\"wp-block-heading\" id=\"h-1-delightful-declensions-noun-cases-made-easy\">1. N\u00e1dhern\u00e9 sklo\u0148ov\u00e1n\u00ed: Snadn\u00e9 p\u00e1dy podstatn\u00fdch jmen<\/h3>\n\n\n\n<p>Stejn\u011b jako ostatn\u00ed slovansk\u00e9 <a href=\"https:\/\/talkpal.ai\/what-language-is-spoken-on-the-international-space-station\/\">jazyky<\/a> m\u00e1 <a href=\"https:\/\/talkpal.ai\/learn-macedonian\/\">makedon\u0161tina<\/a> slo\u017eit\u00fd syst\u00e9m p\u00e1d\u016f podstatn\u00fdch jmen, kter\u00fd se skl\u00e1d\u00e1 ze t\u0159\u00ed p\u00e1d\u016f: nominativ, akuzativ a dativ. I kdy\u017e jsou m\u00e9n\u011b skli\u010duj\u00edc\u00ed ne\u017e jazyky s v\u00edce p\u00e1dy, zvl\u00e1dnut\u00ed t\u011bchto nuanc\u00ed je nezbytn\u00e9 pro dosa\u017een\u00ed plynulosti. Tyto p\u0159\u00edpady p\u0159i\u0159azuj\u00ed podstatn\u00fdm jm\u00e9n\u016fm, z\u00e1jmen\u016fm a p\u0159\u00eddavn\u00fdm jm\u00e9n\u016fm ve v\u011bt\u011b r\u016fzn\u00e9 role. Zde je stru\u010dn\u00fd p\u0159ehled:<\/p>\n\n\n\n<p><strong>&#8211; Nominativ: Podm\u011bt v\u011bty<\/strong><\/p>\n\n\n\n<p><strong>&#8211; Akuzativ: P\u0159\u00edm\u00fd p\u0159edm\u011bt nebo c\u00edl d\u011bje<\/strong><\/p>\n\n\n\n<p><strong>&#8211; Dativ: Nep\u0159\u00edm\u00fd p\u0159edm\u011bt nebo ukazatel sm\u011bru d\u011bje<\/strong><\/p>\n\n\n\n<p>Chcete-li se v t\u011bchto p\u0159\u00edpadech zorientovat, je kl\u00ed\u010dem praxe. Postupem \u010dasu a vystaven\u00edm jazyku se tyto rozd\u00edly stanou druhou p\u0159irozenost\u00ed.<\/p>\n\n\n\n<h3 class=\"wp-block-heading\" id=\"h-2-amiable-adjectives-agreement-is-everything\">2. P\u0159\u00edv\u011btiv\u00e1 p\u0159\u00eddavn\u00e1 jm\u00e9na: Dohoda je v\u0161echno<\/h3>\n\n\n\n<p>P\u0159\u00eddavn\u00e1 jm\u00e9na v makedonsk\u00e9 gramatice jsou kongeni\u00e1ln\u00ed konformist\u00e9. Souhlas\u00ed s rodem, \u010d\u00edslem a p\u00e1dem podstatn\u00fdch jmen, kter\u00e1 popisuj\u00ed. To znamen\u00e1, \u017ee budete muset upravit tvar ka\u017ed\u00e9ho p\u0159\u00eddavn\u00e9ho jm\u00e9na tak, aby odpov\u00eddal charakteristice podstatn\u00e9ho jm\u00e9na.<\/p>\n\n\n\n<p>Aby byl tento proces plynulej\u0161\u00ed, zam\u011b\u0159te se na u\u010den\u00ed z\u00e1kladn\u00edch tvar\u016f p\u0159\u00eddavn\u00fdch jmen \u2013 mu\u017esk\u00fd, \u017eensk\u00fd a st\u0159edn\u00ed. S pravidelnou prax\u00ed se proces shody p\u0159\u00eddavn\u00fdch jmen brzy stane intuitivn\u00edm.<\/p>\n\n\n\n<h3 class=\"wp-block-heading\" id=\"h-3-vigorous-verbs-conjugation-and-aspect-mastery\">3. Energick\u00e1 slovesa: \u010dasov\u00e1n\u00ed a zvl\u00e1dnut\u00ed vidu<\/h3>\n\n\n\n<p>Stejn\u011b jako u jin\u00fdch slovansk\u00fdch jazyk\u016f se i u makedonsk\u00fdch sloves v\u00fdrazn\u011b li\u0161\u00ed. \u010casov\u00e1n\u00ed z\u00e1vis\u00ed na \u010dase, n\u00e1lad\u011b, osob\u011b, \u010d\u00edsle a hlavn\u011b na aspektu.<\/p>\n\n\n\n<p>Makedonsk\u00e1 slovesa maj\u00ed dva aspekty: dokonav\u00fd a nedokonav\u00fd. Dokonav\u00e1 slovesa vyjad\u0159uj\u00ed \u00fapln\u00fd d\u011bj, zat\u00edmco nedokonav\u00e1 slovesa vyjad\u0159uj\u00ed prob\u00edhaj\u00edc\u00ed nebo opakuj\u00edc\u00ed se d\u011bj. Pochopen\u00ed tohoto pojmu je z\u00e1sadn\u00ed pro zdokonalov\u00e1n\u00ed va\u0161ich gramatick\u00fdch znalost\u00ed.<\/p>\n\n\n\n<h3 class=\"wp-block-heading\" id=\"h-4-pitch-perfect-particles-mastering-stress-and-intonation\">4. \u010c\u00e1stice s dokonalou v\u00fd\u0161kou t\u00f3nu: Zvl\u00e1dnut\u00ed stresu a intonace<\/h3>\n\n\n\n<p>Jedine\u010dnou v\u00fdzvou pro studenty jazyk\u016f je zvl\u00e1dnut\u00ed charakteristick\u00e9ho syst\u00e9mu v\u00fd\u0161ky t\u00f3nu a p\u0159\u00edzvuku, kter\u00fd slabik\u00e1m p\u0159i\u0159azuje p\u0159\u00edzvuk a intonaci. Tento syst\u00e9m m\u016f\u017ee p\u0159\u00edmo ovlivnit v\u00fdznam a porozum\u011bn\u00ed.<\/p>\n\n\n\n<p>Abyste dos\u00e1hli p\u0159esn\u00e9 v\u00fdslovnosti a srozumitelnosti v komunikaci, v\u011bnujte velkou pozornost intona\u010dn\u00edm vzor\u016fm v \u0159e\u010di rodil\u00fdch mluv\u010d\u00edch makedon\u0161tiny. Jako za\u010d\u00e1te\u010dn\u00edk se m\u016f\u017eete pot\u00fdkat, ale pamatujte, \u017ee cvi\u010den\u00ed plod\u00ed sebev\u011bdom\u00ed a mistrovstv\u00ed.<\/p>\n\n\n\n<h3 class=\"wp-block-heading\" id=\"h-5-embrace-the-intricacies-persevere-and-prosper\">5. P\u0159ijm\u011bte slo\u017eitosti: Vytrvejte a prosperujte<\/h3>\n\n\n\n<p>Makedonsk\u00e1 gramatika se na prvn\u00ed pohled m\u016f\u017ee zd\u00e1t slo\u017eit\u00e1, ale m\u011bjte na pam\u011bti, \u017ee trp\u011blivost, praxe a vytrvalost jsou tajemstv\u00edm \u00fasp\u011bchu. Zapojte se do jazyka \u010dten\u00edm, psan\u00edm, poslechem a mluven\u00edm. P\u0159ijm\u011bte v\u00fdzvy a odm\u011b\u0148te se uspokojen\u00edm z pokroku.<\/p>\n\n\n\n<p>Jste tedy p\u0159ipraveni pono\u0159it se do fascinuj\u00edc\u00ed \u0159\u00ed\u0161e makedonsk\u00e9 gramatiky? P\u0159ijm\u011bte jej\u00ed zvl\u00e1\u0161tnosti a slo\u017eitosti, vychutnejte si jemnosti a nezapome\u0148te, \u017ee s odhodl\u00e1n\u00edm a nad\u0161en\u00edm m\u016f\u017eete odhalit skute\u010dnou kr\u00e1su makedonsk\u00e9ho jazyka. \u0421\u043e \u0441\u0440\u0435\u045c\u0430! (Hodn\u011b \u0161t\u011bst\u00ed!)<\/p>\n<\/div><\/div>\n\r\n<section class=\"learnNavigationSection\">\r\n            \r\n        <a href=\"https:\/\/talkpal.ai\/cs\/naucte-se-makedonsky\/\">\r\n            <div class=\"learnNavigationWrapper\">\r\n                <div class=\"learnNavigationContent\">\r\n                    <img decoding=\"async\" src=\"https:\/\/talkpal.ai\/wp-content\/uploads\/2024\/08\/Macedonian.jpg\" alt=\"Macedonian Flag\">\r\n                    <div>\r\n                        <h4>O makedonsk\u00e9m vzd\u011bl\u00e1v\u00e1n\u00ed<\/h4>\r\n                        <p>Zjist\u011bte v\u0161e o makedonsk\u00e9 gramatice.<\/p>\r\n                    <\/div>\r\n                <\/div>\r\n            <\/div>\r\n        <\/a>\r\n\r\n        \r\n        <a href=\"https:\/\/talkpal.ai\/cs\/cviceni-na-makedonskou-gramatiku\/\">\r\n            <div class=\"learnNavigationWrapper\">\r\n                <div class=\"learnNavigationContent\">\r\n                    <img decoding=\"async\" src=\"https:\/\/talkpal.ai\/wp-content\/uploads\/2024\/08\/Macedonian.jpg\" alt=\"Macedonian Flag\">\r\n                    <div>\r\n                        <h4>Cvi\u010den\u00ed z makedonsk\u00e9 gramatiky<\/h4>\r\n                        <p>Procvi\u010dte si makedonskou gramatiku.<\/p>\r\n                    <\/div>\r\n                <\/div>\r\n            <\/div>\r\n        <\/a>\r\n\r\n        \r\n        <a href=\"https:\/\/talkpal.ai\/vocabulary_language\/macedonian\/\">\r\n            <div class=\"learnNavigationWrapper\">\r\n                <div class=\"learnNavigationContent\">\r\n                    <img decoding=\"async\" src=\"https:\/\/talkpal.ai\/wp-content\/uploads\/2024\/08\/Macedonian.jpg\" alt=\"Macedonian Flag\">\r\n                    <div>\r\n                        <h4>Makedonsk\u00e1 slovn\u00ed z\u00e1soba<\/h4>\r\n                        <p>Roz\u0161i\u0159te si slovn\u00ed z\u00e1sobu makedon\u0161tiny.<\/p>\r\n                    <\/div>\r\n                <\/div>\r\n            <\/div>\r\n        <\/a>\r\n\r\n            <\/section>","protected":false},"excerpt":{"rendered":"<p>Odhalov\u00e1n\u00ed taj\u016f makedonsk\u00e9 gramatiky Makedonsk\u00e1 gramatika &#8211; slo\u017eit\u00e1 a p\u0159esto p\u0159\u00edstupn\u00e1, fascinuj\u00edc\u00ed a p\u0159esto p\u016fvabn\u00e1, slo\u017eit\u00e1 a p\u0159esto fascinuj\u00edc\u00ed. Kdy\u017e se vyd\u00e1te na cestu do sv\u011bta makedonsk\u00e9ho jazyka, mo\u017en\u00e1 poc\u00edt\u00edte sm\u011bs vzru\u0161en\u00ed a strachu, pokud jde o rozlu\u0161t\u011bn\u00ed jeho gramatick\u00fdch h\u00e1danek. Neboj se, horliv\u00fd jazykov\u00fd nad\u0161en\u010de! Jsme tu, abychom v\u00e1s v tomto jazykov\u00e9m dobrodru\u017estv\u00ed podpo\u0159ili! [&hellip;]<\/p>\n","protected":false},"author":1,"featured_media":115337,"parent":0,"menu_order":0,"comment_status":"closed","ping_status":"closed","template":"LearningContentPage.php","meta":{"_acf_changed":false,"footnotes":""},"class_list":["post-146878","page","type-page","status-publish","has-post-thumbnail","hentry"],"acf":[],"yoast_head":"<!-- This site is optimized with the Yoast SEO Premium plugin v27.2 (Yoast SEO v27.2) - https:\/\/yoast.com\/product\/yoast-seo-premium-wordpress\/ -->\n<title>Makedonsk\u00e1 gramatika - Talkpal<\/title>\n<meta name=\"description\" content=\"Ovl\u00e1dejte makedonskou gramatiku bez n\u00e1mahy pomoc\u00ed Talkpal, jazykov\u00fdm u\u010ditelem poh\u00e1n\u011bn\u00fdm um\u011blou inteligenc\u00ed. Zlep\u0161ete sv\u00e9 znalosti makedonsk\u00e9 gramatiky!\" \/>\n<meta name=\"robots\" content=\"index, follow, max-snippet:-1, max-image-preview:large, max-video-preview:-1\" \/>\n<link rel=\"canonical\" href=\"https:\/\/talkpal.ai\/cs\/makedonska-gramatika\/\" \/>\n<meta property=\"og:locale\" content=\"cs_CZ\" \/>\n<meta property=\"og:type\" content=\"article\" \/>\n<meta property=\"og:title\" content=\"Makedonsk\u00e1 gramatika\" \/>\n<meta property=\"og:description\" content=\"Odhalov\u00e1n\u00ed taj\u016f makedonsk\u00e9 gramatiky Makedonsk\u00e1 gramatika - slo\u017eit\u00e1 a p\u0159esto p\u0159\u00edstupn\u00e1, fascinuj\u00edc\u00ed a p\u0159esto p\u016fvabn\u00e1, slo\u017eit\u00e1 a p\u0159esto fascinuj\u00edc\u00ed. Kdy\u017e\" \/>\n<meta property=\"og:url\" content=\"https:\/\/talkpal.ai\/cs\/makedonska-gramatika\/\" \/>\n<meta property=\"og:site_name\" content=\"Talkpal\" \/>\n<meta property=\"article:publisher\" content=\"https:\/\/www.facebook.com\/profile.php?id=100090733639311\" \/>\n<meta property=\"article:modified_time\" content=\"2025-12-17T16:39:27+00:00\" \/>\n<meta property=\"og:image\" content=\"https:\/\/talkpal.ai\/wp-content\/uploads\/2023\/05\/republic-of-macedonia.png\" \/>\n\t<meta property=\"og:image:width\" content=\"512\" \/>\n\t<meta property=\"og:image:height\" content=\"512\" \/>\n\t<meta property=\"og:image:type\" content=\"image\/png\" \/>\n<meta name=\"twitter:card\" content=\"summary_large_image\" \/>\n<meta name=\"twitter:site\" content=\"@talkpalai\" \/>\n<meta name=\"twitter:label1\" content=\"Odhadovan\u00e1 doba \u010dten\u00ed\" \/>\n\t<meta name=\"twitter:data1\" content=\"3 minuty\" \/>\n<script type=\"application\/ld+json\" class=\"yoast-schema-graph\">{\"@context\":\"https:\/\/schema.org\",\"@graph\":[{\"@type\":\"WebPage\",\"@id\":\"https:\/\/talkpal.ai\/cs\/makedonska-gramatika\/\",\"url\":\"https:\/\/talkpal.ai\/cs\/makedonska-gramatika\/\",\"name\":\"Makedonsk\u00e1 gramatika - Talkpal\",\"isPartOf\":{\"@id\":\"https:\/\/talkpal.ai\/cs\/#website\"},\"primaryImageOfPage\":{\"@id\":\"https:\/\/talkpal.ai\/cs\/makedonska-gramatika\/#primaryimage\"},\"image\":{\"@id\":\"https:\/\/talkpal.ai\/cs\/makedonska-gramatika\/#primaryimage\"},\"thumbnailUrl\":\"https:\/\/talkpal.ai\/wp-content\/uploads\/2023\/05\/republic-of-macedonia.png\",\"datePublished\":\"2023-05-14T14:11:28+00:00\",\"dateModified\":\"2025-12-17T16:39:27+00:00\",\"description\":\"Ovl\u00e1dejte makedonskou gramatiku bez n\u00e1mahy pomoc\u00ed Talkpal, jazykov\u00fdm u\u010ditelem poh\u00e1n\u011bn\u00fdm um\u011blou inteligenc\u00ed. Zlep\u0161ete sv\u00e9 znalosti makedonsk\u00e9 gramatiky!\",\"breadcrumb\":{\"@id\":\"https:\/\/talkpal.ai\/cs\/makedonska-gramatika\/#breadcrumb\"},\"inLanguage\":\"cs\",\"potentialAction\":[{\"@type\":\"ReadAction\",\"target\":[\"https:\/\/talkpal.ai\/cs\/makedonska-gramatika\/\"]}]},{\"@type\":\"ImageObject\",\"inLanguage\":\"cs\",\"@id\":\"https:\/\/talkpal.ai\/cs\/makedonska-gramatika\/#primaryimage\",\"url\":\"https:\/\/talkpal.ai\/wp-content\/uploads\/2023\/05\/republic-of-macedonia.png\",\"contentUrl\":\"https:\/\/talkpal.ai\/wp-content\/uploads\/2023\/05\/republic-of-macedonia.png\",\"width\":512,\"height\":512},{\"@type\":\"BreadcrumbList\",\"@id\":\"https:\/\/talkpal.ai\/cs\/makedonska-gramatika\/#breadcrumb\",\"itemListElement\":[{\"@type\":\"ListItem\",\"position\":1,\"name\":\"Homepage\",\"item\":\"https:\/\/talkpal.ai\/cs\/\"},{\"@type\":\"ListItem\",\"position\":2,\"name\":\"Makedonsk\u00e1 gramatika\"}]},{\"@type\":\"WebSite\",\"@id\":\"https:\/\/talkpal.ai\/cs\/#website\",\"url\":\"https:\/\/talkpal.ai\/cs\/\",\"name\":\"Talkpal\",\"description\":\"AI Language Learning\",\"publisher\":{\"@id\":\"https:\/\/talkpal.ai\/cs\/#organization\"},\"alternateName\":\"Talkpal AI\",\"potentialAction\":[{\"@type\":\"SearchAction\",\"target\":{\"@type\":\"EntryPoint\",\"urlTemplate\":\"https:\/\/talkpal.ai\/cs\/?s={search_term_string}\"},\"query-input\":{\"@type\":\"PropertyValueSpecification\",\"valueRequired\":true,\"valueName\":\"search_term_string\"}}],\"inLanguage\":\"cs\"},{\"@type\":\"Organization\",\"@id\":\"https:\/\/talkpal.ai\/cs\/#organization\",\"name\":\"Talkpal, Inc.\",\"alternateName\":\"Talkpal AI\",\"url\":\"https:\/\/talkpal.ai\/cs\/\",\"logo\":{\"@type\":\"ImageObject\",\"inLanguage\":\"cs\",\"@id\":\"https:\/\/talkpal.ai\/cs\/#\/schema\/logo\/image\/\",\"url\":\"https:\/\/talkpal.ai\/wp-content\/uploads\/2024\/03\/Talkpal-Logo-Icon.png\",\"contentUrl\":\"https:\/\/talkpal.ai\/wp-content\/uploads\/2024\/03\/Talkpal-Logo-Icon.png\",\"width\":2880,\"height\":2880,\"caption\":\"Talkpal, Inc.\"},\"image\":{\"@id\":\"https:\/\/talkpal.ai\/cs\/#\/schema\/logo\/image\/\"},\"sameAs\":[\"https:\/\/www.facebook.com\/profile.php?id=100090733639311\",\"https:\/\/x.com\/talkpalai\",\"https:\/\/www.linkedin.com\/company\/talkpal\/\",\"https:\/\/www.youtube.com\/@TalkPal\/\",\"https:\/\/www.tiktok.com\/@talkpal\",\"https:\/\/www.instagram.com\/talkpal_ai\/\",\"https:\/\/www.crunchbase.com\/organization\/talkpal-9cde\",\"https:\/\/www.g2.com\/products\/talkpal-for-business\/\",\"https:\/\/www.trustpilot.com\/review\/talkpal.ai\",\"https:\/\/www.capterra.com\/p\/10006800\/TalkPal\/\"],\"description\":\"Talkpal is a language learning web and mobile education app, powered by the latest AI technologies, that provides engaging experiences to its customers in many different languages to help them improve their language skills. Users can chat about unlimited amount of topics with the app and use other modes to practice their language learning.\",\"email\":\"support@talkpal.ai\",\"legalName\":\"Talkpal, Inc.\",\"foundingDate\":\"2023-04-03\",\"duns\":\"118989042\",\"numberOfEmployees\":{\"@type\":\"QuantitativeValue\",\"minValue\":\"11\",\"maxValue\":\"50\"},\"publishingPrinciples\":\"https:\/\/talkpal.ai\/publishing-principles\/\",\"actionableFeedbackPolicy\":\"https:\/\/talkpal.ai\/actionable-feedback-policy\/\",\"correctionsPolicy\":\"https:\/\/talkpal.ai\/corrections-policy\/\",\"ethicsPolicy\":\"https:\/\/talkpal.ai\/ethics-policy\/\",\"diversityPolicy\":\"https:\/\/talkpal.ai\/diversity-policy\/\",\"diversityStaffingReport\":\"https:\/\/talkpal.ai\/diversity-policy\/\"}]}<\/script>\n<!-- \/ Yoast SEO Premium plugin. -->","yoast_head_json":{"title":"Makedonsk\u00e1 gramatika - Talkpal","description":"Ovl\u00e1dejte makedonskou gramatiku bez n\u00e1mahy pomoc\u00ed Talkpal, jazykov\u00fdm u\u010ditelem poh\u00e1n\u011bn\u00fdm um\u011blou inteligenc\u00ed. Zlep\u0161ete sv\u00e9 znalosti makedonsk\u00e9 gramatiky!","robots":{"index":"index","follow":"follow","max-snippet":"max-snippet:-1","max-image-preview":"max-image-preview:large","max-video-preview":"max-video-preview:-1"},"canonical":"https:\/\/talkpal.ai\/cs\/makedonska-gramatika\/","og_locale":"cs_CZ","og_type":"article","og_title":"Makedonsk\u00e1 gramatika","og_description":"Odhalov\u00e1n\u00ed taj\u016f makedonsk\u00e9 gramatiky Makedonsk\u00e1 gramatika - slo\u017eit\u00e1 a p\u0159esto p\u0159\u00edstupn\u00e1, fascinuj\u00edc\u00ed a p\u0159esto p\u016fvabn\u00e1, slo\u017eit\u00e1 a p\u0159esto fascinuj\u00edc\u00ed. Kdy\u017e","og_url":"https:\/\/talkpal.ai\/cs\/makedonska-gramatika\/","og_site_name":"Talkpal","article_publisher":"https:\/\/www.facebook.com\/profile.php?id=100090733639311","article_modified_time":"2025-12-17T16:39:27+00:00","og_image":[{"width":512,"height":512,"url":"https:\/\/talkpal.ai\/wp-content\/uploads\/2023\/05\/republic-of-macedonia.png","type":"image\/png"}],"twitter_card":"summary_large_image","twitter_site":"@talkpalai","twitter_misc":{"Odhadovan\u00e1 doba \u010dten\u00ed":"3 minuty"},"schema":{"@context":"https:\/\/schema.org","@graph":[{"@type":"WebPage","@id":"https:\/\/talkpal.ai\/cs\/makedonska-gramatika\/","url":"https:\/\/talkpal.ai\/cs\/makedonska-gramatika\/","name":"Makedonsk\u00e1 gramatika - Talkpal","isPartOf":{"@id":"https:\/\/talkpal.ai\/cs\/#website"},"primaryImageOfPage":{"@id":"https:\/\/talkpal.ai\/cs\/makedonska-gramatika\/#primaryimage"},"image":{"@id":"https:\/\/talkpal.ai\/cs\/makedonska-gramatika\/#primaryimage"},"thumbnailUrl":"https:\/\/talkpal.ai\/wp-content\/uploads\/2023\/05\/republic-of-macedonia.png","datePublished":"2023-05-14T14:11:28+00:00","dateModified":"2025-12-17T16:39:27+00:00","description":"Ovl\u00e1dejte makedonskou gramatiku bez n\u00e1mahy pomoc\u00ed Talkpal, jazykov\u00fdm u\u010ditelem poh\u00e1n\u011bn\u00fdm um\u011blou inteligenc\u00ed. Zlep\u0161ete sv\u00e9 znalosti makedonsk\u00e9 gramatiky!","breadcrumb":{"@id":"https:\/\/talkpal.ai\/cs\/makedonska-gramatika\/#breadcrumb"},"inLanguage":"cs","potentialAction":[{"@type":"ReadAction","target":["https:\/\/talkpal.ai\/cs\/makedonska-gramatika\/"]}]},{"@type":"ImageObject","inLanguage":"cs","@id":"https:\/\/talkpal.ai\/cs\/makedonska-gramatika\/#primaryimage","url":"https:\/\/talkpal.ai\/wp-content\/uploads\/2023\/05\/republic-of-macedonia.png","contentUrl":"https:\/\/talkpal.ai\/wp-content\/uploads\/2023\/05\/republic-of-macedonia.png","width":512,"height":512},{"@type":"BreadcrumbList","@id":"https:\/\/talkpal.ai\/cs\/makedonska-gramatika\/#breadcrumb","itemListElement":[{"@type":"ListItem","position":1,"name":"Homepage","item":"https:\/\/talkpal.ai\/cs\/"},{"@type":"ListItem","position":2,"name":"Makedonsk\u00e1 gramatika"}]},{"@type":"WebSite","@id":"https:\/\/talkpal.ai\/cs\/#website","url":"https:\/\/talkpal.ai\/cs\/","name":"Talkpal","description":"AI Language Learning","publisher":{"@id":"https:\/\/talkpal.ai\/cs\/#organization"},"alternateName":"Talkpal AI","potentialAction":[{"@type":"SearchAction","target":{"@type":"EntryPoint","urlTemplate":"https:\/\/talkpal.ai\/cs\/?s={search_term_string}"},"query-input":{"@type":"PropertyValueSpecification","valueRequired":true,"valueName":"search_term_string"}}],"inLanguage":"cs"},{"@type":"Organization","@id":"https:\/\/talkpal.ai\/cs\/#organization","name":"Talkpal, Inc.","alternateName":"Talkpal AI","url":"https:\/\/talkpal.ai\/cs\/","logo":{"@type":"ImageObject","inLanguage":"cs","@id":"https:\/\/talkpal.ai\/cs\/#\/schema\/logo\/image\/","url":"https:\/\/talkpal.ai\/wp-content\/uploads\/2024\/03\/Talkpal-Logo-Icon.png","contentUrl":"https:\/\/talkpal.ai\/wp-content\/uploads\/2024\/03\/Talkpal-Logo-Icon.png","width":2880,"height":2880,"caption":"Talkpal, Inc."},"image":{"@id":"https:\/\/talkpal.ai\/cs\/#\/schema\/logo\/image\/"},"sameAs":["https:\/\/www.facebook.com\/profile.php?id=100090733639311","https:\/\/x.com\/talkpalai","https:\/\/www.linkedin.com\/company\/talkpal\/","https:\/\/www.youtube.com\/@TalkPal\/","https:\/\/www.tiktok.com\/@talkpal","https:\/\/www.instagram.com\/talkpal_ai\/","https:\/\/www.crunchbase.com\/organization\/talkpal-9cde","https:\/\/www.g2.com\/products\/talkpal-for-business\/","https:\/\/www.trustpilot.com\/review\/talkpal.ai","https:\/\/www.capterra.com\/p\/10006800\/TalkPal\/"],"description":"Talkpal is a language learning web and mobile education app, powered by the latest AI technologies, that provides engaging experiences to its customers in many different languages to help them improve their language skills. Users can chat about unlimited amount of topics with the app and use other modes to practice their language learning.","email":"support@talkpal.ai","legalName":"Talkpal, Inc.","foundingDate":"2023-04-03","duns":"118989042","numberOfEmployees":{"@type":"QuantitativeValue","minValue":"11","maxValue":"50"},"publishingPrinciples":"https:\/\/talkpal.ai\/publishing-principles\/","actionableFeedbackPolicy":"https:\/\/talkpal.ai\/actionable-feedback-policy\/","correctionsPolicy":"https:\/\/talkpal.ai\/corrections-policy\/","ethicsPolicy":"https:\/\/talkpal.ai\/ethics-policy\/","diversityPolicy":"https:\/\/talkpal.ai\/diversity-policy\/","diversityStaffingReport":"https:\/\/talkpal.ai\/diversity-policy\/"}]}},"_links":{"self":[{"href":"https:\/\/talkpal.ai\/cs\/wp-json\/wp\/v2\/pages\/146878","targetHints":{"allow":["GET"]}}],"collection":[{"href":"https:\/\/talkpal.ai\/cs\/wp-json\/wp\/v2\/pages"}],"about":[{"href":"https:\/\/talkpal.ai\/cs\/wp-json\/wp\/v2\/types\/page"}],"author":[{"embeddable":true,"href":"https:\/\/talkpal.ai\/cs\/wp-json\/wp\/v2\/users\/1"}],"replies":[{"embeddable":true,"href":"https:\/\/talkpal.ai\/cs\/wp-json\/wp\/v2\/comments?post=146878"}],"version-history":[{"count":0,"href":"https:\/\/talkpal.ai\/cs\/wp-json\/wp\/v2\/pages\/146878\/revisions"}],"wp:featuredmedia":[{"embeddable":true,"href":"https:\/\/talkpal.ai\/cs\/wp-json\/wp\/v2\/media\/115337"}],"wp:attachment":[{"href":"https:\/\/talkpal.ai\/cs\/wp-json\/wp\/v2\/media?parent=146878"}],"curies":[{"name":"wp","href":"https:\/\/api.w.org\/{rel}","templated":true}]}}