{"id":1467239,"date":"2025-11-12T16:09:11","date_gmt":"2025-11-12T16:09:11","guid":{"rendered":"https:\/\/talkpal.ai\/gramaticka-cviceni-oriya\/"},"modified":"2025-12-30T11:52:59","modified_gmt":"2025-12-30T11:52:59","slug":"gramaticka-cviceni-oriya","status":"publish","type":"page","link":"https:\/\/talkpal.ai\/cs\/gramaticka-cviceni-oriya\/","title":{"rendered":"Cvi\u010den\u00ed gramatiky odij\u0161tiny"},"content":{"rendered":"\r\n\r\n\r\n<section class=\"languageChallengeSection\">\r\n    <div class=\"languageInfoWrapper\">\r\n        \r\n        <h1>Cvi\u010den\u00ed gramatiky odij\u0161tiny<\/h1>\r\n        <p>Jste p\u0159ipraveni pono\u0159it se do gramatiky odij\u0161tiny? Procvi\u010den\u00ed n\u011bkolika z\u00e1klad\u016f v\u00e1m pom\u016f\u017ee se s t\u00edmto jedine\u010dn\u00fdm a kr\u00e1sn\u00fdm jazykem s\u017e\u00edt. Vyzkou\u0161ejte tato cvi\u010den\u00ed, abyste si pos\u00edlili sebev\u011bdom\u00ed a pobavili se u toho!<\/p>\r\n\r\n                            <a class=\"getStartedHidden\" href=\"https:\/\/app.talkpal.ai\/cs\/signup?lng=\">Za\u010dni<\/a>\r\n        \r\n    <\/div>\r\n\r\n    <figure>\r\n    <img decoding=\"async\" width=\"768\" height=\"768\" src=\"https:\/\/talkpal.ai\/wp-content\/uploads\/2023\/06\/welsh-768x768.png\" class=\"languageImage no-lazy\" alt=\"Language learning for better cognitive abilities\" fetchpriority=\"high\" sizes=\"(max-width: 768px) 150px, 768px\" srcset=\"https:\/\/talkpal.ai\/wp-content\/uploads\/2023\/06\/welsh-768x768.png 768w, https:\/\/talkpal.ai\/wp-content\/uploads\/2023\/06\/welsh-300x300.png 300w\" \/>\r\n    \r\n\r\n    <\/figure>\r\n\r\n            <a class=\"getStartedVisible\" href=\"https:\/\/app.talkpal.ai\/cs\/signup?lng=\">Za\u010dni<\/a>\r\n    \r\n<\/section><section class=\"promotionalBanner\">\r\n    <p class=\"promotionalText\">Nejefektivn\u011bj\u0161\u00ed <a href=\"https:\/\/talkpal.ai\/best-way-to-learn\/\">zp\u016fsob<\/a>, jak se nau\u010dit jazyk<\/p>\r\n    <a class=\"promotionalLink\" href=\"https:\/\/app.talkpal.ai\/cs\/signup?lng=\">Vyzkou\u0161ejte Talkpal zdarma<\/a>\r\n<\/section>\n<div class=\"wp-block-group pageContainerStyle\"><div class=\"wp-block-group__inner-container is-layout-constrained wp-block-group-is-layout-constrained\">\n<h2 class=\"wp-block-heading\" id=\"h-odia-grammar-topics\">T\u00e9mata gramatiky odij\u0161tiny<\/h2>\n\n\n\n<p><a href=\"https:\/\/talkpal.ai\/cs\/nejvetsi-chyby-kterych-je-treba-se-vyvarovat-pri-uceni-noveho-jazyka\/\">Nau\u010dit se nov\u00fd jazyk<\/a> m\u016f\u017ee b\u00fdt n\u00e1ro\u010dn\u00e9, ale obohacuj\u00edc\u00ed \u00fasil\u00ed. <a href=\"https:\/\/talkpal.ai\/learn-odia\/\">Odia<\/a>, indo\u00e1rijsk\u00fd jazyk pou\u017e\u00edvan\u00fd p\u0159ev\u00e1\u017en\u011b v indick\u00e9m st\u00e1t\u011b Odisha, nen\u00ed v\u00fdjimkou. S vlastn\u00edmi rysy a strukturami <a href=\"https:\/\/talkpal.ai\/cs\/talkpal-pro-vzdelavani\/\">vy\u017eaduje u\u010den\u00ed<\/a> od\u0161tiny systematick\u00fd p\u0159\u00edstup k pochopen\u00ed gramatiky. Tento pr\u016fvodce p\u0159edstavuje kl\u00ed\u010dov\u00e9 oblasti <a href=\"https:\/\/talkpal.ai\/oriya-grammar\/\">odijsk\u00e9 gramatiky<\/a> v logick\u00e9m sledu <a href=\"https:\/\/talkpal.ai\/cs\/talkpal-pro-vzdelavani\/\">pro u\u010den\u00ed jazyka<\/a>, za\u010d\u00ednaje z\u00e1klady, jako jsou podstatn\u00e1 jm\u00e9na a \u010dleny, a pokra\u010duje slo\u017eit\u011bj\u0161\u00edm oblastem, jako jsou \u010dasy a stavba v\u011bt.<\/p>\n\n\n\n<h3 class=\"wp-block-heading\" id=\"h-1-nouns\">1. Podstatn\u00e1 jm\u00e9na:<\/h3>\n\n\n\n<p>Za\u010dn\u011bte svou cestu jazykem odij\u0161tina t\u00edm, \u017ee se nau\u010d\u00edte podstatn\u00e1 jm\u00e9na. To zahrnuje pochopen\u00ed r\u016fzn\u00fdch kategori\u00ed podstatn\u00fdch jmen, jako jsou obecn\u00e1 a vlastn\u00ed jm\u00e9na, a tak\u00e9 jejich tvar\u016f v mno\u017en\u00e9m \u010d\u00edsle. V\u0161imn\u011bte si, \u017ee od\u0161tina obecn\u011b postr\u00e1d\u00e1 gramatick\u00fd rod a pou\u017e\u00edv\u00e1 mno\u017en\u00e9 markery jako -mane pro lidi a -gudika pro objekty.<\/p>\n\n\n\n<h3 class=\"wp-block-heading\" id=\"h-2-articles\">2. \u010cl\u00e1nky:<\/h3>\n\n\n\n<p>Odij\u0161tina nepou\u017e\u00edv\u00e1 ur\u010dit\u00e9 ani neur\u010dit\u00e9 \u010dleny jako <a href=\"https:\/\/talkpal.ai\/ai-english-speaking-practice\/\">angli\u010dtina<\/a> . Ur\u010ditost je obvykle vyj\u00e1d\u0159ena kontextem nebo ukazovac\u00edmi z\u00e1jmeny jako toto a tamto, a neur\u010ditost m\u016f\u017ee b\u00fdt v p\u0159\u00edpad\u011b pot\u0159eby vyj\u00e1d\u0159ena \u010d\u00edslic\u00ed.<\/p>\n\n\n\n<h3 class=\"wp-block-heading\" id=\"h-3-adjectives\">3. P\u0159\u00eddavn\u00e1 jm\u00e9na:<\/h3>\n\n\n\n<p>P\u0159\u00eddavn\u00e1 jm\u00e9na v od\u0161tin\u011b obvykle p\u0159edch\u00e1zej\u00ed podstatn\u00fdm jm\u00e9n\u016fm, kter\u00e1 upravuj\u00ed. Obvykle nem\u011bn\u00ed formu pro \u010d\u00edslo nebo pohlav\u00ed. Nau\u010dte se tvo\u0159it komparativy a superlativy, \u010dasto pomoc\u00ed slov jako adhika pro v\u00edce, sabuthu pro v\u011bt\u0161inu a marker tharu pro than.<\/p>\n\n\n\n<h3 class=\"wp-block-heading\" id=\"h-4-pronouns-determiners\">4. Z\u00e1jmena\/determinanty:<\/h3>\n\n\n\n<p>Z\u00e1jmena a determin\u00e1tory jsou v odij\u0161tin\u011b z\u00e1sadn\u00ed; nahrazuj\u00ed podstatn\u00e1 jm\u00e9na a poskytuj\u00ed informace o mno\u017estv\u00ed, dr\u017een\u00ed a dal\u0161\u00edch faktorech. Odij\u0161tina m\u00e1 v z\u00e1jmenech druh\u00e9 osoby m\u00edru zdvo\u0159ilosti a vlastnictv\u00ed je b\u011b\u017en\u011b ozna\u010dov\u00e1no genitivn\u00ed \u010d\u00e1stic\u00ed -ra. Ukazovac\u00ed z\u00e1jmena a kvantifik\u00e1tory jsou \u0161iroce pou\u017e\u00edv\u00e1ny.<\/p>\n\n\n\n<h3 class=\"wp-block-heading\" id=\"h-5-verbs\">5. Slovesa:<\/h3>\n\n\n\n<p>Odijsk\u00e1 slovesa maj\u00ed r\u016fzn\u00e9 tvary podle \u010dasu, aspektu, zp\u016fsobu a n\u011bkdy i \u00farovn\u00ed honorifiku. Za\u010dn\u011bte se sou\u010dasn\u00fdmi formami, v\u010detn\u011b obvykl\u00fdch a progresivn\u00edch, pak prozkoumejte minulost a budoucnost. Nau\u010dte se infinitiv nebo slovesn\u00e9 tvary podstatn\u00fdch jmen na -iba nebo -ba.<\/p>\n\n\n\n<h3 class=\"wp-block-heading\" id=\"h-6-tenses\">6. \u010casy:<\/h3>\n\n\n\n<p>Po zvl\u00e1dnut\u00ed slovesn\u00fdch forem se pono\u0159te hloub\u011bji do odijsk\u00fdch \u010das\u016f a aspekt\u016f. Pochopte rozd\u00edly mezi p\u0159\u00edtomn\u00fdm zvykov\u00fdm, p\u0159\u00edtomn\u00fdm pr\u016fb\u011bhov\u00fdm, p\u0159edminul\u00fdm p\u0159edminul\u00fdm, minul\u00fdm progresivn\u00edm a budouc\u00edm a jak se pou\u017e\u00edvaj\u00ed v r\u016fzn\u00fdch kontextech.<\/p>\n\n\n\n<h3 class=\"wp-block-heading\" id=\"h-7-tense-comparison\">7. Srovn\u00e1n\u00ed \u010das\u016f:<\/h3>\n\n\n\n<p>Porovn\u00e1n\u00ed \u010das\u016f v od\u0161tin\u011b pom\u00e1h\u00e1 pochopit sled a aspekt ud\u00e1lost\u00ed. Porovn\u00e1n\u00ed stejn\u00e9ho slovesa v b\u011b\u017en\u00e9m, progresivn\u00edm, dokonav\u00e9m a budouc\u00edm pou\u017eit\u00ed umo\u017en\u00ed l\u00e9pe porozum\u011bt jazyku.<\/p>\n\n\n\n<h3 class=\"wp-block-heading\" id=\"h-8-progressive\">8. Progresivn\u00ed:<\/h3>\n\n\n\n<p>Progresivn\u00ed aspekt v od\u0161tin\u011b slou\u017e\u00ed k vyj\u00e1d\u0159en\u00ed prob\u00edhaj\u00edc\u00edch \u010din\u016f. B\u011b\u017en\u011b se ozna\u010duje p\u0159\u00edponou -uchhi pro p\u0159\u00edtomnost, -uthila pro minulost a -uthiba pro budoucnost, kter\u00e1 je zalo\u017eena na slovesn\u00e9m kmeni a p\u0159idru\u017een\u00fdch pomocn\u00fdch tvarech.<\/p>\n\n\n\n<h3 class=\"wp-block-heading\" id=\"h-9-perfect-progressive\">9. Perfektn\u00ed progresivn\u00ed:<\/h3>\n\n\n\n<p>Pou\u017e\u00edv\u00e1 se k vyj\u00e1d\u0159en\u00ed akc\u00ed, kter\u00e9 prob\u00edhaj\u00ed a\u017e do ur\u010dit\u00e9ho bodu. V odij\u0161tin\u011b se obvykle vyjad\u0159uje progresivn\u00ed konstrukc\u00ed spolu s \u010dasov\u00fdmi v\u00fdrazy jako dhari nebo tharu pro ozna\u010den\u00ed d\u00e9lky trv\u00e1n\u00ed, nikoli s vyhrazenou dokonalou a progresivn\u00ed pomocnou kombinac\u00ed.<\/p>\n\n\n\n<h3 class=\"wp-block-heading\" id=\"h-10-conditionals\">10. Kondicion\u00e1ly:<\/h3>\n\n\n\n<p>Podmi\u0148ovac\u00ed zp\u016fsob vyjad\u0159uje hypotetick\u00e9 situace a jejich mo\u017en\u00e9 v\u00fdsledky. Odij\u0161tina pou\u017e\u00edv\u00e1 podm\u00edn\u011bn\u00e9 markery a slova jako <a href=\"https:\/\/talkpal.ai\/will-ai-kill-traditional-language-learning\/\">jadi<\/a> nebo yadi pro pokud a slovesn\u00e9 podm\u00edn\u011bn\u00e9 formy v -le k vyj\u00e1d\u0159en\u00ed t\u011bchto vztah\u016f.<\/p>\n\n\n\n<h3 class=\"wp-block-heading\" id=\"h-11-adverbs\">11. P\u0159\u00edslovce:<\/h3>\n\n\n\n<p>P\u0159\u00edslovce v od\u0161tin\u011b modifikuj\u00ed slovesa, p\u0159\u00eddavn\u00e1 jm\u00e9na nebo jin\u00e9 p\u0159\u00edslovce. Poskytuj\u00ed informace o zp\u016fsobu, m\u00edst\u011b, \u010dase, stupni a dal\u0161\u00edch a jsou um\u00edst\u011bny podle d\u016frazu a toku v\u011bt.<\/p>\n\n\n\n<h3 class=\"wp-block-heading\" id=\"h-12-prepositions\">12. P\u0159edlo\u017eky:<\/h3>\n\n\n\n<p>Odij\u0161tina prim\u00e1rn\u011b pou\u017e\u00edv\u00e1 postpozice, kter\u00e9 n\u00e1sleduj\u00ed podstatn\u00e1 jm\u00e9na, ke kter\u00fdm se vztahuj\u00ed. Spojuj\u00ed slova a fr\u00e1ze dohromady a vyjad\u0159uj\u00ed vztahy \u010dasu, m\u00edsta, sm\u011bru, zdroje a \u00fa\u010delu, jako je -re in nebo at, -ku to, -ru from a pain for.<\/p>\n\n\n\n<h3 class=\"wp-block-heading\" id=\"h-13-sentences\">13. V\u011bty:<\/h3>\n\n\n\n<p>Nakonec si procvi\u010dte vytv\u00e1\u0159en\u00ed v\u011bt. Odij\u0161tina obvykle n\u00e1sleduje po\u0159ad\u00ed podm\u011btov\u00fdch a p\u0159edm\u011btov\u00fdch sloves. To bude zahrnovat pou\u017eit\u00ed v\u0161ech d\u0159\u00edve nau\u010den\u00fdch gramatick\u00fdch bod\u016f v kontextu, v\u010detn\u011b vzor\u016f shody a b\u011b\u017en\u00fdch negacn\u00edch forem, \u010d\u00edm\u017e zajist\u00edte komplexn\u00ed porozum\u011bn\u00ed jazyku <a href=\"https:\/\/talkpal.ai\/learn-odia\/\">odia<\/a>.<\/p>\n<\/div><\/div>\n\r\n<section class=\"learnNavigationSection\">\r\n            \r\n        <a href=\"https:\/\/talkpal.ai\/cs\/naucte-se-oriya\/\">\r\n            <div class=\"learnNavigationWrapper\">\r\n                <div class=\"learnNavigationContent\">\r\n                    <img decoding=\"async\" src=\"https:\/\/talkpal.ai\/wp-content\/uploads\/2025\/11\/Oriya.png\" alt=\"Indian Simplified Flag\">\r\n                    <div>\r\n                        <h4>O Odia Learning<\/h4>\r\n                        <p>Zjist\u011bte v\u0161e o odijsk\u00e9 gramatice.<\/p>\r\n                    <\/div>\r\n                <\/div>\r\n            <\/div>\r\n        <\/a>\r\n\r\n        \r\n        <a href=\"https:\/\/talkpal.ai\/cs\/oriya-gramatika\/\">\r\n            <div class=\"learnNavigationWrapper\">\r\n                <div class=\"learnNavigationContent\">\r\n                    <img decoding=\"async\" src=\"https:\/\/talkpal.ai\/wp-content\/uploads\/2025\/11\/Oriya.png\" alt=\"Indian Simplified Flag\">\r\n                    <div>\r\n                        <h4>Lekce gramatiky odij\u0161tiny<\/h4>\r\n                        <p>Procvi\u010dujte gramatiku odij\u0161tiny.<\/p>\r\n                    <\/div>\r\n                <\/div>\r\n            <\/div>\r\n        <\/a>\r\n\r\n            <\/section>","protected":false},"excerpt":{"rendered":"<p>T\u00e9mata gramatiky odij\u0161tiny Nau\u010dit se nov\u00fd jazyk m\u016f\u017ee b\u00fdt n\u00e1ro\u010dn\u00e9, ale obohacuj\u00edc\u00ed \u00fasil\u00ed. Odia, indo\u00e1rijsk\u00fd jazyk pou\u017e\u00edvan\u00fd p\u0159ev\u00e1\u017en\u011b v indick\u00e9m st\u00e1t\u011b Odisha, nen\u00ed v\u00fdjimkou. S vlastn\u00edmi rysy a strukturami vy\u017eaduje u\u010den\u00ed od\u0161tiny systematick\u00fd p\u0159\u00edstup k pochopen\u00ed gramatiky. Tento pr\u016fvodce p\u0159edstavuje kl\u00ed\u010dov\u00e9 oblasti odijsk\u00e9 gramatiky v logick\u00e9m sledu pro u\u010den\u00ed jazyka, za\u010d\u00ednaje z\u00e1klady, jako jsou podstatn\u00e1 [&hellip;]<\/p>\n","protected":false},"author":20,"featured_media":0,"parent":0,"menu_order":0,"comment_status":"closed","ping_status":"closed","template":"LearningContentPage.php","meta":{"_acf_changed":false,"footnotes":""},"class_list":["post-1467239","page","type-page","status-publish","hentry"],"acf":[],"yoast_head":"<!-- This site is optimized with the Yoast SEO Premium plugin v27.2 (Yoast SEO v27.2) - https:\/\/yoast.com\/product\/yoast-seo-premium-wordpress\/ -->\n<title>Cvi\u010den\u00ed gramatiky odij\u0161tiny - Talkpal<\/title>\n<meta name=\"description\" content=\"Zvl\u00e1dn\u011bte odijskou gramatiku pomoc\u00ed interaktivn\u00edch cvi\u010den\u00ed navr\u017een\u00fdch tak, aby v\u00e1m pomohla efektivn\u011b zlep\u0161it va\u0161e jazykov\u00e9 dovednosti a plynulost.\" \/>\n<meta name=\"robots\" content=\"index, follow, max-snippet:-1, max-image-preview:large, max-video-preview:-1\" \/>\n<link rel=\"canonical\" href=\"https:\/\/talkpal.ai\/cs\/gramaticka-cviceni-oriya\/\" \/>\n<meta property=\"og:locale\" content=\"cs_CZ\" \/>\n<meta property=\"og:type\" content=\"article\" \/>\n<meta property=\"og:title\" content=\"Cvi\u010den\u00ed gramatiky odij\u0161tiny\" \/>\n<meta property=\"og:description\" content=\"T\u00e9mata gramatiky odij\u0161tiny Nau\u010dit se nov\u00fd jazyk m\u016f\u017ee b\u00fdt n\u00e1ro\u010dn\u00e9, ale obohacuj\u00edc\u00ed \u00fasil\u00ed. Odia, indo\u00e1rijsk\u00fd jazyk pou\u017e\u00edvan\u00fd p\u0159ev\u00e1\u017en\u011b v indick\u00e9m st\u00e1t\u011b\" \/>\n<meta property=\"og:url\" content=\"https:\/\/talkpal.ai\/cs\/gramaticka-cviceni-oriya\/\" \/>\n<meta property=\"og:site_name\" content=\"Talkpal\" \/>\n<meta property=\"article:publisher\" content=\"https:\/\/www.facebook.com\/profile.php?id=100090733639311\" \/>\n<meta property=\"article:modified_time\" content=\"2025-12-30T11:52:59+00:00\" \/>\n<meta property=\"og:image\" content=\"https:\/\/talkpal.ai\/wp-content\/uploads\/2025\/02\/Progress-tab-16_9.png\" \/>\n\t<meta property=\"og:image:width\" content=\"2880\" \/>\n\t<meta property=\"og:image:height\" content=\"1620\" \/>\n\t<meta property=\"og:image:type\" content=\"image\/png\" \/>\n<meta name=\"twitter:card\" content=\"summary_large_image\" \/>\n<meta name=\"twitter:site\" content=\"@talkpalai\" \/>\n<meta name=\"twitter:label1\" content=\"Odhadovan\u00e1 doba \u010dten\u00ed\" \/>\n\t<meta name=\"twitter:data1\" content=\"4 minuty\" \/>\n<script type=\"application\/ld+json\" class=\"yoast-schema-graph\">{\"@context\":\"https:\/\/schema.org\",\"@graph\":[{\"@type\":\"WebPage\",\"@id\":\"https:\/\/talkpal.ai\/cs\/gramaticka-cviceni-oriya\/\",\"url\":\"https:\/\/talkpal.ai\/cs\/gramaticka-cviceni-oriya\/\",\"name\":\"Cvi\u010den\u00ed gramatiky odij\u0161tiny - Talkpal\",\"isPartOf\":{\"@id\":\"https:\/\/talkpal.ai\/cs\/#website\"},\"datePublished\":\"2025-11-12T16:09:11+00:00\",\"dateModified\":\"2025-12-30T11:52:59+00:00\",\"description\":\"Zvl\u00e1dn\u011bte odijskou gramatiku pomoc\u00ed interaktivn\u00edch cvi\u010den\u00ed navr\u017een\u00fdch tak, aby v\u00e1m pomohla efektivn\u011b zlep\u0161it va\u0161e jazykov\u00e9 dovednosti a plynulost.\",\"breadcrumb\":{\"@id\":\"https:\/\/talkpal.ai\/cs\/gramaticka-cviceni-oriya\/#breadcrumb\"},\"inLanguage\":\"cs\",\"potentialAction\":[{\"@type\":\"ReadAction\",\"target\":[\"https:\/\/talkpal.ai\/cs\/gramaticka-cviceni-oriya\/\"]}]},{\"@type\":\"BreadcrumbList\",\"@id\":\"https:\/\/talkpal.ai\/cs\/gramaticka-cviceni-oriya\/#breadcrumb\",\"itemListElement\":[{\"@type\":\"ListItem\",\"position\":1,\"name\":\"Homepage\",\"item\":\"https:\/\/talkpal.ai\/cs\/\"},{\"@type\":\"ListItem\",\"position\":2,\"name\":\"Cvi\u010den\u00ed gramatiky odij\u0161tiny\"}]},{\"@type\":\"WebSite\",\"@id\":\"https:\/\/talkpal.ai\/cs\/#website\",\"url\":\"https:\/\/talkpal.ai\/cs\/\",\"name\":\"Talkpal\",\"description\":\"AI Language Learning\",\"publisher\":{\"@id\":\"https:\/\/talkpal.ai\/cs\/#organization\"},\"alternateName\":\"Talkpal AI\",\"potentialAction\":[{\"@type\":\"SearchAction\",\"target\":{\"@type\":\"EntryPoint\",\"urlTemplate\":\"https:\/\/talkpal.ai\/cs\/?s={search_term_string}\"},\"query-input\":{\"@type\":\"PropertyValueSpecification\",\"valueRequired\":true,\"valueName\":\"search_term_string\"}}],\"inLanguage\":\"cs\"},{\"@type\":\"Organization\",\"@id\":\"https:\/\/talkpal.ai\/cs\/#organization\",\"name\":\"Talkpal, Inc.\",\"alternateName\":\"Talkpal AI\",\"url\":\"https:\/\/talkpal.ai\/cs\/\",\"logo\":{\"@type\":\"ImageObject\",\"inLanguage\":\"cs\",\"@id\":\"https:\/\/talkpal.ai\/cs\/#\/schema\/logo\/image\/\",\"url\":\"https:\/\/talkpal.ai\/wp-content\/uploads\/2024\/03\/Talkpal-Logo-Icon.png\",\"contentUrl\":\"https:\/\/talkpal.ai\/wp-content\/uploads\/2024\/03\/Talkpal-Logo-Icon.png\",\"width\":2880,\"height\":2880,\"caption\":\"Talkpal, Inc.\"},\"image\":{\"@id\":\"https:\/\/talkpal.ai\/cs\/#\/schema\/logo\/image\/\"},\"sameAs\":[\"https:\/\/www.facebook.com\/profile.php?id=100090733639311\",\"https:\/\/x.com\/talkpalai\",\"https:\/\/www.linkedin.com\/company\/talkpal\/\",\"https:\/\/www.youtube.com\/@TalkPal\/\",\"https:\/\/www.tiktok.com\/@talkpal\",\"https:\/\/www.instagram.com\/talkpal_ai\/\",\"https:\/\/www.crunchbase.com\/organization\/talkpal-9cde\",\"https:\/\/www.g2.com\/products\/talkpal-for-business\/\",\"https:\/\/www.trustpilot.com\/review\/talkpal.ai\",\"https:\/\/www.capterra.com\/p\/10006800\/TalkPal\/\"],\"description\":\"Talkpal is a language learning web and mobile education app, powered by the latest AI technologies, that provides engaging experiences to its customers in many different languages to help them improve their language skills. Users can chat about unlimited amount of topics with the app and use other modes to practice their language learning.\",\"email\":\"support@talkpal.ai\",\"legalName\":\"Talkpal, Inc.\",\"foundingDate\":\"2023-04-03\",\"duns\":\"118989042\",\"numberOfEmployees\":{\"@type\":\"QuantitativeValue\",\"minValue\":\"11\",\"maxValue\":\"50\"},\"publishingPrinciples\":\"https:\/\/talkpal.ai\/publishing-principles\/\",\"actionableFeedbackPolicy\":\"https:\/\/talkpal.ai\/actionable-feedback-policy\/\",\"correctionsPolicy\":\"https:\/\/talkpal.ai\/corrections-policy\/\",\"ethicsPolicy\":\"https:\/\/talkpal.ai\/ethics-policy\/\",\"diversityPolicy\":\"https:\/\/talkpal.ai\/diversity-policy\/\",\"diversityStaffingReport\":\"https:\/\/talkpal.ai\/diversity-policy\/\"}]}<\/script>\n<!-- \/ Yoast SEO Premium plugin. -->","yoast_head_json":{"title":"Cvi\u010den\u00ed gramatiky odij\u0161tiny - Talkpal","description":"Zvl\u00e1dn\u011bte odijskou gramatiku pomoc\u00ed interaktivn\u00edch cvi\u010den\u00ed navr\u017een\u00fdch tak, aby v\u00e1m pomohla efektivn\u011b zlep\u0161it va\u0161e jazykov\u00e9 dovednosti a plynulost.","robots":{"index":"index","follow":"follow","max-snippet":"max-snippet:-1","max-image-preview":"max-image-preview:large","max-video-preview":"max-video-preview:-1"},"canonical":"https:\/\/talkpal.ai\/cs\/gramaticka-cviceni-oriya\/","og_locale":"cs_CZ","og_type":"article","og_title":"Cvi\u010den\u00ed gramatiky odij\u0161tiny","og_description":"T\u00e9mata gramatiky odij\u0161tiny Nau\u010dit se nov\u00fd jazyk m\u016f\u017ee b\u00fdt n\u00e1ro\u010dn\u00e9, ale obohacuj\u00edc\u00ed \u00fasil\u00ed. Odia, indo\u00e1rijsk\u00fd jazyk pou\u017e\u00edvan\u00fd p\u0159ev\u00e1\u017en\u011b v indick\u00e9m st\u00e1t\u011b","og_url":"https:\/\/talkpal.ai\/cs\/gramaticka-cviceni-oriya\/","og_site_name":"Talkpal","article_publisher":"https:\/\/www.facebook.com\/profile.php?id=100090733639311","article_modified_time":"2025-12-30T11:52:59+00:00","og_image":[{"width":2880,"height":1620,"url":"https:\/\/talkpal.ai\/wp-content\/uploads\/2025\/02\/Progress-tab-16_9.png","type":"image\/png"}],"twitter_card":"summary_large_image","twitter_site":"@talkpalai","twitter_misc":{"Odhadovan\u00e1 doba \u010dten\u00ed":"4 minuty"},"schema":{"@context":"https:\/\/schema.org","@graph":[{"@type":"WebPage","@id":"https:\/\/talkpal.ai\/cs\/gramaticka-cviceni-oriya\/","url":"https:\/\/talkpal.ai\/cs\/gramaticka-cviceni-oriya\/","name":"Cvi\u010den\u00ed gramatiky odij\u0161tiny - Talkpal","isPartOf":{"@id":"https:\/\/talkpal.ai\/cs\/#website"},"datePublished":"2025-11-12T16:09:11+00:00","dateModified":"2025-12-30T11:52:59+00:00","description":"Zvl\u00e1dn\u011bte odijskou gramatiku pomoc\u00ed interaktivn\u00edch cvi\u010den\u00ed navr\u017een\u00fdch tak, aby v\u00e1m pomohla efektivn\u011b zlep\u0161it va\u0161e jazykov\u00e9 dovednosti a plynulost.","breadcrumb":{"@id":"https:\/\/talkpal.ai\/cs\/gramaticka-cviceni-oriya\/#breadcrumb"},"inLanguage":"cs","potentialAction":[{"@type":"ReadAction","target":["https:\/\/talkpal.ai\/cs\/gramaticka-cviceni-oriya\/"]}]},{"@type":"BreadcrumbList","@id":"https:\/\/talkpal.ai\/cs\/gramaticka-cviceni-oriya\/#breadcrumb","itemListElement":[{"@type":"ListItem","position":1,"name":"Homepage","item":"https:\/\/talkpal.ai\/cs\/"},{"@type":"ListItem","position":2,"name":"Cvi\u010den\u00ed gramatiky odij\u0161tiny"}]},{"@type":"WebSite","@id":"https:\/\/talkpal.ai\/cs\/#website","url":"https:\/\/talkpal.ai\/cs\/","name":"Talkpal","description":"AI Language Learning","publisher":{"@id":"https:\/\/talkpal.ai\/cs\/#organization"},"alternateName":"Talkpal AI","potentialAction":[{"@type":"SearchAction","target":{"@type":"EntryPoint","urlTemplate":"https:\/\/talkpal.ai\/cs\/?s={search_term_string}"},"query-input":{"@type":"PropertyValueSpecification","valueRequired":true,"valueName":"search_term_string"}}],"inLanguage":"cs"},{"@type":"Organization","@id":"https:\/\/talkpal.ai\/cs\/#organization","name":"Talkpal, Inc.","alternateName":"Talkpal AI","url":"https:\/\/talkpal.ai\/cs\/","logo":{"@type":"ImageObject","inLanguage":"cs","@id":"https:\/\/talkpal.ai\/cs\/#\/schema\/logo\/image\/","url":"https:\/\/talkpal.ai\/wp-content\/uploads\/2024\/03\/Talkpal-Logo-Icon.png","contentUrl":"https:\/\/talkpal.ai\/wp-content\/uploads\/2024\/03\/Talkpal-Logo-Icon.png","width":2880,"height":2880,"caption":"Talkpal, Inc."},"image":{"@id":"https:\/\/talkpal.ai\/cs\/#\/schema\/logo\/image\/"},"sameAs":["https:\/\/www.facebook.com\/profile.php?id=100090733639311","https:\/\/x.com\/talkpalai","https:\/\/www.linkedin.com\/company\/talkpal\/","https:\/\/www.youtube.com\/@TalkPal\/","https:\/\/www.tiktok.com\/@talkpal","https:\/\/www.instagram.com\/talkpal_ai\/","https:\/\/www.crunchbase.com\/organization\/talkpal-9cde","https:\/\/www.g2.com\/products\/talkpal-for-business\/","https:\/\/www.trustpilot.com\/review\/talkpal.ai","https:\/\/www.capterra.com\/p\/10006800\/TalkPal\/"],"description":"Talkpal is a language learning web and mobile education app, powered by the latest AI technologies, that provides engaging experiences to its customers in many different languages to help them improve their language skills. Users can chat about unlimited amount of topics with the app and use other modes to practice their language learning.","email":"support@talkpal.ai","legalName":"Talkpal, Inc.","foundingDate":"2023-04-03","duns":"118989042","numberOfEmployees":{"@type":"QuantitativeValue","minValue":"11","maxValue":"50"},"publishingPrinciples":"https:\/\/talkpal.ai\/publishing-principles\/","actionableFeedbackPolicy":"https:\/\/talkpal.ai\/actionable-feedback-policy\/","correctionsPolicy":"https:\/\/talkpal.ai\/corrections-policy\/","ethicsPolicy":"https:\/\/talkpal.ai\/ethics-policy\/","diversityPolicy":"https:\/\/talkpal.ai\/diversity-policy\/","diversityStaffingReport":"https:\/\/talkpal.ai\/diversity-policy\/"}]}},"_links":{"self":[{"href":"https:\/\/talkpal.ai\/cs\/wp-json\/wp\/v2\/pages\/1467239","targetHints":{"allow":["GET"]}}],"collection":[{"href":"https:\/\/talkpal.ai\/cs\/wp-json\/wp\/v2\/pages"}],"about":[{"href":"https:\/\/talkpal.ai\/cs\/wp-json\/wp\/v2\/types\/page"}],"author":[{"embeddable":true,"href":"https:\/\/talkpal.ai\/cs\/wp-json\/wp\/v2\/users\/20"}],"replies":[{"embeddable":true,"href":"https:\/\/talkpal.ai\/cs\/wp-json\/wp\/v2\/comments?post=1467239"}],"version-history":[{"count":0,"href":"https:\/\/talkpal.ai\/cs\/wp-json\/wp\/v2\/pages\/1467239\/revisions"}],"wp:attachment":[{"href":"https:\/\/talkpal.ai\/cs\/wp-json\/wp\/v2\/media?parent=1467239"}],"curies":[{"name":"wp","href":"https:\/\/api.w.org\/{rel}","templated":true}]}}