{"id":1467179,"date":"2025-11-12T09:53:32","date_gmt":"2025-11-12T09:53:32","guid":{"rendered":"https:\/\/talkpal.ai\/irska-gramatika\/"},"modified":"2025-12-30T14:51:36","modified_gmt":"2025-12-30T14:51:36","slug":"irska-gramatika","status":"publish","type":"page","link":"https:\/\/talkpal.ai\/cs\/irska-gramatika\/","title":{"rendered":"Irsk\u00e1 gramatika"},"content":{"rendered":"\r\n\r\n\r\n<section class=\"languageChallengeSection\">\r\n    <div class=\"languageInfoWrapper\">\r\n        \r\n        <h1>Irsk\u00e1 gramatika<\/h1>\r\n        <p>Irsk\u00e1 <a href=\"https:\/\/talkpal.ai\/sq\/gramatika\/\">gramatika<\/a> se m\u016f\u017ee na prvn\u00ed pohled zd\u00e1t n\u00e1ro\u010dn\u00e1, ale d\u00edky jej\u00edm jedine\u010dn\u00fdm vlastnostem je u\u010den\u00ed jazyka obohacuj\u00edc\u00ed zku\u0161enost\u00ed. P\u0159i zkoum\u00e1n\u00ed abecedy, mutac\u00ed a gramatick\u00fdch pravidel z\u00edsk\u00e1te p\u0159ehled o bohat\u00e9 jazykov\u00e9 tradici. Vydejte se na cestu a objevte kr\u00e1sy Irska!<\/p>\r\n\r\n                            <a class=\"getStartedHidden\" href=\"https:\/\/app.talkpal.ai\/cs\/signup?lng=\">Za\u010dni<\/a>\r\n        \r\n    <\/div>\r\n\r\n    <figure>\r\n    <img decoding=\"async\" width=\"768\" height=\"768\" src=\"https:\/\/talkpal.ai\/wp-content\/uploads\/2023\/06\/welsh-768x768.png\" class=\"languageImage no-lazy\" alt=\"Language learning for better cognitive abilities\" fetchpriority=\"high\" sizes=\"(max-width: 768px) 150px, 768px\" srcset=\"https:\/\/talkpal.ai\/wp-content\/uploads\/2023\/06\/welsh-768x768.png 768w, https:\/\/talkpal.ai\/wp-content\/uploads\/2023\/06\/welsh-300x300.png 300w\" \/>\r\n    \r\n\r\n    <\/figure>\r\n\r\n            <a class=\"getStartedVisible\" href=\"https:\/\/app.talkpal.ai\/cs\/signup?lng=\">Za\u010dni<\/a>\r\n    \r\n<\/section><section class=\"promotionalBanner\">\r\n    <p class=\"promotionalText\">Nejefektivn\u011bj\u0161\u00ed zp\u016fsob, jak se nau\u010dit jazyk<\/p>\r\n    <a class=\"promotionalLink\" href=\"https:\/\/app.talkpal.ai\/cs\/signup?lng=\">Vyzkou\u0161ejte Talkpal zdarma<\/a>\r\n<\/section>\n<div class=\"wp-block-group pageContainerStyle\"><div class=\"wp-block-group__inner-container is-layout-constrained wp-block-group-is-layout-constrained\">\n<h2 class=\"wp-block-heading\" id=\"h-navigating-the-intricacies-of-irish-grammar\">Orientace ve spletitosti irsk\u00e9 gramatiky<\/h2>\n\n\n\n<p><a href=\"https:\/\/talkpal.ai\/cs\/naucte-se-irsky\/\">Ir\u0161tina<\/a>, goidelsk\u00fd keltsk\u00fd jazyk s bohatou histori\u00ed a kulturn\u00edm v\u00fdznamem, nab\u00edz\u00ed vzru\u0161uj\u00edc\u00ed lingvistick\u00fd z\u00e1\u017eitek pro ty, kte\u0159\u00ed tou\u017e\u00ed prozkoumat jej\u00ed jedine\u010dn\u00fd gramatick\u00fd syst\u00e9m. Kdy\u017e se vyd\u00e1te do \u0159\u00ed\u0161e ir\u0161tiny, obohat\u00edte nejen sv\u016fj jazykov\u00fd reperto\u00e1r, ale tak\u00e9 se vyd\u00e1te na fascinuj\u00edc\u00ed kulturn\u00ed cestu. I kdy\u017e se irsk\u00e1 gramatika m\u016f\u017ee na prvn\u00ed pohled zd\u00e1t slo\u017eit\u00e1, jej\u00ed rozd\u011blen\u00ed na z\u00e1kladn\u00ed slo\u017eky \u010din\u00ed u\u010den\u00ed jazyka p\u0159\u00edstupn\u011bj\u0161\u00edm. V tomto \u010dl\u00e1nku prozkoum\u00e1me podmaniv\u00fd sv\u011bt irsk\u00e9 gramatiky a poskytneme tipy, jak zvl\u00e1dnout jej\u00ed slo\u017eitosti.<\/p>\n\n\n\n<h3 class=\"wp-block-heading\" id=\"h-1-irish-alphabet-and-phonetics\">1. Irsk\u00e1 abeceda a fonetika<\/h3>\n\n\n\n<p>Irsk\u00e1 abeceda se tradi\u010dn\u011b skl\u00e1d\u00e1 z 18 p\u00edsmen, p\u0159i\u010dem\u017e dal\u0161\u00ed p\u00edsmena se objevuj\u00ed v p\u0159ejat\u00fdch slovech. <a href=\"https:\/\/talkpal.ai\/learn-irish\/\">Ir\u0161tina<\/a> pou\u017e\u00edv\u00e1 fada k ozna\u010den\u00ed dlouh\u00fdch samohl\u00e1sek a rozli\u0161uje \u0161irok\u00e9 a \u0161t\u00edhl\u00e9 souhl\u00e1sky na z\u00e1klad\u011b okoln\u00edch samohl\u00e1sek. P\u00edsemn\u00fd syst\u00e9m pou\u017e\u00edv\u00e1 h k ozna\u010den\u00ed lenition, vytv\u00e1\u0159\u00ed sp\u0159e\u017eky jako bh a mh. Abyste se nau\u010dili <a href=\"https:\/\/talkpal.ai\/cs\/cviceni-na-irskou-gramatiku\/\">irskou gramatiku<\/a>, je d\u016fle\u017eit\u00e9 sezn\u00e1mit se s t\u00edmto charakteristick\u00fdm syst\u00e9mem psan\u00ed procvi\u010dov\u00e1n\u00edm \u010dten\u00ed a psan\u00ed v ir\u0161tin\u011b.<\/p>\n\n\n\n<h3 class=\"wp-block-heading\" id=\"h-2-mutations-a-peculiar-irish-feature\">2. Mutace: Zvl\u00e1\u0161tn\u00ed irsk\u00fd rys<\/h3>\n\n\n\n<p>Jedn\u00edm z nejpozoruhodn\u011bj\u0161\u00edch aspekt\u016f irsk\u00e9 gramatiky je v\u00fdskyt po\u010d\u00e1te\u010dn\u00edch mutac\u00ed. Dva z\u00e1kladn\u00ed typy jsou lenition, kter\u00e1 p\u0159id\u00e1v\u00e1 h za ur\u010dit\u00e9 souhl\u00e1sky, a eclipsis, kter\u00e1 p\u0159edch\u00e1z\u00ed souhl\u00e1sce k jin\u00e9. Ir\u0161tina tak\u00e9 pou\u017e\u00edv\u00e1 t-prefixaci a h-prefixaci ve specifick\u00fdch kontextech. Pochopen\u00ed toho, kdy k t\u011bmto mutac\u00edm doch\u00e1z\u00ed, nap\u0159\u00edklad po ur\u010dit\u00fdch p\u0159edlo\u017ek\u00e1ch, p\u0159ivlast\u0148ovac\u00edch z\u00e1jmenech, \u010d\u00edslovk\u00e1ch a ur\u010dit\u00e9m \u010dlenu, je \u017eivotn\u011b d\u016fle\u017eit\u00e9 pro p\u0159esnou komunikaci v ir\u0161tin\u011b.<\/p>\n\n\n\n<h3 class=\"wp-block-heading\" id=\"h-3-nouns-and-pronouns-gender-and-cases\">3. Podstatn\u00e1 jm\u00e9na a z\u00e1jmena: rod a p\u00e1dy<\/h3>\n\n\n\n<p>Irsk\u00e1 podstatn\u00e1 jm\u00e9na maj\u00ed gramatick\u00fd rod, bu\u010f mu\u017esk\u00fd nebo \u017eensk\u00fd, a tvo\u0159\u00ed mno\u017en\u00e9 \u010d\u00edslo pomoc\u00ed r\u016fzn\u00fdch vzor\u016f. D\u016fle\u017eit\u00e1 je tak\u00e9 velikost p\u00edsmen, proto\u017ee funkce nominativu, genitivu, vokativu a dativu se objevuj\u00ed v r\u016fzn\u00fdch kontextech. Z\u00e1jmena v ir\u0161tin\u011b zahrnuj\u00ed osobn\u00ed, p\u0159ivlast\u0148ovac\u00ed, d\u016frazn\u00e1, ukazovac\u00ed, t\u00e1zac\u00ed a p\u0159edlo\u017ekov\u00e1 z\u00e1jmena, kter\u00e1 se kombinuj\u00ed s jednoduch\u00fdmi p\u0159edlo\u017ekami. Sezn\u00e1men\u00ed se s t\u011bmito z\u00e1jmeny a jejich tvary v\u00fdrazn\u011b zlep\u0161\u00ed va\u0161e ch\u00e1p\u00e1n\u00ed irsk\u00e9 gramatiky.<\/p>\n\n\n\n<h3 class=\"wp-block-heading\" id=\"h-4-verbs-structure-and-conjugation\">4. Slovesa: struktura a \u010dasov\u00e1n\u00ed<\/h3>\n\n\n\n<p>Irsk\u00e1 slovesa maj\u00ed v\u00fdraznou strukturu, kter\u00e1 zahrnuje analytick\u00e9 i syntetick\u00e9 tvary, p\u0159i\u010dem\u017e \u010dasov\u00e1n\u00ed se li\u0161\u00ed podle \u010dasu, n\u00e1lady a osoby. Esenci\u00e1ln\u00ed \u010dasy jsou p\u0159\u00edtomn\u00fd, minul\u00fd a budouc\u00ed, s dal\u0161\u00edmi prvky, jako jsou podmi\u0148ovac\u00ed a rozkazovac\u00ed zp\u016fsoby, stejn\u011b jako neosobn\u00ed autonomn\u00ed forma. \u010c\u00e1stice jako an, n\u00ed, go a nach interaguj\u00ed se slovesy a spou\u0161t\u011bj\u00ed mutace. Sloveso b\u00ed a kopule hraj\u00ed \u00fast\u0159edn\u00ed roli a slovesn\u00e9 podstatn\u00e9 jm\u00e9no je hojn\u011b pou\u017e\u00edv\u00e1no k vytv\u00e1\u0159en\u00ed progresivn\u00edch konstrukc\u00ed. Osvojen\u00ed slovesn\u00e9ho syst\u00e9mu a jeho nepravideln\u00fdch sloves zlep\u0161\u00ed va\u0161i schopnost efektivn\u011b komunikovat v ir\u0161tin\u011b.<\/p>\n\n\n\n<h3 class=\"wp-block-heading\" id=\"h-5-adjectives-agreement-and-placement\">5. P\u0159\u00eddavn\u00e1 jm\u00e9na: Shoda a um\u00edst\u011bn\u00ed<\/h3>\n\n\n\n<p>V irsk\u00e9 gramatice p\u0159\u00eddavn\u00e1 jm\u00e9na obvykle n\u00e1sleduj\u00ed za podstatn\u00fdm jm\u00e9nem, kter\u00e9 modifikuj\u00ed a shoduj\u00ed se v rodu, \u010d\u00edsle a p\u00e1du. P\u0159\u00eddavn\u00e1 jm\u00e9na mohou v ur\u010dit\u00fdch kontextech lenitovat po podstatn\u00fdch jm\u00e9nech v \u017eensk\u00e9m \u010d\u00edsle v jednotn\u00e9m \u010d\u00edsle a mnoh\u00e1 maj\u00ed koncovky v mno\u017en\u00e9m \u010d\u00edsle. Komparativy a superlativy jsou \u010dasto tvo\u0159eny s n\u00edos a is a n\u011bkter\u00e1 p\u0159\u00eddavn\u00e1 jm\u00e9na vykazuj\u00ed nepravideln\u00e9 komparativy a superlativy.<\/p>\n\n\n\n<p><strong>P\u0159\u00edklady:<\/strong><\/p>\n\n\n\n<p><strong>\u2013 Gr\u00e1 M\u00f3r (Velk\u00e1 l\u00e1ska)<\/strong><\/p>\n\n\n\n<p><strong>\u2013 p\u00e1ist\u00ed beaga (mal\u00e9 d\u011bti)<\/strong><\/p>\n\n\n\n<h3 class=\"wp-block-heading\" id=\"h-6-engaging-with-the-language\">6. Zapojen\u00ed do jazyka<\/h3>\n\n\n\n<p>Nej\u00fa\u010dinn\u011bj\u0161\u00edm zp\u016fsobem, jak pln\u011b porozum\u011bt a osvojit si irskou gramatiku, je d\u016fsledn\u011b se zab\u00fdvat jazykem. \u010cten\u00edm irsk\u00e9 literatury, sledov\u00e1n\u00edm irsk\u00fdch film\u016f nebo televizn\u00edch seri\u00e1l\u016f a aktivn\u00ed komunikac\u00ed s rodil\u00fdmi mluv\u010d\u00edmi pos\u00edl\u00edte sv\u00e9 znalosti gramatiky a z\u00e1rove\u0148 si roz\u0161\u00ed\u0159\u00edte slovn\u00ed z\u00e1sobu.<\/p>\n\n\n\n<h3 class=\"wp-block-heading\" id=\"h-conclusion\">Z\u00e1v\u011br<\/h3>\n\n\n\n<p>A\u010dkoli se irsk\u00e1 gramatika m\u016f\u017ee zd\u00e1t slo\u017eit\u00e1, m\u016f\u017eete se v tomto kr\u00e1sn\u00e9m jazyce zdokonalit s odhodl\u00e1n\u00edm, prax\u00ed a nad\u0161en\u00edm. T\u00edm, \u017ee se zam\u011b\u0159\u00edte na z\u00e1kladn\u00ed pravidla a zapoj\u00edte se do jazyka v r\u016fzn\u00fdch kontextech, rychle zlep\u0161\u00edte sv\u00e9 dovednosti v irsk\u00e9 <a href=\"https:\/\/talkpal.ai\/cs\/gramatika\/\">gramatice<\/a>. \u00c1dh m\u00f3r (hodn\u011b \u0161t\u011bst\u00ed) na va\u0161\u00ed cest\u011b za irsk\u00fdm jazykem, a u\u017eijte si odhalov\u00e1n\u00ed z\u00e1hadn\u00e9ho, ale podmaniv\u00e9ho sv\u011bta irsk\u00e9 gramatiky!<\/p>\n<\/div><\/div>\n\r\n<section class=\"learnNavigationSection\">\r\n            \r\n        <a href=\"https:\/\/talkpal.ai\/cs\/naucte-se-irsky\/\">\r\n            <div class=\"learnNavigationWrapper\">\r\n                <div class=\"learnNavigationContent\">\r\n                    <img decoding=\"async\" src=\"https:\/\/talkpal.ai\/wp-content\/uploads\/2025\/11\/Irish.png\" alt=\"Irish Flag\">\r\n                    <div>\r\n                        <h4>O irsk\u00e9m u\u010den\u00ed<\/h4>\r\n                        <p>Zjist\u011bte v\u0161e o irsk\u00e9 gramatice.<\/p>\r\n                    <\/div>\r\n                <\/div>\r\n            <\/div>\r\n        <\/a>\r\n\r\n        \r\n        <a href=\"https:\/\/talkpal.ai\/cs\/cviceni-na-irskou-gramatiku\/\">\r\n            <div class=\"learnNavigationWrapper\">\r\n                <div class=\"learnNavigationContent\">\r\n                    <img decoding=\"async\" src=\"https:\/\/talkpal.ai\/wp-content\/uploads\/2025\/11\/Irish.png\" alt=\"Irish Flag\">\r\n                    <div>\r\n                        <h4>Cvi\u010den\u00ed irsk\u00e9 gramatiky<\/h4>\r\n                        <p>Procvi\u010dujte si irskou gramatiku.<\/p>\r\n                    <\/div>\r\n                <\/div>\r\n            <\/div>\r\n        <\/a>\r\n\r\n            <\/section>","protected":false},"excerpt":{"rendered":"<p>Orientace ve spletitosti irsk\u00e9 gramatiky Ir\u0161tina, goidelsk\u00fd keltsk\u00fd jazyk s bohatou histori\u00ed a kulturn\u00edm v\u00fdznamem, nab\u00edz\u00ed vzru\u0161uj\u00edc\u00ed lingvistick\u00fd z\u00e1\u017eitek pro ty, kte\u0159\u00ed tou\u017e\u00ed prozkoumat jej\u00ed jedine\u010dn\u00fd gramatick\u00fd syst\u00e9m. Kdy\u017e se vyd\u00e1te do \u0159\u00ed\u0161e ir\u0161tiny, obohat\u00edte nejen sv\u016fj jazykov\u00fd reperto\u00e1r, ale tak\u00e9 se vyd\u00e1te na fascinuj\u00edc\u00ed kulturn\u00ed cestu. I kdy\u017e se irsk\u00e1 gramatika m\u016f\u017ee na prvn\u00ed [&hellip;]<\/p>\n","protected":false},"author":20,"featured_media":0,"parent":0,"menu_order":0,"comment_status":"closed","ping_status":"closed","template":"LearningContentPage.php","meta":{"_acf_changed":false,"footnotes":""},"class_list":["post-1467179","page","type-page","status-publish","hentry"],"acf":[],"yoast_head":"<!-- This site is optimized with the Yoast SEO Premium plugin v27.2 (Yoast SEO v27.2) - https:\/\/yoast.com\/product\/yoast-seo-premium-wordpress\/ -->\n<title>Irsk\u00e1 gramatika - Talkpal<\/title>\n<meta name=\"description\" content=\"Osvojte si irsk\u00e1 gramatick\u00e1 pravidla bez n\u00e1mahy pomoc\u00ed na\u0161eho komplexn\u00edho pr\u016fvodce a interaktivn\u00edch n\u00e1stroj\u016f um\u011bl\u00e9 inteligence navr\u017een\u00fdch pro rychl\u00e9 ovl\u00e1dnut\u00ed jazyka.\" \/>\n<meta name=\"robots\" content=\"index, follow, max-snippet:-1, max-image-preview:large, max-video-preview:-1\" \/>\n<link rel=\"canonical\" href=\"https:\/\/talkpal.ai\/cs\/irska-gramatika\/\" \/>\n<meta property=\"og:locale\" content=\"cs_CZ\" \/>\n<meta property=\"og:type\" content=\"article\" \/>\n<meta property=\"og:title\" content=\"Irsk\u00e1 gramatika\" \/>\n<meta property=\"og:description\" content=\"Orientace ve spletitosti irsk\u00e9 gramatiky Ir\u0161tina, goidelsk\u00fd keltsk\u00fd jazyk s bohatou histori\u00ed a kulturn\u00edm v\u00fdznamem, nab\u00edz\u00ed vzru\u0161uj\u00edc\u00ed lingvistick\u00fd z\u00e1\u017eitek\" \/>\n<meta property=\"og:url\" content=\"https:\/\/talkpal.ai\/cs\/irska-gramatika\/\" \/>\n<meta property=\"og:site_name\" content=\"Talkpal\" \/>\n<meta property=\"article:publisher\" content=\"https:\/\/www.facebook.com\/profile.php?id=100090733639311\" \/>\n<meta property=\"article:modified_time\" content=\"2025-12-30T14:51:36+00:00\" \/>\n<meta property=\"og:image\" content=\"https:\/\/talkpal.ai\/wp-content\/uploads\/2025\/02\/Progress-tab-16_9.png\" \/>\n\t<meta property=\"og:image:width\" content=\"2880\" \/>\n\t<meta property=\"og:image:height\" content=\"1620\" \/>\n\t<meta property=\"og:image:type\" content=\"image\/png\" \/>\n<meta name=\"twitter:card\" content=\"summary_large_image\" \/>\n<meta name=\"twitter:site\" content=\"@talkpalai\" \/>\n<meta name=\"twitter:label1\" content=\"Odhadovan\u00e1 doba \u010dten\u00ed\" \/>\n\t<meta name=\"twitter:data1\" content=\"4 minuty\" \/>\n<script type=\"application\/ld+json\" class=\"yoast-schema-graph\">{\"@context\":\"https:\/\/schema.org\",\"@graph\":[{\"@type\":\"WebPage\",\"@id\":\"https:\/\/talkpal.ai\/cs\/irska-gramatika\/\",\"url\":\"https:\/\/talkpal.ai\/cs\/irska-gramatika\/\",\"name\":\"Irsk\u00e1 gramatika - Talkpal\",\"isPartOf\":{\"@id\":\"https:\/\/talkpal.ai\/cs\/#website\"},\"datePublished\":\"2025-11-12T09:53:32+00:00\",\"dateModified\":\"2025-12-30T14:51:36+00:00\",\"description\":\"Osvojte si irsk\u00e1 gramatick\u00e1 pravidla bez n\u00e1mahy pomoc\u00ed na\u0161eho komplexn\u00edho pr\u016fvodce a interaktivn\u00edch n\u00e1stroj\u016f um\u011bl\u00e9 inteligence navr\u017een\u00fdch pro rychl\u00e9 ovl\u00e1dnut\u00ed jazyka.\",\"breadcrumb\":{\"@id\":\"https:\/\/talkpal.ai\/cs\/irska-gramatika\/#breadcrumb\"},\"inLanguage\":\"cs\",\"potentialAction\":[{\"@type\":\"ReadAction\",\"target\":[\"https:\/\/talkpal.ai\/cs\/irska-gramatika\/\"]}]},{\"@type\":\"BreadcrumbList\",\"@id\":\"https:\/\/talkpal.ai\/cs\/irska-gramatika\/#breadcrumb\",\"itemListElement\":[{\"@type\":\"ListItem\",\"position\":1,\"name\":\"Homepage\",\"item\":\"https:\/\/talkpal.ai\/cs\/\"},{\"@type\":\"ListItem\",\"position\":2,\"name\":\"Irsk\u00e1 gramatika\"}]},{\"@type\":\"WebSite\",\"@id\":\"https:\/\/talkpal.ai\/cs\/#website\",\"url\":\"https:\/\/talkpal.ai\/cs\/\",\"name\":\"Talkpal\",\"description\":\"AI Language Learning\",\"publisher\":{\"@id\":\"https:\/\/talkpal.ai\/cs\/#organization\"},\"alternateName\":\"Talkpal AI\",\"potentialAction\":[{\"@type\":\"SearchAction\",\"target\":{\"@type\":\"EntryPoint\",\"urlTemplate\":\"https:\/\/talkpal.ai\/cs\/?s={search_term_string}\"},\"query-input\":{\"@type\":\"PropertyValueSpecification\",\"valueRequired\":true,\"valueName\":\"search_term_string\"}}],\"inLanguage\":\"cs\"},{\"@type\":\"Organization\",\"@id\":\"https:\/\/talkpal.ai\/cs\/#organization\",\"name\":\"Talkpal, Inc.\",\"alternateName\":\"Talkpal AI\",\"url\":\"https:\/\/talkpal.ai\/cs\/\",\"logo\":{\"@type\":\"ImageObject\",\"inLanguage\":\"cs\",\"@id\":\"https:\/\/talkpal.ai\/cs\/#\/schema\/logo\/image\/\",\"url\":\"https:\/\/talkpal.ai\/wp-content\/uploads\/2024\/03\/Talkpal-Logo-Icon.png\",\"contentUrl\":\"https:\/\/talkpal.ai\/wp-content\/uploads\/2024\/03\/Talkpal-Logo-Icon.png\",\"width\":2880,\"height\":2880,\"caption\":\"Talkpal, Inc.\"},\"image\":{\"@id\":\"https:\/\/talkpal.ai\/cs\/#\/schema\/logo\/image\/\"},\"sameAs\":[\"https:\/\/www.facebook.com\/profile.php?id=100090733639311\",\"https:\/\/x.com\/talkpalai\",\"https:\/\/www.linkedin.com\/company\/talkpal\/\",\"https:\/\/www.youtube.com\/@TalkPal\/\",\"https:\/\/www.tiktok.com\/@talkpal\",\"https:\/\/www.instagram.com\/talkpal_ai\/\",\"https:\/\/www.crunchbase.com\/organization\/talkpal-9cde\",\"https:\/\/www.g2.com\/products\/talkpal-for-business\/\",\"https:\/\/www.trustpilot.com\/review\/talkpal.ai\",\"https:\/\/www.capterra.com\/p\/10006800\/TalkPal\/\"],\"description\":\"Talkpal is a language learning web and mobile education app, powered by the latest AI technologies, that provides engaging experiences to its customers in many different languages to help them improve their language skills. Users can chat about unlimited amount of topics with the app and use other modes to practice their language learning.\",\"email\":\"support@talkpal.ai\",\"legalName\":\"Talkpal, Inc.\",\"foundingDate\":\"2023-04-03\",\"duns\":\"118989042\",\"numberOfEmployees\":{\"@type\":\"QuantitativeValue\",\"minValue\":\"11\",\"maxValue\":\"50\"},\"publishingPrinciples\":\"https:\/\/talkpal.ai\/publishing-principles\/\",\"actionableFeedbackPolicy\":\"https:\/\/talkpal.ai\/actionable-feedback-policy\/\",\"correctionsPolicy\":\"https:\/\/talkpal.ai\/corrections-policy\/\",\"ethicsPolicy\":\"https:\/\/talkpal.ai\/ethics-policy\/\",\"diversityPolicy\":\"https:\/\/talkpal.ai\/diversity-policy\/\",\"diversityStaffingReport\":\"https:\/\/talkpal.ai\/diversity-policy\/\"}]}<\/script>\n<!-- \/ Yoast SEO Premium plugin. -->","yoast_head_json":{"title":"Irsk\u00e1 gramatika - Talkpal","description":"Osvojte si irsk\u00e1 gramatick\u00e1 pravidla bez n\u00e1mahy pomoc\u00ed na\u0161eho komplexn\u00edho pr\u016fvodce a interaktivn\u00edch n\u00e1stroj\u016f um\u011bl\u00e9 inteligence navr\u017een\u00fdch pro rychl\u00e9 ovl\u00e1dnut\u00ed jazyka.","robots":{"index":"index","follow":"follow","max-snippet":"max-snippet:-1","max-image-preview":"max-image-preview:large","max-video-preview":"max-video-preview:-1"},"canonical":"https:\/\/talkpal.ai\/cs\/irska-gramatika\/","og_locale":"cs_CZ","og_type":"article","og_title":"Irsk\u00e1 gramatika","og_description":"Orientace ve spletitosti irsk\u00e9 gramatiky Ir\u0161tina, goidelsk\u00fd keltsk\u00fd jazyk s bohatou histori\u00ed a kulturn\u00edm v\u00fdznamem, nab\u00edz\u00ed vzru\u0161uj\u00edc\u00ed lingvistick\u00fd z\u00e1\u017eitek","og_url":"https:\/\/talkpal.ai\/cs\/irska-gramatika\/","og_site_name":"Talkpal","article_publisher":"https:\/\/www.facebook.com\/profile.php?id=100090733639311","article_modified_time":"2025-12-30T14:51:36+00:00","og_image":[{"width":2880,"height":1620,"url":"https:\/\/talkpal.ai\/wp-content\/uploads\/2025\/02\/Progress-tab-16_9.png","type":"image\/png"}],"twitter_card":"summary_large_image","twitter_site":"@talkpalai","twitter_misc":{"Odhadovan\u00e1 doba \u010dten\u00ed":"4 minuty"},"schema":{"@context":"https:\/\/schema.org","@graph":[{"@type":"WebPage","@id":"https:\/\/talkpal.ai\/cs\/irska-gramatika\/","url":"https:\/\/talkpal.ai\/cs\/irska-gramatika\/","name":"Irsk\u00e1 gramatika - Talkpal","isPartOf":{"@id":"https:\/\/talkpal.ai\/cs\/#website"},"datePublished":"2025-11-12T09:53:32+00:00","dateModified":"2025-12-30T14:51:36+00:00","description":"Osvojte si irsk\u00e1 gramatick\u00e1 pravidla bez n\u00e1mahy pomoc\u00ed na\u0161eho komplexn\u00edho pr\u016fvodce a interaktivn\u00edch n\u00e1stroj\u016f um\u011bl\u00e9 inteligence navr\u017een\u00fdch pro rychl\u00e9 ovl\u00e1dnut\u00ed jazyka.","breadcrumb":{"@id":"https:\/\/talkpal.ai\/cs\/irska-gramatika\/#breadcrumb"},"inLanguage":"cs","potentialAction":[{"@type":"ReadAction","target":["https:\/\/talkpal.ai\/cs\/irska-gramatika\/"]}]},{"@type":"BreadcrumbList","@id":"https:\/\/talkpal.ai\/cs\/irska-gramatika\/#breadcrumb","itemListElement":[{"@type":"ListItem","position":1,"name":"Homepage","item":"https:\/\/talkpal.ai\/cs\/"},{"@type":"ListItem","position":2,"name":"Irsk\u00e1 gramatika"}]},{"@type":"WebSite","@id":"https:\/\/talkpal.ai\/cs\/#website","url":"https:\/\/talkpal.ai\/cs\/","name":"Talkpal","description":"AI Language Learning","publisher":{"@id":"https:\/\/talkpal.ai\/cs\/#organization"},"alternateName":"Talkpal AI","potentialAction":[{"@type":"SearchAction","target":{"@type":"EntryPoint","urlTemplate":"https:\/\/talkpal.ai\/cs\/?s={search_term_string}"},"query-input":{"@type":"PropertyValueSpecification","valueRequired":true,"valueName":"search_term_string"}}],"inLanguage":"cs"},{"@type":"Organization","@id":"https:\/\/talkpal.ai\/cs\/#organization","name":"Talkpal, Inc.","alternateName":"Talkpal AI","url":"https:\/\/talkpal.ai\/cs\/","logo":{"@type":"ImageObject","inLanguage":"cs","@id":"https:\/\/talkpal.ai\/cs\/#\/schema\/logo\/image\/","url":"https:\/\/talkpal.ai\/wp-content\/uploads\/2024\/03\/Talkpal-Logo-Icon.png","contentUrl":"https:\/\/talkpal.ai\/wp-content\/uploads\/2024\/03\/Talkpal-Logo-Icon.png","width":2880,"height":2880,"caption":"Talkpal, Inc."},"image":{"@id":"https:\/\/talkpal.ai\/cs\/#\/schema\/logo\/image\/"},"sameAs":["https:\/\/www.facebook.com\/profile.php?id=100090733639311","https:\/\/x.com\/talkpalai","https:\/\/www.linkedin.com\/company\/talkpal\/","https:\/\/www.youtube.com\/@TalkPal\/","https:\/\/www.tiktok.com\/@talkpal","https:\/\/www.instagram.com\/talkpal_ai\/","https:\/\/www.crunchbase.com\/organization\/talkpal-9cde","https:\/\/www.g2.com\/products\/talkpal-for-business\/","https:\/\/www.trustpilot.com\/review\/talkpal.ai","https:\/\/www.capterra.com\/p\/10006800\/TalkPal\/"],"description":"Talkpal is a language learning web and mobile education app, powered by the latest AI technologies, that provides engaging experiences to its customers in many different languages to help them improve their language skills. Users can chat about unlimited amount of topics with the app and use other modes to practice their language learning.","email":"support@talkpal.ai","legalName":"Talkpal, Inc.","foundingDate":"2023-04-03","duns":"118989042","numberOfEmployees":{"@type":"QuantitativeValue","minValue":"11","maxValue":"50"},"publishingPrinciples":"https:\/\/talkpal.ai\/publishing-principles\/","actionableFeedbackPolicy":"https:\/\/talkpal.ai\/actionable-feedback-policy\/","correctionsPolicy":"https:\/\/talkpal.ai\/corrections-policy\/","ethicsPolicy":"https:\/\/talkpal.ai\/ethics-policy\/","diversityPolicy":"https:\/\/talkpal.ai\/diversity-policy\/","diversityStaffingReport":"https:\/\/talkpal.ai\/diversity-policy\/"}]}},"_links":{"self":[{"href":"https:\/\/talkpal.ai\/cs\/wp-json\/wp\/v2\/pages\/1467179","targetHints":{"allow":["GET"]}}],"collection":[{"href":"https:\/\/talkpal.ai\/cs\/wp-json\/wp\/v2\/pages"}],"about":[{"href":"https:\/\/talkpal.ai\/cs\/wp-json\/wp\/v2\/types\/page"}],"author":[{"embeddable":true,"href":"https:\/\/talkpal.ai\/cs\/wp-json\/wp\/v2\/users\/20"}],"replies":[{"embeddable":true,"href":"https:\/\/talkpal.ai\/cs\/wp-json\/wp\/v2\/comments?post=1467179"}],"version-history":[{"count":0,"href":"https:\/\/talkpal.ai\/cs\/wp-json\/wp\/v2\/pages\/1467179\/revisions"}],"wp:attachment":[{"href":"https:\/\/talkpal.ai\/cs\/wp-json\/wp\/v2\/media?parent=1467179"}],"curies":[{"name":"wp","href":"https:\/\/api.w.org\/{rel}","templated":true}]}}