{"id":1467175,"date":"2025-11-12T10:09:38","date_gmt":"2025-11-12T10:09:38","guid":{"rendered":"https:\/\/talkpal.ai\/javanska-gramatika\/"},"modified":"2025-12-30T15:03:12","modified_gmt":"2025-12-30T15:03:12","slug":"javanska-gramatika","status":"publish","type":"page","link":"https:\/\/talkpal.ai\/cs\/javanska-gramatika\/","title":{"rendered":"Jav\u00e1nsk\u00e1 gramatika"},"content":{"rendered":"\r\n\r\n\r\n<section class=\"languageChallengeSection\">\r\n    <div class=\"languageInfoWrapper\">\r\n        \r\n        <h1>Jav\u00e1nsk\u00e1 gramatika<\/h1>\r\n        <p>Jav\u00e1nsk\u00e1 <a href=\"https:\/\/talkpal.ai\/sq\/gramatika\/\">gramatika<\/a> se m\u016f\u017ee na prvn\u00ed pohled zd\u00e1t n\u00e1ro\u010dn\u00e1, ale d\u00edky jej\u00edm jedine\u010dn\u00fdm vlastnostem je u\u010den\u00ed jazyka obohacuj\u00edc\u00ed zku\u0161enost\u00ed. P\u0159i zkoum\u00e1n\u00ed abecedy, mutac\u00ed a gramatick\u00fdch pravidel z\u00edsk\u00e1te p\u0159ehled o bohat\u00e9 jazykov\u00e9 tradici. Vydejte se na cestu a objevte kr\u00e1sy jav\u00e1n\u0161tiny!<\/p>\r\n\r\n                            <a class=\"getStartedHidden\" href=\"https:\/\/app.talkpal.ai\/cs\/signup?lng=\">Za\u010dni<\/a>\r\n        \r\n    <\/div>\r\n\r\n    <figure>\r\n    <img decoding=\"async\" width=\"768\" height=\"768\" src=\"https:\/\/talkpal.ai\/wp-content\/uploads\/2023\/06\/welsh-768x768.png\" class=\"languageImage no-lazy\" alt=\"Language learning for better cognitive abilities\" fetchpriority=\"high\" sizes=\"(max-width: 768px) 150px, 768px\" srcset=\"https:\/\/talkpal.ai\/wp-content\/uploads\/2023\/06\/welsh-768x768.png 768w, https:\/\/talkpal.ai\/wp-content\/uploads\/2023\/06\/welsh-300x300.png 300w\" \/>\r\n    \r\n\r\n    <\/figure>\r\n\r\n            <a class=\"getStartedVisible\" href=\"https:\/\/app.talkpal.ai\/cs\/signup?lng=\">Za\u010dni<\/a>\r\n    \r\n<\/section><section class=\"promotionalBanner\">\r\n    <p class=\"promotionalText\">Nejefektivn\u011bj\u0161\u00ed <a href=\"https:\/\/talkpal.ai\/best-way-to-learn\/\">zp\u016fsob<\/a>, jak se nau\u010dit jazyk<\/p>\r\n    <a class=\"promotionalLink\" href=\"https:\/\/app.talkpal.ai\/cs\/signup?lng=\">Vyzkou\u0161ejte Talkpal zdarma<\/a>\r\n<\/section>\n<div class=\"wp-block-group pageContainerStyle\"><div class=\"wp-block-group__inner-container is-layout-constrained wp-block-group-is-layout-constrained\">\n<h2 class=\"wp-block-heading\" id=\"h-navigating-the-intricacies-of-javanese-grammar\">Orientace ve spletitosti jav\u00e1nsk\u00e9 gramatiky<\/h2>\n\n\n\n<p><a href=\"https:\/\/talkpal.ai\/cs\/naucte-se-javansky\/\">Jav\u00e1n\u0161tina<\/a>, austron\u00e9sk\u00fd jazyk s bohatou histori\u00ed a kulturn\u00edm v\u00fdznamem, nab\u00edz\u00ed vzru\u0161uj\u00edc\u00ed lingvistick\u00fd z\u00e1\u017eitek pro ty, kte\u0159\u00ed tou\u017e\u00ed prozkoumat jej\u00ed jedine\u010dn\u00fd gramatick\u00fd syst\u00e9m. Kdy\u017e se vyd\u00e1te do \u0159\u00ed\u0161e jav\u00e1n\u0161tiny, obohat\u00edte nejen sv\u016fj jazykov\u00fd reperto\u00e1r, ale tak\u00e9 se vyd\u00e1te na fascinuj\u00edc\u00ed kulturn\u00ed cestu. I kdy\u017e se jav\u00e1nsk\u00e1 gramatika m\u016f\u017ee na prvn\u00ed pohled zd\u00e1t slo\u017eit\u00e1, jej\u00ed rozd\u011blen\u00ed na z\u00e1kladn\u00ed slo\u017eky \u010din\u00ed u\u010den\u00ed jazyka p\u0159\u00edstupn\u011bj\u0161\u00edm. V tomto \u010dl\u00e1nku prozkoum\u00e1me podmaniv\u00fd sv\u011bt <a href=\"https:\/\/talkpal.ai\/cs\/cviceni-z-javanske-gramatiky\/\">jav\u00e1nsk\u00e9 gramatiky<\/a> a poskytneme tipy, jak zvl\u00e1dnout jej\u00ed slo\u017eitosti.<\/p>\n\n\n\n<h3 class=\"wp-block-heading\" id=\"h-1-javanese-alphabet-and-phonetics\">1. Jav\u00e1nsk\u00e1 abeceda a fonetika<\/h3>\n\n\n\n<p>Jav\u00e1n\u0161tina se dnes b\u011b\u017en\u011b p\u00ed\u0161e latinkou, i kdy\u017e m\u00e1 tak\u00e9 <a href=\"https:\/\/talkpal.ai\/will-ai-kill-traditional-language-learning\/\">tradi\u010dn\u00ed<\/a> p\u00edsmo zn\u00e1m\u00e9 jako Aksara Jawa nebo Hanacaraka. Abyste se nau\u010dili jav\u00e1nskou gramatiku, je d\u016fle\u017eit\u00e9 sezn\u00e1mit se jak s modern\u00edm pravopisem zalo\u017een\u00fdm na latince, tak s tradi\u010dn\u00edm p\u00edsmem, pokud se rozhodnete. Mezi kl\u00ed\u010dov\u00e9 fonetick\u00e9 rysy pat\u0159\u00ed rozd\u00edl mezi e \/\u0259\/ a \u00e9 \/e\/, vel\u00e1rn\u00ed naz\u00e1ln\u00ed ng a palat\u00e1ln\u00ed <a href=\"https:\/\/talkpal.ai\/talkpal-new-years-discount\/\">ny<\/a> a hlasivkov\u00e1 zar\u00e1\u017eka, kter\u00e1 se m\u016f\u017ee objevit v n\u011bkter\u00fdch dialektech. Procvi\u010dov\u00e1n\u00ed \u010dten\u00ed a psan\u00ed v obou syst\u00e9mech vybuduje pevn\u00fd z\u00e1klad gramatiky.<\/p>\n\n\n\n<h3 class=\"wp-block-heading\" id=\"h-2-nouns-and-pronouns-number-and-levels\">2. Podstatn\u00e1 jm\u00e9na a z\u00e1jmena: po\u010det a \u00farovn\u011b<\/h3>\n\n\n\n<p>Jedn\u00edm z pozoruhodn\u00fdch aspekt\u016f jav\u00e1n\u0161tiny je zp\u016fsob, jak\u00fdm ur\u010dit\u00e9 p\u0159edpony spou\u0161t\u011bj\u00ed zm\u011bny po\u010d\u00e1te\u010dn\u00ed souhl\u00e1sky slova. Nosov\u00e1 slovesn\u00e1 p\u0159edpona N- zp\u016fsobuje zm\u011bny, jako je p se st\u00e1v\u00e1 m, t se st\u00e1v\u00e1 n, k se st\u00e1v\u00e1 ng a s se st\u00e1v\u00e1 ny. Pochopen\u00ed toho, kdy a jak k t\u011bmto zm\u011bn\u00e1m doch\u00e1z\u00ed, je \u017eivotn\u011b d\u016fle\u017eit\u00e9 pro p\u0159esnou komunikaci v jav\u00e1n\u0161tin\u011b. P\u0159\u00edklady zahrnuj\u00ed pangan a\u017e mangan, tulis a\u017e nulis, gawe a\u017e nggawe a sapu a\u017e nyapu.<\/p>\n\n\n\n<h3 class=\"wp-block-heading\" id=\"h-3-nouns-and-pronouns-gender-and-cases\">3. Podstatn\u00e1 jm\u00e9na a z\u00e1jmena: rod a p\u00e1dy<\/h3>\n\n\n\n<p>Jav\u00e1nsk\u00e1 podstatn\u00e1 jm\u00e9na nemaj\u00ed gramatick\u00fd rod ani p\u00e1d. Pluralita je \u010dasto dobrovoln\u00e1 a m\u016f\u017ee b\u00fdt vyj\u00e1d\u0159ena reduplikac\u00ed nebo \u010d\u00e1sticemi pro respekt a kolektivy, jako je bocah-bocah pro d\u011bti a para pro uctiv\u00e9 pluralitn\u00ed \u010d\u00edslo lid\u00ed. Z\u00e1jmena se li\u0161\u00ed podle \u00farovn\u011b \u0159e\u010di, kter\u00e1 je pro jav\u00e1n\u0161tinu kl\u00ed\u010dov\u00e1: tvary ngoko jako aku, kowe, dheweke a krama tvary jako <a href=\"https:\/\/talkpal.ai\/locations\/language-courses-in-kula\/\">kula<\/a>, panjenengan, piyambakipun. Possessi mohou ozna\u010dit enklitiky jako -ku, -mu a -e a ukazovac\u00ed z\u00e1jmena zahrnuj\u00ed iki this a iku that.<\/p>\n\n\n\n<h3 class=\"wp-block-heading\" id=\"h-4-verbs-structure-and-conjugation\">4. Slovesa: struktura a \u010dasov\u00e1n\u00ed<\/h3>\n\n\n\n<p>Jav\u00e1nsk\u00e1 slovesa se ne\u010dasuj\u00ed pro osobu nebo \u010das. M\u00edsto toho jsou aspekt, n\u00e1lada a \u010das vyj\u00e1d\u0159eny prost\u0159ednictv\u00edm \u010d\u00e1stic a pomocn\u00fdch l\u00e1tek, jako je wis already, durung not yet, lagi in progress, arep nebo bakal for future nebo intention. Hlas a <a href=\"https:\/\/talkpal.ai\/locations\/language-courses-in-valence\/\">valence<\/a> jsou \u0159e\u0161eny morfologi\u00ed, v\u010detn\u011b aktivn\u00ed nosov\u00e9 p\u0159edpony N-, trpn\u00e9ho rodu di- a ve form\u00e1ln\u011bj\u0161\u00edm nebo liter\u00e1rn\u00edm kontextu ka-. Proklitika jako tak- mohou v n\u011bkter\u00fdch stylech ozna\u010dovat agenta z pohledu prvn\u00ed osoby. Zvl\u00e1dnut\u00ed t\u011bchto vzor\u016f zlep\u0161\u00ed va\u0161i schopnost efektivn\u011b komunikovat v jav\u00e1n\u0161tin\u011b.<\/p>\n\n\n\n<h3 class=\"wp-block-heading\" id=\"h-5-adjectives-agreement-and-placement\">5. P\u0159\u00eddavn\u00e1 jm\u00e9na: Shoda a um\u00edst\u011bn\u00ed<\/h3>\n\n\n\n<p>V jav\u00e1nsk\u00e9 gramatice p\u0159\u00eddavn\u00e1 jm\u00e9na obvykle n\u00e1sleduj\u00ed za podstatn\u00fdm jm\u00e9nem, kter\u00e9 modifikuj\u00ed, a neshoduj\u00ed se v \u010d\u00edsle ani rodu. Srovn\u00e1vac\u00ed a superlativn\u00ed v\u00fdznamy se b\u011b\u017en\u011b tvo\u0159\u00ed s luwih v\u00edce a bleing nejv\u00edce, \u010dasto se saka ne\u017e ozna\u010dovat srovn\u00e1n\u00ed. Redukce nebo intenzifik\u00e1tory jako banget velmi mohou p\u0159idat nuance.<\/p>\n\n\n\n<p><strong>P\u0159\u00edklady:<\/strong><\/p>\n\n\n\n<p><strong>\u2013 Tresna gedhe (Velk\u00e1 l\u00e1ska)<\/strong><\/p>\n\n\n\n<p><strong>\u2013 bocah-bocah cilik (mal\u00e9 d\u011bti)<\/strong><\/p>\n\n\n\n<h3 class=\"wp-block-heading\" id=\"h-6-engaging-with-the-language\">6. Zapojen\u00ed do jazyka<\/h3>\n\n\n\n<p>Nej\u00fa\u010dinn\u011bj\u0161\u00edm zp\u016fsobem, jak pln\u011b porozum\u011bt a osvojit si jav\u00e1nskou gramatiku, je d\u016fsledn\u011b se s jazykem zab\u00fdv\u00e1me. \u010cten\u00edm jav\u00e1nsk\u00e9 literatury a text\u016f p\u00edsn\u00ed, sledov\u00e1n\u00edm <a href=\"https:\/\/talkpal.ai\/culture\/what-is-the-language-used-in-wayang-kulit\/\">wayang kulit<\/a> nebo sou\u010dasn\u00fdch jav\u00e1nsk\u00fdch m\u00e9di\u00ed, poslechem tembang macapat a aktivn\u00ed komunikac\u00ed s rodil\u00fdmi mluv\u010d\u00edmi v r\u016fzn\u00fdch rejst\u0159\u00edc\u00edch pos\u00edl\u00edte sv\u00e9 porozum\u011bn\u00ed gramatice a z\u00e1rove\u0148 si roz\u0161\u00ed\u0159\u00edte slovn\u00ed z\u00e1sobu.<\/p>\n\n\n\n<h3 class=\"wp-block-heading\" id=\"h-conclusion\">Z\u00e1v\u011br<\/h3>\n\n\n\n<p>A\u010dkoli se jav\u00e1nsk\u00e1 gramatika m\u016f\u017ee zd\u00e1t slo\u017eit\u00e1, m\u016f\u017eete se v tomto kr\u00e1sn\u00e9m jazyce zdokonalit s odhodl\u00e1n\u00edm, prax\u00ed a nad\u0161en\u00edm. T\u00edm, \u017ee se zam\u011b\u0159\u00edte na z\u00e1kladn\u00ed pravidla a zapoj\u00edte se do jazyka v r\u016fzn\u00fdch kontextech, rychle zlep\u0161\u00edte sv\u00e9 znalosti jav\u00e1nsk\u00e9 <a href=\"https:\/\/talkpal.ai\/cs\/gramatika\/\">gramatiky<\/a>. Muga-muga sukses (hodn\u011b \u0161t\u011bst\u00ed) na va\u0161\u00ed cest\u011b jav\u00e1nsk\u00fdm jazykem, a u\u017eijte si odhalov\u00e1n\u00ed z\u00e1hadn\u00e9ho, ale podmaniv\u00e9ho sv\u011bta jav\u00e1nsk\u00e9 gramatiky!<\/p>\n<\/div><\/div>\n\r\n<section class=\"learnNavigationSection\">\r\n            \r\n        <a href=\"https:\/\/talkpal.ai\/cs\/naucte-se-javansky\/\">\r\n            <div class=\"learnNavigationWrapper\">\r\n                <div class=\"learnNavigationContent\">\r\n                    <img decoding=\"async\" src=\"https:\/\/talkpal.ai\/wp-content\/uploads\/2025\/11\/Javanese.png\" alt=\"Indonesian Flag\">\r\n                    <div>\r\n                        <h4>O u\u010den\u00ed jav\u00e1n\u0161tiny<\/h4>\r\n                        <p>Zjist\u011bte v\u0161e o jav\u00e1nsk\u00e9 gramatice.<\/p>\r\n                    <\/div>\r\n                <\/div>\r\n            <\/div>\r\n        <\/a>\r\n\r\n        \r\n        <a href=\"https:\/\/talkpal.ai\/cs\/cviceni-z-javanske-gramatiky\/\">\r\n            <div class=\"learnNavigationWrapper\">\r\n                <div class=\"learnNavigationContent\">\r\n                    <img decoding=\"async\" src=\"https:\/\/talkpal.ai\/wp-content\/uploads\/2025\/11\/Javanese.png\" alt=\"Indonesian Flag\">\r\n                    <div>\r\n                        <h4>Cvi\u010den\u00ed na jav\u00e1nskou gramatiku<\/h4>\r\n                        <p>Procvi\u010dte si jav\u00e1nskou gramatiku.<\/p>\r\n                    <\/div>\r\n                <\/div>\r\n            <\/div>\r\n        <\/a>\r\n\r\n            <\/section>","protected":false},"excerpt":{"rendered":"<p>Orientace ve spletitosti jav\u00e1nsk\u00e9 gramatiky Jav\u00e1n\u0161tina, austron\u00e9sk\u00fd jazyk s bohatou histori\u00ed a kulturn\u00edm v\u00fdznamem, nab\u00edz\u00ed vzru\u0161uj\u00edc\u00ed lingvistick\u00fd z\u00e1\u017eitek pro ty, kte\u0159\u00ed tou\u017e\u00ed prozkoumat jej\u00ed jedine\u010dn\u00fd gramatick\u00fd syst\u00e9m. Kdy\u017e se vyd\u00e1te do \u0159\u00ed\u0161e jav\u00e1n\u0161tiny, obohat\u00edte nejen sv\u016fj jazykov\u00fd reperto\u00e1r, ale tak\u00e9 se vyd\u00e1te na fascinuj\u00edc\u00ed kulturn\u00ed cestu. I kdy\u017e se jav\u00e1nsk\u00e1 gramatika m\u016f\u017ee na prvn\u00ed pohled [&hellip;]<\/p>\n","protected":false},"author":20,"featured_media":0,"parent":0,"menu_order":0,"comment_status":"closed","ping_status":"closed","template":"LearningContentPage.php","meta":{"_acf_changed":false,"footnotes":""},"class_list":["post-1467175","page","type-page","status-publish","hentry"],"acf":[],"yoast_head":"<!-- This site is optimized with the Yoast SEO Premium plugin v27.2 (Yoast SEO v27.2) - https:\/\/yoast.com\/product\/yoast-seo-premium-wordpress\/ -->\n<title>Jav\u00e1nsk\u00e1 gramatika - Talkpal<\/title>\n<meta name=\"description\" content=\"Rychle si osvojte jav\u00e1nsk\u00e1 gramatick\u00e1 pravidla a struktury v\u011bt pomoc\u00ed na\u0161eho komplexn\u00edho pr\u016fvodce navr\u017een\u00e9ho pro efektivn\u00ed v\u00fduku jazyka.\" \/>\n<meta name=\"robots\" content=\"index, follow, max-snippet:-1, max-image-preview:large, max-video-preview:-1\" \/>\n<link rel=\"canonical\" href=\"https:\/\/talkpal.ai\/cs\/javanska-gramatika\/\" \/>\n<meta property=\"og:locale\" content=\"cs_CZ\" \/>\n<meta property=\"og:type\" content=\"article\" \/>\n<meta property=\"og:title\" content=\"Jav\u00e1nsk\u00e1 gramatika\" \/>\n<meta property=\"og:description\" content=\"Orientace ve spletitosti jav\u00e1nsk\u00e9 gramatiky Jav\u00e1n\u0161tina, austron\u00e9sk\u00fd jazyk s bohatou histori\u00ed a kulturn\u00edm v\u00fdznamem, nab\u00edz\u00ed vzru\u0161uj\u00edc\u00ed lingvistick\u00fd z\u00e1\u017eitek\" \/>\n<meta property=\"og:url\" content=\"https:\/\/talkpal.ai\/cs\/javanska-gramatika\/\" \/>\n<meta property=\"og:site_name\" content=\"Talkpal\" \/>\n<meta property=\"article:publisher\" content=\"https:\/\/www.facebook.com\/profile.php?id=100090733639311\" \/>\n<meta property=\"article:modified_time\" content=\"2025-12-30T15:03:12+00:00\" \/>\n<meta property=\"og:image\" content=\"https:\/\/talkpal.ai\/wp-content\/uploads\/2025\/02\/Progress-tab-16_9.png\" \/>\n\t<meta property=\"og:image:width\" content=\"2880\" \/>\n\t<meta property=\"og:image:height\" content=\"1620\" \/>\n\t<meta property=\"og:image:type\" content=\"image\/png\" \/>\n<meta name=\"twitter:card\" content=\"summary_large_image\" \/>\n<meta name=\"twitter:site\" content=\"@talkpalai\" \/>\n<meta name=\"twitter:label1\" content=\"Odhadovan\u00e1 doba \u010dten\u00ed\" \/>\n\t<meta name=\"twitter:data1\" content=\"4 minuty\" \/>\n<script type=\"application\/ld+json\" class=\"yoast-schema-graph\">{\"@context\":\"https:\/\/schema.org\",\"@graph\":[{\"@type\":\"WebPage\",\"@id\":\"https:\/\/talkpal.ai\/cs\/javanska-gramatika\/\",\"url\":\"https:\/\/talkpal.ai\/cs\/javanska-gramatika\/\",\"name\":\"Jav\u00e1nsk\u00e1 gramatika - Talkpal\",\"isPartOf\":{\"@id\":\"https:\/\/talkpal.ai\/cs\/#website\"},\"datePublished\":\"2025-11-12T10:09:38+00:00\",\"dateModified\":\"2025-12-30T15:03:12+00:00\",\"description\":\"Rychle si osvojte jav\u00e1nsk\u00e1 gramatick\u00e1 pravidla a struktury v\u011bt pomoc\u00ed na\u0161eho komplexn\u00edho pr\u016fvodce navr\u017een\u00e9ho pro efektivn\u00ed v\u00fduku jazyka.\",\"breadcrumb\":{\"@id\":\"https:\/\/talkpal.ai\/cs\/javanska-gramatika\/#breadcrumb\"},\"inLanguage\":\"cs\",\"potentialAction\":[{\"@type\":\"ReadAction\",\"target\":[\"https:\/\/talkpal.ai\/cs\/javanska-gramatika\/\"]}]},{\"@type\":\"BreadcrumbList\",\"@id\":\"https:\/\/talkpal.ai\/cs\/javanska-gramatika\/#breadcrumb\",\"itemListElement\":[{\"@type\":\"ListItem\",\"position\":1,\"name\":\"Homepage\",\"item\":\"https:\/\/talkpal.ai\/cs\/\"},{\"@type\":\"ListItem\",\"position\":2,\"name\":\"Jav\u00e1nsk\u00e1 gramatika\"}]},{\"@type\":\"WebSite\",\"@id\":\"https:\/\/talkpal.ai\/cs\/#website\",\"url\":\"https:\/\/talkpal.ai\/cs\/\",\"name\":\"Talkpal\",\"description\":\"AI Language Learning\",\"publisher\":{\"@id\":\"https:\/\/talkpal.ai\/cs\/#organization\"},\"alternateName\":\"Talkpal AI\",\"potentialAction\":[{\"@type\":\"SearchAction\",\"target\":{\"@type\":\"EntryPoint\",\"urlTemplate\":\"https:\/\/talkpal.ai\/cs\/?s={search_term_string}\"},\"query-input\":{\"@type\":\"PropertyValueSpecification\",\"valueRequired\":true,\"valueName\":\"search_term_string\"}}],\"inLanguage\":\"cs\"},{\"@type\":\"Organization\",\"@id\":\"https:\/\/talkpal.ai\/cs\/#organization\",\"name\":\"Talkpal, Inc.\",\"alternateName\":\"Talkpal AI\",\"url\":\"https:\/\/talkpal.ai\/cs\/\",\"logo\":{\"@type\":\"ImageObject\",\"inLanguage\":\"cs\",\"@id\":\"https:\/\/talkpal.ai\/cs\/#\/schema\/logo\/image\/\",\"url\":\"https:\/\/talkpal.ai\/wp-content\/uploads\/2024\/03\/Talkpal-Logo-Icon.png\",\"contentUrl\":\"https:\/\/talkpal.ai\/wp-content\/uploads\/2024\/03\/Talkpal-Logo-Icon.png\",\"width\":2880,\"height\":2880,\"caption\":\"Talkpal, Inc.\"},\"image\":{\"@id\":\"https:\/\/talkpal.ai\/cs\/#\/schema\/logo\/image\/\"},\"sameAs\":[\"https:\/\/www.facebook.com\/profile.php?id=100090733639311\",\"https:\/\/x.com\/talkpalai\",\"https:\/\/www.linkedin.com\/company\/talkpal\/\",\"https:\/\/www.youtube.com\/@TalkPal\/\",\"https:\/\/www.tiktok.com\/@talkpal\",\"https:\/\/www.instagram.com\/talkpal_ai\/\",\"https:\/\/www.crunchbase.com\/organization\/talkpal-9cde\",\"https:\/\/www.g2.com\/products\/talkpal-for-business\/\",\"https:\/\/www.trustpilot.com\/review\/talkpal.ai\",\"https:\/\/www.capterra.com\/p\/10006800\/TalkPal\/\"],\"description\":\"Talkpal is a language learning web and mobile education app, powered by the latest AI technologies, that provides engaging experiences to its customers in many different languages to help them improve their language skills. Users can chat about unlimited amount of topics with the app and use other modes to practice their language learning.\",\"email\":\"support@talkpal.ai\",\"legalName\":\"Talkpal, Inc.\",\"foundingDate\":\"2023-04-03\",\"duns\":\"118989042\",\"numberOfEmployees\":{\"@type\":\"QuantitativeValue\",\"minValue\":\"11\",\"maxValue\":\"50\"},\"publishingPrinciples\":\"https:\/\/talkpal.ai\/publishing-principles\/\",\"actionableFeedbackPolicy\":\"https:\/\/talkpal.ai\/actionable-feedback-policy\/\",\"correctionsPolicy\":\"https:\/\/talkpal.ai\/corrections-policy\/\",\"ethicsPolicy\":\"https:\/\/talkpal.ai\/ethics-policy\/\",\"diversityPolicy\":\"https:\/\/talkpal.ai\/diversity-policy\/\",\"diversityStaffingReport\":\"https:\/\/talkpal.ai\/diversity-policy\/\"}]}<\/script>\n<!-- \/ Yoast SEO Premium plugin. -->","yoast_head_json":{"title":"Jav\u00e1nsk\u00e1 gramatika - Talkpal","description":"Rychle si osvojte jav\u00e1nsk\u00e1 gramatick\u00e1 pravidla a struktury v\u011bt pomoc\u00ed na\u0161eho komplexn\u00edho pr\u016fvodce navr\u017een\u00e9ho pro efektivn\u00ed v\u00fduku jazyka.","robots":{"index":"index","follow":"follow","max-snippet":"max-snippet:-1","max-image-preview":"max-image-preview:large","max-video-preview":"max-video-preview:-1"},"canonical":"https:\/\/talkpal.ai\/cs\/javanska-gramatika\/","og_locale":"cs_CZ","og_type":"article","og_title":"Jav\u00e1nsk\u00e1 gramatika","og_description":"Orientace ve spletitosti jav\u00e1nsk\u00e9 gramatiky Jav\u00e1n\u0161tina, austron\u00e9sk\u00fd jazyk s bohatou histori\u00ed a kulturn\u00edm v\u00fdznamem, nab\u00edz\u00ed vzru\u0161uj\u00edc\u00ed lingvistick\u00fd z\u00e1\u017eitek","og_url":"https:\/\/talkpal.ai\/cs\/javanska-gramatika\/","og_site_name":"Talkpal","article_publisher":"https:\/\/www.facebook.com\/profile.php?id=100090733639311","article_modified_time":"2025-12-30T15:03:12+00:00","og_image":[{"width":2880,"height":1620,"url":"https:\/\/talkpal.ai\/wp-content\/uploads\/2025\/02\/Progress-tab-16_9.png","type":"image\/png"}],"twitter_card":"summary_large_image","twitter_site":"@talkpalai","twitter_misc":{"Odhadovan\u00e1 doba \u010dten\u00ed":"4 minuty"},"schema":{"@context":"https:\/\/schema.org","@graph":[{"@type":"WebPage","@id":"https:\/\/talkpal.ai\/cs\/javanska-gramatika\/","url":"https:\/\/talkpal.ai\/cs\/javanska-gramatika\/","name":"Jav\u00e1nsk\u00e1 gramatika - Talkpal","isPartOf":{"@id":"https:\/\/talkpal.ai\/cs\/#website"},"datePublished":"2025-11-12T10:09:38+00:00","dateModified":"2025-12-30T15:03:12+00:00","description":"Rychle si osvojte jav\u00e1nsk\u00e1 gramatick\u00e1 pravidla a struktury v\u011bt pomoc\u00ed na\u0161eho komplexn\u00edho pr\u016fvodce navr\u017een\u00e9ho pro efektivn\u00ed v\u00fduku jazyka.","breadcrumb":{"@id":"https:\/\/talkpal.ai\/cs\/javanska-gramatika\/#breadcrumb"},"inLanguage":"cs","potentialAction":[{"@type":"ReadAction","target":["https:\/\/talkpal.ai\/cs\/javanska-gramatika\/"]}]},{"@type":"BreadcrumbList","@id":"https:\/\/talkpal.ai\/cs\/javanska-gramatika\/#breadcrumb","itemListElement":[{"@type":"ListItem","position":1,"name":"Homepage","item":"https:\/\/talkpal.ai\/cs\/"},{"@type":"ListItem","position":2,"name":"Jav\u00e1nsk\u00e1 gramatika"}]},{"@type":"WebSite","@id":"https:\/\/talkpal.ai\/cs\/#website","url":"https:\/\/talkpal.ai\/cs\/","name":"Talkpal","description":"AI Language Learning","publisher":{"@id":"https:\/\/talkpal.ai\/cs\/#organization"},"alternateName":"Talkpal AI","potentialAction":[{"@type":"SearchAction","target":{"@type":"EntryPoint","urlTemplate":"https:\/\/talkpal.ai\/cs\/?s={search_term_string}"},"query-input":{"@type":"PropertyValueSpecification","valueRequired":true,"valueName":"search_term_string"}}],"inLanguage":"cs"},{"@type":"Organization","@id":"https:\/\/talkpal.ai\/cs\/#organization","name":"Talkpal, Inc.","alternateName":"Talkpal AI","url":"https:\/\/talkpal.ai\/cs\/","logo":{"@type":"ImageObject","inLanguage":"cs","@id":"https:\/\/talkpal.ai\/cs\/#\/schema\/logo\/image\/","url":"https:\/\/talkpal.ai\/wp-content\/uploads\/2024\/03\/Talkpal-Logo-Icon.png","contentUrl":"https:\/\/talkpal.ai\/wp-content\/uploads\/2024\/03\/Talkpal-Logo-Icon.png","width":2880,"height":2880,"caption":"Talkpal, Inc."},"image":{"@id":"https:\/\/talkpal.ai\/cs\/#\/schema\/logo\/image\/"},"sameAs":["https:\/\/www.facebook.com\/profile.php?id=100090733639311","https:\/\/x.com\/talkpalai","https:\/\/www.linkedin.com\/company\/talkpal\/","https:\/\/www.youtube.com\/@TalkPal\/","https:\/\/www.tiktok.com\/@talkpal","https:\/\/www.instagram.com\/talkpal_ai\/","https:\/\/www.crunchbase.com\/organization\/talkpal-9cde","https:\/\/www.g2.com\/products\/talkpal-for-business\/","https:\/\/www.trustpilot.com\/review\/talkpal.ai","https:\/\/www.capterra.com\/p\/10006800\/TalkPal\/"],"description":"Talkpal is a language learning web and mobile education app, powered by the latest AI technologies, that provides engaging experiences to its customers in many different languages to help them improve their language skills. Users can chat about unlimited amount of topics with the app and use other modes to practice their language learning.","email":"support@talkpal.ai","legalName":"Talkpal, Inc.","foundingDate":"2023-04-03","duns":"118989042","numberOfEmployees":{"@type":"QuantitativeValue","minValue":"11","maxValue":"50"},"publishingPrinciples":"https:\/\/talkpal.ai\/publishing-principles\/","actionableFeedbackPolicy":"https:\/\/talkpal.ai\/actionable-feedback-policy\/","correctionsPolicy":"https:\/\/talkpal.ai\/corrections-policy\/","ethicsPolicy":"https:\/\/talkpal.ai\/ethics-policy\/","diversityPolicy":"https:\/\/talkpal.ai\/diversity-policy\/","diversityStaffingReport":"https:\/\/talkpal.ai\/diversity-policy\/"}]}},"_links":{"self":[{"href":"https:\/\/talkpal.ai\/cs\/wp-json\/wp\/v2\/pages\/1467175","targetHints":{"allow":["GET"]}}],"collection":[{"href":"https:\/\/talkpal.ai\/cs\/wp-json\/wp\/v2\/pages"}],"about":[{"href":"https:\/\/talkpal.ai\/cs\/wp-json\/wp\/v2\/types\/page"}],"author":[{"embeddable":true,"href":"https:\/\/talkpal.ai\/cs\/wp-json\/wp\/v2\/users\/20"}],"replies":[{"embeddable":true,"href":"https:\/\/talkpal.ai\/cs\/wp-json\/wp\/v2\/comments?post=1467175"}],"version-history":[{"count":0,"href":"https:\/\/talkpal.ai\/cs\/wp-json\/wp\/v2\/pages\/1467175\/revisions"}],"wp:attachment":[{"href":"https:\/\/talkpal.ai\/cs\/wp-json\/wp\/v2\/media?parent=1467175"}],"curies":[{"name":"wp","href":"https:\/\/api.w.org\/{rel}","templated":true}]}}