{"id":1467078,"date":"2025-11-12T12:14:54","date_gmt":"2025-11-12T12:14:54","guid":{"rendered":"https:\/\/talkpal.ai\/laoska-gramaticka-cviceni\/"},"modified":"2025-12-30T14:13:55","modified_gmt":"2025-12-30T14:13:55","slug":"laoska-gramaticka-cviceni","status":"publish","type":"page","link":"https:\/\/talkpal.ai\/cs\/laoska-gramaticka-cviceni\/","title":{"rendered":"Laosk\u00e1 gramatick\u00e1 cvi\u010den\u00ed"},"content":{"rendered":"\r\n\r\n\r\n<section class=\"languageChallengeSection\">\r\n    <div class=\"languageInfoWrapper\">\r\n        \r\n        <h1>Laosk\u00e1 gramatick\u00e1 cvi\u010den\u00ed<\/h1>\r\n        <p>Jste p\u0159ipraveni pono\u0159it se do laosk\u00e9 gramatiky? Procvi\u010den\u00ed n\u011bkolika z\u00e1klad\u016f v\u00e1m pom\u016f\u017ee se s t\u00edmto jedine\u010dn\u00fdm a kr\u00e1sn\u00fdm jazykem s\u017e\u00edt. Vyzkou\u0161ejte tato cvi\u010den\u00ed, abyste si pos\u00edlili sebev\u011bdom\u00ed a pobavili se u toho!<\/p>\r\n\r\n                            <a class=\"getStartedHidden\" href=\"https:\/\/app.talkpal.ai\/cs\/signup?lng=\">Za\u010dni<\/a>\r\n        \r\n    <\/div>\r\n\r\n    <figure>\r\n    <img decoding=\"async\" width=\"768\" height=\"768\" src=\"https:\/\/talkpal.ai\/wp-content\/uploads\/2023\/06\/welsh-768x768.png\" class=\"languageImage no-lazy\" alt=\"Language learning for better cognitive abilities\" fetchpriority=\"high\" sizes=\"(max-width: 768px) 150px, 768px\" srcset=\"https:\/\/talkpal.ai\/wp-content\/uploads\/2023\/06\/welsh-768x768.png 768w, https:\/\/talkpal.ai\/wp-content\/uploads\/2023\/06\/welsh-300x300.png 300w\" \/>\r\n    \r\n\r\n    <\/figure>\r\n\r\n            <a class=\"getStartedVisible\" href=\"https:\/\/app.talkpal.ai\/cs\/signup?lng=\">Za\u010dni<\/a>\r\n    \r\n<\/section><section class=\"promotionalBanner\">\r\n    <p class=\"promotionalText\">Nejefektivn\u011bj\u0161\u00ed <a href=\"https:\/\/talkpal.ai\/best-way-to-learn\/\">zp\u016fsob<\/a>, jak se nau\u010dit jazyk<\/p>\r\n    <a class=\"promotionalLink\" href=\"https:\/\/app.talkpal.ai\/cs\/signup?lng=\">Vyzkou\u0161ejte Talkpal zdarma<\/a>\r\n<\/section>\n<div class=\"wp-block-group pageContainerStyle\"><div class=\"wp-block-group__inner-container is-layout-constrained wp-block-group-is-layout-constrained\">\n<h2 class=\"wp-block-heading\" id=\"h-lao-grammar-topics\">T\u00e9mata laosk\u00e9 gramatiky<\/h2>\n\n\n\n<p><a href=\"https:\/\/talkpal.ai\/cs\/nejvetsi-chyby-kterych-je-treba-se-vyvarovat-pri-uceni-noveho-jazyka\/\">Nau\u010dit se nov\u00fd jazyk<\/a> m\u016f\u017ee b\u00fdt n\u00e1ro\u010dn\u00e9, ale obohacuj\u00edc\u00ed \u00fasil\u00ed. <a href=\"https:\/\/talkpal.ai\/learn-lao\/\">Lao\u0161tina<\/a>, jazyk Tai-Kadai, kter\u00fdm se mluv\u00ed hlavn\u011b v Laosu, nen\u00ed v\u00fdjimkou. <a href=\"https:\/\/talkpal.ai\/cs\/talkpal-pro-vzdelavani\/\">U\u010den\u00ed<\/a> se lao\u0161tin\u011b se sv\u00fdmi jedine\u010dn\u00fdmi vlastnostmi a strukturami vy\u017eaduje systematick\u00fd p\u0159\u00edstup k pochopen\u00ed toho, jak je v\u00fdznam budov\u00e1n pomoc\u00ed \u010d\u00e1stic, slovosledu a klasifik\u00e1tor\u016f sp\u00ed\u0161e ne\u017e sklo\u0148ov\u00e1n\u00ed. Tato p\u0159\u00edru\u010dka nasti\u0148uje kl\u00ed\u010dov\u00e9 oblasti <a href=\"https:\/\/talkpal.ai\/cs\/laoska-gramatika\/\">laosk\u00e9 gramatiky<\/a> v logick\u00e9m po\u0159ad\u00ed pro <a href=\"https:\/\/talkpal.ai\/cs\/chatbot-s-umelou-inteligenci-pro-vyuku-jazyku\/\">v\u00fduku jazyk\u016f<\/a>, po\u010d\u00ednaje z\u00e1klady, jako jsou podstatn\u00e1 jm\u00e9na a klasifik\u00e1tory, a pokra\u010duje slo\u017eit\u011bj\u0161\u00edmi oblastmi, jako jsou zna\u010dky aspekt\u016f a stavba v\u011bt.<\/p>\n\n\n\n<h3 class=\"wp-block-heading\" id=\"h-1-nouns\">1. Podstatn\u00e1 jm\u00e9na:<\/h3>\n\n\n\n<p>Za\u010dn\u011bte svou cestu laosk\u00fdm jazykem t\u00edm, \u017ee se nau\u010d\u00edte podstatn\u00e1 jm\u00e9na. To zahrnuje pochopen\u00ed obecn\u00fdch a vlastn\u00edch podstatn\u00fdch jmen, toho, jak je pluralita vyj\u00e1d\u0159ena kontextem, \u010d\u00edslovkami a slovy jako mnoho, a tak\u00e9 z\u00e1sadn\u00ed roli klasifik\u00e1tor\u016f po \u010d\u00edslech a kvantifik\u00e1torech.<\/p>\n\n\n\n<h3 class=\"wp-block-heading\" id=\"h-2-articles\">2. \u010cl\u00e1nky:<\/h3>\n\n\n\n<p><a href=\"https:\/\/talkpal.ai\/learn-lao\/\">Lao<\/a> nepou\u017e\u00edv\u00e1 ur\u010dit\u00e9 ani neur\u010dit\u00e9 \u010dleny. M\u00edsto toho jsou ur\u010ditost a specifi\u010dnost vyj\u00e1d\u0159eny kontextem, demonstrativn\u00edmi z\u00e1jmeny jako tento a tamten a klasifika\u010dn\u00edmi konstrukcemi.<\/p>\n\n\n\n<h3 class=\"wp-block-heading\" id=\"h-3-adjectives\">3. P\u0159\u00eddavn\u00e1 jm\u00e9na:<\/h3>\n\n\n\n<p>P\u0159\u00eddavn\u00e1 jm\u00e9na v lao\u0161tin\u011b obvykle n\u00e1sleduj\u00ed po podstatn\u00fdch jm\u00e9nech, kter\u00e1 modifikuj\u00ed. Nau\u010dte se, jak mohou p\u0159\u00eddavn\u00e1 jm\u00e9na fungovat tak\u00e9 jako predik\u00e1ty a jak tvo\u0159it srovn\u00e1n\u00ed pomoc\u00ed zna\u010dek pro more a than, stejn\u011b jako superlativ\u016f s most.<\/p>\n\n\n\n<h3 class=\"wp-block-heading\" id=\"h-4-pronouns-determiners\">4. Z\u00e1jmena\/determinanty:<\/h3>\n\n\n\n<p>Z\u00e1jmena a determinanty jsou v lao\u0161tin\u011b z\u00e1sadn\u00ed; Z\u00e1jmena se li\u0161\u00ed podle zdvo\u0159ilosti, v\u011bku a soci\u00e1ln\u00edho kontextu. Determinanty zahrnuj\u00ed ukazovac\u00ed z\u00e1jmena a kvantifik\u00e1tory a vlastnictv\u00ed se b\u011b\u017en\u011b ozna\u010duje slovem for mezi vlastn\u00edkem a podstatn\u00fdm jm\u00e9nem.<\/p>\n\n\n\n<h3 class=\"wp-block-heading\" id=\"h-5-verbs\">5. Slovesa:<\/h3>\n\n\n\n<p>Laosk\u00e1 slovesa nem\u011bn\u00ed tvar pro \u010das, osobu nebo \u010d\u00edslo. \u010cas, aspekt a n\u00e1lada jsou zn\u00e1zorn\u011bny \u010d\u00e1sticemi a pomocn\u00fdmi slovy. Za\u010dn\u011bte se z\u00e1kladn\u00edmi slovesn\u00fdmi vzory a nau\u010dte se b\u011b\u017en\u00e9 ukazatele pro minulost, dokon\u010den\u00ed, prob\u00edhaj\u00edc\u00ed akci a z\u00e1m\u011br.<\/p>\n\n\n\n<h3 class=\"wp-block-heading\" id=\"h-6-tenses\">6. \u010casy:<\/h3>\n\n\n\n<p>Po zvl\u00e1dnut\u00ed z\u00e1kladn\u00edch slovesn\u00fdch vzorc\u016f se pono\u0159te hloub\u011bji do toho, jak lao\u0161tina vyjad\u0159uje \u010das bez sklo\u0148ovan\u00fdch \u010das\u016f. To zahrnuje pou\u017eit\u00ed \u010dasov\u00fdch slov a zna\u010dek aspekt\u016f k rozli\u0161en\u00ed sou\u010dasn\u00fdch situac\u00ed, dokon\u010den\u00fdch ud\u00e1lost\u00ed a budouc\u00edch nebo zam\u00fd\u0161len\u00fdch akc\u00ed v r\u016fzn\u00fdch kontextech.<\/p>\n\n\n\n<h3 class=\"wp-block-heading\" id=\"h-7-tense-comparison\">7. Srovn\u00e1n\u00ed \u010das\u016f:<\/h3>\n\n\n\n<p>Porovn\u00e1n\u00ed \u010dasov\u00e9ho a aspektov\u00e9ho ozna\u010den\u00ed v lao\u0161tin\u011b pom\u00e1h\u00e1 pochopit posloupnost a \u00fahel pohledu ud\u00e1lost\u00ed. Porovnejte stejnou v\u011btu s r\u016fzn\u00fdmi \u010d\u00e1sticemi, abyste vid\u011bli, jak se v\u00fdznam posouv\u00e1 mezi dokon\u010den\u00fdm, prob\u00edhaj\u00edc\u00edm, obvykl\u00fdm a prospektivn\u00edm \u010dten\u00edm.<\/p>\n\n\n\n<h3 class=\"wp-block-heading\" id=\"h-8-progressive\">8. Progresivn\u00ed:<\/h3>\n\n\n\n<p>Progresivn\u00ed se v Lao pou\u017e\u00edv\u00e1 k vyj\u00e1d\u0159en\u00ed prob\u00edhaj\u00edc\u00edch akc\u00ed. B\u011b\u017en\u011b se tvo\u0159\u00ed pomoc\u00ed p\u0159edverb\u00e1ln\u00edho ukazatele prob\u00edhaj\u00edc\u00edho textu a m\u016f\u017ee b\u00fdt pos\u00edlena z\u00e1v\u011bre\u010dnou v\u011btou nebo postverb\u00e1ln\u00ed zna\u010dkou, kter\u00e1 ozna\u010duje aktu\u00e1ln\u00ed stav.<\/p>\n\n\n\n<h3 class=\"wp-block-heading\" id=\"h-9-perfect-progressive\">9. Perfektn\u00ed progresivn\u00ed:<\/h3>\n\n\n\n<p>Tento v\u00fdznam je vyj\u00e1d\u0159en kombinacemi, kter\u00e9 ukazuj\u00ed trv\u00e1n\u00ed a\u017e do referen\u010dn\u00edho bodu. Lao pou\u017e\u00edv\u00e1 aspect markery, \u010dasov\u00e9 v\u00fdrazy a \u010d\u00e1stice, kter\u00e9 nazna\u010duj\u00ed, \u017ee ji\u017e nebo dosud sd\u011bluj\u00ed, \u017ee se d\u011bje po ur\u010ditou dobu.<\/p>\n\n\n\n<h3 class=\"wp-block-heading\" id=\"h-10-conditionals\">10. Kondicion\u00e1ly:<\/h3>\n\n\n\n<p>Podmi\u0148ovac\u00ed zp\u016fsob vyjad\u0159uje hypotetick\u00e9 situace a jejich mo\u017en\u00e9 v\u00fdsledky. Jsou tvo\u0159eny klauzul\u00ed if n\u00e1sledovanou klauzul\u00ed result, \u010dasto pou\u017e\u00edvaj\u00edc\u00ed mod\u00e1ln\u00ed \u010d\u00e1stice k ozna\u010den\u00ed pravd\u011bpodobnosti nebo z\u00e1m\u011bru sp\u00ed\u0161e ne\u017e zm\u011bny \u010dasu.<\/p>\n\n\n\n<h3 class=\"wp-block-heading\" id=\"h-11-adverbs\">11. P\u0159\u00edslovce:<\/h3>\n\n\n\n<p>P\u0159\u00edslovce v lao\u0161tin\u011b modifikuj\u00ed slovesa, p\u0159\u00eddavn\u00e1 jm\u00e9na nebo jin\u00e1 p\u0159\u00edslovce. Obvykle se objevuj\u00ed za slovesem nebo na konci v\u011bty a poskytuj\u00ed informace o zp\u016fsobu, m\u00edst\u011b, \u010dase, stupni a dal\u0161\u00edch.<\/p>\n\n\n\n<h3 class=\"wp-block-heading\" id=\"h-12-prepositions\">12. P\u0159edlo\u017eky:<\/h3>\n\n\n\n<p>P\u0159edlo\u017eky spojuj\u00ed slova a fr\u00e1ze dohromady. V lao\u0161tin\u011b jsou mnoh\u00e9 z nich coverby, kter\u00e9 se vyskytuj\u00ed p\u0159ed podstatn\u00fdm jm\u00e9nem nebo v s\u00e9riov\u00fdch slovesn\u00fdch vazb\u00e1ch k vyj\u00e1d\u0159en\u00ed vztah\u016f \u010dasu, m\u00edsta, sm\u011bru a doprovodu.<\/p>\n\n\n\n<h3 class=\"wp-block-heading\" id=\"h-13-sentences\">13. V\u011bty:<\/h3>\n\n\n\n<p>Nakonec si procvi\u010dte vytv\u00e1\u0159en\u00ed v\u011bt. Lao je prim\u00e1rn\u011b podm\u011bt slovesn\u00e9ho p\u0159edm\u011btu, s negac\u00ed p\u0159ed slovesem a t\u00e1zac\u00edmi \u010d\u00e1sticemi nebo t\u00e1zac\u00edmi slovy na m\u00edst\u011b. Pou\u017eijte v\u0161echny d\u0159\u00edve nau\u010den\u00e9 gramatick\u00e9 body v kontextu, v\u010detn\u011b klasifik\u00e1tor\u016f, zna\u010dek aspekt\u016f a s\u00e9riov\u00fdch sloves, abyste zajistili komplexn\u00ed porozum\u011bn\u00ed laosk\u00e9mu jazyku.<\/p>\n<\/div><\/div>\n\r\n<section class=\"learnNavigationSection\">\r\n            \r\n        <a href=\"https:\/\/talkpal.ai\/cs\/naucte-se-laostinu\/\">\r\n            <div class=\"learnNavigationWrapper\">\r\n                <div class=\"learnNavigationContent\">\r\n                    <img decoding=\"async\" src=\"https:\/\/talkpal.ai\/wp-content\/uploads\/2025\/11\/Lao-1.png\" alt=\"Laotian Flag\">\r\n                    <div>\r\n                        <h4>O spole\u010dnosti Lao Learning<\/h4>\r\n                        <p>Zjist\u011bte v\u0161e o laosk\u00e9 gramatice.<\/p>\r\n                    <\/div>\r\n                <\/div>\r\n            <\/div>\r\n        <\/a>\r\n\r\n        \r\n        <a href=\"https:\/\/talkpal.ai\/cs\/laoska-gramatika\/\">\r\n            <div class=\"learnNavigationWrapper\">\r\n                <div class=\"learnNavigationContent\">\r\n                    <img decoding=\"async\" src=\"https:\/\/talkpal.ai\/wp-content\/uploads\/2025\/11\/Lao-1.png\" alt=\"Laotian Flag\">\r\n                    <div>\r\n                        <h4>Lekce laosk\u00e9 gramatiky<\/h4>\r\n                        <p>Procvi\u010dujte laoskou gramatiku.<\/p>\r\n                    <\/div>\r\n                <\/div>\r\n            <\/div>\r\n        <\/a>\r\n\r\n            <\/section>","protected":false},"excerpt":{"rendered":"<p>T\u00e9mata laosk\u00e9 gramatiky Nau\u010dit se nov\u00fd jazyk m\u016f\u017ee b\u00fdt n\u00e1ro\u010dn\u00e9, ale obohacuj\u00edc\u00ed \u00fasil\u00ed. Lao\u0161tina, jazyk Tai-Kadai, kter\u00fdm se mluv\u00ed hlavn\u011b v Laosu, nen\u00ed v\u00fdjimkou. U\u010den\u00ed se lao\u0161tin\u011b se sv\u00fdmi jedine\u010dn\u00fdmi vlastnostmi a strukturami vy\u017eaduje systematick\u00fd p\u0159\u00edstup k pochopen\u00ed toho, jak je v\u00fdznam budov\u00e1n pomoc\u00ed \u010d\u00e1stic, slovosledu a klasifik\u00e1tor\u016f sp\u00ed\u0161e ne\u017e sklo\u0148ov\u00e1n\u00ed. Tato p\u0159\u00edru\u010dka nasti\u0148uje kl\u00ed\u010dov\u00e9 [&hellip;]<\/p>\n","protected":false},"author":20,"featured_media":0,"parent":0,"menu_order":0,"comment_status":"closed","ping_status":"closed","template":"LearningContentPage.php","meta":{"_acf_changed":false,"footnotes":""},"class_list":["post-1467078","page","type-page","status-publish","hentry"],"acf":[],"yoast_head":"<!-- This site is optimized with the Yoast SEO Premium plugin v27.2 (Yoast SEO v27.2) - https:\/\/yoast.com\/product\/yoast-seo-premium-wordpress\/ -->\n<title>Laosk\u00e1 gramatick\u00e1 cvi\u010den\u00ed - Talkpal<\/title>\n<meta name=\"description\" content=\"Zvl\u00e1dn\u011bte laoskou gramatiku pomoc\u00ed interaktivn\u00edch cvi\u010den\u00ed, kter\u00e1 v\u00e1m pomohou vybudovat si plynulost a jistotu v jazyce.\" \/>\n<meta name=\"robots\" content=\"index, follow, max-snippet:-1, max-image-preview:large, max-video-preview:-1\" \/>\n<link rel=\"canonical\" href=\"https:\/\/talkpal.ai\/cs\/laoska-gramaticka-cviceni\/\" \/>\n<meta property=\"og:locale\" content=\"cs_CZ\" \/>\n<meta property=\"og:type\" content=\"article\" \/>\n<meta property=\"og:title\" content=\"Laosk\u00e1 gramatick\u00e1 cvi\u010den\u00ed\" \/>\n<meta property=\"og:description\" content=\"T\u00e9mata laosk\u00e9 gramatiky Nau\u010dit se nov\u00fd jazyk m\u016f\u017ee b\u00fdt n\u00e1ro\u010dn\u00e9, ale obohacuj\u00edc\u00ed \u00fasil\u00ed. Lao\u0161tina, jazyk Tai-Kadai, kter\u00fdm se mluv\u00ed hlavn\u011b v Laosu, nen\u00ed\" \/>\n<meta property=\"og:url\" content=\"https:\/\/talkpal.ai\/cs\/laoska-gramaticka-cviceni\/\" \/>\n<meta property=\"og:site_name\" content=\"Talkpal\" \/>\n<meta property=\"article:publisher\" content=\"https:\/\/www.facebook.com\/profile.php?id=100090733639311\" \/>\n<meta property=\"article:modified_time\" content=\"2025-12-30T14:13:55+00:00\" \/>\n<meta property=\"og:image\" content=\"https:\/\/talkpal.ai\/wp-content\/uploads\/2025\/02\/Progress-tab-16_9.png\" \/>\n\t<meta property=\"og:image:width\" content=\"2880\" \/>\n\t<meta property=\"og:image:height\" content=\"1620\" \/>\n\t<meta property=\"og:image:type\" content=\"image\/png\" \/>\n<meta name=\"twitter:card\" content=\"summary_large_image\" \/>\n<meta name=\"twitter:site\" content=\"@talkpalai\" \/>\n<meta name=\"twitter:label1\" content=\"Odhadovan\u00e1 doba \u010dten\u00ed\" \/>\n\t<meta name=\"twitter:data1\" content=\"4 minuty\" \/>\n<script type=\"application\/ld+json\" class=\"yoast-schema-graph\">{\"@context\":\"https:\/\/schema.org\",\"@graph\":[{\"@type\":\"WebPage\",\"@id\":\"https:\/\/talkpal.ai\/cs\/laoska-gramaticka-cviceni\/\",\"url\":\"https:\/\/talkpal.ai\/cs\/laoska-gramaticka-cviceni\/\",\"name\":\"Laosk\u00e1 gramatick\u00e1 cvi\u010den\u00ed - Talkpal\",\"isPartOf\":{\"@id\":\"https:\/\/talkpal.ai\/cs\/#website\"},\"datePublished\":\"2025-11-12T12:14:54+00:00\",\"dateModified\":\"2025-12-30T14:13:55+00:00\",\"description\":\"Zvl\u00e1dn\u011bte laoskou gramatiku pomoc\u00ed interaktivn\u00edch cvi\u010den\u00ed, kter\u00e1 v\u00e1m pomohou vybudovat si plynulost a jistotu v jazyce.\",\"breadcrumb\":{\"@id\":\"https:\/\/talkpal.ai\/cs\/laoska-gramaticka-cviceni\/#breadcrumb\"},\"inLanguage\":\"cs\",\"potentialAction\":[{\"@type\":\"ReadAction\",\"target\":[\"https:\/\/talkpal.ai\/cs\/laoska-gramaticka-cviceni\/\"]}]},{\"@type\":\"BreadcrumbList\",\"@id\":\"https:\/\/talkpal.ai\/cs\/laoska-gramaticka-cviceni\/#breadcrumb\",\"itemListElement\":[{\"@type\":\"ListItem\",\"position\":1,\"name\":\"Homepage\",\"item\":\"https:\/\/talkpal.ai\/cs\/\"},{\"@type\":\"ListItem\",\"position\":2,\"name\":\"Laosk\u00e1 gramatick\u00e1 cvi\u010den\u00ed\"}]},{\"@type\":\"WebSite\",\"@id\":\"https:\/\/talkpal.ai\/cs\/#website\",\"url\":\"https:\/\/talkpal.ai\/cs\/\",\"name\":\"Talkpal\",\"description\":\"AI Language Learning\",\"publisher\":{\"@id\":\"https:\/\/talkpal.ai\/cs\/#organization\"},\"alternateName\":\"Talkpal AI\",\"potentialAction\":[{\"@type\":\"SearchAction\",\"target\":{\"@type\":\"EntryPoint\",\"urlTemplate\":\"https:\/\/talkpal.ai\/cs\/?s={search_term_string}\"},\"query-input\":{\"@type\":\"PropertyValueSpecification\",\"valueRequired\":true,\"valueName\":\"search_term_string\"}}],\"inLanguage\":\"cs\"},{\"@type\":\"Organization\",\"@id\":\"https:\/\/talkpal.ai\/cs\/#organization\",\"name\":\"Talkpal, Inc.\",\"alternateName\":\"Talkpal AI\",\"url\":\"https:\/\/talkpal.ai\/cs\/\",\"logo\":{\"@type\":\"ImageObject\",\"inLanguage\":\"cs\",\"@id\":\"https:\/\/talkpal.ai\/cs\/#\/schema\/logo\/image\/\",\"url\":\"https:\/\/talkpal.ai\/wp-content\/uploads\/2024\/03\/Talkpal-Logo-Icon.png\",\"contentUrl\":\"https:\/\/talkpal.ai\/wp-content\/uploads\/2024\/03\/Talkpal-Logo-Icon.png\",\"width\":2880,\"height\":2880,\"caption\":\"Talkpal, Inc.\"},\"image\":{\"@id\":\"https:\/\/talkpal.ai\/cs\/#\/schema\/logo\/image\/\"},\"sameAs\":[\"https:\/\/www.facebook.com\/profile.php?id=100090733639311\",\"https:\/\/x.com\/talkpalai\",\"https:\/\/www.linkedin.com\/company\/talkpal\/\",\"https:\/\/www.youtube.com\/@TalkPal\/\",\"https:\/\/www.tiktok.com\/@talkpal\",\"https:\/\/www.instagram.com\/talkpal_ai\/\",\"https:\/\/www.crunchbase.com\/organization\/talkpal-9cde\",\"https:\/\/www.g2.com\/products\/talkpal-for-business\/\",\"https:\/\/www.trustpilot.com\/review\/talkpal.ai\",\"https:\/\/www.capterra.com\/p\/10006800\/TalkPal\/\"],\"description\":\"Talkpal is a language learning web and mobile education app, powered by the latest AI technologies, that provides engaging experiences to its customers in many different languages to help them improve their language skills. Users can chat about unlimited amount of topics with the app and use other modes to practice their language learning.\",\"email\":\"support@talkpal.ai\",\"legalName\":\"Talkpal, Inc.\",\"foundingDate\":\"2023-04-03\",\"duns\":\"118989042\",\"numberOfEmployees\":{\"@type\":\"QuantitativeValue\",\"minValue\":\"11\",\"maxValue\":\"50\"},\"publishingPrinciples\":\"https:\/\/talkpal.ai\/publishing-principles\/\",\"actionableFeedbackPolicy\":\"https:\/\/talkpal.ai\/actionable-feedback-policy\/\",\"correctionsPolicy\":\"https:\/\/talkpal.ai\/corrections-policy\/\",\"ethicsPolicy\":\"https:\/\/talkpal.ai\/ethics-policy\/\",\"diversityPolicy\":\"https:\/\/talkpal.ai\/diversity-policy\/\",\"diversityStaffingReport\":\"https:\/\/talkpal.ai\/diversity-policy\/\"}]}<\/script>\n<!-- \/ Yoast SEO Premium plugin. -->","yoast_head_json":{"title":"Laosk\u00e1 gramatick\u00e1 cvi\u010den\u00ed - Talkpal","description":"Zvl\u00e1dn\u011bte laoskou gramatiku pomoc\u00ed interaktivn\u00edch cvi\u010den\u00ed, kter\u00e1 v\u00e1m pomohou vybudovat si plynulost a jistotu v jazyce.","robots":{"index":"index","follow":"follow","max-snippet":"max-snippet:-1","max-image-preview":"max-image-preview:large","max-video-preview":"max-video-preview:-1"},"canonical":"https:\/\/talkpal.ai\/cs\/laoska-gramaticka-cviceni\/","og_locale":"cs_CZ","og_type":"article","og_title":"Laosk\u00e1 gramatick\u00e1 cvi\u010den\u00ed","og_description":"T\u00e9mata laosk\u00e9 gramatiky Nau\u010dit se nov\u00fd jazyk m\u016f\u017ee b\u00fdt n\u00e1ro\u010dn\u00e9, ale obohacuj\u00edc\u00ed \u00fasil\u00ed. Lao\u0161tina, jazyk Tai-Kadai, kter\u00fdm se mluv\u00ed hlavn\u011b v Laosu, nen\u00ed","og_url":"https:\/\/talkpal.ai\/cs\/laoska-gramaticka-cviceni\/","og_site_name":"Talkpal","article_publisher":"https:\/\/www.facebook.com\/profile.php?id=100090733639311","article_modified_time":"2025-12-30T14:13:55+00:00","og_image":[{"width":2880,"height":1620,"url":"https:\/\/talkpal.ai\/wp-content\/uploads\/2025\/02\/Progress-tab-16_9.png","type":"image\/png"}],"twitter_card":"summary_large_image","twitter_site":"@talkpalai","twitter_misc":{"Odhadovan\u00e1 doba \u010dten\u00ed":"4 minuty"},"schema":{"@context":"https:\/\/schema.org","@graph":[{"@type":"WebPage","@id":"https:\/\/talkpal.ai\/cs\/laoska-gramaticka-cviceni\/","url":"https:\/\/talkpal.ai\/cs\/laoska-gramaticka-cviceni\/","name":"Laosk\u00e1 gramatick\u00e1 cvi\u010den\u00ed - Talkpal","isPartOf":{"@id":"https:\/\/talkpal.ai\/cs\/#website"},"datePublished":"2025-11-12T12:14:54+00:00","dateModified":"2025-12-30T14:13:55+00:00","description":"Zvl\u00e1dn\u011bte laoskou gramatiku pomoc\u00ed interaktivn\u00edch cvi\u010den\u00ed, kter\u00e1 v\u00e1m pomohou vybudovat si plynulost a jistotu v jazyce.","breadcrumb":{"@id":"https:\/\/talkpal.ai\/cs\/laoska-gramaticka-cviceni\/#breadcrumb"},"inLanguage":"cs","potentialAction":[{"@type":"ReadAction","target":["https:\/\/talkpal.ai\/cs\/laoska-gramaticka-cviceni\/"]}]},{"@type":"BreadcrumbList","@id":"https:\/\/talkpal.ai\/cs\/laoska-gramaticka-cviceni\/#breadcrumb","itemListElement":[{"@type":"ListItem","position":1,"name":"Homepage","item":"https:\/\/talkpal.ai\/cs\/"},{"@type":"ListItem","position":2,"name":"Laosk\u00e1 gramatick\u00e1 cvi\u010den\u00ed"}]},{"@type":"WebSite","@id":"https:\/\/talkpal.ai\/cs\/#website","url":"https:\/\/talkpal.ai\/cs\/","name":"Talkpal","description":"AI Language Learning","publisher":{"@id":"https:\/\/talkpal.ai\/cs\/#organization"},"alternateName":"Talkpal AI","potentialAction":[{"@type":"SearchAction","target":{"@type":"EntryPoint","urlTemplate":"https:\/\/talkpal.ai\/cs\/?s={search_term_string}"},"query-input":{"@type":"PropertyValueSpecification","valueRequired":true,"valueName":"search_term_string"}}],"inLanguage":"cs"},{"@type":"Organization","@id":"https:\/\/talkpal.ai\/cs\/#organization","name":"Talkpal, Inc.","alternateName":"Talkpal AI","url":"https:\/\/talkpal.ai\/cs\/","logo":{"@type":"ImageObject","inLanguage":"cs","@id":"https:\/\/talkpal.ai\/cs\/#\/schema\/logo\/image\/","url":"https:\/\/talkpal.ai\/wp-content\/uploads\/2024\/03\/Talkpal-Logo-Icon.png","contentUrl":"https:\/\/talkpal.ai\/wp-content\/uploads\/2024\/03\/Talkpal-Logo-Icon.png","width":2880,"height":2880,"caption":"Talkpal, Inc."},"image":{"@id":"https:\/\/talkpal.ai\/cs\/#\/schema\/logo\/image\/"},"sameAs":["https:\/\/www.facebook.com\/profile.php?id=100090733639311","https:\/\/x.com\/talkpalai","https:\/\/www.linkedin.com\/company\/talkpal\/","https:\/\/www.youtube.com\/@TalkPal\/","https:\/\/www.tiktok.com\/@talkpal","https:\/\/www.instagram.com\/talkpal_ai\/","https:\/\/www.crunchbase.com\/organization\/talkpal-9cde","https:\/\/www.g2.com\/products\/talkpal-for-business\/","https:\/\/www.trustpilot.com\/review\/talkpal.ai","https:\/\/www.capterra.com\/p\/10006800\/TalkPal\/"],"description":"Talkpal is a language learning web and mobile education app, powered by the latest AI technologies, that provides engaging experiences to its customers in many different languages to help them improve their language skills. Users can chat about unlimited amount of topics with the app and use other modes to practice their language learning.","email":"support@talkpal.ai","legalName":"Talkpal, Inc.","foundingDate":"2023-04-03","duns":"118989042","numberOfEmployees":{"@type":"QuantitativeValue","minValue":"11","maxValue":"50"},"publishingPrinciples":"https:\/\/talkpal.ai\/publishing-principles\/","actionableFeedbackPolicy":"https:\/\/talkpal.ai\/actionable-feedback-policy\/","correctionsPolicy":"https:\/\/talkpal.ai\/corrections-policy\/","ethicsPolicy":"https:\/\/talkpal.ai\/ethics-policy\/","diversityPolicy":"https:\/\/talkpal.ai\/diversity-policy\/","diversityStaffingReport":"https:\/\/talkpal.ai\/diversity-policy\/"}]}},"_links":{"self":[{"href":"https:\/\/talkpal.ai\/cs\/wp-json\/wp\/v2\/pages\/1467078","targetHints":{"allow":["GET"]}}],"collection":[{"href":"https:\/\/talkpal.ai\/cs\/wp-json\/wp\/v2\/pages"}],"about":[{"href":"https:\/\/talkpal.ai\/cs\/wp-json\/wp\/v2\/types\/page"}],"author":[{"embeddable":true,"href":"https:\/\/talkpal.ai\/cs\/wp-json\/wp\/v2\/users\/20"}],"replies":[{"embeddable":true,"href":"https:\/\/talkpal.ai\/cs\/wp-json\/wp\/v2\/comments?post=1467078"}],"version-history":[{"count":0,"href":"https:\/\/talkpal.ai\/cs\/wp-json\/wp\/v2\/pages\/1467078\/revisions"}],"wp:attachment":[{"href":"https:\/\/talkpal.ai\/cs\/wp-json\/wp\/v2\/media?parent=1467078"}],"curies":[{"name":"wp","href":"https:\/\/api.w.org\/{rel}","templated":true}]}}