{"id":1467075,"date":"2025-11-12T11:25:16","date_gmt":"2025-11-12T11:25:16","guid":{"rendered":"https:\/\/talkpal.ai\/khmerska-gramatika\/"},"modified":"2025-12-30T14:41:57","modified_gmt":"2025-12-30T14:41:57","slug":"khmerska-gramatika","status":"publish","type":"page","link":"https:\/\/talkpal.ai\/cs\/khmerska-gramatika\/","title":{"rendered":"Khm\u00e9rsk\u00e1 gramatika"},"content":{"rendered":"\r\n\r\n\r\n<section class=\"languageChallengeSection\">\r\n    <div class=\"languageInfoWrapper\">\r\n        \r\n        <h1>Khm\u00e9rsk\u00e1 gramatika<\/h1>\r\n        <p><a href=\"https:\/\/talkpal.ai\/khmer-grammar\/\">Khmersk\u00e1 gramatika<\/a> se m\u016f\u017ee na prvn\u00ed pohled zd\u00e1t n\u00e1ro\u010dn\u00e1, ale d\u00edky sv\u00fdm jedine\u010dn\u00fdm vlastnostem je u\u010den\u00ed jazyka obohacuj\u00edc\u00ed zku\u0161enost\u00ed. P\u0159i zkoum\u00e1n\u00ed abecedy, mutac\u00ed a gramatick\u00fdch pravidel z\u00edsk\u00e1te p\u0159ehled o bohat\u00e9 jazykov\u00e9 tradici. Vydejte se na cestu a objevte kr\u00e1sy khm\u00e9r\u0161tiny!<\/p>\r\n\r\n                            <a class=\"getStartedHidden\" href=\"https:\/\/app.talkpal.ai\/cs\/signup?lng=\">Za\u010dni<\/a>\r\n        \r\n    <\/div>\r\n\r\n    <figure>\r\n    <img decoding=\"async\" width=\"768\" height=\"768\" src=\"https:\/\/talkpal.ai\/wp-content\/uploads\/2023\/06\/welsh-768x768.png\" class=\"languageImage no-lazy\" alt=\"Language learning for better cognitive abilities\" fetchpriority=\"high\" sizes=\"(max-width: 768px) 150px, 768px\" srcset=\"https:\/\/talkpal.ai\/wp-content\/uploads\/2023\/06\/welsh-768x768.png 768w, https:\/\/talkpal.ai\/wp-content\/uploads\/2023\/06\/welsh-300x300.png 300w\" \/>\r\n    \r\n\r\n    <\/figure>\r\n\r\n            <a class=\"getStartedVisible\" href=\"https:\/\/app.talkpal.ai\/cs\/signup?lng=\">Za\u010dni<\/a>\r\n    \r\n<\/section><section class=\"promotionalBanner\">\r\n    <p class=\"promotionalText\">Nejefektivn\u011bj\u0161\u00ed zp\u016fsob, jak se nau\u010dit jazyk<\/p>\r\n    <a class=\"promotionalLink\" href=\"https:\/\/app.talkpal.ai\/cs\/signup?lng=\">Vyzkou\u0161ejte Talkpal zdarma<\/a>\r\n<\/section>\n<div class=\"wp-block-group pageContainerStyle\"><div class=\"wp-block-group__inner-container is-layout-constrained wp-block-group-is-layout-constrained\">\n<h2 class=\"wp-block-heading\" id=\"h-navigating-the-intricacies-of-khmer-grammar\">Orientace ve slo\u017eitostech khmersk\u00e9 gramatiky<\/h2>\n\n\n\n<p><a href=\"https:\/\/talkpal.ai\/cs\/naucte-se-khmersky\/\">Khm\u00e9r\u0161tina<\/a>, n\u00e1rodn\u00ed jazyk Kambod\u017ee a hlavn\u00ed austroasijsk\u00fd jazyk s hlubokou liter\u00e1rn\u00ed tradic\u00ed, nab\u00edz\u00ed vzru\u0161uj\u00edc\u00ed lingvistick\u00fd z\u00e1\u017eitek pro ty, kte\u0159\u00ed tou\u017e\u00ed prozkoumat jej\u00ed jedine\u010dn\u00fd gramatick\u00fd syst\u00e9m. Kdy\u017e se vyd\u00e1te do \u0159\u00ed\u0161e khm\u00e9r\u0161tiny, obohat\u00edte nejen sv\u016fj jazykov\u00fd reperto\u00e1r, ale tak\u00e9 se vyd\u00e1te na fascinuj\u00edc\u00ed kulturn\u00ed cestu. I kdy\u017e se khmersk\u00e1 gramatika m\u016f\u017ee na prvn\u00ed pohled zd\u00e1t nezn\u00e1m\u00e1, jej\u00ed rozd\u011blen\u00ed na z\u00e1kladn\u00ed slo\u017eky \u010din\u00ed u\u010den\u00ed jazyka p\u0159\u00edstupn\u011bj\u0161\u00edm. V tomto \u010dl\u00e1nku prozkoum\u00e1me podmaniv\u00fd sv\u011bt khmersk\u00e9 gramatiky a poskytneme tipy, jak zvl\u00e1dnout jej\u00ed slo\u017eitosti.<\/p>\n\n\n\n<h3 class=\"wp-block-heading\" id=\"h-1-khmer-alphabet-and-phonetics\">1. Khmersk\u00e1 abeceda a fonetika<\/h3>\n\n\n\n<p>Khmersk\u00fd p\u00edsemn\u00fd syst\u00e9m je abugida, kter\u00e1 se skl\u00e1d\u00e1 z 33 souhl\u00e1sek, 23 z\u00e1visl\u00fdch samohl\u00e1sek a 12 nez\u00e1visl\u00fdch samohl\u00e1sek. Souhl\u00e1sky se vyskytuj\u00ed ve dvou \u0159ad\u00e1ch, kter\u00e9 ovliv\u0148uj\u00ed kvalitu samohl\u00e1sek, a symboly samohl\u00e1sek m\u011bn\u00ed svou v\u00fdslovnost v z\u00e1vislosti na \u0159ad\u011b souhl\u00e1sek. Abyste se nau\u010dili khmerskou gramatiku, je d\u016fle\u017eit\u00e9 sezn\u00e1mit se s t\u00edmto charakteristick\u00fdm p\u00edsmem procvi\u010dov\u00e1n\u00edm \u010dten\u00ed a psan\u00ed v khm\u00e9r\u0161tin\u011b.<\/p>\n\n\n\n<h3 class=\"wp-block-heading\" id=\"h-2-consonant-series-a-peculiar-khmer-feature\">2. Souhl\u00e1skov\u00e1 \u0159ada: Zvl\u00e1\u0161tn\u00ed khmersk\u00fd rys<\/h3>\n\n\n\n<p>Jedn\u00edm z nejpozoruhodn\u011bj\u0161\u00edch aspekt\u016f khm\u00e9r\u0161tiny jsou jej\u00ed dv\u011b souhl\u00e1skov\u00e9 \u0159ady, \u010dasto naz\u00fdvan\u00e9 rejst\u0159\u00edky, kter\u00e9 ovliv\u0148uj\u00ed, jak z\u00e1visl\u00e9 samohl\u00e1sky se vyslovuj\u00ed. Souhl\u00e1sky \u0159ady A a O zp\u016fsobuj\u00ed, \u017ee stejn\u00fd symbol samohl\u00e1sky je \u010dten odli\u0161n\u011b. Pochopen\u00ed toho, jak tyto \u0159ady funguj\u00ed, spolu s b\u011b\u017enou diakritikou, je \u017eivotn\u011b d\u016fle\u017eit\u00e9 pro p\u0159esnou v\u00fdslovnost a psan\u00ed v khm\u00e9r\u0161tin\u011b.<\/p>\n\n\n\n<h3 class=\"wp-block-heading\" id=\"h-3-nouns-and-pronouns-gender-and-cases\">3. Podstatn\u00e1 jm\u00e9na a z\u00e1jmena: rod a p\u00e1dy<\/h3>\n\n\n\n<p>Khmersk\u00e1 podstatn\u00e1 jm\u00e9na nemaj\u00ed gramatick\u00fd rod a nesklo\u0148uj\u00ed se pro p\u00e1d. Mno\u017en\u00e9 \u010d\u00edslo je \u010dasto ozna\u010dov\u00e1no kontextem, reduplikac\u00ed nebo slovy jako \u1785\u17d2\u179a\u17be\u1793. Z\u00e1jmena v khm\u00e9r\u0161tin\u011b zahrnuj\u00ed osobn\u00ed, p\u0159ivlast\u0148ovac\u00ed, reflexivn\u00ed, ukazovac\u00ed a t\u00e1zac\u00ed tvary a li\u0161\u00ed se zdvo\u0159ilost\u00ed a soci\u00e1ln\u00edm kontextem. Sezn\u00e1men\u00ed se s t\u011bmito z\u00e1jmeny a \u010d\u00e1sticemi, jako je \u179a\u1794\u179f\u17cb pro vlastnictv\u00ed, v\u00fdrazn\u011b zlep\u0161\u00ed va\u0161e ch\u00e1p\u00e1n\u00ed khmersk\u00e9 gramatiky.<\/p>\n\n\n\n<h3 class=\"wp-block-heading\" id=\"h-4-verbs-structure-and-conjugation\">4. Slovesa: struktura a \u010dasov\u00e1n\u00ed<\/h3>\n\n\n\n<p>Khmersk\u00e1 slovesa se ne\u010dasuj\u00ed pro \u010das, osobu nebo \u010d\u00edslo. M\u00edsto toho jsou \u010das a aspekt vyj\u00e1d\u0159eny \u010d\u00e1sticemi a p\u0159\u00edslovci, jako je \u1780\u17c6\u1796\u17bb\u1784 pro progresivn\u00ed, \u1794\u17b6\u1793 pro dokon\u010denou minulost a \u1793\u17b9\u1784 pro budoucnost. N\u00e1ladu lze nazna\u010dit slovy jako \u179f\u17bc\u1798 nebo \u1785\u17bc\u179a pro zdvo\u0159il\u00e9 rozkazy a \u1780\u17bb\u17c6 pro z\u00e1kazy. Osvojen\u00ed si t\u011bchto \u010d\u00e1stic a b\u011b\u017en\u00fdch s\u00e9riov\u00fdch slovesn\u00fdch konstrukc\u00ed zlep\u0161\u00ed va\u0161i schopnost efektivn\u011b komunikovat v khm\u00e9r\u0161tin\u011b.<\/p>\n\n\n\n<h3 class=\"wp-block-heading\" id=\"h-5-adjectives-agreement-and-placement\">5. P\u0159\u00eddavn\u00e1 jm\u00e9na: Shoda a um\u00edst\u011bn\u00ed<\/h3>\n\n\n\n<p>V khmersk\u00e9 gramatice p\u0159\u00eddavn\u00e1 jm\u00e9na obvykle n\u00e1sleduj\u00ed za podstatn\u00fdm jm\u00e9nem, kter\u00e9 modifikuj\u00ed, a neshoduj\u00ed se v \u010d\u00edsle ani rodu. Komparativy a superlativy se tvo\u0159\u00ed analyticky, \u010dasto se pou\u017e\u00edv\u00e1 \u1787\u17b6\u1784 pro srovn\u00e1n\u00ed a \u1787\u17b6\u1784\u1782\u17c1 nebo \u1794\u17c6\u1795\u17bb\u178f pro superlativy.<\/p>\n\n\n\n<p><strong>P\u0159\u00edklady:<\/strong><\/p>\n\n\n\n<p><strong>\u2013 \u179f\u17c1\u1785\u1780\u17d2\u178f\u17b8\u179f\u17d2\u179a\u17a1\u17b6\u1789\u17cb \u1792\u17c6 (velk\u00e1 l\u00e1ska)<\/strong><\/p>\n\n\n\n<p><strong>\u2013 \u1780\u17bc\u1793\u1780\u17d2\u1798\u17c1\u1784 \u178f\u17bc\u1785(mal\u00e9 d\u011bti)<\/strong><\/p>\n\n\n\n<h3 class=\"wp-block-heading\" id=\"h-6-engaging-with-the-language\">6. Zapojen\u00ed do jazyka<\/h3>\n\n\n\n<p>Nej\u00fa\u010dinn\u011bj\u0161\u00edm zp\u016fsobem, jak pln\u011b porozum\u011bt khmersk\u00e9 gramatice a osvojit si ji, je d\u016fsledn\u011b se zab\u00fdvat jazykem. \u010cten\u00edm khmersk\u00e9 literatury, sledov\u00e1n\u00edm khmersk\u00fdch film\u016f nebo televizn\u00edch seri\u00e1l\u016f, poslechem khmersk\u00e9 hudby a aktivn\u00ed komunikac\u00ed s rodil\u00fdmi mluv\u010d\u00edmi pos\u00edl\u00edte sv\u00e9 porozum\u011bn\u00ed gramatice a z\u00e1rove\u0148 si roz\u0161\u00ed\u0159\u00edte slovn\u00ed z\u00e1sobu.<\/p>\n\n\n\n<h3 class=\"wp-block-heading\" id=\"h-conclusion\">Z\u00e1v\u011br<\/h3>\n\n\n\n<p>A\u010dkoli se khmersk\u00e1 gramatika m\u016f\u017ee zd\u00e1t slo\u017eit\u00e1, m\u016f\u017eete se v tomto kr\u00e1sn\u00e9m jazyce zdokonalit s odhodl\u00e1n\u00edm, prax\u00ed a nad\u0161en\u00edm. T\u00edm, \u017ee se zam\u011b\u0159\u00edte na z\u00e1kladn\u00ed pravidla a zapoj\u00edte se do jazyka v r\u016fzn\u00fdch kontextech, rychle zlep\u0161\u00edte sv\u00e9 dovednosti v khmersk\u00e9 <a href=\"https:\/\/talkpal.ai\/cs\/gramatika\/\">gramatice<\/a>. Somnang laor (hodn\u011b \u0161t\u011bst\u00ed) na sv\u00e9 cest\u011b khmersk\u00fdm jazykem a u\u017eijte si odhalov\u00e1n\u00ed z\u00e1hadn\u00e9ho, ale podmaniv\u00e9ho sv\u011bta khmersk\u00e9 gramatiky!<\/p>\n<\/div><\/div>\n\r\n<section class=\"learnNavigationSection\">\r\n            \r\n        <a href=\"https:\/\/talkpal.ai\/cs\/naucte-se-khmersky\/\">\r\n            <div class=\"learnNavigationWrapper\">\r\n                <div class=\"learnNavigationContent\">\r\n                    <img decoding=\"async\" src=\"https:\/\/talkpal.ai\/wp-content\/uploads\/2025\/11\/Khmer.png\" alt=\"Cambodian Flag\">\r\n                    <div>\r\n                        <h4>O u\u010den\u00ed khm\u00e9r\u0161tiny<\/h4>\r\n                        <p>Zjist\u011bte v\u0161e o khmersk\u00e9 gramatice.<\/p>\r\n                    <\/div>\r\n                <\/div>\r\n            <\/div>\r\n        <\/a>\r\n\r\n        \r\n        <a href=\"https:\/\/talkpal.ai\/cs\/khmerska-gramaticka-cviceni\/\">\r\n            <div class=\"learnNavigationWrapper\">\r\n                <div class=\"learnNavigationContent\">\r\n                    <img decoding=\"async\" src=\"https:\/\/talkpal.ai\/wp-content\/uploads\/2025\/11\/Khmer.png\" alt=\"Cambodian Flag\">\r\n                    <div>\r\n                        <h4>Cvi\u010den\u00ed z khm\u00e9rsk\u00e9 gramatiky<\/h4>\r\n                        <p>Procvi\u010dujte khmerskou gramatiku.<\/p>\r\n                    <\/div>\r\n                <\/div>\r\n            <\/div>\r\n        <\/a>\r\n\r\n            <\/section>","protected":false},"excerpt":{"rendered":"<p>Orientace ve slo\u017eitostech khmersk\u00e9 gramatiky Khm\u00e9r\u0161tina, n\u00e1rodn\u00ed jazyk Kambod\u017ee a hlavn\u00ed austroasijsk\u00fd jazyk s hlubokou liter\u00e1rn\u00ed tradic\u00ed, nab\u00edz\u00ed vzru\u0161uj\u00edc\u00ed lingvistick\u00fd z\u00e1\u017eitek pro ty, kte\u0159\u00ed tou\u017e\u00ed prozkoumat jej\u00ed jedine\u010dn\u00fd gramatick\u00fd syst\u00e9m. Kdy\u017e se vyd\u00e1te do \u0159\u00ed\u0161e khm\u00e9r\u0161tiny, obohat\u00edte nejen sv\u016fj jazykov\u00fd reperto\u00e1r, ale tak\u00e9 se vyd\u00e1te na fascinuj\u00edc\u00ed kulturn\u00ed cestu. I kdy\u017e se khmersk\u00e1 gramatika m\u016f\u017ee [&hellip;]<\/p>\n","protected":false},"author":20,"featured_media":0,"parent":0,"menu_order":0,"comment_status":"closed","ping_status":"closed","template":"LearningContentPage.php","meta":{"_acf_changed":false,"footnotes":""},"class_list":["post-1467075","page","type-page","status-publish","hentry"],"acf":[],"yoast_head":"<!-- This site is optimized with the Yoast SEO Premium plugin v27.2 (Yoast SEO v27.2) - https:\/\/yoast.com\/product\/yoast-seo-premium-wordpress\/ -->\n<title>Khm\u00e9rsk\u00e1 gramatika - Talkpal<\/title>\n<meta name=\"description\" content=\"Zvl\u00e1dn\u011bte z\u00e1klady khmersk\u00e9 gramatiky v\u010detn\u011b abecedy, fonetiky a struktury v\u011bt pomoc\u00ed na\u0161eho komplexn\u00edho pr\u016fvodce v\u00fdukou jazyka.\" \/>\n<meta name=\"robots\" content=\"index, follow, max-snippet:-1, max-image-preview:large, max-video-preview:-1\" \/>\n<link rel=\"canonical\" href=\"https:\/\/talkpal.ai\/cs\/khmerska-gramatika\/\" \/>\n<meta property=\"og:locale\" content=\"cs_CZ\" \/>\n<meta property=\"og:type\" content=\"article\" \/>\n<meta property=\"og:title\" content=\"Khm\u00e9rsk\u00e1 gramatika\" \/>\n<meta property=\"og:description\" content=\"Orientace ve slo\u017eitostech khmersk\u00e9 gramatiky Khm\u00e9r\u0161tina, n\u00e1rodn\u00ed jazyk Kambod\u017ee a hlavn\u00ed austroasijsk\u00fd jazyk s hlubokou liter\u00e1rn\u00ed tradic\u00ed, nab\u00edz\u00ed\" \/>\n<meta property=\"og:url\" content=\"https:\/\/talkpal.ai\/cs\/khmerska-gramatika\/\" \/>\n<meta property=\"og:site_name\" content=\"Talkpal\" \/>\n<meta property=\"article:publisher\" content=\"https:\/\/www.facebook.com\/profile.php?id=100090733639311\" \/>\n<meta property=\"article:modified_time\" content=\"2025-12-30T14:41:57+00:00\" \/>\n<meta property=\"og:image\" content=\"https:\/\/talkpal.ai\/wp-content\/uploads\/2025\/02\/Progress-tab-16_9.png\" \/>\n\t<meta property=\"og:image:width\" content=\"2880\" \/>\n\t<meta property=\"og:image:height\" content=\"1620\" \/>\n\t<meta property=\"og:image:type\" content=\"image\/png\" \/>\n<meta name=\"twitter:card\" content=\"summary_large_image\" \/>\n<meta name=\"twitter:site\" content=\"@talkpalai\" \/>\n<meta name=\"twitter:label1\" content=\"Odhadovan\u00e1 doba \u010dten\u00ed\" \/>\n\t<meta name=\"twitter:data1\" content=\"3 minuty\" \/>\n<script type=\"application\/ld+json\" class=\"yoast-schema-graph\">{\"@context\":\"https:\/\/schema.org\",\"@graph\":[{\"@type\":\"WebPage\",\"@id\":\"https:\/\/talkpal.ai\/cs\/khmerska-gramatika\/\",\"url\":\"https:\/\/talkpal.ai\/cs\/khmerska-gramatika\/\",\"name\":\"Khm\u00e9rsk\u00e1 gramatika - Talkpal\",\"isPartOf\":{\"@id\":\"https:\/\/talkpal.ai\/cs\/#website\"},\"datePublished\":\"2025-11-12T11:25:16+00:00\",\"dateModified\":\"2025-12-30T14:41:57+00:00\",\"description\":\"Zvl\u00e1dn\u011bte z\u00e1klady khmersk\u00e9 gramatiky v\u010detn\u011b abecedy, fonetiky a struktury v\u011bt pomoc\u00ed na\u0161eho komplexn\u00edho pr\u016fvodce v\u00fdukou jazyka.\",\"breadcrumb\":{\"@id\":\"https:\/\/talkpal.ai\/cs\/khmerska-gramatika\/#breadcrumb\"},\"inLanguage\":\"cs\",\"potentialAction\":[{\"@type\":\"ReadAction\",\"target\":[\"https:\/\/talkpal.ai\/cs\/khmerska-gramatika\/\"]}]},{\"@type\":\"BreadcrumbList\",\"@id\":\"https:\/\/talkpal.ai\/cs\/khmerska-gramatika\/#breadcrumb\",\"itemListElement\":[{\"@type\":\"ListItem\",\"position\":1,\"name\":\"Homepage\",\"item\":\"https:\/\/talkpal.ai\/cs\/\"},{\"@type\":\"ListItem\",\"position\":2,\"name\":\"Khm\u00e9rsk\u00e1 gramatika\"}]},{\"@type\":\"WebSite\",\"@id\":\"https:\/\/talkpal.ai\/cs\/#website\",\"url\":\"https:\/\/talkpal.ai\/cs\/\",\"name\":\"Talkpal\",\"description\":\"AI Language Learning\",\"publisher\":{\"@id\":\"https:\/\/talkpal.ai\/cs\/#organization\"},\"alternateName\":\"Talkpal AI\",\"potentialAction\":[{\"@type\":\"SearchAction\",\"target\":{\"@type\":\"EntryPoint\",\"urlTemplate\":\"https:\/\/talkpal.ai\/cs\/?s={search_term_string}\"},\"query-input\":{\"@type\":\"PropertyValueSpecification\",\"valueRequired\":true,\"valueName\":\"search_term_string\"}}],\"inLanguage\":\"cs\"},{\"@type\":\"Organization\",\"@id\":\"https:\/\/talkpal.ai\/cs\/#organization\",\"name\":\"Talkpal, Inc.\",\"alternateName\":\"Talkpal AI\",\"url\":\"https:\/\/talkpal.ai\/cs\/\",\"logo\":{\"@type\":\"ImageObject\",\"inLanguage\":\"cs\",\"@id\":\"https:\/\/talkpal.ai\/cs\/#\/schema\/logo\/image\/\",\"url\":\"https:\/\/talkpal.ai\/wp-content\/uploads\/2024\/03\/Talkpal-Logo-Icon.png\",\"contentUrl\":\"https:\/\/talkpal.ai\/wp-content\/uploads\/2024\/03\/Talkpal-Logo-Icon.png\",\"width\":2880,\"height\":2880,\"caption\":\"Talkpal, Inc.\"},\"image\":{\"@id\":\"https:\/\/talkpal.ai\/cs\/#\/schema\/logo\/image\/\"},\"sameAs\":[\"https:\/\/www.facebook.com\/profile.php?id=100090733639311\",\"https:\/\/x.com\/talkpalai\",\"https:\/\/www.linkedin.com\/company\/talkpal\/\",\"https:\/\/www.youtube.com\/@TalkPal\/\",\"https:\/\/www.tiktok.com\/@talkpal\",\"https:\/\/www.instagram.com\/talkpal_ai\/\",\"https:\/\/www.crunchbase.com\/organization\/talkpal-9cde\",\"https:\/\/www.g2.com\/products\/talkpal-for-business\/\",\"https:\/\/www.trustpilot.com\/review\/talkpal.ai\",\"https:\/\/www.capterra.com\/p\/10006800\/TalkPal\/\"],\"description\":\"Talkpal is a language learning web and mobile education app, powered by the latest AI technologies, that provides engaging experiences to its customers in many different languages to help them improve their language skills. Users can chat about unlimited amount of topics with the app and use other modes to practice their language learning.\",\"email\":\"support@talkpal.ai\",\"legalName\":\"Talkpal, Inc.\",\"foundingDate\":\"2023-04-03\",\"duns\":\"118989042\",\"numberOfEmployees\":{\"@type\":\"QuantitativeValue\",\"minValue\":\"11\",\"maxValue\":\"50\"},\"publishingPrinciples\":\"https:\/\/talkpal.ai\/publishing-principles\/\",\"actionableFeedbackPolicy\":\"https:\/\/talkpal.ai\/actionable-feedback-policy\/\",\"correctionsPolicy\":\"https:\/\/talkpal.ai\/corrections-policy\/\",\"ethicsPolicy\":\"https:\/\/talkpal.ai\/ethics-policy\/\",\"diversityPolicy\":\"https:\/\/talkpal.ai\/diversity-policy\/\",\"diversityStaffingReport\":\"https:\/\/talkpal.ai\/diversity-policy\/\"}]}<\/script>\n<!-- \/ Yoast SEO Premium plugin. -->","yoast_head_json":{"title":"Khm\u00e9rsk\u00e1 gramatika - Talkpal","description":"Zvl\u00e1dn\u011bte z\u00e1klady khmersk\u00e9 gramatiky v\u010detn\u011b abecedy, fonetiky a struktury v\u011bt pomoc\u00ed na\u0161eho komplexn\u00edho pr\u016fvodce v\u00fdukou jazyka.","robots":{"index":"index","follow":"follow","max-snippet":"max-snippet:-1","max-image-preview":"max-image-preview:large","max-video-preview":"max-video-preview:-1"},"canonical":"https:\/\/talkpal.ai\/cs\/khmerska-gramatika\/","og_locale":"cs_CZ","og_type":"article","og_title":"Khm\u00e9rsk\u00e1 gramatika","og_description":"Orientace ve slo\u017eitostech khmersk\u00e9 gramatiky Khm\u00e9r\u0161tina, n\u00e1rodn\u00ed jazyk Kambod\u017ee a hlavn\u00ed austroasijsk\u00fd jazyk s hlubokou liter\u00e1rn\u00ed tradic\u00ed, nab\u00edz\u00ed","og_url":"https:\/\/talkpal.ai\/cs\/khmerska-gramatika\/","og_site_name":"Talkpal","article_publisher":"https:\/\/www.facebook.com\/profile.php?id=100090733639311","article_modified_time":"2025-12-30T14:41:57+00:00","og_image":[{"width":2880,"height":1620,"url":"https:\/\/talkpal.ai\/wp-content\/uploads\/2025\/02\/Progress-tab-16_9.png","type":"image\/png"}],"twitter_card":"summary_large_image","twitter_site":"@talkpalai","twitter_misc":{"Odhadovan\u00e1 doba \u010dten\u00ed":"3 minuty"},"schema":{"@context":"https:\/\/schema.org","@graph":[{"@type":"WebPage","@id":"https:\/\/talkpal.ai\/cs\/khmerska-gramatika\/","url":"https:\/\/talkpal.ai\/cs\/khmerska-gramatika\/","name":"Khm\u00e9rsk\u00e1 gramatika - Talkpal","isPartOf":{"@id":"https:\/\/talkpal.ai\/cs\/#website"},"datePublished":"2025-11-12T11:25:16+00:00","dateModified":"2025-12-30T14:41:57+00:00","description":"Zvl\u00e1dn\u011bte z\u00e1klady khmersk\u00e9 gramatiky v\u010detn\u011b abecedy, fonetiky a struktury v\u011bt pomoc\u00ed na\u0161eho komplexn\u00edho pr\u016fvodce v\u00fdukou jazyka.","breadcrumb":{"@id":"https:\/\/talkpal.ai\/cs\/khmerska-gramatika\/#breadcrumb"},"inLanguage":"cs","potentialAction":[{"@type":"ReadAction","target":["https:\/\/talkpal.ai\/cs\/khmerska-gramatika\/"]}]},{"@type":"BreadcrumbList","@id":"https:\/\/talkpal.ai\/cs\/khmerska-gramatika\/#breadcrumb","itemListElement":[{"@type":"ListItem","position":1,"name":"Homepage","item":"https:\/\/talkpal.ai\/cs\/"},{"@type":"ListItem","position":2,"name":"Khm\u00e9rsk\u00e1 gramatika"}]},{"@type":"WebSite","@id":"https:\/\/talkpal.ai\/cs\/#website","url":"https:\/\/talkpal.ai\/cs\/","name":"Talkpal","description":"AI Language Learning","publisher":{"@id":"https:\/\/talkpal.ai\/cs\/#organization"},"alternateName":"Talkpal AI","potentialAction":[{"@type":"SearchAction","target":{"@type":"EntryPoint","urlTemplate":"https:\/\/talkpal.ai\/cs\/?s={search_term_string}"},"query-input":{"@type":"PropertyValueSpecification","valueRequired":true,"valueName":"search_term_string"}}],"inLanguage":"cs"},{"@type":"Organization","@id":"https:\/\/talkpal.ai\/cs\/#organization","name":"Talkpal, Inc.","alternateName":"Talkpal AI","url":"https:\/\/talkpal.ai\/cs\/","logo":{"@type":"ImageObject","inLanguage":"cs","@id":"https:\/\/talkpal.ai\/cs\/#\/schema\/logo\/image\/","url":"https:\/\/talkpal.ai\/wp-content\/uploads\/2024\/03\/Talkpal-Logo-Icon.png","contentUrl":"https:\/\/talkpal.ai\/wp-content\/uploads\/2024\/03\/Talkpal-Logo-Icon.png","width":2880,"height":2880,"caption":"Talkpal, Inc."},"image":{"@id":"https:\/\/talkpal.ai\/cs\/#\/schema\/logo\/image\/"},"sameAs":["https:\/\/www.facebook.com\/profile.php?id=100090733639311","https:\/\/x.com\/talkpalai","https:\/\/www.linkedin.com\/company\/talkpal\/","https:\/\/www.youtube.com\/@TalkPal\/","https:\/\/www.tiktok.com\/@talkpal","https:\/\/www.instagram.com\/talkpal_ai\/","https:\/\/www.crunchbase.com\/organization\/talkpal-9cde","https:\/\/www.g2.com\/products\/talkpal-for-business\/","https:\/\/www.trustpilot.com\/review\/talkpal.ai","https:\/\/www.capterra.com\/p\/10006800\/TalkPal\/"],"description":"Talkpal is a language learning web and mobile education app, powered by the latest AI technologies, that provides engaging experiences to its customers in many different languages to help them improve their language skills. Users can chat about unlimited amount of topics with the app and use other modes to practice their language learning.","email":"support@talkpal.ai","legalName":"Talkpal, Inc.","foundingDate":"2023-04-03","duns":"118989042","numberOfEmployees":{"@type":"QuantitativeValue","minValue":"11","maxValue":"50"},"publishingPrinciples":"https:\/\/talkpal.ai\/publishing-principles\/","actionableFeedbackPolicy":"https:\/\/talkpal.ai\/actionable-feedback-policy\/","correctionsPolicy":"https:\/\/talkpal.ai\/corrections-policy\/","ethicsPolicy":"https:\/\/talkpal.ai\/ethics-policy\/","diversityPolicy":"https:\/\/talkpal.ai\/diversity-policy\/","diversityStaffingReport":"https:\/\/talkpal.ai\/diversity-policy\/"}]}},"_links":{"self":[{"href":"https:\/\/talkpal.ai\/cs\/wp-json\/wp\/v2\/pages\/1467075","targetHints":{"allow":["GET"]}}],"collection":[{"href":"https:\/\/talkpal.ai\/cs\/wp-json\/wp\/v2\/pages"}],"about":[{"href":"https:\/\/talkpal.ai\/cs\/wp-json\/wp\/v2\/types\/page"}],"author":[{"embeddable":true,"href":"https:\/\/talkpal.ai\/cs\/wp-json\/wp\/v2\/users\/20"}],"replies":[{"embeddable":true,"href":"https:\/\/talkpal.ai\/cs\/wp-json\/wp\/v2\/comments?post=1467075"}],"version-history":[{"count":0,"href":"https:\/\/talkpal.ai\/cs\/wp-json\/wp\/v2\/pages\/1467075\/revisions"}],"wp:attachment":[{"href":"https:\/\/talkpal.ai\/cs\/wp-json\/wp\/v2\/media?parent=1467075"}],"curies":[{"name":"wp","href":"https:\/\/api.w.org\/{rel}","templated":true}]}}