{"id":1467070,"date":"2025-11-12T10:09:39","date_gmt":"2025-11-12T10:09:39","guid":{"rendered":"https:\/\/talkpal.ai\/cviceni-z-javanske-gramatiky\/"},"modified":"2025-12-30T14:37:44","modified_gmt":"2025-12-30T14:37:44","slug":"cviceni-z-javanske-gramatiky","status":"publish","type":"page","link":"https:\/\/talkpal.ai\/cs\/cviceni-z-javanske-gramatiky\/","title":{"rendered":"Cvi\u010den\u00ed z jav\u00e1nsk\u00e9 gramatiky"},"content":{"rendered":"\r\n\r\n\r\n<section class=\"languageChallengeSection\">\r\n    <div class=\"languageInfoWrapper\">\r\n        \r\n        <h1>Cvi\u010den\u00ed z jav\u00e1nsk\u00e9 gramatiky<\/h1>\r\n        <p>Jste p\u0159ipraveni pono\u0159it se do jav\u00e1nsk\u00e9 gramatiky? Procvi\u010den\u00ed n\u011bkolika z\u00e1klad\u016f v\u00e1m pom\u016f\u017ee se s t\u00edmto jedine\u010dn\u00fdm a kr\u00e1sn\u00fdm jazykem s\u017e\u00edt. Vyzkou\u0161ejte tato cvi\u010den\u00ed, abyste si pos\u00edlili sebev\u011bdom\u00ed a pobavili se u toho!<\/p>\r\n\r\n                            <a class=\"getStartedHidden\" href=\"https:\/\/app.talkpal.ai\/cs\/signup?lng=\">Za\u010dni<\/a>\r\n        \r\n    <\/div>\r\n\r\n    <figure>\r\n    <img decoding=\"async\" width=\"768\" height=\"768\" src=\"https:\/\/talkpal.ai\/wp-content\/uploads\/2023\/06\/welsh-768x768.png\" class=\"languageImage no-lazy\" alt=\"Language learning for better cognitive abilities\" fetchpriority=\"high\" sizes=\"(max-width: 768px) 150px, 768px\" srcset=\"https:\/\/talkpal.ai\/wp-content\/uploads\/2023\/06\/welsh-768x768.png 768w, https:\/\/talkpal.ai\/wp-content\/uploads\/2023\/06\/welsh-300x300.png 300w\" \/>\r\n    \r\n\r\n    <\/figure>\r\n\r\n            <a class=\"getStartedVisible\" href=\"https:\/\/app.talkpal.ai\/cs\/signup?lng=\">Za\u010dni<\/a>\r\n    \r\n<\/section><section class=\"promotionalBanner\">\r\n    <p class=\"promotionalText\">Nejefektivn\u011bj\u0161\u00ed <a href=\"https:\/\/talkpal.ai\/best-way-to-learn\/\">zp\u016fsob<\/a>, jak se nau\u010dit jazyk<\/p>\r\n    <a class=\"promotionalLink\" href=\"https:\/\/app.talkpal.ai\/cs\/signup?lng=\">Vyzkou\u0161ejte Talkpal zdarma<\/a>\r\n<\/section>\n<div class=\"wp-block-group pageContainerStyle\"><div class=\"wp-block-group__inner-container is-layout-constrained wp-block-group-is-layout-constrained\">\n<h2 class=\"wp-block-heading\" id=\"h-javanese-grammar-topics\">T\u00e9mata jav\u00e1nsk\u00e9 gramatiky<\/h2>\n\n\n\n<p><a href=\"https:\/\/talkpal.ai\/cs\/nejvetsi-chyby-kterych-je-treba-se-vyvarovat-pri-uceni-noveho-jazyka\/\">Nau\u010dit se nov\u00fd jazyk <\/a>m\u016f\u017ee b\u00fdt n\u00e1ro\u010dn\u00e9, ale obohacuj\u00edc\u00ed \u00fasil\u00ed. Jav\u00e1n\u0161tina, austron\u00e9sk\u00fd jazyk, kter\u00fdm se mluv\u00ed hlavn\u011b na ostrov\u011b J\u00e1va, nen\u00ed v\u00fdjimkou. D\u00edky sv\u00fdm jedine\u010dn\u00fdm vlastnostem, jako jsou \u00farovn\u011b \u0159e\u010di a afixace, vy\u017eaduje <a href=\"https:\/\/talkpal.ai\/cs\/talkpal-pro-vzdelavani\/\">u\u010den\u00ed<\/a> jav\u00e1n\u0161tiny systematick\u00fd p\u0159\u00edstup k pochopen\u00ed jej\u00ed gramatiky. Tato p\u0159\u00edru\u010dka popisuje kl\u00ed\u010dov\u00e9 oblasti <a href=\"https:\/\/talkpal.ai\/cs\/javanska-gramatika\/\">jav\u00e1nsk\u00e9 gramatiky<\/a> v logick\u00e9m sledu pro <a href=\"https:\/\/talkpal.ai\/cs\/chatbot-s-umelou-inteligenci-pro-vyuku-jazyku\/\">v\u00fduku jazyk\u016f<\/a>, po\u010d\u00ednaje z\u00e1klady, jako jsou podstatn\u00e1 jm\u00e9na a \u010dleny, a pokra\u010duje slo\u017eit\u011bj\u0161\u00edmi oblastmi, jako jsou \u010dasy a stavba v\u011bt.<\/p>\n\n\n\n<h3 class=\"wp-block-heading\" id=\"h-1-nouns\">1. Podstatn\u00e1 jm\u00e9na:<\/h3>\n\n\n\n<p>Za\u010dn\u011bte svou cestu jav\u00e1nsk\u00fdm jazykem t\u00edm, \u017ee se nau\u010d\u00edte podstatn\u00e1 jm\u00e9na. To zahrnuje pochopen\u00ed r\u016fzn\u00fdch kategori\u00ed podstatn\u00fdch jmen, jako jsou obecn\u00e1 a vlastn\u00ed jm\u00e9na, a tak\u00e9 toho, jak je pluralita vyj\u00e1d\u0159ena reduplikac\u00ed nebo kvantifik\u00e1tory.<\/p>\n\n\n\n<h3 class=\"wp-block-heading\" id=\"h-2-articles\">2. \u010cl\u00e1nky:<\/h3>\n\n\n\n<p>\u010cl\u00e1nky v jav\u00e1n\u0161tin\u011b se nepou\u017e\u00edvaj\u00ed jako v <a href=\"https:\/\/talkpal.ai\/ai-english-speaking-practice\/\">angli\u010dtin\u011b<\/a>. Pochopen\u00ed toho, jak ozna\u010dit ur\u010ditost ur\u010ditou p\u0159\u00edponou -e nebo -ne a ukazovac\u00edmi z\u00e1jmeny, jako je iki, this a iku, je p\u0159i stavb\u011b v\u011bty kl\u00ed\u010dov\u00e9.<\/p>\n\n\n\n<h3 class=\"wp-block-heading\" id=\"h-3-adjectives\">3. P\u0159\u00eddavn\u00e1 jm\u00e9na:<\/h3>\n\n\n\n<p>P\u0159\u00eddavn\u00e1 jm\u00e9na v jav\u00e1n\u0161tin\u011b obvykle n\u00e1sleduj\u00ed po sv\u00fdch podstatn\u00fdch jm\u00e9nech, co\u017e se li\u0161\u00ed od angli\u010dtiny. Budete se tak\u00e9 muset nau\u010dit, jak vytvo\u0159it srovn\u00e1n\u00ed s luwih pro komparativn\u00ed a bled\u00edc\u00ed pro superlativ a jak reduplikace nebo intenzifik\u00e1tory jako banget vyjad\u0159uj\u00ed stupe\u0148.<\/p>\n\n\n\n<h3 class=\"wp-block-heading\" id=\"h-4-pronouns-determiners\">4. Z\u00e1jmena\/determinanty:<\/h3>\n\n\n\n<p>Z\u00e1jmena a determinanty jsou v jav\u00e1n\u0161tin\u011b z\u00e1sadn\u00ed; Nahrazuj\u00ed podstatn\u00e1 jm\u00e9na a poskytuj\u00ed informace o mno\u017estv\u00ed, vlastnictv\u00ed a dal\u0161\u00edch. Jejich spr\u00e1vn\u00e9 pou\u017eit\u00ed nap\u0159\u00ed\u010d \u0159e\u010dov\u00fdmi \u00farovn\u011bmi, jako je ngoko, madya a krama, je nezbytn\u00e9 pro efektivn\u00ed komunikaci.<\/p>\n\n\n\n<h3 class=\"wp-block-heading\" id=\"h-5-verbs\">5. Slovesa:<\/h3>\n\n\n\n<p>Jav\u00e1nsk\u00e1 slovesa se nesklo\u0148uj\u00ed pro osobu nebo \u010d\u00edslo, ale vyjad\u0159uj\u00ed hlas a odvozov\u00e1n\u00ed pomoc\u00ed p\u0159\u00edpon. Za\u010dn\u011bte s aktivn\u00edmi a pasivn\u00edmi vzorci, jako je N- a di-, a postupn\u011b zkoumejte dal\u0161\u00ed formy a klitika, jako je tak- a ke-.<\/p>\n\n\n\n<h3 class=\"wp-block-heading\" id=\"h-6-tenses\">6. \u010casy:<\/h3>\n\n\n\n<p>Po zvl\u00e1dnut\u00ed slovesn\u00fdch tvar\u016f se pono\u0159te hloub\u011bji do toho, jak jav\u00e1n\u0161tina vyjad\u0159uje \u010das videm a modalitou sp\u00ed\u0161e ne\u017e \u010dasem. To zahrnuje pochopen\u00ed zna\u010dek jako wis perfective, durung not yet, lagi progressive a arep nebo bakal future a toho, jak se pou\u017e\u00edvaj\u00ed v r\u016fzn\u00fdch kontextech.<\/p>\n\n\n\n<h3 class=\"wp-block-heading\" id=\"h-7-tense-comparison\">7. Srovn\u00e1n\u00ed \u010das\u016f:<\/h3>\n\n\n\n<p>Porovn\u00e1n\u00ed aspekt\u016f a \u010dasov\u00fdch v\u00fdraz\u016f v jav\u00e1n\u0161tin\u011b pom\u00e1h\u00e1 pochopit sled ud\u00e1lost\u00ed. Lep\u0161\u00ed pochopen\u00ed jazyka poskytne porovn\u00e1n\u00ed stejn\u00e9ho slovesa se zna\u010dkami jako wis, lagi a bakal spolu s \u010dasov\u00fdmi p\u0159\u00edslovci, jako jsou <a href=\"https:\/\/talkpal.ai\/locations\/language-courses-in-saiki\/\">saiki<\/a> now, wingi yesterday a sesuk tomorrow.<\/p>\n\n\n\n<h3 class=\"wp-block-heading\" id=\"h-8-progressive\">8. Progresivn\u00ed:<\/h3>\n\n\n\n<p>Progresivn\u00ed se v jav\u00e1n\u0161tin\u011b pou\u017e\u00edv\u00e1 k vyj\u00e1d\u0159en\u00ed prob\u00edhaj\u00edc\u00edch akc\u00ed. Tvo\u0159\u00ed se pou\u017eit\u00edm \u010d\u00e1stice lagi p\u0159ed slovesem, s form\u00e1ln\u00edmi ekvivalenty, jako je nembe ve vy\u0161\u0161\u00edch rejst\u0159\u00edc\u00edch.<\/p>\n\n\n\n<h3 class=\"wp-block-heading\" id=\"h-9-perfect-progressive\">9. Perfektn\u00ed progresivn\u00ed:<\/h3>\n\n\n\n<p>Tento v\u00fdznam se pou\u017e\u00edv\u00e1 k vyj\u00e1d\u0159en\u00ed akc\u00ed, kter\u00e9 prob\u00edhaj\u00ed a\u017e do ur\u010dit\u00e9ho bodu. V jav\u00e1n\u0161tin\u011b se b\u011b\u017en\u011b vyjad\u0159uje pomoc\u00ed wis plus fr\u00e1ze o trv\u00e1n\u00ed, jako je suwe long time n\u00e1sledovan\u00e1 slovesem, nebo s konstrukcemi pomoc\u00ed saka since a nganti until.<\/p>\n\n\n\n<h3 class=\"wp-block-heading\" id=\"h-10-conditionals\">10. Kondicion\u00e1ly:<\/h3>\n\n\n\n<p>Podmi\u0148ovac\u00ed zp\u016fsob vyjad\u0159uje hypotetick\u00e9 situace a jejich mo\u017en\u00e9 v\u00fdsledky. Jsou d\u016fle\u017eitou sou\u010d\u00e1st\u00ed jav\u00e1nsk\u00e9 gramatiky a jsou tvo\u0159eny spojkami jako yen nebo nek if a \u010dasto pou\u017e\u00edvaj\u00ed prvky jako mesthi k zobrazen\u00ed o\u010dek\u00e1van\u00fdch v\u00fdsledk\u016f, p\u0159i\u010dem\u017e kontrafaktu\u00e1ly jsou vyj\u00e1d\u0159eny pomoc\u00ed umpama nebo seandine.<\/p>\n\n\n\n<h3 class=\"wp-block-heading\" id=\"h-11-adverbs\">11. P\u0159\u00edslovce:<\/h3>\n\n\n\n<p>P\u0159\u00edslovce v jav\u00e1n\u0161tin\u011b modifikuj\u00ed slovesa, p\u0159\u00eddavn\u00e1 jm\u00e9na nebo jin\u00e1 p\u0159\u00edslovce. Poskytuj\u00ed informace o zp\u016fsobu, m\u00edst\u011b, \u010dase, stupni a dal\u0161\u00edch, \u010dasto pou\u017e\u00edvaj\u00ed slova jako kanthi pro zp\u016fsob, saiki pro te\u010f, kene pro zde a banget nebo sanget pro stupe\u0148.<\/p>\n\n\n\n<h3 class=\"wp-block-heading\" id=\"h-12-prepositions\">12. P\u0159edlo\u017eky:<\/h3>\n\n\n\n<p>P\u0159edlo\u017eky spojuj\u00ed slova a fr\u00e1ze dohromady. Vyjad\u0159uj\u00ed vztahy \u010dasu, m\u00edsta, sm\u011bru a dal\u0161\u00edch, s b\u011b\u017en\u00fdmi p\u0159edm\u011bty v\u010detn\u011b ing nebo ning at nebo in, saka from, marang nebo menyang to, karo with a kanggo for.<\/p>\n\n\n\n<h3 class=\"wp-block-heading\" id=\"h-13-sentences\">13. V\u011bty:<\/h3>\n\n\n\n<p>Nakonec si procvi\u010dte vytv\u00e1\u0159en\u00ed v\u011bt. To bude zahrnovat pou\u017eit\u00ed v\u0161ech d\u0159\u00edve nau\u010den\u00fdch gramatick\u00fdch bod\u016f v kontextu, v\u010detn\u011b z\u00e1kladn\u00edho po\u0159ad\u00ed SVO, negace s ora a dudu a tvar\u016f ot\u00e1zek s apa, \u010d\u00edm\u017e je zaji\u0161t\u011bno komplexn\u00ed porozum\u011bn\u00ed jav\u00e1nsk\u00e9mu jazyku.<\/p>\n<\/div><\/div>\n\r\n<section class=\"learnNavigationSection\">\r\n            \r\n        <a href=\"https:\/\/talkpal.ai\/cs\/naucte-se-javansky\/\">\r\n            <div class=\"learnNavigationWrapper\">\r\n                <div class=\"learnNavigationContent\">\r\n                    <img decoding=\"async\" src=\"https:\/\/talkpal.ai\/wp-content\/uploads\/2025\/11\/Javanese.png\" alt=\"Indonesian Flag\">\r\n                    <div>\r\n                        <h4>O u\u010den\u00ed jav\u00e1n\u0161tiny<\/h4>\r\n                        <p>Zjist\u011bte v\u0161e o jav\u00e1nsk\u00e9 gramatice.<\/p>\r\n                    <\/div>\r\n                <\/div>\r\n            <\/div>\r\n        <\/a>\r\n\r\n        \r\n        <a href=\"https:\/\/talkpal.ai\/cs\/javanska-gramatika\/\">\r\n            <div class=\"learnNavigationWrapper\">\r\n                <div class=\"learnNavigationContent\">\r\n                    <img decoding=\"async\" src=\"https:\/\/talkpal.ai\/wp-content\/uploads\/2025\/11\/Javanese.png\" alt=\"Indonesian Flag\">\r\n                    <div>\r\n                        <h4>Lekce jav\u00e1nsk\u00e9 gramatiky<\/h4>\r\n                        <p>Procvi\u010dte si jav\u00e1nskou gramatiku.<\/p>\r\n                    <\/div>\r\n                <\/div>\r\n            <\/div>\r\n        <\/a>\r\n\r\n            <\/section>","protected":false},"excerpt":{"rendered":"<p>T\u00e9mata jav\u00e1nsk\u00e9 gramatiky Nau\u010dit se nov\u00fd jazyk m\u016f\u017ee b\u00fdt n\u00e1ro\u010dn\u00e9, ale obohacuj\u00edc\u00ed \u00fasil\u00ed. Jav\u00e1n\u0161tina, austron\u00e9sk\u00fd jazyk, kter\u00fdm se mluv\u00ed hlavn\u011b na ostrov\u011b J\u00e1va, nen\u00ed v\u00fdjimkou. D\u00edky sv\u00fdm jedine\u010dn\u00fdm vlastnostem, jako jsou \u00farovn\u011b \u0159e\u010di a afixace, vy\u017eaduje u\u010den\u00ed jav\u00e1n\u0161tiny systematick\u00fd p\u0159\u00edstup k pochopen\u00ed jej\u00ed gramatiky. Tato p\u0159\u00edru\u010dka popisuje kl\u00ed\u010dov\u00e9 oblasti jav\u00e1nsk\u00e9 gramatiky v logick\u00e9m sledu pro [&hellip;]<\/p>\n","protected":false},"author":20,"featured_media":0,"parent":0,"menu_order":0,"comment_status":"closed","ping_status":"closed","template":"LearningContentPage.php","meta":{"_acf_changed":false,"footnotes":""},"class_list":["post-1467070","page","type-page","status-publish","hentry"],"acf":[],"yoast_head":"<!-- This site is optimized with the Yoast SEO Premium plugin v27.2 (Yoast SEO v27.2) - https:\/\/yoast.com\/product\/yoast-seo-premium-wordpress\/ -->\n<title>Cvi\u010den\u00ed z jav\u00e1nsk\u00e9 gramatiky - Talkpal<\/title>\n<meta name=\"description\" content=\"Osvojte si jav\u00e1nskou gramatiku pomoc\u00ed interaktivn\u00edch cvi\u010den\u00ed, kter\u00e1 v\u00e1m pomohou procvi\u010dit podstatn\u00e1 jm\u00e9na, slovesa a struktury v\u011bt.\" \/>\n<meta name=\"robots\" content=\"index, follow, max-snippet:-1, max-image-preview:large, max-video-preview:-1\" \/>\n<link rel=\"canonical\" href=\"https:\/\/talkpal.ai\/cs\/cviceni-z-javanske-gramatiky\/\" \/>\n<meta property=\"og:locale\" content=\"cs_CZ\" \/>\n<meta property=\"og:type\" content=\"article\" \/>\n<meta property=\"og:title\" content=\"Cvi\u010den\u00ed z jav\u00e1nsk\u00e9 gramatiky\" \/>\n<meta property=\"og:description\" content=\"T\u00e9mata jav\u00e1nsk\u00e9 gramatiky Nau\u010dit se nov\u00fd jazyk m\u016f\u017ee b\u00fdt n\u00e1ro\u010dn\u00e9, ale obohacuj\u00edc\u00ed \u00fasil\u00ed. Jav\u00e1n\u0161tina, austron\u00e9sk\u00fd jazyk, kter\u00fdm se mluv\u00ed hlavn\u011b na ostrov\u011b\" \/>\n<meta property=\"og:url\" content=\"https:\/\/talkpal.ai\/cs\/cviceni-z-javanske-gramatiky\/\" \/>\n<meta property=\"og:site_name\" content=\"Talkpal\" \/>\n<meta property=\"article:publisher\" content=\"https:\/\/www.facebook.com\/profile.php?id=100090733639311\" \/>\n<meta property=\"article:modified_time\" content=\"2025-12-30T14:37:44+00:00\" \/>\n<meta property=\"og:image\" content=\"https:\/\/talkpal.ai\/wp-content\/uploads\/2025\/02\/Progress-tab-16_9.png\" \/>\n\t<meta property=\"og:image:width\" content=\"2880\" \/>\n\t<meta property=\"og:image:height\" content=\"1620\" \/>\n\t<meta property=\"og:image:type\" content=\"image\/png\" \/>\n<meta name=\"twitter:card\" content=\"summary_large_image\" \/>\n<meta name=\"twitter:site\" content=\"@talkpalai\" \/>\n<meta name=\"twitter:label1\" content=\"Odhadovan\u00e1 doba \u010dten\u00ed\" \/>\n\t<meta name=\"twitter:data1\" content=\"4 minuty\" \/>\n<script type=\"application\/ld+json\" class=\"yoast-schema-graph\">{\"@context\":\"https:\/\/schema.org\",\"@graph\":[{\"@type\":\"WebPage\",\"@id\":\"https:\/\/talkpal.ai\/cs\/cviceni-z-javanske-gramatiky\/\",\"url\":\"https:\/\/talkpal.ai\/cs\/cviceni-z-javanske-gramatiky\/\",\"name\":\"Cvi\u010den\u00ed z jav\u00e1nsk\u00e9 gramatiky - Talkpal\",\"isPartOf\":{\"@id\":\"https:\/\/talkpal.ai\/cs\/#website\"},\"datePublished\":\"2025-11-12T10:09:39+00:00\",\"dateModified\":\"2025-12-30T14:37:44+00:00\",\"description\":\"Osvojte si jav\u00e1nskou gramatiku pomoc\u00ed interaktivn\u00edch cvi\u010den\u00ed, kter\u00e1 v\u00e1m pomohou procvi\u010dit podstatn\u00e1 jm\u00e9na, slovesa a struktury v\u011bt.\",\"breadcrumb\":{\"@id\":\"https:\/\/talkpal.ai\/cs\/cviceni-z-javanske-gramatiky\/#breadcrumb\"},\"inLanguage\":\"cs\",\"potentialAction\":[{\"@type\":\"ReadAction\",\"target\":[\"https:\/\/talkpal.ai\/cs\/cviceni-z-javanske-gramatiky\/\"]}]},{\"@type\":\"BreadcrumbList\",\"@id\":\"https:\/\/talkpal.ai\/cs\/cviceni-z-javanske-gramatiky\/#breadcrumb\",\"itemListElement\":[{\"@type\":\"ListItem\",\"position\":1,\"name\":\"Homepage\",\"item\":\"https:\/\/talkpal.ai\/cs\/\"},{\"@type\":\"ListItem\",\"position\":2,\"name\":\"Cvi\u010den\u00ed z jav\u00e1nsk\u00e9 gramatiky\"}]},{\"@type\":\"WebSite\",\"@id\":\"https:\/\/talkpal.ai\/cs\/#website\",\"url\":\"https:\/\/talkpal.ai\/cs\/\",\"name\":\"Talkpal\",\"description\":\"AI Language Learning\",\"publisher\":{\"@id\":\"https:\/\/talkpal.ai\/cs\/#organization\"},\"alternateName\":\"Talkpal AI\",\"potentialAction\":[{\"@type\":\"SearchAction\",\"target\":{\"@type\":\"EntryPoint\",\"urlTemplate\":\"https:\/\/talkpal.ai\/cs\/?s={search_term_string}\"},\"query-input\":{\"@type\":\"PropertyValueSpecification\",\"valueRequired\":true,\"valueName\":\"search_term_string\"}}],\"inLanguage\":\"cs\"},{\"@type\":\"Organization\",\"@id\":\"https:\/\/talkpal.ai\/cs\/#organization\",\"name\":\"Talkpal, Inc.\",\"alternateName\":\"Talkpal AI\",\"url\":\"https:\/\/talkpal.ai\/cs\/\",\"logo\":{\"@type\":\"ImageObject\",\"inLanguage\":\"cs\",\"@id\":\"https:\/\/talkpal.ai\/cs\/#\/schema\/logo\/image\/\",\"url\":\"https:\/\/talkpal.ai\/wp-content\/uploads\/2024\/03\/Talkpal-Logo-Icon.png\",\"contentUrl\":\"https:\/\/talkpal.ai\/wp-content\/uploads\/2024\/03\/Talkpal-Logo-Icon.png\",\"width\":2880,\"height\":2880,\"caption\":\"Talkpal, Inc.\"},\"image\":{\"@id\":\"https:\/\/talkpal.ai\/cs\/#\/schema\/logo\/image\/\"},\"sameAs\":[\"https:\/\/www.facebook.com\/profile.php?id=100090733639311\",\"https:\/\/x.com\/talkpalai\",\"https:\/\/www.linkedin.com\/company\/talkpal\/\",\"https:\/\/www.youtube.com\/@TalkPal\/\",\"https:\/\/www.tiktok.com\/@talkpal\",\"https:\/\/www.instagram.com\/talkpal_ai\/\",\"https:\/\/www.crunchbase.com\/organization\/talkpal-9cde\",\"https:\/\/www.g2.com\/products\/talkpal-for-business\/\",\"https:\/\/www.trustpilot.com\/review\/talkpal.ai\",\"https:\/\/www.capterra.com\/p\/10006800\/TalkPal\/\"],\"description\":\"Talkpal is a language learning web and mobile education app, powered by the latest AI technologies, that provides engaging experiences to its customers in many different languages to help them improve their language skills. Users can chat about unlimited amount of topics with the app and use other modes to practice their language learning.\",\"email\":\"support@talkpal.ai\",\"legalName\":\"Talkpal, Inc.\",\"foundingDate\":\"2023-04-03\",\"duns\":\"118989042\",\"numberOfEmployees\":{\"@type\":\"QuantitativeValue\",\"minValue\":\"11\",\"maxValue\":\"50\"},\"publishingPrinciples\":\"https:\/\/talkpal.ai\/publishing-principles\/\",\"actionableFeedbackPolicy\":\"https:\/\/talkpal.ai\/actionable-feedback-policy\/\",\"correctionsPolicy\":\"https:\/\/talkpal.ai\/corrections-policy\/\",\"ethicsPolicy\":\"https:\/\/talkpal.ai\/ethics-policy\/\",\"diversityPolicy\":\"https:\/\/talkpal.ai\/diversity-policy\/\",\"diversityStaffingReport\":\"https:\/\/talkpal.ai\/diversity-policy\/\"}]}<\/script>\n<!-- \/ Yoast SEO Premium plugin. -->","yoast_head_json":{"title":"Cvi\u010den\u00ed z jav\u00e1nsk\u00e9 gramatiky - Talkpal","description":"Osvojte si jav\u00e1nskou gramatiku pomoc\u00ed interaktivn\u00edch cvi\u010den\u00ed, kter\u00e1 v\u00e1m pomohou procvi\u010dit podstatn\u00e1 jm\u00e9na, slovesa a struktury v\u011bt.","robots":{"index":"index","follow":"follow","max-snippet":"max-snippet:-1","max-image-preview":"max-image-preview:large","max-video-preview":"max-video-preview:-1"},"canonical":"https:\/\/talkpal.ai\/cs\/cviceni-z-javanske-gramatiky\/","og_locale":"cs_CZ","og_type":"article","og_title":"Cvi\u010den\u00ed z jav\u00e1nsk\u00e9 gramatiky","og_description":"T\u00e9mata jav\u00e1nsk\u00e9 gramatiky Nau\u010dit se nov\u00fd jazyk m\u016f\u017ee b\u00fdt n\u00e1ro\u010dn\u00e9, ale obohacuj\u00edc\u00ed \u00fasil\u00ed. Jav\u00e1n\u0161tina, austron\u00e9sk\u00fd jazyk, kter\u00fdm se mluv\u00ed hlavn\u011b na ostrov\u011b","og_url":"https:\/\/talkpal.ai\/cs\/cviceni-z-javanske-gramatiky\/","og_site_name":"Talkpal","article_publisher":"https:\/\/www.facebook.com\/profile.php?id=100090733639311","article_modified_time":"2025-12-30T14:37:44+00:00","og_image":[{"width":2880,"height":1620,"url":"https:\/\/talkpal.ai\/wp-content\/uploads\/2025\/02\/Progress-tab-16_9.png","type":"image\/png"}],"twitter_card":"summary_large_image","twitter_site":"@talkpalai","twitter_misc":{"Odhadovan\u00e1 doba \u010dten\u00ed":"4 minuty"},"schema":{"@context":"https:\/\/schema.org","@graph":[{"@type":"WebPage","@id":"https:\/\/talkpal.ai\/cs\/cviceni-z-javanske-gramatiky\/","url":"https:\/\/talkpal.ai\/cs\/cviceni-z-javanske-gramatiky\/","name":"Cvi\u010den\u00ed z jav\u00e1nsk\u00e9 gramatiky - Talkpal","isPartOf":{"@id":"https:\/\/talkpal.ai\/cs\/#website"},"datePublished":"2025-11-12T10:09:39+00:00","dateModified":"2025-12-30T14:37:44+00:00","description":"Osvojte si jav\u00e1nskou gramatiku pomoc\u00ed interaktivn\u00edch cvi\u010den\u00ed, kter\u00e1 v\u00e1m pomohou procvi\u010dit podstatn\u00e1 jm\u00e9na, slovesa a struktury v\u011bt.","breadcrumb":{"@id":"https:\/\/talkpal.ai\/cs\/cviceni-z-javanske-gramatiky\/#breadcrumb"},"inLanguage":"cs","potentialAction":[{"@type":"ReadAction","target":["https:\/\/talkpal.ai\/cs\/cviceni-z-javanske-gramatiky\/"]}]},{"@type":"BreadcrumbList","@id":"https:\/\/talkpal.ai\/cs\/cviceni-z-javanske-gramatiky\/#breadcrumb","itemListElement":[{"@type":"ListItem","position":1,"name":"Homepage","item":"https:\/\/talkpal.ai\/cs\/"},{"@type":"ListItem","position":2,"name":"Cvi\u010den\u00ed z jav\u00e1nsk\u00e9 gramatiky"}]},{"@type":"WebSite","@id":"https:\/\/talkpal.ai\/cs\/#website","url":"https:\/\/talkpal.ai\/cs\/","name":"Talkpal","description":"AI Language Learning","publisher":{"@id":"https:\/\/talkpal.ai\/cs\/#organization"},"alternateName":"Talkpal AI","potentialAction":[{"@type":"SearchAction","target":{"@type":"EntryPoint","urlTemplate":"https:\/\/talkpal.ai\/cs\/?s={search_term_string}"},"query-input":{"@type":"PropertyValueSpecification","valueRequired":true,"valueName":"search_term_string"}}],"inLanguage":"cs"},{"@type":"Organization","@id":"https:\/\/talkpal.ai\/cs\/#organization","name":"Talkpal, Inc.","alternateName":"Talkpal AI","url":"https:\/\/talkpal.ai\/cs\/","logo":{"@type":"ImageObject","inLanguage":"cs","@id":"https:\/\/talkpal.ai\/cs\/#\/schema\/logo\/image\/","url":"https:\/\/talkpal.ai\/wp-content\/uploads\/2024\/03\/Talkpal-Logo-Icon.png","contentUrl":"https:\/\/talkpal.ai\/wp-content\/uploads\/2024\/03\/Talkpal-Logo-Icon.png","width":2880,"height":2880,"caption":"Talkpal, Inc."},"image":{"@id":"https:\/\/talkpal.ai\/cs\/#\/schema\/logo\/image\/"},"sameAs":["https:\/\/www.facebook.com\/profile.php?id=100090733639311","https:\/\/x.com\/talkpalai","https:\/\/www.linkedin.com\/company\/talkpal\/","https:\/\/www.youtube.com\/@TalkPal\/","https:\/\/www.tiktok.com\/@talkpal","https:\/\/www.instagram.com\/talkpal_ai\/","https:\/\/www.crunchbase.com\/organization\/talkpal-9cde","https:\/\/www.g2.com\/products\/talkpal-for-business\/","https:\/\/www.trustpilot.com\/review\/talkpal.ai","https:\/\/www.capterra.com\/p\/10006800\/TalkPal\/"],"description":"Talkpal is a language learning web and mobile education app, powered by the latest AI technologies, that provides engaging experiences to its customers in many different languages to help them improve their language skills. Users can chat about unlimited amount of topics with the app and use other modes to practice their language learning.","email":"support@talkpal.ai","legalName":"Talkpal, Inc.","foundingDate":"2023-04-03","duns":"118989042","numberOfEmployees":{"@type":"QuantitativeValue","minValue":"11","maxValue":"50"},"publishingPrinciples":"https:\/\/talkpal.ai\/publishing-principles\/","actionableFeedbackPolicy":"https:\/\/talkpal.ai\/actionable-feedback-policy\/","correctionsPolicy":"https:\/\/talkpal.ai\/corrections-policy\/","ethicsPolicy":"https:\/\/talkpal.ai\/ethics-policy\/","diversityPolicy":"https:\/\/talkpal.ai\/diversity-policy\/","diversityStaffingReport":"https:\/\/talkpal.ai\/diversity-policy\/"}]}},"_links":{"self":[{"href":"https:\/\/talkpal.ai\/cs\/wp-json\/wp\/v2\/pages\/1467070","targetHints":{"allow":["GET"]}}],"collection":[{"href":"https:\/\/talkpal.ai\/cs\/wp-json\/wp\/v2\/pages"}],"about":[{"href":"https:\/\/talkpal.ai\/cs\/wp-json\/wp\/v2\/types\/page"}],"author":[{"embeddable":true,"href":"https:\/\/talkpal.ai\/cs\/wp-json\/wp\/v2\/users\/20"}],"replies":[{"embeddable":true,"href":"https:\/\/talkpal.ai\/cs\/wp-json\/wp\/v2\/comments?post=1467070"}],"version-history":[{"count":0,"href":"https:\/\/talkpal.ai\/cs\/wp-json\/wp\/v2\/pages\/1467070\/revisions"}],"wp:attachment":[{"href":"https:\/\/talkpal.ai\/cs\/wp-json\/wp\/v2\/media?parent=1467070"}],"curies":[{"name":"wp","href":"https:\/\/api.w.org\/{rel}","templated":true}]}}