{"id":1466942,"date":"2025-11-11T15:06:39","date_gmt":"2025-11-11T15:06:39","guid":{"rendered":"https:\/\/talkpal.ai\/asamska-gramatika\/"},"modified":"2025-12-30T15:42:38","modified_gmt":"2025-12-30T15:42:38","slug":"asamska-gramatika","status":"publish","type":"page","link":"https:\/\/talkpal.ai\/cs\/asamska-gramatika\/","title":{"rendered":"\u00c1s\u00e1msk\u00e1 gramatika"},"content":{"rendered":"\r\n\r\n\r\n<section class=\"languageChallengeSection\">\r\n    <div class=\"languageInfoWrapper\">\r\n        \r\n        <h1>\u00c1s\u00e1msk\u00e1 gramatika<\/h1>\r\n        <p>\u00c1s\u00e1msk\u00e1 <a href=\"https:\/\/talkpal.ai\/sq\/gramatika\/\">gramatika<\/a> se m\u016f\u017ee na prvn\u00ed pohled zd\u00e1t n\u00e1ro\u010dn\u00e1, ale d\u00edky jej\u00edm jedine\u010dn\u00fdm vlastnostem je u\u010den\u00ed jazyka obohacuj\u00edc\u00ed zku\u0161enost\u00ed. P\u0159i zkoum\u00e1n\u00ed abecedy, mutac\u00ed a gramatick\u00fdch pravidel z\u00edsk\u00e1te p\u0159ehled o bohat\u00e9 jazykov\u00e9 tradici. Vydejte se na cestu a objevte kr\u00e1sy \u00e1s\u00e1m\u0161tiny!<\/p>\r\n\r\n                            <a class=\"getStartedHidden\" href=\"https:\/\/app.talkpal.ai\/cs\/signup?lng=\">Za\u010dni<\/a>\r\n        \r\n    <\/div>\r\n\r\n    <figure>\r\n    <img decoding=\"async\" width=\"768\" height=\"768\" src=\"https:\/\/talkpal.ai\/wp-content\/uploads\/2023\/06\/welsh-768x768.png\" class=\"languageImage no-lazy\" alt=\"Language learning for better cognitive abilities\" fetchpriority=\"high\" sizes=\"(max-width: 768px) 150px, 768px\" srcset=\"https:\/\/talkpal.ai\/wp-content\/uploads\/2023\/06\/welsh-768x768.png 768w, https:\/\/talkpal.ai\/wp-content\/uploads\/2023\/06\/welsh-300x300.png 300w\" \/>\r\n    \r\n\r\n    <\/figure>\r\n\r\n            <a class=\"getStartedVisible\" href=\"https:\/\/app.talkpal.ai\/cs\/signup?lng=\">Za\u010dni<\/a>\r\n    \r\n<\/section><section class=\"promotionalBanner\">\r\n    <p class=\"promotionalText\">Nejefektivn\u011bj\u0161\u00ed zp\u016fsob, jak se nau\u010dit jazyk<\/p>\r\n    <a class=\"promotionalLink\" href=\"https:\/\/app.talkpal.ai\/cs\/signup?lng=\">Vyzkou\u0161ejte Talkpal zdarma<\/a>\r\n<\/section>\n<div class=\"wp-block-group pageContainerStyle\"><div class=\"wp-block-group__inner-container is-layout-constrained wp-block-group-is-layout-constrained\">\n<h2 class=\"wp-block-heading\" id=\"h-navigating-the-intricacies-of-assamese-grammar\">Orientace ve spletitosti \u00e1s\u00e1msk\u00e9 gramatiky<\/h2>\n\n\n\n<p><a href=\"https:\/\/talkpal.ai\/cs\/naucte-se-asamstinu\/\">\u00c1s\u00e1m\u0161tina<\/a>, indo\u00e1rijsk\u00fd jazyk s bohatou histori\u00ed a kulturn\u00edm v\u00fdznamem, nab\u00edz\u00ed vzru\u0161uj\u00edc\u00ed lingvistick\u00fd z\u00e1\u017eitek pro ty, kte\u0159\u00ed tou\u017e\u00ed prozkoumat jej\u00ed jedine\u010dn\u00fd gramatick\u00fd syst\u00e9m. Kdy\u017e se vyd\u00e1te do \u0159\u00ed\u0161e \u00e1s\u00e1m\u0161tiny, obohat\u00edte nejen sv\u016fj jazykov\u00fd reperto\u00e1r, ale tak\u00e9 se vyd\u00e1te na fascinuj\u00edc\u00ed kulturn\u00ed cestu. I kdy\u017e se \u00e1s\u00e1msk\u00e1 gramatika m\u016f\u017ee na prvn\u00ed pohled zd\u00e1t slo\u017eit\u00e1, jej\u00ed rozd\u011blen\u00ed na z\u00e1kladn\u00ed slo\u017eky \u010din\u00ed u\u010den\u00ed jazyka p\u0159\u00edstupn\u011bj\u0161\u00edm. V tomto \u010dl\u00e1nku prozkoum\u00e1me podmaniv\u00fd sv\u011bt \u00e1s\u00e1msk\u00e9 gramatiky a poskytneme tipy, jak zvl\u00e1dnout jej\u00ed slo\u017eitosti.<\/p>\n\n\n\n<h3 class=\"wp-block-heading\" id=\"h-1-assamese-alphabet-and-phonetics\">1. \u00c1s\u00e1msk\u00e1 abeceda a fonetika<\/h3>\n\n\n\n<p>\u00c1s\u00e1msk\u00fd p\u00edsemn\u00fd syst\u00e9m pou\u017e\u00edv\u00e1 v\u00fdchodn\u00ed p\u00edsmo Nagari a zahrnuje charakteristick\u00e9 znaky a zvukov\u00e9 hodnoty, jako jsou \u09f0 ra a \u09f1 wa, stejn\u011b jako shluky souhl\u00e1sek a diakritiku samohl\u00e1sek. Pro u\u010den\u00ed \u00e1s\u00e1msk\u00e9 gramatiky je d\u016fle\u017eit\u00e9 sezn\u00e1mit se s t\u00edmto p\u00edsmem a jeho fonetikou procvi\u010dov\u00e1n\u00edm \u010dten\u00ed a psan\u00ed v \u00e1s\u00e1m\u0161tin\u011b.<\/p>\n\n\n\n<h3 class=\"wp-block-heading\" id=\"h-2-sandhi-and-sound-changes-a-peculiar-assamese-feature\">2. Sandhi a zm\u011bny zvuku: Zvl\u00e1\u0161tn\u00ed \u00e1s\u00e1msk\u00fd rys<\/h3>\n\n\n\n<p>Pozoruhodn\u00fdm aspektem \u00e1s\u00e1m\u0161tiny je role sandhi a fonologick\u00fdch zm\u011bn, ke kter\u00fdm doch\u00e1z\u00ed, kdy\u017e se slova kombinuj\u00ed nebo kdy\u017e se p\u0159ipojuj\u00ed p\u0159\u00edpony. V hovorov\u00e9 \u0159e\u010di se setk\u00e1te s procesy, jako je odstran\u011bn\u00ed schwa, klouzav\u00e9 vkl\u00e1d\u00e1n\u00ed mezi samohl\u00e1sky a st\u0159\u00edd\u00e1n\u00ed forem p\u00e1dov\u00fdch zna\u010dek a p\u0159\u00edpon, nap\u0159\u00edklad -or nebo -ar pro genitiv a -ok nebo -ak pro akuzativ nebo dativ. Pochopen\u00ed toho, kdy a jak k t\u011bmto zm\u011bn\u00e1m doch\u00e1z\u00ed, je \u017eivotn\u011b d\u016fle\u017eit\u00e9 pro p\u0159esnou a p\u0159irozenou komunikaci v \u00e1s\u00e1m\u0161tin\u011b.<\/p>\n\n\n\n<h3 class=\"wp-block-heading\" id=\"h-3-nouns-and-pronouns-number-classifiers-and-cases\">3. Podstatn\u00e1 jm\u00e9na a z\u00e1jmena: \u010d\u00edslo, klasifik\u00e1tory a p\u00e1dy<\/h3>\n\n\n\n<p>\u00c1s\u00e1msk\u00e1 podstatn\u00e1 jm\u00e9na nemaj\u00ed gramatick\u00fd rod, ale \u010d\u00edslo a ur\u010ditost jsou vyj\u00e1d\u0159eny pomoc\u00ed mno\u017en\u00e9ho \u010d\u00edsla a klasifik\u00e1tor\u016f. Mezi b\u011b\u017en\u00e9 zna\u010dky mno\u017en\u00e9ho \u010d\u00edsla pat\u0159\u00ed -bor a -bilak, zat\u00edmco klasifik\u00e1tory jako -ta, -khon a -zoni jsou \u010dast\u00e9 v podstatn\u00fdch fr\u00e1z\u00edch s \u010d\u00edslovkami nebo ur\u010ditost\u00ed. <a href=\"https:\/\/talkpal.ai\/learn-assamese\/\">\u00c1s\u00e1m\u0161tina<\/a> pou\u017e\u00edv\u00e1 postpozice a p\u00e1dov\u00e9 zna\u010dky, v\u010detn\u011b genitivu -or nebo -ar, akuzativu nebo dativu -ok nebo -ak, lokativu -at nebo -ot, instrument\u00e1lu nebo agentivu -e, ablativem -pora a komitativn\u00edm logot. Z\u00e1jmena zahrnuj\u00ed osobn\u00ed tvary jako moi I, toi nebo tumi nebo apuni u s r\u016fznou m\u00edrou famili\u00e1rnosti a zdvo\u0159ilosti a se he nebo she, s mno\u017en\u00fdm \u010d\u00edslem jako <a href=\"https:\/\/talkpal.ai\/locations\/language-courses-in-ami\/\">ami<\/a> we a teolok they. P\u0159ivlast\u0148ovac\u00ed tvary se tvo\u0159\u00ed s genitivem, nap\u0159\u00edklad mur my, tomar ur, apunar your zdvo\u0159il\u00fd, tar his nebo her. Reflexivn\u00ed nij a nijeke, ukazovac\u00ed z\u00e1jmena eita toto a seita tamto a t\u00e1zac\u00ed z\u00e1jmena jako kune who, ki what, kot where a ketiya when jsou nezbytn\u00e9 k nau\u010den\u00ed.<\/p>\n\n\n\n<h3 class=\"wp-block-heading\" id=\"h-4-verbs-structure-and-conjugation\">4. Slovesa: struktura a \u010dasov\u00e1n\u00ed<\/h3>\n\n\n\n<p>\u00c1s\u00e1msk\u00e1 slovesa jsou ozna\u010dena pro \u010das, vid, n\u00e1ladu a polaritu, \u010dasto s pomocn\u00fdmi p\u00edsmeny, a vykazuj\u00ed omezenou shodu. Esenci\u00e1ln\u00ed \u010dasy jsou p\u0159\u00edtomn\u00fd, minul\u00fd a budouc\u00ed, spolu s aspekty jako progresivn\u00ed a dokonav\u00fd. Negace obvykle pou\u017e\u00edv\u00e1 na p\u0159ed slovesem nebo pomocn\u00fdm slovesem a negativn\u00ed existenci\u00e1la je nai. Rozkazovac\u00ed rozkazy se li\u0161\u00ed podle \u00farovn\u011b zdvo\u0159ilosti, nap\u0159\u00edklad kor do, kora nebo korun polite. U\u010den\u00ed se z\u00e1kladn\u00edch konjuga\u010dn\u00edch vzorc\u016f a toho, jak pomocn\u00e9 l\u00e1tky vyjad\u0159uj\u00ed aspekt, v\u00fdrazn\u011b zlep\u0161\u00ed va\u0161i schopnost efektivn\u011b komunikovat v \u00e1s\u00e1m\u0161tin\u011b.<\/p>\n\n\n\n<h3 class=\"wp-block-heading\" id=\"h-5-adjectives-agreement-and-placement\">5. P\u0159\u00eddavn\u00e1 jm\u00e9na: Shoda a um\u00edst\u011bn\u00ed<\/h3>\n\n\n\n<p>n \u00c1s\u00e1msk\u00e1 gramatika, p\u0159\u00eddavn\u00e1 jm\u00e9na obvykle p\u0159edch\u00e1zej\u00ed podstatn\u00e9mu jm\u00e9nu, kter\u00e9 modifikuj\u00ed, a neshoduj\u00ed se rodem ani \u010d\u00edslem s podstatn\u00fdm jm\u00e9nem. Stupn\u011b srovn\u00e1n\u00ed se b\u011b\u017en\u011b tvo\u0159\u00ed s p\u0159\u00edslovci a perifrastick\u00fdmi konstrukcemi, nap\u0159\u00edklad s pou\u017eit\u00edm besi pro v\u00edce a very marker\u016f pro zd\u016frazn\u011bn\u00ed. U\u010den\u00ed se b\u011b\u017en\u00fdch vzorc\u016f v\u00e1m pom\u016f\u017ee zn\u00edt p\u0159irozen\u011b v ka\u017edodenn\u00ed \u0159e\u010di.  <\/p>\n\n\n\n<p><strong>P\u0159\u00edklady:<\/strong><\/p>\n\n\n\n<p><strong>\u2013 Dangor Morom (Velk\u00e1 l\u00e1ska)<\/strong><\/p>\n\n\n\n<p><strong>\u2013 Xoru Sihu-Bilak (mal\u00e9 d\u011bti)<\/strong><\/p>\n\n\n\n<h3 class=\"wp-block-heading\" id=\"h-6-engaging-with-the-language\">6. Zapojen\u00ed do jazyka<\/h3>\n\n\n\n<p>Nej\u00fa\u010dinn\u011bj\u0161\u00edm zp\u016fsobem, jak pln\u011b porozum\u011bt \u00e1s\u00e1msk\u00e9 gramatice a osvojit si ji, je d\u016fsledn\u011b se zab\u00fdvat jazykem. \u010cten\u00edm \u00e1s\u00e1msk\u00e9 literatury, sledov\u00e1n\u00edm \u00e1s\u00e1msk\u00fdch film\u016f nebo televizn\u00edch seri\u00e1l\u016f, poslechem \u00e1s\u00e1msk\u00fdch zpr\u00e1v nebo r\u00e1dia a aktivn\u00ed komunikac\u00ed s rodil\u00fdmi mluv\u010d\u00edmi pos\u00edl\u00edte sv\u00e9 znalosti gramatiky a z\u00e1rove\u0148 si roz\u0161\u00ed\u0159\u00edte slovn\u00ed z\u00e1sobu.<\/p>\n\n\n\n<h3 class=\"wp-block-heading\" id=\"h-conclusion\">Z\u00e1v\u011br<\/h3>\n\n\n\n<p>A\u010dkoli se \u00e1s\u00e1msk\u00e1 gramatika m\u016f\u017ee zd\u00e1t slo\u017eit\u00e1, d\u00edky odhodl\u00e1n\u00ed, praxi a nad\u0161en\u00ed se m\u016f\u017eete v tomto kr\u00e1sn\u00e9m jazyce zdokonalit. T\u00edm, \u017ee se zam\u011b\u0159\u00edte na z\u00e1kladn\u00ed pravidla a zapoj\u00edte se do jazyka v r\u016fzn\u00fdch kontextech, rychle zlep\u0161\u00edte sv\u00e9 znalosti \u00e1s\u00e1msk\u00e9 <a href=\"https:\/\/talkpal.ai\/cs\/gramatika\/\">gramatiky<\/a>. Xubheccha (hodn\u011b \u0161t\u011bst\u00ed) na va\u0161\u00ed cest\u011b \u00e1s\u00e1m\u0161tinou a u\u017eijte si odhalov\u00e1n\u00ed bohat\u00e9ho a podmaniv\u00e9ho sv\u011bta \u00e1s\u00e1msk\u00e9 gramatiky!<\/p>\n<\/div><\/div>\n\r\n<section class=\"learnNavigationSection\">\r\n            \r\n        <a href=\"https:\/\/talkpal.ai\/cs\/naucte-se-asamstinu\/\">\r\n            <div class=\"learnNavigationWrapper\">\r\n                <div class=\"learnNavigationContent\">\r\n                    <img decoding=\"async\" src=\"https:\/\/talkpal.ai\/wp-content\/uploads\/2025\/11\/Assamese.png\" alt=\"Indian Simplified Flag\">\r\n                    <div>\r\n                        <h4>O \u00e1s\u00e1msk\u00e9m u\u010den\u00ed<\/h4>\r\n                        <p>Zjist\u011bte v\u0161e o \u00e1s\u00e1msk\u00e9 gramatice.<\/p>\r\n                    <\/div>\r\n                <\/div>\r\n            <\/div>\r\n        <\/a>\r\n\r\n        \r\n        <a href=\"https:\/\/talkpal.ai\/cs\/asamska-gramaticka-cviceni\/\">\r\n            <div class=\"learnNavigationWrapper\">\r\n                <div class=\"learnNavigationContent\">\r\n                    <img decoding=\"async\" src=\"https:\/\/talkpal.ai\/wp-content\/uploads\/2025\/11\/Assamese.png\" alt=\"Indian Simplified Flag\">\r\n                    <div>\r\n                        <h4>Cvi\u010den\u00ed \u00e1s\u00e1msk\u00e9 gramatiky<\/h4>\r\n                        <p>Procvi\u010dujte \u00e1s\u00e1mskou gramatiku.<\/p>\r\n                    <\/div>\r\n                <\/div>\r\n            <\/div>\r\n        <\/a>\r\n\r\n            <\/section>","protected":false},"excerpt":{"rendered":"<p>Orientace ve spletitosti \u00e1s\u00e1msk\u00e9 gramatiky \u00c1s\u00e1m\u0161tina, indo\u00e1rijsk\u00fd jazyk s bohatou histori\u00ed a kulturn\u00edm v\u00fdznamem, nab\u00edz\u00ed vzru\u0161uj\u00edc\u00ed lingvistick\u00fd z\u00e1\u017eitek pro ty, kte\u0159\u00ed tou\u017e\u00ed prozkoumat jej\u00ed jedine\u010dn\u00fd gramatick\u00fd syst\u00e9m. Kdy\u017e se vyd\u00e1te do \u0159\u00ed\u0161e \u00e1s\u00e1m\u0161tiny, obohat\u00edte nejen sv\u016fj jazykov\u00fd reperto\u00e1r, ale tak\u00e9 se vyd\u00e1te na fascinuj\u00edc\u00ed kulturn\u00ed cestu. I kdy\u017e se \u00e1s\u00e1msk\u00e1 gramatika m\u016f\u017ee na prvn\u00ed pohled [&hellip;]<\/p>\n","protected":false},"author":20,"featured_media":0,"parent":0,"menu_order":0,"comment_status":"closed","ping_status":"closed","template":"LearningContentPage.php","meta":{"_acf_changed":false,"footnotes":""},"class_list":["post-1466942","page","type-page","status-publish","hentry"],"acf":[],"yoast_head":"<!-- This site is optimized with the Yoast SEO Premium plugin v27.2 (Yoast SEO v27.2) - https:\/\/yoast.com\/product\/yoast-seo-premium-wordpress\/ -->\n<title>\u00c1s\u00e1msk\u00e1 gramatika - Talkpal<\/title>\n<meta name=\"description\" content=\"Zvl\u00e1dn\u011bte slo\u017eitosti ass\u00e1msk\u00e9 gramatiky pomoc\u00ed Talkpal AI, abyste zv\u00fd\u0161ili sv\u00e9 znalosti a mluvili s naprostou jistotou je\u0161t\u011b dnes.\" \/>\n<meta name=\"robots\" content=\"index, follow, max-snippet:-1, max-image-preview:large, max-video-preview:-1\" \/>\n<link rel=\"canonical\" href=\"https:\/\/talkpal.ai\/cs\/asamska-gramatika\/\" \/>\n<meta property=\"og:locale\" content=\"cs_CZ\" \/>\n<meta property=\"og:type\" content=\"article\" \/>\n<meta property=\"og:title\" content=\"\u00c1s\u00e1msk\u00e1 gramatika\" \/>\n<meta property=\"og:description\" content=\"Orientace ve spletitosti \u00e1s\u00e1msk\u00e9 gramatiky \u00c1s\u00e1m\u0161tina, indo\u00e1rijsk\u00fd jazyk s bohatou histori\u00ed a kulturn\u00edm v\u00fdznamem, nab\u00edz\u00ed vzru\u0161uj\u00edc\u00ed lingvistick\u00fd z\u00e1\u017eitek\" \/>\n<meta property=\"og:url\" content=\"https:\/\/talkpal.ai\/cs\/asamska-gramatika\/\" \/>\n<meta property=\"og:site_name\" content=\"Talkpal\" \/>\n<meta property=\"article:publisher\" content=\"https:\/\/www.facebook.com\/profile.php?id=100090733639311\" \/>\n<meta property=\"article:modified_time\" content=\"2025-12-30T15:42:38+00:00\" \/>\n<meta property=\"og:image\" content=\"https:\/\/talkpal.ai\/wp-content\/uploads\/2025\/02\/Progress-tab-16_9.png\" \/>\n\t<meta property=\"og:image:width\" content=\"2880\" \/>\n\t<meta property=\"og:image:height\" content=\"1620\" \/>\n\t<meta property=\"og:image:type\" content=\"image\/png\" \/>\n<meta name=\"twitter:card\" content=\"summary_large_image\" \/>\n<meta name=\"twitter:site\" content=\"@talkpalai\" \/>\n<meta name=\"twitter:label1\" content=\"Odhadovan\u00e1 doba \u010dten\u00ed\" \/>\n\t<meta name=\"twitter:data1\" content=\"4 minuty\" \/>\n<script type=\"application\/ld+json\" class=\"yoast-schema-graph\">{\"@context\":\"https:\/\/schema.org\",\"@graph\":[{\"@type\":\"WebPage\",\"@id\":\"https:\/\/talkpal.ai\/cs\/asamska-gramatika\/\",\"url\":\"https:\/\/talkpal.ai\/cs\/asamska-gramatika\/\",\"name\":\"\u00c1s\u00e1msk\u00e1 gramatika - Talkpal\",\"isPartOf\":{\"@id\":\"https:\/\/talkpal.ai\/cs\/#website\"},\"datePublished\":\"2025-11-11T15:06:39+00:00\",\"dateModified\":\"2025-12-30T15:42:38+00:00\",\"description\":\"Zvl\u00e1dn\u011bte slo\u017eitosti ass\u00e1msk\u00e9 gramatiky pomoc\u00ed Talkpal AI, abyste zv\u00fd\u0161ili sv\u00e9 znalosti a mluvili s naprostou jistotou je\u0161t\u011b dnes.\",\"breadcrumb\":{\"@id\":\"https:\/\/talkpal.ai\/cs\/asamska-gramatika\/#breadcrumb\"},\"inLanguage\":\"cs\",\"potentialAction\":[{\"@type\":\"ReadAction\",\"target\":[\"https:\/\/talkpal.ai\/cs\/asamska-gramatika\/\"]}]},{\"@type\":\"BreadcrumbList\",\"@id\":\"https:\/\/talkpal.ai\/cs\/asamska-gramatika\/#breadcrumb\",\"itemListElement\":[{\"@type\":\"ListItem\",\"position\":1,\"name\":\"Homepage\",\"item\":\"https:\/\/talkpal.ai\/cs\/\"},{\"@type\":\"ListItem\",\"position\":2,\"name\":\"\u00c1s\u00e1msk\u00e1 gramatika\"}]},{\"@type\":\"WebSite\",\"@id\":\"https:\/\/talkpal.ai\/cs\/#website\",\"url\":\"https:\/\/talkpal.ai\/cs\/\",\"name\":\"Talkpal\",\"description\":\"AI Language Learning\",\"publisher\":{\"@id\":\"https:\/\/talkpal.ai\/cs\/#organization\"},\"alternateName\":\"Talkpal AI\",\"potentialAction\":[{\"@type\":\"SearchAction\",\"target\":{\"@type\":\"EntryPoint\",\"urlTemplate\":\"https:\/\/talkpal.ai\/cs\/?s={search_term_string}\"},\"query-input\":{\"@type\":\"PropertyValueSpecification\",\"valueRequired\":true,\"valueName\":\"search_term_string\"}}],\"inLanguage\":\"cs\"},{\"@type\":\"Organization\",\"@id\":\"https:\/\/talkpal.ai\/cs\/#organization\",\"name\":\"Talkpal, Inc.\",\"alternateName\":\"Talkpal AI\",\"url\":\"https:\/\/talkpal.ai\/cs\/\",\"logo\":{\"@type\":\"ImageObject\",\"inLanguage\":\"cs\",\"@id\":\"https:\/\/talkpal.ai\/cs\/#\/schema\/logo\/image\/\",\"url\":\"https:\/\/talkpal.ai\/wp-content\/uploads\/2024\/03\/Talkpal-Logo-Icon.png\",\"contentUrl\":\"https:\/\/talkpal.ai\/wp-content\/uploads\/2024\/03\/Talkpal-Logo-Icon.png\",\"width\":2880,\"height\":2880,\"caption\":\"Talkpal, Inc.\"},\"image\":{\"@id\":\"https:\/\/talkpal.ai\/cs\/#\/schema\/logo\/image\/\"},\"sameAs\":[\"https:\/\/www.facebook.com\/profile.php?id=100090733639311\",\"https:\/\/x.com\/talkpalai\",\"https:\/\/www.linkedin.com\/company\/talkpal\/\",\"https:\/\/www.youtube.com\/@TalkPal\/\",\"https:\/\/www.tiktok.com\/@talkpal\",\"https:\/\/www.instagram.com\/talkpal_ai\/\",\"https:\/\/www.crunchbase.com\/organization\/talkpal-9cde\",\"https:\/\/www.g2.com\/products\/talkpal-for-business\/\",\"https:\/\/www.trustpilot.com\/review\/talkpal.ai\",\"https:\/\/www.capterra.com\/p\/10006800\/TalkPal\/\"],\"description\":\"Talkpal is a language learning web and mobile education app, powered by the latest AI technologies, that provides engaging experiences to its customers in many different languages to help them improve their language skills. Users can chat about unlimited amount of topics with the app and use other modes to practice their language learning.\",\"email\":\"support@talkpal.ai\",\"legalName\":\"Talkpal, Inc.\",\"foundingDate\":\"2023-04-03\",\"duns\":\"118989042\",\"numberOfEmployees\":{\"@type\":\"QuantitativeValue\",\"minValue\":\"11\",\"maxValue\":\"50\"},\"publishingPrinciples\":\"https:\/\/talkpal.ai\/publishing-principles\/\",\"actionableFeedbackPolicy\":\"https:\/\/talkpal.ai\/actionable-feedback-policy\/\",\"correctionsPolicy\":\"https:\/\/talkpal.ai\/corrections-policy\/\",\"ethicsPolicy\":\"https:\/\/talkpal.ai\/ethics-policy\/\",\"diversityPolicy\":\"https:\/\/talkpal.ai\/diversity-policy\/\",\"diversityStaffingReport\":\"https:\/\/talkpal.ai\/diversity-policy\/\"}]}<\/script>\n<!-- \/ Yoast SEO Premium plugin. -->","yoast_head_json":{"title":"\u00c1s\u00e1msk\u00e1 gramatika - Talkpal","description":"Zvl\u00e1dn\u011bte slo\u017eitosti ass\u00e1msk\u00e9 gramatiky pomoc\u00ed Talkpal AI, abyste zv\u00fd\u0161ili sv\u00e9 znalosti a mluvili s naprostou jistotou je\u0161t\u011b dnes.","robots":{"index":"index","follow":"follow","max-snippet":"max-snippet:-1","max-image-preview":"max-image-preview:large","max-video-preview":"max-video-preview:-1"},"canonical":"https:\/\/talkpal.ai\/cs\/asamska-gramatika\/","og_locale":"cs_CZ","og_type":"article","og_title":"\u00c1s\u00e1msk\u00e1 gramatika","og_description":"Orientace ve spletitosti \u00e1s\u00e1msk\u00e9 gramatiky \u00c1s\u00e1m\u0161tina, indo\u00e1rijsk\u00fd jazyk s bohatou histori\u00ed a kulturn\u00edm v\u00fdznamem, nab\u00edz\u00ed vzru\u0161uj\u00edc\u00ed lingvistick\u00fd z\u00e1\u017eitek","og_url":"https:\/\/talkpal.ai\/cs\/asamska-gramatika\/","og_site_name":"Talkpal","article_publisher":"https:\/\/www.facebook.com\/profile.php?id=100090733639311","article_modified_time":"2025-12-30T15:42:38+00:00","og_image":[{"width":2880,"height":1620,"url":"https:\/\/talkpal.ai\/wp-content\/uploads\/2025\/02\/Progress-tab-16_9.png","type":"image\/png"}],"twitter_card":"summary_large_image","twitter_site":"@talkpalai","twitter_misc":{"Odhadovan\u00e1 doba \u010dten\u00ed":"4 minuty"},"schema":{"@context":"https:\/\/schema.org","@graph":[{"@type":"WebPage","@id":"https:\/\/talkpal.ai\/cs\/asamska-gramatika\/","url":"https:\/\/talkpal.ai\/cs\/asamska-gramatika\/","name":"\u00c1s\u00e1msk\u00e1 gramatika - Talkpal","isPartOf":{"@id":"https:\/\/talkpal.ai\/cs\/#website"},"datePublished":"2025-11-11T15:06:39+00:00","dateModified":"2025-12-30T15:42:38+00:00","description":"Zvl\u00e1dn\u011bte slo\u017eitosti ass\u00e1msk\u00e9 gramatiky pomoc\u00ed Talkpal AI, abyste zv\u00fd\u0161ili sv\u00e9 znalosti a mluvili s naprostou jistotou je\u0161t\u011b dnes.","breadcrumb":{"@id":"https:\/\/talkpal.ai\/cs\/asamska-gramatika\/#breadcrumb"},"inLanguage":"cs","potentialAction":[{"@type":"ReadAction","target":["https:\/\/talkpal.ai\/cs\/asamska-gramatika\/"]}]},{"@type":"BreadcrumbList","@id":"https:\/\/talkpal.ai\/cs\/asamska-gramatika\/#breadcrumb","itemListElement":[{"@type":"ListItem","position":1,"name":"Homepage","item":"https:\/\/talkpal.ai\/cs\/"},{"@type":"ListItem","position":2,"name":"\u00c1s\u00e1msk\u00e1 gramatika"}]},{"@type":"WebSite","@id":"https:\/\/talkpal.ai\/cs\/#website","url":"https:\/\/talkpal.ai\/cs\/","name":"Talkpal","description":"AI Language Learning","publisher":{"@id":"https:\/\/talkpal.ai\/cs\/#organization"},"alternateName":"Talkpal AI","potentialAction":[{"@type":"SearchAction","target":{"@type":"EntryPoint","urlTemplate":"https:\/\/talkpal.ai\/cs\/?s={search_term_string}"},"query-input":{"@type":"PropertyValueSpecification","valueRequired":true,"valueName":"search_term_string"}}],"inLanguage":"cs"},{"@type":"Organization","@id":"https:\/\/talkpal.ai\/cs\/#organization","name":"Talkpal, Inc.","alternateName":"Talkpal AI","url":"https:\/\/talkpal.ai\/cs\/","logo":{"@type":"ImageObject","inLanguage":"cs","@id":"https:\/\/talkpal.ai\/cs\/#\/schema\/logo\/image\/","url":"https:\/\/talkpal.ai\/wp-content\/uploads\/2024\/03\/Talkpal-Logo-Icon.png","contentUrl":"https:\/\/talkpal.ai\/wp-content\/uploads\/2024\/03\/Talkpal-Logo-Icon.png","width":2880,"height":2880,"caption":"Talkpal, Inc."},"image":{"@id":"https:\/\/talkpal.ai\/cs\/#\/schema\/logo\/image\/"},"sameAs":["https:\/\/www.facebook.com\/profile.php?id=100090733639311","https:\/\/x.com\/talkpalai","https:\/\/www.linkedin.com\/company\/talkpal\/","https:\/\/www.youtube.com\/@TalkPal\/","https:\/\/www.tiktok.com\/@talkpal","https:\/\/www.instagram.com\/talkpal_ai\/","https:\/\/www.crunchbase.com\/organization\/talkpal-9cde","https:\/\/www.g2.com\/products\/talkpal-for-business\/","https:\/\/www.trustpilot.com\/review\/talkpal.ai","https:\/\/www.capterra.com\/p\/10006800\/TalkPal\/"],"description":"Talkpal is a language learning web and mobile education app, powered by the latest AI technologies, that provides engaging experiences to its customers in many different languages to help them improve their language skills. Users can chat about unlimited amount of topics with the app and use other modes to practice their language learning.","email":"support@talkpal.ai","legalName":"Talkpal, Inc.","foundingDate":"2023-04-03","duns":"118989042","numberOfEmployees":{"@type":"QuantitativeValue","minValue":"11","maxValue":"50"},"publishingPrinciples":"https:\/\/talkpal.ai\/publishing-principles\/","actionableFeedbackPolicy":"https:\/\/talkpal.ai\/actionable-feedback-policy\/","correctionsPolicy":"https:\/\/talkpal.ai\/corrections-policy\/","ethicsPolicy":"https:\/\/talkpal.ai\/ethics-policy\/","diversityPolicy":"https:\/\/talkpal.ai\/diversity-policy\/","diversityStaffingReport":"https:\/\/talkpal.ai\/diversity-policy\/"}]}},"_links":{"self":[{"href":"https:\/\/talkpal.ai\/cs\/wp-json\/wp\/v2\/pages\/1466942","targetHints":{"allow":["GET"]}}],"collection":[{"href":"https:\/\/talkpal.ai\/cs\/wp-json\/wp\/v2\/pages"}],"about":[{"href":"https:\/\/talkpal.ai\/cs\/wp-json\/wp\/v2\/types\/page"}],"author":[{"embeddable":true,"href":"https:\/\/talkpal.ai\/cs\/wp-json\/wp\/v2\/users\/20"}],"replies":[{"embeddable":true,"href":"https:\/\/talkpal.ai\/cs\/wp-json\/wp\/v2\/comments?post=1466942"}],"version-history":[{"count":0,"href":"https:\/\/talkpal.ai\/cs\/wp-json\/wp\/v2\/pages\/1466942\/revisions"}],"wp:attachment":[{"href":"https:\/\/talkpal.ai\/cs\/wp-json\/wp\/v2\/media?parent=1466942"}],"curies":[{"name":"wp","href":"https:\/\/api.w.org\/{rel}","templated":true}]}}