{"id":1466939,"date":"2025-11-11T12:32:58","date_gmt":"2025-11-11T12:32:58","guid":{"rendered":"https:\/\/talkpal.ai\/albanska-gramaticka-cviceni\/"},"modified":"2025-12-30T15:40:00","modified_gmt":"2025-12-30T15:40:00","slug":"albanska-gramaticka-cviceni","status":"publish","type":"page","link":"https:\/\/talkpal.ai\/cs\/albanska-gramaticka-cviceni\/","title":{"rendered":"Alb\u00e1nsk\u00e1 gramatick\u00e1 cvi\u010den\u00ed"},"content":{"rendered":"\r\n\r\n\r\n<section class=\"languageChallengeSection\">\r\n    <div class=\"languageInfoWrapper\">\r\n        \r\n        <h1>Alb\u00e1nsk\u00e1 gramatick\u00e1 cvi\u010den\u00ed<\/h1>\r\n        <p>Jste p\u0159ipraveni pono\u0159it se do alb\u00e1nsk\u00e9 gramatiky? Procvi\u010den\u00ed n\u011bkolika z\u00e1klad\u016f v\u00e1m pom\u016f\u017ee se s t\u00edmto jedine\u010dn\u00fdm a kr\u00e1sn\u00fdm jazykem s\u017e\u00edt. Vyzkou\u0161ejte tato cvi\u010den\u00ed, abyste si pos\u00edlili sebev\u011bdom\u00ed a pobavili se u toho!<\/p>\r\n\r\n                            <a class=\"getStartedHidden\" href=\"https:\/\/app.talkpal.ai\/cs\/signup?lng=\">Za\u010dni<\/a>\r\n        \r\n    <\/div>\r\n\r\n    <figure>\r\n    <img decoding=\"async\" width=\"768\" height=\"768\" src=\"https:\/\/talkpal.ai\/wp-content\/uploads\/2023\/06\/welsh-768x768.png\" class=\"languageImage no-lazy\" alt=\"Language learning for better cognitive abilities\" fetchpriority=\"high\" sizes=\"(max-width: 768px) 150px, 768px\" srcset=\"https:\/\/talkpal.ai\/wp-content\/uploads\/2023\/06\/welsh-768x768.png 768w, https:\/\/talkpal.ai\/wp-content\/uploads\/2023\/06\/welsh-300x300.png 300w\" \/>\r\n    \r\n\r\n    <\/figure>\r\n\r\n            <a class=\"getStartedVisible\" href=\"https:\/\/app.talkpal.ai\/cs\/signup?lng=\">Za\u010dni<\/a>\r\n    \r\n<\/section><section class=\"promotionalBanner\">\r\n    <p class=\"promotionalText\">Nejefektivn\u011bj\u0161\u00ed <a href=\"https:\/\/talkpal.ai\/best-way-to-learn\/\">zp\u016fsob<\/a>, jak se nau\u010dit jazyk<\/p>\r\n    <a class=\"promotionalLink\" href=\"https:\/\/app.talkpal.ai\/cs\/signup?lng=\">Vyzkou\u0161ejte Talkpal zdarma<\/a>\r\n<\/section>\n<div class=\"wp-block-group pageContainerStyle\"><div class=\"wp-block-group__inner-container is-layout-constrained wp-block-group-is-layout-constrained\">\n<h2 class=\"wp-block-heading\" id=\"h-albanian-grammar-topics\">Alb\u00e1nsk\u00e1 gramatika T\u00e9mata<\/h2>\n\n\n\n<p><a href=\"https:\/\/talkpal.ai\/cs\/nejvetsi-chyby-kterych-je-treba-se-vyvarovat-pri-uceni-noveho-jazyka\/\">Nau\u010dit se nov\u00fd jazyk<\/a> m\u016f\u017ee b\u00fdt n\u00e1ro\u010dn\u00e9, ale obohacuj\u00edc\u00ed \u00fasil\u00ed. Alb\u00e1n\u0161tina, indoevropsk\u00fd jazyk pou\u017e\u00edvan\u00fd hlavn\u011b v Alb\u00e1nii, nen\u00ed v\u00fdjimkou. <a href=\"https:\/\/talkpal.ai\/cs\/talkpal-pro-vzdelavani\/\">U\u010den\u00ed<\/a> alb\u00e1n\u0161tiny se sv\u00fdmi jedine\u010dn\u00fdmi rysy a strukturami vy\u017eaduje systematick\u00fd p\u0159\u00edstup k pochopen\u00ed jej\u00ed bohat\u00e9 gramatiky. Tato p\u0159\u00edru\u010dka nasti\u0148uje kl\u00ed\u010dov\u00e9 oblasti <a href=\"https:\/\/talkpal.ai\/cs\/albanska-gramatika\/\">alb\u00e1nsk\u00e9 gramatiky<\/a> v logick\u00e9m sledu pro <a href=\"https:\/\/talkpal.ai\/cs\/chatbot-s-umelou-inteligenci-pro-vyuku-jazyku\/\">v\u00fduku jazyk\u016f<\/a>, po\u010d\u00ednaje z\u00e1klady, jako jsou podstatn\u00e1 jm\u00e9na a \u010dleny, a pokra\u010duje slo\u017eit\u011bj\u0161\u00edmi oblastmi, jako jsou \u010dasy a stavba v\u011bt.<\/p>\n\n\n\n<h3 class=\"wp-block-heading\" id=\"h-1-nouns\">1. Podstatn\u00e1 jm\u00e9na:<\/h3>\n\n\n\n<p>Za\u010dn\u011bte svou cestu alb\u00e1nsk\u00fdm jazykem t\u00edm, \u017ee se nau\u010d\u00edte podstatn\u00e1 jm\u00e9na. To zahrnuje pochopen\u00ed rodu a \u010d\u00edsla, obecn\u00fdch a vlastn\u00edch jmen a jejich tvar\u016f mno\u017en\u00e9ho \u010d\u00edsla. Alb\u00e1nsk\u00e1 podstatn\u00e1 jm\u00e9na se tak\u00e9 sklo\u0148uj\u00ed pro p\u00e1d a maj\u00ed jak neur\u010dit\u00e9, tak ur\u010dit\u00e9 tvary, p\u0159i\u010dem\u017e ur\u010ditost se \u010dasto ozna\u010duje p\u0159\u00edponou p\u0159ipojenou k podstatn\u00e9mu jm\u00e9nu.<\/p>\n\n\n\n<h3 class=\"wp-block-heading\" id=\"h-2-articles\">2. \u010cl\u00e1nky:<\/h3>\n\n\n\n<p>\u010cl\u00e1nky v alb\u00e1n\u0161tin\u011b funguj\u00ed jinak ne\u017e <a href=\"https:\/\/talkpal.ai\/ai-english-speaking-practice\/\">v angli\u010dtin\u011b<\/a>. Ur\u010dit\u00fd \u010dlen je obvykle p\u0159\u00edpona p\u0159idan\u00e1 k podstatn\u00e9mu jm\u00e9nu, zat\u00edmco neur\u010dit\u00fd \u010dlen je samostatn\u00e9 slovo nj\u00eb v jednotn\u00e9m \u010d\u00edsle. Alb\u00e1n\u0161tina tak\u00e9 pou\u017e\u00edv\u00e1 spojovac\u00ed \u010dlen p\u0159ed p\u0159\u00eddavn\u00fdmi jm\u00e9ny a v ur\u010dit\u00fdch genitivn\u00edch konstrukc\u00edch, co\u017e se shoduje v rod\u011b a \u010d\u00edsle.<\/p>\n\n\n\n<h3 class=\"wp-block-heading\" id=\"h-3-adjectives\">3. P\u0159\u00eddavn\u00e1 jm\u00e9na:<\/h3>\n\n\n\n<p>P\u0159\u00eddavn\u00e1 jm\u00e9na v alb\u00e1n\u0161tin\u011b obvykle n\u00e1sleduj\u00ed za sv\u00fdmi podstatn\u00fdmi jm\u00e9ny. Shoda se projevuje prost\u0159ednictv\u00edm odkazuj\u00edc\u00edho \u010dlenu um\u00edst\u011bn\u00e9ho p\u0159ed p\u0159\u00eddavn\u00fdm jm\u00e9nem, kter\u00fd odr\u00e1\u017e\u00ed rod, \u010d\u00edslo a p\u00e1d podstatn\u00e9ho jm\u00e9na. Nau\u010dte se tvo\u0159it stup\u0148ovita a superlativy, obvykle s m\u00eb pro komparativ a ur\u010ditou formou pro superlativ.<\/p>\n\n\n\n<h3 class=\"wp-block-heading\" id=\"h-4-pronouns-determiners\">4. Z\u00e1jmena\/determinanty:<\/h3>\n\n\n\n<p>Z\u00e1jmena a determinanty jsou v alb\u00e1n\u0161tin\u011b z\u00e1sadn\u00ed; Nahrazuj\u00ed podstatn\u00e1 jm\u00e9na a poskytuj\u00ed informace o osob\u011b, vlastnictv\u00ed, mno\u017estv\u00ed a dal\u0161\u00ed. Zvl\u00e1\u0161tn\u00ed pozornost v\u011bnujte klitick\u00fdm p\u0159edm\u011btn\u00fdm z\u00e1jmen\u016fm, kter\u00e1 se \u010dasto objevuj\u00ed p\u0159ed slovesem, a p\u0159ivlast\u0148ovac\u00edm determinant\u016fm, kter\u00e9 souhlas\u00ed s podstatn\u00fdm jm\u00e9nem, kter\u00e9 modifikuj\u00ed.<\/p>\n\n\n\n<h3 class=\"wp-block-heading\" id=\"h-5-verbs\">5. Slovesa:<\/h3>\n\n\n\n<p>Alb\u00e1nsk\u00e1 slovesa m\u011bn\u00ed formu pro osobu a \u010d\u00edslo a pou\u017e\u00edvaj\u00ed se v n\u011bkolika n\u00e1lad\u00e1ch, jako je indikativ, <a href=\"https:\/\/talkpal.ai\/ja\/grammar_exercises\/konjunktiv-%e3%83%89%e3%82%a4%e3%83%84%e6%96%87%e6%b3%95%e3%81%ae%e6%bc%94%e7%bf%92\/\">konjunktiv<\/a>, rozkazovac\u00ed zp\u016fsob, podm\u00ednkov\u00fd stav a obdiv. Za\u010dn\u011bte s p\u0159\u00edtomn\u00fdm \u010dasem a b\u011b\u017en\u00fdmi minul\u00fdmi formami, pot\u00e9 se roz\u0161i\u0159te o dal\u0161\u00ed n\u00e1lady a hlasy, v\u010detn\u011b trpn\u00fdch formac\u00ed.<\/p>\n\n\n\n<h3 class=\"wp-block-heading\" id=\"h-6-tenses\">6. \u010casy:<\/h3>\n\n\n\n<p>Po zvl\u00e1dnut\u00ed slovesn\u00fdch tvar\u016f se pono\u0159te hloub\u011bji do alb\u00e1nsk\u00fdch \u010das\u016f. Mezi kl\u00ed\u010dov\u00e9 \u010dasy pat\u0159\u00ed p\u0159\u00edtomn\u00fd, imperfektum, aorist, p\u0159edp\u0159\u00edtomn\u00fd \u010das, pluperfektum a budouc\u00ed tvar. Zjist\u011bte, jak se jednotliv\u00e9 \u010dasy pou\u017e\u00edvaj\u00ed v kontextu k vyj\u00e1d\u0159en\u00ed dokon\u010den\u00fdch akc\u00ed, prob\u00edhaj\u00edc\u00edch minul\u00fdch akc\u00ed a budouc\u00edch ud\u00e1lost\u00ed.<\/p>\n\n\n\n<h3 class=\"wp-block-heading\" id=\"h-7-tense-comparison\">7. Srovn\u00e1n\u00ed \u010das\u016f:<\/h3>\n\n\n\n<p>Porovn\u00e1v\u00e1n\u00ed \u010das\u016f v alb\u00e1n\u0161tin\u011b pom\u00e1h\u00e1 pochopit posloupnost a aspekt ud\u00e1lost\u00ed. Porovnejte aorist s p\u0159edp\u0159\u00edtomn\u00fdm a imperfektum s aoristem, abyste vid\u011bli, jak alb\u00e1n\u0161tina rozli\u0161uje jednotliv\u00e9 dokon\u010den\u00e9 d\u011bje, prob\u00edhaj\u00edc\u00ed minul\u00e9 d\u011bje a sou\u010dasnou relevanci.<\/p>\n\n\n\n<h3 class=\"wp-block-heading\" id=\"h-8-progressive\">8. Progresivn\u00ed:<\/h3>\n\n\n\n<p>Progresivn\u00ed vid se v alb\u00e1n\u0161tin\u011b b\u011b\u017en\u011b vyjad\u0159uje \u010d\u00e1stic\u00ed po p\u0159ed finitn\u00edm slovesem nebo strukturou jam duke, po kter\u00e9 n\u00e1sleduje slovesn\u00e9 podstatn\u00e9 jm\u00e9no nebo p\u0159\u00ed\u010dest\u00ed. Slou\u017e\u00ed k vyj\u00e1d\u0159en\u00ed prob\u00edhaj\u00edc\u00edch akc\u00ed v sou\u010dasnosti nebo minulosti.<\/p>\n\n\n\n<h3 class=\"wp-block-heading\" id=\"h-9-perfect-progressive\">9. Perfektn\u00ed progresivn\u00ed:<\/h3>\n\n\n\n<p>Tento aspekt se pou\u017e\u00edv\u00e1 k vyj\u00e1d\u0159en\u00ed akc\u00ed, kter\u00e9 prob\u00edhaj\u00ed a\u017e do ur\u010dit\u00e9ho bodu. V alb\u00e1n\u0161tin\u011b se tvo\u0159\u00ed slovo kam qen\u00eb duke, po kter\u00e9m n\u00e1sleduje p\u0159\u00ed\u010dest\u00ed pro p\u0159edp\u0159\u00edtomn\u00fd \u010das pr\u016fb\u011bhov\u00fd a kisha qen\u00eb duke pro p\u0159edminul\u00fd p\u0159edp\u0159\u00edtomn\u00fd v\u00fdvoj.<\/p>\n\n\n\n<h3 class=\"wp-block-heading\" id=\"h-10-conditionals\">10. Kondicion\u00e1ly:<\/h3>\n\n\n\n<p>Podmi\u0148ovac\u00ed zp\u016fsob vyjad\u0159uje hypotetick\u00e9 situace a jejich mo\u017en\u00e9 v\u00fdsledky. Alb\u00e1n\u0161tina pou\u017e\u00edv\u00e1 tvary s do t\u00eb plus vhodn\u00fd slovesn\u00fd tvar pro potenci\u00e1ln\u00ed nebo nere\u00e1ln\u00e9 situace a <a href=\"https:\/\/talkpal.ai\/de\/grammar\/die-englische-grammatik-wenn-saetze-if-saetze-meistern\/\">if-clauses<\/a> uvozen\u00e9 n\u00ebse nebo po t\u00eb. Jejich zvl\u00e1dnut\u00ed dod\u00e1 va\u0161im jazykov\u00fdm znalostem nuance.<\/p>\n\n\n\n<h3 class=\"wp-block-heading\" id=\"h-11-adverbs\">11. P\u0159\u00edslovce:<\/h3>\n\n\n\n<p>P\u0159\u00edslovce v alb\u00e1n\u0161tin\u011b modifikuj\u00ed slovesa, p\u0159\u00eddavn\u00e1 jm\u00e9na nebo jin\u00e1 p\u0159\u00edslovce. Poskytuj\u00ed informace o zp\u016fsobu, m\u00edst\u011b, \u010dase, stupni a dal\u0161\u00ed, \u010dasto pomoc\u00ed tvar\u016f identick\u00fdch s p\u0159\u00eddavn\u00fdmi jm\u00e9ny nebo pevn\u00fdmi p\u0159\u00edslove\u010dn\u00fdmi slovy jako tani, dje, k\u00ebtu a atje.<\/p>\n\n\n\n<h3 class=\"wp-block-heading\" id=\"h-12-prepositions\">12. P\u0159edlo\u017eky:<\/h3>\n\n\n\n<p>P\u0159edlo\u017eky spojuj\u00ed slova a fr\u00e1ze dohromady. Vyjad\u0159uj\u00ed vztahy \u010dasu, m\u00edsta, sm\u011bru a dal\u0161\u00edch pomoc\u00ed b\u011b\u017en\u00fdch polo\u017eek jako n\u00eb, te, tek, me, pa, p\u00ebr, nga, mbi, n\u00ebn, para a pas. Nau\u010dte se, jak se kombinuj\u00ed s velk\u00fdmi a mal\u00fdmi p\u00edsmeny a odkazuj\u00edc\u00edm \u010dl\u00e1nkem ve jmenn\u00fdch fr\u00e1z\u00edch.<\/p>\n\n\n\n<h3 class=\"wp-block-heading\" id=\"h-13-sentences\">13. V\u011bty:<\/h3>\n\n\n\n<p>Nakonec si procvi\u010dte vytv\u00e1\u0159en\u00ed v\u011bt. Alb\u00e1n\u0161tina m\u00e1 obvykle flexibiln\u00ed slovosled se spole\u010dn\u00fdm vzorem SVO, pou\u017e\u00edv\u00e1 klitick\u00e1 z\u00e1jmena p\u0159ed slovesem, neguje s nuk a tvo\u0159\u00ed ot\u00e1zky intonac\u00ed nebo s a. Pou\u017eit\u00ed v\u0161ech d\u0159\u00edve nau\u010den\u00fdch gramatick\u00fdch bod\u016f v kontextu zajist\u00ed komplexn\u00ed porozum\u011bn\u00ed alb\u00e1nsk\u00e9mu jazyku.<\/p>\n<\/div><\/div>\n\r\n<section class=\"learnNavigationSection\">\r\n            \r\n        <a href=\"https:\/\/talkpal.ai\/cs\/naucte-se-albansky\/\">\r\n            <div class=\"learnNavigationWrapper\">\r\n                <div class=\"learnNavigationContent\">\r\n                    <img decoding=\"async\" src=\"https:\/\/talkpal.ai\/wp-content\/uploads\/2025\/11\/Albanian.png\" alt=\"Albanian Flag\">\r\n                    <div>\r\n                        <h4>O u\u010den\u00ed alb\u00e1n\u0161tiny<\/h4>\r\n                        <p>Zjisti v\u0161e o alb\u00e1nsk\u00e9 gramatice.<\/p>\r\n                    <\/div>\r\n                <\/div>\r\n            <\/div>\r\n        <\/a>\r\n\r\n        \r\n        <a href=\"https:\/\/talkpal.ai\/cs\/albanska-gramatika\/\">\r\n            <div class=\"learnNavigationWrapper\">\r\n                <div class=\"learnNavigationContent\">\r\n                    <img decoding=\"async\" src=\"https:\/\/talkpal.ai\/wp-content\/uploads\/2025\/11\/Albanian.png\" alt=\"Albanian Flag\">\r\n                    <div>\r\n                        <h4>Lekce alb\u00e1nsk\u00e9 gramatiky<\/h4>\r\n                        <p>Procvi\u010dujte alb\u00e1nskou gramatiku.<\/p>\r\n                    <\/div>\r\n                <\/div>\r\n            <\/div>\r\n        <\/a>\r\n\r\n            <\/section>","protected":false},"excerpt":{"rendered":"<p>Alb\u00e1nsk\u00e1 gramatika T\u00e9mata Nau\u010dit se nov\u00fd jazyk m\u016f\u017ee b\u00fdt n\u00e1ro\u010dn\u00e9, ale obohacuj\u00edc\u00ed \u00fasil\u00ed. Alb\u00e1n\u0161tina, indoevropsk\u00fd jazyk pou\u017e\u00edvan\u00fd hlavn\u011b v Alb\u00e1nii, nen\u00ed v\u00fdjimkou. U\u010den\u00ed alb\u00e1n\u0161tiny se sv\u00fdmi jedine\u010dn\u00fdmi rysy a strukturami vy\u017eaduje systematick\u00fd p\u0159\u00edstup k pochopen\u00ed jej\u00ed bohat\u00e9 gramatiky. Tato p\u0159\u00edru\u010dka nasti\u0148uje kl\u00ed\u010dov\u00e9 oblasti alb\u00e1nsk\u00e9 gramatiky v logick\u00e9m sledu pro v\u00fduku jazyk\u016f, po\u010d\u00ednaje z\u00e1klady, jako jsou [&hellip;]<\/p>\n","protected":false},"author":20,"featured_media":0,"parent":0,"menu_order":0,"comment_status":"closed","ping_status":"closed","template":"LearningContentPage.php","meta":{"_acf_changed":false,"footnotes":""},"class_list":["post-1466939","page","type-page","status-publish","hentry"],"acf":[],"yoast_head":"<!-- This site is optimized with the Yoast SEO Premium plugin v27.2 (Yoast SEO v27.2) - https:\/\/yoast.com\/product\/yoast-seo-premium-wordpress\/ -->\n<title>Alb\u00e1nsk\u00e1 gramatick\u00e1 cvi\u010den\u00ed - Talkpal<\/title>\n<meta name=\"description\" content=\"Zlep\u0161ete si svou alb\u00e1n\u0161tinu pomoc\u00ed interaktivn\u00edch gramatick\u00fdch cvi\u010den\u00ed Talkpal, kter\u00e1 se t\u00fdkaj\u00ed podstatn\u00fdch jmen, sloves, \u010das\u016f a v\u011btn\u00fdch struktur.\" \/>\n<meta name=\"robots\" content=\"index, follow, max-snippet:-1, max-image-preview:large, max-video-preview:-1\" \/>\n<link rel=\"canonical\" href=\"https:\/\/talkpal.ai\/cs\/albanska-gramaticka-cviceni\/\" \/>\n<meta property=\"og:locale\" content=\"cs_CZ\" \/>\n<meta property=\"og:type\" content=\"article\" \/>\n<meta property=\"og:title\" content=\"Alb\u00e1nsk\u00e1 gramatick\u00e1 cvi\u010den\u00ed\" \/>\n<meta property=\"og:description\" content=\"Alb\u00e1nsk\u00e1 gramatika T\u00e9mata Nau\u010dit se nov\u00fd jazyk m\u016f\u017ee b\u00fdt n\u00e1ro\u010dn\u00e9, ale obohacuj\u00edc\u00ed \u00fasil\u00ed. Alb\u00e1n\u0161tina, indoevropsk\u00fd jazyk pou\u017e\u00edvan\u00fd hlavn\u011b v Alb\u00e1nii, nen\u00ed\" \/>\n<meta property=\"og:url\" content=\"https:\/\/talkpal.ai\/cs\/albanska-gramaticka-cviceni\/\" \/>\n<meta property=\"og:site_name\" content=\"Talkpal\" \/>\n<meta property=\"article:publisher\" content=\"https:\/\/www.facebook.com\/profile.php?id=100090733639311\" \/>\n<meta property=\"article:modified_time\" content=\"2025-12-30T15:40:00+00:00\" \/>\n<meta property=\"og:image\" content=\"https:\/\/talkpal.ai\/wp-content\/uploads\/2025\/02\/Progress-tab-16_9.png\" \/>\n\t<meta property=\"og:image:width\" content=\"2880\" \/>\n\t<meta property=\"og:image:height\" content=\"1620\" \/>\n\t<meta property=\"og:image:type\" content=\"image\/png\" \/>\n<meta name=\"twitter:card\" content=\"summary_large_image\" \/>\n<meta name=\"twitter:site\" content=\"@talkpalai\" \/>\n<meta name=\"twitter:label1\" content=\"Odhadovan\u00e1 doba \u010dten\u00ed\" \/>\n\t<meta name=\"twitter:data1\" content=\"5 minut\" \/>\n<script type=\"application\/ld+json\" class=\"yoast-schema-graph\">{\"@context\":\"https:\/\/schema.org\",\"@graph\":[{\"@type\":\"WebPage\",\"@id\":\"https:\/\/talkpal.ai\/cs\/albanska-gramaticka-cviceni\/\",\"url\":\"https:\/\/talkpal.ai\/cs\/albanska-gramaticka-cviceni\/\",\"name\":\"Alb\u00e1nsk\u00e1 gramatick\u00e1 cvi\u010den\u00ed - Talkpal\",\"isPartOf\":{\"@id\":\"https:\/\/talkpal.ai\/cs\/#website\"},\"datePublished\":\"2025-11-11T12:32:58+00:00\",\"dateModified\":\"2025-12-30T15:40:00+00:00\",\"description\":\"Zlep\u0161ete si svou alb\u00e1n\u0161tinu pomoc\u00ed interaktivn\u00edch gramatick\u00fdch cvi\u010den\u00ed Talkpal, kter\u00e1 se t\u00fdkaj\u00ed podstatn\u00fdch jmen, sloves, \u010das\u016f a v\u011btn\u00fdch struktur.\",\"breadcrumb\":{\"@id\":\"https:\/\/talkpal.ai\/cs\/albanska-gramaticka-cviceni\/#breadcrumb\"},\"inLanguage\":\"cs\",\"potentialAction\":[{\"@type\":\"ReadAction\",\"target\":[\"https:\/\/talkpal.ai\/cs\/albanska-gramaticka-cviceni\/\"]}]},{\"@type\":\"BreadcrumbList\",\"@id\":\"https:\/\/talkpal.ai\/cs\/albanska-gramaticka-cviceni\/#breadcrumb\",\"itemListElement\":[{\"@type\":\"ListItem\",\"position\":1,\"name\":\"Homepage\",\"item\":\"https:\/\/talkpal.ai\/cs\/\"},{\"@type\":\"ListItem\",\"position\":2,\"name\":\"Alb\u00e1nsk\u00e1 gramatick\u00e1 cvi\u010den\u00ed\"}]},{\"@type\":\"WebSite\",\"@id\":\"https:\/\/talkpal.ai\/cs\/#website\",\"url\":\"https:\/\/talkpal.ai\/cs\/\",\"name\":\"Talkpal\",\"description\":\"AI Language Learning\",\"publisher\":{\"@id\":\"https:\/\/talkpal.ai\/cs\/#organization\"},\"alternateName\":\"Talkpal AI\",\"potentialAction\":[{\"@type\":\"SearchAction\",\"target\":{\"@type\":\"EntryPoint\",\"urlTemplate\":\"https:\/\/talkpal.ai\/cs\/?s={search_term_string}\"},\"query-input\":{\"@type\":\"PropertyValueSpecification\",\"valueRequired\":true,\"valueName\":\"search_term_string\"}}],\"inLanguage\":\"cs\"},{\"@type\":\"Organization\",\"@id\":\"https:\/\/talkpal.ai\/cs\/#organization\",\"name\":\"Talkpal, Inc.\",\"alternateName\":\"Talkpal AI\",\"url\":\"https:\/\/talkpal.ai\/cs\/\",\"logo\":{\"@type\":\"ImageObject\",\"inLanguage\":\"cs\",\"@id\":\"https:\/\/talkpal.ai\/cs\/#\/schema\/logo\/image\/\",\"url\":\"https:\/\/talkpal.ai\/wp-content\/uploads\/2024\/03\/Talkpal-Logo-Icon.png\",\"contentUrl\":\"https:\/\/talkpal.ai\/wp-content\/uploads\/2024\/03\/Talkpal-Logo-Icon.png\",\"width\":2880,\"height\":2880,\"caption\":\"Talkpal, Inc.\"},\"image\":{\"@id\":\"https:\/\/talkpal.ai\/cs\/#\/schema\/logo\/image\/\"},\"sameAs\":[\"https:\/\/www.facebook.com\/profile.php?id=100090733639311\",\"https:\/\/x.com\/talkpalai\",\"https:\/\/www.linkedin.com\/company\/talkpal\/\",\"https:\/\/www.youtube.com\/@TalkPal\/\",\"https:\/\/www.tiktok.com\/@talkpal\",\"https:\/\/www.instagram.com\/talkpal_ai\/\",\"https:\/\/www.crunchbase.com\/organization\/talkpal-9cde\",\"https:\/\/www.g2.com\/products\/talkpal-for-business\/\",\"https:\/\/www.trustpilot.com\/review\/talkpal.ai\",\"https:\/\/www.capterra.com\/p\/10006800\/TalkPal\/\"],\"description\":\"Talkpal is a language learning web and mobile education app, powered by the latest AI technologies, that provides engaging experiences to its customers in many different languages to help them improve their language skills. Users can chat about unlimited amount of topics with the app and use other modes to practice their language learning.\",\"email\":\"support@talkpal.ai\",\"legalName\":\"Talkpal, Inc.\",\"foundingDate\":\"2023-04-03\",\"duns\":\"118989042\",\"numberOfEmployees\":{\"@type\":\"QuantitativeValue\",\"minValue\":\"11\",\"maxValue\":\"50\"},\"publishingPrinciples\":\"https:\/\/talkpal.ai\/publishing-principles\/\",\"actionableFeedbackPolicy\":\"https:\/\/talkpal.ai\/actionable-feedback-policy\/\",\"correctionsPolicy\":\"https:\/\/talkpal.ai\/corrections-policy\/\",\"ethicsPolicy\":\"https:\/\/talkpal.ai\/ethics-policy\/\",\"diversityPolicy\":\"https:\/\/talkpal.ai\/diversity-policy\/\",\"diversityStaffingReport\":\"https:\/\/talkpal.ai\/diversity-policy\/\"}]}<\/script>\n<!-- \/ Yoast SEO Premium plugin. -->","yoast_head_json":{"title":"Alb\u00e1nsk\u00e1 gramatick\u00e1 cvi\u010den\u00ed - Talkpal","description":"Zlep\u0161ete si svou alb\u00e1n\u0161tinu pomoc\u00ed interaktivn\u00edch gramatick\u00fdch cvi\u010den\u00ed Talkpal, kter\u00e1 se t\u00fdkaj\u00ed podstatn\u00fdch jmen, sloves, \u010das\u016f a v\u011btn\u00fdch struktur.","robots":{"index":"index","follow":"follow","max-snippet":"max-snippet:-1","max-image-preview":"max-image-preview:large","max-video-preview":"max-video-preview:-1"},"canonical":"https:\/\/talkpal.ai\/cs\/albanska-gramaticka-cviceni\/","og_locale":"cs_CZ","og_type":"article","og_title":"Alb\u00e1nsk\u00e1 gramatick\u00e1 cvi\u010den\u00ed","og_description":"Alb\u00e1nsk\u00e1 gramatika T\u00e9mata Nau\u010dit se nov\u00fd jazyk m\u016f\u017ee b\u00fdt n\u00e1ro\u010dn\u00e9, ale obohacuj\u00edc\u00ed \u00fasil\u00ed. Alb\u00e1n\u0161tina, indoevropsk\u00fd jazyk pou\u017e\u00edvan\u00fd hlavn\u011b v Alb\u00e1nii, nen\u00ed","og_url":"https:\/\/talkpal.ai\/cs\/albanska-gramaticka-cviceni\/","og_site_name":"Talkpal","article_publisher":"https:\/\/www.facebook.com\/profile.php?id=100090733639311","article_modified_time":"2025-12-30T15:40:00+00:00","og_image":[{"width":2880,"height":1620,"url":"https:\/\/talkpal.ai\/wp-content\/uploads\/2025\/02\/Progress-tab-16_9.png","type":"image\/png"}],"twitter_card":"summary_large_image","twitter_site":"@talkpalai","twitter_misc":{"Odhadovan\u00e1 doba \u010dten\u00ed":"5 minut"},"schema":{"@context":"https:\/\/schema.org","@graph":[{"@type":"WebPage","@id":"https:\/\/talkpal.ai\/cs\/albanska-gramaticka-cviceni\/","url":"https:\/\/talkpal.ai\/cs\/albanska-gramaticka-cviceni\/","name":"Alb\u00e1nsk\u00e1 gramatick\u00e1 cvi\u010den\u00ed - Talkpal","isPartOf":{"@id":"https:\/\/talkpal.ai\/cs\/#website"},"datePublished":"2025-11-11T12:32:58+00:00","dateModified":"2025-12-30T15:40:00+00:00","description":"Zlep\u0161ete si svou alb\u00e1n\u0161tinu pomoc\u00ed interaktivn\u00edch gramatick\u00fdch cvi\u010den\u00ed Talkpal, kter\u00e1 se t\u00fdkaj\u00ed podstatn\u00fdch jmen, sloves, \u010das\u016f a v\u011btn\u00fdch struktur.","breadcrumb":{"@id":"https:\/\/talkpal.ai\/cs\/albanska-gramaticka-cviceni\/#breadcrumb"},"inLanguage":"cs","potentialAction":[{"@type":"ReadAction","target":["https:\/\/talkpal.ai\/cs\/albanska-gramaticka-cviceni\/"]}]},{"@type":"BreadcrumbList","@id":"https:\/\/talkpal.ai\/cs\/albanska-gramaticka-cviceni\/#breadcrumb","itemListElement":[{"@type":"ListItem","position":1,"name":"Homepage","item":"https:\/\/talkpal.ai\/cs\/"},{"@type":"ListItem","position":2,"name":"Alb\u00e1nsk\u00e1 gramatick\u00e1 cvi\u010den\u00ed"}]},{"@type":"WebSite","@id":"https:\/\/talkpal.ai\/cs\/#website","url":"https:\/\/talkpal.ai\/cs\/","name":"Talkpal","description":"AI Language Learning","publisher":{"@id":"https:\/\/talkpal.ai\/cs\/#organization"},"alternateName":"Talkpal AI","potentialAction":[{"@type":"SearchAction","target":{"@type":"EntryPoint","urlTemplate":"https:\/\/talkpal.ai\/cs\/?s={search_term_string}"},"query-input":{"@type":"PropertyValueSpecification","valueRequired":true,"valueName":"search_term_string"}}],"inLanguage":"cs"},{"@type":"Organization","@id":"https:\/\/talkpal.ai\/cs\/#organization","name":"Talkpal, Inc.","alternateName":"Talkpal AI","url":"https:\/\/talkpal.ai\/cs\/","logo":{"@type":"ImageObject","inLanguage":"cs","@id":"https:\/\/talkpal.ai\/cs\/#\/schema\/logo\/image\/","url":"https:\/\/talkpal.ai\/wp-content\/uploads\/2024\/03\/Talkpal-Logo-Icon.png","contentUrl":"https:\/\/talkpal.ai\/wp-content\/uploads\/2024\/03\/Talkpal-Logo-Icon.png","width":2880,"height":2880,"caption":"Talkpal, Inc."},"image":{"@id":"https:\/\/talkpal.ai\/cs\/#\/schema\/logo\/image\/"},"sameAs":["https:\/\/www.facebook.com\/profile.php?id=100090733639311","https:\/\/x.com\/talkpalai","https:\/\/www.linkedin.com\/company\/talkpal\/","https:\/\/www.youtube.com\/@TalkPal\/","https:\/\/www.tiktok.com\/@talkpal","https:\/\/www.instagram.com\/talkpal_ai\/","https:\/\/www.crunchbase.com\/organization\/talkpal-9cde","https:\/\/www.g2.com\/products\/talkpal-for-business\/","https:\/\/www.trustpilot.com\/review\/talkpal.ai","https:\/\/www.capterra.com\/p\/10006800\/TalkPal\/"],"description":"Talkpal is a language learning web and mobile education app, powered by the latest AI technologies, that provides engaging experiences to its customers in many different languages to help them improve their language skills. Users can chat about unlimited amount of topics with the app and use other modes to practice their language learning.","email":"support@talkpal.ai","legalName":"Talkpal, Inc.","foundingDate":"2023-04-03","duns":"118989042","numberOfEmployees":{"@type":"QuantitativeValue","minValue":"11","maxValue":"50"},"publishingPrinciples":"https:\/\/talkpal.ai\/publishing-principles\/","actionableFeedbackPolicy":"https:\/\/talkpal.ai\/actionable-feedback-policy\/","correctionsPolicy":"https:\/\/talkpal.ai\/corrections-policy\/","ethicsPolicy":"https:\/\/talkpal.ai\/ethics-policy\/","diversityPolicy":"https:\/\/talkpal.ai\/diversity-policy\/","diversityStaffingReport":"https:\/\/talkpal.ai\/diversity-policy\/"}]}},"_links":{"self":[{"href":"https:\/\/talkpal.ai\/cs\/wp-json\/wp\/v2\/pages\/1466939","targetHints":{"allow":["GET"]}}],"collection":[{"href":"https:\/\/talkpal.ai\/cs\/wp-json\/wp\/v2\/pages"}],"about":[{"href":"https:\/\/talkpal.ai\/cs\/wp-json\/wp\/v2\/types\/page"}],"author":[{"embeddable":true,"href":"https:\/\/talkpal.ai\/cs\/wp-json\/wp\/v2\/users\/20"}],"replies":[{"embeddable":true,"href":"https:\/\/talkpal.ai\/cs\/wp-json\/wp\/v2\/comments?post=1466939"}],"version-history":[{"count":0,"href":"https:\/\/talkpal.ai\/cs\/wp-json\/wp\/v2\/pages\/1466939\/revisions"}],"wp:attachment":[{"href":"https:\/\/talkpal.ai\/cs\/wp-json\/wp\/v2\/media?parent=1466939"}],"curies":[{"name":"wp","href":"https:\/\/api.w.org\/{rel}","templated":true}]}}