{"id":1466918,"date":"2025-11-11T12:01:19","date_gmt":"2025-11-11T12:01:19","guid":{"rendered":"https:\/\/talkpal.ai\/albanska-gramatika\/"},"modified":"2025-12-30T15:37:51","modified_gmt":"2025-12-30T15:37:51","slug":"albanska-gramatika","status":"publish","type":"page","link":"https:\/\/talkpal.ai\/cs\/albanska-gramatika\/","title":{"rendered":"Alb\u00e1nsk\u00e1 gramatika"},"content":{"rendered":"\r\n\r\n\r\n<section class=\"languageChallengeSection\">\r\n    <div class=\"languageInfoWrapper\">\r\n        \r\n        <h1>Alb\u00e1nsk\u00e1 gramatika<\/h1>\r\n        <p>Alb\u00e1nsk\u00e1 <a href=\"https:\/\/talkpal.ai\/sq\/gramatika\/\">gramatika<\/a> se m\u016f\u017ee na prvn\u00ed pohled zd\u00e1t n\u00e1ro\u010dn\u00e1, ale d\u00edky jej\u00edm jedine\u010dn\u00fdm vlastnostem je u\u010den\u00ed jazyka obohacuj\u00edc\u00ed zku\u0161enost\u00ed. P\u0159i zkoum\u00e1n\u00ed abecedy, mutac\u00ed a gramatick\u00fdch pravidel z\u00edsk\u00e1te p\u0159ehled o bohat\u00e9 jazykov\u00e9 tradici. Vydejte se na cestu a objevte kr\u00e1sy alb\u00e1n\u0161tiny!<\/p>\r\n\r\n                            <a class=\"getStartedHidden\" href=\"https:\/\/app.talkpal.ai\/cs\/signup?lng=\">Za\u010dni<\/a>\r\n        \r\n    <\/div>\r\n\r\n    <figure>\r\n    <img decoding=\"async\" width=\"768\" height=\"768\" src=\"https:\/\/talkpal.ai\/wp-content\/uploads\/2023\/06\/welsh-768x768.png\" class=\"languageImage no-lazy\" alt=\"Language learning for better cognitive abilities\" fetchpriority=\"high\" sizes=\"(max-width: 768px) 150px, 768px\" srcset=\"https:\/\/talkpal.ai\/wp-content\/uploads\/2023\/06\/welsh-768x768.png 768w, https:\/\/talkpal.ai\/wp-content\/uploads\/2023\/06\/welsh-300x300.png 300w\" \/>\r\n    \r\n\r\n    <\/figure>\r\n\r\n            <a class=\"getStartedVisible\" href=\"https:\/\/app.talkpal.ai\/cs\/signup?lng=\">Za\u010dni<\/a>\r\n    \r\n<\/section><section class=\"promotionalBanner\">\r\n    <p class=\"promotionalText\">Nejefektivn\u011bj\u0161\u00ed zp\u016fsob, jak se nau\u010dit jazyk<\/p>\r\n    <a class=\"promotionalLink\" href=\"https:\/\/app.talkpal.ai\/cs\/signup?lng=\">Vyzkou\u0161ejte Talkpal zdarma<\/a>\r\n<\/section>\n<div class=\"wp-block-group pageContainerStyle\"><div class=\"wp-block-group__inner-container is-layout-constrained wp-block-group-is-layout-constrained\">\n<h2 class=\"wp-block-heading\" id=\"h-navigating-the-intricacies-of-albanian-grammar\">Orientace ve spletitosti alb\u00e1nsk\u00e9 gramatiky<\/h2>\n\n\n\n<p><a href=\"https:\/\/talkpal.ai\/cs\/naucte-se-albansky\/\">Alb\u00e1n\u0161tina<\/a>, indoevropsk\u00fd jazyk s v\u00fdraznou v\u011btv\u00ed a hlubok\u00fdmi kulturn\u00edmi ko\u0159eny, nab\u00edz\u00ed obohacuj\u00edc\u00ed cestu pro studenty, kter\u00e9 p\u0159itahuje jej\u00ed jedine\u010dn\u00e1 gramatika a zvukov\u00fd syst\u00e9m. P\u0159i pozn\u00e1v\u00e1n\u00ed alb\u00e1n\u0161tiny si roz\u0161\u00ed\u0159\u00edte sv\u00e9 jazykov\u00e9 vybaven\u00ed a z\u00e1rove\u0148 se spoj\u00edte s alb\u00e1nskou kulturou a \u0161ir\u0161\u00edm alb\u00e1nsky mluv\u00edc\u00edm sv\u011btem. Alb\u00e1nsk\u00e1 gramatika m\u016f\u017ee na prvn\u00ed pohled vypadat slo\u017eit\u011b, ale jej\u00ed rozd\u011blen\u00ed na z\u00e1kladn\u00ed \u010d\u00e1sti umo\u017e\u0148uje p\u0159\u00edmo\u010dar\u00fd pokrok. N\u00ed\u017ee je uveden specializovan\u00fd pr\u016fvodce z\u00e1kladn\u00edmi v\u011bcmi s tipy, kter\u00e9 v\u00e1m pomohou je zvl\u00e1dnout.<\/p>\n\n\n\n<h3 class=\"wp-block-heading\" id=\"h-1-albanian-alphabet-and-phonetics\">1. Alb\u00e1nsk\u00e1 abeceda a fonetika<\/h3>\n\n\n\n<p>Alb\u00e1nsk\u00e1 abeceda m\u00e1 36 p\u00edsmen, v\u010detn\u011b n\u011bkolika, kter\u00e1 se p\u00ed\u0161\u00ed jako sp\u0159e\u017eky, ale po\u010d\u00edtaj\u00ed se jako jednotliv\u00e1 p\u00edsmena, jako jsou dh, gj, ll, nj, rr, sh, th, xh, zh. Pou\u017e\u00edv\u00e1 tak\u00e9 \u00e7 a \u00eb a samohl\u00e1ska y p\u0159edstavuje t\u011bsn\u011b vp\u0159edu zaokrouhlen\u00fd zvuk. Kontrast mezi r a rr je smyslupln\u00fd a q a gj jsou patrov\u00e9 zar\u00e1\u017eky odli\u0161n\u00e9 od k a g. Kl\u00ed\u010dov\u00fdm prvn\u00edm krokem je sezn\u00e1mit se s t\u011bmito zvuky a p\u00edsmeny prost\u0159ednictv\u00edm hlasit\u00e9ho \u010dten\u00ed a poslechu.<\/p>\n\n\n\n<h3 class=\"wp-block-heading\" id=\"h-2-definite-articles-and-linkers-a-distinctive-albanian-feature\">2. Ur\u010dit\u00e9 \u010dleny a linkery: charakteristick\u00fd alb\u00e1nsk\u00fd rys<\/h3>\n\n\n\n<p>Charakteristick\u00fdm znakem alb\u00e1n\u0161tiny je p\u0159\u00edpona ur\u010dit\u00fd \u010dlen, kter\u00fd se p\u0159ipojuje k podstatn\u00fdm jm\u00e9n\u016fm a li\u0161\u00ed se podle pohlav\u00ed a \u010d\u00edsla. Dal\u0161\u00edm pozoruhodn\u00fdm rysem je spojovac\u00ed \u010d\u00e1stice v podstatn\u00e9 fr\u00e1zi, typicky i nebo e v neur\u010dit\u00e9m a t\u00eb nebo s\u00eb v ur\u010dit\u00e9m a p\u00e1dov\u00e9m kontextu, pou\u017e\u00edvan\u00e1 p\u0159ed p\u0159\u00eddavn\u00fdmi jm\u00e9ny a n\u011bkter\u00fdmi modifik\u00e1tory. Pochopen\u00ed toho, kdy a jak se objev\u00ed ur\u010ditost a linker, je z\u00e1sadn\u00ed pro p\u0159esnou komunikaci v alb\u00e1n\u0161tin\u011b.<\/p>\n\n\n\n<h3 class=\"wp-block-heading\" id=\"h-3-nouns-and-pronouns-gender-and-cases\">3. Podstatn\u00e1 jm\u00e9na a z\u00e1jmena: rod a p\u00e1dy<\/h3>\n\n\n\n<p>Alb\u00e1nsk\u00e1 podstatn\u00e1 jm\u00e9na maj\u00ed gramatick\u00fd rod (mu\u017esk\u00fd nebo \u017eensk\u00fd) a \u0159\u00edd\u00ed se r\u016fzn\u00fdmi vzorci tvorby mno\u017en\u00e9ho \u010d\u00edsla. Jazyk ozna\u010duje vztahy mezi p\u00e1dy v podstatn\u00e9 fr\u00e1zi, tradi\u010dn\u011b v p\u011bti p\u0159\u00edpadech ve spisovn\u00e9m jazyce. Z\u00e1jmena zahrnuj\u00ed osobn\u00ed, p\u0159ivlast\u0148ovac\u00ed, zvratn\u00e9, ukazovac\u00ed a t\u00e1zac\u00ed tvary, stejn\u011b jako p\u0159edm\u011btn\u00e1 klinika, kter\u00e1 se p\u0159ipojuj\u00ed ke slovesu. Sezn\u00e1men\u00ed se s t\u011bmito z\u00e1jmeny a jejich um\u00edst\u011bn\u00edm v\u00fdrazn\u011b zlep\u0161\u00ed va\u0161e ch\u00e1p\u00e1n\u00ed alb\u00e1nsk\u00e9 gramatiky.<\/p>\n\n\n\n<h3 class=\"wp-block-heading\" id=\"h-4-verbs-structure-and-conjugation\">4. Slovesa: struktura a \u010dasov\u00e1n\u00ed<\/h3>\n\n\n\n<p>Alb\u00e1nsk\u00e1 slovesa maj\u00ed odli\u0161nou strukturu a \u010dasov\u00e1n\u00ed v z\u00e1vislosti na \u010dase, n\u00e1lad\u011b a osob\u011b. Esenci\u00e1ln\u00ed \u010dasy zahrnuj\u00ed p\u0159\u00edtomn\u00fd \u010das, minul\u00fd \u010das prost\u00fd, imperfektum a p\u0159edfektum, spolu s budouc\u00edm \u010dasem tvo\u0159en\u00fdm pomoc\u00ed do t\u00eb a konjunktivu. Alb\u00e1n\u0161tina tak\u00e9 hojn\u011b pou\u017e\u00edv\u00e1 <a href=\"https:\/\/talkpal.ai\/ja\/grammar_exercises\/konjunktiv-%e3%83%89%e3%82%a4%e3%83%84%e6%96%87%e6%b3%95%e3%81%ae%e6%bc%94%e7%bf%92\/\">konjunktiv<\/a> a zahrnuje podmi\u0148ovac\u00ed a rozkazovac\u00ed zp\u016fsoby. Osvojen\u00ed si pravidel \u010dasov\u00e1n\u00ed b\u011b\u017en\u00fdch sloves zlep\u0161\u00ed va\u0161i schopnost efektivn\u011b komunikovat v alb\u00e1n\u0161tin\u011b.<\/p>\n\n\n\n<h3 class=\"wp-block-heading\" id=\"h-5-adjectives-agreement-and-placement\">5. P\u0159\u00eddavn\u00e1 jm\u00e9na: Shoda a um\u00edst\u011bn\u00ed<\/h3>\n\n\n\n<p>V alb\u00e1nsk\u00e9 gramatice p\u0159\u00eddavn\u00e1 jm\u00e9na obvykle n\u00e1sleduj\u00ed za podstatn\u00fdm jm\u00e9nem, kter\u00e9 modifikuj\u00ed, a souhlas\u00ed s n\u00ed prost\u0159ednictv\u00edm spojovac\u00ed \u010d\u00e1stice, kter\u00e1 ukazuje rod a \u010d\u00edslo. N\u011bkter\u00e1 p\u0159\u00eddavn\u00e1 jm\u00e9na maj\u00ed nepravideln\u00e9 srovn\u00e1vac\u00ed a superlativn\u00ed vzory a stup\u0148ov\u00e1n\u00ed \u010dasto pou\u017e\u00edv\u00e1 m\u00eb plus p\u0159\u00eddavn\u00e9 jm\u00e9no, zat\u00edmco superlativy p\u0159id\u00e1vaj\u00ed souhlasn\u00fd \u010dlen. Masteringov\u00e1 dohoda a um\u00edst\u011bn\u00ed v\u00e1m pom\u016f\u017ee zn\u00edt p\u0159irozen\u011b.<\/p>\n\n\n\n<p><strong>P\u0159\u00edklady:<\/strong><\/p>\n\n\n\n<p><strong>\u2013 Dashuri e Madhe (Velk\u00e1 l\u00e1ska)<\/strong><\/p>\n\n\n\n<p><strong>\u2013 F\u00ebmij\u00eb t\u00eb vegj\u00ebl (Mal\u00e9 d\u011bti)<\/strong><\/p>\n\n\n\n<h3 class=\"wp-block-heading\" id=\"h-6-engaging-with-the-language\">6. Zapojen\u00ed do jazyka<\/h3>\n\n\n\n<p>Nej\u00fa\u010dinn\u011bj\u0161\u00edm zp\u016fsobem, jak pln\u011b porozum\u011bt a osvojit si alb\u00e1nskou gramatiku, je d\u016fsledn\u011b se zab\u00fdvat jazykem. \u010cten\u00edm alb\u00e1nsk\u00e9 literatury, sledov\u00e1n\u00edm alb\u00e1nsk\u00fdch film\u016f nebo televizn\u00edch seri\u00e1l\u016f, sledov\u00e1n\u00edm zpr\u00e1v a podcast\u016f a aktivn\u00ed komunikac\u00ed s rodil\u00fdmi mluv\u010d\u00edmi si pos\u00edl\u00edte porozum\u011bn\u00ed gramatice a z\u00e1rove\u0148 si roz\u0161\u00ed\u0159\u00edte slovn\u00ed z\u00e1sobu.<\/p>\n\n\n\n<h3 class=\"wp-block-heading\" id=\"h-conclusion\">Z\u00e1v\u011br<\/h3>\n\n\n\n<p>A\u010dkoli se alb\u00e1nsk\u00e1 gramatika m\u016f\u017ee zd\u00e1t slo\u017eit\u00e1, m\u016f\u017eete se v tomto kr\u00e1sn\u00e9m jazyce zdokonalit s odhodl\u00e1n\u00edm, prax\u00ed a nad\u0161en\u00edm. T\u00edm, \u017ee se zam\u011b\u0159\u00edte na z\u00e1kladn\u00ed pravidla a zapoj\u00edte se do jazyka v r\u016fzn\u00fdch kontextech, rychle zlep\u0161\u00edte sv\u00e9 znalosti alb\u00e1nsk\u00e9 <a href=\"https:\/\/talkpal.ai\/cs\/gramatika\/\">gramatiky<\/a>. Suksese se svou alb\u00e1nskou jazykovou cestou, a u\u017eijte si odhalov\u00e1n\u00ed expresivn\u00ed a podmaniv\u00fd sv\u011bt alb\u00e1nsk\u00e9 gramatiky.<\/p>\n<\/div><\/div>\n\r\n<section class=\"learnNavigationSection\">\r\n            \r\n        <a href=\"https:\/\/talkpal.ai\/cs\/naucte-se-albansky\/\">\r\n            <div class=\"learnNavigationWrapper\">\r\n                <div class=\"learnNavigationContent\">\r\n                    <img decoding=\"async\" src=\"https:\/\/talkpal.ai\/wp-content\/uploads\/2025\/11\/Albanian.png\" alt=\"Albanian Flag\">\r\n                    <div>\r\n                        <h4>O u\u010den\u00ed alb\u00e1n\u0161tiny<\/h4>\r\n                        <p>Zjisti v\u0161e o alb\u00e1nsk\u00e9 gramatice.<\/p>\r\n                    <\/div>\r\n                <\/div>\r\n            <\/div>\r\n        <\/a>\r\n\r\n        \r\n        <a href=\"https:\/\/talkpal.ai\/cs\/albanska-gramaticka-cviceni\/\">\r\n            <div class=\"learnNavigationWrapper\">\r\n                <div class=\"learnNavigationContent\">\r\n                    <img decoding=\"async\" src=\"https:\/\/talkpal.ai\/wp-content\/uploads\/2025\/11\/Albanian.png\" alt=\"Albanian Flag\">\r\n                    <div>\r\n                        <h4>Alb\u00e1nsk\u00e9 gramatick\u00e9 cvi\u010den\u00ed<\/h4>\r\n                        <p>Procvi\u010dujte alb\u00e1nskou gramatiku.<\/p>\r\n                    <\/div>\r\n                <\/div>\r\n            <\/div>\r\n        <\/a>\r\n\r\n            <\/section>","protected":false},"excerpt":{"rendered":"<p>Orientace ve spletitosti alb\u00e1nsk\u00e9 gramatiky Alb\u00e1n\u0161tina, indoevropsk\u00fd jazyk s v\u00fdraznou v\u011btv\u00ed a hlubok\u00fdmi kulturn\u00edmi ko\u0159eny, nab\u00edz\u00ed obohacuj\u00edc\u00ed cestu pro studenty, kter\u00e9 p\u0159itahuje jej\u00ed jedine\u010dn\u00e1 gramatika a zvukov\u00fd syst\u00e9m. P\u0159i pozn\u00e1v\u00e1n\u00ed alb\u00e1n\u0161tiny si roz\u0161\u00ed\u0159\u00edte sv\u00e9 jazykov\u00e9 vybaven\u00ed a z\u00e1rove\u0148 se spoj\u00edte s alb\u00e1nskou kulturou a \u0161ir\u0161\u00edm alb\u00e1nsky mluv\u00edc\u00edm sv\u011btem. Alb\u00e1nsk\u00e1 gramatika m\u016f\u017ee na prvn\u00ed pohled vypadat [&hellip;]<\/p>\n","protected":false},"author":20,"featured_media":0,"parent":0,"menu_order":0,"comment_status":"closed","ping_status":"closed","template":"LearningContentPage.php","meta":{"_acf_changed":false,"footnotes":""},"class_list":["post-1466918","page","type-page","status-publish","hentry"],"acf":[],"yoast_head":"<!-- This site is optimized with the Yoast SEO Premium plugin v27.2 (Yoast SEO v27.2) - https:\/\/yoast.com\/product\/yoast-seo-premium-wordpress\/ -->\n<title>Alb\u00e1nsk\u00e1 gramatika - Talkpal<\/title>\n<meta name=\"description\" content=\"Zvl\u00e1dn\u011bte z\u00e1klady alb\u00e1nsk\u00e9 gramatiky, v\u010detn\u011b p\u00e1d\u016f a sloves, pomoc\u00ed interaktivn\u00edho pr\u016fvodce v\u00fdukou jazyka s um\u011blou inteligenc\u00ed spole\u010dnosti Talkpal.\" \/>\n<meta name=\"robots\" content=\"index, follow, max-snippet:-1, max-image-preview:large, max-video-preview:-1\" \/>\n<link rel=\"canonical\" href=\"https:\/\/talkpal.ai\/cs\/albanska-gramatika\/\" \/>\n<meta property=\"og:locale\" content=\"cs_CZ\" \/>\n<meta property=\"og:type\" content=\"article\" \/>\n<meta property=\"og:title\" content=\"Alb\u00e1nsk\u00e1 gramatika\" \/>\n<meta property=\"og:description\" content=\"Orientace ve spletitosti alb\u00e1nsk\u00e9 gramatiky Alb\u00e1n\u0161tina, indoevropsk\u00fd jazyk s v\u00fdraznou v\u011btv\u00ed a hlubok\u00fdmi kulturn\u00edmi ko\u0159eny, nab\u00edz\u00ed obohacuj\u00edc\u00ed cestu pro\" \/>\n<meta property=\"og:url\" content=\"https:\/\/talkpal.ai\/cs\/albanska-gramatika\/\" \/>\n<meta property=\"og:site_name\" content=\"Talkpal\" \/>\n<meta property=\"article:publisher\" content=\"https:\/\/www.facebook.com\/profile.php?id=100090733639311\" \/>\n<meta property=\"article:modified_time\" content=\"2025-12-30T15:37:51+00:00\" \/>\n<meta property=\"og:image\" content=\"https:\/\/talkpal.ai\/wp-content\/uploads\/2025\/02\/Progress-tab-16_9.png\" \/>\n\t<meta property=\"og:image:width\" content=\"2880\" \/>\n\t<meta property=\"og:image:height\" content=\"1620\" \/>\n\t<meta property=\"og:image:type\" content=\"image\/png\" \/>\n<meta name=\"twitter:card\" content=\"summary_large_image\" \/>\n<meta name=\"twitter:site\" content=\"@talkpalai\" \/>\n<meta name=\"twitter:label1\" content=\"Odhadovan\u00e1 doba \u010dten\u00ed\" \/>\n\t<meta name=\"twitter:data1\" content=\"4 minuty\" \/>\n<script type=\"application\/ld+json\" class=\"yoast-schema-graph\">{\"@context\":\"https:\/\/schema.org\",\"@graph\":[{\"@type\":\"WebPage\",\"@id\":\"https:\/\/talkpal.ai\/cs\/albanska-gramatika\/\",\"url\":\"https:\/\/talkpal.ai\/cs\/albanska-gramatika\/\",\"name\":\"Alb\u00e1nsk\u00e1 gramatika - Talkpal\",\"isPartOf\":{\"@id\":\"https:\/\/talkpal.ai\/cs\/#website\"},\"datePublished\":\"2025-11-11T12:01:19+00:00\",\"dateModified\":\"2025-12-30T15:37:51+00:00\",\"description\":\"Zvl\u00e1dn\u011bte z\u00e1klady alb\u00e1nsk\u00e9 gramatiky, v\u010detn\u011b p\u00e1d\u016f a sloves, pomoc\u00ed interaktivn\u00edho pr\u016fvodce v\u00fdukou jazyka s um\u011blou inteligenc\u00ed spole\u010dnosti Talkpal.\",\"breadcrumb\":{\"@id\":\"https:\/\/talkpal.ai\/cs\/albanska-gramatika\/#breadcrumb\"},\"inLanguage\":\"cs\",\"potentialAction\":[{\"@type\":\"ReadAction\",\"target\":[\"https:\/\/talkpal.ai\/cs\/albanska-gramatika\/\"]}]},{\"@type\":\"BreadcrumbList\",\"@id\":\"https:\/\/talkpal.ai\/cs\/albanska-gramatika\/#breadcrumb\",\"itemListElement\":[{\"@type\":\"ListItem\",\"position\":1,\"name\":\"Homepage\",\"item\":\"https:\/\/talkpal.ai\/cs\/\"},{\"@type\":\"ListItem\",\"position\":2,\"name\":\"Alb\u00e1nsk\u00e1 gramatika\"}]},{\"@type\":\"WebSite\",\"@id\":\"https:\/\/talkpal.ai\/cs\/#website\",\"url\":\"https:\/\/talkpal.ai\/cs\/\",\"name\":\"Talkpal\",\"description\":\"AI Language Learning\",\"publisher\":{\"@id\":\"https:\/\/talkpal.ai\/cs\/#organization\"},\"alternateName\":\"Talkpal AI\",\"potentialAction\":[{\"@type\":\"SearchAction\",\"target\":{\"@type\":\"EntryPoint\",\"urlTemplate\":\"https:\/\/talkpal.ai\/cs\/?s={search_term_string}\"},\"query-input\":{\"@type\":\"PropertyValueSpecification\",\"valueRequired\":true,\"valueName\":\"search_term_string\"}}],\"inLanguage\":\"cs\"},{\"@type\":\"Organization\",\"@id\":\"https:\/\/talkpal.ai\/cs\/#organization\",\"name\":\"Talkpal, Inc.\",\"alternateName\":\"Talkpal AI\",\"url\":\"https:\/\/talkpal.ai\/cs\/\",\"logo\":{\"@type\":\"ImageObject\",\"inLanguage\":\"cs\",\"@id\":\"https:\/\/talkpal.ai\/cs\/#\/schema\/logo\/image\/\",\"url\":\"https:\/\/talkpal.ai\/wp-content\/uploads\/2024\/03\/Talkpal-Logo-Icon.png\",\"contentUrl\":\"https:\/\/talkpal.ai\/wp-content\/uploads\/2024\/03\/Talkpal-Logo-Icon.png\",\"width\":2880,\"height\":2880,\"caption\":\"Talkpal, Inc.\"},\"image\":{\"@id\":\"https:\/\/talkpal.ai\/cs\/#\/schema\/logo\/image\/\"},\"sameAs\":[\"https:\/\/www.facebook.com\/profile.php?id=100090733639311\",\"https:\/\/x.com\/talkpalai\",\"https:\/\/www.linkedin.com\/company\/talkpal\/\",\"https:\/\/www.youtube.com\/@TalkPal\/\",\"https:\/\/www.tiktok.com\/@talkpal\",\"https:\/\/www.instagram.com\/talkpal_ai\/\",\"https:\/\/www.crunchbase.com\/organization\/talkpal-9cde\",\"https:\/\/www.g2.com\/products\/talkpal-for-business\/\",\"https:\/\/www.trustpilot.com\/review\/talkpal.ai\",\"https:\/\/www.capterra.com\/p\/10006800\/TalkPal\/\"],\"description\":\"Talkpal is a language learning web and mobile education app, powered by the latest AI technologies, that provides engaging experiences to its customers in many different languages to help them improve their language skills. Users can chat about unlimited amount of topics with the app and use other modes to practice their language learning.\",\"email\":\"support@talkpal.ai\",\"legalName\":\"Talkpal, Inc.\",\"foundingDate\":\"2023-04-03\",\"duns\":\"118989042\",\"numberOfEmployees\":{\"@type\":\"QuantitativeValue\",\"minValue\":\"11\",\"maxValue\":\"50\"},\"publishingPrinciples\":\"https:\/\/talkpal.ai\/publishing-principles\/\",\"actionableFeedbackPolicy\":\"https:\/\/talkpal.ai\/actionable-feedback-policy\/\",\"correctionsPolicy\":\"https:\/\/talkpal.ai\/corrections-policy\/\",\"ethicsPolicy\":\"https:\/\/talkpal.ai\/ethics-policy\/\",\"diversityPolicy\":\"https:\/\/talkpal.ai\/diversity-policy\/\",\"diversityStaffingReport\":\"https:\/\/talkpal.ai\/diversity-policy\/\"}]}<\/script>\n<!-- \/ Yoast SEO Premium plugin. -->","yoast_head_json":{"title":"Alb\u00e1nsk\u00e1 gramatika - Talkpal","description":"Zvl\u00e1dn\u011bte z\u00e1klady alb\u00e1nsk\u00e9 gramatiky, v\u010detn\u011b p\u00e1d\u016f a sloves, pomoc\u00ed interaktivn\u00edho pr\u016fvodce v\u00fdukou jazyka s um\u011blou inteligenc\u00ed spole\u010dnosti Talkpal.","robots":{"index":"index","follow":"follow","max-snippet":"max-snippet:-1","max-image-preview":"max-image-preview:large","max-video-preview":"max-video-preview:-1"},"canonical":"https:\/\/talkpal.ai\/cs\/albanska-gramatika\/","og_locale":"cs_CZ","og_type":"article","og_title":"Alb\u00e1nsk\u00e1 gramatika","og_description":"Orientace ve spletitosti alb\u00e1nsk\u00e9 gramatiky Alb\u00e1n\u0161tina, indoevropsk\u00fd jazyk s v\u00fdraznou v\u011btv\u00ed a hlubok\u00fdmi kulturn\u00edmi ko\u0159eny, nab\u00edz\u00ed obohacuj\u00edc\u00ed cestu pro","og_url":"https:\/\/talkpal.ai\/cs\/albanska-gramatika\/","og_site_name":"Talkpal","article_publisher":"https:\/\/www.facebook.com\/profile.php?id=100090733639311","article_modified_time":"2025-12-30T15:37:51+00:00","og_image":[{"width":2880,"height":1620,"url":"https:\/\/talkpal.ai\/wp-content\/uploads\/2025\/02\/Progress-tab-16_9.png","type":"image\/png"}],"twitter_card":"summary_large_image","twitter_site":"@talkpalai","twitter_misc":{"Odhadovan\u00e1 doba \u010dten\u00ed":"4 minuty"},"schema":{"@context":"https:\/\/schema.org","@graph":[{"@type":"WebPage","@id":"https:\/\/talkpal.ai\/cs\/albanska-gramatika\/","url":"https:\/\/talkpal.ai\/cs\/albanska-gramatika\/","name":"Alb\u00e1nsk\u00e1 gramatika - Talkpal","isPartOf":{"@id":"https:\/\/talkpal.ai\/cs\/#website"},"datePublished":"2025-11-11T12:01:19+00:00","dateModified":"2025-12-30T15:37:51+00:00","description":"Zvl\u00e1dn\u011bte z\u00e1klady alb\u00e1nsk\u00e9 gramatiky, v\u010detn\u011b p\u00e1d\u016f a sloves, pomoc\u00ed interaktivn\u00edho pr\u016fvodce v\u00fdukou jazyka s um\u011blou inteligenc\u00ed spole\u010dnosti Talkpal.","breadcrumb":{"@id":"https:\/\/talkpal.ai\/cs\/albanska-gramatika\/#breadcrumb"},"inLanguage":"cs","potentialAction":[{"@type":"ReadAction","target":["https:\/\/talkpal.ai\/cs\/albanska-gramatika\/"]}]},{"@type":"BreadcrumbList","@id":"https:\/\/talkpal.ai\/cs\/albanska-gramatika\/#breadcrumb","itemListElement":[{"@type":"ListItem","position":1,"name":"Homepage","item":"https:\/\/talkpal.ai\/cs\/"},{"@type":"ListItem","position":2,"name":"Alb\u00e1nsk\u00e1 gramatika"}]},{"@type":"WebSite","@id":"https:\/\/talkpal.ai\/cs\/#website","url":"https:\/\/talkpal.ai\/cs\/","name":"Talkpal","description":"AI Language Learning","publisher":{"@id":"https:\/\/talkpal.ai\/cs\/#organization"},"alternateName":"Talkpal AI","potentialAction":[{"@type":"SearchAction","target":{"@type":"EntryPoint","urlTemplate":"https:\/\/talkpal.ai\/cs\/?s={search_term_string}"},"query-input":{"@type":"PropertyValueSpecification","valueRequired":true,"valueName":"search_term_string"}}],"inLanguage":"cs"},{"@type":"Organization","@id":"https:\/\/talkpal.ai\/cs\/#organization","name":"Talkpal, Inc.","alternateName":"Talkpal AI","url":"https:\/\/talkpal.ai\/cs\/","logo":{"@type":"ImageObject","inLanguage":"cs","@id":"https:\/\/talkpal.ai\/cs\/#\/schema\/logo\/image\/","url":"https:\/\/talkpal.ai\/wp-content\/uploads\/2024\/03\/Talkpal-Logo-Icon.png","contentUrl":"https:\/\/talkpal.ai\/wp-content\/uploads\/2024\/03\/Talkpal-Logo-Icon.png","width":2880,"height":2880,"caption":"Talkpal, Inc."},"image":{"@id":"https:\/\/talkpal.ai\/cs\/#\/schema\/logo\/image\/"},"sameAs":["https:\/\/www.facebook.com\/profile.php?id=100090733639311","https:\/\/x.com\/talkpalai","https:\/\/www.linkedin.com\/company\/talkpal\/","https:\/\/www.youtube.com\/@TalkPal\/","https:\/\/www.tiktok.com\/@talkpal","https:\/\/www.instagram.com\/talkpal_ai\/","https:\/\/www.crunchbase.com\/organization\/talkpal-9cde","https:\/\/www.g2.com\/products\/talkpal-for-business\/","https:\/\/www.trustpilot.com\/review\/talkpal.ai","https:\/\/www.capterra.com\/p\/10006800\/TalkPal\/"],"description":"Talkpal is a language learning web and mobile education app, powered by the latest AI technologies, that provides engaging experiences to its customers in many different languages to help them improve their language skills. Users can chat about unlimited amount of topics with the app and use other modes to practice their language learning.","email":"support@talkpal.ai","legalName":"Talkpal, Inc.","foundingDate":"2023-04-03","duns":"118989042","numberOfEmployees":{"@type":"QuantitativeValue","minValue":"11","maxValue":"50"},"publishingPrinciples":"https:\/\/talkpal.ai\/publishing-principles\/","actionableFeedbackPolicy":"https:\/\/talkpal.ai\/actionable-feedback-policy\/","correctionsPolicy":"https:\/\/talkpal.ai\/corrections-policy\/","ethicsPolicy":"https:\/\/talkpal.ai\/ethics-policy\/","diversityPolicy":"https:\/\/talkpal.ai\/diversity-policy\/","diversityStaffingReport":"https:\/\/talkpal.ai\/diversity-policy\/"}]}},"_links":{"self":[{"href":"https:\/\/talkpal.ai\/cs\/wp-json\/wp\/v2\/pages\/1466918","targetHints":{"allow":["GET"]}}],"collection":[{"href":"https:\/\/talkpal.ai\/cs\/wp-json\/wp\/v2\/pages"}],"about":[{"href":"https:\/\/talkpal.ai\/cs\/wp-json\/wp\/v2\/types\/page"}],"author":[{"embeddable":true,"href":"https:\/\/talkpal.ai\/cs\/wp-json\/wp\/v2\/users\/20"}],"replies":[{"embeddable":true,"href":"https:\/\/talkpal.ai\/cs\/wp-json\/wp\/v2\/comments?post=1466918"}],"version-history":[{"count":0,"href":"https:\/\/talkpal.ai\/cs\/wp-json\/wp\/v2\/pages\/1466918\/revisions"}],"wp:attachment":[{"href":"https:\/\/talkpal.ai\/cs\/wp-json\/wp\/v2\/media?parent=1466918"}],"curies":[{"name":"wp","href":"https:\/\/api.w.org\/{rel}","templated":true}]}}