{"id":1466828,"date":"2025-11-12T17:36:06","date_gmt":"2025-11-12T17:36:06","guid":{"rendered":"https:\/\/talkpal.ai\/gramaticka-cviceni-zulu\/"},"modified":"2025-12-30T13:25:43","modified_gmt":"2025-12-30T13:25:43","slug":"gramaticka-cviceni-zulu","status":"publish","type":"page","link":"https:\/\/talkpal.ai\/cs\/gramaticka-cviceni-zulu\/","title":{"rendered":"Gramatick\u00e1 cvi\u010den\u00ed Zulu"},"content":{"rendered":"\r\n\r\n\r\n<section class=\"languageChallengeSection\">\r\n    <div class=\"languageInfoWrapper\">\r\n        \r\n        <h1>Gramatick\u00e1 cvi\u010den\u00ed Zulu<\/h1>\r\n        <p>Jste p\u0159ipraveni pono\u0159it se do gramatiky <a href=\"https:\/\/talkpal.ai\/learn-zulu\/\">Zulu<\/a>? Procvi\u010den\u00ed n\u011bkolika z\u00e1klad\u016f v\u00e1m pom\u016f\u017ee se s t\u00edmto jedine\u010dn\u00fdm a kr\u00e1sn\u00fdm jazykem s\u017e\u00edt. Vyzkou\u0161ejte tato cvi\u010den\u00ed, abyste si pos\u00edlili sebev\u011bdom\u00ed a pobavili se u toho!<\/p>\r\n\r\n                            <a class=\"getStartedHidden\" href=\"https:\/\/app.talkpal.ai\/cs\/signup?lng=\">Za\u010dni<\/a>\r\n        \r\n    <\/div>\r\n\r\n    <figure>\r\n    <img decoding=\"async\" width=\"768\" height=\"768\" src=\"https:\/\/talkpal.ai\/wp-content\/uploads\/2023\/06\/welsh-768x768.png\" class=\"languageImage no-lazy\" alt=\"Language learning for better cognitive abilities\" fetchpriority=\"high\" sizes=\"(max-width: 768px) 150px, 768px\" srcset=\"https:\/\/talkpal.ai\/wp-content\/uploads\/2023\/06\/welsh-768x768.png 768w, https:\/\/talkpal.ai\/wp-content\/uploads\/2023\/06\/welsh-300x300.png 300w\" \/>\r\n    \r\n\r\n    <\/figure>\r\n\r\n            <a class=\"getStartedVisible\" href=\"https:\/\/app.talkpal.ai\/cs\/signup?lng=\">Za\u010dni<\/a>\r\n    \r\n<\/section><section class=\"promotionalBanner\">\r\n    <p class=\"promotionalText\">Nejefektivn\u011bj\u0161\u00ed <a href=\"https:\/\/talkpal.ai\/best-way-to-learn\/\">zp\u016fsob<\/a>, jak se nau\u010dit jazyk<\/p>\r\n    <a class=\"promotionalLink\" href=\"https:\/\/app.talkpal.ai\/cs\/signup?lng=\">Vyzkou\u0161ejte Talkpal zdarma<\/a>\r\n<\/section>\n<div class=\"wp-block-group pageContainerStyle\"><div class=\"wp-block-group__inner-container is-layout-constrained wp-block-group-is-layout-constrained\">\n<h2 class=\"wp-block-heading\" id=\"h-zulu-grammar-topics\">T\u00e9mata gramatiky Zulu<\/h2>\n\n\n\n<p><a href=\"https:\/\/talkpal.ai\/cs\/nejvetsi-chyby-kterych-je-treba-se-vyvarovat-pri-uceni-noveho-jazyka\/\">Nau\u010dit se nov\u00fd jazyk<\/a> m\u016f\u017ee b\u00fdt n\u00e1ro\u010dn\u00e9, ale obohacuj\u00edc\u00ed \u00fasil\u00ed. Zulu, bantusk\u00fd jazyk, kter\u00fdm se mluv\u00ed hlavn\u011b v Ji\u017en\u00ed Africe, nen\u00ed v\u00fdjimkou. <a href=\"https:\/\/talkpal.ai\/cs\/talkpal-pro-vzdelavani\/\">U\u010den\u00ed<\/a> zulu se sv\u00fdmi jedine\u010dn\u00fdmi vlastnostmi a strukturami vy\u017eaduje systematick\u00fd p\u0159\u00edstup k pochopen\u00ed jeho bohat\u00e9, aglutina\u010dn\u00ed gramatiky. Tato p\u0159\u00edru\u010dka nasti\u0148uje kl\u00ed\u010dov\u00e9 oblasti <a href=\"https:\/\/talkpal.ai\/cs\/zulu-gramatika\/\">zulusk\u00e9 gramatiky<\/a> v logick\u00e9m po\u0159ad\u00ed pro <a href=\"https:\/\/talkpal.ai\/cs\/talkpal-pro-vzdelavani\/\">v\u00fduku jazyk\u016f<\/a>, po\u010d\u00ednaje z\u00e1klady, jako jsou podstatn\u00e1 jm\u00e9na a \u010dleny, a pokra\u010duje slo\u017eit\u011bj\u0161\u00edmi oblastmi, jako jsou \u010dasy a stavba v\u011bt.<\/p>\n\n\n\n<h3 class=\"wp-block-heading\" id=\"h-1-nouns\">1. Podstatn\u00e1 jm\u00e9na:<\/h3>\n\n\n\n<p>Za\u010dn\u011bte svou jazykovou cestu zulu t\u00edm, \u017ee se nau\u010d\u00edte podstatn\u00e1 jm\u00e9na. To zahrnuje pochopen\u00ed syst\u00e9mu t\u0159\u00edd podstatn\u00fdch jmen s jejich p\u0159edponami, jak funguje shoda ve v\u011bt\u011b a jak se vytv\u00e1\u0159ej\u00ed tvary mno\u017en\u00e9ho \u010d\u00edsla zm\u011bnou p\u0159edpony t\u0159\u00eddy podstatn\u00fdch jmen.<\/p>\n\n\n\n<h3 class=\"wp-block-heading\" id=\"h-2-articles\">2. \u010cl\u00e1nky:<\/h3>\n\n\n\n<p>Zulu nepou\u017e\u00edv\u00e1 ur\u010dit\u00e9 nebo neur\u010dit\u00e9 \u010dleny jako <a href=\"https:\/\/talkpal.ai\/ai-english-speaking-practice\/\">angli\u010dtina<\/a> . Ur\u010ditost je obvykle ur\u010dena kontextem, slovosledem nebo ukazovac\u00edmi z\u00e1jmeny. Nau\u010dit se spr\u00e1vn\u011b pou\u017e\u00edvat ukazovac\u00ed z\u00e1jmena je p\u0159i stavb\u011b v\u011bt z\u00e1sadn\u00ed.<\/p>\n\n\n\n<h3 class=\"wp-block-heading\" id=\"h-3-adjectives\">3. P\u0159\u00eddavn\u00e1 jm\u00e9na:<\/h3>\n\n\n\n<p>P\u0159\u00eddavn\u00e1 jm\u00e9na v zulu obvykle n\u00e1sleduj\u00ed za sv\u00fdmi podstatn\u00fdmi jm\u00e9ny a mus\u00ed souhlasit se t\u0159\u00eddou podstatn\u00fdch jmen prost\u0159ednictv\u00edm p\u0159\u00eddavn\u00fdch jmen. Budete se tak\u00e9 muset nau\u010dit tvo\u0159it komparativy a superlativy, \u010dasto pomoc\u00ed konstrukc\u00ed s v\u00fdznamem slovesa p\u0159ekonat nebo \u010d\u00e1stice pro than a intenzifik\u00e1tor\u016f jako kakhulu.<\/p>\n\n\n\n<h3 class=\"wp-block-heading\" id=\"h-4-pronouns-determiners\">4. Z\u00e1jmena\/determinanty:<\/h3>\n\n\n\n<p>Z\u00e1jmena a determinanty jsou v Zulu z\u00e1sadn\u00ed; Pat\u0159\u00ed mezi n\u011b nez\u00e1visl\u00e1 z\u00e1jmena, podm\u011btov\u00e9 a p\u0159edm\u011btn\u00e9 shody na slovesu, p\u0159ivlast\u0148ovac\u00ed z\u00e1jmena vytvo\u0159en\u00e1 pomoc\u00ed p\u0159ivlast\u0148ovac\u00edch shod zalo\u017een\u00fdch na t\u0159\u00edd\u011b, ukazovac\u00ed z\u00e1jmena a kvantifik\u00e1tory. Jejich spr\u00e1vn\u00e1, t\u0159\u00eddn\u00ed shoda je nezbytn\u00e1 pro efektivn\u00ed komunikaci.<\/p>\n\n\n\n<h3 class=\"wp-block-heading\" id=\"h-5-verbs\">5. Slovesa:<\/h3>\n\n\n\n<p>Zulusk\u00e1 slovesa m\u011bn\u00ed tvar pomoc\u00ed p\u0159edpon a p\u0159\u00edpon, kter\u00e9 ozna\u010duj\u00ed podm\u011bt, p\u0159edm\u011bt, \u010das, aspekt a n\u00e1ladu. Za\u010dn\u011bte s p\u0159\u00edtomn\u00fdmi formami, pot\u00e9 prozkoumejte minulost a budoucnost spolu s b\u011b\u017en\u00fdmi roz\u0161\u00ed\u0159en\u00edmi, jako je kauzativn\u00ed, aplika\u010dn\u00ed a pasivn\u00ed.<\/p>\n\n\n\n<h3 class=\"wp-block-heading\" id=\"h-6-tenses\">6. \u010casy:<\/h3>\n\n\n\n<p>Po zvl\u00e1dnut\u00ed slovesn\u00e9 struktury se pono\u0159te hloub\u011bji do zulsk\u00fdch \u010das\u016f. To zahrnuje pochopen\u00ed p\u0159\u00edtomnosti, ned\u00e1vn\u00e9 minulosti, vzd\u00e1len\u00e9 minulosti a budoucnosti, stejn\u011b jako dokonav\u00fdch forem a toho, jak aspekt interaguje s \u010dasem v r\u016fzn\u00fdch kontextech.<\/p>\n\n\n\n<h3 class=\"wp-block-heading\" id=\"h-7-tense-comparison\">7. Srovn\u00e1n\u00ed \u010das\u016f:<\/h3>\n\n\n\n<p>Porovn\u00e1v\u00e1n\u00ed \u010das\u016f v zulu pom\u00e1h\u00e1 pochopit posloupnost a nuance. Porovnejte p\u0159\u00edtomn\u00fd, dokonav\u00fd, ned\u00e1vn\u00fd, vzd\u00e1len\u00fd minul\u00fd a budouc\u00ed tvary stejn\u00e9ho slovesa, abyste z\u00edskali jasn\u011bj\u0161\u00ed p\u0159edstavu o \u010dase a vidu.<\/p>\n\n\n\n<h3 class=\"wp-block-heading\" id=\"h-8-progressive\">8. Progresivn\u00ed:<\/h3>\n\n\n\n<p>Progresivn\u00ed je v zulu vyj\u00e1d\u0159eno v p\u0159\u00edtomn\u00e9m \u010dase pomoc\u00ed zna\u010dky -ya- za shodou podm\u011btu a pomoc\u00ed vidov\u00fdch zna\u010dek, jako je -sa still a se already. Zulu pro tento \u00fa\u010del nepou\u017e\u00edv\u00e1 pomocn\u00e9 sloveso.<\/p>\n\n\n\n<h3 class=\"wp-block-heading\" id=\"h-9-perfect-progressive\">9. Perfektn\u00ed progresivn\u00ed:<\/h3>\n\n\n\n<p>Tento v\u00fdznam je vyj\u00e1d\u0159en pomocn\u00fdm be v kombinaci s progresivn\u00edm, \u010dasto ozna\u010duj\u00edc\u00edm d\u011bj prob\u00edhaj\u00edc\u00ed a\u017e do ur\u010dit\u00e9ho bodu. Zulu b\u011b\u017en\u011b pou\u017e\u00edv\u00e1 b\u00fdt s vidov\u00fdmi zna\u010dkami nebo p\u0159\u00edslovci kontinuity sd\u011blit have been d\u011bl\u00e1.<\/p>\n\n\n\n<h3 class=\"wp-block-heading\" id=\"h-10-conditionals\">10. Kondicion\u00e1ly:<\/h3>\n\n\n\n<p>Podmi\u0148ovac\u00ed zp\u016fsob vyjad\u0159uje hypotetick\u00e9 situace a jejich mo\u017en\u00e9 v\u00fdsledky. V zulu se tvo\u0159\u00ed pomoc\u00ed podm\u00edn\u011bn\u00fdch zna\u010dek n\u00e1lady a spojek, jako je uma if, s vhodn\u00fdmi slovesn\u00fdmi tvary pro re\u00e1ln\u00e9 a kontrafaktu\u00e1ln\u00ed podm\u00ednky.<\/p>\n\n\n\n<h3 class=\"wp-block-heading\" id=\"h-11-adverbs\">11. P\u0159\u00edslovce:<\/h3>\n\n\n\n<p>P\u0159\u00edslovce v zulu\u0161tin\u011b modifikuj\u00ed slovesa, p\u0159\u00eddavn\u00e1 jm\u00e9na nebo jin\u00e1 p\u0159\u00edslovce. Pat\u0159\u00ed mezi n\u011b p\u0159\u00edslove\u010dn\u00e9 ur\u010den\u00ed, ideofony a slova s \u010dasem nebo zp\u016fsobem a mnoho p\u0159\u00edslove\u010dn\u00fdch ur\u010den\u00ed je tak\u00e9 vyj\u00e1d\u0159eno prost\u0159ednictv\u00edm lokativn\u00edch tvar\u016f a fr\u00e1z\u00ed.<\/p>\n\n\n\n<h3 class=\"wp-block-heading\" id=\"h-12-prepositions\">12. P\u0159edlo\u017eky:<\/h3>\n\n\n\n<p>Vztahy \u010dasu, m\u00edsta a zp\u016fsobu jsou \u010dasto vyj\u00e1d\u0159eny prost\u0159ednictv\u00edm lokativn\u00edch tvar\u016f podstatn\u00fdch jmen a p\u0159edlo\u017ekov\u00fdch p\u0159edpon, jako jsou ku, e, na a nga, spolu s jejich vzorci shody.<\/p>\n\n\n\n<h3 class=\"wp-block-heading\" id=\"h-13-sentences\">13. V\u011bty:<\/h3>\n\n\n\n<p>Nakonec si procvi\u010dte vytv\u00e1\u0159en\u00ed v\u011bt. To bude zahrnovat pou\u017eit\u00ed v\u0161ech d\u0159\u00edve nau\u010den\u00fdch gramatick\u00fdch bod\u016f v kontextu, v\u010detn\u011b po\u0159ad\u00ed p\u0159edm\u011btn\u00fdch sloves podm\u011btu, shody mezi t\u0159\u00eddami podstatn\u00fdch jmen, nega\u010dn\u00edch vzorc\u016f a tvo\u0159en\u00ed ot\u00e1zek, \u010d\u00edm\u017e je zaji\u0161t\u011bno komplexn\u00ed porozum\u011bn\u00ed jazyku Zulu.<\/p>\n<\/div><\/div>\n\r\n<section class=\"learnNavigationSection\">\r\n            \r\n        <a href=\"https:\/\/talkpal.ai\/cs\/naucte-se-zulu\/\">\r\n            <div class=\"learnNavigationWrapper\">\r\n                <div class=\"learnNavigationContent\">\r\n                    <img decoding=\"async\" src=\"https:\/\/talkpal.ai\/wp-content\/uploads\/2025\/11\/Zulu.png\" alt=\"South African Flag\">\r\n                    <div>\r\n                        <h4>O spole\u010dnosti Zulu Learning<\/h4>\r\n                        <p>Zjist\u011bte v\u0161e o Zulu Grammar.<\/p>\r\n                    <\/div>\r\n                <\/div>\r\n            <\/div>\r\n        <\/a>\r\n\r\n        \r\n        <a href=\"https:\/\/talkpal.ai\/cs\/zulu-gramatika\/\">\r\n            <div class=\"learnNavigationWrapper\">\r\n                <div class=\"learnNavigationContent\">\r\n                    <img decoding=\"async\" src=\"https:\/\/talkpal.ai\/wp-content\/uploads\/2025\/11\/Zulu.png\" alt=\"South African Flag\">\r\n                    <div>\r\n                        <h4>Lekce gramatiky Zulu<\/h4>\r\n                        <p>Procvi\u010dte si zuluskou gramatiku.<\/p>\r\n                    <\/div>\r\n                <\/div>\r\n            <\/div>\r\n        <\/a>\r\n\r\n            <\/section>","protected":false},"excerpt":{"rendered":"<p>T\u00e9mata gramatiky Zulu Nau\u010dit se nov\u00fd jazyk m\u016f\u017ee b\u00fdt n\u00e1ro\u010dn\u00e9, ale obohacuj\u00edc\u00ed \u00fasil\u00ed. Zulu, bantusk\u00fd jazyk, kter\u00fdm se mluv\u00ed hlavn\u011b v Ji\u017en\u00ed Africe, nen\u00ed v\u00fdjimkou. U\u010den\u00ed zulu se sv\u00fdmi jedine\u010dn\u00fdmi vlastnostmi a strukturami vy\u017eaduje systematick\u00fd p\u0159\u00edstup k pochopen\u00ed jeho bohat\u00e9, aglutina\u010dn\u00ed gramatiky. Tato p\u0159\u00edru\u010dka nasti\u0148uje kl\u00ed\u010dov\u00e9 oblasti zulusk\u00e9 gramatiky v logick\u00e9m po\u0159ad\u00ed pro v\u00fduku jazyk\u016f, [&hellip;]<\/p>\n","protected":false},"author":20,"featured_media":0,"parent":0,"menu_order":0,"comment_status":"closed","ping_status":"closed","template":"LearningContentPage.php","meta":{"_acf_changed":false,"footnotes":""},"class_list":["post-1466828","page","type-page","status-publish","hentry"],"acf":[],"yoast_head":"<!-- This site is optimized with the Yoast SEO Premium plugin v27.2 (Yoast SEO v27.2) - https:\/\/yoast.com\/product\/yoast-seo-premium-wordpress\/ -->\n<title>Gramatick\u00e1 cvi\u010den\u00ed Zulu - Talkpal<\/title>\n<meta name=\"description\" content=\"Osvojte si zuluskou gramatiku pomoc\u00ed interaktivn\u00edch cvi\u010den\u00ed zahrnuj\u00edc\u00edch podstatn\u00e1 jm\u00e9na, slovesa a \u010dasy, abyste si upevnili svou plynulost a jistotu.\" \/>\n<meta name=\"robots\" content=\"index, follow, max-snippet:-1, max-image-preview:large, max-video-preview:-1\" \/>\n<link rel=\"canonical\" href=\"https:\/\/talkpal.ai\/cs\/gramaticka-cviceni-zulu\/\" \/>\n<meta property=\"og:locale\" content=\"cs_CZ\" \/>\n<meta property=\"og:type\" content=\"article\" \/>\n<meta property=\"og:title\" content=\"Gramatick\u00e1 cvi\u010den\u00ed Zulu\" \/>\n<meta property=\"og:description\" content=\"T\u00e9mata gramatiky Zulu Nau\u010dit se nov\u00fd jazyk m\u016f\u017ee b\u00fdt n\u00e1ro\u010dn\u00e9, ale obohacuj\u00edc\u00ed \u00fasil\u00ed. Zulu, bantusk\u00fd jazyk, kter\u00fdm se mluv\u00ed hlavn\u011b v Ji\u017en\u00ed Africe, nen\u00ed\" \/>\n<meta property=\"og:url\" content=\"https:\/\/talkpal.ai\/cs\/gramaticka-cviceni-zulu\/\" \/>\n<meta property=\"og:site_name\" content=\"Talkpal\" \/>\n<meta property=\"article:publisher\" content=\"https:\/\/www.facebook.com\/profile.php?id=100090733639311\" \/>\n<meta property=\"article:modified_time\" content=\"2025-12-30T13:25:43+00:00\" \/>\n<meta property=\"og:image\" content=\"https:\/\/talkpal.ai\/wp-content\/uploads\/2025\/02\/Progress-tab-16_9.png\" \/>\n\t<meta property=\"og:image:width\" content=\"2880\" \/>\n\t<meta property=\"og:image:height\" content=\"1620\" \/>\n\t<meta property=\"og:image:type\" content=\"image\/png\" \/>\n<meta name=\"twitter:card\" content=\"summary_large_image\" \/>\n<meta name=\"twitter:site\" content=\"@talkpalai\" \/>\n<meta name=\"twitter:label1\" content=\"Odhadovan\u00e1 doba \u010dten\u00ed\" \/>\n\t<meta name=\"twitter:data1\" content=\"4 minuty\" \/>\n<script type=\"application\/ld+json\" class=\"yoast-schema-graph\">{\"@context\":\"https:\/\/schema.org\",\"@graph\":[{\"@type\":\"WebPage\",\"@id\":\"https:\/\/talkpal.ai\/cs\/gramaticka-cviceni-zulu\/\",\"url\":\"https:\/\/talkpal.ai\/cs\/gramaticka-cviceni-zulu\/\",\"name\":\"Gramatick\u00e1 cvi\u010den\u00ed Zulu - Talkpal\",\"isPartOf\":{\"@id\":\"https:\/\/talkpal.ai\/cs\/#website\"},\"datePublished\":\"2025-11-12T17:36:06+00:00\",\"dateModified\":\"2025-12-30T13:25:43+00:00\",\"description\":\"Osvojte si zuluskou gramatiku pomoc\u00ed interaktivn\u00edch cvi\u010den\u00ed zahrnuj\u00edc\u00edch podstatn\u00e1 jm\u00e9na, slovesa a \u010dasy, abyste si upevnili svou plynulost a jistotu.\",\"breadcrumb\":{\"@id\":\"https:\/\/talkpal.ai\/cs\/gramaticka-cviceni-zulu\/#breadcrumb\"},\"inLanguage\":\"cs\",\"potentialAction\":[{\"@type\":\"ReadAction\",\"target\":[\"https:\/\/talkpal.ai\/cs\/gramaticka-cviceni-zulu\/\"]}]},{\"@type\":\"BreadcrumbList\",\"@id\":\"https:\/\/talkpal.ai\/cs\/gramaticka-cviceni-zulu\/#breadcrumb\",\"itemListElement\":[{\"@type\":\"ListItem\",\"position\":1,\"name\":\"Homepage\",\"item\":\"https:\/\/talkpal.ai\/cs\/\"},{\"@type\":\"ListItem\",\"position\":2,\"name\":\"Gramatick\u00e1 cvi\u010den\u00ed Zulu\"}]},{\"@type\":\"WebSite\",\"@id\":\"https:\/\/talkpal.ai\/cs\/#website\",\"url\":\"https:\/\/talkpal.ai\/cs\/\",\"name\":\"Talkpal\",\"description\":\"AI Language Learning\",\"publisher\":{\"@id\":\"https:\/\/talkpal.ai\/cs\/#organization\"},\"alternateName\":\"Talkpal AI\",\"potentialAction\":[{\"@type\":\"SearchAction\",\"target\":{\"@type\":\"EntryPoint\",\"urlTemplate\":\"https:\/\/talkpal.ai\/cs\/?s={search_term_string}\"},\"query-input\":{\"@type\":\"PropertyValueSpecification\",\"valueRequired\":true,\"valueName\":\"search_term_string\"}}],\"inLanguage\":\"cs\"},{\"@type\":\"Organization\",\"@id\":\"https:\/\/talkpal.ai\/cs\/#organization\",\"name\":\"Talkpal, Inc.\",\"alternateName\":\"Talkpal AI\",\"url\":\"https:\/\/talkpal.ai\/cs\/\",\"logo\":{\"@type\":\"ImageObject\",\"inLanguage\":\"cs\",\"@id\":\"https:\/\/talkpal.ai\/cs\/#\/schema\/logo\/image\/\",\"url\":\"https:\/\/talkpal.ai\/wp-content\/uploads\/2024\/03\/Talkpal-Logo-Icon.png\",\"contentUrl\":\"https:\/\/talkpal.ai\/wp-content\/uploads\/2024\/03\/Talkpal-Logo-Icon.png\",\"width\":2880,\"height\":2880,\"caption\":\"Talkpal, Inc.\"},\"image\":{\"@id\":\"https:\/\/talkpal.ai\/cs\/#\/schema\/logo\/image\/\"},\"sameAs\":[\"https:\/\/www.facebook.com\/profile.php?id=100090733639311\",\"https:\/\/x.com\/talkpalai\",\"https:\/\/www.linkedin.com\/company\/talkpal\/\",\"https:\/\/www.youtube.com\/@TalkPal\/\",\"https:\/\/www.tiktok.com\/@talkpal\",\"https:\/\/www.instagram.com\/talkpal_ai\/\",\"https:\/\/www.crunchbase.com\/organization\/talkpal-9cde\",\"https:\/\/www.g2.com\/products\/talkpal-for-business\/\",\"https:\/\/www.trustpilot.com\/review\/talkpal.ai\",\"https:\/\/www.capterra.com\/p\/10006800\/TalkPal\/\"],\"description\":\"Talkpal is a language learning web and mobile education app, powered by the latest AI technologies, that provides engaging experiences to its customers in many different languages to help them improve their language skills. Users can chat about unlimited amount of topics with the app and use other modes to practice their language learning.\",\"email\":\"support@talkpal.ai\",\"legalName\":\"Talkpal, Inc.\",\"foundingDate\":\"2023-04-03\",\"duns\":\"118989042\",\"numberOfEmployees\":{\"@type\":\"QuantitativeValue\",\"minValue\":\"11\",\"maxValue\":\"50\"},\"publishingPrinciples\":\"https:\/\/talkpal.ai\/publishing-principles\/\",\"actionableFeedbackPolicy\":\"https:\/\/talkpal.ai\/actionable-feedback-policy\/\",\"correctionsPolicy\":\"https:\/\/talkpal.ai\/corrections-policy\/\",\"ethicsPolicy\":\"https:\/\/talkpal.ai\/ethics-policy\/\",\"diversityPolicy\":\"https:\/\/talkpal.ai\/diversity-policy\/\",\"diversityStaffingReport\":\"https:\/\/talkpal.ai\/diversity-policy\/\"}]}<\/script>\n<!-- \/ Yoast SEO Premium plugin. -->","yoast_head_json":{"title":"Gramatick\u00e1 cvi\u010den\u00ed Zulu - Talkpal","description":"Osvojte si zuluskou gramatiku pomoc\u00ed interaktivn\u00edch cvi\u010den\u00ed zahrnuj\u00edc\u00edch podstatn\u00e1 jm\u00e9na, slovesa a \u010dasy, abyste si upevnili svou plynulost a jistotu.","robots":{"index":"index","follow":"follow","max-snippet":"max-snippet:-1","max-image-preview":"max-image-preview:large","max-video-preview":"max-video-preview:-1"},"canonical":"https:\/\/talkpal.ai\/cs\/gramaticka-cviceni-zulu\/","og_locale":"cs_CZ","og_type":"article","og_title":"Gramatick\u00e1 cvi\u010den\u00ed Zulu","og_description":"T\u00e9mata gramatiky Zulu Nau\u010dit se nov\u00fd jazyk m\u016f\u017ee b\u00fdt n\u00e1ro\u010dn\u00e9, ale obohacuj\u00edc\u00ed \u00fasil\u00ed. Zulu, bantusk\u00fd jazyk, kter\u00fdm se mluv\u00ed hlavn\u011b v Ji\u017en\u00ed Africe, nen\u00ed","og_url":"https:\/\/talkpal.ai\/cs\/gramaticka-cviceni-zulu\/","og_site_name":"Talkpal","article_publisher":"https:\/\/www.facebook.com\/profile.php?id=100090733639311","article_modified_time":"2025-12-30T13:25:43+00:00","og_image":[{"width":2880,"height":1620,"url":"https:\/\/talkpal.ai\/wp-content\/uploads\/2025\/02\/Progress-tab-16_9.png","type":"image\/png"}],"twitter_card":"summary_large_image","twitter_site":"@talkpalai","twitter_misc":{"Odhadovan\u00e1 doba \u010dten\u00ed":"4 minuty"},"schema":{"@context":"https:\/\/schema.org","@graph":[{"@type":"WebPage","@id":"https:\/\/talkpal.ai\/cs\/gramaticka-cviceni-zulu\/","url":"https:\/\/talkpal.ai\/cs\/gramaticka-cviceni-zulu\/","name":"Gramatick\u00e1 cvi\u010den\u00ed Zulu - Talkpal","isPartOf":{"@id":"https:\/\/talkpal.ai\/cs\/#website"},"datePublished":"2025-11-12T17:36:06+00:00","dateModified":"2025-12-30T13:25:43+00:00","description":"Osvojte si zuluskou gramatiku pomoc\u00ed interaktivn\u00edch cvi\u010den\u00ed zahrnuj\u00edc\u00edch podstatn\u00e1 jm\u00e9na, slovesa a \u010dasy, abyste si upevnili svou plynulost a jistotu.","breadcrumb":{"@id":"https:\/\/talkpal.ai\/cs\/gramaticka-cviceni-zulu\/#breadcrumb"},"inLanguage":"cs","potentialAction":[{"@type":"ReadAction","target":["https:\/\/talkpal.ai\/cs\/gramaticka-cviceni-zulu\/"]}]},{"@type":"BreadcrumbList","@id":"https:\/\/talkpal.ai\/cs\/gramaticka-cviceni-zulu\/#breadcrumb","itemListElement":[{"@type":"ListItem","position":1,"name":"Homepage","item":"https:\/\/talkpal.ai\/cs\/"},{"@type":"ListItem","position":2,"name":"Gramatick\u00e1 cvi\u010den\u00ed Zulu"}]},{"@type":"WebSite","@id":"https:\/\/talkpal.ai\/cs\/#website","url":"https:\/\/talkpal.ai\/cs\/","name":"Talkpal","description":"AI Language Learning","publisher":{"@id":"https:\/\/talkpal.ai\/cs\/#organization"},"alternateName":"Talkpal AI","potentialAction":[{"@type":"SearchAction","target":{"@type":"EntryPoint","urlTemplate":"https:\/\/talkpal.ai\/cs\/?s={search_term_string}"},"query-input":{"@type":"PropertyValueSpecification","valueRequired":true,"valueName":"search_term_string"}}],"inLanguage":"cs"},{"@type":"Organization","@id":"https:\/\/talkpal.ai\/cs\/#organization","name":"Talkpal, Inc.","alternateName":"Talkpal AI","url":"https:\/\/talkpal.ai\/cs\/","logo":{"@type":"ImageObject","inLanguage":"cs","@id":"https:\/\/talkpal.ai\/cs\/#\/schema\/logo\/image\/","url":"https:\/\/talkpal.ai\/wp-content\/uploads\/2024\/03\/Talkpal-Logo-Icon.png","contentUrl":"https:\/\/talkpal.ai\/wp-content\/uploads\/2024\/03\/Talkpal-Logo-Icon.png","width":2880,"height":2880,"caption":"Talkpal, Inc."},"image":{"@id":"https:\/\/talkpal.ai\/cs\/#\/schema\/logo\/image\/"},"sameAs":["https:\/\/www.facebook.com\/profile.php?id=100090733639311","https:\/\/x.com\/talkpalai","https:\/\/www.linkedin.com\/company\/talkpal\/","https:\/\/www.youtube.com\/@TalkPal\/","https:\/\/www.tiktok.com\/@talkpal","https:\/\/www.instagram.com\/talkpal_ai\/","https:\/\/www.crunchbase.com\/organization\/talkpal-9cde","https:\/\/www.g2.com\/products\/talkpal-for-business\/","https:\/\/www.trustpilot.com\/review\/talkpal.ai","https:\/\/www.capterra.com\/p\/10006800\/TalkPal\/"],"description":"Talkpal is a language learning web and mobile education app, powered by the latest AI technologies, that provides engaging experiences to its customers in many different languages to help them improve their language skills. Users can chat about unlimited amount of topics with the app and use other modes to practice their language learning.","email":"support@talkpal.ai","legalName":"Talkpal, Inc.","foundingDate":"2023-04-03","duns":"118989042","numberOfEmployees":{"@type":"QuantitativeValue","minValue":"11","maxValue":"50"},"publishingPrinciples":"https:\/\/talkpal.ai\/publishing-principles\/","actionableFeedbackPolicy":"https:\/\/talkpal.ai\/actionable-feedback-policy\/","correctionsPolicy":"https:\/\/talkpal.ai\/corrections-policy\/","ethicsPolicy":"https:\/\/talkpal.ai\/ethics-policy\/","diversityPolicy":"https:\/\/talkpal.ai\/diversity-policy\/","diversityStaffingReport":"https:\/\/talkpal.ai\/diversity-policy\/"}]}},"_links":{"self":[{"href":"https:\/\/talkpal.ai\/cs\/wp-json\/wp\/v2\/pages\/1466828","targetHints":{"allow":["GET"]}}],"collection":[{"href":"https:\/\/talkpal.ai\/cs\/wp-json\/wp\/v2\/pages"}],"about":[{"href":"https:\/\/talkpal.ai\/cs\/wp-json\/wp\/v2\/types\/page"}],"author":[{"embeddable":true,"href":"https:\/\/talkpal.ai\/cs\/wp-json\/wp\/v2\/users\/20"}],"replies":[{"embeddable":true,"href":"https:\/\/talkpal.ai\/cs\/wp-json\/wp\/v2\/comments?post=1466828"}],"version-history":[{"count":0,"href":"https:\/\/talkpal.ai\/cs\/wp-json\/wp\/v2\/pages\/1466828\/revisions"}],"wp:attachment":[{"href":"https:\/\/talkpal.ai\/cs\/wp-json\/wp\/v2\/media?parent=1466828"}],"curies":[{"name":"wp","href":"https:\/\/api.w.org\/{rel}","templated":true}]}}