{"id":1466824,"date":"2025-11-12T17:34:19","date_gmt":"2025-11-12T17:34:19","guid":{"rendered":"https:\/\/talkpal.ai\/zulu-gramatika\/"},"modified":"2025-12-30T13:31:26","modified_gmt":"2025-12-30T13:31:26","slug":"zulu-gramatika","status":"publish","type":"page","link":"https:\/\/talkpal.ai\/cs\/zulu-gramatika\/","title":{"rendered":"Zulu gramatika"},"content":{"rendered":"\r\n\r\n\r\n<section class=\"languageChallengeSection\">\r\n    <div class=\"languageInfoWrapper\">\r\n        \r\n        <h1>Zulu gramatika<\/h1>\r\n        <p>Gramatika <a href=\"https:\/\/talkpal.ai\/learn-zulu\/\">zulu<\/a> se m\u016f\u017ee na prvn\u00ed pohled zd\u00e1t n\u00e1ro\u010dn\u00e1, ale d\u00edky jej\u00edm jedine\u010dn\u00fdm vlastnostem je u\u010den\u00ed jazyka obohacuj\u00edc\u00edm z\u00e1\u017eitkem. P\u0159i zkoum\u00e1n\u00ed abecedy, mutac\u00ed a gramatick\u00fdch pravidel z\u00edsk\u00e1te p\u0159ehled o bohat\u00e9 jazykov\u00e9 tradici. Vydejte se na cestu a objevte kr\u00e1sy Zulu!<\/p>\r\n\r\n                            <a class=\"getStartedHidden\" href=\"https:\/\/app.talkpal.ai\/cs\/signup?lng=\">Za\u010dni<\/a>\r\n        \r\n    <\/div>\r\n\r\n    <figure>\r\n    <img decoding=\"async\" width=\"768\" height=\"768\" src=\"https:\/\/talkpal.ai\/wp-content\/uploads\/2023\/06\/welsh-768x768.png\" class=\"languageImage no-lazy\" alt=\"Language learning for better cognitive abilities\" fetchpriority=\"high\" sizes=\"(max-width: 768px) 150px, 768px\" srcset=\"https:\/\/talkpal.ai\/wp-content\/uploads\/2023\/06\/welsh-768x768.png 768w, https:\/\/talkpal.ai\/wp-content\/uploads\/2023\/06\/welsh-300x300.png 300w\" \/>\r\n    \r\n\r\n    <\/figure>\r\n\r\n            <a class=\"getStartedVisible\" href=\"https:\/\/app.talkpal.ai\/cs\/signup?lng=\">Za\u010dni<\/a>\r\n    \r\n<\/section><section class=\"promotionalBanner\">\r\n    <p class=\"promotionalText\">Nejefektivn\u011bj\u0161\u00ed <a href=\"https:\/\/talkpal.ai\/best-way-to-learn\/\">zp\u016fsob<\/a>, jak se nau\u010dit jazyk<\/p>\r\n    <a class=\"promotionalLink\" href=\"https:\/\/app.talkpal.ai\/cs\/signup?lng=\">Vyzkou\u0161ejte Talkpal zdarma<\/a>\r\n<\/section>\n<div class=\"wp-block-group pageContainerStyle\"><div class=\"wp-block-group__inner-container is-layout-constrained wp-block-group-is-layout-constrained\">\n<h2 class=\"wp-block-heading\" id=\"h-navigating-the-intricacies-of-zulu-grammar\">Orientace ve slo\u017eitosti gramatiky Zulu<\/h2>\n\n\n\n<p><a href=\"https:\/\/talkpal.ai\/cs\/naucte-se-zulu\/\">Zulu<\/a>, ji\u017en\u00ed bantusk\u00fd jazyk skupiny Nguni s bohatou histori\u00ed a kulturn\u00edm v\u00fdznamem, nab\u00edz\u00ed vzru\u0161uj\u00edc\u00ed lingvistick\u00fd z\u00e1\u017eitek pro ty, kte\u0159\u00ed tou\u017e\u00ed prozkoumat jeho jedine\u010dn\u00fd gramatick\u00fd syst\u00e9m. Kdy\u017e se vyd\u00e1te do \u0159\u00ed\u0161e Zulu, nejen obohat\u00edte sv\u016fj jazykov\u00fd reperto\u00e1r, ale tak\u00e9 se vyd\u00e1te na fascinuj\u00edc\u00ed kulturn\u00ed cestu. I kdy\u017e se <a href=\"https:\/\/talkpal.ai\/zulu-grammar\/\">gramatika zulu<\/a> m\u016f\u017ee na prvn\u00ed pohled zd\u00e1t slo\u017eit\u00e1, jej\u00ed rozd\u011blen\u00ed na z\u00e1kladn\u00ed slo\u017eky \u010din\u00ed u\u010den\u00ed jazyka p\u0159\u00edstupn\u011bj\u0161\u00edm. V tomto \u010dl\u00e1nku prozkoum\u00e1me podmaniv\u00fd sv\u011bt gramatiky Zulu a poskytneme tipy, jak zvl\u00e1dnout jej\u00ed slo\u017eitosti.<\/p>\n\n\n\n<h3 class=\"wp-block-heading\" id=\"h-1-zulu-alphabet-and-phonetics\">1. Zulusk\u00e1 abeceda a fonetika<\/h3>\n\n\n\n<p>P\u00edsmo Zulu pou\u017e\u00edv\u00e1 latinskou abecedu a reprezentuje charakteristick\u00e9 zvuky, v\u010detn\u011b klikac\u00edch souhl\u00e1sek zapsan\u00fdch jako c, q a x, stejn\u011b jako aspirovan\u00fdch souhl\u00e1sek zapsan\u00fdch sp\u0159e\u017ekami, jako jsou ph, th a kh. Zulu m\u00e1 p\u011bt samohl\u00e1skov\u00fdch p\u00edsmen (a, e, i, o, u) a je t\u00f3nov\u00fdm jazykem, kde v\u00fd\u0161ka t\u00f3nu m\u016f\u017ee rozli\u0161ovat v\u00fdznam, i kdy\u017e t\u00f3n nen\u00ed ve standardn\u00edm pravopisu ozna\u010den. Chcete-li se nau\u010dit gramatiku zulu, je d\u016fle\u017eit\u00e9 sezn\u00e1mit se s t\u00edmto zvukov\u00fdm syst\u00e9mem procvi\u010dov\u00e1n\u00edm \u010dten\u00ed, poslechu a mluven\u00ed v zulu.<\/p>\n\n\n\n<h3 class=\"wp-block-heading\" id=\"h-2-noun-classes-and-concords-a-distinctive-zulu-feature\">2. T\u0159\u00eddy podstatn\u00fdch jmen a shody: Charakteristick\u00fd rys Zulu<\/h3>\n\n\n\n<p>Jedn\u00edm z nejpozoruhodn\u011bj\u0161\u00edch aspekt\u016f zulusk\u00e9 gramatiky je jej\u00ed rozs\u00e1hl\u00fd syst\u00e9m t\u0159\u00edd podstatn\u00fdch jmen, z nich\u017e ka\u017ed\u00fd je ozna\u010den specifickou p\u0159edponou a sp\u00e1rov\u00e1n se s\u00edt\u00ed shod. T\u0159\u00eddy podstatn\u00fdch jmen \u0159\u00edd\u00ed shodu nap\u0159\u00ed\u010d v\u011btou, ovliv\u0148uj\u00ed podm\u011btov\u00e9 zna\u010dky, p\u0159edm\u011btov\u00e9 zna\u010dky, p\u0159\u00eddavn\u00e1 jm\u00e9na, p\u0159ivlast\u0148ovac\u00ed z\u00e1jmena, ukazovac\u00ed z\u00e1jmena a p\u0159\u00edbuzn\u00e1. Pochopen\u00ed toho, kdy a jak se tyto shody objevuj\u00ed, je \u017eivotn\u011b d\u016fle\u017eit\u00e9 pro p\u0159esnou komunikaci v Zulu.<\/p>\n\n\n\n<h3 class=\"wp-block-heading\" id=\"h-3-nouns-and-pronouns-noun-classes-and-agreement\">3. Podstatn\u00e1 jm\u00e9na a z\u00e1jmena: T\u0159\u00eddy podstatn\u00fdch jmen a shoda<\/h3>\n\n\n\n<p>Podstatn\u00e1 jm\u00e9na zulu pat\u0159\u00ed sp\u00ed\u0161e do t\u0159\u00edd podstatn\u00fdch jmen ne\u017e do gramatick\u00e9ho rodu a jejich tvary v mno\u017en\u00e9m \u010d\u00edsle jsou ur\u010deny dvojicemi t\u0159\u00edd (nap\u0159\u00edklad umuntu, abantu). Z\u00e1jmena v zulu zahrnuj\u00ed samostatn\u00e9 tvary (mina, wena, yena, thina, nina, bona), p\u0159ivlast\u0148ovac\u00ed tvary vytvo\u0159en\u00e9 s p\u0159ivlast\u0148ovac\u00edmi kmeny jako -ami, -akho, -akhe, kter\u00e9 souhlas\u00ed s t\u0159\u00eddou podstatn\u00fdch jmen (incwadi yami, izincwadi zami), zvratn\u00e9 zna\u010den\u00ed sloves (zi-), ukazovac\u00ed z\u00e1jmena, kter\u00e1 souhlas\u00ed s t\u0159\u00eddou podstatn\u00fdch jmen (lo, laba, le, lezi) a t\u00e1zac\u00ed z\u00e1jmena (ubani, ini, kuphi, nini, kanjani). Sezn\u00e1men\u00ed se s t\u011bmito tvary a jejich vzorci shody v\u00fdrazn\u011b zlep\u0161\u00ed va\u0161e ch\u00e1p\u00e1n\u00ed gramatiky Zulu.<\/p>\n\n\n\n<h3 class=\"wp-block-heading\" id=\"h-4-verbs-structure-and-conjugation\">4. Slovesa: struktura a \u010dasov\u00e1n\u00ed<\/h3>\n\n\n\n<p>Slovesa zulu maj\u00ed bohatou aglutina\u010dn\u00ed strukturu, kter\u00e1 k\u00f3duje podm\u011bt, p\u0159edm\u011bt, \u010das, aspekt, n\u00e1ladu a polaritu. Z\u00e1kladn\u00ed \u010dasy zahrnuj\u00ed p\u0159\u00edtomn\u00fd \u010das (ngiyabona nebo ngibona), minul\u00fd \u010das (perfektum -ile, ngibonile) a budouc\u00ed \u010das se zo- (ngizobona), s dal\u0161\u00edmi n\u00e1ladami, jako je <a href=\"https:\/\/talkpal.ai\/ja\/grammar_exercises\/konjunktiv-%e3%83%89%e3%82%a4%e3%83%84%e6%96%87%e6%b3%95%e3%81%ae%e6%bc%94%e7%bf%92\/\">konjunktiv<\/a> (koncov\u00e9 -e) a rozkazovac\u00ed zp\u016fsob (hamba, hambani). Negace se obvykle ozna\u010duje a- a koncov\u00fdm -i (angiboni, akaboni). Nau\u010dit se \u0161ablonu sloves a b\u011b\u017en\u00e9 p\u0159\u00edpony (kauzativn\u00ed -isa, aplikativn\u00ed -ela, recipro\u010dn\u00ed -ana, pasivn\u00ed -wa) zlep\u0161\u00ed va\u0161i schopnost efektivn\u011b komunikovat v jazyce Zulu.<\/p>\n\n\n\n<h3 class=\"wp-block-heading\" id=\"h-5-adjectives-agreement-and-placement\">5. P\u0159\u00eddavn\u00e1 jm\u00e9na: Shoda a um\u00edst\u011bn\u00ed<\/h3>\n\n\n\n<p>V zulusk\u00e9 gramatice p\u0159\u00eddavn\u00e1 jm\u00e9na obvykle n\u00e1sleduj\u00ed za podstatn\u00fdm jm\u00e9nem, kter\u00e9 modifikuj\u00ed, a souhlas\u00ed s druhem podstatn\u00e9ho jm\u00e9na pomoc\u00ed p\u0159\u00eddavn\u00e9ho jm\u00e9na Zulu m\u00e1 omezenou sadu skute\u010dn\u00fdch kmen\u016f p\u0159\u00eddavn\u00fdch jmen (nap\u0159\u00edklad -khulu big, -ncane small, -mnyama dark, -de tall) a mnoho popisn\u00fdch v\u00fdznam\u016f je vyj\u00e1d\u0159eno relativn\u00edmi konstrukcemi. Stup\u0148ov\u00e1n\u00ed a superlativy se b\u011b\u017en\u011b tvo\u0159\u00ed perifrasticky, nap\u0159\u00edklad pomoc\u00ed kakhulu (velmi) a p\u0159irovn\u00e1n\u00ed k ukwedlula nebo ngaphezu kuka pro &#8222;v\u00edce ne\u017e&#8220;.<\/p>\n\n\n\n<p><strong>P\u0159\u00edklady:<\/strong><\/p>\n\n\n\n<p><strong>\u2013 Uthando Olukhulu (Velk\u00e1 l\u00e1ska)<\/strong><\/p>\n\n\n\n<p><strong>\u2013 Izingane ezincane (mal\u00e9 d\u011bti)<\/strong><\/p>\n\n\n\n<h3 class=\"wp-block-heading\" id=\"h-6-engaging-with-the-language\">6. Zapojen\u00ed do jazyka<\/h3>\n\n\n\n<p>Nej\u00fa\u010dinn\u011bj\u0161\u00edm zp\u016fsobem, jak pln\u011b porozum\u011bt a osvojit si gramatiku Zulu, je d\u016fsledn\u011b se zab\u00fdvat jazykem. \u010cten\u00edm zulusk\u00e9 literatury, sledov\u00e1n\u00edm zulusk\u00fdch film\u016f nebo televizn\u00edch seri\u00e1l\u016f, poslechem r\u00e1dia a hudby v zulu a aktivn\u00ed komunikac\u00ed s rodil\u00fdmi mluv\u010d\u00edmi pos\u00edl\u00edte sv\u00e9 porozum\u011bn\u00ed gramatice a z\u00e1rove\u0148 si roz\u0161\u00ed\u0159\u00edte slovn\u00ed z\u00e1sobu.<\/p>\n\n\n\n<h3 class=\"wp-block-heading\" id=\"h-conclusion\">Z\u00e1v\u011br<\/h3>\n\n\n\n<p>A\u010dkoli se gramatika zulu m\u016f\u017ee zd\u00e1t slo\u017eit\u00e1, m\u016f\u017eete se v tomto kr\u00e1sn\u00e9m jazyce zdokonalit s odhodl\u00e1n\u00edm, prax\u00ed a nad\u0161en\u00edm. Pokud se zam\u011b\u0159\u00edte na z\u00e1kladn\u00ed pravidla a zapoj\u00edte se do jazyka v r\u016fzn\u00fdch kontextech, rychle zlep\u0161\u00edte sv\u00e9 <a href=\"https:\/\/talkpal.ai\/cs\/gramatika\/\">znalosti zulsk\u00e9 gramatiky<\/a>. Inhlanhla enhle (hodn\u011b \u0161t\u011bst\u00ed) na va\u0161\u00ed cest\u011b za jazykem Zulu a u\u017eijte si odhalov\u00e1n\u00ed tajemn\u00e9ho, ale podmaniv\u00e9ho sv\u011bta gramatiky Zulu!<\/p>\n<\/div><\/div>\n\r\n<section class=\"learnNavigationSection\">\r\n            \r\n        <a href=\"https:\/\/talkpal.ai\/cs\/naucte-se-zulu\/\">\r\n            <div class=\"learnNavigationWrapper\">\r\n                <div class=\"learnNavigationContent\">\r\n                    <img decoding=\"async\" src=\"https:\/\/talkpal.ai\/wp-content\/uploads\/2025\/11\/Zulu.png\" alt=\"South African Flag\">\r\n                    <div>\r\n                        <h4>O spole\u010dnosti Zulu Learning<\/h4>\r\n                        <p>Zjist\u011bte v\u0161e o Zulu Grammar.<\/p>\r\n                    <\/div>\r\n                <\/div>\r\n            <\/div>\r\n        <\/a>\r\n\r\n        \r\n        <a href=\"https:\/\/talkpal.ai\/cs\/gramaticka-cviceni-zulu\/\">\r\n            <div class=\"learnNavigationWrapper\">\r\n                <div class=\"learnNavigationContent\">\r\n                    <img decoding=\"async\" src=\"https:\/\/talkpal.ai\/wp-content\/uploads\/2025\/11\/Zulu.png\" alt=\"South African Flag\">\r\n                    <div>\r\n                        <h4>Gramatick\u00e9 cvi\u010den\u00ed Zulu<\/h4>\r\n                        <p>Procvi\u010dte si zuluskou gramatiku.<\/p>\r\n                    <\/div>\r\n                <\/div>\r\n            <\/div>\r\n        <\/a>\r\n\r\n            <\/section>","protected":false},"excerpt":{"rendered":"<p>Orientace ve slo\u017eitosti gramatiky Zulu Zulu, ji\u017en\u00ed bantusk\u00fd jazyk skupiny Nguni s bohatou histori\u00ed a kulturn\u00edm v\u00fdznamem, nab\u00edz\u00ed vzru\u0161uj\u00edc\u00ed lingvistick\u00fd z\u00e1\u017eitek pro ty, kte\u0159\u00ed tou\u017e\u00ed prozkoumat jeho jedine\u010dn\u00fd gramatick\u00fd syst\u00e9m. Kdy\u017e se vyd\u00e1te do \u0159\u00ed\u0161e Zulu, nejen obohat\u00edte sv\u016fj jazykov\u00fd reperto\u00e1r, ale tak\u00e9 se vyd\u00e1te na fascinuj\u00edc\u00ed kulturn\u00ed cestu. I kdy\u017e se gramatika zulu m\u016f\u017ee [&hellip;]<\/p>\n","protected":false},"author":20,"featured_media":0,"parent":0,"menu_order":0,"comment_status":"closed","ping_status":"closed","template":"LearningContentPage.php","meta":{"_acf_changed":false,"footnotes":""},"class_list":["post-1466824","page","type-page","status-publish","hentry"],"acf":[],"yoast_head":"<!-- This site is optimized with the Yoast SEO Premium plugin v27.2 (Yoast SEO v27.2) - https:\/\/yoast.com\/product\/yoast-seo-premium-wordpress\/ -->\n<title>Zulu gramatika - Talkpal<\/title>\n<meta name=\"description\" content=\"Zvl\u00e1dn\u011bte slo\u017eitost zulsk\u00e9 gramatiky pomoc\u00ed na\u0161eho komplexn\u00edho pr\u016fvodce s podporou um\u011bl\u00e9 inteligence navr\u017een\u00e9ho pro rychl\u00e9 a efektivn\u00ed u\u010den\u00ed jazyka.\" \/>\n<meta name=\"robots\" content=\"index, follow, max-snippet:-1, max-image-preview:large, max-video-preview:-1\" \/>\n<link rel=\"canonical\" href=\"https:\/\/talkpal.ai\/cs\/zulu-gramatika\/\" \/>\n<meta property=\"og:locale\" content=\"cs_CZ\" \/>\n<meta property=\"og:type\" content=\"article\" \/>\n<meta property=\"og:title\" content=\"Zulu gramatika\" \/>\n<meta property=\"og:description\" content=\"Orientace ve slo\u017eitosti gramatiky Zulu Zulu, ji\u017en\u00ed bantusk\u00fd jazyk skupiny Nguni s bohatou histori\u00ed a kulturn\u00edm v\u00fdznamem, nab\u00edz\u00ed vzru\u0161uj\u00edc\u00ed lingvistick\u00fd\" \/>\n<meta property=\"og:url\" content=\"https:\/\/talkpal.ai\/cs\/zulu-gramatika\/\" \/>\n<meta property=\"og:site_name\" content=\"Talkpal\" \/>\n<meta property=\"article:publisher\" content=\"https:\/\/www.facebook.com\/profile.php?id=100090733639311\" \/>\n<meta property=\"article:modified_time\" content=\"2025-12-30T13:31:26+00:00\" \/>\n<meta property=\"og:image\" content=\"https:\/\/talkpal.ai\/wp-content\/uploads\/2025\/02\/Progress-tab-16_9.png\" \/>\n\t<meta property=\"og:image:width\" content=\"2880\" \/>\n\t<meta property=\"og:image:height\" content=\"1620\" \/>\n\t<meta property=\"og:image:type\" content=\"image\/png\" \/>\n<meta name=\"twitter:card\" content=\"summary_large_image\" \/>\n<meta name=\"twitter:site\" content=\"@talkpalai\" \/>\n<meta name=\"twitter:label1\" content=\"Odhadovan\u00e1 doba \u010dten\u00ed\" \/>\n\t<meta name=\"twitter:data1\" content=\"4 minuty\" \/>\n<script type=\"application\/ld+json\" class=\"yoast-schema-graph\">{\"@context\":\"https:\/\/schema.org\",\"@graph\":[{\"@type\":\"WebPage\",\"@id\":\"https:\/\/talkpal.ai\/cs\/zulu-gramatika\/\",\"url\":\"https:\/\/talkpal.ai\/cs\/zulu-gramatika\/\",\"name\":\"Zulu gramatika - Talkpal\",\"isPartOf\":{\"@id\":\"https:\/\/talkpal.ai\/cs\/#website\"},\"datePublished\":\"2025-11-12T17:34:19+00:00\",\"dateModified\":\"2025-12-30T13:31:26+00:00\",\"description\":\"Zvl\u00e1dn\u011bte slo\u017eitost zulsk\u00e9 gramatiky pomoc\u00ed na\u0161eho komplexn\u00edho pr\u016fvodce s podporou um\u011bl\u00e9 inteligence navr\u017een\u00e9ho pro rychl\u00e9 a efektivn\u00ed u\u010den\u00ed jazyka.\",\"breadcrumb\":{\"@id\":\"https:\/\/talkpal.ai\/cs\/zulu-gramatika\/#breadcrumb\"},\"inLanguage\":\"cs\",\"potentialAction\":[{\"@type\":\"ReadAction\",\"target\":[\"https:\/\/talkpal.ai\/cs\/zulu-gramatika\/\"]}]},{\"@type\":\"BreadcrumbList\",\"@id\":\"https:\/\/talkpal.ai\/cs\/zulu-gramatika\/#breadcrumb\",\"itemListElement\":[{\"@type\":\"ListItem\",\"position\":1,\"name\":\"Homepage\",\"item\":\"https:\/\/talkpal.ai\/cs\/\"},{\"@type\":\"ListItem\",\"position\":2,\"name\":\"Zulu gramatika\"}]},{\"@type\":\"WebSite\",\"@id\":\"https:\/\/talkpal.ai\/cs\/#website\",\"url\":\"https:\/\/talkpal.ai\/cs\/\",\"name\":\"Talkpal\",\"description\":\"AI Language Learning\",\"publisher\":{\"@id\":\"https:\/\/talkpal.ai\/cs\/#organization\"},\"alternateName\":\"Talkpal AI\",\"potentialAction\":[{\"@type\":\"SearchAction\",\"target\":{\"@type\":\"EntryPoint\",\"urlTemplate\":\"https:\/\/talkpal.ai\/cs\/?s={search_term_string}\"},\"query-input\":{\"@type\":\"PropertyValueSpecification\",\"valueRequired\":true,\"valueName\":\"search_term_string\"}}],\"inLanguage\":\"cs\"},{\"@type\":\"Organization\",\"@id\":\"https:\/\/talkpal.ai\/cs\/#organization\",\"name\":\"Talkpal, Inc.\",\"alternateName\":\"Talkpal AI\",\"url\":\"https:\/\/talkpal.ai\/cs\/\",\"logo\":{\"@type\":\"ImageObject\",\"inLanguage\":\"cs\",\"@id\":\"https:\/\/talkpal.ai\/cs\/#\/schema\/logo\/image\/\",\"url\":\"https:\/\/talkpal.ai\/wp-content\/uploads\/2024\/03\/Talkpal-Logo-Icon.png\",\"contentUrl\":\"https:\/\/talkpal.ai\/wp-content\/uploads\/2024\/03\/Talkpal-Logo-Icon.png\",\"width\":2880,\"height\":2880,\"caption\":\"Talkpal, Inc.\"},\"image\":{\"@id\":\"https:\/\/talkpal.ai\/cs\/#\/schema\/logo\/image\/\"},\"sameAs\":[\"https:\/\/www.facebook.com\/profile.php?id=100090733639311\",\"https:\/\/x.com\/talkpalai\",\"https:\/\/www.linkedin.com\/company\/talkpal\/\",\"https:\/\/www.youtube.com\/@TalkPal\/\",\"https:\/\/www.tiktok.com\/@talkpal\",\"https:\/\/www.instagram.com\/talkpal_ai\/\",\"https:\/\/www.crunchbase.com\/organization\/talkpal-9cde\",\"https:\/\/www.g2.com\/products\/talkpal-for-business\/\",\"https:\/\/www.trustpilot.com\/review\/talkpal.ai\",\"https:\/\/www.capterra.com\/p\/10006800\/TalkPal\/\"],\"description\":\"Talkpal is a language learning web and mobile education app, powered by the latest AI technologies, that provides engaging experiences to its customers in many different languages to help them improve their language skills. Users can chat about unlimited amount of topics with the app and use other modes to practice their language learning.\",\"email\":\"support@talkpal.ai\",\"legalName\":\"Talkpal, Inc.\",\"foundingDate\":\"2023-04-03\",\"duns\":\"118989042\",\"numberOfEmployees\":{\"@type\":\"QuantitativeValue\",\"minValue\":\"11\",\"maxValue\":\"50\"},\"publishingPrinciples\":\"https:\/\/talkpal.ai\/publishing-principles\/\",\"actionableFeedbackPolicy\":\"https:\/\/talkpal.ai\/actionable-feedback-policy\/\",\"correctionsPolicy\":\"https:\/\/talkpal.ai\/corrections-policy\/\",\"ethicsPolicy\":\"https:\/\/talkpal.ai\/ethics-policy\/\",\"diversityPolicy\":\"https:\/\/talkpal.ai\/diversity-policy\/\",\"diversityStaffingReport\":\"https:\/\/talkpal.ai\/diversity-policy\/\"}]}<\/script>\n<!-- \/ Yoast SEO Premium plugin. -->","yoast_head_json":{"title":"Zulu gramatika - Talkpal","description":"Zvl\u00e1dn\u011bte slo\u017eitost zulsk\u00e9 gramatiky pomoc\u00ed na\u0161eho komplexn\u00edho pr\u016fvodce s podporou um\u011bl\u00e9 inteligence navr\u017een\u00e9ho pro rychl\u00e9 a efektivn\u00ed u\u010den\u00ed jazyka.","robots":{"index":"index","follow":"follow","max-snippet":"max-snippet:-1","max-image-preview":"max-image-preview:large","max-video-preview":"max-video-preview:-1"},"canonical":"https:\/\/talkpal.ai\/cs\/zulu-gramatika\/","og_locale":"cs_CZ","og_type":"article","og_title":"Zulu gramatika","og_description":"Orientace ve slo\u017eitosti gramatiky Zulu Zulu, ji\u017en\u00ed bantusk\u00fd jazyk skupiny Nguni s bohatou histori\u00ed a kulturn\u00edm v\u00fdznamem, nab\u00edz\u00ed vzru\u0161uj\u00edc\u00ed lingvistick\u00fd","og_url":"https:\/\/talkpal.ai\/cs\/zulu-gramatika\/","og_site_name":"Talkpal","article_publisher":"https:\/\/www.facebook.com\/profile.php?id=100090733639311","article_modified_time":"2025-12-30T13:31:26+00:00","og_image":[{"width":2880,"height":1620,"url":"https:\/\/talkpal.ai\/wp-content\/uploads\/2025\/02\/Progress-tab-16_9.png","type":"image\/png"}],"twitter_card":"summary_large_image","twitter_site":"@talkpalai","twitter_misc":{"Odhadovan\u00e1 doba \u010dten\u00ed":"4 minuty"},"schema":{"@context":"https:\/\/schema.org","@graph":[{"@type":"WebPage","@id":"https:\/\/talkpal.ai\/cs\/zulu-gramatika\/","url":"https:\/\/talkpal.ai\/cs\/zulu-gramatika\/","name":"Zulu gramatika - Talkpal","isPartOf":{"@id":"https:\/\/talkpal.ai\/cs\/#website"},"datePublished":"2025-11-12T17:34:19+00:00","dateModified":"2025-12-30T13:31:26+00:00","description":"Zvl\u00e1dn\u011bte slo\u017eitost zulsk\u00e9 gramatiky pomoc\u00ed na\u0161eho komplexn\u00edho pr\u016fvodce s podporou um\u011bl\u00e9 inteligence navr\u017een\u00e9ho pro rychl\u00e9 a efektivn\u00ed u\u010den\u00ed jazyka.","breadcrumb":{"@id":"https:\/\/talkpal.ai\/cs\/zulu-gramatika\/#breadcrumb"},"inLanguage":"cs","potentialAction":[{"@type":"ReadAction","target":["https:\/\/talkpal.ai\/cs\/zulu-gramatika\/"]}]},{"@type":"BreadcrumbList","@id":"https:\/\/talkpal.ai\/cs\/zulu-gramatika\/#breadcrumb","itemListElement":[{"@type":"ListItem","position":1,"name":"Homepage","item":"https:\/\/talkpal.ai\/cs\/"},{"@type":"ListItem","position":2,"name":"Zulu gramatika"}]},{"@type":"WebSite","@id":"https:\/\/talkpal.ai\/cs\/#website","url":"https:\/\/talkpal.ai\/cs\/","name":"Talkpal","description":"AI Language Learning","publisher":{"@id":"https:\/\/talkpal.ai\/cs\/#organization"},"alternateName":"Talkpal AI","potentialAction":[{"@type":"SearchAction","target":{"@type":"EntryPoint","urlTemplate":"https:\/\/talkpal.ai\/cs\/?s={search_term_string}"},"query-input":{"@type":"PropertyValueSpecification","valueRequired":true,"valueName":"search_term_string"}}],"inLanguage":"cs"},{"@type":"Organization","@id":"https:\/\/talkpal.ai\/cs\/#organization","name":"Talkpal, Inc.","alternateName":"Talkpal AI","url":"https:\/\/talkpal.ai\/cs\/","logo":{"@type":"ImageObject","inLanguage":"cs","@id":"https:\/\/talkpal.ai\/cs\/#\/schema\/logo\/image\/","url":"https:\/\/talkpal.ai\/wp-content\/uploads\/2024\/03\/Talkpal-Logo-Icon.png","contentUrl":"https:\/\/talkpal.ai\/wp-content\/uploads\/2024\/03\/Talkpal-Logo-Icon.png","width":2880,"height":2880,"caption":"Talkpal, Inc."},"image":{"@id":"https:\/\/talkpal.ai\/cs\/#\/schema\/logo\/image\/"},"sameAs":["https:\/\/www.facebook.com\/profile.php?id=100090733639311","https:\/\/x.com\/talkpalai","https:\/\/www.linkedin.com\/company\/talkpal\/","https:\/\/www.youtube.com\/@TalkPal\/","https:\/\/www.tiktok.com\/@talkpal","https:\/\/www.instagram.com\/talkpal_ai\/","https:\/\/www.crunchbase.com\/organization\/talkpal-9cde","https:\/\/www.g2.com\/products\/talkpal-for-business\/","https:\/\/www.trustpilot.com\/review\/talkpal.ai","https:\/\/www.capterra.com\/p\/10006800\/TalkPal\/"],"description":"Talkpal is a language learning web and mobile education app, powered by the latest AI technologies, that provides engaging experiences to its customers in many different languages to help them improve their language skills. Users can chat about unlimited amount of topics with the app and use other modes to practice their language learning.","email":"support@talkpal.ai","legalName":"Talkpal, Inc.","foundingDate":"2023-04-03","duns":"118989042","numberOfEmployees":{"@type":"QuantitativeValue","minValue":"11","maxValue":"50"},"publishingPrinciples":"https:\/\/talkpal.ai\/publishing-principles\/","actionableFeedbackPolicy":"https:\/\/talkpal.ai\/actionable-feedback-policy\/","correctionsPolicy":"https:\/\/talkpal.ai\/corrections-policy\/","ethicsPolicy":"https:\/\/talkpal.ai\/ethics-policy\/","diversityPolicy":"https:\/\/talkpal.ai\/diversity-policy\/","diversityStaffingReport":"https:\/\/talkpal.ai\/diversity-policy\/"}]}},"_links":{"self":[{"href":"https:\/\/talkpal.ai\/cs\/wp-json\/wp\/v2\/pages\/1466824","targetHints":{"allow":["GET"]}}],"collection":[{"href":"https:\/\/talkpal.ai\/cs\/wp-json\/wp\/v2\/pages"}],"about":[{"href":"https:\/\/talkpal.ai\/cs\/wp-json\/wp\/v2\/types\/page"}],"author":[{"embeddable":true,"href":"https:\/\/talkpal.ai\/cs\/wp-json\/wp\/v2\/users\/20"}],"replies":[{"embeddable":true,"href":"https:\/\/talkpal.ai\/cs\/wp-json\/wp\/v2\/comments?post=1466824"}],"version-history":[{"count":0,"href":"https:\/\/talkpal.ai\/cs\/wp-json\/wp\/v2\/pages\/1466824\/revisions"}],"wp:attachment":[{"href":"https:\/\/talkpal.ai\/cs\/wp-json\/wp\/v2\/media?parent=1466824"}],"curies":[{"name":"wp","href":"https:\/\/api.w.org\/{rel}","templated":true}]}}