{"id":1466814,"date":"2025-11-12T16:31:52","date_gmt":"2025-11-12T16:31:52","guid":{"rendered":"https:\/\/talkpal.ai\/pandzabska-gramatika\/"},"modified":"2025-12-30T11:35:08","modified_gmt":"2025-12-30T11:35:08","slug":"pandzabska-gramatika","status":"publish","type":"page","link":"https:\/\/talkpal.ai\/cs\/pandzabska-gramatika\/","title":{"rendered":"Pa\u0148d\u017e\u00e1bsk\u00e1 gramatika"},"content":{"rendered":"\r\n\r\n\r\n<section class=\"languageChallengeSection\">\r\n    <div class=\"languageInfoWrapper\">\r\n        \r\n        <h1>Pa\u0148d\u017e\u00e1bsk\u00e1 gramatika<\/h1>\r\n        <p>Pa\u0148d\u017e\u00e1bsk\u00e1 gramatika se m\u016f\u017ee na prvn\u00ed pohled zd\u00e1t n\u00e1ro\u010dn\u00e1, ale d\u00edky jej\u00edm jedine\u010dn\u00fdm vlastnostem je u\u010den\u00ed jazyka obohacuj\u00edc\u00ed zku\u0161enost\u00ed. P\u0159i zkoum\u00e1n\u00ed abecedy, mutac\u00ed a gramatick\u00fdch pravidel z\u00edsk\u00e1te p\u0159ehled o bohat\u00e9 jazykov\u00e9 tradici. Vydejte se na cestu a objevte kr\u00e1sy Pa\u0148d\u017e\u00e1bu!<\/p>\r\n\r\n                            <a class=\"getStartedHidden\" href=\"https:\/\/app.talkpal.ai\/cs\/signup?lng=\">Za\u010dni<\/a>\r\n        \r\n    <\/div>\r\n\r\n    <figure>\r\n    <img decoding=\"async\" width=\"768\" height=\"768\" src=\"https:\/\/talkpal.ai\/wp-content\/uploads\/2023\/06\/welsh-768x768.png\" class=\"languageImage no-lazy\" alt=\"Language learning for better cognitive abilities\" fetchpriority=\"high\" sizes=\"(max-width: 768px) 150px, 768px\" srcset=\"https:\/\/talkpal.ai\/wp-content\/uploads\/2023\/06\/welsh-768x768.png 768w, https:\/\/talkpal.ai\/wp-content\/uploads\/2023\/06\/welsh-300x300.png 300w\" \/>\r\n    \r\n\r\n    <\/figure>\r\n\r\n            <a class=\"getStartedVisible\" href=\"https:\/\/app.talkpal.ai\/cs\/signup?lng=\">Za\u010dni<\/a>\r\n    \r\n<\/section><section class=\"promotionalBanner\">\r\n    <p class=\"promotionalText\">Nejefektivn\u011bj\u0161\u00ed zp\u016fsob, jak se nau\u010dit jazyk<\/p>\r\n    <a class=\"promotionalLink\" href=\"https:\/\/app.talkpal.ai\/cs\/signup?lng=\">Vyzkou\u0161ejte Talkpal zdarma<\/a>\r\n<\/section>\n<div class=\"wp-block-group pageContainerStyle\"><div class=\"wp-block-group__inner-container is-layout-constrained wp-block-group-is-layout-constrained\">\n<h2 class=\"wp-block-heading\" id=\"h-navigating-the-intricacies-of-punjabi-grammar\">Navigace ve slo\u017eitosti pand\u017e\u00e1bsk\u00e9 gramatiky<\/h2>\n\n\n\n<p><a href=\"https:\/\/talkpal.ai\/cs\/naucte-se-pandzabsky\/\">Pa\u0148d\u017e\u00e1b\u0161tina<\/a>, indo\u00e1rijsk\u00fd jazyk s bohatou histori\u00ed a kulturn\u00edm v\u00fdznamem, nab\u00edz\u00ed vzru\u0161uj\u00edc\u00ed lingvistick\u00fd z\u00e1\u017eitek pro ty, kte\u0159\u00ed tou\u017e\u00ed prozkoumat jej\u00ed jedine\u010dn\u00fd gramatick\u00fd syst\u00e9m. Kdy\u017e se vyd\u00e1te do \u0159\u00ed\u0161e pand\u017e\u00e1b\u0161tiny, obohat\u00edte nejen sv\u016fj jazykov\u00fd reperto\u00e1r, ale tak\u00e9 se vyd\u00e1te na fascinuj\u00edc\u00ed kulturn\u00ed cestu. I kdy\u017e se <a href=\"https:\/\/talkpal.ai\/punjabi-grammar\/\">pand\u017e\u00e1bsk\u00e1 gramatika<\/a> m\u016f\u017ee na prvn\u00ed pohled zd\u00e1t slo\u017eit\u00e1, jej\u00ed rozd\u011blen\u00ed na z\u00e1kladn\u00ed slo\u017eky \u010din\u00ed u\u010den\u00ed jazyka p\u0159\u00edstupn\u011bj\u0161\u00edm. V tomto \u010dl\u00e1nku prozkoum\u00e1me podmaniv\u00fd sv\u011bt pand\u017e\u00e1bsk\u00e9 gramatiky a poskytneme tipy, jak zvl\u00e1dnout jej\u00ed slo\u017eitosti.<\/p>\n\n\n\n<h3 class=\"wp-block-heading\" id=\"h-1-punjabi-alphabet-and-phonetics\">1. Pa\u0148d\u017e\u00e1bsk\u00e1 abeceda a fonetika<\/h3>\n\n\n\n<p>Pa\u0148d\u017e\u00e1bsk\u00fd syst\u00e9m p\u00edsma pou\u017e\u00edv\u00e1 p\u0159edev\u0161\u00edm p\u00edsmo Gurmukhi, kter\u00e9 zahrnuje nez\u00e1visl\u00e9 samohl\u00e1sky, souhl\u00e1sky, samohl\u00e1skov\u00e9 znaky zvan\u00e9 matras, nasaliza\u010dn\u00ed znam\u00e9nka, jako je bind\u012b a \u1e6dipp\u012b, a addhak, kter\u00fd ozna\u010duje zdvojen\u00ed souhl\u00e1sek. Pa\u0148d\u017e\u00e1b\u0161tina je v P\u00e1kist\u00e1nu tak\u00e9 ps\u00e1na p\u00edsmem Shahmukhi. Chcete-li se nau\u010dit pand\u017e\u00e1bskou gramatiku, je d\u016fle\u017eit\u00e9 sezn\u00e1mit se s gurmukhi procvi\u010dov\u00e1n\u00edm \u010dten\u00ed a psan\u00ed v pand\u017e\u00e1b\u0161tin\u011b.<\/p>\n\n\n\n<h3 class=\"wp-block-heading\" id=\"h-2-tones-a-distinctive-punjabi-feature\">2. T\u00f3ny: Charakteristick\u00fd pand\u017e\u00e1bsk\u00fd rys<\/h3>\n\n\n\n<p>Jedn\u00edm z nejpozoruhodn\u011bj\u0161\u00edch aspekt\u016f pand\u017e\u00e1b\u0161tiny je jej\u00ed pou\u017eit\u00ed t\u00f3nu, kter\u00fd m\u016f\u017ee zm\u011bnit v\u00fdznam slov. Pa\u0148d\u017e\u00e1b\u0161tina je b\u011b\u017en\u011b popisov\u00e1na jako t\u0159\u00edt\u00f3nov\u00e1 a \u010dasto souvis\u00ed s historick\u00fdmi zvukov\u00fdmi zm\u011bnami, kter\u00e9 nejsou p\u0159\u00edmo ozna\u010deny modern\u00edm pravopisem. Pochopen\u00ed toho, jak t\u00f3n funguje, a procvi\u010dov\u00e1n\u00ed p\u0159esn\u00e9 v\u00fdslovnosti je z\u00e1sadn\u00ed pro jasnou a p\u0159esnou komunikaci v pand\u017e\u00e1b\u0161tin\u011b.<\/p>\n\n\n\n<h3 class=\"wp-block-heading\" id=\"h-3-nouns-and-pronouns-gender-and-cases\">3. Podstatn\u00e1 jm\u00e9na a z\u00e1jmena: rod a p\u00e1dy<\/h3>\n\n\n\n<p>Pand\u017e\u00e1bsk\u00e1 podstatn\u00e1 jm\u00e9na maj\u00ed gramatick\u00fd rod, mu\u017esk\u00fd nebo \u017eensk\u00fd, a mno\u017en\u00e9 \u010d\u00edslo se \u0159\u00edd\u00ed vzory, kter\u00e9 se li\u0161\u00ed podle typu podstatn\u00e9ho jm\u00e9na. Mnoho podstatn\u00fdch jmen mu\u017esk\u00e9ho rodu tvo\u0159\u00ed mno\u017en\u00e9 \u010d\u00edslo na -e a mnoho podstatn\u00fdch jmen \u017eensk\u00e9ho rodu na -\u0101\u1e41, i kdy\u017e jsou zde nepravidelnosti. Pa\u0148d\u017e\u00e1b\u0161tina pou\u017e\u00edv\u00e1 \u0161ikm\u00fd p\u00e1d p\u0159ed postpozicemi, kter\u00e9 n\u00e1sleduj\u00ed po podstatn\u00e9m jm\u00e9nu nebo z\u00e1jmenu. Z\u00e1jmena zahrnuj\u00ed osobn\u00ed, p\u0159ivlast\u0148ovac\u00ed, reflexivn\u00ed, ukazovac\u00ed a t\u00e1zac\u00ed mno\u017einy, nap\u0159\u00edklad \u0a2e\u0a48\u0a02, \u0a24\u0a42\u0a70, \u0a09\u0a39, \u0a2e\u0a47\u0a30\u0a3e, \u0a06\u0a2a\u0a23\u0a3e, \u0a07\u0a39, \u0a09\u0a39, \u0a15\u0a4c\u0a23 a \u0a15\u0a40. Sezn\u00e1men\u00ed se s t\u011bmito z\u00e1jmeny a jejich tvary v\u00fdrazn\u011b zlep\u0161\u00ed va\u0161e ch\u00e1p\u00e1n\u00ed pand\u017e\u00e1bsk\u00e9 gramatiky.<\/p>\n\n\n\n<h3 class=\"wp-block-heading\" id=\"h-4-verbs-structure-and-conjugation\">4. Slovesa: struktura a \u010dasov\u00e1n\u00ed<\/h3>\n\n\n\n<p>Pa\u0148d\u017e\u00e1bsk\u00e1 slovesa vyjad\u0159uj\u00ed vid a shodu a obvykle pou\u017e\u00edvaj\u00ed p\u0159\u00ed\u010dest\u00ed v kombinaci s pomocn\u00fdm slovesem \u0a39\u0a4b\u0a23\u0a3e k vyj\u00e1d\u0159en\u00ed \u010dasu a n\u00e1lady. Mezi z\u00e1kladn\u00ed rozd\u00edly pat\u0159\u00ed p\u0159\u00edtomn\u00fd, n\u00e1vykov\u00fd, p\u0159edminul\u00fd dokonav\u00fd a budouc\u00ed, spolu s podm\u00edn\u011bn\u00fdmi a rozkazovac\u00edmi n\u00e1ladami. Shoda \u010dasto z\u00e1vis\u00ed na rodu a \u010d\u00edsle a v mnoha dokonav\u00fdch p\u0159echodn\u00fdch v\u011bt\u00e1ch pa\u0148d\u017e\u00e1b\u0161tina ozna\u010duje podm\u011bt \u0a28\u0a47, zat\u00edmco sloveso souhlas\u00ed s p\u0159edm\u011btem. U\u010den\u00ed se hlavn\u00edch konjuga\u010dn\u00edch vzor\u016f a pomocn\u00e9ho pou\u017eit\u00ed zlep\u0161\u00ed va\u0161i schopnost efektivn\u011b komunikovat v pand\u017e\u00e1b\u0161tin\u011b.<\/p>\n\n\n\n<h3 class=\"wp-block-heading\" id=\"h-5-adjectives-agreement-and-placement\">5. P\u0159\u00eddavn\u00e1 jm\u00e9na: Shoda a um\u00edst\u011bn\u00ed<\/h3>\n\n\n\n<p>V pand\u017e\u00e1bsk\u00e9 gramatice p\u0159\u00eddavn\u00e1 jm\u00e9na obvykle p\u0159edch\u00e1zej\u00ed podstatn\u00e9mu jm\u00e9nu, kter\u00e9 modifikuj\u00ed, a kdy\u017e jsou ozna\u010dena, shoduj\u00ed se rodem a \u010d\u00edslem s podstatn\u00fdm jm\u00e9nem. Mnoho p\u0159\u00eddavn\u00fdch jmen je nem\u011bnn\u00fdch, ale b\u011b\u017en\u00e1 popisn\u00e1 p\u0159\u00eddavn\u00e1 jm\u00e9na ukazuj\u00ed tvary mu\u017esk\u00e9ho, \u017eensk\u00e9ho a mno\u017en\u00e9ho \u010d\u00edsla. Srovn\u00e1vac\u00ed a superlativn\u00ed v\u00fdznamy jsou \u010dasto tvo\u0159eny analyticky, p\u0159i\u010dem\u017e \u0a39\u0a4b\u0a30 pro v\u00edce a \u0a38\u0a2d \u0a24\u0a4b\u0a02 pro v\u011bt\u0161inu.<\/p>\n\n\n\n<p><strong>P\u0159\u00edklady:<\/strong><\/p>\n\n\n\n<p><strong>\u2013 \u0a35\u0a71\u0a21\u0a3e \u0a2a\u0a3f\u0a06\u0a30 (velk\u00e1 l\u00e1ska)<\/strong><\/p>\n\n\n\n<p><strong>\u2013 \u0a1b\u0a4b\u0a1f\u0a47 \u0a2c\u0a71\u0a1a\u0a47 (mal\u00e9 d\u011bti)<\/strong><\/p>\n\n\n\n<h3 class=\"wp-block-heading\" id=\"h-6-engaging-with-the-language\">6. Zapojen\u00ed do jazyka<\/h3>\n\n\n\n<p>Nej\u00fa\u010dinn\u011bj\u0161\u00edm zp\u016fsobem, jak pln\u011b porozum\u011bt a osvojit si pand\u017e\u00e1bskou gramatiku, je d\u016fsledn\u011b se zab\u00fdvat jazykem. \u010cten\u00edm pand\u017e\u00e1bsk\u00e9 literatury, sledov\u00e1n\u00edm pand\u017e\u00e1bsk\u00fdch film\u016f nebo televizn\u00edch seri\u00e1l\u016f, poslechem hudby a poezie a aktivn\u00ed komunikac\u00ed s rodil\u00fdmi mluv\u010d\u00edmi pos\u00edl\u00edte sv\u00e9 porozum\u011bn\u00ed gramatice a z\u00e1rove\u0148 si roz\u0161\u00ed\u0159\u00edte slovn\u00ed z\u00e1sobu.<\/p>\n\n\n\n<h3 class=\"wp-block-heading\" id=\"h-conclusion\">Z\u00e1v\u011br<\/h3>\n\n\n\n<p>A\u010dkoli se pand\u017e\u00e1bsk\u00e1 gramatika m\u016f\u017ee zd\u00e1t slo\u017eit\u00e1, m\u016f\u017eete se v tomto kr\u00e1sn\u00e9m jazyce zdokonalit s odhodl\u00e1n\u00edm, prax\u00ed a nad\u0161en\u00edm. T\u00edm, \u017ee se zam\u011b\u0159\u00edte na z\u00e1kladn\u00ed pravidla a zapoj\u00edte se do jazyka v r\u016fzn\u00fdch kontextech, rychle zlep\u0161\u00edte sv\u00e9 pand\u017e\u00e1bsk\u00e9 <a href=\"https:\/\/talkpal.ai\/cs\/gramatika\/\">gramatick\u00e9 dovednosti<\/a>. \u0a38\u0a3c\u0a41\u0a2d \u0a15\u0a3e\u0a2e\u0a28\u0a3e\u0a35\u0a3e\u0a02 (hodn\u011b \u0161t\u011bst\u00ed) s va\u0161\u00ed cestou pand\u017e\u00e1bsk\u00fdm jazykem a u\u017eijte si odhalov\u00e1n\u00ed dynamick\u00e9ho a podmaniv\u00e9ho sv\u011bta pand\u017e\u00e1bsk\u00e9 gramatiky!<\/p>\n<\/div><\/div>\n\r\n<section class=\"learnNavigationSection\">\r\n            \r\n        <a href=\"https:\/\/talkpal.ai\/cs\/naucte-se-pandzabsky\/\">\r\n            <div class=\"learnNavigationWrapper\">\r\n                <div class=\"learnNavigationContent\">\r\n                    <img decoding=\"async\" src=\"https:\/\/talkpal.ai\/wp-content\/uploads\/2025\/11\/Punjabi.png\" alt=\"Indian Simplified Flag\">\r\n                    <div>\r\n                        <h4>O pand\u017e\u00e1bsk\u00e9m u\u010den\u00ed<\/h4>\r\n                        <p>Zjist\u011bte v\u0161e o pand\u017e\u00e1bsk\u00e9 gramatice.<\/p>\r\n                    <\/div>\r\n                <\/div>\r\n            <\/div>\r\n        <\/a>\r\n\r\n        \r\n        <a href=\"https:\/\/talkpal.ai\/cs\/pandzabska-gramaticka-cviceni\/\">\r\n            <div class=\"learnNavigationWrapper\">\r\n                <div class=\"learnNavigationContent\">\r\n                    <img decoding=\"async\" src=\"https:\/\/talkpal.ai\/wp-content\/uploads\/2025\/11\/Punjabi.png\" alt=\"Indian Simplified Flag\">\r\n                    <div>\r\n                        <h4>Pa\u0148d\u017e\u00e1bsk\u00e9 gramatick\u00e9 cvi\u010den\u00ed<\/h4>\r\n                        <p>Procvi\u010dujte si pa\u0148d\u017e\u00e1bskou gramatiku.<\/p>\r\n                    <\/div>\r\n                <\/div>\r\n            <\/div>\r\n        <\/a>\r\n\r\n            <\/section>","protected":false},"excerpt":{"rendered":"<p>Navigace ve slo\u017eitosti pand\u017e\u00e1bsk\u00e9 gramatiky Pa\u0148d\u017e\u00e1b\u0161tina, indo\u00e1rijsk\u00fd jazyk s bohatou histori\u00ed a kulturn\u00edm v\u00fdznamem, nab\u00edz\u00ed vzru\u0161uj\u00edc\u00ed lingvistick\u00fd z\u00e1\u017eitek pro ty, kte\u0159\u00ed tou\u017e\u00ed prozkoumat jej\u00ed jedine\u010dn\u00fd gramatick\u00fd syst\u00e9m. Kdy\u017e se vyd\u00e1te do \u0159\u00ed\u0161e pand\u017e\u00e1b\u0161tiny, obohat\u00edte nejen sv\u016fj jazykov\u00fd reperto\u00e1r, ale tak\u00e9 se vyd\u00e1te na fascinuj\u00edc\u00ed kulturn\u00ed cestu. I kdy\u017e se pand\u017e\u00e1bsk\u00e1 gramatika m\u016f\u017ee na prvn\u00ed pohled [&hellip;]<\/p>\n","protected":false},"author":20,"featured_media":0,"parent":0,"menu_order":0,"comment_status":"closed","ping_status":"closed","template":"LearningContentPage.php","meta":{"_acf_changed":false,"footnotes":""},"class_list":["post-1466814","page","type-page","status-publish","hentry"],"acf":[],"yoast_head":"<!-- This site is optimized with the Yoast SEO Premium plugin v27.2 (Yoast SEO v27.2) - https:\/\/yoast.com\/product\/yoast-seo-premium-wordpress\/ -->\n<title>Pa\u0148d\u017e\u00e1bsk\u00e1 gramatika - Talkpal<\/title>\n<meta name=\"description\" content=\"Zvl\u00e1dn\u011bte z\u00e1klady pa\u0148d\u017e\u00e1bsk\u00e9 gramatiky pomoc\u00ed na\u0161eho komplexn\u00edho pr\u016fvodce, kter\u00fd v\u00e1m umo\u017en\u00ed zlep\u0161it si dnes znalost jazyka.\" \/>\n<meta name=\"robots\" content=\"index, follow, max-snippet:-1, max-image-preview:large, max-video-preview:-1\" \/>\n<link rel=\"canonical\" href=\"https:\/\/talkpal.ai\/cs\/pandzabska-gramatika\/\" \/>\n<meta property=\"og:locale\" content=\"cs_CZ\" \/>\n<meta property=\"og:type\" content=\"article\" \/>\n<meta property=\"og:title\" content=\"Pa\u0148d\u017e\u00e1bsk\u00e1 gramatika\" \/>\n<meta property=\"og:description\" content=\"Navigace ve slo\u017eitosti pand\u017e\u00e1bsk\u00e9 gramatiky Pa\u0148d\u017e\u00e1b\u0161tina, indo\u00e1rijsk\u00fd jazyk s bohatou histori\u00ed a kulturn\u00edm v\u00fdznamem, nab\u00edz\u00ed vzru\u0161uj\u00edc\u00ed lingvistick\u00fd\" \/>\n<meta property=\"og:url\" content=\"https:\/\/talkpal.ai\/cs\/pandzabska-gramatika\/\" \/>\n<meta property=\"og:site_name\" content=\"Talkpal\" \/>\n<meta property=\"article:publisher\" content=\"https:\/\/www.facebook.com\/profile.php?id=100090733639311\" \/>\n<meta property=\"article:modified_time\" content=\"2025-12-30T11:35:08+00:00\" \/>\n<meta property=\"og:image\" content=\"https:\/\/talkpal.ai\/wp-content\/uploads\/2025\/02\/Progress-tab-16_9.png\" \/>\n\t<meta property=\"og:image:width\" content=\"2880\" \/>\n\t<meta property=\"og:image:height\" content=\"1620\" \/>\n\t<meta property=\"og:image:type\" content=\"image\/png\" \/>\n<meta name=\"twitter:card\" content=\"summary_large_image\" \/>\n<meta name=\"twitter:site\" content=\"@talkpalai\" \/>\n<meta name=\"twitter:label1\" content=\"Odhadovan\u00e1 doba \u010dten\u00ed\" \/>\n\t<meta name=\"twitter:data1\" content=\"4 minuty\" \/>\n<script type=\"application\/ld+json\" class=\"yoast-schema-graph\">{\"@context\":\"https:\/\/schema.org\",\"@graph\":[{\"@type\":\"WebPage\",\"@id\":\"https:\/\/talkpal.ai\/cs\/pandzabska-gramatika\/\",\"url\":\"https:\/\/talkpal.ai\/cs\/pandzabska-gramatika\/\",\"name\":\"Pa\u0148d\u017e\u00e1bsk\u00e1 gramatika - Talkpal\",\"isPartOf\":{\"@id\":\"https:\/\/talkpal.ai\/cs\/#website\"},\"datePublished\":\"2025-11-12T16:31:52+00:00\",\"dateModified\":\"2025-12-30T11:35:08+00:00\",\"description\":\"Zvl\u00e1dn\u011bte z\u00e1klady pa\u0148d\u017e\u00e1bsk\u00e9 gramatiky pomoc\u00ed na\u0161eho komplexn\u00edho pr\u016fvodce, kter\u00fd v\u00e1m umo\u017en\u00ed zlep\u0161it si dnes znalost jazyka.\",\"breadcrumb\":{\"@id\":\"https:\/\/talkpal.ai\/cs\/pandzabska-gramatika\/#breadcrumb\"},\"inLanguage\":\"cs\",\"potentialAction\":[{\"@type\":\"ReadAction\",\"target\":[\"https:\/\/talkpal.ai\/cs\/pandzabska-gramatika\/\"]}]},{\"@type\":\"BreadcrumbList\",\"@id\":\"https:\/\/talkpal.ai\/cs\/pandzabska-gramatika\/#breadcrumb\",\"itemListElement\":[{\"@type\":\"ListItem\",\"position\":1,\"name\":\"Homepage\",\"item\":\"https:\/\/talkpal.ai\/cs\/\"},{\"@type\":\"ListItem\",\"position\":2,\"name\":\"Pa\u0148d\u017e\u00e1bsk\u00e1 gramatika\"}]},{\"@type\":\"WebSite\",\"@id\":\"https:\/\/talkpal.ai\/cs\/#website\",\"url\":\"https:\/\/talkpal.ai\/cs\/\",\"name\":\"Talkpal\",\"description\":\"AI Language Learning\",\"publisher\":{\"@id\":\"https:\/\/talkpal.ai\/cs\/#organization\"},\"alternateName\":\"Talkpal AI\",\"potentialAction\":[{\"@type\":\"SearchAction\",\"target\":{\"@type\":\"EntryPoint\",\"urlTemplate\":\"https:\/\/talkpal.ai\/cs\/?s={search_term_string}\"},\"query-input\":{\"@type\":\"PropertyValueSpecification\",\"valueRequired\":true,\"valueName\":\"search_term_string\"}}],\"inLanguage\":\"cs\"},{\"@type\":\"Organization\",\"@id\":\"https:\/\/talkpal.ai\/cs\/#organization\",\"name\":\"Talkpal, Inc.\",\"alternateName\":\"Talkpal AI\",\"url\":\"https:\/\/talkpal.ai\/cs\/\",\"logo\":{\"@type\":\"ImageObject\",\"inLanguage\":\"cs\",\"@id\":\"https:\/\/talkpal.ai\/cs\/#\/schema\/logo\/image\/\",\"url\":\"https:\/\/talkpal.ai\/wp-content\/uploads\/2024\/03\/Talkpal-Logo-Icon.png\",\"contentUrl\":\"https:\/\/talkpal.ai\/wp-content\/uploads\/2024\/03\/Talkpal-Logo-Icon.png\",\"width\":2880,\"height\":2880,\"caption\":\"Talkpal, Inc.\"},\"image\":{\"@id\":\"https:\/\/talkpal.ai\/cs\/#\/schema\/logo\/image\/\"},\"sameAs\":[\"https:\/\/www.facebook.com\/profile.php?id=100090733639311\",\"https:\/\/x.com\/talkpalai\",\"https:\/\/www.linkedin.com\/company\/talkpal\/\",\"https:\/\/www.youtube.com\/@TalkPal\/\",\"https:\/\/www.tiktok.com\/@talkpal\",\"https:\/\/www.instagram.com\/talkpal_ai\/\",\"https:\/\/www.crunchbase.com\/organization\/talkpal-9cde\",\"https:\/\/www.g2.com\/products\/talkpal-for-business\/\",\"https:\/\/www.trustpilot.com\/review\/talkpal.ai\",\"https:\/\/www.capterra.com\/p\/10006800\/TalkPal\/\"],\"description\":\"Talkpal is a language learning web and mobile education app, powered by the latest AI technologies, that provides engaging experiences to its customers in many different languages to help them improve their language skills. Users can chat about unlimited amount of topics with the app and use other modes to practice their language learning.\",\"email\":\"support@talkpal.ai\",\"legalName\":\"Talkpal, Inc.\",\"foundingDate\":\"2023-04-03\",\"duns\":\"118989042\",\"numberOfEmployees\":{\"@type\":\"QuantitativeValue\",\"minValue\":\"11\",\"maxValue\":\"50\"},\"publishingPrinciples\":\"https:\/\/talkpal.ai\/publishing-principles\/\",\"actionableFeedbackPolicy\":\"https:\/\/talkpal.ai\/actionable-feedback-policy\/\",\"correctionsPolicy\":\"https:\/\/talkpal.ai\/corrections-policy\/\",\"ethicsPolicy\":\"https:\/\/talkpal.ai\/ethics-policy\/\",\"diversityPolicy\":\"https:\/\/talkpal.ai\/diversity-policy\/\",\"diversityStaffingReport\":\"https:\/\/talkpal.ai\/diversity-policy\/\"}]}<\/script>\n<!-- \/ Yoast SEO Premium plugin. -->","yoast_head_json":{"title":"Pa\u0148d\u017e\u00e1bsk\u00e1 gramatika - Talkpal","description":"Zvl\u00e1dn\u011bte z\u00e1klady pa\u0148d\u017e\u00e1bsk\u00e9 gramatiky pomoc\u00ed na\u0161eho komplexn\u00edho pr\u016fvodce, kter\u00fd v\u00e1m umo\u017en\u00ed zlep\u0161it si dnes znalost jazyka.","robots":{"index":"index","follow":"follow","max-snippet":"max-snippet:-1","max-image-preview":"max-image-preview:large","max-video-preview":"max-video-preview:-1"},"canonical":"https:\/\/talkpal.ai\/cs\/pandzabska-gramatika\/","og_locale":"cs_CZ","og_type":"article","og_title":"Pa\u0148d\u017e\u00e1bsk\u00e1 gramatika","og_description":"Navigace ve slo\u017eitosti pand\u017e\u00e1bsk\u00e9 gramatiky Pa\u0148d\u017e\u00e1b\u0161tina, indo\u00e1rijsk\u00fd jazyk s bohatou histori\u00ed a kulturn\u00edm v\u00fdznamem, nab\u00edz\u00ed vzru\u0161uj\u00edc\u00ed lingvistick\u00fd","og_url":"https:\/\/talkpal.ai\/cs\/pandzabska-gramatika\/","og_site_name":"Talkpal","article_publisher":"https:\/\/www.facebook.com\/profile.php?id=100090733639311","article_modified_time":"2025-12-30T11:35:08+00:00","og_image":[{"width":2880,"height":1620,"url":"https:\/\/talkpal.ai\/wp-content\/uploads\/2025\/02\/Progress-tab-16_9.png","type":"image\/png"}],"twitter_card":"summary_large_image","twitter_site":"@talkpalai","twitter_misc":{"Odhadovan\u00e1 doba \u010dten\u00ed":"4 minuty"},"schema":{"@context":"https:\/\/schema.org","@graph":[{"@type":"WebPage","@id":"https:\/\/talkpal.ai\/cs\/pandzabska-gramatika\/","url":"https:\/\/talkpal.ai\/cs\/pandzabska-gramatika\/","name":"Pa\u0148d\u017e\u00e1bsk\u00e1 gramatika - Talkpal","isPartOf":{"@id":"https:\/\/talkpal.ai\/cs\/#website"},"datePublished":"2025-11-12T16:31:52+00:00","dateModified":"2025-12-30T11:35:08+00:00","description":"Zvl\u00e1dn\u011bte z\u00e1klady pa\u0148d\u017e\u00e1bsk\u00e9 gramatiky pomoc\u00ed na\u0161eho komplexn\u00edho pr\u016fvodce, kter\u00fd v\u00e1m umo\u017en\u00ed zlep\u0161it si dnes znalost jazyka.","breadcrumb":{"@id":"https:\/\/talkpal.ai\/cs\/pandzabska-gramatika\/#breadcrumb"},"inLanguage":"cs","potentialAction":[{"@type":"ReadAction","target":["https:\/\/talkpal.ai\/cs\/pandzabska-gramatika\/"]}]},{"@type":"BreadcrumbList","@id":"https:\/\/talkpal.ai\/cs\/pandzabska-gramatika\/#breadcrumb","itemListElement":[{"@type":"ListItem","position":1,"name":"Homepage","item":"https:\/\/talkpal.ai\/cs\/"},{"@type":"ListItem","position":2,"name":"Pa\u0148d\u017e\u00e1bsk\u00e1 gramatika"}]},{"@type":"WebSite","@id":"https:\/\/talkpal.ai\/cs\/#website","url":"https:\/\/talkpal.ai\/cs\/","name":"Talkpal","description":"AI Language Learning","publisher":{"@id":"https:\/\/talkpal.ai\/cs\/#organization"},"alternateName":"Talkpal AI","potentialAction":[{"@type":"SearchAction","target":{"@type":"EntryPoint","urlTemplate":"https:\/\/talkpal.ai\/cs\/?s={search_term_string}"},"query-input":{"@type":"PropertyValueSpecification","valueRequired":true,"valueName":"search_term_string"}}],"inLanguage":"cs"},{"@type":"Organization","@id":"https:\/\/talkpal.ai\/cs\/#organization","name":"Talkpal, Inc.","alternateName":"Talkpal AI","url":"https:\/\/talkpal.ai\/cs\/","logo":{"@type":"ImageObject","inLanguage":"cs","@id":"https:\/\/talkpal.ai\/cs\/#\/schema\/logo\/image\/","url":"https:\/\/talkpal.ai\/wp-content\/uploads\/2024\/03\/Talkpal-Logo-Icon.png","contentUrl":"https:\/\/talkpal.ai\/wp-content\/uploads\/2024\/03\/Talkpal-Logo-Icon.png","width":2880,"height":2880,"caption":"Talkpal, Inc."},"image":{"@id":"https:\/\/talkpal.ai\/cs\/#\/schema\/logo\/image\/"},"sameAs":["https:\/\/www.facebook.com\/profile.php?id=100090733639311","https:\/\/x.com\/talkpalai","https:\/\/www.linkedin.com\/company\/talkpal\/","https:\/\/www.youtube.com\/@TalkPal\/","https:\/\/www.tiktok.com\/@talkpal","https:\/\/www.instagram.com\/talkpal_ai\/","https:\/\/www.crunchbase.com\/organization\/talkpal-9cde","https:\/\/www.g2.com\/products\/talkpal-for-business\/","https:\/\/www.trustpilot.com\/review\/talkpal.ai","https:\/\/www.capterra.com\/p\/10006800\/TalkPal\/"],"description":"Talkpal is a language learning web and mobile education app, powered by the latest AI technologies, that provides engaging experiences to its customers in many different languages to help them improve their language skills. Users can chat about unlimited amount of topics with the app and use other modes to practice their language learning.","email":"support@talkpal.ai","legalName":"Talkpal, Inc.","foundingDate":"2023-04-03","duns":"118989042","numberOfEmployees":{"@type":"QuantitativeValue","minValue":"11","maxValue":"50"},"publishingPrinciples":"https:\/\/talkpal.ai\/publishing-principles\/","actionableFeedbackPolicy":"https:\/\/talkpal.ai\/actionable-feedback-policy\/","correctionsPolicy":"https:\/\/talkpal.ai\/corrections-policy\/","ethicsPolicy":"https:\/\/talkpal.ai\/ethics-policy\/","diversityPolicy":"https:\/\/talkpal.ai\/diversity-policy\/","diversityStaffingReport":"https:\/\/talkpal.ai\/diversity-policy\/"}]}},"_links":{"self":[{"href":"https:\/\/talkpal.ai\/cs\/wp-json\/wp\/v2\/pages\/1466814","targetHints":{"allow":["GET"]}}],"collection":[{"href":"https:\/\/talkpal.ai\/cs\/wp-json\/wp\/v2\/pages"}],"about":[{"href":"https:\/\/talkpal.ai\/cs\/wp-json\/wp\/v2\/types\/page"}],"author":[{"embeddable":true,"href":"https:\/\/talkpal.ai\/cs\/wp-json\/wp\/v2\/users\/20"}],"replies":[{"embeddable":true,"href":"https:\/\/talkpal.ai\/cs\/wp-json\/wp\/v2\/comments?post=1466814"}],"version-history":[{"count":0,"href":"https:\/\/talkpal.ai\/cs\/wp-json\/wp\/v2\/pages\/1466814\/revisions"}],"wp:attachment":[{"href":"https:\/\/talkpal.ai\/cs\/wp-json\/wp\/v2\/media?parent=1466814"}],"curies":[{"name":"wp","href":"https:\/\/api.w.org\/{rel}","templated":true}]}}