{"id":1466811,"date":"2025-11-12T11:25:18","date_gmt":"2025-11-12T11:25:18","guid":{"rendered":"https:\/\/talkpal.ai\/khmerska-gramaticka-cviceni\/"},"modified":"2025-12-30T14:44:25","modified_gmt":"2025-12-30T14:44:25","slug":"khmerska-gramaticka-cviceni","status":"publish","type":"page","link":"https:\/\/talkpal.ai\/cs\/khmerska-gramaticka-cviceni\/","title":{"rendered":"Khm\u00e9rsk\u00e1 gramatick\u00e1 cvi\u010den\u00ed"},"content":{"rendered":"\r\n\r\n\r\n<section class=\"languageChallengeSection\">\r\n    <div class=\"languageInfoWrapper\">\r\n        \r\n        <h1>Khm\u00e9rsk\u00e1 gramatick\u00e1 cvi\u010den\u00ed<\/h1>\r\n        <p>Jste p\u0159ipraveni pono\u0159it se do khmersk\u00e9 gramatiky? Procvi\u010den\u00ed n\u011bkolika z\u00e1klad\u016f v\u00e1m pom\u016f\u017ee se s t\u00edmto jedine\u010dn\u00fdm a kr\u00e1sn\u00fdm jazykem s\u017e\u00edt. Vyzkou\u0161ejte tato cvi\u010den\u00ed, abyste si pos\u00edlili sebev\u011bdom\u00ed a pobavili se u toho!<\/p>\r\n\r\n                            <a class=\"getStartedHidden\" href=\"https:\/\/app.talkpal.ai\/cs\/signup?lng=\">Za\u010dni<\/a>\r\n        \r\n    <\/div>\r\n\r\n    <figure>\r\n    <img decoding=\"async\" width=\"768\" height=\"768\" src=\"https:\/\/talkpal.ai\/wp-content\/uploads\/2023\/06\/welsh-768x768.png\" class=\"languageImage no-lazy\" alt=\"Language learning for better cognitive abilities\" fetchpriority=\"high\" sizes=\"(max-width: 768px) 150px, 768px\" srcset=\"https:\/\/talkpal.ai\/wp-content\/uploads\/2023\/06\/welsh-768x768.png 768w, https:\/\/talkpal.ai\/wp-content\/uploads\/2023\/06\/welsh-300x300.png 300w\" \/>\r\n    \r\n\r\n    <\/figure>\r\n\r\n            <a class=\"getStartedVisible\" href=\"https:\/\/app.talkpal.ai\/cs\/signup?lng=\">Za\u010dni<\/a>\r\n    \r\n<\/section><section class=\"promotionalBanner\">\r\n    <p class=\"promotionalText\">Nejefektivn\u011bj\u0161\u00ed <a href=\"https:\/\/talkpal.ai\/best-way-to-learn\/\">zp\u016fsob<\/a>, jak se nau\u010dit jazyk<\/p>\r\n    <a class=\"promotionalLink\" href=\"https:\/\/app.talkpal.ai\/cs\/signup?lng=\">Vyzkou\u0161ejte Talkpal zdarma<\/a>\r\n<\/section>\n<div class=\"wp-block-group pageContainerStyle\"><div class=\"wp-block-group__inner-container is-layout-constrained wp-block-group-is-layout-constrained\">\n<h2 class=\"wp-block-heading\" id=\"h-khmer-grammar-topics\">T\u00e9mata khm\u00e9rsk\u00e9 gramatiky<\/h2>\n\n\n\n<p><a href=\"https:\/\/talkpal.ai\/cs\/nejvetsi-chyby-kterych-je-treba-se-vyvarovat-pri-uceni-noveho-jazyka\/\">Nau\u010dit se nov\u00fd jazyk<\/a> m\u016f\u017ee b\u00fdt n\u00e1ro\u010dn\u00e9, ale obohacuj\u00edc\u00ed \u00fasil\u00ed. Khm\u00e9r\u0161tina, austroasijsk\u00fd jazyk, kter\u00fdm se mluv\u00ed hlavn\u011b v Kambod\u017ei, nen\u00ed v\u00fdjimkou. <a href=\"https:\/\/talkpal.ai\/cs\/talkpal-pro-vzdelavani\/\">U\u010den\u00ed<\/a> khm\u00e9r\u0161tiny se svou analytickou strukturou a charakteristick\u00fdmi \u010d\u00e1sticemi vy\u017eaduje systematick\u00fd p\u0159\u00edstup k pochopen\u00ed toho, jak je v\u00fdznam budov\u00e1n bez sklo\u0148ov\u00e1n\u00ed. Tato p\u0159\u00edru\u010dka nasti\u0148uje kl\u00ed\u010dov\u00e9 oblasti <a href=\"https:\/\/talkpal.ai\/cs\/khmerska-gramatika\/\">khmersk\u00e9 gramatiky<\/a> v logick\u00e9m po\u0159ad\u00ed pro <a href=\"https:\/\/talkpal.ai\/cs\/chatbot-s-umelou-inteligenci-pro-vyuku-jazyku\/\">v\u00fduku jazyk\u016f<\/a>, po\u010d\u00ednaje z\u00e1klady, jako jsou podstatn\u00e1 jm\u00e9na a \u010dleny, a pokra\u010duje slo\u017eit\u011bj\u0161\u00edmi oblastmi, jako jsou \u010dasy a stavba v\u011bt.<\/p>\n\n\n\n<h3 class=\"wp-block-heading\" id=\"h-1-nouns\">1. Podstatn\u00e1 jm\u00e9na:<\/h3>\n\n\n\n<p>Za\u010dn\u011bte svou cestu khmersk\u00fdm jazykem t\u00edm, \u017ee se nau\u010d\u00edte podstatn\u00e1 jm\u00e9na. To zahrnuje pochopen\u00ed obecn\u00fdch a vlastn\u00edch podstatn\u00fdch jmen, toho, jak je pluralita \u010dasto zobrazov\u00e1na kvantifik\u00e1tory, klasifik\u00e1tory nebo reduplikac\u00ed sp\u00ed\u0161e ne\u017e sklo\u0148ov\u00e1n\u00edm, a absenci gramatick\u00e9ho rodu nebo p\u00e1du.<\/p>\n\n\n\n<h3 class=\"wp-block-heading\" id=\"h-2-articles\">2. \u010cl\u00e1nky:<\/h3>\n\n\n\n<p>Khm\u00e9r\u0161tina nepou\u017e\u00edv\u00e1 ur\u010dit\u00e9 nebo neur\u010dit\u00e9 \u010dleny jako v <a href=\"https:\/\/talkpal.ai\/ai-english-speaking-practice\/\">angli\u010dtin\u011b<\/a>. Ur\u010ditost je vyj\u00e1d\u0159ena kontextem nebo ukazovac\u00edmi z\u00e1jmeny, jako je \u1793\u17c1\u17c7 toto a \u1793\u17c4\u17c7 tamto, zat\u00edmco neur\u010ditost m\u016f\u017ee b\u00fdt vyj\u00e1d\u0159ena \u010d\u00edslic\u00ed \u1798\u17bd\u179e jedna nebo slova jako \u1798\u17bd\u179e\u179e<\/p>\n\n\n\n<h3 class=\"wp-block-heading\" id=\"h-3-adjectives\">3. P\u0159\u00eddavn\u00e1 jm\u00e9na:<\/h3>\n\n\n\n<p>P\u0159\u00eddavn\u00e1 jm\u00e9na v khm\u00e9r\u0161tin\u011b obvykle n\u00e1sleduj\u00ed po sv\u00fdch podstatn\u00fdch jm\u00e9nech a mohou fungovat jako stativick\u00e1 slovesa v predik\u00e1tech. Nau\u010dte se zna\u010dky stup\u0148\u016f a srovn\u00e1n\u00ed, jako je \u178e\u17b6\u179f\u17cb velmi, \u1787\u17b6\u1784 pro komparativn\u00ed a \u1787\u17b6\u1784\u1782\u17c1 pro superlativ, stejn\u011b jako reduplikace pro zd\u016frazn\u011bn\u00ed.<\/p>\n\n\n\n<h3 class=\"wp-block-heading\" id=\"h-4-pronouns-determiners\">4. Z\u00e1jmena\/determinanty:<\/h3>\n\n\n\n<p>Z\u00e1jmena a determinanty jsou v khmer\u0161tin\u011b z\u00e1sadn\u00ed a odr\u00e1\u017eej\u00ed \u00farove\u0148 form\u00e1lnosti a soci\u00e1ln\u00edch vztah\u016f. Osvojte si osobn\u00ed z\u00e1jmena, ukazovac\u00ed z\u00e1jmena, kvantifik\u00e1tory, \u010d\u00edslovky s klasifik\u00e1tory a vlastnictv\u00ed pomoc\u00ed sekvenc\u00ed \u179a\u1794\u179f\u17cb nebo podstatn\u00fdch jmen a podstatn\u00fdch jmen pro jasnou a vhodnou komunikaci.<\/p>\n\n\n\n<h3 class=\"wp-block-heading\" id=\"h-5-verbs\">5. Slovesa:<\/h3>\n\n\n\n<p>Khmersk\u00e1 slovesa se ne\u010dasuj\u00ed pro osobu nebo \u010das. Aspekt, \u010das a n\u00e1lada jsou zn\u00e1zorn\u011bny \u010d\u00e1sticemi a p\u0159\u00edslovci, jako je \u1780\u17c6\u1796\u17bb\u1784 progresivn\u00ed, \u1794\u17b6\u1793 dokon\u010den\u00fd nebo minul\u00fd, \u1793\u17b9\u1784 budoucnost nebo z\u00e1m\u011br, \u1791\u17be\u1794 spravedliv\u00fd a \u178f\u17c2\u1784 obvykl\u00fd, spolu se s\u00e9riov\u00fdmi slovesn\u00fdmi vazbami a omezen\u00fdm pou\u017eit\u00edm kopul\u00ed, jako je \u1787\u17b6 pro klasifikaci a \u1793\u17c5 pro um\u00edst\u011bn\u00ed.<\/p>\n\n\n\n<h3 class=\"wp-block-heading\" id=\"h-6-tenses\">6. \u010casy:<\/h3>\n\n\n\n<p>Po zvl\u00e1dnut\u00ed pou\u017e\u00edv\u00e1n\u00ed sloves prozkoumejte, jak khm\u00e9r\u0161tina vyjad\u0159uje \u010das bez flektivn\u00edch \u010das\u016f. P\u0159\u00edtomnost je \u010dasto neozna\u010den\u00e1, minulost je b\u011b\u017en\u011b ozna\u010dov\u00e1na \u1794\u17b6\u1793 nebo \u010dasov\u00fdmi v\u00fdrazy a budoucnost nebo z\u00e1m\u011br je zobrazen pomoc\u00ed \u1793\u17b9\u1784 nebo kontext, s dokon\u010dovac\u00edmi nuancemi \u010dasto ozna\u010den\u00fdmi \u17a0\u17be\u1799 ji\u017e \u17a0\u17be\u1799.<\/p>\n\n\n\n<h3 class=\"wp-block-heading\" id=\"h-7-tense-comparison\">7. Srovn\u00e1n\u00ed \u010das\u016f:<\/h3>\n\n\n\n<p>Porovn\u00e1v\u00e1n\u00ed \u010dasu a vidu v khm\u00e9r\u0161tin\u011b se zam\u011b\u0159uje sp\u00ed\u0161e na \u010d\u00e1stice a p\u0159\u00edslovce ne\u017e na zm\u011bny sloves. Pou\u017eit\u00ed stejn\u00e9ho slovesa s \u010d\u00e1sticemi jako \u1794\u17b6\u1793, \u1793\u17b9\u1784 a \u1780\u1780\u179e\u1796\u17bb\u1784 v r\u016fzn\u00fdch kontextech objasn\u00ed, jak jsou vyjad\u0159ov\u00e1ny sekvence ud\u00e1lost\u00ed.<\/p>\n\n\n\n<h3 class=\"wp-block-heading\" id=\"h-8-progressive\">8. Progresivn\u00ed:<\/h3>\n\n\n\n<p>Progresivn\u00ed se v khm\u00e9r\u0161tin\u011b pou\u017e\u00edv\u00e1 k vyj\u00e1d\u0159en\u00ed prob\u00edhaj\u00edc\u00edch akc\u00ed. Tvo\u0159\u00ed se um\u00edst\u011bn\u00edm \u1780\u17c6\u1796\u17bb\u1784 p\u0159ed hlavn\u00ed sloveso, s voliteln\u00fdm \u178f\u17c2 pro zd\u016frazn\u011bn\u00ed, a m\u016f\u017ee b\u00fdt kombinov\u00e1no s \u010dasov\u00fdmi v\u00fdrazy pro srozumitelnost.<\/p>\n\n\n\n<h3 class=\"wp-block-heading\" id=\"h-9-perfect-progressive\">9. Perfektn\u00ed progresivn\u00ed:<\/h3>\n\n\n\n<p>Pou\u017e\u00edv\u00e1 se k vyj\u00e1d\u0159en\u00ed akc\u00ed, kter\u00e9 prob\u00edhaly a\u017e do ur\u010dit\u00e9ho bodu. V khm\u00e9r\u0161tin\u011b lze dosavadn\u00ed kontinuitu uk\u00e1zat pomoc\u00ed \u1780\u17c6\u1796\u17bb\u1784 &#8230; \u1798\u1780 nebo \u1794\u17b6\u1793 + sloveso + \u1798\u1780 spole\u010dn\u011b s fr\u00e1zemi o d\u00e9lce trv\u00e1n\u00ed, v z\u00e1vislosti na kontextu a d\u016frazu.<\/p>\n\n\n\n<h3 class=\"wp-block-heading\" id=\"h-10-conditionals\">10. Kondicion\u00e1ly:<\/h3>\n\n\n\n<p>Kondicion\u00e1ly vyjad\u0159uj\u00ed hypotetick\u00e9 situace a v\u00fdsledky. Khm\u00e9r\u0161tina b\u011b\u017en\u011b pou\u017e\u00edv\u00e1 \u1794\u17be nebo \u1794\u17d2\u179a\u179f\u17b7\u1793\u1794\u17be pro if ve podm\u00ednkov\u00e9 v\u011bt\u011b, p\u0159i\u010dem\u017e v\u00fdsledek je \u010dasto ozna\u010den \u010d\u00e1sticemi jako \u1793\u17c4\u17c7 nebo vhodn\u00fdmi mod\u00e1ln\u00edmi v\u00fdrazy pro nuance.<\/p>\n\n\n\n<h3 class=\"wp-block-heading\" id=\"h-11-adverbs\">11. P\u0159\u00edslovce:<\/h3>\n\n\n\n<p>P\u0159\u00edslovce v khm\u00e9r\u0161tin\u011b modifikuj\u00ed slovesa, p\u0159\u00eddavn\u00e1 jm\u00e9na nebo jin\u00e1 p\u0159\u00edslovce a zahrnuj\u00ed zp\u016fsob, m\u00edsto, \u010das a stupe\u0148. Pozice je flexibiln\u00ed, s \u010dasov\u00fdmi p\u0159\u00edslovci \u010dasto na za\u010d\u00e1tku, zp\u016fsobem \u010dasto za slovesem a stup\u0148ovit\u00fdmi slovy jako \u178e\u17b6\u179f\u17cb a \u1794\u1793\u17d2\u178f\u179e\u1785 tvaruj\u00edc\u00ed intenzitu.<\/p>\n\n\n\n<h3 class=\"wp-block-heading\" id=\"h-12-prepositions\">12. P\u0159edlo\u017eky:<\/h3>\n\n\n\n<p>P\u0159edlo\u017eky spojuj\u00ed slova a fr\u00e1ze, aby uk\u00e1zaly vztahy \u010dasu, m\u00edsta a sm\u011bru. Khm\u00e9r\u0161tina pou\u017e\u00edv\u00e1 polo\u017eky jako \u1793\u17c5 at nebo in, \u1791\u17c5 to, \u1796\u17b8 from a rela\u010dn\u00ed tvary jako \u1781\u17b6\u1784\u1780\u17d2\u179a\u179e\ufffd behind a \u179b\u17be on, \u010dasto v kombinaci s podstatn\u00fdmi jm\u00e9ny lokalizace.<\/p>\n\n\n\n<h3 class=\"wp-block-heading\" id=\"h-13-sentences\">13. V\u011bty:<\/h3>\n\n\n\n<p>Nakonec si procvi\u010dte vytv\u00e1\u0159en\u00ed v\u011bt. <a href=\"https:\/\/talkpal.ai\/learn-khmer\/\">Khmer\u0161tina<\/a> inklinuje k po\u0159ad\u00ed SVO s \u010dast\u00fdmi strukturami t\u00e9mat-koment\u00e1\u0159\u016f. Mistrovsk\u00e1 negace s \u1798\u17b7\u1793 &#8230; \u1791\u17c1 ve standardn\u00edm pou\u017eit\u00ed a b\u011b\u017en\u00fdch hovorov\u00fdch form\u00e1ch, imperativy s \u010d\u00e1sticemi jako \u179f\u17bc\u1798 a integrace v\u0161ech d\u0159\u00edve nau\u010den\u00fdch gramatick\u00fdch bod\u016f do kontextu.<\/p>\n<\/div><\/div>\n\r\n<section class=\"learnNavigationSection\">\r\n            \r\n        <a href=\"https:\/\/talkpal.ai\/cs\/naucte-se-velstinu\/\">\r\n            <div class=\"learnNavigationWrapper\">\r\n                <div class=\"learnNavigationContent\">\r\n                    <img decoding=\"async\" src=\"https:\/\/talkpal.ai\/wp-content\/uploads\/2025\/11\/Khmer.png\" alt=\"Cambodian Flag\">\r\n                    <div>\r\n                        <h4>O u\u010den\u00ed khm\u00e9r\u0161tiny<\/h4>\r\n                        <p>Zjist\u011bte v\u0161e o khmersk\u00e9 gramatice.<\/p>\r\n                    <\/div>\r\n                <\/div>\r\n            <\/div>\r\n        <\/a>\r\n\r\n        \r\n        <a href=\"https:\/\/talkpal.ai\/cs\/khmerska-gramatika\/\">\r\n            <div class=\"learnNavigationWrapper\">\r\n                <div class=\"learnNavigationContent\">\r\n                    <img decoding=\"async\" src=\"https:\/\/talkpal.ai\/wp-content\/uploads\/2025\/11\/Khmer.png\" alt=\"Cambodian Flag\">\r\n                    <div>\r\n                        <h4>Lekce khm\u00e9rsk\u00e9 gramatiky<\/h4>\r\n                        <p>Procvi\u010dujte khmerskou gramatiku.<\/p>\r\n                    <\/div>\r\n                <\/div>\r\n            <\/div>\r\n        <\/a>\r\n\r\n            <\/section>","protected":false},"excerpt":{"rendered":"<p>T\u00e9mata khm\u00e9rsk\u00e9 gramatiky Nau\u010dit se nov\u00fd jazyk m\u016f\u017ee b\u00fdt n\u00e1ro\u010dn\u00e9, ale obohacuj\u00edc\u00ed \u00fasil\u00ed. Khm\u00e9r\u0161tina, austroasijsk\u00fd jazyk, kter\u00fdm se mluv\u00ed hlavn\u011b v Kambod\u017ei, nen\u00ed v\u00fdjimkou. U\u010den\u00ed khm\u00e9r\u0161tiny se svou analytickou strukturou a charakteristick\u00fdmi \u010d\u00e1sticemi vy\u017eaduje systematick\u00fd p\u0159\u00edstup k pochopen\u00ed toho, jak je v\u00fdznam budov\u00e1n bez sklo\u0148ov\u00e1n\u00ed. Tato p\u0159\u00edru\u010dka nasti\u0148uje kl\u00ed\u010dov\u00e9 oblasti khmersk\u00e9 gramatiky v logick\u00e9m po\u0159ad\u00ed [&hellip;]<\/p>\n","protected":false},"author":20,"featured_media":0,"parent":0,"menu_order":0,"comment_status":"closed","ping_status":"closed","template":"LearningContentPage.php","meta":{"_acf_changed":false,"footnotes":""},"class_list":["post-1466811","page","type-page","status-publish","hentry"],"acf":[],"yoast_head":"<!-- This site is optimized with the Yoast SEO Premium plugin v27.2 (Yoast SEO v27.2) - https:\/\/yoast.com\/product\/yoast-seo-premium-wordpress\/ -->\n<title>Khm\u00e9rsk\u00e1 gramatick\u00e1 cvi\u010den\u00ed - Talkpal<\/title>\n<meta name=\"description\" content=\"Zlep\u0161ete sv\u00e9 znalosti pomoc\u00ed interaktivn\u00edch cvi\u010den\u00ed z khmersk\u00e9 gramatiky, kter\u00e1 v\u00e1m pomohou mluvit a ps\u00e1t s jistotou.\" \/>\n<meta name=\"robots\" content=\"index, follow, max-snippet:-1, max-image-preview:large, max-video-preview:-1\" \/>\n<link rel=\"canonical\" href=\"https:\/\/talkpal.ai\/cs\/khmerska-gramaticka-cviceni\/\" \/>\n<meta property=\"og:locale\" content=\"cs_CZ\" \/>\n<meta property=\"og:type\" content=\"article\" \/>\n<meta property=\"og:title\" content=\"Khm\u00e9rsk\u00e1 gramatick\u00e1 cvi\u010den\u00ed\" \/>\n<meta property=\"og:description\" content=\"T\u00e9mata khm\u00e9rsk\u00e9 gramatiky Nau\u010dit se nov\u00fd jazyk m\u016f\u017ee b\u00fdt n\u00e1ro\u010dn\u00e9, ale obohacuj\u00edc\u00ed \u00fasil\u00ed. Khm\u00e9r\u0161tina, austroasijsk\u00fd jazyk, kter\u00fdm se mluv\u00ed hlavn\u011b v\" \/>\n<meta property=\"og:url\" content=\"https:\/\/talkpal.ai\/cs\/khmerska-gramaticka-cviceni\/\" \/>\n<meta property=\"og:site_name\" content=\"Talkpal\" \/>\n<meta property=\"article:publisher\" content=\"https:\/\/www.facebook.com\/profile.php?id=100090733639311\" \/>\n<meta property=\"article:modified_time\" content=\"2025-12-30T14:44:25+00:00\" \/>\n<meta property=\"og:image\" content=\"https:\/\/talkpal.ai\/wp-content\/uploads\/2025\/02\/Progress-tab-16_9.png\" \/>\n\t<meta property=\"og:image:width\" content=\"2880\" \/>\n\t<meta property=\"og:image:height\" content=\"1620\" \/>\n\t<meta property=\"og:image:type\" content=\"image\/png\" \/>\n<meta name=\"twitter:card\" content=\"summary_large_image\" \/>\n<meta name=\"twitter:site\" content=\"@talkpalai\" \/>\n<meta name=\"twitter:label1\" content=\"Odhadovan\u00e1 doba \u010dten\u00ed\" \/>\n\t<meta name=\"twitter:data1\" content=\"4 minuty\" \/>\n<script type=\"application\/ld+json\" class=\"yoast-schema-graph\">{\"@context\":\"https:\/\/schema.org\",\"@graph\":[{\"@type\":\"WebPage\",\"@id\":\"https:\/\/talkpal.ai\/cs\/khmerska-gramaticka-cviceni\/\",\"url\":\"https:\/\/talkpal.ai\/cs\/khmerska-gramaticka-cviceni\/\",\"name\":\"Khm\u00e9rsk\u00e1 gramatick\u00e1 cvi\u010den\u00ed - Talkpal\",\"isPartOf\":{\"@id\":\"https:\/\/talkpal.ai\/cs\/#website\"},\"datePublished\":\"2025-11-12T11:25:18+00:00\",\"dateModified\":\"2025-12-30T14:44:25+00:00\",\"description\":\"Zlep\u0161ete sv\u00e9 znalosti pomoc\u00ed interaktivn\u00edch cvi\u010den\u00ed z khmersk\u00e9 gramatiky, kter\u00e1 v\u00e1m pomohou mluvit a ps\u00e1t s jistotou.\",\"breadcrumb\":{\"@id\":\"https:\/\/talkpal.ai\/cs\/khmerska-gramaticka-cviceni\/#breadcrumb\"},\"inLanguage\":\"cs\",\"potentialAction\":[{\"@type\":\"ReadAction\",\"target\":[\"https:\/\/talkpal.ai\/cs\/khmerska-gramaticka-cviceni\/\"]}]},{\"@type\":\"BreadcrumbList\",\"@id\":\"https:\/\/talkpal.ai\/cs\/khmerska-gramaticka-cviceni\/#breadcrumb\",\"itemListElement\":[{\"@type\":\"ListItem\",\"position\":1,\"name\":\"Homepage\",\"item\":\"https:\/\/talkpal.ai\/cs\/\"},{\"@type\":\"ListItem\",\"position\":2,\"name\":\"Khm\u00e9rsk\u00e1 gramatick\u00e1 cvi\u010den\u00ed\"}]},{\"@type\":\"WebSite\",\"@id\":\"https:\/\/talkpal.ai\/cs\/#website\",\"url\":\"https:\/\/talkpal.ai\/cs\/\",\"name\":\"Talkpal\",\"description\":\"AI Language Learning\",\"publisher\":{\"@id\":\"https:\/\/talkpal.ai\/cs\/#organization\"},\"alternateName\":\"Talkpal AI\",\"potentialAction\":[{\"@type\":\"SearchAction\",\"target\":{\"@type\":\"EntryPoint\",\"urlTemplate\":\"https:\/\/talkpal.ai\/cs\/?s={search_term_string}\"},\"query-input\":{\"@type\":\"PropertyValueSpecification\",\"valueRequired\":true,\"valueName\":\"search_term_string\"}}],\"inLanguage\":\"cs\"},{\"@type\":\"Organization\",\"@id\":\"https:\/\/talkpal.ai\/cs\/#organization\",\"name\":\"Talkpal, Inc.\",\"alternateName\":\"Talkpal AI\",\"url\":\"https:\/\/talkpal.ai\/cs\/\",\"logo\":{\"@type\":\"ImageObject\",\"inLanguage\":\"cs\",\"@id\":\"https:\/\/talkpal.ai\/cs\/#\/schema\/logo\/image\/\",\"url\":\"https:\/\/talkpal.ai\/wp-content\/uploads\/2024\/03\/Talkpal-Logo-Icon.png\",\"contentUrl\":\"https:\/\/talkpal.ai\/wp-content\/uploads\/2024\/03\/Talkpal-Logo-Icon.png\",\"width\":2880,\"height\":2880,\"caption\":\"Talkpal, Inc.\"},\"image\":{\"@id\":\"https:\/\/talkpal.ai\/cs\/#\/schema\/logo\/image\/\"},\"sameAs\":[\"https:\/\/www.facebook.com\/profile.php?id=100090733639311\",\"https:\/\/x.com\/talkpalai\",\"https:\/\/www.linkedin.com\/company\/talkpal\/\",\"https:\/\/www.youtube.com\/@TalkPal\/\",\"https:\/\/www.tiktok.com\/@talkpal\",\"https:\/\/www.instagram.com\/talkpal_ai\/\",\"https:\/\/www.crunchbase.com\/organization\/talkpal-9cde\",\"https:\/\/www.g2.com\/products\/talkpal-for-business\/\",\"https:\/\/www.trustpilot.com\/review\/talkpal.ai\",\"https:\/\/www.capterra.com\/p\/10006800\/TalkPal\/\"],\"description\":\"Talkpal is a language learning web and mobile education app, powered by the latest AI technologies, that provides engaging experiences to its customers in many different languages to help them improve their language skills. Users can chat about unlimited amount of topics with the app and use other modes to practice their language learning.\",\"email\":\"support@talkpal.ai\",\"legalName\":\"Talkpal, Inc.\",\"foundingDate\":\"2023-04-03\",\"duns\":\"118989042\",\"numberOfEmployees\":{\"@type\":\"QuantitativeValue\",\"minValue\":\"11\",\"maxValue\":\"50\"},\"publishingPrinciples\":\"https:\/\/talkpal.ai\/publishing-principles\/\",\"actionableFeedbackPolicy\":\"https:\/\/talkpal.ai\/actionable-feedback-policy\/\",\"correctionsPolicy\":\"https:\/\/talkpal.ai\/corrections-policy\/\",\"ethicsPolicy\":\"https:\/\/talkpal.ai\/ethics-policy\/\",\"diversityPolicy\":\"https:\/\/talkpal.ai\/diversity-policy\/\",\"diversityStaffingReport\":\"https:\/\/talkpal.ai\/diversity-policy\/\"}]}<\/script>\n<!-- \/ Yoast SEO Premium plugin. -->","yoast_head_json":{"title":"Khm\u00e9rsk\u00e1 gramatick\u00e1 cvi\u010den\u00ed - Talkpal","description":"Zlep\u0161ete sv\u00e9 znalosti pomoc\u00ed interaktivn\u00edch cvi\u010den\u00ed z khmersk\u00e9 gramatiky, kter\u00e1 v\u00e1m pomohou mluvit a ps\u00e1t s jistotou.","robots":{"index":"index","follow":"follow","max-snippet":"max-snippet:-1","max-image-preview":"max-image-preview:large","max-video-preview":"max-video-preview:-1"},"canonical":"https:\/\/talkpal.ai\/cs\/khmerska-gramaticka-cviceni\/","og_locale":"cs_CZ","og_type":"article","og_title":"Khm\u00e9rsk\u00e1 gramatick\u00e1 cvi\u010den\u00ed","og_description":"T\u00e9mata khm\u00e9rsk\u00e9 gramatiky Nau\u010dit se nov\u00fd jazyk m\u016f\u017ee b\u00fdt n\u00e1ro\u010dn\u00e9, ale obohacuj\u00edc\u00ed \u00fasil\u00ed. Khm\u00e9r\u0161tina, austroasijsk\u00fd jazyk, kter\u00fdm se mluv\u00ed hlavn\u011b v","og_url":"https:\/\/talkpal.ai\/cs\/khmerska-gramaticka-cviceni\/","og_site_name":"Talkpal","article_publisher":"https:\/\/www.facebook.com\/profile.php?id=100090733639311","article_modified_time":"2025-12-30T14:44:25+00:00","og_image":[{"width":2880,"height":1620,"url":"https:\/\/talkpal.ai\/wp-content\/uploads\/2025\/02\/Progress-tab-16_9.png","type":"image\/png"}],"twitter_card":"summary_large_image","twitter_site":"@talkpalai","twitter_misc":{"Odhadovan\u00e1 doba \u010dten\u00ed":"4 minuty"},"schema":{"@context":"https:\/\/schema.org","@graph":[{"@type":"WebPage","@id":"https:\/\/talkpal.ai\/cs\/khmerska-gramaticka-cviceni\/","url":"https:\/\/talkpal.ai\/cs\/khmerska-gramaticka-cviceni\/","name":"Khm\u00e9rsk\u00e1 gramatick\u00e1 cvi\u010den\u00ed - Talkpal","isPartOf":{"@id":"https:\/\/talkpal.ai\/cs\/#website"},"datePublished":"2025-11-12T11:25:18+00:00","dateModified":"2025-12-30T14:44:25+00:00","description":"Zlep\u0161ete sv\u00e9 znalosti pomoc\u00ed interaktivn\u00edch cvi\u010den\u00ed z khmersk\u00e9 gramatiky, kter\u00e1 v\u00e1m pomohou mluvit a ps\u00e1t s jistotou.","breadcrumb":{"@id":"https:\/\/talkpal.ai\/cs\/khmerska-gramaticka-cviceni\/#breadcrumb"},"inLanguage":"cs","potentialAction":[{"@type":"ReadAction","target":["https:\/\/talkpal.ai\/cs\/khmerska-gramaticka-cviceni\/"]}]},{"@type":"BreadcrumbList","@id":"https:\/\/talkpal.ai\/cs\/khmerska-gramaticka-cviceni\/#breadcrumb","itemListElement":[{"@type":"ListItem","position":1,"name":"Homepage","item":"https:\/\/talkpal.ai\/cs\/"},{"@type":"ListItem","position":2,"name":"Khm\u00e9rsk\u00e1 gramatick\u00e1 cvi\u010den\u00ed"}]},{"@type":"WebSite","@id":"https:\/\/talkpal.ai\/cs\/#website","url":"https:\/\/talkpal.ai\/cs\/","name":"Talkpal","description":"AI Language Learning","publisher":{"@id":"https:\/\/talkpal.ai\/cs\/#organization"},"alternateName":"Talkpal AI","potentialAction":[{"@type":"SearchAction","target":{"@type":"EntryPoint","urlTemplate":"https:\/\/talkpal.ai\/cs\/?s={search_term_string}"},"query-input":{"@type":"PropertyValueSpecification","valueRequired":true,"valueName":"search_term_string"}}],"inLanguage":"cs"},{"@type":"Organization","@id":"https:\/\/talkpal.ai\/cs\/#organization","name":"Talkpal, Inc.","alternateName":"Talkpal AI","url":"https:\/\/talkpal.ai\/cs\/","logo":{"@type":"ImageObject","inLanguage":"cs","@id":"https:\/\/talkpal.ai\/cs\/#\/schema\/logo\/image\/","url":"https:\/\/talkpal.ai\/wp-content\/uploads\/2024\/03\/Talkpal-Logo-Icon.png","contentUrl":"https:\/\/talkpal.ai\/wp-content\/uploads\/2024\/03\/Talkpal-Logo-Icon.png","width":2880,"height":2880,"caption":"Talkpal, Inc."},"image":{"@id":"https:\/\/talkpal.ai\/cs\/#\/schema\/logo\/image\/"},"sameAs":["https:\/\/www.facebook.com\/profile.php?id=100090733639311","https:\/\/x.com\/talkpalai","https:\/\/www.linkedin.com\/company\/talkpal\/","https:\/\/www.youtube.com\/@TalkPal\/","https:\/\/www.tiktok.com\/@talkpal","https:\/\/www.instagram.com\/talkpal_ai\/","https:\/\/www.crunchbase.com\/organization\/talkpal-9cde","https:\/\/www.g2.com\/products\/talkpal-for-business\/","https:\/\/www.trustpilot.com\/review\/talkpal.ai","https:\/\/www.capterra.com\/p\/10006800\/TalkPal\/"],"description":"Talkpal is a language learning web and mobile education app, powered by the latest AI technologies, that provides engaging experiences to its customers in many different languages to help them improve their language skills. Users can chat about unlimited amount of topics with the app and use other modes to practice their language learning.","email":"support@talkpal.ai","legalName":"Talkpal, Inc.","foundingDate":"2023-04-03","duns":"118989042","numberOfEmployees":{"@type":"QuantitativeValue","minValue":"11","maxValue":"50"},"publishingPrinciples":"https:\/\/talkpal.ai\/publishing-principles\/","actionableFeedbackPolicy":"https:\/\/talkpal.ai\/actionable-feedback-policy\/","correctionsPolicy":"https:\/\/talkpal.ai\/corrections-policy\/","ethicsPolicy":"https:\/\/talkpal.ai\/ethics-policy\/","diversityPolicy":"https:\/\/talkpal.ai\/diversity-policy\/","diversityStaffingReport":"https:\/\/talkpal.ai\/diversity-policy\/"}]}},"_links":{"self":[{"href":"https:\/\/talkpal.ai\/cs\/wp-json\/wp\/v2\/pages\/1466811","targetHints":{"allow":["GET"]}}],"collection":[{"href":"https:\/\/talkpal.ai\/cs\/wp-json\/wp\/v2\/pages"}],"about":[{"href":"https:\/\/talkpal.ai\/cs\/wp-json\/wp\/v2\/types\/page"}],"author":[{"embeddable":true,"href":"https:\/\/talkpal.ai\/cs\/wp-json\/wp\/v2\/users\/20"}],"replies":[{"embeddable":true,"href":"https:\/\/talkpal.ai\/cs\/wp-json\/wp\/v2\/comments?post=1466811"}],"version-history":[{"count":0,"href":"https:\/\/talkpal.ai\/cs\/wp-json\/wp\/v2\/pages\/1466811\/revisions"}],"wp:attachment":[{"href":"https:\/\/talkpal.ai\/cs\/wp-json\/wp\/v2\/media?parent=1466811"}],"curies":[{"name":"wp","href":"https:\/\/api.w.org\/{rel}","templated":true}]}}