{"id":1466803,"date":"2025-11-11T17:01:21","date_gmt":"2025-11-11T17:01:21","guid":{"rendered":"https:\/\/talkpal.ai\/gruzinska-gramatika\/"},"modified":"2025-12-30T14:53:39","modified_gmt":"2025-12-30T14:53:39","slug":"gruzinska-gramatika","status":"publish","type":"page","link":"https:\/\/talkpal.ai\/cs\/gruzinska-gramatika\/","title":{"rendered":"Gruz\u00ednsk\u00e1 gramatika"},"content":{"rendered":"\r\n\r\n\r\n<section class=\"languageChallengeSection\">\r\n    <div class=\"languageInfoWrapper\">\r\n        \r\n        <h1>Gruz\u00ednsk\u00e1 gramatika<\/h1>\r\n        <p>Gruz\u00ednsk\u00e1 <a href=\"https:\/\/talkpal.ai\/sq\/gramatika\/\">gramatika<\/a> se m\u016f\u017ee na prvn\u00ed pohled zd\u00e1t n\u00e1ro\u010dn\u00e1, ale d\u00edky jej\u00edm jedine\u010dn\u00fdm vlastnostem je u\u010den\u00ed jazyka obohacuj\u00edc\u00ed zku\u0161enost\u00ed. P\u0159i zkoum\u00e1n\u00ed abecedy, mutac\u00ed a gramatick\u00fdch pravidel z\u00edsk\u00e1te p\u0159ehled o bohat\u00e9 jazykov\u00e9 tradici. Vydejte se na cestu a objevte kr\u00e1sy gruz\u00edn\u0161tiny!<\/p>\r\n\r\n                            <a class=\"getStartedHidden\" href=\"https:\/\/app.talkpal.ai\/cs\/signup?lng=\">Za\u010dni<\/a>\r\n        \r\n    <\/div>\r\n\r\n    <figure>\r\n    <img decoding=\"async\" width=\"768\" height=\"768\" src=\"https:\/\/talkpal.ai\/wp-content\/uploads\/2023\/06\/welsh-768x768.png\" class=\"languageImage no-lazy\" alt=\"Language learning for better cognitive abilities\" fetchpriority=\"high\" sizes=\"(max-width: 768px) 150px, 768px\" srcset=\"https:\/\/talkpal.ai\/wp-content\/uploads\/2023\/06\/welsh-768x768.png 768w, https:\/\/talkpal.ai\/wp-content\/uploads\/2023\/06\/welsh-300x300.png 300w\" \/>\r\n    \r\n\r\n    <\/figure>\r\n\r\n            <a class=\"getStartedVisible\" href=\"https:\/\/app.talkpal.ai\/cs\/signup?lng=\">Za\u010dni<\/a>\r\n    \r\n<\/section><section class=\"promotionalBanner\">\r\n    <p class=\"promotionalText\">Nejefektivn\u011bj\u0161\u00ed zp\u016fsob, jak se nau\u010dit jazyk<\/p>\r\n    <a class=\"promotionalLink\" href=\"https:\/\/app.talkpal.ai\/cs\/signup?lng=\">Vyzkou\u0161ejte Talkpal zdarma<\/a>\r\n<\/section>\n<div class=\"wp-block-group pageContainerStyle\"><div class=\"wp-block-group__inner-container is-layout-constrained wp-block-group-is-layout-constrained\">\n<h2 class=\"wp-block-heading\" id=\"h-navigating-the-intricacies-of-georgian-grammar\">Orientace ve spletitosti gruz\u00ednsk\u00e9 gramatiky<\/h2>\n\n\n\n<p><a href=\"https:\/\/talkpal.ai\/cs\/naucte-se-gruzinsky\/\">Gruz\u00edn\u0161tina<\/a>, kartvelsk\u00fd jazyk s bohatou histori\u00ed a kulturn\u00edm v\u00fdznamem, nab\u00edz\u00ed vzru\u0161uj\u00edc\u00ed lingvistick\u00fd z\u00e1\u017eitek pro ty, kte\u0159\u00ed tou\u017e\u00ed prozkoumat jej\u00ed jedine\u010dn\u00fd gramatick\u00fd syst\u00e9m. Kdy\u017e se vyd\u00e1te do \u0159\u00ed\u0161e gruz\u00edn\u0161tiny, obohat\u00edte nejen sv\u016fj jazykov\u00fd reperto\u00e1r, ale tak\u00e9 se vyd\u00e1te na fascinuj\u00edc\u00ed kulturn\u00ed cestu. I kdy\u017e se gruz\u00ednsk\u00e1 gramatika m\u016f\u017ee na prvn\u00ed pohled zd\u00e1t slo\u017eit\u00e1, jej\u00ed rozd\u011blen\u00ed na z\u00e1kladn\u00ed slo\u017eky \u010din\u00ed u\u010den\u00ed jazyka p\u0159\u00edstupn\u011bj\u0161\u00edm. V tomto \u010dl\u00e1nku prozkoum\u00e1me podmaniv\u00fd sv\u011bt gruz\u00ednsk\u00e9 gramatiky a poskytneme tipy, jak zvl\u00e1dnout jej\u00ed slo\u017eitosti.<\/p>\n\n\n\n<h3 class=\"wp-block-heading\" id=\"h-1-georgian-alphabet-and-phonetics\">1. Gruz\u00ednsk\u00e1 abeceda a fonetika<\/h3>\n\n\n\n<p>Gruz\u00ednsk\u00e1 abeceda, zn\u00e1m\u00e1 jako Mkhedruli, se skl\u00e1d\u00e1 z 33 p\u00edsmen a je jedine\u010dn\u00e1 pro tento jazyk. Pou\u017e\u00edv\u00e1 charakteristick\u00e9 znaky, jako jsou \u10e7, \u10ed a \u10e6. Chcete-li se nau\u010dit gruz\u00ednskou gramatiku, je d\u016fle\u017eit\u00e9 sezn\u00e1mit se s t\u00edmto syst\u00e9mem psan\u00ed procvi\u010dov\u00e1n\u00edm \u010dten\u00ed a psan\u00ed v gruz\u00edn\u0161tin\u011b.<\/p>\n\n\n\n<h3 class=\"wp-block-heading\" id=\"h-2-ejective-consonants-and-consonant-clusters-a-peculiar-georgian-feature\">2. Ejek\u010dn\u00ed souhl\u00e1sky a shluky souhl\u00e1sek: zvl\u00e1\u0161tn\u00ed gruz\u00ednsk\u00fd rys<\/h3>\n\n\n\n<p>Jedn\u00edm z nejpozoruhodn\u011bj\u0161\u00edch aspekt\u016f gruz\u00edn\u0161tiny jsou jej\u00ed ejek\u010dn\u00ed souhl\u00e1sky a slo\u017eit\u00e9 shluky souhl\u00e1sek. Ejektiva jako p&#8216;, t&#8216;, k&#8216;, ts&#8216;, ch&#8216; a q&#8216; jsou b\u011b\u017en\u00e1 a <a href=\"https:\/\/talkpal.ai\/learn-georgian\/\">gruz\u00edn\u0161tina<\/a> umo\u017e\u0148uje dlouh\u00e9 shluky souhl\u00e1sek, kter\u00e9 mohou b\u00fdt pro nov\u00e1\u010dky n\u00e1ro\u010dn\u00e9. Pochopen\u00ed toho, jak tyto zvuky funguj\u00ed, a n\u00e1cvik jejich v\u00fdslovnosti je pro p\u0159esnou komunikaci v gruz\u00edn\u0161tin\u011b z\u00e1sadn\u00ed.<\/p>\n\n\n\n<h3 class=\"wp-block-heading\" id=\"h-3-nouns-and-pronouns-gender-and-cases\">3. Podstatn\u00e1 jm\u00e9na a z\u00e1jmena: rod a p\u00e1dy<\/h3>\n\n\n\n<p>Gruz\u00ednsk\u00e1 podstatn\u00e1 jm\u00e9na nemaj\u00ed gramatick\u00fd rod, co\u017e zjednodu\u0161uje shodu, ale sklo\u0148uj\u00ed se pro p\u00e1d. Mezi b\u011b\u017en\u00e9 p\u00e1dy pat\u0159\u00ed nominativ, ergativ, dativ, genitiv, instrument\u00e1l, p\u0159\u00edslove\u010dn\u00e9 ur\u010den\u00ed a vokativ. Mno\u017en\u00e9 \u010d\u00edslo se \u010dasto tvo\u0159\u00ed s p\u0159\u00edponou -eb- a dal\u0161\u00edmi koncovkami v z\u00e1vislosti na velikosti p\u00edsmen. Z\u00e1jmena v gruz\u00edn\u0161tin\u011b zahrnuj\u00ed osobn\u00ed, p\u0159ivlast\u0148ovac\u00ed, zvratn\u00e1, ukazovac\u00ed a t\u00e1zac\u00ed z\u00e1jmena a neozna\u010duj\u00ed rod. Sezn\u00e1men\u00ed se s t\u011bmito z\u00e1jmeny a jejich tvary v\u00fdrazn\u011b zlep\u0161\u00ed va\u0161e ch\u00e1p\u00e1n\u00ed gruz\u00ednsk\u00e9 gramatiky.<\/p>\n\n\n\n<h3 class=\"wp-block-heading\" id=\"h-4-verbs-structure-and-conjugation\">4. Slovesa: struktura a \u010dasov\u00e1n\u00ed<\/h3>\n\n\n\n<p>Gruz\u00ednsk\u00e1 slovesa maj\u00ed v\u00fdraznou strukturu se slo\u017eitou shodou a morfologi\u00ed. Slovesn\u00e9 syst\u00e9my jsou organizov\u00e1ny do suver\u00ed, kter\u00e9 kombinuj\u00ed \u010das, aspekt a n\u00e1ladu, zejm\u00e9na p\u0159\u00edtomnost, aorist a perfektum. Funkce, jako jsou p\u0159\u00edslov\u00ed, zna\u010dky verz\u00ed a polyosobn\u00ed shoda, jsou pro \u010dasov\u00e1n\u00ed kl\u00ed\u010dov\u00e9. U\u010den\u00ed se t\u011bchto vzorc\u016f spolu s podm\u00edn\u011bn\u00fdmi, rozkazovac\u00edmi a konjunktivn\u00edmi n\u00e1ladami zlep\u0161\u00ed va\u0161i schopnost efektivn\u011b komunikovat v gruz\u00edn\u0161tin\u011b.<\/p>\n\n\n\n<h3 class=\"wp-block-heading\" id=\"h-5-adjectives-agreement-and-placement\">5. P\u0159\u00eddavn\u00e1 jm\u00e9na: Shoda a um\u00edst\u011bn\u00ed<\/h3>\n\n\n\n<p>n Gruz\u00ednsk\u00e1 gramatika, p\u0159\u00eddavn\u00e1 jm\u00e9na obvykle p\u0159edch\u00e1zej\u00ed podstatn\u00e9mu jm\u00e9nu, kter\u00e9 modifikuj\u00ed, a neozna\u010duj\u00ed rod. Mnoho p\u0159\u00eddavn\u00fdch jmen nepou\u017e\u00edv\u00e1 p\u0159\u00edponu v mno\u017en\u00e9m \u010d\u00edsle, i kdy\u017e mohou v z\u00e1vislosti na typu vykazovat chov\u00e1n\u00ed velk\u00fdch a mal\u00fdch p\u00edsmen. Srovn\u00e1va\u010de a superlativy se obvykle tvo\u0159\u00ed analyticky se slovy jako upro (v\u00edce) a qvelaze (v\u011bt\u0161ina), kter\u00e9 jsou nezbytn\u00e9 pro to, abychom se nau\u010dili komunikovat p\u0159irozen\u011bji.<\/p>\n\n\n\n<p><strong>P\u0159\u00edklady:<\/strong><\/p>\n\n\n\n<p><strong>\u2013 Didi Siqvaruli (Velk\u00e1 l\u00e1ska)<\/strong><\/p>\n\n\n\n<p><strong>\u2013 Patara Bavshvebi (mal\u00e9 d\u011bti)<\/strong><\/p>\n\n\n\n<h3 class=\"wp-block-heading\" id=\"h-6-engaging-with-the-language\">6. Zapojen\u00ed do jazyka<\/h3>\n\n\n\n<p>Nej\u00fa\u010dinn\u011bj\u0161\u00edm zp\u016fsobem, jak pln\u011b porozum\u011bt a osvojit si gruz\u00ednskou gramatiku, je d\u016fsledn\u011b se s gruz\u00ednskou gramatikou zab\u00fdv\u00e1me. \u010cten\u00edm gruz\u00ednsk\u00e9 literatury, sledov\u00e1n\u00edm gruz\u00ednsk\u00fdch film\u016f \u010di televizn\u00edch seri\u00e1l\u016f a aktivn\u00ed komunikac\u00ed s rodil\u00fdmi mluv\u010d\u00edmi si pos\u00edl\u00edte porozum\u011bn\u00ed gramatice a z\u00e1rove\u0148 si roz\u0161\u00ed\u0159\u00edte slovn\u00ed z\u00e1sobu.  <\/p>\n\n\n\n<h3 class=\"wp-block-heading\" id=\"h-conclusion\">Z\u00e1v\u011br<\/h3>\n\n\n\n<p>A\u010dkoli se gruz\u00ednsk\u00e1 gramatika m\u016f\u017ee zd\u00e1t slo\u017eit\u00e1, m\u016f\u017eete se v tomto kr\u00e1sn\u00e9m jazyce zdokonalit s odhodl\u00e1n\u00edm, prax\u00ed a nad\u0161en\u00edm. T\u00edm, \u017ee se zam\u011b\u0159\u00edte na z\u00e1kladn\u00ed pravidla a zapoj\u00edte se do jazyka v r\u016fzn\u00fdch kontextech, rychle zlep\u0161\u00edte sv\u00e9 znalosti gruz\u00ednsk\u00e9 <a href=\"https:\/\/talkpal.ai\/cs\/gramatika\/\">gramatiky<\/a>. \u10ec\u10d0\u10e0\u10db\u10d0\u10e2\u10d4\u10d1\u10d4\u10d1\u10d8 (hodn\u011b \u0161t\u011bst\u00ed) na va\u0161\u00ed cest\u011b gruz\u00ednsk\u00fdm jazykem a u\u017eijte si odhalov\u00e1n\u00ed tajemn\u00e9ho, ale podmaniv\u00e9ho sv\u011bta gruz\u00ednsk\u00e9 gramatiky!<\/p>\n<\/div><\/div>\n\r\n<section class=\"learnNavigationSection\">\r\n            \r\n        <a href=\"https:\/\/talkpal.ai\/cs\/naucte-se-velstinu\/\">\r\n            <div class=\"learnNavigationWrapper\">\r\n                <div class=\"learnNavigationContent\">\r\n                    <img decoding=\"async\" src=\"https:\/\/talkpal.ai\/wp-content\/uploads\/2025\/11\/Georgian.png\" alt=\"Georgian Flag\">\r\n                    <div>\r\n                        <h4>O gruz\u00ednsk\u00e9m u\u010den\u00ed<\/h4>\r\n                        <p>Zjist\u011bte v\u0161e o gruz\u00ednsk\u00e9 gramatice.<\/p>\r\n                    <\/div>\r\n                <\/div>\r\n            <\/div>\r\n        <\/a>\r\n\r\n        \r\n        <a href=\"https:\/\/talkpal.ai\/cs\/velsska-gramaticka-cviceni\/\">\r\n            <div class=\"learnNavigationWrapper\">\r\n                <div class=\"learnNavigationContent\">\r\n                    <img decoding=\"async\" src=\"https:\/\/talkpal.ai\/wp-content\/uploads\/2025\/11\/Georgian.png\" alt=\"Georgian Flag\">\r\n                    <div>\r\n                        <h4>Gruz\u00ednsk\u00e9 gramatick\u00e9 cvi\u010den\u00ed<\/h4>\r\n                        <p>Procvi\u010dujte gruz\u00ednskou gramatiku.<\/p>\r\n                    <\/div>\r\n                <\/div>\r\n            <\/div>\r\n        <\/a>\r\n\r\n            <\/section>","protected":false},"excerpt":{"rendered":"<p>Orientace ve spletitosti gruz\u00ednsk\u00e9 gramatiky Gruz\u00edn\u0161tina, kartvelsk\u00fd jazyk s bohatou histori\u00ed a kulturn\u00edm v\u00fdznamem, nab\u00edz\u00ed vzru\u0161uj\u00edc\u00ed lingvistick\u00fd z\u00e1\u017eitek pro ty, kte\u0159\u00ed tou\u017e\u00ed prozkoumat jej\u00ed jedine\u010dn\u00fd gramatick\u00fd syst\u00e9m. Kdy\u017e se vyd\u00e1te do \u0159\u00ed\u0161e gruz\u00edn\u0161tiny, obohat\u00edte nejen sv\u016fj jazykov\u00fd reperto\u00e1r, ale tak\u00e9 se vyd\u00e1te na fascinuj\u00edc\u00ed kulturn\u00ed cestu. I kdy\u017e se gruz\u00ednsk\u00e1 gramatika m\u016f\u017ee na prvn\u00ed pohled [&hellip;]<\/p>\n","protected":false},"author":20,"featured_media":0,"parent":0,"menu_order":0,"comment_status":"closed","ping_status":"closed","template":"LearningContentPage.php","meta":{"_acf_changed":false,"footnotes":""},"class_list":["post-1466803","page","type-page","status-publish","hentry"],"acf":[],"yoast_head":"<!-- This site is optimized with the Yoast SEO Premium plugin v27.2 (Yoast SEO v27.2) - https:\/\/yoast.com\/product\/yoast-seo-premium-wordpress\/ -->\n<title>Gruz\u00ednsk\u00e1 gramatika - Talkpal<\/title>\n<meta name=\"description\" content=\"Rychle si osvojte pravidla gruz\u00ednsk\u00e9 gramatiky a abecedy pomoc\u00ed na\u0161eho komplexn\u00edho pr\u016fvodce a u\u010ditele jazyka s um\u011blou inteligenc\u00ed.\" \/>\n<meta name=\"robots\" content=\"index, follow, max-snippet:-1, max-image-preview:large, max-video-preview:-1\" \/>\n<link rel=\"canonical\" href=\"https:\/\/talkpal.ai\/cs\/gruzinska-gramatika\/\" \/>\n<meta property=\"og:locale\" content=\"cs_CZ\" \/>\n<meta property=\"og:type\" content=\"article\" \/>\n<meta property=\"og:title\" content=\"Gruz\u00ednsk\u00e1 gramatika\" \/>\n<meta property=\"og:description\" content=\"Orientace ve spletitosti gruz\u00ednsk\u00e9 gramatiky Gruz\u00edn\u0161tina, kartvelsk\u00fd jazyk s bohatou histori\u00ed a kulturn\u00edm v\u00fdznamem, nab\u00edz\u00ed vzru\u0161uj\u00edc\u00ed lingvistick\u00fd z\u00e1\u017eitek\" \/>\n<meta property=\"og:url\" content=\"https:\/\/talkpal.ai\/cs\/gruzinska-gramatika\/\" \/>\n<meta property=\"og:site_name\" content=\"Talkpal\" \/>\n<meta property=\"article:publisher\" content=\"https:\/\/www.facebook.com\/profile.php?id=100090733639311\" \/>\n<meta property=\"article:modified_time\" content=\"2025-12-30T14:53:39+00:00\" \/>\n<meta property=\"og:image\" content=\"https:\/\/talkpal.ai\/wp-content\/uploads\/2025\/02\/Progress-tab-16_9.png\" \/>\n\t<meta property=\"og:image:width\" content=\"2880\" \/>\n\t<meta property=\"og:image:height\" content=\"1620\" \/>\n\t<meta property=\"og:image:type\" content=\"image\/png\" \/>\n<meta name=\"twitter:card\" content=\"summary_large_image\" \/>\n<meta name=\"twitter:site\" content=\"@talkpalai\" \/>\n<meta name=\"twitter:label1\" content=\"Odhadovan\u00e1 doba \u010dten\u00ed\" \/>\n\t<meta name=\"twitter:data1\" content=\"4 minuty\" \/>\n<script type=\"application\/ld+json\" class=\"yoast-schema-graph\">{\"@context\":\"https:\/\/schema.org\",\"@graph\":[{\"@type\":\"WebPage\",\"@id\":\"https:\/\/talkpal.ai\/cs\/gruzinska-gramatika\/\",\"url\":\"https:\/\/talkpal.ai\/cs\/gruzinska-gramatika\/\",\"name\":\"Gruz\u00ednsk\u00e1 gramatika - Talkpal\",\"isPartOf\":{\"@id\":\"https:\/\/talkpal.ai\/cs\/#website\"},\"datePublished\":\"2025-11-11T17:01:21+00:00\",\"dateModified\":\"2025-12-30T14:53:39+00:00\",\"description\":\"Rychle si osvojte pravidla gruz\u00ednsk\u00e9 gramatiky a abecedy pomoc\u00ed na\u0161eho komplexn\u00edho pr\u016fvodce a u\u010ditele jazyka s um\u011blou inteligenc\u00ed.\",\"breadcrumb\":{\"@id\":\"https:\/\/talkpal.ai\/cs\/gruzinska-gramatika\/#breadcrumb\"},\"inLanguage\":\"cs\",\"potentialAction\":[{\"@type\":\"ReadAction\",\"target\":[\"https:\/\/talkpal.ai\/cs\/gruzinska-gramatika\/\"]}]},{\"@type\":\"BreadcrumbList\",\"@id\":\"https:\/\/talkpal.ai\/cs\/gruzinska-gramatika\/#breadcrumb\",\"itemListElement\":[{\"@type\":\"ListItem\",\"position\":1,\"name\":\"Homepage\",\"item\":\"https:\/\/talkpal.ai\/cs\/\"},{\"@type\":\"ListItem\",\"position\":2,\"name\":\"Gruz\u00ednsk\u00e1 gramatika\"}]},{\"@type\":\"WebSite\",\"@id\":\"https:\/\/talkpal.ai\/cs\/#website\",\"url\":\"https:\/\/talkpal.ai\/cs\/\",\"name\":\"Talkpal\",\"description\":\"AI Language Learning\",\"publisher\":{\"@id\":\"https:\/\/talkpal.ai\/cs\/#organization\"},\"alternateName\":\"Talkpal AI\",\"potentialAction\":[{\"@type\":\"SearchAction\",\"target\":{\"@type\":\"EntryPoint\",\"urlTemplate\":\"https:\/\/talkpal.ai\/cs\/?s={search_term_string}\"},\"query-input\":{\"@type\":\"PropertyValueSpecification\",\"valueRequired\":true,\"valueName\":\"search_term_string\"}}],\"inLanguage\":\"cs\"},{\"@type\":\"Organization\",\"@id\":\"https:\/\/talkpal.ai\/cs\/#organization\",\"name\":\"Talkpal, Inc.\",\"alternateName\":\"Talkpal AI\",\"url\":\"https:\/\/talkpal.ai\/cs\/\",\"logo\":{\"@type\":\"ImageObject\",\"inLanguage\":\"cs\",\"@id\":\"https:\/\/talkpal.ai\/cs\/#\/schema\/logo\/image\/\",\"url\":\"https:\/\/talkpal.ai\/wp-content\/uploads\/2024\/03\/Talkpal-Logo-Icon.png\",\"contentUrl\":\"https:\/\/talkpal.ai\/wp-content\/uploads\/2024\/03\/Talkpal-Logo-Icon.png\",\"width\":2880,\"height\":2880,\"caption\":\"Talkpal, Inc.\"},\"image\":{\"@id\":\"https:\/\/talkpal.ai\/cs\/#\/schema\/logo\/image\/\"},\"sameAs\":[\"https:\/\/www.facebook.com\/profile.php?id=100090733639311\",\"https:\/\/x.com\/talkpalai\",\"https:\/\/www.linkedin.com\/company\/talkpal\/\",\"https:\/\/www.youtube.com\/@TalkPal\/\",\"https:\/\/www.tiktok.com\/@talkpal\",\"https:\/\/www.instagram.com\/talkpal_ai\/\",\"https:\/\/www.crunchbase.com\/organization\/talkpal-9cde\",\"https:\/\/www.g2.com\/products\/talkpal-for-business\/\",\"https:\/\/www.trustpilot.com\/review\/talkpal.ai\",\"https:\/\/www.capterra.com\/p\/10006800\/TalkPal\/\"],\"description\":\"Talkpal is a language learning web and mobile education app, powered by the latest AI technologies, that provides engaging experiences to its customers in many different languages to help them improve their language skills. Users can chat about unlimited amount of topics with the app and use other modes to practice their language learning.\",\"email\":\"support@talkpal.ai\",\"legalName\":\"Talkpal, Inc.\",\"foundingDate\":\"2023-04-03\",\"duns\":\"118989042\",\"numberOfEmployees\":{\"@type\":\"QuantitativeValue\",\"minValue\":\"11\",\"maxValue\":\"50\"},\"publishingPrinciples\":\"https:\/\/talkpal.ai\/publishing-principles\/\",\"actionableFeedbackPolicy\":\"https:\/\/talkpal.ai\/actionable-feedback-policy\/\",\"correctionsPolicy\":\"https:\/\/talkpal.ai\/corrections-policy\/\",\"ethicsPolicy\":\"https:\/\/talkpal.ai\/ethics-policy\/\",\"diversityPolicy\":\"https:\/\/talkpal.ai\/diversity-policy\/\",\"diversityStaffingReport\":\"https:\/\/talkpal.ai\/diversity-policy\/\"}]}<\/script>\n<!-- \/ Yoast SEO Premium plugin. -->","yoast_head_json":{"title":"Gruz\u00ednsk\u00e1 gramatika - Talkpal","description":"Rychle si osvojte pravidla gruz\u00ednsk\u00e9 gramatiky a abecedy pomoc\u00ed na\u0161eho komplexn\u00edho pr\u016fvodce a u\u010ditele jazyka s um\u011blou inteligenc\u00ed.","robots":{"index":"index","follow":"follow","max-snippet":"max-snippet:-1","max-image-preview":"max-image-preview:large","max-video-preview":"max-video-preview:-1"},"canonical":"https:\/\/talkpal.ai\/cs\/gruzinska-gramatika\/","og_locale":"cs_CZ","og_type":"article","og_title":"Gruz\u00ednsk\u00e1 gramatika","og_description":"Orientace ve spletitosti gruz\u00ednsk\u00e9 gramatiky Gruz\u00edn\u0161tina, kartvelsk\u00fd jazyk s bohatou histori\u00ed a kulturn\u00edm v\u00fdznamem, nab\u00edz\u00ed vzru\u0161uj\u00edc\u00ed lingvistick\u00fd z\u00e1\u017eitek","og_url":"https:\/\/talkpal.ai\/cs\/gruzinska-gramatika\/","og_site_name":"Talkpal","article_publisher":"https:\/\/www.facebook.com\/profile.php?id=100090733639311","article_modified_time":"2025-12-30T14:53:39+00:00","og_image":[{"width":2880,"height":1620,"url":"https:\/\/talkpal.ai\/wp-content\/uploads\/2025\/02\/Progress-tab-16_9.png","type":"image\/png"}],"twitter_card":"summary_large_image","twitter_site":"@talkpalai","twitter_misc":{"Odhadovan\u00e1 doba \u010dten\u00ed":"4 minuty"},"schema":{"@context":"https:\/\/schema.org","@graph":[{"@type":"WebPage","@id":"https:\/\/talkpal.ai\/cs\/gruzinska-gramatika\/","url":"https:\/\/talkpal.ai\/cs\/gruzinska-gramatika\/","name":"Gruz\u00ednsk\u00e1 gramatika - Talkpal","isPartOf":{"@id":"https:\/\/talkpal.ai\/cs\/#website"},"datePublished":"2025-11-11T17:01:21+00:00","dateModified":"2025-12-30T14:53:39+00:00","description":"Rychle si osvojte pravidla gruz\u00ednsk\u00e9 gramatiky a abecedy pomoc\u00ed na\u0161eho komplexn\u00edho pr\u016fvodce a u\u010ditele jazyka s um\u011blou inteligenc\u00ed.","breadcrumb":{"@id":"https:\/\/talkpal.ai\/cs\/gruzinska-gramatika\/#breadcrumb"},"inLanguage":"cs","potentialAction":[{"@type":"ReadAction","target":["https:\/\/talkpal.ai\/cs\/gruzinska-gramatika\/"]}]},{"@type":"BreadcrumbList","@id":"https:\/\/talkpal.ai\/cs\/gruzinska-gramatika\/#breadcrumb","itemListElement":[{"@type":"ListItem","position":1,"name":"Homepage","item":"https:\/\/talkpal.ai\/cs\/"},{"@type":"ListItem","position":2,"name":"Gruz\u00ednsk\u00e1 gramatika"}]},{"@type":"WebSite","@id":"https:\/\/talkpal.ai\/cs\/#website","url":"https:\/\/talkpal.ai\/cs\/","name":"Talkpal","description":"AI Language Learning","publisher":{"@id":"https:\/\/talkpal.ai\/cs\/#organization"},"alternateName":"Talkpal AI","potentialAction":[{"@type":"SearchAction","target":{"@type":"EntryPoint","urlTemplate":"https:\/\/talkpal.ai\/cs\/?s={search_term_string}"},"query-input":{"@type":"PropertyValueSpecification","valueRequired":true,"valueName":"search_term_string"}}],"inLanguage":"cs"},{"@type":"Organization","@id":"https:\/\/talkpal.ai\/cs\/#organization","name":"Talkpal, Inc.","alternateName":"Talkpal AI","url":"https:\/\/talkpal.ai\/cs\/","logo":{"@type":"ImageObject","inLanguage":"cs","@id":"https:\/\/talkpal.ai\/cs\/#\/schema\/logo\/image\/","url":"https:\/\/talkpal.ai\/wp-content\/uploads\/2024\/03\/Talkpal-Logo-Icon.png","contentUrl":"https:\/\/talkpal.ai\/wp-content\/uploads\/2024\/03\/Talkpal-Logo-Icon.png","width":2880,"height":2880,"caption":"Talkpal, Inc."},"image":{"@id":"https:\/\/talkpal.ai\/cs\/#\/schema\/logo\/image\/"},"sameAs":["https:\/\/www.facebook.com\/profile.php?id=100090733639311","https:\/\/x.com\/talkpalai","https:\/\/www.linkedin.com\/company\/talkpal\/","https:\/\/www.youtube.com\/@TalkPal\/","https:\/\/www.tiktok.com\/@talkpal","https:\/\/www.instagram.com\/talkpal_ai\/","https:\/\/www.crunchbase.com\/organization\/talkpal-9cde","https:\/\/www.g2.com\/products\/talkpal-for-business\/","https:\/\/www.trustpilot.com\/review\/talkpal.ai","https:\/\/www.capterra.com\/p\/10006800\/TalkPal\/"],"description":"Talkpal is a language learning web and mobile education app, powered by the latest AI technologies, that provides engaging experiences to its customers in many different languages to help them improve their language skills. Users can chat about unlimited amount of topics with the app and use other modes to practice their language learning.","email":"support@talkpal.ai","legalName":"Talkpal, Inc.","foundingDate":"2023-04-03","duns":"118989042","numberOfEmployees":{"@type":"QuantitativeValue","minValue":"11","maxValue":"50"},"publishingPrinciples":"https:\/\/talkpal.ai\/publishing-principles\/","actionableFeedbackPolicy":"https:\/\/talkpal.ai\/actionable-feedback-policy\/","correctionsPolicy":"https:\/\/talkpal.ai\/corrections-policy\/","ethicsPolicy":"https:\/\/talkpal.ai\/ethics-policy\/","diversityPolicy":"https:\/\/talkpal.ai\/diversity-policy\/","diversityStaffingReport":"https:\/\/talkpal.ai\/diversity-policy\/"}]}},"_links":{"self":[{"href":"https:\/\/talkpal.ai\/cs\/wp-json\/wp\/v2\/pages\/1466803","targetHints":{"allow":["GET"]}}],"collection":[{"href":"https:\/\/talkpal.ai\/cs\/wp-json\/wp\/v2\/pages"}],"about":[{"href":"https:\/\/talkpal.ai\/cs\/wp-json\/wp\/v2\/types\/page"}],"author":[{"embeddable":true,"href":"https:\/\/talkpal.ai\/cs\/wp-json\/wp\/v2\/users\/20"}],"replies":[{"embeddable":true,"href":"https:\/\/talkpal.ai\/cs\/wp-json\/wp\/v2\/comments?post=1466803"}],"version-history":[{"count":0,"href":"https:\/\/talkpal.ai\/cs\/wp-json\/wp\/v2\/pages\/1466803\/revisions"}],"wp:attachment":[{"href":"https:\/\/talkpal.ai\/cs\/wp-json\/wp\/v2\/media?parent=1466803"}],"curies":[{"name":"wp","href":"https:\/\/api.w.org\/{rel}","templated":true}]}}