{"id":1466767,"date":"2025-11-11T15:55:06","date_gmt":"2025-11-11T15:55:06","guid":{"rendered":"https:\/\/talkpal.ai\/bengalska-gramaticka-cviceni\/"},"modified":"2025-12-30T15:16:27","modified_gmt":"2025-12-30T15:16:27","slug":"bengalska-gramaticka-cviceni","status":"publish","type":"page","link":"https:\/\/talkpal.ai\/cs\/bengalska-gramaticka-cviceni\/","title":{"rendered":"Beng\u00e1lsk\u00e1 gramatick\u00e1 cvi\u010den\u00ed"},"content":{"rendered":"\r\n\r\n\r\n<section class=\"languageChallengeSection\">\r\n    <div class=\"languageInfoWrapper\">\r\n        \r\n        <h1>Beng\u00e1lsk\u00e1 gramatick\u00e1 cvi\u010den\u00ed<\/h1>\r\n        <p>Jste p\u0159ipraveni pono\u0159it se do beng\u00e1lsk\u00e9 gramatiky? Procvi\u010den\u00ed n\u011bkolika z\u00e1klad\u016f v\u00e1m pom\u016f\u017ee se s t\u00edmto jedine\u010dn\u00fdm a kr\u00e1sn\u00fdm jazykem s\u017e\u00edt. Vyzkou\u0161ejte tato cvi\u010den\u00ed, abyste si pos\u00edlili sebev\u011bdom\u00ed a pobavili se u toho!<\/p>\r\n\r\n                            <a class=\"getStartedHidden\" href=\"https:\/\/app.talkpal.ai\/cs\/signup?lng=\">Za\u010dni<\/a>\r\n        \r\n    <\/div>\r\n\r\n    <figure>\r\n    <img decoding=\"async\" width=\"768\" height=\"768\" src=\"https:\/\/talkpal.ai\/wp-content\/uploads\/2023\/06\/welsh-768x768.png\" class=\"languageImage no-lazy\" alt=\"Language learning for better cognitive abilities\" fetchpriority=\"high\" sizes=\"(max-width: 768px) 150px, 768px\" srcset=\"https:\/\/talkpal.ai\/wp-content\/uploads\/2023\/06\/welsh-768x768.png 768w, https:\/\/talkpal.ai\/wp-content\/uploads\/2023\/06\/welsh-300x300.png 300w\" \/>\r\n    \r\n\r\n    <\/figure>\r\n\r\n            <a class=\"getStartedVisible\" href=\"https:\/\/app.talkpal.ai\/cs\/signup?lng=\">Za\u010dni<\/a>\r\n    \r\n<\/section><section class=\"promotionalBanner\">\r\n    <p class=\"promotionalText\">Nejefektivn\u011bj\u0161\u00ed <a href=\"https:\/\/talkpal.ai\/best-way-to-learn\/\">zp\u016fsob<\/a>, jak se nau\u010dit jazyk<\/p>\r\n    <a class=\"promotionalLink\" href=\"https:\/\/app.talkpal.ai\/cs\/signup?lng=\">Vyzkou\u0161ejte Talkpal zdarma<\/a>\r\n<\/section>\n<div class=\"wp-block-group pageContainerStyle\"><div class=\"wp-block-group__inner-container is-layout-constrained wp-block-group-is-layout-constrained\">\n<h2 class=\"wp-block-heading\" id=\"h-bengali-grammar-topics\">Beng\u00e1lsk\u00e1 gramatika T\u00e9mata<\/h2>\n\n\n\n<p><a href=\"https:\/\/talkpal.ai\/cs\/nejvetsi-chyby-kterych-je-treba-se-vyvarovat-pri-uceni-noveho-jazyka\/\">Nau\u010dit se nov\u00fd jazyk<\/a> m\u016f\u017ee b\u00fdt n\u00e1ro\u010dn\u00e9, ale obohacuj\u00edc\u00ed \u00fasil\u00ed. Beng\u00e1l\u0161tina, ind\u00f3\u00e1rijsk\u00fd jazyk pou\u017e\u00edvan\u00fd hlavn\u011b v Banglad\u00e9\u0161i a indick\u00e9m st\u00e1t\u011b Z\u00e1padn\u00ed Beng\u00e1lsko, nen\u00ed v\u00fdjimkou. <a href=\"https:\/\/talkpal.ai\/cs\/talkpal-pro-vzdelavani\/\">U\u010den\u00ed<\/a> beng\u00e1l\u0161tiny s jej\u00edmi jedine\u010dn\u00fdmi vlastnostmi a strukturami vy\u017eaduje systematick\u00fd p\u0159\u00edstup k pochopen\u00ed jej\u00ed gramatiky. Tato p\u0159\u00edru\u010dka nasti\u0148uje kl\u00ed\u010dov\u00e9 oblasti <a href=\"https:\/\/talkpal.ai\/cs\/bengalska-gramatika\/\">beng\u00e1lsk\u00e9 gramatiky<\/a> v logick\u00e9m sledu pro <a href=\"https:\/\/talkpal.ai\/cs\/chatbot-s-umelou-inteligenci-pro-vyuku-jazyku\/\">v\u00fduku jazyk\u016f<\/a>, po\u010d\u00ednaje z\u00e1klady, jako jsou podstatn\u00e1 jm\u00e9na a \u010dleny, a pokra\u010duje slo\u017eit\u011bj\u0161\u00edmi oblastmi, jako jsou \u010dasy a stavba v\u011bt.<\/p>\n\n\n\n<h3 class=\"wp-block-heading\" id=\"h-1-nouns\">1. Podstatn\u00e1 jm\u00e9na:<\/h3>\n\n\n\n<p>Za\u010dn\u011bte svou cestu beng\u00e1lsk\u00fdm jazykem t\u00edm, \u017ee se nau\u010d\u00edte podstatn\u00e1 jm\u00e9na. To zahrnuje pochopen\u00ed obecn\u00fdch a vlastn\u00edch podstatn\u00fdch jmen, toho, jak je pluralita vyj\u00e1d\u0159ena tvary jako -ra pro lidi a -gulo nebo -guli pro v\u011bci, a roli klasifik\u00e1tor\u016f s \u010d\u00edsly.<\/p>\n\n\n\n<h3 class=\"wp-block-heading\" id=\"h-2-articles\">2. \u010cl\u00e1nky:<\/h3>\n\n\n\n<p>Beng\u00e1l\u0161tina nem\u00e1 ur\u010dit\u00e9 nebo neur\u010dit\u00e9 \u010dleny jako <a href=\"https:\/\/talkpal.ai\/ai-english-speaking-practice\/\">angli\u010dtina<\/a>. M\u00edsto toho jsou ur\u010ditost a neur\u010ditost vyj\u00e1d\u0159eny kontextem, ukazovac\u00edmi z\u00e1jmeny, \u010d\u00edslovkami a klasifik\u00e1tory, jako jsou -ta, -ti, -khana, a zna\u010dkami mno\u017en\u00e9ho \u010d\u00edsla, jako je -gulo.<\/p>\n\n\n\n<h3 class=\"wp-block-heading\" id=\"h-3-adjectives\">3. P\u0159\u00eddavn\u00e1 jm\u00e9na:<\/h3>\n\n\n\n<p>P\u0159\u00eddavn\u00e1 jm\u00e9na v beng\u00e1l\u0161tin\u011b obvykle p\u0159edch\u00e1zej\u00ed sv\u00fdm podstatn\u00fdm jm\u00e9n\u016fm. Obecn\u011b se nem\u011bn\u00ed kv\u016fli pohlav\u00ed nebo \u010d\u00edslu. Nau\u010dte se, jak spojit modifik\u00e1tory podobn\u00e9 podstatn\u00fdm jm\u00e9n\u016fm s genitivem -er a jak tvo\u0159it stup\u0148ovit\u00e9 a superlativy pomoc\u00ed aro pro komparativ a shobcheye pro superlativy, stejn\u011b jako liter\u00e1rn\u00edch p\u0159\u00edpon -tar a -tam.<\/p>\n\n\n\n<h3 class=\"wp-block-heading\" id=\"h-4-pronouns-determiners\">4. Z\u00e1jmena\/determinanty:<\/h3>\n\n\n\n<p>Z\u00e1jmena a determinanty jsou v beng\u00e1l\u0161tin\u011b z\u00e1sadn\u00ed. Osvojte si osobn\u00ed z\u00e1jmena nap\u0159\u00ed\u010d form\u00e1ln\u00edmi \u00farovn\u011bmi a bl\u00edzkostmi, jako jsou <a href=\"https:\/\/talkpal.ai\/locations\/language-courses-in-ami\/\">ami<\/a>, tumi, apni, tui, eta, ota, seta. Nau\u010dte se p\u0159ivlast\u0148ovac\u00ed z\u00e1jmena s genitivem -er a kvantitativn\u00edmi slovy jako onek, kichu, koyek a jak jsou po \u010d\u00edslovk\u00e1ch a mnoha determinantech vy\u017eadov\u00e1ny klasifik\u00e1tory.<\/p>\n\n\n\n<h3 class=\"wp-block-heading\" id=\"h-5-verbs\">5. Slovesa:<\/h3>\n\n\n\n<p>Beng\u00e1lsk\u00e1 slovesa m\u011bn\u00ed tvar pro \u010das, aspekt, osobu a \u00farove\u0148 form\u00e1lnosti. Za\u010dn\u011bte s p\u0159\u00edtomn\u00fdmi formami a p\u0159esu\u0148te se do minulosti a budoucnosti. Nau\u010dte se, jak se slovesn\u00e9 kmeny kombinuj\u00ed se zna\u010dkami vid\u016f a osobn\u00edmi koncovkami, stejn\u011b jako s pou\u017eit\u00edm rozkazovac\u00edho zp\u016fsobu a konjunktiv\u016f.<\/p>\n\n\n\n<h3 class=\"wp-block-heading\" id=\"h-6-tenses\">6. \u010casy:<\/h3>\n\n\n\n<p>Po zvl\u00e1dnut\u00ed slovesn\u00fdch vzorc\u016f se pono\u0159te hloub\u011bji do beng\u00e1lsk\u00e9ho \u010dasu a vidu. Pochopte p\u0159\u00edtomnost, minulost a budoucnost spolu s aspektov\u00fdmi rozd\u00edly, jako je jednoduch\u00fd, progresivn\u00ed a dokonal\u00fd, a jak form\u00e1lnost ovliv\u0148uje konce.<\/p>\n\n\n\n<h3 class=\"wp-block-heading\" id=\"h-7-tense-comparison\">7. Srovn\u00e1n\u00ed \u010das\u016f:<\/h3>\n\n\n\n<p>Porovn\u00e1v\u00e1n\u00ed \u010das\u016f a aspekt\u016f v beng\u00e1l\u0161tin\u011b pom\u00e1h\u00e1 pochopit sled a nuance ud\u00e1lost\u00ed. Porovn\u00e1v\u00e1n\u00ed stejn\u00e9ho slovesa v sou\u010dasnosti, minulosti, budoucnosti a form\u00e1ln\u00edch \u00farovn\u00edch pos\u00edl\u00ed va\u0161e ch\u00e1p\u00e1n\u00ed pou\u017eit\u00ed.<\/p>\n\n\n\n<h3 class=\"wp-block-heading\" id=\"h-8-progressive\">8. Progresivn\u00ed:<\/h3>\n\n\n\n<p>Pokrokov\u00e9 v beng\u00e1l\u0161tin\u011b vyjad\u0159uje pokra\u010duj\u00edc\u00ed akce. Obvykle se tvo\u0159\u00ed s progresivn\u00edm markerem -chh- p\u0159ipojen\u00fdm ke kmeni sloves plus osobn\u00edmi koncovkami, nap\u0159\u00edklad korchhi pro I am doing, a m\u016f\u017ee se tak\u00e9 objevit v perifrastick\u00fdch form\u00e1ch, jako je korte achhi v n\u011bkter\u00fdch rejst\u0159\u00edc\u00edch.<\/p>\n\n\n\n<h3 class=\"wp-block-heading\" id=\"h-9-perfect-progressive\">9. Perfektn\u00ed progresivn\u00ed:<\/h3>\n\n\n\n<p>To vyjad\u0159uje akce, kter\u00e9 prob\u00edhaly a\u017e do ur\u010dit\u00e9ho bodu. V beng\u00e1l\u0161tin\u011b se b\u011b\u017en\u011b vyjad\u0159uje pomoc\u00ed p\u0159\u00ed\u010dest\u00ed a pomocn\u00fdch sloves, jako je kore aschi pro have been doing a korte chhilam for was doing, s variantami pou\u017e\u00edvaj\u00edc\u00edmi thaka ke zd\u016frazn\u011bn\u00ed kontinuity.<\/p>\n\n\n\n<h3 class=\"wp-block-heading\" id=\"h-10-conditionals\">10. Kondicion\u00e1ly:<\/h3>\n\n\n\n<p>Kondicion\u00e1ly vyjad\u0159uj\u00ed hypotetick\u00e9 situace a v\u00fdsledky. V beng\u00e1l\u0161tin\u011b se tvo\u0159\u00ed s \u010d\u00e1stic\u00ed jodi a \u010dasto tahole, stejn\u011b jako s podm\u00edn\u011bn\u00fdmi p\u0159\u00edponami jako -le u slovesa a kontrafaktu\u00e1ly s hoto for would have.<\/p>\n\n\n\n<h3 class=\"wp-block-heading\" id=\"h-11-adverbs\">11. P\u0159\u00edslovce:<\/h3>\n\n\n\n<p>P\u0159\u00edslovce v beng\u00e1l\u0161tin\u011b modifikuj\u00ed slovesa, p\u0159\u00eddavn\u00e1 jm\u00e9na nebo jin\u00e1 p\u0159\u00edslovce. Nau\u010dte se zp\u016fsob p\u0159\u00edslovce tvo\u0159en\u00e9 pomoc\u00ed -bhabe, stejn\u011b jako b\u011b\u017en\u00e1 nem\u011bnn\u00e1 p\u0159\u00edslovce m\u00edsta, \u010dasu a stupn\u011b, jako jsou ekhane, ekhon, beshi a khub.<\/p>\n\n\n\n<h3 class=\"wp-block-heading\" id=\"h-12-prepositions\">12. P\u0159edlo\u017eky:<\/h3>\n\n\n\n<p>Beng\u00e1l\u0161tina pou\u017e\u00edv\u00e1 sp\u00ed\u0161e postpozice ne\u017e p\u0159edlo\u017eky. N\u00e1sleduj\u00ed po podstatn\u00e9m jm\u00e9nu a \u010dasto vy\u017eaduj\u00ed p\u00e1dov\u00e9 nebo genitivn\u00ed spojov\u00e1n\u00ed, nap\u0159\u00edklad ghore, ghar theke, boi er upor, bandhuder shathe, kal porjonto, a vyjad\u0159uj\u00ed vztahy \u010dasu, m\u00edsta a sm\u011bru.<\/p>\n\n\n\n<h3 class=\"wp-block-heading\" id=\"h-13-sentences\">13. V\u011bty:<\/h3>\n\n\n\n<p>Nakonec si procvi\u010dte vytv\u00e1\u0159en\u00ed v\u011bt. To bude zahrnovat pou\u017eit\u00ed v\u0161ech d\u0159\u00edve nau\u010den\u00fdch gramatick\u00fdch bod\u016f v kontextu, v\u010detn\u011b typick\u00e9ho slovosledu SOV, negace s na, \u010dasto nulov\u00e9 kopule v sou\u010dasnosti, a tvo\u0159en\u00ed ot\u00e1zek pomoc\u00ed slov ki a wh, \u010d\u00edm\u017e je zaji\u0161t\u011bno komplexn\u00ed porozum\u011bn\u00ed beng\u00e1lsk\u00e9mu jazyku.<\/p>\n<\/div><\/div>\n\r\n<section class=\"learnNavigationSection\">\r\n            \r\n        <a href=\"https:\/\/talkpal.ai\/cs\/naucte-se-bengalsky\/\">\r\n            <div class=\"learnNavigationWrapper\">\r\n                <div class=\"learnNavigationContent\">\r\n                    <img decoding=\"async\" src=\"https:\/\/talkpal.ai\/wp-content\/uploads\/2025\/11\/Bengali.png\" alt=\"Bengali Flag\">\r\n                    <div>\r\n                        <h4>O u\u010den\u00ed beng\u00e1l\u0161tiny<\/h4>\r\n                        <p>Zjisti v\u0161e o beng\u00e1lsk\u00e9 gramatice.<\/p>\r\n                    <\/div>\r\n                <\/div>\r\n            <\/div>\r\n        <\/a>\r\n\r\n        \r\n        <a href=\"https:\/\/talkpal.ai\/cs\/bengalska-gramatika\/\">\r\n            <div class=\"learnNavigationWrapper\">\r\n                <div class=\"learnNavigationContent\">\r\n                    <img decoding=\"async\" src=\"https:\/\/talkpal.ai\/wp-content\/uploads\/2025\/11\/Bengali.png\" alt=\"Bengali Flag\">\r\n                    <div>\r\n                        <h4>Lekce beng\u00e1lsk\u00e9 gramatiky<\/h4>\r\n                        <p>Procvi\u010dujte beng\u00e1lskou gramatiku.<\/p>\r\n                    <\/div>\r\n                <\/div>\r\n            <\/div>\r\n        <\/a>\r\n\r\n            <\/section>","protected":false},"excerpt":{"rendered":"<p>Beng\u00e1lsk\u00e1 gramatika T\u00e9mata Nau\u010dit se nov\u00fd jazyk m\u016f\u017ee b\u00fdt n\u00e1ro\u010dn\u00e9, ale obohacuj\u00edc\u00ed \u00fasil\u00ed. Beng\u00e1l\u0161tina, ind\u00f3\u00e1rijsk\u00fd jazyk pou\u017e\u00edvan\u00fd hlavn\u011b v Banglad\u00e9\u0161i a indick\u00e9m st\u00e1t\u011b Z\u00e1padn\u00ed Beng\u00e1lsko, nen\u00ed v\u00fdjimkou. U\u010den\u00ed beng\u00e1l\u0161tiny s jej\u00edmi jedine\u010dn\u00fdmi vlastnostmi a strukturami vy\u017eaduje systematick\u00fd p\u0159\u00edstup k pochopen\u00ed jej\u00ed gramatiky. Tato p\u0159\u00edru\u010dka nasti\u0148uje kl\u00ed\u010dov\u00e9 oblasti beng\u00e1lsk\u00e9 gramatiky v logick\u00e9m sledu pro v\u00fduku jazyk\u016f, [&hellip;]<\/p>\n","protected":false},"author":20,"featured_media":0,"parent":0,"menu_order":0,"comment_status":"closed","ping_status":"closed","template":"LearningContentPage.php","meta":{"_acf_changed":false,"footnotes":""},"class_list":["post-1466767","page","type-page","status-publish","hentry"],"acf":[],"yoast_head":"<!-- This site is optimized with the Yoast SEO Premium plugin v27.2 (Yoast SEO v27.2) - https:\/\/yoast.com\/product\/yoast-seo-premium-wordpress\/ -->\n<title>Beng\u00e1lsk\u00e1 gramatick\u00e1 cvi\u010den\u00ed - Talkpal<\/title>\n<meta name=\"description\" content=\"Zvl\u00e1dn\u011bte z\u00e1klady beng\u00e1lsk\u00e9 gramatiky pomoc\u00ed interaktivn\u00edch cvi\u010den\u00ed zahrnuj\u00edc\u00edch podstatn\u00e1 jm\u00e9na, slovesa a \u010dasy, kter\u00e1 zv\u00fd\u0161\u00ed va\u0161i jazykovou vybavenost.\" \/>\n<meta name=\"robots\" content=\"index, follow, max-snippet:-1, max-image-preview:large, max-video-preview:-1\" \/>\n<link rel=\"canonical\" href=\"https:\/\/talkpal.ai\/cs\/bengalska-gramaticka-cviceni\/\" \/>\n<meta property=\"og:locale\" content=\"cs_CZ\" \/>\n<meta property=\"og:type\" content=\"article\" \/>\n<meta property=\"og:title\" content=\"Beng\u00e1lsk\u00e1 gramatick\u00e1 cvi\u010den\u00ed\" \/>\n<meta property=\"og:description\" content=\"Beng\u00e1lsk\u00e1 gramatika T\u00e9mata Nau\u010dit se nov\u00fd jazyk m\u016f\u017ee b\u00fdt n\u00e1ro\u010dn\u00e9, ale obohacuj\u00edc\u00ed \u00fasil\u00ed. Beng\u00e1l\u0161tina, ind\u00f3\u00e1rijsk\u00fd jazyk pou\u017e\u00edvan\u00fd hlavn\u011b v Banglad\u00e9\u0161i a\" \/>\n<meta property=\"og:url\" content=\"https:\/\/talkpal.ai\/cs\/bengalska-gramaticka-cviceni\/\" \/>\n<meta property=\"og:site_name\" content=\"Talkpal\" \/>\n<meta property=\"article:publisher\" content=\"https:\/\/www.facebook.com\/profile.php?id=100090733639311\" \/>\n<meta property=\"article:modified_time\" content=\"2025-12-30T15:16:27+00:00\" \/>\n<meta property=\"og:image\" content=\"https:\/\/talkpal.ai\/wp-content\/uploads\/2025\/02\/Progress-tab-16_9.png\" \/>\n\t<meta property=\"og:image:width\" content=\"2880\" \/>\n\t<meta property=\"og:image:height\" content=\"1620\" \/>\n\t<meta property=\"og:image:type\" content=\"image\/png\" \/>\n<meta name=\"twitter:card\" content=\"summary_large_image\" \/>\n<meta name=\"twitter:site\" content=\"@talkpalai\" \/>\n<meta name=\"twitter:label1\" content=\"Odhadovan\u00e1 doba \u010dten\u00ed\" \/>\n\t<meta name=\"twitter:data1\" content=\"4 minuty\" \/>\n<script type=\"application\/ld+json\" class=\"yoast-schema-graph\">{\"@context\":\"https:\/\/schema.org\",\"@graph\":[{\"@type\":\"WebPage\",\"@id\":\"https:\/\/talkpal.ai\/cs\/bengalska-gramaticka-cviceni\/\",\"url\":\"https:\/\/talkpal.ai\/cs\/bengalska-gramaticka-cviceni\/\",\"name\":\"Beng\u00e1lsk\u00e1 gramatick\u00e1 cvi\u010den\u00ed - Talkpal\",\"isPartOf\":{\"@id\":\"https:\/\/talkpal.ai\/cs\/#website\"},\"datePublished\":\"2025-11-11T15:55:06+00:00\",\"dateModified\":\"2025-12-30T15:16:27+00:00\",\"description\":\"Zvl\u00e1dn\u011bte z\u00e1klady beng\u00e1lsk\u00e9 gramatiky pomoc\u00ed interaktivn\u00edch cvi\u010den\u00ed zahrnuj\u00edc\u00edch podstatn\u00e1 jm\u00e9na, slovesa a \u010dasy, kter\u00e1 zv\u00fd\u0161\u00ed va\u0161i jazykovou vybavenost.\",\"breadcrumb\":{\"@id\":\"https:\/\/talkpal.ai\/cs\/bengalska-gramaticka-cviceni\/#breadcrumb\"},\"inLanguage\":\"cs\",\"potentialAction\":[{\"@type\":\"ReadAction\",\"target\":[\"https:\/\/talkpal.ai\/cs\/bengalska-gramaticka-cviceni\/\"]}]},{\"@type\":\"BreadcrumbList\",\"@id\":\"https:\/\/talkpal.ai\/cs\/bengalska-gramaticka-cviceni\/#breadcrumb\",\"itemListElement\":[{\"@type\":\"ListItem\",\"position\":1,\"name\":\"Homepage\",\"item\":\"https:\/\/talkpal.ai\/cs\/\"},{\"@type\":\"ListItem\",\"position\":2,\"name\":\"Beng\u00e1lsk\u00e1 gramatick\u00e1 cvi\u010den\u00ed\"}]},{\"@type\":\"WebSite\",\"@id\":\"https:\/\/talkpal.ai\/cs\/#website\",\"url\":\"https:\/\/talkpal.ai\/cs\/\",\"name\":\"Talkpal\",\"description\":\"AI Language Learning\",\"publisher\":{\"@id\":\"https:\/\/talkpal.ai\/cs\/#organization\"},\"alternateName\":\"Talkpal AI\",\"potentialAction\":[{\"@type\":\"SearchAction\",\"target\":{\"@type\":\"EntryPoint\",\"urlTemplate\":\"https:\/\/talkpal.ai\/cs\/?s={search_term_string}\"},\"query-input\":{\"@type\":\"PropertyValueSpecification\",\"valueRequired\":true,\"valueName\":\"search_term_string\"}}],\"inLanguage\":\"cs\"},{\"@type\":\"Organization\",\"@id\":\"https:\/\/talkpal.ai\/cs\/#organization\",\"name\":\"Talkpal, Inc.\",\"alternateName\":\"Talkpal AI\",\"url\":\"https:\/\/talkpal.ai\/cs\/\",\"logo\":{\"@type\":\"ImageObject\",\"inLanguage\":\"cs\",\"@id\":\"https:\/\/talkpal.ai\/cs\/#\/schema\/logo\/image\/\",\"url\":\"https:\/\/talkpal.ai\/wp-content\/uploads\/2024\/03\/Talkpal-Logo-Icon.png\",\"contentUrl\":\"https:\/\/talkpal.ai\/wp-content\/uploads\/2024\/03\/Talkpal-Logo-Icon.png\",\"width\":2880,\"height\":2880,\"caption\":\"Talkpal, Inc.\"},\"image\":{\"@id\":\"https:\/\/talkpal.ai\/cs\/#\/schema\/logo\/image\/\"},\"sameAs\":[\"https:\/\/www.facebook.com\/profile.php?id=100090733639311\",\"https:\/\/x.com\/talkpalai\",\"https:\/\/www.linkedin.com\/company\/talkpal\/\",\"https:\/\/www.youtube.com\/@TalkPal\/\",\"https:\/\/www.tiktok.com\/@talkpal\",\"https:\/\/www.instagram.com\/talkpal_ai\/\",\"https:\/\/www.crunchbase.com\/organization\/talkpal-9cde\",\"https:\/\/www.g2.com\/products\/talkpal-for-business\/\",\"https:\/\/www.trustpilot.com\/review\/talkpal.ai\",\"https:\/\/www.capterra.com\/p\/10006800\/TalkPal\/\"],\"description\":\"Talkpal is a language learning web and mobile education app, powered by the latest AI technologies, that provides engaging experiences to its customers in many different languages to help them improve their language skills. Users can chat about unlimited amount of topics with the app and use other modes to practice their language learning.\",\"email\":\"support@talkpal.ai\",\"legalName\":\"Talkpal, Inc.\",\"foundingDate\":\"2023-04-03\",\"duns\":\"118989042\",\"numberOfEmployees\":{\"@type\":\"QuantitativeValue\",\"minValue\":\"11\",\"maxValue\":\"50\"},\"publishingPrinciples\":\"https:\/\/talkpal.ai\/publishing-principles\/\",\"actionableFeedbackPolicy\":\"https:\/\/talkpal.ai\/actionable-feedback-policy\/\",\"correctionsPolicy\":\"https:\/\/talkpal.ai\/corrections-policy\/\",\"ethicsPolicy\":\"https:\/\/talkpal.ai\/ethics-policy\/\",\"diversityPolicy\":\"https:\/\/talkpal.ai\/diversity-policy\/\",\"diversityStaffingReport\":\"https:\/\/talkpal.ai\/diversity-policy\/\"}]}<\/script>\n<!-- \/ Yoast SEO Premium plugin. -->","yoast_head_json":{"title":"Beng\u00e1lsk\u00e1 gramatick\u00e1 cvi\u010den\u00ed - Talkpal","description":"Zvl\u00e1dn\u011bte z\u00e1klady beng\u00e1lsk\u00e9 gramatiky pomoc\u00ed interaktivn\u00edch cvi\u010den\u00ed zahrnuj\u00edc\u00edch podstatn\u00e1 jm\u00e9na, slovesa a \u010dasy, kter\u00e1 zv\u00fd\u0161\u00ed va\u0161i jazykovou vybavenost.","robots":{"index":"index","follow":"follow","max-snippet":"max-snippet:-1","max-image-preview":"max-image-preview:large","max-video-preview":"max-video-preview:-1"},"canonical":"https:\/\/talkpal.ai\/cs\/bengalska-gramaticka-cviceni\/","og_locale":"cs_CZ","og_type":"article","og_title":"Beng\u00e1lsk\u00e1 gramatick\u00e1 cvi\u010den\u00ed","og_description":"Beng\u00e1lsk\u00e1 gramatika T\u00e9mata Nau\u010dit se nov\u00fd jazyk m\u016f\u017ee b\u00fdt n\u00e1ro\u010dn\u00e9, ale obohacuj\u00edc\u00ed \u00fasil\u00ed. Beng\u00e1l\u0161tina, ind\u00f3\u00e1rijsk\u00fd jazyk pou\u017e\u00edvan\u00fd hlavn\u011b v Banglad\u00e9\u0161i a","og_url":"https:\/\/talkpal.ai\/cs\/bengalska-gramaticka-cviceni\/","og_site_name":"Talkpal","article_publisher":"https:\/\/www.facebook.com\/profile.php?id=100090733639311","article_modified_time":"2025-12-30T15:16:27+00:00","og_image":[{"width":2880,"height":1620,"url":"https:\/\/talkpal.ai\/wp-content\/uploads\/2025\/02\/Progress-tab-16_9.png","type":"image\/png"}],"twitter_card":"summary_large_image","twitter_site":"@talkpalai","twitter_misc":{"Odhadovan\u00e1 doba \u010dten\u00ed":"4 minuty"},"schema":{"@context":"https:\/\/schema.org","@graph":[{"@type":"WebPage","@id":"https:\/\/talkpal.ai\/cs\/bengalska-gramaticka-cviceni\/","url":"https:\/\/talkpal.ai\/cs\/bengalska-gramaticka-cviceni\/","name":"Beng\u00e1lsk\u00e1 gramatick\u00e1 cvi\u010den\u00ed - Talkpal","isPartOf":{"@id":"https:\/\/talkpal.ai\/cs\/#website"},"datePublished":"2025-11-11T15:55:06+00:00","dateModified":"2025-12-30T15:16:27+00:00","description":"Zvl\u00e1dn\u011bte z\u00e1klady beng\u00e1lsk\u00e9 gramatiky pomoc\u00ed interaktivn\u00edch cvi\u010den\u00ed zahrnuj\u00edc\u00edch podstatn\u00e1 jm\u00e9na, slovesa a \u010dasy, kter\u00e1 zv\u00fd\u0161\u00ed va\u0161i jazykovou vybavenost.","breadcrumb":{"@id":"https:\/\/talkpal.ai\/cs\/bengalska-gramaticka-cviceni\/#breadcrumb"},"inLanguage":"cs","potentialAction":[{"@type":"ReadAction","target":["https:\/\/talkpal.ai\/cs\/bengalska-gramaticka-cviceni\/"]}]},{"@type":"BreadcrumbList","@id":"https:\/\/talkpal.ai\/cs\/bengalska-gramaticka-cviceni\/#breadcrumb","itemListElement":[{"@type":"ListItem","position":1,"name":"Homepage","item":"https:\/\/talkpal.ai\/cs\/"},{"@type":"ListItem","position":2,"name":"Beng\u00e1lsk\u00e1 gramatick\u00e1 cvi\u010den\u00ed"}]},{"@type":"WebSite","@id":"https:\/\/talkpal.ai\/cs\/#website","url":"https:\/\/talkpal.ai\/cs\/","name":"Talkpal","description":"AI Language Learning","publisher":{"@id":"https:\/\/talkpal.ai\/cs\/#organization"},"alternateName":"Talkpal AI","potentialAction":[{"@type":"SearchAction","target":{"@type":"EntryPoint","urlTemplate":"https:\/\/talkpal.ai\/cs\/?s={search_term_string}"},"query-input":{"@type":"PropertyValueSpecification","valueRequired":true,"valueName":"search_term_string"}}],"inLanguage":"cs"},{"@type":"Organization","@id":"https:\/\/talkpal.ai\/cs\/#organization","name":"Talkpal, Inc.","alternateName":"Talkpal AI","url":"https:\/\/talkpal.ai\/cs\/","logo":{"@type":"ImageObject","inLanguage":"cs","@id":"https:\/\/talkpal.ai\/cs\/#\/schema\/logo\/image\/","url":"https:\/\/talkpal.ai\/wp-content\/uploads\/2024\/03\/Talkpal-Logo-Icon.png","contentUrl":"https:\/\/talkpal.ai\/wp-content\/uploads\/2024\/03\/Talkpal-Logo-Icon.png","width":2880,"height":2880,"caption":"Talkpal, Inc."},"image":{"@id":"https:\/\/talkpal.ai\/cs\/#\/schema\/logo\/image\/"},"sameAs":["https:\/\/www.facebook.com\/profile.php?id=100090733639311","https:\/\/x.com\/talkpalai","https:\/\/www.linkedin.com\/company\/talkpal\/","https:\/\/www.youtube.com\/@TalkPal\/","https:\/\/www.tiktok.com\/@talkpal","https:\/\/www.instagram.com\/talkpal_ai\/","https:\/\/www.crunchbase.com\/organization\/talkpal-9cde","https:\/\/www.g2.com\/products\/talkpal-for-business\/","https:\/\/www.trustpilot.com\/review\/talkpal.ai","https:\/\/www.capterra.com\/p\/10006800\/TalkPal\/"],"description":"Talkpal is a language learning web and mobile education app, powered by the latest AI technologies, that provides engaging experiences to its customers in many different languages to help them improve their language skills. Users can chat about unlimited amount of topics with the app and use other modes to practice their language learning.","email":"support@talkpal.ai","legalName":"Talkpal, Inc.","foundingDate":"2023-04-03","duns":"118989042","numberOfEmployees":{"@type":"QuantitativeValue","minValue":"11","maxValue":"50"},"publishingPrinciples":"https:\/\/talkpal.ai\/publishing-principles\/","actionableFeedbackPolicy":"https:\/\/talkpal.ai\/actionable-feedback-policy\/","correctionsPolicy":"https:\/\/talkpal.ai\/corrections-policy\/","ethicsPolicy":"https:\/\/talkpal.ai\/ethics-policy\/","diversityPolicy":"https:\/\/talkpal.ai\/diversity-policy\/","diversityStaffingReport":"https:\/\/talkpal.ai\/diversity-policy\/"}]}},"_links":{"self":[{"href":"https:\/\/talkpal.ai\/cs\/wp-json\/wp\/v2\/pages\/1466767","targetHints":{"allow":["GET"]}}],"collection":[{"href":"https:\/\/talkpal.ai\/cs\/wp-json\/wp\/v2\/pages"}],"about":[{"href":"https:\/\/talkpal.ai\/cs\/wp-json\/wp\/v2\/types\/page"}],"author":[{"embeddable":true,"href":"https:\/\/talkpal.ai\/cs\/wp-json\/wp\/v2\/users\/20"}],"replies":[{"embeddable":true,"href":"https:\/\/talkpal.ai\/cs\/wp-json\/wp\/v2\/comments?post=1466767"}],"version-history":[{"count":0,"href":"https:\/\/talkpal.ai\/cs\/wp-json\/wp\/v2\/pages\/1466767\/revisions"}],"wp:attachment":[{"href":"https:\/\/talkpal.ai\/cs\/wp-json\/wp\/v2\/media?parent=1466767"}],"curies":[{"name":"wp","href":"https:\/\/api.w.org\/{rel}","templated":true}]}}