{"id":1466755,"date":"2025-11-11T15:33:17","date_gmt":"2025-11-11T15:33:17","guid":{"rendered":"https:\/\/talkpal.ai\/baskicka-gramatika\/"},"modified":"2025-12-30T15:34:50","modified_gmt":"2025-12-30T15:34:50","slug":"baskicka-gramatika","status":"publish","type":"page","link":"https:\/\/talkpal.ai\/cs\/baskicka-gramatika\/","title":{"rendered":"Baskick\u00e1 gramatika"},"content":{"rendered":"\r\n\r\n\r\n<section class=\"languageChallengeSection\">\r\n    <div class=\"languageInfoWrapper\">\r\n        \r\n        <h1>Baskick\u00e1 gramatika<\/h1>\r\n        <p>Baskick\u00e1 <a href=\"https:\/\/talkpal.ai\/sq\/gramatika\/\">gramatika<\/a> se m\u016f\u017ee na prvn\u00ed pohled zd\u00e1t n\u00e1ro\u010dn\u00e1, ale d\u00edky jej\u00edm jedine\u010dn\u00fdm vlastnostem je u\u010den\u00ed jazyka obohacuj\u00edc\u00edm z\u00e1\u017eitkem. P\u0159i zkoum\u00e1n\u00ed abecedy, mutac\u00ed a gramatick\u00fdch pravidel z\u00edsk\u00e1te p\u0159ehled o bohat\u00e9 jazykov\u00e9 tradici. Vydejte se na cestu a objevte kr\u00e1sy baski\u010dtiny!<\/p>\r\n\r\n                            <a class=\"getStartedHidden\" href=\"https:\/\/app.talkpal.ai\/cs\/signup?lng=\">Za\u010dni<\/a>\r\n        \r\n    <\/div>\r\n\r\n    <figure>\r\n    <img decoding=\"async\" width=\"768\" height=\"768\" src=\"https:\/\/talkpal.ai\/wp-content\/uploads\/2023\/06\/welsh-768x768.png\" class=\"languageImage no-lazy\" alt=\"Language learning for better cognitive abilities\" fetchpriority=\"high\" sizes=\"(max-width: 768px) 150px, 768px\" srcset=\"https:\/\/talkpal.ai\/wp-content\/uploads\/2023\/06\/welsh-768x768.png 768w, https:\/\/talkpal.ai\/wp-content\/uploads\/2023\/06\/welsh-300x300.png 300w\" \/>\r\n    \r\n\r\n    <\/figure>\r\n\r\n            <a class=\"getStartedVisible\" href=\"https:\/\/app.talkpal.ai\/cs\/signup?lng=\">Za\u010dni<\/a>\r\n    \r\n<\/section><section class=\"promotionalBanner\">\r\n    <p class=\"promotionalText\">Nejefektivn\u011bj\u0161\u00ed zp\u016fsob, jak se nau\u010dit jazyk<\/p>\r\n    <a class=\"promotionalLink\" href=\"https:\/\/app.talkpal.ai\/cs\/signup?lng=\">Vyzkou\u0161ejte Talkpal zdarma<\/a>\r\n<\/section>\n<div class=\"wp-block-group pageContainerStyle\"><div class=\"wp-block-group__inner-container is-layout-constrained wp-block-group-is-layout-constrained\">\n<h2 class=\"wp-block-heading\" id=\"h-navigating-the-intricacies-of-basque-grammar\">Orientace ve spletitosti baskick\u00e9 gramatiky<\/h2>\n\n\n\n<p><a href=\"https:\/\/talkpal.ai\/cs\/naucte-se-baskicky\/\">Baski\u010dtina<\/a>, izolovan\u00fd jazyk s bohatou histori\u00ed a kulturn\u00edm v\u00fdznamem, nab\u00edz\u00ed vzru\u0161uj\u00edc\u00ed lingvistick\u00fd z\u00e1\u017eitek pro ty, kte\u0159\u00ed tou\u017e\u00ed prozkoumat jej\u00ed jedine\u010dn\u00fd gramatick\u00fd syst\u00e9m. Kdy\u017e se vyd\u00e1te do \u0159\u00ed\u0161e baski\u010dtiny, obohat\u00edte nejen sv\u016fj jazykov\u00fd reperto\u00e1r, ale tak\u00e9 se vyd\u00e1te na fascinuj\u00edc\u00ed kulturn\u00ed cestu. I kdy\u017e se baskick\u00e1 gramatika m\u016f\u017ee na prvn\u00ed pohled zd\u00e1t slo\u017eit\u00e1, jej\u00ed rozd\u011blen\u00ed na z\u00e1kladn\u00ed slo\u017eky \u010din\u00ed u\u010den\u00ed jazyka p\u0159\u00edstupn\u011bj\u0161\u00edm. V tomto \u010dl\u00e1nku prozkoum\u00e1me podmaniv\u00fd sv\u011bt baskick\u00e9 gramatiky a poskytneme tipy, jak zvl\u00e1dnout jej\u00ed slo\u017eitosti.<\/p>\n\n\n\n<h3 class=\"wp-block-heading\" id=\"h-1-basque-alphabet-and-phonetics\">1. Baskick\u00e1 abeceda a fonetika<\/h3>\n\n\n\n<p>Baskick\u00e1 abeceda ve standardn\u00ed baski\u010dtin\u011b se skl\u00e1d\u00e1 z 27 p\u00edsmen. Mezi charakteristick\u00e9 rysy pat\u0159\u00ed sp\u0159e\u017eky &#8222;tx&#8220;, &#8222;tz&#8220; a &#8222;ts&#8220;, kter\u00e9 p\u0159edstavuj\u00ed jedine\u010dn\u00e9 zvuky, p\u00edsmeno &#8222;x&#8220; vyslovovan\u00e9 jako anglick\u00e9 &#8222;sh&#8220; a kontrast mezi jednoduch\u00fdm &#8222;r&#8220; a dvojit\u00fdm &#8222;rr&#8220;. N\u011bkter\u00e1 p\u00edsmena jako &#8222;c&#8220;, &#8222;q&#8220;, &#8222;v&#8220;, &#8222;w&#8220; a &#8222;y&#8220; se objevuj\u00ed hlavn\u011b v p\u0159ejat\u00fdch slovech. Abyste se nau\u010dili baskickou gramatiku, je d\u016fle\u017eit\u00e9 sezn\u00e1mit se s t\u00edmto syst\u00e9mem psan\u00ed procvi\u010dov\u00e1n\u00edm \u010dten\u00ed a psan\u00ed v baski\u010dtin\u011b.<\/p>\n\n\n\n<h3 class=\"wp-block-heading\" id=\"h-2-case-suffixes-and-ergativity-a-core-basque-feature\">2. P\u00e1dov\u00e9 p\u0159\u00edpony a ergativita: z\u00e1kladn\u00ed baskick\u00fd rys<\/h3>\n\n\n\n<p>Jedn\u00edm z nejpozoruhodn\u011bj\u0161\u00edch aspekt\u016f baskick\u00e9 gramatiky je jej\u00ed ergativn\u011b-absolutn\u00ed zarovn\u00e1n\u00ed a bohat\u00fd syst\u00e9m p\u00e1dov\u00fdch p\u0159\u00edpon. Podstatn\u00e1 jm\u00e9na a fr\u00e1ze s pln\u00fdmi podstatn\u00fdmi jm\u00e9ny maj\u00ed koncovky, kter\u00e9 ozna\u010duj\u00ed jejich roli ve v\u011bt\u011b, jako je absolutiv (\u010dasto nula nebo -a\/-ak s ur\u010dit\u00fdm \u010dlenem), ergativ (-k nebo -ek), dativ (-ri nebo -ei), genitiv (-ren), inessivn\u00ed (-n), allativ (-ra), ablativ (-tik), instrument\u00e1ln\u00ed (-z) a komitativ (-ekin). Pochopen\u00ed toho, kdy a jak se tyto koncovky pou\u017e\u00edvaj\u00ed a \u017ee se p\u0159ipojuj\u00ed k posledn\u00edmu slovu jmenn\u00e9 fr\u00e1ze, je z\u00e1sadn\u00ed pro p\u0159esnou komunikaci v baski\u010dtin\u011b.<\/p>\n\n\n\n<h3 class=\"wp-block-heading\" id=\"h-3-nouns-and-pronouns-gender-and-cases\">3. Podstatn\u00e1 jm\u00e9na a z\u00e1jmena: rod a p\u00e1dy<\/h3>\n\n\n\n<p>Baskick\u00e1 podstatn\u00e1 jm\u00e9na nemaj\u00ed gramatick\u00fd rod, co\u017e zjednodu\u0161uje shodu, ale interaguj\u00ed s rozs\u00e1hl\u00fdm p\u00e1dov\u00fdm syst\u00e9mem a ur\u010ditost\u00ed. \u010c\u00edslo a ur\u010ditost jsou obvykle vyj\u00e1d\u0159eny \u010dlenov\u00fdmi p\u0159\u00edponami -a (ur\u010dit\u00e9 jednotn\u00e9 \u010d\u00edslo) a -ak (ur\u010dit\u00e9 mno\u017en\u00e9 \u010d\u00edslo nebo ergativn\u00ed jednotn\u00e9 \u010d\u00edslo). Z\u00e1jmena v baski\u010dtin\u011b zahrnuj\u00ed osobn\u00ed (ni, hi, zu, zuek, gu, bera, haiek), p\u0159ivlast\u0148ovac\u00ed (nire, zure, bere, gure, zuen, haien), zvratn\u00e1 (bere burua), ukazovac\u00ed (hau, hori, hura) a t\u00e1zac\u00ed z\u00e1jmena (nor, zer, zein). Sezn\u00e1men\u00ed se s t\u011bmito z\u00e1jmeny a jejich tvary v r\u016fzn\u00fdch p\u00e1dech v\u00fdrazn\u011b zlep\u0161\u00ed va\u0161e ch\u00e1p\u00e1n\u00ed baskick\u00e9 gramatiky.<\/p>\n\n\n\n<h3 class=\"wp-block-heading\" id=\"h-4-verbs-structure-and-conjugation\">4. Slovesa: struktura a \u010dasov\u00e1n\u00ed<\/h3>\n\n\n\n<p>Baskick\u00e1 slovesa se siln\u011b spol\u00e9haj\u00ed na pomocn\u00e1 slova a vykazuj\u00ed shodu s podm\u011btem a \u010dasto s p\u0159\u00edm\u00fdmi a nep\u0159\u00edm\u00fdmi p\u0159edm\u011bty. Mnoho \u010das\u016f je perifrastick\u00fdch, postaven\u00fdch z p\u0159\u00ed\u010dest\u00ed a pomocn\u00fdch sloves, izan a edun, zat\u00edmco omezen\u00e1 sada sloves m\u00e1 tak\u00e9 syntetick\u00e9 tvary. Esenci\u00e1ln\u00ed \u010dasy v baski\u010dtin\u011b jsou p\u0159\u00edtomn\u00fd, minul\u00fd a budouc\u00ed, s dal\u0161\u00edmi prvky, jako jsou podmi\u0148ovac\u00ed a rozkazovac\u00ed zp\u016fsoby. Nau\u010dit se, jak funguje pomocn\u00fd v\u00fdb\u011br, spolu se z\u00e1kladn\u00edmi konjuga\u010dn\u00edmi vzory, zlep\u0161\u00ed va\u0161i schopnost efektivn\u011b komunikovat v baski\u010dtin\u011b.<\/p>\n\n\n\n<h3 class=\"wp-block-heading\" id=\"h-5-adjectives-agreement-and-placement\">5. P\u0159\u00eddavn\u00e1 jm\u00e9na: Shoda a um\u00edst\u011bn\u00ed<\/h3>\n\n\n\n<p>V baskick\u00e9 gramatice p\u0159\u00eddavn\u00e1 jm\u00e9na obvykle n\u00e1sleduj\u00ed za podstatn\u00fdm jm\u00e9nem, kter\u00e9 modifikuj\u00ed. P\u0159\u00eddavn\u00e1 jm\u00e9na <a href=\"https:\/\/talkpal.ai\/locations\/language-courses-in-sama\/\">sama<\/a> o sob\u011b se nem\u011bn\u00ed pro \u010d\u00edslo nebo rod, ale determinant a p\u00e1dov\u00e1 p\u0159\u00edpona pro celou jmennou fr\u00e1zi se objevuj\u00ed na koncov\u00e9m prvku, \u010dasto p\u0159\u00eddavn\u00e9m jm\u00e9nu. Stup\u0148ov\u00e1n\u00ed a superlativy se b\u011b\u017en\u011b tvo\u0159\u00ed s -ago a -en nebo -ena, kter\u00e9 jsou nezbytn\u00e9 pro to, abychom se nau\u010dili komunikovat p\u0159irozen\u011bji.<\/p>\n\n\n\n<p><strong>P\u0159\u00edklady:<\/strong><\/p>\n\n\n\n<p><strong>\u2013 ume txikiak (mal\u00e9 d\u011bti)<\/strong><\/p>\n\n\n\n<p><strong>\u2013 Maitasun Handi (Velk\u00e1 l\u00e1ska)<\/strong><\/p>\n\n\n\n<h3 class=\"wp-block-heading\" id=\"h-6-engaging-with-the-language\">6. Zapojen\u00ed do jazyka<\/h3>\n\n\n\n<p>Nej\u00fa\u010dinn\u011bj\u0161\u00edm zp\u016fsobem, jak pln\u011b porozum\u011bt a osvojit si baskickou gramatiku, je d\u016fsledn\u011b se zab\u00fdvat jazykem. \u010cten\u00edm baskick\u00e9 literatury, sledov\u00e1n\u00edm baskick\u00fdch film\u016f nebo televizn\u00edch seri\u00e1l\u016f, poslechem baskick\u00e9ho r\u00e1dia a aktivn\u00ed komunikac\u00ed s rodil\u00fdmi mluv\u010d\u00edmi si pos\u00edl\u00edte porozum\u011bn\u00ed gramatice a z\u00e1rove\u0148 si roz\u0161\u00ed\u0159\u00edte slovn\u00ed z\u00e1sobu.<\/p>\n\n\n\n<h3 class=\"wp-block-heading\" id=\"h-conclusion\">Z\u00e1v\u011br<\/h3>\n\n\n\n<p>A\u010dkoli se baskick\u00e1 gramatika m\u016f\u017ee zd\u00e1t slo\u017eit\u00e1, m\u016f\u017eete se v tomto kr\u00e1sn\u00e9m jazyce zdokonalit s odhodl\u00e1n\u00edm, prax\u00ed a nad\u0161en\u00edm. T\u00edm, \u017ee se zam\u011b\u0159\u00edte na z\u00e1kladn\u00ed pravidla a zapoj\u00edte se do jazyka v r\u016fzn\u00fdch kontextech, rychle zlep\u0161\u00edte sv\u00e9 <a href=\"https:\/\/talkpal.ai\/cs\/gramatika\/\">baskick\u00e9 gramatick\u00e9 dovednosti<\/a>. Zorte d\u00e1l (hodn\u011b \u0161t\u011bst\u00ed) na sv\u00e9 cest\u011b za baskick\u00fdm jazykem a u\u017eijte si odhalov\u00e1n\u00ed tajemn\u00e9ho, ale podmaniv\u00e9ho sv\u011bta baskick\u00e9 gramatiky!<\/p>\n<\/div><\/div>\n\r\n<section class=\"learnNavigationSection\">\r\n            \r\n        <a href=\"https:\/\/talkpal.ai\/cs\/naucte-se-baskicky\/\">\r\n            <div class=\"learnNavigationWrapper\">\r\n                <div class=\"learnNavigationContent\">\r\n                    <img decoding=\"async\" src=\"https:\/\/talkpal.ai\/wp-content\/uploads\/2025\/11\/Basque.png\" alt=\"Basque Flag\">\r\n                    <div>\r\n                        <h4>O baskick\u00e9m u\u010den\u00ed<\/h4>\r\n                        <p>Zjist\u011bte v\u0161e o baskick\u00e9 gramatice.<\/p>\r\n                    <\/div>\r\n                <\/div>\r\n            <\/div>\r\n        <\/a>\r\n\r\n        \r\n        <a href=\"https:\/\/talkpal.ai\/cs\/baskicka-gramaticka-cviceni\/\">\r\n            <div class=\"learnNavigationWrapper\">\r\n                <div class=\"learnNavigationContent\">\r\n                    <img decoding=\"async\" src=\"https:\/\/talkpal.ai\/wp-content\/uploads\/2025\/11\/Basque.png\" alt=\"Basque Flag\">\r\n                    <div>\r\n                        <h4>Baskick\u00e9 gramatick\u00e9 cvi\u010den\u00ed<\/h4>\r\n                        <p>Procvi\u010dujte baskickou gramatiku.<\/p>\r\n                    <\/div>\r\n                <\/div>\r\n            <\/div>\r\n        <\/a>\r\n\r\n            <\/section>\n<p><\/p>\n","protected":false},"excerpt":{"rendered":"<p>Orientace ve spletitosti baskick\u00e9 gramatiky Baski\u010dtina, izolovan\u00fd jazyk s bohatou histori\u00ed a kulturn\u00edm v\u00fdznamem, nab\u00edz\u00ed vzru\u0161uj\u00edc\u00ed lingvistick\u00fd z\u00e1\u017eitek pro ty, kte\u0159\u00ed tou\u017e\u00ed prozkoumat jej\u00ed jedine\u010dn\u00fd gramatick\u00fd syst\u00e9m. Kdy\u017e se vyd\u00e1te do \u0159\u00ed\u0161e baski\u010dtiny, obohat\u00edte nejen sv\u016fj jazykov\u00fd reperto\u00e1r, ale tak\u00e9 se vyd\u00e1te na fascinuj\u00edc\u00ed kulturn\u00ed cestu. I kdy\u017e se baskick\u00e1 gramatika m\u016f\u017ee na prvn\u00ed pohled [&hellip;]<\/p>\n","protected":false},"author":20,"featured_media":0,"parent":0,"menu_order":0,"comment_status":"closed","ping_status":"closed","template":"LearningContentPage.php","meta":{"_acf_changed":false,"footnotes":""},"class_list":["post-1466755","page","type-page","status-publish","hentry"],"acf":[],"yoast_head":"<!-- This site is optimized with the Yoast SEO Premium plugin v27.2 (Yoast SEO v27.2) - https:\/\/yoast.com\/product\/yoast-seo-premium-wordpress\/ -->\n<title>Baskick\u00e1 gramatika - Talkpal<\/title>\n<meta name=\"description\" content=\"Osvojte si baskickou gramatiku pomoc\u00ed t\u00e9to p\u0159\u00edru\u010dky, kter\u00e1 obsahuje abecedu, fonetiku, p\u00e1dov\u00e9 p\u0159\u00edpony a pravidla \u010dasov\u00e1n\u00ed sloves.\" \/>\n<meta name=\"robots\" content=\"index, follow, max-snippet:-1, max-image-preview:large, max-video-preview:-1\" \/>\n<link rel=\"canonical\" href=\"https:\/\/talkpal.ai\/cs\/baskicka-gramatika\/\" \/>\n<meta property=\"og:locale\" content=\"cs_CZ\" \/>\n<meta property=\"og:type\" content=\"article\" \/>\n<meta property=\"og:title\" content=\"Baskick\u00e1 gramatika\" \/>\n<meta property=\"og:description\" content=\"Orientace ve spletitosti baskick\u00e9 gramatiky Baski\u010dtina, izolovan\u00fd jazyk s bohatou histori\u00ed a kulturn\u00edm v\u00fdznamem, nab\u00edz\u00ed vzru\u0161uj\u00edc\u00ed lingvistick\u00fd z\u00e1\u017eitek\" \/>\n<meta property=\"og:url\" content=\"https:\/\/talkpal.ai\/cs\/baskicka-gramatika\/\" \/>\n<meta property=\"og:site_name\" content=\"Talkpal\" \/>\n<meta property=\"article:publisher\" content=\"https:\/\/www.facebook.com\/profile.php?id=100090733639311\" \/>\n<meta property=\"article:modified_time\" content=\"2025-12-30T15:34:50+00:00\" \/>\n<meta property=\"og:image\" content=\"https:\/\/talkpal.ai\/wp-content\/uploads\/2025\/02\/Progress-tab-16_9.png\" \/>\n\t<meta property=\"og:image:width\" content=\"2880\" \/>\n\t<meta property=\"og:image:height\" content=\"1620\" \/>\n\t<meta property=\"og:image:type\" content=\"image\/png\" \/>\n<meta name=\"twitter:card\" content=\"summary_large_image\" \/>\n<meta name=\"twitter:site\" content=\"@talkpalai\" \/>\n<meta name=\"twitter:label1\" content=\"Odhadovan\u00e1 doba \u010dten\u00ed\" \/>\n\t<meta name=\"twitter:data1\" content=\"4 minuty\" \/>\n<script type=\"application\/ld+json\" class=\"yoast-schema-graph\">{\"@context\":\"https:\/\/schema.org\",\"@graph\":[{\"@type\":\"WebPage\",\"@id\":\"https:\/\/talkpal.ai\/cs\/baskicka-gramatika\/\",\"url\":\"https:\/\/talkpal.ai\/cs\/baskicka-gramatika\/\",\"name\":\"Baskick\u00e1 gramatika - Talkpal\",\"isPartOf\":{\"@id\":\"https:\/\/talkpal.ai\/cs\/#website\"},\"datePublished\":\"2025-11-11T15:33:17+00:00\",\"dateModified\":\"2025-12-30T15:34:50+00:00\",\"description\":\"Osvojte si baskickou gramatiku pomoc\u00ed t\u00e9to p\u0159\u00edru\u010dky, kter\u00e1 obsahuje abecedu, fonetiku, p\u00e1dov\u00e9 p\u0159\u00edpony a pravidla \u010dasov\u00e1n\u00ed sloves.\",\"breadcrumb\":{\"@id\":\"https:\/\/talkpal.ai\/cs\/baskicka-gramatika\/#breadcrumb\"},\"inLanguage\":\"cs\",\"potentialAction\":[{\"@type\":\"ReadAction\",\"target\":[\"https:\/\/talkpal.ai\/cs\/baskicka-gramatika\/\"]}]},{\"@type\":\"BreadcrumbList\",\"@id\":\"https:\/\/talkpal.ai\/cs\/baskicka-gramatika\/#breadcrumb\",\"itemListElement\":[{\"@type\":\"ListItem\",\"position\":1,\"name\":\"Homepage\",\"item\":\"https:\/\/talkpal.ai\/cs\/\"},{\"@type\":\"ListItem\",\"position\":2,\"name\":\"Baskick\u00e1 gramatika\"}]},{\"@type\":\"WebSite\",\"@id\":\"https:\/\/talkpal.ai\/cs\/#website\",\"url\":\"https:\/\/talkpal.ai\/cs\/\",\"name\":\"Talkpal\",\"description\":\"AI Language Learning\",\"publisher\":{\"@id\":\"https:\/\/talkpal.ai\/cs\/#organization\"},\"alternateName\":\"Talkpal AI\",\"potentialAction\":[{\"@type\":\"SearchAction\",\"target\":{\"@type\":\"EntryPoint\",\"urlTemplate\":\"https:\/\/talkpal.ai\/cs\/?s={search_term_string}\"},\"query-input\":{\"@type\":\"PropertyValueSpecification\",\"valueRequired\":true,\"valueName\":\"search_term_string\"}}],\"inLanguage\":\"cs\"},{\"@type\":\"Organization\",\"@id\":\"https:\/\/talkpal.ai\/cs\/#organization\",\"name\":\"Talkpal, Inc.\",\"alternateName\":\"Talkpal AI\",\"url\":\"https:\/\/talkpal.ai\/cs\/\",\"logo\":{\"@type\":\"ImageObject\",\"inLanguage\":\"cs\",\"@id\":\"https:\/\/talkpal.ai\/cs\/#\/schema\/logo\/image\/\",\"url\":\"https:\/\/talkpal.ai\/wp-content\/uploads\/2024\/03\/Talkpal-Logo-Icon.png\",\"contentUrl\":\"https:\/\/talkpal.ai\/wp-content\/uploads\/2024\/03\/Talkpal-Logo-Icon.png\",\"width\":2880,\"height\":2880,\"caption\":\"Talkpal, Inc.\"},\"image\":{\"@id\":\"https:\/\/talkpal.ai\/cs\/#\/schema\/logo\/image\/\"},\"sameAs\":[\"https:\/\/www.facebook.com\/profile.php?id=100090733639311\",\"https:\/\/x.com\/talkpalai\",\"https:\/\/www.linkedin.com\/company\/talkpal\/\",\"https:\/\/www.youtube.com\/@TalkPal\/\",\"https:\/\/www.tiktok.com\/@talkpal\",\"https:\/\/www.instagram.com\/talkpal_ai\/\",\"https:\/\/www.crunchbase.com\/organization\/talkpal-9cde\",\"https:\/\/www.g2.com\/products\/talkpal-for-business\/\",\"https:\/\/www.trustpilot.com\/review\/talkpal.ai\",\"https:\/\/www.capterra.com\/p\/10006800\/TalkPal\/\"],\"description\":\"Talkpal is a language learning web and mobile education app, powered by the latest AI technologies, that provides engaging experiences to its customers in many different languages to help them improve their language skills. Users can chat about unlimited amount of topics with the app and use other modes to practice their language learning.\",\"email\":\"support@talkpal.ai\",\"legalName\":\"Talkpal, Inc.\",\"foundingDate\":\"2023-04-03\",\"duns\":\"118989042\",\"numberOfEmployees\":{\"@type\":\"QuantitativeValue\",\"minValue\":\"11\",\"maxValue\":\"50\"},\"publishingPrinciples\":\"https:\/\/talkpal.ai\/publishing-principles\/\",\"actionableFeedbackPolicy\":\"https:\/\/talkpal.ai\/actionable-feedback-policy\/\",\"correctionsPolicy\":\"https:\/\/talkpal.ai\/corrections-policy\/\",\"ethicsPolicy\":\"https:\/\/talkpal.ai\/ethics-policy\/\",\"diversityPolicy\":\"https:\/\/talkpal.ai\/diversity-policy\/\",\"diversityStaffingReport\":\"https:\/\/talkpal.ai\/diversity-policy\/\"}]}<\/script>\n<!-- \/ Yoast SEO Premium plugin. -->","yoast_head_json":{"title":"Baskick\u00e1 gramatika - Talkpal","description":"Osvojte si baskickou gramatiku pomoc\u00ed t\u00e9to p\u0159\u00edru\u010dky, kter\u00e1 obsahuje abecedu, fonetiku, p\u00e1dov\u00e9 p\u0159\u00edpony a pravidla \u010dasov\u00e1n\u00ed sloves.","robots":{"index":"index","follow":"follow","max-snippet":"max-snippet:-1","max-image-preview":"max-image-preview:large","max-video-preview":"max-video-preview:-1"},"canonical":"https:\/\/talkpal.ai\/cs\/baskicka-gramatika\/","og_locale":"cs_CZ","og_type":"article","og_title":"Baskick\u00e1 gramatika","og_description":"Orientace ve spletitosti baskick\u00e9 gramatiky Baski\u010dtina, izolovan\u00fd jazyk s bohatou histori\u00ed a kulturn\u00edm v\u00fdznamem, nab\u00edz\u00ed vzru\u0161uj\u00edc\u00ed lingvistick\u00fd z\u00e1\u017eitek","og_url":"https:\/\/talkpal.ai\/cs\/baskicka-gramatika\/","og_site_name":"Talkpal","article_publisher":"https:\/\/www.facebook.com\/profile.php?id=100090733639311","article_modified_time":"2025-12-30T15:34:50+00:00","og_image":[{"width":2880,"height":1620,"url":"https:\/\/talkpal.ai\/wp-content\/uploads\/2025\/02\/Progress-tab-16_9.png","type":"image\/png"}],"twitter_card":"summary_large_image","twitter_site":"@talkpalai","twitter_misc":{"Odhadovan\u00e1 doba \u010dten\u00ed":"4 minuty"},"schema":{"@context":"https:\/\/schema.org","@graph":[{"@type":"WebPage","@id":"https:\/\/talkpal.ai\/cs\/baskicka-gramatika\/","url":"https:\/\/talkpal.ai\/cs\/baskicka-gramatika\/","name":"Baskick\u00e1 gramatika - Talkpal","isPartOf":{"@id":"https:\/\/talkpal.ai\/cs\/#website"},"datePublished":"2025-11-11T15:33:17+00:00","dateModified":"2025-12-30T15:34:50+00:00","description":"Osvojte si baskickou gramatiku pomoc\u00ed t\u00e9to p\u0159\u00edru\u010dky, kter\u00e1 obsahuje abecedu, fonetiku, p\u00e1dov\u00e9 p\u0159\u00edpony a pravidla \u010dasov\u00e1n\u00ed sloves.","breadcrumb":{"@id":"https:\/\/talkpal.ai\/cs\/baskicka-gramatika\/#breadcrumb"},"inLanguage":"cs","potentialAction":[{"@type":"ReadAction","target":["https:\/\/talkpal.ai\/cs\/baskicka-gramatika\/"]}]},{"@type":"BreadcrumbList","@id":"https:\/\/talkpal.ai\/cs\/baskicka-gramatika\/#breadcrumb","itemListElement":[{"@type":"ListItem","position":1,"name":"Homepage","item":"https:\/\/talkpal.ai\/cs\/"},{"@type":"ListItem","position":2,"name":"Baskick\u00e1 gramatika"}]},{"@type":"WebSite","@id":"https:\/\/talkpal.ai\/cs\/#website","url":"https:\/\/talkpal.ai\/cs\/","name":"Talkpal","description":"AI Language Learning","publisher":{"@id":"https:\/\/talkpal.ai\/cs\/#organization"},"alternateName":"Talkpal AI","potentialAction":[{"@type":"SearchAction","target":{"@type":"EntryPoint","urlTemplate":"https:\/\/talkpal.ai\/cs\/?s={search_term_string}"},"query-input":{"@type":"PropertyValueSpecification","valueRequired":true,"valueName":"search_term_string"}}],"inLanguage":"cs"},{"@type":"Organization","@id":"https:\/\/talkpal.ai\/cs\/#organization","name":"Talkpal, Inc.","alternateName":"Talkpal AI","url":"https:\/\/talkpal.ai\/cs\/","logo":{"@type":"ImageObject","inLanguage":"cs","@id":"https:\/\/talkpal.ai\/cs\/#\/schema\/logo\/image\/","url":"https:\/\/talkpal.ai\/wp-content\/uploads\/2024\/03\/Talkpal-Logo-Icon.png","contentUrl":"https:\/\/talkpal.ai\/wp-content\/uploads\/2024\/03\/Talkpal-Logo-Icon.png","width":2880,"height":2880,"caption":"Talkpal, Inc."},"image":{"@id":"https:\/\/talkpal.ai\/cs\/#\/schema\/logo\/image\/"},"sameAs":["https:\/\/www.facebook.com\/profile.php?id=100090733639311","https:\/\/x.com\/talkpalai","https:\/\/www.linkedin.com\/company\/talkpal\/","https:\/\/www.youtube.com\/@TalkPal\/","https:\/\/www.tiktok.com\/@talkpal","https:\/\/www.instagram.com\/talkpal_ai\/","https:\/\/www.crunchbase.com\/organization\/talkpal-9cde","https:\/\/www.g2.com\/products\/talkpal-for-business\/","https:\/\/www.trustpilot.com\/review\/talkpal.ai","https:\/\/www.capterra.com\/p\/10006800\/TalkPal\/"],"description":"Talkpal is a language learning web and mobile education app, powered by the latest AI technologies, that provides engaging experiences to its customers in many different languages to help them improve their language skills. Users can chat about unlimited amount of topics with the app and use other modes to practice their language learning.","email":"support@talkpal.ai","legalName":"Talkpal, Inc.","foundingDate":"2023-04-03","duns":"118989042","numberOfEmployees":{"@type":"QuantitativeValue","minValue":"11","maxValue":"50"},"publishingPrinciples":"https:\/\/talkpal.ai\/publishing-principles\/","actionableFeedbackPolicy":"https:\/\/talkpal.ai\/actionable-feedback-policy\/","correctionsPolicy":"https:\/\/talkpal.ai\/corrections-policy\/","ethicsPolicy":"https:\/\/talkpal.ai\/ethics-policy\/","diversityPolicy":"https:\/\/talkpal.ai\/diversity-policy\/","diversityStaffingReport":"https:\/\/talkpal.ai\/diversity-policy\/"}]}},"_links":{"self":[{"href":"https:\/\/talkpal.ai\/cs\/wp-json\/wp\/v2\/pages\/1466755","targetHints":{"allow":["GET"]}}],"collection":[{"href":"https:\/\/talkpal.ai\/cs\/wp-json\/wp\/v2\/pages"}],"about":[{"href":"https:\/\/talkpal.ai\/cs\/wp-json\/wp\/v2\/types\/page"}],"author":[{"embeddable":true,"href":"https:\/\/talkpal.ai\/cs\/wp-json\/wp\/v2\/users\/20"}],"replies":[{"embeddable":true,"href":"https:\/\/talkpal.ai\/cs\/wp-json\/wp\/v2\/comments?post=1466755"}],"version-history":[{"count":0,"href":"https:\/\/talkpal.ai\/cs\/wp-json\/wp\/v2\/pages\/1466755\/revisions"}],"wp:attachment":[{"href":"https:\/\/talkpal.ai\/cs\/wp-json\/wp\/v2\/media?parent=1466755"}],"curies":[{"name":"wp","href":"https:\/\/api.w.org\/{rel}","templated":true}]}}