{"id":1465815,"date":"2025-11-12T16:20:16","date_gmt":"2025-11-12T16:20:16","guid":{"rendered":"https:\/\/talkpal.ai\/pastska-gramatika\/"},"modified":"2025-12-30T11:44:02","modified_gmt":"2025-12-30T11:44:02","slug":"pastska-gramatika","status":"publish","type":"page","link":"https:\/\/talkpal.ai\/cs\/pastska-gramatika\/","title":{"rendered":"pa\u0161tsk\u00e1 gramatika"},"content":{"rendered":"\r\n\r\n\r\n<section class=\"languageChallengeSection\">\r\n    <div class=\"languageInfoWrapper\">\r\n        \r\n        <h1>pa\u0161tsk\u00e1 gramatika<\/h1>\r\n        <p><a href=\"https:\/\/talkpal.ai\/sk\/pastska-gramatika\/\">Pa\u0161tsk\u00e1 gramatika<\/a> se m\u016f\u017ee na prvn\u00ed pohled zd\u00e1t n\u00e1ro\u010dn\u00e1, ale d\u00edky jej\u00edm jedine\u010dn\u00fdm vlastnostem je u\u010den\u00ed jazyka obohacuj\u00edc\u00ed zku\u0161enost\u00ed. P\u0159i zkoum\u00e1n\u00ed abecedy, mutac\u00ed a gramatick\u00fdch pravidel z\u00edsk\u00e1te p\u0159ehled o bohat\u00e9 jazykov\u00e9 tradici. Vydejte se na cestu a objevte kr\u00e1sy pa\u0161t\u0161tiny!<\/p>\r\n\r\n                            <a class=\"getStartedHidden\" href=\"https:\/\/app.talkpal.ai\/cs\/signup?lng=\">Za\u010dni<\/a>\r\n        \r\n    <\/div>\r\n\r\n    <figure>\r\n    <img decoding=\"async\" width=\"768\" height=\"768\" src=\"https:\/\/talkpal.ai\/wp-content\/uploads\/2023\/06\/welsh-768x768.png\" class=\"languageImage no-lazy\" alt=\"Language learning for better cognitive abilities\" fetchpriority=\"high\" sizes=\"(max-width: 768px) 150px, 768px\" srcset=\"https:\/\/talkpal.ai\/wp-content\/uploads\/2023\/06\/welsh-768x768.png 768w, https:\/\/talkpal.ai\/wp-content\/uploads\/2023\/06\/welsh-300x300.png 300w\" \/>\r\n    \r\n\r\n    <\/figure>\r\n\r\n            <a class=\"getStartedVisible\" href=\"https:\/\/app.talkpal.ai\/cs\/signup?lng=\">Za\u010dni<\/a>\r\n    \r\n<\/section><section class=\"promotionalBanner\">\r\n    <p class=\"promotionalText\">Nejefektivn\u011bj\u0161\u00ed <a href=\"https:\/\/talkpal.ai\/best-way-to-learn\/\">zp\u016fsob<\/a>, jak se nau\u010dit jazyk<\/p>\r\n    <a class=\"promotionalLink\" href=\"https:\/\/app.talkpal.ai\/cs\/signup?lng=\">Vyzkou\u0161ejte Talkpal zdarma<\/a>\r\n<\/section>\n<div class=\"wp-block-group pageContainerStyle\"><div class=\"wp-block-group__inner-container is-layout-constrained wp-block-group-is-layout-constrained\">\n<h2 class=\"wp-block-heading\" id=\"h-navigating-the-intricacies-of-pashto-grammar\">Orientace ve slo\u017eitosti pa\u0161tsk\u00e9 gramatiky<\/h2>\n\n\n\n<p><a href=\"https:\/\/talkpal.ai\/cs\/naucte-se-paststinu\/\">Pa\u0161t\u0161tina<\/a>, v\u00fdchodo\u00edr\u00e1nsk\u00fd jazyk s bohatou histori\u00ed a kulturn\u00edm v\u00fdznamem v Afgh\u00e1nist\u00e1nu a P\u00e1kist\u00e1nu, nab\u00edz\u00ed vzru\u0161uj\u00edc\u00ed lingvistick\u00fd z\u00e1\u017eitek pro ty, kte\u0159\u00ed tou\u017e\u00ed prozkoumat jeho jedine\u010dn\u00fd gramatick\u00fd syst\u00e9m. Kdy\u017e se vyd\u00e1te do \u0159\u00ed\u0161e pa\u0161t\u0161tiny, obohat\u00edte nejen sv\u016fj jazykov\u00fd reperto\u00e1r, ale tak\u00e9 se vyd\u00e1te na fascinuj\u00edc\u00ed kulturn\u00ed cestu. I kdy\u017e se pa\u0161tsk\u00e1 gramatika m\u016f\u017ee na prvn\u00ed pohled zd\u00e1t slo\u017eit\u00e1, jej\u00ed rozd\u011blen\u00ed na z\u00e1kladn\u00ed slo\u017eky \u010din\u00ed u\u010den\u00ed jazyka p\u0159\u00edstupn\u011bj\u0161\u00edm. V tomto \u010dl\u00e1nku prozkoum\u00e1me podmaniv\u00fd sv\u011bt <a href=\"https:\/\/talkpal.ai\/cs\/cviceni-pastske-gramatiky\/\">pa\u0161tsk\u00e9 gramatiky<\/a> a poskytneme tipy, jak zvl\u00e1dnout jej\u00ed slo\u017eitosti.<\/p>\n\n\n\n<h3 class=\"wp-block-heading\" id=\"h-1-pashto-alphabet-and-phonetics\">1. Pa\u0161tsk\u00e1 abeceda a fonetika<\/h3>\n\n\n\n<p>Syst\u00e9m psan\u00ed pa\u0161t\u0161tiny je zalo\u017een na persko-arabsk\u00e9m p\u00edsmu a obsahuje dal\u0161\u00ed p\u00edsmena jedine\u010dn\u00e1 pro pa\u0161t\u0161tinu, jako jsou \u067c, \u0689, \u0693, \u06bc, \u0685, \u0681, \u069a, \u0696 a \u06ab. Pro u\u010den\u00ed pa\u0161tsk\u00e9 gramatiky je d\u016fle\u017eit\u00e9 sezn\u00e1mit se s t\u00edmto charakteristick\u00fdm p\u00edsmem a zvukov\u00fdm syst\u00e9mem pa\u0161t\u0161tiny, kter\u00fd se vyzna\u010duje retroflexn\u00edmi a aspirovan\u00fdmi souhl\u00e1skami a charakteristick\u00fdmi kontrasty samohl\u00e1sek.<\/p>\n\n\n\n<h3 class=\"wp-block-heading\" id=\"h-2-split-ergativity-a-peculiar-pashto-feature\">2. Rozpolcen\u00e1 ergativita: zvl\u00e1\u0161tn\u00ed funkce pa\u0161t\u0161tiny<\/h3>\n\n\n\n<p>Jedn\u00edm z nejpozoruhodn\u011bj\u0161\u00edch aspekt\u016f pa\u0161tsk\u00e9 gramatiky je jej\u00ed roz\u0161t\u011bpen\u00e1 ergativita v mnoha p\u0159echodn\u00fdch v\u011bt\u00e1ch v minul\u00e9m \u010dase. V t\u011bchto kontextech se agent objevuje v \u0161ikm\u00e9m p\u00e1du a sloveso m\u00e1 tendenci souhlasit s p\u0159\u00edm\u00fdm p\u0159edm\u011btem v rod\u011b a \u010d\u00edsle sp\u00ed\u0161e ne\u017e s agentem. Pochopen\u00ed toho, kdy se tento vzorec uspo\u0159\u00e1d\u00e1n\u00ed uplat\u0148uje a jak dohoda funguje, je z\u00e1sadn\u00ed pro p\u0159esnou komunikaci v pa\u0161t\u0161tin\u011b.<\/p>\n\n\n\n<h3 class=\"wp-block-heading\" id=\"h-3-nouns-and-pronouns-gender-and-cases\">3. Podstatn\u00e1 jm\u00e9na a z\u00e1jmena: rod a p\u00e1dy<\/h3>\n\n\n\n<p>Podstatn\u00e1 jm\u00e9na pa\u0161t\u0161tiny maj\u00ed gramatick\u00fd rod (mu\u017esk\u00fd nebo \u017eensk\u00fd) a \u0159\u00edd\u00ed se n\u011bkolika vzory tvo\u0159en\u00ed mno\u017en\u00e9ho \u010d\u00edsla, kter\u00e9 se li\u0161\u00ed podle t\u0159\u00eddy podstatn\u00fdch jmen. <a href=\"https:\/\/talkpal.ai\/learn-pashto\/\">Pa\u0161t\u0161tina<\/a> tak\u00e9 rozli\u0161uje mezi p\u0159\u00edm\u00fdmi a \u0161ikm\u00fdmi p\u00e1dy, kter\u00e9 ovliv\u0148uj\u00ed, jak se podstatn\u00e1 jm\u00e9na a z\u00e1jmena chovaj\u00ed s postpozicemi a v ur\u010dit\u00fdch slovesn\u00fdch vazb\u00e1ch. Z\u00e1jmena v pa\u0161t\u0161tin\u011b zahrnuj\u00ed osobn\u00ed, p\u0159ivlast\u0148ovac\u00ed, zvratn\u00e9, ukazovac\u00ed a t\u00e1zac\u00ed tvary, s nez\u00e1vislou i enklitickou variantou. Sezn\u00e1men\u00ed se s t\u011bmito tvary a jejich p\u00e1dov\u00fdmi rozd\u00edly v\u00fdrazn\u011b zlep\u0161\u00ed va\u0161e ch\u00e1p\u00e1n\u00ed pa\u0161tsk\u00e9 gramatiky.<\/p>\n\n\n\n<h3 class=\"wp-block-heading\" id=\"h-4-verbs-structure-and-conjugation\">4. Slovesa: struktura a \u010dasov\u00e1n\u00ed<\/h3>\n\n\n\n<p>Pa\u0161tsk\u00e1 slovesa se \u0159\u00edd\u00ed charakteristick\u00fdm syst\u00e9mem uspo\u0159\u00e1dan\u00fdm kolem vidu a \u010dasu, se shodou osoby a \u010d\u00edsla. Z\u00e1kladn\u00ed \u010dasy zahrnuj\u00ed p\u0159\u00edtomnost, minulost a budoucnost, p\u0159i\u010dem\u017e budoucnost se b\u011b\u017en\u011b ozna\u010duje pomoc\u00ed \u010d\u00e1stice ba. Pa\u0161t\u0161tina tak\u00e9 hojn\u011b vyu\u017e\u00edv\u00e1 n\u00e1lady, jako je podm\u00ednkov\u00fd, <a href=\"https:\/\/talkpal.ai\/ja\/grammar_exercises\/konjunktiv-%e3%83%89%e3%82%a4%e3%83%84%e6%96%87%e6%b3%95%e3%81%ae%e6%bc%94%e7%bf%92\/\">konjunktiv<\/a> a rozkazovac\u00ed zp\u016fsob, a pou\u017e\u00edv\u00e1 nega\u010dn\u00ed \u010d\u00e1stice, kter\u00e9 se li\u0161\u00ed mezi v\u00fdroky a p\u0159\u00edkazy. U\u010den\u00ed se konjuga\u010dn\u00edch vzorc\u016f, v\u010detn\u011b dokonav\u00fdch a nedokonav\u00fdch kmen\u016f, zlep\u0161\u00ed va\u0161i schopnost efektivn\u011b komunikovat v pa\u0161t\u0161tin\u011b.<\/p>\n\n\n\n<h3 class=\"wp-block-heading\" id=\"h-5-adjectives-agreement-and-placement\">5. P\u0159\u00eddavn\u00e1 jm\u00e9na: Shoda a um\u00edst\u011bn\u00ed<\/h3>\n\n\n\n<p>V pa\u0161tsk\u00e9 gramatice p\u0159\u00eddavn\u00e1 jm\u00e9na obvykle p\u0159edch\u00e1zej\u00ed podstatn\u00e9mu jm\u00e9nu, kter\u00e9 modifikuj\u00ed, a mnoho p\u0159\u00eddavn\u00fdch jmen nem\u011bn\u00ed formu pro rod nebo \u010d\u00edslo. N\u011bkter\u00e1 p\u0159\u00eddavn\u00e1 jm\u00e9na tvo\u0159\u00ed komparativn\u00ed a superlativn\u00ed v\u00fdznamy nepravideln\u011b nebo prost\u0159ednictv\u00edm stanoven\u00fdch v\u00fdraz\u016f, kter\u00e9 jsou nezbytn\u00e9 k tomu, abychom se nau\u010dili komunikovat p\u0159irozen\u011bji.<\/p>\n\n\n\n<p><strong>P\u0159\u00edklady:<\/strong><\/p>\n\n\n\n<p><strong>\u2013 Loy Kor (Velk\u00fd d\u016fm)<\/strong><\/p>\n\n\n\n<p><strong>\u2013 kuchni mashuman (mal\u00e9 d\u011bti)<\/strong><\/p>\n\n\n\n<h3 class=\"wp-block-heading\" id=\"h-6-engaging-with-the-language\">6. Zapojen\u00ed do jazyka<\/h3>\n\n\n\n<p>Nej\u00fa\u010dinn\u011bj\u0161\u00edm zp\u016fsobem, jak pln\u011b pochopit a osvojit si pa\u0161tskou gramatiku, je d\u016fsledn\u011b se zab\u00fdvat jazykem. \u010cten\u00edm pa\u0161tsk\u00e9 literatury, sledov\u00e1n\u00edm pa\u0161tsk\u00fdch film\u016f nebo televizn\u00edch seri\u00e1l\u016f, poslechem r\u00e1dia a hudby a aktivn\u00ed komunikac\u00ed s rodil\u00fdmi mluv\u010d\u00edmi si pos\u00edl\u00edte porozum\u011bn\u00ed gramatice a z\u00e1rove\u0148 si roz\u0161\u00ed\u0159\u00edte slovn\u00ed z\u00e1sobu.<\/p>\n\n\n\n<h3 class=\"wp-block-heading\" id=\"h-conclusion\">Z\u00e1v\u011br<\/h3>\n\n\n\n<p>A\u010dkoli se pa\u0161tsk\u00e1 gramatika m\u016f\u017ee zd\u00e1t slo\u017eit\u00e1, m\u016f\u017eete se v tomto kr\u00e1sn\u00e9m jazyce zdokonalit s odhodl\u00e1n\u00edm, prax\u00ed a nad\u0161en\u00edm. Pokud se zam\u011b\u0159\u00edte na z\u00e1kladn\u00ed pravidla a zapoj\u00edte se do jazyka v r\u016fzn\u00fdch kontextech, rychle zlep\u0161\u00edte sv\u00e9 znalosti pa\u0161tsk\u00e9 <a href=\"https:\/\/talkpal.ai\/cs\/gramatika\/\">gramatiky<\/a>. Kha bakht (hodn\u011b \u0161t\u011bst\u00ed) na va\u0161\u00ed cest\u011b za pa\u0161t\u0161tinou a u\u017eijte si odhalov\u00e1n\u00ed z\u00e1hadn\u00e9ho, ale podmaniv\u00e9ho sv\u011bta pa\u0161tsk\u00e9 gramatiky!<\/p>\n<\/div><\/div>\n\r\n<section class=\"learnNavigationSection\">\r\n            \r\n        <a href=\"https:\/\/talkpal.ai\/cs\/naucte-se-paststinu\/\">\r\n            <div class=\"learnNavigationWrapper\">\r\n                <div class=\"learnNavigationContent\">\r\n                    <img decoding=\"async\" src=\"https:\/\/talkpal.ai\/wp-content\/uploads\/2025\/11\/Pashto.png\" alt=\"Afghan Flag\">\r\n                    <div>\r\n                        <h4>O u\u010den\u00ed pa\u0161t\u0161tiny<\/h4>\r\n                        <p>Zjist\u011bte v\u0161e o pa\u0161tsk\u00e9 gramatice.<\/p>\r\n                    <\/div>\r\n                <\/div>\r\n            <\/div>\r\n        <\/a>\r\n\r\n        \r\n        <a href=\"https:\/\/talkpal.ai\/cs\/cviceni-pastske-gramatiky\/\">\r\n            <div class=\"learnNavigationWrapper\">\r\n                <div class=\"learnNavigationContent\">\r\n                    <img decoding=\"async\" src=\"https:\/\/talkpal.ai\/wp-content\/uploads\/2025\/11\/Pashto.png\" alt=\"Afghan Flag\">\r\n                    <div>\r\n                        <h4>Cvi\u010den\u00ed pa\u0161tsk\u00e9 gramatiky<\/h4>\r\n                        <p>Praktikujte pa\u0161t\u0161tinu.<\/p>\r\n                    <\/div>\r\n                <\/div>\r\n            <\/div>\r\n        <\/a>\r\n\r\n            <\/section>","protected":false},"excerpt":{"rendered":"<p>Orientace ve slo\u017eitosti pa\u0161tsk\u00e9 gramatiky Pa\u0161t\u0161tina, v\u00fdchodo\u00edr\u00e1nsk\u00fd jazyk s bohatou histori\u00ed a kulturn\u00edm v\u00fdznamem v Afgh\u00e1nist\u00e1nu a P\u00e1kist\u00e1nu, nab\u00edz\u00ed vzru\u0161uj\u00edc\u00ed lingvistick\u00fd z\u00e1\u017eitek pro ty, kte\u0159\u00ed tou\u017e\u00ed prozkoumat jeho jedine\u010dn\u00fd gramatick\u00fd syst\u00e9m. Kdy\u017e se vyd\u00e1te do \u0159\u00ed\u0161e pa\u0161t\u0161tiny, obohat\u00edte nejen sv\u016fj jazykov\u00fd reperto\u00e1r, ale tak\u00e9 se vyd\u00e1te na fascinuj\u00edc\u00ed kulturn\u00ed cestu. I kdy\u017e se pa\u0161tsk\u00e1 gramatika [&hellip;]<\/p>\n","protected":false},"author":20,"featured_media":0,"parent":0,"menu_order":0,"comment_status":"closed","ping_status":"closed","template":"LearningContentPage.php","meta":{"_acf_changed":false,"footnotes":""},"class_list":["post-1465815","page","type-page","status-publish","hentry"],"acf":[],"yoast_head":"<!-- This site is optimized with the Yoast SEO Premium plugin v27.2 (Yoast SEO v27.2) - https:\/\/yoast.com\/product\/yoast-seo-premium-wordpress\/ -->\n<title>pa\u0161tsk\u00e1 gramatika - Talkpal<\/title>\n<meta name=\"description\" content=\"Osvojte si pa\u0161tunskou gramatiku pomoc\u00ed t\u00e9to komplexn\u00ed p\u0159\u00edru\u010dky, kter\u00e1 obsahuje abecedu, fonetiku, rozd\u011blenou ergativitu, podstatn\u00e1 jm\u00e9na, z\u00e1jmena, slovesa a p\u0159\u00eddavn\u00e1 jm\u00e9na.\" \/>\n<meta name=\"robots\" content=\"index, follow, max-snippet:-1, max-image-preview:large, max-video-preview:-1\" \/>\n<link rel=\"canonical\" href=\"https:\/\/talkpal.ai\/cs\/pastska-gramatika\/\" \/>\n<meta property=\"og:locale\" content=\"cs_CZ\" \/>\n<meta property=\"og:type\" content=\"article\" \/>\n<meta property=\"og:title\" content=\"pa\u0161tsk\u00e1 gramatika\" \/>\n<meta property=\"og:description\" content=\"Orientace ve slo\u017eitosti pa\u0161tsk\u00e9 gramatiky Pa\u0161t\u0161tina, v\u00fdchodo\u00edr\u00e1nsk\u00fd jazyk s bohatou histori\u00ed a kulturn\u00edm v\u00fdznamem v Afgh\u00e1nist\u00e1nu a P\u00e1kist\u00e1nu, nab\u00edz\u00ed\" \/>\n<meta property=\"og:url\" content=\"https:\/\/talkpal.ai\/cs\/pastska-gramatika\/\" \/>\n<meta property=\"og:site_name\" content=\"Talkpal\" \/>\n<meta property=\"article:publisher\" content=\"https:\/\/www.facebook.com\/profile.php?id=100090733639311\" \/>\n<meta property=\"article:modified_time\" content=\"2025-12-30T11:44:02+00:00\" \/>\n<meta property=\"og:image\" content=\"https:\/\/talkpal.ai\/wp-content\/uploads\/2025\/02\/Progress-tab-16_9.png\" \/>\n\t<meta property=\"og:image:width\" content=\"2880\" \/>\n\t<meta property=\"og:image:height\" content=\"1620\" \/>\n\t<meta property=\"og:image:type\" content=\"image\/png\" \/>\n<meta name=\"twitter:card\" content=\"summary_large_image\" \/>\n<meta name=\"twitter:site\" content=\"@talkpalai\" \/>\n<meta name=\"twitter:label1\" content=\"Odhadovan\u00e1 doba \u010dten\u00ed\" \/>\n\t<meta name=\"twitter:data1\" content=\"4 minuty\" \/>\n<script type=\"application\/ld+json\" class=\"yoast-schema-graph\">{\"@context\":\"https:\/\/schema.org\",\"@graph\":[{\"@type\":\"WebPage\",\"@id\":\"https:\/\/talkpal.ai\/cs\/pastska-gramatika\/\",\"url\":\"https:\/\/talkpal.ai\/cs\/pastska-gramatika\/\",\"name\":\"pa\u0161tsk\u00e1 gramatika - Talkpal\",\"isPartOf\":{\"@id\":\"https:\/\/talkpal.ai\/cs\/#website\"},\"datePublished\":\"2025-11-12T16:20:16+00:00\",\"dateModified\":\"2025-12-30T11:44:02+00:00\",\"description\":\"Osvojte si pa\u0161tunskou gramatiku pomoc\u00ed t\u00e9to komplexn\u00ed p\u0159\u00edru\u010dky, kter\u00e1 obsahuje abecedu, fonetiku, rozd\u011blenou ergativitu, podstatn\u00e1 jm\u00e9na, z\u00e1jmena, slovesa a p\u0159\u00eddavn\u00e1 jm\u00e9na.\",\"breadcrumb\":{\"@id\":\"https:\/\/talkpal.ai\/cs\/pastska-gramatika\/#breadcrumb\"},\"inLanguage\":\"cs\",\"potentialAction\":[{\"@type\":\"ReadAction\",\"target\":[\"https:\/\/talkpal.ai\/cs\/pastska-gramatika\/\"]}]},{\"@type\":\"BreadcrumbList\",\"@id\":\"https:\/\/talkpal.ai\/cs\/pastska-gramatika\/#breadcrumb\",\"itemListElement\":[{\"@type\":\"ListItem\",\"position\":1,\"name\":\"Homepage\",\"item\":\"https:\/\/talkpal.ai\/cs\/\"},{\"@type\":\"ListItem\",\"position\":2,\"name\":\"pa\u0161tsk\u00e1 gramatika\"}]},{\"@type\":\"WebSite\",\"@id\":\"https:\/\/talkpal.ai\/cs\/#website\",\"url\":\"https:\/\/talkpal.ai\/cs\/\",\"name\":\"Talkpal\",\"description\":\"AI Language Learning\",\"publisher\":{\"@id\":\"https:\/\/talkpal.ai\/cs\/#organization\"},\"alternateName\":\"Talkpal AI\",\"potentialAction\":[{\"@type\":\"SearchAction\",\"target\":{\"@type\":\"EntryPoint\",\"urlTemplate\":\"https:\/\/talkpal.ai\/cs\/?s={search_term_string}\"},\"query-input\":{\"@type\":\"PropertyValueSpecification\",\"valueRequired\":true,\"valueName\":\"search_term_string\"}}],\"inLanguage\":\"cs\"},{\"@type\":\"Organization\",\"@id\":\"https:\/\/talkpal.ai\/cs\/#organization\",\"name\":\"Talkpal, Inc.\",\"alternateName\":\"Talkpal AI\",\"url\":\"https:\/\/talkpal.ai\/cs\/\",\"logo\":{\"@type\":\"ImageObject\",\"inLanguage\":\"cs\",\"@id\":\"https:\/\/talkpal.ai\/cs\/#\/schema\/logo\/image\/\",\"url\":\"https:\/\/talkpal.ai\/wp-content\/uploads\/2024\/03\/Talkpal-Logo-Icon.png\",\"contentUrl\":\"https:\/\/talkpal.ai\/wp-content\/uploads\/2024\/03\/Talkpal-Logo-Icon.png\",\"width\":2880,\"height\":2880,\"caption\":\"Talkpal, Inc.\"},\"image\":{\"@id\":\"https:\/\/talkpal.ai\/cs\/#\/schema\/logo\/image\/\"},\"sameAs\":[\"https:\/\/www.facebook.com\/profile.php?id=100090733639311\",\"https:\/\/x.com\/talkpalai\",\"https:\/\/www.linkedin.com\/company\/talkpal\/\",\"https:\/\/www.youtube.com\/@TalkPal\/\",\"https:\/\/www.tiktok.com\/@talkpal\",\"https:\/\/www.instagram.com\/talkpal_ai\/\",\"https:\/\/www.crunchbase.com\/organization\/talkpal-9cde\",\"https:\/\/www.g2.com\/products\/talkpal-for-business\/\",\"https:\/\/www.trustpilot.com\/review\/talkpal.ai\",\"https:\/\/www.capterra.com\/p\/10006800\/TalkPal\/\"],\"description\":\"Talkpal is a language learning web and mobile education app, powered by the latest AI technologies, that provides engaging experiences to its customers in many different languages to help them improve their language skills. Users can chat about unlimited amount of topics with the app and use other modes to practice their language learning.\",\"email\":\"support@talkpal.ai\",\"legalName\":\"Talkpal, Inc.\",\"foundingDate\":\"2023-04-03\",\"duns\":\"118989042\",\"numberOfEmployees\":{\"@type\":\"QuantitativeValue\",\"minValue\":\"11\",\"maxValue\":\"50\"},\"publishingPrinciples\":\"https:\/\/talkpal.ai\/publishing-principles\/\",\"actionableFeedbackPolicy\":\"https:\/\/talkpal.ai\/actionable-feedback-policy\/\",\"correctionsPolicy\":\"https:\/\/talkpal.ai\/corrections-policy\/\",\"ethicsPolicy\":\"https:\/\/talkpal.ai\/ethics-policy\/\",\"diversityPolicy\":\"https:\/\/talkpal.ai\/diversity-policy\/\",\"diversityStaffingReport\":\"https:\/\/talkpal.ai\/diversity-policy\/\"}]}<\/script>\n<!-- \/ Yoast SEO Premium plugin. -->","yoast_head_json":{"title":"pa\u0161tsk\u00e1 gramatika - Talkpal","description":"Osvojte si pa\u0161tunskou gramatiku pomoc\u00ed t\u00e9to komplexn\u00ed p\u0159\u00edru\u010dky, kter\u00e1 obsahuje abecedu, fonetiku, rozd\u011blenou ergativitu, podstatn\u00e1 jm\u00e9na, z\u00e1jmena, slovesa a p\u0159\u00eddavn\u00e1 jm\u00e9na.","robots":{"index":"index","follow":"follow","max-snippet":"max-snippet:-1","max-image-preview":"max-image-preview:large","max-video-preview":"max-video-preview:-1"},"canonical":"https:\/\/talkpal.ai\/cs\/pastska-gramatika\/","og_locale":"cs_CZ","og_type":"article","og_title":"pa\u0161tsk\u00e1 gramatika","og_description":"Orientace ve slo\u017eitosti pa\u0161tsk\u00e9 gramatiky Pa\u0161t\u0161tina, v\u00fdchodo\u00edr\u00e1nsk\u00fd jazyk s bohatou histori\u00ed a kulturn\u00edm v\u00fdznamem v Afgh\u00e1nist\u00e1nu a P\u00e1kist\u00e1nu, nab\u00edz\u00ed","og_url":"https:\/\/talkpal.ai\/cs\/pastska-gramatika\/","og_site_name":"Talkpal","article_publisher":"https:\/\/www.facebook.com\/profile.php?id=100090733639311","article_modified_time":"2025-12-30T11:44:02+00:00","og_image":[{"width":2880,"height":1620,"url":"https:\/\/talkpal.ai\/wp-content\/uploads\/2025\/02\/Progress-tab-16_9.png","type":"image\/png"}],"twitter_card":"summary_large_image","twitter_site":"@talkpalai","twitter_misc":{"Odhadovan\u00e1 doba \u010dten\u00ed":"4 minuty"},"schema":{"@context":"https:\/\/schema.org","@graph":[{"@type":"WebPage","@id":"https:\/\/talkpal.ai\/cs\/pastska-gramatika\/","url":"https:\/\/talkpal.ai\/cs\/pastska-gramatika\/","name":"pa\u0161tsk\u00e1 gramatika - Talkpal","isPartOf":{"@id":"https:\/\/talkpal.ai\/cs\/#website"},"datePublished":"2025-11-12T16:20:16+00:00","dateModified":"2025-12-30T11:44:02+00:00","description":"Osvojte si pa\u0161tunskou gramatiku pomoc\u00ed t\u00e9to komplexn\u00ed p\u0159\u00edru\u010dky, kter\u00e1 obsahuje abecedu, fonetiku, rozd\u011blenou ergativitu, podstatn\u00e1 jm\u00e9na, z\u00e1jmena, slovesa a p\u0159\u00eddavn\u00e1 jm\u00e9na.","breadcrumb":{"@id":"https:\/\/talkpal.ai\/cs\/pastska-gramatika\/#breadcrumb"},"inLanguage":"cs","potentialAction":[{"@type":"ReadAction","target":["https:\/\/talkpal.ai\/cs\/pastska-gramatika\/"]}]},{"@type":"BreadcrumbList","@id":"https:\/\/talkpal.ai\/cs\/pastska-gramatika\/#breadcrumb","itemListElement":[{"@type":"ListItem","position":1,"name":"Homepage","item":"https:\/\/talkpal.ai\/cs\/"},{"@type":"ListItem","position":2,"name":"pa\u0161tsk\u00e1 gramatika"}]},{"@type":"WebSite","@id":"https:\/\/talkpal.ai\/cs\/#website","url":"https:\/\/talkpal.ai\/cs\/","name":"Talkpal","description":"AI Language Learning","publisher":{"@id":"https:\/\/talkpal.ai\/cs\/#organization"},"alternateName":"Talkpal AI","potentialAction":[{"@type":"SearchAction","target":{"@type":"EntryPoint","urlTemplate":"https:\/\/talkpal.ai\/cs\/?s={search_term_string}"},"query-input":{"@type":"PropertyValueSpecification","valueRequired":true,"valueName":"search_term_string"}}],"inLanguage":"cs"},{"@type":"Organization","@id":"https:\/\/talkpal.ai\/cs\/#organization","name":"Talkpal, Inc.","alternateName":"Talkpal AI","url":"https:\/\/talkpal.ai\/cs\/","logo":{"@type":"ImageObject","inLanguage":"cs","@id":"https:\/\/talkpal.ai\/cs\/#\/schema\/logo\/image\/","url":"https:\/\/talkpal.ai\/wp-content\/uploads\/2024\/03\/Talkpal-Logo-Icon.png","contentUrl":"https:\/\/talkpal.ai\/wp-content\/uploads\/2024\/03\/Talkpal-Logo-Icon.png","width":2880,"height":2880,"caption":"Talkpal, Inc."},"image":{"@id":"https:\/\/talkpal.ai\/cs\/#\/schema\/logo\/image\/"},"sameAs":["https:\/\/www.facebook.com\/profile.php?id=100090733639311","https:\/\/x.com\/talkpalai","https:\/\/www.linkedin.com\/company\/talkpal\/","https:\/\/www.youtube.com\/@TalkPal\/","https:\/\/www.tiktok.com\/@talkpal","https:\/\/www.instagram.com\/talkpal_ai\/","https:\/\/www.crunchbase.com\/organization\/talkpal-9cde","https:\/\/www.g2.com\/products\/talkpal-for-business\/","https:\/\/www.trustpilot.com\/review\/talkpal.ai","https:\/\/www.capterra.com\/p\/10006800\/TalkPal\/"],"description":"Talkpal is a language learning web and mobile education app, powered by the latest AI technologies, that provides engaging experiences to its customers in many different languages to help them improve their language skills. Users can chat about unlimited amount of topics with the app and use other modes to practice their language learning.","email":"support@talkpal.ai","legalName":"Talkpal, Inc.","foundingDate":"2023-04-03","duns":"118989042","numberOfEmployees":{"@type":"QuantitativeValue","minValue":"11","maxValue":"50"},"publishingPrinciples":"https:\/\/talkpal.ai\/publishing-principles\/","actionableFeedbackPolicy":"https:\/\/talkpal.ai\/actionable-feedback-policy\/","correctionsPolicy":"https:\/\/talkpal.ai\/corrections-policy\/","ethicsPolicy":"https:\/\/talkpal.ai\/ethics-policy\/","diversityPolicy":"https:\/\/talkpal.ai\/diversity-policy\/","diversityStaffingReport":"https:\/\/talkpal.ai\/diversity-policy\/"}]}},"_links":{"self":[{"href":"https:\/\/talkpal.ai\/cs\/wp-json\/wp\/v2\/pages\/1465815","targetHints":{"allow":["GET"]}}],"collection":[{"href":"https:\/\/talkpal.ai\/cs\/wp-json\/wp\/v2\/pages"}],"about":[{"href":"https:\/\/talkpal.ai\/cs\/wp-json\/wp\/v2\/types\/page"}],"author":[{"embeddable":true,"href":"https:\/\/talkpal.ai\/cs\/wp-json\/wp\/v2\/users\/20"}],"replies":[{"embeddable":true,"href":"https:\/\/talkpal.ai\/cs\/wp-json\/wp\/v2\/comments?post=1465815"}],"version-history":[{"count":0,"href":"https:\/\/talkpal.ai\/cs\/wp-json\/wp\/v2\/pages\/1465815\/revisions"}],"wp:attachment":[{"href":"https:\/\/talkpal.ai\/cs\/wp-json\/wp\/v2\/media?parent=1465815"}],"curies":[{"name":"wp","href":"https:\/\/api.w.org\/{rel}","templated":true}]}}